{"id":4073,"date":"2025-09-03T11:52:49","date_gmt":"2025-09-03T09:52:49","guid":{"rendered":"https:\/\/strangercam.com\/?page_id=4073"},"modified":"2025-09-03T13:47:51","modified_gmt":"2025-09-03T11:47:51","slug":"cam-chat","status":"publish","type":"page","link":"https:\/\/strangercam.com\/cs\/cam-chat\/","title":{"rendered":"Cam Chat"},"content":{"rendered":"<p>Hled\u00e1te nejlep\u0161\u00ed m\u00edsto, kde si m\u016f\u017eete u\u017e\u00edt <a href=\"https:\/\/strangercam.com\/cs\/bazoocam\/\">cam<\/a> chatovat? Nejste sami. Miliony lid\u00ed na cel\u00e9m sv\u011bt\u011b pou\u017e\u00edvaj\u00ed ka\u017ed\u00fd den chatovac\u00ed platformy, aby se sezn\u00e1mili s nov\u00fdmi lidmi, vedli z\u00e1bavn\u00e9 konverzace a navazovali spont\u00e1nn\u00ed online kontakty. Na rozd\u00edl od seznamovac\u00edch aplikac\u00ed nebo soci\u00e1ln\u00edch s\u00edt\u00ed, kter\u00e9 vy\u017eaduj\u00ed nekone\u010dn\u00e9 rolov\u00e1n\u00ed nebo posouv\u00e1n\u00ed, je cam chat okam\u017eit\u00fd, skute\u010dn\u00fd a vzru\u0161uj\u00edc\u00ed - stisknete tla\u010d\u00edtko a b\u011bhem n\u011bkolika sekund se setk\u00e1te tv\u00e1\u0159\u00ed v tv\u00e1\u0159 s nezn\u00e1m\u00fdm \u010dlov\u011bkem.<\/p>\n<p>V roce 2025 je d\u00edky platform\u00e1m, jako je StrangerCam, snaz\u0161\u00ed ne\u017e kdykoli p\u0159edt\u00edm u\u017e\u00edt si <a href=\"https:\/\/strangercam.com\/cs\/cam-to-cam-chat\/\">bezplatn\u00e1 kamera<\/a> chat - \u017e\u00e1dn\u00e9 registrace, \u017e\u00e1dn\u00e9 stahov\u00e1n\u00ed a \u017e\u00e1dn\u00e9 skryt\u00e9 poplatky. A\u0165 u\u017e se chcete sp\u0159\u00e1telit, procvi\u010dit si nov\u00fd jazyk, u\u017e\u00edt si nez\u00e1vazn\u00fd flirt nebo jen zahnat nudu, chat s kamerou je jedn\u00edm z nejz\u00e1bavn\u011bj\u0161\u00edch a nejnep\u0159edv\u00eddateln\u011bj\u0161\u00edch zp\u016fsob\u016f, jak se p\u0159ipojit online.<\/p>\n<p>V tomto pr\u016fvodci najdete v\u0161e, co pot\u0159ebujete v\u011bd\u011bt: co je to cam chat, pro\u010d je tak popul\u00e1rn\u00ed, jak funguje, jak\u00e9 funkce hledat, srovn\u00e1n\u00ed platforem, bezpe\u010dnostn\u00ed tipy a pro\u010d je StrangerCam jednou z nejlep\u0161\u00edch mo\u017enost\u00ed.<\/p>\n<h2>Co je Cam Chat?<\/h2>\n<p>Cam chat je online slu\u017eba, kter\u00e1 v\u00e1m umo\u017en\u00ed okam\u017eit\u011b se spojit s ciz\u00edmi lidmi prost\u0159ednictv\u00edm \u017eiv\u00fdch videohovor\u016f s vyu\u017eit\u00edm webov\u00e9 kamery a mikrofonu. Na rozd\u00edl od textov\u00fdch chat\u016f nab\u00edz\u00ed chat s kamerou interakci tv\u00e1\u0159\u00ed v tv\u00e1\u0159, tak\u017ee je mnohem autenti\u010dt\u011bj\u0161\u00ed a spont\u00e1nn\u011bj\u0161\u00ed.<\/p>\n<p>My\u0161lenka je jednoduch\u00e1: povol\u00edte svou webovou kameru, kliknete na tla\u010d\u00edtko \"Zah\u00e1jit chat\" a okam\u017eit\u011b se spoj\u00edte s jinou osobou. Pokud konverzace neklapne, sta\u010d\u00ed stisknout tla\u010d\u00edtko Dal\u0161\u00ed a budete sp\u00e1rov\u00e1ni s n\u011bk\u00fdm jin\u00fdm.<\/p>\n<h2>Pro\u010d lid\u00e9 miluj\u00ed bezplatn\u00fd Cam Chat<\/h2>\n<p>N\u00e1r\u016fst popularity bezplatn\u00e9ho chatu nen\u00ed \u017e\u00e1dn\u00fdm p\u0159ekvapen\u00edm. Zde je d\u016fvod, pro\u010d jej lid\u00e9 po cel\u00e9m sv\u011bt\u011b denn\u011b vyu\u017e\u00edvaj\u00ed:<\/p>\n<ul>\n<li>Spont\u00e1nn\u00ed z\u00e1bava: Nikdy nev\u00edte, koho potk\u00e1te p\u0159\u00ed\u0161t\u011b.<\/li>\n<li>Autenti\u010dnost: Na rozd\u00edl od textov\u00fdch chat\u016f video dokazuje, \u017ee osoba je skute\u010dn\u00e1.<\/li>\n<li>Okam\u017eit\u00e1 p\u0159ipojen\u00ed: \u017d\u00e1dn\u00e9 dlouh\u00e9 registrace, profily nebo \u010dek\u00e1n\u00ed na odpov\u011bdi.<\/li>\n<li>Glob\u00e1ln\u00ed dosah: Chatujte s lidmi po cel\u00e9m sv\u011bt\u011b 24 hodin denn\u011b, 7 dn\u00ed v t\u00fddnu.<\/li>\n<li>Rozmanitost: Pou\u017eijte ji pro z\u00e1bavu, flirtov\u00e1n\u00ed, kulturn\u00ed v\u00fdm\u011bnu nebo i procvi\u010dov\u00e1n\u00ed jazyka.<\/li>\n<li>P\u0159ekonejte nudu: Rychl\u00fd a z\u00e1bavn\u00fd zp\u016fsob, jak zab\u00edt \u010das.<\/li>\n<\/ul>\n<h2>Jak funguje Cam Chat?<\/h2>\n<p>Za\u010d\u00edt s kamerov\u00fdm chatem je rychl\u00e9 a jednoduch\u00e9:<\/p>\n<ol>\n<li>Otev\u0159ete platformu (pro stoln\u00ed po\u010d\u00edta\u010de nebo mobiln\u00ed za\u0159\u00edzen\u00ed).<\/li>\n<li>Povolen\u00ed p\u0159\u00edstupu ke kame\u0159e a mikrofonu.<\/li>\n<li>Klikn\u011bte na tla\u010d\u00edtko \"Spustit chat\".<\/li>\n<li>Okam\u017eit\u011b se spojte s n\u00e1hodnou osobou prost\u0159ednictv\u00edm videa.<\/li>\n<li>Kdykoli se chcete sezn\u00e1mit s n\u011bk\u00fdm nov\u00fdm, klikn\u011bte na tla\u010d\u00edtko \"Dal\u0161\u00ed\".<\/li>\n<\/ol>\n<p>N\u011bkter\u00e9 platformy zahrnuj\u00ed i dal\u0161\u00ed funkce, jako jsou filtry podle pohlav\u00ed, filtry podle zem\u00ed a dokonce i p\u0159eklad v chatu pro konverzace v r\u016fzn\u00fdch jazyc\u00edch.<\/p>\n<h2>Nejd\u016fle\u017eit\u011bj\u0161\u00ed funkce, kter\u00e9 je t\u0159eba hledat<\/h2>\n<p>Ne v\u0161echny platformy pro chatov\u00e1n\u00ed s kamerami jsou stejn\u00e9. Zde je popis toho, co byste m\u011bli hledat na nejlep\u0161\u00edch str\u00e1nk\u00e1ch pro bezplatn\u00fd chat s kamerou:<\/p>\n<h3>1. Skute\u010dn\u011b voln\u00fd p\u0159\u00edstup<\/h3>\n<p>Vyhn\u011bte se platform\u00e1m, kter\u00e9 v\u00e1s l\u00e1kaj\u00ed jako \"bezplatn\u00e9\", ale z\u00e1kladn\u00ed funkce skr\u00fdvaj\u00ed za placen\u00fdmi zdmi.<\/p>\n<h3>2. Nen\u00ed nutn\u00e1 registrace<\/h3>\n<p>Nejlep\u0161\u00ed slu\u017eby cam chatu v\u00e1m umo\u017en\u00ed za\u010d\u00edt chatovat okam\u017eit\u011b bez registrace.<\/p>\n<h3>3. Filtry pohlav\u00ed a lokality<\/h3>\n<p>Tyto filtry umo\u017e\u0148uj\u00ed kontrolovat, s k\u00fdm jste sp\u00e1rov\u00e1ni, abyste si mohli vychutnat z\u00e1\u017eitek na m\u00edru.<\/p>\n<h3>4. Siln\u00e1 um\u00edrn\u011bnost<\/h3>\n<p>Bezpe\u010dn\u00e9 platformy maj\u00ed aktivn\u00ed n\u00e1stroje pro moderov\u00e1n\u00ed a nahla\u0161ov\u00e1n\u00ed nevhodn\u00fdch u\u017eivatel\u016f.<\/p>\n<h3>5. Design vhodn\u00fd pro mobiln\u00ed za\u0159\u00edzen\u00ed<\/h3>\n<p>Dobr\u00e9 platformy funguj\u00ed bez probl\u00e9m\u016f na telefonech i stoln\u00edch po\u010d\u00edta\u010d\u00edch.<\/p>\n<h3>6. Vysoce kvalitn\u00ed video a zvuk<\/h3>\n<p>D\u00edky jasn\u00fdm a spolehliv\u00fdm spojen\u00edm je konverzace p\u0159irozen\u011bj\u0161\u00ed.<\/p>\n<h2>Nejlep\u0161\u00ed platformy Cam Chat v roce 2025<\/h2>\n<p>Zde je srovn\u00e1n\u00ed nejobl\u00edben\u011bj\u0161\u00edch platforem pro chatov\u00e1n\u00ed s kamerou:<\/p>\n<table>\n<thead>\n<tr>\n<th>Platforma<\/th>\n<th align=\"center\">Voln\u00fd p\u0159\u00edstup<\/th>\n<th align=\"center\">Filtr podle pohlav\u00ed<\/th>\n<th align=\"center\">Pot\u0159ebn\u00e1 registrace<\/th>\n<th align=\"center\">Mobiln\u00ed podpora<\/th>\n<th align=\"center\">Moderov\u00e1n\u00ed<\/th>\n<th>Pozn\u00e1mky<\/th>\n<\/tr>\n<\/thead>\n<tbody>\n<tr>\n<td>StrangerCam<\/td>\n<td align=\"center\">\u2705<\/td>\n<td align=\"center\">\u2705 (zdarma)<\/td>\n<td align=\"center\">\u274c<\/td>\n<td align=\"center\">\u2705<\/td>\n<td align=\"center\">\u2705<\/td>\n<td>Nejlep\u0161\u00ed v\u0161estrann\u00fd bezplatn\u00fd cam chat<\/td>\n<\/tr>\n<tr>\n<td><a href=\"https:\/\/strangercam.com\/cs\/chatroulette\/\">Chatroulette<\/a><\/td>\n<td align=\"center\">\u2705<\/td>\n<td align=\"center\">\u274c (Placen\u00e9)<\/td>\n<td align=\"center\">\u274c<\/td>\n<td align=\"center\">\u2705<\/td>\n<td align=\"center\">\u2705<\/td>\n<td>Klasick\u00e1 platforma, ale n\u00e1klady na filtry<\/td>\n<\/tr>\n<tr>\n<td>Chatrandom<\/td>\n<td align=\"center\">\u2705<\/td>\n<td align=\"center\">\u274c (Placen\u00e9)<\/td>\n<td align=\"center\">\u274c<\/td>\n<td align=\"center\">\u2705<\/td>\n<td align=\"center\">\u2705<\/td>\n<td>Popul\u00e1rn\u00ed, ale paywalls na filtry<\/td>\n<\/tr>\n<tr>\n<td><a href=\"https:\/\/strangercam.com\/cs\/ometv\/\">OmeTV<\/a><\/td>\n<td align=\"center\">\u2705<\/td>\n<td align=\"center\">\u274c<\/td>\n<td align=\"center\">\u274c<\/td>\n<td align=\"center\">\u2705<\/td>\n<td align=\"center\">\u2705<\/td>\n<td>K dispozici je mobiln\u00ed aplikace, pouze n\u00e1hodn\u00e1<\/td>\n<\/tr>\n<tr>\n<td>Shagle<\/td>\n<td align=\"center\">\u2705<\/td>\n<td align=\"center\">\u274c (Placen\u00e9)<\/td>\n<td align=\"center\">\u274c<\/td>\n<td align=\"center\">\u2705<\/td>\n<td align=\"center\">\u2705<\/td>\n<td>Tla\u010d\u00ed na pr\u00e9miov\u00e9 upgrady<\/td>\n<\/tr>\n<tr>\n<td><a href=\"https:\/\/strangercam.com\/cs\/coomeet\/\">CooMeet<\/a><\/td>\n<td align=\"center\">\u274c (zku\u0161ebn\u00ed verze)<\/td>\n<td align=\"center\">\u2705<\/td>\n<td align=\"center\">\u2705<\/td>\n<td align=\"center\">\u2705<\/td>\n<td align=\"center\">\u2705<\/td>\n<td>Placen\u00e9 po omezen\u00e9m bezplatn\u00e9m vyzkou\u0161en\u00ed<\/td>\n<\/tr>\n<tr>\n<td>LuckyCrush<\/td>\n<td align=\"center\">\u274c<\/td>\n<td align=\"center\">\u2705<\/td>\n<td align=\"center\">\u2705<\/td>\n<td align=\"center\">\u2705<\/td>\n<td align=\"center\">\u2705<\/td>\n<td>V\u017edy placen\u00e9 chaty podle pohlav\u00ed<\/td>\n<\/tr>\n<\/tbody>\n<\/table>\n<p>StrangerCam je jednou z m\u00e1la platforem, kter\u00e9 nab\u00edzej\u00ed bezplatn\u00fd chat s neomezen\u00fdm pou\u017eit\u00edm, funk\u010dn\u00edm filtrem pohlav\u00ed a bez nutnosti registrace.<\/p>\n<h2>Pro\u010d je StrangerCam nejlep\u0161\u00ed volbou<\/h2>\n<p>Zde je d\u016fvod, pro\u010d je StrangerCam jednou z nejlep\u0161\u00edch platforem pro chat s kamerou v roce 2025:<\/p>\n<h3>1. Zcela zdarma<\/h3>\n<p>\u017d\u00e1dn\u00e9 skryt\u00e9 n\u00e1klady, zku\u0161ebn\u00ed verze ani kredity - jen neomezen\u00e9 chatov\u00e1n\u00ed.<\/p>\n<h3>2. Voln\u00fd filtr pohlav\u00ed<\/h3>\n<p>Vyberte si kluky, holky nebo oboj\u00ed - bez placen\u00ed.<\/p>\n<h3>3. Nen\u00ed nutn\u00e1 registrace<\/h3>\n<p>Z\u016fsta\u0148te v anonymit\u011b a okam\u017eit\u011b se p\u0159ipojte.<\/p>\n<h3>4. Bezpe\u010dn\u00e9 a moderovan\u00e9<\/h3>\n<p>Aktivn\u00ed n\u00e1stroje pro moderov\u00e1n\u00ed a hl\u00e1\u0161en\u00ed pom\u00e1haj\u00ed udr\u017eovat platformu \u010distou.<\/p>\n<h3>5. Glob\u00e1ln\u00ed spole\u010denstv\u00ed<\/h3>\n<p>Seznamte se s lidmi z v\u00edce ne\u017e 100 zem\u00ed, kte\u0159\u00ed jsou k dispozici 24 hodin denn\u011b, 7 dn\u00ed v t\u00fddnu.<\/p>\n<h3>6. Funguje na v\u0161ech za\u0159\u00edzen\u00edch<\/h3>\n<p>Optimalizov\u00e1no pro stoln\u00ed po\u010d\u00edta\u010de, mobiln\u00ed za\u0159\u00edzen\u00ed a tablety.<\/p>\n<h2>Zku\u0161enosti skute\u010dn\u00fdch u\u017eivatel\u016f<\/h2>\n<blockquote><p><em>\"Hledal jsem bezplatn\u00fd chat s kamerou bez skryt\u00fdch n\u00e1klad\u016f a StrangerCam byla prvn\u00ed platforma, kter\u00e1 to skute\u010dn\u011b splnila.\"<\/em><br \/>\n- Jake, 25 let<\/p><\/blockquote>\n<blockquote><p><em>\"Genderov\u00fd filtr zde funguje zdarma, \u010d\u00edm\u017e se odli\u0161uje od ostatn\u00edch str\u00e1nek.\"<\/em><br \/>\n- Sophia, 22 let<\/p><\/blockquote>\n<blockquote><p><em>\"Pou\u017e\u00edv\u00e1n\u00ed je tak snadn\u00e9. Za jedin\u00fd ve\u010der jsem se spojil s lidmi ze t\u0159\u00ed kontinent\u016f.\"<\/em><br \/>\n- Ryan, 28 let<\/p><\/blockquote>\n<blockquote><p><em>\"StrangerCam je d\u00edky moderov\u00e1n\u00ed bezpe\u010dn\u011bj\u0161\u00ed ne\u017e v\u011bt\u0161ina ostatn\u00edch chatovac\u00edch platforem, kter\u00e9 jsem vyzkou\u0161el.\"<\/em><br \/>\n- Mia, 20 let<\/p><\/blockquote>\n<h2>Bezpe\u010dnostn\u00ed tipy pro Cam Chat<\/h2>\n<p>I kdy\u017e je chatov\u00e1n\u00ed p\u0159es kamery z\u00e1bavn\u00e9, v\u017edy m\u011bjte na pam\u011bti bezpe\u010dnost:<\/p>\n<ul>\n<li>Nesd\u011blujte osobn\u00ed \u00fadaje (telefon, e-mail, adresu).<\/li>\n<li>P\u0159esko\u010dte nebo zablokujte ka\u017ed\u00e9ho, kdo je v\u00e1m nep\u0159\u00edjemn\u00fd.<\/li>\n<li>Neklikejte na odkazy od ciz\u00edch lid\u00ed.<\/li>\n<li>P\u0159ed zapnut\u00edm webov\u00e9 kamery zkontrolujte pozad\u00ed.<\/li>\n<li>Dr\u017ete se n\u00e1stroj\u016f platformy pro hl\u00e1\u0161en\u00ed a blokov\u00e1n\u00ed.<\/li>\n<li>Respektujte v\u011bkov\u00e1 omezen\u00ed - pokud je v\u00e1m m\u00e9n\u011b ne\u017e 18 let, vyhn\u011bte se platform\u00e1m pro chatov\u00e1n\u00ed s kamerami pro dosp\u011bl\u00e9.<\/li>\n<\/ul>\n<h2>Jak za\u010d\u00edt - krok za krokem<\/h2>\n<p>Zah\u00e1jen\u00ed chatu s kamerou trv\u00e1 m\u00e9n\u011b ne\u017e minutu:<\/p>\n<ol>\n<li>Otev\u0159ete StrangerCam ve sv\u00e9m za\u0159\u00edzen\u00ed.<\/li>\n<li>Povolen\u00ed p\u0159\u00edstupu ke kame\u0159e a mikrofonu.<\/li>\n<li>Zvolte si preference (nap\u0159\u00edklad filtry pohlav\u00ed).<\/li>\n<li>Kliknut\u00edm na tla\u010d\u00edtko Spustit chat se okam\u017eit\u011b p\u0159ipoj\u00edte.<\/li>\n<li>Stisknut\u00edm tla\u010d\u00edtka Dal\u0161\u00ed m\u016f\u017eete kdykoli pokra\u010dovat.<\/li>\n<\/ol>\n<p>Rychle, jednodu\u0161e a zdarma.<\/p>\n<h2>Z\u00e1v\u011bre\u010dn\u00e9 my\u0161lenky - Vyzkou\u0161ejte bezplatn\u00fd Cam Chat je\u0161t\u011b dnes<\/h2>\n<p>V roce 2025 je chat s kamerou st\u00e1le jedn\u00edm z nejzaj\u00edmav\u011bj\u0161\u00edch a nejautenti\u010dt\u011bj\u0161\u00edch zp\u016fsob\u016f, jak poznat nov\u00e9 lidi online. Je z\u00e1bavn\u00fd, spont\u00e1nn\u00ed a okam\u017eit\u011b v\u00e1s spoj\u00ed s ciz\u00edmi lidmi po cel\u00e9m sv\u011bt\u011b.<\/p>\n<p>Ale ne ka\u017ed\u00e1 platforma je poskytuje - n\u011bkter\u00e9 skr\u00fdvaj\u00ed funkce za paywallem nebo sv\u00e9 str\u00e1nky zaplavuj\u00ed roboty. Proto je StrangerCam tou nejlep\u0161\u00ed volbou: je bezplatn\u00e1, anonymn\u00ed, bezpe\u010dn\u00e1 a v\u017edy aktivn\u00ed se skute\u010dn\u00fdmi u\u017eivateli p\u0159ipraven\u00fdmi k chatu.<\/p>\n<p>Jste p\u0159ipraveni to za\u017e\u00edt? Spus\u0165te bezplatn\u00fd chat s kamerou je\u0161t\u011b dnes a zjist\u011bte, koho potk\u00e1te p\u0159\u00ed\u0161t\u011b.<\/p>","protected":false},"excerpt":{"rendered":"<p>Looking for the best place to enjoy cam chat? You\u2019re not alone. Every day, millions of people around the world use cam chat platforms to meet new people, have fun conversations, and make spontaneous connections online. Unlike dating apps or social networks that require endless scrolling or swiping, cam chat is instant, real, and exciting\u2014you [&hellip;]<\/p>\n","protected":false},"author":8,"featured_media":0,"parent":0,"menu_order":0,"comment_status":"closed","ping_status":"closed","template":"","meta":{"footnotes":""},"class_list":["post-4073","page","type-page","status-publish","hentry"],"yoast_head":"<!-- This site is optimized with the Yoast SEO plugin v27.4 - https:\/\/yoast.com\/product\/yoast-seo-wordpress\/ -->\n<title>Cam Chat with Video Chat on Strangercam.com<\/title>\n<meta name=\"description\" content=\"Liking Cam Chat? Join millions on StrangerCam.com! Start a random video chat, turn on your cam, and meet strangers instantly.\" \/>\n<meta name=\"robots\" content=\"index, follow, max-snippet:-1, max-image-preview:large, max-video-preview:-1\" \/>\n<link rel=\"canonical\" href=\"https:\/\/strangercam.com\/cs\/cam-chat\/\" \/>\n<meta property=\"og:locale\" content=\"cs_CZ\" \/>\n<meta property=\"og:type\" content=\"article\" \/>\n<meta property=\"og:title\" content=\"Cam Chat with Video Chat on Strangercam.com\" \/>\n<meta property=\"og:description\" content=\"Liking Cam Chat? Join millions on StrangerCam.com! Start a random video chat, turn on your cam, and meet strangers instantly.\" \/>\n<meta property=\"og:url\" content=\"https:\/\/strangercam.com\/cs\/cam-chat\/\" \/>\n<meta property=\"og:site_name\" content=\"Strangercam\" \/>\n<meta property=\"article:publisher\" content=\"https:\/\/www.facebook.com\/strangercam\" \/>\n<meta property=\"article:modified_time\" content=\"2025-09-03T11:47:51+00:00\" \/>\n<meta property=\"og:image\" content=\"https:\/\/strangercam.com\/wp-content\/uploads\/2021\/10\/Untitled-2.png\" \/>\n\t<meta property=\"og:image:width\" content=\"800\" \/>\n\t<meta property=\"og:image:height\" content=\"532\" \/>\n\t<meta property=\"og:image:type\" content=\"image\/png\" \/>\n<meta name=\"twitter:card\" content=\"summary_large_image\" \/>\n<meta name=\"twitter:site\" content=\"@strangercamapp\" \/>\n<meta name=\"twitter:label1\" content=\"Odhadovan\u00e1 doba \u010dten\u00ed\" \/>\n\t<meta name=\"twitter:data1\" content=\"5 minut\" \/>\n<script type=\"application\/ld+json\" class=\"yoast-schema-graph\">{\"@context\":\"https:\\\/\\\/schema.org\",\"@graph\":[{\"@type\":\"WebPage\",\"@id\":\"https:\\\/\\\/strangercam.com\\\/cam-chat\\\/\",\"url\":\"https:\\\/\\\/strangercam.com\\\/cam-chat\\\/\",\"name\":\"Cam Chat with Video Chat on Strangercam.com\",\"isPartOf\":{\"@id\":\"https:\\\/\\\/strangercam.com\\\/#website\"},\"datePublished\":\"2025-09-03T09:52:49+00:00\",\"dateModified\":\"2025-09-03T11:47:51+00:00\",\"description\":\"Liking Cam Chat? Join millions on StrangerCam.com! Start a random video chat, turn on your cam, and meet strangers instantly.\",\"breadcrumb\":{\"@id\":\"https:\\\/\\\/strangercam.com\\\/cam-chat\\\/#breadcrumb\"},\"inLanguage\":\"cs\",\"potentialAction\":[{\"@type\":\"ReadAction\",\"target\":[\"https:\\\/\\\/strangercam.com\\\/cam-chat\\\/\"]}]},{\"@type\":\"BreadcrumbList\",\"@id\":\"https:\\\/\\\/strangercam.com\\\/cam-chat\\\/#breadcrumb\",\"itemListElement\":[{\"@type\":\"ListItem\",\"position\":1,\"name\":\"Home\",\"item\":\"https:\\\/\\\/strangercam.com\\\/\"},{\"@type\":\"ListItem\",\"position\":2,\"name\":\"Cam Chat\"}]},{\"@type\":\"WebSite\",\"@id\":\"https:\\\/\\\/strangercam.com\\\/#website\",\"url\":\"https:\\\/\\\/strangercam.com\\\/\",\"name\":\"Strangercam\",\"description\":\"Random Video Chat with Strangers\",\"publisher\":{\"@id\":\"https:\\\/\\\/strangercam.com\\\/#organization\"},\"alternateName\":\"Strangercam.com\",\"potentialAction\":[{\"@type\":\"SearchAction\",\"target\":{\"@type\":\"EntryPoint\",\"urlTemplate\":\"https:\\\/\\\/strangercam.com\\\/?s={search_term_string}\"},\"query-input\":{\"@type\":\"PropertyValueSpecification\",\"valueRequired\":true,\"valueName\":\"search_term_string\"}}],\"inLanguage\":\"cs\"},{\"@type\":\"Organization\",\"@id\":\"https:\\\/\\\/strangercam.com\\\/#organization\",\"name\":\"Strangercam\",\"alternateName\":\"Strangercam.com\",\"url\":\"https:\\\/\\\/strangercam.com\\\/\",\"logo\":{\"@type\":\"ImageObject\",\"inLanguage\":\"cs\",\"@id\":\"https:\\\/\\\/strangercam.com\\\/#\\\/schema\\\/logo\\\/image\\\/\",\"url\":\"https:\\\/\\\/strangercam.com\\\/wp-content\\\/uploads\\\/2020\\\/11\\\/cropped-new-favicon-black.png\",\"contentUrl\":\"https:\\\/\\\/strangercam.com\\\/wp-content\\\/uploads\\\/2020\\\/11\\\/cropped-new-favicon-black.png\",\"width\":512,\"height\":512,\"caption\":\"Strangercam\"},\"image\":{\"@id\":\"https:\\\/\\\/strangercam.com\\\/#\\\/schema\\\/logo\\\/image\\\/\"},\"sameAs\":[\"https:\\\/\\\/www.facebook.com\\\/strangercam\",\"https:\\\/\\\/x.com\\\/strangercamapp\"]}]}<\/script>\n<!-- \/ Yoast SEO plugin. -->","yoast_head_json":{"title":"Cam Chat s videochatem na Strangercam.com","description":"L\u00edb\u00ed se v\u00e1m Cam Chat? Join miliony na StrangerCam.com! Spus\u0165te n\u00e1hodn\u00fd videochat, zapn\u011bte kameru a okam\u017eit\u011b se seznamte s ciz\u00edmi lidmi.","robots":{"index":"index","follow":"follow","max-snippet":"max-snippet:-1","max-image-preview":"max-image-preview:large","max-video-preview":"max-video-preview:-1"},"canonical":"https:\/\/strangercam.com\/cs\/cam-chat\/","og_locale":"cs_CZ","og_type":"article","og_title":"Cam Chat with Video Chat on Strangercam.com","og_description":"Liking Cam Chat? Join millions on StrangerCam.com! Start a random video chat, turn on your cam, and meet strangers instantly.","og_url":"https:\/\/strangercam.com\/cs\/cam-chat\/","og_site_name":"Strangercam","article_publisher":"https:\/\/www.facebook.com\/strangercam","article_modified_time":"2025-09-03T11:47:51+00:00","og_image":[{"width":800,"height":532,"url":"https:\/\/strangercam.com\/wp-content\/uploads\/2021\/10\/Untitled-2.png","type":"image\/png"}],"twitter_card":"summary_large_image","twitter_site":"@strangercamapp","twitter_misc":{"Odhadovan\u00e1 doba \u010dten\u00ed":"5 minut"},"schema":{"@context":"https:\/\/schema.org","@graph":[{"@type":"WebPage","@id":"https:\/\/strangercam.com\/cam-chat\/","url":"https:\/\/strangercam.com\/cam-chat\/","name":"Cam Chat s videochatem na Strangercam.com","isPartOf":{"@id":"https:\/\/strangercam.com\/#website"},"datePublished":"2025-09-03T09:52:49+00:00","dateModified":"2025-09-03T11:47:51+00:00","description":"L\u00edb\u00ed se v\u00e1m Cam Chat? Join miliony na StrangerCam.com! Spus\u0165te n\u00e1hodn\u00fd videochat, zapn\u011bte kameru a okam\u017eit\u011b se seznamte s ciz\u00edmi lidmi.","breadcrumb":{"@id":"https:\/\/strangercam.com\/cam-chat\/#breadcrumb"},"inLanguage":"cs","potentialAction":[{"@type":"ReadAction","target":["https:\/\/strangercam.com\/cam-chat\/"]}]},{"@type":"BreadcrumbList","@id":"https:\/\/strangercam.com\/cam-chat\/#breadcrumb","itemListElement":[{"@type":"ListItem","position":1,"name":"Home","item":"https:\/\/strangercam.com\/"},{"@type":"ListItem","position":2,"name":"Cam Chat"}]},{"@type":"WebSite","@id":"https:\/\/strangercam.com\/#website","url":"https:\/\/strangercam.com\/","name":"Strangercam","description":"N\u00e1hodn\u00fd videochat s ciz\u00edmi lidmi","publisher":{"@id":"https:\/\/strangercam.com\/#organization"},"alternateName":"Strangercam.com","potentialAction":[{"@type":"SearchAction","target":{"@type":"EntryPoint","urlTemplate":"https:\/\/strangercam.com\/?s={search_term_string}"},"query-input":{"@type":"PropertyValueSpecification","valueRequired":true,"valueName":"search_term_string"}}],"inLanguage":"cs"},{"@type":"Organization","@id":"https:\/\/strangercam.com\/#organization","name":"Strangercam","alternateName":"Strangercam.com","url":"https:\/\/strangercam.com\/","logo":{"@type":"ImageObject","inLanguage":"cs","@id":"https:\/\/strangercam.com\/#\/schema\/logo\/image\/","url":"https:\/\/strangercam.com\/wp-content\/uploads\/2020\/11\/cropped-new-favicon-black.png","contentUrl":"https:\/\/strangercam.com\/wp-content\/uploads\/2020\/11\/cropped-new-favicon-black.png","width":512,"height":512,"caption":"Strangercam"},"image":{"@id":"https:\/\/strangercam.com\/#\/schema\/logo\/image\/"},"sameAs":["https:\/\/www.facebook.com\/strangercam","https:\/\/x.com\/strangercamapp"]}]}},"_links":{"self":[{"href":"https:\/\/strangercam.com\/cs\/wp-json\/wp\/v2\/pages\/4073","targetHints":{"allow":["GET"]}}],"collection":[{"href":"https:\/\/strangercam.com\/cs\/wp-json\/wp\/v2\/pages"}],"about":[{"href":"https:\/\/strangercam.com\/cs\/wp-json\/wp\/v2\/types\/page"}],"author":[{"embeddable":true,"href":"https:\/\/strangercam.com\/cs\/wp-json\/wp\/v2\/users\/8"}],"replies":[{"embeddable":true,"href":"https:\/\/strangercam.com\/cs\/wp-json\/wp\/v2\/comments?post=4073"}],"version-history":[{"count":3,"href":"https:\/\/strangercam.com\/cs\/wp-json\/wp\/v2\/pages\/4073\/revisions"}],"predecessor-version":[{"id":13003,"href":"https:\/\/strangercam.com\/cs\/wp-json\/wp\/v2\/pages\/4073\/revisions\/13003"}],"wp:attachment":[{"href":"https:\/\/strangercam.com\/cs\/wp-json\/wp\/v2\/media?parent=4073"}],"curies":[{"name":"wp","href":"https:\/\/api.w.org\/{rel}","templated":true}]}}