{"id":4056,"date":"2025-09-03T11:50:30","date_gmt":"2025-09-03T09:50:30","guid":{"rendered":"https:\/\/strangercam.com\/?page_id=4056"},"modified":"2025-09-03T13:46:31","modified_gmt":"2025-09-03T11:46:31","slug":"cizi-video-chat","status":"publish","type":"page","link":"https:\/\/strangercam.com\/cs\/stranger-video-chat\/","title":{"rendered":"Cizinec Video Chat"},"content":{"rendered":"<p>Hled\u00e1te nejlep\u0161\u00ed zp\u016fsob, jak si u\u017e\u00edt ciz\u00ed video. <a href=\"https:\/\/strangercam.com\/cs\/chathub\/\">chat<\/a>? Nejste jedin\u00fd. Ka\u017ed\u00fd den se miliony lid\u00ed obracej\u00ed na platformy pro \u017eiv\u00fd videochat, aby se okam\u017eit\u011b spojili s ciz\u00edmi lidmi. Na rozd\u00edl od seznamovac\u00edch aplikac\u00ed nebo soci\u00e1ln\u00edch s\u00edt\u00ed, kter\u00e9 \u010dasto p\u016fsob\u00ed zinscenovan\u011b nebo vy\u017eaduj\u00ed \u010das, je videochat s ciz\u00edmi lidmi spont\u00e1nn\u00ed, autentick\u00fd a skute\u010dn\u00fd.<\/p>\n<p>S modern\u00edmi platformami, jako je StrangerCam, m\u016f\u017eete za\u010d\u00edt bezplatn\u00fd videochat s cizinci hned te\u010f - bez registrace, bez stahov\u00e1n\u00ed a bez skryt\u00fdch poplatk\u016f. A\u0165 u\u017e si chcete naj\u00edt nov\u00e9 p\u0159\u00e1tele, flirtovat, procvi\u010dit jazyk nebo si jen vyl\u00e9\u010dit nudu, ciz\u00ed videochat je jedn\u00edm z nejzaj\u00edmav\u011bj\u0161\u00edch a nejnep\u0159edv\u00eddateln\u011bj\u0161\u00edch online z\u00e1\u017eitk\u016f v roce 2025.<\/p>\n<p>Tento pr\u016fvodce v\u00e1s sezn\u00e1m\u00ed se v\u0161\u00edm, co pot\u0159ebujete v\u011bd\u011bt: co je to ciz\u00ed videochat, pro\u010d je popul\u00e1rn\u00ed, jak funguje, jak\u00e9 funkce jsou nejd\u016fle\u017eit\u011bj\u0161\u00ed, srovn\u00e1n\u00ed nejlep\u0161\u00edch platforem, bezpe\u010dnostn\u00ed tipy a pro\u010d je StrangerCam jednou z nejlep\u0161\u00edch mo\u017enost\u00ed, kter\u00e9 jsou dnes k dispozici.<\/p>\n<h2>Co je ciz\u00ed video chat?<\/h2>\n<p>Ciz\u00ed videochat je online slu\u017eba, kter\u00e1 umo\u017e\u0148uje okam\u017eit\u00e9 spojen\u00ed s n\u00e1hodn\u00fdmi lidmi prost\u0159ednictv\u00edm \u017eiv\u00fdch videohovor\u016f s vyu\u017eit\u00edm webov\u00e9 kamery a mikrofonu. Aspekt \"ciz\u00edho \u010dlov\u011bka\" znamen\u00e1, \u017ee a\u017e do nav\u00e1z\u00e1n\u00ed spojen\u00ed nev\u00edte, s k\u00fdm se setk\u00e1te.<\/p>\n<p>Na rozd\u00edl od textov\u00fdch chat\u016f nab\u00edz\u00ed videohovory skute\u010dn\u011bj\u0161\u00ed z\u00e1\u017eitek, proto\u017ee danou osobu vid\u00edte a sly\u0161\u00edte v re\u00e1ln\u00e9m \u010dase. Pokud se v\u00e1m chat nel\u00edb\u00ed, m\u016f\u017eete jednodu\u0161e kliknout na tla\u010d\u00edtko Dal\u0161\u00ed a okam\u017eit\u011b se spojit s n\u011bk\u00fdm jin\u00fdm.<\/p>\n<h2>Pro\u010d lid\u00e9 miluj\u00ed bezplatn\u00fd ciz\u00ed video chat<\/h2>\n<p>Popularita bezplatn\u00e9ho ciz\u00edho videochatu pramen\u00ed z n\u011bkolika kl\u00ed\u010dov\u00fdch d\u016fvod\u016f:<\/p>\n<ul>\n<li>Spont\u00e1nnost: Ka\u017ed\u00fd chat je jin\u00fd a nep\u0159edv\u00eddateln\u00fd.<\/li>\n<li>Autenti\u010dnost: Video dokazuje, \u017ee se jedn\u00e1 o skute\u010dnou osobu, nikoli o bota nebo fale\u0161n\u00fd \u00fa\u010det.<\/li>\n<li>\u017d\u00e1dn\u00fd z\u00e1vazek: \u017d\u00e1dn\u00e9 \u00fa\u010dty, \u017e\u00e1dn\u00e9 stahov\u00e1n\u00ed - jen okam\u017eit\u00e9 chaty.<\/li>\n<li>Glob\u00e1ln\u00ed dosah: Seznamte se kdykoli s cizinci z cel\u00e9ho sv\u011bta.<\/li>\n<li>Z\u00e1bava: Skv\u011bl\u00e9 pro tr\u00e1ven\u00ed \u010dasu, navazov\u00e1n\u00ed p\u0159\u00e1telstv\u00ed nebo lehk\u00e9 flirtov\u00e1n\u00ed.<\/li>\n<li>Okam\u017eit\u00e9 uspokojen\u00ed: \u017d\u00e1dn\u00e9 \u010dek\u00e1n\u00ed na odpov\u011bdi - spojen\u00ed jsou okam\u017eit\u00e1.<\/li>\n<\/ul>\n<h2>Jak funguje ciz\u00ed videochat?<\/h2>\n<p>Za\u010d\u00edt s videochatem s cizincem je snadn\u00e9:<\/p>\n<ol>\n<li>Otev\u0159ete platformu v telefonu nebo po\u010d\u00edta\u010di.<\/li>\n<li>Povolen\u00ed p\u0159\u00edstupu ke kame\u0159e a mikrofonu.<\/li>\n<li>Klikn\u011bte na tla\u010d\u00edtko \"Spustit chat\".<\/li>\n<li>Okam\u017eit\u011b si promluvte tv\u00e1\u0159\u00ed v tv\u00e1\u0159 s n\u00e1hodn\u00fdm cizincem.<\/li>\n<li>Chcete-li p\u0159ej\u00edt k n\u011bkomu nov\u00e9mu, klikn\u011bte kdykoli na tla\u010d\u00edtko \"Dal\u0161\u00ed\".<\/li>\n<\/ol>\n<p>N\u011bkter\u00e9 platformy nab\u00edzej\u00ed tak\u00e9 pokro\u010dil\u00e9 funkce, jako jsou filtry podle pohlav\u00ed, p\u0159edvolby polohy a p\u0159eklady v chatu.<\/p>\n<h2>Nejd\u016fle\u017eit\u011bj\u0161\u00ed funkce, kter\u00e9 je t\u0159eba hledat<\/h2>\n<p>Ne v\u0161echny ciz\u00ed platformy pro videochat jsou stejn\u00e9. Tady je, na co byste se m\u011bli zam\u011b\u0159it:<\/p>\n<h3>1. Voln\u00fd p\u0159\u00edstup bez trik\u016f<\/h3>\n<p>N\u011bkter\u00e9 platformy inzeruj\u00ed, \u017ee jsou zdarma, ale hlavn\u00ed funkce jsou uzam\u010deny za placen\u00fdmi zdmi. Vyberte si web, kter\u00fd nab\u00edz\u00ed neomezen\u00e9 bezplatn\u00e9 pou\u017e\u00edv\u00e1n\u00ed.<\/p>\n<h3>2. Nen\u00ed nutn\u00e1 registrace<\/h3>\n<p>Z\u016fsta\u0148te v anonymit\u011b a chatujte okam\u017eit\u011b, ani\u017e byste si museli vytv\u00e1\u0159et \u00fa\u010det.<\/p>\n<h3>3. Filtry pohlav\u00ed a lokality<\/h3>\n<p>Pom\u00e1h\u00e1 naj\u00edt typ lid\u00ed, se kter\u00fdmi chcete chatovat.<\/p>\n<h3>4. Siln\u00e1 um\u00edrn\u011bnost<\/h3>\n<p>Platformy s n\u00e1stroji pro pod\u00e1v\u00e1n\u00ed zpr\u00e1v a moderov\u00e1n\u00ed zaji\u0161\u0165uj\u00ed bezpe\u010dn\u011bj\u0161\u00ed z\u00e1\u017eitek.<\/p>\n<h3>5. Design vhodn\u00fd pro mobiln\u00ed za\u0159\u00edzen\u00ed<\/h3>\n<p>M\u011bli byste b\u00fdt schopni plynule chatovat na po\u010d\u00edta\u010di i na mobilu.<\/p>\n<h3>6. Vysoce kvalitn\u00ed video a zvuk<\/h3>\n<p>Jasn\u00e1 a spolehliv\u00e1 spojen\u00ed zp\u0159\u00edjem\u0148uj\u00ed konverzaci.<\/p>\n<h2>Nejlep\u0161\u00ed platformy pro videochat cizinc\u016f v roce 2025<\/h2>\n<p>Zde je srovn\u00e1n\u00ed nejobl\u00edben\u011bj\u0161\u00edch ciz\u00edch platforem pro videochat:<\/p>\n<table>\n<thead>\n<tr>\n<th>Platforma<\/th>\n<th align=\"center\">Voln\u00fd p\u0159\u00edstup<\/th>\n<th align=\"center\">Filtr podle pohlav\u00ed<\/th>\n<th align=\"center\">Pot\u0159ebn\u00e1 registrace<\/th>\n<th align=\"center\">Mobiln\u00ed podpora<\/th>\n<th align=\"center\">Moderov\u00e1n\u00ed<\/th>\n<th>Pozn\u00e1mky<\/th>\n<\/tr>\n<\/thead>\n<tbody>\n<tr>\n<td>StrangerCam<\/td>\n<td align=\"center\">\u2705<\/td>\n<td align=\"center\">\u2705 (zdarma)<\/td>\n<td align=\"center\">\u274c<\/td>\n<td align=\"center\">\u2705<\/td>\n<td align=\"center\">\u2705<\/td>\n<td>Nejlep\u0161\u00ed celkov\u00e1 volba, neomezen\u00e9 a bezpe\u010dn\u00e9<\/td>\n<\/tr>\n<tr>\n<td><a href=\"https:\/\/strangercam.com\/cs\/chatroulette\/\">Chatroulette<\/a><\/td>\n<td align=\"center\">\u2705<\/td>\n<td align=\"center\">\u274c (Placen\u00e9)<\/td>\n<td align=\"center\">\u274c<\/td>\n<td align=\"center\">\u2705<\/td>\n<td align=\"center\">\u2705<\/td>\n<td>Klasick\u00e1 platforma, ale n\u00e1klady na filtry<\/td>\n<\/tr>\n<tr>\n<td>Chatrandom<\/td>\n<td align=\"center\">\u2705<\/td>\n<td align=\"center\">\u274c (Placen\u00e9)<\/td>\n<td align=\"center\">\u274c<\/td>\n<td align=\"center\">\u2705<\/td>\n<td align=\"center\">\u2705<\/td>\n<td>Velk\u00e1 u\u017eivatelsk\u00e1 z\u00e1kladna, pot\u0159eba aktualizac\u00ed<\/td>\n<\/tr>\n<tr>\n<td><a href=\"https:\/\/strangercam.com\/cs\/ometv\/\">OmeTV<\/a><\/td>\n<td align=\"center\">\u2705<\/td>\n<td align=\"center\">\u274c<\/td>\n<td align=\"center\">\u274c<\/td>\n<td align=\"center\">\u2705<\/td>\n<td align=\"center\">\u2705<\/td>\n<td>Pouze n\u00e1hodn\u011b, k dispozici mobiln\u00ed aplikace<\/td>\n<\/tr>\n<tr>\n<td>Shagle<\/td>\n<td align=\"center\">\u2705<\/td>\n<td align=\"center\">\u274c (Placen\u00e9)<\/td>\n<td align=\"center\">\u274c<\/td>\n<td align=\"center\">\u2705<\/td>\n<td align=\"center\">\u2705<\/td>\n<td>Mnoho funkc\u00ed paywalled<\/td>\n<\/tr>\n<tr>\n<td><a href=\"https:\/\/strangercam.com\/cs\/coomeet\/\">CooMeet<\/a><\/td>\n<td align=\"center\">\u274c (zku\u0161ebn\u00ed verze)<\/td>\n<td align=\"center\">\u2705<\/td>\n<td align=\"center\">\u2705<\/td>\n<td align=\"center\">\u2705<\/td>\n<td align=\"center\">\u2705<\/td>\n<td>Zaplaceno po kr\u00e1tk\u00e9m zku\u0161ebn\u00edm obdob\u00ed<\/td>\n<\/tr>\n<tr>\n<td>LuckyCrush<\/td>\n<td align=\"center\">\u274c<\/td>\n<td align=\"center\">\u2705<\/td>\n<td align=\"center\">\u2705<\/td>\n<td align=\"center\">\u2705<\/td>\n<td align=\"center\">\u2705<\/td>\n<td>V\u017edy placen\u00e9, odpov\u00eddaj\u00edc\u00ed pohlav\u00ed<\/td>\n<\/tr>\n<\/tbody>\n<\/table>\n<p>StrangerCam vynik\u00e1 jako jedna z m\u00e1la platforem nab\u00edzej\u00edc\u00edch bezplatn\u00fd videochat cizinc\u016f s funk\u010dn\u00edm genderov\u00fdm filtrem, bez registrace a s neomezen\u00fdm pou\u017eit\u00edm.<\/p>\n<h2>Pro\u010d je StrangerCam nejlep\u0161\u00ed volbou<\/h2>\n<p>Zde je d\u016fvod, pro\u010d je StrangerCam jednou z nejlep\u0161\u00edch mo\u017enost\u00ed pro videochat s cizinci v roce 2025:<\/p>\n<h3>1. 100% Zdarma<\/h3>\n<p>Neomezen\u00e9 chaty bez skryt\u00fdch n\u00e1klad\u016f.<\/p>\n<h3>2. Voln\u00fd filtr pohlav\u00ed<\/h3>\n<p>Seznamte se s kluky, d\u00edvkami nebo ob\u011bma bez placen\u00ed nav\u00edc.<\/p>\n<h3>3. Nen\u00ed nutn\u00e1 registrace<\/h3>\n<p>Z\u016fsta\u0148te v anonymit\u011b a okam\u017eit\u011b se p\u0159ipojte.<\/p>\n<h3>4. Bezpe\u010dn\u00e9 a moderovan\u00e9<\/h3>\n<p>D\u016fsledn\u00e9 moderov\u00e1n\u00ed zaji\u0161\u0165uje \u010dist\u00e9 a p\u0159\u00e1telsk\u00e9 prost\u0159ed\u00ed.<\/p>\n<h3>5. Glob\u00e1ln\u00ed u\u017eivatelsk\u00e1 z\u00e1kladna<\/h3>\n<p>Seznamte se s lidmi z v\u00edce ne\u017e 100 zem\u00ed 24\/7.<\/p>\n<h3>6. Funguje v\u0161ude<\/h3>\n<p>Optimalizov\u00e1no pro mobiln\u00ed za\u0159\u00edzen\u00ed, tablety a stoln\u00ed po\u010d\u00edta\u010de.<\/p>\n<h2>Zku\u0161enosti skute\u010dn\u00fdch u\u017eivatel\u016f<\/h2>\n<blockquote><p><em>\"Cht\u011bl jsem jen ciz\u00ed videochat, kter\u00fd by m\u011b nenutil platit. StrangerCam byla prvn\u00ed str\u00e1nka, kter\u00e1 byla skute\u010dn\u011b zdarma.\"<\/em><br \/>\n- Liam, 25 let<\/p><\/blockquote>\n<blockquote><p><em>\"Genderov\u00fd filtr je zdarma a funguje perfektn\u011b. Ostatn\u00ed str\u00e1nky se za to v\u017edy sna\u017e\u00ed \u00fa\u010dtovat poplatky.\"<\/em><br \/>\n- Sophia, 23 let<\/p><\/blockquote>\n<blockquote><p><em>\"B\u011bhem jednoho ve\u010dera jsem se spojil s lidmi z p\u011bti r\u016fzn\u00fdch zem\u00ed. Je to n\u00e1vykov\u00e9, ale z\u00e1rove\u0148 velmi z\u00e1bavn\u00e9.\"<\/em><br \/>\n- Ryan, 30 let<\/p><\/blockquote>\n<blockquote><p><em>\"P\u0159ipad\u00e1 mi to bezpe\u010dn\u011bj\u0161\u00ed ne\u017e jin\u00e9 n\u00e1hodn\u00e9 chatovac\u00ed str\u00e1nky, kter\u00e9 jsem zkou\u0161el. StrangerCam m\u00e1 lep\u0161\u00ed moderov\u00e1n\u00ed a p\u0159\u00e1telskou atmosf\u00e9ru.\"<\/em><br \/>\n- Emma, 21 let<\/p><\/blockquote>\n<h2>Bezpe\u010dnostn\u00ed tipy pro videochat s ciz\u00edmi lidmi<\/h2>\n<p>Videochaty s ciz\u00edmi lidmi jsou sice z\u00e1bavn\u00e9, ale v\u017edy d\u00e1vejte p\u0159ednost bezpe\u010dnosti:<\/p>\n<ul>\n<li>Nesd\u011blujte osobn\u00ed \u00fadaje (telefon, e-mail, adresu).<\/li>\n<li>P\u0159esko\u010dte nebo zablokujte ka\u017ed\u00e9ho, kdo je v\u00e1m nep\u0159\u00edjemn\u00fd.<\/li>\n<li>Neklikejte na podez\u0159el\u00e9 odkazy.<\/li>\n<li>P\u0159ed zah\u00e1jen\u00edm hovoru zkontrolujte pozad\u00ed webov\u00e9 kamery.<\/li>\n<li>V p\u0159\u00edpad\u011b pot\u0159eby pou\u017eijte n\u00e1stroje pro pod\u00e1v\u00e1n\u00ed zpr\u00e1v.<\/li>\n<li>Respektujte v\u011bkov\u00e1 pravidla - pokud je v\u00e1m m\u00e9n\u011b ne\u017e 18 let, vyhn\u011bte se chatovac\u00edm platform\u00e1m pro dosp\u011bl\u00e9.<\/li>\n<\/ul>\n<h2>Jak za\u010d\u00edt - krok za krokem<\/h2>\n<p>Zah\u00e1jen\u00ed videochatu s ciz\u00edm \u010dlov\u011bkem trv\u00e1 m\u00e9n\u011b ne\u017e minutu:<\/p>\n<ol>\n<li>Otev\u0159ete StrangerCam ve sv\u00e9m za\u0159\u00edzen\u00ed.<\/li>\n<li>Povolen\u00ed p\u0159\u00edstupu ke kame\u0159e a mikrofonu.<\/li>\n<li>Vyberte preference (nap\u0159\u00edklad filtry pohlav\u00ed).<\/li>\n<li>Kliknut\u00edm na tla\u010d\u00edtko Spustit chat se okam\u017eit\u011b p\u0159ipoj\u00edte.<\/li>\n<li>Pro novou konverzaci stiskn\u011bte kdykoli tla\u010d\u00edtko Dal\u0161\u00ed.<\/li>\n<\/ol>\n<p>Jednoduch\u00e9, rychl\u00e9 a zcela zdarma.<\/p>\n<h2>Z\u00e1v\u011bre\u010dn\u00e9 my\u0161lenky - Vyzkou\u0161ejte bezplatn\u00fd videochat s cizinci je\u0161t\u011b dnes<\/h2>\n<p>V roce 2025 je ciz\u00ed videochat jedn\u00edm z nejzaj\u00edmav\u011bj\u0161\u00edch a nejautenti\u010dt\u011bj\u0161\u00edch zp\u016fsob\u016f, jak poznat nov\u00e9 lidi online. Je spont\u00e1nn\u00ed, z\u00e1bavn\u00fd a umo\u017e\u0148uje okam\u017eit\u00e9 spojen\u00ed se skute\u010dn\u00fdmi lidmi po cel\u00e9m sv\u011bt\u011b.<\/p>\n<p>Ne ka\u017ed\u00e1 platforma poskytuje v\u00fdsledky - mnoh\u00e9 z nich skr\u00fdvaj\u00ed filtry za paywallem nebo jsou pln\u00e9 bot\u016f. Proto je StrangerCam tou nejlep\u0161\u00ed volbou: je bezplatn\u00e1, anonymn\u00ed, bezpe\u010dn\u00e1 a aktivn\u00ed 24 hodin denn\u011b, 7 dn\u00ed v t\u00fddnu s lidmi p\u0159ipraven\u00fdmi chatovat.<\/p>\n<p>Jste p\u0159ipraveni to za\u017e\u00edt? Spus\u0165te bezplatn\u00fd videochat s cizincem je\u0161t\u011b dnes a zjist\u011bte, koho potk\u00e1te p\u0159\u00ed\u0161t\u011b.<\/p>","protected":false},"excerpt":{"rendered":"<p>Are you searching for the best way to enjoy a stranger video chat? You\u2019re not the only one. Every day, millions of people turn to live video chat platforms to connect with strangers instantly. Unlike dating apps or social networks, which often feel staged or take time, stranger video chat is spontaneous, authentic, and real. [&hellip;]<\/p>\n","protected":false},"author":8,"featured_media":0,"parent":0,"menu_order":0,"comment_status":"closed","ping_status":"closed","template":"","meta":{"footnotes":""},"class_list":["post-4056","page","type-page","status-publish","hentry"],"yoast_head":"<!-- This site is optimized with the Yoast SEO plugin v27.4 - https:\/\/yoast.com\/product\/yoast-seo-wordpress\/ -->\n<title>Stranger Video Chat with Video Chat on Strangercam.com<\/title>\n<meta name=\"description\" content=\"Liking Stranger Video Chat? Join millions on StrangerCam.com! Start a random video chat, turn on your cam, and meet strangers instantly.\" \/>\n<meta name=\"robots\" content=\"index, follow, max-snippet:-1, max-image-preview:large, max-video-preview:-1\" \/>\n<link rel=\"canonical\" href=\"https:\/\/strangercam.com\/cs\/cizi-video-chat\/\" \/>\n<meta property=\"og:locale\" content=\"cs_CZ\" \/>\n<meta property=\"og:type\" content=\"article\" \/>\n<meta property=\"og:title\" content=\"Stranger Video Chat with Video Chat on Strangercam.com\" \/>\n<meta property=\"og:description\" content=\"Liking Stranger Video Chat? Join millions on StrangerCam.com! Start a random video chat, turn on your cam, and meet strangers instantly.\" \/>\n<meta property=\"og:url\" content=\"https:\/\/strangercam.com\/cs\/cizi-video-chat\/\" \/>\n<meta property=\"og:site_name\" content=\"Strangercam\" \/>\n<meta property=\"article:publisher\" content=\"https:\/\/www.facebook.com\/strangercam\" \/>\n<meta property=\"article:modified_time\" content=\"2025-09-03T11:46:31+00:00\" \/>\n<meta property=\"og:image\" content=\"https:\/\/strangercam.com\/wp-content\/uploads\/2021\/10\/Untitled-2.png\" \/>\n\t<meta property=\"og:image:width\" content=\"800\" \/>\n\t<meta property=\"og:image:height\" content=\"532\" \/>\n\t<meta property=\"og:image:type\" content=\"image\/png\" \/>\n<meta name=\"twitter:card\" content=\"summary_large_image\" \/>\n<meta name=\"twitter:site\" content=\"@strangercamapp\" \/>\n<meta name=\"twitter:label1\" content=\"Odhadovan\u00e1 doba \u010dten\u00ed\" \/>\n\t<meta name=\"twitter:data1\" content=\"4 minuty\" \/>\n<script type=\"application\/ld+json\" class=\"yoast-schema-graph\">{\"@context\":\"https:\\\/\\\/schema.org\",\"@graph\":[{\"@type\":\"WebPage\",\"@id\":\"https:\\\/\\\/strangercam.com\\\/stranger-video-chat\\\/\",\"url\":\"https:\\\/\\\/strangercam.com\\\/stranger-video-chat\\\/\",\"name\":\"Stranger Video Chat with Video Chat on Strangercam.com\",\"isPartOf\":{\"@id\":\"https:\\\/\\\/strangercam.com\\\/#website\"},\"datePublished\":\"2025-09-03T09:50:30+00:00\",\"dateModified\":\"2025-09-03T11:46:31+00:00\",\"description\":\"Liking Stranger Video Chat? Join millions on StrangerCam.com! Start a random video chat, turn on your cam, and meet strangers instantly.\",\"breadcrumb\":{\"@id\":\"https:\\\/\\\/strangercam.com\\\/stranger-video-chat\\\/#breadcrumb\"},\"inLanguage\":\"cs\",\"potentialAction\":[{\"@type\":\"ReadAction\",\"target\":[\"https:\\\/\\\/strangercam.com\\\/stranger-video-chat\\\/\"]}]},{\"@type\":\"BreadcrumbList\",\"@id\":\"https:\\\/\\\/strangercam.com\\\/stranger-video-chat\\\/#breadcrumb\",\"itemListElement\":[{\"@type\":\"ListItem\",\"position\":1,\"name\":\"Home\",\"item\":\"https:\\\/\\\/strangercam.com\\\/\"},{\"@type\":\"ListItem\",\"position\":2,\"name\":\"Stranger Video Chat\"}]},{\"@type\":\"WebSite\",\"@id\":\"https:\\\/\\\/strangercam.com\\\/#website\",\"url\":\"https:\\\/\\\/strangercam.com\\\/\",\"name\":\"Strangercam\",\"description\":\"Random Video Chat with Strangers\",\"publisher\":{\"@id\":\"https:\\\/\\\/strangercam.com\\\/#organization\"},\"alternateName\":\"Strangercam.com\",\"potentialAction\":[{\"@type\":\"SearchAction\",\"target\":{\"@type\":\"EntryPoint\",\"urlTemplate\":\"https:\\\/\\\/strangercam.com\\\/?s={search_term_string}\"},\"query-input\":{\"@type\":\"PropertyValueSpecification\",\"valueRequired\":true,\"valueName\":\"search_term_string\"}}],\"inLanguage\":\"cs\"},{\"@type\":\"Organization\",\"@id\":\"https:\\\/\\\/strangercam.com\\\/#organization\",\"name\":\"Strangercam\",\"alternateName\":\"Strangercam.com\",\"url\":\"https:\\\/\\\/strangercam.com\\\/\",\"logo\":{\"@type\":\"ImageObject\",\"inLanguage\":\"cs\",\"@id\":\"https:\\\/\\\/strangercam.com\\\/#\\\/schema\\\/logo\\\/image\\\/\",\"url\":\"https:\\\/\\\/strangercam.com\\\/wp-content\\\/uploads\\\/2020\\\/11\\\/cropped-new-favicon-black.png\",\"contentUrl\":\"https:\\\/\\\/strangercam.com\\\/wp-content\\\/uploads\\\/2020\\\/11\\\/cropped-new-favicon-black.png\",\"width\":512,\"height\":512,\"caption\":\"Strangercam\"},\"image\":{\"@id\":\"https:\\\/\\\/strangercam.com\\\/#\\\/schema\\\/logo\\\/image\\\/\"},\"sameAs\":[\"https:\\\/\\\/www.facebook.com\\\/strangercam\",\"https:\\\/\\\/x.com\\\/strangercamapp\"]}]}<\/script>\n<!-- \/ Yoast SEO plugin. -->","yoast_head_json":{"title":"Ciz\u00ed video chat s videochatem na Strangercam.com","description":"L\u00edb\u00ed se v\u00e1m ciz\u00ed videochat? Join miliony na StrangerCam.com! Spus\u0165te n\u00e1hodn\u00fd videochat, zapn\u011bte kameru a okam\u017eit\u011b se seznamte s ciz\u00edmi lidmi.","robots":{"index":"index","follow":"follow","max-snippet":"max-snippet:-1","max-image-preview":"max-image-preview:large","max-video-preview":"max-video-preview:-1"},"canonical":"https:\/\/strangercam.com\/cs\/cizi-video-chat\/","og_locale":"cs_CZ","og_type":"article","og_title":"Stranger Video Chat with Video Chat on Strangercam.com","og_description":"Liking Stranger Video Chat? Join millions on StrangerCam.com! Start a random video chat, turn on your cam, and meet strangers instantly.","og_url":"https:\/\/strangercam.com\/cs\/cizi-video-chat\/","og_site_name":"Strangercam","article_publisher":"https:\/\/www.facebook.com\/strangercam","article_modified_time":"2025-09-03T11:46:31+00:00","og_image":[{"width":800,"height":532,"url":"https:\/\/strangercam.com\/wp-content\/uploads\/2021\/10\/Untitled-2.png","type":"image\/png"}],"twitter_card":"summary_large_image","twitter_site":"@strangercamapp","twitter_misc":{"Odhadovan\u00e1 doba \u010dten\u00ed":"4 minuty"},"schema":{"@context":"https:\/\/schema.org","@graph":[{"@type":"WebPage","@id":"https:\/\/strangercam.com\/stranger-video-chat\/","url":"https:\/\/strangercam.com\/stranger-video-chat\/","name":"Ciz\u00ed video chat s videochatem na Strangercam.com","isPartOf":{"@id":"https:\/\/strangercam.com\/#website"},"datePublished":"2025-09-03T09:50:30+00:00","dateModified":"2025-09-03T11:46:31+00:00","description":"L\u00edb\u00ed se v\u00e1m ciz\u00ed videochat? Join miliony na StrangerCam.com! Spus\u0165te n\u00e1hodn\u00fd videochat, zapn\u011bte kameru a okam\u017eit\u011b se seznamte s ciz\u00edmi lidmi.","breadcrumb":{"@id":"https:\/\/strangercam.com\/stranger-video-chat\/#breadcrumb"},"inLanguage":"cs","potentialAction":[{"@type":"ReadAction","target":["https:\/\/strangercam.com\/stranger-video-chat\/"]}]},{"@type":"BreadcrumbList","@id":"https:\/\/strangercam.com\/stranger-video-chat\/#breadcrumb","itemListElement":[{"@type":"ListItem","position":1,"name":"Home","item":"https:\/\/strangercam.com\/"},{"@type":"ListItem","position":2,"name":"Stranger Video Chat"}]},{"@type":"WebSite","@id":"https:\/\/strangercam.com\/#website","url":"https:\/\/strangercam.com\/","name":"Strangercam","description":"N\u00e1hodn\u00fd videochat s ciz\u00edmi lidmi","publisher":{"@id":"https:\/\/strangercam.com\/#organization"},"alternateName":"Strangercam.com","potentialAction":[{"@type":"SearchAction","target":{"@type":"EntryPoint","urlTemplate":"https:\/\/strangercam.com\/?s={search_term_string}"},"query-input":{"@type":"PropertyValueSpecification","valueRequired":true,"valueName":"search_term_string"}}],"inLanguage":"cs"},{"@type":"Organization","@id":"https:\/\/strangercam.com\/#organization","name":"Strangercam","alternateName":"Strangercam.com","url":"https:\/\/strangercam.com\/","logo":{"@type":"ImageObject","inLanguage":"cs","@id":"https:\/\/strangercam.com\/#\/schema\/logo\/image\/","url":"https:\/\/strangercam.com\/wp-content\/uploads\/2020\/11\/cropped-new-favicon-black.png","contentUrl":"https:\/\/strangercam.com\/wp-content\/uploads\/2020\/11\/cropped-new-favicon-black.png","width":512,"height":512,"caption":"Strangercam"},"image":{"@id":"https:\/\/strangercam.com\/#\/schema\/logo\/image\/"},"sameAs":["https:\/\/www.facebook.com\/strangercam","https:\/\/x.com\/strangercamapp"]}]}},"_links":{"self":[{"href":"https:\/\/strangercam.com\/cs\/wp-json\/wp\/v2\/pages\/4056","targetHints":{"allow":["GET"]}}],"collection":[{"href":"https:\/\/strangercam.com\/cs\/wp-json\/wp\/v2\/pages"}],"about":[{"href":"https:\/\/strangercam.com\/cs\/wp-json\/wp\/v2\/types\/page"}],"author":[{"embeddable":true,"href":"https:\/\/strangercam.com\/cs\/wp-json\/wp\/v2\/users\/8"}],"replies":[{"embeddable":true,"href":"https:\/\/strangercam.com\/cs\/wp-json\/wp\/v2\/comments?post=4056"}],"version-history":[{"count":3,"href":"https:\/\/strangercam.com\/cs\/wp-json\/wp\/v2\/pages\/4056\/revisions"}],"predecessor-version":[{"id":13001,"href":"https:\/\/strangercam.com\/cs\/wp-json\/wp\/v2\/pages\/4056\/revisions\/13001"}],"wp:attachment":[{"href":"https:\/\/strangercam.com\/cs\/wp-json\/wp\/v2\/media?parent=4056"}],"curies":[{"name":"wp","href":"https:\/\/api.w.org\/{rel}","templated":true}]}}