{"id":4004,"date":"2025-09-03T12:37:25","date_gmt":"2025-09-03T10:37:25","guid":{"rendered":"https:\/\/strangercam.com\/?page_id=4004"},"modified":"2025-09-03T13:39:32","modified_gmt":"2025-09-03T11:39:32","slug":"videohovor-s-cizimi-lidmi","status":"publish","type":"page","link":"https:\/\/strangercam.com\/cs\/video-call-strangers\/","title":{"rendered":"Videohovor Cizinci"},"content":{"rendered":"<p>Hledali jste nejlep\u0161\u00ed zp\u016fsob, jak volat ciz\u00edm lidem p\u0159es video? Nejste sami. Ka\u017ed\u00fd m\u011bs\u00edc miliony lid\u00ed vyhled\u00e1vaj\u00ed platformy pro okam\u017eit\u00e9 videohovory, kde se mohou setkat s n\u00e1hodn\u00fdmi lidmi, nav\u00e1zat nov\u00e1 p\u0159\u00e1telstv\u00ed, nez\u00e1vazn\u011b flirtovat nebo si jen kr\u00e1tit \u010das. Na rozd\u00edl od seznamovac\u00edch aplikac\u00ed nebo soci\u00e1ln\u00edch s\u00edt\u00ed, kter\u00e9 mohou p\u016fsobit pomalu nebo fale\u0161n\u011b, je videohovor s nezn\u00e1m\u00fdmi lidmi spont\u00e1nn\u00ed, skute\u010dn\u00fd a vzru\u0161uj\u00edc\u00ed.<\/p>\n<p>D\u00edky platform\u00e1m, jako je StrangerCam, si m\u016f\u017eete kdykoli zdarma u\u017e\u00edvat videohovory s ciz\u00edmi lidmi - bez registrace, bez stahov\u00e1n\u00ed a bez skryt\u00fdch n\u00e1klad\u016f. Je to jeden z nejjednodu\u0161\u0161\u00edch a nejz\u00e1bavn\u011bj\u0161\u00edch zp\u016fsob\u016f, jak se spojit tv\u00e1\u0159\u00ed v tv\u00e1\u0159 s lidmi z cel\u00e9ho sv\u011bta.<\/p>\n<p>Tento pr\u016fvodce v\u00e1m vysv\u011btl\u00ed v\u0161e, co pot\u0159ebujete v\u011bd\u011bt: co znamen\u00e1 videohovor s ciz\u00edmi lidmi, pro\u010d je tak popul\u00e1rn\u00ed, jak funguje, kter\u00e9 funkce jsou nejd\u016fle\u017eit\u011bj\u0161\u00ed, srovn\u00e1n\u00ed nejlep\u0161\u00edch platforem, bezpe\u010dnostn\u00ed tipy a pro\u010d je StrangerCam jedn\u00edm z nejlep\u0161\u00edch m\u00edst pro videohovory s ciz\u00edmi lidmi v roce 2025.<\/p>\n<h2>Co znamen\u00e1 \"videohovor s ciz\u00edmi lidmi\"?<\/h2>\n<p>P\u0159i videohovorech s ciz\u00edmi lidmi se okam\u017eit\u011b spoj\u00edte s n\u00e1hodn\u00fdmi lidmi prost\u0159ednictv\u00edm \u017eiv\u00e9 webov\u00e9 kamery a zvuku. <a href=\"https:\/\/strangercam.com\/cs\/chathub\/\">chat<\/a>. Na rozd\u00edl od textov\u00fdch platforem videohovory zaji\u0161\u0165uj\u00ed, \u017ee hovo\u0159\u00edte se skute\u010dnou osobou v re\u00e1ln\u00e9m \u010dase.<\/p>\n<p>Nepot\u0159ebujete \u017e\u00e1dn\u00e9 \u00fa\u010dty, profily ani nekone\u010dn\u00e9 proch\u00e1zen\u00ed. Sta\u010d\u00ed stisknout tla\u010d\u00edtko a stanete tv\u00e1\u0159\u00ed v tv\u00e1\u0159 n\u011bkomu nov\u00e9mu. Pokud chat nen\u00ed to, co hled\u00e1te, stiskn\u011bte tla\u010d\u00edtko Dal\u0161\u00ed a okam\u017eit\u011b p\u0159ejd\u011bte k dal\u0161\u00ed osob\u011b.<\/p>\n<h2>Pro\u010d lid\u00e9 miluj\u00ed bezplatn\u00e9 videohovory s ciz\u00edmi lidmi<\/h2>\n<p>Popularita bezplatn\u00e9ho videohovoru s ciz\u00edmi lidmi prudce vzrostla, proto\u017ee nab\u00edz\u00ed n\u011bco jedine\u010dn\u00e9ho:<\/p>\n<ul>\n<li>Autenti\u010dnost: D\u00edky videu je nemo\u017en\u00e9 ho zfal\u0161ovat. Okam\u017eit\u011b vid\u00edte a sly\u0161\u00edte skute\u010dnou osobu.<\/li>\n<li>Spont\u00e1nnost: Ka\u017ed\u00fd chat je p\u0159ekvapen\u00edm. Nikdy nev\u00edte, kdo je na \u0159ad\u011b.<\/li>\n<li>\u017d\u00e1dn\u00fd z\u00e1vazek: \u017d\u00e1dn\u00e9 registrace, \u017e\u00e1dn\u00e9 profily - jen rychl\u00e9 a okam\u017eit\u00e9 spojen\u00ed.<\/li>\n<li>Glob\u00e1ln\u00ed dosah: Potk\u00e1vejte se s cizinci po cel\u00e9m sv\u011bt\u011b, 24 hodin denn\u011b, 7 dn\u00ed v t\u00fddnu.<\/li>\n<li>P\u0159\u00e1telstv\u00ed a flirtov\u00e1n\u00ed: N\u011bkte\u0159\u00ed lid\u00e9 ji pou\u017e\u00edvaj\u00ed k navazov\u00e1n\u00ed nov\u00fdch p\u0159\u00e1telstv\u00ed, jin\u00ed k lehk\u00e9mu flirtov\u00e1n\u00ed.<\/li>\n<li>Rychl\u00e1 z\u00e1bava: Je to ide\u00e1ln\u00ed prost\u0159edek k zahn\u00e1n\u00ed nudy nebo zpest\u0159en\u00ed dne.<\/li>\n<\/ul>\n<h2>Jak funguje videohovor s cizincem?<\/h2>\n<p>Pou\u017eit\u00ed platformy pro videohovory s ciz\u00edmi lidmi je rychl\u00e9 a jednoduch\u00e9:<\/p>\n<ol>\n<li>Otev\u0159ete platformu (desktopov\u00fd nebo mobiln\u00ed prohl\u00ed\u017ee\u010d).<\/li>\n<li>Povolen\u00ed p\u0159\u00edstupu ke kame\u0159e a mikrofonu.<\/li>\n<li>Kliknut\u00edm na tla\u010d\u00edtko \"Start Chat\" se okam\u017eit\u011b spoj\u00edte s n\u00e1hodnou osobou.<\/li>\n<li>Mluvte tv\u00e1\u0159\u00ed v tv\u00e1\u0159 v re\u00e1ln\u00e9m \u010dase.<\/li>\n<li>Kdykoli se chcete sezn\u00e1mit s n\u011bk\u00fdm nov\u00fdm, klikn\u011bte na tla\u010d\u00edtko \"Dal\u0161\u00ed\".<\/li>\n<\/ol>\n<p>N\u011bkter\u00e9 weby nab\u00edzej\u00ed tak\u00e9 funkce, jako jsou filtry podle pohlav\u00ed, v\u00fdb\u011br zem\u011b a dokonce i p\u0159eklad v chatu.<\/p>\n<h2>Nejd\u016fle\u017eit\u011bj\u0161\u00ed funkce, kter\u00e9 je t\u0159eba hledat<\/h2>\n<p>Ne ka\u017ed\u00e1 platforma nab\u00edzej\u00edc\u00ed videohovory s ciz\u00edmi lidmi stoj\u00ed za v\u00e1\u0161 \u010das. Tady je, na co byste se m\u011bli zam\u011b\u0159it:<\/p>\n<h3>1. Skute\u010dn\u011b voln\u00fd p\u0159\u00edstup<\/h3>\n<p>Vyhn\u011bte se str\u00e1nk\u00e1m, kter\u00e9 se prohla\u0161uj\u00ed za bezplatn\u00e9, ale omezuj\u00ed funkce za placen\u00fdmi zdmi.<\/p>\n<h3>2. Nen\u00ed nutn\u00e1 registrace<\/h3>\n<p>M\u011bli byste b\u00fdt schopni chatovat okam\u017eit\u011b bez registrace.<\/p>\n<h3>3. Filtry pohlav\u00ed a lokality<\/h3>\n<p>To je u\u017eite\u010dn\u00e9, pokud se chcete sezn\u00e1mit s ur\u010dit\u00fdmi typy lid\u00ed.<\/p>\n<h3>4. Bezpe\u010dn\u00e9 moderov\u00e1n\u00ed<\/h3>\n<p>Platformy s n\u00e1stroji pro pod\u00e1v\u00e1n\u00ed zpr\u00e1v a moderov\u00e1n\u00ed nab\u00edzej\u00ed bezpe\u010dn\u011bj\u0161\u00ed prost\u0159ed\u00ed.<\/p>\n<h3>5. Zku\u0161enosti s mobiln\u00edmi za\u0159\u00edzen\u00edmi<\/h3>\n<p>Ujist\u011bte se, \u017ee platforma funguje na chytr\u00fdch telefonech i stoln\u00edch po\u010d\u00edta\u010d\u00edch.<\/p>\n<h3>6. Vysoce kvalitn\u00ed video a zvuk<\/h3>\n<p>D\u00edky jasn\u00fdm souvislostem je konverzace p\u0159irozen\u00e1 a p\u0159\u00edjemn\u00e1.<\/p>\n<h2>Nejlep\u0161\u00ed platformy pro videohovory s ciz\u00edmi lidmi v roce 2025<\/h2>\n<p>Zde je srovn\u00e1n\u00ed nejlep\u0161\u00edch platforem pro videohovory s ciz\u00edmi lidmi:<\/p>\n<table>\n<thead>\n<tr>\n<th>Platforma<\/th>\n<th align=\"center\">Voln\u00fd p\u0159\u00edstup<\/th>\n<th align=\"center\">Filtr podle pohlav\u00ed<\/th>\n<th align=\"center\">Pot\u0159ebn\u00e1 registrace<\/th>\n<th align=\"center\">Mobiln\u00ed podpora<\/th>\n<th align=\"center\">Moderov\u00e1n\u00ed<\/th>\n<th>Pozn\u00e1mky<\/th>\n<\/tr>\n<\/thead>\n<tbody>\n<tr>\n<td>StrangerCam<\/td>\n<td align=\"center\">\u2705<\/td>\n<td align=\"center\">\u2705 (zdarma)<\/td>\n<td align=\"center\">\u274c<\/td>\n<td align=\"center\">\u2705<\/td>\n<td align=\"center\">\u2705<\/td>\n<td>Nejlep\u0161\u00ed celkov\u00e1 volba, skute\u010dn\u011b zdarma<\/td>\n<\/tr>\n<tr>\n<td><a href=\"https:\/\/strangercam.com\/cs\/chatroulette\/\">Chatroulette<\/a><\/td>\n<td align=\"center\">\u2705<\/td>\n<td align=\"center\">\u274c (Placen\u00e9)<\/td>\n<td align=\"center\">\u274c<\/td>\n<td align=\"center\">\u2705<\/td>\n<td align=\"center\">\u2705<\/td>\n<td>Klasick\u00fd, ale uzam\u010den\u00fd genderov\u00fd filtr<\/td>\n<\/tr>\n<tr>\n<td>Chatrandom<\/td>\n<td align=\"center\">\u2705<\/td>\n<td align=\"center\">\u274c (Placen\u00e9)<\/td>\n<td align=\"center\">\u274c<\/td>\n<td align=\"center\">\u2705<\/td>\n<td align=\"center\">\u2705<\/td>\n<td>Velk\u00e1 u\u017eivatelsk\u00e1 z\u00e1kladna, ale upgrady jsou tla\u010deny<\/td>\n<\/tr>\n<tr>\n<td><a href=\"https:\/\/strangercam.com\/cs\/ometv\/\">OmeTV<\/a><\/td>\n<td align=\"center\">\u2705<\/td>\n<td align=\"center\">\u274c<\/td>\n<td align=\"center\">\u274c<\/td>\n<td align=\"center\">\u2705<\/td>\n<td align=\"center\">\u2705<\/td>\n<td>Pouze n\u00e1hodn\u011b, k dispozici mobiln\u00ed aplikace<\/td>\n<\/tr>\n<tr>\n<td>Shagle<\/td>\n<td align=\"center\">\u2705<\/td>\n<td align=\"center\">\u274c (Placen\u00e9)<\/td>\n<td align=\"center\">\u274c<\/td>\n<td align=\"center\">\u2705<\/td>\n<td align=\"center\">\u2705<\/td>\n<td>Bezplatn\u00e9 chaty, placen\u00e9 pr\u00e9miov\u00e9 funkce<\/td>\n<\/tr>\n<tr>\n<td><a href=\"https:\/\/strangercam.com\/cs\/coomeet\/\">CooMeet<\/a><\/td>\n<td align=\"center\">\u274c (zku\u0161ebn\u00ed verze)<\/td>\n<td align=\"center\">\u2705<\/td>\n<td align=\"center\">\u2705<\/td>\n<td align=\"center\">\u2705<\/td>\n<td align=\"center\">\u2705<\/td>\n<td>Placen\u00e9 po kr\u00e1tk\u00e9m bezplatn\u00e9m vyzkou\u0161en\u00ed<\/td>\n<\/tr>\n<tr>\n<td>LuckyCrush<\/td>\n<td align=\"center\">\u274c<\/td>\n<td align=\"center\">\u2705<\/td>\n<td align=\"center\">\u2705<\/td>\n<td align=\"center\">\u2705<\/td>\n<td align=\"center\">\u2705<\/td>\n<td>V\u017edy placen\u00fd chat podle pohlav\u00ed<\/td>\n<\/tr>\n<\/tbody>\n<\/table>\n<p>StrangerCam je jednou z m\u00e1la platforem, kter\u00e9 nab\u00edzej\u00ed bezplatn\u00e9 videohovory s ciz\u00edmi lidmi s funk\u010dn\u00edm genderov\u00fdm filtrem, bez registrace a s neomezen\u00fdm pou\u017eit\u00edm.<\/p>\n<h2>Pro\u010d je StrangerCam nejlep\u0161\u00ed volbou<\/h2>\n<p>Tady je d\u016fvod, pro\u010d je StrangerCam nejlep\u0161\u00ed platformou pro videohovory s ciz\u00edmi lidmi v roce 2025:<\/p>\n<h3>1. 100% Zdarma a neomezen\u011b<\/h3>\n<p>\u017d\u00e1dn\u00e9 kredity, \u017e\u00e1dn\u00e1 omezen\u00ed - jen bezplatn\u00e9 videohovory.<\/p>\n<h3>2. Voln\u00fd filtr pohlav\u00ed<\/h3>\n<p>Vyberte si, s k\u00fdm chcete mluvit - s kluky, s holkami nebo s ob\u011bma - bez placen\u00ed.<\/p>\n<h3>3. Nen\u00ed nutn\u00e1 registrace<\/h3>\n<p>Z\u016fsta\u0148te v anonymit\u011b a okam\u017eit\u011b se p\u0159ipojte.<\/p>\n<h3>4. Bezpe\u010dn\u00e9 a moderovan\u00e9<\/h3>\n<p>Aktivn\u00ed moderov\u00e1n\u00ed a n\u00e1stroje pro nahla\u0161ov\u00e1n\u00ed udr\u017euj\u00ed komunitu p\u0159\u00e1telskou.<\/p>\n<h3>5. Glob\u00e1ln\u00ed u\u017eivatelsk\u00e1 z\u00e1kladna<\/h3>\n<p>Kdykoli se m\u016f\u017eete setkat s cizinci z v\u00edce ne\u017e 100 zem\u00ed.<\/p>\n<h3>6. Funguje na v\u0161ech za\u0159\u00edzen\u00edch<\/h3>\n<p>Optimalizov\u00e1no pro mobiln\u00ed i stoln\u00ed po\u010d\u00edta\u010de.<\/p>\n<h2>Zku\u0161enosti skute\u010dn\u00fdch u\u017eivatel\u016f<\/h2>\n<blockquote><p><em>\"Cht\u011bl jsem web, kde bych mohl videotelefonovat ciz\u00edm lidem, ani\u017e by m\u011b podvedli. StrangerCam byla prvn\u00ed platforma, kter\u00e1 byla skute\u010dn\u011b zdarma.\"<\/em><br \/>\n- Josh, 27 let<\/p><\/blockquote>\n<blockquote><p><em>\"L\u00edb\u00ed se mi, \u017ee se nemus\u00edm registrovat. Sta\u010d\u00ed kliknout na za\u010d\u00e1tek a jsem ve spojen\u00ed se skute\u010dn\u00fdmi lidmi.\"<\/em><br \/>\n- Isabella, 22 let<\/p><\/blockquote>\n<blockquote><p><em>\"Genderov\u00fd filtr skute\u010dn\u011b funguje, ani\u017e byste museli platit nav\u00edc. Kone\u010dn\u011b str\u00e1nka, kter\u00e1 spl\u0148uje, co slibuje.\"<\/em><br \/>\n- Liam, 29 let<\/p><\/blockquote>\n<blockquote><p><em>\"Rychl\u00e9, snadn\u00e9 a z\u00e1bavn\u00e9. B\u011bhem jedin\u00e9ho ve\u010dera jsem se sezn\u00e1mila s lidmi z cel\u00e9ho sv\u011bta.\"<\/em><br \/>\n- Sofie, 24 let<\/p><\/blockquote>\n<h2>Bezpe\u010dnostn\u00ed tipy pro videohovory s ciz\u00edmi lidmi<\/h2>\n<p>Videohovory s nezn\u00e1m\u00fdmi lidmi jsou sice z\u00e1bavn\u00e9, ale v\u017edy byste m\u011bli z\u016fstat v bezpe\u010d\u00ed:<\/p>\n<ul>\n<li>Nesd\u011blujte osobn\u00ed \u00fadaje, jako je va\u0161e jm\u00e9no, adresa nebo telefonn\u00ed \u010d\u00edslo.<\/li>\n<li>Neklikejte na odkazy od ciz\u00edch lid\u00ed.<\/li>\n<li>Pokud se v\u00e1m chat zd\u00e1 nep\u0159\u00edjemn\u00fd, pou\u017eijte tla\u010d\u00edtko \"Dal\u0161\u00ed\".<\/li>\n<li>P\u0159ed zapnut\u00edm webov\u00e9 kamery zkontrolujte pozad\u00ed.<\/li>\n<li>Dr\u017ete se bezpe\u010dnostn\u00edch n\u00e1stroj\u016f platformy (blokov\u00e1n\u00ed\/nahl\u00e1\u0161en\u00ed).<\/li>\n<li>Respektujte v\u011bkov\u00e9 omezen\u00ed - nepou\u017e\u00edvejte platformy pro dosp\u011bl\u00e9, pokud je v\u00e1m m\u00e9n\u011b ne\u017e 18 let.<\/li>\n<\/ul>\n<h2>Jak za\u010d\u00edt - krok za krokem<\/h2>\n<p>Zah\u00e1jen\u00ed videohovoru s ciz\u00edmi lidmi trv\u00e1 m\u00e9n\u011b ne\u017e minutu:<\/p>\n<ol>\n<li>Otev\u0159ete StrangerCam v prohl\u00ed\u017ee\u010di nebo v mobilu.<\/li>\n<li>Povolen\u00ed p\u0159\u00edstupu k webov\u00e9 kame\u0159e a mikrofonu.<\/li>\n<li>Vyberte preference (nap\u0159\u00edklad filtry pohlav\u00ed).<\/li>\n<li>Kliknut\u00edm na tla\u010d\u00edtko Spustit chat se okam\u017eit\u011b p\u0159ipoj\u00edte.<\/li>\n<li>Chcete-li se sezn\u00e1mit s n\u011bk\u00fdm nov\u00fdm, stiskn\u011bte kdykoli tla\u010d\u00edtko Dal\u0161\u00ed.<\/li>\n<\/ol>\n<p>To je v\u0161e - rychl\u00e9, jednoduch\u00e9 a zdarma.<\/p>\n<h2>Z\u00e1v\u011bre\u010dn\u00e9 my\u0161lenky - vyzkou\u0161ejte bezplatn\u00e9 videohovory s ciz\u00edmi lidmi je\u0161t\u011b dnes<\/h2>\n<p>V roce 2025 je jedn\u00edm z nejjednodu\u0161\u0161\u00edch zp\u016fsob\u016f, jak se sezn\u00e1mit s nov\u00fdmi lidmi, videohovor s nezn\u00e1m\u00fdmi lidmi online. Je to spont\u00e1nn\u00ed, vzru\u0161uj\u00edc\u00ed a okam\u017eit\u011b v\u00e1m to umo\u017en\u00ed nav\u00e1zat skute\u010dn\u00e9 kontakty.<\/p>\n<p>Ale ne ka\u017ed\u00e1 platforma je takov\u00e1. Mnoho web\u016f skr\u00fdv\u00e1 z\u00e1kladn\u00ed funkce za placen\u00fdmi zdmi nebo pln\u00ed sv\u00e9 chaty roboty. Proto je StrangerCam tou nejlep\u0161\u00ed volbou: je bezplatn\u00e1, bezpe\u010dn\u00e1, anonymn\u00ed a pln\u00e1 lid\u00ed z cel\u00e9ho sv\u011bta p\u0159ipraven\u00fdch nav\u00e1zat kontakt.<\/p>\n<p>Jste p\u0159ipraveni poznat n\u011bkoho nov\u00e9ho? Za\u010dn\u011bte bezplatn\u00fd videohovor s nezn\u00e1m\u00fdmi lidmi je\u0161t\u011b dnes a zjist\u011bte, koho potk\u00e1te p\u0159\u00ed\u0161t\u011b.<\/p>","protected":false},"excerpt":{"rendered":"<p>Have you been looking for the best way to video call strangers? You\u2019re not alone. Every month, millions of people search for instant video call platforms where they can meet random people, make new friends, flirt casually, or simply pass the time. Unlike dating apps or social networks, which can feel slow or fake, a [&hellip;]<\/p>\n","protected":false},"author":8,"featured_media":0,"parent":0,"menu_order":0,"comment_status":"closed","ping_status":"closed","template":"","meta":{"footnotes":""},"class_list":["post-4004","page","type-page","status-publish","hentry"],"yoast_head":"<!-- This site is optimized with the Yoast SEO plugin v27.4 - https:\/\/yoast.com\/product\/yoast-seo-wordpress\/ -->\n<title>Video Call Strangers on Strangercam.com<\/title>\n<meta name=\"description\" content=\"Liking Video Call Strangers? Join millions on StrangerCam.com! Start a random video chat, turn on your cam, and meet strangers instantly.\" \/>\n<meta name=\"robots\" content=\"index, follow, max-snippet:-1, max-image-preview:large, max-video-preview:-1\" \/>\n<link rel=\"canonical\" href=\"https:\/\/strangercam.com\/cs\/videohovor-s-cizimi-lidmi\/\" \/>\n<meta property=\"og:locale\" content=\"cs_CZ\" \/>\n<meta property=\"og:type\" content=\"article\" \/>\n<meta property=\"og:title\" content=\"Video Call Strangers on Strangercam.com\" \/>\n<meta property=\"og:description\" content=\"Liking Video Call Strangers? Join millions on StrangerCam.com! Start a random video chat, turn on your cam, and meet strangers instantly.\" \/>\n<meta property=\"og:url\" content=\"https:\/\/strangercam.com\/cs\/videohovor-s-cizimi-lidmi\/\" \/>\n<meta property=\"og:site_name\" content=\"Strangercam\" \/>\n<meta property=\"article:publisher\" content=\"https:\/\/www.facebook.com\/strangercam\" \/>\n<meta property=\"article:modified_time\" content=\"2025-09-03T11:39:32+00:00\" \/>\n<meta property=\"og:image\" content=\"https:\/\/strangercam.com\/wp-content\/uploads\/2021\/10\/Untitled-2.png\" \/>\n\t<meta property=\"og:image:width\" content=\"800\" \/>\n\t<meta property=\"og:image:height\" content=\"532\" \/>\n\t<meta property=\"og:image:type\" content=\"image\/png\" \/>\n<meta name=\"twitter:card\" content=\"summary_large_image\" \/>\n<meta name=\"twitter:site\" content=\"@strangercamapp\" \/>\n<meta name=\"twitter:label1\" content=\"Odhadovan\u00e1 doba \u010dten\u00ed\" \/>\n\t<meta name=\"twitter:data1\" content=\"5 minut\" \/>\n<script type=\"application\/ld+json\" class=\"yoast-schema-graph\">{\"@context\":\"https:\\\/\\\/schema.org\",\"@graph\":[{\"@type\":\"WebPage\",\"@id\":\"https:\\\/\\\/strangercam.com\\\/video-call-strangers\\\/\",\"url\":\"https:\\\/\\\/strangercam.com\\\/video-call-strangers\\\/\",\"name\":\"Video Call Strangers on Strangercam.com\",\"isPartOf\":{\"@id\":\"https:\\\/\\\/strangercam.com\\\/#website\"},\"datePublished\":\"2025-09-03T10:37:25+00:00\",\"dateModified\":\"2025-09-03T11:39:32+00:00\",\"description\":\"Liking Video Call Strangers? Join millions on StrangerCam.com! Start a random video chat, turn on your cam, and meet strangers instantly.\",\"breadcrumb\":{\"@id\":\"https:\\\/\\\/strangercam.com\\\/video-call-strangers\\\/#breadcrumb\"},\"inLanguage\":\"cs\",\"potentialAction\":[{\"@type\":\"ReadAction\",\"target\":[\"https:\\\/\\\/strangercam.com\\\/video-call-strangers\\\/\"]}]},{\"@type\":\"BreadcrumbList\",\"@id\":\"https:\\\/\\\/strangercam.com\\\/video-call-strangers\\\/#breadcrumb\",\"itemListElement\":[{\"@type\":\"ListItem\",\"position\":1,\"name\":\"Home\",\"item\":\"https:\\\/\\\/strangercam.com\\\/\"},{\"@type\":\"ListItem\",\"position\":2,\"name\":\"Video Call Strangers\"}]},{\"@type\":\"WebSite\",\"@id\":\"https:\\\/\\\/strangercam.com\\\/#website\",\"url\":\"https:\\\/\\\/strangercam.com\\\/\",\"name\":\"Strangercam\",\"description\":\"Random Video Chat with Strangers\",\"publisher\":{\"@id\":\"https:\\\/\\\/strangercam.com\\\/#organization\"},\"alternateName\":\"Strangercam.com\",\"potentialAction\":[{\"@type\":\"SearchAction\",\"target\":{\"@type\":\"EntryPoint\",\"urlTemplate\":\"https:\\\/\\\/strangercam.com\\\/?s={search_term_string}\"},\"query-input\":{\"@type\":\"PropertyValueSpecification\",\"valueRequired\":true,\"valueName\":\"search_term_string\"}}],\"inLanguage\":\"cs\"},{\"@type\":\"Organization\",\"@id\":\"https:\\\/\\\/strangercam.com\\\/#organization\",\"name\":\"Strangercam\",\"alternateName\":\"Strangercam.com\",\"url\":\"https:\\\/\\\/strangercam.com\\\/\",\"logo\":{\"@type\":\"ImageObject\",\"inLanguage\":\"cs\",\"@id\":\"https:\\\/\\\/strangercam.com\\\/#\\\/schema\\\/logo\\\/image\\\/\",\"url\":\"https:\\\/\\\/strangercam.com\\\/wp-content\\\/uploads\\\/2020\\\/11\\\/cropped-new-favicon-black.png\",\"contentUrl\":\"https:\\\/\\\/strangercam.com\\\/wp-content\\\/uploads\\\/2020\\\/11\\\/cropped-new-favicon-black.png\",\"width\":512,\"height\":512,\"caption\":\"Strangercam\"},\"image\":{\"@id\":\"https:\\\/\\\/strangercam.com\\\/#\\\/schema\\\/logo\\\/image\\\/\"},\"sameAs\":[\"https:\\\/\\\/www.facebook.com\\\/strangercam\",\"https:\\\/\\\/x.com\\\/strangercamapp\"]}]}<\/script>\n<!-- \/ Yoast SEO plugin. -->","yoast_head_json":{"title":"Videohovor Cizinci na Strangercam.com","description":"L\u00edb\u00ed se v\u00e1m videohovory s ciz\u00edmi lidmi? Join miliony na StrangerCam.com! Spus\u0165te n\u00e1hodn\u00fd videochat, zapn\u011bte kameru a okam\u017eit\u011b se seznamte s ciz\u00edmi lidmi.","robots":{"index":"index","follow":"follow","max-snippet":"max-snippet:-1","max-image-preview":"max-image-preview:large","max-video-preview":"max-video-preview:-1"},"canonical":"https:\/\/strangercam.com\/cs\/videohovor-s-cizimi-lidmi\/","og_locale":"cs_CZ","og_type":"article","og_title":"Video Call Strangers on Strangercam.com","og_description":"Liking Video Call Strangers? Join millions on StrangerCam.com! Start a random video chat, turn on your cam, and meet strangers instantly.","og_url":"https:\/\/strangercam.com\/cs\/videohovor-s-cizimi-lidmi\/","og_site_name":"Strangercam","article_publisher":"https:\/\/www.facebook.com\/strangercam","article_modified_time":"2025-09-03T11:39:32+00:00","og_image":[{"width":800,"height":532,"url":"https:\/\/strangercam.com\/wp-content\/uploads\/2021\/10\/Untitled-2.png","type":"image\/png"}],"twitter_card":"summary_large_image","twitter_site":"@strangercamapp","twitter_misc":{"Odhadovan\u00e1 doba \u010dten\u00ed":"5 minut"},"schema":{"@context":"https:\/\/schema.org","@graph":[{"@type":"WebPage","@id":"https:\/\/strangercam.com\/video-call-strangers\/","url":"https:\/\/strangercam.com\/video-call-strangers\/","name":"Videohovor Cizinci na Strangercam.com","isPartOf":{"@id":"https:\/\/strangercam.com\/#website"},"datePublished":"2025-09-03T10:37:25+00:00","dateModified":"2025-09-03T11:39:32+00:00","description":"L\u00edb\u00ed se v\u00e1m videohovory s ciz\u00edmi lidmi? Join miliony na StrangerCam.com! Spus\u0165te n\u00e1hodn\u00fd videochat, zapn\u011bte kameru a okam\u017eit\u011b se seznamte s ciz\u00edmi lidmi.","breadcrumb":{"@id":"https:\/\/strangercam.com\/video-call-strangers\/#breadcrumb"},"inLanguage":"cs","potentialAction":[{"@type":"ReadAction","target":["https:\/\/strangercam.com\/video-call-strangers\/"]}]},{"@type":"BreadcrumbList","@id":"https:\/\/strangercam.com\/video-call-strangers\/#breadcrumb","itemListElement":[{"@type":"ListItem","position":1,"name":"Home","item":"https:\/\/strangercam.com\/"},{"@type":"ListItem","position":2,"name":"Video Call Strangers"}]},{"@type":"WebSite","@id":"https:\/\/strangercam.com\/#website","url":"https:\/\/strangercam.com\/","name":"Strangercam","description":"N\u00e1hodn\u00fd videochat s ciz\u00edmi lidmi","publisher":{"@id":"https:\/\/strangercam.com\/#organization"},"alternateName":"Strangercam.com","potentialAction":[{"@type":"SearchAction","target":{"@type":"EntryPoint","urlTemplate":"https:\/\/strangercam.com\/?s={search_term_string}"},"query-input":{"@type":"PropertyValueSpecification","valueRequired":true,"valueName":"search_term_string"}}],"inLanguage":"cs"},{"@type":"Organization","@id":"https:\/\/strangercam.com\/#organization","name":"Strangercam","alternateName":"Strangercam.com","url":"https:\/\/strangercam.com\/","logo":{"@type":"ImageObject","inLanguage":"cs","@id":"https:\/\/strangercam.com\/#\/schema\/logo\/image\/","url":"https:\/\/strangercam.com\/wp-content\/uploads\/2020\/11\/cropped-new-favicon-black.png","contentUrl":"https:\/\/strangercam.com\/wp-content\/uploads\/2020\/11\/cropped-new-favicon-black.png","width":512,"height":512,"caption":"Strangercam"},"image":{"@id":"https:\/\/strangercam.com\/#\/schema\/logo\/image\/"},"sameAs":["https:\/\/www.facebook.com\/strangercam","https:\/\/x.com\/strangercamapp"]}]}},"_links":{"self":[{"href":"https:\/\/strangercam.com\/cs\/wp-json\/wp\/v2\/pages\/4004","targetHints":{"allow":["GET"]}}],"collection":[{"href":"https:\/\/strangercam.com\/cs\/wp-json\/wp\/v2\/pages"}],"about":[{"href":"https:\/\/strangercam.com\/cs\/wp-json\/wp\/v2\/types\/page"}],"author":[{"embeddable":true,"href":"https:\/\/strangercam.com\/cs\/wp-json\/wp\/v2\/users\/8"}],"replies":[{"embeddable":true,"href":"https:\/\/strangercam.com\/cs\/wp-json\/wp\/v2\/comments?post=4004"}],"version-history":[{"count":2,"href":"https:\/\/strangercam.com\/cs\/wp-json\/wp\/v2\/pages\/4004\/revisions"}],"predecessor-version":[{"id":12995,"href":"https:\/\/strangercam.com\/cs\/wp-json\/wp\/v2\/pages\/4004\/revisions\/12995"}],"wp:attachment":[{"href":"https:\/\/strangercam.com\/cs\/wp-json\/wp\/v2\/media?parent=4004"}],"curies":[{"name":"wp","href":"https:\/\/api.w.org\/{rel}","templated":true}]}}