{"id":3987,"date":"2025-08-28T17:34:41","date_gmt":"2025-08-28T15:34:41","guid":{"rendered":"https:\/\/strangercam.com\/?page_id=3987"},"modified":"2025-09-03T13:32:08","modified_gmt":"2025-09-03T11:32:08","slug":"mluvit-s-cizinci-online-video","status":"publish","type":"page","link":"https:\/\/strangercam.com\/cs\/talk-to-strangers-online-video\/","title":{"rendered":"Mluvit s ciz\u00edmi lidmi online Video"},"content":{"rendered":"<p>Hled\u00e1te nejlep\u0161\u00ed zp\u016fsob, jak mluvit s ciz\u00edmi lidmi online ve stylu videa? Nejste jedin\u00ed. Ka\u017ed\u00fd den miliony lid\u00ed sko\u010d\u00ed na n\u00e1hodn\u00e9 <a href=\"https:\/\/strangercam.com\/cs\/chathub\/\">chat<\/a> platformy pro osobn\u00ed kontakt s nov\u00fdmi lidmi po cel\u00e9m sv\u011bt\u011b. Na rozd\u00edl od soci\u00e1ln\u00edch m\u00e9di\u00ed nebo seznamovac\u00edch aplikac\u00ed, kde konverzace \u010dasto p\u016fsob\u00ed zinscenovan\u011b nebo trv\u00e1, ne\u017e za\u010dne, je \u017eiv\u00fd videochat s ciz\u00edmi lidmi okam\u017eit\u00fd, autentick\u00fd a vzru\u0161uj\u00edc\u00ed.<\/p>\n<p>D\u00edky modern\u00edm platform\u00e1m, jako je StrangerCam, m\u016f\u017eete ihned za\u010d\u00edt bezplatn\u00fd online videochat s ciz\u00edmi lidmi - bez registrace, stahov\u00e1n\u00ed a skryt\u00fdch poplatk\u016f. A\u0165 u\u017e se chcete sp\u0159\u00e1telit, procvi\u010dit si jazyk, u\u017e\u00edt si nez\u00e1vazn\u00fd flirt nebo prost\u011b jen p\u0159ekonat nudu, konverzace s ciz\u00edmi lidmi prost\u0159ednictv\u00edm videa nikdy nebyla jednodu\u0161\u0161\u00ed a bezpe\u010dn\u011bj\u0161\u00ed.<\/p>\n<p>Tento pr\u016fvodce v\u00e1m vysv\u011btl\u00ed v\u0161e, co pot\u0159ebujete v\u011bd\u011bt o online videochatech s ciz\u00edmi lidmi: jak funguj\u00ed, pro\u010d se staly tak obl\u00edben\u00fdmi, jak\u00e9 funkce jsou nejd\u016fle\u017eit\u011bj\u0161\u00ed, bezpe\u010dnostn\u00ed tipy, srovn\u00e1n\u00ed platforem a pro\u010d je StrangerCam jednou z nejlep\u0161\u00edch voleb pro rok 2025.<\/p>\n<h2>Co znamen\u00e1 \"Talk to Strangers Online Video\"?<\/h2>\n<p>Kdy\u017e mluv\u00edte s ciz\u00edmi lidmi online ve stylu videa, pou\u017e\u00edv\u00e1te webovou kameru a mikrofon k okam\u017eit\u00e9mu spojen\u00ed s n\u00e1hodn\u00fdmi lidmi p\u0159es internet. Na rozd\u00edl od textov\u00fdch chat\u016f nebo soci\u00e1ln\u00edch platforem nab\u00edz\u00ed tento form\u00e1t konverzaci s ciz\u00edmi lidmi v re\u00e1ln\u00e9m \u010dase tv\u00e1\u0159\u00ed v tv\u00e1\u0159 - poskytuje v\u00e1m tak mnohem autenti\u010dt\u011bj\u0161\u00ed a spont\u00e1nn\u011bj\u0161\u00ed z\u00e1\u017eitek.<\/p>\n<p>Nam\u00edsto nekone\u010dn\u00e9ho swipov\u00e1n\u00ed v seznamovac\u00edch aplikac\u00edch nebo \u010dek\u00e1n\u00ed na odpov\u011bdi na soci\u00e1ln\u00edch s\u00edt\u00edch stisknete tla\u010d\u00edtko a s n\u011bk\u00fdm se sezn\u00e1m\u00edte okam\u017eit\u011b. M\u016f\u017ee to b\u00fdt n\u011bkdo z va\u0161\u00ed zem\u011b nebo cizinec z druh\u00e9ho konce sv\u011bta. Ka\u017ed\u00e1 konverzace je p\u0159ekvapen\u00edm.<\/p>\n<h2>Pro\u010d lid\u00e9 miluj\u00ed bezplatn\u00e9 online videochaty s ciz\u00edmi lidmi<\/h2>\n<p>Vzestup bezplatn\u00fdch platforem pro online videa s ciz\u00edmi lidmi je obrovsk\u00fd - a to z dobr\u00e9ho d\u016fvodu. Zde je d\u016fvod, pro\u010d se u\u017eivatel\u00e9 st\u00e1le vracej\u00ed:<\/p>\n<ul>\n<li>Skute\u010dn\u00e9 lidsk\u00e9 spojen\u00ed: Video dokazuje, \u017ee mluv\u00edte se skute\u010dn\u00fdm \u010dlov\u011bkem, nikoli s fale\u0161n\u00fdm profilem nebo botem.<\/li>\n<li>Vzru\u0161uj\u00edc\u00ed a spont\u00e1nn\u00ed: Ka\u017ed\u00fd chat je nep\u0159edv\u00eddateln\u00fd - vtipn\u00fd, p\u0159\u00e1telsk\u00fd, flirtuj\u00edc\u00ed nebo n\u011bkdy hlubok\u00fd.<\/li>\n<li>\u017d\u00e1dn\u00e9 p\u0159ek\u00e1\u017eky: \u017d\u00e1dn\u00e1 registrace, \u017e\u00e1dn\u00e9 profily, \u017e\u00e1dn\u00e9 \u010dek\u00e1n\u00ed - jen okam\u017eit\u00e9 p\u0159ipojen\u00ed.<\/li>\n<li>Kulturn\u00ed v\u00fdm\u011bna: Seznamte se s lidmi z r\u016fzn\u00fdch zem\u00ed a poznejte jejich \u017eivotn\u00ed styl.<\/li>\n<li>\u00daleva od osam\u011blosti: Pro mnoh\u00e9 je to rychl\u00fd zp\u016fsob, jak se c\u00edtit ve spojen\u00ed a p\u0159ekonat nudu.<\/li>\n<li>Svoboda volby: Pokud se v\u00e1m n\u011bkdo nel\u00edb\u00ed, jedn\u00edm kliknut\u00edm p\u0159ejdete do dal\u0161\u00edho chatu.<\/li>\n<\/ul>\n<h2>Jak funguje online komunikace s ciz\u00edmi lidmi prost\u0159ednictv\u00edm videa?<\/h2>\n<p>Proces je navr\u017een tak, aby byl rychl\u00fd a snadn\u00fd:<\/p>\n<ol>\n<li>Otev\u0159ete platformu (mobiln\u00ed nebo desktopovou).<\/li>\n<li>Na v\u00fdzvu povolte p\u0159\u00edstup ke kame\u0159e a mikrofonu.<\/li>\n<li>Kliknut\u00edm na tla\u010d\u00edtko \"Start Chat\" se okam\u017eit\u011b spoj\u00edte s n\u00e1hodn\u00fdm cizincem.<\/li>\n<li>Mluvte \u017eiv\u011b na videu. Pokud se v\u00e1m chat nel\u00edb\u00ed, stiskn\u011bte tla\u010d\u00edtko \"Dal\u0161\u00ed\".<\/li>\n<li>Opakujte to donekone\u010dna - po\u010det lid\u00ed, se kter\u00fdmi se m\u016f\u017eete setkat, je neomezen\u00fd.<\/li>\n<\/ol>\n<p>N\u011bkter\u00e9 platformy zahrnuj\u00ed i dal\u0161\u00ed funkce, jako jsou filtry podle pohlav\u00ed, porovn\u00e1v\u00e1n\u00ed polohy, a dokonce i vestav\u011bn\u00e9 p\u0159ekladov\u00e9 n\u00e1stroje pro konverzace v r\u016fzn\u00fdch jazyc\u00edch.<\/p>\n<h2>Nejd\u016fle\u017eit\u011bj\u0161\u00ed funkce, kter\u00e9 je t\u0159eba hledat<\/h2>\n<p>Pokud chcete m\u00edt p\u0159i online videohovorech s ciz\u00edmi lidmi co nejlep\u0161\u00ed z\u00e1\u017eitek, sledujte tyto funkce:<\/p>\n<h3>1. Skute\u010dn\u011b voln\u00fd p\u0159\u00edstup<\/h3>\n<p>Nejlep\u0161\u00ed platformy v\u00e1m umo\u017en\u00ed chatovat, ani\u017e by v\u00e1s nutily k odb\u011bru.<\/p>\n<h3>2. Nen\u00ed nutn\u00e1 registrace<\/h3>\n<p>Z\u016fsta\u0148te v anonymit\u011b a pus\u0165te se rovnou do z\u00e1bavy bez \u00fa\u010dt\u016f a p\u0159ihla\u0161ov\u00e1n\u00ed.<\/p>\n<h3>3. Filtry pohlav\u00ed a lokality<\/h3>\n<p>To je u\u017eite\u010dn\u00e9, pokud se chcete setkat s ur\u010dit\u00fdmi typy lid\u00ed (nap\u0159\u00edklad chatovat pouze s d\u00edvkami nebo cizinci z va\u0161\u00ed zem\u011b).<\/p>\n<h3>4. Moderace a bezpe\u010dnostn\u00ed kontroly<\/h3>\n<p>Aktivn\u00ed moder\u00e1to\u0159i a n\u00e1stroje pro nahla\u0161ov\u00e1n\u00ed pom\u00e1haj\u00ed chr\u00e1nit prostor p\u0159ed nevhodn\u00fdm chov\u00e1n\u00edm.<\/p>\n<h3>5. Design vhodn\u00fd pro mobiln\u00ed za\u0159\u00edzen\u00ed<\/h3>\n<p>M\u011blo by b\u00fdt mo\u017en\u00e9 se snadno p\u0159ipojit z telefonu, nejen z po\u010d\u00edta\u010de.<\/p>\n<h3>6. Vysoce kvalitn\u00ed video<\/h3>\n<p>D\u00edky plynul\u00e9mu a \u010dist\u00e9mu videu jsou konverzace p\u0159irozen\u011bj\u0161\u00ed a p\u0159\u00edjemn\u011bj\u0161\u00ed.<\/p>\n<h2>Nejlep\u0161\u00ed platformy pro online komunikaci s ciz\u00edmi lidmi prost\u0159ednictv\u00edm videa v roce 2025<\/h2>\n<p>Zde je srovn\u00e1n\u00ed n\u011bkter\u00fdch nejobl\u00edben\u011bj\u0161\u00edch platforem:<\/p>\n<table>\n<thead>\n<tr>\n<th>Platforma<\/th>\n<th align=\"center\">Voln\u00fd p\u0159\u00edstup<\/th>\n<th align=\"center\">Filtr podle pohlav\u00ed<\/th>\n<th align=\"center\">Pot\u0159ebn\u00e1 registrace<\/th>\n<th align=\"center\">Mobiln\u00ed podpora<\/th>\n<th align=\"center\">Moderov\u00e1n\u00ed<\/th>\n<th>Pozn\u00e1mky<\/th>\n<\/tr>\n<\/thead>\n<tbody>\n<tr>\n<td>StrangerCam<\/td>\n<td align=\"center\">\u2705<\/td>\n<td align=\"center\">\u2705 (zdarma)<\/td>\n<td align=\"center\">\u274c<\/td>\n<td align=\"center\">\u2705<\/td>\n<td align=\"center\">\u2705<\/td>\n<td>Nejlep\u0161\u00ed celkov\u00e1 volba, bezpe\u010dn\u00e1 a skute\u010dn\u011b bezplatn\u00e1<\/td>\n<\/tr>\n<tr>\n<td><a href=\"https:\/\/strangercam.com\/cs\/chatroulette\/\">Chatroulette<\/a><\/td>\n<td align=\"center\">\u2705<\/td>\n<td align=\"center\">\u274c (Placen\u00e9)<\/td>\n<td align=\"center\">\u274c<\/td>\n<td align=\"center\">\u2705<\/td>\n<td align=\"center\">\u2705<\/td>\n<td>Klasick\u00fd, ale uzam\u010den\u00fd genderov\u00fd filtr<\/td>\n<\/tr>\n<tr>\n<td>Chatrandom<\/td>\n<td align=\"center\">\u2705<\/td>\n<td align=\"center\">\u274c (Placen\u00e9)<\/td>\n<td align=\"center\">\u274c<\/td>\n<td align=\"center\">\u2705<\/td>\n<td align=\"center\">\u2705<\/td>\n<td>Velk\u00e1 u\u017eivatelsk\u00e1 z\u00e1kladna, ale je t\u0159eba aktualizace<\/td>\n<\/tr>\n<tr>\n<td><a href=\"https:\/\/strangercam.com\/cs\/ometv\/\">OmeTV<\/a><\/td>\n<td align=\"center\">\u2705<\/td>\n<td align=\"center\">\u274c<\/td>\n<td align=\"center\">\u274c<\/td>\n<td align=\"center\">\u2705<\/td>\n<td align=\"center\">\u2705<\/td>\n<td>Pouze n\u00e1hodn\u00fd v\u00fdb\u011br na z\u00e1klad\u011b aplikace<\/td>\n<\/tr>\n<tr>\n<td>Shagle<\/td>\n<td align=\"center\">\u2705<\/td>\n<td align=\"center\">\u274c (Placen\u00e9)<\/td>\n<td align=\"center\">\u274c<\/td>\n<td align=\"center\">\u2705<\/td>\n<td align=\"center\">\u2705<\/td>\n<td>Bezplatn\u00e9 chaty, ale pr\u00e9miov\u00e9 upgrady se prosazuj\u00ed<\/td>\n<\/tr>\n<tr>\n<td><a href=\"https:\/\/strangercam.com\/cs\/coomeet\/\">CooMeet<\/a><\/td>\n<td align=\"center\">\u274c (zku\u0161ebn\u00ed verze)<\/td>\n<td align=\"center\">\u2705<\/td>\n<td align=\"center\">\u2705<\/td>\n<td align=\"center\">\u2705<\/td>\n<td align=\"center\">\u2705<\/td>\n<td>Zaplaceno po n\u011bkolika bezplatn\u00fdch chatech<\/td>\n<\/tr>\n<tr>\n<td>LuckyCrush<\/td>\n<td align=\"center\">\u274c<\/td>\n<td align=\"center\">\u2705<\/td>\n<td align=\"center\">\u2705<\/td>\n<td align=\"center\">\u2705<\/td>\n<td align=\"center\">\u2705<\/td>\n<td>V\u017edy placen\u00e9, genderov\u011b podm\u00edn\u011bn\u00e9 spojen\u00ed<\/td>\n<\/tr>\n<\/tbody>\n<\/table>\n<p>StrangerCam je jednou z m\u00e1la platforem, kter\u00e1 nab\u00edz\u00ed bezplatn\u00e9 a neomezen\u00e9 online videochaty s ciz\u00edmi lidmi a funk\u010dn\u00ed genderov\u00fd filtr bez nutnosti registrace.<\/p>\n<h2>Pro\u010d je StrangerCam nejlep\u0161\u00edm m\u00edstem pro online komunikaci s ciz\u00edmi lidmi?<\/h2>\n<p>Tady je d\u016fvod, pro\u010d je StrangerCam v roce 2025 jednou z nejlep\u0161\u00edch platforem pro online komunikaci s ciz\u00edmi lidmi prost\u0159ednictv\u00edm videa:<\/p>\n<h3>1. Zcela zdarma a neomezen\u011b<\/h3>\n<p>\u017d\u00e1dn\u00e9 skryt\u00e9 n\u00e1klady, zku\u0161ebn\u00ed verze ani kreditn\u00ed syst\u00e9my - m\u016f\u017eete chatovat, jak dlouho chcete.<\/p>\n<h3>2. Skute\u010dn\u00fd genderov\u00fd filtr, kter\u00fd je zdarma<\/h3>\n<p>Na rozd\u00edl od v\u011bt\u0161iny konkurent\u016f v\u00e1m StrangerCam umo\u017e\u0148uje vybrat si d\u00edvky, kluky nebo oboj\u00ed bez placen\u00ed.<\/p>\n<h3>3. Nen\u00ed nutn\u00e1 registrace<\/h3>\n<p>P\u0159ejd\u011bte rovnou k z\u00e1bav\u011b, ani\u017e byste si museli vytv\u00e1\u0159et \u00fa\u010det.<\/p>\n<h3>4. Bezpe\u010dn\u00e9 a moderovan\u00e9<\/h3>\n<p>D\u00edky spolehliv\u00fdm syst\u00e9m\u016fm hl\u00e1\u0161en\u00ed a \u017eiv\u00e9mu moderov\u00e1n\u00ed pat\u0159\u00ed k bezpe\u010dn\u011bj\u0161\u00edm mo\u017enostem.<\/p>\n<h3>5. Glob\u00e1ln\u00ed u\u017eivatelsk\u00e1 z\u00e1kladna<\/h3>\n<p>Seznamte se s cizinci z v\u00edce ne\u017e 100 zem\u00ed, kdykoli, 24 hodin denn\u011b, 7 dn\u00ed v t\u00fddnu.<\/p>\n<h3>6. Funguje v\u0161ude<\/h3>\n<p>Je optimalizovan\u00e1 pro po\u010d\u00edta\u010de i mobiln\u00ed za\u0159\u00edzen\u00ed, tak\u017ee m\u016f\u017eete chatovat i na cest\u00e1ch.<\/p>\n<h2>Zku\u0161enosti skute\u010dn\u00fdch u\u017eivatel\u016f<\/h2>\n<blockquote><p><em>\"Cht\u011bl jsem jen m\u00edsto, kde bych mohl mluvit s ciz\u00edmi lidmi online ve stylu videa, bez placen\u00fdch stahov\u00e1n\u00ed. P\u0159esn\u011b to mi StrangerCam poskytl - rychle, z\u00e1bavn\u011b a zdarma.\"<\/em><br \/>\n- Daniel, 28 let<\/p><\/blockquote>\n<blockquote><p><em>\"Potkala jsem tu lidi z mnoha r\u016fzn\u00fdch zem\u00ed. Je to n\u00e1vykov\u00e9 a skv\u011bl\u00fd zp\u016fsob, jak tr\u00e1vit ve\u010dery.\"<\/em><br \/>\n- Sophia, 24 let<\/p><\/blockquote>\n<blockquote><p><em>\"Kone\u010dn\u011b str\u00e1nka, kde genderov\u00fd filtr skute\u010dn\u011b funguje, ani\u017e byste museli platit. V\u0159ele doporu\u010duji.\"<\/em><br \/>\n- Ryan, 32 let<\/p><\/blockquote>\n<blockquote><p><em>\"Je to bezpe\u010dn\u011bj\u0161\u00ed ne\u017e jin\u00e9 platformy, kter\u00e9 jsem vyzkou\u0161el. Moderov\u00e1n\u00ed je solidn\u00ed a pokud se mi nel\u00edb\u00ed atmosf\u00e9ra, mohu ji okam\u017eit\u011b p\u0159esko\u010dit.\"<\/em><br \/>\n- Lea, 21 let<\/p><\/blockquote>\n<h2>Bezpe\u010dnostn\u00ed tipy pro komunikaci s ciz\u00edmi lidmi na internetu<\/h2>\n<p>Online videochaty jsou sice z\u00e1bavn\u00e9, ale v\u017edy d\u00e1vejte p\u0159ednost bezpe\u010dnosti:<\/p>\n<ul>\n<li>Nesd\u011blujte osobn\u00ed \u00fadaje (adresu, cel\u00e9 jm\u00e9no, telefonn\u00ed \u010d\u00edslo).<\/li>\n<li>P\u0159esko\u010dte nebo zablokujte ka\u017ed\u00e9ho, kdo v\u00e1m je nep\u0159\u00edjemn\u00fd.<\/li>\n<li>Nikdy neklikejte na odkazy zaslan\u00e9 ciz\u00edmi lidmi.<\/li>\n<li>Pou\u017eijte neutr\u00e1ln\u00ed pozad\u00ed, abyste neodhalili soukrom\u00e9 \u00fadaje.<\/li>\n<li>Dr\u017ete se n\u00e1stroj\u016f platformy - v p\u0159\u00edpad\u011b pot\u0159eby pou\u017e\u00edvejte funkce pro vytv\u00e1\u0159en\u00ed zpr\u00e1v.<\/li>\n<li>Respektujte v\u011bkov\u00e1 omezen\u00ed - pokud je v\u00e1m m\u00e9n\u011b ne\u017e 18 let, nepou\u017e\u00edvejte n\u00e1hodn\u00e9 chatovac\u00ed str\u00e1nky pro dosp\u011bl\u00e9.<\/li>\n<\/ul>\n<h2>Jak za\u010d\u00edt - krok za krokem<\/h2>\n<p>Za\u010d\u00edt mluvit s ciz\u00edmi lidmi prost\u0159ednictv\u00edm videa trv\u00e1 m\u00e9n\u011b ne\u017e minutu:<\/p>\n<ol>\n<li>Otev\u0159ete StrangerCam v prohl\u00ed\u017ee\u010di.<\/li>\n<li>Povolen\u00ed p\u0159\u00edstupu ke kame\u0159e a mikrofonu.<\/li>\n<li>Vyberte preference (nap\u0159\u00edklad filtr pohlav\u00ed).<\/li>\n<li>Kliknut\u00edm na tla\u010d\u00edtko Start Chat se okam\u017eit\u011b setk\u00e1te s prvn\u00edm cizincem.<\/li>\n<li>Kliknut\u00edm na tla\u010d\u00edtko Dal\u0161\u00ed kdykoli zah\u00e1j\u00edte novou konverzaci.<\/li>\n<\/ol>\n<p>To je v\u0161e - rychl\u00e9, snadn\u00e9 a zcela zdarma.<\/p>\n<h2>\u010casto kladen\u00e9 ot\u00e1zky<\/h2>\n<h3>Je opravdu zdarma mluvit s ciz\u00edmi lidmi online prost\u0159ednictv\u00edm videa?<\/h3>\n<p>Ano. Platformy jako StrangerCam nab\u00edzej\u00ed neomezen\u00e9 chaty zdarma bez skryt\u00fdch poplatk\u016f.<\/p>\n<h3>Mus\u00edm se zaregistrovat?<\/h3>\n<p>Ne, slu\u017eba StrangerCam nevy\u017eaduje \u00fa\u010det ani p\u0159ihl\u00e1\u0161en\u00ed.<\/p>\n<h3>Jsou cizinci skute\u010dn\u00ed?<\/h3>\n<p>Ano. P\u0159i \u017eiv\u00e9m videu mluv\u00edte se skute\u010dn\u00fdmi lidmi, ne s roboty nebo fale\u0161n\u00fdmi \u00fa\u010dty.<\/p>\n<h3>Mohu ji pou\u017e\u00edvat v telefonu?<\/h3>\n<p>Ano, aplikace StrangerCam funguje perfektn\u011b na po\u010d\u00edta\u010d\u00edch i mobiln\u00edch za\u0159\u00edzen\u00edch.<\/p>\n<h3>Je to bezpe\u010dn\u00e9?<\/h3>\n<p>Ano, za p\u0159edpokladu, \u017ee dodr\u017eujete z\u00e1kladn\u00ed bezpe\u010dnostn\u00ed pokyny a pou\u017e\u00edv\u00e1te funkce hl\u00e1\u0161en\u00ed na StrangerCam.<\/p>\n<h2>Z\u00e1v\u011bre\u010dn\u00e9 my\u0161lenky - Vyzkou\u0161ejte bezplatn\u00fd online videochat s ciz\u00edmi lidmi je\u0161t\u011b dnes<\/h2>\n<p>V roce 2025 je nejjednodu\u0161\u0161\u00edm zp\u016fsobem, jak se sezn\u00e1mit s nov\u00fdmi lidmi online, mluvit s ciz\u00edmi lidmi prost\u0159ednictv\u00edm videochatu. Je to spont\u00e1nn\u00ed, autentick\u00e9 a bezplatn\u00e9 - d\u00e1v\u00e1 v\u00e1m to mo\u017enost okam\u017eit\u011b nav\u00e1zat kontakt se skute\u010dn\u00fdmi lidmi po cel\u00e9m sv\u011bt\u011b.<\/p>\n<p>Ale ne ka\u017ed\u00e1 platforma je takov\u00e1. Mnoh\u00e9 z nich skr\u00fdvaj\u00ed funkce za paywallem nebo sv\u00e9 str\u00e1nky zapl\u0148uj\u00ed roboty. Proto je dnes StrangerCam jednou z nejlep\u0161\u00edch voleb: je bezplatn\u00e1, bezpe\u010dn\u00e1, anonymn\u00ed a otev\u0159en\u00e1 24 hodin denn\u011b, 7 dn\u00ed v t\u00fddnu s glob\u00e1ln\u00ed komunitou, kter\u00e1 \u010dek\u00e1, a\u017e se s v\u00e1mi setk\u00e1.<\/p>\n<p>Jste p\u0159ipraveni se p\u0159ipojit? Za\u010dn\u011bte bezplatn\u00fd online videochat s nezn\u00e1m\u00fdmi lidmi - nikdy nev\u00edte, koho potk\u00e1te p\u0159\u00ed\u0161t\u011b.<\/p>","protected":false},"excerpt":{"rendered":"<p>Are you looking for the best way to talk to strangers online video style? You\u2019re not the only one. Every day, millions of people jump onto random chat platforms to connect face-to-face with new people across the globe. Unlike social media or dating apps, where conversations often feel staged or take time to start, live [&hellip;]<\/p>\n","protected":false},"author":8,"featured_media":0,"parent":0,"menu_order":0,"comment_status":"closed","ping_status":"closed","template":"","meta":{"footnotes":""},"class_list":["post-3987","page","type-page","status-publish","hentry"],"yoast_head":"<!-- This site is optimized with the Yoast SEO plugin v27.4 - https:\/\/yoast.com\/product\/yoast-seo-wordpress\/ -->\n<title>Talk to Strangers Online Video on Strangercam.com<\/title>\n<meta name=\"description\" content=\"Liking Talk to Strangers Online Video? Join millions on StrangerCam.com! Start a random video chat, turn on your cam, and meet strangers instantly.\" \/>\n<meta name=\"robots\" content=\"index, follow, max-snippet:-1, max-image-preview:large, max-video-preview:-1\" \/>\n<link rel=\"canonical\" href=\"https:\/\/strangercam.com\/cs\/mluvit-s-cizinci-online-video\/\" \/>\n<meta property=\"og:locale\" content=\"cs_CZ\" \/>\n<meta property=\"og:type\" content=\"article\" \/>\n<meta property=\"og:title\" content=\"Talk to Strangers Online Video on Strangercam.com\" \/>\n<meta property=\"og:description\" content=\"Liking Talk to Strangers Online Video? Join millions on StrangerCam.com! Start a random video chat, turn on your cam, and meet strangers instantly.\" \/>\n<meta property=\"og:url\" content=\"https:\/\/strangercam.com\/cs\/mluvit-s-cizinci-online-video\/\" \/>\n<meta property=\"og:site_name\" content=\"Strangercam\" \/>\n<meta property=\"article:publisher\" content=\"https:\/\/www.facebook.com\/strangercam\" \/>\n<meta property=\"article:modified_time\" content=\"2025-09-03T11:32:08+00:00\" \/>\n<meta property=\"og:image\" content=\"https:\/\/strangercam.com\/wp-content\/uploads\/2021\/10\/Untitled-2.png\" \/>\n\t<meta property=\"og:image:width\" content=\"800\" \/>\n\t<meta property=\"og:image:height\" content=\"532\" \/>\n\t<meta property=\"og:image:type\" content=\"image\/png\" \/>\n<meta name=\"twitter:card\" content=\"summary_large_image\" \/>\n<meta name=\"twitter:site\" content=\"@strangercamapp\" \/>\n<meta name=\"twitter:label1\" content=\"Odhadovan\u00e1 doba \u010dten\u00ed\" \/>\n\t<meta name=\"twitter:data1\" content=\"6 minut\" \/>\n<script type=\"application\/ld+json\" class=\"yoast-schema-graph\">{\"@context\":\"https:\\\/\\\/schema.org\",\"@graph\":[{\"@type\":\"WebPage\",\"@id\":\"https:\\\/\\\/strangercam.com\\\/talk-to-strangers-online-video\\\/\",\"url\":\"https:\\\/\\\/strangercam.com\\\/talk-to-strangers-online-video\\\/\",\"name\":\"Talk to Strangers Online Video on Strangercam.com\",\"isPartOf\":{\"@id\":\"https:\\\/\\\/strangercam.com\\\/#website\"},\"datePublished\":\"2025-08-28T15:34:41+00:00\",\"dateModified\":\"2025-09-03T11:32:08+00:00\",\"description\":\"Liking Talk to Strangers Online Video? Join millions on StrangerCam.com! Start a random video chat, turn on your cam, and meet strangers instantly.\",\"breadcrumb\":{\"@id\":\"https:\\\/\\\/strangercam.com\\\/talk-to-strangers-online-video\\\/#breadcrumb\"},\"inLanguage\":\"cs\",\"potentialAction\":[{\"@type\":\"ReadAction\",\"target\":[\"https:\\\/\\\/strangercam.com\\\/talk-to-strangers-online-video\\\/\"]}]},{\"@type\":\"BreadcrumbList\",\"@id\":\"https:\\\/\\\/strangercam.com\\\/talk-to-strangers-online-video\\\/#breadcrumb\",\"itemListElement\":[{\"@type\":\"ListItem\",\"position\":1,\"name\":\"Home\",\"item\":\"https:\\\/\\\/strangercam.com\\\/\"},{\"@type\":\"ListItem\",\"position\":2,\"name\":\"Talk to Strangers Online Video\"}]},{\"@type\":\"WebSite\",\"@id\":\"https:\\\/\\\/strangercam.com\\\/#website\",\"url\":\"https:\\\/\\\/strangercam.com\\\/\",\"name\":\"Strangercam\",\"description\":\"Random Video Chat with Strangers\",\"publisher\":{\"@id\":\"https:\\\/\\\/strangercam.com\\\/#organization\"},\"alternateName\":\"Strangercam.com\",\"potentialAction\":[{\"@type\":\"SearchAction\",\"target\":{\"@type\":\"EntryPoint\",\"urlTemplate\":\"https:\\\/\\\/strangercam.com\\\/?s={search_term_string}\"},\"query-input\":{\"@type\":\"PropertyValueSpecification\",\"valueRequired\":true,\"valueName\":\"search_term_string\"}}],\"inLanguage\":\"cs\"},{\"@type\":\"Organization\",\"@id\":\"https:\\\/\\\/strangercam.com\\\/#organization\",\"name\":\"Strangercam\",\"alternateName\":\"Strangercam.com\",\"url\":\"https:\\\/\\\/strangercam.com\\\/\",\"logo\":{\"@type\":\"ImageObject\",\"inLanguage\":\"cs\",\"@id\":\"https:\\\/\\\/strangercam.com\\\/#\\\/schema\\\/logo\\\/image\\\/\",\"url\":\"https:\\\/\\\/strangercam.com\\\/wp-content\\\/uploads\\\/2020\\\/11\\\/cropped-new-favicon-black.png\",\"contentUrl\":\"https:\\\/\\\/strangercam.com\\\/wp-content\\\/uploads\\\/2020\\\/11\\\/cropped-new-favicon-black.png\",\"width\":512,\"height\":512,\"caption\":\"Strangercam\"},\"image\":{\"@id\":\"https:\\\/\\\/strangercam.com\\\/#\\\/schema\\\/logo\\\/image\\\/\"},\"sameAs\":[\"https:\\\/\\\/www.facebook.com\\\/strangercam\",\"https:\\\/\\\/x.com\\\/strangercamapp\"]}]}<\/script>\n<!-- \/ Yoast SEO plugin. -->","yoast_head_json":{"title":"Mluvte s cizinci online video na Strangercam.com","description":"L\u00edb\u00ed se v\u00e1m Talk to Strangers Online Video? Join miliony na StrangerCam.com! Spus\u0165te n\u00e1hodn\u00fd videochat, zapn\u011bte kameru a okam\u017eit\u011b se seznamte s ciz\u00edmi lidmi.","robots":{"index":"index","follow":"follow","max-snippet":"max-snippet:-1","max-image-preview":"max-image-preview:large","max-video-preview":"max-video-preview:-1"},"canonical":"https:\/\/strangercam.com\/cs\/mluvit-s-cizinci-online-video\/","og_locale":"cs_CZ","og_type":"article","og_title":"Talk to Strangers Online Video on Strangercam.com","og_description":"Liking Talk to Strangers Online Video? Join millions on StrangerCam.com! Start a random video chat, turn on your cam, and meet strangers instantly.","og_url":"https:\/\/strangercam.com\/cs\/mluvit-s-cizinci-online-video\/","og_site_name":"Strangercam","article_publisher":"https:\/\/www.facebook.com\/strangercam","article_modified_time":"2025-09-03T11:32:08+00:00","og_image":[{"width":800,"height":532,"url":"https:\/\/strangercam.com\/wp-content\/uploads\/2021\/10\/Untitled-2.png","type":"image\/png"}],"twitter_card":"summary_large_image","twitter_site":"@strangercamapp","twitter_misc":{"Odhadovan\u00e1 doba \u010dten\u00ed":"6 minut"},"schema":{"@context":"https:\/\/schema.org","@graph":[{"@type":"WebPage","@id":"https:\/\/strangercam.com\/talk-to-strangers-online-video\/","url":"https:\/\/strangercam.com\/talk-to-strangers-online-video\/","name":"Mluvte s cizinci online video na Strangercam.com","isPartOf":{"@id":"https:\/\/strangercam.com\/#website"},"datePublished":"2025-08-28T15:34:41+00:00","dateModified":"2025-09-03T11:32:08+00:00","description":"L\u00edb\u00ed se v\u00e1m Talk to Strangers Online Video? Join miliony na StrangerCam.com! Spus\u0165te n\u00e1hodn\u00fd videochat, zapn\u011bte kameru a okam\u017eit\u011b se seznamte s ciz\u00edmi lidmi.","breadcrumb":{"@id":"https:\/\/strangercam.com\/talk-to-strangers-online-video\/#breadcrumb"},"inLanguage":"cs","potentialAction":[{"@type":"ReadAction","target":["https:\/\/strangercam.com\/talk-to-strangers-online-video\/"]}]},{"@type":"BreadcrumbList","@id":"https:\/\/strangercam.com\/talk-to-strangers-online-video\/#breadcrumb","itemListElement":[{"@type":"ListItem","position":1,"name":"Home","item":"https:\/\/strangercam.com\/"},{"@type":"ListItem","position":2,"name":"Talk to Strangers Online Video"}]},{"@type":"WebSite","@id":"https:\/\/strangercam.com\/#website","url":"https:\/\/strangercam.com\/","name":"Strangercam","description":"N\u00e1hodn\u00fd videochat s ciz\u00edmi lidmi","publisher":{"@id":"https:\/\/strangercam.com\/#organization"},"alternateName":"Strangercam.com","potentialAction":[{"@type":"SearchAction","target":{"@type":"EntryPoint","urlTemplate":"https:\/\/strangercam.com\/?s={search_term_string}"},"query-input":{"@type":"PropertyValueSpecification","valueRequired":true,"valueName":"search_term_string"}}],"inLanguage":"cs"},{"@type":"Organization","@id":"https:\/\/strangercam.com\/#organization","name":"Strangercam","alternateName":"Strangercam.com","url":"https:\/\/strangercam.com\/","logo":{"@type":"ImageObject","inLanguage":"cs","@id":"https:\/\/strangercam.com\/#\/schema\/logo\/image\/","url":"https:\/\/strangercam.com\/wp-content\/uploads\/2020\/11\/cropped-new-favicon-black.png","contentUrl":"https:\/\/strangercam.com\/wp-content\/uploads\/2020\/11\/cropped-new-favicon-black.png","width":512,"height":512,"caption":"Strangercam"},"image":{"@id":"https:\/\/strangercam.com\/#\/schema\/logo\/image\/"},"sameAs":["https:\/\/www.facebook.com\/strangercam","https:\/\/x.com\/strangercamapp"]}]}},"_links":{"self":[{"href":"https:\/\/strangercam.com\/cs\/wp-json\/wp\/v2\/pages\/3987","targetHints":{"allow":["GET"]}}],"collection":[{"href":"https:\/\/strangercam.com\/cs\/wp-json\/wp\/v2\/pages"}],"about":[{"href":"https:\/\/strangercam.com\/cs\/wp-json\/wp\/v2\/types\/page"}],"author":[{"embeddable":true,"href":"https:\/\/strangercam.com\/cs\/wp-json\/wp\/v2\/users\/8"}],"replies":[{"embeddable":true,"href":"https:\/\/strangercam.com\/cs\/wp-json\/wp\/v2\/comments?post=3987"}],"version-history":[{"count":2,"href":"https:\/\/strangercam.com\/cs\/wp-json\/wp\/v2\/pages\/3987\/revisions"}],"predecessor-version":[{"id":12981,"href":"https:\/\/strangercam.com\/cs\/wp-json\/wp\/v2\/pages\/3987\/revisions\/12981"}],"wp:attachment":[{"href":"https:\/\/strangercam.com\/cs\/wp-json\/wp\/v2\/media?parent=3987"}],"curies":[{"name":"wp","href":"https:\/\/api.w.org\/{rel}","templated":true}]}}