{"id":3970,"date":"2025-08-28T17:31:39","date_gmt":"2025-08-28T15:31:39","guid":{"rendered":"https:\/\/strangercam.com\/?page_id=3970"},"modified":"2025-09-03T13:32:00","modified_gmt":"2025-09-03T11:32:00","slug":"nahodny-webkamerovy-chat","status":"publish","type":"page","link":"https:\/\/strangercam.com\/cs\/random-webcam-chat\/","title":{"rendered":"N\u00e1hodn\u00fd chat p\u0159es webovou kameru"},"content":{"rendered":"<p>Hled\u00e1te vzru\u0161en\u00ed z n\u00e1hodn\u00e9 webov\u00e9 kamery <a href=\"https:\/\/strangercam.com\/cs\/chathub\/\">chat<\/a>? Nejste sami. Od prvn\u00edch dn\u016f <a href=\"https:\/\/strangercam.com\/cs\/omegle\/\">Omegle<\/a> a <a href=\"https:\/\/strangercam.com\/cs\/chatroulette\/\">Chatroulette<\/a>, miliony lid\u00ed objevily, jak je z\u00e1bavn\u00e9 nav\u00e1zat kontakt tv\u00e1\u0159\u00ed v tv\u00e1\u0159 s ciz\u00edmi lidmi pouh\u00fdm kliknut\u00edm na tla\u010d\u00edtko. Na rozd\u00edl od soci\u00e1ln\u00edch s\u00edt\u00ed nebo seznamovac\u00edch aplikac\u00ed, kde konverzace p\u016fsob\u00ed pl\u00e1novan\u011b nebo pomalu, je n\u00e1hodn\u00fd chat p\u0159es webovou kameru okam\u017eit\u00fd, spont\u00e1nn\u00ed a skute\u010dn\u00fd.<\/p>\n<p>V roce 2025 je d\u00edky platform\u00e1m, jako je StrangerCam, snaz\u0161\u00ed ne\u017e kdy d\u0159\u00edve vyu\u017e\u00edvat bezplatn\u00fd chat s webkamerou - bez stahov\u00e1n\u00ed, bez registrace a bez skryt\u00fdch n\u00e1klad\u016f. A\u0165 u\u017e se tu chcete sezn\u00e1mit s nov\u00fdmi p\u0159\u00e1teli, flirtovat, sd\u00edlet kulturu nebo prost\u011b jen uniknout nud\u011b, webcam chat s ciz\u00edmi lidmi je jedn\u00edm z nejzaj\u00edmav\u011bj\u0161\u00edch zp\u016fsob\u016f, jak se p\u0159ipojit online.<\/p>\n<p>Tento pr\u016fvodce v\u00e1m vysv\u011btl\u00ed v\u0161e, co pot\u0159ebujete v\u011bd\u011bt: jak funguje n\u00e1hodn\u00fd webkamerov\u00fd chat, pro\u010d ho lid\u00e9 miluj\u00ed, jak\u00e9 funkce hledat, srovn\u00e1n\u00ed nejlep\u0161\u00edch platforem, bezpe\u010dnostn\u00ed tipy a pro\u010d je dnes StrangerCam jednou z nejlep\u0161\u00edch voleb.<\/p>\n<h2>Co je n\u00e1hodn\u00fd webov\u00fd chat?<\/h2>\n<p>N\u00e1hodn\u00fd webkamerov\u00fd chat je \u017eiv\u00e9 video jeden na jednoho, kter\u00e9 v\u00e1s okam\u017eit\u011b spoj\u00ed s ciz\u00edmi lidmi po cel\u00e9m sv\u011bt\u011b pomoc\u00ed webov\u00e9 kamery a mikrofonu. Na rozd\u00edl od textov\u00fdch chat\u016f v\u00e1m chat p\u0159es webkameru umo\u017e\u0148uje interakci tv\u00e1\u0159\u00ed v tv\u00e1\u0159 v re\u00e1ln\u00e9m \u010dase.<\/p>\n<p>Proces je navr\u017een tak, aby byl rychl\u00fd a snadn\u00fd: sta\u010d\u00ed stisknout tla\u010d\u00edtko \"Start\" a b\u011bhem n\u011bkolika vte\u0159in je v\u00e1m p\u0159id\u011blen nov\u00fd partner. Pokud se v\u00e1m konverzace nel\u00edb\u00ed, stiskn\u011bte \"Dal\u0161\u00ed\" a pokra\u010dujte d\u00e1l. Ka\u017ed\u00fd chat je jedine\u010dn\u00fd - n\u011bkdy z\u00e1bavn\u00fd, n\u011bkdy koketn\u00ed, n\u011bkdy p\u0159ekvapiv\u00fd.<\/p>\n<h2>Pro\u010d lid\u00e9 miluj\u00ed bezplatn\u00fd n\u00e1hodn\u00fd webkamerov\u00fd chat<\/h2>\n<p>P\u0159ita\u017elivost bezplatn\u00e9ho n\u00e1hodn\u00e9ho chatu p\u0159es webkameru rychle roste, a zde je d\u016fvod, pro\u010d:<\/p>\n<ul>\n<li>Spont\u00e1nn\u00ed z\u00e1bava - Nikdy nev\u00edte, koho potk\u00e1te p\u0159\u00ed\u0161t\u011b.<\/li>\n<li>Autenticita - video dokazuje, \u017ee mluv\u00edte se skute\u010dnou osobou, nikoli s botem nebo fale\u0161n\u00fdm profilem.<\/li>\n<li>\u017d\u00e1dn\u00e9 registrace ani z\u00e1vazky - mnoho platforem nevy\u017eaduje \u00fa\u010dty. Sta\u010d\u00ed kliknout a chatovat.<\/li>\n<li>Global Connections - Seznamte se s lidmi z cel\u00e9ho sv\u011bta b\u011bhem n\u011bkolika sekund.<\/li>\n<li>R\u016fznorodost - ka\u017ed\u00fd chat je jin\u00fd: neform\u00e1ln\u00ed, kulturn\u00ed nebo dokonce koketn\u00ed.<\/li>\n<li>Odbour\u00e1v\u00e1n\u00ed stresu a z\u00e1bava - dokonal\u00fd zp\u016fsob, jak se uvolnit a zbavit se nudy.<\/li>\n<\/ul>\n<h2>Jak funguje n\u00e1hodn\u00fd chat p\u0159es webovou kameru?<\/h2>\n<p>Spu\u0161t\u011bn\u00ed n\u00e1hodn\u00e9ho chatu p\u0159es webovou kameru je neuv\u011b\u0159iteln\u011b jednoduch\u00e9:<\/p>\n<ol>\n<li>Otev\u0159ete platformu v po\u010d\u00edta\u010di nebo mobiln\u00edm za\u0159\u00edzen\u00ed.<\/li>\n<li>Povolen\u00ed p\u0159\u00edstupu ke kame\u0159e a mikrofonu.<\/li>\n<li>Klikn\u011bte na tla\u010d\u00edtko \"Spustit chat\". Okam\u017eit\u011b se spoj\u00edte s ciz\u00edm \u010dlov\u011bkem.<\/li>\n<li>Mluvte \u017eiv\u011b tv\u00e1\u0159\u00ed v tv\u00e1\u0159.<\/li>\n<li>Kdykoli se chcete sezn\u00e1mit s n\u011bk\u00fdm nov\u00fdm, klikn\u011bte na tla\u010d\u00edtko \"Dal\u0161\u00ed\".<\/li>\n<\/ol>\n<p>Cel\u00fd proces trv\u00e1 m\u00e9n\u011b ne\u017e minutu, co\u017e je jeden z nejjednodu\u0161\u0161\u00edch zp\u016fsob\u016f, jak se sezn\u00e1mit s nov\u00fdmi lidmi online.<\/p>\n<h2>Nejd\u016fle\u017eit\u011bj\u0161\u00ed funkce, kter\u00e9 je t\u0159eba hledat<\/h2>\n<p>Ne v\u0161echny platformy pro webkamerov\u00fd chat jsou stejn\u00e9. Chcete-li z\u00edskat nejlep\u0161\u00ed zku\u0161enosti, hledejte tyto kl\u00ed\u010dov\u00e9 funkce:<\/p>\n<h3>1. Skute\u010dn\u011b voln\u00fd p\u0159\u00edstup<\/h3>\n<p>Vyhn\u011bte se str\u00e1nk\u00e1m, kter\u00e9 tvrd\u00ed, \u017ee jsou zdarma, ale rychle v\u00e1s zatla\u010d\u00ed do placen\u00fdch zd\u00ed.<\/p>\n<h3>2. Nen\u00ed nutn\u00e1 registrace<\/h3>\n<p>Nem\u011bli byste se registrovat ani sd\u011blovat osobn\u00ed \u00fadaje, jen abyste mohli za\u010d\u00edt chatovat.<\/p>\n<h3>3. Filtry pohlav\u00ed a polohy<\/h3>\n<p>Vyberte si chat s ur\u010dit\u00fdmi typy lid\u00ed, nap\u0159\u00edklad pouze s d\u00edvkami nebo s lidmi z ur\u010dit\u00fdch zem\u00ed.<\/p>\n<h3>4. Siln\u00e9 n\u00e1stroje pro moderov\u00e1n\u00ed a pod\u00e1v\u00e1n\u00ed zpr\u00e1v<\/h3>\n<p>Ty zaji\u0161\u0165uj\u00ed bezpe\u010dnost prost\u0159ed\u00ed t\u00edm, \u017ee odstra\u0148uj\u00ed zneu\u017e\u00edvaj\u00edc\u00ed u\u017eivatele a boty.<\/p>\n<h3>5. Kompatibilita s mobiln\u00edmi za\u0159\u00edzen\u00edmi<\/h3>\n<p>Dobr\u00e1 platforma by m\u011bla bez probl\u00e9m\u016f fungovat na telefonech, tabletech i stoln\u00edch po\u010d\u00edta\u010d\u00edch.<\/p>\n<h3>6. Vysoce kvalitn\u00ed video a zvuk<\/h3>\n<p>D\u00edky jasn\u00fdm a spolehliv\u00fdm spojen\u00edm je konverzace p\u0159irozen\u011bj\u0161\u00ed a z\u00e1bavn\u011bj\u0161\u00ed.<\/p>\n<h2>Nejlep\u0161\u00ed platformy pro n\u00e1hodn\u00fd webov\u00fd chat v roce 2025<\/h2>\n<p>Zde je srovn\u00e1n\u00ed nejlep\u0161\u00edch mo\u017enost\u00ed pro u\u017eivatele, kte\u0159\u00ed hledaj\u00ed n\u00e1hodn\u00fd webkamerov\u00fd chat:<\/p>\n<table>\n<thead>\n<tr>\n<th>Platforma<\/th>\n<th align=\"center\">Voln\u00fd p\u0159\u00edstup<\/th>\n<th align=\"center\">Filtr podle pohlav\u00ed<\/th>\n<th align=\"center\">Pot\u0159ebn\u00e1 registrace<\/th>\n<th align=\"center\">Mobiln\u00ed podpora<\/th>\n<th align=\"center\">Moderov\u00e1n\u00ed<\/th>\n<th>Pozn\u00e1mky<\/th>\n<\/tr>\n<\/thead>\n<tbody>\n<tr>\n<td>StrangerCam<\/td>\n<td align=\"center\">\u2705<\/td>\n<td align=\"center\">\u2705 (zdarma)<\/td>\n<td align=\"center\">\u274c<\/td>\n<td align=\"center\">\u2705<\/td>\n<td align=\"center\">\u2705<\/td>\n<td>Nejlep\u0161\u00ed v\u0161estrann\u00e1 volba, skute\u010dn\u011b zdarma<\/td>\n<\/tr>\n<tr>\n<td>Chatroulette<\/td>\n<td align=\"center\">\u2705<\/td>\n<td align=\"center\">\u274c (Placen\u00e9)<\/td>\n<td align=\"center\">\u274c<\/td>\n<td align=\"center\">\u2705<\/td>\n<td align=\"center\">\u2705<\/td>\n<td>Klasick\u00e9, ale s placen\u00fdmi filtry<\/td>\n<\/tr>\n<tr>\n<td>Chatrandom<\/td>\n<td align=\"center\">\u2705<\/td>\n<td align=\"center\">\u274c (Placen\u00e9)<\/td>\n<td align=\"center\">\u274c<\/td>\n<td align=\"center\">\u2705<\/td>\n<td align=\"center\">\u2705<\/td>\n<td>Popul\u00e1rn\u00ed, ale aktualizace se prosazuj\u00ed<\/td>\n<\/tr>\n<tr>\n<td><a href=\"https:\/\/strangercam.com\/cs\/ometv\/\">OmeTV<\/a><\/td>\n<td align=\"center\">\u2705<\/td>\n<td align=\"center\">\u274c<\/td>\n<td align=\"center\">\u274c<\/td>\n<td align=\"center\">\u2705<\/td>\n<td align=\"center\">\u2705<\/td>\n<td>Mobiln\u00ed aplikace, pouze n\u00e1hodn\u00e1 shoda<\/td>\n<\/tr>\n<tr>\n<td>Shagle<\/td>\n<td align=\"center\">\u2705<\/td>\n<td align=\"center\">\u274c (Placen\u00e9)<\/td>\n<td align=\"center\">\u274c<\/td>\n<td align=\"center\">\u2705<\/td>\n<td align=\"center\">\u2705<\/td>\n<td>Mnoho funkc\u00ed uzam\u010den\u00fdch ve slu\u017eb\u011b Premium<\/td>\n<\/tr>\n<tr>\n<td><a href=\"https:\/\/strangercam.com\/cs\/coomeet\/\">CooMeet<\/a><\/td>\n<td align=\"center\">\u274c (zku\u0161ebn\u00ed verze)<\/td>\n<td align=\"center\">\u2705<\/td>\n<td align=\"center\">\u2705<\/td>\n<td align=\"center\">\u2705<\/td>\n<td align=\"center\">\u2705<\/td>\n<td>Placen\u00e9 po omezen\u00e9m bezplatn\u00e9m vyzkou\u0161en\u00ed<\/td>\n<\/tr>\n<tr>\n<td>LuckyCrush<\/td>\n<td align=\"center\">\u274c<\/td>\n<td align=\"center\">\u2705<\/td>\n<td align=\"center\">\u2705<\/td>\n<td align=\"center\">\u2705<\/td>\n<td align=\"center\">\u2705<\/td>\n<td>V\u017edy placen\u00e9, odpov\u00eddaj\u00edc\u00ed pohlav\u00ed<\/td>\n<\/tr>\n<\/tbody>\n<\/table>\n<p>StrangerCam vynik\u00e1 jako jedna z m\u00e1la platforem nab\u00edzej\u00edc\u00edch bezplatn\u00fd n\u00e1hodn\u00fd webkamerov\u00fd chat s funguj\u00edc\u00edmi genderov\u00fdmi filtry, bez registrace a s neomezen\u00fdm p\u0159\u00edstupem.<\/p>\n<h2>Pro\u010d je StrangerCam nejlep\u0161\u00edm m\u00edstem pro n\u00e1hodn\u00fd webkamerov\u00fd chat<\/h2>\n<p>Zde je d\u016fvod, pro\u010d je StrangerCam nejlep\u0161\u00ed volbou pro webkamerov\u00fd chat v roce 2025:<\/p>\n<h3>1. Zcela zdarma<\/h3>\n<p>Neomezen\u00e9 chaty s ciz\u00edmi lidmi, \u017e\u00e1dn\u00e9 skryt\u00e9 poplatky.<\/p>\n<h3>2. Voln\u00fd filtr pohlav\u00ed<\/h3>\n<p>Vyberte si kluky, holky nebo oboj\u00ed - bez v\u00fdplatn\u00edch p\u00e1sem.<\/p>\n<h3>3. Nen\u00ed nutn\u00e1 registrace<\/h3>\n<p>P\u0159ejd\u011bte rovnou do chatu v naprost\u00e9 anonymit\u011b.<\/p>\n<h3>4. Bezpe\u010dn\u00e9 a moderovan\u00e9<\/h3>\n<p>Robustn\u00ed reportovac\u00ed n\u00e1stroje a moder\u00e1torsk\u00e9 syst\u00e9my udr\u017euj\u00ed prostor \u010dist\u00fd a p\u0159\u00e1telsk\u00fd.<\/p>\n<h3>5. Glob\u00e1ln\u00ed spole\u010denstv\u00ed<\/h3>\n<p>Cizinci z v\u00edce ne\u017e 100 zem\u00ed jsou online 24 hodin denn\u011b, 7 dn\u00ed v t\u00fddnu.<\/p>\n<h3>6. Design vhodn\u00fd pro mobiln\u00ed za\u0159\u00edzen\u00ed<\/h3>\n<p>Optimalizov\u00e1no pro v\u0161echna za\u0159\u00edzen\u00ed - chatujte kdykoli a kdekoli.<\/p>\n<h2>Zku\u0161enosti skute\u010dn\u00fdch u\u017eivatel\u016f<\/h2>\n<blockquote><p><em>\"N\u00e1hodn\u00fd webkamerov\u00fd chat je m\u016fj obl\u00edben\u00fd zp\u016fsob, jak si po pr\u00e1ci odpo\u010dinout. D\u00edky StrangerCam je to tak snadn\u00e9 - \u017e\u00e1dn\u00e9 registrace, \u017e\u00e1dn\u00e9 nesmysly, jen bezplatn\u00e9 chaty.\"<\/em><br \/>\n- Michael, 29 let<\/p><\/blockquote>\n<blockquote><p><em>\"Genderov\u00fd filtr skute\u010dn\u011b funguje zdarma, co\u017e je vz\u00e1cn\u00e9. M\u011bl jsem n\u011bkolik skv\u011bl\u00fdch rozhovor\u016f s d\u00edvkami po cel\u00e9m sv\u011bt\u011b.\"<\/em><br \/>\n- Emma, 23 let<\/p><\/blockquote>\n<blockquote><p><em>\"Je to takov\u00e1 z\u00e1bava. V jednu chv\u00edli si pov\u00edd\u00e1m s n\u011bk\u00fdm z It\u00e1lie, za chv\u00edli s n\u011bk\u00fdm z Kanady. Nikdy nev\u00edte, co m\u016f\u017eete o\u010dek\u00e1vat.\"<\/em><br \/>\n- David, 26 let<\/p><\/blockquote>\n<blockquote><p><em>\"Zkou\u0161el jsem i jin\u00e9 weby, ale v\u011bt\u0161ina z nich po mn\u011b cht\u011bla platit. StrangerCam je jedin\u00fd, kter\u00fd dodr\u017eel sv\u016fj slib bezplatn\u00e9ho n\u00e1hodn\u00e9ho webkamerov\u00e9ho chatu.\"<\/em><br \/>\n- Sophia, 20 let<\/p><\/blockquote>\n<h2>Bezpe\u010dnostn\u00ed tipy pro n\u00e1hodn\u00fd chat p\u0159es webovou kameru<\/h2>\n<p>I kdy\u017e je chatov\u00e1n\u00ed p\u0159es webkameru z\u00e1bavn\u00e9, v\u017edy byste m\u011bli z\u016fstat v bezpe\u010d\u00ed:<\/p>\n<ul>\n<li>Nesd\u011blujte osobn\u00ed \u00fadaje, jako je telefon, e-mail nebo adresa bydli\u0161t\u011b.<\/li>\n<li>P\u0159esko\u010dte nebo zablokujte ka\u017ed\u00e9ho, kdo je v\u00e1m nep\u0159\u00edjemn\u00fd.<\/li>\n<li>Nikdy neklikejte na odkazy, kter\u00e9 ciz\u00ed lid\u00e9 sd\u00edlej\u00ed.<\/li>\n<li>Pou\u017eijte neutr\u00e1ln\u00ed pozad\u00ed, abyste neodhalili soukrom\u00e9 detaily.<\/li>\n<li>Dodr\u017eujte v\u011bkov\u00e1 pravidla - pokud je v\u00e1m m\u00e9n\u011b ne\u017e 18 let, vyhn\u011bte se chatovac\u00edm str\u00e1nk\u00e1m pro dosp\u011bl\u00e9.<\/li>\n<li>Dr\u017ete se n\u00e1stroj\u016f platformy pro nahla\u0161ov\u00e1n\u00ed nebo blokov\u00e1n\u00ed \u0161patn\u00fdch u\u017eivatel\u016f.<\/li>\n<\/ul>\n<h2>Jak za\u010d\u00edt - krok za krokem<\/h2>\n<p>Spu\u0161t\u011bn\u00ed n\u00e1hodn\u00e9ho chatu p\u0159es webovou kameru trv\u00e1 jen n\u011bkolik sekund:<\/p>\n<ol>\n<li>Otev\u0159ete StrangerCam v prohl\u00ed\u017ee\u010di.<\/li>\n<li>Povolen\u00ed p\u0159\u00edstupu k webov\u00e9 kame\u0159e a mikrofonu.<\/li>\n<li>Vyberte preference (nap\u0159\u00edklad filtr pohlav\u00ed).<\/li>\n<li>Kliknut\u00edm na tla\u010d\u00edtko Spustit chat se okam\u017eit\u011b p\u0159ipoj\u00edte.<\/li>\n<li>Chcete-li se sezn\u00e1mit s n\u011bk\u00fdm nov\u00fdm, klikn\u011bte kdykoli na tla\u010d\u00edtko Dal\u0161\u00ed.<\/li>\n<\/ol>\n<p>To je v\u0161e - rychl\u00e9, jednoduch\u00e9 a zcela zdarma.<\/p>\n<h2>\u010casto kladen\u00e9 ot\u00e1zky<\/h2>\n<h3>Je n\u00e1hodn\u00fd webkamerov\u00fd chat zdarma?<\/h3>\n<p>Ano. StrangerCam nab\u00edz\u00ed neomezen\u00fd po\u010det bezplatn\u00fdch webkamerov\u00fdch chat\u016f s ciz\u00edmi lidmi.<\/p>\n<h3>Mus\u00edm se zaregistrovat?<\/h3>\n<p>Ne. slu\u017eba StrangerCam nevy\u017eaduje \u017e\u00e1dnou registraci.<\/p>\n<h3>Jsou lid\u00e9 skute\u010dn\u00ed?<\/h3>\n<p>Ano. D\u00edky chatu p\u0159es webovou kameru jste ve spojen\u00ed se skute\u010dn\u00fdmi lidmi, nikoli s roboty.<\/p>\n<h3>Mohu ji pou\u017e\u00edvat v telefonu?<\/h3>\n<p>Ano, aplikace StrangerCam je vhodn\u00e1 pro mobiln\u00ed za\u0159\u00edzen\u00ed a funguje na v\u0161ech za\u0159\u00edzen\u00edch.<\/p>\n<h3>Je to bezpe\u010dn\u00e9?<\/h3>\n<p>Ano, pokud dodr\u017eujete bezpe\u010dnostn\u00ed pokyny a pou\u017e\u00edv\u00e1te n\u00e1stroje platformy pro hl\u00e1\u0161en\u00ed.<\/p>\n<h2>Z\u00e1v\u011bre\u010dn\u00e9 my\u0161lenky - vyzkou\u0161ejte bezplatn\u00fd n\u00e1hodn\u00fd webkamerov\u00fd chat je\u0161t\u011b dnes<\/h2>\n<p>V roce 2025 je n\u00e1hodn\u00fd webkamerov\u00fd chat st\u00e1le jedn\u00edm z nejzaj\u00edmav\u011bj\u0161\u00edch zp\u016fsob\u016f, jak se sezn\u00e1mit s nov\u00fdmi lidmi online. Je bezplatn\u00fd, spont\u00e1nn\u00ed a umo\u017e\u0148uje za\u017e\u00edt autentickou lidskou interakci v re\u00e1ln\u00e9m \u010dase.<\/p>\n<p>Ale ne ka\u017ed\u00e1 platforma je poskytuje - mnoh\u00e9 skr\u00fdvaj\u00ed filtry za placen\u00fdmi zdmi nebo zaplavuj\u00ed sv\u00e9 chaty roboty. Proto je StrangerCam tou nejlep\u0161\u00ed volbou: je zdarma, anonymn\u00ed, bezpe\u010dn\u00e1 a v\u017edy pln\u00e1 lid\u00ed p\u0159ipraven\u00fdch nav\u00e1zat kontakt.<\/p>\n<p>Jste p\u0159ipraveni to vyzkou\u0161et? Spus\u0165te bezplatn\u00fd n\u00e1hodn\u00fd webkamerov\u00fd chat je\u0161t\u011b dnes a zjist\u011bte, koho potk\u00e1te p\u0159\u00ed\u0161t\u011b.<\/p>","protected":false},"excerpt":{"rendered":"<p>Looking for the thrill of a random webcam chat? You\u2019re not alone. Since the early days of Omegle and Chatroulette, millions of people have discovered the fun of connecting face-to-face with strangers at the click of a button. Unlike social media or dating apps, where conversations feel planned or slow, random webcam chat is instant, [&hellip;]<\/p>\n","protected":false},"author":8,"featured_media":0,"parent":0,"menu_order":0,"comment_status":"closed","ping_status":"closed","template":"","meta":{"footnotes":""},"class_list":["post-3970","page","type-page","status-publish","hentry"],"yoast_head":"<!-- This site is optimized with the Yoast SEO plugin v27.4 - https:\/\/yoast.com\/product\/yoast-seo-wordpress\/ -->\n<title>Random Webcam Chat with Random Chat on Strangercam.com<\/title>\n<meta name=\"description\" content=\"Liking Random Webcam Chat? Join millions on StrangerCam.com! Start a random video chat, turn on your cam, and meet strangers instantly.\" \/>\n<meta name=\"robots\" content=\"index, follow, max-snippet:-1, max-image-preview:large, max-video-preview:-1\" \/>\n<link rel=\"canonical\" href=\"https:\/\/strangercam.com\/cs\/nahodny-webkamerovy-chat\/\" \/>\n<meta property=\"og:locale\" content=\"cs_CZ\" \/>\n<meta property=\"og:type\" content=\"article\" \/>\n<meta property=\"og:title\" content=\"Random Webcam Chat with Random Chat on Strangercam.com\" \/>\n<meta property=\"og:description\" content=\"Liking Random Webcam Chat? Join millions on StrangerCam.com! Start a random video chat, turn on your cam, and meet strangers instantly.\" \/>\n<meta property=\"og:url\" content=\"https:\/\/strangercam.com\/cs\/nahodny-webkamerovy-chat\/\" \/>\n<meta property=\"og:site_name\" content=\"Strangercam\" \/>\n<meta property=\"article:publisher\" content=\"https:\/\/www.facebook.com\/strangercam\" \/>\n<meta property=\"article:modified_time\" content=\"2025-09-03T11:32:00+00:00\" \/>\n<meta property=\"og:image\" content=\"https:\/\/strangercam.com\/wp-content\/uploads\/2021\/10\/Untitled-2.png\" \/>\n\t<meta property=\"og:image:width\" content=\"800\" \/>\n\t<meta property=\"og:image:height\" content=\"532\" \/>\n\t<meta property=\"og:image:type\" content=\"image\/png\" \/>\n<meta name=\"twitter:card\" content=\"summary_large_image\" \/>\n<meta name=\"twitter:site\" content=\"@strangercamapp\" \/>\n<meta name=\"twitter:label1\" content=\"Odhadovan\u00e1 doba \u010dten\u00ed\" \/>\n\t<meta name=\"twitter:data1\" content=\"5 minut\" \/>\n<script type=\"application\/ld+json\" class=\"yoast-schema-graph\">{\"@context\":\"https:\\\/\\\/schema.org\",\"@graph\":[{\"@type\":\"WebPage\",\"@id\":\"https:\\\/\\\/strangercam.com\\\/random-webcam-chat\\\/\",\"url\":\"https:\\\/\\\/strangercam.com\\\/random-webcam-chat\\\/\",\"name\":\"Random Webcam Chat with Random Chat on Strangercam.com\",\"isPartOf\":{\"@id\":\"https:\\\/\\\/strangercam.com\\\/#website\"},\"datePublished\":\"2025-08-28T15:31:39+00:00\",\"dateModified\":\"2025-09-03T11:32:00+00:00\",\"description\":\"Liking Random Webcam Chat? Join millions on StrangerCam.com! Start a random video chat, turn on your cam, and meet strangers instantly.\",\"breadcrumb\":{\"@id\":\"https:\\\/\\\/strangercam.com\\\/random-webcam-chat\\\/#breadcrumb\"},\"inLanguage\":\"cs\",\"potentialAction\":[{\"@type\":\"ReadAction\",\"target\":[\"https:\\\/\\\/strangercam.com\\\/random-webcam-chat\\\/\"]}]},{\"@type\":\"BreadcrumbList\",\"@id\":\"https:\\\/\\\/strangercam.com\\\/random-webcam-chat\\\/#breadcrumb\",\"itemListElement\":[{\"@type\":\"ListItem\",\"position\":1,\"name\":\"Home\",\"item\":\"https:\\\/\\\/strangercam.com\\\/\"},{\"@type\":\"ListItem\",\"position\":2,\"name\":\"Random Webcam Chat\"}]},{\"@type\":\"WebSite\",\"@id\":\"https:\\\/\\\/strangercam.com\\\/#website\",\"url\":\"https:\\\/\\\/strangercam.com\\\/\",\"name\":\"Strangercam\",\"description\":\"Random Video Chat with Strangers\",\"publisher\":{\"@id\":\"https:\\\/\\\/strangercam.com\\\/#organization\"},\"alternateName\":\"Strangercam.com\",\"potentialAction\":[{\"@type\":\"SearchAction\",\"target\":{\"@type\":\"EntryPoint\",\"urlTemplate\":\"https:\\\/\\\/strangercam.com\\\/?s={search_term_string}\"},\"query-input\":{\"@type\":\"PropertyValueSpecification\",\"valueRequired\":true,\"valueName\":\"search_term_string\"}}],\"inLanguage\":\"cs\"},{\"@type\":\"Organization\",\"@id\":\"https:\\\/\\\/strangercam.com\\\/#organization\",\"name\":\"Strangercam\",\"alternateName\":\"Strangercam.com\",\"url\":\"https:\\\/\\\/strangercam.com\\\/\",\"logo\":{\"@type\":\"ImageObject\",\"inLanguage\":\"cs\",\"@id\":\"https:\\\/\\\/strangercam.com\\\/#\\\/schema\\\/logo\\\/image\\\/\",\"url\":\"https:\\\/\\\/strangercam.com\\\/wp-content\\\/uploads\\\/2020\\\/11\\\/cropped-new-favicon-black.png\",\"contentUrl\":\"https:\\\/\\\/strangercam.com\\\/wp-content\\\/uploads\\\/2020\\\/11\\\/cropped-new-favicon-black.png\",\"width\":512,\"height\":512,\"caption\":\"Strangercam\"},\"image\":{\"@id\":\"https:\\\/\\\/strangercam.com\\\/#\\\/schema\\\/logo\\\/image\\\/\"},\"sameAs\":[\"https:\\\/\\\/www.facebook.com\\\/strangercam\",\"https:\\\/\\\/x.com\\\/strangercamapp\"]}]}<\/script>\n<!-- \/ Yoast SEO plugin. -->","yoast_head_json":{"title":"N\u00e1hodn\u00fd chat s webkamerou s n\u00e1hodn\u00fdm chatem na Strangercam.com","description":"L\u00edb\u00ed se v\u00e1m n\u00e1hodn\u00fd chat p\u0159es webovou kameru? Join miliony na StrangerCam.com! Spus\u0165te n\u00e1hodn\u00fd videochat, zapn\u011bte kameru a okam\u017eit\u011b se seznamte s ciz\u00edmi lidmi.","robots":{"index":"index","follow":"follow","max-snippet":"max-snippet:-1","max-image-preview":"max-image-preview:large","max-video-preview":"max-video-preview:-1"},"canonical":"https:\/\/strangercam.com\/cs\/nahodny-webkamerovy-chat\/","og_locale":"cs_CZ","og_type":"article","og_title":"Random Webcam Chat with Random Chat on Strangercam.com","og_description":"Liking Random Webcam Chat? Join millions on StrangerCam.com! Start a random video chat, turn on your cam, and meet strangers instantly.","og_url":"https:\/\/strangercam.com\/cs\/nahodny-webkamerovy-chat\/","og_site_name":"Strangercam","article_publisher":"https:\/\/www.facebook.com\/strangercam","article_modified_time":"2025-09-03T11:32:00+00:00","og_image":[{"width":800,"height":532,"url":"https:\/\/strangercam.com\/wp-content\/uploads\/2021\/10\/Untitled-2.png","type":"image\/png"}],"twitter_card":"summary_large_image","twitter_site":"@strangercamapp","twitter_misc":{"Odhadovan\u00e1 doba \u010dten\u00ed":"5 minut"},"schema":{"@context":"https:\/\/schema.org","@graph":[{"@type":"WebPage","@id":"https:\/\/strangercam.com\/random-webcam-chat\/","url":"https:\/\/strangercam.com\/random-webcam-chat\/","name":"N\u00e1hodn\u00fd chat s webkamerou s n\u00e1hodn\u00fdm chatem na Strangercam.com","isPartOf":{"@id":"https:\/\/strangercam.com\/#website"},"datePublished":"2025-08-28T15:31:39+00:00","dateModified":"2025-09-03T11:32:00+00:00","description":"L\u00edb\u00ed se v\u00e1m n\u00e1hodn\u00fd chat p\u0159es webovou kameru? Join miliony na StrangerCam.com! Spus\u0165te n\u00e1hodn\u00fd videochat, zapn\u011bte kameru a okam\u017eit\u011b se seznamte s ciz\u00edmi lidmi.","breadcrumb":{"@id":"https:\/\/strangercam.com\/random-webcam-chat\/#breadcrumb"},"inLanguage":"cs","potentialAction":[{"@type":"ReadAction","target":["https:\/\/strangercam.com\/random-webcam-chat\/"]}]},{"@type":"BreadcrumbList","@id":"https:\/\/strangercam.com\/random-webcam-chat\/#breadcrumb","itemListElement":[{"@type":"ListItem","position":1,"name":"Home","item":"https:\/\/strangercam.com\/"},{"@type":"ListItem","position":2,"name":"Random Webcam Chat"}]},{"@type":"WebSite","@id":"https:\/\/strangercam.com\/#website","url":"https:\/\/strangercam.com\/","name":"Strangercam","description":"N\u00e1hodn\u00fd videochat s ciz\u00edmi lidmi","publisher":{"@id":"https:\/\/strangercam.com\/#organization"},"alternateName":"Strangercam.com","potentialAction":[{"@type":"SearchAction","target":{"@type":"EntryPoint","urlTemplate":"https:\/\/strangercam.com\/?s={search_term_string}"},"query-input":{"@type":"PropertyValueSpecification","valueRequired":true,"valueName":"search_term_string"}}],"inLanguage":"cs"},{"@type":"Organization","@id":"https:\/\/strangercam.com\/#organization","name":"Strangercam","alternateName":"Strangercam.com","url":"https:\/\/strangercam.com\/","logo":{"@type":"ImageObject","inLanguage":"cs","@id":"https:\/\/strangercam.com\/#\/schema\/logo\/image\/","url":"https:\/\/strangercam.com\/wp-content\/uploads\/2020\/11\/cropped-new-favicon-black.png","contentUrl":"https:\/\/strangercam.com\/wp-content\/uploads\/2020\/11\/cropped-new-favicon-black.png","width":512,"height":512,"caption":"Strangercam"},"image":{"@id":"https:\/\/strangercam.com\/#\/schema\/logo\/image\/"},"sameAs":["https:\/\/www.facebook.com\/strangercam","https:\/\/x.com\/strangercamapp"]}]}},"_links":{"self":[{"href":"https:\/\/strangercam.com\/cs\/wp-json\/wp\/v2\/pages\/3970","targetHints":{"allow":["GET"]}}],"collection":[{"href":"https:\/\/strangercam.com\/cs\/wp-json\/wp\/v2\/pages"}],"about":[{"href":"https:\/\/strangercam.com\/cs\/wp-json\/wp\/v2\/types\/page"}],"author":[{"embeddable":true,"href":"https:\/\/strangercam.com\/cs\/wp-json\/wp\/v2\/users\/8"}],"replies":[{"embeddable":true,"href":"https:\/\/strangercam.com\/cs\/wp-json\/wp\/v2\/comments?post=3970"}],"version-history":[{"count":2,"href":"https:\/\/strangercam.com\/cs\/wp-json\/wp\/v2\/pages\/3970\/revisions"}],"predecessor-version":[{"id":12980,"href":"https:\/\/strangercam.com\/cs\/wp-json\/wp\/v2\/pages\/3970\/revisions\/12980"}],"wp:attachment":[{"href":"https:\/\/strangercam.com\/cs\/wp-json\/wp\/v2\/media?parent=3970"}],"curies":[{"name":"wp","href":"https:\/\/api.w.org\/{rel}","templated":true}]}}