{"id":3935,"date":"2025-08-28T17:19:09","date_gmt":"2025-08-28T15:19:09","guid":{"rendered":"https:\/\/strangercam.com\/?page_id=3935"},"modified":"2025-09-03T13:31:40","modified_gmt":"2025-09-03T11:31:40","slug":"bezplatny-nahodny-chat","status":"publish","type":"page","link":"https:\/\/strangercam.com\/cs\/free-random-chat\/","title":{"rendered":"Voln\u00fd n\u00e1hodn\u00fd chat"},"content":{"rendered":"<p>Hled\u00e1te nejlep\u0161\u00ed zp\u016fsob, jak si zdarma u\u017e\u00edt n\u00e1hodn\u00fd <a href=\"https:\/\/strangercam.com\/cs\/chathub\/\">chat<\/a>? Nejste sami. Miliony lid\u00ed na cel\u00e9m sv\u011bt\u011b ka\u017ed\u00fd m\u011bs\u00edc vyhled\u00e1vaj\u00ed n\u00e1hodn\u00e9 chatovac\u00ed platformy v nad\u011bji, \u017ee se okam\u017eit\u011b spoj\u00ed s nov\u00fdmi lidmi - a\u0165 u\u017e kv\u016fli z\u00e1bav\u011b, p\u0159\u00e1telstv\u00ed, kulturn\u00ed v\u00fdm\u011bn\u011b nebo nez\u00e1vazn\u00e9mu flirtu. Na rozd\u00edl od soci\u00e1ln\u00edch m\u00e9di\u00ed nebo seznamovac\u00edch aplikac\u00ed, kter\u00e9 \u010dasto vy\u017eaduj\u00ed nekone\u010dn\u00e9 swipov\u00e1n\u00ed nebo pomal\u00e9 psan\u00ed zpr\u00e1v, je bezplatn\u00fd n\u00e1hodn\u00fd chat p\u0159edev\u0161\u00edm o okam\u017eit\u00e9 konverzaci tv\u00e1\u0159\u00ed v tv\u00e1\u0159 s nezn\u00e1m\u00fdmi lidmi.<\/p>\n<p>V roce 2025 je d\u00edky platform\u00e1m, jako je StrangerCam, snadn\u00e9 zah\u00e1jit bezplatn\u00fd n\u00e1hodn\u00fd chat - bez registrace, bez stahov\u00e1n\u00ed a bez skryt\u00fdch poplatk\u016f. Sta\u010d\u00ed kliknout na tla\u010d\u00edtko a za\u010d\u00edt chatovat s n\u011bk\u00fdm nov\u00fdm odkudkoli na sv\u011bt\u011b.<\/p>\n<p>Tento pr\u016fvodce obsahuje v\u0161e, co pot\u0159ebujete v\u011bd\u011bt: co je to bezplatn\u00fd n\u00e1hodn\u00fd chat, pro\u010d je tak popul\u00e1rn\u00ed, jak funguje, jak\u00e9 funkce byste m\u011bli hledat, srovn\u00e1n\u00ed platforem, bezpe\u010dnostn\u00ed tipy a pro\u010d je dnes StrangerCam jednou z nejlep\u0161\u00edch mo\u017enost\u00ed.<\/p>\n<h2>Co je bezplatn\u00fd n\u00e1hodn\u00fd chat?<\/h2>\n<p>Bezplatn\u00fd n\u00e1hodn\u00fd chat je online slu\u017eba, kter\u00e1 v\u00e1s okam\u017eit\u011b spoj\u00ed s ciz\u00edmi lidmi pro \u017eivou konverzaci - bu\u010f prost\u0159ednictv\u00edm textu, videa, nebo oboj\u00edho. Na rozd\u00edl od tradi\u010dn\u00edch chatovac\u00edch m\u00edstnost\u00ed funguj\u00ed platformy pro n\u00e1hodn\u00fd chat v re\u00e1ln\u00e9m \u010dase a nevy\u017eaduj\u00ed profily ani registraci.<\/p>\n<p>Jednodu\u0161e se p\u0159ihl\u00e1s\u00edte (nebo se ve v\u011bt\u0161in\u011b p\u0159\u00edpad\u016f nep\u0159ihl\u00e1s\u00edte v\u016fbec), stisknete tla\u010d\u00edtko \u201cStart\u201d a okam\u017eit\u011b se spoj\u00edte s n\u00e1hodnou osobou. Pokud se v\u00e1m konverzace nel\u00edb\u00ed, sta\u010d\u00ed kliknout na tla\u010d\u00edtko \u201cDal\u0161\u00ed\u201d. <a href=\"https:\/\/strangercam.com\/cs\/coomeet\/\">Seznamte se s<\/a> n\u011bkoho nov\u00e9ho. Z\u00e1\u017eitek je spont\u00e1nn\u00ed, z\u00e1bavn\u00fd a zcela nep\u0159edv\u00eddateln\u00fd.<\/p>\n<h2>Pro\u010d lid\u00e9 miluj\u00ed bezplatn\u00fd n\u00e1hodn\u00fd chat<\/h2>\n<p>Popularita bezplatn\u00e9ho n\u00e1hodn\u00e9ho chatu v posledn\u00edm desetilet\u00ed prudce vzrostla a zde je d\u016fvod:<\/p>\n<ul>\n<li>Okam\u017eit\u00e1 z\u00e1bava: Seznamte se s nov\u00fdmi lidmi b\u011bhem n\u011bkolika sekund.<\/li>\n<li>Spont\u00e1nnost: Ka\u017ed\u00fd chat je jin\u00fd - n\u011bkdy z\u00e1bavn\u00fd, n\u011bkdy koketn\u00ed, n\u011bkdy hlubok\u00fd.<\/li>\n<li>\u017d\u00e1dn\u00e9 fale\u0161n\u00e9 profily: Videochat dokazuje, \u017ee osoba je skute\u010dn\u00e1.<\/li>\n<li>\u017d\u00e1dn\u00fd z\u00e1vazek: Nevy\u017eaduje se \u017e\u00e1dn\u00e1 registrace ani osobn\u00ed \u00fadaje.<\/li>\n<li>Glob\u00e1ln\u00ed spojen\u00ed: Chatujte s cizinci z cel\u00e9ho sv\u011bta.<\/li>\n<li>P\u0159ekonejte nudu: Z\u00e1bavn\u00fd zp\u016fsob, jak zab\u00edt \u010das a nav\u00e1zat ne\u010dekan\u00e9 kontakty.<\/li>\n<\/ul>\n<h2>Jak funguje bezplatn\u00fd n\u00e1hodn\u00fd chat?<\/h2>\n<p>1TP162Za\u0159\u00edzen\u00ed bezplatn\u00e9 platformy pro n\u00e1hodn\u00fd chat je rychl\u00e9 a snadn\u00e9:<\/p>\n<ol>\n<li>Otev\u0159ete platformu ve sv\u00e9m za\u0159\u00edzen\u00ed.<\/li>\n<li>Vyberte si re\u017eim chatu (video nebo text).<\/li>\n<li>Povolen\u00ed p\u0159\u00edstupu ke kame\u0159e a mikrofonu (pro videochat).<\/li>\n<li>Kliknut\u00edm na tla\u010d\u00edtko \"Start Chat\" se okam\u017eit\u011b spoj\u00edte s n\u00e1hodn\u00fdm cizincem.<\/li>\n<li>U\u017eijte si konverzaci. Pokud se na to nec\u00edt\u00edte, stiskn\u011bte tla\u010d\u00edtko \"Dal\u0161\u00ed\".<\/li>\n<\/ol>\n<p>Tento cyklus se m\u016f\u017ee opakovat donekone\u010dna, co\u017e v\u00e1m poskytne neomezen\u00e9 mno\u017estv\u00ed p\u0159\u00edle\u017eitost\u00ed k sezn\u00e1men\u00ed s nov\u00fdmi lidmi.<\/p>\n<h2>Nejd\u016fle\u017eit\u011bj\u0161\u00ed funkce, kter\u00e9 je t\u0159eba hledat<\/h2>\n<p>Ne v\u0161echny platformy pro n\u00e1hodn\u00fd chat jsou stejn\u00e9. Zde je popis toho, na co se zam\u011b\u0159it p\u0159i v\u00fdb\u011bru nejlep\u0161\u00ed bezplatn\u00e9 str\u00e1nky pro n\u00e1hodn\u00fd chat:<\/p>\n<h3>1. Skute\u010dn\u011b voln\u00fd p\u0159\u00edstup<\/h3>\n<p>N\u011bkter\u00e9 weby inzeruj\u00ed jako \"bezplatn\u00e9\", ale rychle v\u00e1s zatla\u010d\u00ed do placen\u00fdch zd\u00ed. Hledejte neomezen\u00fd, skute\u010dn\u00fd bezplatn\u00fd chat.<\/p>\n<h3>2. Nen\u00ed nutn\u00e1 registrace<\/h3>\n<p>Nem\u011bli byste si vytv\u00e1\u0159et \u00fa\u010det ani poskytovat osobn\u00ed \u00fadaje.<\/p>\n<h3>3. V\u00edce re\u017eim\u016f chatu<\/h3>\n<p>Mo\u017enost videochat\u016f, audiochat\u016f nebo pouze textov\u00fdch chat\u016f.<\/p>\n<h3>4. Filtry pohlav\u00ed a um\u00edst\u011bn\u00ed<\/h3>\n<p>U\u017eite\u010dn\u00e9 pro vyhled\u00e1v\u00e1n\u00ed konkr\u00e9tn\u00edch typ\u016f lid\u00ed.<\/p>\n<h3>5. Moderov\u00e1n\u00ed a bezpe\u010dnostn\u00ed n\u00e1stroje<\/h3>\n<p>Siln\u00e9 syst\u00e9my hl\u00e1\u0161en\u00ed a blokov\u00e1n\u00ed zaji\u0161\u0165uj\u00ed bezpe\u010dnost komunity.<\/p>\n<h3>6. Design vhodn\u00fd pro mobiln\u00ed za\u0159\u00edzen\u00ed<\/h3>\n<p>Nejlep\u0161\u00ed platformy funguj\u00ed na telefonech, tabletech i stoln\u00edch po\u010d\u00edta\u010d\u00edch.<\/p>\n<h2>Nejlep\u0161\u00ed bezplatn\u00e9 platformy pro n\u00e1hodn\u00fd chat v roce 2025<\/h2>\n<p>Zde je srovn\u00e1n\u00ed nejobl\u00edben\u011bj\u0161\u00edch m\u00edst pro bezplatn\u00fd n\u00e1hodn\u00fd chat:<\/p>\n<table>\n<thead>\n<tr>\n<th>Platforma<\/th>\n<th align=\"center\">Voln\u00fd p\u0159\u00edstup<\/th>\n<th align=\"center\">Re\u017eim videa<\/th>\n<th align=\"center\">Pot\u0159ebn\u00e1 registrace<\/th>\n<th align=\"center\">Filtr podle pohlav\u00ed<\/th>\n<th align=\"center\">Moderov\u00e1n\u00ed<\/th>\n<th>Pozn\u00e1mky<\/th>\n<\/tr>\n<\/thead>\n<tbody>\n<tr>\n<td>StrangerCam<\/td>\n<td align=\"center\">\u2705<\/td>\n<td align=\"center\">\u2705<\/td>\n<td align=\"center\">\u274c<\/td>\n<td align=\"center\">\u2705 (zdarma)<\/td>\n<td align=\"center\">\u2705<\/td>\n<td>Nejlep\u0161\u00ed celkov\u00e9, bezplatn\u00e9 filtry videa a pohlav\u00ed<\/td>\n<\/tr>\n<tr>\n<td><a href=\"https:\/\/strangercam.com\/cs\/chatroulette\/\">Chatroulette<\/a><\/td>\n<td align=\"center\">\u2705<\/td>\n<td align=\"center\">\u2705<\/td>\n<td align=\"center\">\u274c<\/td>\n<td align=\"center\">\u274c (Placen\u00e9)<\/td>\n<td align=\"center\">\u2705<\/td>\n<td>Klasick\u00fd, ale genderov\u00fd filtr paywalled<\/td>\n<\/tr>\n<tr>\n<td>Chatrandom<\/td>\n<td align=\"center\">\u2705<\/td>\n<td align=\"center\">\u2705<\/td>\n<td align=\"center\">\u274c<\/td>\n<td align=\"center\">\u274c (Placen\u00e9)<\/td>\n<td align=\"center\">\u2705<\/td>\n<td>Obl\u00edben\u00e9, ale uzam\u010den\u00e9 pr\u00e9miov\u00e9 funkce<\/td>\n<\/tr>\n<tr>\n<td><a href=\"https:\/\/strangercam.com\/cs\/ometv\/\">OmeTV<\/a><\/td>\n<td align=\"center\">\u2705<\/td>\n<td align=\"center\">\u2705<\/td>\n<td align=\"center\">\u274c<\/td>\n<td align=\"center\">\u274c<\/td>\n<td align=\"center\">\u2705<\/td>\n<td>Mobiln\u00ed aplikace, pouze n\u00e1hodn\u00e1<\/td>\n<\/tr>\n<tr>\n<td>Shagle<\/td>\n<td align=\"center\">\u2705<\/td>\n<td align=\"center\">\u2705<\/td>\n<td align=\"center\">\u274c<\/td>\n<td align=\"center\">\u274c (Placen\u00e9)<\/td>\n<td align=\"center\">\u2705<\/td>\n<td>Siln\u011b tla\u010den\u00e1 pr\u00e9mie<\/td>\n<\/tr>\n<tr>\n<td>Emerald Chat<\/td>\n<td align=\"center\">\u2705<\/td>\n<td align=\"center\">\u2705<\/td>\n<td align=\"center\">\u274c<\/td>\n<td align=\"center\">\u274c<\/td>\n<td align=\"center\">\u2705<\/td>\n<td>Syst\u00e9m zalo\u017een\u00fd na reputaci<\/td>\n<\/tr>\n<tr>\n<td>LuckyCrush<\/td>\n<td align=\"center\">\u274c<\/td>\n<td align=\"center\">\u2705<\/td>\n<td align=\"center\">\u2705<\/td>\n<td align=\"center\">\u2705<\/td>\n<td align=\"center\">\u2705<\/td>\n<td>V\u017edy placen\u00fd chat podle pohlav\u00ed<\/td>\n<\/tr>\n<\/tbody>\n<\/table>\n<p>StrangerCam je jednou z m\u00e1la platforem, kter\u00e1 nab\u00edz\u00ed bezplatn\u00fd n\u00e1hodn\u00fd chat s videem, skute\u010dn\u00e9 filtry pohlav\u00ed, \u017e\u00e1dn\u00e9 registrace a neomezen\u00fd p\u0159\u00edstup.<\/p>\n<h2>Pro\u010d je StrangerCam nejlep\u0161\u00ed volbou pro bezplatn\u00fd n\u00e1hodn\u00fd chat<\/h2>\n<p>StrangerCam se stala nejlep\u0161\u00edm m\u00edstem v 2025 pro u\u017eivatele, kte\u0159\u00ed cht\u011bj\u00ed zdarma n\u00e1hodn\u00fd chat. Tady je d\u016fvod:<\/p>\n<h3>1. Skute\u010dn\u011b zdarma a neomezen\u011b<\/h3>\n<p>\u017d\u00e1dn\u00e9 kredity, \u017e\u00e1dn\u00e9 zkou\u0161ky, \u017e\u00e1dn\u00e1 omezen\u00ed.<\/p>\n<h3>2. Mo\u017enosti videa a textu<\/h3>\n<p>Vyberte si, zda chcete chatovat tv\u00e1\u0159\u00ed v tv\u00e1\u0159, nebo pouze textov\u011b.<\/p>\n<h3>3. Voln\u00fd filtr pohlav\u00ed<\/h3>\n<p>Vyberte si, s k\u00fdm chcete chatovat - s mu\u017eem, \u017eenou nebo ob\u011bma - bez placen\u00ed.<\/p>\n<h3>4. Nen\u00ed nutn\u00e1 registrace<\/h3>\n<p>P\u0159i chatov\u00e1n\u00ed s ciz\u00edmi lidmi m\u016f\u017eete z\u016fstat v anonymit\u011b.<\/p>\n<h3>5. Glob\u00e1ln\u00ed spole\u010denstv\u00ed<\/h3>\n<p>Seznamte se kdykoli s lidmi z v\u00edce ne\u017e 100 zem\u00ed.<\/p>\n<h3>6. Bezpe\u010dn\u00e9 a moderovan\u00e9<\/h3>\n<p>Aktivn\u00ed moderov\u00e1n\u00ed br\u00e1n\u00ed bot\u016fm a spamu.<\/p>\n<h2>Zku\u0161enosti skute\u010dn\u00fdch u\u017eivatel\u016f<\/h2>\n<blockquote><p><em>\"Pr\u00e1v\u011b jsem hledal bezplatn\u00fd n\u00e1hodn\u00fd chat bez skryt\u00fdch n\u00e1klad\u016f. StrangerCam byla prvn\u00ed str\u00e1nka, kter\u00e1 to skute\u010dn\u011b splnila.\"<\/em><br \/>\n- Ryan, 24 let<\/p><\/blockquote>\n<blockquote><p><em>\"L\u00edb\u00ed se mi, \u017ee si mohu vybrat video nebo text. N\u011bkdy chci jen ps\u00e1t, jindy m\u00e1m chu\u0165 mluvit tv\u00e1\u0159\u00ed v tv\u00e1\u0159.\"<\/em><br \/>\n- Maria, 21 let<\/p><\/blockquote>\n<blockquote><p><em>\"Na rozd\u00edl od jin\u00fdch takzvan\u00fdch bezplatn\u00fdch str\u00e1nek zde genderov\u00fd filtr skute\u010dn\u011b funguje.\"<\/em><br \/>\n- Ethan, 28 let<\/p><\/blockquote>\n<blockquote><p><em>\"Jednoduch\u00e9, z\u00e1bavn\u00e9 a rychl\u00e9. U\u017e jsem se sezn\u00e1mila s lidmi z mnoha zem\u00ed.\"<\/em><br \/>\n- Sophie, 22 let<\/p><\/blockquote>\n<h2>Bezpe\u010dnostn\u00ed tipy pro bezplatn\u00fd n\u00e1hodn\u00fd chat<\/h2>\n<p>N\u00e1hodn\u00fd chat m\u016f\u017ee b\u00fdt z\u00e1bavn\u00fd, ale je d\u016fle\u017eit\u00e9 z\u016fstat v bezpe\u010d\u00ed:<\/p>\n<ul>\n<li>Nesd\u00edlejte osobn\u00ed \u00fadaje, jako je va\u0161e cel\u00e9 jm\u00e9no, adresa nebo telefon.<\/li>\n<li>P\u0159esko\u010dte nebo zablokujte ka\u017ed\u00e9ho, kdo je v\u00e1m nep\u0159\u00edjemn\u00fd.<\/li>\n<li>Nikdy neklikejte na podez\u0159el\u00e9 odkazy.<\/li>\n<li>Pou\u017eijte neutr\u00e1ln\u00ed pozad\u00ed, abyste neodhalili soukrom\u00e9 detaily.<\/li>\n<li>Dr\u017ete se funkc\u00ed platformy - v p\u0159\u00edpad\u011b pot\u0159eby pou\u017eijte tla\u010d\u00edtko hl\u00e1\u0161en\u00ed.<\/li>\n<li>Respektujte v\u011bkov\u00e1 pravidla - pokud je v\u00e1m m\u00e9n\u011b ne\u017e 18 let, nepou\u017e\u00edvejte chatovac\u00ed str\u00e1nky pro dosp\u011bl\u00e9.<\/li>\n<\/ul>\n<h2>Jak za\u010d\u00edt - krok za krokem<\/h2>\n<p>Spu\u0161t\u011bn\u00ed bezplatn\u00e9ho n\u00e1hodn\u00e9ho chatu trv\u00e1 m\u00e9n\u011b ne\u017e minutu:<\/p>\n<ol>\n<li>Otev\u0159ete StrangerCam ve sv\u00e9m za\u0159\u00edzen\u00ed.<\/li>\n<li>Vyberte, zda chcete videochat nebo textov\u00fd chat.<\/li>\n<li>Povolte p\u0159\u00edstup ke kame\u0159e a mikrofonu (pokud pou\u017e\u00edv\u00e1te video).<\/li>\n<li>Kliknut\u00edm na tla\u010d\u00edtko Spustit chat se okam\u017eit\u011b p\u0159ipoj\u00edte.<\/li>\n<li>Chcete-li se sezn\u00e1mit s n\u011bk\u00fdm nov\u00fdm, stiskn\u011bte kdykoli tla\u010d\u00edtko Dal\u0161\u00ed.<\/li>\n<\/ol>\n<p>Rychle, jednodu\u0161e a zdarma.<\/p>\n<h2>\u010casto kladen\u00e9 ot\u00e1zky<\/h2>\n<h3>Je bezplatn\u00fd n\u00e1hodn\u00fd chat opravdu zdarma?<\/h3>\n<p>Ano. StrangerCam nab\u00edz\u00ed neomezen\u00fd po\u010det n\u00e1hodn\u00fdch chat\u016f bez skryt\u00fdch poplatk\u016f.<\/p>\n<h3>Mus\u00edm se zaregistrovat?<\/h3>\n<p>Ne, StrangerCam nevy\u017eaduje \u017e\u00e1dn\u00fd \u00fa\u010det ani registraci.<\/p>\n<h3>Jsou lid\u00e9 skute\u010dn\u00ed?<\/h3>\n<p>Ano. P\u0159i videochatu jste v\u017edy p\u0159ipojeni ke skute\u010dn\u00fdm u\u017eivatel\u016fm.<\/p>\n<h3>Mohu ji pou\u017e\u00edvat v mobilu?<\/h3>\n<p>Ano, aplikace StrangerCam funguje bez probl\u00e9m\u016f na v\u0161ech za\u0159\u00edzen\u00edch.<\/p>\n<h3>Je to bezpe\u010dn\u00e9?<\/h3>\n<p>Ano, pokud dodr\u017eujete z\u00e1kladn\u00ed bezpe\u010dnostn\u00ed pokyny a pou\u017e\u00edv\u00e1te n\u00e1stroje StrangerCam pro moderov\u00e1n\u00ed.<\/p>\n<h2>Z\u00e1v\u011bre\u010dn\u00e9 my\u0161lenky - Vyzkou\u0161ejte bezplatn\u00fd n\u00e1hodn\u00fd chat je\u0161t\u011b dnes<\/h2>\n<p>V roce 2025 z\u016fst\u00e1v\u00e1 bezplatn\u00fd n\u00e1hodn\u00fd chat jedn\u00edm z nejjednodu\u0161\u0161\u00edch a nejz\u00e1bavn\u011bj\u0161\u00edch zp\u016fsob\u016f, jak se spojit s nov\u00fdmi lidmi online. Je spont\u00e1nn\u00ed, autentick\u00fd a dok\u00e1\u017ee v\u00e1s b\u011bhem n\u011bkolika sekund spojit s ciz\u00edmi lidmi odkudkoli na sv\u011bt\u011b.<\/p>\n<p>Ale ne ka\u017ed\u00e1 platforma je takov\u00e1. Mnoho web\u016f skr\u00fdv\u00e1 z\u00e1kladn\u00ed funkce za placen\u00fdmi zdmi nebo je zahlceno roboty. Proto je StrangerCam tou nejlep\u0161\u00ed volbou: je skute\u010dn\u011b bezplatn\u00e1, anonymn\u00ed, moderovan\u00e1 a v\u017edy pln\u00e1 lid\u00ed p\u0159ipraven\u00fdch chatovat.<\/p>\n<p>Jste p\u0159ipraveni to vyzkou\u0161et? Spus\u0165te nyn\u00ed bezplatn\u00fd n\u00e1hodn\u00fd chat a zjist\u011bte, koho potk\u00e1te p\u0159\u00ed\u0161t\u011b.<\/p>","protected":false},"excerpt":{"rendered":"<p>Are you looking for the best way to enjoy a free random chat? You\u2019re not alone. Millions of people worldwide search for random chat platforms every month, hoping to connect instantly with new people\u2014whether for fun, friendship, cultural exchange, or casual flirting. Unlike social media or dating apps, which often require endless swiping or slow [&hellip;]<\/p>\n","protected":false},"author":8,"featured_media":0,"parent":0,"menu_order":0,"comment_status":"closed","ping_status":"closed","template":"","meta":{"footnotes":""},"class_list":["post-3935","page","type-page","status-publish","hentry"],"yoast_head":"<!-- This site is optimized with the Yoast SEO plugin v27.4 - https:\/\/yoast.com\/product\/yoast-seo-wordpress\/ -->\n<title>Free Random Chat with Random Chat on Strangercam.com<\/title>\n<meta name=\"description\" content=\"Liking Free Random Chat? Join millions on StrangerCam.com! Start a random video chat, turn on your cam, and meet strangers instantly.\" \/>\n<meta name=\"robots\" content=\"index, follow, max-snippet:-1, max-image-preview:large, max-video-preview:-1\" \/>\n<link rel=\"canonical\" href=\"https:\/\/strangercam.com\/cs\/bezplatny-nahodny-chat\/\" \/>\n<meta property=\"og:locale\" content=\"cs_CZ\" \/>\n<meta property=\"og:type\" content=\"article\" \/>\n<meta property=\"og:title\" content=\"Free Random Chat with Random Chat on Strangercam.com\" \/>\n<meta property=\"og:description\" content=\"Liking Free Random Chat? Join millions on StrangerCam.com! Start a random video chat, turn on your cam, and meet strangers instantly.\" \/>\n<meta property=\"og:url\" content=\"https:\/\/strangercam.com\/cs\/bezplatny-nahodny-chat\/\" \/>\n<meta property=\"og:site_name\" content=\"Strangercam\" \/>\n<meta property=\"article:publisher\" content=\"https:\/\/www.facebook.com\/strangercam\" \/>\n<meta property=\"article:modified_time\" content=\"2025-09-03T11:31:40+00:00\" \/>\n<meta property=\"og:image\" content=\"https:\/\/strangercam.com\/wp-content\/uploads\/2021\/10\/Untitled-2.png\" \/>\n\t<meta property=\"og:image:width\" content=\"800\" \/>\n\t<meta property=\"og:image:height\" content=\"532\" \/>\n\t<meta property=\"og:image:type\" content=\"image\/png\" \/>\n<meta name=\"twitter:card\" content=\"summary_large_image\" \/>\n<meta name=\"twitter:site\" content=\"@strangercamapp\" \/>\n<meta name=\"twitter:label1\" content=\"Odhadovan\u00e1 doba \u010dten\u00ed\" \/>\n\t<meta name=\"twitter:data1\" content=\"5 minut\" \/>\n<script type=\"application\/ld+json\" class=\"yoast-schema-graph\">{\"@context\":\"https:\\\/\\\/schema.org\",\"@graph\":[{\"@type\":\"WebPage\",\"@id\":\"https:\\\/\\\/strangercam.com\\\/free-random-chat\\\/\",\"url\":\"https:\\\/\\\/strangercam.com\\\/free-random-chat\\\/\",\"name\":\"Free Random Chat with Random Chat on Strangercam.com\",\"isPartOf\":{\"@id\":\"https:\\\/\\\/strangercam.com\\\/#website\"},\"datePublished\":\"2025-08-28T15:19:09+00:00\",\"dateModified\":\"2025-09-03T11:31:40+00:00\",\"description\":\"Liking Free Random Chat? Join millions on StrangerCam.com! Start a random video chat, turn on your cam, and meet strangers instantly.\",\"breadcrumb\":{\"@id\":\"https:\\\/\\\/strangercam.com\\\/free-random-chat\\\/#breadcrumb\"},\"inLanguage\":\"cs\",\"potentialAction\":[{\"@type\":\"ReadAction\",\"target\":[\"https:\\\/\\\/strangercam.com\\\/free-random-chat\\\/\"]}]},{\"@type\":\"BreadcrumbList\",\"@id\":\"https:\\\/\\\/strangercam.com\\\/free-random-chat\\\/#breadcrumb\",\"itemListElement\":[{\"@type\":\"ListItem\",\"position\":1,\"name\":\"Home\",\"item\":\"https:\\\/\\\/strangercam.com\\\/\"},{\"@type\":\"ListItem\",\"position\":2,\"name\":\"Free Random Chat\"}]},{\"@type\":\"WebSite\",\"@id\":\"https:\\\/\\\/strangercam.com\\\/#website\",\"url\":\"https:\\\/\\\/strangercam.com\\\/\",\"name\":\"Strangercam\",\"description\":\"Random Video Chat with Strangers\",\"publisher\":{\"@id\":\"https:\\\/\\\/strangercam.com\\\/#organization\"},\"alternateName\":\"Strangercam.com\",\"potentialAction\":[{\"@type\":\"SearchAction\",\"target\":{\"@type\":\"EntryPoint\",\"urlTemplate\":\"https:\\\/\\\/strangercam.com\\\/?s={search_term_string}\"},\"query-input\":{\"@type\":\"PropertyValueSpecification\",\"valueRequired\":true,\"valueName\":\"search_term_string\"}}],\"inLanguage\":\"cs\"},{\"@type\":\"Organization\",\"@id\":\"https:\\\/\\\/strangercam.com\\\/#organization\",\"name\":\"Strangercam\",\"alternateName\":\"Strangercam.com\",\"url\":\"https:\\\/\\\/strangercam.com\\\/\",\"logo\":{\"@type\":\"ImageObject\",\"inLanguage\":\"cs\",\"@id\":\"https:\\\/\\\/strangercam.com\\\/#\\\/schema\\\/logo\\\/image\\\/\",\"url\":\"https:\\\/\\\/strangercam.com\\\/wp-content\\\/uploads\\\/2020\\\/11\\\/cropped-new-favicon-black.png\",\"contentUrl\":\"https:\\\/\\\/strangercam.com\\\/wp-content\\\/uploads\\\/2020\\\/11\\\/cropped-new-favicon-black.png\",\"width\":512,\"height\":512,\"caption\":\"Strangercam\"},\"image\":{\"@id\":\"https:\\\/\\\/strangercam.com\\\/#\\\/schema\\\/logo\\\/image\\\/\"},\"sameAs\":[\"https:\\\/\\\/www.facebook.com\\\/strangercam\",\"https:\\\/\\\/x.com\\\/strangercamapp\"]}]}<\/script>\n<!-- \/ Yoast SEO plugin. -->","yoast_head_json":{"title":"Voln\u00fd n\u00e1hodn\u00fd chat s n\u00e1hodn\u00fdm chatem na Strangercam.com","description":"L\u00edb\u00ed se v\u00e1m bezplatn\u00fd n\u00e1hodn\u00fd chat? Join miliony na StrangerCam.com! Spus\u0165te n\u00e1hodn\u00fd videochat, zapn\u011bte kameru a okam\u017eit\u011b se seznamte s ciz\u00edmi lidmi.","robots":{"index":"index","follow":"follow","max-snippet":"max-snippet:-1","max-image-preview":"max-image-preview:large","max-video-preview":"max-video-preview:-1"},"canonical":"https:\/\/strangercam.com\/cs\/bezplatny-nahodny-chat\/","og_locale":"cs_CZ","og_type":"article","og_title":"Free Random Chat with Random Chat on Strangercam.com","og_description":"Liking Free Random Chat? Join millions on StrangerCam.com! Start a random video chat, turn on your cam, and meet strangers instantly.","og_url":"https:\/\/strangercam.com\/cs\/bezplatny-nahodny-chat\/","og_site_name":"Strangercam","article_publisher":"https:\/\/www.facebook.com\/strangercam","article_modified_time":"2025-09-03T11:31:40+00:00","og_image":[{"width":800,"height":532,"url":"https:\/\/strangercam.com\/wp-content\/uploads\/2021\/10\/Untitled-2.png","type":"image\/png"}],"twitter_card":"summary_large_image","twitter_site":"@strangercamapp","twitter_misc":{"Odhadovan\u00e1 doba \u010dten\u00ed":"5 minut"},"schema":{"@context":"https:\/\/schema.org","@graph":[{"@type":"WebPage","@id":"https:\/\/strangercam.com\/free-random-chat\/","url":"https:\/\/strangercam.com\/free-random-chat\/","name":"Voln\u00fd n\u00e1hodn\u00fd chat s n\u00e1hodn\u00fdm chatem na Strangercam.com","isPartOf":{"@id":"https:\/\/strangercam.com\/#website"},"datePublished":"2025-08-28T15:19:09+00:00","dateModified":"2025-09-03T11:31:40+00:00","description":"L\u00edb\u00ed se v\u00e1m bezplatn\u00fd n\u00e1hodn\u00fd chat? Join miliony na StrangerCam.com! Spus\u0165te n\u00e1hodn\u00fd videochat, zapn\u011bte kameru a okam\u017eit\u011b se seznamte s ciz\u00edmi lidmi.","breadcrumb":{"@id":"https:\/\/strangercam.com\/free-random-chat\/#breadcrumb"},"inLanguage":"cs","potentialAction":[{"@type":"ReadAction","target":["https:\/\/strangercam.com\/free-random-chat\/"]}]},{"@type":"BreadcrumbList","@id":"https:\/\/strangercam.com\/free-random-chat\/#breadcrumb","itemListElement":[{"@type":"ListItem","position":1,"name":"Home","item":"https:\/\/strangercam.com\/"},{"@type":"ListItem","position":2,"name":"Free Random Chat"}]},{"@type":"WebSite","@id":"https:\/\/strangercam.com\/#website","url":"https:\/\/strangercam.com\/","name":"Strangercam","description":"N\u00e1hodn\u00fd videochat s ciz\u00edmi lidmi","publisher":{"@id":"https:\/\/strangercam.com\/#organization"},"alternateName":"Strangercam.com","potentialAction":[{"@type":"SearchAction","target":{"@type":"EntryPoint","urlTemplate":"https:\/\/strangercam.com\/?s={search_term_string}"},"query-input":{"@type":"PropertyValueSpecification","valueRequired":true,"valueName":"search_term_string"}}],"inLanguage":"cs"},{"@type":"Organization","@id":"https:\/\/strangercam.com\/#organization","name":"Strangercam","alternateName":"Strangercam.com","url":"https:\/\/strangercam.com\/","logo":{"@type":"ImageObject","inLanguage":"cs","@id":"https:\/\/strangercam.com\/#\/schema\/logo\/image\/","url":"https:\/\/strangercam.com\/wp-content\/uploads\/2020\/11\/cropped-new-favicon-black.png","contentUrl":"https:\/\/strangercam.com\/wp-content\/uploads\/2020\/11\/cropped-new-favicon-black.png","width":512,"height":512,"caption":"Strangercam"},"image":{"@id":"https:\/\/strangercam.com\/#\/schema\/logo\/image\/"},"sameAs":["https:\/\/www.facebook.com\/strangercam","https:\/\/x.com\/strangercamapp"]}]}},"_links":{"self":[{"href":"https:\/\/strangercam.com\/cs\/wp-json\/wp\/v2\/pages\/3935","targetHints":{"allow":["GET"]}}],"collection":[{"href":"https:\/\/strangercam.com\/cs\/wp-json\/wp\/v2\/pages"}],"about":[{"href":"https:\/\/strangercam.com\/cs\/wp-json\/wp\/v2\/types\/page"}],"author":[{"embeddable":true,"href":"https:\/\/strangercam.com\/cs\/wp-json\/wp\/v2\/users\/8"}],"replies":[{"embeddable":true,"href":"https:\/\/strangercam.com\/cs\/wp-json\/wp\/v2\/comments?post=3935"}],"version-history":[{"count":1,"href":"https:\/\/strangercam.com\/cs\/wp-json\/wp\/v2\/pages\/3935\/revisions"}],"predecessor-version":[{"id":12978,"href":"https:\/\/strangercam.com\/cs\/wp-json\/wp\/v2\/pages\/3935\/revisions\/12978"}],"wp:attachment":[{"href":"https:\/\/strangercam.com\/cs\/wp-json\/wp\/v2\/media?parent=3935"}],"curies":[{"name":"wp","href":"https:\/\/api.w.org\/{rel}","templated":true}]}}