{"id":3634,"date":"2025-08-18T13:16:01","date_gmt":"2025-08-18T11:16:01","guid":{"rendered":"https:\/\/strangercam.com\/?page_id=3634"},"modified":"2025-08-18T14:15:47","modified_gmt":"2025-08-18T12:15:47","slug":"nahodny-videohovor","status":"publish","type":"page","link":"https:\/\/strangercam.com\/cs\/random-video-call\/","title":{"rendered":"N\u00e1hodn\u00fd videohovor"},"content":{"rendered":"<p>Hledali jste nejlep\u0161\u00ed zp\u016fsob, jak si u\u017e\u00edt n\u00e1hodn\u00fd videohovor? Nejste sami. Miliony lid\u00ed po cel\u00e9m sv\u011bt\u011b denn\u011b vyu\u017e\u00edvaj\u00ed platformy pro n\u00e1hodn\u00e9 videohovory, aby se sezn\u00e1mili s ciz\u00edmi lidmi, nav\u00e1zali nov\u00e1 p\u0159\u00e1telstv\u00ed, flirtovali nebo si prost\u011b jen kr\u00e1tili \u010das. Na rozd\u00edl od soci\u00e1ln\u00edch s\u00edt\u00ed nebo seznamovac\u00edch aplikac\u00ed, kde konverzace m\u016f\u017ee p\u016fsobit nucen\u011b nebo pomalu, jsou n\u00e1hodn\u00e9 videohovory okam\u017eit\u00e9, spont\u00e1nn\u00ed a skute\u010dn\u00e9.<\/p>\n<p>S platformami, jako je StrangerCam, m\u016f\u017eete za\u010d\u00edt bezplatn\u00fd n\u00e1hodn\u00fd videohovor hned te\u010f - bez registrace, bez stahov\u00e1n\u00ed a bez skryt\u00fdch poplatk\u016f. Je to jeden z nejjednodu\u0161\u0161\u00edch zp\u016fsob\u016f, jak se kdykoli a odkudkoli na sv\u011bt\u011b spojit s lidmi tv\u00e1\u0159\u00ed v tv\u00e1\u0159.<\/p>\n<p>Tento pr\u016fvodce v\u00e1m vysv\u011btl\u00ed v\u0161e, co pot\u0159ebujete v\u011bd\u011bt o n\u00e1hodn\u00fdch videohovorech: jak funguj\u00ed, pro\u010d se staly tak popul\u00e1rn\u00edmi, jak\u00e9 funkce je t\u0159eba hledat, srovn\u00e1n\u00ed nejlep\u0161\u00edch platforem, bezpe\u010dnostn\u00ed tipy a pro\u010d je StrangerCam jednou z nejlep\u0161\u00edch voleb v roce 2025.<\/p>\n<h2>Co je n\u00e1hodn\u00fd videohovor?<\/h2>\n<p>N\u00e1hodn\u00fd videohovor je online funkce, kter\u00e1 v\u00e1s okam\u017eit\u011b spoj\u00ed s ciz\u00ed osobou prost\u0159ednictv\u00edm \u017eiv\u00e9 webov\u00e9 kamery a zvuku. Dokud se nep\u0159ipoj\u00edte, nev\u00edte, s k\u00fdm se setk\u00e1te - m\u016f\u017ee to b\u00fdt n\u011bkdo z va\u0161eho okol\u00ed nebo n\u011bkdo vzd\u00e1len\u00fd tis\u00edce kilometr\u016f.<\/p>\n<p>Kr\u00e1sa n\u00e1hodn\u00fdch videohovor\u016f spo\u010d\u00edv\u00e1 v jejich nep\u0159edv\u00eddatelnosti. Ka\u017ed\u00fd <a href=\"https:\/\/strangercam.com\/cs\/chathub\/\">chat<\/a> je jedine\u010dn\u00fd. Mo\u017en\u00e1 se sezn\u00e1m\u00edte s nov\u00fdm p\u0159\u00edtelem, zasm\u011bjete se s n\u011bk\u00fdm na druh\u00e9m konci sv\u011bta, nebo si jen popov\u00edd\u00e1te dv\u011b minuty, ne\u017e kliknete na tla\u010d\u00edtko \u201cDal\u0161\u00ed\u201d a zkus\u00edte to znovu.<\/p>\n<h2>Pro\u010d lid\u00e9 miluj\u00ed n\u00e1hodn\u00e9 videohovory zdarma<\/h2>\n<p>Obliba bezplatn\u00fdch n\u00e1hodn\u00fdch videohovor\u016f v posledn\u00edm desetilet\u00ed masivn\u011b vzrostla. Zde je d\u016fvod:<\/p>\n<ul>\n<li>Spont\u00e1nn\u00ed z\u00e1bava - ka\u017ed\u00fd hovor je p\u0159ekvapen\u00edm, kter\u00e9 udr\u017euje z\u00e1\u017eitek vzru\u0161uj\u00edc\u00ed.<\/li>\n<li>Skute\u010dn\u00e1 spojen\u00ed - na rozd\u00edl od textov\u00e9ho chatu ukazuje \u017eiv\u00e9 video skute\u010dnou osobu, nikoliv upraven\u00fd profil nebo fale\u0161n\u00fd \u00fa\u010det.<\/li>\n<li>\u017d\u00e1dn\u00e9 z\u00e1vazky - Nen\u00ed t\u0159eba se registrovat, dlouze p\u0159ihla\u0161ovat ani ps\u00e1t podrobn\u00e9 \u017eivotopisy. Sta\u010d\u00ed kliknout a j\u00edt.<\/li>\n<li>Celosv\u011btov\u00fd dosah - okam\u017eit\u011b se seznamte s lidmi z r\u016fzn\u00fdch kultur a prost\u0159ed\u00ed.<\/li>\n<li>Ide\u00e1ln\u00ed pro p\u0159\u00edpad nudy - rychl\u00fd zp\u016fsob, jak uniknout rutin\u011b a nav\u00e1zat novou konverzaci.<\/li>\n<li>P\u0159\u00e1telstv\u00ed nebo flirtov\u00e1n\u00ed - N\u011bkte\u0159\u00ed lid\u00e9 ho vyu\u017e\u00edvaj\u00ed k navazov\u00e1n\u00ed nov\u00fdch p\u0159\u00e1telstv\u00ed, jin\u00ed si u\u017e\u00edvaj\u00ed lehkov\u00e1\u017en\u00e9ho, nez\u00e1vazn\u00e9ho flirtov\u00e1n\u00ed.<\/li>\n<\/ul>\n<h2>Jak funguj\u00ed n\u00e1hodn\u00e9 videohovory?<\/h2>\n<p>Pou\u017eit\u00ed slu\u017eby n\u00e1hodn\u00e9ho videohovoru je rychl\u00e9 a jednoduch\u00e9:<\/p>\n<ol>\n<li>Otev\u0159ete platformu (desktopov\u00fd nebo mobiln\u00ed prohl\u00ed\u017ee\u010d).<\/li>\n<li>Na v\u00fdzvu povolte p\u0159\u00edstup ke kame\u0159e a mikrofonu.<\/li>\n<li>Klikn\u011bte na tla\u010d\u00edtko \"Zah\u00e1jit hovor\". Okam\u017eit\u011b se spoj\u00edte s n\u00e1hodn\u00fdm cizincem.<\/li>\n<li>Chatujte tv\u00e1\u0159\u00ed v tv\u00e1\u0159. Pokud se v\u00e1m konverzace nel\u00edb\u00ed, stiskn\u011bte tla\u010d\u00edtko \"Dal\u0161\u00ed\" a pokra\u010dujte d\u00e1l.<\/li>\n<li>Opakujte tolikr\u00e1t, kolikr\u00e1t chcete. V\u011bt\u0161ina slu\u017eeb je bezplatn\u00e1 a neomezen\u00e1.<\/li>\n<\/ol>\n<p>N\u011bkter\u00e9 platformy nab\u00edzej\u00ed tak\u00e9 filtry podle pohlav\u00ed, p\u0159edvolby polohy a dokonce n\u00e1stroje pro automatick\u00fd p\u0159eklad mezin\u00e1rodn\u00edch konverzac\u00ed.<\/p>\n<h2>Nejlep\u0161\u00ed funkce, kter\u00e9 je t\u0159eba hledat v platform\u011b pro n\u00e1hodn\u00e9 videohovory<\/h2>\n<p>Ne ka\u017ed\u00e1 str\u00e1nka pro n\u00e1hodn\u00e9 videohovory je stejn\u00e1. Zde je popis toho, na co byste se m\u011bli zam\u011b\u0159it:<\/p>\n<h3>1. Skute\u010dn\u011b voln\u00fd p\u0159\u00edstup<\/h3>\n<p>Mnoho web\u016f se tv\u00e1\u0159\u00ed jako bezplatn\u00e9, ale rychle v\u00e1s zatla\u010d\u00ed do paywallu. Nejlep\u0161\u00ed platformy jsou skute\u010dn\u011b zdarma.<\/p>\n<h3>2. Nen\u00ed nutn\u00e1 registrace<\/h3>\n<p>Vyhn\u011bte se platform\u00e1m, kter\u00e9 v\u00e1s nut\u00ed k registraci nebo sd\u00edlen\u00ed osobn\u00edch \u00fadaj\u016f.<\/p>\n<h3>3. Filtry pohlav\u00ed a polohy<\/h3>\n<p>Pokud chcete m\u00edt v\u011bt\u0161\u00ed kontrolu nad t\u00edm, s k\u00fdm mluv\u00edte, filtry v\u00e1m usnadn\u00ed pr\u00e1ci.<\/p>\n<h3>4. Bezpe\u010dn\u00e9 moderov\u00e1n\u00ed<\/h3>\n<p>P\u0159ed spamem, roboty a nevhodn\u00fdm chov\u00e1n\u00edm v\u00e1s chr\u00e1n\u00ed siln\u00e9 n\u00e1stroje pro nahla\u0161ov\u00e1n\u00ed a moderov\u00e1n\u00ed.<\/p>\n<h3>5. Design vhodn\u00fd pro mobiln\u00ed za\u0159\u00edzen\u00ed<\/h3>\n<p>Dobr\u00e1 platforma by m\u011bla fungovat stejn\u011b dob\u0159e v telefonu jako v po\u010d\u00edta\u010di.<\/p>\n<h3>6. Vysoce kvalitn\u00ed video a zvuk<\/h3>\n<p>\u010cist\u00e9 video bez zpo\u017ed\u011bn\u00ed je z\u00e1kladem pro p\u0159\u00edjemn\u00fd chat.<\/p>\n<h2>Nejlep\u0161\u00ed platformy pro n\u00e1hodn\u00e9 videohovory v roce 2025<\/h2>\n<p>Zde je srovn\u00e1n\u00ed n\u011bkter\u00fdch nejobl\u00edben\u011bj\u0161\u00edch web\u016f pro n\u00e1hodn\u00e9 videohovory:<\/p>\n<table>\n<thead>\n<tr>\n<th>Platforma<\/th>\n<th align=\"center\">Voln\u00fd p\u0159\u00edstup<\/th>\n<th align=\"center\">Filtr podle pohlav\u00ed<\/th>\n<th align=\"center\">Pot\u0159ebn\u00e1 registrace<\/th>\n<th align=\"center\">Mobiln\u00ed podpora<\/th>\n<th align=\"center\">Moderov\u00e1n\u00ed<\/th>\n<th>Pozn\u00e1mky<\/th>\n<\/tr>\n<\/thead>\n<tbody>\n<tr>\n<td>StrangerCam<\/td>\n<td align=\"center\">\u2705<\/td>\n<td align=\"center\">\u2705 (zdarma)<\/td>\n<td align=\"center\">\u274c<\/td>\n<td align=\"center\">\u2705<\/td>\n<td align=\"center\">\u2705<\/td>\n<td>Nejlep\u0161\u00ed celkov\u00e1 volba, skute\u010dn\u011b zdarma<\/td>\n<\/tr>\n<tr>\n<td><a href=\"https:\/\/strangercam.com\/cs\/chatroulette\/\">Chatroulette<\/a><\/td>\n<td align=\"center\">\u2705<\/td>\n<td align=\"center\">\u274c (Placen\u00e9)<\/td>\n<td align=\"center\">\u274c<\/td>\n<td align=\"center\">\u2705<\/td>\n<td align=\"center\">\u2705<\/td>\n<td>Klasick\u00e1 mo\u017enost, ale paywalls pro filtry<\/td>\n<\/tr>\n<tr>\n<td>Chatrandom<\/td>\n<td align=\"center\">\u2705<\/td>\n<td align=\"center\">\u274c (Placen\u00e9)<\/td>\n<td align=\"center\">\u274c<\/td>\n<td align=\"center\">\u2705<\/td>\n<td align=\"center\">\u2705<\/td>\n<td>Obl\u00edben\u00e9, ale filtry uzam\u010den\u00e9 za platbu<\/td>\n<\/tr>\n<tr>\n<td><a href=\"https:\/\/strangercam.com\/cs\/ometv\/\">OmeTV<\/a><\/td>\n<td align=\"center\">\u2705<\/td>\n<td align=\"center\">\u274c<\/td>\n<td align=\"center\">\u274c<\/td>\n<td align=\"center\">\u2705<\/td>\n<td align=\"center\">\u2705<\/td>\n<td>Mobiln\u00ed aplikace, pouze n\u00e1hodn\u00e1 shoda<\/td>\n<\/tr>\n<tr>\n<td>Shagle<\/td>\n<td align=\"center\">\u2705<\/td>\n<td align=\"center\">\u274c (Placen\u00e9)<\/td>\n<td align=\"center\">\u274c<\/td>\n<td align=\"center\">\u2705<\/td>\n<td align=\"center\">\u2705<\/td>\n<td>Mnoho funkc\u00ed uzam\u010den\u00fdch ve verzi Premium<\/td>\n<\/tr>\n<tr>\n<td><a href=\"https:\/\/strangercam.com\/cs\/coomeet\/\">CooMeet<\/a><\/td>\n<td align=\"center\">\u274c (zku\u0161ebn\u00ed verze)<\/td>\n<td align=\"center\">\u2705<\/td>\n<td align=\"center\">\u2705<\/td>\n<td align=\"center\">\u2705<\/td>\n<td align=\"center\">\u2705<\/td>\n<td>Placen\u00e9 po omezen\u00e9m bezplatn\u00e9m vyzkou\u0161en\u00ed<\/td>\n<\/tr>\n<tr>\n<td>LuckyCrush<\/td>\n<td align=\"center\">\u274c<\/td>\n<td align=\"center\">\u2705<\/td>\n<td align=\"center\">\u2705<\/td>\n<td align=\"center\">\u2705<\/td>\n<td align=\"center\">\u2705<\/td>\n<td>V\u017edy placen\u00fd, pouze chat podle pohlav\u00ed<\/td>\n<\/tr>\n<\/tbody>\n<\/table>\n<p>StrangerCam je jedna z m\u00e1la platforem, kter\u00e1 poskytuje bezplatn\u00e9 n\u00e1hodn\u00e9 videohovory s funk\u010dn\u00edm filtrem pohlav\u00ed, bez registrace a s neomezen\u00fdm pou\u017eit\u00edm.<\/p>\n<h2>Pro\u010d je StrangerCam nejlep\u0161\u00edm m\u00edstem pro n\u00e1hodn\u00e9 videohovory<\/h2>\n<p>StrangerCam se rychle stala jednou z nejd\u016fv\u011bryhodn\u011bj\u0161\u00edch voleb pro lidi, kte\u0159\u00ed hledaj\u00ed n\u00e1hodn\u00e9 videohovory. Tady je d\u016fvod:<\/p>\n<h3>1. Zcela zdarma<\/h3>\n<p>Neomezen\u00e9 n\u00e1hodn\u00e9 videohovory bez skryt\u00fdch n\u00e1klad\u016f.<\/p>\n<h3>2. Voln\u00fd filtr pohlav\u00ed<\/h3>\n<p>Vyberte si, s k\u00fdm se chcete setkat - s mu\u017eem, \u017eenou nebo ob\u011bma - bez placen\u00ed.<\/p>\n<h3>3. \u017d\u00e1dn\u00e9 p\u0159ihla\u0161ov\u00e1n\u00ed ani registrace<\/h3>\n<p>Z\u016fsta\u0148te v anonymit\u011b. Sta\u010d\u00ed kliknout a okam\u017eit\u011b chatovat.<\/p>\n<h3>4. Bezpe\u010dn\u00e9 a moderovan\u00e9<\/h3>\n<p>Aktivn\u00ed n\u00e1stroje pro nahla\u0161ov\u00e1n\u00ed a syst\u00e9my moderov\u00e1n\u00ed br\u00e1n\u00ed bot\u016fm a nevhodn\u00fdm u\u017eivatel\u016fm.<\/p>\n<h3>5. Glob\u00e1ln\u00ed u\u017eivatelsk\u00e1 z\u00e1kladna<\/h3>\n<p>Lid\u00e9 z cel\u00e9ho sv\u011bta jsou online 24 hodin denn\u011b, 7 dn\u00ed v t\u00fddnu, co\u017e zaru\u010duje poka\u017ed\u00e9 nov\u00fd z\u00e1\u017eitek.<\/p>\n<h3>6. P\u0159\u00e1telsk\u00e9 pro mobiln\u00ed za\u0159\u00edzen\u00ed<\/h3>\n<p>Optimalizov\u00e1no pro telefony, tablety a po\u010d\u00edta\u010de pro plynul\u00e9 videohovory kdekoli.<\/p>\n<h2>Zku\u0161enosti skute\u010dn\u00fdch u\u017eivatel\u016f<\/h2>\n<blockquote><p><em>\"Zkou\u0161el jsem i jin\u00e9 str\u00e1nky, ale StrangerCam je jedin\u00e1, kde byly n\u00e1hodn\u00e9 videohovory skute\u010dn\u011b zdarma bez skryt\u00fdch poplatk\u016f.\"<\/em><br \/>\n- Jason, 26 let<\/p><\/blockquote>\n<blockquote><p><em>\"Genderov\u00fd filtr funguje a nemusel jsem za n\u011bj platit. Kone\u010dn\u011b platforma, kter\u00e1 d\u011bl\u00e1 to, co \u0159\u00edk\u00e1!\"<\/em><br \/>\n- Emily, 23 let<\/p><\/blockquote>\n<blockquote><p><em>\"B\u011bhem necel\u00e9 hodiny jsem se spojil s lidmi z p\u011bti r\u016fzn\u00fdch zem\u00ed. Je to tak n\u00e1vykov\u00e9.\"<\/em><br \/>\n- Ryan, 29 let<\/p><\/blockquote>\n<blockquote><p><em>\u201cStrangerCam je nejlep\u0161\u00ed alternativou k <a href=\"https:\/\/strangercam.com\/cs\/omegle\/\">Omegle<\/a> Zjistil jsem. Je zdarma, bezpe\u010dn\u00e1 a v\u017edy obsazen\u00e1 lidmi online.\u201d<\/em><br \/>\n- Megan, 21 let<\/p><\/blockquote>\n<h2>Bezpe\u010dnostn\u00ed tipy pro n\u00e1hodn\u00e9 videohovory<\/h2>\n<p>N\u00e1hodn\u00e9 videohovory jsou sice z\u00e1bavn\u00e9, ale je d\u016fle\u017eit\u00e9 z\u016fstat v bezpe\u010d\u00ed:<\/p>\n<ul>\n<li>Nikdy nesd\u00edlejte osobn\u00ed \u00fadaje, jako je adresa, telefonn\u00ed \u010d\u00edslo nebo cel\u00e9 jm\u00e9no.<\/li>\n<li>Neklikejte na odkazy sd\u00edlen\u00e9 ciz\u00edmi lidmi.<\/li>\n<li>Pokud se nec\u00edt\u00edte dob\u0159e, pou\u017eijte voln\u011b tla\u010d\u00edtko \"Dal\u0161\u00ed\".<\/li>\n<li>Zkontrolujte si sv\u00e9 pozad\u00ed, abyste se vyhnuli odhalen\u00ed soukrom\u00fdch \u00fadaj\u016f.<\/li>\n<li>Nahla\u0161ujte nevhodn\u00e9 u\u017eivatele, aby byla komunita v bezpe\u010d\u00ed.<\/li>\n<li>Pokud je v\u00e1m m\u00e9n\u011b ne\u017e 18 let, nepou\u017e\u00edvejte platformy pro n\u00e1hodn\u00e9 videohovory s dosp\u011bl\u00fdmi.<\/li>\n<\/ul>\n<h2>Jak za\u010d\u00edt - krok za krokem<\/h2>\n<p>Zah\u00e1jen\u00ed n\u00e1hodn\u00e9ho videohovoru trv\u00e1 m\u00e9n\u011b ne\u017e minutu:<\/p>\n<ol>\n<li>Otev\u0159ete StrangerCam ve sv\u00e9m prohl\u00ed\u017ee\u010di nebo za\u0159\u00edzen\u00ed.<\/li>\n<li>Povolte p\u0159\u00edstup ke kame\u0159e a mikrofonu.<\/li>\n<li>Zvolte preference (v p\u0159\u00edpad\u011b pot\u0159eby filtr podle pohlav\u00ed).<\/li>\n<li>Kliknut\u00edm na tla\u010d\u00edtko Zah\u00e1jit hovor se okam\u017eit\u011b p\u0159ipoj\u00edte.<\/li>\n<li>Chatujte tv\u00e1\u0159\u00ed v tv\u00e1\u0159. Klikn\u011bte na tla\u010d\u00edtko Dal\u0161\u00ed a seznamte se s n\u011bk\u00fdm nov\u00fdm.<\/li>\n<\/ol>\n<p>To je v\u0161e - jednoduch\u00e9, rychl\u00e9 a bezplatn\u00e9.<\/p>\n<h2>Z\u00e1v\u011bre\u010dn\u00e9 my\u0161lenky - Vyzkou\u0161ejte nyn\u00ed bezplatn\u00e9 n\u00e1hodn\u00e9 videohovory<\/h2>\n<p>V roce 2025 jsou n\u00e1hodn\u00e9 videohovory jedn\u00edm z nejzaj\u00edmav\u011bj\u0161\u00edch zp\u016fsob\u016f, jak se online spojit s nov\u00fdmi lidmi. Jsou rychl\u00e9, bezplatn\u00e9, spont\u00e1nn\u00ed a umo\u017e\u0148uj\u00ed autentickou lidskou interakci na jedno kliknut\u00ed.<\/p>\n<p>Ne v\u0161echny platformy v\u0161ak p\u0159in\u00e1\u0161ej\u00ed v\u00fdsledky. Mnoh\u00e9 z nich skr\u00fdvaj\u00ed z\u00e1kladn\u00ed funkce, jako jsou genderov\u00e9 filtry, za placen\u00fdmi zdmi nebo zaplavuj\u00ed sv\u00e9 str\u00e1nky roboty. Proto je StrangerCam tou nejlep\u0161\u00ed volbou: je zdarma, bezpe\u010dn\u00e1, anonymn\u00ed a spojuje v\u00e1s se skute\u010dn\u00fdmi lidmi po cel\u00e9m sv\u011bt\u011b.<\/p>\n<p>Jste p\u0159ipraveni to za\u017e\u00edt? Vyzkou\u0161ejte je\u0161t\u011b dnes bezplatn\u00fd n\u00e1hodn\u00fd videohovor a zjist\u011bte, koho potk\u00e1te p\u0159\u00ed\u0161t\u011b.<\/p>","protected":false},"excerpt":{"rendered":"<p>Have you been searching for the best way to enjoy a random video call? You\u2019re not alone. Millions of people across the globe use random video call platforms every day to meet strangers, make new friends, flirt, or simply pass the time. Unlike social media or dating apps, where conversations can feel forced or slow, [&hellip;]<\/p>\n","protected":false},"author":8,"featured_media":0,"parent":0,"menu_order":0,"comment_status":"closed","ping_status":"closed","template":"","meta":{"footnotes":""},"class_list":["post-3634","page","type-page","status-publish","hentry"],"yoast_head":"<!-- This site is optimized with the Yoast SEO plugin v27.4 - https:\/\/yoast.com\/product\/yoast-seo-wordpress\/ -->\n<title>Random Video Call with Random Chat on Strangercam.com<\/title>\n<meta name=\"description\" content=\"Liking Random Video Call? Join millions on StrangerCam.com! Start a random video chat, turn on your cam, and meet strangers instantly.\" \/>\n<meta name=\"robots\" content=\"index, follow, max-snippet:-1, max-image-preview:large, max-video-preview:-1\" \/>\n<link rel=\"canonical\" href=\"https:\/\/strangercam.com\/cs\/nahodny-videohovor\/\" \/>\n<meta property=\"og:locale\" content=\"cs_CZ\" \/>\n<meta property=\"og:type\" content=\"article\" \/>\n<meta property=\"og:title\" content=\"Random Video Call with Random Chat on Strangercam.com\" \/>\n<meta property=\"og:description\" content=\"Liking Random Video Call? Join millions on StrangerCam.com! Start a random video chat, turn on your cam, and meet strangers instantly.\" \/>\n<meta property=\"og:url\" content=\"https:\/\/strangercam.com\/cs\/nahodny-videohovor\/\" \/>\n<meta property=\"og:site_name\" content=\"Strangercam\" \/>\n<meta property=\"article:publisher\" content=\"https:\/\/www.facebook.com\/strangercam\" \/>\n<meta property=\"article:modified_time\" content=\"2025-08-18T12:15:47+00:00\" \/>\n<meta property=\"og:image\" content=\"https:\/\/strangercam.com\/wp-content\/uploads\/2021\/10\/Untitled-2.png\" \/>\n\t<meta property=\"og:image:width\" content=\"800\" \/>\n\t<meta property=\"og:image:height\" content=\"532\" \/>\n\t<meta property=\"og:image:type\" content=\"image\/png\" \/>\n<meta name=\"twitter:card\" content=\"summary_large_image\" \/>\n<meta name=\"twitter:site\" content=\"@strangercamapp\" \/>\n<meta name=\"twitter:label1\" content=\"Odhadovan\u00e1 doba \u010dten\u00ed\" \/>\n\t<meta name=\"twitter:data1\" content=\"5 minut\" \/>\n<script type=\"application\/ld+json\" class=\"yoast-schema-graph\">{\"@context\":\"https:\\\/\\\/schema.org\",\"@graph\":[{\"@type\":\"WebPage\",\"@id\":\"https:\\\/\\\/strangercam.com\\\/random-video-call\\\/\",\"url\":\"https:\\\/\\\/strangercam.com\\\/random-video-call\\\/\",\"name\":\"Random Video Call with Random Chat on Strangercam.com\",\"isPartOf\":{\"@id\":\"https:\\\/\\\/strangercam.com\\\/#website\"},\"datePublished\":\"2025-08-18T11:16:01+00:00\",\"dateModified\":\"2025-08-18T12:15:47+00:00\",\"description\":\"Liking Random Video Call? Join millions on StrangerCam.com! Start a random video chat, turn on your cam, and meet strangers instantly.\",\"breadcrumb\":{\"@id\":\"https:\\\/\\\/strangercam.com\\\/random-video-call\\\/#breadcrumb\"},\"inLanguage\":\"cs\",\"potentialAction\":[{\"@type\":\"ReadAction\",\"target\":[\"https:\\\/\\\/strangercam.com\\\/random-video-call\\\/\"]}]},{\"@type\":\"BreadcrumbList\",\"@id\":\"https:\\\/\\\/strangercam.com\\\/random-video-call\\\/#breadcrumb\",\"itemListElement\":[{\"@type\":\"ListItem\",\"position\":1,\"name\":\"Home\",\"item\":\"https:\\\/\\\/strangercam.com\\\/\"},{\"@type\":\"ListItem\",\"position\":2,\"name\":\"Random Video Call\"}]},{\"@type\":\"WebSite\",\"@id\":\"https:\\\/\\\/strangercam.com\\\/#website\",\"url\":\"https:\\\/\\\/strangercam.com\\\/\",\"name\":\"Strangercam\",\"description\":\"Random Video Chat with Strangers\",\"publisher\":{\"@id\":\"https:\\\/\\\/strangercam.com\\\/#organization\"},\"alternateName\":\"Strangercam.com\",\"potentialAction\":[{\"@type\":\"SearchAction\",\"target\":{\"@type\":\"EntryPoint\",\"urlTemplate\":\"https:\\\/\\\/strangercam.com\\\/?s={search_term_string}\"},\"query-input\":{\"@type\":\"PropertyValueSpecification\",\"valueRequired\":true,\"valueName\":\"search_term_string\"}}],\"inLanguage\":\"cs\"},{\"@type\":\"Organization\",\"@id\":\"https:\\\/\\\/strangercam.com\\\/#organization\",\"name\":\"Strangercam\",\"alternateName\":\"Strangercam.com\",\"url\":\"https:\\\/\\\/strangercam.com\\\/\",\"logo\":{\"@type\":\"ImageObject\",\"inLanguage\":\"cs\",\"@id\":\"https:\\\/\\\/strangercam.com\\\/#\\\/schema\\\/logo\\\/image\\\/\",\"url\":\"https:\\\/\\\/strangercam.com\\\/wp-content\\\/uploads\\\/2020\\\/11\\\/cropped-new-favicon-black.png\",\"contentUrl\":\"https:\\\/\\\/strangercam.com\\\/wp-content\\\/uploads\\\/2020\\\/11\\\/cropped-new-favicon-black.png\",\"width\":512,\"height\":512,\"caption\":\"Strangercam\"},\"image\":{\"@id\":\"https:\\\/\\\/strangercam.com\\\/#\\\/schema\\\/logo\\\/image\\\/\"},\"sameAs\":[\"https:\\\/\\\/www.facebook.com\\\/strangercam\",\"https:\\\/\\\/x.com\\\/strangercamapp\"]}]}<\/script>\n<!-- \/ Yoast SEO plugin. -->","yoast_head_json":{"title":"N\u00e1hodn\u00fd videohovor s n\u00e1hodn\u00fdm chatem na Strangercam.com","description":"L\u00edb\u00ed se v\u00e1m n\u00e1hodn\u00fd videohovor? Join miliony na StrangerCam.com! Spus\u0165te n\u00e1hodn\u00fd videochat, zapn\u011bte kameru a okam\u017eit\u011b se seznamte s ciz\u00edmi lidmi.","robots":{"index":"index","follow":"follow","max-snippet":"max-snippet:-1","max-image-preview":"max-image-preview:large","max-video-preview":"max-video-preview:-1"},"canonical":"https:\/\/strangercam.com\/cs\/nahodny-videohovor\/","og_locale":"cs_CZ","og_type":"article","og_title":"Random Video Call with Random Chat on Strangercam.com","og_description":"Liking Random Video Call? Join millions on StrangerCam.com! Start a random video chat, turn on your cam, and meet strangers instantly.","og_url":"https:\/\/strangercam.com\/cs\/nahodny-videohovor\/","og_site_name":"Strangercam","article_publisher":"https:\/\/www.facebook.com\/strangercam","article_modified_time":"2025-08-18T12:15:47+00:00","og_image":[{"width":800,"height":532,"url":"https:\/\/strangercam.com\/wp-content\/uploads\/2021\/10\/Untitled-2.png","type":"image\/png"}],"twitter_card":"summary_large_image","twitter_site":"@strangercamapp","twitter_misc":{"Odhadovan\u00e1 doba \u010dten\u00ed":"5 minut"},"schema":{"@context":"https:\/\/schema.org","@graph":[{"@type":"WebPage","@id":"https:\/\/strangercam.com\/random-video-call\/","url":"https:\/\/strangercam.com\/random-video-call\/","name":"N\u00e1hodn\u00fd videohovor s n\u00e1hodn\u00fdm chatem na Strangercam.com","isPartOf":{"@id":"https:\/\/strangercam.com\/#website"},"datePublished":"2025-08-18T11:16:01+00:00","dateModified":"2025-08-18T12:15:47+00:00","description":"L\u00edb\u00ed se v\u00e1m n\u00e1hodn\u00fd videohovor? Join miliony na StrangerCam.com! Spus\u0165te n\u00e1hodn\u00fd videochat, zapn\u011bte kameru a okam\u017eit\u011b se seznamte s ciz\u00edmi lidmi.","breadcrumb":{"@id":"https:\/\/strangercam.com\/random-video-call\/#breadcrumb"},"inLanguage":"cs","potentialAction":[{"@type":"ReadAction","target":["https:\/\/strangercam.com\/random-video-call\/"]}]},{"@type":"BreadcrumbList","@id":"https:\/\/strangercam.com\/random-video-call\/#breadcrumb","itemListElement":[{"@type":"ListItem","position":1,"name":"Home","item":"https:\/\/strangercam.com\/"},{"@type":"ListItem","position":2,"name":"Random Video Call"}]},{"@type":"WebSite","@id":"https:\/\/strangercam.com\/#website","url":"https:\/\/strangercam.com\/","name":"Strangercam","description":"N\u00e1hodn\u00fd videochat s ciz\u00edmi lidmi","publisher":{"@id":"https:\/\/strangercam.com\/#organization"},"alternateName":"Strangercam.com","potentialAction":[{"@type":"SearchAction","target":{"@type":"EntryPoint","urlTemplate":"https:\/\/strangercam.com\/?s={search_term_string}"},"query-input":{"@type":"PropertyValueSpecification","valueRequired":true,"valueName":"search_term_string"}}],"inLanguage":"cs"},{"@type":"Organization","@id":"https:\/\/strangercam.com\/#organization","name":"Strangercam","alternateName":"Strangercam.com","url":"https:\/\/strangercam.com\/","logo":{"@type":"ImageObject","inLanguage":"cs","@id":"https:\/\/strangercam.com\/#\/schema\/logo\/image\/","url":"https:\/\/strangercam.com\/wp-content\/uploads\/2020\/11\/cropped-new-favicon-black.png","contentUrl":"https:\/\/strangercam.com\/wp-content\/uploads\/2020\/11\/cropped-new-favicon-black.png","width":512,"height":512,"caption":"Strangercam"},"image":{"@id":"https:\/\/strangercam.com\/#\/schema\/logo\/image\/"},"sameAs":["https:\/\/www.facebook.com\/strangercam","https:\/\/x.com\/strangercamapp"]}]}},"_links":{"self":[{"href":"https:\/\/strangercam.com\/cs\/wp-json\/wp\/v2\/pages\/3634","targetHints":{"allow":["GET"]}}],"collection":[{"href":"https:\/\/strangercam.com\/cs\/wp-json\/wp\/v2\/pages"}],"about":[{"href":"https:\/\/strangercam.com\/cs\/wp-json\/wp\/v2\/types\/page"}],"author":[{"embeddable":true,"href":"https:\/\/strangercam.com\/cs\/wp-json\/wp\/v2\/users\/8"}],"replies":[{"embeddable":true,"href":"https:\/\/strangercam.com\/cs\/wp-json\/wp\/v2\/comments?post=3634"}],"version-history":[{"count":2,"href":"https:\/\/strangercam.com\/cs\/wp-json\/wp\/v2\/pages\/3634\/revisions"}],"predecessor-version":[{"id":12970,"href":"https:\/\/strangercam.com\/cs\/wp-json\/wp\/v2\/pages\/3634\/revisions\/12970"}],"wp:attachment":[{"href":"https:\/\/strangercam.com\/cs\/wp-json\/wp\/v2\/media?parent=3634"}],"curies":[{"name":"wp","href":"https:\/\/api.w.org\/{rel}","templated":true}]}}