{"id":3516,"date":"2025-08-18T13:21:58","date_gmt":"2025-08-18T11:21:58","guid":{"rendered":"https:\/\/strangercam.com\/?page_id=3516"},"modified":"2025-08-18T14:14:10","modified_gmt":"2025-08-18T12:14:10","slug":"videochat-s-cizimi-lidmi","status":"publish","type":"page","link":"https:\/\/strangercam.com\/cs\/videochat-s-cizimi-lidmi\/","title":{"rendered":"Video chat s ciz\u00edmi lidmi"},"content":{"rendered":"<p>Hled\u00e1te nejlep\u0161\u00ed zp\u016fsob, jak nato\u010dit video <a href=\"https:\/\/strangercam.com\/cs\/chathub\/\">chat<\/a> s ciz\u00edmi lidmi? Nejste sami. Od doby, kdy se objevily <a href=\"https:\/\/strangercam.com\/cs\/omegle\/\">Omegle<\/a>, <a href=\"https:\/\/strangercam.com\/cs\/chatroulette\/\">Chatroulette<\/a>, a podobn\u00fdch platform\u00e1ch objevily miliony lid\u00ed po cel\u00e9m sv\u011bt\u011b vzru\u0161uj\u00edc\u00ed mo\u017enost okam\u017eit\u00e9ho videochatu s n\u00e1hodn\u00fdmi lidmi po cel\u00e9m sv\u011bt\u011b. V roce 2025 je tento trend v\u011bt\u0161\u00ed ne\u017e kdy d\u0159\u00edve - nov\u00e9 platformy nab\u00edzej\u00ed bezpe\u010dn\u011bj\u0161\u00ed, plynulej\u0161\u00ed a poutav\u011bj\u0161\u00ed z\u00e1\u017eitky.<\/p>\n<p>D\u00edky modern\u00edm platform\u00e1m, jako je StrangerCam, si m\u016f\u017eete kdykoli u\u017e\u00edvat bezplatn\u00fd videochat s ciz\u00edmi lidmi - bez registrace, bez stahov\u00e1n\u00ed a bez skryt\u00fdch platebn\u00edch zd\u00ed. A\u0165 u\u017e se chcete sezn\u00e1mit s nov\u00fdmi p\u0159\u00e1teli, flirtovat, procvi\u010dovat si jazyky nebo prost\u011b jen zahnat nudu, videochat s ciz\u00edmi lidmi je jedn\u00edm z nejzaj\u00edmav\u011bj\u0161\u00edch a nejspont\u00e1nn\u011bj\u0161\u00edch zp\u016fsob\u016f online komunikace.<\/p>\n<p>V tomto pr\u016fvodci najdete v\u0161e, co pot\u0159ebujete v\u011bd\u011bt: jak funguje, pro\u010d je popul\u00e1rn\u00ed, jak\u00e9 funkce hledat, srovn\u00e1n\u00ed nejlep\u0161\u00edch platforem, bezpe\u010dnostn\u00ed tipy a pro\u010d je StrangerCam jednou z nejlep\u0161\u00edch voleb pro videochat s ciz\u00edmi lidmi v roce 2025.<\/p>\n<h2>Co je videochat s ciz\u00edmi lidmi?<\/h2>\n<p>Videochat s ciz\u00edmi lidmi je online slu\u017eba, kter\u00e1 v\u00e1s spoj\u00ed s n\u00e1hodn\u00fdmi lidmi pro \u017eiv\u00e9 videohovory jeden na jednoho. Pomoc\u00ed webov\u00e9 kamery a mikrofonu se m\u016f\u017eete navz\u00e1jem vid\u011bt a sly\u0161et v re\u00e1ln\u00e9m \u010dase.<\/p>\n<p>Na rozd\u00edl od soci\u00e1ln\u00edch m\u00e9di\u00ed, kde jsou interakce \u0159\u00edzen\u00e9 a \u010dasto um\u011bl\u00e9, je videochatov\u00e1n\u00ed s ciz\u00edmi lidmi syrov\u00e9, autentick\u00e9 a nep\u0159edv\u00eddateln\u00e9. Ka\u017ed\u00e9 kliknut\u00ed na tla\u010d\u00edtko \"Dal\u0161\u00ed\" p\u0159in\u00e1\u0161\u00ed novou tv\u00e1\u0159 a nov\u00fd p\u0159\u00edb\u011bh, co\u017e z n\u011bj \u010din\u00ed jeden z nejzaj\u00edmav\u011bj\u0161\u00edch online z\u00e1\u017eitk\u016f sou\u010dasnosti.<\/p>\n<h2>Pro\u010d lid\u00e9 miluj\u00ed bezplatn\u00fd videochat s ciz\u00edmi lidmi<\/h2>\n<p>Obliba bezplatn\u00e9ho videochatu s ciz\u00edmi lidmi pramen\u00ed z n\u011bkolika kl\u00ed\u010dov\u00fdch v\u00fdhod:<\/p>\n<ul>\n<li>Spont\u00e1nnost a p\u0159ekvapen\u00ed - Ka\u017ed\u00fd chat je jin\u00fd, nikdy nev\u00edte, koho potk\u00e1te p\u0159\u00ed\u0161t\u011b.<\/li>\n<li>Glob\u00e1ln\u00ed p\u0159\u00e1telstv\u00ed - navazujte kontakty s lidmi z cel\u00e9ho sv\u011bta, pozn\u00e1vejte nov\u00e9 kultury a roz\u0161i\u0159ujte si obzory.<\/li>\n<li>\u017d\u00e1dn\u00e9 fale\u0161n\u00e9 profily - na rozd\u00edl od textov\u00fdch aplikac\u00ed pln\u00fdch bot\u016f a sumc\u016f je video d\u016fkazem, \u017ee osoba je skute\u010dn\u00e1.<\/li>\n<li>Anonymita - nen\u00ed t\u0159eba \u017e\u00e1dn\u00fd \u00fa\u010det; z\u016fsta\u0148te v soukrom\u00ed, jak chcete.<\/li>\n<li>R\u016fzn\u00e9 z\u00e1m\u011bry - N\u011bkte\u0159\u00ed lid\u00e9 hledaj\u00ed z\u00e1bavu, jin\u00ed p\u0159\u00e1telstv\u00ed, dal\u0161\u00ed nez\u00e1vazn\u00fd flirt.<\/li>\n<li>Okam\u017eit\u00e9 uspokojen\u00ed - \u017d\u00e1dn\u00e9 \u010dek\u00e1n\u00ed na odpov\u011bdi nebo nekone\u010dn\u00e9 p\u0159ehazov\u00e1n\u00ed prstem - okam\u017eit\u00e9 p\u0159ipojen\u00ed.<\/li>\n<\/ul>\n<h2>Jak funguje videochat s ciz\u00edmi lidmi?<\/h2>\n<p>Joivorba videochatu s ciz\u00edmi lidmi je jednoduch\u00e1 a rychl\u00e1:<\/p>\n<ol>\n<li>Otev\u0159ete platformu (pro stoln\u00ed po\u010d\u00edta\u010de nebo mobiln\u00ed za\u0159\u00edzen\u00ed).<\/li>\n<li>Povolte p\u0159\u00edstup k webov\u00e9 kame\u0159e a mikrofonu.<\/li>\n<li>Kliknut\u00edm na tla\u010d\u00edtko \"Start\" se okam\u017eit\u011b spoj\u00edte s n\u00e1hodn\u00fdm cizincem.<\/li>\n<li>Chatujte \u017eiv\u011b tv\u00e1\u0159\u00ed v tv\u00e1\u0159. Pokud nem\u00e1te z\u00e1jem, klikn\u011bte na \"Dal\u0161\u00ed\" a seznamte se s n\u011bk\u00fdm nov\u00fdm.<\/li>\n<li>Opakujte do nekone\u010dna - proces je rychl\u00fd, z\u00e1bavn\u00fd a bezplatn\u00fd.<\/li>\n<\/ol>\n<p>N\u011bkter\u00e9 platformy zahrnuj\u00ed tak\u00e9 genderov\u00e9 filtry, vyhled\u00e1v\u00e1n\u00ed podle polohy a p\u0159ekladatelsk\u00e9 n\u00e1stroje, kter\u00e9 zlep\u0161uj\u00ed z\u00e1\u017eitek.<\/p>\n<h2>Nejd\u016fle\u017eit\u011bj\u0161\u00ed funkce, kter\u00e9 je t\u0159eba hledat<\/h2>\n<p>Pokud hled\u00e1te nejlep\u0161\u00ed m\u00edsto pro videochat s ciz\u00edmi lidmi, zde jsou nejd\u016fle\u017eit\u011bj\u0161\u00ed funkce:<\/p>\n<h3>1. Skute\u010dn\u011b voln\u00fd p\u0159\u00edstup<\/h3>\n<p>D\u00e1vejte si pozor na platformy, kter\u00e9 uv\u00e1d\u011bj\u00ed, \u017ee jsou \"zdarma\", ale po n\u011bkolika minut\u00e1ch chat omezuj\u00ed. Hledejte neomezen\u00e9 a bezplatn\u00e9 pou\u017e\u00edv\u00e1n\u00ed.<\/p>\n<h3>2. Nen\u00ed nutn\u00e1 registrace<\/h3>\n<p>Nejlep\u0161\u00ed weby nevy\u017eaduj\u00ed \u00fa\u010det ani osobn\u00ed \u00fadaje.<\/p>\n<h3>3. Filtry pohlav\u00ed a lokality<\/h3>\n<p>To je u\u017eite\u010dn\u00e9, pokud chcete mluvit s ur\u010dit\u00fdmi typy lid\u00ed (nap\u0159\u00edklad pouze s d\u00edvkami nebo s lidmi z va\u0161\u00ed zem\u011b).<\/p>\n<h3>4. Siln\u00e1 um\u00edrn\u011bnost<\/h3>\n<p>Aktivn\u00ed syst\u00e9my hl\u00e1\u0161en\u00ed a moder\u00e1to\u0159i udr\u017euj\u00ed platformu bezpe\u010dnou a p\u0159\u00edjemnou.<\/p>\n<h3>5. Design vhodn\u00fd pro mobiln\u00ed za\u0159\u00edzen\u00ed<\/h3>\n<p>Dobr\u00e1 platforma by m\u011bla bez probl\u00e9m\u016f fungovat na telefonech, tabletech i po\u010d\u00edta\u010d\u00edch.<\/p>\n<h3>6. Vysoce kvalitn\u00ed video a zvuk<\/h3>\n<p>Jasn\u00e1 spojen\u00ed umo\u017e\u0148uj\u00ed lep\u0161\u00ed a p\u0159irozen\u011bj\u0161\u00ed z\u00e1\u017eitek.<\/p>\n<h2>Nejlep\u0161\u00ed platformy pro videochat s ciz\u00edmi lidmi v roce 2025<\/h2>\n<p>Zde je srovn\u00e1n\u00ed n\u011bkter\u00fdch nejlep\u0161\u00edch platforem:<\/p>\n<table>\n<thead>\n<tr>\n<th>Platforma<\/th>\n<th align=\"center\">Bezplatn\u00e9 pou\u017eit\u00ed<\/th>\n<th align=\"center\">Filtr podle pohlav\u00ed<\/th>\n<th align=\"center\">Pot\u0159ebn\u00e1 registrace<\/th>\n<th align=\"center\">Mobiln\u00ed podpora<\/th>\n<th align=\"center\">Moderov\u00e1n\u00ed<\/th>\n<th>Pozn\u00e1mky<\/th>\n<\/tr>\n<\/thead>\n<tbody>\n<tr>\n<td>StrangerCam<\/td>\n<td align=\"center\">\u2705<\/td>\n<td align=\"center\">\u2705 (zdarma)<\/td>\n<td align=\"center\">\u274c<\/td>\n<td align=\"center\">\u2705<\/td>\n<td align=\"center\">\u2705<\/td>\n<td>Nejlep\u0161\u00ed v\u0161estrann\u00fd bezplatn\u00fd videochat s ciz\u00edmi lidmi<\/td>\n<\/tr>\n<tr>\n<td>Chatroulette<\/td>\n<td align=\"center\">\u2705<\/td>\n<td align=\"center\">\u274c (Placen\u00e9)<\/td>\n<td align=\"center\">\u274c<\/td>\n<td align=\"center\">\u2705<\/td>\n<td align=\"center\">\u2705<\/td>\n<td>Klasick\u00e9, ale uzam\u010den\u00e9 genderov\u00e9 filtry<\/td>\n<\/tr>\n<tr>\n<td>Chatrandom<\/td>\n<td align=\"center\">\u2705<\/td>\n<td align=\"center\">\u274c (Placen\u00e9)<\/td>\n<td align=\"center\">\u274c<\/td>\n<td align=\"center\">\u2705<\/td>\n<td align=\"center\">\u2705<\/td>\n<td>Obl\u00edben\u00e9, ale pro filtry je nutn\u00e1 modernizace<\/td>\n<\/tr>\n<tr>\n<td><a href=\"https:\/\/strangercam.com\/cs\/ometv\/\">OmeTV<\/a><\/td>\n<td align=\"center\">\u2705<\/td>\n<td align=\"center\">\u274c<\/td>\n<td align=\"center\">\u274c<\/td>\n<td align=\"center\">\u2705<\/td>\n<td align=\"center\">\u2705<\/td>\n<td>Pouze n\u00e1hodn\u00e9 p\u00e1rov\u00e1n\u00ed, k dispozici je mobiln\u00ed aplikace<\/td>\n<\/tr>\n<tr>\n<td>Shagle<\/td>\n<td align=\"center\">\u2705<\/td>\n<td align=\"center\">\u274c (Placen\u00e9)<\/td>\n<td align=\"center\">\u274c<\/td>\n<td align=\"center\">\u2705<\/td>\n<td align=\"center\">\u2705<\/td>\n<td>Siln\u011b prosazuje pr\u00e9miov\u00e9 funkce<\/td>\n<\/tr>\n<tr>\n<td><a href=\"https:\/\/strangercam.com\/cs\/coomeet\/\">CooMeet<\/a><\/td>\n<td align=\"center\">\u274c (zku\u0161ebn\u00ed verze)<\/td>\n<td align=\"center\">\u2705<\/td>\n<td align=\"center\">\u2705<\/td>\n<td align=\"center\">\u2705<\/td>\n<td align=\"center\">\u2705<\/td>\n<td>V\u011bt\u0161inou placen\u00e9 po bezplatn\u00e9 zku\u0161ebn\u00ed verzi<\/td>\n<\/tr>\n<tr>\n<td>LuckyCrush<\/td>\n<td align=\"center\">\u274c<\/td>\n<td align=\"center\">\u2705<\/td>\n<td align=\"center\">\u2705<\/td>\n<td align=\"center\">\u2705<\/td>\n<td align=\"center\">\u2705<\/td>\n<td>V\u017edy placen\u00fd chat podle pohlav\u00ed<\/td>\n<\/tr>\n<\/tbody>\n<\/table>\n<p>StrangerCam je jednou z m\u00e1la platforem, kter\u00e9 nab\u00edzej\u00ed skute\u010dn\u00fd bezplatn\u00fd videochat s ciz\u00edmi lidmi, s funk\u010dn\u00edm filtrem pohlav\u00ed a bez registrace.<\/p>\n<h2>Pro\u010d je StrangerCam nejlep\u0161\u00ed volbou<\/h2>\n<p>Zde je d\u016fvod, pro\u010d je StrangerCam pova\u017eov\u00e1na za jedno z nejlep\u0161\u00edch m\u00edst pro videochat s cizinci v roce 2025:<\/p>\n<h3>1. 100% Zdarma a neomezen\u011b<\/h3>\n<p>Na rozd\u00edl od mnoha konkuren\u010dn\u00edch aplikac\u00ed StrangerCam nezamyk\u00e1 funkce za paywallem.<\/p>\n<h3>2. Voln\u00fd filtr pohlav\u00ed<\/h3>\n<p>Seznamte se p\u0159esn\u011b s t\u00edm, koho chcete - s kluky, d\u00edvkami nebo s ob\u011bma - bez dal\u0161\u00edch poplatk\u016f.<\/p>\n<h3>3. \u017d\u00e1dn\u00e1 registrace ani osobn\u00ed \u00fadaje<\/h3>\n<p>Z\u016fsta\u0148te v anonymit\u011b. \u017d\u00e1dn\u00e1 registrace, \u017e\u00e1dn\u00e9 shroma\u017e\u010fov\u00e1n\u00ed \u00fadaj\u016f.<\/p>\n<h3>4. Glob\u00e1ln\u00ed spole\u010denstv\u00ed<\/h3>\n<p>Cizinci z v\u00edce ne\u017e 100 zem\u00ed jsou online 24 hodin denn\u011b, 7 dn\u00ed v t\u00fddnu.<\/p>\n<h3>5. Bezpe\u010dn\u00e9 a moderovan\u00e9<\/h3>\n<p>D\u00edky siln\u00fdm n\u00e1stroj\u016fm pro hl\u00e1\u0161en\u00ed a aktivn\u00edmu moderov\u00e1n\u00ed je prost\u0159ed\u00ed bezpe\u010dn\u011bj\u0161\u00ed a p\u0159\u00e1tel\u0161t\u011bj\u0161\u00ed.<\/p>\n<h3>6. P\u0159\u00e1telsk\u00e9 pro mobiln\u00ed za\u0159\u00edzen\u00ed a stoln\u00ed po\u010d\u00edta\u010de<\/h3>\n<p>Pou\u017e\u00edvejte ji na jak\u00e9mkoli za\u0159\u00edzen\u00ed, kdykoli a kdekoli.<\/p>\n<h2>Zku\u0161enosti skute\u010dn\u00fdch u\u017eivatel\u016f<\/h2>\n<blockquote><p><em>\"Po ukon\u010den\u00ed provozu slu\u017eby Omegle jsem cht\u011bl platformu pro videochat s ciz\u00edmi lidmi a StrangerCam se stal m\u00fdm favoritem. Je zdarma, rychl\u00e1 a pln\u00e1 skute\u010dn\u00fdch lid\u00ed.\"<\/em><br \/>\n- Adam, 27 let<\/p><\/blockquote>\n<blockquote><p><em>\"Na rozd\u00edl od jin\u00fdch web\u016f funguje genderov\u00fd filtr zdarma. Skv\u011ble jsem si popov\u00eddal s lidmi z cel\u00e9ho sv\u011bta.\"<\/em><br \/>\n- Sophia, 22 let<\/p><\/blockquote>\n<blockquote><p><em>\"\u017d\u00e1dn\u00e9 stahov\u00e1n\u00ed aplikac\u00ed, \u017e\u00e1dn\u00e1 registrace, jen okam\u017eit\u00e9 p\u0159ipojen\u00ed. P\u0159esn\u011b to jsem hledal.\"<\/em><br \/>\n- Liam, 30 let<\/p><\/blockquote>\n<blockquote><p><em>\"D\u00edky moderov\u00e1n\u00ed se c\u00edt\u00edm bezpe\u010dn\u011b. Kdy\u017e je n\u011bkdo hrub\u00fd, m\u016f\u017eu ho okam\u017eit\u011b p\u0159esko\u010dit nebo nahl\u00e1sit.\"<\/em><br \/>\n- Isabella, 24 let<\/p><\/blockquote>\n<h2>Bezpe\u010dnostn\u00ed tipy pro videochat s ciz\u00edmi lidmi<\/h2>\n<p>N\u00e1hodn\u00fd videochat je sice z\u00e1bava, ale je d\u016fle\u017eit\u00e9 se chr\u00e1nit:<\/p>\n<ul>\n<li>Nesd\u00edlejte osobn\u00ed \u00fadaje (skute\u010dn\u00e9 jm\u00e9no, telefon, adresu).<\/li>\n<li>Neklikejte na odkazy zaslan\u00e9 ciz\u00edmi lidmi.<\/li>\n<li>Pokud se nec\u00edt\u00edte dob\u0159e, pou\u017eijte voln\u011b tla\u010d\u00edtko \"Dal\u0161\u00ed\".<\/li>\n<li>Zkontrolujte si sv\u00e9 pozad\u00ed, abyste se vyhnuli zobrazov\u00e1n\u00ed soukrom\u00fdch informac\u00ed.<\/li>\n<li>Dr\u017ete se n\u00e1stroj\u016f platformy (v p\u0159\u00edpad\u011b pot\u0159eby je zablokujte nebo nahlaste).<\/li>\n<li>Pokud je v\u00e1m m\u00e9n\u011b ne\u017e 18 let, nepou\u017e\u00edvejte chatovac\u00ed platformy pro dosp\u011bl\u00e9.<\/li>\n<\/ul>\n<h2>Jak za\u010d\u00edt - krok za krokem<\/h2>\n<p>Zah\u00e1jen\u00ed videochatu s ciz\u00edmi lidmi trv\u00e1 m\u00e9n\u011b ne\u017e minutu:<\/p>\n<ol>\n<li>Otev\u0159ete StrangerCam ve sv\u00e9m za\u0159\u00edzen\u00ed.<\/li>\n<li>Povolen\u00ed p\u0159\u00edstupu ke kame\u0159e a mikrofonu.<\/li>\n<li>Vyberte sv\u00e9 preference (nap\u0159. filtr podle pohlav\u00ed).<\/li>\n<li>Kliknut\u00edm na tla\u010d\u00edtko Spustit chat se okam\u017eit\u011b p\u0159ipoj\u00edte.<\/li>\n<li>Setk\u00e1vejte se s ciz\u00edmi lidmi tv\u00e1\u0159\u00ed v tv\u00e1\u0159 a kdykoli klikn\u011bte na tla\u010d\u00edtko Dal\u0161\u00ed.<\/li>\n<\/ol>\n<p>To v\u0161e je rychl\u00e9, snadn\u00e9 a zdarma.<\/p>\n<h2>Z\u00e1v\u011bre\u010dn\u00e9 my\u0161lenky - Vyzkou\u0161ejte nyn\u00ed bezplatn\u00fd videochat s ciz\u00edmi lidmi<\/h2>\n<p>V roce 2025 z\u016fst\u00e1v\u00e1 videochat s ciz\u00edmi lidmi jedn\u00edm z nejzaj\u00edmav\u011bj\u0161\u00edch zp\u016fsob\u016f, jak se sezn\u00e1mit s nov\u00fdmi lidmi online. Je spont\u00e1nn\u00ed, autentick\u00fd a okam\u017eit\u011b v\u00e1s spoj\u00ed se skute\u010dn\u00fdmi lidmi po cel\u00e9m sv\u011bt\u011b. Ne v\u0161echny platformy v\u0161ak pln\u00ed sv\u00e9 sliby - n\u011bkter\u00e9 omezuj\u00ed funkce nebo stav\u00ed placen\u00e9 zdi.<\/p>\n<p>Proto je StrangerCam v\u00fdjime\u010dn\u00e1: je bezplatn\u00e1, bezpe\u010dn\u00e1, anonymn\u00ed a glob\u00e1ln\u00ed. A\u0165 u\u017e se chcete sp\u0159\u00e1telit, sezn\u00e1mit se s d\u00edvkami nebo si jen u\u017e\u00edvat n\u00e1hodn\u00e9 konverzace, je to jedna z nejlep\u0161\u00edch mo\u017enost\u00ed, kter\u00e9 jsou dnes k dispozici.<\/p>\n<p>Jste p\u0159ipraveni se p\u0159ipojit? Za\u010dn\u011bte nyn\u00ed bezplatn\u00fd videochat s cizinci a zjist\u011bte, koho potk\u00e1te p\u0159\u00ed\u0161t\u011b.<\/p>","protected":false},"excerpt":{"rendered":"<p>Are you searching for the best way to video chat with strangers? You\u2019re not alone. Since the rise of Omegle, Chatroulette, and similar platforms, millions of people worldwide have discovered the thrill of instant video chat with random people across the globe. In 2025, the trend is bigger than ever\u2014with new platforms offering safer, smoother, [&hellip;]<\/p>\n","protected":false},"author":8,"featured_media":0,"parent":0,"menu_order":0,"comment_status":"closed","ping_status":"closed","template":"","meta":{"footnotes":""},"class_list":["post-3516","page","type-page","status-publish","hentry"],"yoast_head":"<!-- This site is optimized with the Yoast SEO plugin v26.9 - https:\/\/yoast.com\/product\/yoast-seo-wordpress\/ -->\n<title>Video Chat With Strangers with Random Chat on Strangercam.com<\/title>\n<meta name=\"description\" content=\"Liking Video Chat With Strangers? Join millions on StrangerCam.com! Start a random video chat, turn on your cam, and meet strangers instantly.\" \/>\n<meta name=\"robots\" content=\"index, follow, max-snippet:-1, max-image-preview:large, max-video-preview:-1\" \/>\n<link rel=\"canonical\" href=\"https:\/\/strangercam.com\/cs\/videochat-s-cizimi-lidmi\/\" \/>\n<meta property=\"og:locale\" content=\"cs_CZ\" \/>\n<meta property=\"og:type\" content=\"article\" \/>\n<meta property=\"og:title\" content=\"Video Chat With Strangers with Random Chat on Strangercam.com\" \/>\n<meta property=\"og:description\" content=\"Liking Video Chat With Strangers? Join millions on StrangerCam.com! Start a random video chat, turn on your cam, and meet strangers instantly.\" \/>\n<meta property=\"og:url\" content=\"https:\/\/strangercam.com\/cs\/videochat-s-cizimi-lidmi\/\" \/>\n<meta property=\"og:site_name\" content=\"Strangercam\" \/>\n<meta property=\"article:publisher\" content=\"https:\/\/www.facebook.com\/strangercam\" \/>\n<meta property=\"article:modified_time\" content=\"2025-08-18T12:14:10+00:00\" \/>\n<meta property=\"og:image\" content=\"https:\/\/strangercam.com\/wp-content\/uploads\/2021\/10\/Untitled-2.png\" \/>\n\t<meta property=\"og:image:width\" content=\"800\" \/>\n\t<meta property=\"og:image:height\" content=\"532\" \/>\n\t<meta property=\"og:image:type\" content=\"image\/png\" \/>\n<meta name=\"twitter:card\" content=\"summary_large_image\" \/>\n<meta name=\"twitter:site\" content=\"@strangercamapp\" \/>\n<meta name=\"twitter:label1\" content=\"Odhadovan\u00e1 doba \u010dten\u00ed\" \/>\n\t<meta name=\"twitter:data1\" content=\"5 minut\" \/>\n<script type=\"application\/ld+json\" class=\"yoast-schema-graph\">{\"@context\":\"https:\/\/schema.org\",\"@graph\":[{\"@type\":\"WebPage\",\"@id\":\"https:\/\/strangercam.com\/video-chat-with-strangers\/\",\"url\":\"https:\/\/strangercam.com\/video-chat-with-strangers\/\",\"name\":\"Video Chat With Strangers with Random Chat on Strangercam.com\",\"isPartOf\":{\"@id\":\"https:\/\/strangercam.com\/#website\"},\"datePublished\":\"2025-08-18T11:21:58+00:00\",\"dateModified\":\"2025-08-18T12:14:10+00:00\",\"description\":\"Liking Video Chat With Strangers? Join millions on StrangerCam.com! Start a random video chat, turn on your cam, and meet strangers instantly.\",\"breadcrumb\":{\"@id\":\"https:\/\/strangercam.com\/video-chat-with-strangers\/#breadcrumb\"},\"inLanguage\":\"cs\",\"potentialAction\":[{\"@type\":\"ReadAction\",\"target\":[\"https:\/\/strangercam.com\/video-chat-with-strangers\/\"]}]},{\"@type\":\"BreadcrumbList\",\"@id\":\"https:\/\/strangercam.com\/video-chat-with-strangers\/#breadcrumb\",\"itemListElement\":[{\"@type\":\"ListItem\",\"position\":1,\"name\":\"Home\",\"item\":\"https:\/\/strangercam.com\/\"},{\"@type\":\"ListItem\",\"position\":2,\"name\":\"Video Chat With Strangers\"}]},{\"@type\":\"WebSite\",\"@id\":\"https:\/\/strangercam.com\/#website\",\"url\":\"https:\/\/strangercam.com\/\",\"name\":\"Strangercam\",\"description\":\"Random Video Chat with Strangers\",\"publisher\":{\"@id\":\"https:\/\/strangercam.com\/#organization\"},\"alternateName\":\"Strangercam.com\",\"potentialAction\":[{\"@type\":\"SearchAction\",\"target\":{\"@type\":\"EntryPoint\",\"urlTemplate\":\"https:\/\/strangercam.com\/?s={search_term_string}\"},\"query-input\":{\"@type\":\"PropertyValueSpecification\",\"valueRequired\":true,\"valueName\":\"search_term_string\"}}],\"inLanguage\":\"cs\"},{\"@type\":\"Organization\",\"@id\":\"https:\/\/strangercam.com\/#organization\",\"name\":\"Strangercam\",\"alternateName\":\"Strangercam.com\",\"url\":\"https:\/\/strangercam.com\/\",\"logo\":{\"@type\":\"ImageObject\",\"inLanguage\":\"cs\",\"@id\":\"https:\/\/strangercam.com\/#\/schema\/logo\/image\/\",\"url\":\"https:\/\/strangercam.com\/wp-content\/uploads\/2020\/11\/cropped-new-favicon-black.png\",\"contentUrl\":\"https:\/\/strangercam.com\/wp-content\/uploads\/2020\/11\/cropped-new-favicon-black.png\",\"width\":512,\"height\":512,\"caption\":\"Strangercam\"},\"image\":{\"@id\":\"https:\/\/strangercam.com\/#\/schema\/logo\/image\/\"},\"sameAs\":[\"https:\/\/www.facebook.com\/strangercam\",\"https:\/\/x.com\/strangercamapp\"]}]}<\/script>\n<!-- \/ Yoast SEO plugin. -->","yoast_head_json":{"title":"Video chat s ciz\u00edmi lidmi s n\u00e1hodn\u00fdm chatem na Strangercam.com","description":"L\u00edb\u00ed se v\u00e1m videochat s ciz\u00edmi lidmi? Join miliony na StrangerCam.com! Spus\u0165te n\u00e1hodn\u00fd videochat, zapn\u011bte kameru a okam\u017eit\u011b se seznamte s ciz\u00edmi lidmi.","robots":{"index":"index","follow":"follow","max-snippet":"max-snippet:-1","max-image-preview":"max-image-preview:large","max-video-preview":"max-video-preview:-1"},"canonical":"https:\/\/strangercam.com\/cs\/videochat-s-cizimi-lidmi\/","og_locale":"cs_CZ","og_type":"article","og_title":"Video Chat With Strangers with Random Chat on Strangercam.com","og_description":"Liking Video Chat With Strangers? Join millions on StrangerCam.com! Start a random video chat, turn on your cam, and meet strangers instantly.","og_url":"https:\/\/strangercam.com\/cs\/videochat-s-cizimi-lidmi\/","og_site_name":"Strangercam","article_publisher":"https:\/\/www.facebook.com\/strangercam","article_modified_time":"2025-08-18T12:14:10+00:00","og_image":[{"width":800,"height":532,"url":"https:\/\/strangercam.com\/wp-content\/uploads\/2021\/10\/Untitled-2.png","type":"image\/png"}],"twitter_card":"summary_large_image","twitter_site":"@strangercamapp","twitter_misc":{"Odhadovan\u00e1 doba \u010dten\u00ed":"5 minut"},"schema":{"@context":"https:\/\/schema.org","@graph":[{"@type":"WebPage","@id":"https:\/\/strangercam.com\/video-chat-with-strangers\/","url":"https:\/\/strangercam.com\/video-chat-with-strangers\/","name":"Video chat s ciz\u00edmi lidmi s n\u00e1hodn\u00fdm chatem na Strangercam.com","isPartOf":{"@id":"https:\/\/strangercam.com\/#website"},"datePublished":"2025-08-18T11:21:58+00:00","dateModified":"2025-08-18T12:14:10+00:00","description":"L\u00edb\u00ed se v\u00e1m videochat s ciz\u00edmi lidmi? Join miliony na StrangerCam.com! Spus\u0165te n\u00e1hodn\u00fd videochat, zapn\u011bte kameru a okam\u017eit\u011b se seznamte s ciz\u00edmi lidmi.","breadcrumb":{"@id":"https:\/\/strangercam.com\/video-chat-with-strangers\/#breadcrumb"},"inLanguage":"cs","potentialAction":[{"@type":"ReadAction","target":["https:\/\/strangercam.com\/video-chat-with-strangers\/"]}]},{"@type":"BreadcrumbList","@id":"https:\/\/strangercam.com\/video-chat-with-strangers\/#breadcrumb","itemListElement":[{"@type":"ListItem","position":1,"name":"Home","item":"https:\/\/strangercam.com\/"},{"@type":"ListItem","position":2,"name":"Video Chat With Strangers"}]},{"@type":"WebSite","@id":"https:\/\/strangercam.com\/#website","url":"https:\/\/strangercam.com\/","name":"Strangercam","description":"N\u00e1hodn\u00fd videochat s ciz\u00edmi lidmi","publisher":{"@id":"https:\/\/strangercam.com\/#organization"},"alternateName":"Strangercam.com","potentialAction":[{"@type":"SearchAction","target":{"@type":"EntryPoint","urlTemplate":"https:\/\/strangercam.com\/?s={search_term_string}"},"query-input":{"@type":"PropertyValueSpecification","valueRequired":true,"valueName":"search_term_string"}}],"inLanguage":"cs"},{"@type":"Organization","@id":"https:\/\/strangercam.com\/#organization","name":"Strangercam","alternateName":"Strangercam.com","url":"https:\/\/strangercam.com\/","logo":{"@type":"ImageObject","inLanguage":"cs","@id":"https:\/\/strangercam.com\/#\/schema\/logo\/image\/","url":"https:\/\/strangercam.com\/wp-content\/uploads\/2020\/11\/cropped-new-favicon-black.png","contentUrl":"https:\/\/strangercam.com\/wp-content\/uploads\/2020\/11\/cropped-new-favicon-black.png","width":512,"height":512,"caption":"Strangercam"},"image":{"@id":"https:\/\/strangercam.com\/#\/schema\/logo\/image\/"},"sameAs":["https:\/\/www.facebook.com\/strangercam","https:\/\/x.com\/strangercamapp"]}]}},"_links":{"self":[{"href":"https:\/\/strangercam.com\/cs\/wp-json\/wp\/v2\/pages\/3516","targetHints":{"allow":["GET"]}}],"collection":[{"href":"https:\/\/strangercam.com\/cs\/wp-json\/wp\/v2\/pages"}],"about":[{"href":"https:\/\/strangercam.com\/cs\/wp-json\/wp\/v2\/types\/page"}],"author":[{"embeddable":true,"href":"https:\/\/strangercam.com\/cs\/wp-json\/wp\/v2\/users\/8"}],"replies":[{"embeddable":true,"href":"https:\/\/strangercam.com\/cs\/wp-json\/wp\/v2\/comments?post=3516"}],"version-history":[{"count":2,"href":"https:\/\/strangercam.com\/cs\/wp-json\/wp\/v2\/pages\/3516\/revisions"}],"predecessor-version":[{"id":12969,"href":"https:\/\/strangercam.com\/cs\/wp-json\/wp\/v2\/pages\/3516\/revisions\/12969"}],"wp:attachment":[{"href":"https:\/\/strangercam.com\/cs\/wp-json\/wp\/v2\/media?parent=3516"}],"curies":[{"name":"wp","href":"https:\/\/api.w.org\/{rel}","templated":true}]}}