{"id":3300,"date":"2021-05-09T21:47:49","date_gmt":"2021-05-09T19:47:49","guid":{"rendered":"https:\/\/strangercam.com\/?page_id=3300"},"modified":"2023-08-21T12:24:41","modified_gmt":"2023-08-21T10:24:41","slug":"chatpig","status":"publish","type":"page","link":"https:\/\/strangercam.com\/cs\/chatpig\/","title":{"rendered":"Chatpig"},"content":{"rendered":"<p>Technologie se den ode dne zdokonaluj\u00ed a umo\u017e\u0148uj\u00ed lidem spojit se s ostatn\u00edmi co nejd\u0159\u00edve. Poskytuj\u00ed tak\u00e9 mo\u017enosti, jak nav\u00e1zat vztahy na d\u00e1lku a z\u00edskat nov\u00e9 p\u0159\u00e1tele prost\u0159ednictv\u00edm seznamek a aplikac\u00ed. Chatpig seznamka umo\u017e\u0148uje \u010dlen\u016fm zajistit z\u00e1bavu a vzru\u0161en\u00ed po vytvo\u0159en\u00ed \u00fa\u010dtu. U\u017eivatel\u016fm umo\u017e\u0148uje snadno naj\u00edt nov\u00e9 p\u0159\u00e1tele z r\u016fzn\u00fdch oblast\u00ed \u017eivota. Ti, kte\u0159\u00ed cht\u011bj\u00ed identifikovat nezadan\u00e9 v dan\u00e9 lokalit\u011b, mohou z webov\u00e9 str\u00e1nky hodn\u011b t\u011b\u017eit, proto\u017ee pro n\u011b pokr\u00fdv\u00e1 vynikaj\u00edc\u00ed funkce. Krom\u011b toho je webov\u00e1 str\u00e1nka nejlep\u0161\u00ed volbou pro <a href=\"https:\/\/strangercam.com\/cs\/shagle\/\">pro dosp\u011bl\u00e9<\/a> seznamovac\u00ed \u00fa\u010dely, kter\u00e9 uspokojuj\u00ed pot\u0159eby u\u017eivatel\u016f.<\/p>\n<h2>Jak si vytvo\u0159it \u00fa\u010det na seznamce Chatpig?<\/h2>\n<p>Proces registrace je velmi jednoduch\u00fd a nov\u00ed \u010dlenov\u00e9 mohou na webu pokra\u010dovat bu\u010f jako host\u00e9, nebo si vytvo\u0159it \u00fa\u010det. Na druhou stranu je p\u0159i v\u00fdb\u011bru mo\u017enosti hosta nutn\u00e9 zvolit pohlav\u00ed a p\u0159ijmout podm\u00ednky na webu. Nov\u00ed u\u017eivatel\u00e9, kte\u0159\u00ed si cht\u011bj\u00ed vytvo\u0159it \u00fa\u010det, by m\u011bli m\u00edt platn\u00fd e-mail a uv\u00e9st p\u0159ezd\u00edvku se siln\u00fdm heslem. Po obdr\u017een\u00ed e-mailu je t\u0159eba zadat aktiva\u010dn\u00ed k\u00f3d pro ov\u011b\u0159en\u00ed \u00fa\u010dtu.<\/p>\n<h3>V\u011bd\u011bt v\u00edce o chatu pro dosp\u011bl\u00e9<\/h3>\n<p>Seznamovac\u00ed web nab\u00edz\u00ed dosp\u011bl\u00e9 <a href=\"https:\/\/strangercam.com\/cs\/bazookamera\/\">cam<\/a> <a href=\"https:\/\/strangercam.com\/cs\/chatroulette\/\">chat<\/a> slu\u017eby, kter\u00e9 u\u017eivatel\u016fm umo\u017e\u0148uj\u00ed komunikovat s modely a dal\u0161\u00edmi osobami. \u010clov\u011bk se m\u016f\u017ee na str\u00e1nky p\u0159ihl\u00e1sit pomoc\u00ed sv\u00e9 p\u0159ezd\u00edvky a hesla a za\u010d\u00edt chatovat s ostatn\u00edmi. Krom\u011b toho si \u010dlenov\u00e9 mohou po podrobn\u00e9m vyhodnocen\u00ed kategori\u00ed dokonce vybrat typ kamery, kterou cht\u011bj\u00ed. Jedn\u00e1 se o jedinou platformu pro chatov\u00e1n\u00ed p\u0159es webkameru, kde mohou u\u017eivatel\u00e9 hovo\u0159it s mu\u017ei, \u017eenami, p\u00e1ry a dal\u0161\u00edmi. Krom\u011b toho lze chatovat s jak\u00fdmkoli pohlav\u00edm bez pou\u017eit\u00ed filtru pohlav\u00ed. U\u017eivatel\u00e9 by v\u0161ak m\u011bli p\u0159i chatov\u00e1n\u00ed podrobn\u011b dodr\u017eovat pravidla a p\u0159edpisy. <a href=\"https:\/\/strangercam.com\/cs\/video-chat-s-divkami\/\">d\u00edvky<\/a>.<\/p>\n<h3>Jak\u00e9 jsou funkce modelu Chatpig?<\/h3>\n<p>Na webov\u00fdch str\u00e1nk\u00e1ch je k dispozici n\u011bkolik chatovac\u00edch m\u00edstnost\u00ed, kde lze snadno naj\u00edt mnoho hork\u00fdch chlapc\u016f a d\u00edvek. Poskytuje zp\u016fsoby, jak pos\u00edlat textov\u00e9 zpr\u00e1vy, obr\u00e1zky a emotikony ostatn\u00edm, kter\u00e9 pomohou identifikovat lidi, kte\u0159\u00ed maj\u00ed spole\u010dn\u00e9 z\u00e1jmy. U\u017eivatel\u00e9 si dokonce mohou na webov\u00fdch str\u00e1nk\u00e1ch zakoupit \u017eeton, aby se stali \u010dleny. Mezi dal\u0161\u00ed funkce, kter\u00e9 webov\u00e1 str\u00e1nka nab\u00edz\u00ed, pat\u0159\u00ed kvalitn\u00ed rozhran\u00ed, kvalita publika, bezpe\u010dnost a soukrom\u00ed, \u010d\u00edm\u017e ukazuje zp\u016fsoby, jak zajistit dobr\u00e9 zku\u0161enosti. Sou\u010dasn\u011b je rozumn\u00e9 p\u0159ed vytvo\u0159en\u00edm \u00fa\u010dtu na webu \u0159\u00e1dn\u011b dodr\u017eovat podm\u00ednky, kter\u00e9 pom\u00e1haj\u00ed <a href=\"https:\/\/strangercam.com\/cs\/coomeet\/\">Seznamte se s<\/a> z\u00e1kladn\u00ed pot\u0159eby.<\/p>","protected":false},"excerpt":{"rendered":"<p>Technologies are improving day by day allowing people to connect with others as soon as possible. They also provide ways to develop long-distance relationships and make new friends through dating sites and apps. Chatpig dating website enables members to ensure fun and excitement after creating an account. It enables users to find new friends from [&hellip;]<\/p>\n","protected":false},"author":6,"featured_media":559,"parent":0,"menu_order":0,"comment_status":"closed","ping_status":"closed","template":"","meta":{"footnotes":""},"class_list":["post-3300","page","type-page","status-publish","has-post-thumbnail","hentry"],"yoast_head":"<!-- This site is optimized with the Yoast SEO plugin v26.9 - https:\/\/yoast.com\/product\/yoast-seo-wordpress\/ -->\n<title>Chatpig - Most Popular Video Chats - Cam on StrangerCam.com<\/title>\n<meta name=\"description\" content=\"Like Chatpig? Come chat with more than 5.000.000 strangers on Stranger Cam for Free! Turn on your cam and find new friends &amp; maby a match!\" \/>\n<meta name=\"robots\" content=\"index, follow, max-snippet:-1, max-image-preview:large, max-video-preview:-1\" \/>\n<link rel=\"canonical\" href=\"https:\/\/strangercam.com\/cs\/chatpig\/\" \/>\n<meta property=\"og:locale\" content=\"cs_CZ\" \/>\n<meta property=\"og:type\" content=\"article\" \/>\n<meta property=\"og:title\" content=\"Chatpig - Most Popular Video Chats - Cam on StrangerCam.com\" \/>\n<meta property=\"og:description\" content=\"Like Chatpig? Come chat with more than 5.000.000 strangers on Stranger Cam for Free! Turn on your cam and find new friends &amp; maby a match!\" \/>\n<meta property=\"og:url\" content=\"https:\/\/strangercam.com\/cs\/chatpig\/\" \/>\n<meta property=\"og:site_name\" content=\"Strangercam\" \/>\n<meta property=\"article:publisher\" content=\"https:\/\/www.facebook.com\/strangercam\" \/>\n<meta property=\"article:modified_time\" content=\"2023-08-21T10:24:41+00:00\" \/>\n<meta property=\"og:image\" content=\"https:\/\/strangercam.com\/wp-content\/uploads\/2020\/11\/stranger-cam-1.png\" \/>\n\t<meta property=\"og:image:width\" content=\"800\" \/>\n\t<meta property=\"og:image:height\" content=\"800\" \/>\n\t<meta property=\"og:image:type\" content=\"image\/png\" \/>\n<meta name=\"twitter:card\" content=\"summary_large_image\" \/>\n<meta name=\"twitter:site\" content=\"@strangercamapp\" \/>\n<meta name=\"twitter:label1\" content=\"Odhadovan\u00e1 doba \u010dten\u00ed\" \/>\n\t<meta name=\"twitter:data1\" content=\"2 minuty\" \/>\n<script type=\"application\/ld+json\" class=\"yoast-schema-graph\">{\"@context\":\"https:\/\/schema.org\",\"@graph\":[{\"@type\":\"WebPage\",\"@id\":\"https:\/\/strangercam.com\/chatpig\/\",\"url\":\"https:\/\/strangercam.com\/chatpig\/\",\"name\":\"Chatpig - Most Popular Video Chats - Cam on StrangerCam.com\",\"isPartOf\":{\"@id\":\"https:\/\/strangercam.com\/#website\"},\"primaryImageOfPage\":{\"@id\":\"https:\/\/strangercam.com\/chatpig\/#primaryimage\"},\"image\":{\"@id\":\"https:\/\/strangercam.com\/chatpig\/#primaryimage\"},\"thumbnailUrl\":\"https:\/\/strangercam.com\/wp-content\/uploads\/2020\/11\/stranger-cam-1.png\",\"datePublished\":\"2021-05-09T19:47:49+00:00\",\"dateModified\":\"2023-08-21T10:24:41+00:00\",\"description\":\"Like Chatpig? Come chat with more than 5.000.000 strangers on Stranger Cam for Free! Turn on your cam and find new friends & maby a match!\",\"breadcrumb\":{\"@id\":\"https:\/\/strangercam.com\/chatpig\/#breadcrumb\"},\"inLanguage\":\"cs\",\"potentialAction\":[{\"@type\":\"ReadAction\",\"target\":[\"https:\/\/strangercam.com\/chatpig\/\"]}]},{\"@type\":\"ImageObject\",\"inLanguage\":\"cs\",\"@id\":\"https:\/\/strangercam.com\/chatpig\/#primaryimage\",\"url\":\"https:\/\/strangercam.com\/wp-content\/uploads\/2020\/11\/stranger-cam-1.png\",\"contentUrl\":\"https:\/\/strangercam.com\/wp-content\/uploads\/2020\/11\/stranger-cam-1.png\",\"width\":800,\"height\":800,\"caption\":\"stranger cam random video chat\"},{\"@type\":\"BreadcrumbList\",\"@id\":\"https:\/\/strangercam.com\/chatpig\/#breadcrumb\",\"itemListElement\":[{\"@type\":\"ListItem\",\"position\":1,\"name\":\"Home\",\"item\":\"https:\/\/strangercam.com\/\"},{\"@type\":\"ListItem\",\"position\":2,\"name\":\"Chatpig\"}]},{\"@type\":\"WebSite\",\"@id\":\"https:\/\/strangercam.com\/#website\",\"url\":\"https:\/\/strangercam.com\/\",\"name\":\"Strangercam\",\"description\":\"Random Video Chat with Strangers\",\"publisher\":{\"@id\":\"https:\/\/strangercam.com\/#organization\"},\"alternateName\":\"Strangercam.com\",\"potentialAction\":[{\"@type\":\"SearchAction\",\"target\":{\"@type\":\"EntryPoint\",\"urlTemplate\":\"https:\/\/strangercam.com\/?s={search_term_string}\"},\"query-input\":{\"@type\":\"PropertyValueSpecification\",\"valueRequired\":true,\"valueName\":\"search_term_string\"}}],\"inLanguage\":\"cs\"},{\"@type\":\"Organization\",\"@id\":\"https:\/\/strangercam.com\/#organization\",\"name\":\"Strangercam\",\"alternateName\":\"Strangercam.com\",\"url\":\"https:\/\/strangercam.com\/\",\"logo\":{\"@type\":\"ImageObject\",\"inLanguage\":\"cs\",\"@id\":\"https:\/\/strangercam.com\/#\/schema\/logo\/image\/\",\"url\":\"https:\/\/strangercam.com\/wp-content\/uploads\/2020\/11\/cropped-new-favicon-black.png\",\"contentUrl\":\"https:\/\/strangercam.com\/wp-content\/uploads\/2020\/11\/cropped-new-favicon-black.png\",\"width\":512,\"height\":512,\"caption\":\"Strangercam\"},\"image\":{\"@id\":\"https:\/\/strangercam.com\/#\/schema\/logo\/image\/\"},\"sameAs\":[\"https:\/\/www.facebook.com\/strangercam\",\"https:\/\/x.com\/strangercamapp\"]}]}<\/script>\n<!-- \/ Yoast SEO plugin. -->","yoast_head_json":{"title":"Chatpig - Nejobl\u00edben\u011bj\u0161\u00ed videochaty - Cam na StrangerCam.com","description":"Jako Chatpig? Poj\u010fte si zdarma popov\u00eddat s v\u00edce ne\u017e 5 000 000 cizinci na Stranger Cam! Zapn\u011bte si kameru a najd\u011bte nov\u00e9 p\u0159\u00e1tele &amp; maby z\u00e1pas!","robots":{"index":"index","follow":"follow","max-snippet":"max-snippet:-1","max-image-preview":"max-image-preview:large","max-video-preview":"max-video-preview:-1"},"canonical":"https:\/\/strangercam.com\/cs\/chatpig\/","og_locale":"cs_CZ","og_type":"article","og_title":"Chatpig - Most Popular Video Chats - Cam on StrangerCam.com","og_description":"Like Chatpig? Come chat with more than 5.000.000 strangers on Stranger Cam for Free! Turn on your cam and find new friends & maby a match!","og_url":"https:\/\/strangercam.com\/cs\/chatpig\/","og_site_name":"Strangercam","article_publisher":"https:\/\/www.facebook.com\/strangercam","article_modified_time":"2023-08-21T10:24:41+00:00","og_image":[{"width":800,"height":800,"url":"https:\/\/strangercam.com\/wp-content\/uploads\/2020\/11\/stranger-cam-1.png","type":"image\/png"}],"twitter_card":"summary_large_image","twitter_site":"@strangercamapp","twitter_misc":{"Odhadovan\u00e1 doba \u010dten\u00ed":"2 minuty"},"schema":{"@context":"https:\/\/schema.org","@graph":[{"@type":"WebPage","@id":"https:\/\/strangercam.com\/chatpig\/","url":"https:\/\/strangercam.com\/chatpig\/","name":"Chatpig - Nejobl\u00edben\u011bj\u0161\u00ed videochaty - Cam na StrangerCam.com","isPartOf":{"@id":"https:\/\/strangercam.com\/#website"},"primaryImageOfPage":{"@id":"https:\/\/strangercam.com\/chatpig\/#primaryimage"},"image":{"@id":"https:\/\/strangercam.com\/chatpig\/#primaryimage"},"thumbnailUrl":"https:\/\/strangercam.com\/wp-content\/uploads\/2020\/11\/stranger-cam-1.png","datePublished":"2021-05-09T19:47:49+00:00","dateModified":"2023-08-21T10:24:41+00:00","description":"Jako Chatpig? Poj\u010fte si zdarma popov\u00eddat s v\u00edce ne\u017e 5 000 000 cizinci na Stranger Cam! Zapn\u011bte si kameru a najd\u011bte nov\u00e9 p\u0159\u00e1tele &amp; maby z\u00e1pas!","breadcrumb":{"@id":"https:\/\/strangercam.com\/chatpig\/#breadcrumb"},"inLanguage":"cs","potentialAction":[{"@type":"ReadAction","target":["https:\/\/strangercam.com\/chatpig\/"]}]},{"@type":"ImageObject","inLanguage":"cs","@id":"https:\/\/strangercam.com\/chatpig\/#primaryimage","url":"https:\/\/strangercam.com\/wp-content\/uploads\/2020\/11\/stranger-cam-1.png","contentUrl":"https:\/\/strangercam.com\/wp-content\/uploads\/2020\/11\/stranger-cam-1.png","width":800,"height":800,"caption":"stranger cam random video chat"},{"@type":"BreadcrumbList","@id":"https:\/\/strangercam.com\/chatpig\/#breadcrumb","itemListElement":[{"@type":"ListItem","position":1,"name":"Home","item":"https:\/\/strangercam.com\/"},{"@type":"ListItem","position":2,"name":"Chatpig"}]},{"@type":"WebSite","@id":"https:\/\/strangercam.com\/#website","url":"https:\/\/strangercam.com\/","name":"Strangercam","description":"N\u00e1hodn\u00fd videochat s ciz\u00edmi lidmi","publisher":{"@id":"https:\/\/strangercam.com\/#organization"},"alternateName":"Strangercam.com","potentialAction":[{"@type":"SearchAction","target":{"@type":"EntryPoint","urlTemplate":"https:\/\/strangercam.com\/?s={search_term_string}"},"query-input":{"@type":"PropertyValueSpecification","valueRequired":true,"valueName":"search_term_string"}}],"inLanguage":"cs"},{"@type":"Organization","@id":"https:\/\/strangercam.com\/#organization","name":"Strangercam","alternateName":"Strangercam.com","url":"https:\/\/strangercam.com\/","logo":{"@type":"ImageObject","inLanguage":"cs","@id":"https:\/\/strangercam.com\/#\/schema\/logo\/image\/","url":"https:\/\/strangercam.com\/wp-content\/uploads\/2020\/11\/cropped-new-favicon-black.png","contentUrl":"https:\/\/strangercam.com\/wp-content\/uploads\/2020\/11\/cropped-new-favicon-black.png","width":512,"height":512,"caption":"Strangercam"},"image":{"@id":"https:\/\/strangercam.com\/#\/schema\/logo\/image\/"},"sameAs":["https:\/\/www.facebook.com\/strangercam","https:\/\/x.com\/strangercamapp"]}]}},"_links":{"self":[{"href":"https:\/\/strangercam.com\/cs\/wp-json\/wp\/v2\/pages\/3300","targetHints":{"allow":["GET"]}}],"collection":[{"href":"https:\/\/strangercam.com\/cs\/wp-json\/wp\/v2\/pages"}],"about":[{"href":"https:\/\/strangercam.com\/cs\/wp-json\/wp\/v2\/types\/page"}],"author":[{"embeddable":true,"href":"https:\/\/strangercam.com\/cs\/wp-json\/wp\/v2\/users\/6"}],"replies":[{"embeddable":true,"href":"https:\/\/strangercam.com\/cs\/wp-json\/wp\/v2\/comments?post=3300"}],"version-history":[{"count":0,"href":"https:\/\/strangercam.com\/cs\/wp-json\/wp\/v2\/pages\/3300\/revisions"}],"wp:featuredmedia":[{"embeddable":true,"href":"https:\/\/strangercam.com\/cs\/wp-json\/wp\/v2\/media\/559"}],"wp:attachment":[{"href":"https:\/\/strangercam.com\/cs\/wp-json\/wp\/v2\/media?parent=3300"}],"curies":[{"name":"wp","href":"https:\/\/api.w.org\/{rel}","templated":true}]}}