{"id":3266,"date":"2021-05-09T21:39:15","date_gmt":"2021-05-09T19:39:15","guid":{"rendered":"https:\/\/strangercam.com\/?page_id=3266"},"modified":"2023-08-21T12:24:41","modified_gmt":"2023-08-21T10:24:41","slug":"imeetzu","status":"publish","type":"page","link":"https:\/\/strangercam.com\/cs\/imeetzu\/","title":{"rendered":"iMeetzu"},"content":{"rendered":"<p>Chodit s n\u011bk\u00fdm Webov\u00e9 str\u00e1nky by m\u011bly zahrnovat v\u0161echny funkce pro u\u017eivatele, kdy\u017e cht\u011bj\u00ed naj\u00edt p\u0159\u00e1tele s lehkost\u00ed. Webov\u00e9 str\u00e1nky iMeetzu poskytuj\u00ed metody pro identifikaci lid\u00ed, kte\u0159\u00ed cht\u011bj\u00ed budovat vztahy s ostatn\u00edmi. Nab\u00edz\u00ed n\u00e1hodn\u00e9 \u017eiv\u00e9 <a href=\"https:\/\/strangercam.com\/cs\/chatroulette\/\">chat<\/a> a textov\u00e9 chatovac\u00ed m\u00edstnosti, kde mohou \u010dlenov\u00e9 snadno prozkoumat z\u00e1jmy a vlastnosti ostatn\u00edch. Webov\u00e9 str\u00e1nky poskytuj\u00ed metody, jak po identifikaci vhodn\u00fdch osob rozv\u00edjet p\u0159\u00e1telstv\u00ed a vztahy. \u010clenov\u00e9 mohou na t\u011bchto webov\u00fdch str\u00e1nk\u00e1ch vyu\u017e\u00edt v\u00edce mo\u017enost\u00ed chatov\u00e1n\u00ed, kdy\u017e cht\u011bj\u00ed <a href=\"https:\/\/strangercam.com\/cs\/coomeet\/\">Seznamte se s<\/a> dobr\u00e9 p\u0159\u00e1tele v m\u00edst\u011b. Nav\u00edc mohou nav\u00e1zat efektivn\u00ed komunikaci s mo\u017enostmi, kter\u00e9 pom\u00e1haj\u00ed budovat vazby.<\/p>\n<h2>Jak\u00e9 jsou v\u00fdhody a nev\u00fdhody modelu iMeetzu?<\/h2>\n<p>Chodit s n\u011bk\u00fdm Webov\u00e9 str\u00e1nky nab\u00edz\u00ed kompatibilitu s r\u016fzn\u00fdmi za\u0159\u00edzen\u00edmi, co\u017e u\u017eivatel\u016fm umo\u017e\u0148uje z\u00edskat lep\u0161\u00ed zku\u0161enosti. Umo\u017e\u0148uje u\u017eivatel\u016fm vytv\u00e1\u0159et vlastn\u00ed profily s u\u017eivatelsky \u0159\u00edzen\u00fdm nastaven\u00edm soukrom\u00ed, kter\u00e9 zaji\u0161\u0165uje v\u011bt\u0161\u00ed ochranu. Krom\u011b toho iMeetzu nezahrnuje \u017e\u00e1dn\u00e9 poplatky za interak\u010dn\u00ed n\u00e1stroje p\u0159i konverzaci s ostatn\u00edmi. Dal\u0161\u00ed v\u011bc, kter\u00e1 se t\u00fdk\u00e1 webov\u00fdch str\u00e1nek, je, \u017ee dl\u00e1\u017ed\u00ed cesty k vytv\u00e1\u0159en\u00ed skupinov\u00fdch konverzac\u00ed, kter\u00e9 pom\u00e1haj\u00ed z\u00edskat optim\u00e1ln\u00ed v\u00fdsledky. Slu\u017eby jsou zdarma a umo\u017e\u0148uj\u00ed u\u017eivatel\u016fm spojit se s ostatn\u00edmi co nejd\u0159\u00edve. Na druhou stranu proces registrace nen\u00ed povinn\u00fd, co\u017e m\u016f\u017ee v\u00e9st k n\u011bkter\u00fdm probl\u00e9m\u016fm.<\/p>\n<h3>Jak\u00e9 funkce nab\u00edz\u00ed iMeetzu?<\/h3>\n<p>Ka\u017ed\u00fd, kdo chce splnit p\u0159esn\u00e9 po\u017eadavky v gay, lesbick\u00e9, a heterosexu\u00e1ln\u00ed chodit s n\u011bk\u00fdm si m\u016f\u017ee vybrat tuto webovou str\u00e1nku. <a href=\"https:\/\/strangercam.com\/cs\/shagle\/\">Dosp\u011bl\u00ed<\/a> seznamka je dal\u0161\u00ed funkc\u00ed, kter\u00e1 je k dispozici pro ty, kte\u0159\u00ed se cht\u011bj\u00ed spojit s modely online. Z\u00e1rove\u0148 by u\u017eivatel\u00e9 nem\u011bli p\u0159ekra\u010dovat \u017e\u00e1dn\u00e9 hranice, kdy\u017e s nimi cht\u011bj\u00ed konverzovat prost\u0159ednictv\u00edm webov\u00fdch kamer. Textov\u00fd chat, skupinov\u00fd chat a <a href=\"https:\/\/strangercam.com\/cs\/rabbit-video-chat\/\">video<\/a> chatov\u00e1n\u00ed jsou n\u011bkter\u00e9 dal\u0161\u00ed funkce nab\u00edzen\u00e9 na webov\u00fdch str\u00e1nk\u00e1ch, kter\u00e9 u\u017eivatel\u016fm umo\u017e\u0148uj\u00ed naj\u00edt zaj\u00edmav\u00e9 osoby v dan\u00e9 lokalit\u011b bez jak\u00fdchkoli obt\u00ed\u017e\u00ed. Na webov\u00e9 str\u00e1nky je mo\u017en\u00e9 nahr\u00e1vat a vylep\u0161ovat profilov\u00e9 obr\u00e1zky, co\u017e velmi pom\u00e1h\u00e1 rychle zap\u016fsobit na ostatn\u00ed.<\/p>\n<h3>V\u00fdhody pou\u017e\u00edv\u00e1n\u00ed webov\u00fdch str\u00e1nek iMeetzu<\/h3>\n<p>Hlavn\u00ed v\u00fdhodou pou\u017e\u00edv\u00e1n\u00ed webov\u00fdch str\u00e1nek iMeetzu je, \u017ee poskytuj\u00ed zp\u016fsoby, jak p\u0159edch\u00e1zet osam\u011blosti a dal\u0161\u00edm \u017eivotn\u00edm probl\u00e9m\u016fm. Dokonce ukazuje metody, jak si po vyhodnocen\u00ed profil\u016f a dal\u0161\u00edch \u00fadaj\u016f ostatn\u00edch \u010dlen\u016f vytvo\u0159it spole\u010dn\u00edky. Krom\u011b toho v\u00edce p\u0159isp\u00edv\u00e1 ke spojen\u00ed s ostatn\u00edmi, kte\u0159\u00ed poch\u00e1zej\u00ed z r\u016fzn\u00fdch oblast\u00ed \u017eivota. Webov\u00e9 str\u00e1nky jsou tak\u00e9 ide\u00e1ln\u00edm m\u00edstem pro seznamov\u00e1n\u00ed dosp\u011bl\u00fdch, kde je mo\u017en\u00e9 chatovat s <a href=\"https:\/\/strangercam.com\/cs\/video-chat-with-girls\/\">d\u00edvky<\/a> a chlapci prost\u0159ednictv\u00edm webov\u00fdch kamer. Webov\u00e9 str\u00e1nky poskytuj\u00ed metody v\u00fdb\u011bru n\u00e1hodn\u00fdch osob s mo\u017enostmi vyhled\u00e1v\u00e1n\u00ed a filtry pro zaji\u0161t\u011bn\u00ed efektivn\u00ed komunikace.<\/p>","protected":false},"excerpt":{"rendered":"<p>A dating website should cover all the features for users when they want to find friends with ease. iMeetzu website provides methods to identify people who want to build relationships with others. It features random live chat and text chat rooms for members to explore the interests and qualities of others easily. The website gives [&hellip;]<\/p>\n","protected":false},"author":6,"featured_media":559,"parent":0,"menu_order":0,"comment_status":"closed","ping_status":"closed","template":"","meta":{"footnotes":""},"class_list":["post-3266","page","type-page","status-publish","has-post-thumbnail","hentry"],"yoast_head":"<!-- This site is optimized with the Yoast SEO plugin v27.4 - https:\/\/yoast.com\/product\/yoast-seo-wordpress\/ -->\n<title>iMeetzu - Most Popular Video Chats - Cam on StrangerCam.com<\/title>\n<meta name=\"description\" content=\"Like iMeetzu? Come chat with more than 5.000.000 strangers on Stranger Cam for Free! Turn on your cam and find new friends &amp; maby a match!\" \/>\n<meta name=\"robots\" content=\"index, follow, max-snippet:-1, max-image-preview:large, max-video-preview:-1\" \/>\n<link rel=\"canonical\" href=\"https:\/\/strangercam.com\/cs\/imeetzu\/\" \/>\n<meta property=\"og:locale\" content=\"cs_CZ\" \/>\n<meta property=\"og:type\" content=\"article\" \/>\n<meta property=\"og:title\" content=\"iMeetzu - Most Popular Video Chats - Cam on StrangerCam.com\" \/>\n<meta property=\"og:description\" content=\"Like iMeetzu? Come chat with more than 5.000.000 strangers on Stranger Cam for Free! Turn on your cam and find new friends &amp; maby a match!\" \/>\n<meta property=\"og:url\" content=\"https:\/\/strangercam.com\/cs\/imeetzu\/\" \/>\n<meta property=\"og:site_name\" content=\"Strangercam\" \/>\n<meta property=\"article:publisher\" content=\"https:\/\/www.facebook.com\/strangercam\" \/>\n<meta property=\"article:modified_time\" content=\"2023-08-21T10:24:41+00:00\" \/>\n<meta property=\"og:image\" content=\"https:\/\/strangercam.com\/wp-content\/uploads\/2020\/11\/stranger-cam-1.png\" \/>\n\t<meta property=\"og:image:width\" content=\"800\" \/>\n\t<meta property=\"og:image:height\" content=\"800\" \/>\n\t<meta property=\"og:image:type\" content=\"image\/png\" \/>\n<meta name=\"twitter:card\" content=\"summary_large_image\" \/>\n<meta name=\"twitter:site\" content=\"@strangercamapp\" \/>\n<meta name=\"twitter:label1\" content=\"Odhadovan\u00e1 doba \u010dten\u00ed\" \/>\n\t<meta name=\"twitter:data1\" content=\"2 minuty\" \/>\n<script type=\"application\/ld+json\" class=\"yoast-schema-graph\">{\"@context\":\"https:\\\/\\\/schema.org\",\"@graph\":[{\"@type\":\"WebPage\",\"@id\":\"https:\\\/\\\/strangercam.com\\\/imeetzu\\\/\",\"url\":\"https:\\\/\\\/strangercam.com\\\/imeetzu\\\/\",\"name\":\"iMeetzu - Most Popular Video Chats - Cam on StrangerCam.com\",\"isPartOf\":{\"@id\":\"https:\\\/\\\/strangercam.com\\\/#website\"},\"primaryImageOfPage\":{\"@id\":\"https:\\\/\\\/strangercam.com\\\/imeetzu\\\/#primaryimage\"},\"image\":{\"@id\":\"https:\\\/\\\/strangercam.com\\\/imeetzu\\\/#primaryimage\"},\"thumbnailUrl\":\"https:\\\/\\\/strangercam.com\\\/wp-content\\\/uploads\\\/2020\\\/11\\\/stranger-cam-1.png\",\"datePublished\":\"2021-05-09T19:39:15+00:00\",\"dateModified\":\"2023-08-21T10:24:41+00:00\",\"description\":\"Like iMeetzu? Come chat with more than 5.000.000 strangers on Stranger Cam for Free! Turn on your cam and find new friends & maby a match!\",\"breadcrumb\":{\"@id\":\"https:\\\/\\\/strangercam.com\\\/imeetzu\\\/#breadcrumb\"},\"inLanguage\":\"cs\",\"potentialAction\":[{\"@type\":\"ReadAction\",\"target\":[\"https:\\\/\\\/strangercam.com\\\/imeetzu\\\/\"]}]},{\"@type\":\"ImageObject\",\"inLanguage\":\"cs\",\"@id\":\"https:\\\/\\\/strangercam.com\\\/imeetzu\\\/#primaryimage\",\"url\":\"https:\\\/\\\/strangercam.com\\\/wp-content\\\/uploads\\\/2020\\\/11\\\/stranger-cam-1.png\",\"contentUrl\":\"https:\\\/\\\/strangercam.com\\\/wp-content\\\/uploads\\\/2020\\\/11\\\/stranger-cam-1.png\",\"width\":800,\"height\":800,\"caption\":\"stranger cam random video chat\"},{\"@type\":\"BreadcrumbList\",\"@id\":\"https:\\\/\\\/strangercam.com\\\/imeetzu\\\/#breadcrumb\",\"itemListElement\":[{\"@type\":\"ListItem\",\"position\":1,\"name\":\"Home\",\"item\":\"https:\\\/\\\/strangercam.com\\\/\"},{\"@type\":\"ListItem\",\"position\":2,\"name\":\"iMeetzu\"}]},{\"@type\":\"WebSite\",\"@id\":\"https:\\\/\\\/strangercam.com\\\/#website\",\"url\":\"https:\\\/\\\/strangercam.com\\\/\",\"name\":\"Strangercam\",\"description\":\"Random Video Chat with Strangers\",\"publisher\":{\"@id\":\"https:\\\/\\\/strangercam.com\\\/#organization\"},\"alternateName\":\"Strangercam.com\",\"potentialAction\":[{\"@type\":\"SearchAction\",\"target\":{\"@type\":\"EntryPoint\",\"urlTemplate\":\"https:\\\/\\\/strangercam.com\\\/?s={search_term_string}\"},\"query-input\":{\"@type\":\"PropertyValueSpecification\",\"valueRequired\":true,\"valueName\":\"search_term_string\"}}],\"inLanguage\":\"cs\"},{\"@type\":\"Organization\",\"@id\":\"https:\\\/\\\/strangercam.com\\\/#organization\",\"name\":\"Strangercam\",\"alternateName\":\"Strangercam.com\",\"url\":\"https:\\\/\\\/strangercam.com\\\/\",\"logo\":{\"@type\":\"ImageObject\",\"inLanguage\":\"cs\",\"@id\":\"https:\\\/\\\/strangercam.com\\\/#\\\/schema\\\/logo\\\/image\\\/\",\"url\":\"https:\\\/\\\/strangercam.com\\\/wp-content\\\/uploads\\\/2020\\\/11\\\/cropped-new-favicon-black.png\",\"contentUrl\":\"https:\\\/\\\/strangercam.com\\\/wp-content\\\/uploads\\\/2020\\\/11\\\/cropped-new-favicon-black.png\",\"width\":512,\"height\":512,\"caption\":\"Strangercam\"},\"image\":{\"@id\":\"https:\\\/\\\/strangercam.com\\\/#\\\/schema\\\/logo\\\/image\\\/\"},\"sameAs\":[\"https:\\\/\\\/www.facebook.com\\\/strangercam\",\"https:\\\/\\\/x.com\\\/strangercamapp\"]}]}<\/script>\n<!-- \/ Yoast SEO plugin. -->","yoast_head_json":{"title":"iMeetzu - Nejobl\u00edben\u011bj\u0161\u00ed videochaty - Cam na StrangerCam.com","description":"Jako iMeetzu? Poj\u010fte si zdarma popov\u00eddat s v\u00edce ne\u017e 5 000 000 cizinci na Stranger Cam! Zapn\u011bte si kameru a najd\u011bte nov\u00e9 p\u0159\u00e1tele &amp; maby z\u00e1pas!","robots":{"index":"index","follow":"follow","max-snippet":"max-snippet:-1","max-image-preview":"max-image-preview:large","max-video-preview":"max-video-preview:-1"},"canonical":"https:\/\/strangercam.com\/cs\/imeetzu\/","og_locale":"cs_CZ","og_type":"article","og_title":"iMeetzu - Most Popular Video Chats - Cam on StrangerCam.com","og_description":"Like iMeetzu? Come chat with more than 5.000.000 strangers on Stranger Cam for Free! Turn on your cam and find new friends & maby a match!","og_url":"https:\/\/strangercam.com\/cs\/imeetzu\/","og_site_name":"Strangercam","article_publisher":"https:\/\/www.facebook.com\/strangercam","article_modified_time":"2023-08-21T10:24:41+00:00","og_image":[{"width":800,"height":800,"url":"https:\/\/strangercam.com\/wp-content\/uploads\/2020\/11\/stranger-cam-1.png","type":"image\/png"}],"twitter_card":"summary_large_image","twitter_site":"@strangercamapp","twitter_misc":{"Odhadovan\u00e1 doba \u010dten\u00ed":"2 minuty"},"schema":{"@context":"https:\/\/schema.org","@graph":[{"@type":"WebPage","@id":"https:\/\/strangercam.com\/imeetzu\/","url":"https:\/\/strangercam.com\/imeetzu\/","name":"iMeetzu - Nejobl\u00edben\u011bj\u0161\u00ed videochaty - Cam na StrangerCam.com","isPartOf":{"@id":"https:\/\/strangercam.com\/#website"},"primaryImageOfPage":{"@id":"https:\/\/strangercam.com\/imeetzu\/#primaryimage"},"image":{"@id":"https:\/\/strangercam.com\/imeetzu\/#primaryimage"},"thumbnailUrl":"https:\/\/strangercam.com\/wp-content\/uploads\/2020\/11\/stranger-cam-1.png","datePublished":"2021-05-09T19:39:15+00:00","dateModified":"2023-08-21T10:24:41+00:00","description":"Jako iMeetzu? Poj\u010fte si zdarma popov\u00eddat s v\u00edce ne\u017e 5 000 000 cizinci na Stranger Cam! Zapn\u011bte si kameru a najd\u011bte nov\u00e9 p\u0159\u00e1tele &amp; maby z\u00e1pas!","breadcrumb":{"@id":"https:\/\/strangercam.com\/imeetzu\/#breadcrumb"},"inLanguage":"cs","potentialAction":[{"@type":"ReadAction","target":["https:\/\/strangercam.com\/imeetzu\/"]}]},{"@type":"ImageObject","inLanguage":"cs","@id":"https:\/\/strangercam.com\/imeetzu\/#primaryimage","url":"https:\/\/strangercam.com\/wp-content\/uploads\/2020\/11\/stranger-cam-1.png","contentUrl":"https:\/\/strangercam.com\/wp-content\/uploads\/2020\/11\/stranger-cam-1.png","width":800,"height":800,"caption":"stranger cam random video chat"},{"@type":"BreadcrumbList","@id":"https:\/\/strangercam.com\/imeetzu\/#breadcrumb","itemListElement":[{"@type":"ListItem","position":1,"name":"Home","item":"https:\/\/strangercam.com\/"},{"@type":"ListItem","position":2,"name":"iMeetzu"}]},{"@type":"WebSite","@id":"https:\/\/strangercam.com\/#website","url":"https:\/\/strangercam.com\/","name":"Strangercam","description":"N\u00e1hodn\u00fd videochat s ciz\u00edmi lidmi","publisher":{"@id":"https:\/\/strangercam.com\/#organization"},"alternateName":"Strangercam.com","potentialAction":[{"@type":"SearchAction","target":{"@type":"EntryPoint","urlTemplate":"https:\/\/strangercam.com\/?s={search_term_string}"},"query-input":{"@type":"PropertyValueSpecification","valueRequired":true,"valueName":"search_term_string"}}],"inLanguage":"cs"},{"@type":"Organization","@id":"https:\/\/strangercam.com\/#organization","name":"Strangercam","alternateName":"Strangercam.com","url":"https:\/\/strangercam.com\/","logo":{"@type":"ImageObject","inLanguage":"cs","@id":"https:\/\/strangercam.com\/#\/schema\/logo\/image\/","url":"https:\/\/strangercam.com\/wp-content\/uploads\/2020\/11\/cropped-new-favicon-black.png","contentUrl":"https:\/\/strangercam.com\/wp-content\/uploads\/2020\/11\/cropped-new-favicon-black.png","width":512,"height":512,"caption":"Strangercam"},"image":{"@id":"https:\/\/strangercam.com\/#\/schema\/logo\/image\/"},"sameAs":["https:\/\/www.facebook.com\/strangercam","https:\/\/x.com\/strangercamapp"]}]}},"_links":{"self":[{"href":"https:\/\/strangercam.com\/cs\/wp-json\/wp\/v2\/pages\/3266","targetHints":{"allow":["GET"]}}],"collection":[{"href":"https:\/\/strangercam.com\/cs\/wp-json\/wp\/v2\/pages"}],"about":[{"href":"https:\/\/strangercam.com\/cs\/wp-json\/wp\/v2\/types\/page"}],"author":[{"embeddable":true,"href":"https:\/\/strangercam.com\/cs\/wp-json\/wp\/v2\/users\/6"}],"replies":[{"embeddable":true,"href":"https:\/\/strangercam.com\/cs\/wp-json\/wp\/v2\/comments?post=3266"}],"version-history":[{"count":0,"href":"https:\/\/strangercam.com\/cs\/wp-json\/wp\/v2\/pages\/3266\/revisions"}],"wp:featuredmedia":[{"embeddable":true,"href":"https:\/\/strangercam.com\/cs\/wp-json\/wp\/v2\/media\/559"}],"wp:attachment":[{"href":"https:\/\/strangercam.com\/cs\/wp-json\/wp\/v2\/media?parent=3266"}],"curies":[{"name":"wp","href":"https:\/\/api.w.org\/{rel}","templated":true}]}}