{"id":3232,"date":"2021-05-09T21:30:30","date_gmt":"2021-05-09T19:30:30","guid":{"rendered":"https:\/\/strangercam.com\/?page_id=3232"},"modified":"2023-08-21T12:24:41","modified_gmt":"2023-08-21T10:24:41","slug":"faceflow","status":"publish","type":"page","link":"https:\/\/strangercam.com\/cs\/faceflow\/","title":{"rendered":"FaceFlow"},"content":{"rendered":"<p>V\u00fdb\u011br chodit s n\u011bk\u00fdm Webov\u00e9 str\u00e1nky nen\u00ed snadn\u00fd \u00fakol, proto\u017ee by to m\u011blo <a href=\"https:\/\/strangercam.com\/cs\/coomeet\/\">Seznamte se s<\/a> o\u010dek\u00e1v\u00e1n\u00ed u\u017eivatel\u016f spr\u00e1vn\u011b. Webov\u00e9 str\u00e1nky FaceFlow poskytuj\u00ed zp\u016fsoby, jak objevit nov\u00e9 p\u0159\u00e1tele a sp\u0159\u00edzn\u011bn\u00e9 du\u0161e, kter\u00e9 maj\u00ed spole\u010dn\u00e9 z\u00e1jmy. Umo\u017e\u0148uje u\u017eivatel\u016fm, aby se <a href=\"https:\/\/strangercam.com\/cs\/chat4free\/\">zdarma<\/a> <a href=\"https:\/\/strangercam.com\/cs\/rabbit-video-chat\/\">video<\/a> konferen\u010dn\u00ed hovory, kter\u00e9 ukazuj\u00ed zp\u016fsoby, jak se rychle spojit s ostatn\u00edmi. Proces registrace je velmi snadn\u00fd a nov\u00ed u\u017eivatel\u00e9 mus\u00ed uv\u00e9st pouze n\u011bkolik d\u016fle\u017eit\u00fdch \u00fadaj\u016f. Krom\u011b toho m\u00e1 webov\u00e1 platforma rozs\u00e1hlou datab\u00e1zi u\u017eivatel\u016f, kter\u00e1 \u010dlen\u016fm umo\u017e\u0148uje navazovat konverzace na z\u00e1klad\u011b jejich volby.<\/p>\n<h2>Jak FaceFlow funguje?<\/h2>\n<p>FaceFlow chodit s n\u011bk\u00fdm Webov\u00e9 str\u00e1nky pokr\u00fdv\u00e1 mnoho chatovac\u00edch m\u00edstnost\u00ed a u\u017eivatel\u00e9 mohou vstoupit do nich po vytvo\u0159en\u00ed \u00fa\u010dtu. Mohou kliknout na tla\u010d\u00edtko \u201cnaj\u00edt n\u00e1hodn\u00e9ho partnera\u201d, kter\u00e9 jim umo\u017en\u00ed snadno naj\u00edt n\u00e1hodn\u00fd prot\u011bj\u0161ek. Chatovac\u00ed m\u00edstnosti umo\u017e\u0148uj\u00ed u\u017eivatel\u016fm komunikovat s n\u011bkolika lidmi najednou a podle toho naj\u00edt vhodn\u00e9 prot\u011bj\u0161ky. Na druhou stranu umo\u017en\u00ed u\u017eivatel\u016fm vybrat si pouze lidi z okol\u00ed. N\u00e1hodn\u00fd <a href=\"https:\/\/strangercam.com\/cs\/chatroulette\/\">chat<\/a> mo\u017enost je k dispozici pro ty, kte\u0159\u00ed se cht\u011bj\u00ed co nejd\u0159\u00edve spojit s ciz\u00edmi lidmi. Mo\u017enosti vyhled\u00e1v\u00e1n\u00ed a filtry jsou dal\u0161\u00edmi funkcemi, kter\u00e9 webov\u00e1 str\u00e1nka nab\u00edz\u00ed a kter\u00e9 u\u017eivatel\u016fm umo\u017e\u0148uj\u00ed setk\u00e1vat se s lidmi v z\u00e1vislosti na jejich z\u00e1zem\u00ed.<\/p>\n<h3>Jak\u00e9 jsou vlastnosti modelu FaceFlow?<\/h3>\n<p>FaceFlow chodit s n\u011bk\u00fdm Webov\u00e9 str\u00e1nky nab\u00edz\u00ed jedine\u010dn\u00e9 funkce pro u\u017eivatele, kter\u00e9 jim umo\u017en\u00ed zajistit lep\u0161\u00ed zku\u0161enosti. Mezi n\u011b pat\u0159\u00ed bohat\u00fd textov\u00fd chat, hlasov\u00e9 zpr\u00e1vy, u\u017eivatelsk\u00e9 profily, ve\u0159ejn\u00e9 chatovac\u00ed m\u00edstnosti, sd\u00edlen\u00ed soubor\u016f, skupinov\u00e9 videohovory, videohovory 1 na 1 atd. Funguje na v\u0161ech za\u0159\u00edzen\u00edch v\u010detn\u011b mobiln\u00edch telefon\u016f, abyste se mohli co nejd\u0159\u00edve spojit s ostatn\u00edmi. Webov\u00e9 str\u00e1nky jsou snadno pochopiteln\u00e9 a navigovateln\u00e9, proto\u017ee \u0159e\u0161\u00ed z\u00e1kladn\u00ed pot\u0159eby u\u017eivatel\u016f. \u010clenov\u00e9 mohou na webov\u00e9 str\u00e1nky nahr\u00e1vat sv\u00e9 fotografie a dal\u0161\u00ed \u00fadaje, aby ve velk\u00e9 m\u00ed\u0159e p\u016fsobili na ostatn\u00ed.<\/p>\n<h3>D\u016fvody, pro\u010d si vybrat webov\u00e9 str\u00e1nky FaceFlow<\/h3>\n<p>Tato seznamka je zdarma a umo\u017e\u0148uje \u010dlen\u016fm uskute\u010d\u0148ovat vysoce kvalitn\u00ed videohovory. Krom\u011b toho nab\u00edz\u00ed zp\u016fsoby, jak vyhodnotit publikum na z\u00e1klad\u011b zem\u011bpisn\u00e9 polohy, pohlav\u00ed, z\u00e1jm\u016f a dal\u0161\u00edch faktor\u016f. Pro u\u017eivatele nen\u00ed k dispozici \u017e\u00e1dn\u00e1 speci\u00e1ln\u00ed mobiln\u00ed verze a m\u011bli by si vybrat pouze stoln\u00ed po\u010d\u00edta\u010de, pokud jde o datov\u00e1n\u00ed. <a href=\"https:\/\/strangercam.com\/cs\/1v1-chat\/\">Jeden<\/a> m\u016f\u017eete kontaktovat z\u00e1kaznickou podporu prost\u0159ednictv\u00edm e-mailu a dozv\u011bd\u011bt se v\u00edce informac\u00ed. Webov\u00e9 str\u00e1nky nab\u00edzej\u00ed r\u016fzn\u00e9 typy komunika\u010dn\u00edch technik, kter\u00e9 u\u017eivatel\u016fm umo\u017e\u0148uj\u00ed efektivn\u00ed komunikaci s ostatn\u00edmi. P\u0159i pou\u017e\u00edv\u00e1n\u00ed webov\u00fdch str\u00e1nek nen\u00ed t\u0159eba nic stahovat a \u010dlenov\u00e9 mohou naj\u00edt potenci\u00e1ln\u00ed z\u00e1pasy, kdy\u017e cht\u011bj\u00ed budovat vztahy na d\u00e1lku.<\/p>","protected":false},"excerpt":{"rendered":"<p>Choosing a dating website is not an easy-going job because it should meet the expectations of users properly. FaceFlow website provides methods to discover new friends and soulmates who share common interests. It allows users to make free video conference calls thereby showing ways to connect with others in a quick turnaround time. The registration [&hellip;]<\/p>\n","protected":false},"author":6,"featured_media":559,"parent":0,"menu_order":0,"comment_status":"closed","ping_status":"closed","template":"","meta":{"footnotes":""},"class_list":["post-3232","page","type-page","status-publish","has-post-thumbnail","hentry"],"yoast_head":"<!-- This site is optimized with the Yoast SEO plugin v27.4 - https:\/\/yoast.com\/product\/yoast-seo-wordpress\/ -->\n<title>FaceFlow - Most Popular Video Chats - Cam on StrangerCam.com<\/title>\n<meta name=\"description\" content=\"Like FaceFlow? Come chat with more than 5.000.000 strangers on Stranger Cam for Free! Turn on your cam and find new friends &amp; maby a match!\" \/>\n<meta name=\"robots\" content=\"index, follow, max-snippet:-1, max-image-preview:large, max-video-preview:-1\" \/>\n<link rel=\"canonical\" href=\"https:\/\/strangercam.com\/cs\/faceflow\/\" \/>\n<meta property=\"og:locale\" content=\"cs_CZ\" \/>\n<meta property=\"og:type\" content=\"article\" \/>\n<meta property=\"og:title\" content=\"FaceFlow - Most Popular Video Chats - Cam on StrangerCam.com\" \/>\n<meta property=\"og:description\" content=\"Like FaceFlow? Come chat with more than 5.000.000 strangers on Stranger Cam for Free! Turn on your cam and find new friends &amp; maby a match!\" \/>\n<meta property=\"og:url\" content=\"https:\/\/strangercam.com\/cs\/faceflow\/\" \/>\n<meta property=\"og:site_name\" content=\"Strangercam\" \/>\n<meta property=\"article:publisher\" content=\"https:\/\/www.facebook.com\/strangercam\" \/>\n<meta property=\"article:modified_time\" content=\"2023-08-21T10:24:41+00:00\" \/>\n<meta property=\"og:image\" content=\"https:\/\/strangercam.com\/wp-content\/uploads\/2020\/11\/stranger-cam-1.png\" \/>\n\t<meta property=\"og:image:width\" content=\"800\" \/>\n\t<meta property=\"og:image:height\" content=\"800\" \/>\n\t<meta property=\"og:image:type\" content=\"image\/png\" \/>\n<meta name=\"twitter:card\" content=\"summary_large_image\" \/>\n<meta name=\"twitter:site\" content=\"@strangercamapp\" \/>\n<meta name=\"twitter:label1\" content=\"Odhadovan\u00e1 doba \u010dten\u00ed\" \/>\n\t<meta name=\"twitter:data1\" content=\"2 minuty\" \/>\n<script type=\"application\/ld+json\" class=\"yoast-schema-graph\">{\"@context\":\"https:\\\/\\\/schema.org\",\"@graph\":[{\"@type\":\"WebPage\",\"@id\":\"https:\\\/\\\/strangercam.com\\\/faceflow\\\/\",\"url\":\"https:\\\/\\\/strangercam.com\\\/faceflow\\\/\",\"name\":\"FaceFlow - Most Popular Video Chats - Cam on StrangerCam.com\",\"isPartOf\":{\"@id\":\"https:\\\/\\\/strangercam.com\\\/#website\"},\"primaryImageOfPage\":{\"@id\":\"https:\\\/\\\/strangercam.com\\\/faceflow\\\/#primaryimage\"},\"image\":{\"@id\":\"https:\\\/\\\/strangercam.com\\\/faceflow\\\/#primaryimage\"},\"thumbnailUrl\":\"https:\\\/\\\/strangercam.com\\\/wp-content\\\/uploads\\\/2020\\\/11\\\/stranger-cam-1.png\",\"datePublished\":\"2021-05-09T19:30:30+00:00\",\"dateModified\":\"2023-08-21T10:24:41+00:00\",\"description\":\"Like FaceFlow? Come chat with more than 5.000.000 strangers on Stranger Cam for Free! Turn on your cam and find new friends & maby a match!\",\"breadcrumb\":{\"@id\":\"https:\\\/\\\/strangercam.com\\\/faceflow\\\/#breadcrumb\"},\"inLanguage\":\"cs\",\"potentialAction\":[{\"@type\":\"ReadAction\",\"target\":[\"https:\\\/\\\/strangercam.com\\\/faceflow\\\/\"]}]},{\"@type\":\"ImageObject\",\"inLanguage\":\"cs\",\"@id\":\"https:\\\/\\\/strangercam.com\\\/faceflow\\\/#primaryimage\",\"url\":\"https:\\\/\\\/strangercam.com\\\/wp-content\\\/uploads\\\/2020\\\/11\\\/stranger-cam-1.png\",\"contentUrl\":\"https:\\\/\\\/strangercam.com\\\/wp-content\\\/uploads\\\/2020\\\/11\\\/stranger-cam-1.png\",\"width\":800,\"height\":800,\"caption\":\"stranger cam random video chat\"},{\"@type\":\"BreadcrumbList\",\"@id\":\"https:\\\/\\\/strangercam.com\\\/faceflow\\\/#breadcrumb\",\"itemListElement\":[{\"@type\":\"ListItem\",\"position\":1,\"name\":\"Home\",\"item\":\"https:\\\/\\\/strangercam.com\\\/\"},{\"@type\":\"ListItem\",\"position\":2,\"name\":\"FaceFlow\"}]},{\"@type\":\"WebSite\",\"@id\":\"https:\\\/\\\/strangercam.com\\\/#website\",\"url\":\"https:\\\/\\\/strangercam.com\\\/\",\"name\":\"Strangercam\",\"description\":\"Random Video Chat with Strangers\",\"publisher\":{\"@id\":\"https:\\\/\\\/strangercam.com\\\/#organization\"},\"alternateName\":\"Strangercam.com\",\"potentialAction\":[{\"@type\":\"SearchAction\",\"target\":{\"@type\":\"EntryPoint\",\"urlTemplate\":\"https:\\\/\\\/strangercam.com\\\/?s={search_term_string}\"},\"query-input\":{\"@type\":\"PropertyValueSpecification\",\"valueRequired\":true,\"valueName\":\"search_term_string\"}}],\"inLanguage\":\"cs\"},{\"@type\":\"Organization\",\"@id\":\"https:\\\/\\\/strangercam.com\\\/#organization\",\"name\":\"Strangercam\",\"alternateName\":\"Strangercam.com\",\"url\":\"https:\\\/\\\/strangercam.com\\\/\",\"logo\":{\"@type\":\"ImageObject\",\"inLanguage\":\"cs\",\"@id\":\"https:\\\/\\\/strangercam.com\\\/#\\\/schema\\\/logo\\\/image\\\/\",\"url\":\"https:\\\/\\\/strangercam.com\\\/wp-content\\\/uploads\\\/2020\\\/11\\\/cropped-new-favicon-black.png\",\"contentUrl\":\"https:\\\/\\\/strangercam.com\\\/wp-content\\\/uploads\\\/2020\\\/11\\\/cropped-new-favicon-black.png\",\"width\":512,\"height\":512,\"caption\":\"Strangercam\"},\"image\":{\"@id\":\"https:\\\/\\\/strangercam.com\\\/#\\\/schema\\\/logo\\\/image\\\/\"},\"sameAs\":[\"https:\\\/\\\/www.facebook.com\\\/strangercam\",\"https:\\\/\\\/x.com\\\/strangercamapp\"]}]}<\/script>\n<!-- \/ Yoast SEO plugin. -->","yoast_head_json":{"title":"FaceFlow - Nejobl\u00edben\u011bj\u0161\u00ed videochaty - Cam na StrangerCam.com","description":"Jako FaceFlow? Poj\u010fte si zdarma popov\u00eddat s v\u00edce ne\u017e 5 000 000 cizinci na Stranger Cam! Zapn\u011bte si kameru a najd\u011bte nov\u00e9 p\u0159\u00e1tele &amp; maby z\u00e1pas!","robots":{"index":"index","follow":"follow","max-snippet":"max-snippet:-1","max-image-preview":"max-image-preview:large","max-video-preview":"max-video-preview:-1"},"canonical":"https:\/\/strangercam.com\/cs\/faceflow\/","og_locale":"cs_CZ","og_type":"article","og_title":"FaceFlow - Most Popular Video Chats - Cam on StrangerCam.com","og_description":"Like FaceFlow? Come chat with more than 5.000.000 strangers on Stranger Cam for Free! Turn on your cam and find new friends & maby a match!","og_url":"https:\/\/strangercam.com\/cs\/faceflow\/","og_site_name":"Strangercam","article_publisher":"https:\/\/www.facebook.com\/strangercam","article_modified_time":"2023-08-21T10:24:41+00:00","og_image":[{"width":800,"height":800,"url":"https:\/\/strangercam.com\/wp-content\/uploads\/2020\/11\/stranger-cam-1.png","type":"image\/png"}],"twitter_card":"summary_large_image","twitter_site":"@strangercamapp","twitter_misc":{"Odhadovan\u00e1 doba \u010dten\u00ed":"2 minuty"},"schema":{"@context":"https:\/\/schema.org","@graph":[{"@type":"WebPage","@id":"https:\/\/strangercam.com\/faceflow\/","url":"https:\/\/strangercam.com\/faceflow\/","name":"FaceFlow - Nejobl\u00edben\u011bj\u0161\u00ed videochaty - Cam na StrangerCam.com","isPartOf":{"@id":"https:\/\/strangercam.com\/#website"},"primaryImageOfPage":{"@id":"https:\/\/strangercam.com\/faceflow\/#primaryimage"},"image":{"@id":"https:\/\/strangercam.com\/faceflow\/#primaryimage"},"thumbnailUrl":"https:\/\/strangercam.com\/wp-content\/uploads\/2020\/11\/stranger-cam-1.png","datePublished":"2021-05-09T19:30:30+00:00","dateModified":"2023-08-21T10:24:41+00:00","description":"Jako FaceFlow? Poj\u010fte si zdarma popov\u00eddat s v\u00edce ne\u017e 5 000 000 cizinci na Stranger Cam! Zapn\u011bte si kameru a najd\u011bte nov\u00e9 p\u0159\u00e1tele &amp; maby z\u00e1pas!","breadcrumb":{"@id":"https:\/\/strangercam.com\/faceflow\/#breadcrumb"},"inLanguage":"cs","potentialAction":[{"@type":"ReadAction","target":["https:\/\/strangercam.com\/faceflow\/"]}]},{"@type":"ImageObject","inLanguage":"cs","@id":"https:\/\/strangercam.com\/faceflow\/#primaryimage","url":"https:\/\/strangercam.com\/wp-content\/uploads\/2020\/11\/stranger-cam-1.png","contentUrl":"https:\/\/strangercam.com\/wp-content\/uploads\/2020\/11\/stranger-cam-1.png","width":800,"height":800,"caption":"stranger cam random video chat"},{"@type":"BreadcrumbList","@id":"https:\/\/strangercam.com\/faceflow\/#breadcrumb","itemListElement":[{"@type":"ListItem","position":1,"name":"Home","item":"https:\/\/strangercam.com\/"},{"@type":"ListItem","position":2,"name":"FaceFlow"}]},{"@type":"WebSite","@id":"https:\/\/strangercam.com\/#website","url":"https:\/\/strangercam.com\/","name":"Strangercam","description":"N\u00e1hodn\u00fd videochat s ciz\u00edmi lidmi","publisher":{"@id":"https:\/\/strangercam.com\/#organization"},"alternateName":"Strangercam.com","potentialAction":[{"@type":"SearchAction","target":{"@type":"EntryPoint","urlTemplate":"https:\/\/strangercam.com\/?s={search_term_string}"},"query-input":{"@type":"PropertyValueSpecification","valueRequired":true,"valueName":"search_term_string"}}],"inLanguage":"cs"},{"@type":"Organization","@id":"https:\/\/strangercam.com\/#organization","name":"Strangercam","alternateName":"Strangercam.com","url":"https:\/\/strangercam.com\/","logo":{"@type":"ImageObject","inLanguage":"cs","@id":"https:\/\/strangercam.com\/#\/schema\/logo\/image\/","url":"https:\/\/strangercam.com\/wp-content\/uploads\/2020\/11\/cropped-new-favicon-black.png","contentUrl":"https:\/\/strangercam.com\/wp-content\/uploads\/2020\/11\/cropped-new-favicon-black.png","width":512,"height":512,"caption":"Strangercam"},"image":{"@id":"https:\/\/strangercam.com\/#\/schema\/logo\/image\/"},"sameAs":["https:\/\/www.facebook.com\/strangercam","https:\/\/x.com\/strangercamapp"]}]}},"_links":{"self":[{"href":"https:\/\/strangercam.com\/cs\/wp-json\/wp\/v2\/pages\/3232","targetHints":{"allow":["GET"]}}],"collection":[{"href":"https:\/\/strangercam.com\/cs\/wp-json\/wp\/v2\/pages"}],"about":[{"href":"https:\/\/strangercam.com\/cs\/wp-json\/wp\/v2\/types\/page"}],"author":[{"embeddable":true,"href":"https:\/\/strangercam.com\/cs\/wp-json\/wp\/v2\/users\/6"}],"replies":[{"embeddable":true,"href":"https:\/\/strangercam.com\/cs\/wp-json\/wp\/v2\/comments?post=3232"}],"version-history":[{"count":0,"href":"https:\/\/strangercam.com\/cs\/wp-json\/wp\/v2\/pages\/3232\/revisions"}],"wp:featuredmedia":[{"embeddable":true,"href":"https:\/\/strangercam.com\/cs\/wp-json\/wp\/v2\/media\/559"}],"wp:attachment":[{"href":"https:\/\/strangercam.com\/cs\/wp-json\/wp\/v2\/media?parent=3232"}],"curies":[{"name":"wp","href":"https:\/\/api.w.org\/{rel}","templated":true}]}}