{"id":3215,"date":"2021-05-09T21:26:42","date_gmt":"2021-05-09T19:26:42","guid":{"rendered":"https:\/\/strangercam.com\/?page_id=3215"},"modified":"2023-08-21T12:24:41","modified_gmt":"2023-08-21T10:24:41","slug":"chatville","status":"publish","type":"page","link":"https:\/\/strangercam.com\/cs\/chatville\/","title":{"rendered":"Chatville"},"content":{"rendered":"<p>Seznamovac\u00ed web umo\u017e\u0148uje u\u017eivatel\u016fm nejen naj\u00edt p\u0159\u00e1tele, ale tak\u00e9 pom\u00e1h\u00e1 budovat vztahy na d\u00e1lku s ostatn\u00edmi. Chatville je webov\u00e1 aplikace ur\u010den\u00e1 pro ty, kte\u0159\u00ed cht\u011bj\u00ed. <a href=\"https:\/\/strangercam.com\/cs\/coomeet\/\">Seznamte se s<\/a> zaj\u00edmav\u00e9 osoby v r\u016fzn\u00fdch \u010d\u00e1stech sv\u011bta. Webov\u00e9 str\u00e1nky umo\u017e\u0148uj\u00ed navazovat nov\u00e1 p\u0159\u00e1telstv\u00ed z r\u016fzn\u00fdch oblast\u00ed \u017eivota pomoc\u00ed nejnov\u011bj\u0161\u00edch funkc\u00ed. Umo\u017e\u0148uje tak\u00e9 lidem naj\u00edt nejlep\u0161\u00ed \u017eivotn\u00ed spole\u010dn\u00edky nebo partnery na z\u00e1klad\u011b jejich v\u00fdb\u011bru. Ti, kte\u0159\u00ed se cht\u011bj\u00ed rychle spojit s ostatn\u00edmi, si mohou vybrat webovou str\u00e1nku, kter\u00e1 pom\u016f\u017ee budovat l\u00e1sku, romantiku a p\u0159\u00e1telstv\u00ed.<\/p>\n<h2>Jak pou\u017e\u00edvat Chatville?<\/h2>\n<p>Nov\u00ed \u010dlenov\u00e9, kte\u0159\u00ed cht\u011bj\u00ed pou\u017e\u00edvat Chatville, by m\u011bli co nejd\u0159\u00edve nav\u0161t\u00edvit webov\u00e9 str\u00e1nky a vytvo\u0159it si \u00fa\u010det. Mohou si dokonce p\u0159izp\u016fsobit sv\u00e9 profily a p\u0159idat o sob\u011b podrobnosti, aby vytvo\u0159ili dopad na ostatn\u00ed. Webov\u00e1 platforma umo\u017e\u0148uje u\u017eivatel\u016fm pozvat p\u0159\u00e1tele ze sv\u00e9ho seznamu kontakt\u016f nebo soci\u00e1ln\u00edch m\u00e9di\u00ed, kter\u00e9 pom\u00e1haj\u00ed snadno naj\u00edt podobn\u011b sm\u00fd\u0161lej\u00edc\u00ed osoby. U\u017eivatel\u00e9 mohou zah\u00e1jit konverzaci s ostatn\u00edmi po zad\u00e1n\u00ed tzv. <a href=\"https:\/\/strangercam.com\/cs\/chatroulette\/\">chat<\/a> pokoj. Krom\u011b toho mohou pou\u017e\u00edvat <a href=\"https:\/\/strangercam.com\/cs\/rabbit-video-chat\/\">video<\/a> vol\u00e1n\u00ed s ostatn\u00edmi, aby se pod\u011blili o sv\u00e9 n\u00e1pady a dal\u0161\u00ed v\u011bci. Dal\u0161\u00ed v\u011bc\u00ed na webu je to, \u017ee poskytuje zp\u016fsoby, jak se po identifikaci p\u0159\u00e1tel snadno setkat s p\u0159\u00e1teli v dan\u00e9 lokalit\u011b.<\/p>\n<h3>Jak\u00e9 jsou vlastnosti modelu Chatville?<\/h3>\n<p>Chodit s n\u011bk\u00fdm Webov\u00e9 str\u00e1nky nab\u00edz\u00ed jedine\u010dn\u00e9 funkce pro u\u017eivatele, kter\u00e9 jim umo\u017en\u00ed z\u00edskat lep\u0161\u00ed zku\u0161enosti v chatov\u00e1n\u00ed. N\u011bkter\u00e9 z nich zahrnuj\u00ed celosv\u011btov\u00fd p\u0159\u00edstup, <a href=\"https:\/\/strangercam.com\/cs\/chat4free\/\">zdarma<\/a> registrace, zabezpe\u010den\u00ed, soukrom\u00ed, emotikony, textov\u00e9 zpr\u00e1vy a podobn\u011b. M\u00e1 r\u016fzn\u00e9 chatovac\u00ed m\u00edstnosti, kde je mo\u017en\u00e9 chatovat s mnoha hork\u00fdmi chlapci a <a href=\"https:\/\/strangercam.com\/cs\/video-chat-with-girls\/\">d\u00edvky<\/a>. Krom\u011b toho si u\u017eivatel\u00e9 mohou zakoupit \u017eetony na samotn\u00fdch webov\u00fdch str\u00e1nk\u00e1ch a st\u00e1t se tak \u010dlenem. Ka\u017ed\u00fd, kdo se chce st\u00e1t VIP \u010dlenem, by si m\u011bl koupit alespo\u0148 270 \u017eeton\u016f. Nov\u00ed u\u017eivatel\u00e9 mohou voln\u011b vstoupit do kter\u00e9koli m\u00edstnosti, ale p\u0159ed n\u00e1v\u0161t\u011bvou \u010dlensk\u00e9 chatovac\u00ed m\u00edstnosti by m\u011bli zn\u00e1t omezen\u00ed.<\/p>\n<h3>Je Chatville bezpe\u010dn\u00fd?<\/h3>\n<p>Bezpe\u010dnost je nejd\u016fle\u017eit\u011bj\u0161\u00edm prvkem, kter\u00fd je t\u0159eba zv\u00e1\u017eit p\u0159i v\u00fdb\u011bru seznamky. Chatville nab\u00edz\u00ed u\u017eivatel\u016fm vysokou ochranu, kdy\u017e cht\u011bj\u00ed nav\u00e1zat konverzaci s ostatn\u00edmi. Krom\u011b toho mohou nahl\u00e1sit t\u00fdmu z\u00e1kaznick\u00e9 podpory, kdy\u017e se n\u011bkdo chov\u00e1 hrub\u011b. Webov\u00e9 str\u00e1nky pom\u00e1haj\u00ed udr\u017eet kontrolu nad lidmi v\u00fdrazn\u011b, \u017ee d\u00e1v\u00e1 zp\u016fsoby, jak z\u00edskat optim\u00e1ln\u00ed v\u00fdsledky. Zakazuje lidem, kte\u0159\u00ed maj\u00ed v\u00edce \u00fa\u010dt\u016f, \u010d\u00edm\u017e pom\u00e1h\u00e1 zajistit v\u011bt\u0161\u00ed bezpe\u010dnost. U\u017eivatel\u00e9 mohou pozvat ostatn\u00ed, aby se p\u0159ipojili k jejich m\u00edstnostem, zasl\u00e1n\u00edm e-mail\u016f. Mo\u017enost filtrov\u00e1n\u00ed dostupn\u00e1 na webov\u00fdch str\u00e1nk\u00e1ch umo\u017e\u0148uje u\u017eivatel\u016fm vybrat pohlav\u00ed nebo v\u011bkovou skupinu na z\u00e1klad\u011b jejich volby.<\/p>","protected":false},"excerpt":{"rendered":"<p>A dating website allows users not only to find friends but also helps to build long-distance relationships with others. Chatville is a webcam application meant for those who want to meet interesting persons in different parts of the world with ease. The website gives ways to make new friends from different walks of life with [&hellip;]<\/p>\n","protected":false},"author":6,"featured_media":559,"parent":0,"menu_order":0,"comment_status":"closed","ping_status":"closed","template":"","meta":{"footnotes":""},"class_list":["post-3215","page","type-page","status-publish","has-post-thumbnail","hentry"],"yoast_head":"<!-- This site is optimized with the Yoast SEO plugin v27.4 - https:\/\/yoast.com\/product\/yoast-seo-wordpress\/ -->\n<title>Chatville - Most Popular Video Chats - Cam on StrangerCam.com<\/title>\n<meta name=\"description\" content=\"Like Chatville? Come chat with more than 5.000.000 strangers on Stranger Cam for Free! Turn on your cam and find new friends &amp; maby a match!\" \/>\n<meta name=\"robots\" content=\"index, follow, max-snippet:-1, max-image-preview:large, max-video-preview:-1\" \/>\n<link rel=\"canonical\" href=\"https:\/\/strangercam.com\/cs\/chatville\/\" \/>\n<meta property=\"og:locale\" content=\"cs_CZ\" \/>\n<meta property=\"og:type\" content=\"article\" \/>\n<meta property=\"og:title\" content=\"Chatville - Most Popular Video Chats - Cam on StrangerCam.com\" \/>\n<meta property=\"og:description\" content=\"Like Chatville? Come chat with more than 5.000.000 strangers on Stranger Cam for Free! Turn on your cam and find new friends &amp; maby a match!\" \/>\n<meta property=\"og:url\" content=\"https:\/\/strangercam.com\/cs\/chatville\/\" \/>\n<meta property=\"og:site_name\" content=\"Strangercam\" \/>\n<meta property=\"article:publisher\" content=\"https:\/\/www.facebook.com\/strangercam\" \/>\n<meta property=\"article:modified_time\" content=\"2023-08-21T10:24:41+00:00\" \/>\n<meta property=\"og:image\" content=\"https:\/\/strangercam.com\/wp-content\/uploads\/2020\/11\/stranger-cam-1.png\" \/>\n\t<meta property=\"og:image:width\" content=\"800\" \/>\n\t<meta property=\"og:image:height\" content=\"800\" \/>\n\t<meta property=\"og:image:type\" content=\"image\/png\" \/>\n<meta name=\"twitter:card\" content=\"summary_large_image\" \/>\n<meta name=\"twitter:site\" content=\"@strangercamapp\" \/>\n<meta name=\"twitter:label1\" content=\"Odhadovan\u00e1 doba \u010dten\u00ed\" \/>\n\t<meta name=\"twitter:data1\" content=\"2 minuty\" \/>\n<script type=\"application\/ld+json\" class=\"yoast-schema-graph\">{\"@context\":\"https:\\\/\\\/schema.org\",\"@graph\":[{\"@type\":\"WebPage\",\"@id\":\"https:\\\/\\\/strangercam.com\\\/chatville\\\/\",\"url\":\"https:\\\/\\\/strangercam.com\\\/chatville\\\/\",\"name\":\"Chatville - Most Popular Video Chats - Cam on StrangerCam.com\",\"isPartOf\":{\"@id\":\"https:\\\/\\\/strangercam.com\\\/#website\"},\"primaryImageOfPage\":{\"@id\":\"https:\\\/\\\/strangercam.com\\\/chatville\\\/#primaryimage\"},\"image\":{\"@id\":\"https:\\\/\\\/strangercam.com\\\/chatville\\\/#primaryimage\"},\"thumbnailUrl\":\"https:\\\/\\\/strangercam.com\\\/wp-content\\\/uploads\\\/2020\\\/11\\\/stranger-cam-1.png\",\"datePublished\":\"2021-05-09T19:26:42+00:00\",\"dateModified\":\"2023-08-21T10:24:41+00:00\",\"description\":\"Like Chatville? Come chat with more than 5.000.000 strangers on Stranger Cam for Free! Turn on your cam and find new friends & maby a match!\",\"breadcrumb\":{\"@id\":\"https:\\\/\\\/strangercam.com\\\/chatville\\\/#breadcrumb\"},\"inLanguage\":\"cs\",\"potentialAction\":[{\"@type\":\"ReadAction\",\"target\":[\"https:\\\/\\\/strangercam.com\\\/chatville\\\/\"]}]},{\"@type\":\"ImageObject\",\"inLanguage\":\"cs\",\"@id\":\"https:\\\/\\\/strangercam.com\\\/chatville\\\/#primaryimage\",\"url\":\"https:\\\/\\\/strangercam.com\\\/wp-content\\\/uploads\\\/2020\\\/11\\\/stranger-cam-1.png\",\"contentUrl\":\"https:\\\/\\\/strangercam.com\\\/wp-content\\\/uploads\\\/2020\\\/11\\\/stranger-cam-1.png\",\"width\":800,\"height\":800,\"caption\":\"stranger cam random video chat\"},{\"@type\":\"BreadcrumbList\",\"@id\":\"https:\\\/\\\/strangercam.com\\\/chatville\\\/#breadcrumb\",\"itemListElement\":[{\"@type\":\"ListItem\",\"position\":1,\"name\":\"Home\",\"item\":\"https:\\\/\\\/strangercam.com\\\/\"},{\"@type\":\"ListItem\",\"position\":2,\"name\":\"Chatville\"}]},{\"@type\":\"WebSite\",\"@id\":\"https:\\\/\\\/strangercam.com\\\/#website\",\"url\":\"https:\\\/\\\/strangercam.com\\\/\",\"name\":\"Strangercam\",\"description\":\"Random Video Chat with Strangers\",\"publisher\":{\"@id\":\"https:\\\/\\\/strangercam.com\\\/#organization\"},\"alternateName\":\"Strangercam.com\",\"potentialAction\":[{\"@type\":\"SearchAction\",\"target\":{\"@type\":\"EntryPoint\",\"urlTemplate\":\"https:\\\/\\\/strangercam.com\\\/?s={search_term_string}\"},\"query-input\":{\"@type\":\"PropertyValueSpecification\",\"valueRequired\":true,\"valueName\":\"search_term_string\"}}],\"inLanguage\":\"cs\"},{\"@type\":\"Organization\",\"@id\":\"https:\\\/\\\/strangercam.com\\\/#organization\",\"name\":\"Strangercam\",\"alternateName\":\"Strangercam.com\",\"url\":\"https:\\\/\\\/strangercam.com\\\/\",\"logo\":{\"@type\":\"ImageObject\",\"inLanguage\":\"cs\",\"@id\":\"https:\\\/\\\/strangercam.com\\\/#\\\/schema\\\/logo\\\/image\\\/\",\"url\":\"https:\\\/\\\/strangercam.com\\\/wp-content\\\/uploads\\\/2020\\\/11\\\/cropped-new-favicon-black.png\",\"contentUrl\":\"https:\\\/\\\/strangercam.com\\\/wp-content\\\/uploads\\\/2020\\\/11\\\/cropped-new-favicon-black.png\",\"width\":512,\"height\":512,\"caption\":\"Strangercam\"},\"image\":{\"@id\":\"https:\\\/\\\/strangercam.com\\\/#\\\/schema\\\/logo\\\/image\\\/\"},\"sameAs\":[\"https:\\\/\\\/www.facebook.com\\\/strangercam\",\"https:\\\/\\\/x.com\\\/strangercamapp\"]}]}<\/script>\n<!-- \/ Yoast SEO plugin. -->","yoast_head_json":{"title":"Chatville - Nejobl\u00edben\u011bj\u0161\u00ed videochaty - Cam na StrangerCam.com","description":"Jako Chatville? Poj\u010fte si zdarma popov\u00eddat s v\u00edce ne\u017e 5 000 000 cizinci na Stranger Cam! Zapn\u011bte si kameru a najd\u011bte nov\u00e9 p\u0159\u00e1tele &amp; maby z\u00e1pas!","robots":{"index":"index","follow":"follow","max-snippet":"max-snippet:-1","max-image-preview":"max-image-preview:large","max-video-preview":"max-video-preview:-1"},"canonical":"https:\/\/strangercam.com\/cs\/chatville\/","og_locale":"cs_CZ","og_type":"article","og_title":"Chatville - Most Popular Video Chats - Cam on StrangerCam.com","og_description":"Like Chatville? Come chat with more than 5.000.000 strangers on Stranger Cam for Free! Turn on your cam and find new friends & maby a match!","og_url":"https:\/\/strangercam.com\/cs\/chatville\/","og_site_name":"Strangercam","article_publisher":"https:\/\/www.facebook.com\/strangercam","article_modified_time":"2023-08-21T10:24:41+00:00","og_image":[{"width":800,"height":800,"url":"https:\/\/strangercam.com\/wp-content\/uploads\/2020\/11\/stranger-cam-1.png","type":"image\/png"}],"twitter_card":"summary_large_image","twitter_site":"@strangercamapp","twitter_misc":{"Odhadovan\u00e1 doba \u010dten\u00ed":"2 minuty"},"schema":{"@context":"https:\/\/schema.org","@graph":[{"@type":"WebPage","@id":"https:\/\/strangercam.com\/chatville\/","url":"https:\/\/strangercam.com\/chatville\/","name":"Chatville - Nejobl\u00edben\u011bj\u0161\u00ed videochaty - Cam na StrangerCam.com","isPartOf":{"@id":"https:\/\/strangercam.com\/#website"},"primaryImageOfPage":{"@id":"https:\/\/strangercam.com\/chatville\/#primaryimage"},"image":{"@id":"https:\/\/strangercam.com\/chatville\/#primaryimage"},"thumbnailUrl":"https:\/\/strangercam.com\/wp-content\/uploads\/2020\/11\/stranger-cam-1.png","datePublished":"2021-05-09T19:26:42+00:00","dateModified":"2023-08-21T10:24:41+00:00","description":"Jako Chatville? Poj\u010fte si zdarma popov\u00eddat s v\u00edce ne\u017e 5 000 000 cizinci na Stranger Cam! Zapn\u011bte si kameru a najd\u011bte nov\u00e9 p\u0159\u00e1tele &amp; maby z\u00e1pas!","breadcrumb":{"@id":"https:\/\/strangercam.com\/chatville\/#breadcrumb"},"inLanguage":"cs","potentialAction":[{"@type":"ReadAction","target":["https:\/\/strangercam.com\/chatville\/"]}]},{"@type":"ImageObject","inLanguage":"cs","@id":"https:\/\/strangercam.com\/chatville\/#primaryimage","url":"https:\/\/strangercam.com\/wp-content\/uploads\/2020\/11\/stranger-cam-1.png","contentUrl":"https:\/\/strangercam.com\/wp-content\/uploads\/2020\/11\/stranger-cam-1.png","width":800,"height":800,"caption":"stranger cam random video chat"},{"@type":"BreadcrumbList","@id":"https:\/\/strangercam.com\/chatville\/#breadcrumb","itemListElement":[{"@type":"ListItem","position":1,"name":"Home","item":"https:\/\/strangercam.com\/"},{"@type":"ListItem","position":2,"name":"Chatville"}]},{"@type":"WebSite","@id":"https:\/\/strangercam.com\/#website","url":"https:\/\/strangercam.com\/","name":"Strangercam","description":"N\u00e1hodn\u00fd videochat s ciz\u00edmi lidmi","publisher":{"@id":"https:\/\/strangercam.com\/#organization"},"alternateName":"Strangercam.com","potentialAction":[{"@type":"SearchAction","target":{"@type":"EntryPoint","urlTemplate":"https:\/\/strangercam.com\/?s={search_term_string}"},"query-input":{"@type":"PropertyValueSpecification","valueRequired":true,"valueName":"search_term_string"}}],"inLanguage":"cs"},{"@type":"Organization","@id":"https:\/\/strangercam.com\/#organization","name":"Strangercam","alternateName":"Strangercam.com","url":"https:\/\/strangercam.com\/","logo":{"@type":"ImageObject","inLanguage":"cs","@id":"https:\/\/strangercam.com\/#\/schema\/logo\/image\/","url":"https:\/\/strangercam.com\/wp-content\/uploads\/2020\/11\/cropped-new-favicon-black.png","contentUrl":"https:\/\/strangercam.com\/wp-content\/uploads\/2020\/11\/cropped-new-favicon-black.png","width":512,"height":512,"caption":"Strangercam"},"image":{"@id":"https:\/\/strangercam.com\/#\/schema\/logo\/image\/"},"sameAs":["https:\/\/www.facebook.com\/strangercam","https:\/\/x.com\/strangercamapp"]}]}},"_links":{"self":[{"href":"https:\/\/strangercam.com\/cs\/wp-json\/wp\/v2\/pages\/3215","targetHints":{"allow":["GET"]}}],"collection":[{"href":"https:\/\/strangercam.com\/cs\/wp-json\/wp\/v2\/pages"}],"about":[{"href":"https:\/\/strangercam.com\/cs\/wp-json\/wp\/v2\/types\/page"}],"author":[{"embeddable":true,"href":"https:\/\/strangercam.com\/cs\/wp-json\/wp\/v2\/users\/6"}],"replies":[{"embeddable":true,"href":"https:\/\/strangercam.com\/cs\/wp-json\/wp\/v2\/comments?post=3215"}],"version-history":[{"count":0,"href":"https:\/\/strangercam.com\/cs\/wp-json\/wp\/v2\/pages\/3215\/revisions"}],"wp:featuredmedia":[{"embeddable":true,"href":"https:\/\/strangercam.com\/cs\/wp-json\/wp\/v2\/media\/559"}],"wp:attachment":[{"href":"https:\/\/strangercam.com\/cs\/wp-json\/wp\/v2\/media?parent=3215"}],"curies":[{"name":"wp","href":"https:\/\/api.w.org\/{rel}","templated":true}]}}