{"id":3197,"date":"2021-05-09T21:20:36","date_gmt":"2021-05-09T19:20:36","guid":{"rendered":"https:\/\/strangercam.com\/?page_id=3197"},"modified":"2023-08-21T12:24:41","modified_gmt":"2023-08-21T10:24:41","slug":"chatous","status":"publish","type":"page","link":"https:\/\/strangercam.com\/cs\/chatous\/","title":{"rendered":"Chatous"},"content":{"rendered":"<p>Seznamovac\u00ed web je vhodn\u00fdm m\u00edstem pro ty, kte\u0159\u00ed cht\u011bj\u00ed <a href=\"https:\/\/strangercam.com\/cs\/coomeet\/\">Seznamte se s<\/a> jejich vysn\u011bn\u00e9 osoby, pokud jde o vztahy na d\u00e1lku. Z\u00e1rove\u0148 plat\u00ed, \u017ee ne v\u0161echny seznamovac\u00ed webov\u00e9 str\u00e1nky jsou stejn\u00e9 a vy\u017eaduj\u00ed v\u00edce pozornosti. V\u00fdb\u011br spr\u00e1vn\u00e9 seznamky umo\u017e\u0148uje u\u017eivatel\u016fm z\u00edskat nov\u00e9 p\u0159\u00e1tele a spole\u010dn\u00edky z n\u011bkolika proud\u016f \u017eivota.<\/p>\n<p>V lidsk\u00e9 povaze je p\u0159irozen\u00e1 touha mluvit s ciz\u00edmi lidmi a sd\u00edlet s nimi sv\u00e9 zku\u0161enosti. \u010clov\u011bk to nem\u016f\u017ee del\u0161\u00ed dobu skr\u00fdvat. Nakonec se t\u00edmto sm\u011brem mus\u00edte vydat. V tomto digitalizovan\u00e9m sv\u011bt\u011b je to dostupn\u00e9 jako nikdy p\u0159edt\u00edm. Spole\u010dnost Chatous p\u0159inesla v\u00fdkonn\u00fd syst\u00e9m v kombinaci s um\u011blou inteligenc\u00ed, kter\u00fd v\u00e1m pom\u016f\u017ee splnit va\u0161e sny o rozhovorech s ciz\u00edmi lidmi.<\/p>\n<p>Chatous chodit s n\u011bk\u00fdm webov\u00e1 str\u00e1nka nab\u00edz\u00ed vynikaj\u00edc\u00ed funkce pro chlapce,\u00a0<a href=\"https:\/\/strangercam.com\/cs\/video-chat-s-divkami\/\">d\u00edvky<\/a>, mu\u017e\u016f a \u017een rychle identifikovat lidi, kte\u0159\u00ed hledaj\u00ed p\u0159\u00e1telstv\u00ed, z\u00e1bavu nebo l\u00e1sku. Webov\u00e9 str\u00e1nky poskytuj\u00ed zp\u016fsoby, jak komunikovat s ostatn\u00edmi a poznat jejich z\u00e1jmy a dal\u0161\u00ed podrobnosti.<\/p>\n<h2>Soukrom\u00ed a kontrola<\/h2>\n<p>Hlavn\u00ed obavou u\u017eivatel\u016f, kte\u0159\u00ed cht\u011bj\u00ed pou\u017e\u00edvat online chatovac\u00ed platformu pro online chatov\u00e1n\u00ed, je soukrom\u00ed a bezpe\u010dnost. Ob\u00e1vaj\u00ed se, \u017ee budou odhaleni. Nikdo se nechce do ni\u010deho pou\u0161t\u011bt, ani\u017e by v\u011bd\u011bl, \u017ee je zde v bezpe\u010d\u00ed.<\/p>\n<p>Chatous chodit s n\u011bk\u00fdm webov\u00e9 str\u00e1nky nab\u00edzej\u00ed trval\u00e9 \u0159e\u0161en\u00ed t\u00e9to obavy u\u017eivatel\u016f. Maj\u00ed siln\u00fd syst\u00e9m ochrany soukrom\u00ed a kontroly. M\u016f\u017eete si vybrat, s k\u00fdm chcete mluvit a koho chcete ignorovat. Pokud se n\u011bjak\u00e1 osoba chov\u00e1 sexu\u00e1ln\u011b explicitn\u011b a v\u00e1m se jej\u00ed kroky nel\u00edb\u00ed, m\u016f\u017eete tuto osobu p\u0159\u00edmo nahl\u00e1sit \u00fa\u0159edn\u00edk\u016fm. Ti pak proti dan\u00e9 osob\u011b podniknou pot\u0159ebn\u00e9 kroky.<\/p>\n<p>Spole\u010dnost Chatous nen\u00ed p\u0159\u00edli\u0161 p\u0159\u00edsn\u00e1, pokud jde o shroma\u017e\u010fov\u00e1n\u00ed informac\u00ed o n\u00e1v\u0161t\u011bvn\u00edc\u00edch. V jejich z\u00e1sad\u00e1ch ochrany osobn\u00edch \u00fadaj\u016f je jasn\u011b uvedeno, \u017ee \"pou\u017e\u00edv\u00e1n\u00edm Chatous v\u00fdslovn\u011b souhlas\u00edte s postupy nakl\u00e1d\u00e1n\u00ed s informacemi popsan\u00fdmi v t\u011bchto z\u00e1sad\u00e1ch ochrany osobn\u00edch \u00fadaj\u016f\". V z\u00e1sad\u00e1ch ochrany soukrom\u00ed a sd\u00edlen\u00ed \u00fadaj\u016f spole\u010dnosti Chatous jsou ur\u010dit\u00e9 mezery. Z webov\u00fdch str\u00e1nek je z\u0159ejm\u00e9, \u017ee \"Existuj\u00ed v\u0161ak ur\u010dit\u00e9 okolnosti, za kter\u00fdch m\u016f\u017eeme va\u0161e \u00fadaje sd\u00edlet s ur\u010dit\u00fdmi t\u0159et\u00edmi stranami, ani\u017e bychom v\u00e1s o tom museli d\u00e1le informovat.\"<\/p>\n<h2>P\u0159ihl\u00e1\u0161en\u00ed a pou\u017e\u00edv\u00e1n\u00ed<\/h2>\n<p>Chatous nab\u00edz\u00ed jednoduch\u00fd proces p\u0159ihl\u00e1\u0161en\u00ed. Nejprve si mus\u00edte vytvo\u0159it \u00fa\u010det. Chcete-li za\u010d\u00edt chatovat, mus\u00edte se ke sv\u00e9mu \u00fa\u010dtu p\u0159ihl\u00e1sit. Mus\u00edte si vybrat u\u017eivatelsk\u00e9 jm\u00e9no a pot\u00e9 heslo, abyste zajistili bezpe\u010dnost sv\u00e9ho \u00fa\u010dtu.<\/p>\n<p>Funkce m\u016f\u017eete pou\u017e\u00edvat p\u0159\u00edmo po p\u0159ihl\u00e1\u0161en\u00ed. Webov\u00e9 str\u00e1nky v\u00e1m nab\u00eddnou mo\u017enosti pohlav\u00ed, ze kter\u00fdch si m\u016f\u017eete vybrat. Podle sv\u00e9ho vkusu si m\u016f\u017eete vybrat bu\u010f mu\u017esk\u00e9, nebo \u017eensk\u00e9 pohlav\u00ed. Mus\u00edte uv\u00e9st sv\u016fj v\u011bk. V\u011bk je po\u017eadov\u00e1n proto, aby u\u017eivatel sed\u00edc\u00ed na druh\u00e9 stran\u011b vid\u011bl v\u00e1\u0161 v\u011bk a mohl se podle toho rozhodnout.<\/p>\n<h2>Z\u00edskejte nov\u00e9 p\u0159\u00e1tele<\/h2>\n<p>Pozn\u00e1v\u00e1n\u00ed nov\u00fdch p\u0159\u00e1tel je v\u017edycky z\u00e1bava. Pomoc\u00ed webov\u00fdch str\u00e1nek m\u016f\u017eete mluvit s ciz\u00edmi lidmi po cel\u00e9m sv\u011bt\u011b. Pokud v\u00e1s zaj\u00edm\u00e1, co se d\u011bje v jin\u00fdch zem\u00edch a jak\u00e9 kultury jin\u00ed lid\u00e9 zbo\u017e\u0148uj\u00ed a maj\u00ed r\u00e1di, m\u011bli byste k rozhovoru s lidmi vyu\u017e\u00edt webov\u00e9 str\u00e1nky.<\/p>\n<p>Webov\u00e9 str\u00e1nky v\u00e1s na z\u00e1klad\u011b poskytnut\u00fdch informac\u00ed nasm\u011bruj\u00ed na nejvhodn\u011bj\u0161\u00ed osobu. M\u016f\u017eete si s n\u00ed pak promluvit nebo p\u0159ej\u00edt k dal\u0161\u00ed, pokud se v\u00e1m prvn\u00ed nel\u00edb\u00ed.<\/p>\n<h2>Skupinov\u00e9 nebo n\u00e1hodn\u00e9<\/h2>\n<p>M\u016f\u017eete tak\u00e9 zvolit <a href=\"https:\/\/strangercam.com\/cs\/chatroulette\/\">chat<\/a> ve skupin\u00e1ch nebo nechat syst\u00e9m um\u011bl\u00e9 inteligence na webov\u00fdch str\u00e1nk\u00e1ch, aby pro v\u00e1s n\u00e1hodn\u011b vybral osobu. Ob\u011b tyto funkce jsou z\u00e1bavn\u00e9 a zvy\u0161uj\u00ed \u0161ance na potenci\u00e1ln\u00ed shodu.<\/p>\n<p>Pokud jste extrovert a jste r\u00e1di mezi lidmi, skupinov\u00fd chat je pro v\u00e1s to prav\u00e9. N\u00e1hodn\u00fd v\u00fdb\u011br je sp\u00ed\u0161e o z\u00e1bav\u011b a p\u0159ekvapen\u00ed.<br \/>\nJak\u00e9 jsou funkce seznamovac\u00edho webu Chatous?<\/p>\n<p>Seznamovac\u00ed web zahrnuje jedine\u010dn\u00e9 funkce pro u\u017eivatele, \u010d\u00edm\u017e ukazuje zp\u016fsoby, jak identifikovat podobn\u011b sm\u00fd\u0161lej\u00edc\u00ed osoby, kter\u00e9 sd\u00edlej\u00ed ka\u017edodenn\u00ed v\u011bci. Syst\u00e9m dohazov\u00e1n\u00ed poskytuje metody pro chatov\u00e1n\u00ed s n\u00e1hodn\u00fdmi lidmi nebo nov\u00fdmi zn\u00e1m\u00fdmi. Webov\u00e9 str\u00e1nky nav\u00edc umo\u017e\u0148uj\u00ed \u010dlen\u016fm pos\u00edlat partnerovi na chatu vysoce kvalitn\u00ed fotografie pomoc\u00ed webov\u00e9 kamery. Dal\u0161\u00ed v\u011bc, o m\u00edst\u011b je, \u017ee dl\u00e1\u017ed\u00ed zp\u016fsoby, jak filtrovat profily na z\u00e1klad\u011b jejich um\u00edst\u011bn\u00ed, v\u011bku, pohlav\u00ed, a dal\u0161\u00ed v\u011bci v\u00fdrazn\u011b. U\u017eivatel\u00e9 si dokonce mohou vybrat hashtag a diskutovat s ostatn\u00edmi na t\u00e9ma, kter\u00e9 pom\u016f\u017ee rozv\u00edjet vztahy.<\/p>\n<h2>Dal\u0161\u00ed mo\u017enosti dostupn\u00e9 na seznamovac\u00ed str\u00e1nce Chatous<\/h2>\n<p>Nov\u00ed \u010dlenov\u00e9 mohou pou\u017e\u00edt\u00a0<a href=\"https:\/\/strangercam.com\/cs\/chathub\/\">n\u00e1hodn\u00fd videochat<\/a> s mikrofonem a kamerou. Webov\u00e9 str\u00e1nky tak\u00e9 umo\u017e\u0148uj\u00ed u\u017eivatel\u016fm pos\u00edlat textov\u00e9 zpr\u00e1vy ostatn\u00edm po jejich spr\u00e1vn\u00e9m v\u00fdb\u011bru. Funkce textov\u00e9ho chatu umo\u017e\u0148uje realizovateln\u00e9 metody zas\u00edl\u00e1n\u00ed kr\u00e1tk\u00fdch vide\u00ed, obr\u00e1zk\u016f a hlasov\u00fdch zpr\u00e1v ostatn\u00edm. P\u0159ich\u00e1z\u00ed s inovativn\u00edm, u\u017eivatelsky p\u0159\u00edv\u011btiv\u00fdm rozhran\u00edm, kter\u00e9 u\u017eivatel\u016fm umo\u017e\u0148uje snadnou navigaci na stoln\u00edch po\u010d\u00edta\u010d\u00edch a dal\u0161\u00edch za\u0159\u00edzen\u00edch. \u010clenov\u00e9 nav\u00edc po vytvo\u0159en\u00ed \u00fa\u010dtu v jednoduch\u00fdch kroc\u00edch obdr\u017e\u00ed ozn\u00e1men\u00ed v re\u00e1ln\u00e9m \u010dase. Webov\u00e1 str\u00e1nka nab\u00edz\u00ed u\u017eivatel\u016fm chr\u00e1n\u011bnou identitu a anonymitu, aby se minimalizovaly ne\u017e\u00e1douc\u00ed probl\u00e9my.<\/p>\n<h2>Jak\u00e9 jsou nev\u00fdhody seznamky Chatous?<\/h2>\n<p>A\u010dkoli Chatous seznamovac\u00ed weby nab\u00edzej\u00ed u\u017eivatel\u016fm n\u011bkolik v\u00fdhod, m\u011bli by tak\u00e9 podrobn\u011b zn\u00e1t nev\u00fdhody. V aplikaci je n\u011bkolik \u017eensk\u00fdch bot\u016f, kter\u00e9 u\u017eivatele zavedou k n\u011bkter\u00fdm <a href=\"https:\/\/strangercam.com\/cs\/rabbit-video-chat\/\">videochat<\/a> platformy nebo webov\u00e9 str\u00e1nky. Krom\u011b toho by u\u017eivatel\u00e9 m\u011bli v\u011bnovat v\u011bt\u0161\u00ed pozornost bezpe\u010dnosti p\u0159i pou\u017e\u00edv\u00e1n\u00ed webov\u00fdch str\u00e1nek na stoln\u00edch po\u010d\u00edta\u010d\u00edch a mobiln\u00edch za\u0159\u00edzen\u00edch. Nov\u00ed \u010dlenov\u00e9 by si m\u011bli p\u0159ed vytvo\u0159en\u00edm \u00fa\u010dtu p\u0159e\u010d\u00edst recenze. Funkce hashtag m\u00e1 n\u011bkolik nedostatk\u016f a u\u017eivatel\u00e9 si jich mus\u00ed b\u00fdt v\u011bdomi, kdy\u017e cht\u011bj\u00ed chatovat s ostatn\u00edmi. Str\u00e1nku si lze vybrat pro debatu na v\u00edce t\u00e9mat s kompatibiln\u00edmi lidmi, kter\u00e1 budou budovat vazby a vztahy.<\/p>","protected":false},"excerpt":{"rendered":"<p>A dating website is a suitable place for those who want to meet their dream persons when it comes to long-distance relationships. At the same time, not all dating websites are the same that require more attention. Choosing the right dating website allows users to make new friends and companions from several streams of life. [&hellip;]<\/p>\n","protected":false},"author":6,"featured_media":559,"parent":0,"menu_order":0,"comment_status":"closed","ping_status":"closed","template":"","meta":{"footnotes":""},"class_list":["post-3197","page","type-page","status-publish","has-post-thumbnail","hentry"],"yoast_head":"<!-- This site is optimized with the Yoast SEO plugin v26.9 - https:\/\/yoast.com\/product\/yoast-seo-wordpress\/ -->\n<title>Chatous - Most Popular Video Chats - Cam on StrangerCam.com<\/title>\n<meta name=\"description\" content=\"Like Chatous? Come chat with more than 5.000.000 strangers on Stranger Cam for Free! Turn on your cam and find new friends &amp; maby a match!\" \/>\n<meta name=\"robots\" content=\"index, follow, max-snippet:-1, max-image-preview:large, max-video-preview:-1\" \/>\n<link rel=\"canonical\" href=\"https:\/\/strangercam.com\/cs\/chatous\/\" \/>\n<meta property=\"og:locale\" content=\"cs_CZ\" \/>\n<meta property=\"og:type\" content=\"article\" \/>\n<meta property=\"og:title\" content=\"Chatous - Most Popular Video Chats - Cam on StrangerCam.com\" \/>\n<meta property=\"og:description\" content=\"Like Chatous? Come chat with more than 5.000.000 strangers on Stranger Cam for Free! Turn on your cam and find new friends &amp; maby a match!\" \/>\n<meta property=\"og:url\" content=\"https:\/\/strangercam.com\/cs\/chatous\/\" \/>\n<meta property=\"og:site_name\" content=\"Strangercam\" \/>\n<meta property=\"article:publisher\" content=\"https:\/\/www.facebook.com\/strangercam\" \/>\n<meta property=\"article:modified_time\" content=\"2023-08-21T10:24:41+00:00\" \/>\n<meta property=\"og:image\" content=\"https:\/\/strangercam.com\/wp-content\/uploads\/2020\/11\/stranger-cam-1.png\" \/>\n\t<meta property=\"og:image:width\" content=\"800\" \/>\n\t<meta property=\"og:image:height\" content=\"800\" \/>\n\t<meta property=\"og:image:type\" content=\"image\/png\" \/>\n<meta name=\"twitter:card\" content=\"summary_large_image\" \/>\n<meta name=\"twitter:site\" content=\"@strangercamapp\" \/>\n<meta name=\"twitter:label1\" content=\"Odhadovan\u00e1 doba \u010dten\u00ed\" \/>\n\t<meta name=\"twitter:data1\" content=\"4 minuty\" \/>\n<script type=\"application\/ld+json\" class=\"yoast-schema-graph\">{\"@context\":\"https:\/\/schema.org\",\"@graph\":[{\"@type\":\"WebPage\",\"@id\":\"https:\/\/strangercam.com\/chatous\/\",\"url\":\"https:\/\/strangercam.com\/chatous\/\",\"name\":\"Chatous - Most Popular Video Chats - Cam on StrangerCam.com\",\"isPartOf\":{\"@id\":\"https:\/\/strangercam.com\/#website\"},\"primaryImageOfPage\":{\"@id\":\"https:\/\/strangercam.com\/chatous\/#primaryimage\"},\"image\":{\"@id\":\"https:\/\/strangercam.com\/chatous\/#primaryimage\"},\"thumbnailUrl\":\"https:\/\/strangercam.com\/wp-content\/uploads\/2020\/11\/stranger-cam-1.png\",\"datePublished\":\"2021-05-09T19:20:36+00:00\",\"dateModified\":\"2023-08-21T10:24:41+00:00\",\"description\":\"Like Chatous? Come chat with more than 5.000.000 strangers on Stranger Cam for Free! Turn on your cam and find new friends & maby a match!\",\"breadcrumb\":{\"@id\":\"https:\/\/strangercam.com\/chatous\/#breadcrumb\"},\"inLanguage\":\"cs\",\"potentialAction\":[{\"@type\":\"ReadAction\",\"target\":[\"https:\/\/strangercam.com\/chatous\/\"]}]},{\"@type\":\"ImageObject\",\"inLanguage\":\"cs\",\"@id\":\"https:\/\/strangercam.com\/chatous\/#primaryimage\",\"url\":\"https:\/\/strangercam.com\/wp-content\/uploads\/2020\/11\/stranger-cam-1.png\",\"contentUrl\":\"https:\/\/strangercam.com\/wp-content\/uploads\/2020\/11\/stranger-cam-1.png\",\"width\":800,\"height\":800,\"caption\":\"stranger cam random video chat\"},{\"@type\":\"BreadcrumbList\",\"@id\":\"https:\/\/strangercam.com\/chatous\/#breadcrumb\",\"itemListElement\":[{\"@type\":\"ListItem\",\"position\":1,\"name\":\"Home\",\"item\":\"https:\/\/strangercam.com\/\"},{\"@type\":\"ListItem\",\"position\":2,\"name\":\"Chatous\"}]},{\"@type\":\"WebSite\",\"@id\":\"https:\/\/strangercam.com\/#website\",\"url\":\"https:\/\/strangercam.com\/\",\"name\":\"Strangercam\",\"description\":\"Random Video Chat with Strangers\",\"publisher\":{\"@id\":\"https:\/\/strangercam.com\/#organization\"},\"alternateName\":\"Strangercam.com\",\"potentialAction\":[{\"@type\":\"SearchAction\",\"target\":{\"@type\":\"EntryPoint\",\"urlTemplate\":\"https:\/\/strangercam.com\/?s={search_term_string}\"},\"query-input\":{\"@type\":\"PropertyValueSpecification\",\"valueRequired\":true,\"valueName\":\"search_term_string\"}}],\"inLanguage\":\"cs\"},{\"@type\":\"Organization\",\"@id\":\"https:\/\/strangercam.com\/#organization\",\"name\":\"Strangercam\",\"alternateName\":\"Strangercam.com\",\"url\":\"https:\/\/strangercam.com\/\",\"logo\":{\"@type\":\"ImageObject\",\"inLanguage\":\"cs\",\"@id\":\"https:\/\/strangercam.com\/#\/schema\/logo\/image\/\",\"url\":\"https:\/\/strangercam.com\/wp-content\/uploads\/2020\/11\/cropped-new-favicon-black.png\",\"contentUrl\":\"https:\/\/strangercam.com\/wp-content\/uploads\/2020\/11\/cropped-new-favicon-black.png\",\"width\":512,\"height\":512,\"caption\":\"Strangercam\"},\"image\":{\"@id\":\"https:\/\/strangercam.com\/#\/schema\/logo\/image\/\"},\"sameAs\":[\"https:\/\/www.facebook.com\/strangercam\",\"https:\/\/x.com\/strangercamapp\"]}]}<\/script>\n<!-- \/ Yoast SEO plugin. -->","yoast_head_json":{"title":"Chatous - Nejobl\u00edben\u011bj\u0161\u00ed videochaty - Cam na StrangerCam.com","description":"Jako Chatous? Poj\u010fte si zdarma popov\u00eddat s v\u00edce ne\u017e 5 000 000 cizinci na Stranger Cam! Zapn\u011bte si kameru a najd\u011bte nov\u00e9 p\u0159\u00e1tele &amp; maby z\u00e1pas!","robots":{"index":"index","follow":"follow","max-snippet":"max-snippet:-1","max-image-preview":"max-image-preview:large","max-video-preview":"max-video-preview:-1"},"canonical":"https:\/\/strangercam.com\/cs\/chatous\/","og_locale":"cs_CZ","og_type":"article","og_title":"Chatous - Most Popular Video Chats - Cam on StrangerCam.com","og_description":"Like Chatous? Come chat with more than 5.000.000 strangers on Stranger Cam for Free! Turn on your cam and find new friends & maby a match!","og_url":"https:\/\/strangercam.com\/cs\/chatous\/","og_site_name":"Strangercam","article_publisher":"https:\/\/www.facebook.com\/strangercam","article_modified_time":"2023-08-21T10:24:41+00:00","og_image":[{"width":800,"height":800,"url":"https:\/\/strangercam.com\/wp-content\/uploads\/2020\/11\/stranger-cam-1.png","type":"image\/png"}],"twitter_card":"summary_large_image","twitter_site":"@strangercamapp","twitter_misc":{"Odhadovan\u00e1 doba \u010dten\u00ed":"4 minuty"},"schema":{"@context":"https:\/\/schema.org","@graph":[{"@type":"WebPage","@id":"https:\/\/strangercam.com\/chatous\/","url":"https:\/\/strangercam.com\/chatous\/","name":"Chatous - Nejobl\u00edben\u011bj\u0161\u00ed videochaty - Cam na StrangerCam.com","isPartOf":{"@id":"https:\/\/strangercam.com\/#website"},"primaryImageOfPage":{"@id":"https:\/\/strangercam.com\/chatous\/#primaryimage"},"image":{"@id":"https:\/\/strangercam.com\/chatous\/#primaryimage"},"thumbnailUrl":"https:\/\/strangercam.com\/wp-content\/uploads\/2020\/11\/stranger-cam-1.png","datePublished":"2021-05-09T19:20:36+00:00","dateModified":"2023-08-21T10:24:41+00:00","description":"Jako Chatous? Poj\u010fte si zdarma popov\u00eddat s v\u00edce ne\u017e 5 000 000 cizinci na Stranger Cam! Zapn\u011bte si kameru a najd\u011bte nov\u00e9 p\u0159\u00e1tele &amp; maby z\u00e1pas!","breadcrumb":{"@id":"https:\/\/strangercam.com\/chatous\/#breadcrumb"},"inLanguage":"cs","potentialAction":[{"@type":"ReadAction","target":["https:\/\/strangercam.com\/chatous\/"]}]},{"@type":"ImageObject","inLanguage":"cs","@id":"https:\/\/strangercam.com\/chatous\/#primaryimage","url":"https:\/\/strangercam.com\/wp-content\/uploads\/2020\/11\/stranger-cam-1.png","contentUrl":"https:\/\/strangercam.com\/wp-content\/uploads\/2020\/11\/stranger-cam-1.png","width":800,"height":800,"caption":"stranger cam random video chat"},{"@type":"BreadcrumbList","@id":"https:\/\/strangercam.com\/chatous\/#breadcrumb","itemListElement":[{"@type":"ListItem","position":1,"name":"Home","item":"https:\/\/strangercam.com\/"},{"@type":"ListItem","position":2,"name":"Chatous"}]},{"@type":"WebSite","@id":"https:\/\/strangercam.com\/#website","url":"https:\/\/strangercam.com\/","name":"Strangercam","description":"N\u00e1hodn\u00fd videochat s ciz\u00edmi lidmi","publisher":{"@id":"https:\/\/strangercam.com\/#organization"},"alternateName":"Strangercam.com","potentialAction":[{"@type":"SearchAction","target":{"@type":"EntryPoint","urlTemplate":"https:\/\/strangercam.com\/?s={search_term_string}"},"query-input":{"@type":"PropertyValueSpecification","valueRequired":true,"valueName":"search_term_string"}}],"inLanguage":"cs"},{"@type":"Organization","@id":"https:\/\/strangercam.com\/#organization","name":"Strangercam","alternateName":"Strangercam.com","url":"https:\/\/strangercam.com\/","logo":{"@type":"ImageObject","inLanguage":"cs","@id":"https:\/\/strangercam.com\/#\/schema\/logo\/image\/","url":"https:\/\/strangercam.com\/wp-content\/uploads\/2020\/11\/cropped-new-favicon-black.png","contentUrl":"https:\/\/strangercam.com\/wp-content\/uploads\/2020\/11\/cropped-new-favicon-black.png","width":512,"height":512,"caption":"Strangercam"},"image":{"@id":"https:\/\/strangercam.com\/#\/schema\/logo\/image\/"},"sameAs":["https:\/\/www.facebook.com\/strangercam","https:\/\/x.com\/strangercamapp"]}]}},"_links":{"self":[{"href":"https:\/\/strangercam.com\/cs\/wp-json\/wp\/v2\/pages\/3197","targetHints":{"allow":["GET"]}}],"collection":[{"href":"https:\/\/strangercam.com\/cs\/wp-json\/wp\/v2\/pages"}],"about":[{"href":"https:\/\/strangercam.com\/cs\/wp-json\/wp\/v2\/types\/page"}],"author":[{"embeddable":true,"href":"https:\/\/strangercam.com\/cs\/wp-json\/wp\/v2\/users\/6"}],"replies":[{"embeddable":true,"href":"https:\/\/strangercam.com\/cs\/wp-json\/wp\/v2\/comments?post=3197"}],"version-history":[{"count":0,"href":"https:\/\/strangercam.com\/cs\/wp-json\/wp\/v2\/pages\/3197\/revisions"}],"wp:featuredmedia":[{"embeddable":true,"href":"https:\/\/strangercam.com\/cs\/wp-json\/wp\/v2\/media\/559"}],"wp:attachment":[{"href":"https:\/\/strangercam.com\/cs\/wp-json\/wp\/v2\/media?parent=3197"}],"curies":[{"name":"wp","href":"https:\/\/api.w.org\/{rel}","templated":true}]}}