{"id":3171,"date":"2021-05-09T21:14:34","date_gmt":"2021-05-09T19:14:34","guid":{"rendered":"https:\/\/strangercam.com\/?page_id=3171"},"modified":"2023-08-21T11:40:39","modified_gmt":"2023-08-21T09:40:39","slug":"chatblink","status":"publish","type":"page","link":"https:\/\/strangercam.com\/cs\/chatblink\/","title":{"rendered":"Chatblink"},"content":{"rendered":"<p>V\u011bt\u0161ina lid\u00ed si v dne\u0161n\u00ed dob\u011b r\u00e1da najde nov\u00e9 p\u0159\u00e1tele v dan\u00e9 lokalit\u011b. V d\u016fsledku toho si seznamovac\u00ed webov\u00e9 str\u00e1nky z\u00edsk\u00e1vaj\u00ed oblibu v r\u016fzn\u00fdch \u010d\u00e1stech sv\u011bta, proto\u017ee poskytuj\u00ed metody, jak p\u011bstovat l\u00e1sku a p\u0159\u00e1telstv\u00ed s ostatn\u00edmi. Je v\u0161ak nutn\u00e9 je podrobn\u011b vyhodnotit, co\u017e pom\u016f\u017ee vybrat podle toho tu spr\u00e1vnou. Seznamovac\u00ed web Chatblink je t\u00edm prav\u00fdm m\u00edstem pro ty, kte\u0159\u00ed cht\u011bj\u00ed komunikovat s ostatn\u00edmi prost\u0159ednictv\u00edm <a href=\"https:\/\/strangercam.com\/cs\/chatroulette\/\">chat<\/a> pokoje. Jedn\u00e1 se o <a href=\"https:\/\/strangercam.com\/cs\/chat4free\/\">zdarma<\/a> seznamka, kter\u00e1 u\u017eivatel\u016fm umo\u017e\u0148uje naj\u00edt a <a href=\"https:\/\/strangercam.com\/cs\/coomeet\/\">Seznamte se s<\/a> nov\u00e9 p\u0159\u00e1tele s lehkost\u00ed.<\/p>\n<h2>Jak\u00e9 jsou hlavn\u00ed funkce seznamovac\u00edho webu Chatblink?<\/h2>\n<p>U\u017eivatel m\u016f\u017ee naj\u00edt \u0161irokou \u0161k\u00e1lu chatovac\u00edch m\u00edstnost\u00ed na t\u00e9to webov\u00e9 str\u00e1nce po vytvo\u0159en\u00ed \u00fa\u010dtu. Nejlep\u0161\u00ed na tom je, \u017ee u\u017eivatel\u016fm umo\u017e\u0148uje rychle se p\u0159ipojit k m\u00edstnosti, kter\u00e1 vyhovuje jejich z\u00e1jm\u016fm. \u010clenov\u00e9 mohou randit s atraktivn\u00edmi mu\u017ei a \u017eenami z r\u016fzn\u00fdch \u010d\u00e1st\u00ed sv\u011bta<a href=\"https:\/\/cashpotresulttoday.com\/\">.<\/a> Textov\u00fd chat je dal\u0161\u00edm vrcholem nab\u00edzen\u00fdm webovou str\u00e1nkou, kter\u00e1 umo\u017e\u0148uje chatovat s n\u00e1hodn\u00fdmi u\u017eivateli online. U\u017eivatelsk\u00e9 rozhran\u00ed webov\u00fdch str\u00e1nek Chatblink je p\u0159\u00edmo\u010dar\u00e9 a umo\u017e\u0148uje u\u017eivatel\u016fm za\u010d\u00edt co nejd\u0159\u00edve. Krom\u011b toho p\u0159isp\u00edv\u00e1 v\u00edce k ochran\u011b \u00fadaj\u016f z\u00e1kazn\u00edk\u016f, aby se minimalizovaly ne\u017e\u00e1douc\u00ed probl\u00e9my.<\/p>\n<h3>Jak si vytvo\u0159it \u00fa\u010det na webov\u00fdch str\u00e1nk\u00e1ch?<\/h3>\n<p>Nov\u00ed u\u017eivatel\u00e9 si mohou vytvo\u0159it \u00fa\u010det na webov\u00fdch str\u00e1nk\u00e1ch zad\u00e1n\u00edm sv\u00e9ho e-mailu s hesly. Po zad\u00e1n\u00ed pohlav\u00ed a v\u011bku by si m\u011bli zvolit u\u017eivatelsk\u00e9 jm\u00e9no. Ka\u017ed\u00fd, kdo m\u00e1 \u00fa\u010det na Facebooku, m\u016f\u017ee zadat tzv. <a href=\"https:\/\/strangercam.com\/cs\/chatroom2000\/\">chatovac\u00ed m\u00edstnost<\/a> co nejd\u0159\u00edve p\u0159\u00edmo<a href=\"https:\/\/nlcbplaywheresults.com\/\">.<\/a> D\u00edky tomu je mo\u017en\u00e9 v\u00fdrazn\u011b zlep\u0161it jazykov\u00e9 dovednosti a dal\u0161\u00ed v\u011bci po interakci s ostatn\u00edmi. Na druhou stranu je nutn\u00e9 p\u0159ed vytvo\u0159en\u00edm \u00fa\u010dtu podrobn\u011b dodr\u017eovat pokyny. Webov\u00e9 str\u00e1nky jsou spr\u00e1vnou volbou pro ty, kte\u0159\u00ed se cht\u011bj\u00ed vyhnout osam\u011blosti a dal\u0161\u00edm \u017eivotn\u00edm probl\u00e9m\u016fm.<\/p>\n<h3>Pro\u010d je Chatblink pro u\u017eivatele tou nejlep\u0161\u00ed volbou?<\/h3>\n<p>Webov\u00e9 str\u00e1nky umo\u017e\u0148uj\u00ed u\u017eivatel\u016fm vybrat si n\u00e1hodn\u00e9 chaty, kdy\u017e cht\u011bj\u00ed konverzovat s cizinci z r\u016fzn\u00fdch \u010d\u00e1st\u00ed sv\u011bta. Poskytuje zp\u016fsoby, jak snadno naj\u00edt skute\u010dn\u00e9 p\u0159\u00e1tele a spole\u010dn\u00edky z r\u016fzn\u00fdch oblast\u00ed \u017eivota. Webov\u00e9 str\u00e1nky tak\u00e9 nab\u00edzej\u00ed <a href=\"https:\/\/strangercam.com\/cs\/shagle\/\">pro dosp\u011bl\u00e9<\/a> seznamovac\u00ed slu\u017eby pro mu\u017ee a \u017eeny, kte\u0159\u00ed s nimi cht\u011bj\u00ed sd\u00edlet sv\u00e9 emoce. Vzhledem k tomu, \u017ee proces registrace je velmi jednoduch\u00fd, mohou u\u017eivatel\u00e9 u\u0161et\u0159it v\u00edce \u010dasu. Krom\u011b toho umo\u017e\u0148uje u\u017eivatel\u016fm naj\u00edt spole\u010dn\u00edky v r\u016fzn\u00fdch kategori\u00edch, \u010d\u00edm\u017e ukazuje zp\u016fsoby, jak rozv\u00edjet vazby. Nov\u00ed \u010dlenov\u00e9 by m\u011bli p\u0159ed vstupem do chatovac\u00ed m\u00edstnosti na webov\u00fdch str\u00e1nk\u00e1ch porozum\u011bt podm\u00ednk\u00e1m.<\/p>","protected":false},"excerpt":{"rendered":"<p>Most people these days like to find new friends in a location easily. As a result, dating websites are gaining popularity in different parts of the world because they provide methods to grow love and friendship with others. However, it is necessary to evaluate them in detail that will help select the right one accordingly. [&hellip;]<\/p>\n","protected":false},"author":6,"featured_media":559,"parent":0,"menu_order":0,"comment_status":"closed","ping_status":"closed","template":"","meta":{"footnotes":""},"class_list":["post-3171","page","type-page","status-publish","has-post-thumbnail","hentry"],"yoast_head":"<!-- This site is optimized with the Yoast SEO plugin v27.4 - https:\/\/yoast.com\/product\/yoast-seo-wordpress\/ -->\n<title>Chatblink - Most Popular Video Chats - Cam on StrangerCam.com<\/title>\n<meta name=\"description\" content=\"Like Chatblink? Come chat with more than 5.000.000 strangers on Stranger Cam for Free! Turn on your cam and find new friends &amp; maby a match!\" \/>\n<meta name=\"robots\" content=\"index, follow, max-snippet:-1, max-image-preview:large, max-video-preview:-1\" \/>\n<link rel=\"canonical\" href=\"https:\/\/strangercam.com\/cs\/chatblink\/\" \/>\n<meta property=\"og:locale\" content=\"cs_CZ\" \/>\n<meta property=\"og:type\" content=\"article\" \/>\n<meta property=\"og:title\" content=\"Chatblink - Most Popular Video Chats - Cam on StrangerCam.com\" \/>\n<meta property=\"og:description\" content=\"Like Chatblink? Come chat with more than 5.000.000 strangers on Stranger Cam for Free! Turn on your cam and find new friends &amp; maby a match!\" \/>\n<meta property=\"og:url\" content=\"https:\/\/strangercam.com\/cs\/chatblink\/\" \/>\n<meta property=\"og:site_name\" content=\"Strangercam\" \/>\n<meta property=\"article:publisher\" content=\"https:\/\/www.facebook.com\/strangercam\" \/>\n<meta property=\"article:modified_time\" content=\"2023-08-21T09:40:39+00:00\" \/>\n<meta property=\"og:image\" content=\"https:\/\/strangercam.com\/wp-content\/uploads\/2020\/11\/stranger-cam-1.png\" \/>\n\t<meta property=\"og:image:width\" content=\"800\" \/>\n\t<meta property=\"og:image:height\" content=\"800\" \/>\n\t<meta property=\"og:image:type\" content=\"image\/png\" \/>\n<meta name=\"twitter:card\" content=\"summary_large_image\" \/>\n<meta name=\"twitter:site\" content=\"@strangercamapp\" \/>\n<meta name=\"twitter:label1\" content=\"Odhadovan\u00e1 doba \u010dten\u00ed\" \/>\n\t<meta name=\"twitter:data1\" content=\"2 minuty\" \/>\n<script type=\"application\/ld+json\" class=\"yoast-schema-graph\">{\"@context\":\"https:\\\/\\\/schema.org\",\"@graph\":[{\"@type\":\"WebPage\",\"@id\":\"https:\\\/\\\/strangercam.com\\\/chatblink\\\/\",\"url\":\"https:\\\/\\\/strangercam.com\\\/chatblink\\\/\",\"name\":\"Chatblink - Most Popular Video Chats - Cam on StrangerCam.com\",\"isPartOf\":{\"@id\":\"https:\\\/\\\/strangercam.com\\\/#website\"},\"primaryImageOfPage\":{\"@id\":\"https:\\\/\\\/strangercam.com\\\/chatblink\\\/#primaryimage\"},\"image\":{\"@id\":\"https:\\\/\\\/strangercam.com\\\/chatblink\\\/#primaryimage\"},\"thumbnailUrl\":\"https:\\\/\\\/strangercam.com\\\/wp-content\\\/uploads\\\/2020\\\/11\\\/stranger-cam-1.png\",\"datePublished\":\"2021-05-09T19:14:34+00:00\",\"dateModified\":\"2023-08-21T09:40:39+00:00\",\"description\":\"Like Chatblink? Come chat with more than 5.000.000 strangers on Stranger Cam for Free! Turn on your cam and find new friends & maby a match!\",\"breadcrumb\":{\"@id\":\"https:\\\/\\\/strangercam.com\\\/chatblink\\\/#breadcrumb\"},\"inLanguage\":\"cs\",\"potentialAction\":[{\"@type\":\"ReadAction\",\"target\":[\"https:\\\/\\\/strangercam.com\\\/chatblink\\\/\"]}]},{\"@type\":\"ImageObject\",\"inLanguage\":\"cs\",\"@id\":\"https:\\\/\\\/strangercam.com\\\/chatblink\\\/#primaryimage\",\"url\":\"https:\\\/\\\/strangercam.com\\\/wp-content\\\/uploads\\\/2020\\\/11\\\/stranger-cam-1.png\",\"contentUrl\":\"https:\\\/\\\/strangercam.com\\\/wp-content\\\/uploads\\\/2020\\\/11\\\/stranger-cam-1.png\",\"width\":800,\"height\":800,\"caption\":\"stranger cam random video chat\"},{\"@type\":\"BreadcrumbList\",\"@id\":\"https:\\\/\\\/strangercam.com\\\/chatblink\\\/#breadcrumb\",\"itemListElement\":[{\"@type\":\"ListItem\",\"position\":1,\"name\":\"Home\",\"item\":\"https:\\\/\\\/strangercam.com\\\/\"},{\"@type\":\"ListItem\",\"position\":2,\"name\":\"Chatblink\"}]},{\"@type\":\"WebSite\",\"@id\":\"https:\\\/\\\/strangercam.com\\\/#website\",\"url\":\"https:\\\/\\\/strangercam.com\\\/\",\"name\":\"Strangercam\",\"description\":\"Random Video Chat with Strangers\",\"publisher\":{\"@id\":\"https:\\\/\\\/strangercam.com\\\/#organization\"},\"alternateName\":\"Strangercam.com\",\"potentialAction\":[{\"@type\":\"SearchAction\",\"target\":{\"@type\":\"EntryPoint\",\"urlTemplate\":\"https:\\\/\\\/strangercam.com\\\/?s={search_term_string}\"},\"query-input\":{\"@type\":\"PropertyValueSpecification\",\"valueRequired\":true,\"valueName\":\"search_term_string\"}}],\"inLanguage\":\"cs\"},{\"@type\":\"Organization\",\"@id\":\"https:\\\/\\\/strangercam.com\\\/#organization\",\"name\":\"Strangercam\",\"alternateName\":\"Strangercam.com\",\"url\":\"https:\\\/\\\/strangercam.com\\\/\",\"logo\":{\"@type\":\"ImageObject\",\"inLanguage\":\"cs\",\"@id\":\"https:\\\/\\\/strangercam.com\\\/#\\\/schema\\\/logo\\\/image\\\/\",\"url\":\"https:\\\/\\\/strangercam.com\\\/wp-content\\\/uploads\\\/2020\\\/11\\\/cropped-new-favicon-black.png\",\"contentUrl\":\"https:\\\/\\\/strangercam.com\\\/wp-content\\\/uploads\\\/2020\\\/11\\\/cropped-new-favicon-black.png\",\"width\":512,\"height\":512,\"caption\":\"Strangercam\"},\"image\":{\"@id\":\"https:\\\/\\\/strangercam.com\\\/#\\\/schema\\\/logo\\\/image\\\/\"},\"sameAs\":[\"https:\\\/\\\/www.facebook.com\\\/strangercam\",\"https:\\\/\\\/x.com\\\/strangercamapp\"]}]}<\/script>\n<!-- \/ Yoast SEO plugin. -->","yoast_head_json":{"title":"Chatblink - Nejobl\u00edben\u011bj\u0161\u00ed videochaty - Cam na StrangerCam.com","description":"Jako Chatblink? Poj\u010fte si zdarma popov\u00eddat s v\u00edce ne\u017e 5 000 000 cizinci na Stranger Cam! Zapn\u011bte si kameru a najd\u011bte nov\u00e9 p\u0159\u00e1tele &amp; maby z\u00e1pas!","robots":{"index":"index","follow":"follow","max-snippet":"max-snippet:-1","max-image-preview":"max-image-preview:large","max-video-preview":"max-video-preview:-1"},"canonical":"https:\/\/strangercam.com\/cs\/chatblink\/","og_locale":"cs_CZ","og_type":"article","og_title":"Chatblink - Most Popular Video Chats - Cam on StrangerCam.com","og_description":"Like Chatblink? Come chat with more than 5.000.000 strangers on Stranger Cam for Free! Turn on your cam and find new friends & maby a match!","og_url":"https:\/\/strangercam.com\/cs\/chatblink\/","og_site_name":"Strangercam","article_publisher":"https:\/\/www.facebook.com\/strangercam","article_modified_time":"2023-08-21T09:40:39+00:00","og_image":[{"width":800,"height":800,"url":"https:\/\/strangercam.com\/wp-content\/uploads\/2020\/11\/stranger-cam-1.png","type":"image\/png"}],"twitter_card":"summary_large_image","twitter_site":"@strangercamapp","twitter_misc":{"Odhadovan\u00e1 doba \u010dten\u00ed":"2 minuty"},"schema":{"@context":"https:\/\/schema.org","@graph":[{"@type":"WebPage","@id":"https:\/\/strangercam.com\/chatblink\/","url":"https:\/\/strangercam.com\/chatblink\/","name":"Chatblink - Nejobl\u00edben\u011bj\u0161\u00ed videochaty - Cam na StrangerCam.com","isPartOf":{"@id":"https:\/\/strangercam.com\/#website"},"primaryImageOfPage":{"@id":"https:\/\/strangercam.com\/chatblink\/#primaryimage"},"image":{"@id":"https:\/\/strangercam.com\/chatblink\/#primaryimage"},"thumbnailUrl":"https:\/\/strangercam.com\/wp-content\/uploads\/2020\/11\/stranger-cam-1.png","datePublished":"2021-05-09T19:14:34+00:00","dateModified":"2023-08-21T09:40:39+00:00","description":"Jako Chatblink? Poj\u010fte si zdarma popov\u00eddat s v\u00edce ne\u017e 5 000 000 cizinci na Stranger Cam! Zapn\u011bte si kameru a najd\u011bte nov\u00e9 p\u0159\u00e1tele &amp; maby z\u00e1pas!","breadcrumb":{"@id":"https:\/\/strangercam.com\/chatblink\/#breadcrumb"},"inLanguage":"cs","potentialAction":[{"@type":"ReadAction","target":["https:\/\/strangercam.com\/chatblink\/"]}]},{"@type":"ImageObject","inLanguage":"cs","@id":"https:\/\/strangercam.com\/chatblink\/#primaryimage","url":"https:\/\/strangercam.com\/wp-content\/uploads\/2020\/11\/stranger-cam-1.png","contentUrl":"https:\/\/strangercam.com\/wp-content\/uploads\/2020\/11\/stranger-cam-1.png","width":800,"height":800,"caption":"stranger cam random video chat"},{"@type":"BreadcrumbList","@id":"https:\/\/strangercam.com\/chatblink\/#breadcrumb","itemListElement":[{"@type":"ListItem","position":1,"name":"Home","item":"https:\/\/strangercam.com\/"},{"@type":"ListItem","position":2,"name":"Chatblink"}]},{"@type":"WebSite","@id":"https:\/\/strangercam.com\/#website","url":"https:\/\/strangercam.com\/","name":"Strangercam","description":"N\u00e1hodn\u00fd videochat s ciz\u00edmi lidmi","publisher":{"@id":"https:\/\/strangercam.com\/#organization"},"alternateName":"Strangercam.com","potentialAction":[{"@type":"SearchAction","target":{"@type":"EntryPoint","urlTemplate":"https:\/\/strangercam.com\/?s={search_term_string}"},"query-input":{"@type":"PropertyValueSpecification","valueRequired":true,"valueName":"search_term_string"}}],"inLanguage":"cs"},{"@type":"Organization","@id":"https:\/\/strangercam.com\/#organization","name":"Strangercam","alternateName":"Strangercam.com","url":"https:\/\/strangercam.com\/","logo":{"@type":"ImageObject","inLanguage":"cs","@id":"https:\/\/strangercam.com\/#\/schema\/logo\/image\/","url":"https:\/\/strangercam.com\/wp-content\/uploads\/2020\/11\/cropped-new-favicon-black.png","contentUrl":"https:\/\/strangercam.com\/wp-content\/uploads\/2020\/11\/cropped-new-favicon-black.png","width":512,"height":512,"caption":"Strangercam"},"image":{"@id":"https:\/\/strangercam.com\/#\/schema\/logo\/image\/"},"sameAs":["https:\/\/www.facebook.com\/strangercam","https:\/\/x.com\/strangercamapp"]}]}},"_links":{"self":[{"href":"https:\/\/strangercam.com\/cs\/wp-json\/wp\/v2\/pages\/3171","targetHints":{"allow":["GET"]}}],"collection":[{"href":"https:\/\/strangercam.com\/cs\/wp-json\/wp\/v2\/pages"}],"about":[{"href":"https:\/\/strangercam.com\/cs\/wp-json\/wp\/v2\/types\/page"}],"author":[{"embeddable":true,"href":"https:\/\/strangercam.com\/cs\/wp-json\/wp\/v2\/users\/6"}],"replies":[{"embeddable":true,"href":"https:\/\/strangercam.com\/cs\/wp-json\/wp\/v2\/comments?post=3171"}],"version-history":[{"count":0,"href":"https:\/\/strangercam.com\/cs\/wp-json\/wp\/v2\/pages\/3171\/revisions"}],"wp:featuredmedia":[{"embeddable":true,"href":"https:\/\/strangercam.com\/cs\/wp-json\/wp\/v2\/media\/559"}],"wp:attachment":[{"href":"https:\/\/strangercam.com\/cs\/wp-json\/wp\/v2\/media?parent=3171"}],"curies":[{"name":"wp","href":"https:\/\/api.w.org\/{rel}","templated":true}]}}