{"id":3158,"date":"2021-05-09T21:11:08","date_gmt":"2021-05-09T19:11:08","guid":{"rendered":"https:\/\/strangercam.com\/?page_id=3158"},"modified":"2023-08-21T12:43:25","modified_gmt":"2023-08-21T10:43:25","slug":"tinychat","status":"publish","type":"page","link":"https:\/\/strangercam.com\/cs\/tinychat\/","title":{"rendered":"Tinychat"},"content":{"rendered":"<p>Online <a href=\"https:\/\/strangercam.com\/cs\/chatroulette\/\">chat<\/a> webov\u00e9 str\u00e1nky zahrnuj\u00ed r\u016fzn\u00e9 typy, kter\u00e9 u\u017eivatel\u016fm umo\u017e\u0148uj\u00ed objevovat lidi, kte\u0159\u00ed cht\u011bj\u00ed nav\u00e1zat p\u0159\u00e1telstv\u00ed s ostatn\u00edmi. Tinychat je jedn\u00edm z nich, kter\u00fd m\u00e1 \u010dleny z r\u016fzn\u00fdch \u010d\u00e1st\u00ed sv\u011bta. Poskytuje zp\u016fsoby, jak se spojit s podobn\u011b sm\u00fd\u0161lej\u00edc\u00edmi osobami s nejnov\u011bj\u0161\u00edmi funkcemi. Tato webov\u00e1 str\u00e1nka je vhodn\u00fdm m\u00edstem pro ty, kte\u0159\u00ed se r\u00e1di vyhnou osam\u011blosti a nud\u011b v \u017eivot\u011b. Krom\u011b toho platforma zahrnuje chatovac\u00ed m\u00edstnosti pro \u010dleny, aby se <a href=\"https:\/\/strangercam.com\/cs\/rabbit-video-chat\/\">video<\/a> hovory s pokro\u010dil\u00fdmi funkcemi. Ka\u017ed\u00fd, kdo chce budovat sv\u00e9 vazby s ostatn\u00edmi, si m\u016f\u017ee vybrat tuto webovou str\u00e1nku, kter\u00e1 pom\u016f\u017ee dos\u00e1hnout optim\u00e1ln\u00edch v\u00fdsledk\u016f.<\/p>\n<h2>Jak se p\u0159ihl\u00e1sit do Tinychat?<\/h2>\n<p>Registrace v Tinychat m\u016f\u017ee trvat jen n\u011bkolik minut a nov\u00ed \u010dlenov\u00e9 by si m\u011bli nejprve vytvo\u0159it \u00fa\u010det. Ihned po zalo\u017een\u00ed \u00fa\u010dtu obdr\u017e\u00ed adresu URL s preferovan\u00fdm u\u017eivatelsk\u00fdm jm\u00e9nem a heslem. Nov\u00ed u\u017eivatel\u00e9 mohou vstoupit do chatovac\u00edch m\u00edstnost\u00ed pouh\u00fdm zad\u00e1n\u00edm adresy URL. Webov\u00e9 str\u00e1nky dokonce poskytuj\u00ed zp\u016fsoby, jak si vytvo\u0159it \u00fa\u010det prost\u0159ednictv\u00edm Facebooku. Urychluje proces registrace, \u010d\u00edm\u017e ukazuje zp\u016fsoby, jak se co nejd\u0159\u00edve p\u0159ipojit ke skupin\u00e1m. Dal\u0161\u00ed v\u011bc\u00ed na webu je, \u017ee umo\u017e\u0148uje u\u017eivatel\u016fm vytv\u00e1\u0159et profily nahr\u00e1n\u00edm fotografi\u00ed a odesl\u00e1n\u00edm dal\u0161\u00edch \u00fadaj\u016f.<\/p>\n<h3>Jak pou\u017e\u00edvat Tinychat?<\/h3>\n<p>U\u017eivatel\u00e9 mohou na t\u00e9to platform\u011b pos\u00edlat ostatn\u00edm \u010dlen\u016fm d\u00e1rky a zpr\u00e1vy, kter\u00e9 pom\u00e1haj\u00ed budovat vazby s ostatn\u00edmi. Aby si v\u0161ak mohli bez pot\u00ed\u017e\u00ed prohl\u00ed\u017eet profily ostatn\u00edch, m\u011bli by p\u0159ej\u00edt na pr\u00e9miovou verzi. Webov\u00e9 str\u00e1nky dokonce ukazuj\u00ed metody, jak z\u016fstat v anonymit\u011b, kdy\u017e u\u017eivatel\u00e9 necht\u011bj\u00ed odhalit svou skute\u010dnou identitu. Umo\u017e\u0148uje \u010dlen\u016fm vys\u00edlat sebe sama prost\u0159ednictv\u00edm video, audio a textov\u00fdch platforem. Krom\u011b toho webov\u00e9 str\u00e1nky umo\u017e\u0148uj\u00ed u\u017eivatel\u016fm propagovat sv\u00e9 chatovac\u00ed m\u00edstnosti, aby se objevily na <a href=\"https:\/\/strangercam.com\/cs\/mili\/\">\u017div\u011b<\/a> adres\u00e1\u0159. Aplikace Tinychat je k dispozici tak\u00e9 pro u\u017eivatele mobiln\u00edch telefon\u016f, kte\u0159\u00ed si ji mohou jednoduch\u00fdm zp\u016fsobem st\u00e1hnout do sv\u00fdch za\u0159\u00edzen\u00ed.<\/p>\n<h3>Jak\u00e9 jsou v\u00fdhody a nev\u00fdhody modelu Tinychat?<\/h3>\n<p>Webov\u00e1 kamera funguje bez probl\u00e9m\u016f a umo\u017e\u0148uje u\u017eivatel\u016fm zajistit lep\u0161\u00ed z\u00e1\u017eitek. Spu\u0161t\u011bn\u00ed a <a href=\"https:\/\/strangercam.com\/cs\/americky-nahodny-videohovor\/\">videohovor<\/a> na webov\u00fdch str\u00e1nk\u00e1ch je velmi snadn\u00e9, \u017ee poskytuje metody, jak se rychle spojit s ostatn\u00edmi. U\u017eivatel m\u016f\u017ee n\u011bkoho zablokovat, kdy\u017e se mu nel\u00edb\u00ed komunikace s danou osobou. Krom\u011b toho umo\u017e\u0148uje kontrolovat po\u010det osob, kter\u00e9 se \u00fa\u010dastn\u00ed chatu. Hlavn\u00ed nev\u00fdhodou t\u00e9to seznamovac\u00ed platformy je, \u017ee sazby za p\u0159edplatn\u00e9 jsou vysok\u00e9. Na platform\u011b se mohou p\u0159ipojit osoby star\u0161\u00ed 13 let, kter\u00e9 mus\u00ed podrobn\u011b dodr\u017eovat pravidla a p\u0159edpisy, kter\u00e9 jim pomohou. <a href=\"https:\/\/strangercam.com\/cs\/coomeet\/\">Seznamte se s<\/a> z\u00e1kladn\u00ed pot\u0159eby.<\/p>","protected":false},"excerpt":{"rendered":"<p>Online chat websites involve different types allowing users to discover people who want to make friendships with others. Tinychat is one among them that has members from different parts of the world. It provides ways to connect with like-minded persons with the latest features. This website is a suitable place for those who like to [&hellip;]<\/p>\n","protected":false},"author":6,"featured_media":559,"parent":0,"menu_order":0,"comment_status":"closed","ping_status":"closed","template":"","meta":{"footnotes":""},"class_list":["post-3158","page","type-page","status-publish","has-post-thumbnail","hentry"],"yoast_head":"<!-- This site is optimized with the Yoast SEO plugin v26.9 - https:\/\/yoast.com\/product\/yoast-seo-wordpress\/ -->\n<title>Tinychat - Video Chat - Cam on StrangerCam.com<\/title>\n<meta name=\"description\" content=\"Like Tinychat? Come chat with more than 5.000.000 strangers on Stranger Cam for Free! Turn on your cam and find new friends &amp; maby a match!\" \/>\n<meta name=\"robots\" content=\"index, follow, max-snippet:-1, max-image-preview:large, max-video-preview:-1\" \/>\n<link rel=\"canonical\" href=\"https:\/\/strangercam.com\/cs\/tinychat\/\" \/>\n<meta property=\"og:locale\" content=\"cs_CZ\" \/>\n<meta property=\"og:type\" content=\"article\" \/>\n<meta property=\"og:title\" content=\"Tinychat - Video Chat - Cam on StrangerCam.com\" \/>\n<meta property=\"og:description\" content=\"Like Tinychat? Come chat with more than 5.000.000 strangers on Stranger Cam for Free! Turn on your cam and find new friends &amp; maby a match!\" \/>\n<meta property=\"og:url\" content=\"https:\/\/strangercam.com\/cs\/tinychat\/\" \/>\n<meta property=\"og:site_name\" content=\"Strangercam\" \/>\n<meta property=\"article:publisher\" content=\"https:\/\/www.facebook.com\/strangercam\" \/>\n<meta property=\"article:modified_time\" content=\"2023-08-21T10:43:25+00:00\" \/>\n<meta property=\"og:image\" content=\"https:\/\/strangercam.com\/wp-content\/uploads\/2020\/11\/stranger-cam-1.png\" \/>\n\t<meta property=\"og:image:width\" content=\"800\" \/>\n\t<meta property=\"og:image:height\" content=\"800\" \/>\n\t<meta property=\"og:image:type\" content=\"image\/png\" \/>\n<meta name=\"twitter:card\" content=\"summary_large_image\" \/>\n<meta name=\"twitter:site\" content=\"@strangercamapp\" \/>\n<meta name=\"twitter:label1\" content=\"Odhadovan\u00e1 doba \u010dten\u00ed\" \/>\n\t<meta name=\"twitter:data1\" content=\"2 minuty\" \/>\n<script type=\"application\/ld+json\" class=\"yoast-schema-graph\">{\"@context\":\"https:\/\/schema.org\",\"@graph\":[{\"@type\":\"WebPage\",\"@id\":\"https:\/\/strangercam.com\/tinychat\/\",\"url\":\"https:\/\/strangercam.com\/tinychat\/\",\"name\":\"Tinychat - Video Chat - Cam on StrangerCam.com\",\"isPartOf\":{\"@id\":\"https:\/\/strangercam.com\/#website\"},\"primaryImageOfPage\":{\"@id\":\"https:\/\/strangercam.com\/tinychat\/#primaryimage\"},\"image\":{\"@id\":\"https:\/\/strangercam.com\/tinychat\/#primaryimage\"},\"thumbnailUrl\":\"https:\/\/strangercam.com\/wp-content\/uploads\/2020\/11\/stranger-cam-1.png\",\"datePublished\":\"2021-05-09T19:11:08+00:00\",\"dateModified\":\"2023-08-21T10:43:25+00:00\",\"description\":\"Like Tinychat? Come chat with more than 5.000.000 strangers on Stranger Cam for Free! Turn on your cam and find new friends & maby a match!\",\"breadcrumb\":{\"@id\":\"https:\/\/strangercam.com\/tinychat\/#breadcrumb\"},\"inLanguage\":\"cs\",\"potentialAction\":[{\"@type\":\"ReadAction\",\"target\":[\"https:\/\/strangercam.com\/tinychat\/\"]}]},{\"@type\":\"ImageObject\",\"inLanguage\":\"cs\",\"@id\":\"https:\/\/strangercam.com\/tinychat\/#primaryimage\",\"url\":\"https:\/\/strangercam.com\/wp-content\/uploads\/2020\/11\/stranger-cam-1.png\",\"contentUrl\":\"https:\/\/strangercam.com\/wp-content\/uploads\/2020\/11\/stranger-cam-1.png\",\"width\":800,\"height\":800,\"caption\":\"stranger cam random video chat\"},{\"@type\":\"BreadcrumbList\",\"@id\":\"https:\/\/strangercam.com\/tinychat\/#breadcrumb\",\"itemListElement\":[{\"@type\":\"ListItem\",\"position\":1,\"name\":\"Home\",\"item\":\"https:\/\/strangercam.com\/\"},{\"@type\":\"ListItem\",\"position\":2,\"name\":\"Tinychat\"}]},{\"@type\":\"WebSite\",\"@id\":\"https:\/\/strangercam.com\/#website\",\"url\":\"https:\/\/strangercam.com\/\",\"name\":\"Strangercam\",\"description\":\"Random Video Chat with Strangers\",\"publisher\":{\"@id\":\"https:\/\/strangercam.com\/#organization\"},\"alternateName\":\"Strangercam.com\",\"potentialAction\":[{\"@type\":\"SearchAction\",\"target\":{\"@type\":\"EntryPoint\",\"urlTemplate\":\"https:\/\/strangercam.com\/?s={search_term_string}\"},\"query-input\":{\"@type\":\"PropertyValueSpecification\",\"valueRequired\":true,\"valueName\":\"search_term_string\"}}],\"inLanguage\":\"cs\"},{\"@type\":\"Organization\",\"@id\":\"https:\/\/strangercam.com\/#organization\",\"name\":\"Strangercam\",\"alternateName\":\"Strangercam.com\",\"url\":\"https:\/\/strangercam.com\/\",\"logo\":{\"@type\":\"ImageObject\",\"inLanguage\":\"cs\",\"@id\":\"https:\/\/strangercam.com\/#\/schema\/logo\/image\/\",\"url\":\"https:\/\/strangercam.com\/wp-content\/uploads\/2020\/11\/cropped-new-favicon-black.png\",\"contentUrl\":\"https:\/\/strangercam.com\/wp-content\/uploads\/2020\/11\/cropped-new-favicon-black.png\",\"width\":512,\"height\":512,\"caption\":\"Strangercam\"},\"image\":{\"@id\":\"https:\/\/strangercam.com\/#\/schema\/logo\/image\/\"},\"sameAs\":[\"https:\/\/www.facebook.com\/strangercam\",\"https:\/\/x.com\/strangercamapp\"]}]}<\/script>\n<!-- \/ Yoast SEO plugin. -->","yoast_head_json":{"title":"Tinychat - Video Chat - Cam na StrangerCam.com","description":"Jako Tinychat? Poj\u010fte si zdarma popov\u00eddat s v\u00edce ne\u017e 5 000 000 cizinci na Stranger Cam! Zapn\u011bte si kameru a najd\u011bte nov\u00e9 p\u0159\u00e1tele &amp; maby z\u00e1pas!","robots":{"index":"index","follow":"follow","max-snippet":"max-snippet:-1","max-image-preview":"max-image-preview:large","max-video-preview":"max-video-preview:-1"},"canonical":"https:\/\/strangercam.com\/cs\/tinychat\/","og_locale":"cs_CZ","og_type":"article","og_title":"Tinychat - Video Chat - Cam on StrangerCam.com","og_description":"Like Tinychat? Come chat with more than 5.000.000 strangers on Stranger Cam for Free! Turn on your cam and find new friends & maby a match!","og_url":"https:\/\/strangercam.com\/cs\/tinychat\/","og_site_name":"Strangercam","article_publisher":"https:\/\/www.facebook.com\/strangercam","article_modified_time":"2023-08-21T10:43:25+00:00","og_image":[{"width":800,"height":800,"url":"https:\/\/strangercam.com\/wp-content\/uploads\/2020\/11\/stranger-cam-1.png","type":"image\/png"}],"twitter_card":"summary_large_image","twitter_site":"@strangercamapp","twitter_misc":{"Odhadovan\u00e1 doba \u010dten\u00ed":"2 minuty"},"schema":{"@context":"https:\/\/schema.org","@graph":[{"@type":"WebPage","@id":"https:\/\/strangercam.com\/tinychat\/","url":"https:\/\/strangercam.com\/tinychat\/","name":"Tinychat - Video Chat - Cam na StrangerCam.com","isPartOf":{"@id":"https:\/\/strangercam.com\/#website"},"primaryImageOfPage":{"@id":"https:\/\/strangercam.com\/tinychat\/#primaryimage"},"image":{"@id":"https:\/\/strangercam.com\/tinychat\/#primaryimage"},"thumbnailUrl":"https:\/\/strangercam.com\/wp-content\/uploads\/2020\/11\/stranger-cam-1.png","datePublished":"2021-05-09T19:11:08+00:00","dateModified":"2023-08-21T10:43:25+00:00","description":"Jako Tinychat? Poj\u010fte si zdarma popov\u00eddat s v\u00edce ne\u017e 5 000 000 cizinci na Stranger Cam! Zapn\u011bte si kameru a najd\u011bte nov\u00e9 p\u0159\u00e1tele &amp; maby z\u00e1pas!","breadcrumb":{"@id":"https:\/\/strangercam.com\/tinychat\/#breadcrumb"},"inLanguage":"cs","potentialAction":[{"@type":"ReadAction","target":["https:\/\/strangercam.com\/tinychat\/"]}]},{"@type":"ImageObject","inLanguage":"cs","@id":"https:\/\/strangercam.com\/tinychat\/#primaryimage","url":"https:\/\/strangercam.com\/wp-content\/uploads\/2020\/11\/stranger-cam-1.png","contentUrl":"https:\/\/strangercam.com\/wp-content\/uploads\/2020\/11\/stranger-cam-1.png","width":800,"height":800,"caption":"stranger cam random video chat"},{"@type":"BreadcrumbList","@id":"https:\/\/strangercam.com\/tinychat\/#breadcrumb","itemListElement":[{"@type":"ListItem","position":1,"name":"Home","item":"https:\/\/strangercam.com\/"},{"@type":"ListItem","position":2,"name":"Tinychat"}]},{"@type":"WebSite","@id":"https:\/\/strangercam.com\/#website","url":"https:\/\/strangercam.com\/","name":"Strangercam","description":"N\u00e1hodn\u00fd videochat s ciz\u00edmi lidmi","publisher":{"@id":"https:\/\/strangercam.com\/#organization"},"alternateName":"Strangercam.com","potentialAction":[{"@type":"SearchAction","target":{"@type":"EntryPoint","urlTemplate":"https:\/\/strangercam.com\/?s={search_term_string}"},"query-input":{"@type":"PropertyValueSpecification","valueRequired":true,"valueName":"search_term_string"}}],"inLanguage":"cs"},{"@type":"Organization","@id":"https:\/\/strangercam.com\/#organization","name":"Strangercam","alternateName":"Strangercam.com","url":"https:\/\/strangercam.com\/","logo":{"@type":"ImageObject","inLanguage":"cs","@id":"https:\/\/strangercam.com\/#\/schema\/logo\/image\/","url":"https:\/\/strangercam.com\/wp-content\/uploads\/2020\/11\/cropped-new-favicon-black.png","contentUrl":"https:\/\/strangercam.com\/wp-content\/uploads\/2020\/11\/cropped-new-favicon-black.png","width":512,"height":512,"caption":"Strangercam"},"image":{"@id":"https:\/\/strangercam.com\/#\/schema\/logo\/image\/"},"sameAs":["https:\/\/www.facebook.com\/strangercam","https:\/\/x.com\/strangercamapp"]}]}},"_links":{"self":[{"href":"https:\/\/strangercam.com\/cs\/wp-json\/wp\/v2\/pages\/3158","targetHints":{"allow":["GET"]}}],"collection":[{"href":"https:\/\/strangercam.com\/cs\/wp-json\/wp\/v2\/pages"}],"about":[{"href":"https:\/\/strangercam.com\/cs\/wp-json\/wp\/v2\/types\/page"}],"author":[{"embeddable":true,"href":"https:\/\/strangercam.com\/cs\/wp-json\/wp\/v2\/users\/6"}],"replies":[{"embeddable":true,"href":"https:\/\/strangercam.com\/cs\/wp-json\/wp\/v2\/comments?post=3158"}],"version-history":[{"count":0,"href":"https:\/\/strangercam.com\/cs\/wp-json\/wp\/v2\/pages\/3158\/revisions"}],"wp:featuredmedia":[{"embeddable":true,"href":"https:\/\/strangercam.com\/cs\/wp-json\/wp\/v2\/media\/559"}],"wp:attachment":[{"href":"https:\/\/strangercam.com\/cs\/wp-json\/wp\/v2\/media?parent=3158"}],"curies":[{"name":"wp","href":"https:\/\/api.w.org\/{rel}","templated":true}]}}