{"id":3141,"date":"2021-05-09T21:04:53","date_gmt":"2021-05-09T19:04:53","guid":{"rendered":"https:\/\/strangercam.com\/?page_id=3141"},"modified":"2023-08-21T12:35:30","modified_gmt":"2023-08-21T10:35:30","slug":"paltalk","status":"publish","type":"page","link":"https:\/\/strangercam.com\/cs\/paltalk\/","title":{"rendered":"Paltalk"},"content":{"rendered":"<p>Sv\u011bt internetu se dnes roz\u0161i\u0159uje a umo\u017e\u0148uje lidem snadno navazovat p\u0159\u00e1telstv\u00ed s ostatn\u00edmi d\u00edky vzniku seznamek a aplikac\u00ed. Paltalk je seznamka, kter\u00e1 funguje dob\u0159e na v\u0161ech za\u0159\u00edzen\u00edch v\u010detn\u011b mobiln\u00edch telefon\u016f. Webov\u00e9 str\u00e1nky poskytuj\u00ed zp\u016fsoby, jak naj\u00edt a <a href=\"https:\/\/strangercam.com\/cs\/coomeet\/\">Seznamte se s<\/a> nov\u00e9 lidi v r\u016fzn\u00fdch \u010d\u00e1stech sv\u011bta s nejnov\u011bj\u0161\u00edmi funkcemi. Aplikace nav\u00edc umo\u017e\u0148uje u\u017eivatel\u016fm nainstalovat ji v jednoduch\u00fdch kroc\u00edch, kter\u00e9 u\u017eivatel\u016fm umo\u017e\u0148uj\u00ed, aby se <a href=\"https:\/\/strangercam.com\/cs\/rabbit-video-chat\/\">video<\/a> vol\u00e1n\u00ed snadno. Nab\u00edz\u00ed dokonce zp\u016fsoby, jak naj\u00edt lidi, kte\u0159\u00ed maj\u00ed s ostatn\u00edmi spole\u010dn\u00e9 z\u00e1jmy.<\/p>\n<h2>Jak\u00e9 funkce nab\u00edz\u00ed Paltalk?<\/h2>\n<p>Webov\u00e9 str\u00e1nky nab\u00edzej\u00ed u\u017eivatel\u016fm n\u011bkolik vynikaj\u00edc\u00edch funkc\u00ed, kter\u00e9 jim umo\u017e\u0148uj\u00ed co nejd\u0159\u00edve se spojit s ostatn\u00edmi. Zahrnuje \u017eiv\u00e9 chatovac\u00ed m\u00edstnosti pro \u010dleny, kte\u0159\u00ed mohou konverzovat s v\u00edce lidmi najednou. \u010clov\u011bk m\u016f\u017ee vstoupit nebo se p\u0159ipojit <a href=\"https:\/\/strangercam.com\/cs\/chatroom2000\/\">chatovac\u00ed m\u00edstnost<\/a> rychle, co\u017e velmi pom\u016f\u017ee naj\u00edt cizince z r\u016fzn\u00fdch \u010d\u00e1st\u00ed sv\u011bta. U\u017eivatel\u00e9 mohou vyhled\u00e1vat chatovac\u00ed m\u00edstnosti v r\u016fzn\u00fdch kategori\u00edch a zkontrolovat z\u00e1sady m\u00edstnosti, aby v\u011bd\u011bli, zda jim vyhovuje, nebo ne. Mezi dal\u0161\u00ed funkce, kter\u00e9 web nab\u00edz\u00ed, pat\u0159\u00ed hlasov\u00e9 filtry, z\u00e1bavn\u00e9 video filtry, 3D masky, nov\u00e1 pozad\u00ed, d\u00e1rky, samolepky atd.<\/p>\n<h3>V\u00fdhody a nev\u00fdhody modelu Paltalk<\/h3>\n<p>Webov\u00e9 str\u00e1nky nab\u00edzej\u00ed <a href=\"https:\/\/strangercam.com\/cs\/chat4free\/\">zdarma<\/a> a zpoplatn\u011bn\u00e9 slu\u017eby, kter\u00e9 umo\u017e\u0148uj\u00ed nov\u00fdm \u010dlen\u016fm vybrat si je podle sv\u00fdch pot\u0159eb. Umo\u017e\u0148uje vytv\u00e1\u0159et soukrom\u00e9 i ve\u0159ejn\u00e9 slu\u017eby. <a href=\"https:\/\/strangercam.com\/cs\/chatroulette\/\">chat<\/a> m\u00edstnosti, kter\u00e9 v\u00e1m pomohou objevit nov\u00e9 p\u0159\u00e1tele z r\u016fzn\u00fdch oblast\u00ed \u017eivota. Krom\u011b toho platforma dokonce ukazuje zp\u016fsoby, jak p\u0159i vytv\u00e1\u0159en\u00ed \u00fa\u010dtu p\u0159elo\u017eit \u00fadaje do dev\u00edti r\u016fzn\u00fdch jazyk\u016f. Z\u00e1rove\u0148 \u010dlenov\u00e9 vy\u017eaduj\u00ed pr\u00e9miov\u00e9 p\u0159edplatn\u00e9, pokud cht\u011bj\u00ed vyu\u017e\u00edvat n\u011bkter\u00e9 dal\u0161\u00ed funkce. Reklamy a nedostatek z\u00e1kaznick\u00e9 podpory jsou n\u011bkter\u00e9 nev\u00fdhody seznamovac\u00ed platformy Pal talk, kter\u00e9 povedou k ur\u010dit\u00fdm probl\u00e9m\u016fm. Proto je nutn\u00e9 je p\u0159ed pou\u017eit\u00edm chatu vyhodnotit s v\u011bt\u0161\u00ed pozornost\u00ed.<\/p>\n<h3>Jak si vytvo\u0159it \u00fa\u010det v Paltalk?<\/h3>\n<p>Chcete-li si vytvo\u0159it \u00fa\u010det v Paltalk, mus\u00edte m\u00edt platnou e-mailovou adresu, aby byl proces registrace \u00fasp\u011b\u0161n\u00fd. U\u017eivatel\u00e9 mohou dokonce prov\u00e1d\u011bt zm\u011bny na webov\u00fdch str\u00e1nk\u00e1ch s t\u00fdmem z\u00e1kaznick\u00e9 podpory. Po vytvo\u0159en\u00ed \u00fa\u010dtu mohou za\u010d\u00edt pos\u00edlat zpr\u00e1vy ostatn\u00edm. Bezplatn\u00fd \u010dlen m\u00e1 p\u0159\u00edstup ke dv\u011bma okn\u016fm webov\u00e9 kamery a m\u016f\u017ee sledovat vys\u00edl\u00e1n\u00ed ostatn\u00edch \u010dlen\u016f. Na t\u00e9to webov\u00e9 str\u00e1nce je mo\u017en\u00e9 nakupovat a pos\u00edlat virtu\u00e1ln\u00ed d\u00e1rky, kter\u00e9 pomohou budovat vztahy s ostatn\u00edmi. Na druhou stranu je dobr\u00e9 si p\u0159ed pou\u017eit\u00edm t\u00e9to seznamky \u0159\u00e1dn\u011b p\u0159e\u010d\u00edst podm\u00ednky.<\/p>","protected":false},"excerpt":{"rendered":"<p>The internet world is expanding today allowing people to make friendships with others easily due to the emergence of dating sites and apps. Paltalk is a dating website that works well on all devices including mobile phones. The website provides ways to find and meet new people in different parts of the world with the [&hellip;]<\/p>\n","protected":false},"author":6,"featured_media":559,"parent":0,"menu_order":0,"comment_status":"closed","ping_status":"closed","template":"","meta":{"footnotes":""},"class_list":["post-3141","page","type-page","status-publish","has-post-thumbnail","hentry"],"yoast_head":"<!-- This site is optimized with the Yoast SEO plugin v27.4 - https:\/\/yoast.com\/product\/yoast-seo-wordpress\/ -->\n<title>Paltalk - Video Chat - Cam on StrangerCam.com<\/title>\n<meta name=\"description\" content=\"Like Paltalk? Come chat with more than 5.000.000 strangers on Stranger Cam for Free! Turn on your cam and find new friends &amp; maby a match!\" \/>\n<meta name=\"robots\" content=\"index, follow, max-snippet:-1, max-image-preview:large, max-video-preview:-1\" \/>\n<link rel=\"canonical\" href=\"https:\/\/strangercam.com\/cs\/paltalk\/\" \/>\n<meta property=\"og:locale\" content=\"cs_CZ\" \/>\n<meta property=\"og:type\" content=\"article\" \/>\n<meta property=\"og:title\" content=\"Paltalk - Video Chat - Cam on StrangerCam.com\" \/>\n<meta property=\"og:description\" content=\"Like Paltalk? Come chat with more than 5.000.000 strangers on Stranger Cam for Free! Turn on your cam and find new friends &amp; maby a match!\" \/>\n<meta property=\"og:url\" content=\"https:\/\/strangercam.com\/cs\/paltalk\/\" \/>\n<meta property=\"og:site_name\" content=\"Strangercam\" \/>\n<meta property=\"article:publisher\" content=\"https:\/\/www.facebook.com\/strangercam\" \/>\n<meta property=\"article:modified_time\" content=\"2023-08-21T10:35:30+00:00\" \/>\n<meta property=\"og:image\" content=\"https:\/\/strangercam.com\/wp-content\/uploads\/2020\/11\/stranger-cam-1.png\" \/>\n\t<meta property=\"og:image:width\" content=\"800\" \/>\n\t<meta property=\"og:image:height\" content=\"800\" \/>\n\t<meta property=\"og:image:type\" content=\"image\/png\" \/>\n<meta name=\"twitter:card\" content=\"summary_large_image\" \/>\n<meta name=\"twitter:site\" content=\"@strangercamapp\" \/>\n<meta name=\"twitter:label1\" content=\"Odhadovan\u00e1 doba \u010dten\u00ed\" \/>\n\t<meta name=\"twitter:data1\" content=\"2 minuty\" \/>\n<script type=\"application\/ld+json\" class=\"yoast-schema-graph\">{\"@context\":\"https:\\\/\\\/schema.org\",\"@graph\":[{\"@type\":\"WebPage\",\"@id\":\"https:\\\/\\\/strangercam.com\\\/paltalk\\\/\",\"url\":\"https:\\\/\\\/strangercam.com\\\/paltalk\\\/\",\"name\":\"Paltalk - Video Chat - Cam on StrangerCam.com\",\"isPartOf\":{\"@id\":\"https:\\\/\\\/strangercam.com\\\/#website\"},\"primaryImageOfPage\":{\"@id\":\"https:\\\/\\\/strangercam.com\\\/paltalk\\\/#primaryimage\"},\"image\":{\"@id\":\"https:\\\/\\\/strangercam.com\\\/paltalk\\\/#primaryimage\"},\"thumbnailUrl\":\"https:\\\/\\\/strangercam.com\\\/wp-content\\\/uploads\\\/2020\\\/11\\\/stranger-cam-1.png\",\"datePublished\":\"2021-05-09T19:04:53+00:00\",\"dateModified\":\"2023-08-21T10:35:30+00:00\",\"description\":\"Like Paltalk? Come chat with more than 5.000.000 strangers on Stranger Cam for Free! Turn on your cam and find new friends & maby a match!\",\"breadcrumb\":{\"@id\":\"https:\\\/\\\/strangercam.com\\\/paltalk\\\/#breadcrumb\"},\"inLanguage\":\"cs\",\"potentialAction\":[{\"@type\":\"ReadAction\",\"target\":[\"https:\\\/\\\/strangercam.com\\\/paltalk\\\/\"]}]},{\"@type\":\"ImageObject\",\"inLanguage\":\"cs\",\"@id\":\"https:\\\/\\\/strangercam.com\\\/paltalk\\\/#primaryimage\",\"url\":\"https:\\\/\\\/strangercam.com\\\/wp-content\\\/uploads\\\/2020\\\/11\\\/stranger-cam-1.png\",\"contentUrl\":\"https:\\\/\\\/strangercam.com\\\/wp-content\\\/uploads\\\/2020\\\/11\\\/stranger-cam-1.png\",\"width\":800,\"height\":800,\"caption\":\"stranger cam random video chat\"},{\"@type\":\"BreadcrumbList\",\"@id\":\"https:\\\/\\\/strangercam.com\\\/paltalk\\\/#breadcrumb\",\"itemListElement\":[{\"@type\":\"ListItem\",\"position\":1,\"name\":\"Home\",\"item\":\"https:\\\/\\\/strangercam.com\\\/\"},{\"@type\":\"ListItem\",\"position\":2,\"name\":\"Paltalk\"}]},{\"@type\":\"WebSite\",\"@id\":\"https:\\\/\\\/strangercam.com\\\/#website\",\"url\":\"https:\\\/\\\/strangercam.com\\\/\",\"name\":\"Strangercam\",\"description\":\"Random Video Chat with Strangers\",\"publisher\":{\"@id\":\"https:\\\/\\\/strangercam.com\\\/#organization\"},\"alternateName\":\"Strangercam.com\",\"potentialAction\":[{\"@type\":\"SearchAction\",\"target\":{\"@type\":\"EntryPoint\",\"urlTemplate\":\"https:\\\/\\\/strangercam.com\\\/?s={search_term_string}\"},\"query-input\":{\"@type\":\"PropertyValueSpecification\",\"valueRequired\":true,\"valueName\":\"search_term_string\"}}],\"inLanguage\":\"cs\"},{\"@type\":\"Organization\",\"@id\":\"https:\\\/\\\/strangercam.com\\\/#organization\",\"name\":\"Strangercam\",\"alternateName\":\"Strangercam.com\",\"url\":\"https:\\\/\\\/strangercam.com\\\/\",\"logo\":{\"@type\":\"ImageObject\",\"inLanguage\":\"cs\",\"@id\":\"https:\\\/\\\/strangercam.com\\\/#\\\/schema\\\/logo\\\/image\\\/\",\"url\":\"https:\\\/\\\/strangercam.com\\\/wp-content\\\/uploads\\\/2020\\\/11\\\/cropped-new-favicon-black.png\",\"contentUrl\":\"https:\\\/\\\/strangercam.com\\\/wp-content\\\/uploads\\\/2020\\\/11\\\/cropped-new-favicon-black.png\",\"width\":512,\"height\":512,\"caption\":\"Strangercam\"},\"image\":{\"@id\":\"https:\\\/\\\/strangercam.com\\\/#\\\/schema\\\/logo\\\/image\\\/\"},\"sameAs\":[\"https:\\\/\\\/www.facebook.com\\\/strangercam\",\"https:\\\/\\\/x.com\\\/strangercamapp\"]}]}<\/script>\n<!-- \/ Yoast SEO plugin. -->","yoast_head_json":{"title":"Paltalk - Video Chat - Cam na StrangerCam.com","description":"Jako Paltalk? Poj\u010fte si zdarma popov\u00eddat s v\u00edce ne\u017e 5 000 000 cizinci na Stranger Cam! Zapn\u011bte si kameru a najd\u011bte nov\u00e9 p\u0159\u00e1tele &amp; maby z\u00e1pas!","robots":{"index":"index","follow":"follow","max-snippet":"max-snippet:-1","max-image-preview":"max-image-preview:large","max-video-preview":"max-video-preview:-1"},"canonical":"https:\/\/strangercam.com\/cs\/paltalk\/","og_locale":"cs_CZ","og_type":"article","og_title":"Paltalk - Video Chat - Cam on StrangerCam.com","og_description":"Like Paltalk? Come chat with more than 5.000.000 strangers on Stranger Cam for Free! Turn on your cam and find new friends & maby a match!","og_url":"https:\/\/strangercam.com\/cs\/paltalk\/","og_site_name":"Strangercam","article_publisher":"https:\/\/www.facebook.com\/strangercam","article_modified_time":"2023-08-21T10:35:30+00:00","og_image":[{"width":800,"height":800,"url":"https:\/\/strangercam.com\/wp-content\/uploads\/2020\/11\/stranger-cam-1.png","type":"image\/png"}],"twitter_card":"summary_large_image","twitter_site":"@strangercamapp","twitter_misc":{"Odhadovan\u00e1 doba \u010dten\u00ed":"2 minuty"},"schema":{"@context":"https:\/\/schema.org","@graph":[{"@type":"WebPage","@id":"https:\/\/strangercam.com\/paltalk\/","url":"https:\/\/strangercam.com\/paltalk\/","name":"Paltalk - Video Chat - Cam na StrangerCam.com","isPartOf":{"@id":"https:\/\/strangercam.com\/#website"},"primaryImageOfPage":{"@id":"https:\/\/strangercam.com\/paltalk\/#primaryimage"},"image":{"@id":"https:\/\/strangercam.com\/paltalk\/#primaryimage"},"thumbnailUrl":"https:\/\/strangercam.com\/wp-content\/uploads\/2020\/11\/stranger-cam-1.png","datePublished":"2021-05-09T19:04:53+00:00","dateModified":"2023-08-21T10:35:30+00:00","description":"Jako Paltalk? Poj\u010fte si zdarma popov\u00eddat s v\u00edce ne\u017e 5 000 000 cizinci na Stranger Cam! Zapn\u011bte si kameru a najd\u011bte nov\u00e9 p\u0159\u00e1tele &amp; maby z\u00e1pas!","breadcrumb":{"@id":"https:\/\/strangercam.com\/paltalk\/#breadcrumb"},"inLanguage":"cs","potentialAction":[{"@type":"ReadAction","target":["https:\/\/strangercam.com\/paltalk\/"]}]},{"@type":"ImageObject","inLanguage":"cs","@id":"https:\/\/strangercam.com\/paltalk\/#primaryimage","url":"https:\/\/strangercam.com\/wp-content\/uploads\/2020\/11\/stranger-cam-1.png","contentUrl":"https:\/\/strangercam.com\/wp-content\/uploads\/2020\/11\/stranger-cam-1.png","width":800,"height":800,"caption":"stranger cam random video chat"},{"@type":"BreadcrumbList","@id":"https:\/\/strangercam.com\/paltalk\/#breadcrumb","itemListElement":[{"@type":"ListItem","position":1,"name":"Home","item":"https:\/\/strangercam.com\/"},{"@type":"ListItem","position":2,"name":"Paltalk"}]},{"@type":"WebSite","@id":"https:\/\/strangercam.com\/#website","url":"https:\/\/strangercam.com\/","name":"Strangercam","description":"N\u00e1hodn\u00fd videochat s ciz\u00edmi lidmi","publisher":{"@id":"https:\/\/strangercam.com\/#organization"},"alternateName":"Strangercam.com","potentialAction":[{"@type":"SearchAction","target":{"@type":"EntryPoint","urlTemplate":"https:\/\/strangercam.com\/?s={search_term_string}"},"query-input":{"@type":"PropertyValueSpecification","valueRequired":true,"valueName":"search_term_string"}}],"inLanguage":"cs"},{"@type":"Organization","@id":"https:\/\/strangercam.com\/#organization","name":"Strangercam","alternateName":"Strangercam.com","url":"https:\/\/strangercam.com\/","logo":{"@type":"ImageObject","inLanguage":"cs","@id":"https:\/\/strangercam.com\/#\/schema\/logo\/image\/","url":"https:\/\/strangercam.com\/wp-content\/uploads\/2020\/11\/cropped-new-favicon-black.png","contentUrl":"https:\/\/strangercam.com\/wp-content\/uploads\/2020\/11\/cropped-new-favicon-black.png","width":512,"height":512,"caption":"Strangercam"},"image":{"@id":"https:\/\/strangercam.com\/#\/schema\/logo\/image\/"},"sameAs":["https:\/\/www.facebook.com\/strangercam","https:\/\/x.com\/strangercamapp"]}]}},"_links":{"self":[{"href":"https:\/\/strangercam.com\/cs\/wp-json\/wp\/v2\/pages\/3141","targetHints":{"allow":["GET"]}}],"collection":[{"href":"https:\/\/strangercam.com\/cs\/wp-json\/wp\/v2\/pages"}],"about":[{"href":"https:\/\/strangercam.com\/cs\/wp-json\/wp\/v2\/types\/page"}],"author":[{"embeddable":true,"href":"https:\/\/strangercam.com\/cs\/wp-json\/wp\/v2\/users\/6"}],"replies":[{"embeddable":true,"href":"https:\/\/strangercam.com\/cs\/wp-json\/wp\/v2\/comments?post=3141"}],"version-history":[{"count":0,"href":"https:\/\/strangercam.com\/cs\/wp-json\/wp\/v2\/pages\/3141\/revisions"}],"wp:featuredmedia":[{"embeddable":true,"href":"https:\/\/strangercam.com\/cs\/wp-json\/wp\/v2\/media\/559"}],"wp:attachment":[{"href":"https:\/\/strangercam.com\/cs\/wp-json\/wp\/v2\/media?parent=3141"}],"curies":[{"name":"wp","href":"https:\/\/api.w.org\/{rel}","templated":true}]}}