{"id":3104,"date":"2021-05-09T14:52:40","date_gmt":"2021-05-09T12:52:40","guid":{"rendered":"https:\/\/strangercam.com\/?page_id=3104"},"modified":"2023-08-21T12:24:42","modified_gmt":"2023-08-21T10:24:42","slug":"mnogochat","status":"publish","type":"page","link":"https:\/\/strangercam.com\/cs\/mnogochat\/","title":{"rendered":"Mnogochat"},"content":{"rendered":"<p>V dne\u0161n\u00ed dob\u011b je k dispozici n\u011bkolik seznamovac\u00edch web\u016f, kde se m\u016f\u017eete co nejd\u0159\u00edve sezn\u00e1mit s nov\u00fdmi p\u0159\u00e1teli. Na druhou stranu ne v\u0161echny jsou stejn\u00e9, kter\u00e9 je t\u0159eba \u0159\u00e1dn\u011b prozkoumat. Ten velmi pom\u016f\u017ee vybrat tu spr\u00e1vnou webovou str\u00e1nku, kter\u00e1 p\u0159esn\u011b spl\u0148uje o\u010dek\u00e1v\u00e1n\u00ed u\u017eivatel\u016f. Dal\u0161\u00ed v\u011bc\u00ed je, \u017ee v\u00edce p\u0159isp\u00edv\u00e1 k v\u00fdb\u011bru n\u00e1hodn\u00fdch lid\u00ed pro budov\u00e1n\u00ed vztah\u016f. Mnogochat je online video <a href=\"https:\/\/strangercam.com\/cs\/chathub\/\">chat<\/a> str\u00e1nky, kter\u00e9 poskytuj\u00ed zp\u016fsoby, jak naj\u00edt cizince s nejpokro\u010dilej\u0161\u00edmi funkcemi, \u010d\u00edm\u017e pom\u00e1haj\u00ed <a href=\"https:\/\/strangercam.com\/cs\/coomeet\/\">Seznamte se s<\/a> z\u00e1kladn\u00ed pot\u0159eby. Jedn\u00e1 se o web, kde u\u017eivatel\u00e9 najdou sb\u00edrku popul\u00e1rn\u00edch online seznamek na jednom m\u00edst\u011b.<\/p>\n<h2>Jak pozvat p\u0159\u00e1tele na Mnogochat?<\/h2>\n<p>Webov\u00e9 str\u00e1nky umo\u017e\u0148uj\u00ed u\u017eivatel\u016fm vytvo\u0159it chatovac\u00ed m\u00edstnost bez registrace. U\u017eivatel\u00e9 by m\u011bli po vstupu do m\u00edstnosti zadat alfanumerick\u00fd k\u00f3d. Odkaz na m\u00edstnost mohou zkop\u00edrovat a sd\u00edlet s jinou osobou, aby se okam\u017eit\u011b spojili s ostatn\u00edmi. Nejedn\u00e1 se o platformu seznamovac\u00edch webov\u00fdch str\u00e1nek, kter\u00e1 u\u017eivatel\u016fm umo\u017e\u0148uje snadno identifikovat nov\u00e9 p\u0159\u00e1tele v dan\u00e9 lokalit\u011b. Webov\u00e9 str\u00e1nky nav\u00edc zahrnuj\u00ed bezplatn\u00e9 chatovac\u00ed m\u00edstnosti, kter\u00e9 poskytuj\u00ed zp\u016fsoby, jak vyhledat spole\u010dn\u00edka, kter\u00fd sd\u00edl\u00ed stejn\u00e9 z\u00e1jmy. Ka\u017ed\u00fd, kdo se chce sezn\u00e1mit s chlapci, <a href=\"https:\/\/strangercam.com\/cs\/video-chat-with-girls\/\">d\u00edvky<\/a>, mu\u017ei a \u017eeny si mohou vybrat webov\u00e9 str\u00e1nky, kter\u00e9 pom\u00e1haj\u00ed dos\u00e1hnout c\u00edl\u016f.<\/p>\n<h3>Jak\u00e9 funkce nab\u00edz\u00ed Mnogochat?<\/h3>\n<p>Mnogochat nab\u00edz\u00ed bezplatn\u00e9 chatovac\u00ed m\u00edstnosti, jako jsou <a href=\"https:\/\/strangercam.com\/cs\/chatroulette\/\">Chatroulette<\/a>, <a href=\"https:\/\/strangercam.com\/cs\/omegle\/\">Omegle<\/a> chat, video chat zdarma, l\u00e1hev hra, rusk\u00fd chat, Teen chat, Mnogocams, webcam chat, online chat, atd. Zahrnuje tak\u00e9 n\u011bkter\u00e9 dal\u0161\u00ed funkce, jako je textov\u00fd, audio a video chat, kter\u00e9 u\u017eivatel\u016fm umo\u017e\u0148uj\u00ed naj\u00edt nov\u00e9 p\u0159\u00e1tele v dan\u00e9 zemi bez omezen\u00ed. Webov\u00e9 kamery pokryt\u00e9 webov\u00fdmi str\u00e1nkami pom\u00e1haj\u00ed u\u017eivatel\u016fm identifikovat osoby p\u0159esn\u011b to, co hledaj\u00ed. Krom\u011b toho poskytuje zp\u016fsoby, jak rychle poznat nezadan\u00e9 v dan\u00e9 lokalit\u011b a budovat tak vztahy na d\u00e1lku.<\/p>\n<h3>D\u016fvody pro pou\u017eit\u00ed Mnogochat chodit s n\u011bk\u00fdm webov\u00e1 str\u00e1nka<\/h3>\n<p>Bezpe\u010dnost je hlavn\u00edm d\u016fvodem, kter\u00fd je t\u0159eba zv\u00e1\u017eit p\u0159i v\u00fdb\u011bru seznamky. Mnogochat umo\u017e\u0148uje u\u017eivatel\u016fm zajistit vysokou ochranu pomoc\u00ed \u0161ifrovac\u00edch technologi\u00ed. Platforma tak\u00e9 umo\u017e\u0148uje u\u017eivatel\u016fm anonymn\u011b chatovat s ostatn\u00edmi podle p\u0159esn\u00fdch po\u017eadavk\u016f. P\u0159ed vstupem do chatovac\u00ed m\u00edstnosti je nutn\u00e9 si p\u0159e\u010d\u00edst podm\u00ednky. Webov\u00e1 platforma funguje na v\u0161ech za\u0159\u00edzen\u00edch a v\u0161ech platform\u00e1ch prohl\u00ed\u017ee\u010d\u016f. Vzhledem k tomu, \u017ee pokr\u00fdv\u00e1 popul\u00e1rn\u00ed chatovac\u00ed m\u00edstnosti, mohou u\u017eivatel\u00e9 sd\u00edlet s ostatn\u00edmi sv\u00e9 n\u00e1pady na r\u016fzn\u00e1 t\u00e9mata. Vytv\u00e1\u0159en\u00ed efektivn\u00ed komunikace se st\u00e1v\u00e1 jednoduch\u00fdm prost\u0159ednictv\u00edm t\u00e9to webov\u00e9 str\u00e1nky, co\u017e u\u017eivatel\u016fm umo\u017e\u0148uje vyhnout se nud\u011b a osam\u011blosti v \u017eivot\u011b. Krom\u011b toho platforma umo\u017e\u0148uje uskute\u010dniteln\u00e9 zp\u016fsoby, jak co nejd\u0159\u00edve n\u00e1hodn\u011b z\u00edskat v\u00edce p\u0159\u00e1tel.<\/p>","protected":false},"excerpt":{"rendered":"<p>Nowadays, several dating sites are available for connecting with new friends as soon as possible. On the other hand, not all of them are the same that need proper research. This will help a lot to select the right website which exactly satisfies the expectations of users. Another thing is that it contributes more to [&hellip;]<\/p>\n","protected":false},"author":6,"featured_media":559,"parent":0,"menu_order":0,"comment_status":"closed","ping_status":"closed","template":"","meta":{"footnotes":""},"class_list":["post-3104","page","type-page","status-publish","has-post-thumbnail","hentry"],"yoast_head":"<!-- This site is optimized with the Yoast SEO plugin v27.4 - https:\/\/yoast.com\/product\/yoast-seo-wordpress\/ -->\n<title>Mnogochat - Most Popular Video Chats - Cam on StrangerCam.com<\/title>\n<meta name=\"description\" content=\"Like Mnogochat? Come chat with more than 5.000.000 strangers on Stranger Cam for Free! Turn on your cam and find new friends &amp; maby a match!\" \/>\n<meta name=\"robots\" content=\"index, follow, max-snippet:-1, max-image-preview:large, max-video-preview:-1\" \/>\n<link rel=\"canonical\" href=\"https:\/\/strangercam.com\/cs\/mnogochat\/\" \/>\n<meta property=\"og:locale\" content=\"cs_CZ\" \/>\n<meta property=\"og:type\" content=\"article\" \/>\n<meta property=\"og:title\" content=\"Mnogochat - Most Popular Video Chats - Cam on StrangerCam.com\" \/>\n<meta property=\"og:description\" content=\"Like Mnogochat? Come chat with more than 5.000.000 strangers on Stranger Cam for Free! Turn on your cam and find new friends &amp; maby a match!\" \/>\n<meta property=\"og:url\" content=\"https:\/\/strangercam.com\/cs\/mnogochat\/\" \/>\n<meta property=\"og:site_name\" content=\"Strangercam\" \/>\n<meta property=\"article:publisher\" content=\"https:\/\/www.facebook.com\/strangercam\" \/>\n<meta property=\"article:modified_time\" content=\"2023-08-21T10:24:42+00:00\" \/>\n<meta property=\"og:image\" content=\"https:\/\/strangercam.com\/wp-content\/uploads\/2020\/11\/stranger-cam-1.png\" \/>\n\t<meta property=\"og:image:width\" content=\"800\" \/>\n\t<meta property=\"og:image:height\" content=\"800\" \/>\n\t<meta property=\"og:image:type\" content=\"image\/png\" \/>\n<meta name=\"twitter:card\" content=\"summary_large_image\" \/>\n<meta name=\"twitter:site\" content=\"@strangercamapp\" \/>\n<meta name=\"twitter:label1\" content=\"Odhadovan\u00e1 doba \u010dten\u00ed\" \/>\n\t<meta name=\"twitter:data1\" content=\"2 minuty\" \/>\n<script type=\"application\/ld+json\" class=\"yoast-schema-graph\">{\"@context\":\"https:\\\/\\\/schema.org\",\"@graph\":[{\"@type\":\"WebPage\",\"@id\":\"https:\\\/\\\/strangercam.com\\\/mnogochat\\\/\",\"url\":\"https:\\\/\\\/strangercam.com\\\/mnogochat\\\/\",\"name\":\"Mnogochat - Most Popular Video Chats - Cam on StrangerCam.com\",\"isPartOf\":{\"@id\":\"https:\\\/\\\/strangercam.com\\\/#website\"},\"primaryImageOfPage\":{\"@id\":\"https:\\\/\\\/strangercam.com\\\/mnogochat\\\/#primaryimage\"},\"image\":{\"@id\":\"https:\\\/\\\/strangercam.com\\\/mnogochat\\\/#primaryimage\"},\"thumbnailUrl\":\"https:\\\/\\\/strangercam.com\\\/wp-content\\\/uploads\\\/2020\\\/11\\\/stranger-cam-1.png\",\"datePublished\":\"2021-05-09T12:52:40+00:00\",\"dateModified\":\"2023-08-21T10:24:42+00:00\",\"description\":\"Like Mnogochat? Come chat with more than 5.000.000 strangers on Stranger Cam for Free! Turn on your cam and find new friends & maby a match!\",\"breadcrumb\":{\"@id\":\"https:\\\/\\\/strangercam.com\\\/mnogochat\\\/#breadcrumb\"},\"inLanguage\":\"cs\",\"potentialAction\":[{\"@type\":\"ReadAction\",\"target\":[\"https:\\\/\\\/strangercam.com\\\/mnogochat\\\/\"]}]},{\"@type\":\"ImageObject\",\"inLanguage\":\"cs\",\"@id\":\"https:\\\/\\\/strangercam.com\\\/mnogochat\\\/#primaryimage\",\"url\":\"https:\\\/\\\/strangercam.com\\\/wp-content\\\/uploads\\\/2020\\\/11\\\/stranger-cam-1.png\",\"contentUrl\":\"https:\\\/\\\/strangercam.com\\\/wp-content\\\/uploads\\\/2020\\\/11\\\/stranger-cam-1.png\",\"width\":800,\"height\":800,\"caption\":\"stranger cam random video chat\"},{\"@type\":\"BreadcrumbList\",\"@id\":\"https:\\\/\\\/strangercam.com\\\/mnogochat\\\/#breadcrumb\",\"itemListElement\":[{\"@type\":\"ListItem\",\"position\":1,\"name\":\"Home\",\"item\":\"https:\\\/\\\/strangercam.com\\\/\"},{\"@type\":\"ListItem\",\"position\":2,\"name\":\"Mnogochat\"}]},{\"@type\":\"WebSite\",\"@id\":\"https:\\\/\\\/strangercam.com\\\/#website\",\"url\":\"https:\\\/\\\/strangercam.com\\\/\",\"name\":\"Strangercam\",\"description\":\"Random Video Chat with Strangers\",\"publisher\":{\"@id\":\"https:\\\/\\\/strangercam.com\\\/#organization\"},\"alternateName\":\"Strangercam.com\",\"potentialAction\":[{\"@type\":\"SearchAction\",\"target\":{\"@type\":\"EntryPoint\",\"urlTemplate\":\"https:\\\/\\\/strangercam.com\\\/?s={search_term_string}\"},\"query-input\":{\"@type\":\"PropertyValueSpecification\",\"valueRequired\":true,\"valueName\":\"search_term_string\"}}],\"inLanguage\":\"cs\"},{\"@type\":\"Organization\",\"@id\":\"https:\\\/\\\/strangercam.com\\\/#organization\",\"name\":\"Strangercam\",\"alternateName\":\"Strangercam.com\",\"url\":\"https:\\\/\\\/strangercam.com\\\/\",\"logo\":{\"@type\":\"ImageObject\",\"inLanguage\":\"cs\",\"@id\":\"https:\\\/\\\/strangercam.com\\\/#\\\/schema\\\/logo\\\/image\\\/\",\"url\":\"https:\\\/\\\/strangercam.com\\\/wp-content\\\/uploads\\\/2020\\\/11\\\/cropped-new-favicon-black.png\",\"contentUrl\":\"https:\\\/\\\/strangercam.com\\\/wp-content\\\/uploads\\\/2020\\\/11\\\/cropped-new-favicon-black.png\",\"width\":512,\"height\":512,\"caption\":\"Strangercam\"},\"image\":{\"@id\":\"https:\\\/\\\/strangercam.com\\\/#\\\/schema\\\/logo\\\/image\\\/\"},\"sameAs\":[\"https:\\\/\\\/www.facebook.com\\\/strangercam\",\"https:\\\/\\\/x.com\\\/strangercamapp\"]}]}<\/script>\n<!-- \/ Yoast SEO plugin. -->","yoast_head_json":{"title":"Mnogochat - Nejobl\u00edben\u011bj\u0161\u00ed videochaty - Cam na StrangerCam.com","description":"Jako Mnogochat? Poj\u010fte si zdarma popov\u00eddat s v\u00edce ne\u017e 5 000 000 cizinci na Stranger Cam! Zapn\u011bte si kameru a najd\u011bte nov\u00e9 p\u0159\u00e1tele &amp; maby z\u00e1pas!","robots":{"index":"index","follow":"follow","max-snippet":"max-snippet:-1","max-image-preview":"max-image-preview:large","max-video-preview":"max-video-preview:-1"},"canonical":"https:\/\/strangercam.com\/cs\/mnogochat\/","og_locale":"cs_CZ","og_type":"article","og_title":"Mnogochat - Most Popular Video Chats - Cam on StrangerCam.com","og_description":"Like Mnogochat? Come chat with more than 5.000.000 strangers on Stranger Cam for Free! Turn on your cam and find new friends & maby a match!","og_url":"https:\/\/strangercam.com\/cs\/mnogochat\/","og_site_name":"Strangercam","article_publisher":"https:\/\/www.facebook.com\/strangercam","article_modified_time":"2023-08-21T10:24:42+00:00","og_image":[{"width":800,"height":800,"url":"https:\/\/strangercam.com\/wp-content\/uploads\/2020\/11\/stranger-cam-1.png","type":"image\/png"}],"twitter_card":"summary_large_image","twitter_site":"@strangercamapp","twitter_misc":{"Odhadovan\u00e1 doba \u010dten\u00ed":"2 minuty"},"schema":{"@context":"https:\/\/schema.org","@graph":[{"@type":"WebPage","@id":"https:\/\/strangercam.com\/mnogochat\/","url":"https:\/\/strangercam.com\/mnogochat\/","name":"Mnogochat - Nejobl\u00edben\u011bj\u0161\u00ed videochaty - Cam na StrangerCam.com","isPartOf":{"@id":"https:\/\/strangercam.com\/#website"},"primaryImageOfPage":{"@id":"https:\/\/strangercam.com\/mnogochat\/#primaryimage"},"image":{"@id":"https:\/\/strangercam.com\/mnogochat\/#primaryimage"},"thumbnailUrl":"https:\/\/strangercam.com\/wp-content\/uploads\/2020\/11\/stranger-cam-1.png","datePublished":"2021-05-09T12:52:40+00:00","dateModified":"2023-08-21T10:24:42+00:00","description":"Jako Mnogochat? Poj\u010fte si zdarma popov\u00eddat s v\u00edce ne\u017e 5 000 000 cizinci na Stranger Cam! Zapn\u011bte si kameru a najd\u011bte nov\u00e9 p\u0159\u00e1tele &amp; maby z\u00e1pas!","breadcrumb":{"@id":"https:\/\/strangercam.com\/mnogochat\/#breadcrumb"},"inLanguage":"cs","potentialAction":[{"@type":"ReadAction","target":["https:\/\/strangercam.com\/mnogochat\/"]}]},{"@type":"ImageObject","inLanguage":"cs","@id":"https:\/\/strangercam.com\/mnogochat\/#primaryimage","url":"https:\/\/strangercam.com\/wp-content\/uploads\/2020\/11\/stranger-cam-1.png","contentUrl":"https:\/\/strangercam.com\/wp-content\/uploads\/2020\/11\/stranger-cam-1.png","width":800,"height":800,"caption":"stranger cam random video chat"},{"@type":"BreadcrumbList","@id":"https:\/\/strangercam.com\/mnogochat\/#breadcrumb","itemListElement":[{"@type":"ListItem","position":1,"name":"Home","item":"https:\/\/strangercam.com\/"},{"@type":"ListItem","position":2,"name":"Mnogochat"}]},{"@type":"WebSite","@id":"https:\/\/strangercam.com\/#website","url":"https:\/\/strangercam.com\/","name":"Strangercam","description":"N\u00e1hodn\u00fd videochat s ciz\u00edmi lidmi","publisher":{"@id":"https:\/\/strangercam.com\/#organization"},"alternateName":"Strangercam.com","potentialAction":[{"@type":"SearchAction","target":{"@type":"EntryPoint","urlTemplate":"https:\/\/strangercam.com\/?s={search_term_string}"},"query-input":{"@type":"PropertyValueSpecification","valueRequired":true,"valueName":"search_term_string"}}],"inLanguage":"cs"},{"@type":"Organization","@id":"https:\/\/strangercam.com\/#organization","name":"Strangercam","alternateName":"Strangercam.com","url":"https:\/\/strangercam.com\/","logo":{"@type":"ImageObject","inLanguage":"cs","@id":"https:\/\/strangercam.com\/#\/schema\/logo\/image\/","url":"https:\/\/strangercam.com\/wp-content\/uploads\/2020\/11\/cropped-new-favicon-black.png","contentUrl":"https:\/\/strangercam.com\/wp-content\/uploads\/2020\/11\/cropped-new-favicon-black.png","width":512,"height":512,"caption":"Strangercam"},"image":{"@id":"https:\/\/strangercam.com\/#\/schema\/logo\/image\/"},"sameAs":["https:\/\/www.facebook.com\/strangercam","https:\/\/x.com\/strangercamapp"]}]}},"_links":{"self":[{"href":"https:\/\/strangercam.com\/cs\/wp-json\/wp\/v2\/pages\/3104","targetHints":{"allow":["GET"]}}],"collection":[{"href":"https:\/\/strangercam.com\/cs\/wp-json\/wp\/v2\/pages"}],"about":[{"href":"https:\/\/strangercam.com\/cs\/wp-json\/wp\/v2\/types\/page"}],"author":[{"embeddable":true,"href":"https:\/\/strangercam.com\/cs\/wp-json\/wp\/v2\/users\/6"}],"replies":[{"embeddable":true,"href":"https:\/\/strangercam.com\/cs\/wp-json\/wp\/v2\/comments?post=3104"}],"version-history":[{"count":0,"href":"https:\/\/strangercam.com\/cs\/wp-json\/wp\/v2\/pages\/3104\/revisions"}],"wp:featuredmedia":[{"embeddable":true,"href":"https:\/\/strangercam.com\/cs\/wp-json\/wp\/v2\/media\/559"}],"wp:attachment":[{"href":"https:\/\/strangercam.com\/cs\/wp-json\/wp\/v2\/media?parent=3104"}],"curies":[{"name":"wp","href":"https:\/\/api.w.org\/{rel}","templated":true}]}}