{"id":3045,"date":"2025-08-18T13:16:48","date_gmt":"2025-08-18T11:16:48","guid":{"rendered":"https:\/\/strangercam.com\/?page_id=3045"},"modified":"2025-08-18T14:11:55","modified_gmt":"2025-08-18T12:11:55","slug":"video-chat-s-divkami","status":"publish","type":"page","link":"https:\/\/strangercam.com\/cs\/video-chat-with-girls\/","title":{"rendered":"Video chat s d\u00edvkami"},"content":{"rendered":"<p>Hled\u00e1te nejlep\u0161\u00ed m\u00edsto pro video <a href=\"https:\/\/strangercam.com\/cs\/chathub\/\">chat<\/a> s d\u00edvkami? Nejste sami. Tis\u00edce lid\u00ed na internetu ka\u017ed\u00fd den hledaj\u00ed skute\u010dn\u00e9, spont\u00e1nn\u00ed konverzace se skute\u010dn\u00fdmi \u017eenami po cel\u00e9m sv\u011bt\u011b. Na rozd\u00edl od seznamovac\u00edch aplikac\u00ed, kde donekone\u010dna proch\u00e1z\u00edte profily, nebo soci\u00e1ln\u00edch m\u00e9di\u00ed, kde v\u0161e p\u016fsob\u00ed zinscenovan\u011b, je \u017eiv\u00fd videochat s d\u00edvkami okam\u017eit\u00fd, skute\u010dn\u00fd a autentick\u00fd.<\/p>\n<p>D\u00edky platform\u00e1m, jako je StrangerCam, je nyn\u00ed mo\u017en\u00e9 si kdykoli u\u017e\u00edvat bezplatn\u00fd videochat s d\u00edvkami, ani\u017e by bylo nutn\u00e9 vytv\u00e1\u0159et \u00fa\u010det, platit skryt\u00e9 poplatky nebo stahovat aplikaci. A\u0165 u\u017e se chcete sp\u0159\u00e1telit, flirtovat, nebo si prost\u011b jen ukr\u00e1tit \u010das, videochatov\u00e1n\u00ed s d\u00edvkami online nikdy nebylo jednodu\u0161\u0161\u00ed a dostupn\u011bj\u0161\u00ed.<\/p>\n<p>Tento pr\u016fvodce v\u00e1m uk\u00e1\u017ee v\u0161e, co pot\u0159ebujete v\u011bd\u011bt: jak funguje, pro\u010d ji lid\u00e9 miluj\u00ed, jak\u00e9 funkce jsou nejd\u016fle\u017eit\u011bj\u0161\u00ed, bezpe\u010dnostn\u00ed tipy a pro\u010d je StrangerCam jednou z nejlep\u0161\u00edch platforem pro videochat s d\u00edvkami v roce 2025.<\/p>\n<h2>Co je video chat s d\u00edvkami?<\/h2>\n<p>Videochat s d\u00edvkami je \u017eiv\u00e1 online interakce tv\u00e1\u0159\u00ed v tv\u00e1\u0159, p\u0159i kter\u00e9 se okam\u017eit\u011b spoj\u00edte s u\u017eivatelkami pomoc\u00ed webov\u00e9 kamery a mikrofonu. Je to jako modern\u00ed vylep\u0161en\u00ed textov\u00fdch chat\u016f, a\u017e na to, \u017ee osobu, se kterou mluv\u00edte, skute\u010dn\u011b vid\u00edte a sly\u0161\u00edte.<\/p>\n<p>Na rozd\u00edl od soci\u00e1ln\u00edch s\u00edt\u00ed nebo seznamek, kde za\u010d\u00e1tek konverzace trv\u00e1 del\u0161\u00ed dobu, m\u016f\u017eete p\u0159i videochatu rovnou p\u0159ej\u00edt do re\u00e1ln\u00e9 interakce. \u017d\u00e1dn\u00e9 p\u0159ejet\u00ed prstem, \u017e\u00e1dn\u00e9 \u010dek\u00e1n\u00ed na odpov\u011b\u010f - jen okam\u017eit\u00e9 spojen\u00ed.<\/p>\n<h2>Pro\u010d lid\u00e9 miluj\u00ed bezplatn\u00fd videochat s d\u00edvkami<\/h2>\n<p>Rostouc\u00ed popularitu bezplatn\u00e9ho videochatu s d\u00edvkami lze vysv\u011btlit n\u011bkolika jednoduch\u00fdmi d\u016fvody:<\/p>\n<ul>\n<li>Autenti\u010dnost: Na rozd\u00edl od textu je u videa nemo\u017en\u00e9 p\u0159edst\u00edrat, kdo jste. V\u00edte, \u017ee mluv\u00edte se skute\u010dn\u00fdm \u010dlov\u011bkem.<\/li>\n<li>Okam\u017eit\u00e9 p\u0159ipojen\u00ed: \u017d\u00e1dn\u00e9 zdlouhav\u00e9 registrace, \u017e\u00e1dn\u00fd ztracen\u00fd \u010das - p\u0159ipoj\u00edte se okam\u017eit\u011b.<\/li>\n<li>Vzru\u0161en\u00ed z nezn\u00e1m\u00e9ho: Ka\u017ed\u00fd chat je jedine\u010dn\u00fd a poka\u017ed\u00e9 nab\u00edz\u00ed n\u011bco jin\u00e9ho.<\/li>\n<li>P\u0159\u00e1telstv\u00ed a flirtov\u00e1n\u00ed: N\u011bkte\u0159\u00ed ji pou\u017e\u00edvaj\u00ed k hled\u00e1n\u00ed nov\u00fdch p\u0159\u00e1tel, jin\u00ed k ne\u0161kodn\u00e9 z\u00e1bav\u011b a flirtov\u00e1n\u00ed.<\/li>\n<li>Rozmanitost: Vyzkou\u0161ejte nov\u00e9 kultury a roz\u0161i\u0159te sv\u016fj rozhled.<\/li>\n<li>P\u0159\u00edstupnost: D\u00edky platform\u00e1m, jako je StrangerCam, je 100% zdarma a snadno pou\u017eiteln\u00e1 jak na mobiln\u00edch za\u0159\u00edzen\u00edch, tak na stoln\u00edch po\u010d\u00edta\u010d\u00edch.<\/li>\n<\/ul>\n<h2>Jak funguje video chat s d\u00edvkami?<\/h2>\n<p>Spu\u0161t\u011bn\u00ed videochatu s d\u00edvkami je jednoduch\u00e9 i pro za\u010d\u00e1te\u010dn\u00edky:<\/p>\n<ol>\n<li>Otev\u0159ete si v telefonu nebo po\u010d\u00edta\u010di platformu pro videochat (nap\u0159\u00edklad StrangerCam).<\/li>\n<li>Po v\u00fdzv\u011b povolte webovou kameru a mikrofon.<\/li>\n<li>Zvolte p\u0159edvolby, pokud jsou k dispozici (nap\u0159\u00edklad zvolte mo\u017enost p\u00e1rov\u00e1n\u00ed pouze s u\u017eivateli \u017eensk\u00e9ho pohlav\u00ed).<\/li>\n<li>Klikn\u011bte na tla\u010d\u00edtko \"Spustit chat\". Okam\u017eit\u011b se spoj\u00edte s n\u00e1hodnou d\u00edvkou.<\/li>\n<li>U\u017eijte si chat! Pokud se v\u00e1m konverzace nel\u00edb\u00ed, klikn\u011bte na tla\u010d\u00edtko \"Dal\u0161\u00ed\" a seznamte se s n\u011bk\u00fdm nov\u00fdm.<\/li>\n<\/ol>\n<p>Cel\u00fd proces trv\u00e1 m\u00e9n\u011b ne\u017e minutu.<\/p>\n<h2>Nejd\u016fle\u017eit\u011bj\u0161\u00ed funkce, kter\u00e9 je t\u0159eba hledat<\/h2>\n<p>Ne ka\u017ed\u00e1 platforma, kter\u00e1 inzeruje videochat s d\u00edvkami, stoj\u00ed za v\u00e1\u0161 \u010das. Mnoh\u00e9 z nich skr\u00fdvaj\u00ed funkce za placen\u00fdmi zdmi nebo nepln\u00ed sv\u00e9 sliby. Tady je, na co se zam\u011b\u0159it:<\/p>\n<h3>1. Voln\u00e9 filtry pro pohlav\u00ed<\/h3>\n<p>Pokud se chcete sezn\u00e1mit s d\u00edvkami, je nutn\u00e9 m\u00edt funk\u010dn\u00ed genderov\u00fd filtr. Dejte si pozor na str\u00e1nky, kter\u00e9 ho inzeruj\u00ed, ale odemknou ho a\u017e po zaplacen\u00ed.<\/p>\n<h3>2. Nen\u00ed nutn\u00e1 registrace<\/h3>\n<p>Pro zah\u00e1jen\u00ed chatu byste si nem\u011bli vytv\u00e1\u0159et \u00fa\u010det ani poskytovat osobn\u00ed \u00fadaje.<\/p>\n<h3>3. Siln\u00e1 um\u00edrn\u011bnost<\/h3>\n<p>Dobr\u00e9 platformy maj\u00ed aktivn\u00ed moder\u00e1tory a n\u00e1stroje pro nahla\u0161ov\u00e1n\u00ed, kter\u00e9 udr\u017euj\u00ed prost\u0159ed\u00ed bezpe\u010dn\u00e9 a p\u0159\u00e1telsk\u00e9.<\/p>\n<h3>4. Vysoce kvalitn\u00ed video<\/h3>\n<p>D\u00edky plynul\u00e9mu a spolehliv\u00e9mu obrazu a zvuku jsou konverzace p\u0159irozen\u00e9 a p\u0159\u00edjemn\u00e9.<\/p>\n<h3>5. Design vhodn\u00fd pro mobiln\u00ed za\u0159\u00edzen\u00ed<\/h3>\n<p>M\u011bli byste b\u00fdt schopni videochatovat s d\u00edvkami snadno z telefonu nebo tabletu, nejen z po\u010d\u00edta\u010de.<\/p>\n<h3>6. Glob\u00e1ln\u00ed spole\u010denstv\u00ed<\/h3>\n<p>V\u011bt\u0161\u00ed z\u00e1kladna u\u017eivatel\u016f znamen\u00e1 v\u011bt\u0161\u00ed rozmanitost a v\u00edce p\u0159\u00edle\u017eitost\u00ed nav\u00e1zat kontakt se zaj\u00edmav\u00fdmi lidmi.<\/p>\n<h2>Nejlep\u0161\u00ed platformy pro videochat s d\u00edvkami v roce 2025<\/h2>\n<p>Zde je srovn\u00e1n\u00ed popul\u00e1rn\u00edch platforem, kter\u00e9 lid\u00e9 pou\u017e\u00edvaj\u00ed k videochatu s d\u00edvkami:<\/p>\n<table>\n<thead>\n<tr>\n<th>Platforma<\/th>\n<th align=\"center\">Bezplatn\u00fd genderov\u00fd filtr<\/th>\n<th align=\"center\">Pot\u0159ebn\u00e1 registrace<\/th>\n<th align=\"center\">Mobiln\u00ed podpora<\/th>\n<th align=\"center\">Moderov\u00e1n\u00ed<\/th>\n<th>Pozn\u00e1mky<\/th>\n<\/tr>\n<\/thead>\n<tbody>\n<tr>\n<td>StrangerCam<\/td>\n<td align=\"center\">\u2705<\/td>\n<td align=\"center\">\u274c<\/td>\n<td align=\"center\">\u2705<\/td>\n<td align=\"center\">\u2705<\/td>\n<td>100% voln\u00fd, funk\u010dn\u00ed genderov\u00fd filtr<\/td>\n<\/tr>\n<tr>\n<td><a href=\"https:\/\/strangercam.com\/cs\/chatroulette\/\">Chatroulette<\/a><\/td>\n<td align=\"center\">\u274c (Placen\u00e9)<\/td>\n<td align=\"center\">\u274c<\/td>\n<td align=\"center\">\u2705<\/td>\n<td align=\"center\">\u2705<\/td>\n<td>Klasick\u00fd, ale genderov\u00fd filtr stoj\u00ed<\/td>\n<\/tr>\n<tr>\n<td>Chatrandom<\/td>\n<td align=\"center\">\u274c (Placen\u00e9)<\/td>\n<td align=\"center\">\u274c<\/td>\n<td align=\"center\">\u2705<\/td>\n<td align=\"center\">\u2705<\/td>\n<td>Popul\u00e1rn\u00ed, ale mnoho paywall\u016f<\/td>\n<\/tr>\n<tr>\n<td><a href=\"https:\/\/strangercam.com\/cs\/ometv\/\">OmeTV<\/a><\/td>\n<td align=\"center\">\u274c<\/td>\n<td align=\"center\">\u274c<\/td>\n<td align=\"center\">\u2705<\/td>\n<td align=\"center\">\u2705<\/td>\n<td>Mobiln\u00ed aplikace, pouze n\u00e1hodn\u00e1<\/td>\n<\/tr>\n<tr>\n<td>Shagle<\/td>\n<td align=\"center\">\u274c (Placen\u00e9)<\/td>\n<td align=\"center\">\u274c<\/td>\n<td align=\"center\">\u2705<\/td>\n<td align=\"center\">\u2705<\/td>\n<td>Siln\u011b tla\u010d\u00ed na upgrady<\/td>\n<\/tr>\n<tr>\n<td><a href=\"https:\/\/strangercam.com\/cs\/coomeet\/\">CooMeet<\/a><\/td>\n<td align=\"center\">\u2705 (pouze zku\u0161ebn\u00ed verze)<\/td>\n<td align=\"center\">\u2705<\/td>\n<td align=\"center\">\u2705<\/td>\n<td align=\"center\">\u2705<\/td>\n<td>Zaplaceno po n\u011bkolika bezplatn\u00fdch chatech<\/td>\n<\/tr>\n<tr>\n<td>LuckyCrush<\/td>\n<td align=\"center\">\u2705 (Placen\u00e9)<\/td>\n<td align=\"center\">\u2705<\/td>\n<td align=\"center\">\u2705<\/td>\n<td align=\"center\">\u2705<\/td>\n<td>V\u017edy placen\u00e9 p\u0159izp\u016fsoben\u00ed podle pohlav\u00ed<\/td>\n<\/tr>\n<\/tbody>\n<\/table>\n<p>StrangerCam je jedna z m\u00e1la platforem, kter\u00e1 nab\u00edz\u00ed skute\u010dn\u00fd, bezplatn\u00fd genderov\u00fd filtr a neomezen\u00e9 videochaty s d\u00edvkami - \u017e\u00e1dn\u00e9 triky, \u017e\u00e1dn\u00e9 skryt\u00e9 poplatky.<\/p>\n<h2>Pro\u010d je StrangerCam nejlep\u0161\u00edm m\u00edstem pro videochat s d\u00edvkami<\/h2>\n<p>Pokud jde o videochat s d\u00edvkami, StrangerCam m\u00e1 n\u011bkolik v\u00fdrazn\u00fdch v\u00fdhod:<\/p>\n<h3>1. Skute\u010dn\u011b zdarma a neomezen\u011b<\/h3>\n<p>Chatujte tak dlouho, jak chcete, ani\u017e byste se museli starat o kredity, limity nebo skryt\u00e9 poplatky.<\/p>\n<h3>2. Bezplatn\u00fd genderov\u00fd filtr, kter\u00fd funguje<\/h3>\n<p>Na rozd\u00edl od v\u011bt\u0161iny web\u016f v\u00e1m StrangerCam umo\u017e\u0148uje vybrat si d\u00edvky zdarma - bez paywallu.<\/p>\n<h3>3. Nen\u00ed nutn\u00e1 registrace ani stahov\u00e1n\u00ed<\/h3>\n<p>Nepot\u0159ebujete \u00fa\u010det, e-mail ani telefonn\u00ed \u010d\u00edslo. Sta\u010d\u00ed kliknout a za\u010d\u00edt chatovat.<\/p>\n<h3>4. Bezpe\u010dn\u00e9 a moderovan\u00e9<\/h3>\n<p>Zabudovan\u00e9 hl\u00e1\u0161en\u00ed a aktivn\u00ed moder\u00e1to\u0159i pom\u00e1haj\u00ed udr\u017eovat pozitivn\u00ed komunitu.<\/p>\n<h3>5. Glob\u00e1ln\u00ed \u017eensk\u00e1 u\u017eivatelsk\u00e1 z\u00e1kladna<\/h3>\n<p>Seznamte se s d\u00edvkami z des\u00edtek zem\u00ed kdykoli b\u011bhem dne.<\/p>\n<h3>6. Optimalizov\u00e1no pro mobiln\u00ed za\u0159\u00edzen\u00ed a stoln\u00ed po\u010d\u00edta\u010de<\/h3>\n<p>A\u0165 u\u017e pou\u017e\u00edv\u00e1te telefon, tablet nebo po\u010d\u00edta\u010d, aplikace StrangerCam funguje bez probl\u00e9m\u016f v\u0161ude.<\/p>\n<h2>Zku\u0161enosti skute\u010dn\u00fdch u\u017eivatel\u016f<\/h2>\n<blockquote><p><em>\"Na v\u011bt\u0161in\u011b web\u016f mi bylo \u0159e\u010deno, \u017ee mohu s d\u00edvkami v\u00e9st videochat zdarma, ale pak se mi to sna\u017eili na\u00fa\u010dtovat. StrangerCam byla prvn\u00ed str\u00e1nka, kde genderov\u00fd filtr skute\u010dn\u011b fungoval bez placen\u00ed.\"<\/em><br \/>\n- Ethan, 28 let<\/p><\/blockquote>\n<blockquote><p><em>\"Jako \u017eena se zde c\u00edt\u00edm bezpe\u010dn\u011bji ne\u017e na jin\u00fdch platform\u00e1ch. Mohu p\u0159eskakovat, blokovat a okam\u017eit\u011b nahla\u0161ovat, co\u017e je pro m\u011b pohodln\u011bj\u0161\u00ed.\"<\/em><br \/>\n- Laura, 24 let<\/p><\/blockquote>\n<blockquote><p><em>\"B\u011bhem jednoho ve\u010dera jsem se sezn\u00e1mil s d\u00edvkami z Braz\u00edlie, \u0160pan\u011blska a USA. Je to n\u00e1vykov\u00e9, ale z\u00e1bavn\u00e9.\"<\/em><br \/>\n- David, 30 let<\/p><\/blockquote>\n<blockquote><p><em>\"Rychl\u00e9, snadn\u00e9 a vlastn\u011b zdarma. StrangerCam je moje volba, kdykoli chci chatovat s d\u00edvkami online.\"<\/em><br \/>\n- Chris, 21 let<\/p><\/blockquote>\n<h2>Bezpe\u010dnostn\u00ed tipy pro videochat s d\u00edvkami<\/h2>\n<p>Stejn\u011b jako u ka\u017ed\u00e9 online platformy by m\u011bla b\u00fdt va\u0161e bezpe\u010dnost v\u017edy na prvn\u00edm m\u00edst\u011b. Zde je n\u011bkolik pravidel, kter\u00e1 je nutn\u00e9 dodr\u017eovat:<\/p>\n<ul>\n<li>Nesd\u00edlejte osobn\u00ed \u00fadaje: Udr\u017eujte sv\u00e9 jm\u00e9no, adresu, telefon a e-mail v soukrom\u00ed.<\/li>\n<li>P\u0159esko\u010dit, pokud je to nepohodln\u00e9: Pokud se v\u00e1m konverzace nezd\u00e1, klikn\u011bte na \"Dal\u0161\u00ed\".<\/li>\n<li>Vyhn\u011bte se klik\u00e1n\u00ed na odkazy: Neotev\u00edrejte extern\u00ed odkazy sd\u00edlen\u00e9 ciz\u00edmi lidmi.<\/li>\n<li>Zkontrolujte si sv\u00e9 pozad\u00ed: Ujist\u011bte se, \u017ee za v\u00e1mi nen\u00ed vid\u011bt nic soukrom\u00e9ho.<\/li>\n<li>Z\u016fsta\u0148te anonymn\u00ed: Pokud jste po\u017e\u00e1d\u00e1ni o uveden\u00ed jm\u00e9na, pou\u017eijte p\u0159ezd\u00edvku.<\/li>\n<li>Pokud je v\u00e1m m\u00e9n\u011b ne\u017e 18 let, nepou\u017e\u00edvejte: V\u017edy respektujte v\u011bkov\u00e1 omezen\u00ed platformy.<\/li>\n<\/ul>\n<h2>Jak za\u010d\u00edt - krok za krokem<\/h2>\n<p>Za\u010d\u00edt s videochatem s d\u00edvkami trv\u00e1 m\u00e9n\u011b ne\u017e minutu:<\/p>\n<ol>\n<li>Otev\u0159ete StrangerCam ve sv\u00e9m za\u0159\u00edzen\u00ed.<\/li>\n<li>Povolen\u00ed p\u0159\u00edstupu ke kame\u0159e a mikrofonu.<\/li>\n<li>Vyberte filtr pohlav\u00ed (zvolte \"d\u00edvky\").<\/li>\n<li>Kliknut\u00edm na tla\u010d\u00edtko Zah\u00e1jit chat se okam\u017eit\u011b spoj\u00edte.<\/li>\n<li>U\u017eijte si konverzaci. Kliknut\u00edm na tla\u010d\u00edtko Dal\u0161\u00ed m\u016f\u017eete kdykoli pokra\u010dovat.<\/li>\n<\/ol>\n<p>To je v\u0161e, co pot\u0159ebujete - rychle, jednodu\u0161e a zdarma.<\/p>\n<h2>Z\u00e1v\u011bre\u010dn\u00e9 my\u0161lenky - Vyzkou\u0161ejte bezplatn\u00fd videochat s d\u00edvkami nyn\u00ed<\/h2>\n<p>Pokud hled\u00e1te m\u00edsto pro videochat s d\u00edvkami, dobrou zpr\u00e1vou je, \u017ee v roce 2025 je to snaz\u0161\u00ed ne\u017e kdy jindy. StrangerCam nab\u00edz\u00ed v\u0161e, co pot\u0159ebujete: bezplatn\u00fd genderov\u00fd filtr, okam\u017eit\u00e9 p\u00e1rov\u00e1n\u00ed, bezpe\u010dn\u00e9 moderov\u00e1n\u00ed a glob\u00e1ln\u00ed komunitu \u017een dostupnou 24 hodin denn\u011b, 7 dn\u00ed v t\u00fddnu.<\/p>\n<p>Nepl\u00fdtvejte \u010dasem na platform\u00e1ch, kter\u00e9 slibuj\u00ed bezplatn\u00fd videochat, ale v\u0161e skr\u00fdvaj\u00ed za p\u0159edplatn\u00e9. Vyberte si str\u00e1nky, kter\u00e9 jsou skute\u010dn\u011b bezplatn\u00e9, bezpe\u010dn\u00e9 a z\u00e1bavn\u00e9.<\/p>\n<p>Jste p\u0159ipraveni poznat n\u011bkoho nov\u00e9ho? Za\u010dn\u011bte bezplatn\u00fd videochat s d\u00edvkami je\u0161t\u011b dnes a objevte vzru\u0161en\u00ed ze spont\u00e1nn\u00edho spojen\u00ed.<\/p>","protected":false},"excerpt":{"rendered":"<p>Are you searching for the best place to video chat with girls? You\u2019re not alone. Every day, thousands of people go online looking for genuine, spontaneous conversations with real women around the world. Unlike dating apps, where you scroll through profiles endlessly, or social media, where everything feels staged, live video chat with girls is [&hellip;]<\/p>\n","protected":false},"author":8,"featured_media":0,"parent":0,"menu_order":0,"comment_status":"closed","ping_status":"closed","template":"","meta":{"footnotes":""},"class_list":["post-3045","page","type-page","status-publish","hentry"],"yoast_head":"<!-- This site is optimized with the Yoast SEO plugin v27.4 - https:\/\/yoast.com\/product\/yoast-seo-wordpress\/ -->\n<title>Video Chat With Girls with Random Chat on Strangercam.com<\/title>\n<meta name=\"description\" content=\"Liking Video Chat With Girls? Join millions on StrangerCam.com! Start a random video chat, turn on your cam, and meet strangers instantly.\" \/>\n<meta name=\"robots\" content=\"index, follow, max-snippet:-1, max-image-preview:large, max-video-preview:-1\" \/>\n<link rel=\"canonical\" href=\"https:\/\/strangercam.com\/cs\/video-chat-s-divkami\/\" \/>\n<meta property=\"og:locale\" content=\"cs_CZ\" \/>\n<meta property=\"og:type\" content=\"article\" \/>\n<meta property=\"og:title\" content=\"Video Chat With Girls with Random Chat on Strangercam.com\" \/>\n<meta property=\"og:description\" content=\"Liking Video Chat With Girls? Join millions on StrangerCam.com! Start a random video chat, turn on your cam, and meet strangers instantly.\" \/>\n<meta property=\"og:url\" content=\"https:\/\/strangercam.com\/cs\/video-chat-s-divkami\/\" \/>\n<meta property=\"og:site_name\" content=\"Strangercam\" \/>\n<meta property=\"article:publisher\" content=\"https:\/\/www.facebook.com\/strangercam\" \/>\n<meta property=\"article:modified_time\" content=\"2025-08-18T12:11:55+00:00\" \/>\n<meta property=\"og:image\" content=\"https:\/\/strangercam.com\/wp-content\/uploads\/2021\/10\/Untitled-2.png\" \/>\n\t<meta property=\"og:image:width\" content=\"800\" \/>\n\t<meta property=\"og:image:height\" content=\"532\" \/>\n\t<meta property=\"og:image:type\" content=\"image\/png\" \/>\n<meta name=\"twitter:card\" content=\"summary_large_image\" \/>\n<meta name=\"twitter:site\" content=\"@strangercamapp\" \/>\n<meta name=\"twitter:label1\" content=\"Odhadovan\u00e1 doba \u010dten\u00ed\" \/>\n\t<meta name=\"twitter:data1\" content=\"5 minut\" \/>\n<script type=\"application\/ld+json\" class=\"yoast-schema-graph\">{\"@context\":\"https:\\\/\\\/schema.org\",\"@graph\":[{\"@type\":\"WebPage\",\"@id\":\"https:\\\/\\\/strangercam.com\\\/video-chat-with-girls\\\/\",\"url\":\"https:\\\/\\\/strangercam.com\\\/video-chat-with-girls\\\/\",\"name\":\"Video Chat With Girls with Random Chat on Strangercam.com\",\"isPartOf\":{\"@id\":\"https:\\\/\\\/strangercam.com\\\/#website\"},\"datePublished\":\"2025-08-18T11:16:48+00:00\",\"dateModified\":\"2025-08-18T12:11:55+00:00\",\"description\":\"Liking Video Chat With Girls? Join millions on StrangerCam.com! Start a random video chat, turn on your cam, and meet strangers instantly.\",\"breadcrumb\":{\"@id\":\"https:\\\/\\\/strangercam.com\\\/video-chat-with-girls\\\/#breadcrumb\"},\"inLanguage\":\"cs\",\"potentialAction\":[{\"@type\":\"ReadAction\",\"target\":[\"https:\\\/\\\/strangercam.com\\\/video-chat-with-girls\\\/\"]}]},{\"@type\":\"BreadcrumbList\",\"@id\":\"https:\\\/\\\/strangercam.com\\\/video-chat-with-girls\\\/#breadcrumb\",\"itemListElement\":[{\"@type\":\"ListItem\",\"position\":1,\"name\":\"Home\",\"item\":\"https:\\\/\\\/strangercam.com\\\/\"},{\"@type\":\"ListItem\",\"position\":2,\"name\":\"Video Chat With Girls\"}]},{\"@type\":\"WebSite\",\"@id\":\"https:\\\/\\\/strangercam.com\\\/#website\",\"url\":\"https:\\\/\\\/strangercam.com\\\/\",\"name\":\"Strangercam\",\"description\":\"Random Video Chat with Strangers\",\"publisher\":{\"@id\":\"https:\\\/\\\/strangercam.com\\\/#organization\"},\"alternateName\":\"Strangercam.com\",\"potentialAction\":[{\"@type\":\"SearchAction\",\"target\":{\"@type\":\"EntryPoint\",\"urlTemplate\":\"https:\\\/\\\/strangercam.com\\\/?s={search_term_string}\"},\"query-input\":{\"@type\":\"PropertyValueSpecification\",\"valueRequired\":true,\"valueName\":\"search_term_string\"}}],\"inLanguage\":\"cs\"},{\"@type\":\"Organization\",\"@id\":\"https:\\\/\\\/strangercam.com\\\/#organization\",\"name\":\"Strangercam\",\"alternateName\":\"Strangercam.com\",\"url\":\"https:\\\/\\\/strangercam.com\\\/\",\"logo\":{\"@type\":\"ImageObject\",\"inLanguage\":\"cs\",\"@id\":\"https:\\\/\\\/strangercam.com\\\/#\\\/schema\\\/logo\\\/image\\\/\",\"url\":\"https:\\\/\\\/strangercam.com\\\/wp-content\\\/uploads\\\/2020\\\/11\\\/cropped-new-favicon-black.png\",\"contentUrl\":\"https:\\\/\\\/strangercam.com\\\/wp-content\\\/uploads\\\/2020\\\/11\\\/cropped-new-favicon-black.png\",\"width\":512,\"height\":512,\"caption\":\"Strangercam\"},\"image\":{\"@id\":\"https:\\\/\\\/strangercam.com\\\/#\\\/schema\\\/logo\\\/image\\\/\"},\"sameAs\":[\"https:\\\/\\\/www.facebook.com\\\/strangercam\",\"https:\\\/\\\/x.com\\\/strangercamapp\"]}]}<\/script>\n<!-- \/ Yoast SEO plugin. -->","yoast_head_json":{"title":"Video chat s d\u00edvkami s n\u00e1hodn\u00fdm chatem na Strangercam.com","description":"L\u00edb\u00ed se v\u00e1m videochat s d\u00edvkami? Join miliony na StrangerCam.com! Spus\u0165te n\u00e1hodn\u00fd videochat, zapn\u011bte kameru a okam\u017eit\u011b se seznamte s cizinci.","robots":{"index":"index","follow":"follow","max-snippet":"max-snippet:-1","max-image-preview":"max-image-preview:large","max-video-preview":"max-video-preview:-1"},"canonical":"https:\/\/strangercam.com\/cs\/video-chat-s-divkami\/","og_locale":"cs_CZ","og_type":"article","og_title":"Video Chat With Girls with Random Chat on Strangercam.com","og_description":"Liking Video Chat With Girls? Join millions on StrangerCam.com! Start a random video chat, turn on your cam, and meet strangers instantly.","og_url":"https:\/\/strangercam.com\/cs\/video-chat-s-divkami\/","og_site_name":"Strangercam","article_publisher":"https:\/\/www.facebook.com\/strangercam","article_modified_time":"2025-08-18T12:11:55+00:00","og_image":[{"width":800,"height":532,"url":"https:\/\/strangercam.com\/wp-content\/uploads\/2021\/10\/Untitled-2.png","type":"image\/png"}],"twitter_card":"summary_large_image","twitter_site":"@strangercamapp","twitter_misc":{"Odhadovan\u00e1 doba \u010dten\u00ed":"5 minut"},"schema":{"@context":"https:\/\/schema.org","@graph":[{"@type":"WebPage","@id":"https:\/\/strangercam.com\/video-chat-with-girls\/","url":"https:\/\/strangercam.com\/video-chat-with-girls\/","name":"Video chat s d\u00edvkami s n\u00e1hodn\u00fdm chatem na Strangercam.com","isPartOf":{"@id":"https:\/\/strangercam.com\/#website"},"datePublished":"2025-08-18T11:16:48+00:00","dateModified":"2025-08-18T12:11:55+00:00","description":"L\u00edb\u00ed se v\u00e1m videochat s d\u00edvkami? Join miliony na StrangerCam.com! Spus\u0165te n\u00e1hodn\u00fd videochat, zapn\u011bte kameru a okam\u017eit\u011b se seznamte s cizinci.","breadcrumb":{"@id":"https:\/\/strangercam.com\/video-chat-with-girls\/#breadcrumb"},"inLanguage":"cs","potentialAction":[{"@type":"ReadAction","target":["https:\/\/strangercam.com\/video-chat-with-girls\/"]}]},{"@type":"BreadcrumbList","@id":"https:\/\/strangercam.com\/video-chat-with-girls\/#breadcrumb","itemListElement":[{"@type":"ListItem","position":1,"name":"Home","item":"https:\/\/strangercam.com\/"},{"@type":"ListItem","position":2,"name":"Video Chat With Girls"}]},{"@type":"WebSite","@id":"https:\/\/strangercam.com\/#website","url":"https:\/\/strangercam.com\/","name":"Strangercam","description":"N\u00e1hodn\u00fd videochat s ciz\u00edmi lidmi","publisher":{"@id":"https:\/\/strangercam.com\/#organization"},"alternateName":"Strangercam.com","potentialAction":[{"@type":"SearchAction","target":{"@type":"EntryPoint","urlTemplate":"https:\/\/strangercam.com\/?s={search_term_string}"},"query-input":{"@type":"PropertyValueSpecification","valueRequired":true,"valueName":"search_term_string"}}],"inLanguage":"cs"},{"@type":"Organization","@id":"https:\/\/strangercam.com\/#organization","name":"Strangercam","alternateName":"Strangercam.com","url":"https:\/\/strangercam.com\/","logo":{"@type":"ImageObject","inLanguage":"cs","@id":"https:\/\/strangercam.com\/#\/schema\/logo\/image\/","url":"https:\/\/strangercam.com\/wp-content\/uploads\/2020\/11\/cropped-new-favicon-black.png","contentUrl":"https:\/\/strangercam.com\/wp-content\/uploads\/2020\/11\/cropped-new-favicon-black.png","width":512,"height":512,"caption":"Strangercam"},"image":{"@id":"https:\/\/strangercam.com\/#\/schema\/logo\/image\/"},"sameAs":["https:\/\/www.facebook.com\/strangercam","https:\/\/x.com\/strangercamapp"]}]}},"_links":{"self":[{"href":"https:\/\/strangercam.com\/cs\/wp-json\/wp\/v2\/pages\/3045","targetHints":{"allow":["GET"]}}],"collection":[{"href":"https:\/\/strangercam.com\/cs\/wp-json\/wp\/v2\/pages"}],"about":[{"href":"https:\/\/strangercam.com\/cs\/wp-json\/wp\/v2\/types\/page"}],"author":[{"embeddable":true,"href":"https:\/\/strangercam.com\/cs\/wp-json\/wp\/v2\/users\/8"}],"replies":[{"embeddable":true,"href":"https:\/\/strangercam.com\/cs\/wp-json\/wp\/v2\/comments?post=3045"}],"version-history":[{"count":2,"href":"https:\/\/strangercam.com\/cs\/wp-json\/wp\/v2\/pages\/3045\/revisions"}],"predecessor-version":[{"id":12968,"href":"https:\/\/strangercam.com\/cs\/wp-json\/wp\/v2\/pages\/3045\/revisions\/12968"}],"wp:attachment":[{"href":"https:\/\/strangercam.com\/cs\/wp-json\/wp\/v2\/media?parent=3045"}],"curies":[{"name":"wp","href":"https:\/\/api.w.org\/{rel}","templated":true}]}}