{"id":201,"date":"2025-08-18T13:43:14","date_gmt":"2025-08-18T11:43:14","guid":{"rendered":"https:\/\/strangercam.com\/?page_id=201"},"modified":"2025-08-18T14:08:48","modified_gmt":"2025-08-18T12:08:48","slug":"nahodny-cam-chat","status":"publish","type":"page","link":"https:\/\/strangercam.com\/cs\/random-cam-chat\/","title":{"rendered":"N\u00e1hodn\u00fd Cam Chat"},"content":{"rendered":"<p>Hled\u00e1te vzru\u0161en\u00ed z n\u00e1hodn\u00e9ho <a href=\"https:\/\/strangercam.com\/cs\/bazoocam\/\">cam<\/a> chatovat? Nejste sami. Od prvn\u00edch dn\u016f <a href=\"https:\/\/strangercam.com\/cs\/omegle\/\">Omegle<\/a> a <a href=\"https:\/\/strangercam.com\/cs\/chatroulette\/\">Chatroulette<\/a>, miliony lid\u00ed se obr\u00e1tily na n\u00e1hodn\u00e9 <a href=\"https:\/\/strangercam.com\/cs\/cam-to-cam-chat\/\">cam chat<\/a> str\u00e1nky, kde se m\u016f\u017eete okam\u017eit\u011b setkat s ciz\u00edmi lidmi tv\u00e1\u0159\u00ed v tv\u00e1\u0159. My\u0161lenka je jednoduch\u00e1 a p\u0159itom \u00fa\u010dinn\u00e1: zapnete webovou kameru, kliknete na tla\u010d\u00edtko a b\u011bhem n\u011bkolika sekund se spoj\u00edte s n\u011bk\u00fdm nov\u00fdm.<\/p>\n<p>Dnes je d\u00edky platform\u00e1m, jako je StrangerCam, snaz\u0161\u00ed ne\u017e kdy jindy vyu\u017e\u00edvat bezplatn\u00fd chat s n\u00e1hodn\u00fdmi kamerami bez registrac\u00ed, stahov\u00e1n\u00ed nebo skryt\u00fdch platebn\u00edch st\u011bn. A\u0165 u\u017e hled\u00e1te p\u0159\u00e1telstv\u00ed, flirt, kulturn\u00ed v\u00fdm\u011bnu nebo jen zp\u016fsob, jak si vyl\u00e9\u010dit nudu, n\u00e1hodn\u00fd cam chat nab\u00edz\u00ed jedine\u010dn\u00fd online z\u00e1\u017eitek.<\/p>\n<p>V tomto podrobn\u00e9m pr\u016fvodci prozkoum\u00e1me, jak funguje, jak\u00e9 funkce jsou nejd\u016fle\u017eit\u011bj\u0161\u00ed, pro\u010d ji lid\u00e9 miluj\u00ed a pro\u010d StrangerCam vynik\u00e1 jako jedno z nejlep\u0161\u00edch m\u00edst pro n\u00e1hodn\u00fd kamerov\u00fd chat v roce 2025.<\/p>\n<h2>Co je n\u00e1hodn\u00fd Cam Chat?<\/h2>\n<p>Random cam chat je online slu\u017eba, kter\u00e1 v\u00e1s prost\u0159ednictv\u00edm webov\u00e9 kamery a mikrofonu spoj\u00ed s ciz\u00edmi lidmi a umo\u017en\u00ed v\u00e1m \u017eiv\u00e9 videohovory jeden na jednoho. To \"n\u00e1hodn\u00e9\" znamen\u00e1, \u017ee nikdy nev\u00edte, koho potk\u00e1te p\u0159\u00ed\u0161t\u011b - m\u016f\u017ee to b\u00fdt n\u011bkdo z va\u0161\u00ed zem\u011b nebo n\u011bkdo na druh\u00e9m konci sv\u011bta.<\/p>\n<p>Na rozd\u00edl od soci\u00e1ln\u00edch s\u00edt\u00ed nebo seznamovac\u00edch aplikac\u00ed odstra\u0148uje n\u00e1hodn\u00fd kamerov\u00fd chat filtry upraven\u00fdch profil\u016f a \u017eivotopis\u016f. S lidmi se setk\u00e1v\u00e1te \u017eiv\u011b, v re\u00e1ln\u00e9m \u010dase a bez jak\u00e9hokoli nastavov\u00e1n\u00ed. Pokud se v\u00e1m konverzace nezd\u00e1, jednodu\u0161e kliknete na \"Dal\u0161\u00ed\" a okam\u017eit\u011b se spoj\u00edte s n\u011bk\u00fdm jin\u00fdm.<\/p>\n<h2>Pro\u010d lid\u00e9 miluj\u00ed bezplatn\u00fd n\u00e1hodn\u00fd Cam Chat<\/h2>\n<p>Popularita bezplatn\u00e9ho chatu s n\u00e1hodnou kamerou m\u00e1 n\u011bkolik kl\u00ed\u010dov\u00fdch d\u016fvod\u016f:<\/p>\n<ul>\n<li>Spont\u00e1nnost: Ka\u017ed\u00e1 konverzace je p\u0159ekvapen\u00edm, co\u017e ji \u010din\u00ed vzru\u0161uj\u00edc\u00ed a n\u00e1vykovou.<\/li>\n<li>Lidsk\u00e9 spojen\u00ed: Zejm\u00e9na ve sv\u011bt\u011b textov\u00fdch zpr\u00e1v a soci\u00e1ln\u00edch m\u00e9di\u00ed je osobn\u00ed kontakt osv\u011b\u017euj\u00edc\u00ed.<\/li>\n<li>Anonymita: V\u011bt\u0161ina platforem nevy\u017eaduje \u00fa\u010dty ani osobn\u00ed \u00fadaje. M\u016f\u017eete z\u016fstat v soukrom\u00ed, jak chcete.<\/li>\n<li>Kulturn\u00ed v\u00fdm\u011bna: Seznamte se s lidmi z cel\u00e9ho sv\u011bta, poznejte jejich kulturu a pod\u011blte se o sv\u00e9 vlastn\u00ed zku\u0161enosti.<\/li>\n<li>\u017d\u00e1dn\u00e9 fale\u0161n\u00e9 profily: Proto\u017ee je video \u017eiv\u00e9, v\u00edte, \u017ee mluv\u00edte se skute\u010dn\u00fdmi lidmi, nikoli s roboty nebo sumci.<\/li>\n<li>Odbour\u00e1v\u00e1n\u00ed stresu a z\u00e1bava: Je to snadn\u00fd zp\u016fsob, jak se odreagovat, zasm\u00e1t se a nez\u00e1vazn\u011b si popov\u00eddat.<\/li>\n<\/ul>\n<h2>Jak funguje n\u00e1hodn\u00fd Cam Chat<\/h2>\n<p>Za\u010d\u00edt s n\u00e1hodn\u00fdm cam chatem je jednoduch\u00e9:<\/p>\n<ol>\n<li>Otev\u0159ete platformu v po\u010d\u00edta\u010di nebo chytr\u00e9m telefonu.<\/li>\n<li>Povolte p\u0159\u00edstup k webov\u00e9 kame\u0159e a mikrofonu.<\/li>\n<li>Klikn\u011bte na tla\u010d\u00edtko \"Spustit chat\". Okam\u017eit\u011b se spoj\u00edte s n\u00e1hodn\u00fdm cizincem.<\/li>\n<li>Promluvte si tv\u00e1\u0159\u00ed v tv\u00e1\u0159. Z\u016fsta\u0148te, jak dlouho chcete, nebo klikn\u011bte na \"Dal\u0161\u00ed\" a p\u0159epn\u011bte se na n\u011bkoho nov\u00e9ho.<\/li>\n<li>Opakujte donekone\u010dna. V\u011bt\u0161ina platforem nab\u00edz\u00ed neomezen\u00fd po\u010det chat\u016f zdarma.<\/li>\n<\/ol>\n<p>N\u011bkter\u00e9 weby obsahuj\u00ed dopl\u0148ky, jako jsou filtry pohlav\u00ed, p\u0159edvolby polohy nebo vestav\u011bn\u00e9 p\u0159ekladov\u00e9 n\u00e1stroje, kter\u00e9 je\u0161t\u011b v\u00edce usnad\u0148uj\u00ed glob\u00e1ln\u00ed chaty.<\/p>\n<h2>Nejd\u016fle\u017eit\u011bj\u0161\u00ed funkce, kter\u00e9 je t\u0159eba hledat<\/h2>\n<p>Ne v\u0161echny platformy pro n\u00e1hodn\u00fd cam chat jsou si rovny. Chcete-li z\u00edskat ty nejlep\u0161\u00ed zku\u0161enosti, pod\u00edvejte se, na co se zam\u011b\u0159it:<\/p>\n<h3>1. Skute\u010dn\u011b voln\u00fd p\u0159\u00edstup<\/h3>\n<p>Vyhn\u011bte se platform\u00e1m, kter\u00e9 slibuj\u00ed bezplatn\u00e9 chaty, ale tla\u010d\u00ed v\u00e1s do placen\u00fdch zd\u00ed. Nejlep\u0161\u00ed weby umo\u017e\u0148uj\u00ed neomezen\u00e9 pou\u017e\u00edv\u00e1n\u00ed zdarma.<\/p>\n<h3>2. Nen\u00ed nutn\u00e1 registrace<\/h3>\n<p>Nem\u011bli byste se muset registrovat nebo p\u0159ed\u00e1vat osobn\u00ed \u00fadaje, abyste mohli pou\u017e\u00edvat n\u00e1hodn\u00fd chat s kamerou.<\/p>\n<h3>3. Filtry pohlav\u00ed a polohy<\/h3>\n<p>Ty usnad\u0148uj\u00ed nav\u00e1z\u00e1n\u00ed kontaktu s lidmi, kter\u00e9 hled\u00e1te.<\/p>\n<h3>4. Design vhodn\u00fd pro mobiln\u00ed za\u0159\u00edzen\u00ed<\/h3>\n<p>Dobr\u00e1 platforma by m\u011bla bez probl\u00e9m\u016f fungovat jak na po\u010d\u00edta\u010di, tak na mobilu.<\/p>\n<h3>5. Siln\u00e1 um\u00edrn\u011bnost<\/h3>\n<p>Aktivn\u00ed moderov\u00e1n\u00ed a n\u00e1stroje pro nahla\u0161ov\u00e1n\u00ed pom\u00e1haj\u00ed chr\u00e1nit prostor p\u0159ed nevhodn\u00fdm chov\u00e1n\u00edm.<\/p>\n<h3>6. Vysoce kvalitn\u00ed video a zvuk<\/h3>\n<p>Hladk\u00e9 a \u010dist\u00e9 p\u0159ipojen\u00ed zp\u0159\u00edjem\u0148uje chatov\u00e1n\u00ed.<\/p>\n<h2>Nejlep\u0161\u00ed n\u00e1hodn\u00e9 Cam Chat platformy v roce 2025<\/h2>\n<p>Zde je srovn\u00e1n\u00ed n\u011bkter\u00fdch nejobl\u00edben\u011bj\u0161\u00edch platforem pro n\u00e1hodn\u00fd chat:<\/p>\n<table>\n<thead>\n<tr>\n<th>Platforma<\/th>\n<th align=\"center\">Bezplatn\u00e9 pou\u017eit\u00ed<\/th>\n<th align=\"center\">Filtr podle pohlav\u00ed<\/th>\n<th align=\"center\">Pot\u0159ebn\u00e1 registrace<\/th>\n<th align=\"center\">Mobiln\u00ed podpora<\/th>\n<th>Pozn\u00e1mky<\/th>\n<\/tr>\n<\/thead>\n<tbody>\n<tr>\n<td>StrangerCam<\/td>\n<td align=\"center\">\u2705<\/td>\n<td align=\"center\">\u2705 (zdarma)<\/td>\n<td align=\"center\">\u274c<\/td>\n<td align=\"center\">\u2705<\/td>\n<td>Nejlep\u0161\u00ed v\u0161estrann\u00e1 volba pro bezplatn\u00fd chat s n\u00e1hodnou kamerou<\/td>\n<\/tr>\n<tr>\n<td>Chatroulette<\/td>\n<td align=\"center\">\u2705<\/td>\n<td align=\"center\">\u274c (Placen\u00e9)<\/td>\n<td align=\"center\">\u274c<\/td>\n<td align=\"center\">\u2705<\/td>\n<td>Klasick\u00fd, ale uzam\u010den\u00fd genderov\u00fd filtr<\/td>\n<\/tr>\n<tr>\n<td>Chatrandom<\/td>\n<td align=\"center\">\u2705<\/td>\n<td align=\"center\">\u274c (Placen\u00e9)<\/td>\n<td align=\"center\">\u274c<\/td>\n<td align=\"center\">\u2705<\/td>\n<td>Velk\u00e1 u\u017eivatelsk\u00e1 z\u00e1kladna, paywally pro filtry<\/td>\n<\/tr>\n<tr>\n<td>OmeTV<\/td>\n<td align=\"center\">\u2705<\/td>\n<td align=\"center\">\u274c<\/td>\n<td align=\"center\">\u274c<\/td>\n<td align=\"center\">\u2705<\/td>\n<td>Mobiln\u00ed aplikace k dispozici pouze n\u00e1hodn\u011b<\/td>\n<\/tr>\n<tr>\n<td>Shagle<\/td>\n<td align=\"center\">\u2705<\/td>\n<td align=\"center\">\u274c (Placen\u00e9)<\/td>\n<td align=\"center\">\u274c<\/td>\n<td align=\"center\">\u2705<\/td>\n<td>Bezplatn\u00e9 chaty, ale pr\u00e9miov\u00e9 upgrady se prosazuj\u00ed<\/td>\n<\/tr>\n<tr>\n<td><a href=\"https:\/\/strangercam.com\/cs\/coomeet\/\">CooMeet<\/a><\/td>\n<td align=\"center\">\u274c (zku\u0161ebn\u00ed verze)<\/td>\n<td align=\"center\">\u2705<\/td>\n<td align=\"center\">\u2705<\/td>\n<td align=\"center\">\u2705<\/td>\n<td>V\u011bt\u0161inou vyplaceno po skon\u010den\u00ed zku\u0161ebn\u00ed doby<\/td>\n<\/tr>\n<tr>\n<td>LuckyCrush<\/td>\n<td align=\"center\">\u274c<\/td>\n<td align=\"center\">\u2705<\/td>\n<td align=\"center\">\u2705<\/td>\n<td align=\"center\">\u2705<\/td>\n<td>V\u017edy placen\u00e9, odpov\u00eddaj\u00edc\u00ed pohlav\u00ed<\/td>\n<\/tr>\n<\/tbody>\n<\/table>\n<p>Na rozd\u00edl od v\u011bt\u0161iny konkurent\u016f, kte\u0159\u00ed zpoplat\u0148uj\u00ed pokro\u010dil\u00e9 funkce, je StrangerCam bezplatn\u00e1, bezpe\u010dn\u00e1 a umo\u017e\u0148uje filtrov\u00e1n\u00ed.<\/p>\n<h2>Pro\u010d je StrangerCam nejlep\u0161\u00ed volbou pro n\u00e1hodn\u00fd Cam Chat<\/h2>\n<p>Zde je d\u016fvod, pro\u010d je StrangerCam jednou z nejlep\u0161\u00edch platforem typu Omegle v roce 2025:<\/p>\n<h3>1. Zcela zdarma<\/h3>\n<p>\u017d\u00e1dn\u00e9 skryt\u00e9 poplatky, kredity ani omezen\u00e9 zku\u0161ebn\u00ed verze. M\u016f\u017eete chatovat, jak dlouho chcete, zdarma.<\/p>\n<h3>2. Filtr skute\u010dn\u00e9ho pohlav\u00ed<\/h3>\n<p>Na rozd\u00edl od v\u011bt\u0161iny bezplatn\u00fdch web\u016f v\u00e1m StrangerCam umo\u017e\u0148uje vybrat si, zda se chcete spojit s mu\u017ei, \u017eenami nebo ob\u011bma, ani\u017e byste si \u00fa\u010dtovali poplatky.<\/p>\n<h3>3. Nen\u00ed pot\u0159eba \u017e\u00e1dn\u00fd \u00fa\u010det<\/h3>\n<p>Za\u010dn\u011bte okam\u017eit\u011b chatovat. Nevy\u017eaduje se registrace, e-mail ani osobn\u00ed \u00fadaje.<\/p>\n<h3>4. Glob\u00e1ln\u00ed komunita 24\/7<\/h3>\n<p>V\u017edy aktivn\u00ed, tak\u017ee v\u00e1m nikdy nedojdou lid\u00e9, se kter\u00fdmi se m\u016f\u017eete setkat.<\/p>\n<h3>5. Optimalizov\u00e1no pro mobiln\u00ed za\u0159\u00edzen\u00ed<\/h3>\n<p>Funguje bezchybn\u011b na telefonech, tabletech i po\u010d\u00edta\u010d\u00edch.<\/p>\n<h3>6. Bezpe\u010dn\u00e9 a moderovan\u00e9<\/h3>\n<p>Specializovan\u00ed moder\u00e1to\u0159i a n\u00e1stroje pro hl\u00e1\u0161en\u00ed udr\u017euj\u00ed platformu \u010distou a p\u0159\u00edjemnou.<\/p>\n<h2>Zku\u0161enosti skute\u010dn\u00fdch u\u017eivatel\u016f<\/h2>\n<blockquote><p><em>\"Od vypnut\u00ed Omegle jsem vyzkou\u0161el spoustu chatovac\u00edch str\u00e1nek, ale StrangerCam je jedin\u00e1, kter\u00e1 mi p\u0159ipadala jako skute\u010dn\u00e1. Je zdarma a pln\u00e1 skute\u010dn\u00fdch lid\u00ed.\"<\/em><br \/>\n- Chris, 25 let<\/p><\/blockquote>\n<blockquote><p><em>\"Genderov\u00fd filtr skute\u010dn\u011b funguje bez p\u0159\u00edplatku. To je pro m\u011b velk\u00e1 v\u00fdhra.\"<\/em><br \/>\n- Marta, 23 let<\/p><\/blockquote>\n<blockquote><p><em>\"B\u011bhem jedn\u00e9 noci jsem se spojil s lidmi z p\u011bti r\u016fzn\u00fdch zem\u00ed. Je to tak z\u00e1bavn\u00fd zp\u016fsob, jak se sezn\u00e1mit s cizinci.\"<\/em><br \/>\n- Dylan, 30 let<\/p><\/blockquote>\n<blockquote><p><em>\"Zdarma, rychle a bezpe\u010dn\u011b. StrangerCam je te\u010f m\u00fdm c\u00edlem pro n\u00e1hodn\u00fd chat s kamerou.\"<\/em><br \/>\n- Lea, 20 let<\/p><\/blockquote>\n<h2>Bezpe\u010dnostn\u00ed tipy pro n\u00e1hodn\u00fd Cam Chat<\/h2>\n<p>Chcete-li z bezplatn\u00e9ho chatu s n\u00e1hodnou kamerou vyt\u011b\u017eit co nejv\u00edce a z\u00e1rove\u0148 z\u016fstat v bezpe\u010d\u00ed, m\u011bjte na pam\u011bti tyto tipy:<\/p>\n<ul>\n<li>Nesd\u00edlejte osobn\u00ed \u00fadaje, jako je va\u0161e cel\u00e9 jm\u00e9no, adresa nebo telefonn\u00ed \u010d\u00edslo.<\/li>\n<li>P\u0159esko\u010dte nebo zablokujte ka\u017ed\u00e9ho, kdo je v\u00e1m nep\u0159\u00edjemn\u00fd.<\/li>\n<li>Nikdy neklikejte na odkazy zaslan\u00e9 ciz\u00edmi lidmi.<\/li>\n<li>D\u00e1vejte pozor na sv\u00e9 pozad\u00ed, abyste se vyhnuli zobrazen\u00ed soukrom\u00fdch \u00fadaj\u016f.<\/li>\n<li>Pro \u010dist\u0161\u00ed zvuk a v\u011bt\u0161\u00ed soukrom\u00ed pou\u017e\u00edvejte sluch\u00e1tka.<\/li>\n<li>Pokud je v\u00e1m m\u00e9n\u011b ne\u017e 18 let, vyhn\u011bte se pou\u017e\u00edv\u00e1n\u00ed n\u00e1hodn\u00fdch chatovac\u00edch platforem.<\/li>\n<\/ul>\n<h2>Jak za\u010d\u00edt - krok za krokem<\/h2>\n<p>1TP162Spojen\u00ed s n\u00e1hodnou kamerou trv\u00e1 m\u00e9n\u011b ne\u017e minutu:<\/p>\n<ol>\n<li>P\u0159ejd\u011bte na platformu v prohl\u00ed\u017ee\u010di nebo telefonu.<\/li>\n<li>Povolen\u00ed p\u0159\u00edstupu ke kame\u0159e a mikrofonu.<\/li>\n<li>Stiskn\u011bte tla\u010d\u00edtko \"Spustit chat\".<\/li>\n<li>Okam\u017eit\u011b se seznamte s n\u00e1hodn\u00fdm cizincem.<\/li>\n<li>Kdykoli chcete p\u0159epnout na n\u011bkoho nov\u00e9ho, klikn\u011bte na tla\u010d\u00edtko \"Dal\u0161\u00ed\".<\/li>\n<\/ol>\n<p>To je v\u0161e - rychl\u00e9, jednoduch\u00e9 a zdarma.<\/p>\n<h2>Z\u00e1v\u011bre\u010dn\u00e9 my\u0161lenky - Vyzkou\u0161ejte nyn\u00ed zdarma n\u00e1hodn\u00fd Cam Chat<\/h2>\n<p>N\u00e1hodn\u00fd cam chat je jedn\u00edm z nejzaj\u00edmav\u011bj\u0161\u00edch zp\u016fsob\u016f, jak se p\u0159ipojit online v roce 2025. Je spont\u00e1nn\u00ed, z\u00e1bavn\u00fd a p\u0159edstavuje osv\u011b\u017euj\u00edc\u00ed alternativu k soci\u00e1ln\u00edm m\u00e9di\u00edm nebo seznamovac\u00edm aplikac\u00edm. S platformami, jako je StrangerCam, z\u00edsk\u00e1te skute\u010dn\u011b bezplatnou zku\u0161enost - \u017e\u00e1dn\u00e9 registrace, \u017e\u00e1dn\u00e9 placen\u00e9 zdi a glob\u00e1ln\u00ed komunita p\u0159ipraven\u00e1 se s v\u00e1mi setkat 24 hodin denn\u011b, 7 dn\u00ed v t\u00fddnu.<\/p>\n<p>Neztr\u00e1cejte \u010das na platform\u00e1ch, kter\u00e9 slibuj\u00ed bezplatn\u00fd videochat, ale v\u0161e skr\u00fdvaj\u00ed za placen\u00fdmi zdmi. Vyberte si m\u00edsto, kde se m\u016f\u017eete okam\u017eit\u011b spojit, zasm\u00e1t se a naj\u00edt si nov\u00e9 p\u0159\u00e1tele.<\/p>\n<p>Jste p\u0159ipraveni to za\u017e\u00edt? Vyzkou\u0161ejte bezplatn\u00fd chat s n\u00e1hodnou kamerou je\u0161t\u011b dnes a zjist\u011bte, koho potk\u00e1te p\u0159\u00ed\u0161t\u011b.<\/p>","protected":false},"excerpt":{"rendered":"<p>Are you looking for the thrill of random cam chat? You\u2019re not alone. Since the early days of Omegle and Chatroulette, millions of people have turned to random cam chat sites to meet strangers instantly, face-to-face. The idea is simple yet powerful: switch on your webcam, click a button, and get connected to someone new [&hellip;]<\/p>\n","protected":false},"author":8,"featured_media":0,"parent":0,"menu_order":0,"comment_status":"closed","ping_status":"closed","template":"","meta":{"footnotes":""},"class_list":["post-201","page","type-page","status-publish","hentry"],"yoast_head":"<!-- This site is optimized with the Yoast SEO plugin v27.4 - https:\/\/yoast.com\/product\/yoast-seo-wordpress\/ -->\n<title>Random Cam Chat with Random Chat on Strangercam.com<\/title>\n<meta name=\"description\" content=\"Liking Random Cam Chat? Join millions on StrangerCam.com! Start a random video chat, turn on your cam, and meet strangers instantly.\" \/>\n<meta name=\"robots\" content=\"index, follow, max-snippet:-1, max-image-preview:large, max-video-preview:-1\" \/>\n<link rel=\"canonical\" href=\"https:\/\/strangercam.com\/cs\/nahodny-cam-chat\/\" \/>\n<meta property=\"og:locale\" content=\"cs_CZ\" \/>\n<meta property=\"og:type\" content=\"article\" \/>\n<meta property=\"og:title\" content=\"Random Cam Chat with Random Chat on Strangercam.com\" \/>\n<meta property=\"og:description\" content=\"Liking Random Cam Chat? Join millions on StrangerCam.com! Start a random video chat, turn on your cam, and meet strangers instantly.\" \/>\n<meta property=\"og:url\" content=\"https:\/\/strangercam.com\/cs\/nahodny-cam-chat\/\" \/>\n<meta property=\"og:site_name\" content=\"Strangercam\" \/>\n<meta property=\"article:publisher\" content=\"https:\/\/www.facebook.com\/strangercam\" \/>\n<meta property=\"article:modified_time\" content=\"2025-08-18T12:08:48+00:00\" \/>\n<meta property=\"og:image\" content=\"https:\/\/strangercam.com\/wp-content\/uploads\/2021\/10\/Untitled-2.png\" \/>\n\t<meta property=\"og:image:width\" content=\"800\" \/>\n\t<meta property=\"og:image:height\" content=\"532\" \/>\n\t<meta property=\"og:image:type\" content=\"image\/png\" \/>\n<meta name=\"twitter:card\" content=\"summary_large_image\" \/>\n<meta name=\"twitter:site\" content=\"@strangercamapp\" \/>\n<meta name=\"twitter:label1\" content=\"Odhadovan\u00e1 doba \u010dten\u00ed\" \/>\n\t<meta name=\"twitter:data1\" content=\"5 minut\" \/>\n<script type=\"application\/ld+json\" class=\"yoast-schema-graph\">{\"@context\":\"https:\\\/\\\/schema.org\",\"@graph\":[{\"@type\":\"WebPage\",\"@id\":\"https:\\\/\\\/strangercam.com\\\/random-cam-chat\\\/\",\"url\":\"https:\\\/\\\/strangercam.com\\\/random-cam-chat\\\/\",\"name\":\"Random Cam Chat with Random Chat on Strangercam.com\",\"isPartOf\":{\"@id\":\"https:\\\/\\\/strangercam.com\\\/#website\"},\"datePublished\":\"2025-08-18T11:43:14+00:00\",\"dateModified\":\"2025-08-18T12:08:48+00:00\",\"description\":\"Liking Random Cam Chat? Join millions on StrangerCam.com! Start a random video chat, turn on your cam, and meet strangers instantly.\",\"breadcrumb\":{\"@id\":\"https:\\\/\\\/strangercam.com\\\/random-cam-chat\\\/#breadcrumb\"},\"inLanguage\":\"cs\",\"potentialAction\":[{\"@type\":\"ReadAction\",\"target\":[\"https:\\\/\\\/strangercam.com\\\/random-cam-chat\\\/\"]}]},{\"@type\":\"BreadcrumbList\",\"@id\":\"https:\\\/\\\/strangercam.com\\\/random-cam-chat\\\/#breadcrumb\",\"itemListElement\":[{\"@type\":\"ListItem\",\"position\":1,\"name\":\"Home\",\"item\":\"https:\\\/\\\/strangercam.com\\\/\"},{\"@type\":\"ListItem\",\"position\":2,\"name\":\"Random Cam Chat\"}]},{\"@type\":\"WebSite\",\"@id\":\"https:\\\/\\\/strangercam.com\\\/#website\",\"url\":\"https:\\\/\\\/strangercam.com\\\/\",\"name\":\"Strangercam\",\"description\":\"Random Video Chat with Strangers\",\"publisher\":{\"@id\":\"https:\\\/\\\/strangercam.com\\\/#organization\"},\"alternateName\":\"Strangercam.com\",\"potentialAction\":[{\"@type\":\"SearchAction\",\"target\":{\"@type\":\"EntryPoint\",\"urlTemplate\":\"https:\\\/\\\/strangercam.com\\\/?s={search_term_string}\"},\"query-input\":{\"@type\":\"PropertyValueSpecification\",\"valueRequired\":true,\"valueName\":\"search_term_string\"}}],\"inLanguage\":\"cs\"},{\"@type\":\"Organization\",\"@id\":\"https:\\\/\\\/strangercam.com\\\/#organization\",\"name\":\"Strangercam\",\"alternateName\":\"Strangercam.com\",\"url\":\"https:\\\/\\\/strangercam.com\\\/\",\"logo\":{\"@type\":\"ImageObject\",\"inLanguage\":\"cs\",\"@id\":\"https:\\\/\\\/strangercam.com\\\/#\\\/schema\\\/logo\\\/image\\\/\",\"url\":\"https:\\\/\\\/strangercam.com\\\/wp-content\\\/uploads\\\/2020\\\/11\\\/cropped-new-favicon-black.png\",\"contentUrl\":\"https:\\\/\\\/strangercam.com\\\/wp-content\\\/uploads\\\/2020\\\/11\\\/cropped-new-favicon-black.png\",\"width\":512,\"height\":512,\"caption\":\"Strangercam\"},\"image\":{\"@id\":\"https:\\\/\\\/strangercam.com\\\/#\\\/schema\\\/logo\\\/image\\\/\"},\"sameAs\":[\"https:\\\/\\\/www.facebook.com\\\/strangercam\",\"https:\\\/\\\/x.com\\\/strangercamapp\"]}]}<\/script>\n<!-- \/ Yoast SEO plugin. -->","yoast_head_json":{"title":"N\u00e1hodn\u00fd Cam Chat s n\u00e1hodn\u00fdm chatem na Strangercam.com","description":"L\u00edb\u00ed se v\u00e1m n\u00e1hodn\u00fd Cam Chat? Join miliony na StrangerCam.com! Spus\u0165te n\u00e1hodn\u00fd videochat, zapn\u011bte kameru a okam\u017eit\u011b se seznamte s ciz\u00edmi lidmi.","robots":{"index":"index","follow":"follow","max-snippet":"max-snippet:-1","max-image-preview":"max-image-preview:large","max-video-preview":"max-video-preview:-1"},"canonical":"https:\/\/strangercam.com\/cs\/nahodny-cam-chat\/","og_locale":"cs_CZ","og_type":"article","og_title":"Random Cam Chat with Random Chat on Strangercam.com","og_description":"Liking Random Cam Chat? Join millions on StrangerCam.com! Start a random video chat, turn on your cam, and meet strangers instantly.","og_url":"https:\/\/strangercam.com\/cs\/nahodny-cam-chat\/","og_site_name":"Strangercam","article_publisher":"https:\/\/www.facebook.com\/strangercam","article_modified_time":"2025-08-18T12:08:48+00:00","og_image":[{"width":800,"height":532,"url":"https:\/\/strangercam.com\/wp-content\/uploads\/2021\/10\/Untitled-2.png","type":"image\/png"}],"twitter_card":"summary_large_image","twitter_site":"@strangercamapp","twitter_misc":{"Odhadovan\u00e1 doba \u010dten\u00ed":"5 minut"},"schema":{"@context":"https:\/\/schema.org","@graph":[{"@type":"WebPage","@id":"https:\/\/strangercam.com\/random-cam-chat\/","url":"https:\/\/strangercam.com\/random-cam-chat\/","name":"N\u00e1hodn\u00fd Cam Chat s n\u00e1hodn\u00fdm chatem na Strangercam.com","isPartOf":{"@id":"https:\/\/strangercam.com\/#website"},"datePublished":"2025-08-18T11:43:14+00:00","dateModified":"2025-08-18T12:08:48+00:00","description":"L\u00edb\u00ed se v\u00e1m n\u00e1hodn\u00fd Cam Chat? Join miliony na StrangerCam.com! Spus\u0165te n\u00e1hodn\u00fd videochat, zapn\u011bte kameru a okam\u017eit\u011b se seznamte s ciz\u00edmi lidmi.","breadcrumb":{"@id":"https:\/\/strangercam.com\/random-cam-chat\/#breadcrumb"},"inLanguage":"cs","potentialAction":[{"@type":"ReadAction","target":["https:\/\/strangercam.com\/random-cam-chat\/"]}]},{"@type":"BreadcrumbList","@id":"https:\/\/strangercam.com\/random-cam-chat\/#breadcrumb","itemListElement":[{"@type":"ListItem","position":1,"name":"Home","item":"https:\/\/strangercam.com\/"},{"@type":"ListItem","position":2,"name":"Random Cam Chat"}]},{"@type":"WebSite","@id":"https:\/\/strangercam.com\/#website","url":"https:\/\/strangercam.com\/","name":"Strangercam","description":"N\u00e1hodn\u00fd videochat s ciz\u00edmi lidmi","publisher":{"@id":"https:\/\/strangercam.com\/#organization"},"alternateName":"Strangercam.com","potentialAction":[{"@type":"SearchAction","target":{"@type":"EntryPoint","urlTemplate":"https:\/\/strangercam.com\/?s={search_term_string}"},"query-input":{"@type":"PropertyValueSpecification","valueRequired":true,"valueName":"search_term_string"}}],"inLanguage":"cs"},{"@type":"Organization","@id":"https:\/\/strangercam.com\/#organization","name":"Strangercam","alternateName":"Strangercam.com","url":"https:\/\/strangercam.com\/","logo":{"@type":"ImageObject","inLanguage":"cs","@id":"https:\/\/strangercam.com\/#\/schema\/logo\/image\/","url":"https:\/\/strangercam.com\/wp-content\/uploads\/2020\/11\/cropped-new-favicon-black.png","contentUrl":"https:\/\/strangercam.com\/wp-content\/uploads\/2020\/11\/cropped-new-favicon-black.png","width":512,"height":512,"caption":"Strangercam"},"image":{"@id":"https:\/\/strangercam.com\/#\/schema\/logo\/image\/"},"sameAs":["https:\/\/www.facebook.com\/strangercam","https:\/\/x.com\/strangercamapp"]}]}},"_links":{"self":[{"href":"https:\/\/strangercam.com\/cs\/wp-json\/wp\/v2\/pages\/201","targetHints":{"allow":["GET"]}}],"collection":[{"href":"https:\/\/strangercam.com\/cs\/wp-json\/wp\/v2\/pages"}],"about":[{"href":"https:\/\/strangercam.com\/cs\/wp-json\/wp\/v2\/types\/page"}],"author":[{"embeddable":true,"href":"https:\/\/strangercam.com\/cs\/wp-json\/wp\/v2\/users\/8"}],"replies":[{"embeddable":true,"href":"https:\/\/strangercam.com\/cs\/wp-json\/wp\/v2\/comments?post=201"}],"version-history":[{"count":2,"href":"https:\/\/strangercam.com\/cs\/wp-json\/wp\/v2\/pages\/201\/revisions"}],"predecessor-version":[{"id":12967,"href":"https:\/\/strangercam.com\/cs\/wp-json\/wp\/v2\/pages\/201\/revisions\/12967"}],"wp:attachment":[{"href":"https:\/\/strangercam.com\/cs\/wp-json\/wp\/v2\/media?parent=201"}],"curies":[{"name":"wp","href":"https:\/\/api.w.org\/{rel}","templated":true}]}}