{"id":1327,"date":"2021-04-06T11:24:02","date_gmt":"2021-04-06T09:24:02","guid":{"rendered":"https:\/\/strangercam.com\/?page_id=1327"},"modified":"2023-08-21T12:24:41","modified_gmt":"2023-08-21T10:24:41","slug":"chatrad","status":"publish","type":"page","link":"https:\/\/strangercam.com\/cs\/chatrad\/","title":{"rendered":"Chatrad"},"content":{"rendered":"<p>Chcete <a href=\"https:\/\/strangercam.com\/cs\/coomeet\/\">Seznamte se s<\/a> ka\u017ed\u00fd den nov\u00e9 a zaj\u00edmav\u00e9 lidi? Vyzkou\u0161ejte ChatRad online <a href=\"https:\/\/strangercam.com\/cs\/rabbit-video-chat\/\">video<\/a> <a href=\"https:\/\/strangercam.com\/cs\/chatroulette\/\">chat<\/a> platforma. Jedn\u00e1 se o web, kter\u00fd v\u00e1m pom\u016f\u017ee sezn\u00e1mit se s des\u00edtkami lid\u00ed ka\u017ed\u00fd den prost\u0159ednictv\u00edm va\u0161\u00ed webov\u00e9 kamery. Spojen\u00ed s n\u00e1hodn\u00fdmi cizinci z cel\u00e9ho sv\u011bta je snadn\u00e9 a okam\u017eit\u00e9. Pokud tedy chcete naj\u00edt nov\u00e9 p\u0159\u00e1tele nebo se vydat na seznamku, ChatRad je pro v\u00e1s ide\u00e1ln\u00ed platformou.<\/p>\n<p>Krom\u011b toho v\u00e1m ChatRad tak\u00e9 umo\u017en\u00ed naj\u00edt nov\u00e9ho partnera pro rand\u011bn\u00ed nebo v\u00e1m poskytne dobrou z\u00e1bavu pro spole\u010densk\u00fd \u017eivot.<\/p>\n<h2>Co je ChatRad?<\/h2>\n<p>Slu\u017eba ChatRad byla spu\u0161t\u011bna v roce 2013. <a href=\"https:\/\/strangercam.com\/cs\/chatingly\/\">Chatov\u00e1n\u00ed<\/a> prost\u0159ednictv\u00edm webov\u00e9 kamery nebylo nikdy tak snadn\u00e9. S pomoc\u00ed platformy ChatRad je v\u0161ak chatov\u00e1n\u00ed p\u0159es webovou kameru pro u\u017eivatele d\u00edky let\u016fm inovac\u00ed a tvrd\u00e9 pr\u00e1ce snadn\u00e9.<\/p>\n<p>ChatRad je chatovac\u00ed software, kter\u00fd u\u017eivatel\u016fm umo\u017e\u0148uje komunikovat s n\u00e1hodn\u00fdmi cizinci pomoc\u00ed webov\u00e9 kamery prost\u0159ednictv\u00edm videoplatformy. ChatRad v\u00e1m tak\u00e9 umo\u017e\u0148uje chatovat na z\u00e1klad\u011b va\u0161eho vkusu a preferenc\u00ed.<\/p>\n<h3>Co je na ChatRadu tak zvl\u00e1\u0161tn\u00edho?<\/h3>\n<p>Nejzvl\u00e1\u0161tn\u011bj\u0161\u00ed na ChatRadu je to, \u017ee je to <a href=\"https:\/\/strangercam.com\/cs\/chat4free\/\">zdarma<\/a>. K chatu s ciz\u00edmi lidmi po cel\u00e9m sv\u011bt\u011b sta\u010d\u00ed pou\u017e\u00edvat webovou kameru. Pod\u00edvejme se na n\u011bkolik speci\u00e1ln\u00edch funkc\u00ed ChatRad.<\/p>\n<ul>\n<li>Seznamte se s nov\u00fdmi lidmi - Seznamov\u00e1n\u00ed s nov\u00fdmi lidmi pomoc\u00ed slu\u017eby ChatRad je jednoduch\u00e9 a snadn\u00e9. Sta\u010d\u00ed stisknout tla\u010d\u00edtko \u201cstart\u201d, abyste zapnuli webovou kameru, a je hotovo.<\/li>\n<li>Krom\u011b toho je to platforma, kter\u00e1 nab\u00edz\u00ed pouze bezplatn\u00e9 sd\u00edlen\u00ed, ale tak\u00e9 v\u00e1m umo\u017e\u0148uje uk\u00e1zat sv\u011btu sv\u016fj talent. Pokud jste skv\u011bl\u00fd kytarista nebo m\u00e1te skv\u011bl\u00fd hlas, m\u016f\u017eete to snadno ChatRad. D\u00e1le m\u016f\u017eete s ciz\u00edmi lidmi diskutovat o r\u016fzn\u00fdch t\u00e9matech, jako je j\u00eddlo, politika, kultura a mnoho dal\u0161\u00edch. Spojen\u00ed s ciz\u00edmi lidmi z cel\u00e9ho sv\u011bta v ChatRad prost\u0159ednictv\u00edm webov\u00e9 kamery je tak\u00e9 zaj\u00edmav\u00e9 a z\u00e1bavn\u00e9. Pou\u017e\u00edv\u00e1n\u00ed webov\u00e9 kamery pro chatov\u00e1n\u00ed s ciz\u00edmi lidmi na webov\u00fdch str\u00e1nk\u00e1ch ChatRad je bezplatn\u00e9 a vzru\u0161uj\u00edc\u00ed.<\/li>\n<li>Rychlost - Dal\u0161\u00ed zvl\u00e1\u0161tnost\u00ed, kterou je t\u0159eba zm\u00ednit u aplikace ChatRad, je jej\u00ed rychlost osv\u011btlen\u00ed. ChatRad v\u00e1m umo\u017en\u00ed spojit se s n\u00e1hodn\u00fdmi cizinci rychlost\u00ed sv\u011btla, tak\u017ee va\u0161e konverzace budou bez jak\u00fdchkoli z\u00e1vad a bezprobl\u00e9mov\u00e9.<\/li>\n<\/ul>\n<p>T\u00fdm spole\u010dnosti ChatRad tvrd\u011b pracuje na zaji\u0161t\u011bn\u00ed va\u0161\u00ed bezpe\u010dnosti ve sv\u011bt\u011b. Nikdy nedovol\u00ed, aby jak\u00e9koliv informace unikly t\u0159et\u00edm stran\u00e1m nebo jin\u00fdm u\u017eivatel\u016fm. Za t\u00edmto \u00fa\u010delem byste nikdy nem\u011bli p\u0159ed\u00e1vat \u017e\u00e1dn\u00e9 osobn\u00ed \u00fadaje ciz\u00edm osob\u00e1m. Je lep\u0161\u00ed z\u016fstat v bezpe\u010d\u00ed, ne\u017e b\u00fdt na druh\u00e9 stran\u011b lodi.<\/p>\n<p>Dodr\u017eujte bezpe\u010dnostn\u00ed pokyny, abyste zajistili, \u017ee va\u0161e \u00fadaje nebudou identifikovateln\u00e9 pro nezn\u00e1m\u00e9 ciz\u00ed osoby, osoby nebo agentury.<\/p>","protected":false},"excerpt":{"rendered":"<p>Want to meet new and interesting people every day? Try ChatRad online video chat platform. This is a site that helps you to meet dozens of people every day through your webcam. Connecting with random strangers from across the globe is easy and instant. Thus, if you want to make new friends, or go for [&hellip;]<\/p>\n","protected":false},"author":6,"featured_media":559,"parent":0,"menu_order":0,"comment_status":"closed","ping_status":"closed","template":"","meta":{"footnotes":""},"class_list":["post-1327","page","type-page","status-publish","has-post-thumbnail","hentry"],"yoast_head":"<!-- This site is optimized with the Yoast SEO plugin v26.9 - https:\/\/yoast.com\/product\/yoast-seo-wordpress\/ -->\n<title>Chatrad - Talk To Strangers - Cam on StrangerCam.com<\/title>\n<meta name=\"description\" content=\"Like Chatrad? Come chat with more than 5.000.000 strangers on Stranger Cam for Free! Turn on your cam and find new friends &amp; maby a match!\" \/>\n<meta name=\"robots\" content=\"index, follow, max-snippet:-1, max-image-preview:large, max-video-preview:-1\" \/>\n<link rel=\"canonical\" href=\"https:\/\/strangercam.com\/cs\/chatrad\/\" \/>\n<meta property=\"og:locale\" content=\"cs_CZ\" \/>\n<meta property=\"og:type\" content=\"article\" \/>\n<meta property=\"og:title\" content=\"Chatrad - Talk To Strangers - Cam on StrangerCam.com\" \/>\n<meta property=\"og:description\" content=\"Like Chatrad? Come chat with more than 5.000.000 strangers on Stranger Cam for Free! Turn on your cam and find new friends &amp; maby a match!\" \/>\n<meta property=\"og:url\" content=\"https:\/\/strangercam.com\/cs\/chatrad\/\" \/>\n<meta property=\"og:site_name\" content=\"Strangercam\" \/>\n<meta property=\"article:publisher\" content=\"https:\/\/www.facebook.com\/strangercam\" \/>\n<meta property=\"article:modified_time\" content=\"2023-08-21T10:24:41+00:00\" \/>\n<meta property=\"og:image\" content=\"https:\/\/strangercam.com\/wp-content\/uploads\/2020\/11\/stranger-cam-1.png\" \/>\n\t<meta property=\"og:image:width\" content=\"800\" \/>\n\t<meta property=\"og:image:height\" content=\"800\" \/>\n\t<meta property=\"og:image:type\" content=\"image\/png\" \/>\n<meta name=\"twitter:card\" content=\"summary_large_image\" \/>\n<meta name=\"twitter:site\" content=\"@strangercamapp\" \/>\n<meta name=\"twitter:label1\" content=\"Odhadovan\u00e1 doba \u010dten\u00ed\" \/>\n\t<meta name=\"twitter:data1\" content=\"2 minuty\" \/>\n<script type=\"application\/ld+json\" class=\"yoast-schema-graph\">{\"@context\":\"https:\/\/schema.org\",\"@graph\":[{\"@type\":\"WebPage\",\"@id\":\"https:\/\/strangercam.com\/chatrad\/\",\"url\":\"https:\/\/strangercam.com\/chatrad\/\",\"name\":\"Chatrad - Talk To Strangers - Cam on StrangerCam.com\",\"isPartOf\":{\"@id\":\"https:\/\/strangercam.com\/#website\"},\"primaryImageOfPage\":{\"@id\":\"https:\/\/strangercam.com\/chatrad\/#primaryimage\"},\"image\":{\"@id\":\"https:\/\/strangercam.com\/chatrad\/#primaryimage\"},\"thumbnailUrl\":\"https:\/\/strangercam.com\/wp-content\/uploads\/2020\/11\/stranger-cam-1.png\",\"datePublished\":\"2021-04-06T09:24:02+00:00\",\"dateModified\":\"2023-08-21T10:24:41+00:00\",\"description\":\"Like Chatrad? Come chat with more than 5.000.000 strangers on Stranger Cam for Free! Turn on your cam and find new friends & maby a match!\",\"breadcrumb\":{\"@id\":\"https:\/\/strangercam.com\/chatrad\/#breadcrumb\"},\"inLanguage\":\"cs\",\"potentialAction\":[{\"@type\":\"ReadAction\",\"target\":[\"https:\/\/strangercam.com\/chatrad\/\"]}]},{\"@type\":\"ImageObject\",\"inLanguage\":\"cs\",\"@id\":\"https:\/\/strangercam.com\/chatrad\/#primaryimage\",\"url\":\"https:\/\/strangercam.com\/wp-content\/uploads\/2020\/11\/stranger-cam-1.png\",\"contentUrl\":\"https:\/\/strangercam.com\/wp-content\/uploads\/2020\/11\/stranger-cam-1.png\",\"width\":800,\"height\":800,\"caption\":\"stranger cam random video chat\"},{\"@type\":\"BreadcrumbList\",\"@id\":\"https:\/\/strangercam.com\/chatrad\/#breadcrumb\",\"itemListElement\":[{\"@type\":\"ListItem\",\"position\":1,\"name\":\"Home\",\"item\":\"https:\/\/strangercam.com\/\"},{\"@type\":\"ListItem\",\"position\":2,\"name\":\"Chatrad\"}]},{\"@type\":\"WebSite\",\"@id\":\"https:\/\/strangercam.com\/#website\",\"url\":\"https:\/\/strangercam.com\/\",\"name\":\"Strangercam\",\"description\":\"Random Video Chat with Strangers\",\"publisher\":{\"@id\":\"https:\/\/strangercam.com\/#organization\"},\"alternateName\":\"Strangercam.com\",\"potentialAction\":[{\"@type\":\"SearchAction\",\"target\":{\"@type\":\"EntryPoint\",\"urlTemplate\":\"https:\/\/strangercam.com\/?s={search_term_string}\"},\"query-input\":{\"@type\":\"PropertyValueSpecification\",\"valueRequired\":true,\"valueName\":\"search_term_string\"}}],\"inLanguage\":\"cs\"},{\"@type\":\"Organization\",\"@id\":\"https:\/\/strangercam.com\/#organization\",\"name\":\"Strangercam\",\"alternateName\":\"Strangercam.com\",\"url\":\"https:\/\/strangercam.com\/\",\"logo\":{\"@type\":\"ImageObject\",\"inLanguage\":\"cs\",\"@id\":\"https:\/\/strangercam.com\/#\/schema\/logo\/image\/\",\"url\":\"https:\/\/strangercam.com\/wp-content\/uploads\/2020\/11\/cropped-new-favicon-black.png\",\"contentUrl\":\"https:\/\/strangercam.com\/wp-content\/uploads\/2020\/11\/cropped-new-favicon-black.png\",\"width\":512,\"height\":512,\"caption\":\"Strangercam\"},\"image\":{\"@id\":\"https:\/\/strangercam.com\/#\/schema\/logo\/image\/\"},\"sameAs\":[\"https:\/\/www.facebook.com\/strangercam\",\"https:\/\/x.com\/strangercamapp\"]}]}<\/script>\n<!-- \/ Yoast SEO plugin. -->","yoast_head_json":{"title":"Chatrad - Talk To Strangers - Kamera na StrangerCam.com","description":"Jako Chatrad? Poj\u010fte si zdarma popov\u00eddat s v\u00edce ne\u017e 5 000 000 cizinci na Stranger Cam! Zapn\u011bte si kameru a najd\u011bte nov\u00e9 p\u0159\u00e1tele &amp; maby z\u00e1pas!","robots":{"index":"index","follow":"follow","max-snippet":"max-snippet:-1","max-image-preview":"max-image-preview:large","max-video-preview":"max-video-preview:-1"},"canonical":"https:\/\/strangercam.com\/cs\/chatrad\/","og_locale":"cs_CZ","og_type":"article","og_title":"Chatrad - Talk To Strangers - Cam on StrangerCam.com","og_description":"Like Chatrad? Come chat with more than 5.000.000 strangers on Stranger Cam for Free! Turn on your cam and find new friends & maby a match!","og_url":"https:\/\/strangercam.com\/cs\/chatrad\/","og_site_name":"Strangercam","article_publisher":"https:\/\/www.facebook.com\/strangercam","article_modified_time":"2023-08-21T10:24:41+00:00","og_image":[{"width":800,"height":800,"url":"https:\/\/strangercam.com\/wp-content\/uploads\/2020\/11\/stranger-cam-1.png","type":"image\/png"}],"twitter_card":"summary_large_image","twitter_site":"@strangercamapp","twitter_misc":{"Odhadovan\u00e1 doba \u010dten\u00ed":"2 minuty"},"schema":{"@context":"https:\/\/schema.org","@graph":[{"@type":"WebPage","@id":"https:\/\/strangercam.com\/chatrad\/","url":"https:\/\/strangercam.com\/chatrad\/","name":"Chatrad - Talk To Strangers - Kamera na StrangerCam.com","isPartOf":{"@id":"https:\/\/strangercam.com\/#website"},"primaryImageOfPage":{"@id":"https:\/\/strangercam.com\/chatrad\/#primaryimage"},"image":{"@id":"https:\/\/strangercam.com\/chatrad\/#primaryimage"},"thumbnailUrl":"https:\/\/strangercam.com\/wp-content\/uploads\/2020\/11\/stranger-cam-1.png","datePublished":"2021-04-06T09:24:02+00:00","dateModified":"2023-08-21T10:24:41+00:00","description":"Jako Chatrad? Poj\u010fte si zdarma popov\u00eddat s v\u00edce ne\u017e 5 000 000 cizinci na Stranger Cam! Zapn\u011bte si kameru a najd\u011bte nov\u00e9 p\u0159\u00e1tele &amp; maby z\u00e1pas!","breadcrumb":{"@id":"https:\/\/strangercam.com\/chatrad\/#breadcrumb"},"inLanguage":"cs","potentialAction":[{"@type":"ReadAction","target":["https:\/\/strangercam.com\/chatrad\/"]}]},{"@type":"ImageObject","inLanguage":"cs","@id":"https:\/\/strangercam.com\/chatrad\/#primaryimage","url":"https:\/\/strangercam.com\/wp-content\/uploads\/2020\/11\/stranger-cam-1.png","contentUrl":"https:\/\/strangercam.com\/wp-content\/uploads\/2020\/11\/stranger-cam-1.png","width":800,"height":800,"caption":"stranger cam random video chat"},{"@type":"BreadcrumbList","@id":"https:\/\/strangercam.com\/chatrad\/#breadcrumb","itemListElement":[{"@type":"ListItem","position":1,"name":"Home","item":"https:\/\/strangercam.com\/"},{"@type":"ListItem","position":2,"name":"Chatrad"}]},{"@type":"WebSite","@id":"https:\/\/strangercam.com\/#website","url":"https:\/\/strangercam.com\/","name":"Strangercam","description":"N\u00e1hodn\u00fd videochat s ciz\u00edmi lidmi","publisher":{"@id":"https:\/\/strangercam.com\/#organization"},"alternateName":"Strangercam.com","potentialAction":[{"@type":"SearchAction","target":{"@type":"EntryPoint","urlTemplate":"https:\/\/strangercam.com\/?s={search_term_string}"},"query-input":{"@type":"PropertyValueSpecification","valueRequired":true,"valueName":"search_term_string"}}],"inLanguage":"cs"},{"@type":"Organization","@id":"https:\/\/strangercam.com\/#organization","name":"Strangercam","alternateName":"Strangercam.com","url":"https:\/\/strangercam.com\/","logo":{"@type":"ImageObject","inLanguage":"cs","@id":"https:\/\/strangercam.com\/#\/schema\/logo\/image\/","url":"https:\/\/strangercam.com\/wp-content\/uploads\/2020\/11\/cropped-new-favicon-black.png","contentUrl":"https:\/\/strangercam.com\/wp-content\/uploads\/2020\/11\/cropped-new-favicon-black.png","width":512,"height":512,"caption":"Strangercam"},"image":{"@id":"https:\/\/strangercam.com\/#\/schema\/logo\/image\/"},"sameAs":["https:\/\/www.facebook.com\/strangercam","https:\/\/x.com\/strangercamapp"]}]}},"_links":{"self":[{"href":"https:\/\/strangercam.com\/cs\/wp-json\/wp\/v2\/pages\/1327","targetHints":{"allow":["GET"]}}],"collection":[{"href":"https:\/\/strangercam.com\/cs\/wp-json\/wp\/v2\/pages"}],"about":[{"href":"https:\/\/strangercam.com\/cs\/wp-json\/wp\/v2\/types\/page"}],"author":[{"embeddable":true,"href":"https:\/\/strangercam.com\/cs\/wp-json\/wp\/v2\/users\/6"}],"replies":[{"embeddable":true,"href":"https:\/\/strangercam.com\/cs\/wp-json\/wp\/v2\/comments?post=1327"}],"version-history":[{"count":0,"href":"https:\/\/strangercam.com\/cs\/wp-json\/wp\/v2\/pages\/1327\/revisions"}],"wp:featuredmedia":[{"embeddable":true,"href":"https:\/\/strangercam.com\/cs\/wp-json\/wp\/v2\/media\/559"}],"wp:attachment":[{"href":"https:\/\/strangercam.com\/cs\/wp-json\/wp\/v2\/media?parent=1327"}],"curies":[{"name":"wp","href":"https:\/\/api.w.org\/{rel}","templated":true}]}}