{"id":1319,"date":"2021-04-06T11:11:22","date_gmt":"2021-04-06T09:11:22","guid":{"rendered":"https:\/\/strangercam.com\/?page_id=1319"},"modified":"2023-08-21T11:40:39","modified_gmt":"2023-08-21T09:40:39","slug":"camloo","status":"publish","type":"page","link":"https:\/\/strangercam.com\/cs\/camloo\/","title":{"rendered":"Camloo"},"content":{"rendered":"<p>Camloo je \u017eiv\u00e9 video <a href=\"https:\/\/strangercam.com\/cs\/chatroulette\/\">chat<\/a> software, kter\u00fd v\u00e1m pom\u016f\u017ee <a href=\"https:\/\/strangercam.com\/cs\/coomeet\/\">Seznamte se s<\/a> n\u00e1hodn\u00fdch lid\u00ed p\u0159es internet. V\u00fdhodou pou\u017e\u00edv\u00e1n\u00ed slu\u017eby Camloo je, \u017ee v\u00e1m umo\u017e\u0148uje spojit se s r\u016fzn\u00fdmi lidmi po cel\u00e9m sv\u011bt\u011b pouh\u00fdm kliknut\u00edm prstu. D\u00edky jeho nejnov\u011bj\u0161\u00edmu vol\u00e1n\u00ed s podporou videa m\u016f\u017eete snadno nav\u00e1zat p\u0159\u00e1telstv\u00ed prost\u0159ednictv\u00edm n\u00e1hodn\u00fdch chat\u016f, online seznamek, konverzac\u00ed a dal\u0161\u00edch na dosah ruky.<\/p>\n<p>Camloo v\u00e1m pom\u016f\u017ee poznat zaj\u00edmav\u00e9 lidi z cel\u00e9ho sv\u011bta prost\u0159ednictv\u00edm n\u00e1hodn\u00fdch konverzac\u00ed. D\u00e1le v\u00e1m tato aplikace umo\u017e\u0148uje komunikovat s ciz\u00edmi lidmi a okam\u017eit\u011b se spojit pomoc\u00ed energick\u00fdch konverzac\u00ed.<\/p>\n<p>Na co je\u0161t\u011b \u010dek\u00e1te, poj\u010fte se p\u0159ipojit k t\u00e9to zaj\u00edmav\u00e9 komunit\u011b Camloo?<\/p>\n<h2>Vlastnosti modelu Camloo<\/h2>\n<p>Sezn\u00e1men\u00ed s r\u016fzn\u00fdmi lidmi z cel\u00e9ho sv\u011bta je s Camloo nejen snadn\u00e9, ale tak\u00e9 jednoduch\u00e9. Pokud pat\u0159\u00edte mezi ty, kte\u0159\u00ed netrp\u011bliv\u011b \u010dekaj\u00ed na sezn\u00e1men\u00ed, pak je pro v\u00e1s Camloo ide\u00e1ln\u00ed platformou. S Camloo ve sv\u00e9m chytr\u00e9m za\u0159\u00edzen\u00ed m\u016f\u017eete ka\u017ed\u00fd den objevovat nov\u00e9 v\u011bci.<\/p>\n<p>Nav\u00edc je to ide\u00e1ln\u00ed platforma, kde m\u016f\u017eete s n\u011bk\u00fdm sd\u00edlet sv\u00e9 pocity, my\u0161lenky nebo dokonce osobn\u00ed diskusi.<br \/>\nCamloo m\u016f\u017ee pomoci spojit v\u0161echny lidi prost\u0159ednictv\u00edm sv\u011bta internetu. S Camloo v ruce se u\u017e nikdy nebudete c\u00edtit osam\u011ble. Funkce za\u0159\u00edzen\u00ed Camloo v\u00e1m pomohou okam\u017eit\u011b nav\u00e1zat spojen\u00ed s va\u0161\u00edm partnerem.<\/p>\n<p>Nyn\u00ed se m\u016f\u017eete snadno a neru\u0161en\u011b spojit s dal\u0161\u00edmi smyslupln\u00fdmi konverzacemi ciz\u00edch lid\u00ed z cel\u00e9ho sv\u011bta.<\/p>\n<h2>Funkce n\u00e1hodn\u00e9ho videochatu<\/h2>\n<ul>\n<li>Snadn\u00fd chat - Spojen\u00ed s ciz\u00edmi lidmi v aplikaci Camloo je jednoduch\u00e9 a snadn\u00e9. D\u00e1le tak\u00e9 umo\u017e\u0148uje videochatov\u00e1n\u00ed bez poplatk\u016f. M\u016f\u017eete dokonce pou\u017e\u00edvat v\u00edce p\u0159izp\u016fsobenou verzi Camloo, kter\u00e1 v\u00e1m pom\u016f\u017ee prozkoumat dal\u0161\u00ed zaj\u00edmav\u00e9 funkce t\u00e9to platformy.<\/li>\n<li>Hled\u00e1n\u00ed skv\u011bl\u00e9ho z\u00e1pasu - Pokud se chcete p\u0159esunout na jin\u00e9 vol\u00e1n\u00ed v Camloo, m\u016f\u017eete to ud\u011blat jako proch\u00e1zku r\u016f\u017eov\u00fdm sadem. Sta\u010d\u00ed stisknout \u0161ipku dal\u0161\u00edho <a href=\"https:\/\/strangercam.com\/cs\/americky-nahodny-videohovor\/\">videohovor<\/a> na jinou osobu po ukon\u010den\u00ed p\u0159edchoz\u00edho hovoru. Snadn\u00e9, \u017ee?<\/li>\n<li>Z\u00edsk\u00e1v\u00e1n\u00ed nov\u00fdch p\u0159\u00e1tel - komunita Camloo \u010dek\u00e1 na to, a\u017e se ka\u017ed\u00fd den sezn\u00e1m\u00edte s nov\u00fdmi a zaj\u00edmav\u00fdmi lidmi. Rad\u011bji je nenechte na sebe \u010dekat. Navazov\u00e1n\u00ed nov\u00fdch p\u0159\u00e1telstv\u00ed a spole\u010densk\u00fdch kontakt\u016f na t\u00e9to skv\u011bl\u00e9 platform\u011b je pro v\u00e1s nejen nejlep\u0161\u00ed, ale tak\u00e9 ide\u00e1ln\u00ed.<\/li>\n<li>P\u0159edve\u010fte sv\u016fj talent - M\u00e1te skv\u011bl\u00fd hlas? Tan\u010d\u00edte tak, \u017ee sv\u011bt tan\u010d\u00ed na v\u00e1\u0161 honor\u00e1\u0159? Pak je Camloo pr\u00e1v\u011b tou nejlep\u0161\u00ed platformou, kterou pro sebe pot\u0159ebujete. Camloo dok\u00e1\u017ee vyu\u017e\u00edt to nejlep\u0161\u00ed z va\u0161eho talentu a pom\u016f\u017ee v\u00e1m ud\u011blat z n\u011bj superstar.<\/li>\n<li>\u010cist\u011b bezpe\u010dn\u00e9 - T\u00fdm Camloo se sna\u017e\u00ed, aby pro v\u00e1s chatov\u00e1n\u00ed bylo snadn\u00e9 a bezpe\u010dn\u00e9. Nejen\u017ee v\u00e1s zbav\u00ed starost\u00ed, ale tak\u00e9 stresu z hackersk\u00fdch \u00fatok\u016f a dal\u0161\u00edch bezpe\u010dnostn\u00edch probl\u00e9m\u016f. Nikdy nezapome\u0148te zkontrolovat jejich tipy na ochranu soukrom\u00ed pro naprost\u00fd klid.<\/li>\n<\/ul>\n<h2>V\u00fdhody a nev\u00fdhody Camloo<\/h2>\n<p>Existuje mnoho seznamovac\u00edch aplikac\u00ed, ale Camloo je jin\u00e1. Nen\u00ed to jen zp\u016fsob, jak se sezn\u00e1mit s n\u00e1hodn\u00fdmi lidmi, je to zp\u016fsob, jak se sezn\u00e1mit s n\u00e1hodn\u00fdmi lidmi a u\u017e\u00edt si trochu z\u00e1bavy. Stoj\u00ed ale opravdu za to, abyste j\u00ed v\u011bnovali sv\u016fj \u010das? Poj\u010fme se pod\u00edvat na v\u00fdhody a nev\u00fdhody Camloo.<\/p>\n<h4>PROS:<\/h4>\n<ul>\n<li style=\"font-weight: 400;\" aria-level=\"1\">Je to zdarma! Za pou\u017e\u00edv\u00e1n\u00ed aplikace nemus\u00edte nic platit.<\/li>\n<li style=\"font-weight: 400;\" aria-level=\"1\">Snadno se pou\u017e\u00edv\u00e1. Rozhran\u00ed je jednoduch\u00e9 a p\u0159ehledn\u00e9.<\/li>\n<li style=\"font-weight: 400;\" aria-level=\"1\">Je anonymn\u00ed. Nemus\u00edte pou\u017e\u00edvat sv\u00e9 skute\u010dn\u00e9 jm\u00e9no ani \u017e\u00e1dn\u00e9 osobn\u00ed \u00fadaje.<\/li>\n<li style=\"font-weight: 400;\" aria-level=\"1\">Je to rychl\u00e9. M\u016f\u017eete rychle proch\u00e1zet profily a naj\u00edt n\u011bkoho, s k\u00fdm m\u016f\u017eete chatovat.<\/li>\n<\/ul>\n<h4>Z\u00c1PORY:<\/h4>\n<ul>\n<li style=\"font-weight: 400;\" aria-level=\"1\">Nen\u00ed p\u0159\u00edli\u0161 popul\u00e1rn\u00ed. V aplikaci zat\u00edm nen\u00ed mnoho u\u017eivatel\u016f, tak\u017ee va\u0161e mo\u017enosti mohou b\u00fdt omezen\u00e9.<\/li>\n<li style=\"font-weight: 400;\" aria-level=\"1\">Nen\u00ed to p\u0159\u00edli\u0161 zn\u00e1m\u00e9. Camloo nen\u00ed tak zn\u00e1m\u00e1 jako n\u011bkter\u00e9 jin\u00e9 seznamovac\u00ed aplikace, tak\u017ee m\u016f\u017ee b\u00fdt t\u011b\u017e\u0161\u00ed naj\u00edt prot\u011bj\u0161ky.<\/li>\n<\/ul>\n<h2>Jak pou\u017e\u00edvat Camloo?<\/h2>\n<p>Pokud hled\u00e1te nov\u00fd zp\u016fsob, jak se sezn\u00e1mit s n\u00e1hodn\u00fdmi lidmi, Camloo je skv\u011blou volbou. Zde je n\u00e1vod, jak ji pou\u017e\u00edvat:<\/p>\n<ol>\n<li style=\"font-weight: 400;\" aria-level=\"1\">Zaregistrujte si \u00fa\u010det. Budete muset zadat n\u011bkter\u00e9 z\u00e1kladn\u00ed \u00fadaje, jako je va\u0161e jm\u00e9no a e-mailov\u00e1 adresa.<\/li>\n<li style=\"font-weight: 400;\" aria-level=\"1\">Po p\u0159ihl\u00e1\u0161en\u00ed se zobraz\u00ed seznam v\u0161ech dostupn\u00fdch u\u017eivatel\u016f. M\u016f\u017eete je proch\u00e1zet nebo pou\u017e\u00edt funkci vyhled\u00e1v\u00e1n\u00ed a naj\u00edt n\u011bkoho konkr\u00e9tn\u00edho.<\/li>\n<li style=\"font-weight: 400;\" aria-level=\"1\">Kdy\u017e najdete n\u011bkoho, s k\u00fdm chcete mluvit, sta\u010d\u00ed kliknout na jeho jm\u00e9no a dostanete se na jeho profilovou str\u00e1nku. Tam m\u016f\u017eete zah\u00e1jit konverzaci zad\u00e1n\u00edm textu do pole ve spodn\u00ed \u010d\u00e1sti str\u00e1nky.<\/li>\n<li style=\"font-weight: 400;\" aria-level=\"1\">A je to! M\u016f\u017eete pokra\u010dovat v chatu, jak dlouho chcete, nebo kdykoli p\u0159ej\u00edt k n\u011bkomu jin\u00e9mu.<\/li>\n<\/ol>\n<h2>Pro\u010d Camloo je tak popul\u00e1rn\u00ed n\u00e1hodn\u00fd videochatovac\u00ed platforma?<\/h2>\n<p>Camloo je nov\u00e1 platforma pro n\u00e1hodn\u00fd videochat, kter\u00e1 bere internet \u00fatokem. Existuje mnoho d\u016fvod\u016f, pro\u010d je Camloo tak popul\u00e1rn\u00ed, ale jedn\u00edm z hlavn\u00edch d\u016fvod\u016f je, \u017ee umo\u017e\u0148uje u\u017eivatel\u016fm z\u00e1bavn\u00fdm a interaktivn\u00edm zp\u016fsobem pozn\u00e1vat nov\u00e9 lidi z cel\u00e9ho sv\u011bta.<\/p>\n<p>Dal\u0161\u00edm d\u016fvodem, pro\u010d je slu\u017eba Camloo tak obl\u00edben\u00e1, je to, \u017ee se jedn\u00e1 o velmi bezpe\u010dn\u00fd zp\u016fsob chatu s ciz\u00edmi lidmi. V\u0161echny konverzace jsou \u0161ifrovan\u00e9 a Camloo nab\u00edz\u00ed tak\u00e9 \u0159adu bezpe\u010dnostn\u00edch funkc\u00ed, nap\u0159\u00edklad mo\u017enost nahl\u00e1sit u\u017eivatele, kte\u0159\u00ed se chovaj\u00ed nevhodn\u011b.<\/p>\n<p>Pokud tedy hled\u00e1te nov\u00fd a vzru\u0161uj\u00edc\u00ed zp\u016fsob, jak se sezn\u00e1mit s n\u00e1hodn\u00fdmi lidmi z cel\u00e9ho sv\u011bta, ur\u010dit\u011b se pod\u00edvejte na Camloo!<\/p>\n<h2>Jak z Camloo vyt\u011b\u017eit maximum?<\/h2>\n<p>Pokud r\u00e1di pozn\u00e1v\u00e1te nov\u00e9 lidi a navazujete nov\u00e1 p\u0159\u00e1telstv\u00ed, je pro v\u00e1s Camloo ide\u00e1ln\u00ed platformou. Camloo je nov\u00e1 soci\u00e1ln\u00ed s\u00ed\u0165, kter\u00e1 v\u00e1m pom\u016f\u017ee spojit se s n\u00e1hodn\u00fdmi lidmi z cel\u00e9ho sv\u011bta. Pomoc\u00ed Camloo m\u016f\u017eete chatovat s nov\u00fdmi p\u0159\u00e1teli, pozn\u00e1vat nov\u00e9 lidi, a dokonce naj\u00edt l\u00e1sku. Jak ale m\u016f\u017eete slu\u017ebu Camloo co nejl\u00e9pe vyu\u017e\u00edt? Zde je n\u011bkolik tip\u016f:<\/p>\n<ol>\n<li style=\"font-weight: 400;\" aria-level=\"1\">\u00a0Pomoc\u00ed funkce vyhled\u00e1v\u00e1n\u00ed m\u016f\u017eete naj\u00edt lidi, kte\u0159\u00ed maj\u00ed stejn\u00e9 z\u00e1jmy jako vy. Snadn\u011bji tak m\u016f\u017eete zah\u00e1jit konverzaci.<\/li>\n<li style=\"font-weight: 400;\" aria-level=\"1\">\u00a0Join skupiny a \u00fa\u010dastnit se diskus\u00ed. Je to skv\u011bl\u00fd zp\u016fsob, jak poznat nov\u00e9 lidi a nav\u00e1zat p\u0159\u00e1telstv\u00ed.<\/li>\n<li style=\"font-weight: 400;\" aria-level=\"1\">Bu\u010fte na webu aktivn\u00ed. \u010c\u00edm aktivn\u011bj\u0161\u00ed budete, t\u00edm v\u011bt\u0161\u00ed je pravd\u011bpodobnost, \u017ee se s v\u00e1mi lid\u00e9 budou cht\u00edt p\u0159\u00e1telit.<\/li>\n<li style=\"font-weight: 400;\" aria-level=\"1\">Bu\u010fte sami sebou! Nebojte se uk\u00e1zat svou osobnost na Camloo. Je to skv\u011bl\u00fd zp\u016fsob, jak si naj\u00edt p\u0159\u00e1tele a poznat nov\u00e9 lidi.<\/li>\n<\/ol>\n<h2>Je Camloo bezpe\u010dn\u00fd?<\/h2>\n<p>Pokud jde o online seznamov\u00e1n\u00ed, bezpe\u010dnost je v\u017edy hlavn\u00edm probl\u00e9mem. Je tedy Camloo bezpe\u010dn\u00fd? Kr\u00e1tk\u00e1 odpov\u011b\u010f zn\u00ed ano, Camloo je bezpe\u010dn\u00fd zp\u016fsob, jak se sezn\u00e1mit s nov\u00fdmi lidmi online. Zde jsou n\u011bkter\u00e9 z v\u011bc\u00ed, kter\u00e9 d\u011bl\u00e1me, abychom zajistili bezpe\u010dnost na\u0161ich \u010dlen\u016f:<\/p>\n<p>\u010clen\u016fm umo\u017e\u0148ujeme pouze registraci s platnou e-mailovou adresou. To n\u00e1m pom\u00e1h\u00e1 ov\u011b\u0159it ka\u017ed\u00e9ho \u010dlena a ujistit se, \u017ee je t\u00edm, za koho se vyd\u00e1v\u00e1.<\/p>\n<p>Zavedli jsme p\u0159\u00edsnou antispamovou politiku. To znamen\u00e1, \u017ee \u010dlenov\u00e9 mohou pos\u00edlat zpr\u00e1vy pouze t\u011bm \u010dlen\u016fm, kte\u0159\u00ed se vz\u00e1jemn\u011b dohodli na chatu. To pom\u00e1h\u00e1 omezit mno\u017estv\u00ed nevy\u017e\u00e1dan\u00fdch zpr\u00e1v a spamu.<\/p>\n<p>V\u0161echny profily a fotografie p\u0159ed jejich zve\u0159ejn\u011bn\u00edm na webu upravujeme. To pom\u00e1h\u00e1 zajistit, \u017ee v\u0161ichni \u010dlenov\u00e9 jsou prav\u00ed a \u017ee neexistuj\u00ed \u017e\u00e1dn\u00e9 fale\u0161n\u00e9 profily nebo fotografie.<\/p>\n<p>M\u00e1me specializovan\u00fd t\u00fdm z\u00e1stupc\u016f z\u00e1kaznick\u00e9ho servisu, kte\u0159\u00ed jsou v\u00e1m k dispozici 24 hodin denn\u011b, 7 dn\u00ed v t\u00fddnu a pomohou v\u00e1m s jak\u00fdmikoliv probl\u00e9my nebo dotazy.<\/p>\n<p>Bu\u010fte si jisti, \u017ee Camloo je bezpe\u010dn\u00fd zp\u016fsob, jak se sezn\u00e1mit s nov\u00fdmi lidmi online.<\/p>\n<h2>Preventivn\u00ed opat\u0159en\u00ed, kter\u00e1 je t\u0159eba p\u0159ijmout p\u0159i pou\u017e\u00edv\u00e1n\u00ed n\u00e1hodn\u00e9 platformy pro videochat:<\/h2>\n<p>P\u0159i pou\u017eit\u00ed jak\u00e9hokoli <a href=\"https:\/\/strangercam.com\/cs\/chathub\/\">n\u00e1hodn\u00fd videochat<\/a> je d\u016fle\u017eit\u00e9 p\u0159ijmout n\u011bkter\u00e1 preventivn\u00ed opat\u0159en\u00ed, abyste zajistili svou bezpe\u010dnost. Zde je n\u011bkolik tip\u016f:<\/p>\n<ul>\n<li style=\"font-weight: 400;\" aria-level=\"1\">Nikdy nesd\u011blujte sv\u00e9 osobn\u00ed \u00fadaje, jako je jm\u00e9no, adresa nebo telefonn\u00ed \u010d\u00edslo.<\/li>\n<li style=\"font-weight: 400;\" aria-level=\"1\">Pokud v\u00e1s n\u011bkdo, s k\u00fdm chatujete, po\u017e\u00e1d\u00e1 o osobn\u00ed \u00fadaje, zdvo\u0159ile odm\u00edtn\u011bte a konverzaci ukon\u010dete.<\/li>\n<li style=\"font-weight: 400;\" aria-level=\"1\">Vyvarujte se pos\u00edl\u00e1n\u00ed nebo p\u0159ij\u00edm\u00e1n\u00ed jak\u00fdchkoli soubor\u016f od nezn\u00e1m\u00fdch osob. Tyto soubory mohou obsahovat viry nebo malware, kter\u00e9 mohou po\u0161kodit v\u00e1\u0161 po\u010d\u00edta\u010d.<\/li>\n<li style=\"font-weight: 400;\" aria-level=\"1\">Pokud se b\u011bhem chatu c\u00edt\u00edte nep\u0159\u00edjemn\u011b nebo ohro\u017een\u011b, okam\u017eit\u011b konverzaci ukon\u010dete a nahlaste u\u017eivatele spr\u00e1vc\u016fm platformy.<\/li>\n<\/ul>\n<h2>Z\u00e1v\u011br<\/h2>\n<p>Camloo je skv\u011bl\u00fd zp\u016fsob, jak se sezn\u00e1mit s nov\u00fdmi lidmi, a\u0165 u\u017e hled\u00e1te l\u00e1sku, nebo jen chcete naj\u00edt nov\u00e9 p\u0159\u00e1tele. Nejlep\u0161\u00ed na Camloo je, \u017ee je zcela zdarma, tak\u017ee jeho vyzkou\u0161en\u00edm nem\u00e1te co ztratit. Pro\u010d se nezaregistrovat je\u0161t\u011b dnes a nezjistit, koho potk\u00e1te?<\/p>","protected":false},"excerpt":{"rendered":"<p>Camloo is a live video chat software that helps you to meet random people over the internet. The benefit of using Camloo is that enables you to connect with different people around the world with the click of your finger. With its latest video-enabled calling, you can make friends easily through random chit-chats, online dating, [&hellip;]<\/p>\n","protected":false},"author":6,"featured_media":559,"parent":0,"menu_order":0,"comment_status":"closed","ping_status":"closed","template":"","meta":{"footnotes":""},"class_list":["post-1319","page","type-page","status-publish","has-post-thumbnail","hentry"],"yoast_head":"<!-- This site is optimized with the Yoast SEO plugin v26.9 - https:\/\/yoast.com\/product\/yoast-seo-wordpress\/ -->\n<title>Camloo - Free Random Video Chat - Cam on StrangerCam.com<\/title>\n<meta name=\"description\" content=\"Like Camloo? Come chat with more than 5.000.000 strangers on Stranger Cam for Free! Turn on your cam and find new friends &amp; maby a match!\" \/>\n<meta name=\"robots\" content=\"index, follow, max-snippet:-1, max-image-preview:large, max-video-preview:-1\" \/>\n<link rel=\"canonical\" href=\"https:\/\/strangercam.com\/cs\/camloo\/\" \/>\n<meta property=\"og:locale\" content=\"cs_CZ\" \/>\n<meta property=\"og:type\" content=\"article\" \/>\n<meta property=\"og:title\" content=\"Camloo - Free Random Video Chat - Cam on StrangerCam.com\" \/>\n<meta property=\"og:description\" content=\"Like Camloo? Come chat with more than 5.000.000 strangers on Stranger Cam for Free! Turn on your cam and find new friends &amp; maby a match!\" \/>\n<meta property=\"og:url\" content=\"https:\/\/strangercam.com\/cs\/camloo\/\" \/>\n<meta property=\"og:site_name\" content=\"Strangercam\" \/>\n<meta property=\"article:publisher\" content=\"https:\/\/www.facebook.com\/strangercam\" \/>\n<meta property=\"article:modified_time\" content=\"2023-08-21T09:40:39+00:00\" \/>\n<meta property=\"og:image\" content=\"https:\/\/strangercam.com\/wp-content\/uploads\/2020\/11\/stranger-cam-1.png\" \/>\n\t<meta property=\"og:image:width\" content=\"800\" \/>\n\t<meta property=\"og:image:height\" content=\"800\" \/>\n\t<meta property=\"og:image:type\" content=\"image\/png\" \/>\n<meta name=\"twitter:card\" content=\"summary_large_image\" \/>\n<meta name=\"twitter:site\" content=\"@strangercamapp\" \/>\n<meta name=\"twitter:label1\" content=\"Odhadovan\u00e1 doba \u010dten\u00ed\" \/>\n\t<meta name=\"twitter:data1\" content=\"7 minut\" \/>\n<script type=\"application\/ld+json\" class=\"yoast-schema-graph\">{\"@context\":\"https:\/\/schema.org\",\"@graph\":[{\"@type\":\"WebPage\",\"@id\":\"https:\/\/strangercam.com\/camloo\/\",\"url\":\"https:\/\/strangercam.com\/camloo\/\",\"name\":\"Camloo - Free Random Video Chat - Cam on StrangerCam.com\",\"isPartOf\":{\"@id\":\"https:\/\/strangercam.com\/#website\"},\"primaryImageOfPage\":{\"@id\":\"https:\/\/strangercam.com\/camloo\/#primaryimage\"},\"image\":{\"@id\":\"https:\/\/strangercam.com\/camloo\/#primaryimage\"},\"thumbnailUrl\":\"https:\/\/strangercam.com\/wp-content\/uploads\/2020\/11\/stranger-cam-1.png\",\"datePublished\":\"2021-04-06T09:11:22+00:00\",\"dateModified\":\"2023-08-21T09:40:39+00:00\",\"description\":\"Like Camloo? Come chat with more than 5.000.000 strangers on Stranger Cam for Free! Turn on your cam and find new friends & maby a match!\",\"breadcrumb\":{\"@id\":\"https:\/\/strangercam.com\/camloo\/#breadcrumb\"},\"inLanguage\":\"cs\",\"potentialAction\":[{\"@type\":\"ReadAction\",\"target\":[\"https:\/\/strangercam.com\/camloo\/\"]}]},{\"@type\":\"ImageObject\",\"inLanguage\":\"cs\",\"@id\":\"https:\/\/strangercam.com\/camloo\/#primaryimage\",\"url\":\"https:\/\/strangercam.com\/wp-content\/uploads\/2020\/11\/stranger-cam-1.png\",\"contentUrl\":\"https:\/\/strangercam.com\/wp-content\/uploads\/2020\/11\/stranger-cam-1.png\",\"width\":800,\"height\":800,\"caption\":\"stranger cam random video chat\"},{\"@type\":\"BreadcrumbList\",\"@id\":\"https:\/\/strangercam.com\/camloo\/#breadcrumb\",\"itemListElement\":[{\"@type\":\"ListItem\",\"position\":1,\"name\":\"Home\",\"item\":\"https:\/\/strangercam.com\/\"},{\"@type\":\"ListItem\",\"position\":2,\"name\":\"Camloo\"}]},{\"@type\":\"WebSite\",\"@id\":\"https:\/\/strangercam.com\/#website\",\"url\":\"https:\/\/strangercam.com\/\",\"name\":\"Strangercam\",\"description\":\"Random Video Chat with Strangers\",\"publisher\":{\"@id\":\"https:\/\/strangercam.com\/#organization\"},\"alternateName\":\"Strangercam.com\",\"potentialAction\":[{\"@type\":\"SearchAction\",\"target\":{\"@type\":\"EntryPoint\",\"urlTemplate\":\"https:\/\/strangercam.com\/?s={search_term_string}\"},\"query-input\":{\"@type\":\"PropertyValueSpecification\",\"valueRequired\":true,\"valueName\":\"search_term_string\"}}],\"inLanguage\":\"cs\"},{\"@type\":\"Organization\",\"@id\":\"https:\/\/strangercam.com\/#organization\",\"name\":\"Strangercam\",\"alternateName\":\"Strangercam.com\",\"url\":\"https:\/\/strangercam.com\/\",\"logo\":{\"@type\":\"ImageObject\",\"inLanguage\":\"cs\",\"@id\":\"https:\/\/strangercam.com\/#\/schema\/logo\/image\/\",\"url\":\"https:\/\/strangercam.com\/wp-content\/uploads\/2020\/11\/cropped-new-favicon-black.png\",\"contentUrl\":\"https:\/\/strangercam.com\/wp-content\/uploads\/2020\/11\/cropped-new-favicon-black.png\",\"width\":512,\"height\":512,\"caption\":\"Strangercam\"},\"image\":{\"@id\":\"https:\/\/strangercam.com\/#\/schema\/logo\/image\/\"},\"sameAs\":[\"https:\/\/www.facebook.com\/strangercam\",\"https:\/\/x.com\/strangercamapp\"]}]}<\/script>\n<!-- \/ Yoast SEO plugin. -->","yoast_head_json":{"title":"Camloo - N\u00e1hodn\u00fd videochat zdarma - Cam na StrangerCam.com","description":"Jako Camloo? Poj\u010fte si zdarma popov\u00eddat s v\u00edce ne\u017e 5 000 000 cizinci na Stranger Cam! Zapn\u011bte si kameru a najd\u011bte nov\u00e9 p\u0159\u00e1tele &amp; maby z\u00e1pas!","robots":{"index":"index","follow":"follow","max-snippet":"max-snippet:-1","max-image-preview":"max-image-preview:large","max-video-preview":"max-video-preview:-1"},"canonical":"https:\/\/strangercam.com\/cs\/camloo\/","og_locale":"cs_CZ","og_type":"article","og_title":"Camloo - Free Random Video Chat - Cam on StrangerCam.com","og_description":"Like Camloo? Come chat with more than 5.000.000 strangers on Stranger Cam for Free! Turn on your cam and find new friends & maby a match!","og_url":"https:\/\/strangercam.com\/cs\/camloo\/","og_site_name":"Strangercam","article_publisher":"https:\/\/www.facebook.com\/strangercam","article_modified_time":"2023-08-21T09:40:39+00:00","og_image":[{"width":800,"height":800,"url":"https:\/\/strangercam.com\/wp-content\/uploads\/2020\/11\/stranger-cam-1.png","type":"image\/png"}],"twitter_card":"summary_large_image","twitter_site":"@strangercamapp","twitter_misc":{"Odhadovan\u00e1 doba \u010dten\u00ed":"7 minut"},"schema":{"@context":"https:\/\/schema.org","@graph":[{"@type":"WebPage","@id":"https:\/\/strangercam.com\/camloo\/","url":"https:\/\/strangercam.com\/camloo\/","name":"Camloo - N\u00e1hodn\u00fd videochat zdarma - Cam na StrangerCam.com","isPartOf":{"@id":"https:\/\/strangercam.com\/#website"},"primaryImageOfPage":{"@id":"https:\/\/strangercam.com\/camloo\/#primaryimage"},"image":{"@id":"https:\/\/strangercam.com\/camloo\/#primaryimage"},"thumbnailUrl":"https:\/\/strangercam.com\/wp-content\/uploads\/2020\/11\/stranger-cam-1.png","datePublished":"2021-04-06T09:11:22+00:00","dateModified":"2023-08-21T09:40:39+00:00","description":"Jako Camloo? Poj\u010fte si zdarma popov\u00eddat s v\u00edce ne\u017e 5 000 000 cizinci na Stranger Cam! Zapn\u011bte si kameru a najd\u011bte nov\u00e9 p\u0159\u00e1tele &amp; maby z\u00e1pas!","breadcrumb":{"@id":"https:\/\/strangercam.com\/camloo\/#breadcrumb"},"inLanguage":"cs","potentialAction":[{"@type":"ReadAction","target":["https:\/\/strangercam.com\/camloo\/"]}]},{"@type":"ImageObject","inLanguage":"cs","@id":"https:\/\/strangercam.com\/camloo\/#primaryimage","url":"https:\/\/strangercam.com\/wp-content\/uploads\/2020\/11\/stranger-cam-1.png","contentUrl":"https:\/\/strangercam.com\/wp-content\/uploads\/2020\/11\/stranger-cam-1.png","width":800,"height":800,"caption":"stranger cam random video chat"},{"@type":"BreadcrumbList","@id":"https:\/\/strangercam.com\/camloo\/#breadcrumb","itemListElement":[{"@type":"ListItem","position":1,"name":"Home","item":"https:\/\/strangercam.com\/"},{"@type":"ListItem","position":2,"name":"Camloo"}]},{"@type":"WebSite","@id":"https:\/\/strangercam.com\/#website","url":"https:\/\/strangercam.com\/","name":"Strangercam","description":"N\u00e1hodn\u00fd videochat s ciz\u00edmi lidmi","publisher":{"@id":"https:\/\/strangercam.com\/#organization"},"alternateName":"Strangercam.com","potentialAction":[{"@type":"SearchAction","target":{"@type":"EntryPoint","urlTemplate":"https:\/\/strangercam.com\/?s={search_term_string}"},"query-input":{"@type":"PropertyValueSpecification","valueRequired":true,"valueName":"search_term_string"}}],"inLanguage":"cs"},{"@type":"Organization","@id":"https:\/\/strangercam.com\/#organization","name":"Strangercam","alternateName":"Strangercam.com","url":"https:\/\/strangercam.com\/","logo":{"@type":"ImageObject","inLanguage":"cs","@id":"https:\/\/strangercam.com\/#\/schema\/logo\/image\/","url":"https:\/\/strangercam.com\/wp-content\/uploads\/2020\/11\/cropped-new-favicon-black.png","contentUrl":"https:\/\/strangercam.com\/wp-content\/uploads\/2020\/11\/cropped-new-favicon-black.png","width":512,"height":512,"caption":"Strangercam"},"image":{"@id":"https:\/\/strangercam.com\/#\/schema\/logo\/image\/"},"sameAs":["https:\/\/www.facebook.com\/strangercam","https:\/\/x.com\/strangercamapp"]}]}},"_links":{"self":[{"href":"https:\/\/strangercam.com\/cs\/wp-json\/wp\/v2\/pages\/1319","targetHints":{"allow":["GET"]}}],"collection":[{"href":"https:\/\/strangercam.com\/cs\/wp-json\/wp\/v2\/pages"}],"about":[{"href":"https:\/\/strangercam.com\/cs\/wp-json\/wp\/v2\/types\/page"}],"author":[{"embeddable":true,"href":"https:\/\/strangercam.com\/cs\/wp-json\/wp\/v2\/users\/6"}],"replies":[{"embeddable":true,"href":"https:\/\/strangercam.com\/cs\/wp-json\/wp\/v2\/comments?post=1319"}],"version-history":[{"count":0,"href":"https:\/\/strangercam.com\/cs\/wp-json\/wp\/v2\/pages\/1319\/revisions"}],"wp:featuredmedia":[{"embeddable":true,"href":"https:\/\/strangercam.com\/cs\/wp-json\/wp\/v2\/media\/559"}],"wp:attachment":[{"href":"https:\/\/strangercam.com\/cs\/wp-json\/wp\/v2\/media?parent=1319"}],"curies":[{"name":"wp","href":"https:\/\/api.w.org\/{rel}","templated":true}]}}