{"id":1311,"date":"2021-04-06T10:56:49","date_gmt":"2021-04-06T08:56:49","guid":{"rendered":"https:\/\/strangercam.com\/?page_id=1311"},"modified":"2023-08-21T12:24:41","modified_gmt":"2023-08-21T10:24:41","slug":"holla","status":"publish","type":"page","link":"https:\/\/strangercam.com\/cs\/holla\/","title":{"rendered":"Holla"},"content":{"rendered":"<p>Nikdy nebylo snadn\u00e9 se spojit a mluvit fyzicky jeden na jednoho prost\u0159ednictv\u00edm <a href=\"https:\/\/strangercam.com\/cs\/mili\/\">\u017eiv\u011b<\/a> video <a href=\"https:\/\/strangercam.com\/cs\/chatroulette\/\">chat<\/a> se sv\u00fdm vzd\u00e1len\u00fdm p\u0159\u00edbuzn\u00fdm nebo p\u0159\u00e1teli z d\u0159\u00edv\u011bj\u0161\u00edch dob. Dnes videochat tuto bari\u00e9ru odstranil a p\u0159enesl tis\u00edcikilometrovou vzd\u00e1lenost k v\u00e1m dom\u016f. Nyn\u00ed m\u016f\u017eete snadno uspo\u0159\u00e1dat <a href=\"https:\/\/strangercam.com\/cs\/rabbit-video-chat\/\">videochat<\/a> s p\u0159\u00e1teli nebo rodinou ve vzd\u00e1len\u00fdch zem\u00edch prost\u0159ednictv\u00edm slu\u017eby Holla.<\/p>\n<p>Holla je snadno dostupn\u00fd ve v\u00edce ne\u017e 40 zem\u00edch a je pova\u017eov\u00e1n za nejlep\u0161\u00ed videochat v roce 2020. M\u016f\u017eete m\u00edt \u017eiv\u00fd <a href=\"https:\/\/strangercam.com\/cs\/americky-nahodny-videohovor\/\">videohovor<\/a> cizinc\u016fm z cel\u00e9ho sv\u011bta. Tuto platformu tvo\u0159\u00ed v\u00edce ne\u017e 30 milion\u016f registrovan\u00fdch u\u017eivatel\u016f ze 190 r\u016fzn\u00fdch zem\u00ed.<\/p>\n<h2>V\u00fdhody<\/h2>\n<ul>\n<li>Nejlep\u0161\u00ed video software - Tento software je ocen\u011bn jako nejlep\u0161\u00ed video software roku 2020. Tento software toti\u017e umo\u017e\u0148uje komunikovat s n\u00e1hodn\u00fdm ciz\u00edm \u010dlov\u011bkem prost\u0159ednictv\u00edm videochatu, hlasov\u00e9ho chatu a dokonce i textov\u00e9ho chatu. V\u0161echny tyto funkce jsou zdarma. Nav\u00edc umo\u017e\u0148uje nav\u00e1zat p\u0159\u00e1telstv\u00ed po cel\u00e9m sv\u011bt\u011b pouh\u00fdm p\u0159ejet\u00edm prstu a umo\u017e\u0148uje v\u00e1m vybrat si z tis\u00edc\u016f mo\u017enost\u00ed.<br \/>\nNesrovnateln\u00fd zvuk a<\/li>\n<li>Kvalita - Holla v\u00e1m poskytuje platformu, d\u00edky kter\u00e9 m\u016f\u017eete v klidu hovo\u0159it s p\u0159\u00e1teli, ciz\u00edmi lidmi nebo dokonce s rodinn\u00fdmi p\u0159\u00edslu\u0161n\u00edky \u017eij\u00edc\u00edmi tis\u00edce kilometr\u016f daleko. D\u00e1v\u00e1 v\u00e1m toti\u017e mo\u017enost volby a komunikace prost\u0159ednictv\u00edm nesrovnateln\u00e9ho zvuku a kvality, tak\u017ee v\u00e1\u0161 hovor nebude p\u0159eru\u0161en kv\u016fli \u0161patn\u00e9 kvalit\u011b s\u00edt\u011b nebo zvuku.<\/li>\n<li>Rozmanitost funkc\u00ed - Tento software lze nav\u00edc pou\u017e\u00edvat v jak\u00e9koli s\u00edti, nap\u0159\u00edklad 3G, 4G nebo dokonce v s\u00edti Wi-Fi. Umo\u017e\u0148uje tak\u00e9 pou\u017e\u00edvat bezplatn\u00fd \u017eiv\u00fd videochat, bezplatn\u00fd \u017eiv\u00fd hlasov\u00fd chat a bezplatn\u00fd textov\u00fd chat. Holla poskytuje sv\u00fdm u\u017eivatel\u016fm funkci p\u0159\u00edm\u00e9ho \u017eiv\u00e9ho videohovoru jeden na jednoho. Sta\u010d\u00ed si pouze vybrat pohlav\u00ed a oblast podle sv\u00fdch preferenc\u00ed. Bezpe\u010dn\u00e9 a spolehliv\u00e9 pou\u017e\u00edv\u00e1n\u00ed, m\u016f\u017eete snadno <a href=\"https:\/\/strangercam.com\/cs\/coomeet\/\">Seznamte se s<\/a> nov\u00e9 lidi po cel\u00e9m sv\u011bt\u011b bez jak\u00fdchkoli pot\u00ed\u017e\u00ed.<\/li>\n<\/ul>\n<h3>Kl\u00ed\u010dov\u00e9 funkce Holla<\/h3>\n<p>P\u0159i pou\u017eit\u00ed Holla lze o\u010dek\u00e1vat mnoh\u00e1 p\u0159ekvapen\u00ed. To znamen\u00e1, \u017ee kdy\u017e budete m\u00edt videochat, nebo dokonce kdy\u017e budete chatovat s nezn\u00e1m\u00fdm cizincem, budete m\u00edt plno p\u0159ekvapen\u00ed. D\u00e1le si nejste v\u011bdomi toho, koho potk\u00e1te v p\u0159\u00ed\u0161t\u00ed nadch\u00e1zej\u00edc\u00ed minut\u011b. Na t\u00e9to platform\u011b se objevuj\u00ed v\u0161ichni talentovan\u00ed mlad\u00ed lid\u00e9, kte\u0159\u00ed se cht\u011bj\u00ed sezn\u00e1mit a nav\u00e1zat nov\u00e1 p\u0159\u00e1telstv\u00ed online prost\u0159ednictv\u00edm konverzac\u00ed v re\u00e1ln\u00e9m \u010dase.<\/p>\n<p>\u010cek\u00e1 na v\u00e1s cel\u00e1 definice bezplatn\u00e9ho \u017eiv\u00e9ho videochatu s video filtry a samolepkami, kter\u00e9 v\u00e1m vytvo\u0159\u00ed \u00fa\u017easn\u00fd z\u00e1\u017eitek. Holla je k dispozici zdarma, m\u016f\u017eete z\u00edskat bonusov\u00e9 pr\u00e9miov\u00e9 funkce, kter\u00e9 jsou k dispozici pouze v \u017eiv\u00e9m videochatu s p\u0159izp\u016fsoben\u00fdm streamov\u00e1n\u00edm videa a p\u00e1rov\u00e1n\u00edm.<\/p>","protected":false},"excerpt":{"rendered":"<p>It was never easy to connect and talk one-on-one physically through a live video chat with your distant relative, or friends in earlier days. Today, video chatting has eliminated that barrier and brought a thousand kilometres of distance to your home. You can now easily hold a video chat with your friends, or family in [&hellip;]<\/p>\n","protected":false},"author":6,"featured_media":559,"parent":0,"menu_order":0,"comment_status":"closed","ping_status":"closed","template":"","meta":{"footnotes":""},"class_list":["post-1311","page","type-page","status-publish","has-post-thumbnail","hentry"],"yoast_head":"<!-- This site is optimized with the Yoast SEO plugin v26.9 - https:\/\/yoast.com\/product\/yoast-seo-wordpress\/ -->\n<title>Holla - Best Random Video Chat - Cam on StrangerCam.com<\/title>\n<meta name=\"description\" content=\"Like Holla? Come chat with more than 5.000.000 strangers on Stranger Cam for Free! Turn on your cam and find new friends &amp; maby a match!\" \/>\n<meta name=\"robots\" content=\"index, follow, max-snippet:-1, max-image-preview:large, max-video-preview:-1\" \/>\n<link rel=\"canonical\" href=\"https:\/\/strangercam.com\/cs\/holla\/\" \/>\n<meta property=\"og:locale\" content=\"cs_CZ\" \/>\n<meta property=\"og:type\" content=\"article\" \/>\n<meta property=\"og:title\" content=\"Holla - Best Random Video Chat - Cam on StrangerCam.com\" \/>\n<meta property=\"og:description\" content=\"Like Holla? Come chat with more than 5.000.000 strangers on Stranger Cam for Free! Turn on your cam and find new friends &amp; maby a match!\" \/>\n<meta property=\"og:url\" content=\"https:\/\/strangercam.com\/cs\/holla\/\" \/>\n<meta property=\"og:site_name\" content=\"Strangercam\" \/>\n<meta property=\"article:publisher\" content=\"https:\/\/www.facebook.com\/strangercam\" \/>\n<meta property=\"article:modified_time\" content=\"2023-08-21T10:24:41+00:00\" \/>\n<meta property=\"og:image\" content=\"https:\/\/strangercam.com\/wp-content\/uploads\/2020\/11\/stranger-cam-1.png\" \/>\n\t<meta property=\"og:image:width\" content=\"800\" \/>\n\t<meta property=\"og:image:height\" content=\"800\" \/>\n\t<meta property=\"og:image:type\" content=\"image\/png\" \/>\n<meta name=\"twitter:card\" content=\"summary_large_image\" \/>\n<meta name=\"twitter:site\" content=\"@strangercamapp\" \/>\n<meta name=\"twitter:label1\" content=\"Odhadovan\u00e1 doba \u010dten\u00ed\" \/>\n\t<meta name=\"twitter:data1\" content=\"2 minuty\" \/>\n<script type=\"application\/ld+json\" class=\"yoast-schema-graph\">{\"@context\":\"https:\/\/schema.org\",\"@graph\":[{\"@type\":\"WebPage\",\"@id\":\"https:\/\/strangercam.com\/holla\/\",\"url\":\"https:\/\/strangercam.com\/holla\/\",\"name\":\"Holla - Best Random Video Chat - Cam on StrangerCam.com\",\"isPartOf\":{\"@id\":\"https:\/\/strangercam.com\/#website\"},\"primaryImageOfPage\":{\"@id\":\"https:\/\/strangercam.com\/holla\/#primaryimage\"},\"image\":{\"@id\":\"https:\/\/strangercam.com\/holla\/#primaryimage\"},\"thumbnailUrl\":\"https:\/\/strangercam.com\/wp-content\/uploads\/2020\/11\/stranger-cam-1.png\",\"datePublished\":\"2021-04-06T08:56:49+00:00\",\"dateModified\":\"2023-08-21T10:24:41+00:00\",\"description\":\"Like Holla? Come chat with more than 5.000.000 strangers on Stranger Cam for Free! Turn on your cam and find new friends & maby a match!\",\"breadcrumb\":{\"@id\":\"https:\/\/strangercam.com\/holla\/#breadcrumb\"},\"inLanguage\":\"cs\",\"potentialAction\":[{\"@type\":\"ReadAction\",\"target\":[\"https:\/\/strangercam.com\/holla\/\"]}]},{\"@type\":\"ImageObject\",\"inLanguage\":\"cs\",\"@id\":\"https:\/\/strangercam.com\/holla\/#primaryimage\",\"url\":\"https:\/\/strangercam.com\/wp-content\/uploads\/2020\/11\/stranger-cam-1.png\",\"contentUrl\":\"https:\/\/strangercam.com\/wp-content\/uploads\/2020\/11\/stranger-cam-1.png\",\"width\":800,\"height\":800,\"caption\":\"stranger cam random video chat\"},{\"@type\":\"BreadcrumbList\",\"@id\":\"https:\/\/strangercam.com\/holla\/#breadcrumb\",\"itemListElement\":[{\"@type\":\"ListItem\",\"position\":1,\"name\":\"Home\",\"item\":\"https:\/\/strangercam.com\/\"},{\"@type\":\"ListItem\",\"position\":2,\"name\":\"Holla\"}]},{\"@type\":\"WebSite\",\"@id\":\"https:\/\/strangercam.com\/#website\",\"url\":\"https:\/\/strangercam.com\/\",\"name\":\"Strangercam\",\"description\":\"Random Video Chat with Strangers\",\"publisher\":{\"@id\":\"https:\/\/strangercam.com\/#organization\"},\"alternateName\":\"Strangercam.com\",\"potentialAction\":[{\"@type\":\"SearchAction\",\"target\":{\"@type\":\"EntryPoint\",\"urlTemplate\":\"https:\/\/strangercam.com\/?s={search_term_string}\"},\"query-input\":{\"@type\":\"PropertyValueSpecification\",\"valueRequired\":true,\"valueName\":\"search_term_string\"}}],\"inLanguage\":\"cs\"},{\"@type\":\"Organization\",\"@id\":\"https:\/\/strangercam.com\/#organization\",\"name\":\"Strangercam\",\"alternateName\":\"Strangercam.com\",\"url\":\"https:\/\/strangercam.com\/\",\"logo\":{\"@type\":\"ImageObject\",\"inLanguage\":\"cs\",\"@id\":\"https:\/\/strangercam.com\/#\/schema\/logo\/image\/\",\"url\":\"https:\/\/strangercam.com\/wp-content\/uploads\/2020\/11\/cropped-new-favicon-black.png\",\"contentUrl\":\"https:\/\/strangercam.com\/wp-content\/uploads\/2020\/11\/cropped-new-favicon-black.png\",\"width\":512,\"height\":512,\"caption\":\"Strangercam\"},\"image\":{\"@id\":\"https:\/\/strangercam.com\/#\/schema\/logo\/image\/\"},\"sameAs\":[\"https:\/\/www.facebook.com\/strangercam\",\"https:\/\/x.com\/strangercamapp\"]}]}<\/script>\n<!-- \/ Yoast SEO plugin. -->","yoast_head_json":{"title":"Holla - Nejlep\u0161\u00ed n\u00e1hodn\u00fd videochat - Cam na StrangerCam.com","description":"Jako Holla? Poj\u010fte si zdarma popov\u00eddat s v\u00edce ne\u017e 5 000 000 cizinci na Stranger Cam! Zapn\u011bte si kameru a najd\u011bte nov\u00e9 p\u0159\u00e1tele &amp; maby z\u00e1pas!","robots":{"index":"index","follow":"follow","max-snippet":"max-snippet:-1","max-image-preview":"max-image-preview:large","max-video-preview":"max-video-preview:-1"},"canonical":"https:\/\/strangercam.com\/cs\/holla\/","og_locale":"cs_CZ","og_type":"article","og_title":"Holla - Best Random Video Chat - Cam on StrangerCam.com","og_description":"Like Holla? Come chat with more than 5.000.000 strangers on Stranger Cam for Free! Turn on your cam and find new friends & maby a match!","og_url":"https:\/\/strangercam.com\/cs\/holla\/","og_site_name":"Strangercam","article_publisher":"https:\/\/www.facebook.com\/strangercam","article_modified_time":"2023-08-21T10:24:41+00:00","og_image":[{"width":800,"height":800,"url":"https:\/\/strangercam.com\/wp-content\/uploads\/2020\/11\/stranger-cam-1.png","type":"image\/png"}],"twitter_card":"summary_large_image","twitter_site":"@strangercamapp","twitter_misc":{"Odhadovan\u00e1 doba \u010dten\u00ed":"2 minuty"},"schema":{"@context":"https:\/\/schema.org","@graph":[{"@type":"WebPage","@id":"https:\/\/strangercam.com\/holla\/","url":"https:\/\/strangercam.com\/holla\/","name":"Holla - Nejlep\u0161\u00ed n\u00e1hodn\u00fd videochat - Cam na StrangerCam.com","isPartOf":{"@id":"https:\/\/strangercam.com\/#website"},"primaryImageOfPage":{"@id":"https:\/\/strangercam.com\/holla\/#primaryimage"},"image":{"@id":"https:\/\/strangercam.com\/holla\/#primaryimage"},"thumbnailUrl":"https:\/\/strangercam.com\/wp-content\/uploads\/2020\/11\/stranger-cam-1.png","datePublished":"2021-04-06T08:56:49+00:00","dateModified":"2023-08-21T10:24:41+00:00","description":"Jako Holla? Poj\u010fte si zdarma popov\u00eddat s v\u00edce ne\u017e 5 000 000 cizinci na Stranger Cam! Zapn\u011bte si kameru a najd\u011bte nov\u00e9 p\u0159\u00e1tele &amp; maby z\u00e1pas!","breadcrumb":{"@id":"https:\/\/strangercam.com\/holla\/#breadcrumb"},"inLanguage":"cs","potentialAction":[{"@type":"ReadAction","target":["https:\/\/strangercam.com\/holla\/"]}]},{"@type":"ImageObject","inLanguage":"cs","@id":"https:\/\/strangercam.com\/holla\/#primaryimage","url":"https:\/\/strangercam.com\/wp-content\/uploads\/2020\/11\/stranger-cam-1.png","contentUrl":"https:\/\/strangercam.com\/wp-content\/uploads\/2020\/11\/stranger-cam-1.png","width":800,"height":800,"caption":"stranger cam random video chat"},{"@type":"BreadcrumbList","@id":"https:\/\/strangercam.com\/holla\/#breadcrumb","itemListElement":[{"@type":"ListItem","position":1,"name":"Home","item":"https:\/\/strangercam.com\/"},{"@type":"ListItem","position":2,"name":"Holla"}]},{"@type":"WebSite","@id":"https:\/\/strangercam.com\/#website","url":"https:\/\/strangercam.com\/","name":"Strangercam","description":"N\u00e1hodn\u00fd videochat s ciz\u00edmi lidmi","publisher":{"@id":"https:\/\/strangercam.com\/#organization"},"alternateName":"Strangercam.com","potentialAction":[{"@type":"SearchAction","target":{"@type":"EntryPoint","urlTemplate":"https:\/\/strangercam.com\/?s={search_term_string}"},"query-input":{"@type":"PropertyValueSpecification","valueRequired":true,"valueName":"search_term_string"}}],"inLanguage":"cs"},{"@type":"Organization","@id":"https:\/\/strangercam.com\/#organization","name":"Strangercam","alternateName":"Strangercam.com","url":"https:\/\/strangercam.com\/","logo":{"@type":"ImageObject","inLanguage":"cs","@id":"https:\/\/strangercam.com\/#\/schema\/logo\/image\/","url":"https:\/\/strangercam.com\/wp-content\/uploads\/2020\/11\/cropped-new-favicon-black.png","contentUrl":"https:\/\/strangercam.com\/wp-content\/uploads\/2020\/11\/cropped-new-favicon-black.png","width":512,"height":512,"caption":"Strangercam"},"image":{"@id":"https:\/\/strangercam.com\/#\/schema\/logo\/image\/"},"sameAs":["https:\/\/www.facebook.com\/strangercam","https:\/\/x.com\/strangercamapp"]}]}},"_links":{"self":[{"href":"https:\/\/strangercam.com\/cs\/wp-json\/wp\/v2\/pages\/1311","targetHints":{"allow":["GET"]}}],"collection":[{"href":"https:\/\/strangercam.com\/cs\/wp-json\/wp\/v2\/pages"}],"about":[{"href":"https:\/\/strangercam.com\/cs\/wp-json\/wp\/v2\/types\/page"}],"author":[{"embeddable":true,"href":"https:\/\/strangercam.com\/cs\/wp-json\/wp\/v2\/users\/6"}],"replies":[{"embeddable":true,"href":"https:\/\/strangercam.com\/cs\/wp-json\/wp\/v2\/comments?post=1311"}],"version-history":[{"count":0,"href":"https:\/\/strangercam.com\/cs\/wp-json\/wp\/v2\/pages\/1311\/revisions"}],"wp:featuredmedia":[{"embeddable":true,"href":"https:\/\/strangercam.com\/cs\/wp-json\/wp\/v2\/media\/559"}],"wp:attachment":[{"href":"https:\/\/strangercam.com\/cs\/wp-json\/wp\/v2\/media?parent=1311"}],"curies":[{"name":"wp","href":"https:\/\/api.w.org\/{rel}","templated":true}]}}