{"id":13057,"date":"2025-10-24T10:20:35","date_gmt":"2025-10-24T08:20:35","guid":{"rendered":"https:\/\/strangercam.com\/?page_id=13057"},"modified":"2025-10-24T10:20:35","modified_gmt":"2025-10-24T08:20:35","slug":"umingle","status":"publish","type":"page","link":"https:\/\/strangercam.com\/cs\/umingle\/","title":{"rendered":"Umingle"},"content":{"rendered":"<p>V \u00e9\u0159e po Omegle se objevily des\u00edtky n\u00e1hodn\u00fdch vide\u00ed. <a href=\"https:\/\/strangercam.com\/cs\/chathub\/\">chat<\/a> vznikly platformy, kter\u00e9 se sna\u017e\u00ed zachytit vzru\u0161en\u00ed ze spont\u00e1nn\u00edch online konverzac\u00ed. Jen m\u00e1lo z nich v\u0161ak dok\u00e1\u017ee skloubit jednoduchost, rychlost a bezpe\u010dnost tak, aby to skute\u010dn\u011b fungovalo. Umingle je jedn\u00edm z nejnov\u011bj\u0161\u00edch \u00fa\u010dastn\u00edk\u016f na tomto poli - glob\u00e1ln\u00ed platforma pro n\u00e1hodn\u00fd videochat vytvo\u0159en\u00e1 pro lidi, kte\u0159\u00ed cht\u011bj\u00ed <a href=\"https:\/\/strangercam.com\/cs\/coomeet\/\">Seznamte se s<\/a> cizinci okam\u017eit\u011b, bez registrace nebo slo\u017eit\u00fdch funkc\u00ed.<\/p>\n<p>Slu\u017eba Umingle je ur\u010dena pro generaci, kter\u00e1 oce\u0148uje rychlou a autentickou interakci, a p\u0159in\u00e1\u0161\u00ed modern\u00ed zm\u011bnu klasick\u00e9ho \"mluven\u00ed s ciz\u00edmi lidmi\". Jak si ale vede v porovn\u00e1n\u00ed se zaveden\u00fdmi jm\u00e9ny, jako jsou Ohmegle, Lotta a ChatRT? Pod\u00edvejme se na to bl\u00ed\u017ee.<\/p>\n<h2>Co je Umingle?<\/h2>\n<p>Umingle je bezplatn\u00e1 platforma pro n\u00e1hodn\u00fd videochat, kter\u00e1 spojuje u\u017eivatele z cel\u00e9ho sv\u011bta a umo\u017e\u0148uje jim v re\u00e1ln\u00e9m \u010dase konverzovat tv\u00e1\u0159\u00ed v tv\u00e1\u0159. Nemus\u00edte si vytv\u00e1\u0159et \u00fa\u010det, nahr\u00e1vat fotografie ani ov\u011b\u0159ovat svou toto\u017enost - sta\u010d\u00ed kliknout na \"Zah\u00e1jit chat\" a okam\u017eit\u011b se spoj\u00edte s nezn\u00e1m\u00fdm \u010dlov\u011bkem.<\/p>\n<p>N\u00e1zev webu dokonale odr\u00e1\u017e\u00ed jeho c\u00edl: V tomto p\u0159\u00edpad\u011b se jedn\u00e1 o \"neform\u00e1ln\u00ed a svobodn\u00e9 seznamov\u00e1n\u00ed\" online. Na rozd\u00edl od seznamovac\u00edch aplikac\u00ed, kter\u00e9 vy\u017eaduj\u00ed \u017eivotopisy, swipov\u00e1n\u00ed a nekone\u010dn\u00e9 \u010dek\u00e1n\u00ed, v\u00e1m Umingle nab\u00edz\u00ed p\u0159\u00edmou a spont\u00e1nn\u00ed interakci od okam\u017eiku, kdy se na seznamku dostanete.<\/p>\n<h2>K \u010demu slou\u017e\u00ed Umingle?<\/h2>\n<p>Posl\u00e1n\u00ed spole\u010dnosti Umingle je jednoduch\u00e9: umo\u017enit z\u00e1bavn\u00e9, rychl\u00e9 a bezprobl\u00e9mov\u00e9 seznamov\u00e1n\u00ed online.<\/p>\n<p>Je vytvo\u0159en pro u\u017eivatele, kte\u0159\u00ed:<\/p>\n<ul>\n<li>Chyb\u00ed v\u00e1m jednoduchost videochatu ve stylu Omegle<\/li>\n<li>Chcete se anonymn\u011b a bez n\u00e1tlaku sezn\u00e1mit s nov\u00fdmi lidmi.<\/li>\n<li>D\u00e1v\u00e1te p\u0159ednost rychl\u00fdm a spont\u00e1nn\u00edm konverzac\u00edm p\u0159ed upraven\u00fdmi profily.<\/li>\n<li>U\u017eijte si kulturn\u00ed v\u00fdm\u011bnu a glob\u00e1ln\u00ed propojen\u00ed<\/li>\n<\/ul>\n<p>A\u0165 u\u017e se chcete sp\u0159\u00e1telit, procvi\u010dit si jazyk, nez\u00e1vazn\u011b flirtovat, nebo jen tr\u00e1vit \u010das, Umingle vytv\u00e1\u0159\u00ed p\u0159\u00edjemn\u00fd digit\u00e1ln\u00ed prostor pro autentickou interakci jeden na jednoho.<\/p>\n<h2>Kl\u00ed\u010dov\u00e9 vlastnosti<\/h2>\n<p>1. Okam\u017eit\u00fd n\u00e1hodn\u00fd videochat<br \/>\nHlavn\u00ed funkc\u00ed Umingle je syst\u00e9m \u017eiv\u00e9ho videochatu jeden na jednoho. Jedn\u00edm kliknut\u00edm se okam\u017eit\u011b spoj\u00edte s n\u011bk\u00fdm nov\u00fdm. Ne\u010dek\u00e1 se ve front\u011b, nen\u00ed t\u0159eba \u010dekat ani se registrovat.<\/p>\n<p>2. Tla\u010d\u00edtko P\u0159esko\u010dit\/N\u00e1sleduj\u00edc\u00ed<br \/>\nNel\u00edb\u00ed se v\u00e1m v\u00e1\u0161 sou\u010dasn\u00fd chat? Jednodu\u0161e klikn\u011bte na tla\u010d\u00edtko \"Dal\u0161\u00ed\", abyste ho p\u0159esko\u010dili a spojili se s n\u011bk\u00fdm jin\u00fdm. Je to rychl\u00e9 a plynul\u00e9, co\u017e v\u00e1m umo\u017en\u00ed sezn\u00e1mit se s des\u00edtkami nov\u00fdch lid\u00ed b\u011bhem n\u011bkolika minut.<\/p>\n<p>3. Mo\u017enost textov\u00e9ho chatu<br \/>\nKrom\u011b videa nab\u00edz\u00ed Umingle i funkci textov\u00e9ho chatu, kter\u00e1 je ide\u00e1ln\u00ed pro prolomen\u00ed led\u016f nebo tich\u00fd chat, kdy\u017e nechcete pou\u017e\u00edvat mikrofon.<\/p>\n<p>4. 100% Anonymn\u00ed zku\u0161enost<br \/>\nUmingle ne\u017e\u00e1d\u00e1 va\u0161e jm\u00e9no, e-mail ani telefonn\u00ed \u010d\u00edslo. Va\u0161e soukrom\u00ed je od za\u010d\u00e1tku respektov\u00e1no a b\u011bhem chat\u016f z\u016fst\u00e1v\u00e1te zcela anonymn\u00ed.<\/p>\n<p>5. P\u0159\u00e1telsk\u00e9 pro mobiln\u00ed za\u0159\u00edzen\u00ed a stoln\u00ed po\u010d\u00edta\u010de<br \/>\nPlatforma je navr\u017eena tak, aby dokonale fungovala jak v po\u010d\u00edta\u010dov\u00fdch prohl\u00ed\u017ee\u010d\u00edch, tak v mobiln\u00edch za\u0159\u00edzen\u00edch. A\u0165 u\u017e pou\u017e\u00edv\u00e1te telefon nebo notebook, rozhran\u00ed se plynule p\u0159izp\u016fsob\u00ed pro plynul\u00fd videochat i textov\u00fd chat.<\/p>\n<p>6. Lehk\u00e9 a modern\u00ed rozhran\u00ed<br \/>\nUmingle m\u00e1 \u010dist\u00fd, minimalistick\u00fd design. Nejsou tu \u017e\u00e1dn\u00e1 ru\u0161iv\u00e1 vyskakovac\u00ed okna ani nadm\u011brn\u00e9 reklamy - jen velk\u00e9 okno s videem, intuitivn\u00ed tla\u010d\u00edtka a rychl\u00e9 p\u0159ipojen\u00ed.<\/p>\n<p>7. N\u00e1stroje pro tvorbu zpr\u00e1v a moderov\u00e1n\u00ed<br \/>\nBezpe\u010dnost u\u017eivatel\u016f je nejvy\u0161\u0161\u00ed prioritou. Pokud se setk\u00e1te s nevhodn\u00fdm chov\u00e1n\u00edm, m\u016f\u017eete chat okam\u017eit\u011b ozna\u010dit tla\u010d\u00edtkem nahl\u00e1sit. Umingle pou\u017e\u00edv\u00e1 kombinaci filtr\u016f um\u011bl\u00e9 inteligence a lidsk\u00e9 moderace, aby udr\u017eel bezpe\u010dn\u00e9 prost\u0159ed\u00ed.<\/p>\n<h2>Je Umingle zdarma?<\/h2>\n<p>Ano - Umingle je 100% zdarma.<\/p>\n<p>V\u0161echny z\u00e1kladn\u00ed funkce jsou k dispozici bez poplatk\u016f:<\/p>\n<ul>\n<li>Neomezen\u00e9 n\u00e1hodn\u00e9 videochaty a textov\u00e9 chaty<\/li>\n<li>Funkce okam\u017eit\u00e9ho p\u0159esko\u010den\u00ed\/dal\u0161\u00edho p\u0159esko\u010den\u00ed<\/li>\n<li>Kompatibilita s mobiln\u00edmi a stoln\u00edmi po\u010d\u00edta\u010di<\/li>\n<\/ul>\n<p>Neexistuje \u017e\u00e1dn\u00e9 p\u0159edplatn\u00e9, mince ani placen\u00e9 upgrady. Platforma je pln\u011b p\u0159\u00edstupn\u00e1 v\u0161em a je podporov\u00e1na lehkou reklamou, kter\u00e1 nenaru\u0161uje z\u00e1\u017eitek z chatu.<\/p>\n<h2>Kdo pou\u017e\u00edv\u00e1 Umingle?<\/h2>\n<p>Umingle p\u0159itahuje r\u016fznorod\u00e9 a mezin\u00e1rodn\u00ed publikum, kter\u00e9 se r\u00e1do st\u00fdk\u00e1 online:<\/p>\n<ul>\n<li>V\u011bkov\u00fd rozsah: (v\u00fdhradn\u011b pro dosp\u011bl\u00e9, pouze 18+)<\/li>\n<li>U\u017eivatelsk\u00e1 z\u00e1kladna: Studenti, cestovatel\u00e9, mlad\u00ed profesion\u00e1lov\u00e9 a p\u0159\u00edle\u017eitostn\u00ed chatuj\u00edc\u00ed u\u017eivatel\u00e9<\/li>\n<li>Zem\u011b: Obl\u00edben\u00e9 v USA, Velk\u00e9 Brit\u00e1nii, Francii, Indii, Braz\u00edlii a na Filip\u00edn\u00e1ch.<\/li>\n<li>Motivace: Pozn\u00e1v\u00e1n\u00ed nov\u00fdch p\u0159\u00e1tel, nez\u00e1vazn\u00fd flirt, kulturn\u00ed v\u00fdm\u011bna, procvi\u010dov\u00e1n\u00ed jazyka nebo prost\u011b jen \u00faleva od nudy.<\/li>\n<\/ul>\n<p>Umingle je p\u0159ita\u017eliv\u00e9 svou vyv\u00e1\u017eenou a p\u0159\u00e1telskou komunitou. A\u010dkoli m\u00e1 glob\u00e1ln\u00ed dosah, rozhran\u00ed a moderov\u00e1n\u00ed pom\u00e1haj\u00ed udr\u017eovat pozitivn\u011bj\u0161\u00ed a uctiv\u011bj\u0161\u00ed prost\u0159ed\u00ed ne\u017e mnoh\u00e9 star\u0161\u00ed platformy pro n\u00e1hodn\u00fd chat.<\/p>\n<h2>Bezpe\u010dnost, soukrom\u00ed a moderov\u00e1n\u00ed<\/h2>\n<p>Spole\u010dnost Umingle si uv\u011bdomuje, \u017ee anonymita m\u016f\u017ee p\u0159itahovat ty nejlep\u0161\u00ed i nejhor\u0161\u00ed projevy chov\u00e1n\u00ed na internetu. Aby tomu zabr\u00e1nil, pou\u017e\u00edv\u00e1 p\u0159\u00edsn\u00e1 bezpe\u010dnostn\u00ed opat\u0159en\u00ed a moderov\u00e1n\u00ed komunity.<\/p>\n<h3>Ochrana osobn\u00edch \u00fadaj\u016f<\/h3>\n<ul>\n<li>Nevy\u017eaduje se registrace ani osobn\u00ed \u00fadaje<\/li>\n<li>Chaty nejsou nahr\u00e1v\u00e1ny ani ukl\u00e1d\u00e1ny<\/li>\n<li>P\u0159\u00edstup k webov\u00e9 kame\u0159e a mikrofonu je zcela v re\u017eii u\u017eivatele.<\/li>\n<li>\u0160ifrov\u00e1n\u00ed HTTPS zaji\u0161\u0165uje bezpe\u010dn\u00e9 p\u0159ipojen\u00ed<\/li>\n<\/ul>\n<h3>Moderov\u00e1n\u00ed<\/h3>\n<ul>\n<li>Detekce obsahu na z\u00e1klad\u011b um\u011bl\u00e9 inteligence pom\u00e1h\u00e1 identifikovat nevhodn\u00e9 chov\u00e1n\u00ed<\/li>\n<li>N\u00e1stroje pro hl\u00e1\u0161en\u00ed u\u017eivatel\u016f umo\u017e\u0148uj\u00ed rychl\u00e9 ozna\u010dov\u00e1n\u00ed poru\u0161en\u00ed<\/li>\n<li>Lid\u0161t\u00ed moder\u00e1to\u0159i p\u0159ezkoum\u00e1vaj\u00ed hl\u00e1\u0161en\u00ed a odstra\u0148uj\u00ed opakovan\u00e9 p\u0159estupky.<\/li>\n<\/ul>\n<h3>Bezpe\u010dnostn\u00ed tipy<\/h3>\n<ul>\n<li>Nikdy nesd\u00edlejte osobn\u00ed \u00fadaje, jako je cel\u00e9 jm\u00e9no, adresa nebo \u00fa\u010dty na soci\u00e1ln\u00edch s\u00edt\u00edch.<\/li>\n<li>Ukon\u010dete chat, kter\u00fd je v\u00e1m nep\u0159\u00edjemn\u00fd.<\/li>\n<li>V p\u0159\u00edpad\u011b pot\u0159eby pou\u017eijte \"Skip\" a \"Report\".<\/li>\n<li>Ka\u017edou interakci pova\u017eujte za anonymn\u00ed a do\u010dasnou<\/li>\n<\/ul>\n<h2>Zku\u0161enosti u\u017eivatel\u016f a design<\/h2>\n<p>Umingle poskytuje plynul\u00e9, rychl\u00e9 a nep\u0159ehledn\u00e9 prost\u0159ed\u00ed, kter\u00e9 je modern\u00ed a intuitivn\u00ed:<\/p>\n<ul>\n<li>Domovsk\u00e1 str\u00e1nka: Jednoduch\u00e9 rozvr\u017een\u00ed s v\u00fdrazn\u00fdm tla\u010d\u00edtkem \"Zah\u00e1jit chat\" a jasn\u00fdmi pokyny.<\/li>\n<li>Video rozhran\u00ed: Velk\u00e9 video panely a snadno p\u0159\u00edstupn\u00e9 ovl\u00e1dac\u00ed prvky pro p\u0159eskakov\u00e1n\u00ed, text a hl\u00e1\u0161en\u00ed.<\/li>\n<li>V\u00fdkonnost: Rychl\u00e9 p\u0159ipojen\u00ed, minim\u00e1ln\u00ed zpo\u017ed\u011bn\u00ed a rychl\u00e9 op\u011btovn\u00e9 p\u0159ipojen\u00ed mezi chaty<\/li>\n<li>Optimalizace pro mobiln\u00ed za\u0159\u00edzen\u00ed: Perfektn\u011b reaguje na chytr\u00fdch telefonech a tabletech<\/li>\n<li>Vizu\u00e1ln\u00ed styl: \u010cist\u00fd, minim\u00e1ln\u00ed design zam\u011b\u0159en\u00fd p\u0159edev\u0161\u00edm na video, nikoli na ru\u0161iv\u00e9 prvky.<\/li>\n<\/ul>\n<p>Celkov\u011b p\u016fsob\u00ed Umingle profesion\u00e1ln\u011b a lehce - vyh\u00fdb\u00e1 se zastaral\u00e9mu vzhledu star\u0161\u00edch n\u00e1hodn\u00fdch chatovac\u00edch str\u00e1nek.<\/p>\n<h2>Umingle vs Ostatn\u00ed platformy pro n\u00e1hodn\u00fd chat<\/h2>\n<p>Jak je na tom Umingle ve srovn\u00e1n\u00ed s jin\u00fdmi alternativami typu Omegle?<\/p>\n<table>\n<thead>\n<tr>\n<th>Funkce<\/th>\n<th>Umingle<\/th>\n<th><a href=\"https:\/\/strangercam.com\/cs\/omegle\/\">Omegle<\/a> (uzav\u0159eno)<\/th>\n<th>Ohmegle<\/th>\n<th>Lotta<\/th>\n<th>ChatRT<\/th>\n<th>MatchPub<\/th>\n<th><a href=\"https:\/\/strangercam.com\/cs\/ometv\/\">OmeTV<\/a><\/th>\n<\/tr>\n<\/thead>\n<tbody>\n<tr>\n<td>N\u00e1hodn\u00fd videochat<\/td>\n<td>Ano<\/td>\n<td>Ano<\/td>\n<td>Ano<\/td>\n<td>Ano<\/td>\n<td>Ano<\/td>\n<td>Ano<\/td>\n<td>Ano<\/td>\n<\/tr>\n<tr>\n<td>Mo\u017enost textov\u00e9ho chatu<\/td>\n<td>Ano<\/td>\n<td>Ano<\/td>\n<td>Ano<\/td>\n<td>Ano<\/td>\n<td>Ano<\/td>\n<td>Ano<\/td>\n<td>Ano<\/td>\n<\/tr>\n<tr>\n<td>Pot\u0159ebn\u00e1 registrace<\/td>\n<td>Ne<\/td>\n<td>Ne<\/td>\n<td>Ne<\/td>\n<td>Ne<\/td>\n<td>Ne<\/td>\n<td>Ne<\/td>\n<td>Ne<\/td>\n<\/tr>\n<tr>\n<td>P\u0159\u00e1telsk\u00e9 pro mobiln\u00ed za\u0159\u00edzen\u00ed<\/td>\n<td>Vynikaj\u00edc\u00ed<\/td>\n<td>\u0160patn\u00fd<\/td>\n<td>Vynikaj\u00edc\u00ed<\/td>\n<td>Vynikaj\u00edc\u00ed<\/td>\n<td>Vynikaj\u00edc\u00ed<\/td>\n<td>Vynikaj\u00edc\u00ed<\/td>\n<td>Dobr\u00fd<\/td>\n<\/tr>\n<tr>\n<td>Filtry pohlav\u00ed\/regionu<\/td>\n<td>Ne<\/td>\n<td>Ne<\/td>\n<td>Ne<\/td>\n<td>Ne<\/td>\n<td>Ne<\/td>\n<td>Ne<\/td>\n<td>Placen\u00e9<\/td>\n<\/tr>\n<tr>\n<td>N\u00e1stroje pro moderov\u00e1n\u00ed<\/td>\n<td>Siln\u00fd<\/td>\n<td>Slab\u00e9<\/td>\n<td>M\u00edrn\u00e1<\/td>\n<td>Dobr\u00fd<\/td>\n<td>Siln\u00fd<\/td>\n<td>Dobr\u00fd<\/td>\n<td>Siln\u00fd<\/td>\n<\/tr>\n<tr>\n<td>Bezplatn\u00e9 pou\u017eit\u00ed<\/td>\n<td>Ano<\/td>\n<td>Ano<\/td>\n<td>Ano<\/td>\n<td>Ano<\/td>\n<td>Ano<\/td>\n<td>Ano<\/td>\n<td>Ano\/plat\u00ed se<\/td>\n<\/tr>\n<\/tbody>\n<\/table>\n<p>Shrnut\u00ed: Umingle je nejv\u00edce srovnateln\u00fd s ChatRT a Lotta - v\u0161echny jsou zdarma, anonymn\u00ed a rychl\u00e9 - ale vynik\u00e1 \u010dist\u0161\u00edm rozhran\u00edm a plynulej\u0161\u00edm mobiln\u00edm prost\u0159ed\u00edm. Zat\u00edm sice nenab\u00edz\u00ed pokro\u010dil\u00e9 filtry, ale jeho jednoduchost je sou\u010d\u00e1st\u00ed jeho kouzla.<\/p>\n<h2>V\u00fdhody a nev\u00fdhody<\/h2>\n<p>Klady:<\/p>\n<ul>\n<li>100% zdarma bez registrace<\/li>\n<li>Rychl\u00fd a anonymn\u00ed n\u00e1hodn\u00fd videochat<\/li>\n<li>\u010cist\u00fd, modern\u00ed design s plynul\u00fdm v\u00fdkonem<\/li>\n<li>Funguje perfektn\u011b na mobiln\u00edm i stoln\u00edm po\u010d\u00edta\u010di<\/li>\n<li>Mo\u017enosti okam\u017eit\u00e9ho p\u0159esko\u010den\u00ed a textov\u00e9ho chatu<\/li>\n<li>Siln\u00e9 n\u00e1stroje pro moderov\u00e1n\u00ed a vykazov\u00e1n\u00ed<\/li>\n<\/ul>\n<p>Nev\u00fdhody:<\/p>\n<ul>\n<li>\u017d\u00e1dn\u00e9 filtry podle pohlav\u00ed nebo zem\u011b<\/li>\n<li>P\u0159\u00edle\u017eitostn\u00ed nevhodn\u00ed u\u017eivatel\u00e9 (spole\u010dn\u00e9 pro v\u0161echny anonymn\u00ed chatovac\u00ed str\u00e1nky)<\/li>\n<li>V\u00edce u\u017eivatel\u016f mu\u017esk\u00e9ho pohlav\u00ed ne\u017e u\u017eivatel\u016f \u017eensk\u00e9ho pohlav\u00ed<\/li>\n<li>\u017d\u00e1dn\u00fd profil nebo syst\u00e9m p\u0159\u00e1tel<\/li>\n<li>St\u00e1le rostouc\u00ed u\u017eivatelsk\u00e1 z\u00e1kladna ve srovn\u00e1n\u00ed se star\u0161\u00edmi alternativami<\/li>\n<\/ul>\n<h2>Ide\u00e1ln\u00ed p\u0159\u00edpady pou\u017eit\u00ed<\/h2>\n<p>Umingle je ide\u00e1ln\u00ed pro:<\/p>\n<ul>\n<li>Ventil\u00e1tory Omegle a <a href=\"https:\/\/strangercam.com\/cs\/chatroulette\/\">Chatroulette<\/a> kte\u0159\u00ed cht\u011bj\u00ed modern\u00ed n\u00e1hradu<\/li>\n<li>Lid\u00e9, kte\u0159\u00ed maj\u00ed r\u00e1di anonymn\u00ed rozhovory mezi \u010dty\u0159ma o\u010dima.<\/li>\n<li>Studenti jazyk\u016f nebo cestovatel\u00e9 zkoumaj\u00edc\u00ed glob\u00e1ln\u00ed souvislosti<\/li>\n<li>Studenti a mlad\u00ed dosp\u011bl\u00ed, kte\u0159\u00ed se cht\u011bj\u00ed neform\u00e1ln\u011b setk\u00e1vat.<\/li>\n<li>Mobiln\u00ed u\u017eivatel\u00e9 hledaj\u00ed rychl\u00fd a bezplatn\u00fd n\u00e1hodn\u00fd videochat<\/li>\n<\/ul>\n<p>M\u00e9n\u011b ide\u00e1ln\u00ed pro:<\/p>\n<ul>\n<li>Nezletil\u00ed u\u017eivatel\u00e9 (v\u00fdhradn\u011b 18+)<\/li>\n<li>Ti, kte\u0159\u00ed cht\u011bj\u00ed chodit s filtry nebo mo\u017enostmi opakovan\u00e9ho porovn\u00e1v\u00e1n\u00ed.<\/li>\n<li>Lid\u00e9, kte\u0159\u00ed hledaj\u00ed dlouhodob\u00e9 kontakty nebo soci\u00e1ln\u00ed profily<\/li>\n<\/ul>\n<p>Umingle je jednou z nejslibn\u011bj\u0161\u00edch platforem pro n\u00e1hodn\u00fd videochat ve stylu Omegle v roce 2025. Zachycuje v\u0161e, co d\u011blalo spont\u00e1nn\u00ed online chatov\u00e1n\u00ed z\u00e1bavn\u00fdm - jednoduchost, rychlost a glob\u00e1ln\u00ed dosah - a z\u00e1rove\u0148 jej aktualizuje modern\u00edm designem vhodn\u00fdm pro mobiln\u00ed za\u0159\u00edzen\u00ed a siln\u00fdmi bezpe\u010dnostn\u00edmi n\u00e1stroji.<\/p>\n<p>Pokud hled\u00e1te rychl\u00fd, bezplatn\u00fd a anonymn\u00ed zp\u016fsob, jak se sezn\u00e1mit s ciz\u00edmi lidmi online, Umingle v\u00e1m p\u0159esn\u011b tohle nab\u00edz\u00ed. D\u00edky plynul\u00e9mu v\u00fdkonu, snadn\u00e9mu nahla\u0161ov\u00e1n\u00ed a p\u0159\u00edv\u011btiv\u00e9 u\u017eivatelsk\u00e9 z\u00e1kladn\u011b se rychle st\u00e1v\u00e1 jednou z nejlep\u0161\u00edch nov\u00fdch str\u00e1nek pro n\u00e1hodn\u00fd chat tohoto roku.<\/p>\n<p>A\u0165 u\u017e se chcete sp\u0159\u00e1telit, flirtovat nebo jen tr\u00e1vit \u010das, Umingle rozhodn\u011b stoj\u00ed za vyzkou\u0161en\u00ed.<\/p>","protected":false},"excerpt":{"rendered":"<p>In the post-Omegle era, dozens of random video chat platforms have emerged, all trying to capture the excitement of spontaneous online conversations. Few, however, manage to combine simplicity, speed, and safety in a way that actually works. Umingle is one of the newest entrants in this space \u2014 a global random video chat platform built [&hellip;]<\/p>\n","protected":false},"author":6,"featured_media":0,"parent":0,"menu_order":0,"comment_status":"closed","ping_status":"closed","template":"","meta":{"footnotes":""},"class_list":["post-13057","page","type-page","status-publish","hentry"],"yoast_head":"<!-- This site is optimized with the Yoast SEO plugin v26.9 - https:\/\/yoast.com\/product\/yoast-seo-wordpress\/ -->\n<title>Umingle - Chat with Strangers - StrangerCam.com<\/title>\n<meta name=\"description\" content=\"Like Umingle? Come chat with more than 5.000.000 strangers on Strangercam for Free! Turn on your cam and find new friends &amp; maby a match!\" \/>\n<meta name=\"robots\" content=\"index, follow, max-snippet:-1, max-image-preview:large, max-video-preview:-1\" \/>\n<link rel=\"canonical\" href=\"https:\/\/strangercam.com\/cs\/umingle\/\" \/>\n<meta property=\"og:locale\" content=\"cs_CZ\" \/>\n<meta property=\"og:type\" content=\"article\" \/>\n<meta property=\"og:title\" content=\"Umingle - Chat with Strangers - StrangerCam.com\" \/>\n<meta property=\"og:description\" content=\"Like Umingle? Come chat with more than 5.000.000 strangers on Strangercam for Free! Turn on your cam and find new friends &amp; maby a match!\" \/>\n<meta property=\"og:url\" content=\"https:\/\/strangercam.com\/cs\/umingle\/\" \/>\n<meta property=\"og:site_name\" content=\"Strangercam\" \/>\n<meta property=\"article:publisher\" content=\"https:\/\/www.facebook.com\/strangercam\" \/>\n<meta property=\"og:image\" content=\"https:\/\/strangercam.com\/wp-content\/uploads\/2021\/10\/Untitled-2.png\" \/>\n\t<meta property=\"og:image:width\" content=\"800\" \/>\n\t<meta property=\"og:image:height\" content=\"532\" \/>\n\t<meta property=\"og:image:type\" content=\"image\/png\" \/>\n<meta name=\"twitter:card\" content=\"summary_large_image\" \/>\n<meta name=\"twitter:site\" content=\"@strangercamapp\" \/>\n<meta name=\"twitter:label1\" content=\"Odhadovan\u00e1 doba \u010dten\u00ed\" \/>\n\t<meta name=\"twitter:data1\" content=\"6 minut\" \/>\n<script type=\"application\/ld+json\" class=\"yoast-schema-graph\">{\"@context\":\"https:\/\/schema.org\",\"@graph\":[{\"@type\":\"WebPage\",\"@id\":\"https:\/\/strangercam.com\/umingle\/\",\"url\":\"https:\/\/strangercam.com\/umingle\/\",\"name\":\"Umingle - Chat with Strangers - StrangerCam.com\",\"isPartOf\":{\"@id\":\"https:\/\/strangercam.com\/#website\"},\"datePublished\":\"2025-10-24T08:20:35+00:00\",\"description\":\"Like Umingle? Come chat with more than 5.000.000 strangers on Strangercam for Free! Turn on your cam and find new friends & maby a match!\",\"breadcrumb\":{\"@id\":\"https:\/\/strangercam.com\/umingle\/#breadcrumb\"},\"inLanguage\":\"cs\",\"potentialAction\":[{\"@type\":\"ReadAction\",\"target\":[\"https:\/\/strangercam.com\/umingle\/\"]}]},{\"@type\":\"BreadcrumbList\",\"@id\":\"https:\/\/strangercam.com\/umingle\/#breadcrumb\",\"itemListElement\":[{\"@type\":\"ListItem\",\"position\":1,\"name\":\"Home\",\"item\":\"https:\/\/strangercam.com\/\"},{\"@type\":\"ListItem\",\"position\":2,\"name\":\"Umingle\"}]},{\"@type\":\"WebSite\",\"@id\":\"https:\/\/strangercam.com\/#website\",\"url\":\"https:\/\/strangercam.com\/\",\"name\":\"Strangercam\",\"description\":\"Random Video Chat with Strangers\",\"publisher\":{\"@id\":\"https:\/\/strangercam.com\/#organization\"},\"alternateName\":\"Strangercam.com\",\"potentialAction\":[{\"@type\":\"SearchAction\",\"target\":{\"@type\":\"EntryPoint\",\"urlTemplate\":\"https:\/\/strangercam.com\/?s={search_term_string}\"},\"query-input\":{\"@type\":\"PropertyValueSpecification\",\"valueRequired\":true,\"valueName\":\"search_term_string\"}}],\"inLanguage\":\"cs\"},{\"@type\":\"Organization\",\"@id\":\"https:\/\/strangercam.com\/#organization\",\"name\":\"Strangercam\",\"alternateName\":\"Strangercam.com\",\"url\":\"https:\/\/strangercam.com\/\",\"logo\":{\"@type\":\"ImageObject\",\"inLanguage\":\"cs\",\"@id\":\"https:\/\/strangercam.com\/#\/schema\/logo\/image\/\",\"url\":\"https:\/\/strangercam.com\/wp-content\/uploads\/2020\/11\/cropped-new-favicon-black.png\",\"contentUrl\":\"https:\/\/strangercam.com\/wp-content\/uploads\/2020\/11\/cropped-new-favicon-black.png\",\"width\":512,\"height\":512,\"caption\":\"Strangercam\"},\"image\":{\"@id\":\"https:\/\/strangercam.com\/#\/schema\/logo\/image\/\"},\"sameAs\":[\"https:\/\/www.facebook.com\/strangercam\",\"https:\/\/x.com\/strangercamapp\"]}]}<\/script>\n<!-- \/ Yoast SEO plugin. -->","yoast_head_json":{"title":"Umingle - Chat s cizinci - StrangerCam.com","description":"Jako Umingle? Poj\u010fte si zdarma popov\u00eddat s v\u00edce ne\u017e 5 000 000 cizinci na Strangercam! Zapn\u011bte si kameru a najd\u011bte nov\u00e9 p\u0159\u00e1tele &amp; maby z\u00e1pas!","robots":{"index":"index","follow":"follow","max-snippet":"max-snippet:-1","max-image-preview":"max-image-preview:large","max-video-preview":"max-video-preview:-1"},"canonical":"https:\/\/strangercam.com\/cs\/umingle\/","og_locale":"cs_CZ","og_type":"article","og_title":"Umingle - Chat with Strangers - StrangerCam.com","og_description":"Like Umingle? Come chat with more than 5.000.000 strangers on Strangercam for Free! Turn on your cam and find new friends & maby a match!","og_url":"https:\/\/strangercam.com\/cs\/umingle\/","og_site_name":"Strangercam","article_publisher":"https:\/\/www.facebook.com\/strangercam","og_image":[{"width":800,"height":532,"url":"https:\/\/strangercam.com\/wp-content\/uploads\/2021\/10\/Untitled-2.png","type":"image\/png"}],"twitter_card":"summary_large_image","twitter_site":"@strangercamapp","twitter_misc":{"Odhadovan\u00e1 doba \u010dten\u00ed":"6 minut"},"schema":{"@context":"https:\/\/schema.org","@graph":[{"@type":"WebPage","@id":"https:\/\/strangercam.com\/umingle\/","url":"https:\/\/strangercam.com\/umingle\/","name":"Umingle - Chat s cizinci - StrangerCam.com","isPartOf":{"@id":"https:\/\/strangercam.com\/#website"},"datePublished":"2025-10-24T08:20:35+00:00","description":"Jako Umingle? Poj\u010fte si zdarma popov\u00eddat s v\u00edce ne\u017e 5 000 000 cizinci na Strangercam! Zapn\u011bte si kameru a najd\u011bte nov\u00e9 p\u0159\u00e1tele &amp; maby z\u00e1pas!","breadcrumb":{"@id":"https:\/\/strangercam.com\/umingle\/#breadcrumb"},"inLanguage":"cs","potentialAction":[{"@type":"ReadAction","target":["https:\/\/strangercam.com\/umingle\/"]}]},{"@type":"BreadcrumbList","@id":"https:\/\/strangercam.com\/umingle\/#breadcrumb","itemListElement":[{"@type":"ListItem","position":1,"name":"Home","item":"https:\/\/strangercam.com\/"},{"@type":"ListItem","position":2,"name":"Umingle"}]},{"@type":"WebSite","@id":"https:\/\/strangercam.com\/#website","url":"https:\/\/strangercam.com\/","name":"Strangercam","description":"N\u00e1hodn\u00fd videochat s ciz\u00edmi lidmi","publisher":{"@id":"https:\/\/strangercam.com\/#organization"},"alternateName":"Strangercam.com","potentialAction":[{"@type":"SearchAction","target":{"@type":"EntryPoint","urlTemplate":"https:\/\/strangercam.com\/?s={search_term_string}"},"query-input":{"@type":"PropertyValueSpecification","valueRequired":true,"valueName":"search_term_string"}}],"inLanguage":"cs"},{"@type":"Organization","@id":"https:\/\/strangercam.com\/#organization","name":"Strangercam","alternateName":"Strangercam.com","url":"https:\/\/strangercam.com\/","logo":{"@type":"ImageObject","inLanguage":"cs","@id":"https:\/\/strangercam.com\/#\/schema\/logo\/image\/","url":"https:\/\/strangercam.com\/wp-content\/uploads\/2020\/11\/cropped-new-favicon-black.png","contentUrl":"https:\/\/strangercam.com\/wp-content\/uploads\/2020\/11\/cropped-new-favicon-black.png","width":512,"height":512,"caption":"Strangercam"},"image":{"@id":"https:\/\/strangercam.com\/#\/schema\/logo\/image\/"},"sameAs":["https:\/\/www.facebook.com\/strangercam","https:\/\/x.com\/strangercamapp"]}]}},"_links":{"self":[{"href":"https:\/\/strangercam.com\/cs\/wp-json\/wp\/v2\/pages\/13057","targetHints":{"allow":["GET"]}}],"collection":[{"href":"https:\/\/strangercam.com\/cs\/wp-json\/wp\/v2\/pages"}],"about":[{"href":"https:\/\/strangercam.com\/cs\/wp-json\/wp\/v2\/types\/page"}],"author":[{"embeddable":true,"href":"https:\/\/strangercam.com\/cs\/wp-json\/wp\/v2\/users\/6"}],"replies":[{"embeddable":true,"href":"https:\/\/strangercam.com\/cs\/wp-json\/wp\/v2\/comments?post=13057"}],"version-history":[{"count":1,"href":"https:\/\/strangercam.com\/cs\/wp-json\/wp\/v2\/pages\/13057\/revisions"}],"predecessor-version":[{"id":13058,"href":"https:\/\/strangercam.com\/cs\/wp-json\/wp\/v2\/pages\/13057\/revisions\/13058"}],"wp:attachment":[{"href":"https:\/\/strangercam.com\/cs\/wp-json\/wp\/v2\/media?parent=13057"}],"curies":[{"name":"wp","href":"https:\/\/api.w.org\/{rel}","templated":true}]}}