{"id":1303,"date":"2025-08-05T10:30:38","date_gmt":"2025-08-05T08:30:38","guid":{"rendered":"https:\/\/strangercam.com\/?page_id=1303"},"modified":"2025-08-05T10:41:12","modified_gmt":"2025-08-05T08:41:12","slug":"opici-aplikace","status":"publish","type":"page","link":"https:\/\/strangercam.com\/cs\/monkey-app\/","title":{"rendered":"Monkey App"},"content":{"rendered":"<p>Vzhledem k tomu, \u017ee sv\u011bt online videa <a href=\"https:\/\/strangercam.com\/cs\/chatroulette\/\">chat<\/a> a soci\u00e1ln\u00ed s\u00edt\u011b se vyv\u00edjej\u00ed, neust\u00e1le vznikaj\u00ed nov\u00e9 aplikace, kter\u00e9 uspokojuj\u00ed pot\u0159eby mlad\u0161\u00edho, mobiln\u011bj\u0161\u00edho publika. Monkey App je jednou z takov\u00fdch platforem, kter\u00e1 v sob\u011b spojuje vzru\u0161en\u00ed z. <a href=\"https:\/\/strangercam.com\/cs\/chathub\/\">n\u00e1hodn\u00fd videochat<\/a> se soci\u00e1ln\u00edm objevov\u00e1n\u00edm a kr\u00e1tk\u00fdmi videi - vytv\u00e1\u0159\u00ed jedine\u010dn\u00fd prostor, kter\u00fd se c\u00edt\u00ed b\u00fdt sou\u010d\u00e1st\u00ed <a href=\"https:\/\/strangercam.com\/cs\/omegle\/\">Omegle<\/a>, \u010d\u00e1ste\u010dn\u011b TikTok a \u010d\u00e1ste\u010dn\u011b skupinov\u00fd hangout.<\/p>\n<p>Vynik\u00e1 v\u0161ak Monkey App? Je bezpe\u010dn\u00fd, poutav\u00fd a stoj\u00ed za v\u00e1\u0161 \u010das? V t\u00e9to podrobn\u00e9 recenzi se v\u011bnujeme v\u0161emu, co pot\u0159ebujete o Monkey v\u011bd\u011bt: jak funguje, jak\u00e9 funkce nab\u00edz\u00ed, pro koho je ur\u010dena a jak si vede ve srovn\u00e1n\u00ed s ostatn\u00edmi p\u0159edn\u00edmi platformami pro videochat a soci\u00e1ln\u00ed s\u00edt\u011b.<\/p>\n<h2>Co je Monkey App?<\/h2>\n<p>Monkey App je mobiln\u00ed platforma pro n\u00e1hodn\u00fd videochat a soci\u00e1ln\u00ed objevov\u00e1n\u00ed, kter\u00e1 spojuje u\u017eivatele pro \u017eiv\u00e9 videokonverzace jeden na jednoho a interaktivn\u00ed skupinov\u00e9 m\u00edstnosti. Slu\u017eba Monkey, kter\u00e1 byla spu\u0161t\u011bna v roce 2016 a od t\u00e9 doby byla n\u011bkolikr\u00e1t obnovena, je obl\u00edben\u00e1 zejm\u00e9na mezi generac\u00ed Z a mlad\u0161\u00edmi mileni\u00e1ly a nab\u00edz\u00ed z\u00e1\u017eitek, kter\u00fd je stejn\u011b tak o z\u00e1bav\u011b a kreativit\u011b jako o pozn\u00e1v\u00e1n\u00ed nov\u00fdch lid\u00ed.<\/p>\n<p>Na rozd\u00edl od klasick\u00fdch str\u00e1nek pro n\u00e1hodn\u00fd chat, kter\u00e9 se zam\u011b\u0159uj\u00ed pouze na anonymitu, obsahuje Monkey prvky soci\u00e1ln\u00edch m\u00e9di\u00ed, u\u017eivatelsk\u00e9 profily, kr\u00e1tk\u00e9 videoklipy a trendov\u00fd obsah, co\u017e z n\u00ed \u010din\u00ed jednu z nej\u017eiv\u011bj\u0161\u00edch dostupn\u00fdch komunit pro videochat.<\/p>\n<h2>K \u010demu slou\u017e\u00ed Monkey App?<\/h2>\n<p>Posl\u00e1n\u00edm spole\u010dnosti Monkey App je u\u010dinit online komunikaci spont\u00e1nn\u00ed, kreativn\u00ed a z\u00e1bavnou. C\u00edlem aplikace je:<\/p>\n<ul>\n<li>Okam\u017eit\u00e9 propojen\u00ed lid\u00ed prost\u0159ednictv\u00edm \u017eiv\u00e9ho videa a skupinov\u00e9ho chatu<\/li>\n<li>Podporovat kreativn\u00ed vyj\u00e1d\u0159en\u00ed prost\u0159ednictv\u00edm \u00favodn\u00edch vide\u00ed, klip\u016f a trendov\u00e9ho obsahu.<\/li>\n<li>Vytv\u00e1\u0159et bezpe\u010dn\u00fd a p\u0159\u00e1telsk\u00fd prostor pro ml\u00e1de\u017e, kter\u00fd umo\u017e\u0148uje skute\u010dnou interakci a p\u0159\u00e1telstv\u00ed.<\/li>\n<\/ul>\n<p>Monkey nen\u00ed jen n\u00e1hodn\u00e1 chatovac\u00ed aplikace, ale plnohodnotn\u00fd soci\u00e1ln\u00ed z\u00e1\u017eitek pro generaci TikTok, kde m\u016f\u017eete uk\u00e1zat svou osobnost, objevovat nov\u00e9 trendy a budovat glob\u00e1ln\u00ed s\u00ed\u0165 p\u0159\u00e1tel v re\u00e1ln\u00e9m \u010dase.<\/p>\n<h2>Kl\u00ed\u010dov\u00e9 vlastnosti<\/h2>\n<p>1. N\u00e1hodn\u00fd videochat jeden na jednoho<br \/>\nZ\u00e1kladem slu\u017eby Monkey je okam\u017eit\u00e9 \u017eiv\u00e9 porovn\u00e1v\u00e1n\u00ed vide\u00ed. Klepn\u011bte na \"Start\" a budete sp\u00e1rov\u00e1ni s jin\u00fdm u\u017eivatelem pro rychl\u00fd chat s kamerou - obvykle trv\u00e1 15 sekund, ale m\u016f\u017eete se vz\u00e1jemn\u011b dohodnout na prodlou\u017een\u00ed relace pro del\u0161\u00ed konverzaci.<\/p>\n<p>2. Skupinov\u00e9 video m\u00edstnosti (\"Huby\")<br \/>\nMonkey umo\u017e\u0148uje u\u017eivatel\u016fm p\u0159ipojit se k tematick\u00fdm \"hub\u016fm\" - virtu\u00e1ln\u00edm skupinov\u00fdm m\u00edstnostem zalo\u017een\u00fdm na z\u00e1jmech, hudb\u011b, hr\u00e1ch nebo trendech - nebo je vytv\u00e1\u0159et. V\u00edce u\u017eivatel\u016f zde m\u016f\u017ee v\u00e9st videochat, komunikovat prost\u0159ednictv\u00edm textu a pos\u00edlat si reakce v \u017eiv\u00e9 atmosf\u00e9\u0159e podobn\u00e9 ve\u010d\u00edrk\u016fm.<\/p>\n<p>3. Soci\u00e1ln\u00ed profily a videoklipy<br \/>\nNa rozd\u00edl od star\u00fdch chatovac\u00edch aplikac\u00ed v\u00e1m Monkey umo\u017e\u0148uje vytvo\u0159it si profil s fotografi\u00ed, v\u011bkem a z\u00e1jmy. M\u016f\u017eete nahr\u00e1vat kr\u00e1tk\u00e1 \u00favodn\u00ed videa nebo klipy (podobn\u011b jako na TikToku), co\u017e ostatn\u00edm usnad\u0148uje objevov\u00e1n\u00ed a navazov\u00e1n\u00ed kontakt\u016f na z\u00e1klad\u011b osobnosti.<\/p>\n<p>4. Trendy obsah a \u017eeb\u0159\u00ed\u010dky<br \/>\nMonkey obsahuje sekce \"trendy\" a \"doporu\u010dovan\u00e9\" u\u017eivatele, kter\u00e9 p\u0159edstavuj\u00ed popul\u00e1rn\u00ed profily a kreativn\u00ed videoklipy. U\u017eivatel\u00e9 mohou d\u00edky sv\u00e9 aktivit\u011b stoupat v \u017eeb\u0159\u00ed\u010dc\u00edch, co\u017e z platformy d\u011bl\u00e1 konkuren\u010dn\u00ed a interaktivn\u00ed z\u00e1le\u017eitost.<\/p>\n<p>5. Textov\u00fd chat a zas\u00edl\u00e1n\u00ed rychl\u00fdch zpr\u00e1v<br \/>\nPokud nejste p\u0159ipraveni na video, Monkey nab\u00edz\u00ed tak\u00e9 textov\u00fd chat. M\u016f\u017eete pos\u00edlat p\u0159\u00edm\u00e9 zpr\u00e1vy, emotikony nebo se p\u0159ipojit k prob\u00edhaj\u00edc\u00edm textov\u00fdm vl\u00e1kn\u016fm v rozbo\u010dova\u010d\u00edch.<\/p>\n<p>6. Odpov\u00eddaj\u00edc\u00ed filtry<br \/>\nPr\u00e9miov\u00ed u\u017eivatel\u00e9 mohou vyu\u017e\u00edvat filtry podle pohlav\u00ed a regionu, kter\u00e9 jim umo\u017en\u00ed p\u0159izp\u016fsobit se na m\u00edru, zat\u00edmco u\u017eivatel\u00e9 zdarma mohou vyu\u017e\u00edvat n\u00e1hodn\u00e1 glob\u00e1ln\u00ed p\u0159ipojen\u00ed.<\/p>\n<p>7. N\u00e1stroje pro hl\u00e1\u0161en\u00ed a bezpe\u010dnost<br \/>\nMonkey poskytuje n\u00e1stroje pro hl\u00e1\u0161en\u00ed, blokov\u00e1n\u00ed a moderov\u00e1n\u00ed v aplikaci. Platforma tak\u00e9 vyu\u017e\u00edv\u00e1 moderov\u00e1n\u00ed pomoc\u00ed um\u011bl\u00e9 inteligence, kter\u00e9 pom\u00e1h\u00e1 udr\u017eovat chaty pozitivn\u00ed a bez ur\u00e1\u017eliv\u00e9ho nebo nevhodn\u00e9ho obsahu.<\/p>\n<h2>Je Monkey App zdarma?<\/h2>\n<p>Monkey je ke sta\u017een\u00ed a pou\u017e\u00edv\u00e1n\u00ed zdarma, s p\u0159\u00edstupem k z\u00e1kladn\u00edmu n\u00e1hodn\u00e9mu videochatu, hub\u016fm a z\u00e1kladn\u00edm zpr\u00e1v\u00e1m. N\u011bkter\u00e9 pr\u00e9miov\u00e9 funkce - nap\u0159\u00edklad pokro\u010dil\u00e9 filtry pro porovn\u00e1v\u00e1n\u00ed, roz\u0161\u00ed\u0159en\u00e9 videochaty nebo zv\u00fd\u0161en\u00ed profilu - v\u0161ak mohou vy\u017eadovat n\u00e1kupy v aplikaci nebo p\u0159edplatn\u00e9.<\/p>\n<p>V\u0161ichni u\u017eivatel\u00e9 mohou:<\/p>\n<ul>\n<li>Join \u017eiv\u00e9 videochaty a skupinov\u00e9 rozbo\u010dova\u010de<\/li>\n<li>Proch\u00e1zejte a spojte se s trendy profily<\/li>\n<li>Vytvo\u0159en\u00ed osobn\u00edho profilu a nahr\u00e1v\u00e1n\u00ed klip\u016f<\/li>\n<li>Pou\u017e\u00edv\u00e1n\u00ed bezpe\u010dnostn\u00edch a moder\u00e1torsk\u00fdch n\u00e1stroj\u016f<\/li>\n<\/ul>\n<p>Mezi pr\u00e9miov\u00e9 (placen\u00e9) funkce pat\u0159\u00ed:<\/p>\n<ul>\n<li>Shoda pohlav\u00ed a regionu<\/li>\n<li>Neomezen\u00e9 p\u0159id\u00e1v\u00e1n\u00ed \u010dasu v chatech<\/li>\n<li>P\u0159ednostn\u00ed vystaven\u00ed v trendov\u00fdch sekc\u00edch<\/li>\n<\/ul>\n<p>Ceny jsou konkurenceschopn\u00e9 s ostatn\u00edmi soci\u00e1ln\u00edmi aplikacemi a jsou jasn\u011b pops\u00e1ny na str\u00e1nce obchodu s aplikacemi.<\/p>\n<h2>Kdo pou\u017e\u00edv\u00e1 Monkey App?<\/h2>\n<p>Opice je ur\u010dena pro mlad\u00e9, mezin\u00e1rodn\u00ed a spole\u010densky aktivn\u00ed publikum:<\/p>\n<ul>\n<li>V\u011bk: 18-25 let je hlavn\u00ed demografick\u00e1 skupina (Monkey je striktn\u011b 18+)<\/li>\n<li>Um\u00edst\u011bn\u00ed: Spojen\u00e9 st\u00e1ty, Kanada, Velk\u00e1 Brit\u00e1nie, Evropa, Braz\u00edlie, Indie, jihov\u00fdchodn\u00ed Asie a dal\u0161\u00ed.<\/li>\n<li>U\u017eivatel\u00e9: Studenti, tv\u016frci, hudebn\u00edci, influence\u0159i a ti, kte\u0159\u00ed hledaj\u00ed spont\u00e1nn\u00ed, kreativn\u00ed interakci.<\/li>\n<\/ul>\n<p>Platforma p\u0159itahuje lidi, kte\u0159\u00ed maj\u00ed r\u00e1di obsah ve stylu TikToku, r\u00e1di se seznamuj\u00ed s nov\u00fdmi p\u0159\u00e1teli nebo jen cht\u011bj\u00ed z\u00e1bavn\u011b tr\u00e1vit \u010das a sd\u00edlet svou osobnost se sv\u011btem.<\/p>\n<h2>Bezpe\u010dnost, soukrom\u00ed a moderov\u00e1n\u00ed<\/h2>\n<p>Spole\u010dnost Monkey App si uv\u011bdomuje d\u016fle\u017eitost bezpe\u010dnosti, zejm\u00e9na pro mlad\u00e9 publikum, a pou\u017e\u00edv\u00e1 n\u011bkolik opat\u0159en\u00ed:<\/p>\n<h3>Ochrana osobn\u00edch \u00fadaj\u016f<\/h3>\n<ul>\n<li>U\u017eivatel\u00e9 mohou kontrolovat, co sd\u00edlej\u00ed na sv\u00e9m profilu.<\/li>\n<li>Chaty nejsou ve\u0159ejn\u011b archivov\u00e1ny ani v nich nelze vyhled\u00e1vat.<\/li>\n<li>Ve ve\u0159ejn\u00fdch chatech nen\u00ed povoleno sd\u00edlen\u00ed osobn\u00edch kontaktn\u00edch \u00fadaj\u016f.<\/li>\n<\/ul>\n<h3>Moderov\u00e1n\u00ed<\/h3>\n<ul>\n<li>Filtrov\u00e1n\u00ed obsahu na z\u00e1klad\u011b um\u011bl\u00e9 inteligence: Detekuje nahotu, zneu\u017eit\u00ed nebo poru\u0161en\u00ed pravidel.<\/li>\n<li>Ru\u010dn\u00ed hl\u00e1\u0161en\u00ed a blokov\u00e1n\u00ed: U\u017eivatel\u00e9 mohou okam\u017eit\u011b ozna\u010dit nevhodn\u00e9 chov\u00e1n\u00ed.<\/li>\n<li>Pokyny Spole\u010denstv\u00ed: P\u0159\u00edsn\u00e1 pravidla t\u00fdkaj\u00edc\u00ed se \u0161ikany, obt\u011b\u017eov\u00e1n\u00ed a sd\u00edlen\u00ed obsahu<\/li>\n<\/ul>\n<p>Monkey je navr\u017eena jako pozitivn\u00ed platforma pro mlad\u00e9 lidi, ale stejn\u011b jako u jin\u00fdch aplikac\u00ed pro \u017eiv\u00fd chat by u\u017eivatel\u00e9 m\u011bli b\u00fdt opatrn\u00ed a vyhnout se sd\u00edlen\u00ed osobn\u00edch \u00fadaj\u016f s ciz\u00edmi lidmi.<\/p>\n<h2>Zku\u0161enosti u\u017eivatel\u016f a design<\/h2>\n<p>Design Monkey je mladistv\u00fd, intuitivn\u00ed a optimalizovan\u00fd pro mobiln\u00ed za\u0159\u00edzen\u00ed:<\/p>\n<ul>\n<li>Aplikace se spust\u00ed v p\u0159ehledn\u00e9m rozhran\u00ed s jasn\u00fdmi mo\u017enostmi chatu, p\u0159ipojen\u00ed k hub\u016fm nebo proch\u00e1zen\u00ed trendov\u00e9ho obsahu.<\/li>\n<li>Okna profil\u016f a vide\u00ed jsou velk\u00e1 a snadno se v nich orientuje.<\/li>\n<li>Barevn\u00e9 ikony, animace a integrace hudby dod\u00e1vaj\u00ed aplikaci hravou atmosf\u00e9ru ve\u010d\u00edrku.<\/li>\n<li>Ozn\u00e1men\u00ed a zpr\u00e1vy jsou jednoduch\u00e9 a neru\u0161iv\u00e9.<\/li>\n<\/ul>\n<p>V\u00fdkon je na za\u0159\u00edzen\u00edch se syst\u00e9mem Android i iOS bezprobl\u00e9mov\u00fd a d\u00edky \u010dast\u00fdm aktualizac\u00edm a nov\u00fdm funkc\u00edm je st\u00e1le sv\u011b\u017e\u00ed.<\/p>\n<h2>Monkey App vs Ostatn\u00ed aplikace pro videochat a soci\u00e1ln\u00ed objevov\u00e1n\u00ed<\/h2>\n<p>Jak si Monkey vede ve srovn\u00e1n\u00ed s ostatn\u00edmi p\u0159edn\u00edmi platformami pro videochat?<\/p>\n<table>\n<thead>\n<tr>\n<th>Funkce<\/th>\n<th>Opice<\/th>\n<th><a href=\"https:\/\/strangercam.com\/cs\/ometv\/\">OmeTV<\/a><\/th>\n<th>Azar<\/th>\n<th>ChitChatTV<\/th>\n<th>Yubo<\/th>\n<\/tr>\n<\/thead>\n<tbody>\n<tr>\n<td>Videochat jeden na jednoho<\/td>\n<td>Ano<\/td>\n<td>Ano<\/td>\n<td>Ano<\/td>\n<td>Ano<\/td>\n<td>Ano<\/td>\n<\/tr>\n<tr>\n<td>Skupinov\u00e9 video m\u00edstnosti<\/td>\n<td>Ano<\/td>\n<td>Ne<\/td>\n<td>Ne<\/td>\n<td>Ne<\/td>\n<td>Ano<\/td>\n<\/tr>\n<tr>\n<td>Soci\u00e1ln\u00ed profily\/klipy<\/td>\n<td>Ano<\/td>\n<td>Ne<\/td>\n<td>Ano<\/td>\n<td>Ne<\/td>\n<td>Ano<\/td>\n<\/tr>\n<tr>\n<td>Odpov\u00eddaj\u00edc\u00ed filtry<\/td>\n<td>Placen\u00e9<\/td>\n<td>Placen\u00e9<\/td>\n<td>Placen\u00e9<\/td>\n<td>Ne<\/td>\n<td>Omezen\u00e9<\/td>\n<\/tr>\n<tr>\n<td>Bezplatn\u00e9 pou\u017eit\u00ed<\/td>\n<td>Ano<\/td>\n<td>Ano<\/td>\n<td>Ano<\/td>\n<td>Ano<\/td>\n<td>Ano<\/td>\n<\/tr>\n<tr>\n<td>Trendy obsah<\/td>\n<td>Ano<\/td>\n<td>Ne<\/td>\n<td>Ne<\/td>\n<td>Ne<\/td>\n<td>Ano<\/td>\n<\/tr>\n<tr>\n<td>Zam\u011b\u0159en\u00ed na v\u011bk<\/td>\n<td>18-25<\/td>\n<td>18+<\/td>\n<td>18+<\/td>\n<td>18+<\/td>\n<td>18-25<\/td>\n<\/tr>\n<tr>\n<td>Design zam\u011b\u0159en\u00fd na mobiln\u00ed za\u0159\u00edzen\u00ed<\/td>\n<td>Ano<\/td>\n<td>Ano<\/td>\n<td>Ano<\/td>\n<td>Ano<\/td>\n<td>Ano<\/td>\n<\/tr>\n<\/tbody>\n<\/table>\n<p>Shrnut\u00ed: Monkey vynik\u00e1 kombinac\u00ed \u017eiv\u00e9ho videochatu, kreativn\u00edho obsahu, skupinov\u00fdch m\u00edstnost\u00ed a z\u00e1bavn\u00e9ho, sout\u011b\u017eiv\u00e9ho soci\u00e1ln\u00edho prvku. Nejde v n\u011bm ani tak o \u010distou anonymitu, jako sp\u00ed\u0161e o objevov\u00e1n\u00ed a vyjad\u0159ov\u00e1n\u00ed osobnosti v re\u00e1ln\u00e9m \u010dase.<\/p>\n<h2>V\u00fdhody a nev\u00fdhody<\/h2>\n<p>Klady:<\/p>\n<ul>\n<li>Bezplatn\u00fd, okam\u017eit\u00fd videochat s ciz\u00edmi lidmi po cel\u00e9m sv\u011bt\u011b<\/li>\n<li>Jedine\u010dn\u00e9 skupinov\u00e9 uzly pro tematick\u00e9 videohovory<\/li>\n<li>Z\u00e1bavn\u00e9, kreativn\u00ed soci\u00e1ln\u00ed funkce a p\u0159izp\u016fsoben\u00ed profilu<\/li>\n<li>Mlad\u00e1, \u017eiv\u00e1 komunita<\/li>\n<li>Pr\u00e9miov\u00e9 odpov\u00eddaj\u00edc\u00ed filtry a roz\u0161\u00ed\u0159en\u00e9 mo\u017enosti chatu<\/li>\n<li>Siln\u00e9 n\u00e1stroje pro bezpe\u010dnost a moderov\u00e1n\u00ed<\/li>\n<\/ul>\n<p>Nev\u00fdhody:<\/p>\n<ul>\n<li>Ur\u010deno pro u\u017eivatele od 18 do 25 let, tak\u017ee star\u0161\u00ed u\u017eivatel\u00e9 se mohou c\u00edtit nepat\u0159i\u010dn\u011b.<\/li>\n<li>N\u00e1kupy v aplikaci pro n\u011bkter\u00e9 filtry a funkce<\/li>\n<li>N\u011bkte\u0159\u00ed u\u017eivatel\u00e9 mohou navzdory moderov\u00e1n\u00ed platformu zneu\u017e\u00edvat.<\/li>\n<li>Vy\u017eaduje se mobiln\u00ed aplikace - pro u\u017eivatele stoln\u00edch po\u010d\u00edta\u010d\u016f nen\u00ed k dispozici verze prohl\u00ed\u017ee\u010de<\/li>\n<li>Rychl\u00e9 tempo nemus\u00ed vyhovovat ka\u017ed\u00e9mu<\/li>\n<\/ul>\n<h2>Ide\u00e1ln\u00ed p\u0159\u00edpady pou\u017eit\u00ed<\/h2>\n<p>Opice je ide\u00e1ln\u00ed pro:<\/p>\n<ul>\n<li>Mlad\u00ed dosp\u011bl\u00ed, kte\u0159\u00ed cht\u011bj\u00ed <a href=\"https:\/\/strangercam.com\/cs\/coomeet\/\">Seznamte se s<\/a> nov\u00e9 lidi v \u017eiv\u00e9m a kreativn\u00edm online prost\u0159ed\u00ed.<\/li>\n<li>Fanou\u0161ci TikToku nebo Instagram Reels, kte\u0159\u00ed maj\u00ed r\u00e1di i \u017eivou konverzaci<\/li>\n<li>U\u017eivatel\u00e9, kte\u0159\u00ed se cht\u011bj\u00ed p\u0159ipojit ke skupinov\u00fdm videohovork\u00e1m nebo tematick\u00fdm soci\u00e1ln\u00edm m\u00edstnostem.<\/li>\n<li>Tv\u016frci, hudebn\u00edci nebo influence\u0159i, kte\u0159\u00ed hledaj\u00ed zviditeln\u011bn\u00ed a zapojen\u00ed publika.<\/li>\n<\/ul>\n<p>M\u00e9n\u011b ide\u00e1ln\u00ed pro:<\/p>\n<ul>\n<li>U\u017eivatel\u00e9, kte\u0159\u00ed hledaj\u00ed \u010dist\u011b anonymn\u00ed nebo pouze textov\u00fd chat.<\/li>\n<li>Dosp\u011bl\u00ed nad 30 let (atmosf\u00e9ra je velmi siln\u00e1 pro generaci Z)<\/li>\n<li>Osoby bez p\u0159\u00edstupu ke kompatibiln\u00edmu mobiln\u00edmu za\u0159\u00edzen\u00ed<\/li>\n<\/ul>\n<p>Monkey App je p\u0159edn\u00ed platforma pro videochat a soci\u00e1ln\u00ed objevov\u00e1n\u00ed pro generaci Z v roce 2025. Kombinuje spont\u00e1nnost klasick\u00e9ho n\u00e1hodn\u00e9ho chatu s kreativitou a komunitou modern\u00edch soci\u00e1ln\u00edch aplikac\u00ed, tak\u017ee je pro mlad\u00e9 lidi po cel\u00e9m sv\u011bt\u011b z\u00e1bavn\u00e1, bezpe\u010dn\u00e1 a velmi poutav\u00e1.<\/p>\n<p>A\u0165 u\u017e si chcete pov\u00eddat mezi \u010dty\u0159ma o\u010dima, p\u0159ipojit se ke skupinov\u00e9mu chatu nebo sd\u00edlet vlastn\u00ed videa a z\u00e1jmy, Monkey nab\u00edz\u00ed hrav\u00fd a jedine\u010dn\u00fd prostor pro komunikaci. Pokud hled\u00e1te rychl\u00fd, vizu\u00e1ln\u00ed a spole\u010densk\u00fd zp\u016fsob, jak naj\u00edt nov\u00e9 p\u0159\u00e1tele a vyj\u00e1d\u0159it se, Monkey App rozhodn\u011b stoj\u00ed za vyzkou\u0161en\u00ed.<\/p>","protected":false},"excerpt":{"rendered":"<p>As the world of online video chat and social networking evolves, new apps are constantly emerging to cater to the needs of a younger, more mobile-first audience. Monkey App is one such platform, blending the thrill of random video chat with social discovery and short-form video\u2014creating a unique space that feels part Omegle, part TikTok, [&hellip;]<\/p>\n","protected":false},"author":6,"featured_media":0,"parent":0,"menu_order":0,"comment_status":"closed","ping_status":"closed","template":"","meta":{"footnotes":""},"class_list":["post-1303","page","type-page","status-publish","hentry"],"yoast_head":"<!-- This site is optimized with the Yoast SEO plugin v27.4 - https:\/\/yoast.com\/product\/yoast-seo-wordpress\/ -->\n<title>Monkey App - Random Video Chat Omegle - StrangerCam.com<\/title>\n<meta name=\"description\" content=\"Like Monkey App? Come chat with more than 5.000.000 strangers on Strangercam for Free! Turn on your cam and find new friends &amp; maby a match!\" \/>\n<meta name=\"robots\" content=\"index, follow, max-snippet:-1, max-image-preview:large, max-video-preview:-1\" \/>\n<link rel=\"canonical\" href=\"https:\/\/strangercam.com\/cs\/opici-aplikace\/\" \/>\n<meta property=\"og:locale\" content=\"cs_CZ\" \/>\n<meta property=\"og:type\" content=\"article\" \/>\n<meta property=\"og:title\" content=\"Monkey App - Random Video Chat Omegle - StrangerCam.com\" \/>\n<meta property=\"og:description\" content=\"Like Monkey App? Come chat with more than 5.000.000 strangers on Strangercam for Free! Turn on your cam and find new friends &amp; maby a match!\" \/>\n<meta property=\"og:url\" content=\"https:\/\/strangercam.com\/cs\/opici-aplikace\/\" \/>\n<meta property=\"og:site_name\" content=\"Strangercam\" \/>\n<meta property=\"article:publisher\" content=\"https:\/\/www.facebook.com\/strangercam\" \/>\n<meta property=\"article:modified_time\" content=\"2025-08-05T08:41:12+00:00\" \/>\n<meta property=\"og:image\" content=\"https:\/\/strangercam.com\/wp-content\/uploads\/2021\/10\/Untitled-2.png\" \/>\n\t<meta property=\"og:image:width\" content=\"800\" \/>\n\t<meta property=\"og:image:height\" content=\"532\" \/>\n\t<meta property=\"og:image:type\" content=\"image\/png\" \/>\n<meta name=\"twitter:card\" content=\"summary_large_image\" \/>\n<meta name=\"twitter:site\" content=\"@strangercamapp\" \/>\n<meta name=\"twitter:label1\" content=\"Odhadovan\u00e1 doba \u010dten\u00ed\" \/>\n\t<meta name=\"twitter:data1\" content=\"6 minut\" \/>\n<script type=\"application\/ld+json\" class=\"yoast-schema-graph\">{\"@context\":\"https:\\\/\\\/schema.org\",\"@graph\":[{\"@type\":\"WebPage\",\"@id\":\"https:\\\/\\\/strangercam.com\\\/monkey-app\\\/\",\"url\":\"https:\\\/\\\/strangercam.com\\\/monkey-app\\\/\",\"name\":\"Monkey App - Random Video Chat Omegle - StrangerCam.com\",\"isPartOf\":{\"@id\":\"https:\\\/\\\/strangercam.com\\\/#website\"},\"datePublished\":\"2025-08-05T08:30:38+00:00\",\"dateModified\":\"2025-08-05T08:41:12+00:00\",\"description\":\"Like Monkey App? Come chat with more than 5.000.000 strangers on Strangercam for Free! Turn on your cam and find new friends & maby a match!\",\"breadcrumb\":{\"@id\":\"https:\\\/\\\/strangercam.com\\\/monkey-app\\\/#breadcrumb\"},\"inLanguage\":\"cs\",\"potentialAction\":[{\"@type\":\"ReadAction\",\"target\":[\"https:\\\/\\\/strangercam.com\\\/monkey-app\\\/\"]}]},{\"@type\":\"BreadcrumbList\",\"@id\":\"https:\\\/\\\/strangercam.com\\\/monkey-app\\\/#breadcrumb\",\"itemListElement\":[{\"@type\":\"ListItem\",\"position\":1,\"name\":\"Home\",\"item\":\"https:\\\/\\\/strangercam.com\\\/\"},{\"@type\":\"ListItem\",\"position\":2,\"name\":\"Monkey App\"}]},{\"@type\":\"WebSite\",\"@id\":\"https:\\\/\\\/strangercam.com\\\/#website\",\"url\":\"https:\\\/\\\/strangercam.com\\\/\",\"name\":\"Strangercam\",\"description\":\"Random Video Chat with Strangers\",\"publisher\":{\"@id\":\"https:\\\/\\\/strangercam.com\\\/#organization\"},\"alternateName\":\"Strangercam.com\",\"potentialAction\":[{\"@type\":\"SearchAction\",\"target\":{\"@type\":\"EntryPoint\",\"urlTemplate\":\"https:\\\/\\\/strangercam.com\\\/?s={search_term_string}\"},\"query-input\":{\"@type\":\"PropertyValueSpecification\",\"valueRequired\":true,\"valueName\":\"search_term_string\"}}],\"inLanguage\":\"cs\"},{\"@type\":\"Organization\",\"@id\":\"https:\\\/\\\/strangercam.com\\\/#organization\",\"name\":\"Strangercam\",\"alternateName\":\"Strangercam.com\",\"url\":\"https:\\\/\\\/strangercam.com\\\/\",\"logo\":{\"@type\":\"ImageObject\",\"inLanguage\":\"cs\",\"@id\":\"https:\\\/\\\/strangercam.com\\\/#\\\/schema\\\/logo\\\/image\\\/\",\"url\":\"https:\\\/\\\/strangercam.com\\\/wp-content\\\/uploads\\\/2020\\\/11\\\/cropped-new-favicon-black.png\",\"contentUrl\":\"https:\\\/\\\/strangercam.com\\\/wp-content\\\/uploads\\\/2020\\\/11\\\/cropped-new-favicon-black.png\",\"width\":512,\"height\":512,\"caption\":\"Strangercam\"},\"image\":{\"@id\":\"https:\\\/\\\/strangercam.com\\\/#\\\/schema\\\/logo\\\/image\\\/\"},\"sameAs\":[\"https:\\\/\\\/www.facebook.com\\\/strangercam\",\"https:\\\/\\\/x.com\\\/strangercamapp\"]}]}<\/script>\n<!-- \/ Yoast SEO plugin. -->","yoast_head_json":{"title":"Monkey App - N\u00e1hodn\u00fd videochat Omegle - StrangerCam.com","description":"Jako Monkey App? Poj\u010fte si zdarma popov\u00eddat s v\u00edce ne\u017e 5 000 000 cizinci na Strangercam! Zapn\u011bte si kameru a najd\u011bte nov\u00e9 p\u0159\u00e1tele &amp; maby z\u00e1pas!","robots":{"index":"index","follow":"follow","max-snippet":"max-snippet:-1","max-image-preview":"max-image-preview:large","max-video-preview":"max-video-preview:-1"},"canonical":"https:\/\/strangercam.com\/cs\/opici-aplikace\/","og_locale":"cs_CZ","og_type":"article","og_title":"Monkey App - Random Video Chat Omegle - StrangerCam.com","og_description":"Like Monkey App? Come chat with more than 5.000.000 strangers on Strangercam for Free! Turn on your cam and find new friends & maby a match!","og_url":"https:\/\/strangercam.com\/cs\/opici-aplikace\/","og_site_name":"Strangercam","article_publisher":"https:\/\/www.facebook.com\/strangercam","article_modified_time":"2025-08-05T08:41:12+00:00","og_image":[{"width":800,"height":532,"url":"https:\/\/strangercam.com\/wp-content\/uploads\/2021\/10\/Untitled-2.png","type":"image\/png"}],"twitter_card":"summary_large_image","twitter_site":"@strangercamapp","twitter_misc":{"Odhadovan\u00e1 doba \u010dten\u00ed":"6 minut"},"schema":{"@context":"https:\/\/schema.org","@graph":[{"@type":"WebPage","@id":"https:\/\/strangercam.com\/monkey-app\/","url":"https:\/\/strangercam.com\/monkey-app\/","name":"Monkey App - N\u00e1hodn\u00fd videochat Omegle - StrangerCam.com","isPartOf":{"@id":"https:\/\/strangercam.com\/#website"},"datePublished":"2025-08-05T08:30:38+00:00","dateModified":"2025-08-05T08:41:12+00:00","description":"Jako Monkey App? Poj\u010fte si zdarma popov\u00eddat s v\u00edce ne\u017e 5 000 000 cizinci na Strangercam! Zapn\u011bte si kameru a najd\u011bte nov\u00e9 p\u0159\u00e1tele &amp; maby z\u00e1pas!","breadcrumb":{"@id":"https:\/\/strangercam.com\/monkey-app\/#breadcrumb"},"inLanguage":"cs","potentialAction":[{"@type":"ReadAction","target":["https:\/\/strangercam.com\/monkey-app\/"]}]},{"@type":"BreadcrumbList","@id":"https:\/\/strangercam.com\/monkey-app\/#breadcrumb","itemListElement":[{"@type":"ListItem","position":1,"name":"Home","item":"https:\/\/strangercam.com\/"},{"@type":"ListItem","position":2,"name":"Monkey App"}]},{"@type":"WebSite","@id":"https:\/\/strangercam.com\/#website","url":"https:\/\/strangercam.com\/","name":"Strangercam","description":"N\u00e1hodn\u00fd videochat s ciz\u00edmi lidmi","publisher":{"@id":"https:\/\/strangercam.com\/#organization"},"alternateName":"Strangercam.com","potentialAction":[{"@type":"SearchAction","target":{"@type":"EntryPoint","urlTemplate":"https:\/\/strangercam.com\/?s={search_term_string}"},"query-input":{"@type":"PropertyValueSpecification","valueRequired":true,"valueName":"search_term_string"}}],"inLanguage":"cs"},{"@type":"Organization","@id":"https:\/\/strangercam.com\/#organization","name":"Strangercam","alternateName":"Strangercam.com","url":"https:\/\/strangercam.com\/","logo":{"@type":"ImageObject","inLanguage":"cs","@id":"https:\/\/strangercam.com\/#\/schema\/logo\/image\/","url":"https:\/\/strangercam.com\/wp-content\/uploads\/2020\/11\/cropped-new-favicon-black.png","contentUrl":"https:\/\/strangercam.com\/wp-content\/uploads\/2020\/11\/cropped-new-favicon-black.png","width":512,"height":512,"caption":"Strangercam"},"image":{"@id":"https:\/\/strangercam.com\/#\/schema\/logo\/image\/"},"sameAs":["https:\/\/www.facebook.com\/strangercam","https:\/\/x.com\/strangercamapp"]}]}},"_links":{"self":[{"href":"https:\/\/strangercam.com\/cs\/wp-json\/wp\/v2\/pages\/1303","targetHints":{"allow":["GET"]}}],"collection":[{"href":"https:\/\/strangercam.com\/cs\/wp-json\/wp\/v2\/pages"}],"about":[{"href":"https:\/\/strangercam.com\/cs\/wp-json\/wp\/v2\/types\/page"}],"author":[{"embeddable":true,"href":"https:\/\/strangercam.com\/cs\/wp-json\/wp\/v2\/users\/6"}],"replies":[{"embeddable":true,"href":"https:\/\/strangercam.com\/cs\/wp-json\/wp\/v2\/comments?post=1303"}],"version-history":[{"count":1,"href":"https:\/\/strangercam.com\/cs\/wp-json\/wp\/v2\/pages\/1303\/revisions"}],"predecessor-version":[{"id":12953,"href":"https:\/\/strangercam.com\/cs\/wp-json\/wp\/v2\/pages\/1303\/revisions\/12953"}],"wp:attachment":[{"href":"https:\/\/strangercam.com\/cs\/wp-json\/wp\/v2\/media?parent=1303"}],"curies":[{"name":"wp","href":"https:\/\/api.w.org\/{rel}","templated":true}]}}