{"id":13020,"date":"2025-09-10T11:53:09","date_gmt":"2025-09-10T09:53:09","guid":{"rendered":"https:\/\/strangercam.com\/?page_id=13020"},"modified":"2025-09-10T11:53:09","modified_gmt":"2025-09-10T09:53:09","slug":"chato","status":"publish","type":"page","link":"https:\/\/strangercam.com\/cs\/chato\/","title":{"rendered":"Chato"},"content":{"rendered":"<p>S <a href=\"https:\/\/strangercam.com\/cs\/omegle\/\">Omegle<\/a> se objevila vlna nov\u00fdch platforem, kter\u00e9 se sna\u017e\u00ed zaplnit mezeru pro lidi, kte\u0159\u00ed st\u00e1le cht\u011bj\u00ed anonymn\u011b a n\u00e1hodn\u011b konverzovat s ciz\u00edmi lidmi online. Chato je jedn\u00edm z nov\u011bj\u0161\u00edch uchaze\u010d\u016f v roce 2025, kter\u00fd se prezentuje jako rychl\u00e1, bezplatn\u00e1 a mobiln\u00ed alternativa Omegle. Jej\u00ed zam\u011b\u0159en\u00ed je jednoduch\u00e9: video jeden na jednoho. <a href=\"https:\/\/strangercam.com\/cs\/chathub\/\">chat<\/a> s ciz\u00edmi lidmi bez nutnosti registrace, stahov\u00e1n\u00ed nebo slo\u017eit\u00fdch funkc\u00ed.<\/p>\n<p>Spl\u0148uje v\u0161ak Chato sv\u016fj slib, \u017ee je \u0161pi\u010dkov\u00fdm m\u00edstem pro n\u00e1hodn\u00fd chat? Jak bezpe\u010dn\u00fd je, kdo ho pou\u017e\u00edv\u00e1 a jak si vede ve srovn\u00e1n\u00ed s jin\u00fdmi alternativami, jako jsou Lotta, Ohmegle a MatchPub? V t\u00e9to recenzi rozeb\u00edr\u00e1me v\u0161e, co pot\u0159ebujete o Chatu v\u011bd\u011bt, ne\u017e se do n\u011bj pono\u0159\u00edte.<\/p>\n<h2>Co je to Chato?<\/h2>\n<p>Chato je webov\u00e1 str\u00e1nka pro n\u00e1hodn\u00fd videochat v prohl\u00ed\u017ee\u010di, kter\u00e1 spojuje ciz\u00ed lidi po cel\u00e9m sv\u011bt\u011b pro soukrom\u00e9 \u017eiv\u00e9 konverzace tv\u00e1\u0159\u00ed v tv\u00e1\u0159. Stejn\u011b jako Omegle nevy\u017eaduje \u017e\u00e1dnou registraci - sta\u010d\u00ed kliknout na \"Start\", povolit kameru a mikrofon a okam\u017eit\u011b se spojit s n\u011bk\u00fdm nov\u00fdm.<\/p>\n<p>Platforma klade d\u016fraz na jednoduchost a rychlost a zam\u011b\u0159uje se sp\u00ed\u0161e na konverzace ne\u017e na funkce. D\u00edky modern\u00edmu designu a plynul\u00e9mu mobiln\u00edmu v\u00fdkonu je Chato atraktivn\u00ed volbou pro u\u017eivatele unaven\u00e9 z neohraban\u00fdch a zastaral\u00fdch web\u016f.<\/p>\n<h2>K \u010demu slou\u017e\u00ed Chato?<\/h2>\n<p>Posl\u00e1n\u00edm spole\u010dnosti Chato je obnovit vzru\u0161en\u00ed z anonymn\u00edch online konverzac\u00ed, kter\u00e9 proslavily Omegle, a z\u00e1rove\u0148 zlep\u0161it pou\u017eitelnost a bezpe\u010dnost. Mezi jej\u00ed c\u00edle pat\u0159\u00ed:<\/p>\n<ul>\n<li>Poskytov\u00e1n\u00ed spont\u00e1nn\u00edch chat\u016f mezi \u010dty\u0159ma o\u010dima bez vy\u017eadov\u00e1n\u00ed osobn\u00edch \u00fadaj\u016f.<\/li>\n<li>Nab\u00edz\u00edme bezplatnou, snadno p\u0159\u00edstupnou platformu, kter\u00e1 okam\u017eit\u011b funguje na po\u010d\u00edta\u010di i mobiln\u00edm telefonu.<\/li>\n<li>Vytvo\u0159en\u00ed p\u0159\u00e1telsk\u00e9ho a bezpe\u010dn\u00e9ho prost\u0159ed\u00ed pro glob\u00e1ln\u00ed u\u017eivatele. <a href=\"https:\/\/strangercam.com\/cs\/coomeet\/\">Seznamte se s<\/a> nov\u00ed lid\u00e9<\/li>\n<li>D\u00e1v\u00e1 u\u017eivatel\u016fm mo\u017enost p\u0159esko\u010dit, pokra\u010dovat nebo z\u016fstat tak dlouho, jak cht\u011bj\u00ed.<\/li>\n<\/ul>\n<p>A\u0165 u\u017e se chcete sp\u0159\u00e1telit, procvi\u010dit si jazyky, nez\u00e1vazn\u011b flirtovat nebo jen zab\u00edt nudu, Chato nab\u00edz\u00ed lehk\u00fd prostor pro nav\u00e1z\u00e1n\u00ed kontaktu s ciz\u00edmi lidmi.<\/p>\n<h2>Kl\u00ed\u010dov\u00e9 vlastnosti<\/h2>\n<p>1. Okam\u017eit\u00fd n\u00e1hodn\u00fd videochat<br \/>\nSrdcem Chata jsou soukrom\u00e9 rozhovory mezi kamerami. Z\u00e1pasy prob\u00edhaj\u00ed okam\u017eit\u011b, bez front a prodlev, co\u017e umo\u017e\u0148uje rychlou socializaci.<\/p>\n<p>2. Tla\u010d\u00edtko P\u0159esko\u010dit\/N\u00e1sleduj\u00edc\u00ed<br \/>\nNel\u00edb\u00ed se v\u00e1m chat? Stiskn\u011bte tla\u010d\u00edtko \"Dal\u0161\u00ed\" a okam\u017eit\u011b p\u0159ejd\u011bte k jin\u00e9mu u\u017eivateli. Tato mechanika rychl\u00e9ho st\u0159\u00edd\u00e1n\u00ed udr\u017euje z\u00e1bavu a dynamiku.<\/p>\n<p>3. Mo\u017enost textov\u00e9ho chatu<br \/>\nVedle videa Chato b\u011bhem relac\u00ed vyu\u017e\u00edv\u00e1 i zas\u00edl\u00e1n\u00ed textov\u00fdch zpr\u00e1v. Je u\u017eite\u010dn\u00e1 pro prolomen\u00ed led\u016f, p\u0159ekon\u00e1n\u00ed jazykov\u00fdch bari\u00e9r nebo tich\u00fd chat bez zvuku.<\/p>\n<p>4. Nen\u00ed nutn\u00e1 registrace<br \/>\nChato nevy\u017eaduje \u00fa\u010det, e-mail ani telefonn\u00ed \u010d\u00edslo. D\u00edky tomu je pou\u017e\u00edv\u00e1n\u00ed zcela anonymn\u00ed a bezprobl\u00e9mov\u00e9.<\/p>\n<p>5. Kompatibilita s mobiln\u00edmi a stoln\u00edmi po\u010d\u00edta\u010di<br \/>\nPlatforma je optimalizovan\u00e1 pro v\u0161echna za\u0159\u00edzen\u00ed. A\u0165 u\u017e pou\u017e\u00edv\u00e1te notebook nebo chytr\u00fd telefon, Chato se na\u010d\u00edt\u00e1 rychle a funguje hladce.<\/p>\n<p>6. N\u00e1stroje pro hl\u00e1\u0161en\u00ed a blokov\u00e1n\u00ed<br \/>\nChato obsahuje v ka\u017ed\u00e9m chatu tla\u010d\u00edtko pro nahl\u00e1\u0161en\u00ed, kter\u00e9 u\u017eivatel\u016fm umo\u017e\u0148uje upozornit na ur\u00e1\u017eliv\u00e9 nebo nevhodn\u00e9 chov\u00e1n\u00ed. N\u00e1stroje pro blokov\u00e1n\u00ed pom\u00e1haj\u00ed zabr\u00e1nit opakovan\u00fdm setk\u00e1n\u00edm s ru\u0161iv\u00fdmi u\u017eivateli.<\/p>\n<p>7. Lehk\u00fd, minim\u00e1ln\u00ed design<br \/>\nRozhran\u00ed je modern\u00ed a neru\u0161\u00ed. D\u00edky velk\u00fdm okn\u016fm videa a jednoduch\u00e9mu ovl\u00e1d\u00e1n\u00ed se soust\u0159ed\u00edte na konverzaci.<\/p>\n<h2>Je Chato voln\u00fd?<\/h2>\n<p>Ano, Chato je 100% zdarma. Na rozd\u00edl od n\u011bkter\u00fdch konkurent\u016f neskr\u00fdv\u00e1 funkce za p\u0159edplatn\u00e9 nebo tokeny.<\/p>\n<p>M\u016f\u017eete:<\/p>\n<ul>\n<li>Zah\u00e1jen\u00ed neomezen\u00fdch chat\u016f s ciz\u00edmi lidmi<\/li>\n<li>Pou\u017e\u00edv\u00e1n\u00ed textov\u00e9ho chatu spolu s videem<\/li>\n<li>P\u0159esko\u010dte a pod\u00e1vejte zpr\u00e1vy tak \u010dasto, jak je pot\u0159eba<\/li>\n<li>P\u0159\u00edstup k platform\u011b z mobilu nebo po\u010d\u00edta\u010de<\/li>\n<\/ul>\n<p>Na webu se mohou objevovat lehk\u00e9 reklamy na podporu provozu, ale nejsou zde \u017e\u00e1dn\u00e9 skryt\u00e9 poplatky nebo funkce pouze pro pr\u00e9miov\u00e9 u\u017eivatele.<\/p>\n<h2>Kdo pou\u017e\u00edv\u00e1 Chato?<\/h2>\n<p>Publikum Chata je r\u016fznorod\u00e9, p\u0159ihla\u0161uj\u00ed se k n\u011bmu u\u017eivatel\u00e9 z cel\u00e9ho sv\u011bta:<\/p>\n<ul>\n<li>V\u011bk: P\u0159edev\u0161\u00edm 18-35 let (pouze 18+)<\/li>\n<li>Um\u00edst\u011bn\u00ed: Aktivn\u00ed u\u017eivatel\u00e9 z USA, Velk\u00e9 Brit\u00e1nie, Evropy, Indie, Braz\u00edlie a jihov\u00fdchodn\u00ed Asie.<\/li>\n<li>Motivace: Pozn\u00e1v\u00e1n\u00ed nov\u00fdch p\u0159\u00e1tel, nez\u00e1vazn\u00fd flirt, procvi\u010dov\u00e1n\u00ed jazyka nebo prost\u00e9 zab\u00edjen\u00ed \u010dasu.<\/li>\n<\/ul>\n<p>D\u00edky sv\u00e9 dostupnosti a bezplatn\u00e9mu modelu p\u0159itahuje Chato \u0161irokou \u0161k\u00e1lu osobnost\u00ed. Stejn\u011b jako na v\u011bt\u0161in\u011b n\u00e1hodn\u00fdch chatovac\u00edch str\u00e1nek p\u0159eva\u017euj\u00ed mezi u\u017eivateli mu\u017ei, a\u010dkoli se zlep\u0161uj\u00edc\u00ed se moderac\u00ed roste i \u00fa\u010dast \u017een.<\/p>\n<h2>Bezpe\u010dnost, soukrom\u00ed a moderov\u00e1n\u00ed<\/h2>\n<p>Chato vyva\u017euje anonymitu s bezpe\u010dnostn\u00edmi prvky a poskytuje tak u\u017eivatel\u016fm bezpe\u010dn\u00e9 prost\u0159ed\u00ed:<\/p>\n<h3>Ochrana osobn\u00edch \u00fadaj\u016f<\/h3>\n<ul>\n<li>Nevy\u017eaduje se registrace ani osobn\u00ed \u00fadaje<\/li>\n<li>Chaty se neukl\u00e1daj\u00ed ani nenahr\u00e1vaj\u00ed<\/li>\n<li>P\u0159\u00edstup k webov\u00e9 kame\u0159e a mikrofonu je do\u010dasn\u00fd a v\u017edy pod kontrolou u\u017eivatele.<\/li>\n<\/ul>\n<h3>Moderov\u00e1n\u00ed<\/h3>\n<ul>\n<li>Nahla\u0161ov\u00e1n\u00ed v chatu pro ozna\u010den\u00ed ur\u00e1\u017eliv\u00fdch nebo \u00fato\u010dn\u00fdch u\u017eivatel\u016f.<\/li>\n<li>Monitorov\u00e1n\u00ed obsahu na z\u00e1klad\u011b um\u011bl\u00e9 inteligence s c\u00edlem omezit explicitn\u00ed nebo \u0161kodliv\u00fd obsah.<\/li>\n<li>Lidsk\u00e9 moderov\u00e1n\u00ed k prosazov\u00e1n\u00ed z\u00e1kaz\u016f poru\u0161ov\u00e1n\u00ed pravidel<\/li>\n<\/ul>\n<h3>Tipy pro bezpe\u010dn\u00e9 pou\u017e\u00edv\u00e1n\u00ed<\/h3>\n<ul>\n<li>Vyhn\u011bte se sd\u00edlen\u00ed osobn\u00edch \u00fadaj\u016f (jm\u00e9no, adresa, soci\u00e1ln\u00ed s\u00edt\u011b).<\/li>\n<li>Pou\u017eijte \"P\u0159esko\u010dit\" a \"Nahl\u00e1sit\", kdykoli se c\u00edt\u00edte nep\u0159\u00edjemn\u011b.<\/li>\n<li>Interakce pova\u017eujte za do\u010dasn\u00e9 a anonymn\u00ed<\/li>\n<\/ul>\n<h2>Zku\u0161enosti u\u017eivatel\u016f a design<\/h2>\n<p>Chato je navr\u017eeno pro jednoduchost a rychlost:<\/p>\n<ul>\n<li>Domovsk\u00e1 str\u00e1nka: Obsahuje tu\u010dn\u00e9 tla\u010d\u00edtko \"Zah\u00e1jit chat\" a rychl\u00e9 informace o pravidlech a ochran\u011b osobn\u00edch \u00fadaj\u016f.<\/li>\n<li>Video rozhran\u00ed: Velk\u00e1, p\u0159ehledn\u00e1 okna videa s intuitivn\u00edm ovl\u00e1d\u00e1n\u00edm p\u0159eskakov\u00e1n\u00ed, ztlumen\u00ed a hl\u00e1\u0161en\u00ed.<\/li>\n<li>V\u00fdkonnost: Plynul\u00e9 p\u0159echody mezi chaty s minim\u00e1ln\u00edm zpo\u017ed\u011bn\u00edm<\/li>\n<li>Zku\u0161enosti s mobiln\u00edmi za\u0159\u00edzen\u00edmi: Optimalizov\u00e1no pro mal\u00e9 obrazovky, p\u0159\u00edv\u011btiv\u00e9 pro dotykov\u00e9 ovl\u00e1d\u00e1n\u00ed a rychl\u00e9 na\u010d\u00edt\u00e1n\u00ed<\/li>\n<\/ul>\n<p>Na rozd\u00edl od star\u0161\u00edch web\u016f se Chato vyh\u00fdb\u00e1 nepo\u0159\u00e1dku, nadm\u011brn\u00e9mu mno\u017estv\u00ed reklam nebo nep\u0159ehledn\u00fdm nab\u00eddk\u00e1m, a tak je pr\u00e1ce s n\u00edm nen\u00e1ro\u010dn\u00e1 a p\u0159\u00edjemn\u00e1.<\/p>\n<h2>Chato vs Ostatn\u00ed platformy pro n\u00e1hodn\u00fd videochat<\/h2>\n<p>Jak si Chato vede ve srovn\u00e1n\u00ed s ostatn\u00edmi weby typu Omegle?<\/p>\n<table>\n<thead>\n<tr>\n<th>Funkce<\/th>\n<th>Chato<\/th>\n<th>Omegle (uzav\u0159en\u00fd)<\/th>\n<th>Ohmegle<\/th>\n<th>Lotta<\/th>\n<th>MatchPub<\/th>\n<th><a href=\"https:\/\/strangercam.com\/cs\/ometv\/\">OmeTV<\/a><\/th>\n<\/tr>\n<\/thead>\n<tbody>\n<tr>\n<td>Videochat<\/td>\n<td>Ano<\/td>\n<td>Ano<\/td>\n<td>Ano<\/td>\n<td>Ano<\/td>\n<td>Ano<\/td>\n<td>Ano<\/td>\n<\/tr>\n<tr>\n<td>Textov\u00fd chat<\/td>\n<td>Ano<\/td>\n<td>Ano<\/td>\n<td>Ano<\/td>\n<td>Ano<\/td>\n<td>Ano<\/td>\n<td>Ano<\/td>\n<\/tr>\n<tr>\n<td>Pot\u0159ebn\u00e1 registrace<\/td>\n<td>Ne<\/td>\n<td>Ne<\/td>\n<td>Ne<\/td>\n<td>Ne<\/td>\n<td>Ne<\/td>\n<td>Ne<\/td>\n<\/tr>\n<tr>\n<td>Mobiln\u00ed podpora<\/td>\n<td>Vynikaj\u00edc\u00ed<\/td>\n<td>\u0160patn\u00fd<\/td>\n<td>Vynikaj\u00edc\u00ed<\/td>\n<td>Vynikaj\u00edc\u00ed<\/td>\n<td>Vynikaj\u00edc\u00ed<\/td>\n<td>Dobr\u00fd<\/td>\n<\/tr>\n<tr>\n<td>Filtry pohlav\u00ed\/regionu<\/td>\n<td>Ne<\/td>\n<td>Ne<\/td>\n<td>Ne<\/td>\n<td>Ne<\/td>\n<td>Ne<\/td>\n<td>Placen\u00e9<\/td>\n<\/tr>\n<tr>\n<td>N\u00e1stroje pro moderov\u00e1n\u00ed<\/td>\n<td>Dobr\u00fd<\/td>\n<td>Slab\u00e9<\/td>\n<td>M\u00edrn\u00e1<\/td>\n<td>Dobr\u00fd<\/td>\n<td>Dobr\u00fd<\/td>\n<td>Siln\u00fd<\/td>\n<\/tr>\n<tr>\n<td>Bezplatn\u00e9 pou\u017eit\u00ed<\/td>\n<td>Ano<\/td>\n<td>Ano<\/td>\n<td>Ano<\/td>\n<td>Ano<\/td>\n<td>Ano<\/td>\n<td>Ano\/plat\u00ed se<\/td>\n<\/tr>\n<\/tbody>\n<\/table>\n<p>Shrnut\u00ed: Chato je sv\u00fdm duchem nejbli\u017e\u0161\u00ed slu\u017eb\u00e1m Lotta a MatchPub - rychl\u00fd, bezplatn\u00fd, anonymn\u00ed a lehk\u00fd. Nenab\u00edz\u00ed sice pokro\u010dil\u00e9 filtry jako OmeTV, ale vynik\u00e1 snadnost\u00ed pou\u017eit\u00ed a mobiln\u00edm v\u00fdkonem.<\/p>\n<h2>V\u00fdhody a nev\u00fdhody<\/h2>\n<p>Klady:<\/p>\n<ul>\n<li>100% zdarma, nen\u00ed nutn\u00e1 registrace<\/li>\n<li>Pln\u011b anonymn\u00ed chat<\/li>\n<li>Rychl\u00e9 a plynul\u00e9 p\u00e1rov\u00e1n\u00ed a p\u0159echody<\/li>\n<li>Modern\u00ed rozhran\u00ed optimalizovan\u00e9 pro mobiln\u00ed za\u0159\u00edzen\u00ed<\/li>\n<li>Jednoduch\u00e9 n\u00e1stroje pro p\u0159eskakov\u00e1n\u00ed a sestavy<\/li>\n<li>Mezin\u00e1rodn\u00ed, r\u016fznorod\u00e1 u\u017eivatelsk\u00e1 z\u00e1kladna<\/li>\n<\/ul>\n<p>Nev\u00fdhody:<\/p>\n<ul>\n<li>\u017d\u00e1dn\u00e9 filtry podle pohlav\u00ed nebo m\u00edsta<\/li>\n<li>Ob\u010dasn\u00e9 vystaven\u00ed nevhodn\u00e9mu chov\u00e1n\u00ed (spole\u010dn\u00e9 pro v\u0161echny anonymn\u00ed platformy).<\/li>\n<li>V\u00edce u\u017eivatel\u016f mu\u017esk\u00e9ho ne\u017e \u017eensk\u00e9ho pohlav\u00ed<\/li>\n<li>\u017d\u00e1dn\u00e9 profily, seznamy p\u0159\u00e1tel ani funkce opakovan\u00e9ho porovn\u00e1v\u00e1n\u00ed.<\/li>\n<li>St\u00e1le buduje svou u\u017eivatelskou z\u00e1kladnu ve srovn\u00e1n\u00ed se star\u0161\u00edmi alternativami<\/li>\n<\/ul>\n<h2>Ide\u00e1ln\u00ed p\u0159\u00edpady pou\u017eit\u00ed<\/h2>\n<p>Chato je ide\u00e1ln\u00ed pro:<\/p>\n<ul>\n<li>Ventil\u00e1tory Omegle a <a href=\"https:\/\/strangercam.com\/cs\/chatroulette\/\">Chatroulette<\/a> hled\u00e1 modern\u00ed n\u00e1hradu<\/li>\n<li>Lid\u00e9, kte\u0159\u00ed cht\u011bj\u00ed rychl\u00e9 anonymn\u00ed chaty bez registrace<\/li>\n<li>Studenti, cestovatel\u00e9 a studenti jazyk\u016f se z\u00e1jmem o kulturn\u00ed v\u00fdm\u011bnu.<\/li>\n<li>Dosp\u011bl\u00ed, kte\u0159\u00ed hledaj\u00ed neform\u00e1ln\u00ed, spont\u00e1nn\u00ed interakci po cel\u00e9m sv\u011bt\u011b<\/li>\n<li>U\u017eivatel\u00e9, kte\u0159\u00ed se orientuj\u00ed na mobiln\u00ed za\u0159\u00edzen\u00ed a cht\u011bj\u00ed m\u00edt na cest\u00e1ch bezprobl\u00e9mov\u00e9 a spolehliv\u00e9 prost\u0159ed\u00ed.<\/li>\n<\/ul>\n<p>M\u00e9n\u011b ide\u00e1ln\u00ed pro:<\/p>\n<ul>\n<li>U\u017eivatel\u00e9 mlad\u0161\u00ed 18 let (pouze dosp\u011bl\u00ed)<\/li>\n<li>Ti, kte\u0159\u00ed cht\u011bj\u00ed pokro\u010dil\u00e9 filtry pro datov\u00e1n\u00ed nebo p\u00e1rov\u00e1n\u00ed<\/li>\n<li>Lid\u00e9 hledaj\u00edc\u00ed dlouhodob\u00e9 profily nebo spojen\u00ed<\/li>\n<\/ul>\n<p>Chato je jednou z nejslibn\u011bj\u0161\u00edch nov\u00fdch alternativ Omegle v roce 2025, kter\u00e1 poskytuje rychl\u00e9 a anonymn\u00ed videochaty v modern\u00edm balen\u00ed vhodn\u00e9m pro mobiln\u00ed za\u0159\u00edzen\u00ed. Jeho bezplatn\u00fd model bez registrace zachov\u00e1v\u00e1 p\u0159\u00edstupnost, zat\u00edmco siln\u00e9 n\u00e1stroje pro ochranu soukrom\u00ed a hl\u00e1\u0161en\u00ed pom\u00e1haj\u00ed vytvo\u0159it bezpe\u010dn\u011bj\u0161\u00ed prost\u0159ed\u00ed ne\u017e star\u0161\u00ed weby.<\/p>\n<p>Pokud hled\u00e1te lehkou a snadno pou\u017eitelnou platformu pro seznamov\u00e1n\u00ed s ciz\u00edmi lidmi po cel\u00e9m sv\u011bt\u011b - a\u0165 u\u017e za \u00fa\u010delem z\u00e1bavy, p\u0159\u00e1telstv\u00ed nebo nez\u00e1vazn\u00e9ho flirtu -, rozhodn\u011b stoj\u00ed za to ji vyzkou\u0161et. P\u0159in\u00e1\u0161\u00ed zp\u011bt spont\u00e1nnost Omegle a z\u00e1rove\u0148 aktualizuje zku\u0161enosti pro dne\u0161n\u00ed u\u017eivatele.<\/p>","protected":false},"excerpt":{"rendered":"<p>With Omegle gone, a wave of new platforms has appeared to fill the gap for people who still want anonymous, random conversations with strangers online. Chato is one of the newer contenders in 2025, positioning itself as a fast, free, and mobile-friendly Omegle alternative. Its focus is simple: one-on-one video chat with strangers, without the [&hellip;]<\/p>\n","protected":false},"author":6,"featured_media":0,"parent":0,"menu_order":0,"comment_status":"closed","ping_status":"closed","template":"","meta":{"footnotes":""},"class_list":["post-13020","page","type-page","status-publish","hentry"],"yoast_head":"<!-- This site is optimized with the Yoast SEO plugin v27.4 - https:\/\/yoast.com\/product\/yoast-seo-wordpress\/ -->\n<title>Chato - Video Chat &amp; Have Fun - StrangerCam.com<\/title>\n<meta name=\"description\" content=\"Like Chato? Come chat with more than 5.000.000 strangers on Strangercam for Free! Turn on your cam and find new friends &amp; maby a match!\" \/>\n<meta name=\"robots\" content=\"index, follow, max-snippet:-1, max-image-preview:large, max-video-preview:-1\" \/>\n<link rel=\"canonical\" href=\"https:\/\/strangercam.com\/cs\/chato\/\" \/>\n<meta property=\"og:locale\" content=\"cs_CZ\" \/>\n<meta property=\"og:type\" content=\"article\" \/>\n<meta property=\"og:title\" content=\"Chato - Video Chat &amp; Have Fun - StrangerCam.com\" \/>\n<meta property=\"og:description\" content=\"Like Chato? Come chat with more than 5.000.000 strangers on Strangercam for Free! Turn on your cam and find new friends &amp; maby a match!\" \/>\n<meta property=\"og:url\" content=\"https:\/\/strangercam.com\/cs\/chato\/\" \/>\n<meta property=\"og:site_name\" content=\"Strangercam\" \/>\n<meta property=\"article:publisher\" content=\"https:\/\/www.facebook.com\/strangercam\" \/>\n<meta property=\"og:image\" content=\"https:\/\/strangercam.com\/wp-content\/uploads\/2021\/10\/Untitled-2.png\" \/>\n\t<meta property=\"og:image:width\" content=\"800\" \/>\n\t<meta property=\"og:image:height\" content=\"532\" \/>\n\t<meta property=\"og:image:type\" content=\"image\/png\" \/>\n<meta name=\"twitter:card\" content=\"summary_large_image\" \/>\n<meta name=\"twitter:site\" content=\"@strangercamapp\" \/>\n<meta name=\"twitter:label1\" content=\"Odhadovan\u00e1 doba \u010dten\u00ed\" \/>\n\t<meta name=\"twitter:data1\" content=\"5 minut\" \/>\n<script type=\"application\/ld+json\" class=\"yoast-schema-graph\">{\"@context\":\"https:\\\/\\\/schema.org\",\"@graph\":[{\"@type\":\"WebPage\",\"@id\":\"https:\\\/\\\/strangercam.com\\\/chato\\\/\",\"url\":\"https:\\\/\\\/strangercam.com\\\/chato\\\/\",\"name\":\"Chato - Video Chat & Have Fun - StrangerCam.com\",\"isPartOf\":{\"@id\":\"https:\\\/\\\/strangercam.com\\\/#website\"},\"datePublished\":\"2025-09-10T09:53:09+00:00\",\"description\":\"Like Chato? Come chat with more than 5.000.000 strangers on Strangercam for Free! Turn on your cam and find new friends & maby a match!\",\"breadcrumb\":{\"@id\":\"https:\\\/\\\/strangercam.com\\\/chato\\\/#breadcrumb\"},\"inLanguage\":\"cs\",\"potentialAction\":[{\"@type\":\"ReadAction\",\"target\":[\"https:\\\/\\\/strangercam.com\\\/chato\\\/\"]}]},{\"@type\":\"BreadcrumbList\",\"@id\":\"https:\\\/\\\/strangercam.com\\\/chato\\\/#breadcrumb\",\"itemListElement\":[{\"@type\":\"ListItem\",\"position\":1,\"name\":\"Home\",\"item\":\"https:\\\/\\\/strangercam.com\\\/\"},{\"@type\":\"ListItem\",\"position\":2,\"name\":\"Chato\"}]},{\"@type\":\"WebSite\",\"@id\":\"https:\\\/\\\/strangercam.com\\\/#website\",\"url\":\"https:\\\/\\\/strangercam.com\\\/\",\"name\":\"Strangercam\",\"description\":\"Random Video Chat with Strangers\",\"publisher\":{\"@id\":\"https:\\\/\\\/strangercam.com\\\/#organization\"},\"alternateName\":\"Strangercam.com\",\"potentialAction\":[{\"@type\":\"SearchAction\",\"target\":{\"@type\":\"EntryPoint\",\"urlTemplate\":\"https:\\\/\\\/strangercam.com\\\/?s={search_term_string}\"},\"query-input\":{\"@type\":\"PropertyValueSpecification\",\"valueRequired\":true,\"valueName\":\"search_term_string\"}}],\"inLanguage\":\"cs\"},{\"@type\":\"Organization\",\"@id\":\"https:\\\/\\\/strangercam.com\\\/#organization\",\"name\":\"Strangercam\",\"alternateName\":\"Strangercam.com\",\"url\":\"https:\\\/\\\/strangercam.com\\\/\",\"logo\":{\"@type\":\"ImageObject\",\"inLanguage\":\"cs\",\"@id\":\"https:\\\/\\\/strangercam.com\\\/#\\\/schema\\\/logo\\\/image\\\/\",\"url\":\"https:\\\/\\\/strangercam.com\\\/wp-content\\\/uploads\\\/2020\\\/11\\\/cropped-new-favicon-black.png\",\"contentUrl\":\"https:\\\/\\\/strangercam.com\\\/wp-content\\\/uploads\\\/2020\\\/11\\\/cropped-new-favicon-black.png\",\"width\":512,\"height\":512,\"caption\":\"Strangercam\"},\"image\":{\"@id\":\"https:\\\/\\\/strangercam.com\\\/#\\\/schema\\\/logo\\\/image\\\/\"},\"sameAs\":[\"https:\\\/\\\/www.facebook.com\\\/strangercam\",\"https:\\\/\\\/x.com\\\/strangercamapp\"]}]}<\/script>\n<!-- \/ Yoast SEO plugin. -->","yoast_head_json":{"title":"Chato - Video chat a z\u00e1bava - StrangerCam.com","description":"Jako Chato? Poj\u010fte si zdarma popov\u00eddat s v\u00edce ne\u017e 5 000 000 cizinci na Strangercam! Zapn\u011bte kameru a najd\u011bte si nov\u00e9 p\u0159\u00e1tele a mo\u017en\u00e1 i prot\u011bj\u0161ek!","robots":{"index":"index","follow":"follow","max-snippet":"max-snippet:-1","max-image-preview":"max-image-preview:large","max-video-preview":"max-video-preview:-1"},"canonical":"https:\/\/strangercam.com\/cs\/chato\/","og_locale":"cs_CZ","og_type":"article","og_title":"Chato - Video Chat & Have Fun - StrangerCam.com","og_description":"Like Chato? Come chat with more than 5.000.000 strangers on Strangercam for Free! Turn on your cam and find new friends & maby a match!","og_url":"https:\/\/strangercam.com\/cs\/chato\/","og_site_name":"Strangercam","article_publisher":"https:\/\/www.facebook.com\/strangercam","og_image":[{"width":800,"height":532,"url":"https:\/\/strangercam.com\/wp-content\/uploads\/2021\/10\/Untitled-2.png","type":"image\/png"}],"twitter_card":"summary_large_image","twitter_site":"@strangercamapp","twitter_misc":{"Odhadovan\u00e1 doba \u010dten\u00ed":"5 minut"},"schema":{"@context":"https:\/\/schema.org","@graph":[{"@type":"WebPage","@id":"https:\/\/strangercam.com\/chato\/","url":"https:\/\/strangercam.com\/chato\/","name":"Chato - Video chat a z\u00e1bava - StrangerCam.com","isPartOf":{"@id":"https:\/\/strangercam.com\/#website"},"datePublished":"2025-09-10T09:53:09+00:00","description":"Jako Chato? Poj\u010fte si zdarma popov\u00eddat s v\u00edce ne\u017e 5 000 000 cizinci na Strangercam! Zapn\u011bte kameru a najd\u011bte si nov\u00e9 p\u0159\u00e1tele a mo\u017en\u00e1 i prot\u011bj\u0161ek!","breadcrumb":{"@id":"https:\/\/strangercam.com\/chato\/#breadcrumb"},"inLanguage":"cs","potentialAction":[{"@type":"ReadAction","target":["https:\/\/strangercam.com\/chato\/"]}]},{"@type":"BreadcrumbList","@id":"https:\/\/strangercam.com\/chato\/#breadcrumb","itemListElement":[{"@type":"ListItem","position":1,"name":"Home","item":"https:\/\/strangercam.com\/"},{"@type":"ListItem","position":2,"name":"Chato"}]},{"@type":"WebSite","@id":"https:\/\/strangercam.com\/#website","url":"https:\/\/strangercam.com\/","name":"Strangercam","description":"N\u00e1hodn\u00fd videochat s ciz\u00edmi lidmi","publisher":{"@id":"https:\/\/strangercam.com\/#organization"},"alternateName":"Strangercam.com","potentialAction":[{"@type":"SearchAction","target":{"@type":"EntryPoint","urlTemplate":"https:\/\/strangercam.com\/?s={search_term_string}"},"query-input":{"@type":"PropertyValueSpecification","valueRequired":true,"valueName":"search_term_string"}}],"inLanguage":"cs"},{"@type":"Organization","@id":"https:\/\/strangercam.com\/#organization","name":"Strangercam","alternateName":"Strangercam.com","url":"https:\/\/strangercam.com\/","logo":{"@type":"ImageObject","inLanguage":"cs","@id":"https:\/\/strangercam.com\/#\/schema\/logo\/image\/","url":"https:\/\/strangercam.com\/wp-content\/uploads\/2020\/11\/cropped-new-favicon-black.png","contentUrl":"https:\/\/strangercam.com\/wp-content\/uploads\/2020\/11\/cropped-new-favicon-black.png","width":512,"height":512,"caption":"Strangercam"},"image":{"@id":"https:\/\/strangercam.com\/#\/schema\/logo\/image\/"},"sameAs":["https:\/\/www.facebook.com\/strangercam","https:\/\/x.com\/strangercamapp"]}]}},"_links":{"self":[{"href":"https:\/\/strangercam.com\/cs\/wp-json\/wp\/v2\/pages\/13020","targetHints":{"allow":["GET"]}}],"collection":[{"href":"https:\/\/strangercam.com\/cs\/wp-json\/wp\/v2\/pages"}],"about":[{"href":"https:\/\/strangercam.com\/cs\/wp-json\/wp\/v2\/types\/page"}],"author":[{"embeddable":true,"href":"https:\/\/strangercam.com\/cs\/wp-json\/wp\/v2\/users\/6"}],"replies":[{"embeddable":true,"href":"https:\/\/strangercam.com\/cs\/wp-json\/wp\/v2\/comments?post=13020"}],"version-history":[{"count":1,"href":"https:\/\/strangercam.com\/cs\/wp-json\/wp\/v2\/pages\/13020\/revisions"}],"predecessor-version":[{"id":13021,"href":"https:\/\/strangercam.com\/cs\/wp-json\/wp\/v2\/pages\/13020\/revisions\/13021"}],"wp:attachment":[{"href":"https:\/\/strangercam.com\/cs\/wp-json\/wp\/v2\/media?parent=13020"}],"curies":[{"name":"wp","href":"https:\/\/api.w.org\/{rel}","templated":true}]}}