{"id":12946,"date":"2025-07-28T12:00:33","date_gmt":"2025-07-28T10:00:33","guid":{"rendered":"https:\/\/strangercam.com\/?page_id=12946"},"modified":"2025-07-28T12:00:33","modified_gmt":"2025-07-28T10:00:33","slug":"zeechat","status":"publish","type":"page","link":"https:\/\/strangercam.com\/cs\/zeechat\/","title":{"rendered":"Zeechat"},"content":{"rendered":"<p>S pokra\u010duj\u00edc\u00ed popularitou n\u00e1hodn\u00e9ho videochatu se objevuje vlna nov\u00fdch platforem, kter\u00e9 hledaj\u00ed nov\u00e9, anonymn\u00ed zp\u016fsoby, jak se s u\u017eivateli <a href=\"https:\/\/strangercam.com\/cs\/coomeet\/\">Seznamte se s<\/a> lid\u00ed po cel\u00e9m sv\u011bt\u011b. Zeechat je jedn\u00edm z nejnov\u011bj\u0161\u00edch \u00fa\u010dastn\u00edk\u016f, jeho\u017e c\u00edlem je obnovit rychl\u00e9, spont\u00e1nn\u00ed vzru\u0161en\u00ed z <a href=\"https:\/\/strangercam.com\/cs\/omegle\/\">Omegle<\/a> a Chatroulette - a z\u00e1rove\u0148 p\u0159id\u00e1v\u00e1 modern\u00ed design, robustn\u00ed bezpe\u010dnostn\u00ed prvky a bezprobl\u00e9movou mobiln\u00ed kompatibilitu.<\/p>\n<p>Vynik\u00e1 v\u0161ak Zeechat v p\u0159epln\u011bn\u00e9m poli alternativ Omegle? Je snadno pou\u017eiteln\u00fd, bezpe\u010dn\u00fd a stoj\u00ed za v\u00e1\u0161 \u010das v roce 2025? V t\u00e9to podrobn\u00e9 recenzi prozkoum\u00e1me v\u0161e, co pot\u0159ebujete v\u011bd\u011bt: jak Zeechat funguje, jak\u00e9 jsou jeho kl\u00ed\u010dov\u00e9 funkce, bezpe\u010dnostn\u00ed n\u00e1stroje, u\u017eivatelsk\u00e1 z\u00e1kladna a jak si stoj\u00ed v porovn\u00e1n\u00ed s nejlep\u0161\u00edmi konkurenty v oblasti n\u00e1hodn\u00fdch videochat\u016f.<\/p>\n<h2>Co je Zeechat?<\/h2>\n<p>Zeechat je str\u00e1nka pro n\u00e1hodn\u00fd videochat v prohl\u00ed\u017ee\u010di, kter\u00e1 okam\u017eit\u011b spojuje u\u017eivatele pro konverzace jeden na jednoho s ciz\u00edmi lidmi po cel\u00e9m sv\u011bt\u011b. Stejn\u011b jako p\u016fvodn\u00ed slu\u017eba Omegle klade i Zeechat d\u016fraz na anonymitu, rychlost a jednoduchost - nen\u00ed t\u0159eba se registrovat, stahovat \u017e\u00e1dnou aplikaci ani uv\u00e1d\u011bt osobn\u00ed \u00fadaje.<\/p>\n<p>Jedin\u00fdm kliknut\u00edm jsou u\u017eivatel\u00e9 p\u0159i\u0159azeni k soukrom\u00e9mu videochatu. A\u0165 u\u017e chcete flirtovat, navazovat p\u0159\u00e1telstv\u00ed, procvi\u010dovat jazyky, nebo si jen u\u017e\u00edvat nez\u00e1vaznou komunikaci, Zeechat v\u00e1m to usnadn\u00ed a zp\u0159\u00edstupn\u00ed, a to v\u0161e p\u0159i zachov\u00e1n\u00ed va\u0161\u00ed soukrom\u00e9 identity.<\/p>\n<h2>K \u010demu slou\u017e\u00ed Zeechat?<\/h2>\n<p>Hlavn\u00edm posl\u00e1n\u00edm Zeechat je o\u017eivit vzru\u0161en\u00ed z anonymn\u00edch, nepsan\u00fdch online setk\u00e1n\u00ed a spojit lidi z r\u016fzn\u00fdch kultur a prost\u0159ed\u00ed pro \u017eiv\u00fd chat tv\u00e1\u0159\u00ed v tv\u00e1\u0159. Zeechat vynik\u00e1 hned z n\u011bkolika d\u016fvod\u016f:<\/p>\n<ul>\n<li>Skute\u010dn\u00e1 anonymita: \u017d\u00e1dn\u00e9 \u00fa\u010dty, u\u017eivatelsk\u00e1 jm\u00e9na ani osobn\u00ed \u00fadaje nejsou pot\u0159eba.<\/li>\n<li>Okam\u017eit\u00e9 p\u0159ipojen\u00ed: Rychl\u00e9 p\u00e1rov\u00e1n\u00ed s ciz\u00edmi lidmi, \u017e\u00e1dn\u00e9 \u010dek\u00e1rny<\/li>\n<li>Modern\u00ed design p\u0159ipraven\u00fd pro mobiln\u00ed za\u0159\u00edzen\u00ed: \u010cist\u00e9, responzivn\u00ed rozhran\u00ed pro jak\u00e9koli za\u0159\u00edzen\u00ed<\/li>\n<li>P\u0159\u00edstup zam\u011b\u0159en\u00fd na bezpe\u010dnost: Proaktivn\u00ed moderov\u00e1n\u00ed a u\u017eivatelsky p\u0159\u00edv\u011btiv\u00e9 n\u00e1stroje pro pod\u00e1v\u00e1n\u00ed zpr\u00e1v<\/li>\n<\/ul>\n<p>A\u0165 u\u017e hled\u00e1te skute\u010dnou konverzaci, kulturn\u00ed v\u00fdm\u011bnu, lehk\u00fd flirt nebo jen zahn\u00e1n\u00ed nudy, Zeechat nab\u00edz\u00ed n\u00edzkoprahov\u00fd zp\u016fsob, jak se spojit se sv\u011btem.<\/p>\n<h2>Kl\u00ed\u010dov\u00e9 vlastnosti<\/h2>\n<p>1. Okam\u017eit\u00fd n\u00e1hodn\u00fd videochat<br \/>\nSrdcem za\u0159\u00edzen\u00ed Zeechat je funkce porovn\u00e1v\u00e1n\u00ed videa jeden na jednoho. Klikn\u011bte na \"Spustit chat\", povolte p\u0159\u00edstup ke kame\u0159e a mikrofonu a jste sp\u00e1rov\u00e1ni s jin\u00fdm u\u017eivatelem odkudkoli na sv\u011bt\u011b - nen\u00ed t\u0159eba se p\u0159ihla\u0161ovat ani stahovat.<\/p>\n<p>2. Mo\u017enost textov\u00e9ho chatu<br \/>\nPro ty, kte\u0159\u00ed se styd\u00ed za kameru, maj\u00ed pomal\u00e9 p\u0159ipojen\u00ed nebo prost\u011b rad\u011bji p\u00ed\u0161\u00ed, umo\u017e\u0148uje Zeechat pos\u00edlat zpr\u00e1vy spole\u010dn\u011b s videem. Tento du\u00e1ln\u00ed re\u017eim je ide\u00e1ln\u00ed pro prolomen\u00ed led\u016f nebo p\u0159ekon\u00e1n\u00ed jazykov\u00fdch rozd\u00edl\u016f.<\/p>\n<p>3. Tla\u010d\u00edtko rychl\u00e9ho p\u0159eskakov\u00e1n\u00ed \/ dal\u0161\u00edho p\u0159eskakov\u00e1n\u00ed<br \/>\nPokud konverzace nen\u00ed v\u00e1\u0161 styl, jednodu\u0161e stiskn\u011bte tla\u010d\u00edtko \"Dal\u0161\u00ed\" a pokra\u010dujte d\u00e1l. Srovn\u00e1vac\u00ed engine Zeechat zaji\u0161\u0165uje minim\u00e1ln\u00ed prodlevy mezi konverzacemi, tak\u017ee z\u00e1\u017eitek z konverzace z\u016fst\u00e1v\u00e1 z\u00e1bavn\u00fd a dynamick\u00fd.<\/p>\n<p>4. 100% Zdarma a bez registrace<br \/>\nV\u0161echny funkce jsou k dispozici zdarma, bez registrace nebo p\u0159ihl\u00e1\u0161en\u00ed. T\u00edm je zaji\u0161t\u011bno maxim\u00e1ln\u00ed soukrom\u00ed a bezprobl\u00e9mov\u00fd u\u017eivatelsk\u00fd z\u00e1\u017eitek.<\/p>\n<p>5. Modern\u00ed design vhodn\u00fd pro mobiln\u00ed za\u0159\u00edzen\u00ed<br \/>\nRozhran\u00ed Zeechat je citliv\u00e9 a optimalizovan\u00e9 pro dotykov\u00e9 ovl\u00e1d\u00e1n\u00ed, tak\u017ee nab\u00edz\u00ed stejn\u011b plynul\u00fd v\u00fdkon na chytr\u00fdch telefonech, tabletech i stoln\u00edch po\u010d\u00edta\u010d\u00edch.<\/p>\n<p>6. Vestav\u011bn\u00e9 n\u00e1stroje pro moderov\u00e1n\u00ed a pod\u00e1v\u00e1n\u00ed zpr\u00e1v<br \/>\nAby byl Zeechat bezpe\u010dn\u00fd a p\u0159\u00edjemn\u00fd, obsahuje ka\u017ed\u00fd chat viditeln\u00e9 tla\u010d\u00edtko \"Nahl\u00e1sit\". U\u017eivatel\u00e9 mohou okam\u017eit\u011b ozna\u010dit jak\u00e9koli nevhodn\u00e9 chov\u00e1n\u00ed, zat\u00edmco moder\u00e1to\u0159i a n\u00e1stroje \u0159\u00edzen\u00e9 um\u011blou inteligenc\u00ed sleduj\u00ed, zda nedoch\u00e1z\u00ed ke zneu\u017e\u00edv\u00e1n\u00ed nebo poru\u0161ov\u00e1n\u00ed obsahu.<\/p>\n<p>7. Nadn\u00e1rodn\u00ed u\u017eivatelsk\u00e1 z\u00e1kladna<br \/>\nD\u00edky u\u017eivatel\u016fm z des\u00edtek zem\u00ed, kte\u0159\u00ed jsou online 24 hodin denn\u011b a 7 dn\u00ed v t\u00fddnu, je Zeechat tavic\u00edm kotlem kultur, co\u017e z n\u011bj \u010din\u00ed skv\u011blou platformu pro jazykovou praxi a mezin\u00e1rodn\u00ed p\u0159\u00e1telstv\u00ed.<\/p>\n<h2>Je Zeechat zdarma?<\/h2>\n<p>Ano, Zeechat je 100% zdarma. Neexistuj\u00ed \u017e\u00e1dn\u00e9 skryt\u00e9 poplatky, p\u0159edplatn\u00e9 ani platebn\u00ed br\u00e1ny pro z\u00e1kladn\u00ed video nebo textov\u00fd chat. Platforma m\u016f\u017ee spou\u0161t\u011bt lehk\u00e9, nen\u00e1padn\u00e9 reklamy na podporu n\u00e1klad\u016f, ale ty nikdy neblokuj\u00ed ani nezhor\u0161uj\u00ed z\u00e1kladn\u00ed z\u00e1\u017eitek z chatov\u00e1n\u00ed.<\/p>\n<p>V\u0161ichni u\u017eivatel\u00e9 maj\u00ed stejn\u00fd p\u0159\u00edstup k:<\/p>\n<ul>\n<li>Neomezen\u00e9 relace videochatu a textov\u00e9ho chatu<\/li>\n<li>Funkce p\u0159eskakov\u00e1n\u00ed\/dal\u0161\u00ed<\/li>\n<li>N\u00e1stroje pro hl\u00e1\u0161en\u00ed a blokov\u00e1n\u00ed<\/li>\n<li>Pln\u00e1 podpora stoln\u00edch po\u010d\u00edta\u010d\u016f a mobiln\u00edch za\u0159\u00edzen\u00ed<\/li>\n<\/ul>\n<h2>Kdo pou\u017e\u00edv\u00e1 Zeechat?<\/h2>\n<p>Jednoduch\u00fd a bezbari\u00e9rov\u00fd p\u0159\u00edstup Zeechat p\u0159itahuje \u0161irok\u00e9 mezin\u00e1rodn\u00ed publikum, v\u010detn\u011b:<\/p>\n<ul>\n<li>V\u011bk: P\u0159ev\u00e1\u017en\u011b dosp\u011bl\u00ed 18-35 let, s p\u0159\u00edsn\u00fdmi po\u017eadavky 18+<\/li>\n<li>Geografie: U\u017eivatel\u00e9 ze Severn\u00ed Ameriky, Evropy, Indie, jihov\u00fdchodn\u00ed Asie, Braz\u00edlie a dal\u0161\u00edch zem\u00ed.<\/li>\n<li>Z\u00e1jmy: navazov\u00e1n\u00ed nov\u00fdch p\u0159\u00e1telstv\u00ed, jazykov\u00e1 v\u00fdm\u011bna, flirtov\u00e1n\u00ed, spole\u010densk\u00fd \u017eivot a z\u00e1bava<\/li>\n<\/ul>\n<p>Platforma je ur\u010dena student\u016fm, cestovatel\u016fm, digit\u00e1ln\u00edm nom\u00e1d\u016fm a v\u0161em, kte\u0159\u00ed hledaj\u00ed up\u0159\u00edmn\u00e9 nebo odleh\u010den\u00e9 konverzace mimo sv\u016fj b\u011b\u017en\u00fd soci\u00e1ln\u00ed okruh.<\/p>\n<p>Stejn\u011b jako u v\u011bt\u0161iny <a href=\"https:\/\/strangercam.com\/cs\/bazoocam\/\">cam<\/a> chatovac\u00edch str\u00e1nek je obvykle v\u00edce u\u017eivatel\u016f mu\u017esk\u00e9ho ne\u017e \u017eensk\u00e9ho pohlav\u00ed, ale s rostouc\u00ed pov\u011bst\u00ed platformy se pom\u011br mezi pohlav\u00edmi pomalu zlep\u0161uje.<\/p>\n<h2>Bezpe\u010dnost, soukrom\u00ed a moderov\u00e1n\u00ed<\/h2>\n<p>Zeechat klade velk\u00fd d\u016fraz na bezpe\u010dnost a ochranu soukrom\u00ed u\u017eivatel\u016f a obsahuje n\u011bkolik d\u016fle\u017eit\u00fdch opat\u0159en\u00ed:<\/p>\n<h3>Ochrana osobn\u00edch \u00fadaj\u016f<\/h3>\n<ul>\n<li>Nevy\u017eaduje se \u017e\u00e1dn\u00e1 registrace, e-maily ani osobn\u00ed \u00fadaje<\/li>\n<li>\u017d\u00e1dn\u00e9 chaty se neukl\u00e1daj\u00ed, neukl\u00e1daj\u00ed ani v nich nelze vyhled\u00e1vat.<\/li>\n<li>P\u0159\u00edstup k webov\u00e9 kame\u0159e a mikrofonu je zalo\u017een na relaci a je v\u017edy pod va\u0161\u00ed kontrolou.<\/li>\n<\/ul>\n<h3>Moderov\u00e1n\u00ed<\/h3>\n<ul>\n<li>Hl\u00e1\u0161en\u00ed v chatu: Okam\u017eit\u011b ozna\u010dte ur\u00e1\u017eliv\u00e9 nebo nevhodn\u00e9 u\u017eivatele.<\/li>\n<li>Monitorov\u00e1n\u00ed obsahu pomoc\u00ed um\u011bl\u00e9 inteligence: Odhaluje nahotu a poru\u0161ov\u00e1n\u00ed z\u00e1sad v re\u00e1ln\u00e9m \u010dase.<\/li>\n<li>Aktivn\u00ed lid\u0161t\u00ed moder\u00e1to\u0159i: P\u0159ezkoum\u00e1vaj\u00ed hl\u00e1\u0161en\u00ed a vym\u00e1haj\u00ed z\u00e1kazy opakovan\u00fdch p\u0159estupk\u016f.<\/li>\n<\/ul>\n<h3>Osv\u011bd\u010den\u00e9 postupy pro u\u017eivatele<\/h3>\n<ul>\n<li>Nikdy nesd\u011blujte osobn\u00ed \u00fadaje v chatu<\/li>\n<li>Voln\u011b pou\u017eijte tla\u010d\u00edtka \"Dal\u0161\u00ed\" a \"Nahl\u00e1sit\".<\/li>\n<li>Opustit nebo p\u0159esko\u010dit konverzaci, kter\u00e1 je v\u00e1m nep\u0159\u00edjemn\u00e1.<\/li>\n<li>Zeechat je ur\u010den v\u00fdhradn\u011b pro dosp\u011bl\u00e9 (18+)<\/li>\n<\/ul>\n<h2>Zku\u0161enosti u\u017eivatel\u016f a design<\/h2>\n<p>Design Zeechat je modern\u00ed, p\u0159ehledn\u00fd a velmi intuitivn\u00ed:<\/p>\n<ul>\n<li>\u00davodn\u00ed str\u00e1nka nab\u00edz\u00ed tu\u010dn\u00e9 tla\u010d\u00edtko \"Zah\u00e1jit chat\" s informacemi o ochran\u011b osobn\u00edch \u00fadaj\u016f a bezpe\u010dnosti.<\/li>\n<li>Okna videa jsou velk\u00e1 a p\u0159ehledn\u00e1, s viditeln\u00fdmi ovl\u00e1dac\u00edmi prvky pro p\u0159eskakov\u00e1n\u00ed, ztlumen\u00ed a hl\u00e1\u0161en\u00ed.<\/li>\n<li>Str\u00e1nky se rychle na\u010d\u00edtaj\u00ed a plynule p\u0159ech\u00e1zej\u00ed mezi chaty s minim\u00e1ln\u00edm zpo\u017ed\u011bn\u00edm.<\/li>\n<li>Mobiln\u00ed i desktopov\u00e1 verze nab\u00edz\u00ed stejn\u00e9 funkce a spolehliv\u00fd v\u00fdkon.<\/li>\n<\/ul>\n<p>Nejsou zde \u017e\u00e1dn\u00e1 vyskakovac\u00ed okna, agresivn\u00ed reklamy ani slo\u017eit\u00e9 nab\u00eddky, tak\u017ee Zeechat se snadno pou\u017e\u00edv\u00e1 jak pro nov\u00e9, tak pro zku\u0161en\u00e9 kec\u00e1lky.<\/p>\n<h2>Zeechat vs Ostatn\u00ed platformy pro n\u00e1hodn\u00fd videochat<\/h2>\n<p>Jak si Zeechat vede v porovn\u00e1n\u00ed s ostatn\u00edmi p\u0159edn\u00edmi weby pro n\u00e1hodn\u00fd chat?<\/p>\n<table>\n<thead>\n<tr>\n<th>Funkce<\/th>\n<th>Zeechat<\/th>\n<th>Omegle (uzav\u0159en\u00fd)<\/th>\n<th>Ohmegle<\/th>\n<th>Chaty<\/th>\n<th><a href=\"https:\/\/strangercam.com\/cs\/ometv\/\">OmeTV<\/a><\/th>\n<th>Lotta<\/th>\n<\/tr>\n<\/thead>\n<tbody>\n<tr>\n<td>Videochat<\/td>\n<td>Ano<\/td>\n<td>Ano<\/td>\n<td>Ano<\/td>\n<td>Ano<\/td>\n<td>Ano<\/td>\n<td>Ano<\/td>\n<\/tr>\n<tr>\n<td>Textov\u00fd chat<\/td>\n<td>Ano<\/td>\n<td>Ano<\/td>\n<td>Ano<\/td>\n<td>Ano<\/td>\n<td>Ano<\/td>\n<td>Ano<\/td>\n<\/tr>\n<tr>\n<td>Pot\u0159ebn\u00e1 registrace<\/td>\n<td>Ne<\/td>\n<td>Ne<\/td>\n<td>Ne<\/td>\n<td>Ne<\/td>\n<td>Ne<\/td>\n<td>Ne<\/td>\n<\/tr>\n<tr>\n<td>Mobiln\u00ed podpora<\/td>\n<td>Vynikaj\u00edc\u00ed<\/td>\n<td>\u0160patn\u00fd<\/td>\n<td>Vynikaj\u00edc\u00ed<\/td>\n<td>Vynikaj\u00edc\u00ed<\/td>\n<td>Dobr\u00fd<\/td>\n<td>Vynikaj\u00edc\u00ed<\/td>\n<\/tr>\n<tr>\n<td>N\u00e1stroje pro moderov\u00e1n\u00ed<\/td>\n<td>Siln\u00fd<\/td>\n<td>Slab\u00e9<\/td>\n<td>M\u00edrn\u00e1<\/td>\n<td>M\u00edrn\u00e1<\/td>\n<td>Siln\u00fd<\/td>\n<td>Dobr\u00fd<\/td>\n<\/tr>\n<tr>\n<td>Bezplatn\u00e9 pou\u017eit\u00ed<\/td>\n<td>Ano<\/td>\n<td>Ano<\/td>\n<td>Ano<\/td>\n<td>Ano<\/td>\n<td>Ano\/plat\u00ed se<\/td>\n<td>Ano<\/td>\n<\/tr>\n<tr>\n<td>Filtry pohlav\u00ed\/regionu<\/td>\n<td>Ne<\/td>\n<td>Ne<\/td>\n<td>Ne<\/td>\n<td>Ne<\/td>\n<td>Placen\u00e9<\/td>\n<td>Ne<\/td>\n<\/tr>\n<\/tbody>\n<\/table>\n<p>Shrnut\u00ed: Silnou str\u00e1nkou aplikace Zeechat je jej\u00ed modern\u00ed, minim\u00e1ln\u00ed rozhran\u00ed, rychl\u00e9 porovn\u00e1v\u00e1n\u00ed a p\u0159\u00edstupn\u00e9, pln\u011b anonymn\u00ed prost\u0159ed\u00ed. Nenab\u00edz\u00ed sice pokro\u010dil\u00e9 filtry ani pr\u00e9miov\u00e9 v\u00fdhody, ale je to jeden z nejjednodu\u0161\u0161\u00edch zp\u016fsob\u016f, jak anonymn\u011b chatovat s nov\u00fdmi lidmi kdekoli a kdykoli.<\/p>\n<h2>V\u00fdhody a nev\u00fdhody<\/h2>\n<p>Klady:<\/p>\n<ul>\n<li>100% zdarma, okam\u017eit\u00fd p\u0159\u00edstup - nen\u00ed nutn\u00e1 registrace<\/li>\n<li>Anonymita a siln\u00e1 ochrana soukrom\u00ed<\/li>\n<li>Rychl\u00fd a stabiln\u00ed videochat a textov\u00fd chat<\/li>\n<li>Modern\u00ed rozhran\u00ed vhodn\u00e9 pro mobiln\u00ed za\u0159\u00edzen\u00ed<\/li>\n<li>Robustn\u00ed moderov\u00e1n\u00ed a hl\u00e1\u0161en\u00ed u\u017eivatel\u016f<\/li>\n<li>Mezin\u00e1rodn\u00ed, multikulturn\u00ed u\u017eivatelsk\u00e1 z\u00e1kladna<\/li>\n<\/ul>\n<p>Nev\u00fdhody:<\/p>\n<ul>\n<li>\u017d\u00e1dn\u00e9 filtry podle pohlav\u00ed nebo regionu (p\u0159i\u0159azov\u00e1n\u00ed je zcela n\u00e1hodn\u00e9).<\/li>\n<li>Ob\u010dasn\u00fd nevhodn\u00fd obsah (spole\u010dn\u00fd pro v\u0161echny anonymn\u00ed chatovac\u00ed str\u00e1nky).<\/li>\n<li>V\u00edce u\u017eivatel\u016f mu\u017esk\u00e9ho ne\u017e \u017eensk\u00e9ho pohlav\u00ed<\/li>\n<li>\u017d\u00e1dn\u00e9 u\u017eivatelsk\u00e9 profily ani historie chatu<\/li>\n<li>\u017d\u00e1dn\u00fd zp\u016fsob, jak se znovu p\u0159ipojit k p\u0159edchoz\u00edm u\u017eivatel\u016fm<\/li>\n<\/ul>\n<h2>Ide\u00e1ln\u00ed p\u0159\u00edpady pou\u017eit\u00ed<\/h2>\n<p>Zeechat je ide\u00e1ln\u00ed pro:<\/p>\n<ul>\n<li>Fanou\u0161ci Omegle, <a href=\"https:\/\/strangercam.com\/cs\/chatroulette\/\">Chatroulette<\/a>, nebo Ohmegle, kter\u00fd hled\u00e1 modern\u00ed, bezprobl\u00e9movou alternativu.<\/li>\n<li>Dosp\u011bl\u00ed hledaj\u00ed spont\u00e1nn\u00ed videochaty s lidmi z cel\u00e9ho sv\u011bta.<\/li>\n<li>Studenti jazyk\u016f, cestovatel\u00e9 a expati, kte\u0159\u00ed cht\u011bj\u00ed autentickou kulturn\u00ed v\u00fdm\u011bnu.<\/li>\n<li>Ka\u017ed\u00fd, kdo se nud\u00ed a hled\u00e1 nepsanou interakci tv\u00e1\u0159\u00ed v tv\u00e1\u0159.<\/li>\n<li>U\u017eivatel\u00e9, kte\u0159\u00ed si cen\u00ed anonymity a necht\u011bj\u00ed se registrovat nebo instalovat aplikace.<\/li>\n<\/ul>\n<p>M\u00e9n\u011b ide\u00e1ln\u00ed pro:<\/p>\n<ul>\n<li>U\u017eivatel\u00e9 mlad\u0161\u00ed 18 let (pouze dosp\u011bl\u00ed)<\/li>\n<li>Ti, kte\u0159\u00ed hledaj\u00ed seznamovac\u00ed filtry nebo kur\u00e1torsk\u00e9 dohazov\u00e1n\u00ed.<\/li>\n<li>Lid\u00e9, kte\u0159\u00ed cht\u011bj\u00ed trval\u00e9 profily nebo seznamy p\u0159\u00e1tel<\/li>\n<\/ul>\n<p>Zeechat je jednou z nejslibn\u011bj\u0161\u00edch nov\u00fdch platforem pro n\u00e1hodn\u00fd videochat v roce 2025, kter\u00e1 kombinuje okam\u017eit\u00e9 anonymn\u00ed p\u0159ipojen\u00ed s \u010dist\u00fdm rozhran\u00edm a proaktivn\u00edmi bezpe\u010dnostn\u00edmi n\u00e1stroji. P\u0159in\u00e1\u0161\u00ed z\u00e1bavu a vzru\u0161en\u00ed klasick\u00e9ho chatu ve stylu Omegle nov\u00e9 generaci - na po\u010d\u00edta\u010di nebo mobilu, v\u017edy zdarma a v\u017edy soukrom\u011b.<\/p>\n<p>Pokud se chcete sezn\u00e1mit s nov\u00fdmi lidmi, u\u017e\u00edt si neskriptovan\u00e9 konverzace nebo jen za\u017e\u00edt vzru\u0161en\u00ed z n\u00e1hodn\u00e9ho videochatu bez jak\u00fdchkoli probl\u00e9m\u016f, Zeechat rozhodn\u011b stoj\u00ed za vyzkou\u0161en\u00ed.<\/p>","protected":false},"excerpt":{"rendered":"<p>With the continued popularity of random video chat, a wave of new platforms is catering to users seeking fresh, anonymous ways to meet people worldwide. Zeechat is one of the newest entrants, aiming to recapture the fast, spontaneous thrill of Omegle and Chatroulette\u2014while adding modern design, robust safety features, and seamless mobile compatibility. But does [&hellip;]<\/p>\n","protected":false},"author":6,"featured_media":0,"parent":0,"menu_order":0,"comment_status":"closed","ping_status":"closed","template":"","meta":{"footnotes":""},"class_list":["post-12946","page","type-page","status-publish","hentry"],"yoast_head":"<!-- This site is optimized with the Yoast SEO plugin v27.4 - https:\/\/yoast.com\/product\/yoast-seo-wordpress\/ -->\n<title>Zeechat - Live Video Chat, Online Video Call - StrangerCam<\/title>\n<meta name=\"description\" content=\"Like Zeechat? Come chat with more than 5.000.000 strangers on Stranger Cam for Free! Turn on your cam and find new friends &amp; maby a match!\" \/>\n<meta name=\"robots\" content=\"index, follow, max-snippet:-1, max-image-preview:large, max-video-preview:-1\" \/>\n<link rel=\"canonical\" href=\"https:\/\/strangercam.com\/cs\/zeechat\/\" \/>\n<meta property=\"og:locale\" content=\"cs_CZ\" \/>\n<meta property=\"og:type\" content=\"article\" \/>\n<meta property=\"og:title\" content=\"Zeechat - Live Video Chat, Online Video Call - StrangerCam\" \/>\n<meta property=\"og:description\" content=\"Like Zeechat? Come chat with more than 5.000.000 strangers on Stranger Cam for Free! Turn on your cam and find new friends &amp; maby a match!\" \/>\n<meta property=\"og:url\" content=\"https:\/\/strangercam.com\/cs\/zeechat\/\" \/>\n<meta property=\"og:site_name\" content=\"Strangercam\" \/>\n<meta property=\"article:publisher\" content=\"https:\/\/www.facebook.com\/strangercam\" \/>\n<meta property=\"og:image\" content=\"https:\/\/strangercam.com\/wp-content\/uploads\/2021\/10\/Untitled-2.png\" \/>\n\t<meta property=\"og:image:width\" content=\"800\" \/>\n\t<meta property=\"og:image:height\" content=\"532\" \/>\n\t<meta property=\"og:image:type\" content=\"image\/png\" \/>\n<meta name=\"twitter:card\" content=\"summary_large_image\" \/>\n<meta name=\"twitter:site\" content=\"@strangercamapp\" \/>\n<meta name=\"twitter:label1\" content=\"Odhadovan\u00e1 doba \u010dten\u00ed\" \/>\n\t<meta name=\"twitter:data1\" content=\"6 minut\" \/>\n<script type=\"application\/ld+json\" class=\"yoast-schema-graph\">{\"@context\":\"https:\\\/\\\/schema.org\",\"@graph\":[{\"@type\":\"WebPage\",\"@id\":\"https:\\\/\\\/strangercam.com\\\/zeechat\\\/\",\"url\":\"https:\\\/\\\/strangercam.com\\\/zeechat\\\/\",\"name\":\"Zeechat - Live Video Chat, Online Video Call - StrangerCam\",\"isPartOf\":{\"@id\":\"https:\\\/\\\/strangercam.com\\\/#website\"},\"datePublished\":\"2025-07-28T10:00:33+00:00\",\"description\":\"Like Zeechat? Come chat with more than 5.000.000 strangers on Stranger Cam for Free! Turn on your cam and find new friends & maby a match!\",\"breadcrumb\":{\"@id\":\"https:\\\/\\\/strangercam.com\\\/zeechat\\\/#breadcrumb\"},\"inLanguage\":\"cs\",\"potentialAction\":[{\"@type\":\"ReadAction\",\"target\":[\"https:\\\/\\\/strangercam.com\\\/zeechat\\\/\"]}]},{\"@type\":\"BreadcrumbList\",\"@id\":\"https:\\\/\\\/strangercam.com\\\/zeechat\\\/#breadcrumb\",\"itemListElement\":[{\"@type\":\"ListItem\",\"position\":1,\"name\":\"Home\",\"item\":\"https:\\\/\\\/strangercam.com\\\/\"},{\"@type\":\"ListItem\",\"position\":2,\"name\":\"Zeechat\"}]},{\"@type\":\"WebSite\",\"@id\":\"https:\\\/\\\/strangercam.com\\\/#website\",\"url\":\"https:\\\/\\\/strangercam.com\\\/\",\"name\":\"Strangercam\",\"description\":\"Random Video Chat with Strangers\",\"publisher\":{\"@id\":\"https:\\\/\\\/strangercam.com\\\/#organization\"},\"alternateName\":\"Strangercam.com\",\"potentialAction\":[{\"@type\":\"SearchAction\",\"target\":{\"@type\":\"EntryPoint\",\"urlTemplate\":\"https:\\\/\\\/strangercam.com\\\/?s={search_term_string}\"},\"query-input\":{\"@type\":\"PropertyValueSpecification\",\"valueRequired\":true,\"valueName\":\"search_term_string\"}}],\"inLanguage\":\"cs\"},{\"@type\":\"Organization\",\"@id\":\"https:\\\/\\\/strangercam.com\\\/#organization\",\"name\":\"Strangercam\",\"alternateName\":\"Strangercam.com\",\"url\":\"https:\\\/\\\/strangercam.com\\\/\",\"logo\":{\"@type\":\"ImageObject\",\"inLanguage\":\"cs\",\"@id\":\"https:\\\/\\\/strangercam.com\\\/#\\\/schema\\\/logo\\\/image\\\/\",\"url\":\"https:\\\/\\\/strangercam.com\\\/wp-content\\\/uploads\\\/2020\\\/11\\\/cropped-new-favicon-black.png\",\"contentUrl\":\"https:\\\/\\\/strangercam.com\\\/wp-content\\\/uploads\\\/2020\\\/11\\\/cropped-new-favicon-black.png\",\"width\":512,\"height\":512,\"caption\":\"Strangercam\"},\"image\":{\"@id\":\"https:\\\/\\\/strangercam.com\\\/#\\\/schema\\\/logo\\\/image\\\/\"},\"sameAs\":[\"https:\\\/\\\/www.facebook.com\\\/strangercam\",\"https:\\\/\\\/x.com\\\/strangercamapp\"]}]}<\/script>\n<!-- \/ Yoast SEO plugin. -->","yoast_head_json":{"title":"Zeechat - \u017div\u00fd videochat, online videohovor - StrangerCam","description":"Jako Zeechat? Poj\u010fte si zdarma popov\u00eddat s v\u00edce ne\u017e 5 000 000 cizinci na Stranger Cam! Zapn\u011bte si kameru a najd\u011bte nov\u00e9 p\u0159\u00e1tele &amp; maby z\u00e1pas!","robots":{"index":"index","follow":"follow","max-snippet":"max-snippet:-1","max-image-preview":"max-image-preview:large","max-video-preview":"max-video-preview:-1"},"canonical":"https:\/\/strangercam.com\/cs\/zeechat\/","og_locale":"cs_CZ","og_type":"article","og_title":"Zeechat - Live Video Chat, Online Video Call - StrangerCam","og_description":"Like Zeechat? Come chat with more than 5.000.000 strangers on Stranger Cam for Free! Turn on your cam and find new friends & maby a match!","og_url":"https:\/\/strangercam.com\/cs\/zeechat\/","og_site_name":"Strangercam","article_publisher":"https:\/\/www.facebook.com\/strangercam","og_image":[{"width":800,"height":532,"url":"https:\/\/strangercam.com\/wp-content\/uploads\/2021\/10\/Untitled-2.png","type":"image\/png"}],"twitter_card":"summary_large_image","twitter_site":"@strangercamapp","twitter_misc":{"Odhadovan\u00e1 doba \u010dten\u00ed":"6 minut"},"schema":{"@context":"https:\/\/schema.org","@graph":[{"@type":"WebPage","@id":"https:\/\/strangercam.com\/zeechat\/","url":"https:\/\/strangercam.com\/zeechat\/","name":"Zeechat - \u017div\u00fd videochat, online videohovor - StrangerCam","isPartOf":{"@id":"https:\/\/strangercam.com\/#website"},"datePublished":"2025-07-28T10:00:33+00:00","description":"Jako Zeechat? Poj\u010fte si zdarma popov\u00eddat s v\u00edce ne\u017e 5 000 000 cizinci na Stranger Cam! Zapn\u011bte si kameru a najd\u011bte nov\u00e9 p\u0159\u00e1tele &amp; maby z\u00e1pas!","breadcrumb":{"@id":"https:\/\/strangercam.com\/zeechat\/#breadcrumb"},"inLanguage":"cs","potentialAction":[{"@type":"ReadAction","target":["https:\/\/strangercam.com\/zeechat\/"]}]},{"@type":"BreadcrumbList","@id":"https:\/\/strangercam.com\/zeechat\/#breadcrumb","itemListElement":[{"@type":"ListItem","position":1,"name":"Home","item":"https:\/\/strangercam.com\/"},{"@type":"ListItem","position":2,"name":"Zeechat"}]},{"@type":"WebSite","@id":"https:\/\/strangercam.com\/#website","url":"https:\/\/strangercam.com\/","name":"Strangercam","description":"N\u00e1hodn\u00fd videochat s ciz\u00edmi lidmi","publisher":{"@id":"https:\/\/strangercam.com\/#organization"},"alternateName":"Strangercam.com","potentialAction":[{"@type":"SearchAction","target":{"@type":"EntryPoint","urlTemplate":"https:\/\/strangercam.com\/?s={search_term_string}"},"query-input":{"@type":"PropertyValueSpecification","valueRequired":true,"valueName":"search_term_string"}}],"inLanguage":"cs"},{"@type":"Organization","@id":"https:\/\/strangercam.com\/#organization","name":"Strangercam","alternateName":"Strangercam.com","url":"https:\/\/strangercam.com\/","logo":{"@type":"ImageObject","inLanguage":"cs","@id":"https:\/\/strangercam.com\/#\/schema\/logo\/image\/","url":"https:\/\/strangercam.com\/wp-content\/uploads\/2020\/11\/cropped-new-favicon-black.png","contentUrl":"https:\/\/strangercam.com\/wp-content\/uploads\/2020\/11\/cropped-new-favicon-black.png","width":512,"height":512,"caption":"Strangercam"},"image":{"@id":"https:\/\/strangercam.com\/#\/schema\/logo\/image\/"},"sameAs":["https:\/\/www.facebook.com\/strangercam","https:\/\/x.com\/strangercamapp"]}]}},"_links":{"self":[{"href":"https:\/\/strangercam.com\/cs\/wp-json\/wp\/v2\/pages\/12946","targetHints":{"allow":["GET"]}}],"collection":[{"href":"https:\/\/strangercam.com\/cs\/wp-json\/wp\/v2\/pages"}],"about":[{"href":"https:\/\/strangercam.com\/cs\/wp-json\/wp\/v2\/types\/page"}],"author":[{"embeddable":true,"href":"https:\/\/strangercam.com\/cs\/wp-json\/wp\/v2\/users\/6"}],"replies":[{"embeddable":true,"href":"https:\/\/strangercam.com\/cs\/wp-json\/wp\/v2\/comments?post=12946"}],"version-history":[{"count":1,"href":"https:\/\/strangercam.com\/cs\/wp-json\/wp\/v2\/pages\/12946\/revisions"}],"predecessor-version":[{"id":12947,"href":"https:\/\/strangercam.com\/cs\/wp-json\/wp\/v2\/pages\/12946\/revisions\/12947"}],"wp:attachment":[{"href":"https:\/\/strangercam.com\/cs\/wp-json\/wp\/v2\/media?parent=12946"}],"curies":[{"name":"wp","href":"https:\/\/api.w.org\/{rel}","templated":true}]}}