{"id":12944,"date":"2025-07-28T11:56:56","date_gmt":"2025-07-28T09:56:56","guid":{"rendered":"https:\/\/strangercam.com\/?page_id=12944"},"modified":"2025-07-28T11:56:56","modified_gmt":"2025-07-28T09:56:56","slug":"lotta","status":"publish","type":"page","link":"https:\/\/strangercam.com\/cs\/lotta\/","title":{"rendered":"Lotta"},"content":{"rendered":"<p>Stejn\u011b jako klasick\u00e9 platformy pro n\u00e1hodn\u00fd videochat, jako je <a href=\"https:\/\/strangercam.com\/cs\/omegle\/\">Omegle<\/a> z centra pozornosti, p\u0159ich\u00e1z\u00ed nov\u00e1 vlna web\u016f, kter\u00e9 cht\u011bj\u00ed u\u017eivatel\u016fm nab\u00eddnout stejn\u00fd spont\u00e1nn\u00ed a anonymn\u00ed z\u00e1\u017eitek - s modern\u00edm n\u00e1dechem. Lotta je jednou z nejnov\u011bj\u0161\u00edch a nejrychleji rostouc\u00edch alternativ v roce 2025, kter\u00e1 kombinuje z\u00e1kladn\u00ed vzru\u0161en\u00ed z n\u00e1hodn\u00e9ho chatu mezi kamerami s vy\u0161\u0161\u00ed rychlost\u00ed, bezpe\u010dnost\u00ed a elegantn\u00edm rozhran\u00edm p\u0159ipraven\u00fdm pro mobiln\u00ed za\u0159\u00edzen\u00ed.<\/p>\n<p>Stoj\u00ed Lotta za v\u00e1\u0161 \u010das? Vynik\u00e1 mezi ostatn\u00edmi nov\u00fdmi str\u00e1nkami pro videochat ve stylu Omegle? V t\u00e9to obs\u00e1hl\u00e9 recenzi se budeme zab\u00fdvat v\u0161\u00edm, co pot\u0159ebujete v\u011bd\u011bt: jak Lotta funguje, jak\u00e9 funkce nab\u00edz\u00ed, kdo ji pou\u017e\u00edv\u00e1 a jak se srovn\u00e1v\u00e1 s ostatn\u00edmi hlavn\u00edmi platformami pro n\u00e1hodn\u00fd chat v roce 2025.<\/p>\n<h2>Co je Lotta?<\/h2>\n<p>Lotta je platforma pro n\u00e1hodn\u00fd videochat v prohl\u00ed\u017ee\u010di ur\u010den\u00e1 pro okam\u017eit\u00e9 anonymn\u00ed spojen\u00ed s ciz\u00edmi lidmi z cel\u00e9ho sv\u011bta. U\u017eivatel\u00e9 se mohou p\u0159ipojit pouh\u00fdm kliknut\u00edm - nen\u00ed nutn\u00e1 \u017e\u00e1dn\u00e1 registrace, profily ani stahov\u00e1n\u00ed aplikac\u00ed. Str\u00e1nka je vytvo\u0159ena s ohledem na rychlost a jednoduchost a umo\u017e\u0148uje zah\u00e1jit \u017eiv\u00e9 videochaty b\u011bhem n\u011bkolika sekund.<\/p>\n<p>Stejn\u011b jako p\u016fvodn\u00ed za\u0159\u00edzen\u00ed Omegle i Lotta spojuje u\u017eivatele jeden na jednoho pro soukrom\u00e9 videohovory. Ale tam, kde rozhran\u00ed Omegle nyn\u00ed p\u016fsob\u00ed zastarale a jeho moderov\u00e1n\u00ed je nekonzistentn\u00ed, Lotta p\u0159in\u00e1\u0161\u00ed modern\u011bj\u0161\u00ed, bezpe\u010dn\u011bj\u0161\u00ed a u\u017eivatelsky p\u0159\u00edv\u011btiv\u011bj\u0161\u00ed prost\u0159ed\u00ed, a to v\u0161e p\u0159i zachov\u00e1n\u00ed 100% zdarma.<\/p>\n<h2>K \u010demu slou\u017e\u00ed Lotta?<\/h2>\n<p>Slu\u017eba Lotta byla vytvo\u0159ena s c\u00edlem o\u017eivit kouzlo anonymn\u00edch n\u00e1hodn\u00fdch videochat\u016f, d\u00edky nim\u017e se slu\u017eba Omegle stala kulturn\u00edm fenom\u00e9nem, ale s kl\u00ed\u010dov\u00fdmi vylep\u0161en\u00edmi pro dne\u0161n\u00ed u\u017eivatele:<\/p>\n<ul>\n<li>Spont\u00e1nn\u00ed setk\u00e1n\u00ed tv\u00e1\u0159\u00ed v tv\u00e1\u0159: <a href=\"https:\/\/strangercam.com\/cs\/coomeet\/\">Seznamte se s<\/a> n\u011bkoho nov\u00e9ho, kdykoli a odkudkoli.<\/li>\n<li>Skute\u010dn\u00e1 anonymita: \u017d\u00e1dn\u00e9 profily, \u017e\u00e1dn\u00e1 registrace, \u017e\u00e1dn\u00e1 soci\u00e1ln\u00ed m\u00e9dia.<\/li>\n<li>Modern\u00ed bezpe\u010dnost a st\u0159\u00eddmost: Udr\u017eujte konverzace bezpe\u010dn\u00e9 a vst\u0159\u00edcn\u00e9.<\/li>\n<li>Rychl\u00fd p\u0159\u00edstup bez t\u0159en\u00ed: Za\u010dn\u011bte chatovat okam\u017eit\u011b na po\u010d\u00edta\u010di nebo mobilu.<\/li>\n<\/ul>\n<p>A\u0165 u\u017e chcete nav\u00e1zat nov\u00e1 p\u0159\u00e1telstv\u00ed, procvi\u010dit si jazyk, flirtovat nebo si prost\u011b jen z\u00e1bavn\u011b popov\u00eddat s n\u011bk\u00fdm ciz\u00edm, Lotta je ur\u010den pr\u00e1v\u011b pro v\u00e1s.<\/p>\n<h2>Kl\u00ed\u010dov\u00e9 vlastnosti<\/h2>\n<p>1. N\u00e1hodn\u00fd videochat jeden na jednoho<br \/>\nHlavn\u00ed funkc\u00ed Lotta je okam\u017eit\u00fd soukrom\u00fd chat mezi kamerami. Klikn\u011bte na tla\u010d\u00edtko \"Start\", zapn\u011bte webovou kameru a mikrofon a b\u011bhem n\u011bkolika sekund jste spojeni. \u017d\u00e1dn\u00e1 u\u017eivatelsk\u00e1 jm\u00e9na ani \u017eivotopisy - jen vy a ciz\u00ed \u010dlov\u011bk tv\u00e1\u0159\u00ed v tv\u00e1\u0159.<\/p>\n<p>2. Mo\u017enost textov\u00e9ho chatu<br \/>\nVedle videa umo\u017e\u0148uje Lotta u\u017eivatel\u016fm v r\u00e1mci chatu pos\u00edlat textov\u00e9 zpr\u00e1vy. To je u\u017eite\u010dn\u00e9 pro prolomen\u00ed led\u016f, \u0159e\u0161en\u00ed jazykov\u00fdch bari\u00e9r nebo pokud nechcete mluvit nahlas.<\/p>\n<p>3. Tla\u010d\u00edtko Next\/Skip<br \/>\nPokud se nec\u00edt\u00edte na to, co v\u00e1s zaujalo, jednodu\u0161e stiskn\u011bte tla\u010d\u00edtko \"Dal\u0161\u00ed\" a okam\u017eit\u011b se spoj\u00edte s n\u011bk\u00fdm nov\u00fdm. Neexistuje \u017e\u00e1dn\u00fd trest ani omezen\u00ed, jak \u010dasto m\u016f\u017eete p\u0159esko\u010dit.<\/p>\n<p>4. 100% Anonymous, bez registrace<br \/>\nNemus\u00edte se registrovat, vytv\u00e1\u0159et profil ani sd\u00edlet \u017e\u00e1dn\u00e9 osobn\u00ed \u00fadaje. V\u0161echny relace jsou do\u010dasn\u00e9 a soukrom\u00e9, co\u017e z Lotta d\u011bl\u00e1 jeden z nejv\u00edce anonymn\u00edch chat\u016f online.<\/p>\n<p>5. Modern\u00ed design optimalizovan\u00fd pro mobiln\u00ed za\u0159\u00edzen\u00ed<br \/>\nLotta funguje bez probl\u00e9m\u016f v po\u010d\u00edta\u010dov\u00fdch i mobiln\u00edch prohl\u00ed\u017ee\u010d\u00edch. Rozhran\u00ed je p\u0159ehledn\u00e9 a citliv\u00e9, tak\u017ee chatov\u00e1n\u00ed na telefonu, tabletu nebo notebooku je snadn\u00e9 - nen\u00ed t\u0159eba nic stahovat.<\/p>\n<p>6. N\u00e1stroje pro moderov\u00e1n\u00ed a pod\u00e1v\u00e1n\u00ed zpr\u00e1v<br \/>\nAby byla platforma bezpe\u010dn\u00e1, nab\u00edz\u00ed Lotta tla\u010d\u00edtko pro nahl\u00e1\u0161en\u00ed v chatu a pou\u017e\u00edv\u00e1 kombinaci automatick\u00e9ho (poh\u00e1n\u011bn\u00e9ho um\u011blou inteligenc\u00ed) a lidsk\u00e9ho moderov\u00e1n\u00ed. U\u017eivatel\u00e9 mohou okam\u017eit\u011b ozna\u010dit nevhodn\u00fd obsah nebo chov\u00e1n\u00ed.<\/p>\n<p>7. Rychl\u00e1 shoda a n\u00edzk\u00e1 latence<br \/>\nShodn\u00fd motor Lotta je konstruov\u00e1n pro rychlost. P\u0159ipojen\u00ed k videu je rychl\u00e9 a stabiln\u00ed, s minim\u00e1ln\u00edm zpo\u017ed\u011bn\u00edm - dokonce i b\u011bhem ru\u0161n\u00fdch hodin nebo na mobiln\u00edch za\u0159\u00edzen\u00edch.<\/p>\n<h2>Je Lotta zdarma?<\/h2>\n<p>Ano, Lotta je zcela zdarma. V\u0161echny z\u00e1kladn\u00ed funkce - videochat, textov\u00fd chat a neomezen\u00e9 p\u0159eskakov\u00e1n\u00ed - jsou dostupn\u00e9 v\u0161em, bez skryt\u00fdch platebn\u00edch bari\u00e9r nebo \u00farovn\u00ed p\u0159edplatn\u00e9ho.<\/p>\n<p>Na webu se m\u016f\u017ee objevit lehk\u00e1, neru\u0161iv\u00e1 reklama na podporu provozu, kter\u00e1 v\u0161ak nikdy nenaru\u0161uje z\u00e1\u017eitek z chatu ani neomezuje p\u0159\u00edstup.<\/p>\n<h2>Kdo pou\u017e\u00edv\u00e1 Lotta?<\/h2>\n<p>Lotta si rychle buduje rozmanitou glob\u00e1ln\u00ed u\u017eivatelskou z\u00e1kladnu, kter\u00e1 zahrnuje:<\/p>\n<ul>\n<li>V\u011bk: P\u0159edev\u0161\u00edm 18-35 let (v\u00fdhradn\u011b dosp\u011bl\u00ed)<\/li>\n<li>Um\u00edst\u011bn\u00ed: U\u017eivatel\u00e9 ze Spojen\u00fdch st\u00e1t\u016f, Kanady, Velk\u00e9 Brit\u00e1nie, N\u011bmecka, Indie, Braz\u00edlie, jihov\u00fdchodn\u00ed Asie a dal\u0161\u00edch zem\u00ed.<\/li>\n<li>Z\u00e1jmy: Flirtov\u00e1n\u00ed, navazov\u00e1n\u00ed p\u0159\u00e1telstv\u00ed, v\u00fdm\u011bna jazyk\u016f, neform\u00e1ln\u00ed konverzace, pozn\u00e1v\u00e1n\u00ed kultury<\/li>\n<\/ul>\n<p>Proto\u017ee je Lotta nov\u00fd, p\u0159itahuje sp\u00ed\u0161e technicky zdatn\u00e9 u\u017eivatele, studenty a ty, kter\u00fdm chyb\u00ed nepopsan\u00e1 energie klasick\u00e9ho Omegle. Rozd\u011blen\u00ed podle pohlav\u00ed je podobn\u00e9 jako u jin\u00fdch <a href=\"https:\/\/strangercam.com\/cs\/bazoocam\/\">cam<\/a> chatovac\u00ed str\u00e1nky, kde je v\u00edce u\u017eivatel\u016f mu\u017esk\u00e9ho ne\u017e \u017eensk\u00e9ho pohlav\u00ed, ale \u00fa\u010dast \u017een roste s t\u00edm, jak str\u00e1nky z\u00edsk\u00e1vaj\u00ed na popularit\u011b a pov\u011bsti.<\/p>\n<h2>Bezpe\u010dnost, soukrom\u00ed a moderov\u00e1n\u00ed<\/h2>\n<p>Spole\u010dnost Lotta si uv\u011bdomuje, \u017ee anonymita p\u0159in\u00e1\u0161\u00ed svobodu i riziko. Platforma zauj\u00edm\u00e1 proaktivn\u00ed p\u0159\u00edstup k bezpe\u010dnosti a soukrom\u00ed u\u017eivatel\u016f:<\/p>\n<h3>Ochrana osobn\u00edch \u00fadaj\u016f<\/h3>\n<ul>\n<li>Nevy\u017eaduje se registrace ani osobn\u00ed \u00fadaje<\/li>\n<li>Chaty nejsou nahr\u00e1v\u00e1ny ani ukl\u00e1d\u00e1ny<\/li>\n<li>Webovou kameru\/mikrofon m\u00e1te neust\u00e1le pod kontrolou<\/li>\n<li>\u017d\u00e1dn\u00e9 sd\u00edlen\u00ed IP s partnery v chatu<\/li>\n<\/ul>\n<h3>Moderov\u00e1n\u00ed<\/h3>\n<ul>\n<li>Tla\u010d\u00edtko pro nahl\u00e1\u0161en\u00ed v chatu: Okam\u017eit\u011b ozna\u010dte jak\u00e9koli nevhodn\u00e9 nebo ur\u00e1\u017eliv\u00e9 chov\u00e1n\u00ed.<\/li>\n<li>Filtrov\u00e1n\u00ed obsahu pomoc\u00ed um\u011bl\u00e9 inteligence: V re\u00e1ln\u00e9m \u010dase detekuje a blokuje ur\u010dit\u00e1 poru\u0161en\u00ed<\/li>\n<li>Lid\u0161t\u00ed moder\u00e1to\u0159i: P\u0159ezkoum\u00e1vaj\u00ed hl\u00e1\u0161en\u00ed a prosazuj\u00ed pravidla platformy<\/li>\n<\/ul>\n<h3>Osv\u011bd\u010den\u00e9 postupy<\/h3>\n<ul>\n<li>Nikdy nesd\u00edlejte osobn\u00ed \u00fadaje v chatu<\/li>\n<li>Tla\u010d\u00edtka \"Dal\u0161\u00ed\" a \"Nahl\u00e1sit\" pou\u017eijte v\u017edy, kdy\u017e se c\u00edt\u00edte nep\u0159\u00edjemn\u011b.<\/li>\n<li>Nezapome\u0148te, \u017ee v\u0161echny interakce prob\u00edhaj\u00ed s ciz\u00edmi lidmi; bu\u010fte na internetu norm\u00e1ln\u011b opatrn\u00ed.<\/li>\n<\/ul>\n<h2>Zku\u0161enosti u\u017eivatel\u016f a design<\/h2>\n<p>U\u017eivatelsk\u00e9 rozhran\u00ed modelu Lotta je jednou z jeho nejlep\u0161\u00edch vlastnost\u00ed. Je modern\u00ed, minimalistick\u00e9 a neru\u0161\u00ed:<\/p>\n<ul>\n<li>Na domovsk\u00e9 str\u00e1nce se zobraz\u00ed tu\u010dn\u00e9 tla\u010d\u00edtko \"Zah\u00e1jit chat\" s jasn\u00fdmi informacemi o ochran\u011b osobn\u00edch \u00fadaj\u016f a pravidlech.<\/li>\n<li>B\u011bhem n\u011bkolika sekund jste p\u0159i\u0159azeni a chatujete \u017eiv\u011b.<\/li>\n<li>Okna videa jsou velk\u00e1, s plynul\u00fdm ovl\u00e1d\u00e1n\u00edm ztlumen\u00ed, p\u0159eskakov\u00e1n\u00ed a hl\u00e1\u0161en\u00ed.<\/li>\n<li>Mobiln\u00ed rozhran\u00ed je stejn\u011b p\u0159ehledn\u00e9 a pou\u017eiteln\u00e9 jako verze pro stoln\u00ed po\u010d\u00edta\u010de.<\/li>\n<\/ul>\n<p>Lotta se vyh\u00fdb\u00e1 vyskakovac\u00edm okn\u016fm, nadm\u011brn\u00fdm reklam\u00e1m a v\u00fdzv\u00e1m k registraci, co\u017e poka\u017ed\u00e9 zajist\u00ed p\u0159\u00edjemn\u00fd a bezprobl\u00e9mov\u00fd z\u00e1\u017eitek z chatu.<\/p>\n<h2>Lotta vs Ostatn\u00ed platformy pro n\u00e1hodn\u00fd videochat<\/h2>\n<p>Jak je na tom Lotta ve srovn\u00e1n\u00ed s alternativami Omegle v roce 2025?<\/p>\n<table>\n<thead>\n<tr>\n<th>Funkce<\/th>\n<th>Lotta<\/th>\n<th>Omegle (uzav\u0159en\u00fd)<\/th>\n<th>Ohmegle<\/th>\n<th><a href=\"https:\/\/strangercam.com\/cs\/ometv\/\">OmeTV<\/a><\/th>\n<th>Chaty<\/th>\n<th>ChitChatTV<\/th>\n<\/tr>\n<\/thead>\n<tbody>\n<tr>\n<td>Videochat<\/td>\n<td>Ano<\/td>\n<td>Ano<\/td>\n<td>Ano<\/td>\n<td>Ano<\/td>\n<td>Ano<\/td>\n<td>Ano<\/td>\n<\/tr>\n<tr>\n<td>Textov\u00fd chat<\/td>\n<td>Ano<\/td>\n<td>Ano<\/td>\n<td>Ano<\/td>\n<td>Ano<\/td>\n<td>Ano<\/td>\n<td>Ano<\/td>\n<\/tr>\n<tr>\n<td>Pot\u0159ebn\u00e1 registrace<\/td>\n<td>Ne<\/td>\n<td>Ne<\/td>\n<td>Ne<\/td>\n<td>Ne<\/td>\n<td>Ne<\/td>\n<td>Ne<\/td>\n<\/tr>\n<tr>\n<td>Mobiln\u00ed podpora<\/td>\n<td>Vynikaj\u00edc\u00ed<\/td>\n<td>\u0160patn\u00fd<\/td>\n<td>Vynikaj\u00edc\u00ed<\/td>\n<td>Dobr\u00fd<\/td>\n<td>Vynikaj\u00edc\u00ed<\/td>\n<td>Vynikaj\u00edc\u00ed<\/td>\n<\/tr>\n<tr>\n<td>Filtr pohlav\u00ed\/regionu<\/td>\n<td>Ne<\/td>\n<td>Ne<\/td>\n<td>Ne<\/td>\n<td>Placen\u00e9<\/td>\n<td>Ne<\/td>\n<td>Ne<\/td>\n<\/tr>\n<tr>\n<td>Moderov\u00e1n\u00ed\/hl\u00e1\u0161en\u00ed<\/td>\n<td>Dobr\u00fd<\/td>\n<td>Slab\u00e9<\/td>\n<td>M\u00edrn\u00e1<\/td>\n<td>Siln\u00fd<\/td>\n<td>M\u00edrn\u00e1<\/td>\n<td>Dobr\u00fd<\/td>\n<\/tr>\n<tr>\n<td>Bezplatn\u00e9 pou\u017eit\u00ed<\/td>\n<td>Ano<\/td>\n<td>Ano<\/td>\n<td>Ano<\/td>\n<td>Ano\/plat\u00ed se<\/td>\n<td>Ano<\/td>\n<td>Ano<\/td>\n<\/tr>\n<\/tbody>\n<\/table>\n<p>Shrnut\u00ed: Lotta konkuruje Ohmegle, Chaty a ChitChatTV v rychlosti a snadnosti pou\u017eit\u00ed, ale vynik\u00e1 sv\u011b\u017e\u00edm designem a plynul\u00fdm chodem, zejm\u00e9na pro nov\u00e9 u\u017eivatele a u\u017eivatele mobiln\u00edch za\u0159\u00edzen\u00ed.<\/p>\n<h2>V\u00fdhody a nev\u00fdhody<\/h2>\n<p>Klady:<\/p>\n<ul>\n<li>100% zdarma, okam\u017eit\u00fd p\u0159\u00edstup - bez nutnosti registrace<\/li>\n<li>Pln\u011b anonymn\u00ed a soukrom\u00e9<\/li>\n<li>Rychl\u00e9 a stabiln\u00ed p\u0159ipojen\u00ed k videochatu a textov\u00e9mu chatu<\/li>\n<li>Elegantn\u00ed, modern\u00ed a pro mobiln\u00ed za\u0159\u00edzen\u00ed optimalizovan\u00e9 rozhran\u00ed<\/li>\n<li>Robustn\u00ed n\u00e1stroje pro pod\u00e1v\u00e1n\u00ed zpr\u00e1v a moderov\u00e1n\u00ed<\/li>\n<li>Skv\u011ble se hod\u00ed pro neform\u00e1ln\u00ed, nepsan\u00e9 rozhovory po cel\u00e9m sv\u011bt\u011b.<\/li>\n<\/ul>\n<p>Nev\u00fdhody:<\/p>\n<ul>\n<li>\u017d\u00e1dn\u00e9 filtry podle pohlav\u00ed nebo m\u00edsta (shody jsou n\u00e1hodn\u00e9)<\/li>\n<li>Ob\u010dasn\u00e9 vystaven\u00ed nevhodn\u00e9mu chov\u00e1n\u00ed (i p\u0159es um\u00edrn\u011bnost).<\/li>\n<li>\u017d\u00e1dn\u00e9 profily u\u017eivatel\u016f, seznamy p\u0159\u00e1tel ani mo\u017enost op\u011btovn\u00e9ho p\u0159ipojen\u00ed<\/li>\n<li>V\u00edce u\u017eivatel\u016f mu\u017esk\u00e9ho ne\u017e \u017eensk\u00e9ho pohlav\u00ed (v t\u00e9to oblasti b\u011b\u017en\u00e9)<\/li>\n<li>Platforma st\u00e1le roz\u0161i\u0159uje svou u\u017eivatelskou z\u00e1kladnu ve srovn\u00e1n\u00ed se star\u0161\u00edmi giganty<\/li>\n<\/ul>\n<h2>Ide\u00e1ln\u00ed p\u0159\u00edpady pou\u017eit\u00ed<\/h2>\n<p>Lotta je ide\u00e1ln\u00ed pro:<\/p>\n<p>Fanou\u0161ci Omegle, <a href=\"https:\/\/strangercam.com\/cs\/chatroulette\/\">Chatroulette<\/a>, nebo Ohmegle hled\u00e1 novou platformu<\/p>\n<p>U\u017eivatel\u00e9, kte\u0159\u00ed cht\u011bj\u00ed rychl\u00fd, anonymn\u00ed chat s videem bez registrace.<\/p>\n<p>Studenti jazyk\u016f, expati a cestovatel\u00e9, kte\u0159\u00ed cht\u011bj\u00ed konverzovat na glob\u00e1ln\u00ed \u00farovni.<\/p>\n<p>Lid\u00e9, kte\u0159\u00ed hledaj\u00ed spont\u00e1nn\u00ed setk\u00e1n\u00ed, z\u00e1bavu nebo zahn\u00e1n\u00ed nudy.<\/p>\n<p>Je m\u00e9n\u011b ide\u00e1ln\u00ed pro:<\/p>\n<ul>\n<li>Ti, kte\u0159\u00ed hledaj\u00ed specifick\u00e9 funkce pro seznamov\u00e1n\u00ed nebo u\u017eivatelsk\u00e9 filtry.<\/li>\n<li>U\u017eivatel\u00e9 mlad\u0161\u00ed 18 let (p\u0159\u00edsn\u00e1 v\u011bkov\u00e1 podm\u00ednka)<\/li>\n<li>Lid\u00e9, kte\u0159\u00ed se cht\u011bj\u00ed znovu spojit s konkr\u00e9tn\u00edmi u\u017eivateli nebo nav\u00e1zat dlouhodob\u00e9 konverzace.<\/li>\n<\/ul>\n<p>Lotta je jedn\u00edm z nejlep\u0161\u00edch nov\u00fdch videochat\u016f ve stylu Omegle v roce 2025, kter\u00fd poskytuje okam\u017eit\u00e9 anonymn\u00ed spojen\u00ed s ciz\u00edmi lidmi v modern\u00edm, u\u017eivatelsky p\u0159\u00edv\u011btiv\u00e9m balen\u00ed. D\u00edky absenci registrace, rychl\u00e9mu p\u00e1rov\u00e1n\u00ed a velk\u00e9mu d\u016frazu na soukrom\u00ed a bezpe\u010dnost je d\u016fstojn\u00fdm n\u00e1stupcem klasick\u00e9ho n\u00e1hodn\u00e9ho videochatu.<\/p>\n<p>Pokud chcete poznat nov\u00e9 lidi, nav\u00e1zat p\u0159\u00e1telstv\u00ed, flirtovat nebo jen chatovat v re\u00e1ln\u00e9m \u010dase s n\u011bk\u00fdm po cel\u00e9m sv\u011bt\u011b -TP154T rozhodn\u011b stoj\u00ed za vyzkou\u0161en\u00ed. Jeho sv\u011b\u017e\u00ed design, spolehliv\u00fd v\u00fdkon a dostupn\u00e9 funkce z n\u011bj d\u011blaj\u00ed nejlep\u0161\u00ed volbu pro novou generaci n\u00e1hodn\u00fdch chat\u00e9r\u016f.<\/p>","protected":false},"excerpt":{"rendered":"<p>As classic random video chat platforms like Omegle fade from the spotlight, a new wave of sites is stepping up to offer users the same spontaneous, anonymous experience\u2014with a modern twist. Lotta is one of the newest and fastest-growing alternatives in 2025, combining the core excitement of random cam-to-cam chat with improved speed, security, and [&hellip;]<\/p>\n","protected":false},"author":6,"featured_media":0,"parent":0,"menu_order":0,"comment_status":"closed","ping_status":"closed","template":"","meta":{"footnotes":""},"class_list":["post-12944","page","type-page","status-publish","hentry"],"yoast_head":"<!-- This site is optimized with the Yoast SEO plugin v27.4 - https:\/\/yoast.com\/product\/yoast-seo-wordpress\/ -->\n<title>Lotta - Meet Strangers &amp; Video Chat Online - StrangerCam<\/title>\n<meta name=\"description\" content=\"Like Lotta? Come chat with more than 5.000.000 strangers on Stranger Cam for Free! Turn on your cam and find new friends &amp; maby a match!\" \/>\n<meta name=\"robots\" content=\"index, follow, max-snippet:-1, max-image-preview:large, max-video-preview:-1\" \/>\n<link rel=\"canonical\" href=\"https:\/\/strangercam.com\/cs\/lotta\/\" \/>\n<meta property=\"og:locale\" content=\"cs_CZ\" \/>\n<meta property=\"og:type\" content=\"article\" \/>\n<meta property=\"og:title\" content=\"Lotta - Meet Strangers &amp; Video Chat Online - StrangerCam\" \/>\n<meta property=\"og:description\" content=\"Like Lotta? Come chat with more than 5.000.000 strangers on Stranger Cam for Free! Turn on your cam and find new friends &amp; maby a match!\" \/>\n<meta property=\"og:url\" content=\"https:\/\/strangercam.com\/cs\/lotta\/\" \/>\n<meta property=\"og:site_name\" content=\"Strangercam\" \/>\n<meta property=\"article:publisher\" content=\"https:\/\/www.facebook.com\/strangercam\" \/>\n<meta property=\"og:image\" content=\"https:\/\/strangercam.com\/wp-content\/uploads\/2021\/10\/Untitled-2.png\" \/>\n\t<meta property=\"og:image:width\" content=\"800\" \/>\n\t<meta property=\"og:image:height\" content=\"532\" \/>\n\t<meta property=\"og:image:type\" content=\"image\/png\" \/>\n<meta name=\"twitter:card\" content=\"summary_large_image\" \/>\n<meta name=\"twitter:site\" content=\"@strangercamapp\" \/>\n<meta name=\"twitter:label1\" content=\"Odhadovan\u00e1 doba \u010dten\u00ed\" \/>\n\t<meta name=\"twitter:data1\" content=\"6 minut\" \/>\n<script type=\"application\/ld+json\" class=\"yoast-schema-graph\">{\"@context\":\"https:\\\/\\\/schema.org\",\"@graph\":[{\"@type\":\"WebPage\",\"@id\":\"https:\\\/\\\/strangercam.com\\\/lotta\\\/\",\"url\":\"https:\\\/\\\/strangercam.com\\\/lotta\\\/\",\"name\":\"Lotta - Meet Strangers & Video Chat Online - StrangerCam\",\"isPartOf\":{\"@id\":\"https:\\\/\\\/strangercam.com\\\/#website\"},\"datePublished\":\"2025-07-28T09:56:56+00:00\",\"description\":\"Like Lotta? Come chat with more than 5.000.000 strangers on Stranger Cam for Free! Turn on your cam and find new friends & maby a match!\",\"breadcrumb\":{\"@id\":\"https:\\\/\\\/strangercam.com\\\/lotta\\\/#breadcrumb\"},\"inLanguage\":\"cs\",\"potentialAction\":[{\"@type\":\"ReadAction\",\"target\":[\"https:\\\/\\\/strangercam.com\\\/lotta\\\/\"]}]},{\"@type\":\"BreadcrumbList\",\"@id\":\"https:\\\/\\\/strangercam.com\\\/lotta\\\/#breadcrumb\",\"itemListElement\":[{\"@type\":\"ListItem\",\"position\":1,\"name\":\"Home\",\"item\":\"https:\\\/\\\/strangercam.com\\\/\"},{\"@type\":\"ListItem\",\"position\":2,\"name\":\"Lotta\"}]},{\"@type\":\"WebSite\",\"@id\":\"https:\\\/\\\/strangercam.com\\\/#website\",\"url\":\"https:\\\/\\\/strangercam.com\\\/\",\"name\":\"Strangercam\",\"description\":\"Random Video Chat with Strangers\",\"publisher\":{\"@id\":\"https:\\\/\\\/strangercam.com\\\/#organization\"},\"alternateName\":\"Strangercam.com\",\"potentialAction\":[{\"@type\":\"SearchAction\",\"target\":{\"@type\":\"EntryPoint\",\"urlTemplate\":\"https:\\\/\\\/strangercam.com\\\/?s={search_term_string}\"},\"query-input\":{\"@type\":\"PropertyValueSpecification\",\"valueRequired\":true,\"valueName\":\"search_term_string\"}}],\"inLanguage\":\"cs\"},{\"@type\":\"Organization\",\"@id\":\"https:\\\/\\\/strangercam.com\\\/#organization\",\"name\":\"Strangercam\",\"alternateName\":\"Strangercam.com\",\"url\":\"https:\\\/\\\/strangercam.com\\\/\",\"logo\":{\"@type\":\"ImageObject\",\"inLanguage\":\"cs\",\"@id\":\"https:\\\/\\\/strangercam.com\\\/#\\\/schema\\\/logo\\\/image\\\/\",\"url\":\"https:\\\/\\\/strangercam.com\\\/wp-content\\\/uploads\\\/2020\\\/11\\\/cropped-new-favicon-black.png\",\"contentUrl\":\"https:\\\/\\\/strangercam.com\\\/wp-content\\\/uploads\\\/2020\\\/11\\\/cropped-new-favicon-black.png\",\"width\":512,\"height\":512,\"caption\":\"Strangercam\"},\"image\":{\"@id\":\"https:\\\/\\\/strangercam.com\\\/#\\\/schema\\\/logo\\\/image\\\/\"},\"sameAs\":[\"https:\\\/\\\/www.facebook.com\\\/strangercam\",\"https:\\\/\\\/x.com\\\/strangercamapp\"]}]}<\/script>\n<!-- \/ Yoast SEO plugin. -->","yoast_head_json":{"title":"Lotta - Seznamte se s cizinci a videochatujte online - StrangerCam","description":"Jako Lotta? Poj\u010fte si zdarma popov\u00eddat s v\u00edce ne\u017e 5 000 000 cizinci na Stranger Cam! Zapn\u011bte si kameru a najd\u011bte nov\u00e9 p\u0159\u00e1tele &amp; maby z\u00e1pas!","robots":{"index":"index","follow":"follow","max-snippet":"max-snippet:-1","max-image-preview":"max-image-preview:large","max-video-preview":"max-video-preview:-1"},"canonical":"https:\/\/strangercam.com\/cs\/lotta\/","og_locale":"cs_CZ","og_type":"article","og_title":"Lotta - Meet Strangers & Video Chat Online - StrangerCam","og_description":"Like Lotta? Come chat with more than 5.000.000 strangers on Stranger Cam for Free! Turn on your cam and find new friends & maby a match!","og_url":"https:\/\/strangercam.com\/cs\/lotta\/","og_site_name":"Strangercam","article_publisher":"https:\/\/www.facebook.com\/strangercam","og_image":[{"width":800,"height":532,"url":"https:\/\/strangercam.com\/wp-content\/uploads\/2021\/10\/Untitled-2.png","type":"image\/png"}],"twitter_card":"summary_large_image","twitter_site":"@strangercamapp","twitter_misc":{"Odhadovan\u00e1 doba \u010dten\u00ed":"6 minut"},"schema":{"@context":"https:\/\/schema.org","@graph":[{"@type":"WebPage","@id":"https:\/\/strangercam.com\/lotta\/","url":"https:\/\/strangercam.com\/lotta\/","name":"Lotta - Seznamte se s cizinci a videochatujte online - StrangerCam","isPartOf":{"@id":"https:\/\/strangercam.com\/#website"},"datePublished":"2025-07-28T09:56:56+00:00","description":"Jako Lotta? Poj\u010fte si zdarma popov\u00eddat s v\u00edce ne\u017e 5 000 000 cizinci na Stranger Cam! Zapn\u011bte si kameru a najd\u011bte nov\u00e9 p\u0159\u00e1tele &amp; maby z\u00e1pas!","breadcrumb":{"@id":"https:\/\/strangercam.com\/lotta\/#breadcrumb"},"inLanguage":"cs","potentialAction":[{"@type":"ReadAction","target":["https:\/\/strangercam.com\/lotta\/"]}]},{"@type":"BreadcrumbList","@id":"https:\/\/strangercam.com\/lotta\/#breadcrumb","itemListElement":[{"@type":"ListItem","position":1,"name":"Home","item":"https:\/\/strangercam.com\/"},{"@type":"ListItem","position":2,"name":"Lotta"}]},{"@type":"WebSite","@id":"https:\/\/strangercam.com\/#website","url":"https:\/\/strangercam.com\/","name":"Strangercam","description":"N\u00e1hodn\u00fd videochat s ciz\u00edmi lidmi","publisher":{"@id":"https:\/\/strangercam.com\/#organization"},"alternateName":"Strangercam.com","potentialAction":[{"@type":"SearchAction","target":{"@type":"EntryPoint","urlTemplate":"https:\/\/strangercam.com\/?s={search_term_string}"},"query-input":{"@type":"PropertyValueSpecification","valueRequired":true,"valueName":"search_term_string"}}],"inLanguage":"cs"},{"@type":"Organization","@id":"https:\/\/strangercam.com\/#organization","name":"Strangercam","alternateName":"Strangercam.com","url":"https:\/\/strangercam.com\/","logo":{"@type":"ImageObject","inLanguage":"cs","@id":"https:\/\/strangercam.com\/#\/schema\/logo\/image\/","url":"https:\/\/strangercam.com\/wp-content\/uploads\/2020\/11\/cropped-new-favicon-black.png","contentUrl":"https:\/\/strangercam.com\/wp-content\/uploads\/2020\/11\/cropped-new-favicon-black.png","width":512,"height":512,"caption":"Strangercam"},"image":{"@id":"https:\/\/strangercam.com\/#\/schema\/logo\/image\/"},"sameAs":["https:\/\/www.facebook.com\/strangercam","https:\/\/x.com\/strangercamapp"]}]}},"_links":{"self":[{"href":"https:\/\/strangercam.com\/cs\/wp-json\/wp\/v2\/pages\/12944","targetHints":{"allow":["GET"]}}],"collection":[{"href":"https:\/\/strangercam.com\/cs\/wp-json\/wp\/v2\/pages"}],"about":[{"href":"https:\/\/strangercam.com\/cs\/wp-json\/wp\/v2\/types\/page"}],"author":[{"embeddable":true,"href":"https:\/\/strangercam.com\/cs\/wp-json\/wp\/v2\/users\/6"}],"replies":[{"embeddable":true,"href":"https:\/\/strangercam.com\/cs\/wp-json\/wp\/v2\/comments?post=12944"}],"version-history":[{"count":1,"href":"https:\/\/strangercam.com\/cs\/wp-json\/wp\/v2\/pages\/12944\/revisions"}],"predecessor-version":[{"id":12945,"href":"https:\/\/strangercam.com\/cs\/wp-json\/wp\/v2\/pages\/12944\/revisions\/12945"}],"wp:attachment":[{"href":"https:\/\/strangercam.com\/cs\/wp-json\/wp\/v2\/media?parent=12944"}],"curies":[{"name":"wp","href":"https:\/\/api.w.org\/{rel}","templated":true}]}}