{"id":12942,"date":"2025-07-28T11:02:46","date_gmt":"2025-07-28T09:02:46","guid":{"rendered":"https:\/\/strangercam.com\/?page_id=12942"},"modified":"2025-07-28T11:02:46","modified_gmt":"2025-07-28T09:02:46","slug":"chatiwi","status":"publish","type":"page","link":"https:\/\/strangercam.com\/cs\/chatiwi\/","title":{"rendered":"Chatiwi"},"content":{"rendered":"<p>Sv\u011bt online <a href=\"https:\/\/strangercam.com\/cs\/chatroulette\/\">chat<\/a> m\u00edstnosti se rychle vyv\u00edjely, ale popt\u00e1vka po jednoduch\u00fdch, okam\u017eit\u00fdch a anonymn\u00edch soci\u00e1ln\u00edch platform\u00e1ch je siln\u011bj\u0161\u00ed ne\u017e kdykoli p\u0159edt\u00edm. Vzhledem k tomu, \u017ee star\u0161\u00ed str\u00e1nky, jako nap\u0159. <a href=\"https:\/\/strangercam.com\/cs\/chatiw\/\">Chatiw<\/a> a <a href=\"https:\/\/strangercam.com\/cs\/chatib\/\">Chatib<\/a> se sna\u017e\u00ed dr\u017eet krok s o\u010dek\u00e1v\u00e1n\u00edm modern\u00edch u\u017eivatel\u016f, p\u0159ich\u00e1z\u00ed Chatiwi jako nov\u00e1 alternativa - nab\u00edz\u00ed klasick\u00e9 \u017eiv\u00e9 chatovac\u00ed m\u00edstnosti, soukrom\u00e9 zpr\u00e1vy a p\u0159\u00e1telskou glob\u00e1ln\u00ed komunitu v jedn\u00e9 bezplatn\u00e9 a snadno dostupn\u00e9 platform\u011b.<\/p>\n<p>Jak si Chatiwi vede ve srovn\u00e1n\u00ed s obry, kte\u0159\u00ed ho inspirovali? Je skute\u010dn\u011b bezplatn\u00fd, bezpe\u010dn\u00fd a u\u017eivatelsky p\u0159\u00edv\u011btiv\u00fd? V t\u00e9to podrobn\u00e9 recenzi prozkoum\u00e1me, co Chatiwi nab\u00edz\u00ed, kdo jej pou\u017e\u00edv\u00e1 a jak si stoj\u00ed v porovn\u00e1n\u00ed s ostatn\u00edmi p\u0159edn\u00edmi chatovac\u00edmi platformami v roce 2025.<\/p>\n<h2>Co je Chatiwi?<\/h2>\n<p>Chatiwi je modern\u00ed webov\u00e1 str\u00e1nka chatovac\u00ed m\u00edstnosti zalo\u017een\u00e1 na prohl\u00ed\u017ee\u010di, kter\u00e1 se inspirovala jednoduchost\u00ed a p\u0159\u00edstupnost\u00ed klasick\u00fdch platforem, jako jsou Chatiw a Chatib. Jej\u00edm hlavn\u00edm p\u0159\u00edslibem je okam\u017eit\u00e9 propojen\u00ed lid\u00ed z cel\u00e9ho sv\u011bta - bez nutnosti registrace nebo stahov\u00e1n\u00ed. A\u0165 u\u017e v\u00e1s zaj\u00edmaj\u00ed ve\u0159ejn\u00e9 chatovac\u00ed m\u00edstnosti nebo soukrom\u00e9 konverzace jeden na jednoho, Chatiwi v\u00e1s vt\u00e1hne do d\u011bje pouh\u00fdm zad\u00e1n\u00edm p\u0159ezd\u00edvky a kliknut\u00edm.<\/p>\n<p>D\u00edky d\u016frazu na \u010dist\u00fd design, responzivn\u00ed mobiln\u00ed kompatibilitu a bezpe\u010dn\u00e9 prost\u0159ed\u00ed pro chatov\u00e1n\u00ed se Chatiwi rychle st\u00e1v\u00e1 obl\u00edben\u00fdm mezi u\u017eivateli, kte\u0159\u00ed hledaj\u00ed skute\u010dn\u00e9 konverzace a nov\u00e9 p\u0159\u00e1tele online.<\/p>\n<h2>K \u010demu slou\u017e\u00ed Chatiwi?<\/h2>\n<p>Posl\u00e1n\u00edm spole\u010dnosti Chatiwi je u\u010dinit online komunikaci z\u00e1bavnou, rychlou a skute\u010dn\u011b dostupnou pro v\u0161echny. Na rozd\u00edl od aplikac\u00ed, kter\u00e9 vy\u017eaduj\u00ed rozs\u00e1hlou registraci, vytv\u00e1\u0159en\u00ed profil\u016f nebo instalaci aplikac\u00ed, Chatiwi omezuje v\u011bci na to podstatn\u00e9 - propojuje skute\u010dn\u00e9 lidi na \u017eiv\u00e9m chatu o t\u00e9matech, kter\u00e1 je zaj\u00edmaj\u00ed.<\/p>\n<p>Mezi hlavn\u00ed c\u00edle pat\u0159\u00ed:<\/p>\n<ul>\n<li>Poskytov\u00e1n\u00ed otev\u0159en\u00fdch tematick\u00fdch chatovac\u00edch m\u00edstnost\u00ed pro skupinov\u00e9 diskuse.<\/li>\n<li>Umo\u017en\u011bn\u00ed bezprobl\u00e9mov\u00fdch soukrom\u00fdch chat\u016f pro osobn\u011bj\u0161\u00ed spojen\u00ed<\/li>\n<li>Vytv\u00e1\u0159en\u00ed p\u0159\u00edv\u011btiv\u00e9ho prost\u0159ed\u00ed pro lidi z r\u016fzn\u00fdch prost\u0159ed\u00ed, r\u016fzn\u00e9ho v\u011bku a r\u016fzn\u00fdch z\u00e1jm\u016f.<\/li>\n<li>Zaji\u0161t\u011bn\u00ed okam\u017eit\u00e9ho zapojen\u00ed v\u0161ech \u00fa\u010dastn\u00edk\u016f do konverzace bez p\u0159ek\u00e1\u017eek.<\/li>\n<\/ul>\n<p>A\u0165 u\u017e si chcete popov\u00eddat o hudb\u011b, kon\u00ed\u010dc\u00edch, sv\u011btov\u00fdch ud\u00e1lostech nebo jen pozdravit n\u011bkoho nov\u00e9ho, Chatiwi v\u00e1m k tomu nab\u00edz\u00ed flexibiln\u00ed prostor.<\/p>\n<h2>Kl\u00ed\u010dov\u00e9 vlastnosti<\/h2>\n<p>1. Ve\u0159ejn\u00e9 chatovac\u00ed m\u00edstnosti<br \/>\nHlavn\u00edm tah\u00e1kem Chatiwi je \u0159ada otev\u0159en\u00fdch tematick\u00fdch chatovac\u00edch m\u00edstnost\u00ed. Od \u201cobecn\u00e9ho chatu\u201d a\u017e po m\u00edstnosti se speci\u00e1ln\u00edmi z\u00e1jmy - u\u017eivatel\u00e9 se mohou jedin\u00fdm kliknut\u00edm p\u0159ipojit k jak\u00e9koli diskusi, chatovat v re\u00e1ln\u00e9m \u010dase a... <a href=\"https:\/\/strangercam.com\/cs\/coomeet\/\">Seznamte se s<\/a> lid\u00ed z cel\u00e9ho sv\u011bta.<\/p>\n<p>2. Soukrom\u00fd chat jeden na jednoho<br \/>\nChcete osobn\u011bj\u0161\u00ed rozhovor? Chatiwi umo\u017e\u0148uje u\u017eivatel\u016fm p\u0159ej\u00edt z ve\u0159ejn\u00fdch m\u00edstnost\u00ed do soukrom\u00fdch zpr\u00e1v, co\u017e umo\u017e\u0148uje nav\u00e1zat hlub\u0161\u00ed kontakt, p\u0159\u00e1telsky se poradit nebo v\u00e9st d\u016fv\u011brn\u00e9 diskuse.<\/p>\n<p>3. Nen\u00ed nutn\u00e1 registrace<br \/>\nStejn\u011b jako nejlep\u0161\u00ed chaty ze star\u00e9 \u0161koly v\u00e1m i Chatiwi umo\u017e\u0148uje za\u010d\u00edt chatovat okam\u017eit\u011b. Sta\u010d\u00ed si vybrat p\u0159ezd\u00edvku - nen\u00ed pot\u0159eba \u017e\u00e1dn\u00fd e-mail, telefonn\u00ed \u010d\u00edslo ani soci\u00e1ln\u00ed s\u00edt\u011b.<\/p>\n<p>4. P\u0159\u00e1telsk\u00e9 pro v\u00edce za\u0159\u00edzen\u00ed a mobiln\u00ed za\u0159\u00edzen\u00ed<br \/>\nChatiwi je pln\u011b responzivn\u00ed a funguje bez probl\u00e9m\u016f v po\u010d\u00edta\u010dov\u00fdch i mobiln\u00edch prohl\u00ed\u017ee\u010d\u00edch, tak\u017ee je ide\u00e1ln\u00ed pro chatov\u00e1n\u00ed na cest\u00e1ch.<\/p>\n<p>5. Jednoduch\u00e9 a modern\u00ed rozhran\u00ed<br \/>\n\u010cist\u00fd design str\u00e1nek omezuje ru\u0161iv\u00e9 prvky na minimum. Zpr\u00e1vy jsou p\u0159ehledn\u00e9, v m\u00edstnostech se lze snadno pohybovat a z\u00e1kladn\u00ed ovl\u00e1dac\u00ed prvky (ztlumen\u00ed, blokov\u00e1n\u00ed, nahl\u00e1\u0161en\u00ed) jsou v\u017edy po ruce.<\/p>\n<p>6. Bezpe\u010dnost u\u017eivatel\u016f a n\u00e1stroje pro moderov\u00e1n\u00ed<br \/>\nChatiwi pou\u017e\u00edv\u00e1 kombinaci \u017eiv\u00fdch moder\u00e1tor\u016f a funkc\u00ed hl\u00e1\u0161en\u00ed v m\u00edstnosti, kter\u00e9 pom\u00e1haj\u00ed udr\u017eovat bezpe\u010dn\u00e9 a respektovan\u00e9 prost\u0159ed\u00ed.<\/p>\n<p>7. \u0160irok\u00e1 \u0161k\u00e1la t\u00e9mat<br \/>\nOd region\u00e1ln\u00edch chatovac\u00edch m\u00edstnost\u00ed a\u017e po z\u00e1jmov\u00e9 skupiny - ka\u017ed\u00fd si tu najde sv\u00e9 m\u00edsto, a\u0165 u\u017e chce diskutovat o hudb\u011b, sportu, \u017eivot\u011b nebo se jen tak bavit.<\/p>\n<h2>Je Chatiwi zdarma?<\/h2>\n<p>Chatiwi je 100% zdarma k pou\u017eit\u00ed. Neexistuj\u00ed \u017e\u00e1dn\u00e9 skryt\u00e9 poplatky, p\u0159edplatn\u00e9 ani platebn\u00ed br\u00e1ny. V\u0161echny funkce - ve\u0159ejn\u00e9 m\u00edstnosti, soukrom\u00e9 zpr\u00e1vy a n\u00e1stroje pro moderov\u00e1n\u00ed - jsou p\u0159\u00edstupn\u00e9 v\u0161em.<\/p>\n<p>Platforma m\u016f\u017ee zobrazovat lehk\u00e9, neru\u0161iv\u00e9 reklamy na podporu webu, kter\u00e9 v\u0161ak nikdy nezasahuj\u00ed do chatu.<\/p>\n<h2>Kdo pou\u017e\u00edv\u00e1 Chatiwi?<\/h2>\n<p>Chatiwi p\u0159itahuje glob\u00e1ln\u00ed, r\u016fznorodou u\u017eivatelskou z\u00e1kladnu, podobn\u011b jako Chatiw a Chatib. Mezi typick\u00e9 u\u017eivatele pat\u0159\u00ed:<\/p>\n<ul>\n<li>Dosp\u011bl\u00ed ve v\u011bku 18-40 let, i kdy\u017e je zde sm\u011bs star\u0161\u00edch a mlad\u0161\u00edch \u00fa\u010dastn\u00edk\u016f.<\/li>\n<li>Lid\u00e9 ze Severn\u00ed Ameriky, Evropy, Ji\u017en\u00ed Ameriky, Indie a Bl\u00edzk\u00e9ho v\u00fdchodu.<\/li>\n<li>Studenti, profesion\u00e1lov\u00e9, cestovatel\u00e9, expati a v\u0161ichni, kdo hledaj\u00ed p\u0159\u00e1telstv\u00ed nebo nez\u00e1vaznou konverzaci.<\/li>\n<\/ul>\n<p>B\u011b\u017en\u00e9 d\u016fvody pro p\u0159ipojen\u00ed k Chatiwi:<\/p>\n<ul>\n<li>navazov\u00e1n\u00ed nov\u00fdch p\u0159\u00e1telstv\u00ed a roz\u0161i\u0159ov\u00e1n\u00ed spole\u010densk\u00e9ho okruhu.<\/li>\n<li>tr\u00e1ven\u00ed \u010dasu, relaxace nebo \u00fanik od ka\u017edodenn\u00edho stresu<\/li>\n<li>Diskuse o kon\u00ed\u010dc\u00edch, hudb\u011b, kultu\u0159e nebo sv\u011btov\u00fdch ud\u00e1lostech.<\/li>\n<li>Hled\u00e1te radu, sd\u00edl\u00edte p\u0159\u00edb\u011bhy nebo si jen tak pov\u00edd\u00e1te pro z\u00e1bavu.<\/li>\n<\/ul>\n<p>R\u016fznorodost chatovac\u00edch m\u00edstnost\u00ed zaji\u0161\u0165uje, \u017ee si ka\u017ed\u00fd najde prostor, kde se bude c\u00edtit pohodln\u011b a zapojen.<\/p>\n<h2>Bezpe\u010dnost, soukrom\u00ed a moderov\u00e1n\u00ed<\/h2>\n<p>Chatiwi klade d\u016fraz na soukrom\u00ed u\u017eivatele a bezpe\u010dnou konverzaci. Zde se dozv\u00edte, jak udr\u017euje platformu bezpe\u010dnou a p\u0159\u00edv\u011btivou:<\/p>\n<h3>Ochrana osobn\u00edch \u00fadaj\u016f<\/h3>\n<ul>\n<li>Nen\u00ed t\u0159eba vytv\u00e1\u0159et \u00fa\u010det ani osobn\u00ed \u00fadaje<\/li>\n<li>Chaty nejsou ve\u0159ejn\u011b archivov\u00e1ny ani v nich nelze vyhled\u00e1vat.<\/li>\n<li>U\u017eivatel\u00e9 komunikuj\u00ed prost\u0159ednictv\u00edm zvolen\u00fdch p\u0159ezd\u00edvek<\/li>\n<\/ul>\n<h3>Moderov\u00e1n\u00ed<\/h3>\n<ul>\n<li>\u017div\u00ed moder\u00e1to\u0159i dohl\u00ed\u017eej\u00ed na ve\u0159ejn\u00e9 m\u00edstnosti v dob\u011b \u0161pi\u010dky.<\/li>\n<li>Nahla\u0161ov\u00e1n\u00ed a blokov\u00e1n\u00ed v chatu umo\u017e\u0148uje u\u017eivatel\u016fm ozna\u010dit nevhodn\u00e9 chov\u00e1n\u00ed nebo spam.<\/li>\n<li>Jasn\u00e9 z\u00e1sady komunity proti \u0161ikan\u011b, obt\u011b\u017eov\u00e1n\u00ed a ru\u0161iv\u00e9mu chov\u00e1n\u00ed.<\/li>\n<\/ul>\n<h3>U\u017eivatelsk\u00e9 ovl\u00e1d\u00e1n\u00ed<\/h3>\n<ul>\n<li>Okam\u017eit\u00e9 zablokov\u00e1n\u00ed nebo ztlumen\u00ed ru\u0161iv\u00fdch u\u017eivatel\u016f<\/li>\n<li>Kdykoli m\u016f\u017eete snadno p\u0159epnout m\u00edstnost nebo zm\u011bnit p\u0159ezd\u00edvku.<\/li>\n<li>P\u0159esun na soukrom\u00e9 chaty pouze s u\u017eivateli, kter\u00fdm d\u016fv\u011b\u0159ujete.<\/li>\n<\/ul>\n<p>A\u010dkoli \u017e\u00e1dn\u00e1 chatovac\u00ed m\u00edstnost nem\u016f\u017ee zaru\u010dit dokonal\u00fd z\u00e1\u017eitek, d\u00edky aktivn\u00edmu moderov\u00e1n\u00ed a bezpe\u010dnostn\u00edm n\u00e1stroj\u016fm \u0159\u00edzen\u00fdm u\u017eivateli je Chatiwi lep\u0161\u00ed volbou ne\u017e v\u011bt\u0161ina ostatn\u00edch pro uctivou a p\u0159\u00e1telskou konverzaci.<\/p>\n<h2>Zku\u0161enosti u\u017eivatel\u016f a design<\/h2>\n<p>Chatiwi poskytuje plynul\u00e9 a intuitivn\u00ed chatov\u00e1n\u00ed:<\/p>\n<ul>\n<li>Domovsk\u00e1 str\u00e1nka nab\u00edz\u00ed snadn\u00fd v\u00fdb\u011br m\u00edstnosti a zad\u00e1v\u00e1n\u00ed p\u0159ezd\u00edvek<\/li>\n<li>Chatovac\u00ed m\u00edstnosti se na\u010d\u00edtaj\u00ed okam\u017eit\u011b, a to i na mobiln\u00edch za\u0159\u00edzen\u00edch<\/li>\n<li>Doru\u010dov\u00e1n\u00ed zpr\u00e1v je rychl\u00e9 a spolehliv\u00e9, a to i v ru\u0161n\u00fdch \u010dasech.<\/li>\n<li>Ozn\u00e1men\u00ed a pozv\u00e1nky do soukrom\u00e9ho chatu lze snadno spravovat.<\/li>\n<li>Ovl\u00e1dac\u00ed prvky pro blokov\u00e1n\u00ed, ztlumen\u00ed nebo hl\u00e1\u0161en\u00ed jsou viditeln\u00e9 a snadno pou\u017eiteln\u00e9.<\/li>\n<\/ul>\n<p>Chatiwi se vyh\u00fdb\u00e1 nepo\u0159\u00e1dku, vyskakovac\u00edm okn\u016fm a matouc\u00edm nab\u00eddk\u00e1m, tak\u017ee je p\u0159\u00edstupn\u00fd u\u017eivatel\u016fm v\u0161ech v\u011bkov\u00fdch kategori\u00ed a technick\u00e9ho z\u00e1zem\u00ed.<\/p>\n<h2>Chatiwi vs Ostatn\u00ed platformy chatovac\u00edch m\u00edstnost\u00ed<\/h2>\n<p>Jak si Chatiwi stoj\u00ed ve srovn\u00e1n\u00ed se sv\u00fdmi p\u0159edch\u016fdci a kolegy?<\/p>\n<table>\n<thead>\n<tr>\n<th>Funkce<\/th>\n<th>Chatiwi<\/th>\n<th>Chatiw<\/th>\n<th>Chatib<\/th>\n<th>Online hra pro d\u011bti a ml\u00e1de\u017eFreeChat<\/th>\n<th><a href=\"https:\/\/strangercam.com\/cs\/wireclub\/\">Wireclub<\/a><\/th>\n<\/tr>\n<\/thead>\n<tbody>\n<tr>\n<td>Voln\u00fd p\u0159\u00edstup<\/td>\n<td>Ano<\/td>\n<td>Ano<\/td>\n<td>Ano<\/td>\n<td>Ano<\/td>\n<td>Ano<\/td>\n<\/tr>\n<tr>\n<td>Registrace nen\u00ed nutn\u00e1<\/td>\n<td>Ano<\/td>\n<td>Ano<\/td>\n<td>Ano<\/td>\n<td>Ano<\/td>\n<td>Ne<\/td>\n<\/tr>\n<tr>\n<td>Tematick\u00e9 chatovac\u00ed m\u00edstnosti<\/td>\n<td>Ano<\/td>\n<td>Ano<\/td>\n<td>Ano<\/td>\n<td>Ano<\/td>\n<td>Ano<\/td>\n<\/tr>\n<tr>\n<td>Soukrom\u00e9 zpr\u00e1vy<\/td>\n<td>Ano<\/td>\n<td>Ano<\/td>\n<td>Ano<\/td>\n<td>Ano<\/td>\n<td>Ano<\/td>\n<\/tr>\n<tr>\n<td>Mobiln\u00ed podpora<\/td>\n<td>Vynikaj\u00edc\u00ed<\/td>\n<td>Dobr\u00fd<\/td>\n<td>Dobr\u00fd<\/td>\n<td>Vynikaj\u00edc\u00ed<\/td>\n<td>Dobr\u00fd<\/td>\n<\/tr>\n<tr>\n<td>N\u00e1stroje pro moderov\u00e1n\u00ed<\/td>\n<td>Siln\u00fd<\/td>\n<td>M\u00edrn\u00e1<\/td>\n<td>M\u00edrn\u00e1<\/td>\n<td>Siln\u00fd<\/td>\n<td>Siln\u00fd<\/td>\n<\/tr>\n<tr>\n<td>Reklamy<\/td>\n<td>Minim\u00e1ln\u00ed<\/td>\n<td>Ano<\/td>\n<td>Ano<\/td>\n<td>Minim\u00e1ln\u00ed<\/td>\n<td>Ano<\/td>\n<\/tr>\n<\/tbody>\n<\/table>\n<p>Shrnut\u00ed: Chatiwi se vyrovn\u00e1 sv\u00fdm soupe\u0159\u016fm nebo je p\u0159ed\u010d\u00ed ve v\u0161ech d\u016fle\u017eit\u00fdch oblastech - nab\u00edz\u00ed okam\u017eit\u00fd a bezplatn\u00fd p\u0159\u00edstup, modern\u00ed design a efektivn\u00ed moderov\u00e1n\u00ed, lep\u0161\u00ed mobiln\u00ed podporu a p\u0159\u00edv\u011btiv\u011bj\u0161\u00ed atmosf\u00e9ru komunity.<\/p>\n<h2>V\u00fdhody a nev\u00fdhody<\/h2>\n<p>Klady:<\/p>\n<ul>\n<li>100% bezplatn\u00fd a anonymn\u00ed chat<\/li>\n<li>Nen\u00ed nutn\u00e9 se registrovat ani stahovat<\/li>\n<li>P\u0159\u00e1telsk\u00e1, aktivn\u00ed glob\u00e1ln\u00ed u\u017eivatelsk\u00e1 z\u00e1kladna<\/li>\n<li>Mo\u017enosti skupinov\u00e9ho a soukrom\u00e9ho chatu<\/li>\n<li>Rychl\u00e9 a modern\u00ed rozhran\u00ed s v\u00fdraznou podporou mobiln\u00edch za\u0159\u00edzen\u00ed<\/li>\n<li>Aktivn\u00ed moderov\u00e1n\u00ed a robustn\u00ed bezpe\u010dnostn\u00ed n\u00e1stroje<\/li>\n<\/ul>\n<p>Nev\u00fdhody:<\/p>\n<ul>\n<li>\u017d\u00e1dn\u00fd videochat (pouze textov\u00fd)<\/li>\n<li>Ob\u010dasn\u00ed ru\u0161iv\u00ed u\u017eivatel\u00e9, obvykle v\u0161ak rychle vy\u0159e\u0161eni.<\/li>\n<li>\u017d\u00e1dn\u00e9 dlouhodob\u00e9 profily nebo historie u\u017eivatel\u016f<\/li>\n<li>Obliba pokoj\u016f m\u016f\u017ee v dob\u011b mimo \u0161pi\u010dku kol\u00edsat.<\/li>\n<\/ul>\n<h2>Ide\u00e1ln\u00ed p\u0159\u00edpady pou\u017eit\u00ed<\/h2>\n<p>Chatiwi je ide\u00e1ln\u00ed pro:<\/p>\n<ul>\n<li>V\u0161ichni, kdo si obl\u00edbili klasick\u00fd model Chatiw nebo Chatib, ale cht\u011bj\u00ed modern\u011bj\u0161\u00ed a mobiln\u011bj\u0161\u00ed prost\u0159ed\u00ed.<\/li>\n<li>Lid\u00e9, kte\u0159\u00ed hledaj\u00ed rychl\u00fd, bezplatn\u00fd a snadn\u00fd zp\u016fsob chatu s ciz\u00edmi lidmi.<\/li>\n<li>Expatrianti, cestovatel\u00e9 nebo studenti jazyk\u016f, kte\u0159\u00ed se cht\u011bj\u00ed spojit po cel\u00e9m sv\u011bt\u011b.<\/li>\n<li>U\u017eivatel\u00e9, kte\u0159\u00ed si cen\u00ed soukrom\u00ed a jednoduchosti online komunikace.<\/li>\n<\/ul>\n<p>M\u00e9n\u011b ide\u00e1ln\u00ed pro:<\/p>\n<ul>\n<li>Ti, kte\u0159\u00ed hledaj\u00ed speci\u00e1ln\u00ed platformy pro videochat<\/li>\n<li>U\u017eivatel\u00e9 mlad\u0161\u00ed 18 let (platforma je ur\u010dena pouze pro dosp\u011bl\u00e9).<\/li>\n<li>Lid\u00e9, kte\u0159\u00ed cht\u011bj\u00ed pokro\u010dil\u00e9 funkce pro p\u00e1rov\u00e1n\u00ed nebo seznamov\u00e1n\u00ed<\/li>\n<\/ul>\n<p>Chatiwi je \u0161pi\u010dkov\u00e1 alternativa k Chatiw a Chatib, kter\u00e1 nab\u00edz\u00ed to nejlep\u0161\u00ed z klasick\u00fdch online chatovac\u00edch m\u00edstnost\u00ed s modern\u00edm n\u00e1dechem. Je rychl\u00e1, bezplatn\u00e1, anonymn\u00ed a p\u0159ipraven\u00e1 pro mobiln\u00ed za\u0159\u00edzen\u00ed a p\u0159edstavuje jeden z nejjednodu\u0161\u0161\u00edch zp\u016fsob\u016f, jak se sezn\u00e1mit s nov\u00fdmi lidmi, naj\u00edt si p\u0159\u00e1tele nebo si u\u017e\u00edt \u017eiv\u00fd skupinov\u00fd chat v roce 2025.<\/p>\n<p>D\u00edky efektivn\u00edmu moderov\u00e1n\u00ed, u\u017eivatelsky p\u0159\u00edv\u011btiv\u00e9mu designu a vst\u0159\u00edcn\u00e9 glob\u00e1ln\u00ed komunit\u011b poskytuje Chatiwi p\u0159esn\u011b to, co u\u017eivatel\u00e9 od platformy chatovac\u00ed m\u00edstnosti o\u010dek\u00e1vaj\u00ed - spont\u00e1nn\u00ed, autentickou a bezpe\u010dnou konverzaci kdykoli a kdekoli.<\/p>\n<p>Pokud hled\u00e1te jednoduchou a p\u0159\u00edstupnou chatovac\u00ed m\u00edstnost, do kter\u00e9 se dnes m\u016f\u017eete p\u0159ipojit, Chatiwi rozhodn\u011b stoj\u00ed za vyzkou\u0161en\u00ed.<\/p>","protected":false},"excerpt":{"rendered":"<p>The world of online chat rooms has evolved rapidly, but the demand for simple, instant, and anonymous social platforms is stronger than ever. As older sites like Chatiw and Chatib struggle to keep up with modern user expectations, Chatiwi steps in as a new alternative\u2014offering classic live chat rooms, private messaging, and a friendly, global [&hellip;]<\/p>\n","protected":false},"author":6,"featured_media":0,"parent":0,"menu_order":0,"comment_status":"closed","ping_status":"closed","template":"","meta":{"footnotes":""},"class_list":["post-12942","page","type-page","status-publish","hentry"],"yoast_head":"<!-- This site is optimized with the Yoast SEO plugin v27.4 - https:\/\/yoast.com\/product\/yoast-seo-wordpress\/ -->\n<title>Chatiwi - Your Anonymous Encrypted Chat - StrangerCam<\/title>\n<meta name=\"description\" content=\"Like Chatiwi? Come chat with more than 5.000.000 strangers on Stranger Cam for Free! Turn on your cam and find new friends &amp; maby a match!\" \/>\n<meta name=\"robots\" content=\"index, follow, max-snippet:-1, max-image-preview:large, max-video-preview:-1\" \/>\n<link rel=\"canonical\" href=\"https:\/\/strangercam.com\/cs\/chatiwi\/\" \/>\n<meta property=\"og:locale\" content=\"cs_CZ\" \/>\n<meta property=\"og:type\" content=\"article\" \/>\n<meta property=\"og:title\" content=\"Chatiwi - Your Anonymous Encrypted Chat - StrangerCam\" \/>\n<meta property=\"og:description\" content=\"Like Chatiwi? Come chat with more than 5.000.000 strangers on Stranger Cam for Free! Turn on your cam and find new friends &amp; maby a match!\" \/>\n<meta property=\"og:url\" content=\"https:\/\/strangercam.com\/cs\/chatiwi\/\" \/>\n<meta property=\"og:site_name\" content=\"Strangercam\" \/>\n<meta property=\"article:publisher\" content=\"https:\/\/www.facebook.com\/strangercam\" \/>\n<meta property=\"og:image\" content=\"https:\/\/strangercam.com\/wp-content\/uploads\/2021\/10\/Untitled-2.png\" \/>\n\t<meta property=\"og:image:width\" content=\"800\" \/>\n\t<meta property=\"og:image:height\" content=\"532\" \/>\n\t<meta property=\"og:image:type\" content=\"image\/png\" \/>\n<meta name=\"twitter:card\" content=\"summary_large_image\" \/>\n<meta name=\"twitter:site\" content=\"@strangercamapp\" \/>\n<meta name=\"twitter:label1\" content=\"Odhadovan\u00e1 doba \u010dten\u00ed\" \/>\n\t<meta name=\"twitter:data1\" content=\"6 minut\" \/>\n<script type=\"application\/ld+json\" class=\"yoast-schema-graph\">{\"@context\":\"https:\\\/\\\/schema.org\",\"@graph\":[{\"@type\":\"WebPage\",\"@id\":\"https:\\\/\\\/strangercam.com\\\/chatiwi\\\/\",\"url\":\"https:\\\/\\\/strangercam.com\\\/chatiwi\\\/\",\"name\":\"Chatiwi - Your Anonymous Encrypted Chat - StrangerCam\",\"isPartOf\":{\"@id\":\"https:\\\/\\\/strangercam.com\\\/#website\"},\"datePublished\":\"2025-07-28T09:02:46+00:00\",\"description\":\"Like Chatiwi? Come chat with more than 5.000.000 strangers on Stranger Cam for Free! Turn on your cam and find new friends & maby a match!\",\"breadcrumb\":{\"@id\":\"https:\\\/\\\/strangercam.com\\\/chatiwi\\\/#breadcrumb\"},\"inLanguage\":\"cs\",\"potentialAction\":[{\"@type\":\"ReadAction\",\"target\":[\"https:\\\/\\\/strangercam.com\\\/chatiwi\\\/\"]}]},{\"@type\":\"BreadcrumbList\",\"@id\":\"https:\\\/\\\/strangercam.com\\\/chatiwi\\\/#breadcrumb\",\"itemListElement\":[{\"@type\":\"ListItem\",\"position\":1,\"name\":\"Home\",\"item\":\"https:\\\/\\\/strangercam.com\\\/\"},{\"@type\":\"ListItem\",\"position\":2,\"name\":\"Chatiwi\"}]},{\"@type\":\"WebSite\",\"@id\":\"https:\\\/\\\/strangercam.com\\\/#website\",\"url\":\"https:\\\/\\\/strangercam.com\\\/\",\"name\":\"Strangercam\",\"description\":\"Random Video Chat with Strangers\",\"publisher\":{\"@id\":\"https:\\\/\\\/strangercam.com\\\/#organization\"},\"alternateName\":\"Strangercam.com\",\"potentialAction\":[{\"@type\":\"SearchAction\",\"target\":{\"@type\":\"EntryPoint\",\"urlTemplate\":\"https:\\\/\\\/strangercam.com\\\/?s={search_term_string}\"},\"query-input\":{\"@type\":\"PropertyValueSpecification\",\"valueRequired\":true,\"valueName\":\"search_term_string\"}}],\"inLanguage\":\"cs\"},{\"@type\":\"Organization\",\"@id\":\"https:\\\/\\\/strangercam.com\\\/#organization\",\"name\":\"Strangercam\",\"alternateName\":\"Strangercam.com\",\"url\":\"https:\\\/\\\/strangercam.com\\\/\",\"logo\":{\"@type\":\"ImageObject\",\"inLanguage\":\"cs\",\"@id\":\"https:\\\/\\\/strangercam.com\\\/#\\\/schema\\\/logo\\\/image\\\/\",\"url\":\"https:\\\/\\\/strangercam.com\\\/wp-content\\\/uploads\\\/2020\\\/11\\\/cropped-new-favicon-black.png\",\"contentUrl\":\"https:\\\/\\\/strangercam.com\\\/wp-content\\\/uploads\\\/2020\\\/11\\\/cropped-new-favicon-black.png\",\"width\":512,\"height\":512,\"caption\":\"Strangercam\"},\"image\":{\"@id\":\"https:\\\/\\\/strangercam.com\\\/#\\\/schema\\\/logo\\\/image\\\/\"},\"sameAs\":[\"https:\\\/\\\/www.facebook.com\\\/strangercam\",\"https:\\\/\\\/x.com\\\/strangercamapp\"]}]}<\/script>\n<!-- \/ Yoast SEO plugin. -->","yoast_head_json":{"title":"Chatiwi - V\u00e1\u0161 anonymn\u00ed \u0161ifrovan\u00fd chat - StrangerCam","description":"Jako Chatiwi? Poj\u010fte si zdarma popov\u00eddat s v\u00edce ne\u017e 5 000 000 cizinci na Stranger Cam! Zapn\u011bte si kameru a najd\u011bte nov\u00e9 p\u0159\u00e1tele &amp; maby z\u00e1pas!","robots":{"index":"index","follow":"follow","max-snippet":"max-snippet:-1","max-image-preview":"max-image-preview:large","max-video-preview":"max-video-preview:-1"},"canonical":"https:\/\/strangercam.com\/cs\/chatiwi\/","og_locale":"cs_CZ","og_type":"article","og_title":"Chatiwi - Your Anonymous Encrypted Chat - StrangerCam","og_description":"Like Chatiwi? Come chat with more than 5.000.000 strangers on Stranger Cam for Free! Turn on your cam and find new friends & maby a match!","og_url":"https:\/\/strangercam.com\/cs\/chatiwi\/","og_site_name":"Strangercam","article_publisher":"https:\/\/www.facebook.com\/strangercam","og_image":[{"width":800,"height":532,"url":"https:\/\/strangercam.com\/wp-content\/uploads\/2021\/10\/Untitled-2.png","type":"image\/png"}],"twitter_card":"summary_large_image","twitter_site":"@strangercamapp","twitter_misc":{"Odhadovan\u00e1 doba \u010dten\u00ed":"6 minut"},"schema":{"@context":"https:\/\/schema.org","@graph":[{"@type":"WebPage","@id":"https:\/\/strangercam.com\/chatiwi\/","url":"https:\/\/strangercam.com\/chatiwi\/","name":"Chatiwi - V\u00e1\u0161 anonymn\u00ed \u0161ifrovan\u00fd chat - StrangerCam","isPartOf":{"@id":"https:\/\/strangercam.com\/#website"},"datePublished":"2025-07-28T09:02:46+00:00","description":"Jako Chatiwi? Poj\u010fte si zdarma popov\u00eddat s v\u00edce ne\u017e 5 000 000 cizinci na Stranger Cam! Zapn\u011bte si kameru a najd\u011bte nov\u00e9 p\u0159\u00e1tele &amp; maby z\u00e1pas!","breadcrumb":{"@id":"https:\/\/strangercam.com\/chatiwi\/#breadcrumb"},"inLanguage":"cs","potentialAction":[{"@type":"ReadAction","target":["https:\/\/strangercam.com\/chatiwi\/"]}]},{"@type":"BreadcrumbList","@id":"https:\/\/strangercam.com\/chatiwi\/#breadcrumb","itemListElement":[{"@type":"ListItem","position":1,"name":"Home","item":"https:\/\/strangercam.com\/"},{"@type":"ListItem","position":2,"name":"Chatiwi"}]},{"@type":"WebSite","@id":"https:\/\/strangercam.com\/#website","url":"https:\/\/strangercam.com\/","name":"Strangercam","description":"N\u00e1hodn\u00fd videochat s ciz\u00edmi lidmi","publisher":{"@id":"https:\/\/strangercam.com\/#organization"},"alternateName":"Strangercam.com","potentialAction":[{"@type":"SearchAction","target":{"@type":"EntryPoint","urlTemplate":"https:\/\/strangercam.com\/?s={search_term_string}"},"query-input":{"@type":"PropertyValueSpecification","valueRequired":true,"valueName":"search_term_string"}}],"inLanguage":"cs"},{"@type":"Organization","@id":"https:\/\/strangercam.com\/#organization","name":"Strangercam","alternateName":"Strangercam.com","url":"https:\/\/strangercam.com\/","logo":{"@type":"ImageObject","inLanguage":"cs","@id":"https:\/\/strangercam.com\/#\/schema\/logo\/image\/","url":"https:\/\/strangercam.com\/wp-content\/uploads\/2020\/11\/cropped-new-favicon-black.png","contentUrl":"https:\/\/strangercam.com\/wp-content\/uploads\/2020\/11\/cropped-new-favicon-black.png","width":512,"height":512,"caption":"Strangercam"},"image":{"@id":"https:\/\/strangercam.com\/#\/schema\/logo\/image\/"},"sameAs":["https:\/\/www.facebook.com\/strangercam","https:\/\/x.com\/strangercamapp"]}]}},"_links":{"self":[{"href":"https:\/\/strangercam.com\/cs\/wp-json\/wp\/v2\/pages\/12942","targetHints":{"allow":["GET"]}}],"collection":[{"href":"https:\/\/strangercam.com\/cs\/wp-json\/wp\/v2\/pages"}],"about":[{"href":"https:\/\/strangercam.com\/cs\/wp-json\/wp\/v2\/types\/page"}],"author":[{"embeddable":true,"href":"https:\/\/strangercam.com\/cs\/wp-json\/wp\/v2\/users\/6"}],"replies":[{"embeddable":true,"href":"https:\/\/strangercam.com\/cs\/wp-json\/wp\/v2\/comments?post=12942"}],"version-history":[{"count":1,"href":"https:\/\/strangercam.com\/cs\/wp-json\/wp\/v2\/pages\/12942\/revisions"}],"predecessor-version":[{"id":12943,"href":"https:\/\/strangercam.com\/cs\/wp-json\/wp\/v2\/pages\/12942\/revisions\/12943"}],"wp:attachment":[{"href":"https:\/\/strangercam.com\/cs\/wp-json\/wp\/v2\/media?parent=12942"}],"curies":[{"name":"wp","href":"https:\/\/api.w.org\/{rel}","templated":true}]}}