{"id":12939,"date":"2025-07-28T11:00:18","date_gmt":"2025-07-28T09:00:18","guid":{"rendered":"https:\/\/strangercam.com\/?page_id=12939"},"modified":"2025-07-28T11:00:18","modified_gmt":"2025-07-28T09:00:18","slug":"chitchattv","status":"publish","type":"page","link":"https:\/\/strangercam.com\/cs\/chitchattv\/","title":{"rendered":"ChitChatTV"},"content":{"rendered":"<p>S vzestupem (a n\u011bkdy i p\u00e1dem) popul\u00e1rn\u00edho videa <a href=\"https:\/\/strangercam.com\/cs\/chathub\/\">chat<\/a> aplikace jako Monkey, Azar a <a href=\"https:\/\/strangercam.com\/cs\/ometv\/\">OmeTV<\/a>, na sc\u00e9n\u011b online chatu nikdy nebyla v\u011bt\u0161\u00ed konkurence - nebo v\u011bt\u0161\u00ed inovace. ChitChatTV je nov\u00fd uchaze\u010d v oblasti n\u00e1hodn\u00e9ho videochatu, kter\u00fd slibuje okam\u017eit\u00e9, glob\u00e1ln\u00ed spojen\u00ed jeden na jednoho a \u017eiv\u00e9, mobiln\u00ed prost\u0159ed\u00ed, kter\u00e9 oslov\u00ed nejen generaci TikToku.<\/p>\n<p>P\u0159in\u00e1\u0161\u00ed ChitChatTV to, co jeho p\u0159edch\u016fdci? Jak funguje, pro koho je ur\u010den a zda je skute\u010dn\u011b t\u00edm nejlep\u0161\u00edm nov\u00fdm zp\u016fsobem, jak ho pou\u017e\u00edvat? <a href=\"https:\/\/strangercam.com\/cs\/coomeet\/\">Seznamte se s<\/a> cizinci online? V t\u00e9to podrobn\u00e9 recenzi prozkoum\u00e1me v\u0161e, co pot\u0159ebujete v\u011bd\u011bt o ChitChatTV: jeho funkce, u\u017eivatelsk\u00e9 zku\u0161enosti, bezpe\u010dnostn\u00ed standardy a jak si stoj\u00ed v porovn\u00e1n\u00ed s nejv\u011bt\u0161\u00edmi jm\u00e9ny v oblasti videochatu pro rok 2025.<\/p>\n<h2>Co je ChitChatTV?<\/h2>\n<p>ChitChatTV je modern\u00ed platforma pro n\u00e1hodn\u00fd videochat v prohl\u00ed\u017ee\u010di, kter\u00e1 v\u00e1s okam\u017eit\u011b spoj\u00ed s ciz\u00edmi lidmi z cel\u00e9ho sv\u011bta a umo\u017en\u00ed v\u00e1m soukrom\u00e9 \u017eiv\u00e9 konverzace tv\u00e1\u0159\u00ed v tv\u00e1\u0159. Stejn\u011b jako Monkey a OmeTV je ChitChatTV navr\u017eena pro spont\u00e1nn\u00ed spojen\u00ed v re\u00e1ln\u00e9m \u010dase, bez nutnosti registrace a se zam\u011b\u0159en\u00edm na rychlost, jednoduchost a z\u00e1bavu.<\/p>\n<p>Tato platforma je ur\u010dena pro r\u016fznorod\u00e9 mezin\u00e1rodn\u00ed publikum - a\u0165 u\u017e si chcete naj\u00edt p\u0159\u00e1tele, procvi\u010dit jazyk, flirtovat, nebo jen tr\u00e1vit \u010das v bezpe\u010dn\u00e9m soci\u00e1ln\u00edm prost\u0159ed\u00ed. D\u00edky v\u00fdrazn\u00e9mu designu zam\u011b\u0159en\u00e9mu na mobiln\u00ed za\u0159\u00edzen\u00ed je ChitChatTV snadno pou\u017eiteln\u00e1 na telefonech i stoln\u00edch po\u010d\u00edta\u010d\u00edch, tak\u017ee je u\u017eivatel\u016fm dostupn\u00e1, a\u0165 jsou kdekoli.<\/p>\n<h2>K \u010demu slou\u017e\u00ed ChitChatTV?<\/h2>\n<p>Posl\u00e1n\u00edm spole\u010dnosti ChitChatTV je o\u017eivit vzru\u0161en\u00ed z online setk\u00e1v\u00e1n\u00ed s nov\u00fdmi lidmi v bezpe\u010dn\u00e9m, u\u017eivatelsky p\u0159\u00edv\u011btiv\u00e9m a modern\u00edm prost\u0159ed\u00ed. Vynik\u00e1 t\u00edm, \u017ee klade d\u016fraz na:<\/p>\n<ul>\n<li>Rychl\u00fd a bezprobl\u00e9mov\u00fd p\u0159\u00edstup - \u017e\u00e1dn\u00e9 stahov\u00e1n\u00ed, \u017e\u00e1dn\u00e9 profily, \u017e\u00e1dn\u00e9 soci\u00e1ln\u00ed s\u00edt\u011b.<\/li>\n<li>Skute\u010dn\u00e1, nepopsan\u00e1 interakce s lidmi, nikoli kur\u00e1torsk\u00fd nebo algoritmick\u00fd obsah.<\/li>\n<li>Sv\u011b\u017e\u00ed, mladistv\u00e1 atmosf\u00e9ra, kter\u00e1 p\u0159itahuje jak generaci Z, tak mileni\u00e1ly, kte\u0159\u00ed hledaj\u00ed skute\u010dn\u011bj\u0161\u00ed digit\u00e1ln\u00ed soci\u00e1ln\u00ed z\u00e1\u017eitky.<\/li>\n<\/ul>\n<p>A\u0165 u\u017e se chcete rychle zasm\u00e1t, naj\u00edt si zahrani\u010dn\u00edho p\u0159\u00edtele nebo z\u00e1bavn\u011b uniknout nud\u011b, ChitChatTV je navr\u017een tak, aby se stal m\u00edstem, kde za\u010d\u00ednaj\u00ed glob\u00e1ln\u00ed konverzace.<\/p>\n<h2>Kl\u00ed\u010dov\u00e9 vlastnosti<\/h2>\n<p>1. Okam\u017eit\u00fd n\u00e1hodn\u00fd videochat<br \/>\nHlavn\u00ed funkc\u00ed ChitChatTV je videochat jeden na jednoho: kliknut\u00edm na tla\u010d\u00edtko za\u010dnete a okam\u017eit\u011b se spoj\u00edte s jin\u00fdm online u\u017eivatelem pro soukromou \u017eivou konverzaci. Ne\u010dek\u00e1 se na \u017e\u00e1dn\u00e9 schvalov\u00e1n\u00ed, p\u00e1rov\u00e1n\u00ed ani fronty v m\u00edstnosti - jen vy a v\u00e1\u0161 partner pro chat tv\u00e1\u0159\u00ed v tv\u00e1\u0159.<\/p>\n<p>2. Tla\u010d\u00edtko Dal\u0161\u00ed\/P\u0159esko\u010dit pro rychl\u00e9 p\u0159i\u0159azen\u00ed<br \/>\nPokud se v\u00e1m dan\u00e1 konverzace nel\u00edb\u00ed, m\u016f\u017eete okam\u017eit\u011b p\u0159esko\u010dit na dal\u0161\u00edho u\u017eivatele. Toto rychl\u00e9 st\u0159\u00edd\u00e1n\u00ed napodobuje n\u00e1vykov\u00fd, rychl\u00fd styl, d\u00edky n\u011bmu\u017e se opice Monkey a <a href=\"https:\/\/strangercam.com\/cs\/omegle\/\">Omegle<\/a> popul\u00e1rn\u00ed.<\/p>\n<p>3. Textov\u00fd chat a emotikony<br \/>\nKrom\u011b videa m\u016f\u017eete v chatu pos\u00edlat i textov\u00e9 zpr\u00e1vy a emotikony. To je ide\u00e1ln\u00ed pro prolomen\u00ed led\u016f, sd\u00edlen\u00ed vtip\u016f nebo komunikaci v p\u0159\u00edpad\u011b jazykov\u00fdch bari\u00e9r.<\/p>\n<p>4. \u017d\u00e1dn\u00e1 registrace ani vytv\u00e1\u0159en\u00ed \u00fa\u010dtu<br \/>\nChitChatTV je p\u0159edev\u0161\u00edm o soukrom\u00ed a rychlosti. U\u017eivatel\u00e9 se nemus\u00ed registrovat ani poskytovat osobn\u00ed \u00fadaje, aby mohli za\u010d\u00edt chatovat, co\u017e udr\u017euje anonymitu a bezprobl\u00e9movost.<\/p>\n<p>5. Mobiln\u00ed a responzivn\u00ed design<br \/>\nPlatforma funguje bez probl\u00e9m\u016f v mobiln\u00edch i stoln\u00edch prohl\u00ed\u017ee\u010d\u00edch. U\u017eivatelsk\u00e9 rozhran\u00ed je optimalizovan\u00e9 pro dotykov\u00e9 ovl\u00e1d\u00e1n\u00ed, rychle se na\u010d\u00edt\u00e1 a snadno se v n\u011bm naviguje, tak\u017ee je ide\u00e1ln\u00ed pro chatov\u00e1n\u00ed na cest\u00e1ch.<\/p>\n<p>6. Glob\u00e1ln\u00ed dosah a v\u00edcejazy\u010dn\u00e1 komunita<br \/>\nChitChatTV spojuje lidi z cel\u00e9ho sv\u011bta a umo\u017e\u0148uje jim snadno poznat nov\u00e9 p\u0159\u00e1tele, procvi\u010dovat si r\u016fzn\u00e9 jazyky a pozn\u00e1vat r\u016fzn\u00e9 kultury v re\u00e1ln\u00e9m \u010dase.<\/p>\n<p>7. N\u00e1stroje pro bezpe\u010dnost a moderov\u00e1n\u00ed<br \/>\nBezpe\u010dnost u\u017eivatel\u016f je podpo\u0159ena tla\u010d\u00edtkem pro nahl\u00e1\u0161en\u00ed v chatu a moder\u00e1torsk\u00fdmi syst\u00e9my (s um\u011blou inteligenc\u00ed i lidmi), kter\u00e9 maj\u00ed za c\u00edl omezit nevhodn\u00e9 chov\u00e1n\u00ed a udr\u017eet platformu p\u0159\u00edjemnou pro v\u0161echny.<\/p>\n<h2>Je ChitChatTV zdarma?<\/h2>\n<p>Ano, ChitChatTV je zcela zdarma. K dispozici jsou:<\/p>\n<ul>\n<li>\u017d\u00e1dn\u00e9 paywally, p\u0159edplatn\u00e9 ani tokeny<\/li>\n<li>Neomezen\u00fd p\u0159\u00edstup k videochatu a textov\u00e9mu chatu<\/li>\n<li>Pro odemknut\u00ed funkc\u00ed nen\u00ed t\u0159eba pr\u00e9miov\u00fdch \u00fa\u010dt\u016f<\/li>\n<\/ul>\n<p>A\u010dkoli se na podporu platformy mohou ob\u010das objevovat nevt\u00edrav\u00e9 reklamy, v\u0161ichni u\u017eivatel\u00e9 maj\u00ed stejn\u00fd p\u0159\u00edstup k z\u00e1kladn\u00edmu chatu.<\/p>\n<h2>Kdo pou\u017e\u00edv\u00e1 ChitChatTV?<\/h2>\n<p>ChitChatTV sv\u00fdm designem a atmosf\u00e9rou p\u0159itahuje \u0161irok\u00e9 mezin\u00e1rodn\u00ed publikum:<\/p>\n<ul>\n<li>V\u011bkov\u00fd rozsah: P\u0159edev\u0161\u00edm 18-30 let, ale \u00fa\u010dastn\u00ed se dosp\u011bl\u00ed v\u0161ech v\u011bkov\u00fdch kategori\u00ed.<\/li>\n<li>U\u017eivatelsk\u00e1 z\u00e1kladna: Studenti, mlad\u00ed profesion\u00e1lov\u00e9, cestovatel\u00e9, digit\u00e1ln\u00ed nom\u00e1di, studenti jazyk\u016f a p\u0159\u00edle\u017eitostn\u00ed chatuj\u00edc\u00ed.<\/li>\n<li>Um\u00edst\u011bn\u00ed: Aktivn\u00ed u\u017eivatelsk\u00e9 z\u00e1kladny ve Spojen\u00fdch st\u00e1tech, Velk\u00e9 Brit\u00e1nii, Evrop\u011b, Braz\u00edlii, Indii, jihov\u00fdchodn\u00ed Asii a dal\u0161\u00edch zem\u00edch.<\/li>\n<\/ul>\n<p>Lid\u00e9 se k ChitChatTV p\u0159ipojuj\u00ed z r\u016fzn\u00fdch d\u016fvod\u016f:<\/p>\n<ul>\n<li>navazov\u00e1n\u00ed nov\u00fdch p\u0159\u00e1telstv\u00ed a roz\u0161i\u0159ov\u00e1n\u00ed glob\u00e1ln\u00edho soci\u00e1ln\u00edho okruhu.<\/li>\n<li>Flirtov\u00e1n\u00ed nebo hled\u00e1n\u00ed podobn\u011b sm\u00fd\u0161lej\u00edc\u00edch nezadan\u00fdch v bezpe\u010dn\u00e9m prostoru bez tlaku.<\/li>\n<li>Procvi\u010dov\u00e1n\u00ed jazyk\u016f nebo pozn\u00e1v\u00e1n\u00ed r\u016fzn\u00fdch kultur<\/li>\n<li>tr\u00e1ven\u00ed \u010dasu, \u00fanik z nudy nebo hled\u00e1n\u00ed skute\u010dn\u00fdch rozhovor\u016f<\/li>\n<\/ul>\n<h2>Bezpe\u010dnost, soukrom\u00ed a moderov\u00e1n\u00ed<\/h2>\n<p>Spole\u010dnost ChitChatTV ch\u00e1pe, \u017ee soukrom\u00ed a bezpe\u010dnost jsou pro platformy videochatu z\u00e1sadn\u00ed, a zav\u00e1d\u00ed n\u011bkolik opat\u0159en\u00ed na ochranu u\u017eivatel\u016f:<\/p>\n<h3>Ochrana osobn\u00edch \u00fadaj\u016f<\/h3>\n<ul>\n<li>Nevy\u017eaduj\u00ed se \u017e\u00e1dn\u00e9 \u00fa\u010dty, registrace ani osobn\u00ed \u00fadaje.<\/li>\n<li>Chaty se neukl\u00e1daj\u00ed ani nezve\u0159ej\u0148uj\u00ed<\/li>\n<li>P\u0159\u00edstup k webkame\u0159e a mikrofonu m\u00e1te neust\u00e1le pod kontrolou.<\/li>\n<\/ul>\n<h3>Moderov\u00e1n\u00ed<\/h3>\n<ul>\n<li>Hl\u00e1\u0161en\u00ed v re\u00e1ln\u00e9m \u010dase v chatu: Snadn\u00e9 nahl\u00e1\u0161en\u00ed jak\u00e9hokoli nevhodn\u00e9ho chov\u00e1n\u00ed<\/li>\n<li>Detekce na z\u00e1klad\u011b um\u011bl\u00e9 inteligence: Filtruje a blokuje ur\u010dit\u00fd explicitn\u00ed obsah<\/li>\n<li>Lid\u0161t\u00ed moder\u00e1to\u0159i: Kontroluj\u00ed ozna\u010den\u00e9 u\u017eivatele a prosazuj\u00ed pravidla komunity<\/li>\n<li>Rychl\u00e9 blokov\u00e1n\u00ed: Okam\u017eit\u011b p\u0159esko\u010dte nebo zablokujte ka\u017ed\u00e9ho, kdo je v\u00e1m nep\u0159\u00edjemn\u00fd.<\/li>\n<\/ul>\n<h3>Tipy pro u\u017eivatele<\/h3>\n<ul>\n<li>Nikdy nesd\u00edlejte osobn\u00ed \u00fadaje, jako je cel\u00e9 jm\u00e9no, adresa nebo odkazy na soci\u00e1ln\u00ed s\u00edt\u011b.<\/li>\n<li>V p\u0159\u00edpad\u011b pot\u0159eby pou\u017eijte tla\u010d\u00edtka \"Dal\u0161\u00ed\" a \"Nahl\u00e1sit\".<\/li>\n<li>Ukon\u010dete chat, kter\u00fd v\u00e1m p\u0159ipad\u00e1 nep\u0159\u00edjemn\u00fd nebo podez\u0159el\u00fd.<\/li>\n<\/ul>\n<p>ChitChatTV je ur\u010den pouze pro dosp\u011bl\u00e9 (18+) a u\u017eivatel\u00e9 jsou vyz\u00fdv\u00e1ni, aby udr\u017eovali vz\u00e1jemn\u00e9 vztahy na uctiv\u00e9 a odleh\u010den\u00e9 \u00farovni.<\/p>\n<h2>Zku\u0161enosti u\u017eivatel\u016f a design<\/h2>\n<p>ChitChatTV nab\u00edz\u00ed modern\u00ed, jednoduch\u00e9 a intuitivn\u00ed rozhran\u00ed. Na domovsk\u00e9 str\u00e1nce najdete v\u00fdrazn\u00e9 tla\u010d\u00edtko \"Start Chat\" a jasn\u00e9 informace o ochran\u011b osobn\u00edch \u00fadaj\u016f a pravidlech. Sta\u010d\u00ed dv\u011b kliknut\u00ed a jste v \u017eiv\u00e9m soukrom\u00e9m chatu.<\/p>\n<p>Nejd\u016fle\u017eit\u011bj\u0161\u00ed informace:<\/p>\n<ul>\n<li>Rychl\u00e9 na\u010d\u00edt\u00e1n\u00ed a t\u00e9m\u011b\u0159 okam\u017eit\u00e1 shoda<\/li>\n<li>Velk\u00e1, pr\u016fhledn\u00e1 okna pro snadnou konverzaci tv\u00e1\u0159\u00ed v tv\u00e1\u0159<\/li>\n<li>Plynul\u00e9 ovl\u00e1d\u00e1n\u00ed ztlumen\u00ed, p\u0159esko\u010den\u00ed, hl\u00e1\u0161en\u00ed a ukon\u010den\u00ed chatu<\/li>\n<li>\u010cist\u00e9 rozvr\u017een\u00ed bez reklam, bez vyskakovac\u00edch oken a nepo\u0159\u00e1dku<\/li>\n<li>Siln\u00e1 kompatibilita s mobiln\u00edmi za\u0159\u00edzen\u00edmi pro chatov\u00e1n\u00ed kdekoli a kdykoli<\/li>\n<\/ul>\n<p>V porovn\u00e1n\u00ed se star\u0161\u00edmi chatovac\u00edmi weby je ChitChatTV leh\u010d\u00ed, rychlej\u0161\u00ed a poutav\u011bj\u0161\u00ed - zejm\u00e9na pro mlad\u0161\u00ed publikum, kter\u00e9 se orientuje na mobiln\u00ed za\u0159\u00edzen\u00ed.<\/p>\n<h2>ChitChatTV vs Ostatn\u00ed platformy pro videochat<\/h2>\n<p>Jak si ChitChatTV vede ve srovn\u00e1n\u00ed s p\u0159edn\u00edmi aplikacemi pro videochat v roce 2025?<\/p>\n<table>\n<thead>\n<tr>\n<th>Funkce<\/th>\n<th>ChitChatTV<\/th>\n<th>Opice<\/th>\n<th>Azar<\/th>\n<th>OmeTV<\/th>\n<th>Chaty<\/th>\n<\/tr>\n<\/thead>\n<tbody>\n<tr>\n<td>N\u00e1hodn\u00fd videochat<\/td>\n<td>Ano<\/td>\n<td>Ano<\/td>\n<td>Ano<\/td>\n<td>Ano<\/td>\n<td>Ano<\/td>\n<\/tr>\n<tr>\n<td>Mo\u017enost textov\u00e9ho chatu<\/td>\n<td>Ano<\/td>\n<td>Ano<\/td>\n<td>Ano<\/td>\n<td>Ano<\/td>\n<td>Ano<\/td>\n<\/tr>\n<tr>\n<td>Pot\u0159ebn\u00e1 registrace<\/td>\n<td>Ne<\/td>\n<td>Ano<\/td>\n<td>Ano<\/td>\n<td>Ne<\/td>\n<td>Ne<\/td>\n<\/tr>\n<tr>\n<td>P\u0159\u00e1telsk\u00e9 pro mobiln\u00ed za\u0159\u00edzen\u00ed<\/td>\n<td>Vynikaj\u00edc\u00ed<\/td>\n<td>Vynikaj\u00edc\u00ed<\/td>\n<td>Vynikaj\u00edc\u00ed<\/td>\n<td>Dobr\u00fd<\/td>\n<td>Vynikaj\u00edc\u00ed<\/td>\n<\/tr>\n<tr>\n<td>Filtry pohlav\u00ed\/regionu<\/td>\n<td>Ne<\/td>\n<td>Ne<\/td>\n<td>Placen\u00e9<\/td>\n<td>Placen\u00e9<\/td>\n<td>Ne<\/td>\n<\/tr>\n<tr>\n<td>Bezplatn\u00e9 pou\u017eit\u00ed<\/td>\n<td>Ano<\/td>\n<td>Ano<\/td>\n<td>Ano\/plat\u00ed se<\/td>\n<td>Ano\/plat\u00ed se<\/td>\n<td>Ano<\/td>\n<\/tr>\n<tr>\n<td>Moderov\u00e1n\u00ed\/hl\u00e1\u0161en\u00ed<\/td>\n<td>Dobr\u00fd<\/td>\n<td>M\u00edrn\u00e1<\/td>\n<td>Dobr\u00fd<\/td>\n<td>Siln\u00fd<\/td>\n<td>M\u00edrn\u00e1<\/td>\n<\/tr>\n<\/tbody>\n<\/table>\n<p>Shrnut\u00ed: ChitChatTV se bl\u00ed\u017e\u00ed spont\u00e1nn\u00ed, rychl\u00e9 atmosf\u00e9\u0159e Monkey a Azar, ale vynik\u00e1 sv\u00fdm skute\u010dn\u011b anonymn\u00edm p\u0159\u00edstupem bez nutnosti registrace a vynikaj\u00edc\u00ed mobiln\u00ed podporou.<\/p>\n<h2>V\u00fdhody a nev\u00fdhody<\/h2>\n<p>Klady:<\/p>\n<ul>\n<li>100% zdarma a p\u0159\u00edstupn\u00e9 - nen\u00ed t\u0159eba se registrovat ani pou\u017e\u00edvat aplikace<\/li>\n<li>Rychl\u00e9 a anonymn\u00ed p\u00e1rov\u00e1n\u00ed pro glob\u00e1ln\u00ed videochat jeden na jednoho<\/li>\n<li>Modern\u00ed rozhran\u00ed optimalizovan\u00e9 pro mobiln\u00ed za\u0159\u00edzen\u00ed<\/li>\n<li>Jednoduch\u00fd textov\u00fd chat a podpora emoji<\/li>\n<li>Robustn\u00ed n\u00e1stroje pro bezpe\u010dnost, hl\u00e1\u0161en\u00ed a moderov\u00e1n\u00ed<\/li>\n<li>V\u00edt\u00e1n\u00ed u\u017eivatel\u016f z cel\u00e9ho sv\u011bta<\/li>\n<\/ul>\n<p>Nev\u00fdhody:<\/p>\n<ul>\n<li>\u017d\u00e1dn\u00e9 filtry pro pohlav\u00ed nebo region (shody jsou zcela n\u00e1hodn\u00e9).<\/li>\n<li>Ob\u010dasn\u00e9 nevhodn\u00e9 chov\u00e1n\u00ed, navzdory um\u00edrn\u011bnosti<\/li>\n<li>V\u00edce u\u017eivatel\u016f mu\u017esk\u00e9ho ne\u017e \u017eensk\u00e9ho pohlav\u00ed (v t\u00e9to oblasti b\u011b\u017en\u00e9)<\/li>\n<li>\u017d\u00e1dn\u00e9 profily, seznamy p\u0159\u00e1tel ani mo\u017enost op\u011btovn\u00e9ho p\u0159ipojen\u00ed<\/li>\n<li>Pouze pro dosp\u011bl\u00e9 (18+)<\/li>\n<\/ul>\n<h2>Ide\u00e1ln\u00ed p\u0159\u00edpady pou\u017eit\u00ed<\/h2>\n<p>ChitChatTV je ide\u00e1ln\u00ed pro:<\/p>\n<ul>\n<li>Fanou\u0161ci her Monkey, OmeTV a Azar hledaj\u00ed nov\u00fd, anonymn\u00ed videochat.<\/li>\n<li>Mlad\u00ed dosp\u011bl\u00ed a studenti, kte\u0159\u00ed cht\u011bj\u00ed roz\u0161\u00ed\u0159it svou glob\u00e1ln\u00ed soci\u00e1ln\u00ed s\u00ed\u0165.<\/li>\n<li>Studenti jazyk\u016f, cestovatel\u00e9 a cizinci, kte\u0159\u00ed hledaj\u00ed spont\u00e1nn\u00ed kulturn\u00ed v\u00fdm\u011bnu.<\/li>\n<li>Ka\u017ed\u00fd, kdo si chce ukr\u00e1tit \u010das, naj\u00edt p\u0159\u00e1tele nebo flirtuj\u00edc\u00edho partnera na chatu v bezpe\u010dn\u00e9m prost\u0159ed\u00ed.<\/li>\n<\/ul>\n<p>Je m\u00e9n\u011b ide\u00e1ln\u00ed pro:<\/p>\n<ul>\n<li>U\u017eivatel\u00e9 mlad\u0161\u00ed 18 let (p\u0159\u00edsn\u00e1 v\u011bkov\u00e1 podm\u00ednka)<\/li>\n<li>Ti, kte\u0159\u00ed hledaj\u00ed specifick\u00e9 filtry pro seznamov\u00e1n\u00ed, shody nebo dlouhodob\u00e9 vztahy.<\/li>\n<li>Lid\u00e9, kter\u00fdm vad\u00ed neskriptovan\u00e1, \u017eiv\u00e1 video interakce<\/li>\n<\/ul>\n<p>ChitChatTV je modern\u00ed, u\u017eivatelsky p\u0159\u00edv\u011btiv\u00e1 alternativa k nejobl\u00edben\u011bj\u0161\u00edm platform\u00e1m pro n\u00e1hodn\u00fd videochat, kter\u00e1 p\u0159in\u00e1\u0161\u00ed rychl\u00e9, anonymn\u00ed a glob\u00e1ln\u00ed p\u0159ipojen\u00ed nov\u00e9 generaci online chatuj\u00edc\u00edch. D\u00edky \u010dist\u00e9mu rozhran\u00ed, designu pro mobiln\u00ed za\u0159\u00edzen\u00ed a z\u00e1vazku k ochran\u011b soukrom\u00ed u\u017eivatel\u016f zachycuje ChitChatTV vzru\u0161en\u00ed z klasick\u00e9ho chatu. <a href=\"https:\/\/strangercam.com\/cs\/chatroulette\/\">ruleta<\/a> ale s bezpe\u010dn\u011bj\u0161\u00edm a sv\u011b\u017e\u00edm pocitem pro rok 2025.<\/p>\n<p>Pokud jste p\u0159ipraveni objevovat nov\u00e9 tv\u00e1\u0159e, navazovat p\u0159\u00e1telstv\u00ed nebo se jen bavit p\u0159i hovorech s ciz\u00edmi lidmi po cel\u00e9m sv\u011bt\u011b, ChitChatTV rozhodn\u011b stoj\u00ed za vyzkou\u0161en\u00ed - \u017e\u00e1dn\u00e1 registrace, \u017e\u00e1dn\u00e9 pot\u00ed\u017ee, jen \u017eiv\u00e1 konverzace.<\/p>","protected":false},"excerpt":{"rendered":"<p>With the rise (and sometimes fall) of popular video chat apps like Monkey, Azar, and OmeTV, the online chat scene has never been more competitive\u2014or more innovative. ChitChatTV is a new contender in the random video chat space, promising instant, global, one-on-one connections and a lively, mobile-friendly experience that appeals to the TikTok generation and [&hellip;]<\/p>\n","protected":false},"author":6,"featured_media":0,"parent":0,"menu_order":0,"comment_status":"closed","ping_status":"closed","template":"","meta":{"footnotes":""},"class_list":["post-12939","page","type-page","status-publish","hentry"],"yoast_head":"<!-- This site is optimized with the Yoast SEO plugin v27.4 - https:\/\/yoast.com\/product\/yoast-seo-wordpress\/ -->\n<title>ChitChatTV - ChitChat Video Chat - StrangerCam<\/title>\n<meta name=\"description\" content=\"Like ChitChatTV? Come chat with more than 5.000.000 strangers on Stranger Cam for Free! Turn on your cam and find new friends &amp; maby a match!\" \/>\n<meta name=\"robots\" content=\"index, follow, max-snippet:-1, max-image-preview:large, max-video-preview:-1\" \/>\n<link rel=\"canonical\" href=\"https:\/\/strangercam.com\/cs\/chitchattv\/\" \/>\n<meta property=\"og:locale\" content=\"cs_CZ\" \/>\n<meta property=\"og:type\" content=\"article\" \/>\n<meta property=\"og:title\" content=\"ChitChatTV - ChitChat Video Chat - StrangerCam\" \/>\n<meta property=\"og:description\" content=\"Like ChitChatTV? Come chat with more than 5.000.000 strangers on Stranger Cam for Free! Turn on your cam and find new friends &amp; maby a match!\" \/>\n<meta property=\"og:url\" content=\"https:\/\/strangercam.com\/cs\/chitchattv\/\" \/>\n<meta property=\"og:site_name\" content=\"Strangercam\" \/>\n<meta property=\"article:publisher\" content=\"https:\/\/www.facebook.com\/strangercam\" \/>\n<meta property=\"og:image\" content=\"https:\/\/strangercam.com\/wp-content\/uploads\/2021\/10\/Untitled-2.png\" \/>\n\t<meta property=\"og:image:width\" content=\"800\" \/>\n\t<meta property=\"og:image:height\" content=\"532\" \/>\n\t<meta property=\"og:image:type\" content=\"image\/png\" \/>\n<meta name=\"twitter:card\" content=\"summary_large_image\" \/>\n<meta name=\"twitter:site\" content=\"@strangercamapp\" \/>\n<meta name=\"twitter:label1\" content=\"Odhadovan\u00e1 doba \u010dten\u00ed\" \/>\n\t<meta name=\"twitter:data1\" content=\"6 minut\" \/>\n<script type=\"application\/ld+json\" class=\"yoast-schema-graph\">{\"@context\":\"https:\\\/\\\/schema.org\",\"@graph\":[{\"@type\":\"WebPage\",\"@id\":\"https:\\\/\\\/strangercam.com\\\/chitchattv\\\/\",\"url\":\"https:\\\/\\\/strangercam.com\\\/chitchattv\\\/\",\"name\":\"ChitChatTV - ChitChat Video Chat - StrangerCam\",\"isPartOf\":{\"@id\":\"https:\\\/\\\/strangercam.com\\\/#website\"},\"datePublished\":\"2025-07-28T09:00:18+00:00\",\"description\":\"Like ChitChatTV? Come chat with more than 5.000.000 strangers on Stranger Cam for Free! Turn on your cam and find new friends & maby a match!\",\"breadcrumb\":{\"@id\":\"https:\\\/\\\/strangercam.com\\\/chitchattv\\\/#breadcrumb\"},\"inLanguage\":\"cs\",\"potentialAction\":[{\"@type\":\"ReadAction\",\"target\":[\"https:\\\/\\\/strangercam.com\\\/chitchattv\\\/\"]}]},{\"@type\":\"BreadcrumbList\",\"@id\":\"https:\\\/\\\/strangercam.com\\\/chitchattv\\\/#breadcrumb\",\"itemListElement\":[{\"@type\":\"ListItem\",\"position\":1,\"name\":\"Home\",\"item\":\"https:\\\/\\\/strangercam.com\\\/\"},{\"@type\":\"ListItem\",\"position\":2,\"name\":\"ChitChatTV\"}]},{\"@type\":\"WebSite\",\"@id\":\"https:\\\/\\\/strangercam.com\\\/#website\",\"url\":\"https:\\\/\\\/strangercam.com\\\/\",\"name\":\"Strangercam\",\"description\":\"Random Video Chat with Strangers\",\"publisher\":{\"@id\":\"https:\\\/\\\/strangercam.com\\\/#organization\"},\"alternateName\":\"Strangercam.com\",\"potentialAction\":[{\"@type\":\"SearchAction\",\"target\":{\"@type\":\"EntryPoint\",\"urlTemplate\":\"https:\\\/\\\/strangercam.com\\\/?s={search_term_string}\"},\"query-input\":{\"@type\":\"PropertyValueSpecification\",\"valueRequired\":true,\"valueName\":\"search_term_string\"}}],\"inLanguage\":\"cs\"},{\"@type\":\"Organization\",\"@id\":\"https:\\\/\\\/strangercam.com\\\/#organization\",\"name\":\"Strangercam\",\"alternateName\":\"Strangercam.com\",\"url\":\"https:\\\/\\\/strangercam.com\\\/\",\"logo\":{\"@type\":\"ImageObject\",\"inLanguage\":\"cs\",\"@id\":\"https:\\\/\\\/strangercam.com\\\/#\\\/schema\\\/logo\\\/image\\\/\",\"url\":\"https:\\\/\\\/strangercam.com\\\/wp-content\\\/uploads\\\/2020\\\/11\\\/cropped-new-favicon-black.png\",\"contentUrl\":\"https:\\\/\\\/strangercam.com\\\/wp-content\\\/uploads\\\/2020\\\/11\\\/cropped-new-favicon-black.png\",\"width\":512,\"height\":512,\"caption\":\"Strangercam\"},\"image\":{\"@id\":\"https:\\\/\\\/strangercam.com\\\/#\\\/schema\\\/logo\\\/image\\\/\"},\"sameAs\":[\"https:\\\/\\\/www.facebook.com\\\/strangercam\",\"https:\\\/\\\/x.com\\\/strangercamapp\"]}]}<\/script>\n<!-- \/ Yoast SEO plugin. -->","yoast_head_json":{"title":"ChitChatTV - ChitChat Video Chat - StrangerCam","description":"Jako ChitChatTV? Poj\u010fte si zdarma popov\u00eddat s v\u00edce ne\u017e 5 000 000 cizinci na Stranger Cam! Zapn\u011bte si kameru a najd\u011bte nov\u00e9 p\u0159\u00e1tele &amp; maby z\u00e1pas!","robots":{"index":"index","follow":"follow","max-snippet":"max-snippet:-1","max-image-preview":"max-image-preview:large","max-video-preview":"max-video-preview:-1"},"canonical":"https:\/\/strangercam.com\/cs\/chitchattv\/","og_locale":"cs_CZ","og_type":"article","og_title":"ChitChatTV - ChitChat Video Chat - StrangerCam","og_description":"Like ChitChatTV? Come chat with more than 5.000.000 strangers on Stranger Cam for Free! Turn on your cam and find new friends & maby a match!","og_url":"https:\/\/strangercam.com\/cs\/chitchattv\/","og_site_name":"Strangercam","article_publisher":"https:\/\/www.facebook.com\/strangercam","og_image":[{"width":800,"height":532,"url":"https:\/\/strangercam.com\/wp-content\/uploads\/2021\/10\/Untitled-2.png","type":"image\/png"}],"twitter_card":"summary_large_image","twitter_site":"@strangercamapp","twitter_misc":{"Odhadovan\u00e1 doba \u010dten\u00ed":"6 minut"},"schema":{"@context":"https:\/\/schema.org","@graph":[{"@type":"WebPage","@id":"https:\/\/strangercam.com\/chitchattv\/","url":"https:\/\/strangercam.com\/chitchattv\/","name":"ChitChatTV - ChitChat Video Chat - StrangerCam","isPartOf":{"@id":"https:\/\/strangercam.com\/#website"},"datePublished":"2025-07-28T09:00:18+00:00","description":"Jako ChitChatTV? Poj\u010fte si zdarma popov\u00eddat s v\u00edce ne\u017e 5 000 000 cizinci na Stranger Cam! Zapn\u011bte si kameru a najd\u011bte nov\u00e9 p\u0159\u00e1tele &amp; maby z\u00e1pas!","breadcrumb":{"@id":"https:\/\/strangercam.com\/chitchattv\/#breadcrumb"},"inLanguage":"cs","potentialAction":[{"@type":"ReadAction","target":["https:\/\/strangercam.com\/chitchattv\/"]}]},{"@type":"BreadcrumbList","@id":"https:\/\/strangercam.com\/chitchattv\/#breadcrumb","itemListElement":[{"@type":"ListItem","position":1,"name":"Home","item":"https:\/\/strangercam.com\/"},{"@type":"ListItem","position":2,"name":"ChitChatTV"}]},{"@type":"WebSite","@id":"https:\/\/strangercam.com\/#website","url":"https:\/\/strangercam.com\/","name":"Strangercam","description":"N\u00e1hodn\u00fd videochat s ciz\u00edmi lidmi","publisher":{"@id":"https:\/\/strangercam.com\/#organization"},"alternateName":"Strangercam.com","potentialAction":[{"@type":"SearchAction","target":{"@type":"EntryPoint","urlTemplate":"https:\/\/strangercam.com\/?s={search_term_string}"},"query-input":{"@type":"PropertyValueSpecification","valueRequired":true,"valueName":"search_term_string"}}],"inLanguage":"cs"},{"@type":"Organization","@id":"https:\/\/strangercam.com\/#organization","name":"Strangercam","alternateName":"Strangercam.com","url":"https:\/\/strangercam.com\/","logo":{"@type":"ImageObject","inLanguage":"cs","@id":"https:\/\/strangercam.com\/#\/schema\/logo\/image\/","url":"https:\/\/strangercam.com\/wp-content\/uploads\/2020\/11\/cropped-new-favicon-black.png","contentUrl":"https:\/\/strangercam.com\/wp-content\/uploads\/2020\/11\/cropped-new-favicon-black.png","width":512,"height":512,"caption":"Strangercam"},"image":{"@id":"https:\/\/strangercam.com\/#\/schema\/logo\/image\/"},"sameAs":["https:\/\/www.facebook.com\/strangercam","https:\/\/x.com\/strangercamapp"]}]}},"_links":{"self":[{"href":"https:\/\/strangercam.com\/cs\/wp-json\/wp\/v2\/pages\/12939","targetHints":{"allow":["GET"]}}],"collection":[{"href":"https:\/\/strangercam.com\/cs\/wp-json\/wp\/v2\/pages"}],"about":[{"href":"https:\/\/strangercam.com\/cs\/wp-json\/wp\/v2\/types\/page"}],"author":[{"embeddable":true,"href":"https:\/\/strangercam.com\/cs\/wp-json\/wp\/v2\/users\/6"}],"replies":[{"embeddable":true,"href":"https:\/\/strangercam.com\/cs\/wp-json\/wp\/v2\/comments?post=12939"}],"version-history":[{"count":2,"href":"https:\/\/strangercam.com\/cs\/wp-json\/wp\/v2\/pages\/12939\/revisions"}],"predecessor-version":[{"id":12941,"href":"https:\/\/strangercam.com\/cs\/wp-json\/wp\/v2\/pages\/12939\/revisions\/12941"}],"wp:attachment":[{"href":"https:\/\/strangercam.com\/cs\/wp-json\/wp\/v2\/media?parent=12939"}],"curies":[{"name":"wp","href":"https:\/\/api.w.org\/{rel}","templated":true}]}}