{"id":12911,"date":"2025-07-14T13:50:19","date_gmt":"2025-07-14T11:50:19","guid":{"rendered":"https:\/\/strangercam.com\/?page_id=12911"},"modified":"2025-07-14T13:50:34","modified_gmt":"2025-07-14T11:50:34","slug":"online-volny-chat","status":"publish","type":"page","link":"https:\/\/strangercam.com\/cs\/onlinefreechat\/","title":{"rendered":"Online hra pro d\u011bti a ml\u00e1de\u017eFreeChat"},"content":{"rendered":"<p>V digit\u00e1ln\u00edm v\u011bku, kter\u00e9mu dominuj\u00ed soci\u00e1ln\u00ed s\u00edt\u011b a aplikace pro zas\u00edl\u00e1n\u00ed rychl\u00fdch zpr\u00e1v, se tradi\u010dn\u00ed <a href=\"https:\/\/strangercam.com\/cs\/chatroulette\/\">chat<\/a> pokoje se p\u0159ekvapiv\u011b vr\u00e1tily. V \u010dele t\u00e9to renesance stoj\u00ed OnlineFreeChat, modern\u00ed chatovac\u00ed platforma v\u011bnovan\u00e1 bezplatn\u00fdm a snadno p\u0159\u00edstupn\u00fdm m\u00edstnostem pro \u017eiv\u00e9 rozhovory pro v\u0161echny, kte\u0159\u00ed cht\u011bj\u00ed. <a href=\"https:\/\/strangercam.com\/cs\/coomeet\/\">Seznamte se s<\/a> nov\u00e9 lidi, navazovat p\u0159\u00e1telstv\u00ed nebo si u\u017e\u00edvat spont\u00e1nn\u00ed online konverzace - bez registrace nebo stahov\u00e1n\u00ed.<\/p>\n<p>\u010c\u00edm se v\u0161ak OnlineFreeChat odli\u0161uje od konkurence? Je opravdu zdarma, je bezpe\u010dn\u00fd a pro koho je nejlep\u0161\u00ed? V t\u00e9to podrobn\u00e9 recenzi prozkoum\u00e1me funkce, u\u017eivatelsk\u00e9 zku\u0161enosti a komunitu OnlineFreeChat, abyste se mohli rozhodnout, zda je to to prav\u00e9 m\u00edsto, kde za\u010d\u00edt svou dal\u0161\u00ed online konverzaci.<\/p>\n<h2>Co je OnlineFreeChat?<\/h2>\n<p>OnlineFreeChat je chatovac\u00ed platforma zalo\u017een\u00e1 na prohl\u00ed\u017ee\u010di, kter\u00e1 nab\u00edz\u00ed \u0161irok\u00fd v\u00fdb\u011br tematick\u00fdch \u017eiv\u00fdch chatovac\u00edch m\u00edstnost\u00ed a mo\u017enost\u00ed individu\u00e1ln\u00edho chatu. Na rozd\u00edl od mnoha modern\u00edch aplikac\u00ed, kter\u00e9 vy\u017eaduj\u00ed registraci nebo instalaci aplikace, OnlineFreeChat poskytuje okam\u017eit\u00fd p\u0159\u00edstup - sta\u010d\u00ed nav\u0161t\u00edvit str\u00e1nky, vybrat si m\u00edstnost a za\u010d\u00edt chatovat s lidmi z cel\u00e9ho sv\u011bta.<\/p>\n<p>Platforma se vrac\u00ed do zlat\u00e9 \u00e9ry klasick\u00fdch chatovac\u00edch m\u00edstnost\u00ed, ale aktualizuje z\u00e1\u017eitek pro rok 2025 d\u00edky modern\u00edmu, \u010dist\u00e9mu rozhran\u00ed a d\u016frazu na bezpe\u010dnost a p\u0159\u00edv\u011btivost pro u\u017eivatele. A\u0165 u\u017e se chcete p\u0159ipojit k ru\u0161n\u00e9 ve\u0159ejn\u00e9 m\u00edstnosti, nebo za\u010d\u00edt soukrom\u00fd chat, OnlineFreeChat v\u00e1m to umo\u017en\u00ed snadno a p\u0159\u00edstupn\u011b.<\/p>\n<h2>K \u010demu slou\u017e\u00ed slu\u017eba OnlineFreeChat?<\/h2>\n<p>OnlineFreeChat si klade za c\u00edl o\u017eivit a zmodernizovat otev\u0159enou chatovac\u00ed m\u00edstnost - vytvo\u0159it prostor, kde se ka\u017ed\u00fd m\u016f\u017ee zapojit do konverzace na r\u016fzn\u00e1 t\u00e9mata, nav\u00e1zat p\u0159\u00e1telstv\u00ed a u\u017e\u00edvat si \u017eiv\u00e9 interakce bez p\u0159ek\u00e1\u017eek.<\/p>\n<p>Hlavn\u00edmi c\u00edli jsou:<\/p>\n<ul>\n<li>Propojen\u00ed lid\u00ed po cel\u00e9m sv\u011bt\u011b ve skupinov\u00fdch chatovac\u00edch m\u00edstnostech v re\u00e1ln\u00e9m \u010dase<\/li>\n<li>Nab\u00eddnout bezpe\u010dn\u00fd, moderovan\u00fd prostor pro konverzaci a setk\u00e1v\u00e1n\u00ed.<\/li>\n<li>Umo\u017en\u011bn\u00ed okam\u017eit\u00e9ho chatu bez registrace pro v\u0161echny u\u017eivatele.<\/li>\n<li>Poskytnout flexibiln\u00ed alternativu k soci\u00e1ln\u00edm m\u00e9di\u00edm a instantn\u00edm zpr\u00e1v\u00e1m.<\/li>\n<\/ul>\n<p>A\u0165 u\u017e si chcete pov\u00eddat o kon\u00ed\u010dc\u00edch, \u017eivot\u011b, vztaz\u00edch, cestov\u00e1n\u00ed, nebo se jen chcete pobavit a poznat nov\u00e9 lidi, OnlineFreeChat nab\u00edz\u00ed jednoduch\u00fd a p\u0159\u00edjemn\u00fd zp\u016fsob, jak to ud\u011blat.<\/p>\n<h2>Kl\u00ed\u010dov\u00e9 vlastnosti<\/h2>\n<p>1. Ve\u0159ejn\u00e9 chatovac\u00ed m\u00edstnosti<br \/>\nHlavn\u00ed funkc\u00ed OnlineFreeChat je \u0159ada \u017eiv\u00fdch skupinov\u00fdch chat\u016f. Tyto m\u00edstnosti jsou uspo\u0159\u00e1d\u00e1ny podle t\u00e9mat nebo z\u00e1jm\u016f - nap\u0159\u00edklad obecn\u00fd chat, p\u0159\u00e1telstv\u00ed, hry, m\u00edstn\u00ed chat, hudba a dal\u0161\u00ed. U\u017eivatel\u00e9 se mohou p\u0159ipojit k libovoln\u00e9 m\u00edstnosti, \u00fa\u010dastnit se prob\u00edhaj\u00edc\u00edch konverzac\u00ed nebo je jednodu\u0161e pozorovat, dokud nebudou p\u0159ipraveni se zapojit.<\/p>\n<p>2. Soukrom\u00e9 chaty jeden na jednoho<br \/>\nKrom\u011b ve\u0159ejn\u00fdch m\u00edstnost\u00ed mohou u\u017eivatel\u00e9 zah\u00e1jit soukrom\u00e9 konverzace s ostatn\u00edmi \u010dleny. Tato funkce umo\u017e\u0148uje osobn\u011bj\u0161\u00ed interakci a umo\u017e\u0148uje plynule p\u0159ech\u00e1zet ze skupinov\u00fdch diskus\u00ed do p\u0159\u00edm\u00fdch chat\u016f.<\/p>\n<p>3. Nen\u00ed nutn\u00e1 registrace<br \/>\nJedn\u00edm z nejatraktivn\u011bj\u0161\u00edch aspekt\u016f slu\u017eby OnlineFreeChat je, \u017ee m\u016f\u017eete za\u010d\u00edt chatovat bez vytvo\u0159en\u00ed \u00fa\u010dtu. Zvolte si p\u0159ezd\u00edvku, vyberte m\u00edstnost a okam\u017eit\u011b se zapoj\u00edte do konverzace.<\/p>\n<p>4. Kompatibilita s v\u00edce za\u0159\u00edzen\u00edmi<br \/>\nPlatforma funguje bez probl\u00e9m\u016f v po\u010d\u00edta\u010dov\u00fdch i mobiln\u00edch prohl\u00ed\u017ee\u010d\u00edch. Responzivn\u00ed design zaji\u0161\u0165uje, \u017ee se m\u016f\u017eete \u00fa\u010dastnit chatovac\u00edch m\u00edstnost\u00ed na telefonu, tabletu nebo notebooku, ani\u017e byste museli cokoli instalovat.<\/p>\n<p>5. P\u0159\u00edjemn\u00e9 a modern\u00ed rozhran\u00ed<br \/>\nOnlineFreeChat se m\u016f\u017ee pochlubit jednoduch\u00fdm a u\u017eivatelsky p\u0159\u00edv\u011btiv\u00fdm rozhran\u00edm. Zpr\u00e1vy jsou p\u0159ehledn\u00e9, chatovac\u00ed m\u00edstnosti se snadno prohl\u00ed\u017eej\u00ed a ovl\u00e1dac\u00ed prvky pro ztlumen\u00ed, blokov\u00e1n\u00ed nebo nahl\u00e1\u0161en\u00ed u\u017eivatel\u016f jsou v\u017edy dostupn\u00e9.<\/p>\n<p>6. Moderov\u00e1n\u00ed u\u017eivatel\u016f a bezpe\u010dnostn\u00ed n\u00e1stroje<br \/>\nStr\u00e1nky vyu\u017e\u00edvaj\u00ed moder\u00e1tory a funkce hl\u00e1\u0161en\u00ed, kter\u00e9 pom\u00e1haj\u00ed udr\u017eovat pozitivn\u00ed prost\u0159ed\u00ed. U\u017eivatel\u00e9 mohou rychle zablokovat nebo nahl\u00e1sit kohokoli, kdo poru\u0161uje pravidla chatu, co\u017e pom\u00e1h\u00e1 udr\u017eovat konverzace v dobr\u00e9m a p\u0159\u00edjemn\u00e9m duchu.<\/p>\n<p>7. \u0160irok\u00e1 \u0161k\u00e1la t\u00e9mat chatu<br \/>\nD\u00edky des\u00edtk\u00e1m tematick\u00fdch m\u00edstnost\u00ed a pravideln\u00fdm aktualizac\u00edm najdete prostory v\u011bnovan\u00e9 t\u00e9m\u011b\u0159 ka\u017ed\u00e9mu t\u00e9matu - snadno tak najdete podobn\u011b sm\u00fd\u0161lej\u00edc\u00ed partnery do chatu nebo objev\u00edte nov\u00e9 z\u00e1jmy.<\/p>\n<h2>Je OnlineFreeChat zdarma?<\/h2>\n<p>Ano, OnlineFreeChat je 100% zdarma. V\u0161echny z\u00e1kladn\u00ed funkce - v\u010detn\u011b vstupu do ve\u0159ejn\u00fdch m\u00edstnost\u00ed, soukrom\u00fdch zpr\u00e1v a pou\u017e\u00edv\u00e1n\u00ed bezpe\u010dnostn\u00edch n\u00e1stroj\u016f - jsou p\u0159\u00edstupn\u00e9 bez placen\u00ed. K dispozici jsou:<\/p>\n<ul>\n<li>\u017d\u00e1dn\u00e9 p\u0159edplatn\u00e9<\/li>\n<li>\u017d\u00e1dn\u00e9 pr\u00e9miov\u00e9 \u00fa\u010dty<\/li>\n<li>\u017d\u00e1dn\u00e9 skryt\u00e9 n\u00e1klady<\/li>\n<\/ul>\n<p>Na podporu platformy m\u016f\u017ee b\u00fdt p\u0159\u00edtomna lehk\u00e1 reklama, kter\u00e1 v\u0161ak nen\u00ed ru\u0161iv\u00e1 a neovliv\u0148uje z\u00e1\u017eitek z chatu.<\/p>\n<h2>Kdo pou\u017e\u00edv\u00e1 OnlineFreeChat?<\/h2>\n<p>OnlineFreeChat p\u0159itahuje rozmanit\u00e9 mezin\u00e1rodn\u00ed publikum. Mezi u\u017eivatele pat\u0159\u00ed:<\/p>\n<ul>\n<li>Dosp\u011bl\u00ed v\u0161ech v\u011bkov\u00fdch kategori\u00ed, obvykle 18-40 let<\/li>\n<li>Lid\u00e9 ze Severn\u00ed Ameriky, Evropy, Indie, jihov\u00fdchodn\u00ed Asie a Latinsk\u00e9 Ameriky.<\/li>\n<li>Studenti, profesion\u00e1lov\u00e9, cestovatel\u00e9 a v\u0161ichni, kdo hledaj\u00ed neform\u00e1ln\u00ed online konverzaci.<\/li>\n<\/ul>\n<p>Mezi nej\u010dast\u011bj\u0161\u00ed d\u016fvody, pro\u010d lid\u00e9 pou\u017e\u00edvaj\u00ed OnlineFreeChat, pat\u0159\u00ed:<\/p>\n<ul>\n<li>nav\u00e1z\u00e1n\u00ed nov\u00fdch p\u0159\u00e1telstv\u00ed nebo roz\u0161\u00ed\u0159en\u00ed okruhu p\u0159\u00e1tel.<\/li>\n<li>Zkr\u00e1cen\u00ed \u010dasu a \u00fanik od nudy<\/li>\n<li>Diskuse o kon\u00ed\u010dc\u00edch, hudb\u011b, filmech a ka\u017edodenn\u00edm \u017eivot\u011b<\/li>\n<li>Vyhled\u00e1n\u00ed p\u0159\u00e1telsk\u00e9 rady nebo sd\u00edlen\u00ed zku\u0161enost\u00ed v podp\u016frn\u00e9 skupin\u011b.<\/li>\n<\/ul>\n<p>Rozmanitost chatovac\u00edch m\u00edstnost\u00ed na t\u00e9to platform\u011b zaji\u0161\u0165uje, \u017ee si ka\u017ed\u00fd - od nesm\u011bl\u00fdch nov\u00e1\u010dk\u016f a\u017e po zku\u0161en\u00e9 kec\u00e1lky - najde prostor, ve kter\u00e9m se bude c\u00edtit dob\u0159e.<\/p>\n<h2>Bezpe\u010dnost, soukrom\u00ed a moderov\u00e1n\u00ed<\/h2>\n<p>OnlineFreeChat se zavazuje poskytovat bezpe\u010dn\u00e9 a respektuj\u00edc\u00ed prost\u0159ed\u00ed pro v\u0161echny u\u017eivatele. Zde se dozv\u00edte, jak chr\u00e1n\u00ed va\u0161e soukrom\u00ed a podporuje bezpe\u010dnost u\u017eivatel\u016f:<\/p>\n<h3>Ochrana osobn\u00edch \u00fadaj\u016f<\/h3>\n<ul>\n<li>Nevy\u017eaduje se \u017e\u00e1dn\u00e1 registrace ani osobn\u00ed \u00fadaje<\/li>\n<li>U\u017eivatel\u00e9 si vol\u00ed p\u0159ezd\u00edvky; skute\u010dn\u00e1 jm\u00e9na nejsou nutn\u00e1.<\/li>\n<li>Chaty nejsou ve\u0159ejn\u011b archivov\u00e1ny ani v nich nelze vyhled\u00e1vat.<\/li>\n<\/ul>\n<h3>Moderov\u00e1n\u00ed<\/h3>\n<ul>\n<li>Aktivn\u00ed lid\u0161t\u00ed moder\u00e1to\u0159i dohl\u00ed\u017eej\u00ed na nejru\u0161n\u011bj\u0161\u00ed m\u00edstnosti.<\/li>\n<li>Funkce hl\u00e1\u0161en\u00ed a blokov\u00e1n\u00ed v m\u00edstnosti jsou k dispozici 24 hodin denn\u011b, 7 dn\u00ed v t\u00fddnu.<\/li>\n<li>Pokyny zakazuj\u00ed obt\u011b\u017eov\u00e1n\u00ed, spam a nevhodn\u00e9 chov\u00e1n\u00ed.<\/li>\n<li>Opakovan\u00e9 p\u0159estupky jsou zak\u00e1z\u00e1ny.<\/li>\n<\/ul>\n<h3>U\u017eivatelsk\u00e9 ovl\u00e1d\u00e1n\u00ed<\/h3>\n<ul>\n<li>Okam\u017eit\u00e9 blokov\u00e1n\u00ed nebo ztlumen\u00ed u\u017eivatel\u016f, kte\u0159\u00ed naru\u0161uj\u00ed chat.<\/li>\n<li>Vyberte si, zda chcete z\u016fstat ve ve\u0159ejn\u00fdch m\u00edstnostech, nebo se p\u0159esunout do soukrom\u00fdch konverzac\u00ed.<\/li>\n<li>Kdykoli zm\u011bnit p\u0159ezd\u00edvku nebo p\u0159epnout m\u00edstnost.<\/li>\n<\/ul>\n<p>\u017d\u00e1dn\u00e1 otev\u0159en\u00e1 chatovac\u00ed m\u00edstnost sice nem\u016f\u017ee zaru\u010dit dokonal\u00fd z\u00e1\u017eitek, ale d\u00edky kombinaci moderov\u00e1n\u00ed a u\u017eivatelsk\u00fdch n\u00e1stroj\u016f je OnlineFreeChat bezpe\u010dn\u011bj\u0161\u00ed ne\u017e v\u011bt\u0161ina klasick\u00fdch chatovac\u00edch platforem.<\/p>\n<h2>Zku\u0161enosti u\u017eivatel\u016f a design<\/h2>\n<p>OnlineFreeChat je navr\u017een pro rychlou a bezprobl\u00e9movou konverzaci:<\/p>\n<ul>\n<li>Rychl\u00e9 na\u010d\u00edt\u00e1n\u00ed domovsk\u00e9 str\u00e1nky s p\u0159ehledn\u00fdmi kategoriemi m\u00edstnost\u00ed<\/li>\n<li>Jedn\u00edm kliknut\u00edm se p\u0159ipoj\u00edte k m\u00edstnosti a m\u016f\u017eete se rovnou pustit do konverzace.<\/li>\n<li>Zpr\u00e1vy se zobrazuj\u00ed okam\u017eit\u011b, bez zpo\u017ed\u011bn\u00ed, a to i v ru\u0161n\u00fdch m\u00edstnostech.<\/li>\n<li>Rozlo\u017een\u00ed vhodn\u00e9 pro mobiln\u00ed za\u0159\u00edzen\u00ed se p\u0159izp\u016fsob\u00ed men\u0161\u00edm obrazovk\u00e1m, abyste mohli chatovat na cest\u00e1ch.<\/li>\n<li>Ovl\u00e1d\u00e1n\u00ed ozn\u00e1men\u00ed, blokov\u00e1n\u00ed a hl\u00e1\u0161en\u00ed je intuitivn\u00ed.<\/li>\n<\/ul>\n<p>Design webu klade d\u016fraz na komunitu a p\u0159\u00edstupnost, tak\u017ee se do n\u011bj m\u016f\u017ee snadno zapojit ka\u017ed\u00fd bez ohledu na technick\u00e9 zku\u0161enosti.<\/p>\n<h2>OnlineFreeChat vs Ostatn\u00ed platformy chatovac\u00edch m\u00edstnost\u00ed<\/h2>\n<p>Jak OnlineFreeChat ve srovn\u00e1n\u00ed s jin\u00fdmi p\u0159edn\u00edmi webov\u00fdmi str\u00e1nkami \u017eiv\u00e9ho chatu?<\/p>\n<table>\n<thead>\n<tr>\n<th>Funkce<\/th>\n<th>Online hra pro d\u011bti a ml\u00e1de\u017eFreeChat<\/th>\n<th><a href=\"https:\/\/strangercam.com\/cs\/chat-avenue\/\">Chat Avenue<\/a><\/th>\n<th>Chatib<\/th>\n<th><a href=\"https:\/\/strangercam.com\/cs\/chatzy\/\">Chatzy<\/a><\/th>\n<th>Wireclub<\/th>\n<\/tr>\n<\/thead>\n<tbody>\n<tr>\n<td>Voln\u00fd p\u0159\u00edstup<\/td>\n<td>Ano<\/td>\n<td>Ano<\/td>\n<td>Ano<\/td>\n<td>Ano<\/td>\n<td>Ano<\/td>\n<\/tr>\n<tr>\n<td>Registrace nen\u00ed nutn\u00e1<\/td>\n<td>Ano<\/td>\n<td>Ne<\/td>\n<td>Ano<\/td>\n<td>Ano<\/td>\n<td>Ne<\/td>\n<\/tr>\n<tr>\n<td>Tematick\u00e9 chatovac\u00ed m\u00edstnosti<\/td>\n<td>Ano<\/td>\n<td>Ano<\/td>\n<td>Ano<\/td>\n<td>Ne<\/td>\n<td>Ano<\/td>\n<\/tr>\n<tr>\n<td>Soukrom\u00e9 zpr\u00e1vy<\/td>\n<td>Ano<\/td>\n<td>Ano<\/td>\n<td>Ano<\/td>\n<td>Ano<\/td>\n<td>Ano<\/td>\n<\/tr>\n<tr>\n<td>Mobiln\u00ed podpora<\/td>\n<td>Vynikaj\u00edc\u00ed<\/td>\n<td>Dobr\u00fd<\/td>\n<td>Dobr\u00fd<\/td>\n<td>Dobr\u00fd<\/td>\n<td>Dobr\u00fd<\/td>\n<\/tr>\n<tr>\n<td>N\u00e1stroje pro moderov\u00e1n\u00ed<\/td>\n<td>Siln\u00fd<\/td>\n<td>M\u00edrn\u00e1<\/td>\n<td>M\u00edrn\u00e1<\/td>\n<td>M\u00edrn\u00e1<\/td>\n<td>Siln\u00fd<\/td>\n<\/tr>\n<tr>\n<td>Reklamy<\/td>\n<td>Minim\u00e1ln\u00ed<\/td>\n<td>Ano<\/td>\n<td>Ano<\/td>\n<td>Minim\u00e1ln\u00ed<\/td>\n<td>Ano<\/td>\n<\/tr>\n<\/tbody>\n<\/table>\n<p>Shrnut\u00ed: OnlineFreeChat vynik\u00e1 \u010dist\u00fdm rozhran\u00edm, okam\u017eit\u00fdm p\u0159\u00edstupem a \u0161irokou nab\u00eddkou tematick\u00fdch chatovac\u00edch m\u00edstnost\u00ed. V bezpe\u010dnosti u\u017eivatel\u016f a kompatibilit\u011b s mobiln\u00edmi za\u0159\u00edzen\u00edmi se vyrovn\u00e1 konkurenci nebo ji dokonce p\u0159ed\u010d\u00ed, nav\u00edc bez nutnosti registrace.<\/p>\n<h2>V\u00fdhody a nev\u00fdhody<\/h2>\n<p>Klady:<\/p>\n<ul>\n<li>100% zdarma s okam\u017eit\u00fdm p\u0159\u00edstupem<\/li>\n<li>Nen\u00ed nutn\u00e1 registrace ani stahov\u00e1n\u00ed<\/li>\n<li>\u0160irok\u00e1 \u0161k\u00e1la \u017eiv\u00fdch tematick\u00fdch chatovac\u00edch m\u00edstnost\u00ed<\/li>\n<li>U\u017eivatelsky p\u0159\u00edv\u011btiv\u00e9 na po\u010d\u00edta\u010di i mobiln\u00edm telefonu<\/li>\n<li>Aktivn\u00ed moderov\u00e1n\u00ed a snadno pou\u017eiteln\u00e9 n\u00e1stroje pro pod\u00e1v\u00e1n\u00ed zpr\u00e1v<\/li>\n<li>Mo\u017enosti soukrom\u00e9ho chatu pro konverzace mezi \u010dty\u0159ma o\u010dima<\/li>\n<\/ul>\n<p>Nev\u00fdhody:<\/p>\n<ul>\n<li>\u017d\u00e1dn\u00fd videochat nebo <a href=\"https:\/\/strangercam.com\/cs\/bazoocam\/\">cam<\/a> funkce (pouze textov\u00e9)<\/li>\n<li>N\u011bkte\u0159\u00ed u\u017eivatel\u00e9 se mohou odpojit nebo rychle opustit m\u00edstnosti.<\/li>\n<li>Ob\u010dasn\u00ed ru\u0161iv\u00ed u\u017eivatel\u00e9, navzdory moderov\u00e1n\u00ed<\/li>\n<li>\u017d\u00e1dn\u00e9 dlouhodob\u00e9 profily nebo seznamy p\u0159\u00e1tel<\/li>\n<\/ul>\n<h2>Ide\u00e1ln\u00ed p\u0159\u00edpady pou\u017eit\u00ed<\/h2>\n<p>OnlineFreeChat je ide\u00e1ln\u00ed pro:<\/p>\n<ul>\n<li>Ka\u017ed\u00fd, kdo hled\u00e1 bezpe\u010dn\u00fd, bezplatn\u00fd a snadn\u00fd zp\u016fsob online chatu.<\/li>\n<li>U\u017eivatel\u00e9, kte\u0159\u00ed r\u00e1di diskutuj\u00ed v tematick\u00fdch skupin\u00e1ch nebo se seznamuj\u00ed s nov\u00fdmi lidmi.<\/li>\n<li>Lid\u00e9, kte\u0159\u00ed hledaj\u00ed alternativy k soci\u00e1ln\u00edm m\u00e9di\u00edm a aplikac\u00edm pro zas\u00edl\u00e1n\u00ed rychl\u00fdch zpr\u00e1v.<\/li>\n<li>Cestovatel\u00e9, expati a studenti jazyk\u016f, kte\u0159\u00ed cht\u011bj\u00ed komunikovat v re\u00e1ln\u00e9m \u010dase.<\/li>\n<li>Osoby, kter\u00e9 up\u0159ednost\u0148uj\u00ed anonymitu a soukrom\u00ed p\u0159i online konverzac\u00edch.<\/li>\n<\/ul>\n<p>M\u016f\u017ee b\u00fdt m\u00e9n\u011b ide\u00e1ln\u00ed pro:<\/p>\n<ul>\n<li>Ti, kte\u0159\u00ed hledaj\u00ed speci\u00e1ln\u00ed zku\u0161enosti s videochatem<\/li>\n<li>U\u017eivatel\u00e9 mlad\u0161\u00ed 18 let (platforma je ur\u010dena pro dosp\u011bl\u00e9).<\/li>\n<li>Lid\u00e9, kte\u0159\u00ed hledaj\u00ed pokro\u010dil\u00e9 seznamovac\u00ed nebo p\u00e1rovac\u00ed funkce<\/li>\n<\/ul>\n<h2>Z\u00e1v\u011bre\u010dn\u00fd verdikt<\/h2>\n<p>OnlineFreeChat je jednou z nejlep\u0161\u00edch platforem pro \u017eiv\u00e9 chaty, kter\u00e9 jsou k dispozici v roce 2025 a kter\u00e9 kombinuj\u00ed dostupnost klasick\u00fdch chatovac\u00edch m\u00edstnost\u00ed s modern\u00edmi bezpe\u010dnostn\u00edmi a pou\u017eiteln\u00fdmi funkcemi. Jej\u00ed okam\u017eit\u00fd p\u0159\u00edstup, \u0161irok\u00e1 nab\u00eddka t\u00e9mat a p\u0159\u00e1telsk\u00e9 moderovan\u00e9 prost\u0159ed\u00ed z n\u00ed \u010din\u00ed nejlep\u0161\u00ed volbu pro ka\u017ed\u00e9ho, kdo chce chatovat, navazovat p\u0159\u00e1telstv\u00ed nebo se prost\u011b jen bavit online.<\/p>\n<p>Pokud hled\u00e1te jednoduch\u00fd, bezpe\u010dn\u00fd a skute\u010dn\u011b bezplatn\u00fd zp\u016fsob, jak se spojit s ostatn\u00edmi lidmi po cel\u00e9m sv\u011bt\u011b, OnlineFreeChat rozhodn\u011b stoj\u00ed za vyzkou\u0161en\u00ed - a\u0165 u\u017e chcete \u017eiv\u011b chatovat ve skupin\u011b, nebo v\u00e9st klidnou soukromou konverzaci.<\/p>","protected":false},"excerpt":{"rendered":"<p>In a digital age dominated by social networks and instant messaging apps, traditional chat rooms have made a surprising comeback. Leading this renaissance is OnlineFreeChat, a modern chat platform dedicated to free, easy-to-access live chat rooms for anyone looking to meet new people, make friends, or enjoy spontaneous online conversations\u2014without registration or downloads. But how [&hellip;]<\/p>\n","protected":false},"author":6,"featured_media":0,"parent":0,"menu_order":0,"comment_status":"closed","ping_status":"closed","template":"","meta":{"footnotes":""},"class_list":["post-12911","page","type-page","status-publish","hentry"],"yoast_head":"<!-- This site is optimized with the Yoast SEO plugin v27.4 - https:\/\/yoast.com\/product\/yoast-seo-wordpress\/ -->\n<title>OnlineFreeChat - Live Online Chat Rooms on StrangerCam.com<\/title>\n<meta name=\"description\" content=\"Like OnlineFreeChat? Come chat with more than 5.000.000 strangers on Stranger Cam for Free! Turn on your cam and find new friends &amp; maby a match!\" \/>\n<meta name=\"robots\" content=\"index, follow, max-snippet:-1, max-image-preview:large, max-video-preview:-1\" \/>\n<link rel=\"canonical\" href=\"https:\/\/strangercam.com\/cs\/online-volny-chat\/\" \/>\n<meta property=\"og:locale\" content=\"cs_CZ\" \/>\n<meta property=\"og:type\" content=\"article\" \/>\n<meta property=\"og:title\" content=\"OnlineFreeChat - Live Online Chat Rooms on StrangerCam.com\" \/>\n<meta property=\"og:description\" content=\"Like OnlineFreeChat? Come chat with more than 5.000.000 strangers on Stranger Cam for Free! Turn on your cam and find new friends &amp; maby a match!\" \/>\n<meta property=\"og:url\" content=\"https:\/\/strangercam.com\/cs\/online-volny-chat\/\" \/>\n<meta property=\"og:site_name\" content=\"Strangercam\" \/>\n<meta property=\"article:publisher\" content=\"https:\/\/www.facebook.com\/strangercam\" \/>\n<meta property=\"article:modified_time\" content=\"2025-07-14T11:50:34+00:00\" \/>\n<meta property=\"og:image\" content=\"https:\/\/strangercam.com\/wp-content\/uploads\/2021\/10\/Untitled-2.png\" \/>\n\t<meta property=\"og:image:width\" content=\"800\" \/>\n\t<meta property=\"og:image:height\" content=\"532\" \/>\n\t<meta property=\"og:image:type\" content=\"image\/png\" \/>\n<meta name=\"twitter:card\" content=\"summary_large_image\" \/>\n<meta name=\"twitter:site\" content=\"@strangercamapp\" \/>\n<meta name=\"twitter:label1\" content=\"Odhadovan\u00e1 doba \u010dten\u00ed\" \/>\n\t<meta name=\"twitter:data1\" content=\"6 minut\" \/>\n<script type=\"application\/ld+json\" class=\"yoast-schema-graph\">{\"@context\":\"https:\\\/\\\/schema.org\",\"@graph\":[{\"@type\":\"WebPage\",\"@id\":\"https:\\\/\\\/strangercam.com\\\/onlinefreechat\\\/\",\"url\":\"https:\\\/\\\/strangercam.com\\\/onlinefreechat\\\/\",\"name\":\"OnlineFreeChat - Live Online Chat Rooms on StrangerCam.com\",\"isPartOf\":{\"@id\":\"https:\\\/\\\/strangercam.com\\\/#website\"},\"datePublished\":\"2025-07-14T11:50:19+00:00\",\"dateModified\":\"2025-07-14T11:50:34+00:00\",\"description\":\"Like OnlineFreeChat? Come chat with more than 5.000.000 strangers on Stranger Cam for Free! Turn on your cam and find new friends & maby a match!\",\"breadcrumb\":{\"@id\":\"https:\\\/\\\/strangercam.com\\\/onlinefreechat\\\/#breadcrumb\"},\"inLanguage\":\"cs\",\"potentialAction\":[{\"@type\":\"ReadAction\",\"target\":[\"https:\\\/\\\/strangercam.com\\\/onlinefreechat\\\/\"]}]},{\"@type\":\"BreadcrumbList\",\"@id\":\"https:\\\/\\\/strangercam.com\\\/onlinefreechat\\\/#breadcrumb\",\"itemListElement\":[{\"@type\":\"ListItem\",\"position\":1,\"name\":\"Home\",\"item\":\"https:\\\/\\\/strangercam.com\\\/\"},{\"@type\":\"ListItem\",\"position\":2,\"name\":\"OnlineFreeChat\"}]},{\"@type\":\"WebSite\",\"@id\":\"https:\\\/\\\/strangercam.com\\\/#website\",\"url\":\"https:\\\/\\\/strangercam.com\\\/\",\"name\":\"Strangercam\",\"description\":\"Random Video Chat with Strangers\",\"publisher\":{\"@id\":\"https:\\\/\\\/strangercam.com\\\/#organization\"},\"alternateName\":\"Strangercam.com\",\"potentialAction\":[{\"@type\":\"SearchAction\",\"target\":{\"@type\":\"EntryPoint\",\"urlTemplate\":\"https:\\\/\\\/strangercam.com\\\/?s={search_term_string}\"},\"query-input\":{\"@type\":\"PropertyValueSpecification\",\"valueRequired\":true,\"valueName\":\"search_term_string\"}}],\"inLanguage\":\"cs\"},{\"@type\":\"Organization\",\"@id\":\"https:\\\/\\\/strangercam.com\\\/#organization\",\"name\":\"Strangercam\",\"alternateName\":\"Strangercam.com\",\"url\":\"https:\\\/\\\/strangercam.com\\\/\",\"logo\":{\"@type\":\"ImageObject\",\"inLanguage\":\"cs\",\"@id\":\"https:\\\/\\\/strangercam.com\\\/#\\\/schema\\\/logo\\\/image\\\/\",\"url\":\"https:\\\/\\\/strangercam.com\\\/wp-content\\\/uploads\\\/2020\\\/11\\\/cropped-new-favicon-black.png\",\"contentUrl\":\"https:\\\/\\\/strangercam.com\\\/wp-content\\\/uploads\\\/2020\\\/11\\\/cropped-new-favicon-black.png\",\"width\":512,\"height\":512,\"caption\":\"Strangercam\"},\"image\":{\"@id\":\"https:\\\/\\\/strangercam.com\\\/#\\\/schema\\\/logo\\\/image\\\/\"},\"sameAs\":[\"https:\\\/\\\/www.facebook.com\\\/strangercam\",\"https:\\\/\\\/x.com\\\/strangercamapp\"]}]}<\/script>\n<!-- \/ Yoast SEO plugin. -->","yoast_head_json":{"title":"OnlineFreeChat - Live Online Chat Rooms on StrangerCam.com","description":"Stejn\u011b jako OnlineFreeChat? Poj\u010fte chatovat s v\u00edce ne\u017e 5 000 000 cizinci na Stranger Cam zdarma! Zapn\u011bte kameru a najd\u011bte nov\u00e9 p\u0159\u00e1tele &amp; maby z\u00e1pas!","robots":{"index":"index","follow":"follow","max-snippet":"max-snippet:-1","max-image-preview":"max-image-preview:large","max-video-preview":"max-video-preview:-1"},"canonical":"https:\/\/strangercam.com\/cs\/online-volny-chat\/","og_locale":"cs_CZ","og_type":"article","og_title":"OnlineFreeChat - Live Online Chat Rooms on StrangerCam.com","og_description":"Like OnlineFreeChat? Come chat with more than 5.000.000 strangers on Stranger Cam for Free! Turn on your cam and find new friends & maby a match!","og_url":"https:\/\/strangercam.com\/cs\/online-volny-chat\/","og_site_name":"Strangercam","article_publisher":"https:\/\/www.facebook.com\/strangercam","article_modified_time":"2025-07-14T11:50:34+00:00","og_image":[{"width":800,"height":532,"url":"https:\/\/strangercam.com\/wp-content\/uploads\/2021\/10\/Untitled-2.png","type":"image\/png"}],"twitter_card":"summary_large_image","twitter_site":"@strangercamapp","twitter_misc":{"Odhadovan\u00e1 doba \u010dten\u00ed":"6 minut"},"schema":{"@context":"https:\/\/schema.org","@graph":[{"@type":"WebPage","@id":"https:\/\/strangercam.com\/onlinefreechat\/","url":"https:\/\/strangercam.com\/onlinefreechat\/","name":"OnlineFreeChat - Live Online Chat Rooms on StrangerCam.com","isPartOf":{"@id":"https:\/\/strangercam.com\/#website"},"datePublished":"2025-07-14T11:50:19+00:00","dateModified":"2025-07-14T11:50:34+00:00","description":"Stejn\u011b jako OnlineFreeChat? Poj\u010fte chatovat s v\u00edce ne\u017e 5 000 000 cizinci na Stranger Cam zdarma! Zapn\u011bte kameru a najd\u011bte nov\u00e9 p\u0159\u00e1tele &amp; maby z\u00e1pas!","breadcrumb":{"@id":"https:\/\/strangercam.com\/onlinefreechat\/#breadcrumb"},"inLanguage":"cs","potentialAction":[{"@type":"ReadAction","target":["https:\/\/strangercam.com\/onlinefreechat\/"]}]},{"@type":"BreadcrumbList","@id":"https:\/\/strangercam.com\/onlinefreechat\/#breadcrumb","itemListElement":[{"@type":"ListItem","position":1,"name":"Home","item":"https:\/\/strangercam.com\/"},{"@type":"ListItem","position":2,"name":"OnlineFreeChat"}]},{"@type":"WebSite","@id":"https:\/\/strangercam.com\/#website","url":"https:\/\/strangercam.com\/","name":"Strangercam","description":"N\u00e1hodn\u00fd videochat s ciz\u00edmi lidmi","publisher":{"@id":"https:\/\/strangercam.com\/#organization"},"alternateName":"Strangercam.com","potentialAction":[{"@type":"SearchAction","target":{"@type":"EntryPoint","urlTemplate":"https:\/\/strangercam.com\/?s={search_term_string}"},"query-input":{"@type":"PropertyValueSpecification","valueRequired":true,"valueName":"search_term_string"}}],"inLanguage":"cs"},{"@type":"Organization","@id":"https:\/\/strangercam.com\/#organization","name":"Strangercam","alternateName":"Strangercam.com","url":"https:\/\/strangercam.com\/","logo":{"@type":"ImageObject","inLanguage":"cs","@id":"https:\/\/strangercam.com\/#\/schema\/logo\/image\/","url":"https:\/\/strangercam.com\/wp-content\/uploads\/2020\/11\/cropped-new-favicon-black.png","contentUrl":"https:\/\/strangercam.com\/wp-content\/uploads\/2020\/11\/cropped-new-favicon-black.png","width":512,"height":512,"caption":"Strangercam"},"image":{"@id":"https:\/\/strangercam.com\/#\/schema\/logo\/image\/"},"sameAs":["https:\/\/www.facebook.com\/strangercam","https:\/\/x.com\/strangercamapp"]}]}},"_links":{"self":[{"href":"https:\/\/strangercam.com\/cs\/wp-json\/wp\/v2\/pages\/12911","targetHints":{"allow":["GET"]}}],"collection":[{"href":"https:\/\/strangercam.com\/cs\/wp-json\/wp\/v2\/pages"}],"about":[{"href":"https:\/\/strangercam.com\/cs\/wp-json\/wp\/v2\/types\/page"}],"author":[{"embeddable":true,"href":"https:\/\/strangercam.com\/cs\/wp-json\/wp\/v2\/users\/6"}],"replies":[{"embeddable":true,"href":"https:\/\/strangercam.com\/cs\/wp-json\/wp\/v2\/comments?post=12911"}],"version-history":[{"count":1,"href":"https:\/\/strangercam.com\/cs\/wp-json\/wp\/v2\/pages\/12911\/revisions"}],"predecessor-version":[{"id":12912,"href":"https:\/\/strangercam.com\/cs\/wp-json\/wp\/v2\/pages\/12911\/revisions\/12912"}],"wp:attachment":[{"href":"https:\/\/strangercam.com\/cs\/wp-json\/wp\/v2\/media?parent=12911"}],"curies":[{"name":"wp","href":"https:\/\/api.w.org\/{rel}","templated":true}]}}