{"id":12909,"date":"2025-07-14T13:45:54","date_gmt":"2025-07-14T11:45:54","guid":{"rendered":"https:\/\/strangercam.com\/?page_id=12909"},"modified":"2025-07-14T13:46:15","modified_gmt":"2025-07-14T11:46:15","slug":"fox-video-chat","status":"publish","type":"page","link":"https:\/\/strangercam.com\/cs\/fox-video-chat\/","title":{"rendered":"Videochat Fox"},"content":{"rendered":"<p>Hled\u00e1n\u00ed dokonal\u00e9ho n\u00e1hodn\u00e9ho videa <a href=\"https:\/\/strangercam.com\/cs\/chathub\/\">chat<\/a> pokra\u010duje, proto\u017ee u\u017eivatel\u00e9 hledaj\u00ed bezpe\u010dn\u00e9, anonymn\u00ed a z\u00e1bavn\u00e9 alternativy ke klasick\u00fdm str\u00e1nk\u00e1m, jako je nap\u0159. <a href=\"https:\/\/strangercam.com\/cs\/omegle\/\">Omegle<\/a> a <a href=\"https:\/\/strangercam.com\/cs\/chatroulette\/\">Chatroulette<\/a>. Fox Video Chat je jednou z nejnov\u011bj\u0161\u00edch platforem, kter\u00e9 upoutaly pozornost glob\u00e1ln\u00ed chatovac\u00ed komunity a slibuj\u00ed rychl\u00e9 p\u0159ipojen\u00ed, snadn\u00e9 pou\u017e\u00edv\u00e1n\u00ed a p\u0159\u00e1telsk\u00e9 prost\u0159ed\u00ed pro setk\u00e1v\u00e1n\u00ed s ciz\u00edmi lidmi online.<\/p>\n<p>Spln\u00ed v\u0161ak Fox Video Chat sv\u00e9 sliby? Jak si vede ve srovn\u00e1n\u00ed s ostatn\u00edmi platformami v roce 2025? V t\u00e9to podrobn\u00e9 recenzi prozkoum\u00e1me v\u0161e, co pot\u0159ebujete v\u011bd\u011bt o Fox Video Chat - jeho funkce, u\u017eivatelskou z\u00e1kladnu, bezpe\u010dnostn\u00ed n\u00e1stroje a d\u016fvody, pro\u010d by se mohl st\u00e1t va\u0161\u00edm nov\u00fdm obl\u00edben\u00fdm m\u00edstem pro spont\u00e1nn\u00ed online konverzace.<\/p>\n<h2>Co je Fox Video Chat?<\/h2>\n<p>Fox Video Chat je webov\u00e1 str\u00e1nka pro n\u00e1hodn\u00fd videochat jeden na jednoho v prohl\u00ed\u017ee\u010di ur\u010den\u00e1 pro u\u017eivatele, kte\u0159\u00ed se cht\u011bj\u00ed okam\u017eit\u011b spojit s ciz\u00edmi lidmi z cel\u00e9ho sv\u011bta. Fox Video Chat nevy\u017eaduje \u017e\u00e1dnou registraci ani stahov\u00e1n\u00ed, a proto je pro u\u017eivatele nejd\u016fle\u017eit\u011bj\u0161\u00ed jednoduchost a rychlost.<\/p>\n<p>Stejn\u011b jako jej\u00ed duchovn\u00ed p\u0159edch\u016fdci v\u00e1s Fox Video Chat n\u00e1hodn\u011b spoj\u00ed s jin\u00fdm u\u017eivatelem a umo\u017en\u00ed v\u00e1m soukromou konverzaci p\u0159es webkameru a mikrofon. A\u0165 u\u017e chcete nav\u00e1zat p\u0159\u00e1telstv\u00ed, flirtovat, procvi\u010dit si nov\u00fd jazyk nebo jen zab\u00edt \u010das, Fox Video Chat nab\u00edz\u00ed snadn\u00fd a bezprobl\u00e9mov\u00fd zp\u016fsob, jak se zapojit do videochat\u016f v re\u00e1ln\u00e9m \u010dase.<\/p>\n<h2>Jak\u00fd je \u00fa\u010del videochatu Fox?<\/h2>\n<p>Posl\u00e1n\u00edm Fox Video Chat je usnadnit online setk\u00e1v\u00e1n\u00ed s nov\u00fdmi lidmi, zajistit z\u00e1bavu a bezpe\u010dnost. Platforma je ur\u010dena pro ty, kte\u0159\u00ed:<\/p>\n<ul>\n<li>Chcete anonymn\u00ed, neskriptovanou interakci tv\u00e1\u0159\u00ed v tv\u00e1\u0159.<\/li>\n<li>Chyb\u00ed v\u00e1m klasick\u00fd z\u00e1\u017eitek z Omegle, ale tou\u017e\u00edte po modern\u00edch funkc\u00edch a \u010dist\u0161\u00edm prost\u0159ed\u00ed.<\/li>\n<li>hledaj\u00ed spole\u010densk\u00e9 kontakty, z\u00e1bavu nebo kulturn\u00ed v\u00fdm\u011bnu.<\/li>\n<li>cen\u00edte si soukrom\u00ed a nechcete se registrovat nebo vytv\u00e1\u0159et ve\u0159ejn\u00fd profil.<\/li>\n<\/ul>\n<p>Fox Video Chat se zbavuje soci\u00e1ln\u00edch kan\u00e1l\u016f, kur\u00e1torsk\u00fdch profil\u016f a algoritm\u016f pro vyhled\u00e1v\u00e1n\u00ed prot\u011bj\u0161k\u016f a zam\u011b\u0159uje se na vzru\u0161uj\u00edc\u00ed n\u00e1hodn\u00e1 setk\u00e1n\u00ed v re\u00e1ln\u00e9m \u010dase.<\/p>\n<h2>Kl\u00ed\u010dov\u00e9 vlastnosti<\/h2>\n<p>1. N\u00e1hodn\u00fd videochat jeden na jednoho<br \/>\nSrdcem videochatu Fox je rychl\u00e1 a anonymn\u00ed konverzace mezi kamerami. U\u017eivatel\u00e9 jsou okam\u017eit\u011b p\u0159i\u0159azeni k soukrom\u00fdm videochat\u016fm a mohou je kdykoli p\u0159esko\u010dit nebo v nich pokra\u010dovat.<\/p>\n<p>2. Tla\u010d\u00edtko P\u0159esko\u010dit\/N\u00e1sleduj\u00edc\u00ed<br \/>\nPokud v\u00e1m chat nevyhovuje, m\u016f\u017eete rychle pokra\u010dovat tla\u010d\u00edtkem Dal\u0161\u00ed. P\u0159echody mezi u\u017eivateli jsou plynul\u00e9, tak\u017ee interakce je dynamick\u00e1 a vzru\u0161uj\u00edc\u00ed.<\/p>\n<p>3. Mo\u017enost textov\u00e9ho chatu<br \/>\nVideochat spole\u010dnosti Fox nab\u00edz\u00ed tak\u00e9 textov\u00fd re\u017eim. Ten je ide\u00e1ln\u00ed pro u\u017eivatele, kte\u0159\u00ed se styd\u00ed za kameru, maj\u00ed omezenou \u0161\u00ed\u0159ku p\u00e1sma nebo prost\u011b rad\u011bji p\u00ed\u0161\u00ed ne\u017e mluv\u00ed.<\/p>\n<p>4. Nen\u00ed nutn\u00e1 registrace<br \/>\nJedn\u00edm z nejv\u011bt\u0161\u00edch l\u00e1kadel je naprost\u00e1 anonymita - \u017e\u00e1dn\u00e9 \u00fa\u010dty, \u017e\u00e1dn\u00e1 u\u017eivatelsk\u00e1 jm\u00e9na, \u017e\u00e1dn\u00e9 e-mailov\u00e9 adresy. Jednodu\u0161e povol\u00edte p\u0159\u00edstup ke kame\u0159e a mikrofonu a m\u016f\u017eete za\u010d\u00edt.<\/p>\n<p>5. Kompatibilita s mobiln\u00edmi a stoln\u00edmi po\u010d\u00edta\u010di<br \/>\nPlatforma je pln\u011b optimalizovan\u00e1 pro stoln\u00ed i mobiln\u00ed prohl\u00ed\u017ee\u010de. A\u0165 u\u017e pou\u017e\u00edv\u00e1te telefon, tablet nebo notebook, rozhran\u00ed Fox Video Chat se p\u0159izp\u016fsob\u00ed a zajist\u00ed v\u00e1m plynul\u00fd z\u00e1\u017eitek.<\/p>\n<p>6. \u010cist\u00e9 a modern\u00ed rozhran\u00ed<br \/>\nVideochat Fox nab\u00edz\u00ed minim\u00e1ln\u00ed a intuitivn\u00ed u\u017eivatelsk\u00e9 rozhran\u00ed. D\u016fraz je kladen na velk\u00e1 okna videa, jednoduch\u00e9 ovl\u00e1d\u00e1n\u00ed a rozvr\u017een\u00ed bez rozptylov\u00e1n\u00ed. V\u0161e lze snadno naj\u00edt a pou\u017e\u00edvat.<\/p>\n<p>7. N\u00e1stroje pro pod\u00e1v\u00e1n\u00ed zpr\u00e1v a moderov\u00e1n\u00ed<br \/>\nBezpe\u010dnost u\u017eivatel\u016f je podpo\u0159ena v\u00fdrazn\u00fdm tla\u010d\u00edtkem pro hl\u00e1\u0161en\u00ed. Nevhodn\u00e9 u\u017eivatele lze ozna\u010dit a Fox Video Chat vyu\u017e\u00edv\u00e1 jak lidsk\u00e9 moder\u00e1tory, tak z\u00e1kladn\u00ed um\u011blou inteligenci, kter\u00e1 pom\u00e1h\u00e1 udr\u017eovat p\u0159\u00e1telsk\u00e9 a bezpe\u010dn\u00e9 prost\u0159ed\u00ed.<\/p>\n<h2>Je Fox Video Chat zdarma?<\/h2>\n<p>Ano, je zcela zdarma. V\u0161echny funkce - v\u010detn\u011b video a textov\u00e9ho chatu, p\u0159eskakov\u00e1n\u00ed a hl\u00e1\u0161en\u00ed - jsou k dispozici v\u0161em u\u017eivatel\u016fm bez placen\u00fdch zd\u00ed, p\u0159edplatn\u00e9ho nebo n\u00e1kup\u016f v aplikaci.<\/p>\n<p>Fox Video Chat m\u016f\u017ee zobrazovat p\u0159\u00edle\u017eitostn\u00e9, neru\u0161iv\u00e9 reklamy na podporu sv\u00e9 \u010dinnosti, ale nejsou zde \u017e\u00e1dn\u00e9 skryt\u00e9 n\u00e1klady ani uzam\u010den\u00e9 funkce.<\/p>\n<h2>Kdo pou\u017e\u00edv\u00e1 videochat Fox?<\/h2>\n<p>Videochat Fox si rychle roz\u0161\u00ed\u0159il rozmanitou a mezin\u00e1rodn\u00ed u\u017eivatelskou z\u00e1kladnu, kter\u00e1 p\u0159itahuje:<\/p>\n<ul>\n<li>V\u011bk: P\u0159edev\u0161\u00edm 18-35 let, ale otev\u0159eno v\u0161em dosp\u011bl\u00fdm (18+)<\/li>\n<li>Um\u00edst\u011bn\u00ed: U\u017eivatel\u00e9 z USA, Velk\u00e9 Brit\u00e1nie, Indie, N\u011bmecka, Braz\u00edlie, Filip\u00edn a dal\u0161\u00edch zem\u00ed.<\/li>\n<li>Z\u00e1jmy: spole\u010densk\u00fd \u017eivot, flirtov\u00e1n\u00ed, procvi\u010dov\u00e1n\u00ed jazyk\u016f, navazov\u00e1n\u00ed p\u0159\u00e1telstv\u00ed nebo p\u0159\u00edle\u017eitostn\u00e1 z\u00e1bava<\/li>\n<\/ul>\n<p>Aktivn\u00ed jsou jak u\u017eivatel\u00e9 mu\u017esk\u00e9ho, tak \u017eensk\u00e9ho pohlav\u00ed, i kdy\u017e - jak je u n\u00e1hodn\u00fdch chatovac\u00edch platforem typick\u00e9 - p\u0159eva\u017euj\u00ed mu\u017ei. P\u0159ita\u017elivost spo\u010d\u00edv\u00e1 ve spont\u00e1nnosti: nikdy nev\u00edte, koho potk\u00e1te. <a href=\"https:\/\/strangercam.com\/cs\/coomeet\/\">Seznamte se s<\/a> dal\u0161\u00ed.<\/p>\n<h2>Bezpe\u010dnost, soukrom\u00ed a moderov\u00e1n\u00ed<\/h2>\n<p>Fox Video Chat si uv\u011bdomuje pot\u0159ebu ochrany soukrom\u00ed a bezpe\u010dnosti u\u017eivatel\u016f p\u0159i n\u00e1hodn\u00e9m videochatu a zav\u00e1d\u00ed n\u011bkolik ochrann\u00fdch opat\u0159en\u00ed:<\/p>\n<h3>Ochrana osobn\u00edch \u00fadaj\u016f<\/h3>\n<ul>\n<li>Nen\u00ed t\u0159eba se registrovat ani vytv\u00e1\u0159et \u00fa\u010det: U\u017eivatel\u00e9 z\u016fst\u00e1vaj\u00ed v\u017edy anonymn\u00ed.<\/li>\n<li>\u017d\u00e1dn\u00fd sb\u011br dat: Nevy\u017eaduj\u00ed se \u017e\u00e1dn\u00e1 jm\u00e9na, e-maily ani telefonn\u00ed \u010d\u00edsla.<\/li>\n<li>\u017d\u00e1dn\u00e9 nahr\u00e1vky: Chaty se neukl\u00e1daj\u00ed ani neukl\u00e1daj\u00ed.<\/li>\n<\/ul>\n<h3>Moderov\u00e1n\u00ed<\/h3>\n<ul>\n<li>Hl\u00e1\u0161en\u00ed v chatu: U\u017eivatel\u00e9 mohou rychle nahl\u00e1sit ur\u00e1\u017eliv\u00e9 nebo zneu\u017e\u00edvaj\u00edc\u00ed chov\u00e1n\u00ed.<\/li>\n<li>Detekce um\u011bl\u00e9 inteligence: Z\u00e1kladn\u00ed filtry pom\u00e1haj\u00ed odhalit nahotu nebo explicitn\u00ed obsah.<\/li>\n<li>Lidsk\u00e1 zdr\u017eenlivost: Zpr\u00e1vy jsou p\u0159ezkoum\u00e1v\u00e1ny a opakovan\u00e9 p\u0159estupky jsou zak\u00e1z\u00e1ny.<\/li>\n<\/ul>\n<h3>Osv\u011bd\u010den\u00e9 postupy<\/h3>\n<ul>\n<li>V chatu nikdy nesd\u011blujte osobn\u00ed \u00fadaje.<\/li>\n<li>Pokud je to nep\u0159\u00edjemn\u00e9, pou\u017e\u00edvejte hojn\u011b tla\u010d\u00edtka \"Dal\u0161\u00ed\" a \"Nahl\u00e1sit\".<\/li>\n<li>Vyhn\u011bte se komunikaci s podez\u0159el\u00fdmi u\u017eivateli a udr\u017eujte konverzaci v klidu a s respektem.<\/li>\n<\/ul>\n<h2>Zku\u0161enosti u\u017eivatel\u016f a design<\/h2>\n<p>Modern\u00ed a lehk\u00e9 rozhran\u00ed aplikace Fox Video Chat je vytvo\u0159eno pro rychl\u00e9 a p\u0159\u00edjemn\u00e9 chatov\u00e1n\u00ed:<\/p>\n<ul>\n<li>Na domovsk\u00e9 str\u00e1nce je velk\u00e9 tla\u010d\u00edtko \"Start\", informace o ochran\u011b osobn\u00edch \u00fadaj\u016f a pravidla.<\/li>\n<li>Videokan\u00e1ly jsou velk\u00e9 a p\u0159ehledn\u00e9, se snadn\u00fdm p\u0159\u00edstupem k ovl\u00e1d\u00e1n\u00ed ztlumen\u00ed, p\u0159esko\u010den\u00ed a hl\u00e1\u0161en\u00ed.<\/li>\n<li>P\u0159echody mezi chaty jsou rychl\u00e9 a prostoje mezi z\u00e1pasy minim\u00e1ln\u00ed.<\/li>\n<li>Str\u00e1nky jsou optimalizov\u00e1ny pro rychl\u00e9 na\u010d\u00edt\u00e1n\u00ed a plynul\u00fd provoz i na za\u0159\u00edzen\u00edch st\u0159edn\u00ed t\u0159\u00eddy.<\/li>\n<\/ul>\n<p>Zejm\u00e9na mobiln\u00ed prost\u0159ed\u00ed je velmi dobr\u00e9, tak\u017ee Fox Video Chat je skv\u011blou volbou pro chatov\u00e1n\u00ed na cest\u00e1ch.<\/p>\n<h2>Videochat Fox vs. jin\u00e9 platformy pro n\u00e1hodn\u00fd chat<\/h2>\n<p>Jak\u00fd je Fox Video Chat v porovn\u00e1n\u00ed s ostatn\u00edmi \u0161pi\u010dkov\u00fdmi weby pro videochat v roce 2025?<\/p>\n<table>\n<thead>\n<tr>\n<th>Funkce<\/th>\n<th>Videochat Fox<\/th>\n<th>Omegle (uzav\u0159en\u00fd)<\/th>\n<th>Chatroulette<\/th>\n<th>Chatrandom<\/th>\n<th>Ohmegle<\/th>\n<\/tr>\n<\/thead>\n<tbody>\n<tr>\n<td>N\u00e1hodn\u00fd videochat<\/td>\n<td>Ano<\/td>\n<td>Ano<\/td>\n<td>Ano<\/td>\n<td>Ano<\/td>\n<td>Ano<\/td>\n<\/tr>\n<tr>\n<td>Mo\u017enost textov\u00e9ho chatu<\/td>\n<td>Ano<\/td>\n<td>Ano<\/td>\n<td>Ne<\/td>\n<td>Ano<\/td>\n<td>Ano<\/td>\n<\/tr>\n<tr>\n<td>Pot\u0159ebn\u00e1 registrace<\/td>\n<td>Ne<\/td>\n<td>Ne<\/td>\n<td>Ne<\/td>\n<td>Voliteln\u011b<\/td>\n<td>Ne<\/td>\n<\/tr>\n<tr>\n<td>Mobiln\u00ed podpora<\/td>\n<td>Vynikaj\u00edc\u00ed<\/td>\n<td>\u0160patn\u00fd<\/td>\n<td>Dobr\u00fd<\/td>\n<td>Dobr\u00fd<\/td>\n<td>Vynikaj\u00edc\u00ed<\/td>\n<\/tr>\n<tr>\n<td>N\u00e1stroje pro moderov\u00e1n\u00ed<\/td>\n<td>M\u00edrn\u00e1<\/td>\n<td>Minim\u00e1ln\u00ed<\/td>\n<td>Slab\u00e9<\/td>\n<td>M\u00edrn\u00e1<\/td>\n<td>M\u00edrn\u00e1<\/td>\n<\/tr>\n<tr>\n<td>Bezplatn\u00e9 pou\u017eit\u00ed<\/td>\n<td>Ano<\/td>\n<td>Ano<\/td>\n<td>Ano<\/td>\n<td>Ano\/plat\u00ed se<\/td>\n<td>Ano<\/td>\n<\/tr>\n<tr>\n<td>Filtry pohlav\u00ed\/regionu<\/td>\n<td>Ne<\/td>\n<td>Ne<\/td>\n<td>Ne<\/td>\n<td>Placen\u00e9<\/td>\n<td>Ne<\/td>\n<\/tr>\n<\/tbody>\n<\/table>\n<p>Shrnut\u00ed: poskytuje z\u00e1\u017eitek nejbli\u017e\u0161\u00ed p\u016fvodn\u00edmu Omegle, m\u00e1 \u010dist\u0161\u00ed rozhran\u00ed a lep\u0161\u00ed podporu mobiln\u00edch za\u0159\u00edzen\u00ed ne\u017e mnoho konkurent\u016f. Jeho moder\u00e1torsk\u00e9 n\u00e1stroje se zlep\u0161uj\u00ed, ale skute\u010dn\u00fdm l\u00e1kadlem je jednoduchost a rychlost webu.<\/p>\n<h2>V\u00fdhody a nev\u00fdhody<\/h2>\n<p>Klady:<\/p>\n<ul>\n<li>100% zdarma a anonymn\u011b<\/li>\n<li>Nen\u00ed nutn\u00e1 registrace ani stahov\u00e1n\u00ed<\/li>\n<li>Rychl\u00e9 a plynul\u00e9 p\u00e1rov\u00e1n\u00ed a p\u0159echody mezi chaty<\/li>\n<li>\u010cist\u00e9 a intuitivn\u00ed rozhran\u00ed pro po\u010d\u00edta\u010de i mobiln\u00ed za\u0159\u00edzen\u00ed<\/li>\n<li>K dispozici jsou re\u017eimy videochatu a textov\u00e9ho chatu<\/li>\n<li>Glob\u00e1ln\u00ed u\u017eivatelsk\u00e1 z\u00e1kladna<\/li>\n<\/ul>\n<p>Nev\u00fdhody:<\/p>\n<ul>\n<li>\u017d\u00e1dn\u00e9 filtrov\u00e1n\u00ed podle pohlav\u00ed nebo m\u00edsta<\/li>\n<li>Ob\u010dasn\u00e9 vystaven\u00ed nevhodn\u00e9mu chov\u00e1n\u00ed (spole\u010dn\u00e9 pro v\u0161echny n\u00e1hodn\u00e9 chatovac\u00ed str\u00e1nky).<\/li>\n<li>V\u00edce u\u017eivatel\u016f mu\u017esk\u00e9ho ne\u017e \u017eensk\u00e9ho pohlav\u00ed<\/li>\n<li>\u017d\u00e1dn\u00e9 profily ani mo\u017enost znovu se spojit s minul\u00fdmi u\u017eivateli<\/li>\n<\/ul>\n<h2>Ide\u00e1ln\u00ed p\u0159\u00edpady pou\u017eit\u00ed<\/h2>\n<p>Videochat je ide\u00e1ln\u00ed pro:<\/p>\n<ul>\n<li>U\u017eivatel\u00e9 nostalgicky vzpom\u00ednaj\u00ed na klasick\u00e9 platformy pro n\u00e1hodn\u00fd chat<\/li>\n<li>Lid\u00e9 hledaj\u00edc\u00ed spont\u00e1nn\u00ed konverzaci s ciz\u00edmi lidmi<\/li>\n<li>Studenti jazyk\u016f, kte\u0159\u00ed si cht\u011bj\u00ed procvi\u010dit sv\u00e9 znalosti v re\u00e1ln\u00e9m \u010dase<\/li>\n<li>Cestovatel\u00e9 a cizinci, kte\u0159\u00ed hledaj\u00ed mezin\u00e1rodn\u00ed spojen\u00ed<\/li>\n<li>Ka\u017ed\u00fd, kdo hled\u00e1 z\u00e1bavu na zahn\u00e1n\u00ed nudy bez z\u00e1vazk\u016f a registrace.<\/li>\n<\/ul>\n<p>Je m\u00e9n\u011b ide\u00e1ln\u00ed pro:<\/p>\n<ul>\n<li>Ti, kte\u0159\u00ed hledaj\u00ed specifick\u00e9 funkce pro rand\u011bn\u00ed nebo kur\u00e1torsk\u00e9 shody.<\/li>\n<li>U\u017eivatel\u00e9 mlad\u0161\u00ed 18 let (platforma je ur\u010dena pouze pro dosp\u011bl\u00e9).<\/li>\n<li>Lid\u00e9, kte\u0159\u00ed se cht\u011bj\u00ed znovu spojit s minul\u00fdmi partnery v chatu nebo je sledovat.<\/li>\n<\/ul>\n<h2>Z\u00e1v\u011bre\u010dn\u00fd verdikt<\/h2>\n<p>Fox Video Chat je vynikaj\u00edc\u00ed volbou pro ka\u017ed\u00e9ho, kdo chce znovu za\u017e\u00edt z\u00e1bavu a vzru\u0161en\u00ed z n\u00e1hodn\u00e9ho online videochatu v roce 2025. Jeho anonymn\u00ed p\u0159\u00edstup bez registrace spolu s rychl\u00fdm a modern\u00edm rozhran\u00edm z n\u011bj d\u011bl\u00e1 jednu z nejdostupn\u011bj\u0161\u00edch a nejp\u0159\u00edjemn\u011bj\u0161\u00edch chatovac\u00edch platforem, kter\u00e9 jsou dnes k dispozici.<\/p>\n<p>A\u0165 u\u017e hled\u00e1te nov\u00e9 p\u0159\u00e1tele, nez\u00e1vazn\u00fd flirt, nebo jen z\u00e1bavn\u00fd zp\u016fsob tr\u00e1ven\u00ed \u010dasu, nab\u00edz\u00ed bezpe\u010dn\u00e9, lehk\u00e9 a zcela bezplatn\u00e9 prost\u0159ed\u00ed pro spont\u00e1nn\u00ed glob\u00e1ln\u00ed spojen\u00ed. Nen\u00ed zahlcen profily, upsellery ani vt\u00edrav\u00fdmi reklamami - jen \u010dist\u00fd, rychl\u00fd a anonymn\u00ed chat.<\/p>\n<p>Chcete-li si z\u00e1\u017eitek z Omegle zopakovat, rozhodn\u011b stoj\u00ed za vyzkou\u0161en\u00ed.<\/p>","protected":false},"excerpt":{"rendered":"<p>The search for the perfect random video chat site continues as users seek safe, anonymous, and fun alternatives to classics like Omegle and Chatroulette. Fox Video Chat is one of the latest platforms to catch the eye of the global chat community, promising fast connections, easy use, and a friendly environment for meeting strangers online. [&hellip;]<\/p>\n","protected":false},"author":6,"featured_media":0,"parent":0,"menu_order":0,"comment_status":"closed","ping_status":"closed","template":"","meta":{"footnotes":""},"class_list":["post-12909","page","type-page","status-publish","hentry"],"yoast_head":"<!-- This site is optimized with the Yoast SEO plugin v26.9 - https:\/\/yoast.com\/product\/yoast-seo-wordpress\/ -->\n<title>Fox Video Chat - Video Chat with Strangers on StrangerCam.com<\/title>\n<meta name=\"description\" content=\"Like Fox Video Chat? Come chat with more than 5.000.000 strangers on Stranger Cam for Free! Turn on your cam and find new friends &amp; maby a match!\" \/>\n<meta name=\"robots\" content=\"index, follow, max-snippet:-1, max-image-preview:large, max-video-preview:-1\" \/>\n<link rel=\"canonical\" href=\"https:\/\/strangercam.com\/cs\/fox-video-chat\/\" \/>\n<meta property=\"og:locale\" content=\"cs_CZ\" \/>\n<meta property=\"og:type\" content=\"article\" \/>\n<meta property=\"og:title\" content=\"Fox Video Chat - Video Chat with Strangers on StrangerCam.com\" \/>\n<meta property=\"og:description\" content=\"Like Fox Video Chat? Come chat with more than 5.000.000 strangers on Stranger Cam for Free! Turn on your cam and find new friends &amp; maby a match!\" \/>\n<meta property=\"og:url\" content=\"https:\/\/strangercam.com\/cs\/fox-video-chat\/\" \/>\n<meta property=\"og:site_name\" content=\"Strangercam\" \/>\n<meta property=\"article:publisher\" content=\"https:\/\/www.facebook.com\/strangercam\" \/>\n<meta property=\"article:modified_time\" content=\"2025-07-14T11:46:15+00:00\" \/>\n<meta property=\"og:image\" content=\"https:\/\/strangercam.com\/wp-content\/uploads\/2021\/10\/Untitled-2.png\" \/>\n\t<meta property=\"og:image:width\" content=\"800\" \/>\n\t<meta property=\"og:image:height\" content=\"532\" \/>\n\t<meta property=\"og:image:type\" content=\"image\/png\" \/>\n<meta name=\"twitter:card\" content=\"summary_large_image\" \/>\n<meta name=\"twitter:site\" content=\"@strangercamapp\" \/>\n<meta name=\"twitter:label1\" content=\"Odhadovan\u00e1 doba \u010dten\u00ed\" \/>\n\t<meta name=\"twitter:data1\" content=\"6 minut\" \/>\n<script type=\"application\/ld+json\" class=\"yoast-schema-graph\">{\"@context\":\"https:\/\/schema.org\",\"@graph\":[{\"@type\":\"WebPage\",\"@id\":\"https:\/\/strangercam.com\/fox-video-chat\/\",\"url\":\"https:\/\/strangercam.com\/fox-video-chat\/\",\"name\":\"Fox Video Chat - Video Chat with Strangers on StrangerCam.com\",\"isPartOf\":{\"@id\":\"https:\/\/strangercam.com\/#website\"},\"datePublished\":\"2025-07-14T11:45:54+00:00\",\"dateModified\":\"2025-07-14T11:46:15+00:00\",\"description\":\"Like Fox Video Chat? Come chat with more than 5.000.000 strangers on Stranger Cam for Free! Turn on your cam and find new friends & maby a match!\",\"breadcrumb\":{\"@id\":\"https:\/\/strangercam.com\/fox-video-chat\/#breadcrumb\"},\"inLanguage\":\"cs\",\"potentialAction\":[{\"@type\":\"ReadAction\",\"target\":[\"https:\/\/strangercam.com\/fox-video-chat\/\"]}]},{\"@type\":\"BreadcrumbList\",\"@id\":\"https:\/\/strangercam.com\/fox-video-chat\/#breadcrumb\",\"itemListElement\":[{\"@type\":\"ListItem\",\"position\":1,\"name\":\"Home\",\"item\":\"https:\/\/strangercam.com\/\"},{\"@type\":\"ListItem\",\"position\":2,\"name\":\"Fox Video Chat\"}]},{\"@type\":\"WebSite\",\"@id\":\"https:\/\/strangercam.com\/#website\",\"url\":\"https:\/\/strangercam.com\/\",\"name\":\"Strangercam\",\"description\":\"Random Video Chat with Strangers\",\"publisher\":{\"@id\":\"https:\/\/strangercam.com\/#organization\"},\"alternateName\":\"Strangercam.com\",\"potentialAction\":[{\"@type\":\"SearchAction\",\"target\":{\"@type\":\"EntryPoint\",\"urlTemplate\":\"https:\/\/strangercam.com\/?s={search_term_string}\"},\"query-input\":{\"@type\":\"PropertyValueSpecification\",\"valueRequired\":true,\"valueName\":\"search_term_string\"}}],\"inLanguage\":\"cs\"},{\"@type\":\"Organization\",\"@id\":\"https:\/\/strangercam.com\/#organization\",\"name\":\"Strangercam\",\"alternateName\":\"Strangercam.com\",\"url\":\"https:\/\/strangercam.com\/\",\"logo\":{\"@type\":\"ImageObject\",\"inLanguage\":\"cs\",\"@id\":\"https:\/\/strangercam.com\/#\/schema\/logo\/image\/\",\"url\":\"https:\/\/strangercam.com\/wp-content\/uploads\/2020\/11\/cropped-new-favicon-black.png\",\"contentUrl\":\"https:\/\/strangercam.com\/wp-content\/uploads\/2020\/11\/cropped-new-favicon-black.png\",\"width\":512,\"height\":512,\"caption\":\"Strangercam\"},\"image\":{\"@id\":\"https:\/\/strangercam.com\/#\/schema\/logo\/image\/\"},\"sameAs\":[\"https:\/\/www.facebook.com\/strangercam\",\"https:\/\/x.com\/strangercamapp\"]}]}<\/script>\n<!-- \/ Yoast SEO plugin. -->","yoast_head_json":{"title":"Fox Video Chat - Video chat s ciz\u00edmi lidmi na StrangerCam.com","description":"L\u00edb\u00ed se v\u00e1m videochat Fox? Poj\u010fte chatovat s v\u00edce ne\u017e 5.000.000 cizinci na Stranger Cam zdarma! Zapn\u011bte kameru a najd\u011bte nov\u00e9 p\u0159\u00e1tele &amp; maby z\u00e1pas!","robots":{"index":"index","follow":"follow","max-snippet":"max-snippet:-1","max-image-preview":"max-image-preview:large","max-video-preview":"max-video-preview:-1"},"canonical":"https:\/\/strangercam.com\/cs\/fox-video-chat\/","og_locale":"cs_CZ","og_type":"article","og_title":"Fox Video Chat - Video Chat with Strangers on StrangerCam.com","og_description":"Like Fox Video Chat? Come chat with more than 5.000.000 strangers on Stranger Cam for Free! Turn on your cam and find new friends & maby a match!","og_url":"https:\/\/strangercam.com\/cs\/fox-video-chat\/","og_site_name":"Strangercam","article_publisher":"https:\/\/www.facebook.com\/strangercam","article_modified_time":"2025-07-14T11:46:15+00:00","og_image":[{"width":800,"height":532,"url":"https:\/\/strangercam.com\/wp-content\/uploads\/2021\/10\/Untitled-2.png","type":"image\/png"}],"twitter_card":"summary_large_image","twitter_site":"@strangercamapp","twitter_misc":{"Odhadovan\u00e1 doba \u010dten\u00ed":"6 minut"},"schema":{"@context":"https:\/\/schema.org","@graph":[{"@type":"WebPage","@id":"https:\/\/strangercam.com\/fox-video-chat\/","url":"https:\/\/strangercam.com\/fox-video-chat\/","name":"Fox Video Chat - Video chat s ciz\u00edmi lidmi na StrangerCam.com","isPartOf":{"@id":"https:\/\/strangercam.com\/#website"},"datePublished":"2025-07-14T11:45:54+00:00","dateModified":"2025-07-14T11:46:15+00:00","description":"L\u00edb\u00ed se v\u00e1m videochat Fox? Poj\u010fte chatovat s v\u00edce ne\u017e 5.000.000 cizinci na Stranger Cam zdarma! Zapn\u011bte kameru a najd\u011bte nov\u00e9 p\u0159\u00e1tele &amp; maby z\u00e1pas!","breadcrumb":{"@id":"https:\/\/strangercam.com\/fox-video-chat\/#breadcrumb"},"inLanguage":"cs","potentialAction":[{"@type":"ReadAction","target":["https:\/\/strangercam.com\/fox-video-chat\/"]}]},{"@type":"BreadcrumbList","@id":"https:\/\/strangercam.com\/fox-video-chat\/#breadcrumb","itemListElement":[{"@type":"ListItem","position":1,"name":"Home","item":"https:\/\/strangercam.com\/"},{"@type":"ListItem","position":2,"name":"Fox Video Chat"}]},{"@type":"WebSite","@id":"https:\/\/strangercam.com\/#website","url":"https:\/\/strangercam.com\/","name":"Strangercam","description":"N\u00e1hodn\u00fd videochat s ciz\u00edmi lidmi","publisher":{"@id":"https:\/\/strangercam.com\/#organization"},"alternateName":"Strangercam.com","potentialAction":[{"@type":"SearchAction","target":{"@type":"EntryPoint","urlTemplate":"https:\/\/strangercam.com\/?s={search_term_string}"},"query-input":{"@type":"PropertyValueSpecification","valueRequired":true,"valueName":"search_term_string"}}],"inLanguage":"cs"},{"@type":"Organization","@id":"https:\/\/strangercam.com\/#organization","name":"Strangercam","alternateName":"Strangercam.com","url":"https:\/\/strangercam.com\/","logo":{"@type":"ImageObject","inLanguage":"cs","@id":"https:\/\/strangercam.com\/#\/schema\/logo\/image\/","url":"https:\/\/strangercam.com\/wp-content\/uploads\/2020\/11\/cropped-new-favicon-black.png","contentUrl":"https:\/\/strangercam.com\/wp-content\/uploads\/2020\/11\/cropped-new-favicon-black.png","width":512,"height":512,"caption":"Strangercam"},"image":{"@id":"https:\/\/strangercam.com\/#\/schema\/logo\/image\/"},"sameAs":["https:\/\/www.facebook.com\/strangercam","https:\/\/x.com\/strangercamapp"]}]}},"_links":{"self":[{"href":"https:\/\/strangercam.com\/cs\/wp-json\/wp\/v2\/pages\/12909","targetHints":{"allow":["GET"]}}],"collection":[{"href":"https:\/\/strangercam.com\/cs\/wp-json\/wp\/v2\/pages"}],"about":[{"href":"https:\/\/strangercam.com\/cs\/wp-json\/wp\/v2\/types\/page"}],"author":[{"embeddable":true,"href":"https:\/\/strangercam.com\/cs\/wp-json\/wp\/v2\/users\/6"}],"replies":[{"embeddable":true,"href":"https:\/\/strangercam.com\/cs\/wp-json\/wp\/v2\/comments?post=12909"}],"version-history":[{"count":1,"href":"https:\/\/strangercam.com\/cs\/wp-json\/wp\/v2\/pages\/12909\/revisions"}],"predecessor-version":[{"id":12910,"href":"https:\/\/strangercam.com\/cs\/wp-json\/wp\/v2\/pages\/12909\/revisions\/12910"}],"wp:attachment":[{"href":"https:\/\/strangercam.com\/cs\/wp-json\/wp\/v2\/media?parent=12909"}],"curies":[{"name":"wp","href":"https:\/\/api.w.org\/{rel}","templated":true}]}}