{"id":12907,"date":"2025-07-14T13:41:45","date_gmt":"2025-07-14T11:41:45","guid":{"rendered":"https:\/\/strangercam.com\/?page_id=12907"},"modified":"2025-07-14T13:41:45","modified_gmt":"2025-07-14T11:41:45","slug":"topface","status":"publish","type":"page","link":"https:\/\/strangercam.com\/cs\/topface\/","title":{"rendered":"Topface"},"content":{"rendered":"<p>V prost\u0159ed\u00ed p\u0159epln\u011bn\u00e9m aplikacemi a webov\u00fdmi str\u00e1nkami se v celosv\u011btov\u00e9m m\u011b\u0159\u00edtku da\u0159\u00ed vyniknout jen n\u011bkolika platform\u00e1m. Topface je jednou z takov\u00fdch platforem - spojuje prvky soci\u00e1ln\u00edho objevov\u00e1n\u00ed, tradi\u010dn\u00edho online seznamov\u00e1n\u00ed a p\u0159\u00edle\u017eitostn\u00e9ho seznamov\u00e1n\u00ed. <a href=\"https:\/\/strangercam.com\/cs\/chatroulette\/\">chat<\/a> do jedin\u00e9ho v\u00edcejazy\u010dn\u00e9ho z\u00e1\u017eitku. S miliony u\u017eivatel\u016f po cel\u00e9m sv\u011bt\u011b a pov\u011bst\u00ed mezikulturn\u00edho spojen\u00ed si Topface od sv\u00e9ho uveden\u00ed na trh p\u0159ed v\u00edce ne\u017e deseti lety z\u00edskal v\u011brn\u00e9 p\u0159\u00edznivce.<\/p>\n<p>V \u010dem p\u0159esn\u011b je ale Topface jedine\u010dn\u00fd? Pro koho je ur\u010den, jak\u00e9 jsou jeho funkce a jak si stoj\u00ed v porovn\u00e1n\u00ed s ostatn\u00edmi hlavn\u00edmi seznamovac\u00edmi a chatovac\u00edmi platformami v roce 2025? V t\u00e9to podrobn\u00e9 recenzi se v\u011bnujeme v\u0161emu, co o Topface pot\u0159ebujete v\u011bd\u011bt, abyste se mohli rozhodnout, zda je pro v\u00e1s ta prav\u00e1.<\/p>\n<h2>Co je Topface?<\/h2>\n<p>Topface je glob\u00e1ln\u00ed soci\u00e1ln\u00ed platforma pro objevov\u00e1n\u00ed a seznamov\u00e1n\u00ed dostupn\u00e1 prost\u0159ednictv\u00edm webu a mobiln\u00ed aplikace. Umo\u017e\u0148uje u\u017eivatel\u016fm <a href=\"https:\/\/strangercam.com\/cs\/coomeet\/\">Seznamte se s<\/a> nov\u00e9 lidi pro chatov\u00e1n\u00ed, rand\u011bn\u00ed nebo navazov\u00e1n\u00ed p\u0159\u00e1telstv\u00ed pomoc\u00ed kombinace proch\u00e1zen\u00ed profil\u016f, porovn\u00e1v\u00e1n\u00ed vz\u00e1jemn\u00fdch z\u00e1jm\u016f a interaktivn\u00edch funkc\u00ed pro zas\u00edl\u00e1n\u00ed zpr\u00e1v.<\/p>\n<p>Na rozd\u00edl od tradi\u010dn\u00edch seznamovac\u00edch aplikac\u00ed zam\u011b\u0159en\u00fdch v\u00fdhradn\u011b na romantick\u00e9 vztahy m\u00e1 ekosyst\u00e9m Topface bl\u00ed\u017ee k soci\u00e1ln\u00ed s\u00edti - umo\u017e\u0148uje v\u0161e od flirtov\u00e1n\u00ed a rand\u011bn\u00ed a\u017e po mezin\u00e1rodn\u00ed p\u0159\u00e1telstv\u00ed a neform\u00e1ln\u00ed chaty. Str\u00e1nky jsou dostupn\u00e9 v des\u00edtk\u00e1ch jazyk\u016f a podporuj\u00ed rozs\u00e1hlou mezin\u00e1rodn\u00ed u\u017eivatelskou z\u00e1kladnu, d\u00edky \u010demu\u017e jsou obl\u00edben\u00e9 zejm\u00e9na ve v\u00fdchodn\u00ed Evrop\u011b, Latinsk\u00e9 Americe, jihov\u00fdchodn\u00ed Asii a dal\u0161\u00edch zem\u00edch.<\/p>\n<h2>Jak\u00fd je \u00fa\u010del aplikace Topface?<\/h2>\n<p>Aplikace Topface byla vytvo\u0159ena s c\u00edlem pomoci lidem nav\u00e1zat glob\u00e1ln\u00ed kontakt, prolomit ledy a nav\u00e1zat romantick\u00e9 \u010di jin\u00e9 vztahy prost\u0159ednictv\u00edm z\u00e1bavn\u00fdch interaktivn\u00edch n\u00e1stroj\u016f. Je to platforma, kter\u00e1 se nach\u00e1z\u00ed na k\u0159i\u017eovatce:<\/p>\n<ul>\n<li>soci\u00e1ln\u00ed objevov\u00e1n\u00ed (pozn\u00e1v\u00e1n\u00ed nov\u00fdch lid\u00ed mimo skupinu p\u0159\u00e1tel)<\/li>\n<li>Online seznamov\u00e1n\u00ed (hled\u00e1n\u00ed romantick\u00fdch partner\u016f v m\u00edst\u011b nebo po cel\u00e9m sv\u011bt\u011b)<\/li>\n<li>p\u0159\u00edle\u017eitostn\u00fd chat (navazov\u00e1n\u00ed p\u0159\u00e1telstv\u00ed, kamar\u00e1di na dopisov\u00e1n\u00ed nebo partne\u0159i pro jazykovou v\u00fdm\u011bnu)<\/li>\n<\/ul>\n<p>Hlavn\u00edm posl\u00e1n\u00edm je umo\u017enit snadn\u00e9, poutav\u00e9 a nen\u00e1ro\u010dn\u00e9 seznamov\u00e1n\u00ed s ciz\u00edmi lidmi online - bez exkluzivity a intenzity seznamovac\u00edch aplikac\u00ed, kter\u00e9 se pou\u017e\u00edvaj\u00ed pouze pro p\u0159ejet\u00ed prstem.<\/p>\n<h2>Kl\u00ed\u010dov\u00e9 vlastnosti<\/h2>\n<p>1. Zji\u0161\u0165ov\u00e1n\u00ed a prohl\u00ed\u017een\u00ed profil\u016f<br \/>\nTopface umo\u017e\u0148uje u\u017eivatel\u016fm proch\u00e1zet profily podle v\u011bku, pohlav\u00ed, polohy a z\u00e1jm\u016f. Na rozd\u00edl od \u010dist\u011b swipe aplikac\u00ed m\u016f\u017eete prozkoumat \u0161irokou \u0161k\u00e1lu u\u017eivatel\u016f, zobrazit si podrobn\u00e9 profily a rozhodnout se, s k\u00fdm budete komunikovat.<\/p>\n<p>2. Syst\u00e9m Like and Match<br \/>\nVz\u00e1jemn\u00fd z\u00e1jem je signalizov\u00e1n zn\u00e1mou mechanikou like\/match. Pokud si dva u\u017eivatel\u00e9 padnou do oka, odemknou si zpr\u00e1vy a dal\u0161\u00ed funkce, co\u017e podporuje spojen\u00ed zalo\u017een\u00e1 na sd\u00edlen\u00e9 p\u0159ita\u017elivosti nebo zv\u011bdavosti.<\/p>\n<p>3. Zpr\u00e1vy a chat<br \/>\nPo sp\u00e1rov\u00e1n\u00ed si u\u017eivatel\u00e9 mohou vym\u011b\u0148ovat soukrom\u00e9 zpr\u00e1vy, fotografie a videa. K dispozici jsou tak\u00e9 funkce pro zas\u00edl\u00e1n\u00ed virtu\u00e1ln\u00edch d\u00e1rk\u016f, samolepek a hlasov\u00fdch pozn\u00e1mek, d\u00edky nim\u017e jsou konverzace interaktivn\u011bj\u0161\u00ed.<\/p>\n<p>4. <a href=\"https:\/\/strangercam.com\/cs\/rabbit-video-chat\/\">Videochat<\/a> a \u017eiv\u00e9 p\u0159enosy<br \/>\nTopface nab\u00edz\u00ed vestav\u011bn\u00fd videochat a n\u00e1stroje pro \u017eiv\u00e9 vys\u00edl\u00e1n\u00ed, kter\u00e9 u\u017eivatel\u016fm umo\u017e\u0148uj\u00ed komunikovat tv\u00e1\u0159\u00ed v tv\u00e1\u0159 v re\u00e1ln\u00e9m \u010dase. \u017div\u00e9 video pom\u00e1h\u00e1 omezit po\u010det fale\u0161n\u00fdch profil\u016f a buduje d\u016fv\u011bru p\u0159ed setk\u00e1n\u00edm offline.<\/p>\n<p>5. Syst\u00e9m virtu\u00e1ln\u00edch d\u00e1rk\u016f a minc\u00ed<br \/>\nMnoho funkc\u00ed, jako je pos\u00edl\u00e1n\u00ed d\u00e1rk\u016f, zv\u00fd\u0161en\u00ed viditelnosti profilu nebo odemknut\u00ed pr\u00e9miov\u00fdch filtr\u016f, vyu\u017e\u00edv\u00e1 syst\u00e9m virtu\u00e1ln\u00edch minc\u00ed platformy. Mince lze z\u00edskat aktivitou nebo je zakoupit za skute\u010dn\u00e9 pen\u00edze.<\/p>\n<p>6. Filtry pro pokro\u010dil\u00e9 vyhled\u00e1v\u00e1n\u00ed<br \/>\nPr\u00e9miov\u00ed u\u017eivatel\u00e9 maj\u00ed p\u0159\u00edstup k pokro\u010dil\u00fdm vyhled\u00e1vac\u00edm n\u00e1stroj\u016fm pro filtrov\u00e1n\u00ed podle z\u00e1jm\u016f, zvyk\u016f, vzd\u011bl\u00e1n\u00ed nebo dokonce z\u00e1m\u011br\u016f (seznamov\u00e1n\u00ed, p\u0159\u00e1telstv\u00ed, chatov\u00e1n\u00ed atd.), kter\u00e9 pom\u00e1haj\u00ed zp\u0159esnit proces vyhled\u00e1v\u00e1n\u00ed.<\/p>\n<p>7. Podpora v\u00edce platforem<br \/>\nAplikace Topface funguje v po\u010d\u00edta\u010dov\u00fdch prohl\u00ed\u017ee\u010d\u00edch, v aplikac\u00edch pro Android a iOS, tak\u017ee se m\u016f\u017eete p\u0159ipojit kdykoli a kdekoli.<\/p>\n<p>8. V\u00edcejazy\u010dn\u00e1 podpora<br \/>\nPlatforma podporuje des\u00edtky jazyk\u016f, od angli\u010dtiny a \u0161pan\u011bl\u0161tiny po ru\u0161tinu, ture\u010dtinu, vietnam\u0161tinu a dal\u0161\u00ed, tak\u017ee je p\u0159\u00edstupn\u00e1 a p\u0159\u00edv\u011btiv\u00e1 pro mezin\u00e1rodn\u00ed u\u017eivatele.<\/p>\n<h2>Je slu\u017eba Topface zdarma?<\/h2>\n<p>Topface je pro z\u00e1kladn\u00ed funkce zdarma. M\u016f\u017eete si vytvo\u0159it profil, prohl\u00ed\u017eet u\u017eivatele, pos\u00edlat lajky a dokonce si bezplatn\u011b vym\u011b\u0148ovat n\u011bkter\u00e9 zpr\u00e1vy. Platforma v\u0161ak vyu\u017e\u00edv\u00e1 model freemium, kdy pr\u00e9miov\u00e9 funkce vy\u017eaduj\u00ed mince nebo p\u0159edplatn\u00e9.<\/p>\n<h3>Voln\u00e9 funkce:<\/h3>\n<ul>\n<li>Registrace a vytvo\u0159en\u00ed profilu<\/li>\n<li>Proch\u00e1zen\u00ed a vyhled\u00e1v\u00e1n\u00ed profil\u016f<\/li>\n<li>Odes\u00edl\u00e1n\u00ed a p\u0159ij\u00edm\u00e1n\u00ed lajk\u016f<\/li>\n<li>Omezen\u00e9 zas\u00edl\u00e1n\u00ed zpr\u00e1v (\u010dasto s omezen\u00edmi)<\/li>\n<\/ul>\n<h3>Placen\u00e9 funkce:<\/h3>\n<ul>\n<li>Neomezen\u00fd chat a videohovory<\/li>\n<li>Odes\u00edl\u00e1n\u00ed a p\u0159ij\u00edm\u00e1n\u00ed virtu\u00e1ln\u00edch d\u00e1rk\u016f<\/li>\n<li>Zv\u00fd\u0161en\u00ed viditelnosti profilu<\/li>\n<li>P\u0159\u00edstup k pokro\u010dil\u00fdm filtr\u016fm a mo\u017enostem vyhled\u00e1v\u00e1n\u00ed<\/li>\n<li>Zobrazen\u00ed, kdo nav\u0161t\u00edvil nebo lajkoval v\u00e1\u0161 profil<\/li>\n<\/ul>\n<p>Mince a p\u0159edplatn\u00e9 jsou v porovn\u00e1n\u00ed s mnoha z\u00e1padn\u00edmi seznamovac\u00edmi aplikacemi za rozumnou cenu, ale u\u017eivatel\u00e9 by m\u011bli po\u010d\u00edtat s ur\u010dit\u00fdmi omezen\u00edmi voln\u00e9 interakce.<\/p>\n<h2>Kdo pou\u017e\u00edv\u00e1 Topface?<\/h2>\n<p>Topface je skute\u010dn\u011b glob\u00e1ln\u00ed, s r\u016fznorodou a aktivn\u00ed u\u017eivatelskou z\u00e1kladnou:<\/p>\n<ul>\n<li>V\u011bkov\u00fd rozsah: 18-40 let je nejaktivn\u011bj\u0161\u00ed, ale \u00fa\u010dastn\u00ed se u\u017eivatel\u00e9 v\u0161ech v\u011bkov\u00fdch kategori\u00ed.<\/li>\n<li>Vyv\u00e1\u017eenost pohlav\u00ed: Vyv\u00e1\u017een\u011bj\u0161\u00ed ne\u017e typick\u00e9 seznamovac\u00ed aplikace, se silnou \u00fa\u010dast\u00ed \u017een, zejm\u00e9na mimo Severn\u00ed Ameriku.<\/li>\n<li>Geografie: Obzvl\u00e1\u0161t\u011b popul\u00e1rn\u00ed je v Rusku, na Ukrajin\u011b, v Turecku, Braz\u00edlii, Indii, Thajsku, Vietnamu a Latinsk\u00e9 Americe.<\/li>\n<\/ul>\n<p>Mnoho u\u017eivatel\u016f se zaj\u00edm\u00e1 o:<\/p>\n<ul>\n<li>Neform\u00e1ln\u00ed chatov\u00e1n\u00ed a navazov\u00e1n\u00ed nov\u00fdch p\u0159\u00e1telstv\u00ed po cel\u00e9m sv\u011bt\u011b<\/li>\n<li><a href=\"https:\/\/strangercam.com\/cs\/flirtbees\/\">Flirtov\u00e1n\u00ed<\/a> nebo hled\u00e1n\u00ed mezin\u00e1rodn\u00edch milostn\u00fdch partner\u016f<\/li>\n<li>Mezikulturn\u00ed vztahy a jazykov\u00e1 v\u00fdm\u011bna<\/li>\n<li>Bezpe\u010dn\u00e1 a moderovan\u00e1 online komunikace<\/li>\n<\/ul>\n<p>Na rozd\u00edl od specializovan\u00fdch seznamovac\u00edch aplikac\u00ed se Topface zam\u011b\u0159uje na nejr\u016fzn\u011bj\u0161\u00ed z\u00e1m\u011bry - najdete zde tedy v\u0161e od v\u00e1\u017en\u00e9ho sezn\u00e1men\u00ed p\u0159es p\u0159\u00edle\u017eitostn\u00e1 setk\u00e1n\u00ed a\u017e po kamar\u00e1dy na dopisov\u00e1n\u00ed a skupinov\u00e9 chaty.<\/p>\n<h2>Bezpe\u010dnost, soukrom\u00ed a moderov\u00e1n\u00ed<\/h2>\n<p>Spole\u010dnost Topface uplat\u0148uje d\u016fsledn\u00fd p\u0159\u00edstup k bezpe\u010dnosti a moderov\u00e1n\u00ed u\u017eivatel\u016f:<\/p>\n<h3>Ochrana osobn\u00edch \u00fadaj\u016f:<\/h3>\n<ul>\n<li>Registrace vy\u017eaduje pouze z\u00e1kladn\u00ed informace<\/li>\n<li>Pro v\u011bt\u0161\u00ed bezpe\u010dnost jsou k dispozici mo\u017enosti ov\u011b\u0159en\u00ed telefonu\/e-mailu.<\/li>\n<li>Chaty jsou soukrom\u00e9 a nejsou p\u0159\u00edstupn\u00e9 ostatn\u00edm u\u017eivatel\u016fm.<\/li>\n<\/ul>\n<h3>Moderov\u00e1n\u00ed:<\/h3>\n<ul>\n<li>Ru\u010dn\u00ed a automatick\u00e9 p\u0159ezkoum\u00e1n\u00ed profilu s c\u00edlem omezit fale\u0161n\u00e9 \u00fa\u010dty a podvody.<\/li>\n<li>Nahla\u0161ov\u00e1n\u00ed a blokov\u00e1n\u00ed v chatu pro odstran\u011bn\u00ed zneu\u017e\u00edvaj\u00edc\u00edch nebo podez\u0159el\u00fdch u\u017eivatel\u016f.<\/li>\n<li>Aktivn\u00ed detekce spamu a podvod\u016f<\/li>\n<\/ul>\n<h3>U\u017eivatelsk\u00e9 ovl\u00e1d\u00e1n\u00ed:<\/h3>\n<ul>\n<li>Kontrola nad t\u00edm, kdo m\u016f\u017ee vid\u011bt v\u00e1\u0161 profil nebo v\u00e1m pos\u00edlat zpr\u00e1vy<\/li>\n<li>Nastaven\u00ed pro spr\u00e1vu soukrom\u00ed profilu a ozn\u00e1men\u00ed<\/li>\n<\/ul>\n<p>A\u010dkoli je platforma obecn\u011b bezpe\u010dn\u00e1, u\u017eivatel\u00e9 by m\u011bli b\u00fdt st\u00e1le opatrn\u00ed - zejm\u00e9na p\u0159i sd\u00edlen\u00ed osobn\u00edch \u00fadaj\u016f nebo p\u0159esouv\u00e1n\u00ed konverzac\u00ed mimo platformu.<\/p>\n<h2>Zku\u0161enosti u\u017eivatel\u016f a design<\/h2>\n<p>Aplikace Topface m\u00e1 jasn\u00e9 a u\u017eivatelsky p\u0159\u00edv\u011btiv\u00e9 rozhran\u00ed, kter\u00e9 dob\u0159e funguje na v\u0161ech za\u0159\u00edzen\u00edch. Kl\u00ed\u010dov\u00e9 vlastnosti:<\/p>\n<ul>\n<li>P\u0159ehledn\u00e1 navigace a profilov\u00e9 karty<\/li>\n<li>Barevn\u00e9 ikony pro d\u00e1rky, chat a p\u00e1rov\u00e1n\u00ed<\/li>\n<li>Rychl\u00e9 na\u010d\u00edt\u00e1n\u00ed a spolehliv\u00e9 streamov\u00e1n\u00ed videa<\/li>\n<li>Responzivn\u00ed design pro mobiln\u00ed za\u0159\u00edzen\u00ed a tablety<\/li>\n<li>V\u00edcejazy\u010dn\u00e9 nab\u00eddky a n\u00e1pov\u011bda<\/li>\n<\/ul>\n<p>Platforma se vyh\u00fdb\u00e1 reklamn\u00edmu nepo\u0159\u00e1dku n\u011bkter\u00fdch glob\u00e1ln\u00edch seznamek a zam\u011b\u0159uje se na \u010dist\u00fd z\u00e1\u017eitek s pouze ob\u010dasn\u00fdmi reklamn\u00edmi bannery pro pr\u00e9miov\u00e9 funkce.<\/p>\n<h2>Topface vs Ostatn\u00ed soci\u00e1ln\u00ed seznamovac\u00ed platformy<\/h2>\n<p>Jak si Topface vede v porovn\u00e1n\u00ed s ostatn\u00edmi \u0161pi\u010dkov\u00fdmi chatovac\u00edmi a seznamovac\u00edmi platformami?<\/p>\n<table>\n<thead>\n<tr>\n<th>Funkce<\/th>\n<th>Topface<\/th>\n<th>Badoo<\/th>\n<th>Tinder<\/th>\n<th>Mamba<\/th>\n<th><a href=\"https:\/\/strangercam.com\/cs\/azar-app\/\">Azar<\/a><\/th>\n<\/tr>\n<\/thead>\n<tbody>\n<tr>\n<td>Glob\u00e1ln\u00ed u\u017eivatelsk\u00e1 z\u00e1kladna<\/td>\n<td>Ano<\/td>\n<td>Ano<\/td>\n<td>Ano<\/td>\n<td>Ano<\/td>\n<td>Ano<\/td>\n<\/tr>\n<tr>\n<td>Bezplatn\u00e9 zas\u00edl\u00e1n\u00ed zpr\u00e1v<\/td>\n<td>Omezen\u00e9<\/td>\n<td>Omezen\u00e9<\/td>\n<td>Ne<\/td>\n<td>Omezen\u00e9<\/td>\n<td>Omezen\u00e9<\/td>\n<\/tr>\n<tr>\n<td>Videochat<\/td>\n<td>Ano<\/td>\n<td>Ne<\/td>\n<td>Ne<\/td>\n<td>Ano<\/td>\n<td>Ano<\/td>\n<\/tr>\n<tr>\n<td>Virtu\u00e1ln\u00ed d\u00e1rky \/ mince<\/td>\n<td>Ano<\/td>\n<td>Ano<\/td>\n<td>Ne<\/td>\n<td>Ano<\/td>\n<td>Ano<\/td>\n<\/tr>\n<tr>\n<td>Zji\u0161t\u011bn\u00ed profilu<\/td>\n<td>Ano<\/td>\n<td>Ano<\/td>\n<td>P\u0159eje\u010fte prstem po str\u00e1nce<\/td>\n<td>Ano<\/td>\n<td>N\u00e1hodn\u00e9<\/td>\n<\/tr>\n<tr>\n<td>\u017div\u00e9 vys\u00edl\u00e1n\u00ed<\/td>\n<td>Ano<\/td>\n<td>Ne<\/td>\n<td>Ne<\/td>\n<td>Ne<\/td>\n<td>Ne<\/td>\n<\/tr>\n<tr>\n<td>V\u00edcejazy\u010dn\u00e9 str\u00e1nky<\/td>\n<td>Ano<\/td>\n<td>Ano<\/td>\n<td>Omezen\u00e9<\/td>\n<td>Ano<\/td>\n<td>Ano<\/td>\n<\/tr>\n<\/tbody>\n<\/table>\n<p>Shrnut\u00ed: Topface m\u00e1 v\u00edce funkc\u00ed ne\u017e klasick\u00e9 seznamovac\u00ed aplikace jako Tinder a nab\u00edz\u00ed \u0161ir\u0161\u00ed mezin\u00e1rodn\u00ed dosah ne\u017e mnoho z\u00e1padn\u00edch aplikac\u00ed. D\u00edky kombinaci videa, chatu a her p\u016fsob\u00ed \u017eiv\u011b a p\u0159\u00edv\u011btiv\u011b jak pro m\u00edstn\u00ed, tak pro glob\u00e1ln\u00ed u\u017eivatele.<\/p>\n<h2>V\u00fdhody a nev\u00fdhody<\/h2>\n<p>Klady:<\/p>\n<ul>\n<li>Velk\u00e1 mezin\u00e1rodn\u00ed u\u017eivatelsk\u00e1 z\u00e1kladna<\/li>\n<li>Bezplatn\u00e9 p\u0159ipojen\u00ed se z\u00e1kladn\u00edmi funkcemi<\/li>\n<li>K dispozici je videochat a \u017eiv\u00e9 p\u0159enosy<\/li>\n<li>Z\u00e1bavn\u00e9, soci\u00e1ln\u00ed prvky pro objevov\u00e1n\u00ed<\/li>\n<li>Kompatibilita s mobiln\u00edmi a stoln\u00edmi po\u010d\u00edta\u010di<\/li>\n<li>Siln\u00e9 nastaven\u00ed moderov\u00e1n\u00ed a ochrany soukrom\u00ed<\/li>\n<\/ul>\n<p>Nev\u00fdhody:<\/p>\n<ul>\n<li>Pln\u00fd p\u0159\u00edstup vy\u017eaduje mince nebo p\u0159edplatn\u00e9<\/li>\n<li>N\u011bkter\u00e9 fale\u0161n\u00e9 nebo neaktivn\u00ed profily (b\u011b\u017en\u00e9 na v\u0161ech velk\u00fdch platform\u00e1ch).<\/li>\n<li>Omezen\u00e9 bezplatn\u00e9 zas\u00edl\u00e1n\u00ed zpr\u00e1v m\u016f\u017ee b\u00fdt frustruj\u00edc\u00ed<\/li>\n<li>M\u00e9n\u011b popul\u00e1rn\u00ed v Severn\u00ed Americe ne\u017e ve v\u00fdchodn\u00ed Evrop\u011b, Asii nebo Ji\u017en\u00ed Americe.<\/li>\n<\/ul>\n<h2>Ide\u00e1ln\u00ed p\u0159\u00edpady pou\u017eit\u00ed<\/h2>\n<p>Topface je ide\u00e1ln\u00ed pro:<\/p>\n<ul>\n<li>Singles hledaj\u00ed mezin\u00e1rodn\u00ed seznamku nebo p\u0159\u00e1telstv\u00ed<\/li>\n<li>Cestovatel\u00e9 nebo cizinci, kte\u0159\u00ed hledaj\u00ed m\u00edstn\u00ed kontakty<\/li>\n<li>Lid\u00e9, kte\u0159\u00ed maj\u00ed r\u00e1di kombinaci soci\u00e1ln\u00edch s\u00edt\u00ed a seznamovac\u00edch funkc\u00ed.<\/li>\n<li>Ka\u017ed\u00fd, kdo chce \u017eivou komunitu pro chatov\u00e1n\u00ed s videem.<\/li>\n<li>U\u017eivatel\u00e9 se z\u00e1jmem o jazykovou v\u00fdm\u011bnu nebo kulturn\u00ed pozn\u00e1v\u00e1n\u00ed.<\/li>\n<\/ul>\n<p>Je m\u00e9n\u011b ide\u00e1ln\u00ed pro:<\/p>\n<ul>\n<li>Ti, kte\u0159\u00ed cht\u011bj\u00ed 100% zdarma neomezen\u00e9 zas\u00edl\u00e1n\u00ed zpr\u00e1v<\/li>\n<li>Lid\u00e9 hledaj\u00edc\u00ed pouze hyperlok\u00e1ln\u00ed seznamku<\/li>\n<li>U\u017eivatel\u00e9, kter\u00fdm vad\u00ed glob\u00e1ln\u00ed nebo mezikulturn\u00ed interakce.<\/li>\n<\/ul>\n<h2>Z\u00e1v\u011bre\u010dn\u00fd verdikt<\/h2>\n<p>Topface je jednou z nejv\u0161estrann\u011bj\u0161\u00edch mezin\u00e1rodn\u00edch chatovac\u00edch a seznamovac\u00edch platforem na sv\u011bt\u011b. D\u00edky sv\u00e9 \u017eiv\u00e9 u\u017eivatelsk\u00e9 z\u00e1kladn\u011b, z\u00e1bavn\u00fdm soci\u00e1ln\u00edm funkc\u00edm a d\u016frazu na video a interaktivn\u00ed chat je mnohem v\u00edc ne\u017e jen seznamovac\u00ed aplikac\u00ed - je to br\u00e1na k nov\u00fdm kultur\u00e1m, jazyk\u016fm a p\u0159\u00e1telstv\u00edm i romantice.<\/p>\n<p>Pokud si chcete roz\u0161\u00ed\u0159it sv\u00e9 soci\u00e1ln\u00ed obzory, sezn\u00e1mit se s lidmi po cel\u00e9m sv\u011bt\u011b nebo si prost\u011b jen u\u017e\u00edt z\u00e1bavn\u00fd a poutav\u00fd chat, Topface rozhodn\u011b stoj\u00ed za vyzkou\u0161en\u00ed v roce 2025.<\/p>","protected":false},"excerpt":{"rendered":"<p>In a dating landscape crowded with apps and websites, only a few platforms manage to stand out on a global scale. Topface is one such platform\u2014blending elements of social discovery, traditional online dating, and casual chat into a single, multilingual experience. With millions of users worldwide and a reputation for cross-cultural connections, Topface has built [&hellip;]<\/p>\n","protected":false},"author":6,"featured_media":0,"parent":0,"menu_order":0,"comment_status":"closed","ping_status":"closed","template":"","meta":{"footnotes":""},"class_list":["post-12907","page","type-page","status-publish","hentry"],"yoast_head":"<!-- This site is optimized with the Yoast SEO plugin v27.4 - https:\/\/yoast.com\/product\/yoast-seo-wordpress\/ -->\n<title>Topface - Meet girls and guys, chat on StrangerCam.com<\/title>\n<meta name=\"description\" content=\"Like Topface? Come chat with more than 5.000.000 strangers on Stranger Cam for Free! Turn on your cam and find new friends &amp; maby a match!\" \/>\n<meta name=\"robots\" content=\"index, follow, max-snippet:-1, max-image-preview:large, max-video-preview:-1\" \/>\n<link rel=\"canonical\" href=\"https:\/\/strangercam.com\/cs\/topface\/\" \/>\n<meta property=\"og:locale\" content=\"cs_CZ\" \/>\n<meta property=\"og:type\" content=\"article\" \/>\n<meta property=\"og:title\" content=\"Topface - Meet girls and guys, chat on StrangerCam.com\" \/>\n<meta property=\"og:description\" content=\"Like Topface? Come chat with more than 5.000.000 strangers on Stranger Cam for Free! Turn on your cam and find new friends &amp; maby a match!\" \/>\n<meta property=\"og:url\" content=\"https:\/\/strangercam.com\/cs\/topface\/\" \/>\n<meta property=\"og:site_name\" content=\"Strangercam\" \/>\n<meta property=\"article:publisher\" content=\"https:\/\/www.facebook.com\/strangercam\" \/>\n<meta property=\"og:image\" content=\"https:\/\/strangercam.com\/wp-content\/uploads\/2021\/10\/Untitled-2.png\" \/>\n\t<meta property=\"og:image:width\" content=\"800\" \/>\n\t<meta property=\"og:image:height\" content=\"532\" \/>\n\t<meta property=\"og:image:type\" content=\"image\/png\" \/>\n<meta name=\"twitter:card\" content=\"summary_large_image\" \/>\n<meta name=\"twitter:site\" content=\"@strangercamapp\" \/>\n<meta name=\"twitter:label1\" content=\"Odhadovan\u00e1 doba \u010dten\u00ed\" \/>\n\t<meta name=\"twitter:data1\" content=\"6 minut\" \/>\n<script type=\"application\/ld+json\" class=\"yoast-schema-graph\">{\"@context\":\"https:\\\/\\\/schema.org\",\"@graph\":[{\"@type\":\"WebPage\",\"@id\":\"https:\\\/\\\/strangercam.com\\\/topface\\\/\",\"url\":\"https:\\\/\\\/strangercam.com\\\/topface\\\/\",\"name\":\"Topface - Meet girls and guys, chat on StrangerCam.com\",\"isPartOf\":{\"@id\":\"https:\\\/\\\/strangercam.com\\\/#website\"},\"datePublished\":\"2025-07-14T11:41:45+00:00\",\"description\":\"Like Topface? Come chat with more than 5.000.000 strangers on Stranger Cam for Free! Turn on your cam and find new friends & maby a match!\",\"breadcrumb\":{\"@id\":\"https:\\\/\\\/strangercam.com\\\/topface\\\/#breadcrumb\"},\"inLanguage\":\"cs\",\"potentialAction\":[{\"@type\":\"ReadAction\",\"target\":[\"https:\\\/\\\/strangercam.com\\\/topface\\\/\"]}]},{\"@type\":\"BreadcrumbList\",\"@id\":\"https:\\\/\\\/strangercam.com\\\/topface\\\/#breadcrumb\",\"itemListElement\":[{\"@type\":\"ListItem\",\"position\":1,\"name\":\"Home\",\"item\":\"https:\\\/\\\/strangercam.com\\\/\"},{\"@type\":\"ListItem\",\"position\":2,\"name\":\"Topface\"}]},{\"@type\":\"WebSite\",\"@id\":\"https:\\\/\\\/strangercam.com\\\/#website\",\"url\":\"https:\\\/\\\/strangercam.com\\\/\",\"name\":\"Strangercam\",\"description\":\"Random Video Chat with Strangers\",\"publisher\":{\"@id\":\"https:\\\/\\\/strangercam.com\\\/#organization\"},\"alternateName\":\"Strangercam.com\",\"potentialAction\":[{\"@type\":\"SearchAction\",\"target\":{\"@type\":\"EntryPoint\",\"urlTemplate\":\"https:\\\/\\\/strangercam.com\\\/?s={search_term_string}\"},\"query-input\":{\"@type\":\"PropertyValueSpecification\",\"valueRequired\":true,\"valueName\":\"search_term_string\"}}],\"inLanguage\":\"cs\"},{\"@type\":\"Organization\",\"@id\":\"https:\\\/\\\/strangercam.com\\\/#organization\",\"name\":\"Strangercam\",\"alternateName\":\"Strangercam.com\",\"url\":\"https:\\\/\\\/strangercam.com\\\/\",\"logo\":{\"@type\":\"ImageObject\",\"inLanguage\":\"cs\",\"@id\":\"https:\\\/\\\/strangercam.com\\\/#\\\/schema\\\/logo\\\/image\\\/\",\"url\":\"https:\\\/\\\/strangercam.com\\\/wp-content\\\/uploads\\\/2020\\\/11\\\/cropped-new-favicon-black.png\",\"contentUrl\":\"https:\\\/\\\/strangercam.com\\\/wp-content\\\/uploads\\\/2020\\\/11\\\/cropped-new-favicon-black.png\",\"width\":512,\"height\":512,\"caption\":\"Strangercam\"},\"image\":{\"@id\":\"https:\\\/\\\/strangercam.com\\\/#\\\/schema\\\/logo\\\/image\\\/\"},\"sameAs\":[\"https:\\\/\\\/www.facebook.com\\\/strangercam\",\"https:\\\/\\\/x.com\\\/strangercamapp\"]}]}<\/script>\n<!-- \/ Yoast SEO plugin. -->","yoast_head_json":{"title":"Topface - Seznamte se s d\u00edvkami a mu\u017ei, chat na StrangerCam.com","description":"Jako Topface? Poj\u010fte si zdarma popov\u00eddat s v\u00edce ne\u017e 5 000 000 cizinci na Stranger Cam! Zapn\u011bte kameru a najd\u011bte nov\u00e9 p\u0159\u00e1tele &amp; maby z\u00e1pas!","robots":{"index":"index","follow":"follow","max-snippet":"max-snippet:-1","max-image-preview":"max-image-preview:large","max-video-preview":"max-video-preview:-1"},"canonical":"https:\/\/strangercam.com\/cs\/topface\/","og_locale":"cs_CZ","og_type":"article","og_title":"Topface - Meet girls and guys, chat on StrangerCam.com","og_description":"Like Topface? Come chat with more than 5.000.000 strangers on Stranger Cam for Free! Turn on your cam and find new friends & maby a match!","og_url":"https:\/\/strangercam.com\/cs\/topface\/","og_site_name":"Strangercam","article_publisher":"https:\/\/www.facebook.com\/strangercam","og_image":[{"width":800,"height":532,"url":"https:\/\/strangercam.com\/wp-content\/uploads\/2021\/10\/Untitled-2.png","type":"image\/png"}],"twitter_card":"summary_large_image","twitter_site":"@strangercamapp","twitter_misc":{"Odhadovan\u00e1 doba \u010dten\u00ed":"6 minut"},"schema":{"@context":"https:\/\/schema.org","@graph":[{"@type":"WebPage","@id":"https:\/\/strangercam.com\/topface\/","url":"https:\/\/strangercam.com\/topface\/","name":"Topface - Seznamte se s d\u00edvkami a mu\u017ei, chat na StrangerCam.com","isPartOf":{"@id":"https:\/\/strangercam.com\/#website"},"datePublished":"2025-07-14T11:41:45+00:00","description":"Jako Topface? Poj\u010fte si zdarma popov\u00eddat s v\u00edce ne\u017e 5 000 000 cizinci na Stranger Cam! Zapn\u011bte kameru a najd\u011bte nov\u00e9 p\u0159\u00e1tele &amp; maby z\u00e1pas!","breadcrumb":{"@id":"https:\/\/strangercam.com\/topface\/#breadcrumb"},"inLanguage":"cs","potentialAction":[{"@type":"ReadAction","target":["https:\/\/strangercam.com\/topface\/"]}]},{"@type":"BreadcrumbList","@id":"https:\/\/strangercam.com\/topface\/#breadcrumb","itemListElement":[{"@type":"ListItem","position":1,"name":"Home","item":"https:\/\/strangercam.com\/"},{"@type":"ListItem","position":2,"name":"Topface"}]},{"@type":"WebSite","@id":"https:\/\/strangercam.com\/#website","url":"https:\/\/strangercam.com\/","name":"Strangercam","description":"N\u00e1hodn\u00fd videochat s ciz\u00edmi lidmi","publisher":{"@id":"https:\/\/strangercam.com\/#organization"},"alternateName":"Strangercam.com","potentialAction":[{"@type":"SearchAction","target":{"@type":"EntryPoint","urlTemplate":"https:\/\/strangercam.com\/?s={search_term_string}"},"query-input":{"@type":"PropertyValueSpecification","valueRequired":true,"valueName":"search_term_string"}}],"inLanguage":"cs"},{"@type":"Organization","@id":"https:\/\/strangercam.com\/#organization","name":"Strangercam","alternateName":"Strangercam.com","url":"https:\/\/strangercam.com\/","logo":{"@type":"ImageObject","inLanguage":"cs","@id":"https:\/\/strangercam.com\/#\/schema\/logo\/image\/","url":"https:\/\/strangercam.com\/wp-content\/uploads\/2020\/11\/cropped-new-favicon-black.png","contentUrl":"https:\/\/strangercam.com\/wp-content\/uploads\/2020\/11\/cropped-new-favicon-black.png","width":512,"height":512,"caption":"Strangercam"},"image":{"@id":"https:\/\/strangercam.com\/#\/schema\/logo\/image\/"},"sameAs":["https:\/\/www.facebook.com\/strangercam","https:\/\/x.com\/strangercamapp"]}]}},"_links":{"self":[{"href":"https:\/\/strangercam.com\/cs\/wp-json\/wp\/v2\/pages\/12907","targetHints":{"allow":["GET"]}}],"collection":[{"href":"https:\/\/strangercam.com\/cs\/wp-json\/wp\/v2\/pages"}],"about":[{"href":"https:\/\/strangercam.com\/cs\/wp-json\/wp\/v2\/types\/page"}],"author":[{"embeddable":true,"href":"https:\/\/strangercam.com\/cs\/wp-json\/wp\/v2\/users\/6"}],"replies":[{"embeddable":true,"href":"https:\/\/strangercam.com\/cs\/wp-json\/wp\/v2\/comments?post=12907"}],"version-history":[{"count":1,"href":"https:\/\/strangercam.com\/cs\/wp-json\/wp\/v2\/pages\/12907\/revisions"}],"predecessor-version":[{"id":12908,"href":"https:\/\/strangercam.com\/cs\/wp-json\/wp\/v2\/pages\/12907\/revisions\/12908"}],"wp:attachment":[{"href":"https:\/\/strangercam.com\/cs\/wp-json\/wp\/v2\/media?parent=12907"}],"curies":[{"name":"wp","href":"https:\/\/api.w.org\/{rel}","templated":true}]}}