{"id":12905,"date":"2025-07-14T13:38:21","date_gmt":"2025-07-14T11:38:21","guid":{"rendered":"https:\/\/strangercam.com\/?page_id=12905"},"modified":"2025-07-14T13:38:21","modified_gmt":"2025-07-14T11:38:21","slug":"stranger-space","status":"publish","type":"page","link":"https:\/\/strangercam.com\/cs\/stranger-space\/","title":{"rendered":"Ciz\u00ed prostor"},"content":{"rendered":"<p>S tolika n\u00e1hodn\u00fdmi videi <a href=\"https:\/\/strangercam.com\/cs\/chathub\/\">chat<\/a> platformy, kter\u00e9 se v roce 2025 uch\u00e1zej\u00ed o pozornost, je vz\u00e1cn\u00e9 naj\u00edt web, kter\u00fd by vyva\u017eoval anonymitu, bezpe\u010dnost a modern\u00ed u\u017eivatelsk\u00e9 prost\u0159ed\u00ed tak dob\u0159e jako Stranger Space. Byl navr\u017een pro u\u017eivatele, kte\u0159\u00ed cht\u011bj\u00ed navazovat spont\u00e1nn\u00ed kontakty tv\u00e1\u0159\u00ed v tv\u00e1\u0159 - ale bez \u00faskal\u00ed, kter\u00e1 tr\u00e1pila star\u0161\u00ed platformy - Stranger Space se odli\u0161uje chytr\u00fdmi designov\u00fdmi volbami, zabudovanou moderac\u00ed a sv\u011b\u017e\u00ed, p\u0159\u00edv\u011btivou atmosf\u00e9rou.<\/p>\n<p>Je ale Stranger Space t\u00edm nejlep\u0161\u00edm nov\u00fdm m\u00edstem pro videochatov\u00e1n\u00ed s ciz\u00edmi lidmi? Je bezpe\u010dn\u00e9, snadno pou\u017eiteln\u00e9 a skute\u010dn\u011b z\u00e1bavn\u00e9? V t\u00e9to podrobn\u00e9 recenzi se dozv\u00edte v\u0161e, co pot\u0159ebujete v\u011bd\u011bt: jak funguje, kdo ho pou\u017e\u00edv\u00e1, \u010d\u00edm se li\u0161\u00ed a jak si vede ve srovn\u00e1n\u00ed s ostatn\u00edmi nejlep\u0161\u00edmi weby pro videochat v roce 2025.<\/p>\n<h2>Co je to ciz\u00ed prostor?<\/h2>\n<p>Stranger Space je bezplatn\u00e1 platforma pro n\u00e1hodn\u00fd videochat v prohl\u00ed\u017ee\u010di, kter\u00e1 v\u00e1s okam\u017eit\u011b spoj\u00ed s ciz\u00edmi lidmi z cel\u00e9ho sv\u011bta. U\u017eivatel\u00e9 se mohou zapojit do soukrom\u00fdch videohovor\u016f jeden na jednoho nebo p\u0159epnout na textov\u00fd chat, a to v\u0161e bez nutnosti vytv\u00e1\u0159et \u00fa\u010det nebo stahovat jakoukoli aplikaci.<\/p>\n<p>D\u016fraz je kladen na snadnou, anonymn\u00ed komunikaci v re\u00e1ln\u00e9m \u010dase. Sta\u010d\u00ed otev\u0159\u00edt web, povolit webovou kameru a mikrofon a kliknut\u00edm za\u010d\u00edt chatovat. D\u00edky \u010dist\u00e9mu rozhran\u00ed a modern\u00edmu designu aplikace Stranger Space si m\u016f\u017eete s n\u011bk\u00fdm nov\u00fdm pov\u00eddat b\u011bhem n\u011bkolika sekund.<\/p>\n<h2>Jak\u00fd je \u00fa\u010del ciz\u00edho prostoru?<\/h2>\n<p>Posl\u00e1n\u00edm Stranger Space je o\u017eivit vzru\u0161en\u00ed a jednoduchost klasick\u00fdch chatovac\u00edch platforem - a z\u00e1rove\u0148 \u0159e\u0161it nedostatky v oblasti bezpe\u010dnosti, soukrom\u00ed a pou\u017eitelnosti, kv\u016fli kter\u00fdm se str\u00e1nky jako nap\u0159. <a href=\"https:\/\/strangercam.com\/cs\/omegle\/\">Omegle<\/a> nechvaln\u011b proslul\u00e9.<\/p>\n<p>Stranger Space je ur\u010den pro:<\/p>\n<ul>\n<li>Lid\u00e9, kte\u0159\u00ed cht\u011bj\u00ed spont\u00e1nn\u00ed, nepsanou interakci tv\u00e1\u0159\u00ed v tv\u00e1\u0159.<\/li>\n<li>U\u017eivatel\u00e9, kte\u0159\u00ed si cen\u00ed anonymity a soukrom\u00ed dat.<\/li>\n<li>Koho u\u017e unavuj\u00ed nekone\u010dn\u00e9 profily, soci\u00e1ln\u00ed kan\u00e1ly a p\u0159ehazov\u00e1n\u00ed prstem<\/li>\n<li>Studenti jazyk\u016f a cestovatel\u00e9, kte\u0159\u00ed si cht\u011bj\u00ed roz\u0161\u00ed\u0159it obzory.<\/li>\n<\/ul>\n<p>Jde p\u0159edev\u0161\u00edm o rychl\u00e9 a bezpe\u010dn\u00e9 propojen\u00ed lid\u00ed, kter\u00e9 v\u00e1m umo\u017en\u00ed poznat nov\u00e9 kultury, my\u0161lenky a p\u0159\u00e1telstv\u00ed - nebo jen vypustit p\u00e1ru po dlouh\u00e9m dni.<\/p>\n<h2>Kl\u00ed\u010dov\u00e9 vlastnosti<\/h2>\n<p>1. Anonymn\u00ed videochat jeden na jednoho<br \/>\nJ\u00e1drem slu\u017eby Stranger Space je soukrom\u00fd n\u00e1hodn\u00fd videochat. Kliknut\u00edm na tla\u010d\u00edtko za\u010dnete a okam\u017eit\u011b se spoj\u00edte s jin\u00fdm u\u017eivatelem kdekoli na sv\u011bt\u011b. Neexistuj\u00ed \u017e\u00e1dn\u00e9 \u00fa\u010dty, nejsou vy\u017eadov\u00e1ny \u017e\u00e1dn\u00e9 osobn\u00ed \u00fadaje a ka\u017ed\u00e1 konverzace je jedine\u010dn\u00e1.<\/p>\n<p>2. Tla\u010d\u00edtko P\u0159esko\u010dit\/N\u00e1sleduj\u00edc\u00ed<br \/>\nPokud se konverzace nevyv\u00edj\u00ed dob\u0159e nebo jste prost\u011b p\u0159ipraveni na zm\u011bnu, stiskn\u011bte tla\u010d\u00edtko \"Dal\u0161\u00ed\". Okam\u017eit\u011b budete spojeni s jin\u00fdm u\u017eivatelem. D\u00edky t\u00e9to rychl\u00e9 v\u00fdm\u011bn\u011b je z\u00e1\u017eitek st\u00e1le sv\u011b\u017e\u00ed a dynamick\u00fd.<\/p>\n<p>3. Mo\u017enost textov\u00e9ho chatu<br \/>\nPro ty, kte\u0159\u00ed se boj\u00ed kamery nebo maj\u00ed probl\u00e9my s \u0161\u00ed\u0159kou p\u00e1sma, nab\u00edz\u00ed Stranger Space pouze textov\u00fd re\u017eim. Mezi textem a videem m\u016f\u017eete libovoln\u011b p\u0159ep\u00ednat, tak\u017ee je univerz\u00e1ln\u00ed pro v\u0161echny typy u\u017eivatel\u016f.<\/p>\n<p>4. \u017d\u00e1dn\u00e1 registrace ani stahov\u00e1n\u00ed<br \/>\nNikdy si nemus\u00edte vytv\u00e1\u0159et \u00fa\u010det, nastavovat profil ani stahovat \u017e\u00e1dn\u00fd software. Stranger Space b\u011b\u017e\u00ed p\u0159\u00edmo v prohl\u00ed\u017ee\u010di na po\u010d\u00edta\u010di i v mobilu.<\/p>\n<p>5. Modern\u00ed, responzivn\u00ed design<br \/>\nStranger Space vynik\u00e1 elegantn\u00edm, minim\u00e1ln\u00edm rozhran\u00edm. Str\u00e1nky se rychle na\u010d\u00edtaj\u00ed, ovl\u00e1dac\u00ed prvky se snadno hledaj\u00ed a kvalita videa je vynikaj\u00edc\u00ed - dokonce i v mobiln\u00edch prohl\u00ed\u017ee\u010d\u00edch.<\/p>\n<p>6. N\u00e1stroje pro bezpe\u010dnost a moderov\u00e1n\u00ed<br \/>\nStranger Space up\u0159ednost\u0148uje bezpe\u010dnost d\u00edky viditeln\u00e9mu tla\u010d\u00edtku pro nahl\u00e1\u0161en\u00ed v ka\u017ed\u00e9m chatu, z\u00e1kladn\u00ed detekci nahoty a zneu\u017eit\u00ed pomoc\u00ed um\u011bl\u00e9 inteligence a moderov\u00e1n\u00ed lidmi v re\u00e1ln\u00e9m \u010dase b\u011bhem \u0161pi\u010dek.<\/p>\n<p>7. V\u00edcejazy\u010dn\u00e1 a mezin\u00e1rodn\u00ed u\u017eivatelsk\u00e1 z\u00e1kladna<br \/>\nPlatforma podporuje u\u017eivatele z cel\u00e9ho sv\u011bta, tak\u017ee je skv\u011bl\u00fdm m\u00edstem pro procvi\u010dov\u00e1n\u00ed jazyk\u016f, objevov\u00e1n\u00ed nov\u00fdch kultur nebo prost\u011b jen pro navazov\u00e1n\u00ed p\u0159\u00e1telstv\u00ed z velk\u00e9 d\u00e1lky.<\/p>\n<h2>Je ciz\u00ed prostor zdarma?<\/h2>\n<p>Ano, slu\u017eba Stranger Space je zcela zdarma. Neexistuj\u00ed \u017e\u00e1dn\u00e9:<\/p>\n<ul>\n<li>Placen\u00e9 st\u011bny nebo p\u0159edplatn\u00e9<\/li>\n<li>Mince, \u017eetony nebo n\u00e1kupy v aplikaci<\/li>\n<li>Uzam\u010den\u00e9 funkce<\/li>\n<\/ul>\n<p>V\u0161ichni u\u017eivatel\u00e9 maj\u00ed p\u0159\u00edstup k videochatu i textov\u00e9mu chatu, funkci p\u0159eskakov\u00e1n\u00ed a funkc\u00edm moderov\u00e1n\u00ed. Platforma m\u016f\u017ee zobrazovat nevt\u00edrav\u00e9 reklamy, kter\u00e9 pom\u00e1haj\u00ed pokr\u00fdt n\u00e1klady, ale nezasahuj\u00ed do hlavn\u00edho chatu.<\/p>\n<h2>Kdo pou\u017e\u00edv\u00e1 ciz\u00ed prostor?<\/h2>\n<p>Modern\u00ed vzhled platformy a jej\u00ed bezpe\u010dnostn\u00ed prvky p\u0159itahuj\u00ed r\u016fznorod\u00e9 u\u017eivatele z cel\u00e9ho sv\u011bta. V\u011bt\u0161inu u\u017eivatel\u016f tvo\u0159\u00ed:<\/p>\n<ul>\n<li>V\u011bk 18 a\u017e 35 let (platforma je ur\u010dena pouze pro dosp\u011bl\u00e9)<\/li>\n<li>Ze Spojen\u00fdch st\u00e1t\u016f, Velk\u00e9 Brit\u00e1nie, Indie, N\u011bmecka, Braz\u00edlie, Kanady a jihov\u00fdchodn\u00ed Asie.<\/li>\n<li>Rozd\u011bleno mezi lidi, kte\u0159\u00ed hledaj\u00ed p\u0159\u00e1telskou konverzaci, jazykovou v\u00fdm\u011bnu a nez\u00e1vazn\u00fd flirt.<\/li>\n<\/ul>\n<p>Na rozd\u00edl od n\u011bkter\u00fdch web\u016f pro videochat je Stranger Space d\u00edky sv\u00e9mu z\u00e1vazku k bezpe\u010dnosti a soukrom\u00ed atraktivn\u00ed jak pro mu\u017ee, tak pro \u017eeny, p\u0159i\u010dem\u017e \u00fa\u010dast obou pohlav\u00ed je zde vyrovnan\u011bj\u0161\u00ed, ne\u017e je v t\u00e9to oblasti obvykl\u00e9.<\/p>\n<h2>Bezpe\u010dnost, soukrom\u00ed a moderov\u00e1n\u00ed<\/h2>\n<p>Bezpe\u010dnost a soukrom\u00ed jsou pro Stranger Space nejvy\u0161\u0161\u00edmi prioritami, co\u017e se projevuje v n\u011bkolika kl\u00ed\u010dov\u00fdch ohledech:<\/p>\n<h3>Ochrana osobn\u00edch \u00fadaj\u016f<\/h3>\n<ul>\n<li>\u017d\u00e1dn\u00e1 registrace ani vytv\u00e1\u0159en\u00ed profilu<\/li>\n<li>Konverzace nejsou nikdy nahr\u00e1v\u00e1ny ani ukl\u00e1d\u00e1ny<\/li>\n<li>Webov\u00e1 kamera a mikrofon jsou aktivn\u00ed pouze b\u011bhem relace.<\/li>\n<li>\u017d\u00e1dn\u00e9 osobn\u00ed \u00fadaje nejsou shroma\u017e\u010fov\u00e1ny ani sd\u00edleny s jin\u00fdmi u\u017eivateli.<\/li>\n<\/ul>\n<h3>Moderov\u00e1n\u00ed<\/h3>\n<ul>\n<li>Nahl\u00e1\u0161en\u00ed zneu\u017eit\u00ed, nahoty nebo spamu v chatu<\/li>\n<li>Detekce pomoc\u00ed um\u011bl\u00e9 inteligence, kter\u00e1 automaticky ozna\u010duje nevhodn\u00fd obsah.<\/li>\n<li>Ru\u010dn\u00ed moderov\u00e1n\u00ed v ru\u0161n\u00fdch obdob\u00edch<\/li>\n<li>Rychl\u00e9 z\u00e1kazy pro opakovan\u00e9 p\u0159estupky<\/li>\n<\/ul>\n<h3>Pokyny pro u\u017eivatele<\/h3>\n<ul>\n<li>Platforma je ur\u010dena pouze pro dosp\u011bl\u00e9 (18+)<\/li>\n<li>U\u017eivatel\u016fm se d\u016frazn\u011b doporu\u010duje, aby nesd\u00edleli osobn\u00ed \u00fadaje.<\/li>\n<li>Komunitn\u00ed standardy zakazuj\u00ed nahotu, obt\u011b\u017eov\u00e1n\u00ed a nez\u00e1konnou \u010dinnost.<\/li>\n<\/ul>\n<p>Tyto syst\u00e9my spole\u010dn\u011b vytv\u00e1\u0159ej\u00ed bezpe\u010dn\u011bj\u0161\u00ed a p\u0159\u00edv\u011btiv\u011bj\u0161\u00ed chatovac\u00ed prost\u0159ed\u00ed, a\u010dkoli stejn\u011b jako u v\u0161ech anonymn\u00edch platforem i zde z\u016fst\u00e1v\u00e1 ur\u010dit\u00e9 riziko a u\u017eivatel\u00e9 by m\u011bli b\u00fdt v\u017edy opatrn\u00ed.<\/p>\n<h2>Zku\u0161enosti u\u017eivatel\u016f a design<\/h2>\n<p>Stranger Space je modern\u00ed, rychl\u00e1 a nen\u00e1ro\u010dn\u00e1 hra:<\/p>\n<ul>\n<li>Domovsk\u00e1 str\u00e1nka nab\u00edz\u00ed jednoduch\u00e9 tla\u010d\u00edtko \"Start\", stru\u010dn\u00e9 bezpe\u010dnostn\u00ed informace a p\u0159\u00edm\u00fd p\u0159\u00edstup k chatu.<\/li>\n<li>Video kan\u00e1ly jsou velk\u00e9, jasn\u00e9 a dob\u0159e se p\u0159izp\u016fsobuj\u00ed r\u016fzn\u00fdm velikostem obrazovky.<\/li>\n<li>Ovl\u00e1dac\u00ed prvky pro \"Dal\u0161\u00ed\", \"Hl\u00e1\u0161en\u00ed\", ztlumen\u00ed a p\u0159ep\u00edn\u00e1n\u00ed mezi textem\/videem jsou v\u017edy viditeln\u00e9 a snadno pou\u017eiteln\u00e9.<\/li>\n<\/ul>\n<p>Na stoln\u00edch i mobiln\u00edch za\u0159\u00edzen\u00edch je doba na\u010d\u00edt\u00e1n\u00ed kr\u00e1tk\u00e1 a platforma funguje hladce. Na rozd\u00edl od star\u0161\u00edch web\u016f je str\u00e1nka Stranger Space vytvo\u0159ena speci\u00e1ln\u011b pro dne\u0161n\u00ed rychlost internetu a za\u0159\u00edzen\u00ed.<\/p>\n<h2>Stranger Space vs. jin\u00e9 platformy pro n\u00e1hodn\u00fd videochat<\/h2>\n<p>Jak je na tom Stranger Space ve srovn\u00e1n\u00ed s ostatn\u00edmi p\u0159edn\u00edmi weby pro videochat?<\/p>\n<table>\n<thead>\n<tr>\n<th>Funkce<\/th>\n<th>Ciz\u00ed prostor<\/th>\n<th>Ohmegle<\/th>\n<th><a href=\"https:\/\/strangercam.com\/cs\/ometv\/\">OmeTV<\/a><\/th>\n<th>Chatrandom<\/th>\n<th>Chaty<\/th>\n<\/tr>\n<\/thead>\n<tbody>\n<tr>\n<td>Videochat<\/td>\n<td>Ano<\/td>\n<td>Ano<\/td>\n<td>Ano<\/td>\n<td>Ano<\/td>\n<td>Ano<\/td>\n<\/tr>\n<tr>\n<td>Mo\u017enost textov\u00e9ho chatu<\/td>\n<td>Ano<\/td>\n<td>Ano<\/td>\n<td>Ano<\/td>\n<td>Ano<\/td>\n<td>Ano<\/td>\n<\/tr>\n<tr>\n<td>Pot\u0159ebn\u00e1 registrace<\/td>\n<td>Ne<\/td>\n<td>Ne<\/td>\n<td>Ne<\/td>\n<td>Voliteln\u011b<\/td>\n<td>Ne<\/td>\n<\/tr>\n<tr>\n<td>P\u0159\u00e1telsk\u00e9 pro mobiln\u00ed za\u0159\u00edzen\u00ed<\/td>\n<td>Vynikaj\u00edc\u00ed<\/td>\n<td>Vynikaj\u00edc\u00ed<\/td>\n<td>Dobr\u00fd<\/td>\n<td>Dobr\u00fd<\/td>\n<td>Vynikaj\u00edc\u00ed<\/td>\n<\/tr>\n<tr>\n<td>Moderov\u00e1n\u00ed\/hl\u00e1\u0161en\u00ed<\/td>\n<td>Siln\u00fd<\/td>\n<td>M\u00edrn\u00e1<\/td>\n<td>Siln\u00fd<\/td>\n<td>M\u00edrn\u00e1<\/td>\n<td>M\u00edrn\u00e1<\/td>\n<\/tr>\n<tr>\n<td>Bezplatn\u00e9 pou\u017eit\u00ed<\/td>\n<td>Ano<\/td>\n<td>Ano<\/td>\n<td>Ano<\/td>\n<td>Ano\/plat\u00ed se<\/td>\n<td>Ano<\/td>\n<\/tr>\n<tr>\n<td>Filtry pohlav\u00ed\/regionu<\/td>\n<td>Ne<\/td>\n<td>Ne<\/td>\n<td>Placen\u00e9<\/td>\n<td>Placen\u00e9<\/td>\n<td>Ne<\/td>\n<\/tr>\n<\/tbody>\n<\/table>\n<p>Shrnut\u00ed: Stranger Space je sv\u00fdm duchem nejbl\u00ed\u017ee slu\u017eb\u00e1m Ohmegle a Chaty, ale vynik\u00e1 modern\u00edm u\u017eivatelsk\u00fdm rozhran\u00edm a aktivn\u011bj\u0161\u00edm moderov\u00e1n\u00edm. Na rozd\u00edl od OmeTV a Chatrandom neuzamyk\u00e1 funkce za paywall ani nevy\u017eaduje registraci.<\/p>\n<h2>V\u00fdhody a nev\u00fdhody<\/h2>\n<p>Klady:<\/p>\n<ul>\n<li>Zcela zdarma a anonymn\u011b<\/li>\n<li>Nen\u00ed nutn\u00e9 se registrovat ani stahovat<\/li>\n<li>Modern\u00ed design vhodn\u00fd pro mobiln\u00ed za\u0159\u00edzen\u00ed<\/li>\n<li>Siln\u00e9 prvky moderace a bezpe\u010dnosti<\/li>\n<li>Rychl\u00e9 a jednoduch\u00e9 p\u0159i\u0159azov\u00e1n\u00ed a p\u0159eskakov\u00e1n\u00ed<\/li>\n<li>Glob\u00e1ln\u00ed, v\u00edcejazy\u010dn\u00e1 u\u017eivatelsk\u00e1 z\u00e1kladna<\/li>\n<\/ul>\n<p>Nev\u00fdhody:<\/p>\n<ul>\n<li>\u017d\u00e1dn\u00e9 filtry podle pohlav\u00ed nebo regionu (shody jsou zcela n\u00e1hodn\u00e9).<\/li>\n<li>Ob\u010dasn\u00fd nevhodn\u00fd obsah, navzdory moderov\u00e1n\u00ed<\/li>\n<li>\u017d\u00e1dn\u00e9 profily, historie u\u017eivatel\u016f ani mo\u017enosti opakovan\u00e9ho porovn\u00e1v\u00e1n\u00ed<\/li>\n<li>N\u011bkte\u0159\u00ed u\u017eivatel\u00e9 se mohou rychle odpojit nebo \u010dasto p\u0159eskakovat.<\/li>\n<\/ul>\n<h2>Ide\u00e1ln\u00ed p\u0159\u00edpady pou\u017eit\u00ed<\/h2>\n<p>Ciz\u00ed prostor je ide\u00e1ln\u00ed pro:<\/p>\n<ul>\n<li>U\u017eivatel\u00e9, kte\u0159\u00ed cht\u011bj\u00ed \u010dist\u011b spont\u00e1nn\u00ed video nebo textov\u00fd chat.<\/li>\n<li>Ka\u017ed\u00fd, kdo si cen\u00ed soukrom\u00ed a \u010dist\u00e9ho, modern\u00edho rozhran\u00ed.<\/li>\n<li>Studenti jazyk\u016f a objevitel\u00e9 kultury<\/li>\n<li>Lid\u00e9, kte\u0159\u00ed hledaj\u00ed z\u00e1bavu na zahn\u00e1n\u00ed nudy nebo p\u0159\u00e1telskou konverzaci.<\/li>\n<li>Dosp\u011bl\u00ed, kte\u0159\u00ed hledaj\u00ed bezpe\u010dn\u011bj\u0161\u00ed alternativu ke star\u0161\u00edmu chatu <a href=\"https:\/\/strangercam.com\/cs\/chatroulette\/\">ruleta<\/a> str\u00e1nky<\/li>\n<\/ul>\n<p>Je m\u00e9n\u011b vhodn\u00fd pro:<\/p>\n<ul>\n<li>Ti, kte\u0159\u00ed hledaj\u00ed kur\u00e1torovan\u00e9 seznamov\u00e1n\u00ed nebo dohazov\u00e1n\u00ed funkc\u00ed<\/li>\n<li>Nezletil\u00ed u\u017eivatel\u00e9 (v\u00fdhradn\u011b 18+)<\/li>\n<li>Lid\u00e9, kte\u0159\u00ed cht\u011bj\u00ed filtry podle pohlav\u00ed, zem\u011b nebo z\u00e1jm\u016f.<\/li>\n<\/ul>\n<h2>Z\u00e1v\u011bre\u010dn\u00fd verdikt<\/h2>\n<p>Stranger Space je jednou z nejl\u00e9pe navr\u017een\u00fdch a nejbezpe\u010dn\u011bj\u0161\u00edch platforem pro n\u00e1hodn\u00fd videochat, kter\u00e9 jsou k dispozici v roce 2025. Zam\u011b\u0159uje se na anonymitu, modern\u00ed pou\u017eitelnost a ochranu u\u017eivatel\u016f a p\u0159in\u00e1\u0161\u00ed tak klasickou chatovac\u00ed ruletu do nov\u00e9 \u00e9ry - bez nepo\u0159\u00e1dku a rizik, kter\u00e9 tento \u017e\u00e1nr kdysi definovaly.<\/p>\n<p>Pokud hled\u00e1te m\u00edsto, kde byste mohli <a href=\"https:\/\/strangercam.com\/cs\/coomeet\/\">Seznamte se s<\/a> cizinci z cel\u00e9ho sv\u011bta, v\u00e9st nespisovn\u00e9 konverzace nebo jen za\u017e\u00edt vzru\u0161en\u00ed z anonymn\u00edho videochatu, Stranger Space rozhodn\u011b stoj\u00ed za vyzkou\u0161en\u00ed. D\u00edky sv\u00e9mu p\u0159ehledn\u00e9mu rozhran\u00ed, rychl\u00e9mu p\u00e1rov\u00e1n\u00ed a aktivn\u00edmu moderov\u00e1n\u00ed je vynikaj\u00edc\u00ed volbou pro ka\u017ed\u00e9ho, kdo tou\u017e\u00ed po lidsk\u00e9m spojen\u00ed v re\u00e1ln\u00e9m \u010dase online - bez registrace, bez stahov\u00e1n\u00ed, bez z\u00e1vazk\u016f.<\/p>","protected":false},"excerpt":{"rendered":"<p>With so many random video chat platforms vying for attention in 2025, it\u2019s rare to find a site that balances anonymity, safety, and a modern user experience as well as Stranger Space. Designed for users who want spontaneous face-to-face connections\u2014but without the pitfalls that plagued older platforms\u2014Stranger Space sets itself apart through smart design choices, [&hellip;]<\/p>\n","protected":false},"author":6,"featured_media":0,"parent":0,"menu_order":0,"comment_status":"closed","ping_status":"closed","template":"","meta":{"footnotes":""},"class_list":["post-12905","page","type-page","status-publish","hentry"],"yoast_head":"<!-- This site is optimized with the Yoast SEO plugin v27.4 - https:\/\/yoast.com\/product\/yoast-seo-wordpress\/ -->\n<title>Stranger Space - Talk to Strangers for Free on StrangerCam.com<\/title>\n<meta name=\"description\" content=\"Like Stranger Space? Come chat with more than 5.000.000 strangers on Stranger Cam for Free! Turn on your cam and find new friends &amp; maby a match!\" \/>\n<meta name=\"robots\" content=\"index, follow, max-snippet:-1, max-image-preview:large, max-video-preview:-1\" \/>\n<link rel=\"canonical\" href=\"https:\/\/strangercam.com\/cs\/stranger-space\/\" \/>\n<meta property=\"og:locale\" content=\"cs_CZ\" \/>\n<meta property=\"og:type\" content=\"article\" \/>\n<meta property=\"og:title\" content=\"Stranger Space - Talk to Strangers for Free on StrangerCam.com\" \/>\n<meta property=\"og:description\" content=\"Like Stranger Space? Come chat with more than 5.000.000 strangers on Stranger Cam for Free! Turn on your cam and find new friends &amp; maby a match!\" \/>\n<meta property=\"og:url\" content=\"https:\/\/strangercam.com\/cs\/stranger-space\/\" \/>\n<meta property=\"og:site_name\" content=\"Strangercam\" \/>\n<meta property=\"article:publisher\" content=\"https:\/\/www.facebook.com\/strangercam\" \/>\n<meta property=\"og:image\" content=\"https:\/\/strangercam.com\/wp-content\/uploads\/2021\/10\/Untitled-2.png\" \/>\n\t<meta property=\"og:image:width\" content=\"800\" \/>\n\t<meta property=\"og:image:height\" content=\"532\" \/>\n\t<meta property=\"og:image:type\" content=\"image\/png\" \/>\n<meta name=\"twitter:card\" content=\"summary_large_image\" \/>\n<meta name=\"twitter:site\" content=\"@strangercamapp\" \/>\n<meta name=\"twitter:label1\" content=\"Odhadovan\u00e1 doba \u010dten\u00ed\" \/>\n\t<meta name=\"twitter:data1\" content=\"6 minut\" \/>\n<script type=\"application\/ld+json\" class=\"yoast-schema-graph\">{\"@context\":\"https:\\\/\\\/schema.org\",\"@graph\":[{\"@type\":\"WebPage\",\"@id\":\"https:\\\/\\\/strangercam.com\\\/stranger-space\\\/\",\"url\":\"https:\\\/\\\/strangercam.com\\\/stranger-space\\\/\",\"name\":\"Stranger Space - Talk to Strangers for Free on StrangerCam.com\",\"isPartOf\":{\"@id\":\"https:\\\/\\\/strangercam.com\\\/#website\"},\"datePublished\":\"2025-07-14T11:38:21+00:00\",\"description\":\"Like Stranger Space? Come chat with more than 5.000.000 strangers on Stranger Cam for Free! Turn on your cam and find new friends & maby a match!\",\"breadcrumb\":{\"@id\":\"https:\\\/\\\/strangercam.com\\\/stranger-space\\\/#breadcrumb\"},\"inLanguage\":\"cs\",\"potentialAction\":[{\"@type\":\"ReadAction\",\"target\":[\"https:\\\/\\\/strangercam.com\\\/stranger-space\\\/\"]}]},{\"@type\":\"BreadcrumbList\",\"@id\":\"https:\\\/\\\/strangercam.com\\\/stranger-space\\\/#breadcrumb\",\"itemListElement\":[{\"@type\":\"ListItem\",\"position\":1,\"name\":\"Home\",\"item\":\"https:\\\/\\\/strangercam.com\\\/\"},{\"@type\":\"ListItem\",\"position\":2,\"name\":\"Stranger Space\"}]},{\"@type\":\"WebSite\",\"@id\":\"https:\\\/\\\/strangercam.com\\\/#website\",\"url\":\"https:\\\/\\\/strangercam.com\\\/\",\"name\":\"Strangercam\",\"description\":\"Random Video Chat with Strangers\",\"publisher\":{\"@id\":\"https:\\\/\\\/strangercam.com\\\/#organization\"},\"alternateName\":\"Strangercam.com\",\"potentialAction\":[{\"@type\":\"SearchAction\",\"target\":{\"@type\":\"EntryPoint\",\"urlTemplate\":\"https:\\\/\\\/strangercam.com\\\/?s={search_term_string}\"},\"query-input\":{\"@type\":\"PropertyValueSpecification\",\"valueRequired\":true,\"valueName\":\"search_term_string\"}}],\"inLanguage\":\"cs\"},{\"@type\":\"Organization\",\"@id\":\"https:\\\/\\\/strangercam.com\\\/#organization\",\"name\":\"Strangercam\",\"alternateName\":\"Strangercam.com\",\"url\":\"https:\\\/\\\/strangercam.com\\\/\",\"logo\":{\"@type\":\"ImageObject\",\"inLanguage\":\"cs\",\"@id\":\"https:\\\/\\\/strangercam.com\\\/#\\\/schema\\\/logo\\\/image\\\/\",\"url\":\"https:\\\/\\\/strangercam.com\\\/wp-content\\\/uploads\\\/2020\\\/11\\\/cropped-new-favicon-black.png\",\"contentUrl\":\"https:\\\/\\\/strangercam.com\\\/wp-content\\\/uploads\\\/2020\\\/11\\\/cropped-new-favicon-black.png\",\"width\":512,\"height\":512,\"caption\":\"Strangercam\"},\"image\":{\"@id\":\"https:\\\/\\\/strangercam.com\\\/#\\\/schema\\\/logo\\\/image\\\/\"},\"sameAs\":[\"https:\\\/\\\/www.facebook.com\\\/strangercam\",\"https:\\\/\\\/x.com\\\/strangercamapp\"]}]}<\/script>\n<!-- \/ Yoast SEO plugin. -->","yoast_head_json":{"title":"Stranger Space - Mluvte s ciz\u00edmi lidmi zdarma na StrangerCam.com","description":"Jako Ciz\u00ed prostor? Poj\u010fte si zdarma popov\u00eddat s v\u00edce ne\u017e 5 000 000 cizinci na Stranger Cam! Zapn\u011bte kameru a najd\u011bte nov\u00e9 p\u0159\u00e1tele &amp; maby z\u00e1pas!","robots":{"index":"index","follow":"follow","max-snippet":"max-snippet:-1","max-image-preview":"max-image-preview:large","max-video-preview":"max-video-preview:-1"},"canonical":"https:\/\/strangercam.com\/cs\/stranger-space\/","og_locale":"cs_CZ","og_type":"article","og_title":"Stranger Space - Talk to Strangers for Free on StrangerCam.com","og_description":"Like Stranger Space? Come chat with more than 5.000.000 strangers on Stranger Cam for Free! Turn on your cam and find new friends & maby a match!","og_url":"https:\/\/strangercam.com\/cs\/stranger-space\/","og_site_name":"Strangercam","article_publisher":"https:\/\/www.facebook.com\/strangercam","og_image":[{"width":800,"height":532,"url":"https:\/\/strangercam.com\/wp-content\/uploads\/2021\/10\/Untitled-2.png","type":"image\/png"}],"twitter_card":"summary_large_image","twitter_site":"@strangercamapp","twitter_misc":{"Odhadovan\u00e1 doba \u010dten\u00ed":"6 minut"},"schema":{"@context":"https:\/\/schema.org","@graph":[{"@type":"WebPage","@id":"https:\/\/strangercam.com\/stranger-space\/","url":"https:\/\/strangercam.com\/stranger-space\/","name":"Stranger Space - Mluvte s ciz\u00edmi lidmi zdarma na StrangerCam.com","isPartOf":{"@id":"https:\/\/strangercam.com\/#website"},"datePublished":"2025-07-14T11:38:21+00:00","description":"Jako Ciz\u00ed prostor? Poj\u010fte si zdarma popov\u00eddat s v\u00edce ne\u017e 5 000 000 cizinci na Stranger Cam! Zapn\u011bte kameru a najd\u011bte nov\u00e9 p\u0159\u00e1tele &amp; maby z\u00e1pas!","breadcrumb":{"@id":"https:\/\/strangercam.com\/stranger-space\/#breadcrumb"},"inLanguage":"cs","potentialAction":[{"@type":"ReadAction","target":["https:\/\/strangercam.com\/stranger-space\/"]}]},{"@type":"BreadcrumbList","@id":"https:\/\/strangercam.com\/stranger-space\/#breadcrumb","itemListElement":[{"@type":"ListItem","position":1,"name":"Home","item":"https:\/\/strangercam.com\/"},{"@type":"ListItem","position":2,"name":"Stranger Space"}]},{"@type":"WebSite","@id":"https:\/\/strangercam.com\/#website","url":"https:\/\/strangercam.com\/","name":"Strangercam","description":"N\u00e1hodn\u00fd videochat s ciz\u00edmi lidmi","publisher":{"@id":"https:\/\/strangercam.com\/#organization"},"alternateName":"Strangercam.com","potentialAction":[{"@type":"SearchAction","target":{"@type":"EntryPoint","urlTemplate":"https:\/\/strangercam.com\/?s={search_term_string}"},"query-input":{"@type":"PropertyValueSpecification","valueRequired":true,"valueName":"search_term_string"}}],"inLanguage":"cs"},{"@type":"Organization","@id":"https:\/\/strangercam.com\/#organization","name":"Strangercam","alternateName":"Strangercam.com","url":"https:\/\/strangercam.com\/","logo":{"@type":"ImageObject","inLanguage":"cs","@id":"https:\/\/strangercam.com\/#\/schema\/logo\/image\/","url":"https:\/\/strangercam.com\/wp-content\/uploads\/2020\/11\/cropped-new-favicon-black.png","contentUrl":"https:\/\/strangercam.com\/wp-content\/uploads\/2020\/11\/cropped-new-favicon-black.png","width":512,"height":512,"caption":"Strangercam"},"image":{"@id":"https:\/\/strangercam.com\/#\/schema\/logo\/image\/"},"sameAs":["https:\/\/www.facebook.com\/strangercam","https:\/\/x.com\/strangercamapp"]}]}},"_links":{"self":[{"href":"https:\/\/strangercam.com\/cs\/wp-json\/wp\/v2\/pages\/12905","targetHints":{"allow":["GET"]}}],"collection":[{"href":"https:\/\/strangercam.com\/cs\/wp-json\/wp\/v2\/pages"}],"about":[{"href":"https:\/\/strangercam.com\/cs\/wp-json\/wp\/v2\/types\/page"}],"author":[{"embeddable":true,"href":"https:\/\/strangercam.com\/cs\/wp-json\/wp\/v2\/users\/6"}],"replies":[{"embeddable":true,"href":"https:\/\/strangercam.com\/cs\/wp-json\/wp\/v2\/comments?post=12905"}],"version-history":[{"count":1,"href":"https:\/\/strangercam.com\/cs\/wp-json\/wp\/v2\/pages\/12905\/revisions"}],"predecessor-version":[{"id":12906,"href":"https:\/\/strangercam.com\/cs\/wp-json\/wp\/v2\/pages\/12905\/revisions\/12906"}],"wp:attachment":[{"href":"https:\/\/strangercam.com\/cs\/wp-json\/wp\/v2\/media?parent=12905"}],"curies":[{"name":"wp","href":"https:\/\/api.w.org\/{rel}","templated":true}]}}