{"id":12903,"date":"2025-07-14T13:33:31","date_gmt":"2025-07-14T11:33:31","guid":{"rendered":"https:\/\/strangercam.com\/?page_id=12903"},"modified":"2025-07-14T13:33:31","modified_gmt":"2025-07-14T11:33:31","slug":"chaty","status":"publish","type":"page","link":"https:\/\/strangercam.com\/cs\/chaty\/","title":{"rendered":"Chaty"},"content":{"rendered":"<p>S t\u00edm, jak roste chu\u0165 na spont\u00e1nn\u00ed videohovory tv\u00e1\u0159\u00ed v tv\u00e1\u0159 <a href=\"https:\/\/strangercam.com\/cs\/chathub\/\">chat<\/a> st\u00e1le roste, objevila se nov\u00e1 generace platforem, kter\u00e9 zapl\u0148uj\u00ed mezeru po nich. <a href=\"https:\/\/strangercam.com\/cs\/omegle\/\">Omegle<\/a> a <a href=\"https:\/\/strangercam.com\/cs\/chatroulette\/\">Chatroulette<\/a>. Chaty je jedn\u00edm z takov\u00fdch uchaze\u010d\u016f, kter\u00fd je ur\u010den pro u\u017eivatele, kte\u0159\u00ed tou\u017e\u00ed po okam\u017eit\u00fdch anonymn\u00edch videochatech bez nutnosti registrace, vytv\u00e1\u0159en\u00ed profilu nebo stahov\u00e1n\u00ed aplikac\u00ed.<\/p>\n<p>Chaty slibuje, \u017ee se \"b\u011bhem n\u011bkolika vte\u0159in sezn\u00e1m\u00ed s ciz\u00edmi lidmi z cel\u00e9ho sv\u011bta\", a p\u0159edstavuje tak u\u017eivatelsky p\u0159\u00edv\u011btivou a modern\u00ed alternativu ke klasick\u00e9mu form\u00e1tu n\u00e1hodn\u00e9ho chatu. Jak si ale stoj\u00ed v porovn\u00e1n\u00ed s konkurenc\u00ed v roce 2025? Je bezpe\u010dn\u00fd, snadno pou\u017eiteln\u00fd a stoj\u00ed za v\u00e1\u0161 \u010das?<\/p>\n<p>V t\u00e9to obs\u00e1hl\u00e9 recenzi prozkoum\u00e1me, co p\u0159esn\u011b Chaty je, jak funguje, jak\u00e9 funkce nab\u00edz\u00ed, kdo ji pou\u017e\u00edv\u00e1 a jak se srovn\u00e1v\u00e1 s ostatn\u00edmi \u0161pi\u010dkov\u00fdmi weby pro videochat.<\/p>\n<h2>Co je Chaty?<\/h2>\n<p>Chaty je bezplatn\u00e1 webov\u00e1 str\u00e1nka pro n\u00e1hodn\u00fd videochat v prohl\u00ed\u017ee\u010di, kter\u00e1 spojuje u\u017eivatele z cel\u00e9ho sv\u011bta pro konverzace jeden na jednoho v re\u00e1ln\u00e9m \u010dase. Zku\u0161enosti jsou jednoduch\u00e9 a anonymn\u00ed - sta\u010d\u00ed kliknout na tla\u010d\u00edtko pro spu\u0161t\u011bn\u00ed, povolit kameru a mikrofon a okam\u017eit\u011b se spoj\u00edte s nezn\u00e1m\u00fdm \u010dlov\u011bkem.<\/p>\n<p>Nen\u00ed t\u0159eba vytv\u00e1\u0159et \u00fa\u010det, zad\u00e1vat e-mail ani stahovat aplikaci. Chaty se soust\u0159ed\u00ed na to nejd\u016fle\u017eit\u011bj\u0161\u00ed: rychl\u00fd p\u0159\u00edstup, plynulou kvalitu videa a jednoduch\u00e9 rozhran\u00ed, kter\u00e9 v\u00e1m umo\u017en\u00ed chatovat b\u011bhem n\u011bkolika sekund.<\/p>\n<p>Str\u00e1nky jsou vhodn\u00e9 pro v\u0161echny, kdo hledaj\u00ed:<\/p>\n<ul>\n<li>Nenucen\u00e1 interakce v re\u00e1ln\u00e9m \u010dase<\/li>\n<li>Flirtuj\u00edc\u00ed nebo p\u0159\u00e1telsk\u00fd videochat s ciz\u00edmi lidmi<\/li>\n<li>Jazykov\u00e1 praxe nebo kulturn\u00ed v\u00fdm\u011bna<\/li>\n<li>Zp\u016fsob, jak zab\u00edt \u010das nebo <a href=\"https:\/\/strangercam.com\/cs\/coomeet\/\">Seznamte se s<\/a> nov\u00e9 lidi anonymn\u011b<\/li>\n<\/ul>\n<h2>K \u010demu slou\u017e\u00ed Chaty?<\/h2>\n<p>Hlavn\u00edm c\u00edlem Chaty je vr\u00e1tit klasick\u00fd n\u00e1hodn\u00fd chat, ale s lep\u0161\u00ed technologi\u00ed a bezpe\u010dn\u011bj\u0161\u00edm, u\u017eivatelsky p\u0159\u00edv\u011btiv\u011bj\u0161\u00edm rozhran\u00edm. V dob\u011b vysoce kur\u00e1torsk\u00fdch seznamovac\u00edch aplikac\u00ed, soci\u00e1ln\u00edch kan\u00e1l\u016f a streamovac\u00edch platforem Chaty vynik\u00e1 t\u00edm, \u017ee se zam\u011b\u0159uje na \u010dist\u00fd, nefiltrovan\u00fd lidsk\u00fd kontakt - nen\u00ed t\u0159eba \u017e\u00e1dn\u00fdch \u017eivotopis\u016f, swip\u016f ani integrace se soci\u00e1ln\u00edmi s\u00edt\u011bmi.<\/p>\n<p>Je ur\u010den pro:<\/p>\n<ul>\n<li>U\u017eivatel\u00e9 jsou unaveni z nekone\u010dn\u00e9ho proch\u00e1zen\u00ed a porovn\u00e1v\u00e1n\u00ed v seznamovac\u00edch aplikac\u00edch.<\/li>\n<li>Ka\u017ed\u00fd, kdo hled\u00e1 okam\u017eit\u00fd zp\u016fsob, jak se sezn\u00e1mit s nov\u00fdmi lidmi bez n\u00e1tlaku.<\/li>\n<li>Lid\u00e9, kte\u0159\u00ed si cen\u00ed soukrom\u00ed a anonymity v online chatech.<\/li>\n<li>Glob\u00e1ln\u00ed u\u017eivatel\u00e9, kte\u0159\u00ed hledaj\u00ed modern\u00ed alternativu Omegle nebo Chatroulette<\/li>\n<\/ul>\n<h2>Kl\u00ed\u010dov\u00e9 vlastnosti<\/h2>\n<p>1. N\u00e1hodn\u00fd videochat jeden na jednoho<br \/>\nHlavn\u00ed funkc\u00ed slu\u017eby Chaty je okam\u017eit\u00e9 anonymn\u00ed video p\u0159ipojen\u00ed. Jste n\u00e1hodn\u011b sp\u00e1rov\u00e1ni s jin\u00fdm online u\u017eivatelem pro soukromou konverzaci tv\u00e1\u0159\u00ed v tv\u00e1\u0159. Pokud se v\u00e1m chat nel\u00edb\u00ed, jednodu\u0161e klikn\u011bte na tla\u010d\u00edtko \"Dal\u0161\u00ed\" a pokra\u010dujte d\u00e1l.<\/p>\n<p>2. \u017d\u00e1dn\u00e1 registrace ani stahov\u00e1n\u00ed aplikac\u00ed<br \/>\nCel\u00fd proces se odehr\u00e1v\u00e1 ve webov\u00e9m prohl\u00ed\u017ee\u010di. Nen\u00ed t\u0159eba se registrovat, vytv\u00e1\u0159et profil ani instalovat \u017e\u00e1dn\u00fd software. D\u00edky tomu jsou va\u0161e osobn\u00ed \u00fadaje soukrom\u00e9 a proces p\u0159ihl\u00e1\u0161en\u00ed je co nejrychlej\u0161\u00ed.<\/p>\n<p>3. Rychl\u00e9 p\u0159i\u0159azov\u00e1n\u00ed a p\u0159eskakov\u00e1n\u00ed<br \/>\nBackend Chaty je postaven na rychlosti. Nov\u00e9 z\u00e1pasy se na\u010d\u00edtaj\u00ed rychle a p\u0159echod mezi chaty je bezprobl\u00e9mov\u00fd - dokonce i v mobiln\u00edch prohl\u00ed\u017ee\u010d\u00edch.<\/p>\n<p>4. Mo\u017enost textov\u00e9ho chatu<br \/>\nPro ty, kte\u0159\u00ed d\u00e1vaj\u00ed p\u0159ednost psan\u00ed, maj\u00ed omezenou \u0161\u00ed\u0159ku p\u00e1sma nebo se styd\u00ed za kameru, nab\u00edz\u00ed Chaty tak\u00e9 re\u017eim pouze textov\u00e9ho chatu. Re\u017eimy m\u016f\u017eete kdykoli p\u0159epnout.<\/p>\n<p>5. Design vhodn\u00fd pro mobiln\u00ed za\u0159\u00edzen\u00ed<br \/>\nChaty funguje bezchybn\u011b v po\u010d\u00edta\u010dov\u00fdch i mobiln\u00edch prohl\u00ed\u017ee\u010d\u00edch. Rozhran\u00ed je citliv\u00e9 a optimalizovan\u00e9 pro dotykov\u00e9 ovl\u00e1d\u00e1n\u00ed, co\u017e zaji\u0161\u0165uje bezprobl\u00e9mov\u00e9 fungov\u00e1n\u00ed bez ohledu na to, zda pou\u017e\u00edv\u00e1te notebook, tablet nebo chytr\u00fd telefon.<\/p>\n<p>6. Jednoduch\u00e9 ovl\u00e1d\u00e1n\u00ed<br \/>\nVelk\u00e1 okna vide\u00ed, p\u0159ehledn\u00e1 tla\u010d\u00edtka \"Dal\u0161\u00ed\" a \"Nahl\u00e1sit\" a intuitivn\u00ed rozvr\u017een\u00ed zaji\u0161\u0165uj\u00ed, \u017ee u\u017eivatelsk\u00e9 prost\u0159ed\u00ed je bezprobl\u00e9mov\u00e9. Jedin\u00fdm klepnut\u00edm m\u016f\u017eete ztlumit mikrofon, p\u0159esko\u010dit u\u017eivatele nebo nahl\u00e1sit nevhodn\u00e9 chov\u00e1n\u00ed.<\/p>\n<p>7. N\u00e1stroje pro pod\u00e1v\u00e1n\u00ed zpr\u00e1v a moderov\u00e1n\u00ed<br \/>\nBezpe\u010dnost u\u017eivatel\u016f je podpo\u0159ena hl\u00e1\u0161en\u00edm v chatu. Ur\u00e1\u017eliv\u00e9 nebo nevhodn\u00e9 u\u017eivatele je mo\u017en\u00e9 ozna\u010dit k p\u0159ezkoum\u00e1n\u00ed a Chaty pou\u017e\u00edv\u00e1 kombinaci lidsk\u00e9 moderace a z\u00e1kladn\u00ed um\u011bl\u00e9 inteligence, aby pomohla udr\u017eet bezpe\u010dn\u00e9 prost\u0159ed\u00ed.<\/p>\n<h2>Je Chaty zdarma?<\/h2>\n<p>Ano, Chaty je zcela zdarma. Neexistuj\u00ed \u017e\u00e1dn\u00e9:<\/p>\n<ul>\n<li>Paywalls<\/li>\n<li>P\u0159edplatn\u00e9<\/li>\n<li>N\u00e1kupy v aplikac\u00edch<\/li>\n<li>Syst\u00e9my kredit\u016f nebo token\u016f<\/li>\n<\/ul>\n<p>V\u0161ichni u\u017eivatel\u00e9 maj\u00ed stejn\u00fd p\u0159\u00edstup k pln\u00fdm funkc\u00edm platformy. Chaty m\u016f\u017ee zobrazovat lehk\u00e9 reklamy na pokryt\u00ed provozn\u00edch n\u00e1klad\u016f, kter\u00e9 v\u0161ak nezasahuj\u00ed do chatu a nevy\u017eaduj\u00ed interakci.<\/p>\n<h2>Kdo pou\u017e\u00edv\u00e1 Chaty?<\/h2>\n<p>Chaty p\u0159itahuje \u0161irokou mezin\u00e1rodn\u00ed u\u017eivatelskou z\u00e1kladnu. V\u011bt\u0161ina u\u017eivatel\u016f spad\u00e1 do v\u011bkov\u00e9 skupiny 18-35 let a pom\u011br pohlav\u00ed je podobn\u00fd jako u jin\u00fdch n\u00e1hodn\u00fdch chatovac\u00edch str\u00e1nek (v\u00edce mu\u017e\u016f, ale aktivn\u00ed u\u017eivatelky zejm\u00e9na ve \u0161pi\u010dce).<\/p>\n<p>Mezi b\u011b\u017en\u00e9 u\u017eivatelsk\u00e9 profily pat\u0159\u00ed:<\/p>\n<ul>\n<li>Vysoko\u0161kol\u0161t\u00ed studenti a mlad\u00ed profesion\u00e1lov\u00e9<\/li>\n<li>Cestovatel\u00e9 a digit\u00e1ln\u00ed nom\u00e1di<\/li>\n<li>Studenti jazyk\u016f hledaj\u00ed skute\u010dn\u00e9 konverza\u010dn\u00ed partnery<\/li>\n<li>Lid\u00e9, kte\u0159\u00ed hledaj\u00ed z\u00e1bavu, flirt nebo p\u0159\u00e1telskou interakci<\/li>\n<li>Komu chyb\u00ed syrov\u00e9, spont\u00e1nn\u00ed spojen\u00ed klasick\u00e9ho Omegle<\/li>\n<\/ul>\n<p>Vzhledem k tomu, \u017ee neexistuje \u017e\u00e1dn\u00e1 registrace, je u\u017eivatelsk\u00e1 z\u00e1kladna Chaty prom\u011bnliv\u00e1 a neust\u00e1le se m\u011bn\u00ed. Setk\u00e1te se zde s u\u017eivateli ze Spojen\u00fdch st\u00e1t\u016f, Velk\u00e9 Brit\u00e1nie, Indie, N\u011bmecka, Braz\u00edlie a dal\u0161\u00edch zem\u00ed, tak\u017ee se jedn\u00e1 o skute\u010dn\u011b glob\u00e1ln\u00ed komunitu.<\/p>\n<h2>Bezpe\u010dnost, soukrom\u00ed a moderov\u00e1n\u00ed<\/h2>\n<p>P\u0159esto\u017ee Chaty klade d\u016fraz na soukrom\u00ed a anonymitu, zav\u00e1d\u00ed tak\u00e9 opat\u0159en\u00ed na ochranu u\u017eivatel\u016f:<\/p>\n<h3>Ochrana osobn\u00edch \u00fadaj\u016f<\/h3>\n<ul>\n<li>Nevy\u017eaduje se registrace, e-mail ani osobn\u00ed \u00fadaje<\/li>\n<li>Chaty nejsou nahr\u00e1v\u00e1ny ani ukl\u00e1d\u00e1ny<\/li>\n<li>Jste identifikov\u00e1ni pouze podle webov\u00e9 kamery\/mikrofonu (bez u\u017eivatelsk\u00fdch jmen nebo profilov\u00fdch fotografi\u00ed).<\/li>\n<li>IP adresy nejsou vystaveny ostatn\u00edm u\u017eivatel\u016fm<\/li>\n<\/ul>\n<h3>Moderov\u00e1n\u00ed<\/h3>\n<ul>\n<li>Hl\u00e1\u0161en\u00ed v chatu: Rychle ozna\u010dte jak\u00e9hokoli ur\u00e1\u017eliv\u00e9ho nebo nevhodn\u00e9ho u\u017eivatele.<\/li>\n<li>Z\u00e1kladn\u00ed moderov\u00e1n\u00ed UI: Automatick\u00e1 detekce nahoty nebo explicitn\u00edho obsahu, i kdy\u017e nen\u00ed spolehliv\u00e1.<\/li>\n<li>Recenze p\u0159\u00edru\u010dky: Zpr\u00e1vy jsou p\u0159ezkoum\u00e1v\u00e1ny lidsk\u00fdmi moder\u00e1tory a opakovan\u00e9 p\u0159estupky jsou zak\u00e1z\u00e1ny.<\/li>\n<\/ul>\n<h3>Omezen\u00ed<\/h3>\n<p>Stejn\u011b jako v\u0161echny anonymn\u00ed chatovac\u00ed platformy nen\u00ed ani Chaty imunn\u00ed v\u016f\u010di \u0161patn\u00fdm hr\u00e1\u010d\u016fm. U\u017eivatel\u00e9 by m\u011bli:<\/p>\n<ul>\n<li>Nikdy nesd\u00edlejte osobn\u00ed \u00fadaje (skute\u010dn\u00e9 jm\u00e9no, kontaktn\u00ed \u00fadaje, soci\u00e1ln\u00ed s\u00edt\u011b).<\/li>\n<li>Kdykoli je to nep\u0159\u00edjemn\u00e9, pou\u017eijte funkce \"Report\" a \"Next\".<\/li>\n<li>Uv\u011bdomte si, \u017ee n\u011bkter\u00e9 chaty mohou skon\u010dit n\u00e1hle nebo se mohou projevit nevhodn\u00fdm chov\u00e1n\u00edm.<\/li>\n<\/ul>\n<h2>Zku\u0161enosti u\u017eivatel\u016f a design<\/h2>\n<p>Design Chaty je zam\u011b\u0159en na p\u0159ehlednost, rychlost a snadn\u00e9 pou\u017e\u00edv\u00e1n\u00ed. Domovsk\u00e1 str\u00e1nka je minim\u00e1ln\u00ed, obvykle obsahuje pouze v\u00fdrazn\u00e9 tla\u010d\u00edtko \"Start\" a jasn\u00e9 informace o ochran\u011b osobn\u00edch \u00fadaj\u016f a pravidlech. B\u011bhem dvou kliknut\u00ed se ocitnete tv\u00e1\u0159\u00ed v tv\u00e1\u0159 nezn\u00e1m\u00e9mu \u010dlov\u011bku.<\/p>\n<h3>Nejd\u016fle\u017eit\u011bj\u0161\u00ed informace:<\/h3>\n<ul>\n<li>Rychl\u00e9 na\u010d\u00edt\u00e1n\u00ed a t\u00e9m\u011b\u0159 okam\u017eit\u00e1 shoda<\/li>\n<li>Velk\u00e9 a vysoce kvalitn\u00ed video kan\u00e1ly<\/li>\n<li>\u010cist\u00e9 rozlo\u017een\u00ed bez vyskakovac\u00edch oken a ru\u0161iv\u00fdch prvk\u016f<\/li>\n<li>Jednoduch\u00e9 ovl\u00e1d\u00e1n\u00ed ztlumen\u00ed, p\u0159esko\u010den\u00ed nebo hl\u00e1\u0161en\u00ed<\/li>\n<li>Konzistentn\u00ed v\u00fdkon v po\u010d\u00edta\u010dov\u00fdch a mobiln\u00edch prohl\u00ed\u017ee\u010d\u00edch<\/li>\n<\/ul>\n<p>V porovn\u00e1n\u00ed s jin\u00fdmi weby pro n\u00e1hodn\u00fd chat p\u016fsob\u00ed Chaty modern\u011bji a stabiln\u011bji, zejm\u00e9na na chytr\u00fdch telefonech.<\/p>\n<h2>Chaty vs. ostatn\u00ed platformy pro videochat<\/h2>\n<p>Jak si Chaty vede v porovn\u00e1n\u00ed s ostatn\u00edmi p\u0159edn\u00edmi platformami pro n\u00e1hodn\u00fd videochat v roce 2025?<\/p>\n<table>\n<thead>\n<tr>\n<th>Funkce<\/th>\n<th>Chaty<\/th>\n<th>Ohmegle<\/th>\n<th>Chatroulette<\/th>\n<th>Chatrandom<\/th>\n<th><a href=\"https:\/\/strangercam.com\/cs\/ometv\/\">OmeTV<\/a><\/th>\n<\/tr>\n<\/thead>\n<tbody>\n<tr>\n<td>N\u00e1hodn\u00fd videochat<\/td>\n<td>Ano<\/td>\n<td>Ano<\/td>\n<td>Ano<\/td>\n<td>Ano<\/td>\n<td>Ano<\/td>\n<\/tr>\n<tr>\n<td>Mo\u017enost textov\u00e9ho chatu<\/td>\n<td>Ano<\/td>\n<td>Ano<\/td>\n<td>Ne<\/td>\n<td>Ano<\/td>\n<td>Ano<\/td>\n<\/tr>\n<tr>\n<td>Pot\u0159ebn\u00e1 registrace<\/td>\n<td>Ne<\/td>\n<td>Ne<\/td>\n<td>Ne<\/td>\n<td>Voliteln\u011b<\/td>\n<td>Ne<\/td>\n<\/tr>\n<tr>\n<td>Mobiln\u00ed podpora<\/td>\n<td>Vynikaj\u00edc\u00ed<\/td>\n<td>Vynikaj\u00edc\u00ed<\/td>\n<td>Dobr\u00fd<\/td>\n<td>Dobr\u00fd<\/td>\n<td>Dobr\u00fd<\/td>\n<\/tr>\n<tr>\n<td>Filtr pohlav\u00ed\/zem\u011b<\/td>\n<td>Ne<\/td>\n<td>Ne<\/td>\n<td>Placen\u00e9<\/td>\n<td>Placen\u00e9<\/td>\n<td>Placen\u00e9<\/td>\n<\/tr>\n<tr>\n<td>N\u00e1stroje pro moderov\u00e1n\u00ed<\/td>\n<td>M\u00edrn\u00e1<\/td>\n<td>M\u00edrn\u00e1<\/td>\n<td>Slab\u00e9<\/td>\n<td>M\u00edrn\u00e1<\/td>\n<td>Siln\u00fd<\/td>\n<\/tr>\n<tr>\n<td>Bezplatn\u00e9 pou\u017eit\u00ed<\/td>\n<td>Ano<\/td>\n<td>Ano<\/td>\n<td>Ano<\/td>\n<td>Ano\/plat\u00ed se<\/td>\n<td>Ano<\/td>\n<\/tr>\n<\/tbody>\n<\/table>\n<p>Shrnut\u00ed: Chaty je sv\u00fdm duchem a jednoduchost\u00ed nejbli\u017e\u0161\u00ed slu\u017eb\u011b Ohmegle, ale m\u00e1 modern\u011bj\u0161\u00ed rozhran\u00ed a lep\u0161\u00ed podporu mobiln\u00edch prohl\u00ed\u017ee\u010d\u016f. Je ide\u00e1ln\u00ed pro u\u017eivatele, kte\u0159\u00ed cht\u011bj\u00ed \u010dist\u00fd, nefiltrovan\u00fd chat - bez filtr\u016f, profil\u016f a upsell\u016f.<\/p>\n<h2>V\u00fdhody a nev\u00fdhody<\/h2>\n<p>Klady:<\/p>\n<ul>\n<li>100% zdarma a anonymn\u011b<\/li>\n<li>Nen\u00ed nutn\u00e1 registrace ani stahov\u00e1n\u00ed<\/li>\n<li>Rychl\u00e9 a snadn\u00e9 p\u0159i\u0159azov\u00e1n\u00ed a p\u0159eskakov\u00e1n\u00ed<\/li>\n<li>Re\u017eimy videochatu a textov\u00e9ho chatu<\/li>\n<li>Siln\u00e1 kompatibilita s mobiln\u00edmi za\u0159\u00edzen\u00edmi<\/li>\n<li>\u010cist\u00e9 a intuitivn\u00ed u\u017eivatelsk\u00e9 rozhran\u00ed<\/li>\n<\/ul>\n<p>Nev\u00fdhody:<\/p>\n<ul>\n<li>\u017d\u00e1dn\u00e9 filtrov\u00e1n\u00ed podle pohlav\u00ed nebo regionu<\/li>\n<li>Ob\u010dasn\u00fd nevhodn\u00fd obsah (navzdory moderov\u00e1n\u00ed)<\/li>\n<li>\u017d\u00e1dn\u00e9 profily, historie u\u017eivatel\u016f ani n\u00e1sledn\u00e9 funkce<\/li>\n<li>V\u00edce u\u017eivatel\u016f mu\u017esk\u00e9ho ne\u017e \u017eensk\u00e9ho pohlav\u00ed<\/li>\n<li>Chaty jsou pom\u00edjiv\u00e9 - nen\u00ed mo\u017en\u00e9 se s nimi znovu spojit.<\/li>\n<\/ul>\n<h2>Ide\u00e1ln\u00ed p\u0159\u00edpady pou\u017eit\u00ed<\/h2>\n<p>Chaty je ide\u00e1ln\u00ed pro:<\/p>\n<ul>\n<li>Ka\u017ed\u00fd, komu se st\u00fdsk\u00e1 po Omegle a chce za\u017e\u00edt n\u011bco podobn\u00e9ho.<\/li>\n<li>Lid\u00e9, kte\u0159\u00ed hledaj\u00ed nov\u00e9 p\u0159\u00e1tele nebo spont\u00e1nn\u00ed interakci v re\u00e1ln\u00e9m \u010dase.<\/li>\n<li>Studenti jazyk\u016f si procvi\u010duj\u00ed konverza\u010dn\u00ed dovednosti<\/li>\n<li>Ti, kte\u0159\u00ed si cen\u00ed soukrom\u00ed a anonymity online<\/li>\n<li>U\u017eivatel\u00e9, kte\u0159\u00ed si cht\u011bj\u00ed ukr\u00e1tit \u010das nebo se sezn\u00e1mit s n\u011bk\u00fdm mimo sv\u016fj soci\u00e1ln\u00ed okruh.<\/li>\n<\/ul>\n<p>Je m\u00e9n\u011b vhodn\u00fd pro:<\/p>\n<ul>\n<li>U\u017eivatel\u00e9 mlad\u0161\u00ed 18 let (platforma je ur\u010dena pouze pro dosp\u011bl\u00e9).<\/li>\n<li>Ti, kte\u0159\u00ed hledaj\u00ed seznamovac\u00ed filtry nebo kur\u00e1torsk\u00e9 z\u00e1\u017eitky.<\/li>\n<li>Lid\u00e9, kter\u00fdm vad\u00ed nep\u0159edv\u00eddateln\u00e1 nebo surov\u00e1 setk\u00e1n\u00ed v chatu.<\/li>\n<\/ul>\n<h2>Z\u00e1v\u011bre\u010dn\u00fd verdikt<\/h2>\n<p>Chaty je vynikaj\u00edc\u00ed platforma pro n\u00e1hodn\u00fd videochat v roce 2025, kter\u00e1 p\u0159in\u00e1\u0161\u00ed p\u0159esn\u011b to, co u\u017eivatel\u00e9 milovali na klasick\u00fdch slu\u017eb\u00e1ch Omegle a Chatroulette - rychl\u00e9, bezplatn\u00e9, anonymn\u00ed lidsk\u00e9 spojen\u00ed bez p\u0159ek\u00e1\u017eek a rozptylov\u00e1n\u00ed. Jej\u00ed p\u0159ehledn\u00e9 rozhran\u00ed, spolehliv\u00fd v\u00fdkon a d\u016fraz na soukrom\u00ed z n\u00ed d\u011blaj\u00ed jednu z nejlep\u0161\u00edch mo\u017enost\u00ed pro spont\u00e1nn\u00ed konverzace tv\u00e1\u0159\u00ed v tv\u00e1\u0159 online.<\/p>\n<p>Moderov\u00e1n\u00ed a filtrov\u00e1n\u00ed by se sice dalo zlep\u0161it, ale silnou str\u00e1nkou platformy je jej\u00ed jednoduchost a snadn\u00e9 pou\u017e\u00edv\u00e1n\u00ed. Pokud hled\u00e1te opravdov\u00fd, neskriptovan\u00fd chat s ciz\u00edmi lidmi z cel\u00e9ho sv\u011bta - a\u0165 u\u017e pro z\u00e1bavu, u\u010den\u00ed nebo jen pro \u00fanik z nudy -, rozhodn\u011b stoj\u00ed za vyzkou\u0161en\u00ed.<\/p>","protected":false},"excerpt":{"rendered":"<p>As the appetite for spontaneous, face-to-face video chat continues to grow, a new generation of platforms has emerged to fill the gap left by Omegle and Chatroulette. Chaty is one such contender, designed for users who crave instant, anonymous video chats without the hassle of sign-up, profile-building, or downloading apps. With a promise of \u201cmeeting [&hellip;]<\/p>\n","protected":false},"author":6,"featured_media":0,"parent":0,"menu_order":0,"comment_status":"closed","ping_status":"closed","template":"","meta":{"footnotes":""},"class_list":["post-12903","page","type-page","status-publish","hentry"],"yoast_head":"<!-- This site is optimized with the Yoast SEO plugin v27.4 - https:\/\/yoast.com\/product\/yoast-seo-wordpress\/ -->\n<title>Chaty - Chat with People Nearby on StrangerCam.com<\/title>\n<meta name=\"description\" content=\"Like Chaty? Come chat with more than 5.000.000 strangers on Stranger Cam for Free! Turn on your cam and find new friends &amp; maby a match!\" \/>\n<meta name=\"robots\" content=\"index, follow, max-snippet:-1, max-image-preview:large, max-video-preview:-1\" \/>\n<link rel=\"canonical\" href=\"https:\/\/strangercam.com\/cs\/chaty\/\" \/>\n<meta property=\"og:locale\" content=\"cs_CZ\" \/>\n<meta property=\"og:type\" content=\"article\" \/>\n<meta property=\"og:title\" content=\"Chaty - Chat with People Nearby on StrangerCam.com\" \/>\n<meta property=\"og:description\" content=\"Like Chaty? Come chat with more than 5.000.000 strangers on Stranger Cam for Free! Turn on your cam and find new friends &amp; maby a match!\" \/>\n<meta property=\"og:url\" content=\"https:\/\/strangercam.com\/cs\/chaty\/\" \/>\n<meta property=\"og:site_name\" content=\"Strangercam\" \/>\n<meta property=\"article:publisher\" content=\"https:\/\/www.facebook.com\/strangercam\" \/>\n<meta property=\"og:image\" content=\"https:\/\/strangercam.com\/wp-content\/uploads\/2021\/10\/Untitled-2.png\" \/>\n\t<meta property=\"og:image:width\" content=\"800\" \/>\n\t<meta property=\"og:image:height\" content=\"532\" \/>\n\t<meta property=\"og:image:type\" content=\"image\/png\" \/>\n<meta name=\"twitter:card\" content=\"summary_large_image\" \/>\n<meta name=\"twitter:site\" content=\"@strangercamapp\" \/>\n<meta name=\"twitter:label1\" content=\"Odhadovan\u00e1 doba \u010dten\u00ed\" \/>\n\t<meta name=\"twitter:data1\" content=\"6 minut\" \/>\n<script type=\"application\/ld+json\" class=\"yoast-schema-graph\">{\"@context\":\"https:\\\/\\\/schema.org\",\"@graph\":[{\"@type\":\"WebPage\",\"@id\":\"https:\\\/\\\/strangercam.com\\\/chaty\\\/\",\"url\":\"https:\\\/\\\/strangercam.com\\\/chaty\\\/\",\"name\":\"Chaty - Chat with People Nearby on StrangerCam.com\",\"isPartOf\":{\"@id\":\"https:\\\/\\\/strangercam.com\\\/#website\"},\"datePublished\":\"2025-07-14T11:33:31+00:00\",\"description\":\"Like Chaty? Come chat with more than 5.000.000 strangers on Stranger Cam for Free! Turn on your cam and find new friends & maby a match!\",\"breadcrumb\":{\"@id\":\"https:\\\/\\\/strangercam.com\\\/chaty\\\/#breadcrumb\"},\"inLanguage\":\"cs\",\"potentialAction\":[{\"@type\":\"ReadAction\",\"target\":[\"https:\\\/\\\/strangercam.com\\\/chaty\\\/\"]}]},{\"@type\":\"BreadcrumbList\",\"@id\":\"https:\\\/\\\/strangercam.com\\\/chaty\\\/#breadcrumb\",\"itemListElement\":[{\"@type\":\"ListItem\",\"position\":1,\"name\":\"Home\",\"item\":\"https:\\\/\\\/strangercam.com\\\/\"},{\"@type\":\"ListItem\",\"position\":2,\"name\":\"Chaty\"}]},{\"@type\":\"WebSite\",\"@id\":\"https:\\\/\\\/strangercam.com\\\/#website\",\"url\":\"https:\\\/\\\/strangercam.com\\\/\",\"name\":\"Strangercam\",\"description\":\"Random Video Chat with Strangers\",\"publisher\":{\"@id\":\"https:\\\/\\\/strangercam.com\\\/#organization\"},\"alternateName\":\"Strangercam.com\",\"potentialAction\":[{\"@type\":\"SearchAction\",\"target\":{\"@type\":\"EntryPoint\",\"urlTemplate\":\"https:\\\/\\\/strangercam.com\\\/?s={search_term_string}\"},\"query-input\":{\"@type\":\"PropertyValueSpecification\",\"valueRequired\":true,\"valueName\":\"search_term_string\"}}],\"inLanguage\":\"cs\"},{\"@type\":\"Organization\",\"@id\":\"https:\\\/\\\/strangercam.com\\\/#organization\",\"name\":\"Strangercam\",\"alternateName\":\"Strangercam.com\",\"url\":\"https:\\\/\\\/strangercam.com\\\/\",\"logo\":{\"@type\":\"ImageObject\",\"inLanguage\":\"cs\",\"@id\":\"https:\\\/\\\/strangercam.com\\\/#\\\/schema\\\/logo\\\/image\\\/\",\"url\":\"https:\\\/\\\/strangercam.com\\\/wp-content\\\/uploads\\\/2020\\\/11\\\/cropped-new-favicon-black.png\",\"contentUrl\":\"https:\\\/\\\/strangercam.com\\\/wp-content\\\/uploads\\\/2020\\\/11\\\/cropped-new-favicon-black.png\",\"width\":512,\"height\":512,\"caption\":\"Strangercam\"},\"image\":{\"@id\":\"https:\\\/\\\/strangercam.com\\\/#\\\/schema\\\/logo\\\/image\\\/\"},\"sameAs\":[\"https:\\\/\\\/www.facebook.com\\\/strangercam\",\"https:\\\/\\\/x.com\\\/strangercamapp\"]}]}<\/script>\n<!-- \/ Yoast SEO plugin. -->","yoast_head_json":{"title":"Chaty - Chatujte s lidmi z okol\u00ed na StrangerCam.com","description":"Jako Chaty? Poj\u010fte chatovat s v\u00edce ne\u017e 5 000 000 cizinci na Stranger Cam zdarma! Zapn\u011bte si kameru a najd\u011bte nov\u00e9 p\u0159\u00e1tele &amp; maby z\u00e1pas!","robots":{"index":"index","follow":"follow","max-snippet":"max-snippet:-1","max-image-preview":"max-image-preview:large","max-video-preview":"max-video-preview:-1"},"canonical":"https:\/\/strangercam.com\/cs\/chaty\/","og_locale":"cs_CZ","og_type":"article","og_title":"Chaty - Chat with People Nearby on StrangerCam.com","og_description":"Like Chaty? Come chat with more than 5.000.000 strangers on Stranger Cam for Free! Turn on your cam and find new friends & maby a match!","og_url":"https:\/\/strangercam.com\/cs\/chaty\/","og_site_name":"Strangercam","article_publisher":"https:\/\/www.facebook.com\/strangercam","og_image":[{"width":800,"height":532,"url":"https:\/\/strangercam.com\/wp-content\/uploads\/2021\/10\/Untitled-2.png","type":"image\/png"}],"twitter_card":"summary_large_image","twitter_site":"@strangercamapp","twitter_misc":{"Odhadovan\u00e1 doba \u010dten\u00ed":"6 minut"},"schema":{"@context":"https:\/\/schema.org","@graph":[{"@type":"WebPage","@id":"https:\/\/strangercam.com\/chaty\/","url":"https:\/\/strangercam.com\/chaty\/","name":"Chaty - Chatujte s lidmi z okol\u00ed na StrangerCam.com","isPartOf":{"@id":"https:\/\/strangercam.com\/#website"},"datePublished":"2025-07-14T11:33:31+00:00","description":"Jako Chaty? Poj\u010fte chatovat s v\u00edce ne\u017e 5 000 000 cizinci na Stranger Cam zdarma! Zapn\u011bte si kameru a najd\u011bte nov\u00e9 p\u0159\u00e1tele &amp; maby z\u00e1pas!","breadcrumb":{"@id":"https:\/\/strangercam.com\/chaty\/#breadcrumb"},"inLanguage":"cs","potentialAction":[{"@type":"ReadAction","target":["https:\/\/strangercam.com\/chaty\/"]}]},{"@type":"BreadcrumbList","@id":"https:\/\/strangercam.com\/chaty\/#breadcrumb","itemListElement":[{"@type":"ListItem","position":1,"name":"Home","item":"https:\/\/strangercam.com\/"},{"@type":"ListItem","position":2,"name":"Chaty"}]},{"@type":"WebSite","@id":"https:\/\/strangercam.com\/#website","url":"https:\/\/strangercam.com\/","name":"Strangercam","description":"N\u00e1hodn\u00fd videochat s ciz\u00edmi lidmi","publisher":{"@id":"https:\/\/strangercam.com\/#organization"},"alternateName":"Strangercam.com","potentialAction":[{"@type":"SearchAction","target":{"@type":"EntryPoint","urlTemplate":"https:\/\/strangercam.com\/?s={search_term_string}"},"query-input":{"@type":"PropertyValueSpecification","valueRequired":true,"valueName":"search_term_string"}}],"inLanguage":"cs"},{"@type":"Organization","@id":"https:\/\/strangercam.com\/#organization","name":"Strangercam","alternateName":"Strangercam.com","url":"https:\/\/strangercam.com\/","logo":{"@type":"ImageObject","inLanguage":"cs","@id":"https:\/\/strangercam.com\/#\/schema\/logo\/image\/","url":"https:\/\/strangercam.com\/wp-content\/uploads\/2020\/11\/cropped-new-favicon-black.png","contentUrl":"https:\/\/strangercam.com\/wp-content\/uploads\/2020\/11\/cropped-new-favicon-black.png","width":512,"height":512,"caption":"Strangercam"},"image":{"@id":"https:\/\/strangercam.com\/#\/schema\/logo\/image\/"},"sameAs":["https:\/\/www.facebook.com\/strangercam","https:\/\/x.com\/strangercamapp"]}]}},"_links":{"self":[{"href":"https:\/\/strangercam.com\/cs\/wp-json\/wp\/v2\/pages\/12903","targetHints":{"allow":["GET"]}}],"collection":[{"href":"https:\/\/strangercam.com\/cs\/wp-json\/wp\/v2\/pages"}],"about":[{"href":"https:\/\/strangercam.com\/cs\/wp-json\/wp\/v2\/types\/page"}],"author":[{"embeddable":true,"href":"https:\/\/strangercam.com\/cs\/wp-json\/wp\/v2\/users\/6"}],"replies":[{"embeddable":true,"href":"https:\/\/strangercam.com\/cs\/wp-json\/wp\/v2\/comments?post=12903"}],"version-history":[{"count":1,"href":"https:\/\/strangercam.com\/cs\/wp-json\/wp\/v2\/pages\/12903\/revisions"}],"predecessor-version":[{"id":12904,"href":"https:\/\/strangercam.com\/cs\/wp-json\/wp\/v2\/pages\/12903\/revisions\/12904"}],"wp:attachment":[{"href":"https:\/\/strangercam.com\/cs\/wp-json\/wp\/v2\/media?parent=12903"}],"curies":[{"name":"wp","href":"https:\/\/api.w.org\/{rel}","templated":true}]}}