{"id":12892,"date":"2025-06-16T15:00:37","date_gmt":"2025-06-16T13:00:37","guid":{"rendered":"https:\/\/strangercam.com\/?page_id=12892"},"modified":"2025-06-16T15:00:37","modified_gmt":"2025-06-16T13:00:37","slug":"ohmegle","status":"publish","type":"page","link":"https:\/\/strangercam.com\/cs\/ohmegle\/","title":{"rendered":"Ohmegle"},"content":{"rendered":"<p>Kdy\u017e <a href=\"https:\/\/strangercam.com\/cs\/omegle\/\">Omegle<\/a> v roce 2023, z\u016fstaly miliony u\u017eivatel\u016f bez m\u00edsta, kde by mohli spont\u00e1nn\u011b a anonymn\u011b chatovat s ciz\u00edmi lidmi. Po jeho z\u00e1niku se objevilo n\u011bkolik alternativ - ale jen m\u00e1lo z nich se prosadilo tak jako Ohmegle. Slu\u017eba Ohmegle byla navr\u017eena p\u0159esn\u011b tak, aby zaplnila pr\u00e1zdn\u00e9 m\u00edsto, kter\u00e9 po sob\u011b zanechala, a nab\u00edz\u00ed t\u00e9m\u011b\u0159 toto\u017en\u00fd z\u00e1\u017eitek s modern\u00edmi vylep\u0161en\u00edmi, vy\u0161\u0161\u00edm v\u00fdkonem a v\u011brnou, rostouc\u00ed u\u017eivatelskou z\u00e1kladnou.<\/p>\n<p>V t\u00e9to recenzi prozkoum\u00e1me v\u0161e, co pot\u0159ebujete v\u011bd\u011bt o Ohmegle - jak funguje, co z n\u011bj d\u011bl\u00e1 nejlep\u0161\u00ed n\u00e1hradu Omegle, jeho funkce, bezpe\u010dnostn\u00ed standardy a jak se vyrovn\u00e1 podobn\u00fdm n\u00e1hodn\u00fdm vide\u00edm. <a href=\"https:\/\/strangercam.com\/cs\/chatroulette\/\">chat<\/a> m\u00edsta.<\/p>\n<h2>Co je Ohmegle?<\/h2>\n<p>Ohmegle je bezplatn\u00fd, anonymn\u00ed <a href=\"https:\/\/strangercam.com\/cs\/chathub\/\">n\u00e1hodn\u00fd videochat<\/a> webov\u00e1 str\u00e1nka, kter\u00e1 v\u00e1s spoj\u00ed s ciz\u00edmi lidmi a umo\u017en\u00ed v\u00e1m \u017eivou konverzaci tv\u00e1\u0159\u00ed v tv\u00e1\u0159. Je to duchovn\u00ed n\u00e1stupce Omegle, kter\u00fd t\u00e9m\u011b\u0159 p\u0159esn\u011b kop\u00edruje jeho form\u00e1t a rozhran\u00ed, ale m\u00e1 lep\u0161\u00ed provozuschopnost, podporu mobiln\u00edch za\u0159\u00edzen\u00ed a komunitu vytvo\u0159enou speci\u00e1ln\u011b pro u\u017eivatele, kter\u00fdm se st\u00fdsk\u00e1 po p\u016fvodn\u00ed verzi.<\/p>\n<p>Nen\u00ed t\u0159eba vytv\u00e1\u0159et \u00fa\u010det, zad\u00e1vat osobn\u00ed \u00fadaje ani pou\u017e\u00edvat slo\u017eit\u00e9 algoritmy porovn\u00e1v\u00e1n\u00ed. Sta\u010d\u00ed na\u010d\u00edst web, povolit opr\u00e1vn\u011bn\u00ed pro kameru\/mikrofon a za\u010d\u00edt chatovat s n\u011bk\u00fdm nov\u00fdm - n\u00e1hodn\u011b, okam\u017eit\u011b a anonymn\u011b.<\/p>\n<h2>K \u010demu slou\u017e\u00ed Ohmegle?<\/h2>\n<p>Posl\u00e1n\u00ed spole\u010dnosti Ohmegle je jednoduch\u00e9: vr\u00e1tit autentick\u00fd z\u00e1\u017eitek z Omegle v bezpe\u010dn\u00e9m a dostupn\u00e9m form\u00e1tu pro rok 2025 a dal\u0161\u00ed roky. Je ur\u010den pro:<\/p>\n<ul>\n<li>Lid\u00e9, kter\u00fdm chyb\u00ed spont\u00e1nn\u00ed prost\u0159ed\u00ed chatu Omegle<\/li>\n<li>U\u017eivatel\u00e9, kte\u0159\u00ed d\u00e1vaj\u00ed p\u0159ednost videu p\u0159ed textov\u00fdmi seznamovac\u00edmi nebo soci\u00e1ln\u00edmi aplikacemi.<\/li>\n<li>Ka\u017ed\u00fd, kdo hled\u00e1 anonymn\u00ed lidsk\u00e9 spojen\u00ed - bez z\u00e1vazk\u016f<\/li>\n<\/ul>\n<p>A\u0165 u\u017e hled\u00e1te nez\u00e1vaznou konverzaci, flirtuj\u00edc\u00ed setk\u00e1n\u00ed, nebo jen n\u011bkoho, kdo by v\u00e1s vyslechl, Ohmegle je navr\u017een tak, aby napodoboval kouzlo internetov\u00e9 chatovac\u00ed kultury ran\u00e9 \u00e9ry - zcela anonymn\u011b a v re\u00e1ln\u00e9m \u010dase.<\/p>\n<h2>Kl\u00ed\u010dov\u00e9 vlastnosti<\/h2>\n<p>1. N\u00e1hodn\u00fd videochat jeden na jednoho<br \/>\nStejn\u011b jako Omegle v\u00e1s Ohmegle okam\u017eit\u011b spoj\u00ed s ciz\u00edm \u010dlov\u011bkem prost\u0159ednictv\u00edm webov\u00e9 kamery a mikrofonu. \u017d\u00e1dn\u00e9 profily, \u017e\u00e1dn\u00e9 posouv\u00e1n\u00ed - jen p\u0159\u00edm\u00e1 interakce.<\/p>\n<p>2. Funkce p\u0159esko\u010dit\/dal\u0161\u00ed<br \/>\nNem\u00e1te s n\u011bk\u00fdm dobr\u00e9 vibrace? Klikn\u011bte na \u201cDal\u0161\u00ed\u201d a okam\u017eit\u011b se spoj\u00edte s jin\u00fdm u\u017eivatelem. Je to rychl\u00e9 a bezprobl\u00e9mov\u00e9, co\u017e v\u00e1m umo\u017en\u00ed <a href=\"https:\/\/strangercam.com\/cs\/coomeet\/\">Seznamte se s<\/a> des\u00edtky lid\u00ed b\u011bhem jedin\u00e9ho sezen\u00ed.<\/p>\n<p>3. Nen\u00ed nutn\u00e1 registrace<br \/>\nSpole\u010dnost Ohmegle z\u016fst\u00e1v\u00e1 zcela anonymn\u00ed. Nen\u00ed t\u0159eba zad\u00e1vat jm\u00e9no, e-mail ani telefonn\u00ed \u010d\u00edslo. Respektuje tak hlavn\u00ed z\u00e1sadu Omegle: mluvit s ciz\u00edmi lidmi, ne s n\u00e1sledovn\u00edky.<\/p>\n<p>4. Voliteln\u00fd re\u017eim textov\u00e9ho chatu<br \/>\nPokud v\u00e1m kamera nevyhovuje, m\u016f\u017eete se rozhodnout pro verzi chatu pouze s textem. U\u017eivatelsk\u00e9 rozhran\u00ed z\u016fst\u00e1v\u00e1 elegantn\u00ed a jednoduch\u00e9.<\/p>\n<p>5. Kompatibilita s mobiln\u00edmi za\u0159\u00edzen\u00edmi<br \/>\nSlu\u017eba Ohmegle je optimalizovan\u00e1 pro stoln\u00ed i mobiln\u00ed prohl\u00ed\u017ee\u010de. M\u016f\u017eete chatovat z telefonu, ani\u017e byste museli stahovat aplikaci, a str\u00e1nky se dob\u0159e p\u0159izp\u016fsobuj\u00ed r\u016fzn\u00fdm velikostem obrazovky a \u0161\u00ed\u0159ce p\u00e1sma.<\/p>\n<p>6. Zjednodu\u0161en\u00fd design<br \/>\nUspo\u0159\u00e1d\u00e1n\u00ed je z\u00e1m\u011brn\u011b minim\u00e1ln\u00ed - kop\u00edruje klasick\u00fd vzhled modelu Omegle - ale s aktualizovan\u00fdm v\u00fdkonem. Okna videa jsou velk\u00e1, ovl\u00e1dac\u00ed prvky se snadno pou\u017e\u00edvaj\u00ed a na obrazovce nen\u00ed nic zbyte\u010dn\u00e9ho.<\/p>\n<p>7. N\u00e1stroje pro pod\u00e1v\u00e1n\u00ed zpr\u00e1v a moderov\u00e1n\u00ed<br \/>\nU\u017eivatel\u00e9 mohou nahl\u00e1sit nevhodn\u00e9 chov\u00e1n\u00ed p\u0159\u00edmo z okna chatu. Spole\u010dnost Ohmegle zavedla z\u00e1kladn\u00ed n\u00e1stroje pro moderov\u00e1n\u00ed a detekci nahoty na z\u00e1klad\u011b um\u011bl\u00e9 inteligence, aby omezila zneu\u017e\u00edv\u00e1n\u00ed a zajistila bezpe\u010dnost.<\/p>\n<h2>Je Ohmegle zdarma?<\/h2>\n<p>Ano, Ohmegle je 100% zdarma. Neexistuj\u00ed \u017e\u00e1dn\u00e9 paywally, p\u0159edplatn\u00e9 ani freemium \u00farovn\u011b. Ka\u017ed\u00fd u\u017eivatel m\u00e1 stejn\u00fd p\u0159\u00edstup k videochatu, textov\u00e9mu chatu a cel\u00e9 platform\u011b.<\/p>\n<p>Na obrazovce se tak\u00e9 neobjevuj\u00ed \u017e\u00e1dn\u00e9 reklamy, co\u017e je u web\u016f pro videochat vz\u00e1cn\u00e9. Zd\u00e1 se, \u017ee monetizace je minim\u00e1ln\u00ed, aby se zachoval rychl\u00fd a plynul\u00fd z\u00e1\u017eitek, kter\u00fd u\u017eivatel\u00e9 o\u010dek\u00e1vaj\u00ed.<\/p>\n<h2>Kdo pou\u017e\u00edv\u00e1 Ohmegle?<\/h2>\n<p>Ohmegle p\u0159itahuje \u0161irokou \u0161k\u00e1lu u\u017eivatel\u016f, ale obecn\u011b odr\u00e1\u017e\u00ed demografickou situaci p\u016fvodn\u00edho Omegle:<\/p>\n<ul>\n<li>V\u011bk: Platforma je ur\u010dena v\u00fdhradn\u011b pro dosp\u011bl\u00e9 (18+).<\/li>\n<li>Glob\u00e1ln\u00ed publikum: U\u017eivatel\u00e9 z USA, Kanady, Evropy, Indie, Braz\u00edlie a jihov\u00fdchodn\u00ed Asie<\/li>\n<li>Z\u00e1m\u011br u\u017eivatele: Rozd\u011bleno mezi p\u0159\u00edle\u017eitostn\u00e9 chatov\u00e1n\u00ed, navazov\u00e1n\u00ed p\u0159\u00e1telstv\u00ed, flirtov\u00e1n\u00ed a pouh\u00e9 tr\u00e1ven\u00ed \u010dasu.<\/li>\n<\/ul>\n<p>Neexistuje \u017e\u00e1dn\u00e1 form\u00e1ln\u00ed struktura pro interakci u\u017eivatel\u016f - je na v\u00e1s a na va\u0161em prot\u011bj\u0161ku, jak konverzaci povedete. N\u011bkte\u0159\u00ed hledaj\u00ed sm\u00edch, jin\u00ed spole\u010dnost a n\u011bkte\u0159\u00ed prost\u011b jen novinku.<\/p>\n<h2>Bezpe\u010dnost a st\u0159\u00eddmost<\/h2>\n<p>Stejn\u011b jako u ka\u017ed\u00e9 anonymn\u00ed platformy pro videochat je bezpe\u010dnost u\u017eivatel\u016f probl\u00e9mem - spole\u010dnost Ohmegle se v\u0161ak sna\u017e\u00ed zajistit bezpe\u010dn\u00e9 prost\u0159ed\u00ed, ani\u017e by zni\u010dila spont\u00e1nn\u00ed povahu chatu.<\/p>\n<h3>Ochrana osobn\u00edch \u00fadaj\u016f<\/h3>\n<ul>\n<li>\u017d\u00e1dn\u00e1 registrace, \u00fa\u010dty ani sledov\u00e1n\u00ed<\/li>\n<li>Chaty nejsou nahr\u00e1v\u00e1ny ani ukl\u00e1d\u00e1ny<\/li>\n<li>Va\u0161e IP adresa se nikdy nezobraz\u00ed ostatn\u00edm u\u017eivatel\u016fm.<\/li>\n<\/ul>\n<h3>Moderov\u00e1n\u00ed<\/h3>\n<ul>\n<li>Tla\u010d\u00edtko Nahl\u00e1sit dostupn\u00e9 b\u011bhem \u017eiv\u00e9ho chatu<\/li>\n<li>Detekce nahoty na z\u00e1klad\u011b um\u011bl\u00e9 inteligence filtruje nevhodn\u00fd obsah<\/li>\n<li>U\u017eivatel\u00e9, kte\u0159\u00ed byli nahl\u00e1\u0161eni v\u00edcekr\u00e1t, mohou b\u00fdt z platformy vyk\u00e1z\u00e1ni.<\/li>\n<\/ul>\n<p>Ohmegle v\u0161ak necenzuruje ani p\u0159\u00edli\u0161 nemoderuje, tak\u017ee st\u00e1le existuje mo\u017enost, \u017ee se setk\u00e1te s nevhodn\u00fdm chov\u00e1n\u00edm. Pou\u017e\u00edvejte platformu s rozvahou:<\/p>\n<ul>\n<li>Pokud je v\u00e1m n\u011bkdo nep\u0159\u00edjemn\u00fd, okam\u017eit\u011b ho p\u0159esko\u010dte.<\/li>\n<li>Nikdy nesd\u00edlejte osobn\u00ed \u00fadaje, jako je va\u0161e jm\u00e9no, poloha nebo soci\u00e1ln\u00ed m\u00e9dia.<\/li>\n<li>Nev\u00e1hejte nahl\u00e1sit pachatele<\/li>\n<\/ul>\n<h2>U\u017eivatelsk\u00fd z\u00e1\u017eitek a v\u00fdkon<\/h2>\n<p>Ohmegle je p\u016fsobiv\u011b lehk\u00fd a svi\u017en\u00fd. Domovsk\u00e1 str\u00e1nka se na\u010d\u00edt\u00e1 rychle a shody prob\u00edhaj\u00ed b\u011bhem n\u011bkolika sekund. Na stoln\u00edm po\u010d\u00edta\u010di i mobiln\u00edm telefonu platforma nab\u00edz\u00ed:<\/p>\n<ul>\n<li>P\u0159ehledn\u00e9, velk\u00e9 video kan\u00e1ly<\/li>\n<li>Jednoduch\u00e1 ovl\u00e1dac\u00ed tla\u010d\u00edtka (Dal\u0161\u00ed, Stop, Hl\u00e1\u0161en\u00ed)<\/li>\n<li>Spolehliv\u00fd p\u0159\u00edstup ke kame\u0159e a mikrofonu<\/li>\n<li>Minim\u00e1ln\u00ed zpo\u017ed\u011bn\u00ed nebo vyrovn\u00e1vac\u00ed pam\u011b\u0165 i p\u0159i pomalej\u0161\u00edm p\u0159ipojen\u00ed<\/li>\n<\/ul>\n<p>Jedn\u00e1 se o jeden z nejplynulej\u0161\u00edch n\u00e1hodn\u00fdch videochat\u016f, kter\u00e9 jsou v sou\u010dasnosti online, zejm\u00e9na ve srovn\u00e1n\u00ed s p\u0159et\u00ed\u017een\u00fdmi konkurenty, kte\u0159\u00ed trp\u00ed pomal\u00fdm na\u010d\u00edt\u00e1n\u00edm nebo chybov\u00fdmi rozhran\u00edmi.<\/p>\n<h2>Ohmegle vs. jin\u00e9 n\u00e1hodn\u00e9 str\u00e1nky videochatu<\/h2>\n<p>Jak se s tolika alternativami Omegle vyrovn\u00e1 Ohmegle?<\/p>\n<table>\n<thead>\n<tr>\n<th>Platforma<\/th>\n<th>Registrace<\/th>\n<th>Videochat<\/th>\n<th>Textov\u00fd chat<\/th>\n<th>Filtr podle pohlav\u00ed<\/th>\n<th>Mobiln\u00ed podpora<\/th>\n<th>Moderov\u00e1n\u00ed<\/th>\n<\/tr>\n<\/thead>\n<tbody>\n<tr>\n<td>Ohmegle<\/td>\n<td>Ne<\/td>\n<td>Ano<\/td>\n<td>Ano<\/td>\n<td>Ne<\/td>\n<td>Vynikaj\u00edc\u00ed<\/td>\n<td>M\u00edrn\u00e1<\/td>\n<\/tr>\n<tr>\n<td><a href=\"https:\/\/strangercam.com\/cs\/ometv\/\">OmeTV<\/a><\/td>\n<td>Ne<\/td>\n<td>Ano<\/td>\n<td>Ano<\/td>\n<td>Ano (placen\u00e9)<\/td>\n<td>Dobr\u00fd<\/td>\n<td>Siln\u00fd<\/td>\n<\/tr>\n<tr>\n<td>Chatrandom<\/td>\n<td>Voliteln\u011b<\/td>\n<td>Ano<\/td>\n<td>Ano<\/td>\n<td>Ano (placen\u00e9)<\/td>\n<td>Dobr\u00fd<\/td>\n<td>M\u00edrn\u00e1<\/td>\n<\/tr>\n<tr>\n<td>Chatspin<\/td>\n<td>Voliteln\u011b<\/td>\n<td>Ano<\/td>\n<td>Ano<\/td>\n<td>Ano (zdarma\/placen\u00e9)<\/td>\n<td>Vynikaj\u00edc\u00ed<\/td>\n<td>M\u00edrn\u00e1<\/td>\n<\/tr>\n<tr>\n<td>Camgo<\/td>\n<td>Ne<\/td>\n<td>Ano<\/td>\n<td>Ano<\/td>\n<td>Ano (placen\u00e9)<\/td>\n<td>Dobr\u00fd<\/td>\n<td>Z\u00e1kladn\u00ed<\/td>\n<\/tr>\n<\/tbody>\n<\/table>\n<p>Shrnut\u00ed: Nejv\u011bt\u0161\u00ed p\u0159ednost\u00ed spole\u010dnosti Ohmegle je autenti\u010dnost a jednoduchost. Na rozd\u00edl od mnoha konkurent\u016f, kte\u0159\u00ed u\u017eivatele tla\u010d\u00ed k pr\u00e9miov\u00e9mu p\u0159edplatn\u00e9mu nebo jim vnucuj\u00ed p\u0159ihl\u00e1\u0161en\u00ed, je Ohmegle syrov\u00e1 a bezplatn\u00e1. Pro ty, kte\u0159\u00ed hledaj\u00ed speci\u00e1ln\u011b repliku pocitu star\u00e9ho Omegle, je to nejbl\u00ed\u017ee, co dostanete.<\/p>\n<h2>V\u00fdhody a nev\u00fdhody<\/h2>\n<h3>Klady<\/h3>\n<ul>\n<li>100% zdarma a anonymn\u011b<\/li>\n<li>\u017d\u00e1dn\u00e1 registrace ani stahov\u00e1n\u00ed<\/li>\n<li>Rychl\u00e9 p\u00e1rov\u00e1n\u00ed a n\u00edzk\u00e9 zpo\u017ed\u011bn\u00ed<\/li>\n<li>P\u0159\u00e1telsk\u00e9 pro mobiln\u00ed za\u0159\u00edzen\u00ed a funguj\u00edc\u00ed ve v\u0161ech hlavn\u00edch prohl\u00ed\u017ee\u010d\u00edch<\/li>\n<li>\u010cist\u00e9, minim\u00e1ln\u00ed rozhran\u00ed<\/li>\n<li>Skv\u011bl\u00e9 pro spont\u00e1nn\u00ed konverzaci a neform\u00e1ln\u00ed interakci<\/li>\n<\/ul>\n<h3>Nev\u00fdhody<\/h3>\n<ul>\n<li>\u017d\u00e1dn\u00e9 filtry podle pohlav\u00ed nebo regionu<\/li>\n<li>Potenci\u00e1ln\u00ed vystaven\u00ed nevhodn\u00e9mu obsahu<\/li>\n<li>\u017d\u00e1dn\u00e1 historie chatu nebo funkce op\u011btovn\u00e9ho p\u0159ipojen\u00ed<\/li>\n<li>\u017d\u00e1dn\u00e9 n\u00e1stroje pro zji\u0161\u0165ov\u00e1n\u00ed soci\u00e1ln\u00edch s\u00edt\u00ed nebo mo\u017enosti n\u00e1sledn\u00fdch opat\u0159en\u00ed<\/li>\n<\/ul>\n<h2>Ide\u00e1ln\u00ed p\u0159\u00edpady pou\u017eit\u00ed<\/h2>\n<p>Ohmegle je nejvhodn\u011bj\u0161\u00ed pro:<\/p>\n<ul>\n<li>Nostalgie po p\u016fvodn\u00edm z\u00e1\u017eitku s Omegle<\/li>\n<li>U\u017eivatel\u00e9, kte\u0159\u00ed maj\u00ed r\u00e1di anonymn\u00ed soci\u00e1ln\u00ed interakci<\/li>\n<li>No\u010dn\u00ed sovy, cestovatel\u00e9 nebo v\u0161ichni, kdo hledaj\u00ed spont\u00e1nn\u00ed konverzaci.<\/li>\n<li>Lid\u00e9, kte\u0159\u00ed se cht\u011bj\u00ed setkat s ciz\u00edmi lidmi bez tlaku profilu nebo o\u010dek\u00e1v\u00e1n\u00ed.<\/li>\n<\/ul>\n<p>Nen\u00ed ide\u00e1ln\u00ed pro:<\/p>\n<ul>\n<li>U\u017eivatel\u00e9, kte\u0159\u00ed hledaj\u00ed v\u00e1\u017en\u00e9 sezn\u00e1men\u00ed nebo dlouhodob\u00e9 vztahy<\/li>\n<li>Ti, kte\u0159\u00ed se neradi ukazuj\u00ed p\u0159ed kamerou<\/li>\n<li>V\u0161ichni, kter\u00fdm vad\u00ed nemoderovan\u00fd obsah.<\/li>\n<li>U\u017eivatel\u00e9 mlad\u0161\u00ed 18 let (na platform\u011b nen\u00ed povoleno)<\/li>\n<\/ul>\n<p>Ohmegle je nejbl\u00ed\u017ee klasick\u00e9mu Omegle v roce 2025 - a to je dob\u0159e. Odstra\u0148uje \u0161um a nepo\u0159\u00e1dek modern\u00edch soci\u00e1ln\u00edch aplikac\u00ed a vrac\u00ed se k form\u00e1tu, kter\u00fd je rychl\u00fd, anonymn\u00ed a syrov\u00fd. Pokud jste si obl\u00edbili Omegle pro to, \u010d\u00edm byl - nepopsan\u00fdm, nefiltrovan\u00fdm lidsk\u00fdm spojen\u00edm -hmegle p\u0159in\u00e1\u0161\u00ed to a je\u0161t\u011b v\u00edc.<\/p>\n<p>Neexistuj\u00ed \u017e\u00e1dn\u00e9 triky. \u017d\u00e1dn\u00e9 nekone\u010dn\u00e9 registra\u010dn\u00ed formul\u00e1\u0159e. \u017d\u00e1dn\u00fd tlak na v\u00fdkon. Jen vy, va\u0161e webov\u00e1 kamera a ten, s k\u00fdm v\u00e1s algoritmus spoj\u00ed jako s dal\u0161\u00edm.<\/p>\n<p>Pokud hled\u00e1te nejlep\u0161\u00ed bezplatnou a anonymn\u00ed alternativu Omegle, Ohmegle si zaslou\u017e\u00ed prvn\u00ed m\u00edsto. A\u0165 u\u017e z\u016fstanete p\u011bt minut nebo p\u011bt hodin, z\u00e1\u017eitek je jedine\u010dn\u011b lidsk\u00fd - a to je v dne\u0161n\u00edm kur\u00e1torovan\u00e9m sv\u011bt\u011b vz\u00e1cn\u00e9.<\/p>","protected":false},"excerpt":{"rendered":"<p>When Omegle shut down in 2023, millions of users were left without a go-to place for spontaneous, anonymous video chatting with strangers. In the wake of its disappearance, several alternatives have emerged\u2014but few have gained as much traction as Ohmegle. Designed to fill the exact void left behind, Ohmegle offers a nearly identical experience with [&hellip;]<\/p>\n","protected":false},"author":6,"featured_media":0,"parent":0,"menu_order":0,"comment_status":"closed","ping_status":"closed","template":"","meta":{"footnotes":""},"class_list":["post-12892","page","type-page","status-publish","hentry"],"yoast_head":"<!-- This site is optimized with the Yoast SEO plugin v27.4 - https:\/\/yoast.com\/product\/yoast-seo-wordpress\/ -->\n<title>Ohmegle - Talk to Strangers Omegle Alternative on StrangerCam.com<\/title>\n<meta name=\"description\" content=\"Like Ohmegle? Come chat with more than 5.000.000 strangers on Stranger Cam for Free! Turn on your cam and find new friends &amp; maby a match!\" \/>\n<meta name=\"robots\" content=\"index, follow, max-snippet:-1, max-image-preview:large, max-video-preview:-1\" \/>\n<link rel=\"canonical\" href=\"https:\/\/strangercam.com\/cs\/ohmegle\/\" \/>\n<meta property=\"og:locale\" content=\"cs_CZ\" \/>\n<meta property=\"og:type\" content=\"article\" \/>\n<meta property=\"og:title\" content=\"Ohmegle - Talk to Strangers Omegle Alternative on StrangerCam.com\" \/>\n<meta property=\"og:description\" content=\"Like Ohmegle? Come chat with more than 5.000.000 strangers on Stranger Cam for Free! Turn on your cam and find new friends &amp; maby a match!\" \/>\n<meta property=\"og:url\" content=\"https:\/\/strangercam.com\/cs\/ohmegle\/\" \/>\n<meta property=\"og:site_name\" content=\"Strangercam\" \/>\n<meta property=\"article:publisher\" content=\"https:\/\/www.facebook.com\/strangercam\" \/>\n<meta property=\"og:image\" content=\"https:\/\/strangercam.com\/wp-content\/uploads\/2021\/10\/Untitled-2.png\" \/>\n\t<meta property=\"og:image:width\" content=\"800\" \/>\n\t<meta property=\"og:image:height\" content=\"532\" \/>\n\t<meta property=\"og:image:type\" content=\"image\/png\" \/>\n<meta name=\"twitter:card\" content=\"summary_large_image\" \/>\n<meta name=\"twitter:site\" content=\"@strangercamapp\" \/>\n<meta name=\"twitter:label1\" content=\"Odhadovan\u00e1 doba \u010dten\u00ed\" \/>\n\t<meta name=\"twitter:data1\" content=\"6 minut\" \/>\n<script type=\"application\/ld+json\" class=\"yoast-schema-graph\">{\"@context\":\"https:\\\/\\\/schema.org\",\"@graph\":[{\"@type\":\"WebPage\",\"@id\":\"https:\\\/\\\/strangercam.com\\\/ohmegle\\\/\",\"url\":\"https:\\\/\\\/strangercam.com\\\/ohmegle\\\/\",\"name\":\"Ohmegle - Talk to Strangers Omegle Alternative on StrangerCam.com\",\"isPartOf\":{\"@id\":\"https:\\\/\\\/strangercam.com\\\/#website\"},\"datePublished\":\"2025-06-16T13:00:37+00:00\",\"description\":\"Like Ohmegle? Come chat with more than 5.000.000 strangers on Stranger Cam for Free! Turn on your cam and find new friends & maby a match!\",\"breadcrumb\":{\"@id\":\"https:\\\/\\\/strangercam.com\\\/ohmegle\\\/#breadcrumb\"},\"inLanguage\":\"cs\",\"potentialAction\":[{\"@type\":\"ReadAction\",\"target\":[\"https:\\\/\\\/strangercam.com\\\/ohmegle\\\/\"]}]},{\"@type\":\"BreadcrumbList\",\"@id\":\"https:\\\/\\\/strangercam.com\\\/ohmegle\\\/#breadcrumb\",\"itemListElement\":[{\"@type\":\"ListItem\",\"position\":1,\"name\":\"Home\",\"item\":\"https:\\\/\\\/strangercam.com\\\/\"},{\"@type\":\"ListItem\",\"position\":2,\"name\":\"Ohmegle\"}]},{\"@type\":\"WebSite\",\"@id\":\"https:\\\/\\\/strangercam.com\\\/#website\",\"url\":\"https:\\\/\\\/strangercam.com\\\/\",\"name\":\"Strangercam\",\"description\":\"Random Video Chat with Strangers\",\"publisher\":{\"@id\":\"https:\\\/\\\/strangercam.com\\\/#organization\"},\"alternateName\":\"Strangercam.com\",\"potentialAction\":[{\"@type\":\"SearchAction\",\"target\":{\"@type\":\"EntryPoint\",\"urlTemplate\":\"https:\\\/\\\/strangercam.com\\\/?s={search_term_string}\"},\"query-input\":{\"@type\":\"PropertyValueSpecification\",\"valueRequired\":true,\"valueName\":\"search_term_string\"}}],\"inLanguage\":\"cs\"},{\"@type\":\"Organization\",\"@id\":\"https:\\\/\\\/strangercam.com\\\/#organization\",\"name\":\"Strangercam\",\"alternateName\":\"Strangercam.com\",\"url\":\"https:\\\/\\\/strangercam.com\\\/\",\"logo\":{\"@type\":\"ImageObject\",\"inLanguage\":\"cs\",\"@id\":\"https:\\\/\\\/strangercam.com\\\/#\\\/schema\\\/logo\\\/image\\\/\",\"url\":\"https:\\\/\\\/strangercam.com\\\/wp-content\\\/uploads\\\/2020\\\/11\\\/cropped-new-favicon-black.png\",\"contentUrl\":\"https:\\\/\\\/strangercam.com\\\/wp-content\\\/uploads\\\/2020\\\/11\\\/cropped-new-favicon-black.png\",\"width\":512,\"height\":512,\"caption\":\"Strangercam\"},\"image\":{\"@id\":\"https:\\\/\\\/strangercam.com\\\/#\\\/schema\\\/logo\\\/image\\\/\"},\"sameAs\":[\"https:\\\/\\\/www.facebook.com\\\/strangercam\",\"https:\\\/\\\/x.com\\\/strangercamapp\"]}]}<\/script>\n<!-- \/ Yoast SEO plugin. -->","yoast_head_json":{"title":"Ohmegle - Talk to Strangers Omegle Alternative na StrangerCam.com","description":"L\u00edb\u00ed se v\u00e1m Ohmegle? Poj\u010fte si zdarma popov\u00eddat s v\u00edce ne\u017e 5 000 000 cizinci na Stranger Cam! Zapn\u011bte kameru a najd\u011bte nov\u00e9 p\u0159\u00e1tele &amp; maby z\u00e1pas!","robots":{"index":"index","follow":"follow","max-snippet":"max-snippet:-1","max-image-preview":"max-image-preview:large","max-video-preview":"max-video-preview:-1"},"canonical":"https:\/\/strangercam.com\/cs\/ohmegle\/","og_locale":"cs_CZ","og_type":"article","og_title":"Ohmegle - Talk to Strangers Omegle Alternative on StrangerCam.com","og_description":"Like Ohmegle? Come chat with more than 5.000.000 strangers on Stranger Cam for Free! Turn on your cam and find new friends & maby a match!","og_url":"https:\/\/strangercam.com\/cs\/ohmegle\/","og_site_name":"Strangercam","article_publisher":"https:\/\/www.facebook.com\/strangercam","og_image":[{"width":800,"height":532,"url":"https:\/\/strangercam.com\/wp-content\/uploads\/2021\/10\/Untitled-2.png","type":"image\/png"}],"twitter_card":"summary_large_image","twitter_site":"@strangercamapp","twitter_misc":{"Odhadovan\u00e1 doba \u010dten\u00ed":"6 minut"},"schema":{"@context":"https:\/\/schema.org","@graph":[{"@type":"WebPage","@id":"https:\/\/strangercam.com\/ohmegle\/","url":"https:\/\/strangercam.com\/ohmegle\/","name":"Ohmegle - Talk to Strangers Omegle Alternative na StrangerCam.com","isPartOf":{"@id":"https:\/\/strangercam.com\/#website"},"datePublished":"2025-06-16T13:00:37+00:00","description":"L\u00edb\u00ed se v\u00e1m Ohmegle? Poj\u010fte si zdarma popov\u00eddat s v\u00edce ne\u017e 5 000 000 cizinci na Stranger Cam! Zapn\u011bte kameru a najd\u011bte nov\u00e9 p\u0159\u00e1tele &amp; maby z\u00e1pas!","breadcrumb":{"@id":"https:\/\/strangercam.com\/ohmegle\/#breadcrumb"},"inLanguage":"cs","potentialAction":[{"@type":"ReadAction","target":["https:\/\/strangercam.com\/ohmegle\/"]}]},{"@type":"BreadcrumbList","@id":"https:\/\/strangercam.com\/ohmegle\/#breadcrumb","itemListElement":[{"@type":"ListItem","position":1,"name":"Home","item":"https:\/\/strangercam.com\/"},{"@type":"ListItem","position":2,"name":"Ohmegle"}]},{"@type":"WebSite","@id":"https:\/\/strangercam.com\/#website","url":"https:\/\/strangercam.com\/","name":"Strangercam","description":"N\u00e1hodn\u00fd videochat s ciz\u00edmi lidmi","publisher":{"@id":"https:\/\/strangercam.com\/#organization"},"alternateName":"Strangercam.com","potentialAction":[{"@type":"SearchAction","target":{"@type":"EntryPoint","urlTemplate":"https:\/\/strangercam.com\/?s={search_term_string}"},"query-input":{"@type":"PropertyValueSpecification","valueRequired":true,"valueName":"search_term_string"}}],"inLanguage":"cs"},{"@type":"Organization","@id":"https:\/\/strangercam.com\/#organization","name":"Strangercam","alternateName":"Strangercam.com","url":"https:\/\/strangercam.com\/","logo":{"@type":"ImageObject","inLanguage":"cs","@id":"https:\/\/strangercam.com\/#\/schema\/logo\/image\/","url":"https:\/\/strangercam.com\/wp-content\/uploads\/2020\/11\/cropped-new-favicon-black.png","contentUrl":"https:\/\/strangercam.com\/wp-content\/uploads\/2020\/11\/cropped-new-favicon-black.png","width":512,"height":512,"caption":"Strangercam"},"image":{"@id":"https:\/\/strangercam.com\/#\/schema\/logo\/image\/"},"sameAs":["https:\/\/www.facebook.com\/strangercam","https:\/\/x.com\/strangercamapp"]}]}},"_links":{"self":[{"href":"https:\/\/strangercam.com\/cs\/wp-json\/wp\/v2\/pages\/12892","targetHints":{"allow":["GET"]}}],"collection":[{"href":"https:\/\/strangercam.com\/cs\/wp-json\/wp\/v2\/pages"}],"about":[{"href":"https:\/\/strangercam.com\/cs\/wp-json\/wp\/v2\/types\/page"}],"author":[{"embeddable":true,"href":"https:\/\/strangercam.com\/cs\/wp-json\/wp\/v2\/users\/6"}],"replies":[{"embeddable":true,"href":"https:\/\/strangercam.com\/cs\/wp-json\/wp\/v2\/comments?post=12892"}],"version-history":[{"count":2,"href":"https:\/\/strangercam.com\/cs\/wp-json\/wp\/v2\/pages\/12892\/revisions"}],"predecessor-version":[{"id":12894,"href":"https:\/\/strangercam.com\/cs\/wp-json\/wp\/v2\/pages\/12892\/revisions\/12894"}],"wp:attachment":[{"href":"https:\/\/strangercam.com\/cs\/wp-json\/wp\/v2\/media?parent=12892"}],"curies":[{"name":"wp","href":"https:\/\/api.w.org\/{rel}","templated":true}]}}