{"id":12890,"date":"2025-06-16T14:55:58","date_gmt":"2025-06-16T12:55:58","guid":{"rendered":"https:\/\/strangercam.com\/?page_id=12890"},"modified":"2025-06-16T14:57:21","modified_gmt":"2025-06-16T12:57:21","slug":"anoncam","status":"publish","type":"page","link":"https:\/\/strangercam.com\/cs\/anoncam\/","title":{"rendered":"AnonCam"},"content":{"rendered":"<p>Pokud se v\u00e1m st\u00fdsk\u00e1 po jednoduchosti p\u016fvodn\u00edch <a href=\"https:\/\/strangercam.com\/cs\/omegle\/\">Omegle<\/a>, kde jste mohli okam\u017eit\u011b a anonymn\u011b nav\u00e1zat videochat s ciz\u00edm \u010dlov\u011bkem, m\u016f\u017ee b\u00fdt Anoncam pr\u00e1v\u011b tou modern\u00ed alternativou, kterou hled\u00e1te. Aplikace Anoncam, vytvo\u0159en\u00e1 pro u\u017eivatele, kte\u0159\u00ed si cen\u00ed soukrom\u00ed, spont\u00e1nnosti a nulov\u00fdch z\u00e1vazk\u016f, omezuje n\u00e1hodn\u00fd videochat na jeho nejz\u00e1kladn\u011bj\u0161\u00ed formu - \u017e\u00e1dn\u00e9 \u00fa\u010dty, \u017e\u00e1dn\u00e9 \u017eivotopisy, \u017e\u00e1dn\u00e9 filtry - jen dva ciz\u00ed lid\u00e9 spojen\u00ed p\u0159es webovou kameru.<\/p>\n<p>V t\u00e9to podrobn\u00e9 recenzi rozebereme, co je Anoncam, jak\u00e9 funkce nab\u00edz\u00ed a jak se srovn\u00e1v\u00e1 s jin\u00fdmi popul\u00e1rn\u00edmi weby, jako je Omegle, <a href=\"https:\/\/strangercam.com\/cs\/chatroulette\/\">Chatroulette<\/a>, a Chatrandom a zda je to pro v\u00e1s ta spr\u00e1vn\u00e1 platforma v roce 2025.<\/p>\n<h2>Co je Anoncam?<\/h2>\n<p>Anoncam je 100% anonymn\u00ed platforma pro n\u00e1hodn\u00fd videochat, kter\u00e1 v\u00e1s tv\u00e1\u0159\u00ed v tv\u00e1\u0159 spoj\u00ed s ciz\u00edmi lidmi po cel\u00e9m sv\u011bt\u011b. Navazuje na tradi\u010dn\u00ed model chatu s webkamerou jeden na jednoho, kter\u00fd zpopularizovala slu\u017eba Omegle, ale vylep\u0161uje ho rychlej\u0161\u00edm rozhran\u00edm, vy\u0161\u0161\u00edm v\u00fdkonem na mobiln\u00edch za\u0159\u00edzen\u00edch a v\u011bt\u0161\u00edm d\u016frazem na bezpe\u010dnost u\u017eivatel\u016f.<\/p>\n<p>Nejsou zde \u017e\u00e1dn\u00e9 registrace, \u017e\u00e1dn\u00e1 u\u017eivatelsk\u00e1 jm\u00e9na, \u017e\u00e1dn\u00e9 profily ani fotografie. Kdy\u017e nav\u0161t\u00edv\u00edte Anoncam, d\u011bl\u00ed v\u00e1s od \u017eiv\u00e9ho videochatu s n\u011bk\u00fdm nov\u00fdm jedin\u00e9 kliknut\u00ed.<\/p>\n<h2>K \u010demu slou\u017e\u00ed Anoncam?<\/h2>\n<p>Anoncam je postaven na jednoduch\u00e9 my\u0161lence: mluvit s ciz\u00edmi lidmi, ani\u017e byste prozradili, kdo jste. V dob\u011b, kdy se v\u011bt\u0161ina soci\u00e1ln\u00edch platforem \u0159\u00edd\u00ed profily, sleduj\u00edc\u00edmi a digit\u00e1ln\u00edmi identitami, nab\u00edz\u00ed Anoncam vz\u00e1cn\u00fd \u00fanik. O\u017eivuje ducha ran\u00e9ho internetu - spont\u00e1nn\u00ed konverzace v re\u00e1ln\u00e9m \u010dase s \u00fapln\u011b ciz\u00edmi lidmi, nesv\u00e1zan\u00e9 s va\u0161\u00edm \u017eivotem na soci\u00e1ln\u00edch s\u00edt\u00edch.<\/p>\n<p>Jej\u00edmi hlavn\u00edmi c\u00edli jsou:<\/p>\n<ul>\n<li>Usnadn\u011bn\u00ed skute\u010dn\u00e9, anonymn\u00ed interakce mezi lidmi<\/li>\n<li>Pom\u00e1hat u\u017eivatel\u016fm <a href=\"https:\/\/strangercam.com\/cs\/coomeet\/\">Seznamte se s<\/a> lid\u00e9 bez z\u00e1t\u011b\u017ee profil\u016f a historie.<\/li>\n<li>Poskytnout bezpe\u010dn\u00fd prostor pro vyj\u00e1d\u0159en\u00ed, spojen\u00ed a konverzaci.<\/li>\n<\/ul>\n<p>A\u0165 u\u017e se nud\u00edte, jste osam\u011bl\u00ed, zv\u011bdav\u00ed, nebo si jen chcete svobodn\u011b popov\u00eddat bez odsuzov\u00e1n\u00ed, Anoncam v\u00e1m nab\u00edz\u00ed prost\u0159ed\u00ed bez n\u00e1tlaku.<\/p>\n<h2>Kl\u00ed\u010dov\u00e9 vlastnosti<\/h2>\n<p>1. Anonymn\u00ed videochat jeden na jednoho<br \/>\nJ\u00e1drem Anoncam je okam\u017eit\u00e9 videospojen\u00ed. Na\u010dtete str\u00e1nku, kliknete na \"Start\" a jste spojeni s jin\u00fdm cizincem pomoc\u00ed jeho webov\u00e9 kamery. \u017d\u00e1dn\u00e1 u\u017eivatelsk\u00e1 jm\u00e9na, \u017e\u00e1dn\u00fd proces p\u00e1rov\u00e1n\u00ed - jen dva lid\u00e9 tv\u00e1\u0159\u00ed v tv\u00e1\u0159.<\/p>\n<p>2. Funkce rychl\u00e9ho p\u0159i\u0159azov\u00e1n\u00ed a p\u0159eskakov\u00e1n\u00ed<br \/>\nNa dal\u0161\u00ed osobu m\u016f\u017eete p\u0159ej\u00edt jedin\u00fdm kliknut\u00edm. P\u00e1rov\u00e1n\u00ed je t\u00e9m\u011b\u0159 okam\u017eit\u00e9, s minim\u00e1ln\u00edm vyrovn\u00e1vac\u00ed pam\u011bt\u00ed nebo prostoje mezi relacemi, zejm\u00e9na ve \u0161pi\u010dce.<\/p>\n<p>3. Nen\u00ed vy\u017eadov\u00e1n \u00fa\u010det ani p\u0159ihl\u00e1\u0161en\u00ed<br \/>\nJednou z charakteristick\u00fdch vlastnost\u00ed Anoncamu je jeho naprost\u00e1 anonymita. K pou\u017e\u00edv\u00e1n\u00ed str\u00e1nek se nemus\u00edte registrovat ani poskytovat \u017e\u00e1dn\u00e9 informace. Ka\u017ed\u00e1 chatov\u00e1 relace je do\u010dasn\u00e1 a nezanech\u00e1v\u00e1 \u017e\u00e1dnou digit\u00e1ln\u00ed stopu.<\/p>\n<p>4. Design vhodn\u00fd pro mobiln\u00ed za\u0159\u00edzen\u00ed<br \/>\nAnoncam funguje dob\u0159e v po\u010d\u00edta\u010dov\u00fdch i mobiln\u00edch prohl\u00ed\u017ee\u010d\u00edch. Jej\u00ed design je optimalizov\u00e1n pro dotykov\u00e9 ovl\u00e1d\u00e1n\u00ed, co\u017e umo\u017e\u0148uje rychl\u00fd p\u0159\u00edstup ke kame\u0159e a jej\u00ed porovn\u00e1v\u00e1n\u00ed bez nutnosti stahov\u00e1n\u00ed aplikace.<\/p>\n<p>5. Voliteln\u00fd textov\u00fd chat<br \/>\nP\u0159esto\u017ee se Anoncam zam\u011b\u0159uje na video, nab\u00edz\u00ed tak\u00e9 mo\u017enost textov\u00e9ho chatu, a to bu\u010f vedle videa, nebo jako n\u00e1hradn\u00ed \u0159e\u0161en\u00ed pro u\u017eivatele, kte\u0159\u00ed necht\u011bj\u00ed mluvit nebo maj\u00ed technick\u00e9 probl\u00e9my.<\/p>\n<p>6. N\u00e1stroje pro tvorbu zpr\u00e1v a moderov\u00e1n\u00ed<br \/>\nU\u017eivatel\u00e9 mohou rychle nahl\u00e1sit nevhodn\u00e9 chov\u00e1n\u00ed a moder\u00e1torsk\u00fd t\u00fdm pracuje na p\u0159ezkoum\u00e1n\u00ed a z\u00e1kazu u\u017eivatel\u016f, kte\u0159\u00ed poru\u0161uj\u00ed pravidla platformy. \u017d\u00e1dn\u00e1 chatovac\u00ed str\u00e1nka nen\u00ed dokonal\u00e1, ale Anoncam bere bezpe\u010dnost u\u017eivatel\u016f v\u00e1\u017en\u011b.<\/p>\n<h2>Je Anoncam zdarma?<\/h2>\n<p>Ano, Anoncam je zcela zdarma. Neexistuj\u00ed \u017e\u00e1dn\u00e9 skryt\u00e9 n\u00e1klady, paywally ani uzam\u010den\u00e9 funkce. Z\u00edsk\u00e1te neomezen\u00fd p\u0159\u00edstup k:<\/p>\n<ul>\n<li>Videochat<\/li>\n<li>Textov\u00fd chat<\/li>\n<li>P\u0159esko\u010den\u00ed z\u00e1pasu<\/li>\n<li>Pou\u017e\u00edv\u00e1n\u00ed mobiln\u00edch a stoln\u00edch po\u010d\u00edta\u010d\u016f<\/li>\n<\/ul>\n<p>Neexistuje \u017e\u00e1dn\u00e1 pr\u00e9miov\u00e1 \u00farove\u0148 (od roku 2025), d\u00edky \u010demu\u017e je slu\u017eba p\u0159\u00edstupn\u00e1 v\u0161em a sni\u017euje se riziko zneu\u017eit\u00ed pr\u00e9miov\u00fdch funkc\u00ed podvodn\u00edky.<\/p>\n<h2>Kdo pou\u017e\u00edv\u00e1 Anoncam?<\/h2>\n<p>Spole\u010dnost Anoncam si vytvo\u0159ila celosv\u011btovou u\u017eivatelskou z\u00e1kladnu, kter\u00e1 zahrnuje r\u016fzn\u00e9 demografick\u00e9 skupiny, ale m\u00e1 n\u011bkolik spole\u010dn\u00fdch rys\u016f:<\/p>\n<ul>\n<li>V\u011bkov\u00e9 rozmez\u00ed: P\u0159edev\u0161\u00edm 18 a\u017e 35 let<\/li>\n<li>Rozd\u011blen\u00ed podle pohlav\u00ed: V\u011bt\u0161inou mu\u017ei, ale aktivn\u00ed jsou i \u017eeny - zejm\u00e9na v hodin\u00e1ch zv\u00fd\u0161en\u00e9ho provozu.<\/li>\n<li>Z\u00e1m\u011br: Neform\u00e1ln\u00ed konverzace, flirtov\u00e1n\u00ed, ventilace, procvi\u010dov\u00e1n\u00ed jazyk\u016f nebo jen kr\u00e1cen\u00ed \u010dasu.<\/li>\n<\/ul>\n<p>Je obl\u00edben\u00fd zejm\u00e9na mezi:<\/p>\n<ul>\n<li>Univerzitn\u00ed studenti<\/li>\n<li>No\u010dn\u00ed sovy hledaj\u00ed spole\u010dnost<\/li>\n<li>Digit\u00e1ln\u00ed nom\u00e1di a cestovatel\u00e9<\/li>\n<li>Lid\u00e9, kte\u0159\u00ed si cht\u011bj\u00ed odpo\u010dinout od soci\u00e1ln\u00edch m\u00e9di\u00ed<\/li>\n<\/ul>\n<p>D\u00edky sv\u00e9 anonymit\u011b Anoncam p\u0159itahuje tak\u00e9 u\u017eivatele, kte\u0159\u00ed cht\u011bj\u00ed svobodn\u011b mluvit, sd\u00edlet my\u0161lenky nebo zkoumat t\u00e9mata, ani\u017e by je v\u00e1zali na osobn\u00ed identitu.<\/p>\n<h2>Bezpe\u010dnost, soukrom\u00ed a moderov\u00e1n\u00ed<\/h2>\n<p>Anonymita m\u016f\u017ee b\u00fdt osvobozuj\u00edc\u00ed, ale tak\u00e9 vyvol\u00e1v\u00e1 opr\u00e1vn\u011bn\u00e9 obavy ohledn\u011b chov\u00e1n\u00ed u\u017eivatel\u016f. Anoncam se je sna\u017e\u00ed \u0159e\u0161it vyv\u00e1\u017eenou bezpe\u010dnostn\u00ed strategi\u00ed:<\/p>\n<h3>Ochrana osobn\u00edch \u00fadaj\u016f<\/h3>\n<ul>\n<li>\u017d\u00e1dn\u00e9 \u00fa\u010dty ani p\u0159ihl\u00e1\u0161en\u00ed<\/li>\n<li>\u017d\u00e1dn\u00e9 nahr\u00e1v\u00e1n\u00ed nebo ukl\u00e1d\u00e1n\u00ed videochat\u016f<\/li>\n<li>Va\u0161e IP adresa nen\u00ed ve\u0159ejn\u011b viditeln\u00e1<\/li>\n<li>\u017d\u00e1dn\u00e1 data nejsou sd\u00edlena s t\u0159et\u00edmi stranami<\/li>\n<\/ul>\n<h3>Moderov\u00e1n\u00ed<\/h3>\n<ul>\n<li>Tla\u010d\u00edtko hl\u00e1\u0161en\u00ed v aplikaci b\u011bhem videochat\u016f<\/li>\n<li>detekce nahoty nebo ur\u00e1\u017eliv\u00e9ho obsahu na z\u00e1klad\u011b um\u011bl\u00e9 inteligence<\/li>\n<li>Rychl\u00e9 z\u00e1kazy pro opakovan\u00e9 p\u0159estupky nebo nahl\u00e1\u0161en\u00e9 u\u017eivatele<\/li>\n<li>Moderov\u00e1n\u00ed relac\u00ed s vysokou n\u00e1v\u0161t\u011bvnost\u00ed v re\u00e1ln\u00e9m \u010dase<\/li>\n<\/ul>\n<p>Jako v\u017edy by u\u017eivatel\u00e9 m\u011bli b\u00fdt obez\u0159etn\u00ed:<\/p>\n<ul>\n<li>Nikdy nesd\u00edlejte osobn\u00ed \u00fadaje<\/li>\n<li>P\u0159esko\u010dit u\u017eivatele, kte\u0159\u00ed se chovaj\u00ed podez\u0159ele nebo agresivn\u011b.<\/li>\n<li>V p\u0159\u00edpad\u011b pot\u0159eby pou\u017eijte funkci hl\u00e1\u0161en\u00ed<\/li>\n<\/ul>\n<h2>U\u017eivatelsk\u00e9 rozhran\u00ed a zku\u0161enosti<\/h2>\n<p>U\u017eivatelsk\u00e9 rozhran\u00ed aplikace Anoncam je jednoduch\u00e9 a efektivn\u00ed. Domovsk\u00e1 str\u00e1nka obsahuje jen to nejnutn\u011bj\u0161\u00ed:<\/p>\n<ul>\n<li>Tla\u010d\u00edtko \"Spustit chat\"<\/li>\n<li>Z\u00e1kladn\u00ed pravidla<\/li>\n<li>V\u00fdzvy k povolen\u00ed kamery a mikrofonu<\/li>\n<\/ul>\n<p>Jakmile kliknete na tla\u010d\u00edtko pro zah\u00e1jen\u00ed, b\u011bhem n\u011bkolika sekund se s n\u011bk\u00fdm spoj\u00edte. Ovl\u00e1dac\u00ed prvky na obrazovce v\u00e1m umo\u017en\u00ed:<\/p>\n<ul>\n<li>P\u0159esko\u010dit<\/li>\n<li>Ztlumen\u00ed mikrofonu<\/li>\n<li>Ukon\u010den\u00ed chatu<\/li>\n<li>Nahl\u00e1sit<\/li>\n<\/ul>\n<p>Nejsou zde \u017e\u00e1dn\u00e1 vyskakovac\u00ed okna, v\u00fdzvy k registraci ani ru\u0161iv\u00e9 prvky - osv\u011b\u017euj\u00edc\u00ed zm\u011bna oproti mnoha jin\u00fdm. <a href=\"https:\/\/strangercam.com\/cs\/bazoocam\/\">cam<\/a> chatovac\u00ed platformy, kter\u00e9 agresivn\u011b prosazuj\u00ed upsell nebo reklamy.<\/p>\n<p>V\u00fdkonnostn\u011b web b\u011b\u017e\u00ed hladce i na za\u0159\u00edzen\u00edch st\u0159edn\u00ed t\u0159\u00eddy a podporuje prohl\u00ed\u017ee\u010de Chrome, Firefox, Safari a Edge na v\u0161ech platform\u00e1ch.<\/p>\n<h2>Anoncam vs. jin\u00e9 anonymn\u00ed chatovac\u00ed platformy<\/h2>\n<p>Anoncam se nach\u00e1z\u00ed ve specifick\u00e9m v\u00fdklenku skute\u010dn\u011b anonymn\u00edho n\u00e1hodn\u00e9ho videochatu. Zde je srovn\u00e1n\u00ed s ostatn\u00edmi v\u00fdznamn\u00fdmi hr\u00e1\u010di:<\/p>\n<table>\n<thead>\n<tr>\n<th>Platforma<\/th>\n<th>Registrace<\/th>\n<th>Videochat<\/th>\n<th>Textov\u00fd chat<\/th>\n<th>Filtry<\/th>\n<th>Anonymita<\/th>\n<th>Moderov\u00e1n\u00ed<\/th>\n<\/tr>\n<\/thead>\n<tbody>\n<tr>\n<td>Anoncam<\/td>\n<td>Ne<\/td>\n<td>Ano<\/td>\n<td>Ano<\/td>\n<td>Ne<\/td>\n<td>Siln\u00fd<\/td>\n<td>M\u00edrn\u00e1<\/td>\n<\/tr>\n<tr>\n<td>Omegle<\/td>\n<td>Ne<\/td>\n<td>Ano<\/td>\n<td>Ano<\/td>\n<td>Ne<\/td>\n<td>Siln\u00fd<\/td>\n<td>Slab\u00e9<\/td>\n<\/tr>\n<tr>\n<td>Chatroulette<\/td>\n<td>Ne<\/td>\n<td>Ano<\/td>\n<td>Omezen\u00e9<\/td>\n<td>Ano<\/td>\n<td>M\u00edrn\u00e1<\/td>\n<td>M\u00edrn\u00e1<\/td>\n<\/tr>\n<tr>\n<td>Chatrandom<\/td>\n<td>Voliteln\u011b<\/td>\n<td>Ano<\/td>\n<td>Ano<\/td>\n<td>Ano<\/td>\n<td>M\u00edrn\u00e1<\/td>\n<td>Siln\u00fd<\/td>\n<\/tr>\n<tr>\n<td><a href=\"https:\/\/strangercam.com\/cs\/ometv\/\">OmeTV<\/a><\/td>\n<td>Ne<\/td>\n<td>Ano<\/td>\n<td>Ano<\/td>\n<td>Ano<\/td>\n<td>M\u00edrn\u00e1<\/td>\n<td>Siln\u00fd<\/td>\n<\/tr>\n<\/tbody>\n<\/table>\n<p>Shrnut\u00ed: Anoncam up\u0159ednost\u0148uje anonymitu p\u0159ed filtry nebo pr\u00e9miov\u00fdmi funkcemi. Pokud hled\u00e1te n\u011bco minim\u00e1ln\u00edho, syrov\u00e9ho a okam\u017eit\u00e9ho, p\u0159ekon\u00e1v\u00e1 platformy, kter\u00e9 se zam\u011b\u0159uj\u00ed na syst\u00e9my zalo\u017een\u00e9 na \u00fa\u010dtech nebo na zpen\u011b\u017een\u00ed.<\/p>\n<h2>V\u00fdhody a nev\u00fdhody<\/h2>\n<h3>Klady<\/h3>\n<ul>\n<li>Skute\u010dn\u011b anonymn\u00ed videochat<\/li>\n<li>Nevy\u017eaduje se \u017e\u00e1dn\u00e1 registrace ani osobn\u00ed \u00fadaje<\/li>\n<li>Rychl\u00e9 p\u00e1rov\u00e1n\u00ed a stabiln\u00ed v\u00fdkon<\/li>\n<li>Kompatibiln\u00ed s mobiln\u00edmi za\u0159\u00edzen\u00edmi a stoln\u00edmi po\u010d\u00edta\u010di<\/li>\n<li>Nav\u017edy zdarma - \u017e\u00e1dn\u00e9 skryt\u00e9 poplatky<\/li>\n<li>Skv\u011ble se hod\u00ed k nez\u00e1vazn\u00e9 konverzaci, ventilaci nebo spont\u00e1nn\u00edm rozhovor\u016fm.<\/li>\n<\/ul>\n<h3>Nev\u00fdhody<\/h3>\n<ul>\n<li>\u017d\u00e1dn\u00e9 filtry podle pohlav\u00ed nebo zem\u011b<\/li>\n<li>P\u0159\u00edle\u017eitostn\u00e9 vystaven\u00ed nevhodn\u00fdm u\u017eivatel\u016fm<\/li>\n<li>Omezen\u00e1 u\u017eivatelsk\u00e1 z\u00e1kladna ve srovn\u00e1n\u00ed se star\u0161\u00edmi platformami<\/li>\n<li>\u017d\u00e1dn\u00e9 ulo\u017een\u00e9 z\u00e1pasy nebo soci\u00e1ln\u00ed funkce<\/li>\n<\/ul>\n<h2>Ide\u00e1ln\u00ed p\u0159\u00edpady pou\u017eit\u00ed<\/h2>\n<p>Anoncam se skv\u011ble hod\u00ed pro lidi, kte\u0159\u00ed:<\/p>\n<ul>\n<li>Chcete anonymn\u00ed interakci tv\u00e1\u0159\u00ed v tv\u00e1\u0159<\/li>\n<li>Chyb\u00ed p\u016fvodn\u00ed jednoduchost Omegle<\/li>\n<li>Hledaj\u00ed introverti spojen\u00ed bez tlaku profilu?<\/li>\n<li>Chcete si jen promluvit nebo se odreagovat bez odsuzov\u00e1n\u00ed<\/li>\n<li>zkoumaj\u00ed mezin\u00e1rodn\u00ed konverzace a p\u0159\u00e1telstv\u00ed<\/li>\n<\/ul>\n<p>Nen\u00ed ide\u00e1ln\u00ed pro:<\/p>\n<ul>\n<li>U\u017eivatel\u00e9, kte\u0159\u00ed hledaj\u00ed z\u00e1\u017eitky zam\u011b\u0159en\u00e9 na seznamov\u00e1n\u00ed<\/li>\n<li>Lid\u00e9, kter\u00fdm je nep\u0159\u00edjemn\u00e9 b\u00fdt p\u0159ed webkamerou<\/li>\n<li>Ti, kte\u0159\u00ed o\u010dek\u00e1vaj\u00ed p\u00e1rov\u00e1n\u00ed na z\u00e1klad\u011b profilu<\/li>\n<li>Nezletil\u00ed u\u017eivatel\u00e9 (Anoncam je ur\u010den pouze pro star\u0161\u00ed 18 let)<\/li>\n<\/ul>\n<p>Anoncam \u00fasp\u011b\u0161n\u011b o\u017eivuje p\u016fvodn\u00ed vizi n\u00e1hodn\u00e9ho videochatu - rychl\u00e9ho, anonymn\u00edho a lidsk\u00e9ho. V dob\u011b, kdy v\u011bt\u0161ina aplikac\u00ed chce va\u0161e data, pen\u00edze a \u010das, chce Anoncam jen jedno: konverzaci v re\u00e1ln\u00e9m \u010dase mezi dv\u011bma ciz\u00edmi lidmi.<\/p>\n<p>Nen\u00ed p\u0159epln\u011bn\u00e1 funkcemi ani p\u0159edplatn\u00fdm. Nep\u0159edst\u00edr\u00e1, \u017ee je to seznamovac\u00ed aplikace. A nevy\u017eaduje v\u00e1\u0161 e-mail, jm\u00e9no ani polohu. Jste to jen vy a druh\u00e1 osoba, tv\u00e1\u0159\u00ed v tv\u00e1\u0159, na p\u00e1r vte\u0159in - nebo minut - ne\u017e se posunete d\u00e1l.<\/p>\n<p>Pokud hled\u00e1te soukrom\u00fd, nez\u00e1vazn\u00fd zp\u016fsob, jak se sezn\u00e1mit s nov\u00fdmi lidmi online v roce 2025, Anoncam je jednou z nejlep\u0161\u00edch minimalistick\u00fdch platforem. Jednoduch\u00e1, bezplatn\u00e1 a anonymn\u00ed - p\u0159esn\u011b takov\u00e1, jak\u00e1 m\u011bla b\u00fdt.<\/p>","protected":false},"excerpt":{"rendered":"<p>If you miss the simplicity of the original Omegle, where you could jump into a video chat with a stranger instantly and anonymously, Anoncam might just be the modern-day alternative you\u2019re looking for. Built for users who value privacy, spontaneity, and zero commitment, Anoncam strips random video chat down to its most essential form\u2014no accounts, [&hellip;]<\/p>\n","protected":false},"author":6,"featured_media":0,"parent":0,"menu_order":0,"comment_status":"closed","ping_status":"closed","template":"","meta":{"footnotes":""},"class_list":["post-12890","page","type-page","status-publish","hentry"],"yoast_head":"<!-- This site is optimized with the Yoast SEO plugin v27.4 - https:\/\/yoast.com\/product\/yoast-seo-wordpress\/ -->\n<title>AnonCam - Real Anon Random Video Chat on StrangerCam.com<\/title>\n<meta name=\"description\" content=\"Like AnonCam? Come chat with more than 5.000.000 strangers on Stranger Cam for Free! Turn on your cam and find new friends &amp; maby a match!\" \/>\n<meta name=\"robots\" content=\"index, follow, max-snippet:-1, max-image-preview:large, max-video-preview:-1\" \/>\n<link rel=\"canonical\" href=\"https:\/\/strangercam.com\/cs\/anoncam\/\" \/>\n<meta property=\"og:locale\" content=\"cs_CZ\" \/>\n<meta property=\"og:type\" content=\"article\" \/>\n<meta property=\"og:title\" content=\"AnonCam - Real Anon Random Video Chat on StrangerCam.com\" \/>\n<meta property=\"og:description\" content=\"Like AnonCam? Come chat with more than 5.000.000 strangers on Stranger Cam for Free! Turn on your cam and find new friends &amp; maby a match!\" \/>\n<meta property=\"og:url\" content=\"https:\/\/strangercam.com\/cs\/anoncam\/\" \/>\n<meta property=\"og:site_name\" content=\"Strangercam\" \/>\n<meta property=\"article:publisher\" content=\"https:\/\/www.facebook.com\/strangercam\" \/>\n<meta property=\"article:modified_time\" content=\"2025-06-16T12:57:21+00:00\" \/>\n<meta property=\"og:image\" content=\"https:\/\/strangercam.com\/wp-content\/uploads\/2021\/10\/Untitled-2.png\" \/>\n\t<meta property=\"og:image:width\" content=\"800\" \/>\n\t<meta property=\"og:image:height\" content=\"532\" \/>\n\t<meta property=\"og:image:type\" content=\"image\/png\" \/>\n<meta name=\"twitter:card\" content=\"summary_large_image\" \/>\n<meta name=\"twitter:site\" content=\"@strangercamapp\" \/>\n<meta name=\"twitter:label1\" content=\"Odhadovan\u00e1 doba \u010dten\u00ed\" \/>\n\t<meta name=\"twitter:data1\" content=\"6 minut\" \/>\n<script type=\"application\/ld+json\" class=\"yoast-schema-graph\">{\"@context\":\"https:\\\/\\\/schema.org\",\"@graph\":[{\"@type\":\"WebPage\",\"@id\":\"https:\\\/\\\/strangercam.com\\\/anoncam\\\/\",\"url\":\"https:\\\/\\\/strangercam.com\\\/anoncam\\\/\",\"name\":\"AnonCam - Real Anon Random Video Chat on StrangerCam.com\",\"isPartOf\":{\"@id\":\"https:\\\/\\\/strangercam.com\\\/#website\"},\"datePublished\":\"2025-06-16T12:55:58+00:00\",\"dateModified\":\"2025-06-16T12:57:21+00:00\",\"description\":\"Like AnonCam? Come chat with more than 5.000.000 strangers on Stranger Cam for Free! Turn on your cam and find new friends & maby a match!\",\"breadcrumb\":{\"@id\":\"https:\\\/\\\/strangercam.com\\\/anoncam\\\/#breadcrumb\"},\"inLanguage\":\"cs\",\"potentialAction\":[{\"@type\":\"ReadAction\",\"target\":[\"https:\\\/\\\/strangercam.com\\\/anoncam\\\/\"]}]},{\"@type\":\"BreadcrumbList\",\"@id\":\"https:\\\/\\\/strangercam.com\\\/anoncam\\\/#breadcrumb\",\"itemListElement\":[{\"@type\":\"ListItem\",\"position\":1,\"name\":\"Home\",\"item\":\"https:\\\/\\\/strangercam.com\\\/\"},{\"@type\":\"ListItem\",\"position\":2,\"name\":\"AnonCam\"}]},{\"@type\":\"WebSite\",\"@id\":\"https:\\\/\\\/strangercam.com\\\/#website\",\"url\":\"https:\\\/\\\/strangercam.com\\\/\",\"name\":\"Strangercam\",\"description\":\"Random Video Chat with Strangers\",\"publisher\":{\"@id\":\"https:\\\/\\\/strangercam.com\\\/#organization\"},\"alternateName\":\"Strangercam.com\",\"potentialAction\":[{\"@type\":\"SearchAction\",\"target\":{\"@type\":\"EntryPoint\",\"urlTemplate\":\"https:\\\/\\\/strangercam.com\\\/?s={search_term_string}\"},\"query-input\":{\"@type\":\"PropertyValueSpecification\",\"valueRequired\":true,\"valueName\":\"search_term_string\"}}],\"inLanguage\":\"cs\"},{\"@type\":\"Organization\",\"@id\":\"https:\\\/\\\/strangercam.com\\\/#organization\",\"name\":\"Strangercam\",\"alternateName\":\"Strangercam.com\",\"url\":\"https:\\\/\\\/strangercam.com\\\/\",\"logo\":{\"@type\":\"ImageObject\",\"inLanguage\":\"cs\",\"@id\":\"https:\\\/\\\/strangercam.com\\\/#\\\/schema\\\/logo\\\/image\\\/\",\"url\":\"https:\\\/\\\/strangercam.com\\\/wp-content\\\/uploads\\\/2020\\\/11\\\/cropped-new-favicon-black.png\",\"contentUrl\":\"https:\\\/\\\/strangercam.com\\\/wp-content\\\/uploads\\\/2020\\\/11\\\/cropped-new-favicon-black.png\",\"width\":512,\"height\":512,\"caption\":\"Strangercam\"},\"image\":{\"@id\":\"https:\\\/\\\/strangercam.com\\\/#\\\/schema\\\/logo\\\/image\\\/\"},\"sameAs\":[\"https:\\\/\\\/www.facebook.com\\\/strangercam\",\"https:\\\/\\\/x.com\\\/strangercamapp\"]}]}<\/script>\n<!-- \/ Yoast SEO plugin. -->","yoast_head_json":{"title":"AnonCam - Skute\u010dn\u00fd n\u00e1hodn\u00fd videochat Anon na StrangerCam.com","description":"Jako AnonCam? Poj\u010fte chatovat s v\u00edce ne\u017e 5 000 000 cizinci na Stranger Cam zdarma! Zapn\u011bte svou kameru a najd\u011bte nov\u00e9 p\u0159\u00e1tele &amp; maby z\u00e1pas!","robots":{"index":"index","follow":"follow","max-snippet":"max-snippet:-1","max-image-preview":"max-image-preview:large","max-video-preview":"max-video-preview:-1"},"canonical":"https:\/\/strangercam.com\/cs\/anoncam\/","og_locale":"cs_CZ","og_type":"article","og_title":"AnonCam - Real Anon Random Video Chat on StrangerCam.com","og_description":"Like AnonCam? Come chat with more than 5.000.000 strangers on Stranger Cam for Free! Turn on your cam and find new friends & maby a match!","og_url":"https:\/\/strangercam.com\/cs\/anoncam\/","og_site_name":"Strangercam","article_publisher":"https:\/\/www.facebook.com\/strangercam","article_modified_time":"2025-06-16T12:57:21+00:00","og_image":[{"width":800,"height":532,"url":"https:\/\/strangercam.com\/wp-content\/uploads\/2021\/10\/Untitled-2.png","type":"image\/png"}],"twitter_card":"summary_large_image","twitter_site":"@strangercamapp","twitter_misc":{"Odhadovan\u00e1 doba \u010dten\u00ed":"6 minut"},"schema":{"@context":"https:\/\/schema.org","@graph":[{"@type":"WebPage","@id":"https:\/\/strangercam.com\/anoncam\/","url":"https:\/\/strangercam.com\/anoncam\/","name":"AnonCam - Skute\u010dn\u00fd n\u00e1hodn\u00fd videochat Anon na StrangerCam.com","isPartOf":{"@id":"https:\/\/strangercam.com\/#website"},"datePublished":"2025-06-16T12:55:58+00:00","dateModified":"2025-06-16T12:57:21+00:00","description":"Jako AnonCam? Poj\u010fte chatovat s v\u00edce ne\u017e 5 000 000 cizinci na Stranger Cam zdarma! Zapn\u011bte svou kameru a najd\u011bte nov\u00e9 p\u0159\u00e1tele &amp; maby z\u00e1pas!","breadcrumb":{"@id":"https:\/\/strangercam.com\/anoncam\/#breadcrumb"},"inLanguage":"cs","potentialAction":[{"@type":"ReadAction","target":["https:\/\/strangercam.com\/anoncam\/"]}]},{"@type":"BreadcrumbList","@id":"https:\/\/strangercam.com\/anoncam\/#breadcrumb","itemListElement":[{"@type":"ListItem","position":1,"name":"Home","item":"https:\/\/strangercam.com\/"},{"@type":"ListItem","position":2,"name":"AnonCam"}]},{"@type":"WebSite","@id":"https:\/\/strangercam.com\/#website","url":"https:\/\/strangercam.com\/","name":"Strangercam","description":"N\u00e1hodn\u00fd videochat s ciz\u00edmi lidmi","publisher":{"@id":"https:\/\/strangercam.com\/#organization"},"alternateName":"Strangercam.com","potentialAction":[{"@type":"SearchAction","target":{"@type":"EntryPoint","urlTemplate":"https:\/\/strangercam.com\/?s={search_term_string}"},"query-input":{"@type":"PropertyValueSpecification","valueRequired":true,"valueName":"search_term_string"}}],"inLanguage":"cs"},{"@type":"Organization","@id":"https:\/\/strangercam.com\/#organization","name":"Strangercam","alternateName":"Strangercam.com","url":"https:\/\/strangercam.com\/","logo":{"@type":"ImageObject","inLanguage":"cs","@id":"https:\/\/strangercam.com\/#\/schema\/logo\/image\/","url":"https:\/\/strangercam.com\/wp-content\/uploads\/2020\/11\/cropped-new-favicon-black.png","contentUrl":"https:\/\/strangercam.com\/wp-content\/uploads\/2020\/11\/cropped-new-favicon-black.png","width":512,"height":512,"caption":"Strangercam"},"image":{"@id":"https:\/\/strangercam.com\/#\/schema\/logo\/image\/"},"sameAs":["https:\/\/www.facebook.com\/strangercam","https:\/\/x.com\/strangercamapp"]}]}},"_links":{"self":[{"href":"https:\/\/strangercam.com\/cs\/wp-json\/wp\/v2\/pages\/12890","targetHints":{"allow":["GET"]}}],"collection":[{"href":"https:\/\/strangercam.com\/cs\/wp-json\/wp\/v2\/pages"}],"about":[{"href":"https:\/\/strangercam.com\/cs\/wp-json\/wp\/v2\/types\/page"}],"author":[{"embeddable":true,"href":"https:\/\/strangercam.com\/cs\/wp-json\/wp\/v2\/users\/6"}],"replies":[{"embeddable":true,"href":"https:\/\/strangercam.com\/cs\/wp-json\/wp\/v2\/comments?post=12890"}],"version-history":[{"count":1,"href":"https:\/\/strangercam.com\/cs\/wp-json\/wp\/v2\/pages\/12890\/revisions"}],"predecessor-version":[{"id":12891,"href":"https:\/\/strangercam.com\/cs\/wp-json\/wp\/v2\/pages\/12890\/revisions\/12891"}],"wp:attachment":[{"href":"https:\/\/strangercam.com\/cs\/wp-json\/wp\/v2\/media?parent=12890"}],"curies":[{"name":"wp","href":"https:\/\/api.w.org\/{rel}","templated":true}]}}