{"id":12887,"date":"2025-06-16T14:52:18","date_gmt":"2025-06-16T12:52:18","guid":{"rendered":"https:\/\/strangercam.com\/?page_id=12887"},"modified":"2025-06-16T14:52:18","modified_gmt":"2025-06-16T12:52:18","slug":"chmelovy","status":"publish","type":"page","link":"https:\/\/strangercam.com\/cs\/hoppy\/","title":{"rendered":"Hoppy"},"content":{"rendered":"<p>Ve sv\u011bt\u011b \u00fanavy ze swipov\u00e1n\u00ed a nekone\u010dn\u00e9ho proch\u00e1zen\u00ed seznamovac\u00edch profil\u016f p\u0159in\u00e1\u0161\u00ed Hoppy n\u011bco jin\u00e9ho: video v re\u00e1ln\u00e9m \u010dase. <a href=\"https:\/\/strangercam.com\/cs\/chathub\/\">chat<\/a> jako prvn\u00ed krok k sezn\u00e1men\u00ed s n\u011bk\u00fdm nov\u00fdm. Spojen\u00edm z\u00e1bavy z n\u00e1hodn\u00fdch chat\u016f mezi kamerami se z\u00e1m\u011brem rand\u011bn\u00ed se Hoppy stav\u00ed n\u011bkam mezi seznamovac\u00ed aplikaci a video seznamku.<\/p>\n<p>Pokud v\u00e1s u\u017e nebav\u00ed chatov\u00e1n\u00ed pouze s textov\u00fdmi zpr\u00e1vami, kter\u00e9 vyprch\u00e1 je\u0161t\u011b p\u0159ed prvn\u00edm rande, nebo seznamovac\u00ed aplikace, kde lid\u00e9 jen z\u0159\u00eddkakdy odpov\u00eddaj\u00ed, nab\u00edz\u00ed Hoppy rychl\u00fd, interaktivn\u00ed a lidsk\u00fd zp\u016fsob, jak nav\u00e1zat skute\u010dn\u00e9 vztahy.<\/p>\n<p>V t\u00e9to recenzi se pod\u00edv\u00e1me, jak p\u0159esn\u011b Hoppy funguje, pro koho je nejlep\u0161\u00ed, jak\u00e9 funkce obsahuje, jak si stoj\u00ed v porovn\u00e1n\u00ed s ostatn\u00edmi platformami a zda stoj\u00ed za v\u00e1\u0161 \u010das v roce 2025.<\/p>\n<h2>Co je Hoppy?<\/h2>\n<p>Hoppy je seznamovac\u00ed platforma pro videochat, kde se u\u017eivatel\u00e9 seznamuj\u00ed s ostatn\u00edmi prost\u0159ednictv\u00edm n\u00e1hodn\u00fdch videohovor\u016f jeden na jednoho. Na rozd\u00edl od tradi\u010dn\u00edch seznamovac\u00edch aplikac\u00ed, kde proch\u00e1z\u00edte profily a \u010dek\u00e1te na shodu, Hoppy v\u00e1s hned od za\u010d\u00e1tku vrhne do \u017eiv\u00e9 interakce. Sv\u016fj prot\u011bj\u0161ek vid\u00edte a mluv\u00edte s n\u00edm v re\u00e1ln\u00e9m \u010dase a okam\u017eit\u011b se rozhodnete, zda mezi v\u00e1mi a prot\u011bj\u0161kem panuje chemie - nebo zda se posunete d\u00e1l.<\/p>\n<p>My\u0161lenka je jednoduch\u00e1: kr\u00e1tk\u00e9 videochaty tv\u00e1\u0159\u00ed v tv\u00e1\u0159, kter\u00e9 funguj\u00ed jako virtu\u00e1ln\u00ed \"prvn\u00ed rande\", d\u00edky nim\u017e m\u016f\u017eete p\u0159esko\u010dit nekone\u010dn\u00e9 psan\u00ed zpr\u00e1v a hned na za\u010d\u00e1tku zjistit, zda mezi v\u00e1mi vzniklo skute\u010dn\u00e9 pouto.<\/p>\n<p>\u010casto se popisuje jako:<\/p>\n<ul>\n<li>Video-prvn\u00ed chodit s n\u011bk\u00fdm site<\/li>\n<li>Rychl\u00e1 seznamovac\u00ed platforma pro digit\u00e1ln\u00ed v\u011bk<\/li>\n<li>Hybrid mezi <a href=\"https:\/\/strangercam.com\/cs\/chatroulette\/\">Chatroulette<\/a> a Tinder<\/li>\n<\/ul>\n<h2>K \u010demu slou\u017e\u00ed Hoppy?<\/h2>\n<p>Posl\u00e1n\u00edm Hoppy je pom\u00e1hat lidem navazovat skute\u010dn\u00e9 romantick\u00e9 vztahy prost\u0159ednictv\u00edm \u017eiv\u00e9ho videa. Platforma je ur\u010dena pro:<\/p>\n<ul>\n<li>Nezadan\u00ed hledaj\u00ed autenti\u010dt\u011bj\u0161\u00ed prvn\u00ed dojem<\/li>\n<li>Lid\u00e9 unaven\u00ed z ghostingu a fale\u0161n\u00fdch profil\u016f<\/li>\n<li>U\u017eivatel\u00e9, kte\u0159\u00ed d\u00e1vaj\u00ed p\u0159ednost vizu\u00e1ln\u00ed chemii a \u017eiv\u00e9 interakci p\u0159ed textem.<\/li>\n<\/ul>\n<p>Zat\u00edmco v\u011bt\u0161ina seznamovac\u00edch aplikac\u00ed se spol\u00e9h\u00e1 na upraven\u00e9 \u017eivotopisy a filtrovan\u00e9 fotografie, Hoppy p\u0159ech\u00e1z\u00ed rovnou k re\u00e1ln\u00e9mu setk\u00e1n\u00ed dvou ciz\u00edch lid\u00ed tv\u00e1\u0159\u00ed v tv\u00e1\u0159 p\u0159es webovou kameru, kte\u0159\u00ed se rozhoduj\u00ed, zda budou pokra\u010dovat v konverzaci, nebo se p\u0159esunou d\u00e1l.<\/p>\n<p>Platforma je dostate\u010dn\u011b neform\u00e1ln\u00ed pro flirtov\u00e1n\u00ed a z\u00e1bavu, ale z\u00e1rove\u0148 dostate\u010dn\u011b strukturovan\u00e1, aby p\u0159il\u00e1kala lidi, kte\u0159\u00ed se skute\u010dn\u011b zaj\u00edmaj\u00ed o rand\u011bn\u00ed a ne jen o bezc\u00edln\u00e9 chatov\u00e1n\u00ed.<\/p>\n<h2>Kl\u00ed\u010dov\u00e9 vlastnosti<\/h2>\n<p>1. N\u00e1hodn\u00e9 porovn\u00e1v\u00e1n\u00ed vide\u00ed jeden na jednoho<br \/>\nHlavn\u00ed funkc\u00ed Hoppy jsou \u017eiv\u00e9 videochaty jeden na jednoho s n\u00e1hodn\u011b vybran\u00fdmi u\u017eivateli. Ka\u017ed\u00e1 konverzace je \u010dasov\u011b omezen\u00e1, obvykle trv\u00e1 minutu nebo dv\u011b, a pot\u00e9 se oba u\u017eivatel\u00e9 mohou rozhodnout, zda budou pokra\u010dovat ve spojen\u00ed, nebo se p\u0159esunou jinam.<\/p>\n<p>2. Syst\u00e9m dvojit\u00e9 shody Opt-In<br \/>\nPo videochatu mohou oba u\u017eivatel\u00e9 interakci \"lajkovat\". Pokud spolu oba lid\u00e9 cht\u011bj\u00ed znovu mluvit, vytvo\u0159\u00ed se shoda a v aplikaci m\u016f\u017eete pokra\u010dovat v chatu prost\u0159ednictv\u00edm textu nebo videa.<\/p>\n<p>3. Shoda fronty a op\u011btovn\u00e9ho p\u0159ipojen\u00ed<br \/>\nHoppy obsahuje historii z\u00e1pas\u016f a seznam posledn\u00edch chat\u016f, tak\u017ee se m\u016f\u017eete vr\u00e1tit ke konverzaci nebo se znovu spojit s n\u011bk\u00fdm, s k\u00fdm jste r\u00e1di mluvili.<\/p>\n<p>4. Filtry pro pohlav\u00ed a z\u00e1jmy <em>(funkce Premium)<\/em><br \/>\nZ\u00e1kladn\u00ed zku\u0161enost je sice n\u00e1hodn\u00e1, ale Hoppy nab\u00edz\u00ed filtry, tak\u017ee se m\u016f\u017eete seznamovat s lidmi ur\u010dit\u00e9ho pohlav\u00ed nebo regionu. To pom\u00e1h\u00e1 zv\u00fd\u0161it \u0161anci na nalezen\u00ed prot\u011bj\u0161ku, kter\u00fd odpov\u00edd\u00e1 va\u0161im preferenc\u00edm.<\/p>\n<p>5. P\u0159izp\u016fsoben\u00ed profilu<br \/>\nKa\u017ed\u00fd u\u017eivatel si m\u016f\u017ee vytvo\u0159it sv\u011bteln\u00fd profil s:<\/p>\n<ul>\n<li>Profilov\u00fd obr\u00e1zek<\/li>\n<li>Z\u00e1kladn\u00ed bio<\/li>\n<li>Um\u00edst\u011bn\u00ed<\/li>\n<li>Pohlav\u00ed a preference p\u0159i rand\u011bn\u00ed<\/li>\n<\/ul>\n<p>Tyto profily jsou v\u0161ak odhaleny a\u017e po utk\u00e1n\u00ed, tak\u017ee po\u010d\u00e1te\u010dn\u00ed videochat z\u016fst\u00e1v\u00e1 anonymn\u00ed a zam\u011b\u0159uje se na p\u0159irozenou chemii.<\/p>\n<p>6. N\u00e1stroje proti duch\u016fm<br \/>\nHoppy vyu\u017e\u00edv\u00e1 podn\u011bty ke konverzaci a v\u00fdzvy k nav\u00e1z\u00e1n\u00ed konverzace, \u010d\u00edm\u017e minimalizuje efekt \"m\u011bsta duch\u016f\", kter\u00fd tr\u00e1p\u00ed mnoho seznamovac\u00edch aplikac\u00ed.<\/p>\n<p>7. Normy bezpe\u010dn\u00e9 komunity<br \/>\nU\u017eivatel\u00e9 mohou nahl\u00e1sit nevhodn\u00e9 chov\u00e1n\u00ed v re\u00e1ln\u00e9m \u010dase. Opakovan\u00e1 poru\u0161en\u00ed maj\u00ed za n\u00e1sledek z\u00e1kaz nebo omezen\u00ed p\u0159\u00edstupu a k dispozici je moder\u00e1torsk\u00fd t\u00fdm, kter\u00fd hl\u00e1\u0161en\u00ed p\u0159ezkoum\u00e1v\u00e1.<\/p>\n<h2>Je Hoppy zdarma?<\/h2>\n<p>Slu\u017eba Hoppy je k vyzkou\u0161en\u00ed zdarma a v\u0161echny z\u00e1kladn\u00ed funkce videochatu jsou k dispozici zdarma. Funguje v\u0161ak na modelu freemium, kter\u00fd za m\u011bs\u00ed\u010dn\u00ed poplatek odemyk\u00e1 pr\u00e9miov\u00e9 funkce.<\/p>\n<h3>Bezplatn\u00ed u\u017eivatel\u00e9 mohou:<\/h3>\n<ul>\n<li>Zadejte neomezen\u00fd po\u010det videochat\u016f<\/li>\n<li>Z\u00e1pas a chat s ka\u017ed\u00fdm, kdo je vz\u00e1jemn\u011b l\u00edb\u00ed<\/li>\n<li>Vytvo\u0159en\u00ed z\u00e1kladn\u00edho profilu<\/li>\n<li>Znovu se p\u0159ipojte k ned\u00e1vn\u00fdm z\u00e1pas\u016fm<\/li>\n<\/ul>\n<h3>U\u017eivatel\u00e9 Premium z\u00edskaj\u00ed:<\/h3>\n<ul>\n<li>Filtry pro pohlav\u00ed a region<\/li>\n<li>P\u0159\u00edstup k dal\u0161\u00edm informac\u00edm o profilu p\u0159ed p\u0159i\u0159azen\u00edm<\/li>\n<li>Neomezen\u00e9 opakovan\u00e9 p\u00e1rov\u00e1n\u00ed a prodlou\u017een\u00e1 doba chatu<\/li>\n<li>Zv\u00fd\u0161en\u00ed viditelnosti a p\u0159i\u0159azen\u00ed priorit<\/li>\n<\/ul>\n<p>Ceny se li\u0161\u00ed podle regionu, ale typick\u00e9 pr\u00e9miov\u00e9 tarify se pohybuj\u00ed od $9,99 do $19,99 m\u011bs\u00ed\u010dn\u011b v z\u00e1vislosti na d\u00e9lce p\u0159edplatn\u00e9ho.<\/p>\n<h2>Pro koho je Hoppy ur\u010den?<\/h2>\n<p>Hoppy je ur\u010den zejm\u00e9na pro nezadan\u00e9 ve v\u011bku 18-35 let, ale v\u00edt\u00e1ni jsou i star\u0161\u00ed u\u017eivatel\u00e9. Nejv\u00edce se l\u00edb\u00ed:<\/p>\n<ul>\n<li>Lid\u00e9, kte\u0159\u00ed to se seznamov\u00e1n\u00edm mysl\u00ed v\u00e1\u017en\u011b, ale jsou frustrovan\u00ed z typick\u00fdch aplikac\u00ed.<\/li>\n<li>U\u017eivatel\u00e9, kte\u0159\u00ed d\u00e1vaj\u00ed p\u0159ednost videokomunikaci p\u0159ed psan\u00edm textov\u00fdch zpr\u00e1v<\/li>\n<li>Ti, kte\u0159\u00ed se cht\u011bj\u00ed setkat s potenci\u00e1ln\u00edmi partnery tv\u00e1\u0159\u00ed v tv\u00e1\u0159, okam\u017eit\u011b.<\/li>\n<li>Ka\u017ed\u00fd, kdo hled\u00e1 lid\u0161t\u011bj\u0161\u00ed a m\u00e9n\u011b skriptovanou interakci online.<\/li>\n<\/ul>\n<h3>Spole\u010dn\u00e9 demografick\u00e9 \u00fadaje:<\/h3>\n<ul>\n<li>Rovnom\u011brn\u00e9 rozd\u011blen\u00ed podle pohlav\u00ed (vyv\u00e1\u017een\u011bj\u0161\u00ed ne\u017e mnoh\u00e9 jin\u00e9 <a href=\"https:\/\/strangercam.com\/cs\/bazoocam\/\">cam<\/a> chatovac\u00ed platformy)<\/li>\n<li>U\u017eivatel\u00e9 ze Severn\u00ed Ameriky, Evropy, jihov\u00fdchodn\u00ed Asie a Ji\u017en\u00ed Ameriky.<\/li>\n<li>Jednotlivci hledaj\u00edc\u00ed l\u00e1sku, p\u0159\u00edle\u017eitostn\u00e9 rand\u011bn\u00ed nebo flirtuj\u00edc\u00ed konverzace<\/li>\n<\/ul>\n<p>Na rozd\u00edl od \u010dist\u011b n\u00e1hodn\u00fdch chatovac\u00edch platforem, jako je <a href=\"https:\/\/strangercam.com\/cs\/omegle\/\">Omegle<\/a>, Hoppy filtry pro z\u00e1m\u011br - v\u011bt\u0161ina u\u017eivatel\u016f tam chod\u00ed na rande nebo alespo\u0148 flirtuje, ne jen nez\u00e1vazn\u011b mluv\u00ed nebo trolluje.<\/p>\n<h2>Bezpe\u010dnost, soukrom\u00ed a moderov\u00e1n\u00ed<\/h2>\n<p>Spole\u010dnost Hoppy bere bezpe\u010dnost v\u00e1\u017en\u011b a vyva\u017euje anonymitu s odpov\u011bdnost\u00ed.<\/p>\n<p>Funkce ochrany soukrom\u00ed:<\/p>\n<ul>\n<li>Chaty jsou \u0161ifrovan\u00e9 a nejsou nahr\u00e1v\u00e1ny<\/li>\n<li>\u017d\u00e1dn\u00e9 extern\u00ed sd\u00edlen\u00ed z\u00e1pas\u016f nebo dat<\/li>\n<li>V\u00e1\u0161 profil je viditeln\u00fd a\u017e po vz\u00e1jemn\u00e9 shod\u011b<\/li>\n<\/ul>\n<p>N\u00e1stroje pro moderov\u00e1n\u00ed:<\/p>\n<ul>\n<li>Hl\u00e1\u0161en\u00ed v re\u00e1ln\u00e9m \u010dase<\/li>\n<li>Detekce nevhodn\u00e9ho chov\u00e1n\u00ed pomoc\u00ed um\u011bl\u00e9 inteligence a lidsk\u00e9 kontroly<\/li>\n<li>Z\u00e1kazy pro u\u017eivatele, kte\u0159\u00ed poru\u0161uj\u00ed standardy komunity<\/li>\n<\/ul>\n<p>U\u017eivatelsk\u00e9 ovl\u00e1d\u00e1n\u00ed:<\/p>\n<ul>\n<li>P\u0159esko\u010dit nebo ukon\u010dit chat kdykoli<\/li>\n<li>Blokov\u00e1n\u00ed u\u017eivatel\u016f p\u0159i op\u011btovn\u00e9m p\u00e1rov\u00e1n\u00ed<\/li>\n<li>Kontrola toho, kdo vid\u00ed v\u00e1\u0161 profil<\/li>\n<\/ul>\n<p>Jako v\u017edy by u\u017eivatel\u00e9 nem\u011bli sd\u00edlet osobn\u00ed \u00fadaje, a to ani ve videochatu, dokud nen\u00ed vytvo\u0159ena d\u016fv\u011bra.<\/p>\n<h2>Zku\u0161enosti u\u017eivatel\u016f a design<\/h2>\n<p>Design Hoppy je elegantn\u00ed, modern\u00ed a optimalizovan\u00fd pro pou\u017eit\u00ed v mobiln\u00edch za\u0159\u00edzen\u00edch, ale podporov\u00e1 i u\u017eivatele stoln\u00edch po\u010d\u00edta\u010d\u016f. Mezi kl\u00ed\u010dov\u00e9 prvky pat\u0159\u00ed:<\/p>\n<ul>\n<li>Velk\u00e9 okno \u017eiv\u00e9ho videa b\u011bhem chat\u016f<\/li>\n<li>Minimum ru\u0161iv\u00fdch prvk\u016f nebo p\u0159ekryv\u016f<\/li>\n<li>Tla\u010d\u00edtka pro vymaz\u00e1n\u00ed shody\/vynech\u00e1n\u00ed\/nahl\u00e1\u0161en\u00ed<\/li>\n<li>Rychl\u00e9 p\u0159echody mezi u\u017eivateli<\/li>\n<\/ul>\n<p>\u010casov\u011b omezen\u00fd form\u00e1t chatu je nap\u00ednav\u00fd a nen\u00e1ro\u010dn\u00fd. Ka\u017ed\u00e1 konverzace je kr\u00e1tk\u00e1, ale smyslupln\u00e1, a nikdy nez\u016fstanete u sezen\u00ed, kter\u00e9 v\u00e1s nebav\u00ed.<\/p>\n<h2>Hoppy vs Ostatn\u00ed platformy pro videochat<\/h2>\n<p>Jak si Hoppy vede ve srovn\u00e1n\u00ed s podobn\u00fdmi aplikacemi v oblasti seznamov\u00e1n\u00ed p\u0159es kamery?<\/p>\n<table>\n<thead>\n<tr>\n<th>Funkce<\/th>\n<th>Hoppy<\/th>\n<th>Opice<\/th>\n<th>Camgo<\/th>\n<th><a href=\"https:\/\/strangercam.com\/cs\/coomeet\/\">CooMeet<\/a><\/th>\n<th>Azar<\/th>\n<\/tr>\n<\/thead>\n<tbody>\n<tr>\n<td>Videochat 1 na 1<\/td>\n<td>Ano<\/td>\n<td>Ano<\/td>\n<td>Ano<\/td>\n<td>Ano<\/td>\n<td>Ano<\/td>\n<\/tr>\n<tr>\n<td>Zam\u011b\u0159en\u00ed na seznamov\u00e1n\u00ed<\/td>\n<td>Siln\u00fd<\/td>\n<td>Slab\u00e9<\/td>\n<td>M\u00edrn\u00e1<\/td>\n<td>Siln\u00fd<\/td>\n<td>Slab\u00e9<\/td>\n<\/tr>\n<tr>\n<td>Bezplatn\u00e9 pou\u017eit\u00ed<\/td>\n<td>Ano<\/td>\n<td>Ano<\/td>\n<td>Ano<\/td>\n<td>Omezen\u00e9<\/td>\n<td>Ano<\/td>\n<\/tr>\n<tr>\n<td>Genderov\u00e9 filtry<\/td>\n<td>Placen\u00e9<\/td>\n<td>Ne<\/td>\n<td>Placen\u00e9<\/td>\n<td>Placen\u00e9<\/td>\n<td>Placen\u00e9<\/td>\n<\/tr>\n<tr>\n<td>Nutn\u00e1 registrace<\/td>\n<td>Ano<\/td>\n<td>Voliteln\u011b<\/td>\n<td>Ne<\/td>\n<td>Ano<\/td>\n<td>Ano<\/td>\n<\/tr>\n<tr>\n<td>Porovn\u00e1v\u00e1n\u00ed v re\u00e1ln\u00e9m \u010dase<\/td>\n<td>Ano<\/td>\n<td>Ano<\/td>\n<td>Ano<\/td>\n<td>Ano<\/td>\n<td>Ano<\/td>\n<\/tr>\n<tr>\n<td>Bezpe\u010dnost Spole\u010denstv\u00ed<\/td>\n<td>M\u00edrn\u00e1<\/td>\n<td>Slab\u00e9<\/td>\n<td>M\u00edrn\u00e1<\/td>\n<td>Siln\u00fd<\/td>\n<td>M\u00edrn\u00e1<\/td>\n<\/tr>\n<\/tbody>\n<\/table>\n<p>Shrnut\u00ed: Hoppy nab\u00edz\u00ed ve srovn\u00e1n\u00ed s v\u011bt\u0161inou n\u00e1hodn\u00fdch videoaplikac\u00ed siln\u011bj\u0161\u00ed p\u0159\u00edstup k seznamov\u00e1n\u00ed, ani\u017e by bylo pln\u011b placen\u00e9 jako CooMeet. Zachov\u00e1v\u00e1 spont\u00e1nnost, ale smysluplnost, co\u017e je ide\u00e1ln\u00ed pro u\u017eivatele, kte\u0159\u00ed hledaj\u00ed skute\u010dn\u00e1 spojen\u00ed prost\u0159ednictv\u00edm videa.<\/p>\n<h2>V\u00fdhody a nev\u00fdhody<\/h2>\n<p>Klady:<\/p>\n<ul>\n<li>Okam\u017eit\u00e1 interakce tv\u00e1\u0159\u00ed v tv\u00e1\u0159<\/li>\n<li>Siln\u00e9 zam\u011b\u0159en\u00ed na datov\u00e1n\u00ed, nejen p\u0159\u00edle\u017eitostn\u00fd chat<\/li>\n<li>Bezplatn\u00e9 pou\u017e\u00edv\u00e1n\u00ed s velkorys\u00fdm p\u0159\u00edstupem<\/li>\n<li>Zku\u0161enosti optimalizovan\u00e9 pro mobiln\u00ed za\u0159\u00edzen\u00ed<\/li>\n<li>Vysok\u00e1 kvalita shody d\u00edky dvojit\u00e9mu opt-in<\/li>\n<li>K dispozici jsou filtry a bezpe\u010dnostn\u00ed n\u00e1stroje<\/li>\n<\/ul>\n<p>Nev\u00fdhody:<\/p>\n<ul>\n<li>Pr\u00e9miov\u00e9 funkce mohou b\u00fdt drah\u00e9<\/li>\n<li>N\u011bkte\u0159\u00ed u\u017eivatel\u00e9 mohou syst\u00e9m st\u00e1le zneu\u017e\u00edvat<\/li>\n<li>Omezen\u00e1 u\u017eivatelsk\u00e1 z\u00e1kladna v ur\u010dit\u00fdch \u010dasov\u00fdch p\u00e1smech<\/li>\n<li>Pro \u00fa\u010dast mus\u00edte b\u00fdt p\u0159ipraveni na kameru<\/li>\n<\/ul>\n<h2>Ide\u00e1ln\u00ed p\u0159\u00edpady pou\u017eit\u00ed<\/h2>\n<p>Hoppy je ide\u00e1ln\u00ed pro:<\/p>\n<ul>\n<li>U\u017eivatel\u00e9 seznamovac\u00edch aplikac\u00ed, kte\u0159\u00ed se cht\u011bj\u00ed vyhnout nekone\u010dn\u00e9mu psan\u00ed SMS.<\/li>\n<li>Singles, kte\u0159\u00ed d\u00e1vaj\u00ed p\u0159ednost chemii p\u0159ed fotkami<\/li>\n<li>Extroverti, kter\u00fdm se da\u0159\u00ed v \u017eiv\u00e9 konverzaci<\/li>\n<li>Lid\u00e9 zv\u011bdav\u00ed na modern\u00ed rychl\u00e9 rand\u011bn\u00ed prost\u0159ednictv\u00edm videa<\/li>\n<\/ul>\n<p>Nen\u00ed ide\u00e1ln\u00ed pro:<\/p>\n<ul>\n<li>U\u017eivatel\u00e9, kte\u0159\u00ed se neradi ukazuj\u00ed p\u0159ed kamerou<\/li>\n<li>Osoby mlad\u0161\u00ed 18 let (v\u00fdhradn\u011b pro dosp\u011bl\u00e9)<\/li>\n<li>Ti, kte\u0159\u00ed hledaj\u00ed pomal\u00e9 dohazov\u00e1n\u00ed nebo tradi\u010dn\u00ed seznamovac\u00ed profily.<\/li>\n<\/ul>\n<p>Hoppy p\u0159in\u00e1\u0161\u00ed osv\u011b\u017euj\u00edc\u00ed zvrat do online seznamovac\u00ed sc\u00e9ny t\u00edm, \u017ee do pop\u0159ed\u00ed stav\u00ed \u017eivou interakci tv\u00e1\u0159\u00ed v tv\u00e1\u0159. Nam\u00edsto nekone\u010dn\u00e9ho swipov\u00e1n\u00ed nebo n\u011bkolikadenn\u00edho psan\u00ed textov\u00fdch zpr\u00e1v u\u017eivatel\u00e9 okam\u017eit\u011b z\u00edskaj\u00ed skute\u010dn\u00fd prvn\u00ed dojem - a b\u011bhem n\u011bkolika vte\u0159in se rozhodnou, zda je v nich potenci\u00e1l.<\/p>\n<p>Je rychl\u00e1, z\u00e1bavn\u00e1 a p\u0159ekvapiv\u011b autentick\u00e1. A\u0165 u\u017e hled\u00e1te nez\u00e1vazn\u00fd flirt, v\u00e1\u017en\u00e9 sezn\u00e1men\u00ed, nebo se jen chcete dnes ve\u010der sezn\u00e1mit s n\u011bk\u00fdm zaj\u00edmav\u00fdm, Hoppy nab\u00edz\u00ed elegantn\u00ed a p\u0159\u00edstupn\u00fd zp\u016fsob, jak to uskute\u010dnit - bez stahov\u00e1n\u00ed nebo trapn\u00fdch \u017eivotopis\u016f.<\/p>\n<p>Pokud jste p\u0159ipraveni zbavit se \u00fanavy ze seznamovac\u00edch aplikac\u00ed a poznat skute\u010dn\u00e9 lidi v re\u00e1ln\u00e9m \u010dase, Hoppy rozhodn\u011b stoj\u00ed za vyzkou\u0161en\u00ed.<\/p>","protected":false},"excerpt":{"rendered":"<p>In a world of swiping fatigue and endless scrolling through dating profiles, Hoppy brings something different to the table: real-time video chat as the first step to meeting someone new. By blending the fun of random cam-to-cam chats with the intention of dating, Hoppy positions itself somewhere between a dating app and a video matchmaking [&hellip;]<\/p>\n","protected":false},"author":6,"featured_media":0,"parent":0,"menu_order":0,"comment_status":"closed","ping_status":"closed","template":"","meta":{"footnotes":""},"class_list":["post-12887","page","type-page","status-publish","hentry"],"yoast_head":"<!-- This site is optimized with the Yoast SEO plugin v27.4 - https:\/\/yoast.com\/product\/yoast-seo-wordpress\/ -->\n<title>Hoppy - It Takes One Video To Match on StrangerCam.com<\/title>\n<meta name=\"description\" content=\"Like Hoppy? Come chat with more than 5.000.000 strangers on Stranger Cam for Free! Turn on your cam and find new friends &amp; maby a match!\" \/>\n<meta name=\"robots\" content=\"index, follow, max-snippet:-1, max-image-preview:large, max-video-preview:-1\" \/>\n<link rel=\"canonical\" href=\"https:\/\/strangercam.com\/cs\/chmelovy\/\" \/>\n<meta property=\"og:locale\" content=\"cs_CZ\" \/>\n<meta property=\"og:type\" content=\"article\" \/>\n<meta property=\"og:title\" content=\"Hoppy - It Takes One Video To Match on StrangerCam.com\" \/>\n<meta property=\"og:description\" content=\"Like Hoppy? Come chat with more than 5.000.000 strangers on Stranger Cam for Free! Turn on your cam and find new friends &amp; maby a match!\" \/>\n<meta property=\"og:url\" content=\"https:\/\/strangercam.com\/cs\/chmelovy\/\" \/>\n<meta property=\"og:site_name\" content=\"Strangercam\" \/>\n<meta property=\"article:publisher\" content=\"https:\/\/www.facebook.com\/strangercam\" \/>\n<meta property=\"og:image\" content=\"https:\/\/strangercam.com\/wp-content\/uploads\/2021\/10\/Untitled-2.png\" \/>\n\t<meta property=\"og:image:width\" content=\"800\" \/>\n\t<meta property=\"og:image:height\" content=\"532\" \/>\n\t<meta property=\"og:image:type\" content=\"image\/png\" \/>\n<meta name=\"twitter:card\" content=\"summary_large_image\" \/>\n<meta name=\"twitter:site\" content=\"@strangercamapp\" \/>\n<meta name=\"twitter:label1\" content=\"Odhadovan\u00e1 doba \u010dten\u00ed\" \/>\n\t<meta name=\"twitter:data1\" content=\"6 minut\" \/>\n<script type=\"application\/ld+json\" class=\"yoast-schema-graph\">{\"@context\":\"https:\\\/\\\/schema.org\",\"@graph\":[{\"@type\":\"WebPage\",\"@id\":\"https:\\\/\\\/strangercam.com\\\/hoppy\\\/\",\"url\":\"https:\\\/\\\/strangercam.com\\\/hoppy\\\/\",\"name\":\"Hoppy - It Takes One Video To Match on StrangerCam.com\",\"isPartOf\":{\"@id\":\"https:\\\/\\\/strangercam.com\\\/#website\"},\"datePublished\":\"2025-06-16T12:52:18+00:00\",\"description\":\"Like Hoppy? Come chat with more than 5.000.000 strangers on Stranger Cam for Free! Turn on your cam and find new friends & maby a match!\",\"breadcrumb\":{\"@id\":\"https:\\\/\\\/strangercam.com\\\/hoppy\\\/#breadcrumb\"},\"inLanguage\":\"cs\",\"potentialAction\":[{\"@type\":\"ReadAction\",\"target\":[\"https:\\\/\\\/strangercam.com\\\/hoppy\\\/\"]}]},{\"@type\":\"BreadcrumbList\",\"@id\":\"https:\\\/\\\/strangercam.com\\\/hoppy\\\/#breadcrumb\",\"itemListElement\":[{\"@type\":\"ListItem\",\"position\":1,\"name\":\"Home\",\"item\":\"https:\\\/\\\/strangercam.com\\\/\"},{\"@type\":\"ListItem\",\"position\":2,\"name\":\"Hoppy\"}]},{\"@type\":\"WebSite\",\"@id\":\"https:\\\/\\\/strangercam.com\\\/#website\",\"url\":\"https:\\\/\\\/strangercam.com\\\/\",\"name\":\"Strangercam\",\"description\":\"Random Video Chat with Strangers\",\"publisher\":{\"@id\":\"https:\\\/\\\/strangercam.com\\\/#organization\"},\"alternateName\":\"Strangercam.com\",\"potentialAction\":[{\"@type\":\"SearchAction\",\"target\":{\"@type\":\"EntryPoint\",\"urlTemplate\":\"https:\\\/\\\/strangercam.com\\\/?s={search_term_string}\"},\"query-input\":{\"@type\":\"PropertyValueSpecification\",\"valueRequired\":true,\"valueName\":\"search_term_string\"}}],\"inLanguage\":\"cs\"},{\"@type\":\"Organization\",\"@id\":\"https:\\\/\\\/strangercam.com\\\/#organization\",\"name\":\"Strangercam\",\"alternateName\":\"Strangercam.com\",\"url\":\"https:\\\/\\\/strangercam.com\\\/\",\"logo\":{\"@type\":\"ImageObject\",\"inLanguage\":\"cs\",\"@id\":\"https:\\\/\\\/strangercam.com\\\/#\\\/schema\\\/logo\\\/image\\\/\",\"url\":\"https:\\\/\\\/strangercam.com\\\/wp-content\\\/uploads\\\/2020\\\/11\\\/cropped-new-favicon-black.png\",\"contentUrl\":\"https:\\\/\\\/strangercam.com\\\/wp-content\\\/uploads\\\/2020\\\/11\\\/cropped-new-favicon-black.png\",\"width\":512,\"height\":512,\"caption\":\"Strangercam\"},\"image\":{\"@id\":\"https:\\\/\\\/strangercam.com\\\/#\\\/schema\\\/logo\\\/image\\\/\"},\"sameAs\":[\"https:\\\/\\\/www.facebook.com\\\/strangercam\",\"https:\\\/\\\/x.com\\\/strangercamapp\"]}]}<\/script>\n<!-- \/ Yoast SEO plugin. -->","yoast_head_json":{"title":"Hoppy - Na z\u00e1pas sta\u010d\u00ed jedno video na StrangerCam.com","description":"Jako Hoppy? Poj\u010fte si zdarma popov\u00eddat s v\u00edce ne\u017e 5 000 000 cizinci na Stranger Cam! Zapn\u011bte kameru a najd\u011bte nov\u00e9 p\u0159\u00e1tele &amp; maby z\u00e1pas!","robots":{"index":"index","follow":"follow","max-snippet":"max-snippet:-1","max-image-preview":"max-image-preview:large","max-video-preview":"max-video-preview:-1"},"canonical":"https:\/\/strangercam.com\/cs\/chmelovy\/","og_locale":"cs_CZ","og_type":"article","og_title":"Hoppy - It Takes One Video To Match on StrangerCam.com","og_description":"Like Hoppy? Come chat with more than 5.000.000 strangers on Stranger Cam for Free! Turn on your cam and find new friends & maby a match!","og_url":"https:\/\/strangercam.com\/cs\/chmelovy\/","og_site_name":"Strangercam","article_publisher":"https:\/\/www.facebook.com\/strangercam","og_image":[{"width":800,"height":532,"url":"https:\/\/strangercam.com\/wp-content\/uploads\/2021\/10\/Untitled-2.png","type":"image\/png"}],"twitter_card":"summary_large_image","twitter_site":"@strangercamapp","twitter_misc":{"Odhadovan\u00e1 doba \u010dten\u00ed":"6 minut"},"schema":{"@context":"https:\/\/schema.org","@graph":[{"@type":"WebPage","@id":"https:\/\/strangercam.com\/hoppy\/","url":"https:\/\/strangercam.com\/hoppy\/","name":"Hoppy - Na z\u00e1pas sta\u010d\u00ed jedno video na StrangerCam.com","isPartOf":{"@id":"https:\/\/strangercam.com\/#website"},"datePublished":"2025-06-16T12:52:18+00:00","description":"Jako Hoppy? Poj\u010fte si zdarma popov\u00eddat s v\u00edce ne\u017e 5 000 000 cizinci na Stranger Cam! Zapn\u011bte kameru a najd\u011bte nov\u00e9 p\u0159\u00e1tele &amp; maby z\u00e1pas!","breadcrumb":{"@id":"https:\/\/strangercam.com\/hoppy\/#breadcrumb"},"inLanguage":"cs","potentialAction":[{"@type":"ReadAction","target":["https:\/\/strangercam.com\/hoppy\/"]}]},{"@type":"BreadcrumbList","@id":"https:\/\/strangercam.com\/hoppy\/#breadcrumb","itemListElement":[{"@type":"ListItem","position":1,"name":"Home","item":"https:\/\/strangercam.com\/"},{"@type":"ListItem","position":2,"name":"Hoppy"}]},{"@type":"WebSite","@id":"https:\/\/strangercam.com\/#website","url":"https:\/\/strangercam.com\/","name":"Strangercam","description":"N\u00e1hodn\u00fd videochat s ciz\u00edmi lidmi","publisher":{"@id":"https:\/\/strangercam.com\/#organization"},"alternateName":"Strangercam.com","potentialAction":[{"@type":"SearchAction","target":{"@type":"EntryPoint","urlTemplate":"https:\/\/strangercam.com\/?s={search_term_string}"},"query-input":{"@type":"PropertyValueSpecification","valueRequired":true,"valueName":"search_term_string"}}],"inLanguage":"cs"},{"@type":"Organization","@id":"https:\/\/strangercam.com\/#organization","name":"Strangercam","alternateName":"Strangercam.com","url":"https:\/\/strangercam.com\/","logo":{"@type":"ImageObject","inLanguage":"cs","@id":"https:\/\/strangercam.com\/#\/schema\/logo\/image\/","url":"https:\/\/strangercam.com\/wp-content\/uploads\/2020\/11\/cropped-new-favicon-black.png","contentUrl":"https:\/\/strangercam.com\/wp-content\/uploads\/2020\/11\/cropped-new-favicon-black.png","width":512,"height":512,"caption":"Strangercam"},"image":{"@id":"https:\/\/strangercam.com\/#\/schema\/logo\/image\/"},"sameAs":["https:\/\/www.facebook.com\/strangercam","https:\/\/x.com\/strangercamapp"]}]}},"_links":{"self":[{"href":"https:\/\/strangercam.com\/cs\/wp-json\/wp\/v2\/pages\/12887","targetHints":{"allow":["GET"]}}],"collection":[{"href":"https:\/\/strangercam.com\/cs\/wp-json\/wp\/v2\/pages"}],"about":[{"href":"https:\/\/strangercam.com\/cs\/wp-json\/wp\/v2\/types\/page"}],"author":[{"embeddable":true,"href":"https:\/\/strangercam.com\/cs\/wp-json\/wp\/v2\/users\/6"}],"replies":[{"embeddable":true,"href":"https:\/\/strangercam.com\/cs\/wp-json\/wp\/v2\/comments?post=12887"}],"version-history":[{"count":2,"href":"https:\/\/strangercam.com\/cs\/wp-json\/wp\/v2\/pages\/12887\/revisions"}],"predecessor-version":[{"id":12889,"href":"https:\/\/strangercam.com\/cs\/wp-json\/wp\/v2\/pages\/12887\/revisions\/12889"}],"wp:attachment":[{"href":"https:\/\/strangercam.com\/cs\/wp-json\/wp\/v2\/media?parent=12887"}],"curies":[{"name":"wp","href":"https:\/\/api.w.org\/{rel}","templated":true}]}}