{"id":12846,"date":"2025-05-14T09:44:05","date_gmt":"2025-05-14T07:44:05","guid":{"rendered":"https:\/\/strangercam.com\/?page_id=12846"},"modified":"2025-05-14T09:44:05","modified_gmt":"2025-05-14T07:44:05","slug":"meetskip","status":"publish","type":"page","link":"https:\/\/strangercam.com\/cs\/meetskip\/","title":{"rendered":"MeetSkip"},"content":{"rendered":"<p>Vzhledem k tomu, \u017ee st\u00e1le v\u00edce lid\u00ed vyhled\u00e1v\u00e1 spont\u00e1nn\u00ed interakce tv\u00e1\u0159\u00ed v tv\u00e1\u0159 online, platformy pro n\u00e1hodn\u00fd videochat st\u00e1le vzkv\u00e9taj\u00ed - zejm\u00e9na v dob\u011b po Omegle. Jedn\u00edm z nov\u011bj\u0161\u00edch jmen, kter\u00e9 se objevuje, je MeetSkip, n\u00e1hodn\u00fd chat v prohl\u00ed\u017ee\u010di. <a href=\"https:\/\/strangercam.com\/cs\/bazoocam\/\">cam<\/a> chatovac\u00ed str\u00e1nky nab\u00edzej\u00edc\u00ed rychl\u00e9 p\u0159ipojen\u00ed, minim\u00e1ln\u00ed nastaven\u00ed a z\u00e1\u017eitek p\u0159ipom\u00ednaj\u00edc\u00ed po\u010d\u00e1tky <a href=\"https:\/\/strangercam.com\/cs\/omegle\/\">Omegle<\/a> dn\u016f.<\/p>\n<p>Jak si ale MeetSkip vede ve srovn\u00e1n\u00ed s des\u00edtkami podobn\u00fdch web\u016f, kter\u00e9 soupe\u0159\u00ed o n\u00e1v\u0161t\u011bvnost? Je to jen dal\u0161\u00ed klon, nebo nab\u00edz\u00ed n\u011bco, co stoj\u00ed za v\u00e1\u0161 \u010das?<\/p>\n<p>V t\u00e9to recenzi se podrobn\u011b pod\u00edv\u00e1me na MeetSkip - co to je, co nab\u00edz\u00ed, pro koho je ur\u010den a jak si stoj\u00ed v porovn\u00e1n\u00ed s konkurenc\u00ed.<\/p>\n<h2>Co je MeetSkip?<\/h2>\n<p>MeetSkip je bezplatn\u00e1 anonymn\u00ed webov\u00e1 str\u00e1nka pro n\u00e1hodn\u00fd videochat, kter\u00e1 spojuje u\u017eivatele jeden na jednoho prost\u0159ednictv\u00edm webov\u00e9 kamery a mikrofonu. Nevy\u017eaduje \u017e\u00e1dnou registraci, stahov\u00e1n\u00ed ani osobn\u00ed \u00fadaje. Sta\u010d\u00ed kliknout na tla\u010d\u00edtko \"Start\" a okam\u017eit\u011b se ocitnete tv\u00e1\u0159\u00ed v tv\u00e1\u0159 n\u011bkomu nov\u00e9mu.<\/p>\n<p>Koncept je jednoduch\u00fd - jako u Omegle, <a href=\"https:\/\/strangercam.com\/cs\/chatroulette\/\">Chatroulette<\/a>, nebo Chatrandom, klade d\u016fraz na n\u00e1hodn\u00e1 setk\u00e1n\u00ed v re\u00e1ln\u00e9m \u010dase a d\u00e1v\u00e1 u\u017eivatel\u016fm mo\u017enost p\u0159esko\u010dit nebo z\u016fstat podle toho, jak se c\u00edt\u00ed v aktu\u00e1ln\u00edm z\u00e1pase.<\/p>\n<p>Je ur\u010dena pro u\u017eivatele, kte\u0159\u00ed cht\u011bj\u00ed rychle a spont\u00e1nn\u011b konverzovat bez nutnosti pou\u017e\u00edvat \u00fa\u010dty, aplikace nebo soci\u00e1ln\u00ed s\u00edt\u011b.<\/p>\n<h2>Jak\u00fd je \u00fa\u010del slu\u017eby MeetSkip?<\/h2>\n<p>C\u00edlem MeetSkip je obnovit \u010dist\u00fd, n\u00e1hodn\u00fd a anonymn\u00ed videochat, d\u00edky n\u011bmu\u017e se stal Omegle popul\u00e1rn\u00edm - ale s o n\u011bco plynulej\u0161\u00edm rozhran\u00edm a lep\u0161\u00ed podporou modern\u00edch za\u0159\u00edzen\u00ed.<\/p>\n<p>Je ur\u010den pro:<\/p>\n<ul>\n<li>Lid\u00e9, kte\u0159\u00ed maj\u00ed r\u00e1di spont\u00e1nn\u00ed konverzace p\u0159es webkameru<\/li>\n<li>U\u017eivatel\u00e9, kte\u0159\u00ed se necht\u011bj\u00ed registrovat nebo vytv\u00e1\u0159et profily.<\/li>\n<li>P\u0159\u00edle\u017eitostn\u00ed kl\u00e1bosi\u010di, flirtuj\u00edc\u00ed, cestovatel\u00e9 a studenti jazyk\u016f<\/li>\n<li>Ka\u017ed\u00fd, kdo je unaven\u00fd ze seznamovac\u00edch aplikac\u00ed a hled\u00e1 \u017eivou interakci.<\/li>\n<\/ul>\n<p>Nejsou zde \u017e\u00e1dn\u00e9 \u017eivotopisy, lajky ani funkce pro zas\u00edl\u00e1n\u00ed zpr\u00e1v. Na str\u00e1nk\u00e1ch <a href=\"https:\/\/strangercam.com\/cs\/coomeet\/\">Seznamte se s<\/a> n\u011bkoho, popov\u00eddat si a pak bu\u010f pokra\u010dovat, nebo mluvit d\u00e1l. To je v\u0161e.<\/p>\n<h2>Kl\u00ed\u010dov\u00e9 vlastnosti<\/h2>\n<p>1. Videochat jeden na jednoho<br \/>\nHlavn\u00ed funkc\u00ed slu\u017eby MeetSkip je rychl\u00fd a anonymn\u00ed chat p\u0159es webovou kameru. Po povolen\u00ed kamery a mikrofonu se automaticky sp\u00e1rujete s jin\u00fdm u\u017eivatelem. Pokud konverzace neprob\u00edh\u00e1 dob\u0159e, stiskn\u011bte tla\u010d\u00edtko \"Dal\u0161\u00ed\" a okam\u017eit\u011b budete znovu spojeni s n\u011bk\u00fdm nov\u00fdm.<\/p>\n<p>2. Mo\u017enost textov\u00e9ho chatu<br \/>\nPro u\u017eivatele, kte\u0159\u00ed necht\u011bj\u00ed pou\u017e\u00edvat webovou kameru nebo se nach\u00e1zej\u00ed v prost\u0159ed\u00ed s n\u00edzkou \u0161\u00ed\u0159kou p\u00e1sma, nab\u00edz\u00ed MeetSkip tak\u00e9 re\u017eim pouze textov\u00e9ho chatu. Ten lze snadno p\u0159epnout a funguje dob\u0159e pro p\u0159\u00edle\u017eitostn\u011bj\u0161\u00ed konverzace nebo pokud si jen zkou\u0161\u00edte, jak se v\u00e1m bude da\u0159it.<\/p>\n<p>3. Nen\u00ed nutn\u00e1 registrace<br \/>\nKe v\u0161em z\u00e1kladn\u00edm funkc\u00edm slu\u017eby MeetSkip m\u00e1te p\u0159\u00edstup bez nutnosti vytvo\u0159en\u00ed \u00fa\u010dtu. Je zcela anonymn\u00ed - nemus\u00edte uv\u00e1d\u011bt jm\u00e9no, e-mail ani profil na soci\u00e1ln\u00ed s\u00edti. D\u00edky tomu je vstupn\u00ed bari\u00e9ra velmi n\u00edzk\u00e1.<\/p>\n<p>4. Filtry pohlav\u00ed a polohy (omezen\u00e9)<br \/>\nK dispozici je ur\u010dit\u00e9 filtrov\u00e1n\u00ed, kter\u00e9 v\u00e1m umo\u017en\u00ed zkusit vyhled\u00e1vat lidi podle pohlav\u00ed nebo zem\u011b, i kdy\u017e nen\u00ed v\u017edy spolehliv\u00e9 a m\u016f\u017ee vy\u017eadovat ud\u011blen\u00ed dal\u0161\u00edch opr\u00e1vn\u011bn\u00ed.<\/p>\n<p>5. Okam\u017eit\u00e9 p\u0159esko\u010den\u00ed<br \/>\nMeetSkip je v\u011brn\u00fd sv\u00e9mu n\u00e1zvu a nab\u00edz\u00ed rychl\u00e9 tla\u010d\u00edtko \"Dal\u0161\u00ed\", kter\u00e9 v\u00e1m umo\u017en\u00ed p\u0159ej\u00edt k nov\u00e9mu partnerovi v chatu za m\u00e9n\u011b ne\u017e sekundu. To je kl\u00ed\u010dov\u00e1 sou\u010d\u00e1st p\u0159ita\u017elivosti pro u\u017eivatele, kte\u0159\u00ed cht\u011bj\u00ed rychlost a rozmanitost.<\/p>\n<p>6. Funguje na stoln\u00edch i mobiln\u00edch prohl\u00ed\u017ee\u010d\u00edch<br \/>\nMeetSkip b\u011b\u017e\u00ed v\u00fdhradn\u011b v prohl\u00ed\u017ee\u010di a je mobiln\u00ed, co\u017e znamen\u00e1, \u017ee jej m\u016f\u017eete pou\u017e\u00edvat z telefonu nebo tabletu bez nutnosti instalace aplikace. A\u010dkoli je nejlep\u0161\u00ed na stoln\u00edm po\u010d\u00edta\u010di kv\u016fli um\u00edst\u011bn\u00ed a rozvr\u017een\u00ed fotoapar\u00e1tu, mobiln\u00ed prost\u0159ed\u00ed je plynul\u00e9 a funk\u010dn\u00ed.<\/p>\n<p>7. Minim\u00e1ln\u00ed rozhran\u00ed<br \/>\nU\u017eivatelsk\u00e9 rozhran\u00ed je zjednodu\u0161en\u00e9 a jednoduch\u00e9 - velk\u00fd video kan\u00e1l, z\u00e1kladn\u00ed chatovac\u00ed okno, tla\u010d\u00edtko ztlumen\u00ed zvuku, tla\u010d\u00edtko p\u0159esko\u010dit a mo\u017enost nahl\u00e1sit. Nejsou zde \u017e\u00e1dn\u00e9 ok\u00e1zal\u00e9 funkce ani soci\u00e1ln\u00ed vychyt\u00e1vky.<\/p>\n<h2>Je MeetSkip zdarma?<\/h2>\n<p>Ano, slu\u017eba MeetSkip je 100% zdarma. Neexistuj\u00ed \u017e\u00e1dn\u00e9:<\/p>\n<ul>\n<li>Paywalls<\/li>\n<li>Kredity nebo mince<\/li>\n<li>\u010clenstv\u00ed VIP<\/li>\n<li>V\u00fdzvy ke sta\u017een\u00ed<\/li>\n<\/ul>\n<p>A\u010dkoli MeetSkip m\u016f\u017ee zobrazovat reklamy na podporu slu\u017eby, nejsou v sou\u010dasn\u00e9 dob\u011b ru\u0161iv\u00e9 a v\u0161echny funkce chatu z\u016fst\u00e1vaj\u00ed p\u0159\u00edstupn\u00e9 v\u0161em.<\/p>\n<h2>Kdo pou\u017e\u00edv\u00e1 MeetSkip?<\/h2>\n<p>MeetSkip m\u00e1 rostouc\u00ed u\u017eivatelskou z\u00e1kladnu v r\u016fzn\u00fdch regionech, zejm\u00e9na:<\/p>\n<ul>\n<li>Spojen\u00e9 st\u00e1ty americk\u00e9<\/li>\n<li>Indie<\/li>\n<li>N\u011bmecko<\/li>\n<li>Braz\u00edlie<\/li>\n<li>UK<\/li>\n<li>Kanada<\/li>\n<\/ul>\n<p>V\u011bt\u0161ina u\u017eivatel\u016f je ve v\u011bkov\u00e9m rozmez\u00ed 18-35 let a - stejn\u011b jako u v\u011bt\u0161iny n\u00e1hodn\u00fdch platforem pro videochat - mezi u\u017eivateli p\u0159eva\u017euj\u00ed mu\u017ei. U\u017eivatelky jsou sice zastoupeny, ale obvykle dost\u00e1vaj\u00ed mnohem v\u011bt\u0161\u00ed po\u010det \u017e\u00e1dost\u00ed o chat.<\/p>\n<p>U\u017eivatel\u00e9 obecn\u011b hledaj\u00ed:<\/p>\n<ul>\n<li>P\u0159\u00edle\u017eitostn\u00e9 chaty<\/li>\n<li>Z\u00e1bavn\u00e9, koketn\u00ed interakce<\/li>\n<li>Setk\u00e1n\u00ed s ciz\u00edmi lidmi v re\u00e1ln\u00e9m \u010dase<\/li>\n<li>sp\u00ed\u0161e lehk\u00e1 socializace ne\u017e strukturovan\u00e9 rand\u011bn\u00ed<\/li>\n<\/ul>\n<p>MeetSkip nen\u00ed ur\u010den pro dlouhodobou komunikaci. Neexistuje \u017e\u00e1dn\u00fd zp\u016fsob, jak si obl\u00edbit u\u017eivatele nebo p\u0159idat p\u0159\u00e1tele - je postaven v\u00fdhradn\u011b na my\u0161lence n\u00e1hodnosti a pom\u00edjivosti.<\/p>\n<h2>Bezpe\u010dnost, soukrom\u00ed a moderov\u00e1n\u00ed<\/h2>\n<p>Vzhledem k tomu, \u017ee je slu\u017eba MeetSkip anonymn\u00ed, je jej\u00ed soukrom\u00ed p\u0159irozen\u011b siln\u00e9, co\u017e v\u0161ak p\u0159in\u00e1\u0161\u00ed i bezpe\u010dnostn\u00ed probl\u00e9my.<\/p>\n<h3>Co MeetSkip d\u011bl\u00e1 dob\u0159e:<\/h3>\n<ul>\n<li>\u017d\u00e1dn\u00e9 \u00fa\u010dty: Pro jeho pou\u017eit\u00ed nemus\u00edte poskytovat osobn\u00ed \u00fadaje.<\/li>\n<li>Pouze individu\u00e1ln\u00ed chat: Neexistuj\u00ed \u017e\u00e1dn\u00e9 ve\u0159ejn\u00e9 m\u00edstnosti ani profily.<\/li>\n<li>\u017d\u00e1dn\u00e9 ulo\u017een\u00e9 chaty: Konverzace se neukl\u00e1daj\u00ed ani nep\u0159ezkoum\u00e1vaj\u00ed (i kdy\u017e chov\u00e1n\u00ed m\u016f\u017ee b\u00fdt sledov\u00e1no v re\u00e1ln\u00e9m \u010dase).<\/li>\n<li>Tla\u010d\u00edtko Nahl\u00e1sit: U\u017eivatel\u00e9 mohou ozna\u010dit nevhodn\u00fd obsah.<\/li>\n<\/ul>\n<h3>Omezen\u00ed:<\/h3>\n<ul>\n<li>Um\u00edrn\u011bnost je lehk\u00e1: Stejn\u011b jako u mnoha jin\u00fdch anonymn\u00edch chatovac\u00edch platforem je i zde omezen\u00e9 vym\u00e1h\u00e1n\u00ed pr\u00e1va, dokud nen\u00ed nahl\u00e1\u0161eno zneu\u017eit\u00ed.<\/li>\n<li>Nevhodn\u00fd obsah je mo\u017en\u00fd: N\u011bkte\u0159\u00ed u\u017eivatel\u00e9 platformu zneu\u017e\u00edvaj\u00ed, zejm\u00e9na v pozdn\u00edch no\u010dn\u00edch hodin\u00e1ch.<\/li>\n<li>\u017d\u00e1dn\u00e9 pokro\u010dil\u00e9 n\u00e1stroje pro moderov\u00e1n\u00ed AI (zat\u00edm): Nahota a ur\u00e1\u017eliv\u00e1 gesta mohou z\u016fstat na kr\u00e1tkou dobu neodhaleny.<\/li>\n<\/ul>\n<p>Stejn\u011b jako u jin\u00fdch otev\u0159en\u00fdch platforem pro videochat se u\u017eivatel\u016fm doporu\u010duje:<\/p>\n<ul>\n<li>Vyhn\u011bte se sd\u00edlen\u00ed osobn\u00edch \u00fadaj\u016f<\/li>\n<li>Vyu\u017e\u00edvejte platformu ve \u0161pi\u010dce, abyste z\u00edskali lep\u0161\u00ed z\u00e1\u017eitek.<\/li>\n<li>Okam\u017eit\u011b ukon\u010dit chat, pokud se c\u00edt\u00ed nep\u0159\u00edjemn\u011b.<\/li>\n<\/ul>\n<h2>Zku\u0161enosti u\u017eivatel\u016f a design<\/h2>\n<p>MeetSkip se zam\u011b\u0159uje na rychlost a jednoduchost a je to vid\u011bt. Od okam\u017eiku na\u010dten\u00ed webu v\u00e1s d\u011bl\u00ed dv\u011b kliknut\u00ed od \u017eiv\u00e9ho zobrazen\u00ed. <a href=\"https:\/\/strangercam.com\/cs\/cam-to-cam-chat\/\">cam chat<\/a>. Rozhran\u00ed je minim\u00e1ln\u00ed - tmav\u00e9 pozad\u00ed, videoboxy a n\u011bkolik tla\u010d\u00edtek. To je v\u0161e.<\/p>\n<h3>Klady UX:<\/h3>\n<ul>\n<li>Rychle se na\u010d\u00edt\u00e1 i na pomal\u00e9m p\u0159ipojen\u00ed<\/li>\n<li>\u017d\u00e1dn\u00e9 rozptyluj\u00edc\u00ed prvky ani nepo\u0159\u00e1dek<\/li>\n<li>Velk\u00e9 video okno pro interakci tv\u00e1\u0159\u00ed v tv\u00e1\u0159<\/li>\n<li>Tla\u010d\u00edtka Dal\u0161\u00ed\/ztlumit\/hl\u00e1sit jsou jasn\u011b viditeln\u00e1<\/li>\n<li>B\u011b\u017e\u00ed dob\u0159e v prohl\u00ed\u017ee\u010d\u00edch Chrome i Safari<\/li>\n<\/ul>\n<h3>Prostor pro zlep\u0161en\u00ed:<\/h3>\n<ul>\n<li>\u017d\u00e1dn\u00e9 mo\u017enosti profilu, ani voliteln\u00e9<\/li>\n<li>Filtry jsou omezen\u00e9 nebo nespolehliv\u00e9<\/li>\n<li>\u017d\u00e1dn\u00e1 mo\u017enost op\u011btovn\u00e9ho p\u0159ipojen\u00ed k p\u0159edchoz\u00edm u\u017eivatel\u016fm<\/li>\n<li>\u017d\u00e1dn\u00e9 integrovan\u00e9 p\u0159ekladatelsk\u00e9 nebo jazykov\u00e9 n\u00e1stroje<\/li>\n<\/ul>\n<p>Celkov\u011b je v\u0161ak u\u017eivatelsk\u00e1 zku\u0161enost s hrou, kter\u00e1 se sna\u017e\u00ed b\u00fdt rychlou, bezplatnou a jednoduchou chatovac\u00ed ruletou, solidn\u00ed.<\/p>\n<h2>MeetSkip vs. ostatn\u00ed chatovac\u00ed platformy<\/h2>\n<p>Jak si MeetSkip vede ve srovn\u00e1n\u00ed s nejv\u011bt\u0161\u00edmi firmami v oboru?<\/p>\n<table>\n<thead>\n<tr>\n<th>Funkce<\/th>\n<th>MeetSkip<\/th>\n<th>Omegle (uzav\u0159en\u00fd)<\/th>\n<th>Chatroulette<\/th>\n<th>Chatrandom<\/th>\n<th>Emerald Chat<\/th>\n<\/tr>\n<\/thead>\n<tbody>\n<tr>\n<td>N\u00e1hodn\u00fd videochat<\/td>\n<td>Ano<\/td>\n<td>Ano<\/td>\n<td>Ano<\/td>\n<td>Ano<\/td>\n<td>Ano<\/td>\n<\/tr>\n<tr>\n<td>Mo\u017enost textov\u00e9ho chatu<\/td>\n<td>Ano<\/td>\n<td>Ano<\/td>\n<td>Ne<\/td>\n<td>Ano<\/td>\n<td>Ano<\/td>\n<\/tr>\n<tr>\n<td>Genderov\u00e9 filtry<\/td>\n<td>Z\u00e1kladn\u00ed<\/td>\n<td>Placen\u00e9 (d\u0159\u00edve)<\/td>\n<td>Ne<\/td>\n<td>Placen\u00e9<\/td>\n<td>Ano<\/td>\n<\/tr>\n<tr>\n<td>Kompatibilita s mobiln\u00edmi za\u0159\u00edzen\u00edmi<\/td>\n<td>Dobr\u00fd<\/td>\n<td>\u0160patn\u00fd<\/td>\n<td>\u0160patn\u00fd<\/td>\n<td>Vynikaj\u00edc\u00ed<\/td>\n<td>Dobr\u00fd<\/td>\n<\/tr>\n<tr>\n<td>Po\u017eadovan\u00fd \u00fa\u010det<\/td>\n<td>Ne<\/td>\n<td>Ne<\/td>\n<td>Ne<\/td>\n<td>Voliteln\u011b<\/td>\n<td>Ano<\/td>\n<\/tr>\n<tr>\n<td>Soukrom\u00e9 zpr\u00e1vy<\/td>\n<td>Ne<\/td>\n<td>Ne<\/td>\n<td>Ne<\/td>\n<td>Ano<\/td>\n<td>Ano<\/td>\n<\/tr>\n<tr>\n<td>Kvalita moderov\u00e1n\u00ed<\/td>\n<td>Sv\u011btlo<\/td>\n<td>Minim\u00e1ln\u00ed<\/td>\n<td>Slab\u00e9<\/td>\n<td>M\u00edrn\u00e1<\/td>\n<td>Siln\u00fd<\/td>\n<\/tr>\n<\/tbody>\n<\/table>\n<p>Shrnut\u00ed: MeetSkip nevynal\u00e9z\u00e1 kolo, ale je to jedna z \u010dist\u0161\u00edch a l\u00e9pe optimalizovan\u00fdch mo\u017enost\u00ed, kter\u00e9 jsou nyn\u00ed k dispozici - zejm\u00e9na pokud hled\u00e1te platformu ve stylu Omegle se stabiln\u011bj\u0161\u00edm u\u017eivatelsk\u00fdm rozhran\u00edm.<\/p>\n<h2>V\u00fdhody a nev\u00fdhody<\/h2>\n<p>Klady:<\/p>\n<ul>\n<li>Zcela zdarma a bez nutnosti registrace<\/li>\n<li>Okam\u017eit\u00fd videochat s ciz\u00edmi lidmi<\/li>\n<li>Funguje dob\u0159e na po\u010d\u00edta\u010di i na mobilu<\/li>\n<li>K dispozici jsou re\u017eimy textov\u00e9ho a video chatu<\/li>\n<li>Lehk\u00fd, rychl\u00fd a snadno pou\u017eiteln\u00fd<\/li>\n<li>Zachov\u00e1n\u00ed anonymity po celou dobu<\/li>\n<\/ul>\n<p>Nev\u00fdhody:<\/p>\n<ul>\n<li>Z\u00e1kladn\u00ed nebo nespolehliv\u00e9 mo\u017enosti filtrov\u00e1n\u00ed<\/li>\n<li>M\u016f\u017ee se objevit nevhodn\u00fd obsah<\/li>\n<li>\u017d\u00e1dn\u00e9 soci\u00e1ln\u00ed funkce nebo funkce pro p\u00e1rov\u00e1n\u00ed<\/li>\n<li>\u017d\u00e1dn\u00e1 historie u\u017eivatel\u016f ani mo\u017enost op\u011btovn\u00e9ho p\u0159ipojen\u00ed<\/li>\n<li>U\u017eivatelsk\u00e1 z\u00e1kladna s p\u0159evahou mu\u017e\u016f<\/li>\n<\/ul>\n<h2>Ide\u00e1ln\u00ed p\u0159\u00edpady pou\u017eit\u00ed<\/h2>\n<p>MeetSkip je skv\u011bl\u00fd pro:<\/p>\n<ul>\n<li>Lid\u00e9, kte\u0159\u00ed cht\u011bj\u00ed n\u00e1hodn\u011b chatovat s ciz\u00edmi lidmi, jako p\u016fvodn\u00ed Omegle.<\/li>\n<li>U\u017eivatel\u00e9, kte\u0159\u00ed hledaj\u00ed rychl\u00e9 rozpt\u00fdlen\u00ed ve spole\u010dnosti nebo z\u00e1bavn\u00fd zp\u016fsob tr\u00e1ven\u00ed \u010dasu.<\/li>\n<li>Ka\u017ed\u00fd, kdo se nechce registrovat nebo stahovat aplikaci.<\/li>\n<li>Mezin\u00e1rodn\u00ed u\u017eivatel\u00e9, kte\u0159\u00ed se cht\u011bj\u00ed sezn\u00e1mit s lidmi z jin\u00fdch zem\u00ed<\/li>\n<\/ul>\n<p>Nen\u00ed ide\u00e1ln\u00ed pro:<\/p>\n<ul>\n<li>U\u017eivatel\u00e9, kte\u0159\u00ed hledaj\u00ed seznamku s kur\u00e1torem nebo z\u00e1\u017eitek z p\u00e1rov\u00e1n\u00ed.<\/li>\n<li>Lid\u00e9, kte\u0159\u00ed d\u00e1vaj\u00ed p\u0159ednost skupinov\u00fdm chat\u016fm nebo tematick\u00fdm diskus\u00edm.<\/li>\n<li>Mlad\u0161\u00ed u\u017eivatel\u00e9, kte\u0159\u00ed se nemus\u00ed c\u00edtit pohodln\u011b p\u0159i proch\u00e1zen\u00ed obsahu pro dosp\u011bl\u00e9.<\/li>\n<li>U\u017eivatel\u00e9, kte\u0159\u00ed cht\u011bj\u00ed pr\u016fb\u011b\u017en\u00e9 konverzace nebo funkce p\u0159id\u00e1v\u00e1n\u00ed p\u0159\u00e1tel.<\/li>\n<\/ul>\n<h2>Z\u00e1v\u011bre\u010dn\u00fd verdikt<\/h2>\n<p>MeetSkip je jednou z lep\u0161\u00edch platforem pro n\u00e1hodn\u00fd videochat ve stylu Omegle. Nenab\u00edz\u00ed sice pokro\u010dil\u00e9 funkce ani \u0161pi\u010dkov\u00e9 moderov\u00e1n\u00ed, ale da\u0159\u00ed se j\u00ed to, co si p\u0159edsevzala: poskytovat bezplatn\u00fd, anonymn\u00ed a okam\u017eit\u00fd chat tv\u00e1\u0159\u00ed v tv\u00e1\u0159 s ciz\u00edmi lidmi po cel\u00e9m sv\u011bt\u011b.<\/p>\n<p>Pokud hled\u00e1te lehk\u00e9, bez v\u00e1z\u00e1n\u00ed cam chat str\u00e1nky s minim\u00e1ln\u00edm rozruchem a rychl\u00e9 odpov\u00eddaj\u00edc\u00ed, MeetSkip je rozhodn\u011b stoj\u00ed za vyzkou\u0161en\u00ed. Nen\u00ed nejbly\u0161tiv\u011bj\u0161\u00ed, ale je spolehliv\u00e1 - a to je n\u011bkdy p\u0159esn\u011b to, co n\u00e1hodn\u00ed nad\u0161enci do chatu hledaj\u00ed.<\/p>","protected":false},"excerpt":{"rendered":"<p>As more people look for spontaneous, face-to-face interactions online, random video chat platforms continue to thrive \u2014 especially in the post-Omegle era. One of the newer names making the rounds is MeetSkip, a browser-based random cam chat site offering quick connections, minimal setup, and an experience reminiscent of the early Omegle days. But with dozens [&hellip;]<\/p>\n","protected":false},"author":6,"featured_media":0,"parent":0,"menu_order":0,"comment_status":"closed","ping_status":"closed","template":"","meta":{"footnotes":""},"class_list":["post-12846","page","type-page","status-publish","hentry"],"yoast_head":"<!-- This site is optimized with the Yoast SEO plugin v27.4 - https:\/\/yoast.com\/product\/yoast-seo-wordpress\/ -->\n<title>MeetSkip - Free Online Chat Rooms on StrangerCam.com<\/title>\n<meta name=\"description\" content=\"Like MeetSkip? Come chat with more than 5.000.000 strangers on Stranger Cam for Free! Turn on your cam and find new friends &amp; maby a match!\" \/>\n<meta name=\"robots\" content=\"index, follow, max-snippet:-1, max-image-preview:large, max-video-preview:-1\" \/>\n<link rel=\"canonical\" href=\"https:\/\/strangercam.com\/cs\/meetskip\/\" \/>\n<meta property=\"og:locale\" content=\"cs_CZ\" \/>\n<meta property=\"og:type\" content=\"article\" \/>\n<meta property=\"og:title\" content=\"MeetSkip - Free Online Chat Rooms on StrangerCam.com\" \/>\n<meta property=\"og:description\" content=\"Like MeetSkip? Come chat with more than 5.000.000 strangers on Stranger Cam for Free! Turn on your cam and find new friends &amp; maby a match!\" \/>\n<meta property=\"og:url\" content=\"https:\/\/strangercam.com\/cs\/meetskip\/\" \/>\n<meta property=\"og:site_name\" content=\"Strangercam\" \/>\n<meta property=\"article:publisher\" content=\"https:\/\/www.facebook.com\/strangercam\" \/>\n<meta property=\"og:image\" content=\"https:\/\/strangercam.com\/wp-content\/uploads\/2021\/10\/Untitled-2.png\" \/>\n\t<meta property=\"og:image:width\" content=\"800\" \/>\n\t<meta property=\"og:image:height\" content=\"532\" \/>\n\t<meta property=\"og:image:type\" content=\"image\/png\" \/>\n<meta name=\"twitter:card\" content=\"summary_large_image\" \/>\n<meta name=\"twitter:site\" content=\"@strangercamapp\" \/>\n<meta name=\"twitter:label1\" content=\"Odhadovan\u00e1 doba \u010dten\u00ed\" \/>\n\t<meta name=\"twitter:data1\" content=\"6 minut\" \/>\n<script type=\"application\/ld+json\" class=\"yoast-schema-graph\">{\"@context\":\"https:\\\/\\\/schema.org\",\"@graph\":[{\"@type\":\"WebPage\",\"@id\":\"https:\\\/\\\/strangercam.com\\\/meetskip\\\/\",\"url\":\"https:\\\/\\\/strangercam.com\\\/meetskip\\\/\",\"name\":\"MeetSkip - Free Online Chat Rooms on StrangerCam.com\",\"isPartOf\":{\"@id\":\"https:\\\/\\\/strangercam.com\\\/#website\"},\"datePublished\":\"2025-05-14T07:44:05+00:00\",\"description\":\"Like MeetSkip? Come chat with more than 5.000.000 strangers on Stranger Cam for Free! Turn on your cam and find new friends & maby a match!\",\"breadcrumb\":{\"@id\":\"https:\\\/\\\/strangercam.com\\\/meetskip\\\/#breadcrumb\"},\"inLanguage\":\"cs\",\"potentialAction\":[{\"@type\":\"ReadAction\",\"target\":[\"https:\\\/\\\/strangercam.com\\\/meetskip\\\/\"]}]},{\"@type\":\"BreadcrumbList\",\"@id\":\"https:\\\/\\\/strangercam.com\\\/meetskip\\\/#breadcrumb\",\"itemListElement\":[{\"@type\":\"ListItem\",\"position\":1,\"name\":\"Home\",\"item\":\"https:\\\/\\\/strangercam.com\\\/\"},{\"@type\":\"ListItem\",\"position\":2,\"name\":\"MeetSkip\"}]},{\"@type\":\"WebSite\",\"@id\":\"https:\\\/\\\/strangercam.com\\\/#website\",\"url\":\"https:\\\/\\\/strangercam.com\\\/\",\"name\":\"Strangercam\",\"description\":\"Random Video Chat with Strangers\",\"publisher\":{\"@id\":\"https:\\\/\\\/strangercam.com\\\/#organization\"},\"alternateName\":\"Strangercam.com\",\"potentialAction\":[{\"@type\":\"SearchAction\",\"target\":{\"@type\":\"EntryPoint\",\"urlTemplate\":\"https:\\\/\\\/strangercam.com\\\/?s={search_term_string}\"},\"query-input\":{\"@type\":\"PropertyValueSpecification\",\"valueRequired\":true,\"valueName\":\"search_term_string\"}}],\"inLanguage\":\"cs\"},{\"@type\":\"Organization\",\"@id\":\"https:\\\/\\\/strangercam.com\\\/#organization\",\"name\":\"Strangercam\",\"alternateName\":\"Strangercam.com\",\"url\":\"https:\\\/\\\/strangercam.com\\\/\",\"logo\":{\"@type\":\"ImageObject\",\"inLanguage\":\"cs\",\"@id\":\"https:\\\/\\\/strangercam.com\\\/#\\\/schema\\\/logo\\\/image\\\/\",\"url\":\"https:\\\/\\\/strangercam.com\\\/wp-content\\\/uploads\\\/2020\\\/11\\\/cropped-new-favicon-black.png\",\"contentUrl\":\"https:\\\/\\\/strangercam.com\\\/wp-content\\\/uploads\\\/2020\\\/11\\\/cropped-new-favicon-black.png\",\"width\":512,\"height\":512,\"caption\":\"Strangercam\"},\"image\":{\"@id\":\"https:\\\/\\\/strangercam.com\\\/#\\\/schema\\\/logo\\\/image\\\/\"},\"sameAs\":[\"https:\\\/\\\/www.facebook.com\\\/strangercam\",\"https:\\\/\\\/x.com\\\/strangercamapp\"]}]}<\/script>\n<!-- \/ Yoast SEO plugin. -->","yoast_head_json":{"title":"MeetSkip - Online chat zdarma na StrangerCam.com","description":"L\u00edb\u00ed se v\u00e1m MeetSkip? Poj\u010fte si zdarma popov\u00eddat s v\u00edce ne\u017e 5 000 000 cizinci na Stranger Cam! Zapn\u011bte kameru a najd\u011bte nov\u00e9 p\u0159\u00e1tele &amp; maby z\u00e1pas!","robots":{"index":"index","follow":"follow","max-snippet":"max-snippet:-1","max-image-preview":"max-image-preview:large","max-video-preview":"max-video-preview:-1"},"canonical":"https:\/\/strangercam.com\/cs\/meetskip\/","og_locale":"cs_CZ","og_type":"article","og_title":"MeetSkip - Free Online Chat Rooms on StrangerCam.com","og_description":"Like MeetSkip? Come chat with more than 5.000.000 strangers on Stranger Cam for Free! Turn on your cam and find new friends & maby a match!","og_url":"https:\/\/strangercam.com\/cs\/meetskip\/","og_site_name":"Strangercam","article_publisher":"https:\/\/www.facebook.com\/strangercam","og_image":[{"width":800,"height":532,"url":"https:\/\/strangercam.com\/wp-content\/uploads\/2021\/10\/Untitled-2.png","type":"image\/png"}],"twitter_card":"summary_large_image","twitter_site":"@strangercamapp","twitter_misc":{"Odhadovan\u00e1 doba \u010dten\u00ed":"6 minut"},"schema":{"@context":"https:\/\/schema.org","@graph":[{"@type":"WebPage","@id":"https:\/\/strangercam.com\/meetskip\/","url":"https:\/\/strangercam.com\/meetskip\/","name":"MeetSkip - Online chat zdarma na StrangerCam.com","isPartOf":{"@id":"https:\/\/strangercam.com\/#website"},"datePublished":"2025-05-14T07:44:05+00:00","description":"L\u00edb\u00ed se v\u00e1m MeetSkip? Poj\u010fte si zdarma popov\u00eddat s v\u00edce ne\u017e 5 000 000 cizinci na Stranger Cam! Zapn\u011bte kameru a najd\u011bte nov\u00e9 p\u0159\u00e1tele &amp; maby z\u00e1pas!","breadcrumb":{"@id":"https:\/\/strangercam.com\/meetskip\/#breadcrumb"},"inLanguage":"cs","potentialAction":[{"@type":"ReadAction","target":["https:\/\/strangercam.com\/meetskip\/"]}]},{"@type":"BreadcrumbList","@id":"https:\/\/strangercam.com\/meetskip\/#breadcrumb","itemListElement":[{"@type":"ListItem","position":1,"name":"Home","item":"https:\/\/strangercam.com\/"},{"@type":"ListItem","position":2,"name":"MeetSkip"}]},{"@type":"WebSite","@id":"https:\/\/strangercam.com\/#website","url":"https:\/\/strangercam.com\/","name":"Strangercam","description":"N\u00e1hodn\u00fd videochat s ciz\u00edmi lidmi","publisher":{"@id":"https:\/\/strangercam.com\/#organization"},"alternateName":"Strangercam.com","potentialAction":[{"@type":"SearchAction","target":{"@type":"EntryPoint","urlTemplate":"https:\/\/strangercam.com\/?s={search_term_string}"},"query-input":{"@type":"PropertyValueSpecification","valueRequired":true,"valueName":"search_term_string"}}],"inLanguage":"cs"},{"@type":"Organization","@id":"https:\/\/strangercam.com\/#organization","name":"Strangercam","alternateName":"Strangercam.com","url":"https:\/\/strangercam.com\/","logo":{"@type":"ImageObject","inLanguage":"cs","@id":"https:\/\/strangercam.com\/#\/schema\/logo\/image\/","url":"https:\/\/strangercam.com\/wp-content\/uploads\/2020\/11\/cropped-new-favicon-black.png","contentUrl":"https:\/\/strangercam.com\/wp-content\/uploads\/2020\/11\/cropped-new-favicon-black.png","width":512,"height":512,"caption":"Strangercam"},"image":{"@id":"https:\/\/strangercam.com\/#\/schema\/logo\/image\/"},"sameAs":["https:\/\/www.facebook.com\/strangercam","https:\/\/x.com\/strangercamapp"]}]}},"_links":{"self":[{"href":"https:\/\/strangercam.com\/cs\/wp-json\/wp\/v2\/pages\/12846","targetHints":{"allow":["GET"]}}],"collection":[{"href":"https:\/\/strangercam.com\/cs\/wp-json\/wp\/v2\/pages"}],"about":[{"href":"https:\/\/strangercam.com\/cs\/wp-json\/wp\/v2\/types\/page"}],"author":[{"embeddable":true,"href":"https:\/\/strangercam.com\/cs\/wp-json\/wp\/v2\/users\/6"}],"replies":[{"embeddable":true,"href":"https:\/\/strangercam.com\/cs\/wp-json\/wp\/v2\/comments?post=12846"}],"version-history":[{"count":1,"href":"https:\/\/strangercam.com\/cs\/wp-json\/wp\/v2\/pages\/12846\/revisions"}],"predecessor-version":[{"id":12847,"href":"https:\/\/strangercam.com\/cs\/wp-json\/wp\/v2\/pages\/12846\/revisions\/12847"}],"wp:attachment":[{"href":"https:\/\/strangercam.com\/cs\/wp-json\/wp\/v2\/media?parent=12846"}],"curies":[{"name":"wp","href":"https:\/\/api.w.org\/{rel}","templated":true}]}}