{"id":12842,"date":"2025-05-14T09:40:39","date_gmt":"2025-05-14T07:40:39","guid":{"rendered":"https:\/\/strangercam.com\/?page_id=12842"},"modified":"2025-05-14T09:42:02","modified_gmt":"2025-05-14T07:42:02","slug":"seznamte-se-s","status":"publish","type":"page","link":"https:\/\/strangercam.com\/cs\/meetgle\/","title":{"rendered":"Meetgle"},"content":{"rendered":"<p>S <a href=\"https:\/\/strangercam.com\/cs\/omegle\/\">Omegle<\/a> nyn\u00ed vypnout a <a href=\"https:\/\/strangercam.com\/cs\/chatroulette\/\">Chatroulette<\/a> st\u00ednem sv\u00e9ho d\u0159\u00edv\u011bj\u0161\u00edho j\u00e1, se objevuje st\u00e1le v\u00edce platforem, kter\u00e9 zapl\u0148uj\u00ed mezeru v n\u00e1hodn\u00e9m videu. <a href=\"https:\/\/strangercam.com\/cs\/chathub\/\">chat<\/a> prostor. Jedn\u00edm z nich je Meetgle - bezplatn\u00fd webov\u00fd chat s kamerou v prohl\u00ed\u017ee\u010di, kter\u00fd v\u00e1s okam\u017eit\u011b spoj\u00ed s ciz\u00edmi lidmi z cel\u00e9ho sv\u011bta.<\/p>\n<p>Meetgle, kter\u00fd je ozna\u010dov\u00e1n za modern\u00ed alternativu Omegle, slibuje rychl\u00e9 p\u00e1rov\u00e1n\u00ed, glob\u00e1ln\u00ed konverzace a nulovou registraci. Nab\u00edz\u00ed v\u0161ak Meetgle ve sv\u011bt\u011b, kde o pozornost soupe\u0159\u00ed des\u00edtky podobn\u00fdch chatovac\u00edch str\u00e1nek, n\u011bco v\u00fdjime\u010dn\u00e9ho? Nebo je to jen dal\u0161\u00ed generick\u00fd klon?<\/p>\n<p>V tomto podrobn\u00e9m p\u0159ehledu se dozv\u00edte, co p\u0159esn\u011b Meetgle je, jak funguje, jak\u00e9 funkce nab\u00edz\u00ed, kdo ho pou\u017e\u00edv\u00e1 a jak si stoj\u00ed v porovn\u00e1n\u00ed s jin\u00fdmi platformami.<\/p>\n<h2>Co je Meetgle?<\/h2>\n<p>Meetgle je bezplatn\u00e1 anonymn\u00ed webov\u00e1 str\u00e1nka pro videochat, kter\u00e1 n\u00e1hodn\u011b spojuje u\u017eivatele v konverzac\u00edch jeden na jednoho p\u0159es webovou kameru. Stejn\u011b jako v p\u0159\u00edpad\u011b dnes ji\u017e neexistuj\u00edc\u00ed slu\u017eby Omegle se nemus\u00edte registrovat ani nic instalovat. Sta\u010d\u00ed nav\u0161t\u00edvit str\u00e1nku, kliknout na \"Start Chat\" a budete spojeni s nezn\u00e1m\u00fdm \u010dlov\u011bkem.<\/p>\n<p>Platforma podporuje videochat i textov\u00fd chat a nab\u00edz\u00ed rychl\u00fd zp\u016fsob komunikace s lidmi po cel\u00e9m sv\u011bt\u011b bez zbyte\u010dn\u00fdch p\u0159ek\u00e1\u017eek. A\u0165 u\u017e chcete flirtovat, nav\u00e1zat p\u0159\u00e1telstv\u00ed, procvi\u010dit si jazyk nebo se jen zasm\u00e1t s n\u011bk\u00fdm n\u00e1hodn\u00fdm, Meetgle poskytuje rychlou br\u00e1nu ke spont\u00e1nn\u00edmu lidsk\u00e9mu kontaktu.<\/p>\n<h2>Jak\u00fd je \u00fa\u010del slu\u017eby Meetgle?<\/h2>\n<p>Hlavn\u00edm \u00fa\u010delem slu\u017eby Meetgle je obnovit p\u016fvodn\u00ed z\u00e1\u017eitek z Omegle: rychl\u00e9 a anonymn\u00ed chaty s ciz\u00edmi lidmi p\u0159es webovou kameru nebo text. Odstra\u0148uje profily, p\u0159ihla\u0161ovac\u00ed \u00fadaje a soci\u00e1ln\u00ed kan\u00e1ly - v\u0161e je jednoduch\u00e9 a nefiltrovan\u00e9.<\/p>\n<p>Je ur\u010den pro:<\/p>\n<ul>\n<li>U\u017eivatel\u00e9, kte\u0159\u00ed hledaj\u00ed neform\u00e1ln\u00ed, nestrukturovanou konverzaci.<\/li>\n<li>Lid\u00e9, kte\u0159\u00ed maj\u00ed r\u00e1di n\u00e1hodn\u00e9 videochaty<\/li>\n<li>Komu se st\u00fdsk\u00e1 po star\u00e9m form\u00e1tu Omegle<\/li>\n<li>Cestovatel\u00e9 nebo studenti jazyk\u016f, kte\u0159\u00ed cht\u011bj\u00ed <a href=\"https:\/\/strangercam.com\/cs\/coomeet\/\">Seznamte se s<\/a> lid\u00ed po cel\u00e9m sv\u011bt\u011b<\/li>\n<\/ul>\n<p>Neexistuje \u017e\u00e1dn\u00fd tlak na to, abyste z\u016fstali ve spojen\u00ed, \u017e\u00e1dn\u00e9 ve\u0159ejn\u00e9 streamov\u00e1n\u00ed ani nutnost sd\u011blovat osobn\u00ed \u00fadaje. C\u00edlem je interakce tv\u00e1\u0159\u00ed v tv\u00e1\u0159 v re\u00e1ln\u00e9m \u010dase, jeden na jednoho - syrov\u00e1, nesest\u0159\u00edhan\u00e1 a bez sc\u00e9n\u00e1\u0159e.<\/p>\n<h2>Kl\u00ed\u010dov\u00e9 vlastnosti<\/h2>\n<p>1. N\u00e1hodn\u00fd videochat<br \/>\nHlavn\u00ed funkc\u00ed slu\u017eby Meetgle je okam\u017eit\u00fd videochat s kamerou. Jedn\u00edm kliknut\u00edm se spoj\u00edte s n\u011bk\u00fdm nov\u00fdm. P\u00e1rov\u00e1n\u00ed je n\u00e1hodn\u00e9 a z\u00e1\u017eitek je soukrom\u00fd. Nen\u00ed tu \u017e\u00e1dn\u00e9 publikum, \u017e\u00e1dn\u00fd algoritmus - jen jeden \u010dlov\u011bk p\u0159ed druh\u00fdm, spojen\u00fd webovou kamerou.<\/p>\n<p>2. Re\u017eim textov\u00e9ho chatu<br \/>\nNejste p\u0159ipraveni na video? Kdykoli m\u016f\u017eete p\u0159epnout do re\u017eimu pouze textov\u00e9ho. Tato mo\u017enost je skv\u011bl\u00e1 pro stydliv\u00e9 u\u017eivatele, v situac\u00edch s malou \u0161\u00ed\u0159kou p\u00e1sma nebo pro ty, kte\u0159\u00ed se rad\u011bji zapojuj\u00ed do konverzace psan\u00edm.<\/p>\n<p>3. Anonymn\u00ed a bez registrace<br \/>\nPro pou\u017e\u00edv\u00e1n\u00ed slu\u017eby Meetgle nen\u00ed nutn\u00e1 \u017e\u00e1dn\u00e1 registrace, p\u0159ihl\u00e1\u0161en\u00ed ani e-mail. Neukl\u00e1d\u00e1 historii chatu ani nevy\u017eaduje osobn\u00ed \u00fadaje. U\u017eivatel\u00e9 se mohou p\u0159ipojit, chatovat a odch\u00e1zet zcela anonymn\u011b.<\/p>\n<p>4. Tla\u010d\u00edtka P\u0159esko\u010dit a Dal\u0161\u00ed<br \/>\nPokud se v\u00e1m konverzace nel\u00edb\u00ed, sta\u010d\u00ed kliknout na \"Dal\u0161\u00ed\" a okam\u017eit\u011b se spoj\u00edte s n\u011bk\u00fdm jin\u00fdm. Tato funkce je rychl\u00e1 a pohotov\u00e1, tak\u017ee m\u016f\u017eete snadno proch\u00e1zet u\u017eivatele, dokud nenajdete n\u011bkoho zaj\u00edmav\u00e9ho.<\/p>\n<p>5. Glob\u00e1ln\u00ed p\u0159\u00edstup<br \/>\nMeetgle spojuje u\u017eivatele z cel\u00e9ho sv\u011bta. Neexistuj\u00ed zde \u017e\u00e1dn\u00e1 region\u00e1ln\u00ed omezen\u00ed a m\u016f\u017eete chatovat s lidmi z jak\u00e9koli zem\u011b, co\u017e je ide\u00e1ln\u00ed pro kulturn\u00ed v\u00fdm\u011bnu nebo prost\u011b jen pro roz\u0161\u00ed\u0159en\u00ed va\u0161eho rozhledu.<\/p>\n<p>6. Mobiln\u00ed podpora<br \/>\nMeetgle sice nem\u00e1 speci\u00e1ln\u00ed aplikaci, ale webov\u00e9 str\u00e1nky jsou p\u0159izp\u016fsoben\u00e9 pro mobiln\u00ed za\u0159\u00edzen\u00ed a funguj\u00ed ve v\u011bt\u0161in\u011b modern\u00edch prohl\u00ed\u017ee\u010d\u016f chytr\u00fdch telefon\u016f. Na stoln\u00edch po\u010d\u00edta\u010d\u00edch je z\u00e1\u017eitek lep\u0161\u00ed, ale mobiln\u00ed u\u017eivatel\u00e9 maj\u00ed st\u00e1le p\u0159\u00edstup k plnohodnotn\u00fdm funkc\u00edm videochatu a textov\u00e9ho chatu.<\/p>\n<p>7. Nen\u00ed nutn\u00e9 stahov\u00e1n\u00ed<br \/>\nV\u0161e b\u011b\u017e\u00ed v prohl\u00ed\u017ee\u010di. Nemus\u00edte instalovat \u017e\u00e1dn\u00fd software ani roz\u0161\u00ed\u0159en\u00ed. Pokud m\u00e1te webovou kameru, mikrofon a prohl\u00ed\u017ee\u010d, m\u016f\u017eete za\u010d\u00edt.<\/p>\n<h2>Je Meetgle zdarma?<\/h2>\n<p>Ano, slu\u017eba Meetgle je zcela zdarma. K dispozici jsou:<\/p>\n<ul>\n<li>\u017d\u00e1dn\u00e9 pr\u00e9miov\u00e9 \u00fa\u010dty<\/li>\n<li>\u017d\u00e1dn\u00e9 \u017eetony ani kredity<\/li>\n<li>\u017d\u00e1dn\u00e9 paywally ani skryt\u00e9 n\u00e1klady<\/li>\n<\/ul>\n<p>V\u0161ichni u\u017eivatel\u00e9 maj\u00ed stejn\u00fd p\u0159\u00edstup k funkc\u00edm video a textov\u00e9ho chatu, ani\u017e by zaplatili jedin\u00fd cent. Meetgle m\u016f\u017ee zobrazovat reklamy na pokryt\u00ed provozn\u00edch n\u00e1klad\u016f, ale v dob\u011b psan\u00ed tohoto \u010dl\u00e1nku z\u016fst\u00e1v\u00e1 platforma bezplatn\u00e1 a relativn\u011b nen\u00e1ro\u010dn\u00e1.<\/p>\n<h2>Kdo pou\u017e\u00edv\u00e1 Meetgle?<\/h2>\n<p>U\u017eivatelsk\u00e1 z\u00e1kladna slu\u017eby Meetgle je glob\u00e1ln\u00ed a r\u016fznorod\u00e1, ale m\u00e1 tendenci se \u0159\u00eddit vzorci, kter\u00e9 lze pozorovat v oblasti n\u00e1hodn\u00e9ho chatu:<\/p>\n<ul>\n<li>V\u011bk: P\u0159edev\u0161\u00edm 18-35 let<\/li>\n<li>Pohlav\u00ed: V\u011bt\u0161inou mu\u017ei, p\u0159i\u010dem\u017e u\u017eivatel\u00e9 \u017eensk\u00e9ho pohlav\u00ed obvykle dost\u00e1vaj\u00ed v\u00edce \u017e\u00e1dost\u00ed o chat.<\/li>\n<li>Um\u00edst\u011bn\u00ed: Siln\u00e1 aktivita ze Spojen\u00fdch st\u00e1t\u016f, Indie, N\u011bmecka, Braz\u00edlie a Spojen\u00e9ho kr\u00e1lovstv\u00ed.<\/li>\n<li>Z\u00e1m\u011br: Sm\u011bs nez\u00e1vazn\u00e9 konverzace, flirtov\u00e1n\u00ed a spole\u010densk\u00e9 zv\u011bdavosti.<\/li>\n<\/ul>\n<p>Platforma oslovuje lidi, kte\u0159\u00ed:<\/p>\n<ul>\n<li>Sle\u010dna Omegle nebo Chatroulette<\/li>\n<li>U\u017eijte si nefiltrovan\u00fd, spont\u00e1nn\u00ed videochat<\/li>\n<li>Nechcete se registrovat ani vytv\u00e1\u0159et profily<\/li>\n<li>Stejn\u011b jako vzru\u0161en\u00ed z nep\u0159edv\u00eddateln\u00e9 soci\u00e1ln\u00ed interakce<\/li>\n<\/ul>\n<p>Proto\u017ee neexistuje \u017e\u00e1dn\u00e9 p\u0159ihl\u00e1\u0161en\u00ed, nen\u00ed mo\u017en\u00e9 budovat sledovanost, p\u0159id\u00e1vat si p\u0159\u00e1tele nebo se vracet k p\u0159edchoz\u00edm z\u00e1pas\u016fm. Ka\u017ed\u00e1 relace je do\u010dasn\u00e1, co\u017e zvy\u0161uje atraktivitu pro u\u017eivatele, kte\u0159\u00ed hledaj\u00ed do\u010dasn\u00fd \u00fanik nebo lehkou interakci.<\/p>\n<h2>Bezpe\u010dnost, soukrom\u00ed a moderov\u00e1n\u00ed<\/h2>\n<p>Stejn\u011b jako u ka\u017ed\u00e9 anonymn\u00ed videochatovac\u00ed platformy je i zde t\u0159eba db\u00e1t na bezpe\u010dnost a Meetgle se o to sna\u017e\u00ed, i kdy\u017e to nen\u00ed dokonal\u00e9.<\/p>\n<h3>Ochrana osobn\u00edch \u00fadaj\u016f<\/h3>\n<ul>\n<li>Registrace nen\u00ed nutn\u00e1<\/li>\n<li>\u017d\u00e1dn\u00e9 osobn\u00ed \u00fadaje nejsou shroma\u017e\u010fov\u00e1ny<\/li>\n<li>Chaty se neukl\u00e1daj\u00ed ani nenahr\u00e1vaj\u00ed<\/li>\n<li>Z relace m\u016f\u017eete kdykoli odej\u00edt.<\/li>\n<\/ul>\n<h3>Moderov\u00e1n\u00ed<\/h3>\n<ul>\n<li>Tla\u010d\u00edtko Nahl\u00e1sit je k dispozici pro ozna\u010den\u00ed nevhodn\u00e9ho obsahu<\/li>\n<li>Detekce nahoty na z\u00e1klad\u011b um\u011bl\u00e9 inteligence pom\u00e1h\u00e1 omezit obsah pro dosp\u011bl\u00e9<\/li>\n<li>Za poru\u0161en\u00ed pravidel m\u016f\u017ee doj\u00edt k n\u00e1hodn\u00fdm z\u00e1kaz\u016fm nebo st\u00ednov\u00fdm z\u00e1kaz\u016fm.<\/li>\n<\/ul>\n<p>Moderace je v\u0161ak v\u011bt\u0161inou reaktivn\u00ed. A\u010dkoli platforma pou\u017e\u00edv\u00e1 automatick\u00e9 skenov\u00e1n\u00ed a ru\u010dn\u00ed kontrolu, u\u017eivatel\u00e9 se st\u00e1le mohou setkat s nahotou, obt\u011b\u017eov\u00e1n\u00edm nebo trollingem, zejm\u00e9na mimo \u0161pi\u010dku.<\/p>\n<p>U\u017eivatel\u016fm se d\u016frazn\u011b doporu\u010duje, aby:<\/p>\n<ul>\n<li>Vyhn\u011bte se sd\u00edlen\u00ed jak\u00fdchkoli osobn\u00edch \u00fadaj\u016f<\/li>\n<li>Hojn\u011b vyu\u017e\u00edvejte funkce \"Hl\u00e1\u0161en\u00ed\" a \"Dal\u0161\u00ed\".<\/li>\n<li>Chatov\u00e1n\u00ed ve ve\u0159ejn\u00e9m nebo monitorovan\u00e9m prost\u0159ed\u00ed<\/li>\n<li>Bu\u010fte opatrn\u00ed p\u0159i chatov\u00e1n\u00ed p\u0159es mobiln\u00ed data nebo ve\u0159ejnou s\u00ed\u0165 Wi-Fi.<\/li>\n<\/ul>\n<h2>U\u017eivatelsk\u00e9 prost\u0159ed\u00ed a rozhran\u00ed<\/h2>\n<p>Meetgle nab\u00edz\u00ed velmi jednoduch\u00fd a intuitivn\u00ed design. Neexistuje \u017e\u00e1dn\u00e1 k\u0159ivka u\u010den\u00ed. Kdy\u017e p\u0159istanete na domovsk\u00e9 str\u00e1nce, uv\u00edt\u00e1 v\u00e1s velk\u00e9 tla\u010d\u00edtko \"Start\" a b\u011bhem n\u011bkolika sekund se ocitnete v chatu.<\/p>\n<p>Kl\u00ed\u010dov\u00e9 aspekty n\u00e1vrhu:<\/p>\n<ul>\n<li>Velk\u00e1 okna pro video<\/li>\n<li>Jednoduch\u00e9 chatovac\u00ed pole pro psan\u00ed<\/li>\n<li>Tla\u010d\u00edtka pro spu\u0161t\u011bn\u00ed, dal\u0161\u00ed, ztlumen\u00ed a hl\u00e1\u0161en\u00ed<\/li>\n<li>\u017d\u00e1dn\u00e9 reklamy nep\u0159eru\u0161uj\u00ed hlavn\u00ed obrazovku (zat\u00edm)<\/li>\n<\/ul>\n<p>Doba na\u010d\u00edt\u00e1n\u00ed je rychl\u00e1, p\u0159echody jsou plynul\u00e9 a kvalita videa je slu\u0161n\u00e1 - za p\u0159edpokladu, \u017ee je va\u0161e p\u0159ipojen\u00ed stabiln\u00ed.<\/p>\n<p>A\u010dkoli platforma postr\u00e1d\u00e1 modern\u00ed u\u017eivatelsk\u00e9 rozhran\u00ed nebo zna\u010dku, jej\u00ed stroh\u00fd styl j\u00ed prosp\u00edv\u00e1. Nep\u0159ek\u00e1\u017e\u00ed a umo\u017e\u0148uje u\u017eivatel\u016fm soust\u0159edit se na konverzaci.<\/p>\n<h2>Meetgle vs. jin\u00e9 str\u00e1nky videochatu<\/h2>\n<p>Pod\u00edvejme se, jak si Meetgle vede v porovn\u00e1n\u00ed s n\u011bkter\u00fdmi obl\u00edben\u00fdmi alternativami:<\/p>\n<table>\n<thead>\n<tr>\n<th>Funkce<\/th>\n<th>Meetgle<\/th>\n<th>Omegle (nyn\u00ed uzav\u0159eno)<\/th>\n<th>Chatroulette<\/th>\n<th>Chatrandom<\/th>\n<th>Emerald Chat<\/th>\n<\/tr>\n<\/thead>\n<tbody>\n<tr>\n<td>N\u00e1hodn\u00fd videochat<\/td>\n<td>Ano<\/td>\n<td>Ano<\/td>\n<td>Ano<\/td>\n<td>Ano<\/td>\n<td>Ano<\/td>\n<\/tr>\n<tr>\n<td>Mo\u017enost textov\u00e9ho chatu<\/td>\n<td>Ano<\/td>\n<td>Ano<\/td>\n<td>Ne<\/td>\n<td>Ano<\/td>\n<td>Ano<\/td>\n<\/tr>\n<tr>\n<td>Nutn\u00e1 registrace<\/td>\n<td>Ne<\/td>\n<td>Ne<\/td>\n<td>Ne<\/td>\n<td>Voliteln\u011b<\/td>\n<td>Ano<\/td>\n<\/tr>\n<tr>\n<td>Filtr podle pohlav\u00ed<\/td>\n<td>Ne<\/td>\n<td>Ne (pozd\u011bji zaplaceno)<\/td>\n<td>Ne<\/td>\n<td>Placen\u00e9<\/td>\n<td>Ano<\/td>\n<\/tr>\n<tr>\n<td>Optimalizace pro mobiln\u00ed za\u0159\u00edzen\u00ed<\/td>\n<td>M\u00edrn\u00e1<\/td>\n<td>\u0160patn\u00fd<\/td>\n<td>\u0160patn\u00fd<\/td>\n<td>Vynikaj\u00edc\u00ed<\/td>\n<td>Dobr\u00fd<\/td>\n<\/tr>\n<tr>\n<td>N\u00e1stroje pro moderov\u00e1n\u00ed<\/td>\n<td>Z\u00e1kladn\u00ed<\/td>\n<td>Minim\u00e1ln\u00ed<\/td>\n<td>Slab\u00e9<\/td>\n<td>M\u00edrn\u00e1<\/td>\n<td>Siln\u00fd<\/td>\n<\/tr>\n<tr>\n<td>Bezplatn\u00e9 pou\u017eit\u00ed<\/td>\n<td>Ano<\/td>\n<td>Ano<\/td>\n<td>Ano<\/td>\n<td>Ano\/plat\u00ed se<\/td>\n<td>Ano<\/td>\n<\/tr>\n<\/tbody>\n<\/table>\n<p>Shrnut\u00ed: Meetgle nab\u00edz\u00ed nejbli\u017e\u0161\u00ed sou\u010dasn\u00fd z\u00e1\u017eitek z p\u016fvodn\u00edho Omegle - rychl\u00fd, bezplatn\u00fd a anonymn\u00ed videochat - ale s o n\u011bco lep\u0161\u00ed podporou mobiln\u00edch za\u0159\u00edzen\u00ed a leh\u010d\u00edm moderov\u00e1n\u00edm.<\/p>\n<h2>V\u00fdhody a nev\u00fdhody<\/h2>\n<p>Klady:<\/p>\n<ul>\n<li>100% zdarma a anonymn\u011b<\/li>\n<li>Nen\u00ed nutn\u00e1 registrace ani stahov\u00e1n\u00ed<\/li>\n<li>Snadn\u00e9 pou\u017eit\u00ed, rychl\u00e9 na\u010d\u00edt\u00e1n\u00ed<\/li>\n<li>K dispozici jsou re\u017eimy textu a videa<\/li>\n<li>Funguje na po\u010d\u00edta\u010di i na mobilu<\/li>\n<li>Nejbli\u017e\u0161\u00ed alternativa ke klasick\u00e9mu modelu Omegle<\/li>\n<\/ul>\n<p>Nev\u00fdhody:<\/p>\n<ul>\n<li>Minim\u00e1ln\u00ed moderov\u00e1n\u00ed - st\u00e1le se objevuje nevhodn\u00fd obsah<\/li>\n<li>\u017d\u00e1dn\u00e9 filtry podle pohlav\u00ed nebo z\u00e1jm\u016f<\/li>\n<li>\u017d\u00e1dn\u00fd zp\u016fsob, jak se znovu p\u0159ipojit k p\u0159edchoz\u00edm u\u017eivatel\u016fm<\/li>\n<li>Z\u00e1kladn\u00ed rozhran\u00ed bez u\u017eivatelsk\u00fdch \u00fa\u010dt\u016f a soci\u00e1ln\u00edch funkc\u00ed<\/li>\n<li>P\u0159\u00edle\u017eitostn\u00e9 boty nebo spamov\u00e9 chov\u00e1n\u00ed<\/li>\n<\/ul>\n<h2>Ide\u00e1ln\u00ed p\u0159\u00edpady pou\u017eit\u00ed<\/h2>\n<p>Meetgle je ide\u00e1ln\u00ed pro:<\/p>\n<ul>\n<li>U\u017eivatel\u00e9, kter\u00fdm chyb\u00ed Omegle a cht\u011bj\u00ed podobnou n\u00e1hradu<\/li>\n<li>Lid\u00e9, kte\u0159\u00ed cht\u011bj\u00ed n\u00e1hodn\u011b chatovat s ciz\u00edmi lidmi bez p\u0159ihl\u00e1\u0161en\u00ed.<\/li>\n<li>Nenucen\u00e1, anonymn\u00ed konverzace a spole\u010densk\u00e1 z\u00e1bava<\/li>\n<li>Rychl\u00e1 interakce bez n\u00e1tlaku prost\u0159ednictv\u00edm webov\u00e9 kamery nebo textu<\/li>\n<\/ul>\n<p>Nen\u00ed ide\u00e1ln\u00ed pro:<\/p>\n<p>U\u017eivatel\u00e9, kte\u0159\u00ed cht\u011bj\u00ed mo\u017enosti filtrov\u00e1n\u00ed nebo dlouhodob\u00e9 p\u0159ipojen\u00ed.<\/p>\n<p>Ti, kte\u0159\u00ed hledaj\u00ed datov\u00e1n\u00ed nebo kur\u00e1torovan\u00e9 odpov\u00eddaj\u00edc\u00ed zku\u0161enosti<\/p>\n<p>Lid\u00e9, kter\u00fdm vad\u00ed potenci\u00e1ln\u011b nemoderovan\u00fd obsah.<\/p>\n<p>U\u017eivatel\u00e9, kte\u0159\u00ed hledaj\u00ed mobiln\u00ed aplikace nebo pr\u00e9miov\u00e9 funkce<\/p>\n<h2>Z\u00e1v\u011bre\u010dn\u00fd verdikt<\/h2>\n<p>Meetgle je jednou z nejjednodu\u0161\u0161\u00edch a nejefektivn\u011bj\u0161\u00edch platforem typu Omegle, kter\u00e1 je st\u00e1le v provozu. Nesna\u017e\u00ed se b\u00fdt seznamovac\u00ed aplikac\u00ed, streamovac\u00ed platformou ani soci\u00e1ln\u00ed s\u00edt\u00ed - je to jen rychl\u00fd anonymn\u00ed videochat. V t\u00e9to jednoduchosti je jej\u00ed s\u00edla.<\/p>\n<p>A\u010dkoli nedostatek moderov\u00e1n\u00ed a filtrov\u00e1n\u00ed m\u016f\u017ee b\u00fdt nev\u00fdhodou, platforma z\u016fst\u00e1v\u00e1 jednou z nejbli\u017e\u0161\u00edch zku\u0161enost\u00ed s p\u016fvodn\u00edm Omegle. Pro u\u017eivatele, kte\u0159\u00ed si cen\u00ed rychlosti, anonymity a spont\u00e1nnosti, Meetgle rozhodn\u011b stoj\u00ed za vyzkou\u0161en\u00ed.<\/p>\n<p>Pokud hled\u00e1te alternativu k chaotick\u00e9 n\u00e1hodnosti Chatroulette nebo p\u0159\u00edli\u0161n\u00e9 monetizaci Chatspinu, Meetgle je p\u0159\u00edjemnou st\u0159edn\u00ed cestou - je lehk\u00fd, bezplatn\u00fd a p\u0159ekvapiv\u011b z\u00e1bavn\u00fd.<\/p>","protected":false},"excerpt":{"rendered":"<p>With Omegle now shut down and Chatroulette a shadow of its former self, a growing number of platforms have emerged to fill the gap in the random video chat space. One of those is Meetgle \u2014 a free, browser-based cam-to-cam chat site designed to connect you instantly with strangers from around the world. Touted as [&hellip;]<\/p>\n","protected":false},"author":6,"featured_media":0,"parent":0,"menu_order":0,"comment_status":"closed","ping_status":"closed","template":"","meta":{"footnotes":""},"class_list":["post-12842","page","type-page","status-publish","hentry"],"yoast_head":"<!-- This site is optimized with the Yoast SEO plugin v27.4 - https:\/\/yoast.com\/product\/yoast-seo-wordpress\/ -->\n<title>Meetgle - Alternative Random Video Chat on StrangerCam.com<\/title>\n<meta name=\"description\" content=\"Like Meetgle? Come chat with more than 5.000.000 strangers on Stranger Cam for Free! Turn on your cam and find new friends &amp; maby a match!\" \/>\n<meta name=\"robots\" content=\"index, follow, max-snippet:-1, max-image-preview:large, max-video-preview:-1\" \/>\n<link rel=\"canonical\" href=\"https:\/\/strangercam.com\/cs\/seznamte-se-s\/\" \/>\n<meta property=\"og:locale\" content=\"cs_CZ\" \/>\n<meta property=\"og:type\" content=\"article\" \/>\n<meta property=\"og:title\" content=\"Meetgle - Alternative Random Video Chat on StrangerCam.com\" \/>\n<meta property=\"og:description\" content=\"Like Meetgle? Come chat with more than 5.000.000 strangers on Stranger Cam for Free! Turn on your cam and find new friends &amp; maby a match!\" \/>\n<meta property=\"og:url\" content=\"https:\/\/strangercam.com\/cs\/seznamte-se-s\/\" \/>\n<meta property=\"og:site_name\" content=\"Strangercam\" \/>\n<meta property=\"article:publisher\" content=\"https:\/\/www.facebook.com\/strangercam\" \/>\n<meta property=\"article:modified_time\" content=\"2025-05-14T07:42:02+00:00\" \/>\n<meta property=\"og:image\" content=\"https:\/\/strangercam.com\/wp-content\/uploads\/2021\/10\/Untitled-2.png\" \/>\n\t<meta property=\"og:image:width\" content=\"800\" \/>\n\t<meta property=\"og:image:height\" content=\"532\" \/>\n\t<meta property=\"og:image:type\" content=\"image\/png\" \/>\n<meta name=\"twitter:card\" content=\"summary_large_image\" \/>\n<meta name=\"twitter:site\" content=\"@strangercamapp\" \/>\n<meta name=\"twitter:label1\" content=\"Odhadovan\u00e1 doba \u010dten\u00ed\" \/>\n\t<meta name=\"twitter:data1\" content=\"6 minut\" \/>\n<script type=\"application\/ld+json\" class=\"yoast-schema-graph\">{\"@context\":\"https:\\\/\\\/schema.org\",\"@graph\":[{\"@type\":\"WebPage\",\"@id\":\"https:\\\/\\\/strangercam.com\\\/meetgle\\\/\",\"url\":\"https:\\\/\\\/strangercam.com\\\/meetgle\\\/\",\"name\":\"Meetgle - Alternative Random Video Chat on StrangerCam.com\",\"isPartOf\":{\"@id\":\"https:\\\/\\\/strangercam.com\\\/#website\"},\"datePublished\":\"2025-05-14T07:40:39+00:00\",\"dateModified\":\"2025-05-14T07:42:02+00:00\",\"description\":\"Like Meetgle? Come chat with more than 5.000.000 strangers on Stranger Cam for Free! Turn on your cam and find new friends & maby a match!\",\"breadcrumb\":{\"@id\":\"https:\\\/\\\/strangercam.com\\\/meetgle\\\/#breadcrumb\"},\"inLanguage\":\"cs\",\"potentialAction\":[{\"@type\":\"ReadAction\",\"target\":[\"https:\\\/\\\/strangercam.com\\\/meetgle\\\/\"]}]},{\"@type\":\"BreadcrumbList\",\"@id\":\"https:\\\/\\\/strangercam.com\\\/meetgle\\\/#breadcrumb\",\"itemListElement\":[{\"@type\":\"ListItem\",\"position\":1,\"name\":\"Home\",\"item\":\"https:\\\/\\\/strangercam.com\\\/\"},{\"@type\":\"ListItem\",\"position\":2,\"name\":\"Meetgle\"}]},{\"@type\":\"WebSite\",\"@id\":\"https:\\\/\\\/strangercam.com\\\/#website\",\"url\":\"https:\\\/\\\/strangercam.com\\\/\",\"name\":\"Strangercam\",\"description\":\"Random Video Chat with Strangers\",\"publisher\":{\"@id\":\"https:\\\/\\\/strangercam.com\\\/#organization\"},\"alternateName\":\"Strangercam.com\",\"potentialAction\":[{\"@type\":\"SearchAction\",\"target\":{\"@type\":\"EntryPoint\",\"urlTemplate\":\"https:\\\/\\\/strangercam.com\\\/?s={search_term_string}\"},\"query-input\":{\"@type\":\"PropertyValueSpecification\",\"valueRequired\":true,\"valueName\":\"search_term_string\"}}],\"inLanguage\":\"cs\"},{\"@type\":\"Organization\",\"@id\":\"https:\\\/\\\/strangercam.com\\\/#organization\",\"name\":\"Strangercam\",\"alternateName\":\"Strangercam.com\",\"url\":\"https:\\\/\\\/strangercam.com\\\/\",\"logo\":{\"@type\":\"ImageObject\",\"inLanguage\":\"cs\",\"@id\":\"https:\\\/\\\/strangercam.com\\\/#\\\/schema\\\/logo\\\/image\\\/\",\"url\":\"https:\\\/\\\/strangercam.com\\\/wp-content\\\/uploads\\\/2020\\\/11\\\/cropped-new-favicon-black.png\",\"contentUrl\":\"https:\\\/\\\/strangercam.com\\\/wp-content\\\/uploads\\\/2020\\\/11\\\/cropped-new-favicon-black.png\",\"width\":512,\"height\":512,\"caption\":\"Strangercam\"},\"image\":{\"@id\":\"https:\\\/\\\/strangercam.com\\\/#\\\/schema\\\/logo\\\/image\\\/\"},\"sameAs\":[\"https:\\\/\\\/www.facebook.com\\\/strangercam\",\"https:\\\/\\\/x.com\\\/strangercamapp\"]}]}<\/script>\n<!-- \/ Yoast SEO plugin. -->","yoast_head_json":{"title":"Meetgle - Alternativn\u00ed n\u00e1hodn\u00fd videochat na StrangerCam.com","description":"Jako Meetgle? Poj\u010fte si zdarma popov\u00eddat s v\u00edce ne\u017e 5 000 000 cizinci na Stranger Cam! Zapn\u011bte si kameru a najd\u011bte nov\u00e9 p\u0159\u00e1tele &amp; maby prot\u011bj\u0161ek!","robots":{"index":"index","follow":"follow","max-snippet":"max-snippet:-1","max-image-preview":"max-image-preview:large","max-video-preview":"max-video-preview:-1"},"canonical":"https:\/\/strangercam.com\/cs\/seznamte-se-s\/","og_locale":"cs_CZ","og_type":"article","og_title":"Meetgle - Alternative Random Video Chat on StrangerCam.com","og_description":"Like Meetgle? Come chat with more than 5.000.000 strangers on Stranger Cam for Free! Turn on your cam and find new friends & maby a match!","og_url":"https:\/\/strangercam.com\/cs\/seznamte-se-s\/","og_site_name":"Strangercam","article_publisher":"https:\/\/www.facebook.com\/strangercam","article_modified_time":"2025-05-14T07:42:02+00:00","og_image":[{"width":800,"height":532,"url":"https:\/\/strangercam.com\/wp-content\/uploads\/2021\/10\/Untitled-2.png","type":"image\/png"}],"twitter_card":"summary_large_image","twitter_site":"@strangercamapp","twitter_misc":{"Odhadovan\u00e1 doba \u010dten\u00ed":"6 minut"},"schema":{"@context":"https:\/\/schema.org","@graph":[{"@type":"WebPage","@id":"https:\/\/strangercam.com\/meetgle\/","url":"https:\/\/strangercam.com\/meetgle\/","name":"Meetgle - Alternativn\u00ed n\u00e1hodn\u00fd videochat na StrangerCam.com","isPartOf":{"@id":"https:\/\/strangercam.com\/#website"},"datePublished":"2025-05-14T07:40:39+00:00","dateModified":"2025-05-14T07:42:02+00:00","description":"Jako Meetgle? Poj\u010fte si zdarma popov\u00eddat s v\u00edce ne\u017e 5 000 000 cizinci na Stranger Cam! Zapn\u011bte si kameru a najd\u011bte nov\u00e9 p\u0159\u00e1tele &amp; maby prot\u011bj\u0161ek!","breadcrumb":{"@id":"https:\/\/strangercam.com\/meetgle\/#breadcrumb"},"inLanguage":"cs","potentialAction":[{"@type":"ReadAction","target":["https:\/\/strangercam.com\/meetgle\/"]}]},{"@type":"BreadcrumbList","@id":"https:\/\/strangercam.com\/meetgle\/#breadcrumb","itemListElement":[{"@type":"ListItem","position":1,"name":"Home","item":"https:\/\/strangercam.com\/"},{"@type":"ListItem","position":2,"name":"Meetgle"}]},{"@type":"WebSite","@id":"https:\/\/strangercam.com\/#website","url":"https:\/\/strangercam.com\/","name":"Strangercam","description":"N\u00e1hodn\u00fd videochat s ciz\u00edmi lidmi","publisher":{"@id":"https:\/\/strangercam.com\/#organization"},"alternateName":"Strangercam.com","potentialAction":[{"@type":"SearchAction","target":{"@type":"EntryPoint","urlTemplate":"https:\/\/strangercam.com\/?s={search_term_string}"},"query-input":{"@type":"PropertyValueSpecification","valueRequired":true,"valueName":"search_term_string"}}],"inLanguage":"cs"},{"@type":"Organization","@id":"https:\/\/strangercam.com\/#organization","name":"Strangercam","alternateName":"Strangercam.com","url":"https:\/\/strangercam.com\/","logo":{"@type":"ImageObject","inLanguage":"cs","@id":"https:\/\/strangercam.com\/#\/schema\/logo\/image\/","url":"https:\/\/strangercam.com\/wp-content\/uploads\/2020\/11\/cropped-new-favicon-black.png","contentUrl":"https:\/\/strangercam.com\/wp-content\/uploads\/2020\/11\/cropped-new-favicon-black.png","width":512,"height":512,"caption":"Strangercam"},"image":{"@id":"https:\/\/strangercam.com\/#\/schema\/logo\/image\/"},"sameAs":["https:\/\/www.facebook.com\/strangercam","https:\/\/x.com\/strangercamapp"]}]}},"_links":{"self":[{"href":"https:\/\/strangercam.com\/cs\/wp-json\/wp\/v2\/pages\/12842","targetHints":{"allow":["GET"]}}],"collection":[{"href":"https:\/\/strangercam.com\/cs\/wp-json\/wp\/v2\/pages"}],"about":[{"href":"https:\/\/strangercam.com\/cs\/wp-json\/wp\/v2\/types\/page"}],"author":[{"embeddable":true,"href":"https:\/\/strangercam.com\/cs\/wp-json\/wp\/v2\/users\/6"}],"replies":[{"embeddable":true,"href":"https:\/\/strangercam.com\/cs\/wp-json\/wp\/v2\/comments?post=12842"}],"version-history":[{"count":2,"href":"https:\/\/strangercam.com\/cs\/wp-json\/wp\/v2\/pages\/12842\/revisions"}],"predecessor-version":[{"id":12844,"href":"https:\/\/strangercam.com\/cs\/wp-json\/wp\/v2\/pages\/12842\/revisions\/12844"}],"wp:attachment":[{"href":"https:\/\/strangercam.com\/cs\/wp-json\/wp\/v2\/media?parent=12842"}],"curies":[{"name":"wp","href":"https:\/\/api.w.org\/{rel}","templated":true}]}}