{"id":12839,"date":"2025-05-14T09:36:44","date_gmt":"2025-05-14T07:36:44","guid":{"rendered":"https:\/\/strangercam.com\/?page_id=12839"},"modified":"2025-05-14T09:36:44","modified_gmt":"2025-05-14T07:36:44","slug":"joi","status":"publish","type":"page","link":"https:\/\/strangercam.com\/cs\/joi\/","title":{"rendered":"Joi"},"content":{"rendered":"<p>S rozmachem soci\u00e1ln\u00edch aplikac\u00ed zalo\u017een\u00fdch na videu v posledn\u00edch n\u011bkolika letech nen\u00ed p\u0159ekvapen\u00edm, \u017ee se objevila nov\u00e1 generace platforem, kter\u00e9 usnad\u0148uj\u00ed setk\u00e1n\u00ed tv\u00e1\u0159\u00ed v tv\u00e1\u0159 v re\u00e1ln\u00e9m \u010dase. Mezi nimi vynik\u00e1 aplikace Joi, kter\u00e1 je ur\u010dena p\u0159edev\u0161\u00edm pro mobiln\u00ed za\u0159\u00edzen\u00ed a umo\u017e\u0148uje rychl\u00e9 videochaty jeden na jednoho s ciz\u00edmi lidmi z cel\u00e9ho sv\u011bta.<\/p>\n<p>Prod\u00e1v\u00e1 se jako \u201cz\u00e1bavn\u00fd zp\u016fsob, jak <a href=\"https:\/\/strangercam.com\/cs\/coomeet\/\">Seznamte se s<\/a> \u201dJoi p\u0159eb\u00edr\u00e1 tradi\u010dn\u00ed koncept n\u00e1hodn\u00fdch vide\u00ed, kter\u00e1 se objevuj\u00ed okam\u017eit\u011b\". <a href=\"https:\/\/strangercam.com\/cs\/chatroulette\/\">chat<\/a> a vytv\u00e1\u0159\u00ed z n\u011bj elegantn\u00ed aplikaci ur\u010denou pro modern\u00ed u\u017eivatele, kte\u0159\u00ed se orientuj\u00ed na mobiln\u00ed za\u0159\u00edzen\u00ed. \u010c\u00edm se v\u0161ak Joi li\u0161\u00ed od konkurent\u016f, jako je Chatspin, <a href=\"https:\/\/strangercam.com\/cs\/monkey-app\/\">Opice<\/a>, nebo LiveMe? A co je d\u016fle\u017eit\u011bj\u0161\u00ed, je to bezpe\u010dn\u00e9, p\u0159\u00edjemn\u00e9 a stoj\u00ed to za v\u00e1\u0161 \u010das?<\/p>\n<p>V t\u00e9to podrobn\u00e9 recenzi prozkoum\u00e1me v\u0161e, co pot\u0159ebujete v\u011bd\u011bt o aplikaci Joi - jak funguje, pro koho je ur\u010dena, jak\u00e9 funkce nab\u00edz\u00ed, kolik stoj\u00ed a jak si vede v porovn\u00e1n\u00ed s ostatn\u00edmi aplikacemi pro videochat jeden na jednoho v roce 2025.<\/p>\n<h2>Co je Joi?<\/h2>\n<p>Joi je mobiln\u00ed aplikace pro videochat 1 na 1 dostupn\u00e1 pro iOS a Android. Okam\u017eit\u011b spojuje u\u017eivatele s ciz\u00edmi lidmi z cel\u00e9ho sv\u011bta a umo\u017e\u0148uje jim videohovory v re\u00e1ln\u00e9m \u010dase. Sv\u00fdm duchem se podob\u00e1 aplikac\u00edm, jako je nap\u0159. <a href=\"https:\/\/strangercam.com\/cs\/azar-app\/\">Azar<\/a> nebo <a href=\"https:\/\/strangercam.com\/cs\/livu\/\">LivU<\/a>, ale s propracovan\u011bj\u0161\u00edm rozhran\u00edm ve stylu p\u0159ejet\u00ed prstem a siln\u00fdm d\u016frazem na rychl\u00e9 vyhled\u00e1v\u00e1n\u00ed, pr\u00e9miov\u00e9 funkce a zapojen\u00ed u\u017eivatel\u016f.<\/p>\n<p>Aplikace Joi, kter\u00e1 byla spu\u0161t\u011bna koncem roku 2010, se postupn\u011b stala jednou z nejl\u00e9pe hodnocen\u00fdch aplikac\u00ed pro videochat v kategorii n\u00e1hodn\u00fdch chat\u016f, zejm\u00e9na mezi u\u017eivateli, kte\u0159\u00ed maj\u00ed z\u00e1jem o p\u0159\u00edle\u017eitostn\u00e9 spojen\u00ed, flirtuj\u00edc\u00ed konverzace nebo prost\u011b jen o tr\u00e1ven\u00ed \u010dasu s nov\u00fdmi lidmi.<\/p>\n<p>Na rozd\u00edl od komunitn\u00edch streamovac\u00edch platforem je Joi striktn\u011b individu\u00e1ln\u00ed a zam\u011b\u0159uje se na kr\u00e1tk\u00e9 osobn\u00ed interakce - s mo\u017enost\u00ed pokra\u010dovat v hovoru, pokud s t\u00edm oba u\u017eivatel\u00e9 souhlas\u00ed.<\/p>\n<h2>Jak\u00fd je c\u00edl spole\u010dnosti Joi?<\/h2>\n<p>Hlavn\u00edm posl\u00e1n\u00edm spole\u010dnosti Joi je propojovat u\u017eivatele ve videochatech v re\u00e1ln\u00e9m \u010dase s nov\u00fdmi lidmi z r\u016fzn\u00fdch kultur, jazyk\u016f a prost\u0159ed\u00ed. Nab\u00edz\u00ed zp\u016fsob, jak bez t\u0159en\u00ed:<\/p>\n<ul>\n<li>Okam\u017eit\u00e9 setk\u00e1n\u00ed s ciz\u00edmi lidmi tv\u00e1\u0159\u00ed v tv\u00e1\u0159<\/li>\n<li>Flirtovat nebo nez\u00e1vazn\u011b chatovat v soukrom\u00fdch video m\u00edstnostech<\/li>\n<li>Objevte lidi z r\u016fzn\u00fdch zem\u00ed<\/li>\n<li>Za\u017eijte spont\u00e1nn\u00ed spole\u010densk\u00e1 setk\u00e1n\u00ed<\/li>\n<\/ul>\n<p>Nen\u00ed to seznamovac\u00ed aplikace, nen\u00ed to platforma pro \u017eiv\u00e9 vys\u00edl\u00e1n\u00ed ani soci\u00e1ln\u00ed s\u00ed\u0165. M\u00edsto toho je postavena na bezprost\u0159edn\u00ed, soukrom\u00e9 interakci - podobn\u011b jako kdy\u017e k n\u011bkomu p\u0159ijdete na ve\u010d\u00edrku a za\u010dnete konverzovat.<\/p>\n<h2>Kl\u00ed\u010dov\u00e9 vlastnosti<\/h2>\n<p>1. Videochat jeden na jednoho<br \/>\nTo je j\u00e1dro aplikace Joi. Klepnut\u00edm na tla\u010d\u00edtko spust\u00edte a okam\u017eit\u011b se spoj\u00edte s jin\u00fdm u\u017eivatelem pro soukromou \u017eivou videokonverzaci. M\u016f\u017eete chatovat tak dlouho, jak oba u\u017eivatel\u00e9 cht\u011bj\u00ed, nebo se p\u0159ejet\u00edm prstem p\u0159esunout k dal\u0161\u00ed osob\u011b.<\/p>\n<p>2. P\u0159ejet\u00ed prstem pro shodu<br \/>\nPokud se v\u00e1m aktu\u00e1ln\u00ed prot\u011bj\u0161ek nel\u00edb\u00ed, p\u0159eje\u010fte prstem a spojte se s n\u011bk\u00fdm nov\u00fdm. Proces je rychl\u00fd a bezprobl\u00e9mov\u00fd a algoritmus aplikace pro p\u00e1rov\u00e1n\u00ed se p\u0159izp\u016fsobuje na z\u00e1klad\u011b preferenc\u00ed, p\u0159edchoz\u00edch interakc\u00ed a zapojen\u00ed u\u017eivatele.<\/p>\n<p>3. Genderov\u00e9 filtry (Premium)<br \/>\nU\u017eivatel\u00e9 mohou filtrovat shody podle pohlav\u00ed, tato funkce je v\u0161ak placen\u00e1. Bezplatn\u00ed u\u017eivatel\u00e9 jsou seznamov\u00e1ni s k\u00fdmkoli, zat\u00edmco pr\u00e9miov\u00ed u\u017eivatel\u00e9 si mohou vybrat, zda se cht\u011bj\u00ed spojit pouze se \u017eenami nebo mu\u017ei.<\/p>\n<p>4. Filtry zem\u00ed<br \/>\nM\u016f\u017eete si tak\u00e9 zvolit, zda se chcete setkat s lidmi z konkr\u00e9tn\u00edch zem\u00ed, co\u017e v\u00e1m umo\u017en\u00ed sezn\u00e1mit se s m\u00edstn\u00edmi obyvateli nebo prozkoumat chaty s lidmi z \u00fapln\u011b jin\u00fdch kultur.<\/p>\n<p>5. Mince a n\u00e1kupy v aplikac\u00edch<br \/>\nJoi funguje na b\u00e1zi minc\u00ed. U\u017eivatel\u00e9 mohou nakupovat mince a utr\u00e1cet je za:<\/p>\n<ul>\n<li>Genderov\u00e9 filtry<\/li>\n<li>Prodlou\u017een\u00ed \u010dasu chatu<\/li>\n<li>Obnoven\u00ed spojen\u00ed s p\u0159edchoz\u00edm z\u00e1pasem<\/li>\n<li>Zas\u00edl\u00e1n\u00ed d\u00e1rk\u016f nebo odemyk\u00e1n\u00ed pr\u00e9miov\u00fdch funkc\u00ed<\/li>\n<\/ul>\n<p>Mince se kupuj\u00ed v bal\u00ed\u010dc\u00edch prost\u0159ednictv\u00edm n\u00e1kup\u016f v aplikaci a nov\u00ed u\u017eivatel\u00e9 \u010dasto dost\u00e1vaj\u00ed na za\u010d\u00e1tek mince zdarma.<\/p>\n<p>6. P\u0159eklad textu<br \/>\nV p\u0159\u00edpad\u011b mezin\u00e1rodn\u00edch chat\u016f je sou\u010d\u00e1st\u00ed slu\u017eby Joi p\u0159eklad zpr\u00e1v v re\u00e1ln\u00e9m \u010dase, kter\u00fd pom\u00e1h\u00e1 p\u0159ekon\u00e1vat jazykov\u00e9 bari\u00e9ry. Tato funkce je obzvl\u00e1\u0161\u0165 u\u017eite\u010dn\u00e1, pokud se chcete spojit s u\u017eivateli v jin\u00fdch zem\u00edch, ale nemluv\u00edte stejn\u00fdm jazykem.<\/p>\n<p>7. P\u0159izp\u016fsoben\u00ed profilu<br \/>\nU\u017eivatel\u00e9 si mohou p\u0159idat profilov\u00fd obr\u00e1zek, zvolit u\u017eivatelsk\u00e9 jm\u00e9no a vyplnit z\u00e1kladn\u00ed informace. Slu\u017eba Joi v\u0161ak nen\u00ed postavena na dlouhodob\u00fdch profilech - je zam\u011b\u0159ena na spont\u00e1nn\u00ed spojen\u00ed v re\u00e1ln\u00e9m \u010dase, nikoli na sledov\u00e1n\u00ed soci\u00e1ln\u00edch s\u00edt\u00ed nebo zas\u00edl\u00e1n\u00ed zpr\u00e1v.<\/p>\n<p>8. Bezpe\u010dnostn\u00ed n\u00e1stroje<br \/>\nAplikace obsahuje z\u00e1kladn\u00ed n\u00e1stroje pro nahla\u0161ov\u00e1n\u00ed, mo\u017enost blokov\u00e1n\u00ed u\u017eivatel\u016f a moderov\u00e1n\u00ed zalo\u017een\u00e9 na um\u011bl\u00e9 inteligenci, kter\u00e9 ozna\u010duje nevhodn\u00e9 chov\u00e1n\u00ed. Tyto n\u00e1stroje sice nejsou dokonal\u00e9, ale nab\u00edzej\u00ed \u00farove\u0148 ochrany, kter\u00e1 v podobn\u00fdch aplikac\u00edch \u010dasto chyb\u00ed.<\/p>\n<h2>Je Joi voln\u00fd?<\/h2>\n<p>Aplikace Joi je ke sta\u017een\u00ed zdarma a m\u016f\u017eete ji za\u010d\u00edt pou\u017e\u00edvat bez placen\u00ed. Bezplatn\u00e1 verze je v\u0161ak omezen\u00e1. Po n\u011bkolika chatech nebo p\u0159ejet\u00edch v\u00e1m dojdou mince a mus\u00edte bu\u010f \u010dekat, sledovat reklamy, nebo si koupit dal\u0161\u00ed.<\/p>\n<p>Model zpen\u011b\u017een\u00ed aplikace je postaven na n\u00e1kupech v aplikaci, v\u010detn\u011b:<\/p>\n<ul>\n<li>Bal\u00ed\u010dky minc\u00ed (pro p\u0159\u00edstup k chat\u016fm a filtr\u016fm)<\/li>\n<li>VIP \u010dlenstv\u00ed (odemkne genderov\u00e9 filtry, neomezen\u00e9 swipov\u00e1n\u00ed, odstran\u011bn\u00ed reklam)<\/li>\n<li>Denn\u00ed bonusov\u00e9 bal\u00ed\u010dky a \u010dasov\u011b omezen\u00e9 nab\u00eddky<\/li>\n<\/ul>\n<p>Jin\u00fdmi slovy: Joi je freemium. M\u016f\u017eete ji pou\u017e\u00edvat zdarma, ale nejlep\u0161\u00ed funkce - a st\u00e1l\u00fd p\u0159\u00edstup - vy\u017eaduj\u00ed platbu.<\/p>\n<h2>Kdo pou\u017e\u00edv\u00e1 Joi?<\/h2>\n<p>Joi m\u00e1 \u0161irokou celosv\u011btovou u\u017eivatelskou z\u00e1kladnu, ale je obl\u00edben\u00e1 zejm\u00e9na mezi:<\/p>\n<ul>\n<li>Mlad\u00ed dosp\u011bl\u00ed ve v\u011bku 18 a\u017e 35 let<\/li>\n<li>U\u017eivatel\u00e9 ze Spojen\u00fdch st\u00e1t\u016f, Indie, St\u0159edn\u00edho v\u00fdchodu, jihov\u00fdchodn\u00ed Asie a Latinsk\u00e9 Ameriky.<\/li>\n<li>Lid\u00e9 se z\u00e1jmem o nez\u00e1vazn\u00fd video flirt nebo navazov\u00e1n\u00ed mezin\u00e1rodn\u00edch p\u0159\u00e1telstv\u00ed<\/li>\n<li>U\u017eivatel\u00e9, kte\u0159\u00ed hledaj\u00ed spojen\u00ed v re\u00e1ln\u00e9m \u010dase p\u0159es kur\u00e1torsk\u00fd obsah soci\u00e1ln\u00edch s\u00edt\u00ed.<\/li>\n<\/ul>\n<p>Je d\u016fle\u017eit\u00e9 si uv\u011bdomit, \u017ee Joi je mobiln\u00ed aplikace, tak\u017ee u\u017eivatelskou z\u00e1kladnu tvo\u0159\u00ed u\u017eivatel\u00e9 chytr\u00fdch telefon\u016f, kter\u00fdm vyhovuje chatov\u00e1n\u00ed v aplikaci a n\u00e1kupy v aplikaci.<\/p>\n<p>Pom\u011br mu\u017e\u016f a \u017een je sp\u00ed\u0161e mu\u017esk\u00fd, zejm\u00e9na v regionech, kde jsou obl\u00edben\u00e9 aplikace pro n\u00e1hodn\u00fd chat. \u017deny na platform\u011b \u010dasto dost\u00e1vaj\u00ed mnohem v\u00edce \u017e\u00e1dost\u00ed o shodu, co\u017e je d\u016fvod, pro\u010d jsou filtry podle pohlav\u00ed uzav\u0159eny za placenou zd\u00ed.<\/p>\n<h2>Bezpe\u010dnost, soukrom\u00ed a moderov\u00e1n\u00ed<\/h2>\n<p>Syst\u00e9m Joi obsahuje \u0159adu z\u00e1kladn\u00edch funkc\u00ed pro zv\u00fd\u0161en\u00ed bezpe\u010dnosti a omezen\u00ed zneu\u017eit\u00ed:<\/p>\n<ul>\n<li>Hl\u00e1\u0161en\u00ed u\u017eivatel\u016f: Snadno nahlaste nevhodn\u00e9 chov\u00e1n\u00ed b\u011bhem chatu.<\/li>\n<li>Blokov\u00e1n\u00ed: Zabra\u0148te budouc\u00edm kontakt\u016fm s n\u011bk\u00fdm, s k\u00fdm u\u017e nechcete mluvit.<\/li>\n<li>Moderov\u00e1n\u00ed um\u011bl\u00e9 inteligence: Aplikace vyu\u017e\u00edv\u00e1 um\u011blou inteligenci k detekci nahoty nebo ur\u00e1\u017eliv\u00fdch gest.<\/li>\n<li>Pouze soukrom\u00fd chat: \u017d\u00e1dn\u00e9 ve\u0159ejn\u00e9 m\u00edstnosti, \u017e\u00e1dn\u00e9 skupinov\u00e9 chaty - pouze soukrom\u00e9 videohovory jeden na jednoho.<\/li>\n<\/ul>\n<p>Stejn\u011b jako u ka\u017ed\u00e9 aplikace pro videochat v\u0161ak n\u011bkte\u0159\u00ed u\u017eivatel\u00e9 tuto platformu zneu\u017e\u00edvaj\u00ed. Joi d\u00e1v\u00e1 jasn\u011b najevo, \u017ee nahota nebo nevhodn\u00e9 chov\u00e1n\u00ed nejsou tolerov\u00e1ny, ale moderov\u00e1n\u00ed je sp\u00ed\u0161e reaktivn\u00ed ne\u017e proaktivn\u00ed.<\/p>\n<p>Pro u\u017eivatele to znamen\u00e1:<\/p>\n<ul>\n<li>Nesd\u00edlejte osobn\u00ed \u00fadaje (e-mail, telefon, soci\u00e1ln\u00ed s\u00edt\u011b).<\/li>\n<li>Bu\u010fte p\u0159ipraveni rychle p\u0159esko\u010dit nebo nahl\u00e1sit u\u017eivatele<\/li>\n<li>Funkce v aplikac\u00edch pou\u017e\u00edvejte zodpov\u011bdn\u011b, zejm\u00e9na p\u0159i utr\u00e1cen\u00ed minc\u00ed.<\/li>\n<\/ul>\n<h2>Zku\u0161enosti u\u017eivatel\u016f a design<\/h2>\n<p>Joi z\u00e1\u0159\u00ed v oblasti pou\u017eitelnosti a designu rozhran\u00ed. Aplikace je elegantn\u00ed, modern\u00ed a zjevn\u011b vytvo\u0159en\u00e1 pro dne\u0161n\u00ed mobiln\u00ed prost\u0159ed\u00ed. P\u00e1rov\u00e1n\u00ed je rychl\u00e9, kvalita videa solidn\u00ed a p\u0159echod mezi u\u017eivateli je plynul\u00fd a intuitivn\u00ed.<\/p>\n<p>Konstruk\u010dn\u00ed prvky:<\/p>\n<ul>\n<li>Velk\u00e1 okna pro video<\/li>\n<li>Rozhran\u00ed ve stylu TikTok s mo\u017enost\u00ed p\u0159ejet\u00ed prstem<\/li>\n<li>\u010cist\u00e9 nab\u00eddky a ikony<\/li>\n<li>Obchod s mincemi a aktualizacemi v aplikaci<\/li>\n<li>\u017div\u00fd p\u0159eklad v p\u0159\u00edpad\u011b pot\u0159eby<\/li>\n<\/ul>\n<p>Nic v\u00e1s zbyte\u010dn\u011b nerozptyluje a proces n\u00e1stupu je rychl\u00fd. Do 60 sekund po instalaci se m\u016f\u017eete zapojit do videochatu - nen\u00ed t\u0159eba \u010dek\u00e1ren ani ov\u011b\u0159ovac\u00edch k\u00f3d\u016f.<\/p>\n<p>Aplikace je k dispozici pro:<\/p>\n<ul>\n<li>iOS (iPhone a iPad)<\/li>\n<li>Chytr\u00e9 telefony a tablety se syst\u00e9mem Android<\/li>\n<\/ul>\n<p>V sou\u010dasn\u00e9 dob\u011b neexistuje verze pro stoln\u00ed po\u010d\u00edta\u010de ani pro prohl\u00ed\u017ee\u010de, co\u017e posiluje jej\u00ed identitu jako mobiln\u00ed aplikace.<\/p>\n<h2>Joi vs. jin\u00e9 aplikace pro videochat 1 na 1<\/h2>\n<p>Porovnejme Joi s dal\u0161\u00edmi popul\u00e1rn\u00edmi aplikacemi pro videochat jeden na jednoho:<\/p>\n<table>\n<thead>\n<tr>\n<th>Funkce<\/th>\n<th>Joi<\/th>\n<th>Azar<\/th>\n<th>LivU<\/th>\n<th>Chatspin<\/th>\n<th>Opice<\/th>\n<\/tr>\n<\/thead>\n<tbody>\n<tr>\n<td>Videochat jeden na jednoho<\/td>\n<td>Ano<\/td>\n<td>Ano<\/td>\n<td>Ano<\/td>\n<td>Ano<\/td>\n<td>Ano<\/td>\n<\/tr>\n<tr>\n<td>Filtr podle pohlav\u00ed<\/td>\n<td>Placen\u00e9<\/td>\n<td>Placen\u00e9<\/td>\n<td>Placen\u00e9<\/td>\n<td>Placen\u00e9<\/td>\n<td>Omezen\u00e9<\/td>\n<\/tr>\n<tr>\n<td>Filtr zem\u011b<\/td>\n<td>Ano<\/td>\n<td>Ano<\/td>\n<td>Ano<\/td>\n<td>Placen\u00e9<\/td>\n<td>Ne<\/td>\n<\/tr>\n<tr>\n<td>Pouze pro mobiln\u00ed za\u0159\u00edzen\u00ed<\/td>\n<td>Ano<\/td>\n<td>Ano<\/td>\n<td>Ano<\/td>\n<td>Ne<\/td>\n<td>Ano<\/td>\n<\/tr>\n<tr>\n<td>Mince \/ m\u011bna<\/td>\n<td>Ano<\/td>\n<td>Ano<\/td>\n<td>Ano<\/td>\n<td>Ne<\/td>\n<td>Ne<\/td>\n<\/tr>\n<tr>\n<td>P\u0159eklad textu<\/td>\n<td>Ano<\/td>\n<td>Ano<\/td>\n<td>Ano<\/td>\n<td>Ne<\/td>\n<td>Ne<\/td>\n<\/tr>\n<tr>\n<td>Skupinov\u00fd chat<\/td>\n<td>Ne<\/td>\n<td>Ne<\/td>\n<td>Ne<\/td>\n<td>Ne<\/td>\n<td>Ano<\/td>\n<\/tr>\n<tr>\n<td>Zpen\u011b\u017een\u00ed aplikace<\/td>\n<td>Agresivn\u00ed<\/td>\n<td>M\u00edrn\u00e1<\/td>\n<td>M\u00edrn\u00e1<\/td>\n<td>M\u00edrn\u00e1<\/td>\n<td>N\u00edzk\u00e1<\/td>\n<\/tr>\n<\/tbody>\n<\/table>\n<p>Shrnut\u00ed: Joi je nejvhodn\u011bj\u0161\u00ed pro u\u017eivatele, kte\u0159\u00ed cht\u011bj\u00ed vyu\u017e\u00edvat video pouze pro mobiln\u00ed za\u0159\u00edzen\u00ed a kter\u00fdm nevad\u00ed utratit trochu pen\u011bz za pr\u00e9miov\u00e9 filtry a lep\u0161\u00ed ovl\u00e1d\u00e1n\u00ed p\u0159i\u0159azov\u00e1n\u00ed.<\/p>\n<h2>V\u00fdhody a nev\u00fdhody<\/h2>\n<p>Klady:<\/p>\n<ul>\n<li>Okam\u017eit\u00fd soukrom\u00fd videochat jeden na jednoho<\/li>\n<li>Elegantn\u00ed, modern\u00ed rozhran\u00ed s rychl\u00fdm na\u010d\u00edt\u00e1n\u00edm<\/li>\n<li>P\u0159eklad v re\u00e1ln\u00e9m \u010dase pom\u00e1h\u00e1 p\u0159i glob\u00e1ln\u00edch chatech<\/li>\n<li>Aktivn\u00ed mezin\u00e1rodn\u00ed u\u017eivatelsk\u00e1 z\u00e1kladna<\/li>\n<li>Voliteln\u00fd profil a u\u017eivatelsky p\u0159\u00edv\u011btiv\u00fd design<\/li>\n<li>Optimalizov\u00e1no pro mobiln\u00ed za\u0159\u00edzen\u00ed a snadn\u00e9 pou\u017eit\u00ed<\/li>\n<\/ul>\n<p>Nev\u00fdhody:<\/p>\n<ul>\n<li>Mnoho funkc\u00ed uzam\u010den\u00fdch za n\u00e1kupy v aplikaci<\/li>\n<li>Siln\u00fd pom\u011br mu\u017e\u016f a \u017een<\/li>\n<li>M\u016f\u017ee se setkat s nevhodn\u00fdm chov\u00e1n\u00edm navzdory moderov\u00e1n\u00ed<\/li>\n<li>\u017d\u00e1dn\u00fd p\u0159\u00edstup na plochu<\/li>\n<li>\u017d\u00e1dn\u00fd skupinov\u00fd chat ani komunitn\u00ed funkce<\/li>\n<\/ul>\n<h2>Ide\u00e1ln\u00ed p\u0159\u00edpady pou\u017eit\u00ed<\/h2>\n<p>Joi je ide\u00e1ln\u00ed pro:<\/p>\n<ul>\n<li>U\u017eivatel\u00e9, kte\u0159\u00ed cht\u011bj\u00ed spont\u00e1nn\u00ed soukrom\u00e9 videochaty.<\/li>\n<li>Lid\u00e9 otev\u0159en\u00ed p\u0159\u00edle\u017eitostn\u00e9mu flirtov\u00e1n\u00ed nebo setk\u00e1n\u00ed s ciz\u00edmi lidmi v re\u00e1ln\u00e9m \u010dase<\/li>\n<li>Cestovatel\u00e9 nebo expati, kte\u0159\u00ed se cht\u011bj\u00ed sezn\u00e1mit s lidmi z jin\u00fdch kultur.<\/li>\n<li>Ka\u017ed\u00fd, kdo m\u00e1 r\u00e1d osobn\u00ed konverzaci m\u00edsto textov\u00e9.<\/li>\n<\/ul>\n<p>Nen\u00ed ide\u00e1ln\u00ed pro:<\/p>\n<ul>\n<li>U\u017eivatel\u00e9, kte\u0159\u00ed cht\u011bj\u00ed bezplatn\u00fd neomezen\u00fd p\u0159\u00edstup<\/li>\n<li>Ti, kte\u0159\u00ed hledaj\u00ed dlouhodob\u00e9 sch\u016fzky nebo vztahy<\/li>\n<li>Lid\u00e9, kter\u00fdm nevyhovuj\u00ed modely s cenami typu freemium<\/li>\n<li>U\u017eivatel\u00e9, kte\u0159\u00ed d\u00e1vaj\u00ed p\u0159ednost desktopov\u00fdm platform\u00e1m nebo skupinov\u00fdm komunit\u00e1m<\/li>\n<\/ul>\n<h2>Z\u00e1v\u011bre\u010dn\u00fd verdikt<\/h2>\n<p>Joi je jedna z nejlep\u0161\u00edch mobiln\u00edch aplikac\u00ed pro videochat jeden na jednoho, kter\u00e1 je k dispozici v roce 2025. D\u00edky sv\u00e9mu p\u0159ehledn\u00e9mu rozhran\u00ed, okam\u017eit\u00e9mu p\u00e1rov\u00e1n\u00ed a mezin\u00e1rodn\u00edmu dosahu nab\u00edz\u00ed rychl\u00fd, koketn\u00ed a flexibiln\u00ed zp\u016fsob, jak se spojit s ciz\u00edmi lidmi - a\u0165 u\u017e hled\u00e1te z\u00e1bavu, p\u0159\u00e1telstv\u00ed, nebo n\u011bco mezi t\u00edm.<\/p>\n<p>Syst\u00e9m minc\u00ed a pr\u00e9miov\u00fdch filtr\u016f m\u016f\u017ee n\u011bkter\u00e9 u\u017eivatele frustrovat, zejm\u00e9na ty, kte\u0159\u00ed jsou zvykl\u00ed na zcela bezplatn\u00e9 platformy. Ale t\u011bm, kter\u00fdm nevad\u00ed utratit p\u00e1r dolar\u016f za lep\u0161\u00ed ovl\u00e1d\u00e1n\u00ed a plynulej\u0161\u00ed z\u00e1\u017eitek, Joi rozhodn\u011b stoj\u00ed za vyzkou\u0161en\u00ed.<\/p>\n<p>Pokud hled\u00e1te spont\u00e1nn\u00ed videokonverzace v re\u00e1ln\u00e9m \u010dase, kter\u00e9 m\u016f\u017eete v\u00e9st jako na dlani, Joi v\u00e1m je poskytne rychle, elegantn\u011b a s glob\u00e1ln\u00edm dosahem.<\/p>","protected":false},"excerpt":{"rendered":"<p>With the explosion of video-based social apps over the past few years, it\u2019s no surprise that a new generation of platforms has emerged to facilitate real-time, face-to-face encounters. Among these, Joi stands out as a mobile-first, swipe-driven app that delivers fast-paced, one-on-one video chats with strangers from around the world. Marketed as a \u201cfun way [&hellip;]<\/p>\n","protected":false},"author":6,"featured_media":0,"parent":0,"menu_order":0,"comment_status":"closed","ping_status":"closed","template":"","meta":{"footnotes":""},"class_list":["post-12839","page","type-page","status-publish","hentry"],"yoast_head":"<!-- This site is optimized with the Yoast SEO plugin v27.4 - https:\/\/yoast.com\/product\/yoast-seo-wordpress\/ -->\n<title>Joi - 1 on 1 Video Chat App on StrangerCam.com<\/title>\n<meta name=\"description\" content=\"Like Joi? Come chat with more than 5.000.000 strangers on Stranger Cam for Free! Turn on your cam and find new friends &amp; maby a match!\" \/>\n<meta name=\"robots\" content=\"index, follow, max-snippet:-1, max-image-preview:large, max-video-preview:-1\" \/>\n<link rel=\"canonical\" href=\"https:\/\/strangercam.com\/cs\/joi\/\" \/>\n<meta property=\"og:locale\" content=\"cs_CZ\" \/>\n<meta property=\"og:type\" content=\"article\" \/>\n<meta property=\"og:title\" content=\"Joi - 1 on 1 Video Chat App on StrangerCam.com\" \/>\n<meta property=\"og:description\" content=\"Like Joi? Come chat with more than 5.000.000 strangers on Stranger Cam for Free! Turn on your cam and find new friends &amp; maby a match!\" \/>\n<meta property=\"og:url\" content=\"https:\/\/strangercam.com\/cs\/joi\/\" \/>\n<meta property=\"og:site_name\" content=\"Strangercam\" \/>\n<meta property=\"article:publisher\" content=\"https:\/\/www.facebook.com\/strangercam\" \/>\n<meta property=\"og:image\" content=\"https:\/\/strangercam.com\/wp-content\/uploads\/2021\/10\/Untitled-2.png\" \/>\n\t<meta property=\"og:image:width\" content=\"800\" \/>\n\t<meta property=\"og:image:height\" content=\"532\" \/>\n\t<meta property=\"og:image:type\" content=\"image\/png\" \/>\n<meta name=\"twitter:card\" content=\"summary_large_image\" \/>\n<meta name=\"twitter:site\" content=\"@strangercamapp\" \/>\n<meta name=\"twitter:label1\" content=\"Odhadovan\u00e1 doba \u010dten\u00ed\" \/>\n\t<meta name=\"twitter:data1\" content=\"7 minut\" \/>\n<script type=\"application\/ld+json\" class=\"yoast-schema-graph\">{\"@context\":\"https:\\\/\\\/schema.org\",\"@graph\":[{\"@type\":\"WebPage\",\"@id\":\"https:\\\/\\\/strangercam.com\\\/joi\\\/\",\"url\":\"https:\\\/\\\/strangercam.com\\\/joi\\\/\",\"name\":\"Joi - 1 on 1 Video Chat App on StrangerCam.com\",\"isPartOf\":{\"@id\":\"https:\\\/\\\/strangercam.com\\\/#website\"},\"datePublished\":\"2025-05-14T07:36:44+00:00\",\"description\":\"Like Joi? Come chat with more than 5.000.000 strangers on Stranger Cam for Free! Turn on your cam and find new friends & maby a match!\",\"breadcrumb\":{\"@id\":\"https:\\\/\\\/strangercam.com\\\/joi\\\/#breadcrumb\"},\"inLanguage\":\"cs\",\"potentialAction\":[{\"@type\":\"ReadAction\",\"target\":[\"https:\\\/\\\/strangercam.com\\\/joi\\\/\"]}]},{\"@type\":\"BreadcrumbList\",\"@id\":\"https:\\\/\\\/strangercam.com\\\/joi\\\/#breadcrumb\",\"itemListElement\":[{\"@type\":\"ListItem\",\"position\":1,\"name\":\"Home\",\"item\":\"https:\\\/\\\/strangercam.com\\\/\"},{\"@type\":\"ListItem\",\"position\":2,\"name\":\"Joi\"}]},{\"@type\":\"WebSite\",\"@id\":\"https:\\\/\\\/strangercam.com\\\/#website\",\"url\":\"https:\\\/\\\/strangercam.com\\\/\",\"name\":\"Strangercam\",\"description\":\"Random Video Chat with Strangers\",\"publisher\":{\"@id\":\"https:\\\/\\\/strangercam.com\\\/#organization\"},\"alternateName\":\"Strangercam.com\",\"potentialAction\":[{\"@type\":\"SearchAction\",\"target\":{\"@type\":\"EntryPoint\",\"urlTemplate\":\"https:\\\/\\\/strangercam.com\\\/?s={search_term_string}\"},\"query-input\":{\"@type\":\"PropertyValueSpecification\",\"valueRequired\":true,\"valueName\":\"search_term_string\"}}],\"inLanguage\":\"cs\"},{\"@type\":\"Organization\",\"@id\":\"https:\\\/\\\/strangercam.com\\\/#organization\",\"name\":\"Strangercam\",\"alternateName\":\"Strangercam.com\",\"url\":\"https:\\\/\\\/strangercam.com\\\/\",\"logo\":{\"@type\":\"ImageObject\",\"inLanguage\":\"cs\",\"@id\":\"https:\\\/\\\/strangercam.com\\\/#\\\/schema\\\/logo\\\/image\\\/\",\"url\":\"https:\\\/\\\/strangercam.com\\\/wp-content\\\/uploads\\\/2020\\\/11\\\/cropped-new-favicon-black.png\",\"contentUrl\":\"https:\\\/\\\/strangercam.com\\\/wp-content\\\/uploads\\\/2020\\\/11\\\/cropped-new-favicon-black.png\",\"width\":512,\"height\":512,\"caption\":\"Strangercam\"},\"image\":{\"@id\":\"https:\\\/\\\/strangercam.com\\\/#\\\/schema\\\/logo\\\/image\\\/\"},\"sameAs\":[\"https:\\\/\\\/www.facebook.com\\\/strangercam\",\"https:\\\/\\\/x.com\\\/strangercamapp\"]}]}<\/script>\n<!-- \/ Yoast SEO plugin. -->","yoast_head_json":{"title":"Joi - aplikace pro videochat 1 na 1 na StrangerCam.com","description":"Jako Joi? Poj\u010fte si zdarma popov\u00eddat s v\u00edce ne\u017e 5 000 000 cizinci na Stranger Cam! Zapn\u011bte si kameru a najd\u011bte nov\u00e9 p\u0159\u00e1tele &amp; maby z\u00e1pas!","robots":{"index":"index","follow":"follow","max-snippet":"max-snippet:-1","max-image-preview":"max-image-preview:large","max-video-preview":"max-video-preview:-1"},"canonical":"https:\/\/strangercam.com\/cs\/joi\/","og_locale":"cs_CZ","og_type":"article","og_title":"Joi - 1 on 1 Video Chat App on StrangerCam.com","og_description":"Like Joi? Come chat with more than 5.000.000 strangers on Stranger Cam for Free! Turn on your cam and find new friends & maby a match!","og_url":"https:\/\/strangercam.com\/cs\/joi\/","og_site_name":"Strangercam","article_publisher":"https:\/\/www.facebook.com\/strangercam","og_image":[{"width":800,"height":532,"url":"https:\/\/strangercam.com\/wp-content\/uploads\/2021\/10\/Untitled-2.png","type":"image\/png"}],"twitter_card":"summary_large_image","twitter_site":"@strangercamapp","twitter_misc":{"Odhadovan\u00e1 doba \u010dten\u00ed":"7 minut"},"schema":{"@context":"https:\/\/schema.org","@graph":[{"@type":"WebPage","@id":"https:\/\/strangercam.com\/joi\/","url":"https:\/\/strangercam.com\/joi\/","name":"Joi - aplikace pro videochat 1 na 1 na StrangerCam.com","isPartOf":{"@id":"https:\/\/strangercam.com\/#website"},"datePublished":"2025-05-14T07:36:44+00:00","description":"Jako Joi? Poj\u010fte si zdarma popov\u00eddat s v\u00edce ne\u017e 5 000 000 cizinci na Stranger Cam! Zapn\u011bte si kameru a najd\u011bte nov\u00e9 p\u0159\u00e1tele &amp; maby z\u00e1pas!","breadcrumb":{"@id":"https:\/\/strangercam.com\/joi\/#breadcrumb"},"inLanguage":"cs","potentialAction":[{"@type":"ReadAction","target":["https:\/\/strangercam.com\/joi\/"]}]},{"@type":"BreadcrumbList","@id":"https:\/\/strangercam.com\/joi\/#breadcrumb","itemListElement":[{"@type":"ListItem","position":1,"name":"Home","item":"https:\/\/strangercam.com\/"},{"@type":"ListItem","position":2,"name":"Joi"}]},{"@type":"WebSite","@id":"https:\/\/strangercam.com\/#website","url":"https:\/\/strangercam.com\/","name":"Strangercam","description":"N\u00e1hodn\u00fd videochat s ciz\u00edmi lidmi","publisher":{"@id":"https:\/\/strangercam.com\/#organization"},"alternateName":"Strangercam.com","potentialAction":[{"@type":"SearchAction","target":{"@type":"EntryPoint","urlTemplate":"https:\/\/strangercam.com\/?s={search_term_string}"},"query-input":{"@type":"PropertyValueSpecification","valueRequired":true,"valueName":"search_term_string"}}],"inLanguage":"cs"},{"@type":"Organization","@id":"https:\/\/strangercam.com\/#organization","name":"Strangercam","alternateName":"Strangercam.com","url":"https:\/\/strangercam.com\/","logo":{"@type":"ImageObject","inLanguage":"cs","@id":"https:\/\/strangercam.com\/#\/schema\/logo\/image\/","url":"https:\/\/strangercam.com\/wp-content\/uploads\/2020\/11\/cropped-new-favicon-black.png","contentUrl":"https:\/\/strangercam.com\/wp-content\/uploads\/2020\/11\/cropped-new-favicon-black.png","width":512,"height":512,"caption":"Strangercam"},"image":{"@id":"https:\/\/strangercam.com\/#\/schema\/logo\/image\/"},"sameAs":["https:\/\/www.facebook.com\/strangercam","https:\/\/x.com\/strangercamapp"]}]}},"_links":{"self":[{"href":"https:\/\/strangercam.com\/cs\/wp-json\/wp\/v2\/pages\/12839","targetHints":{"allow":["GET"]}}],"collection":[{"href":"https:\/\/strangercam.com\/cs\/wp-json\/wp\/v2\/pages"}],"about":[{"href":"https:\/\/strangercam.com\/cs\/wp-json\/wp\/v2\/types\/page"}],"author":[{"embeddable":true,"href":"https:\/\/strangercam.com\/cs\/wp-json\/wp\/v2\/users\/6"}],"replies":[{"embeddable":true,"href":"https:\/\/strangercam.com\/cs\/wp-json\/wp\/v2\/comments?post=12839"}],"version-history":[{"count":1,"href":"https:\/\/strangercam.com\/cs\/wp-json\/wp\/v2\/pages\/12839\/revisions"}],"predecessor-version":[{"id":12840,"href":"https:\/\/strangercam.com\/cs\/wp-json\/wp\/v2\/pages\/12839\/revisions\/12840"}],"wp:attachment":[{"href":"https:\/\/strangercam.com\/cs\/wp-json\/wp\/v2\/media?parent=12839"}],"curies":[{"name":"wp","href":"https:\/\/api.w.org\/{rel}","templated":true}]}}