{"id":12832,"date":"2025-05-14T09:23:52","date_gmt":"2025-05-14T07:23:52","guid":{"rendered":"https:\/\/strangercam.com\/?page_id=12832"},"modified":"2025-05-14T09:28:47","modified_gmt":"2025-05-14T07:28:47","slug":"hiyak","status":"publish","type":"page","link":"https:\/\/strangercam.com\/cs\/hiyak\/","title":{"rendered":"Hiyak"},"content":{"rendered":"<p>Sv\u011bt n\u00e1hodn\u00fdch vide\u00ed <a href=\"https:\/\/strangercam.com\/cs\/chathub\/\">chat<\/a> platformy se neust\u00e1le vyv\u00edjej\u00ed. Od dob divok\u00e9ho z\u00e1padu na po\u010d\u00e1tku <a href=\"https:\/\/strangercam.com\/cs\/omegle\/\">Omegle<\/a> a\u017e po dokonalej\u0161\u00ed z\u00e1\u017eitky, kter\u00e9 nab\u00edzej\u00ed aplikace jako Chatspin a Emerald Chat, u\u017eivatel\u00e9 st\u00e1le hledaj\u00ed n\u011bco, co by zajistilo spr\u00e1vnou rovnov\u00e1hu mezi spont\u00e1nnost\u00ed, u\u017eivatelskou kontrolou a bezpe\u010dnost\u00ed.<\/p>\n<p>Vstupte do Hiyak - relativn\u011b nov\u00e9ho jm\u00e9na na sc\u00e9n\u011b, kter\u00e9 slibuje rychl\u00e9, z\u00e1bavn\u00e9 a anonymn\u00ed videochaty s ciz\u00edmi lidmi po cel\u00e9m sv\u011bt\u011b. Napl\u0148uje v\u0161ak sv\u016fj potenci\u00e1l? A jak si vede ve srovn\u00e1n\u00ed s ostatn\u00edmi platformami pro videochaty v roce 2025?<\/p>\n<p>V tomto podrobn\u00e9m p\u0159ehledu prozkoum\u00e1me, co Hiyak nab\u00edz\u00ed, jak funguje, pro koho je ur\u010den a zda stoj\u00ed za v\u00e1\u0161 \u010das, pokud se chcete seznamovat s nov\u00fdmi lidmi online prost\u0159ednictv\u00edm \u017eiv\u00e9ho videa.<\/p>\n<h2>Co je Hiyak?<\/h2>\n<p>Hiyak je bezplatn\u00e1 platforma pro n\u00e1hodn\u00fd videochat v prohl\u00ed\u017ee\u010di, kter\u00e1 okam\u017eit\u011b spojuje u\u017eivatele s ciz\u00edmi lidmi a umo\u017e\u0148uje jim konverzaci jeden na jednoho. Je postavena na stejn\u00e9m z\u00e1kladn\u00edm konceptu jako Omegle, resp. <a href=\"https:\/\/strangercam.com\/cs\/chatroulette\/\">Chatroulette<\/a> - stiskn\u011bte tla\u010d\u00edtko a okam\u017eit\u011b se anonymn\u011b spojte s n\u011bk\u00fdm nov\u00fdm.<\/p>\n<p>Hiyak se vyzna\u010duje \u010dist\u00fdm, minim\u00e1ln\u00edm rozhran\u00edm, solidn\u00ed podporou mobiln\u00edch za\u0159\u00edzen\u00ed a znatelnou snahou o um\u00edrn\u011bnost a bezpe\u010dnost u\u017eivatel\u016f. Platforma se nesna\u017e\u00ed b\u00fdt soci\u00e1ln\u00ed s\u00edt\u00ed ani seznamovac\u00ed aplikac\u00ed; jde j\u00ed o letm\u00e1, n\u00e1hodn\u00e1 setk\u00e1n\u00ed - \u010dist\u011b a jednodu\u0161e.<\/p>\n<p>A\u0165 u\u017e si chcete pov\u00eddat, flirtovat, procvi\u010dovat nov\u00fd jazyk, nebo si prost\u011b jenom <a href=\"https:\/\/strangercam.com\/cs\/coomeet\/\">Seznamte se s<\/a> n\u011bkdo nov\u00fd, Hiyak si klade za c\u00edl zprost\u0159edkovat okam\u017eit\u00e9 lidsk\u00e9 spojen\u00ed s co nejmen\u0161\u00edm t\u0159en\u00edm.<\/p>\n<h2>Jak\u00fd je c\u00edl projektu Hiyak?<\/h2>\n<p>Hlavn\u00edm c\u00edlem spole\u010dnosti Hiyak je vytvo\u0159it rychlou a anonymn\u00ed videokontakci tv\u00e1\u0159\u00ed v tv\u00e1\u0159 mezi ciz\u00edmi lidmi bez nutnosti registrace, stahov\u00e1n\u00ed nebo osobn\u00edch \u00fadaj\u016f. Je navr\u017eena tak, aby byla lehk\u00e1, p\u0159\u00edstupn\u00e1 a nefiltrovan\u00e1 - oslovuje lidi, kter\u00fdm chyb\u00ed spont\u00e1nnost star\u0161\u00edch n\u00e1hodn\u00fdch chatovac\u00edch platforem, ale cht\u011bj\u00ed o n\u011bco modern\u011bj\u0161\u00ed a bezpe\u010dn\u011bj\u0161\u00ed verzi.<\/p>\n<p>Je ur\u010den pro:<\/p>\n<ul>\n<li>p\u0159\u00edle\u017eitostn\u00ed u\u017eivatel\u00e9, kte\u0159\u00ed hledaj\u00ed kr\u00e1tk\u00e9 konverzace s ciz\u00edmi lidmi.<\/li>\n<li>Lid\u00e9, kte\u0159\u00ed cht\u011bj\u00ed flirtovat nebo se sp\u0159\u00e1telit, ani\u017e by sd\u00edleli svou identitu.<\/li>\n<li>Fanou\u0161ci spont\u00e1nn\u00edch, nepl\u00e1novan\u00fdch setk\u00e1n\u00ed s lidmi<\/li>\n<li>Kdo je unaven\u00fd ze soci\u00e1ln\u00edch m\u00e9di\u00ed a tou\u017e\u00ed po interakci v re\u00e1ln\u00e9m \u010dase.<\/li>\n<\/ul>\n<h2>Kl\u00ed\u010dov\u00e9 vlastnosti<\/h2>\n<p>1. N\u00e1hodn\u00fd videochat jeden na jednoho<br \/>\nHlavn\u00ed funkc\u00ed aplikace Hiyak je syst\u00e9m okam\u017eit\u00e9ho p\u0159i\u0159azov\u00e1n\u00ed. Jakmile se ocitnete na domovsk\u00e9 str\u00e1nce, jedin\u00fdm klepnut\u00edm na tla\u010d\u00edtko \"Start\" se prost\u0159ednictv\u00edm webov\u00e9 kamery spoj\u00edte s n\u00e1hodn\u00fdm cizincem. Ka\u017ed\u00e1 relace je soukrom\u00e1 a ka\u017ed\u00e1 ze stran se m\u016f\u017ee kdykoli odpojit a za\u010d\u00edt nov\u00fd chat.<\/p>\n<p>2. Nen\u00ed nutn\u00e1 registrace<br \/>\nNeexistuj\u00ed \u017e\u00e1dn\u00e9 \u00fa\u010dty, u\u017eivatelsk\u00e1 jm\u00e9na ani e-mailov\u00e9 p\u0159ihl\u00e1\u0161ky. Jednodu\u0161e nav\u0161t\u00edv\u00edte str\u00e1nky a za\u010dnete chatovat. Tato anonymita je velk\u00fdm l\u00e1kadlem pro u\u017eivatele, kte\u0159\u00ed necht\u011bj\u00ed sd\u00edlet osobn\u00ed \u00fadaje nebo si zakl\u00e1dat profil.<\/p>\n<p>3. Integrace textov\u00e9ho chatu<br \/>\nKrom\u011b videa nab\u00edz\u00ed Hiyak b\u011bhem ka\u017ed\u00e9ho sezen\u00ed tak\u00e9 textov\u00fd chat. To je u\u017eite\u010dn\u00e9 zejm\u00e9na pro u\u017eivatele, kte\u0159\u00ed zpo\u010d\u00e1tku d\u00e1vaj\u00ed p\u0159ednost psan\u00ed, nebo pro ty, kte\u0159\u00ed maj\u00ed jazykov\u00e9 bari\u00e9ry nebo technick\u00e9 probl\u00e9my s mikrofonem \u010di kamerou.<\/p>\n<p>4. Filtry pohlav\u00ed a polohy (omezen\u00e9)<br \/>\nHiyak sice nenab\u00edz\u00ed pokro\u010dil\u00e9 filtrov\u00e1n\u00ed, ale poskytuje z\u00e1kladn\u00ed mo\u017enosti v\u00fdb\u011bru preferovan\u00e9ho pohlav\u00ed a zem\u011b. Tyto filtry jsou k dispozici v bezplatn\u00e9 verzi, ale vzhledem k anonymn\u00ed povaze platformy nejsou v\u017edy p\u0159esn\u00e9 nebo konzistentn\u00ed.<\/p>\n<p>5. Podpora mobiln\u00edch prohl\u00ed\u017ee\u010d\u016f<br \/>\nHiyak funguje bez probl\u00e9m\u016f v mobiln\u00edch prohl\u00ed\u017ee\u010d\u00edch a nab\u00edz\u00ed plnohodnotn\u00fd videochat na chytr\u00fdch telefonech a tabletech. Nevy\u017eaduje \u017e\u00e1dnou aplikaci, co\u017e znamen\u00e1 m\u00e9n\u011b t\u0159en\u00ed a rychlej\u0161\u00ed p\u0159\u00edstup, zejm\u00e9na pro nov\u00e9 u\u017eivatele.<\/p>\n<p>6. \u010cist\u00e9 a minim\u00e1ln\u00ed rozhran\u00ed<br \/>\nRozhran\u00ed je omezeno na to nejnutn\u011bj\u0161\u00ed. Velk\u00e9 okno videa, z\u00e1kladn\u00ed ovl\u00e1dac\u00ed prvky (spu\u0161t\u011bn\u00ed, zastaven\u00ed, dal\u0161\u00ed, ztlumen\u00ed) a mal\u00e1 oblast pro textov\u00fd chat. Obrazovku nezat\u011b\u017euj\u00ed \u017e\u00e1dn\u00e9 reklamy, \u017e\u00e1dn\u00e1 vyskakovac\u00ed okna ani nep\u0159ehledn\u00e9 nab\u00eddky - pouze z\u00e1kladn\u00ed funkce chatu.<\/p>\n<p>7. N\u00e1stroje pro hl\u00e1\u0161en\u00ed a blokov\u00e1n\u00ed<br \/>\nU\u017eivatel\u00e9 mohou jedin\u00fdm kliknut\u00edm nahl\u00e1sit nevhodn\u00e9 chov\u00e1n\u00ed nebo zablokovat konkr\u00e9tn\u00ed u\u017eivatele. I kdy\u017e je moderov\u00e1n\u00ed st\u00e1le z velk\u00e9 \u010d\u00e1sti \u0159\u00edzeno komunitou, platforma bere hl\u00e1\u0161en\u00ed v\u00e1\u017en\u011b a zakazuje opakovan\u00e9 p\u0159estupky, aby udr\u017eovala prost\u0159ed\u00ed \u010dist\u0161\u00ed ne\u017e konkurence, jako je Omegle.<\/p>\n<p>8. \u017d\u00e1dn\u00e9 stahov\u00e1n\u00ed, \u017e\u00e1dn\u00e9 p\u0159ihla\u0161ov\u00e1n\u00ed, \u017e\u00e1dn\u00fd povyk<br \/>\nCel\u00e1 platforma je zalo\u017eena na prohl\u00ed\u017ee\u010di a funguje bez nutnosti cokoli instalovat nebo vytv\u00e1\u0159et profil. Tato jednoduchost je hlavn\u00ed v\u00fdhodou.<\/p>\n<h2>Je Hiyak zdarma?<\/h2>\n<p>Ano, Hiyak je 100% zdarma. K dispozici jsou:<\/p>\n<ul>\n<li>\u017d\u00e1dn\u00e9 registra\u010dn\u00ed poplatky<\/li>\n<li>\u017d\u00e1dn\u00e9 paywally ani model freemium<\/li>\n<li>\u017d\u00e1dn\u00fd kreditn\u00ed syst\u00e9m ani pr\u00e9miov\u00e9 \u017eetony<\/li>\n<\/ul>\n<p>V\u0161echny funkce - v\u010detn\u011b videochatu, textov\u00e9ho chatu a z\u00e1kladn\u00edch filtr\u016f - jsou k dispozici od okam\u017eiku otev\u0159en\u00ed webov\u00e9 str\u00e1nky. Model zpen\u011b\u017een\u00ed, pokud n\u011bjak\u00fd existuje, je lehk\u00fd a v budoucnu m\u016f\u017ee zahrnovat nen\u00e1padn\u00e9 reklamy, ale v dob\u011b psan\u00ed tohoto \u010dl\u00e1nku z\u016fst\u00e1v\u00e1 zku\u0161enost bez reklam.<\/p>\n<h2>Kdo pou\u017e\u00edv\u00e1 Hiyak?<\/h2>\n<p>Hiyak p\u0159itahuje \u0161irokou mezin\u00e1rodn\u00ed u\u017eivatelskou z\u00e1kladnu, ale je obzvl\u00e1\u0161t\u011b obl\u00edben\u00fd mezi:<\/p>\n<ul>\n<li>Mlad\u00ed dosp\u011bl\u00ed (18-30 let), kte\u0159\u00ed r\u00e1di n\u00e1hodn\u011b chatuj\u00ed p\u0159es video<\/li>\n<li>Lid\u00e9 z USA, Velk\u00e9 Brit\u00e1nie, Indie, Braz\u00edlie a z\u00e1padn\u00ed Evropy.<\/li>\n<li>U\u017eivatel\u00e9, kte\u0159\u00ed hledaj\u00ed p\u0159\u00edle\u017eitostn\u00fd flirt, online p\u0159\u00e1telstv\u00ed nebo jen z\u00e1bavn\u00e9 chaty s ciz\u00edmi lidmi.<\/li>\n<\/ul>\n<p>Na platform\u011b je p\u0159ev\u00e1\u017en\u011b mu\u017esk\u00e9 publikum, co\u017e je v oblasti n\u00e1hodn\u00fdch videochat\u016f typick\u00e9. V dob\u011b \u0161pi\u010dky, kdy je online v\u00edce u\u017eivatel\u016f, je v\u0161ak genderov\u00e1 nerovnov\u00e1ha m\u00e9n\u011b patrn\u00e1.<\/p>\n<p>Hiyak nem\u00e1 zabudovanou soci\u00e1ln\u00ed vrstvu ani syst\u00e9m sledov\u00e1n\u00ed, tak\u017ee zde nejsou \u017e\u00e1dn\u00ed influence\u0159i, streame\u0159i ani tv\u016frci obsahu. Je to v\u00fdhradn\u011b peer-to-peer a anonymn\u00ed, d\u00edky \u010demu\u017e je z\u00e1\u017eitek spont\u00e1nn\u00ed a nerozptyluje.<\/p>\n<h2>Bezpe\u010dnost, soukrom\u00ed a moderov\u00e1n\u00ed<\/h2>\n<p>Hiyak zav\u00e1d\u00ed z\u00e1kladn\u00ed, ale \u00fa\u010dinn\u00e1 opat\u0159en\u00ed na ochranu u\u017eivatel\u016f a minimalizaci zneu\u017eit\u00ed:<\/p>\n<ul>\n<li>Anonymn\u00ed podle n\u00e1vrhu: \u017d\u00e1dn\u00e9 u\u017eivatelsk\u00e9 \u00fa\u010dty ani shroma\u017e\u010fov\u00e1n\u00ed osobn\u00edch \u00fadaj\u016f.<\/li>\n<li>Odpojen\u00ed od koncov\u00e9ho za\u0159\u00edzen\u00ed: M\u016f\u017eete okam\u017eit\u011b a bez vysv\u011btlen\u00ed opustit chat.<\/li>\n<li>N\u00e1stroje pro hl\u00e1\u0161en\u00ed a blokov\u00e1n\u00ed: Jednoduch\u00e9 pou\u017eit\u00ed a \u00fa\u010dinn\u00e9 omezen\u00ed \u0161patn\u00fdch akt\u00e9r\u016f.<\/li>\n<li>Moderov\u00e1n\u00ed obsahu: N\u00e1stroje um\u011bl\u00e9 inteligence se pou\u017e\u00edvaj\u00ed k ozna\u010dov\u00e1n\u00ed nahoty a ur\u00e1\u017eliv\u00e9ho chov\u00e1n\u00ed v re\u00e1ln\u00e9m \u010dase, i kdy\u017e jejich prosazov\u00e1n\u00ed nen\u00ed v\u017edy dokonal\u00e9.<\/li>\n<li>\u017d\u00e1dn\u00e9 ukl\u00e1d\u00e1n\u00ed konverzac\u00ed: Konverzace nejsou platformou nahr\u00e1v\u00e1ny ani ukl\u00e1d\u00e1ny.<\/li>\n<\/ul>\n<p>Stejn\u011b jako u ka\u017ed\u00e9 otev\u0159en\u00e9 platformy pro videochat v\u0161ak existuje riziko nevhodn\u00e9ho obsahu nebo chov\u00e1n\u00ed, zejm\u00e9na pokud nen\u00ed vy\u017eadov\u00e1no p\u0159ihl\u00e1\u0161en\u00ed. U\u017eivatel\u00e9 by m\u011bli:<\/p>\n<ul>\n<li>Vyhn\u011bte se sd\u00edlen\u00ed osobn\u00edch \u00fadaj\u016f<\/li>\n<li>Pou\u017e\u00edvejte platformu na ve\u0159ejnosti nebo v bezpe\u010dn\u00fdch hodin\u00e1ch.<\/li>\n<li>Opus\u0165te jak\u00fdkoli chat, kter\u00fd je v\u00e1m nep\u0159\u00edjemn\u00fd<\/li>\n<\/ul>\n<p>Hiyak je nejvhodn\u011bj\u0161\u00ed pro zral\u00e9 u\u017eivatele, kte\u0159\u00ed znaj\u00ed v\u00fdhody a nev\u00fdhody anonymn\u00edch platforem.<\/p>\n<h2>Zku\u0161enosti u\u017eivatel\u016f a design<\/h2>\n<p>Jednou z nejv\u011bt\u0161\u00edch p\u0159ednost\u00ed syst\u00e9mu Hiyak je jeho zam\u011b\u0159en\u00ed na jednoduchost a rychlost. U\u017eivatelsk\u00e9 rozhran\u00ed je modern\u00ed, responzivn\u00ed a optimalizovan\u00e9 pro po\u010d\u00edta\u010de i mobiln\u00ed za\u0159\u00edzen\u00ed. Na\u010d\u00edt\u00e1 se rychle a kvalita videa je obecn\u011b stabiln\u00ed, pokud m\u00e1te slu\u0161n\u00e9 p\u0159ipojen\u00ed.<\/p>\n<p>Minimalistick\u00fd design umo\u017e\u0148uje u\u017eivatel\u016fm p\u0159ej\u00edt rovnou k chatu bez rozptylov\u00e1n\u00ed. Okna videa jsou velk\u00e1, ovl\u00e1d\u00e1n\u00ed intuitivn\u00ed a latence n\u00edzk\u00e1. Je vid\u011bt, \u017ee platforma byla vytvo\u0159ena s ohledem na pou\u017eitelnost.<\/p>\n<p>Neexistuj\u00ed \u017e\u00e1dn\u00e9:<\/p>\n<ul>\n<li>Nep\u0159ehledn\u00e9 nab\u00eddky<\/li>\n<li>Reklamy na celou obrazovku<\/li>\n<li>Zbyte\u010dn\u00e1 vyskakovac\u00ed okna<\/li>\n<li>Rozpt\u00fdlen\u00ed na soci\u00e1ln\u00edch s\u00edt\u00edch<\/li>\n<\/ul>\n<p>M\u00edsto toho p\u016fsob\u00ed \u010dist\u011b, bezprost\u0159edn\u011b a c\u00edlen\u011b pro konverzaci.<\/p>\n<h2>Hiyak vs Ostatn\u00ed chatovac\u00ed platformy<\/h2>\n<p>Jak si Hiyak vede ve srovn\u00e1n\u00ed s konkurenc\u00ed? Zde je rozpis:<\/p>\n<table>\n<thead>\n<tr>\n<th>Funkce<\/th>\n<th>Hiyak<\/th>\n<th>Omegle<\/th>\n<th>Chatroulette<\/th>\n<th>Chatspin<\/th>\n<th>Emerald Chat<\/th>\n<\/tr>\n<\/thead>\n<tbody>\n<tr>\n<td>N\u00e1hodn\u00fd videochat<\/td>\n<td>Ano<\/td>\n<td>Ano<\/td>\n<td>Ano<\/td>\n<td>Ano<\/td>\n<td>Ano<\/td>\n<\/tr>\n<tr>\n<td>Mo\u017enost textov\u00e9ho chatu<\/td>\n<td>Ano<\/td>\n<td>Ano<\/td>\n<td>Ne<\/td>\n<td>Ano<\/td>\n<td>Ano<\/td>\n<\/tr>\n<tr>\n<td>Nutn\u00e1 registrace<\/td>\n<td>Ne<\/td>\n<td>Ne<\/td>\n<td>Ne<\/td>\n<td>Voliteln\u011b<\/td>\n<td>Ano<\/td>\n<\/tr>\n<tr>\n<td>P\u0159\u00e1telsk\u00e9 pro mobiln\u00ed za\u0159\u00edzen\u00ed<\/td>\n<td>Ano<\/td>\n<td>M\u00edrn\u00e1<\/td>\n<td>\u0160patn\u00fd<\/td>\n<td>Vynikaj\u00edc\u00ed<\/td>\n<td>Dobr\u00fd<\/td>\n<\/tr>\n<tr>\n<td>Filtry (pohlav\u00ed\/oblast)<\/td>\n<td>Z\u00e1kladn\u00ed<\/td>\n<td>Placen\u00e9<\/td>\n<td>Ne<\/td>\n<td>Placen\u00e9<\/td>\n<td>Ano<\/td>\n<\/tr>\n<tr>\n<td>N\u00e1stroje pro moderov\u00e1n\u00ed<\/td>\n<td>Dobr\u00fd<\/td>\n<td>Minim\u00e1ln\u00ed<\/td>\n<td>Minim\u00e1ln\u00ed<\/td>\n<td>M\u00edrn\u00e1<\/td>\n<td>Siln\u00fd<\/td>\n<\/tr>\n<tr>\n<td>Reklamy nebo Premium Upsells<\/td>\n<td>\u017d\u00e1dn\u00e9<\/td>\n<td>\u017d\u00e1dn\u00e9<\/td>\n<td>\u017d\u00e1dn\u00e9<\/td>\n<td>Ano<\/td>\n<td>Ano<\/td>\n<\/tr>\n<\/tbody>\n<\/table>\n<p>Shrnut\u00ed: Hiyak nab\u00edz\u00ed plynulej\u0161\u00ed, bezpe\u010dn\u011bj\u0161\u00ed a \u010dist\u0161\u00ed prost\u0159ed\u00ed ne\u017e Omegle nebo Chatroulette, p\u0159i\u010dem\u017e zachov\u00e1v\u00e1 snadn\u00fd p\u0159\u00edstup, kter\u00fd u\u017eivatel\u00e9 miluj\u00ed. Postr\u00e1d\u00e1 soci\u00e1ln\u00ed funkce Emerald Chat nebo filtra\u010dn\u00ed s\u00edlu Chatspin Premium, ale p\u0159in\u00e1\u0161\u00ed to, co se po\u010d\u00edt\u00e1 - rychl\u00fd a z\u00e1bavn\u00fd videochat.<\/p>\n<h2>V\u00fdhody a nev\u00fdhody<\/h2>\n<p>Klady:<\/p>\n<ul>\n<li>Zcela zdarma a anonymn\u011b<\/li>\n<li>Rychl\u00e9 a snadn\u00e9 pou\u017eit\u00ed bez registrace<\/li>\n<li>\u010cist\u00e9 a mobiln\u00ed rozhran\u00ed<\/li>\n<li>Lep\u0161\u00ed moderov\u00e1n\u00ed ne\u017e u v\u011bt\u0161iny anonymn\u00edch platforem<\/li>\n<li>Funguje okam\u017eit\u011b v prohl\u00ed\u017ee\u010di<\/li>\n<\/ul>\n<p>Nev\u00fdhody:<\/p>\n<ul>\n<li>St\u00e1le ob\u010dasn\u00fd nevhodn\u00fd obsah<\/li>\n<li>\u017d\u00e1dn\u00e9 hloubkov\u00e9 filtrov\u00e1n\u00ed nebo pokro\u010dil\u00e9 nastaven\u00ed shody<\/li>\n<li>\u017d\u00e1dn\u00fd skupinov\u00fd chat ani soci\u00e1ln\u00ed funkce<\/li>\n<li>Nerovnov\u00e1ha mezi pohlav\u00edmi, zejm\u00e9na mimo \u0161pi\u010dku<\/li>\n<li>Verze aplikace zat\u00edm neexistuje (pouze prohl\u00ed\u017ee\u010d)<\/li>\n<\/ul>\n<h2>Ide\u00e1ln\u00ed p\u0159\u00edpady pou\u017eit\u00ed<\/h2>\n<p>Hiyak je skv\u011bl\u00fd pro:<\/p>\n<ul>\n<li>Lid\u00e9 hledaj\u00edc\u00ed spont\u00e1nn\u00ed chaty s ciz\u00edmi lidmi<\/li>\n<li>U\u017eivatel\u00e9, kte\u0159\u00ed cht\u011bj\u00ed lehkou alternativu k Omegle<\/li>\n<li>Nez\u00e1vazn\u00e1 konverzace, flirtov\u00e1n\u00ed nebo procvi\u010dov\u00e1n\u00ed jazykov\u00fdch dovednost\u00ed<\/li>\n<li>Mobiln\u00ed u\u017eivatel\u00e9, kte\u0159\u00ed cht\u011bj\u00ed okam\u017eit\u00e9 <a href=\"https:\/\/strangercam.com\/cs\/bazoocam\/\">cam<\/a> chat bez instalace aplikac\u00ed<\/li>\n<\/ul>\n<p>Nen\u00ed ide\u00e1ln\u00ed pro:<\/p>\n<ul>\n<li>U\u017eivatel\u00e9, kte\u0159\u00ed hledaj\u00ed dlouhodob\u00e9 zn\u00e1mosti nebo rand\u011bn\u00ed<\/li>\n<li>Ti, kte\u0159\u00ed cht\u011bj\u00ed sledovat konkr\u00e9tn\u00ed u\u017eivatele.<\/li>\n<li>Tv\u016frci, kte\u0159\u00ed hledaj\u00ed publikum nebo si buduj\u00ed profil<\/li>\n<li>Lid\u00e9, kter\u00fdm vad\u00ed ob\u010dasn\u00fd dosp\u011bl\u00fd obsah<\/li>\n<\/ul>\n<h2>Z\u00e1v\u011bre\u010dn\u00fd verdikt<\/h2>\n<p>Hiyak je jednoduch\u00e1, spolehliv\u00e1 a z\u00e1bavn\u00e1 platforma pro n\u00e1hodn\u00fd videochat, kter\u00e1 d\u011bl\u00e1 p\u0159esn\u011b to, co slibuje - a nic v\u00edc. Nep\u0159ekombinov\u00e1v\u00e1 z\u00e1\u017eitek \u00fa\u010dty, profily ani soci\u00e1ln\u00edmi mechanismy. M\u00edsto toho se op\u00edr\u00e1 o z\u00e1kladn\u00ed my\u0161lenku chatu mezi kamerami: spont\u00e1nn\u00ed, anonymn\u00ed konverzace v re\u00e1ln\u00e9m \u010dase s lidmi z cel\u00e9ho sv\u011bta.<\/p>\n<p>V prost\u0159ed\u00ed p\u0159epln\u011bn\u00e9m p\u0159ebujel\u00fdmi aplikacemi a \u0161patn\u011b moderovan\u00fdmi napodobeninami vynik\u00e1 Hiyak svou p\u0159ehlednost\u00ed, rychlost\u00ed a nesmysln\u00fdm proveden\u00edm. Nem\u00e1 sice v\u0161echny zvonky a p\u00ed\u0161\u0165alky, ale jeho z\u00e1kladn\u00ed funkce jsou spr\u00e1vn\u00e9 - a pr\u00e1v\u011b kv\u016fli tomu stoj\u00ed za to ho v roce 2025 pou\u017e\u00edvat.<\/p>\n<p>Pokud hled\u00e1te jednoduchou, bezplatnou a modern\u00ed alternativu k Omegle, Hiyak rozhodn\u011b stoj\u00ed za vyzkou\u0161en\u00ed.<\/p>","protected":false},"excerpt":{"rendered":"<p>The world of random video chat platforms is constantly evolving. From the wild west days of early Omegle to the more polished experiences offered by apps like Chatspin and Emerald Chat, users are always on the hunt for something that strikes the right balance between spontaneity, user control, and safety. Enter Hiyak \u2014 a relatively [&hellip;]<\/p>\n","protected":false},"author":6,"featured_media":0,"parent":0,"menu_order":0,"comment_status":"closed","ping_status":"closed","template":"","meta":{"footnotes":""},"class_list":["post-12832","page","type-page","status-publish","hentry"],"yoast_head":"<!-- This site is optimized with the Yoast SEO plugin v27.4 - https:\/\/yoast.com\/product\/yoast-seo-wordpress\/ -->\n<title>Hiyak - Random Video Calls on StrangerCam.com<\/title>\n<meta name=\"description\" content=\"Like Hiyak? Come chat with more than 5.000.000 strangers on Stranger Cam for Free! Turn on your cam and find new friends &amp; maby a match!\" \/>\n<meta name=\"robots\" content=\"index, follow, max-snippet:-1, max-image-preview:large, max-video-preview:-1\" \/>\n<link rel=\"canonical\" href=\"https:\/\/strangercam.com\/cs\/hiyak\/\" \/>\n<meta property=\"og:locale\" content=\"cs_CZ\" \/>\n<meta property=\"og:type\" content=\"article\" \/>\n<meta property=\"og:title\" content=\"Hiyak - Random Video Calls on StrangerCam.com\" \/>\n<meta property=\"og:description\" content=\"Like Hiyak? Come chat with more than 5.000.000 strangers on Stranger Cam for Free! Turn on your cam and find new friends &amp; maby a match!\" \/>\n<meta property=\"og:url\" content=\"https:\/\/strangercam.com\/cs\/hiyak\/\" \/>\n<meta property=\"og:site_name\" content=\"Strangercam\" \/>\n<meta property=\"article:publisher\" content=\"https:\/\/www.facebook.com\/strangercam\" \/>\n<meta property=\"article:modified_time\" content=\"2025-05-14T07:28:47+00:00\" \/>\n<meta property=\"og:image\" content=\"https:\/\/strangercam.com\/wp-content\/uploads\/2021\/10\/Untitled-2.png\" \/>\n\t<meta property=\"og:image:width\" content=\"800\" \/>\n\t<meta property=\"og:image:height\" content=\"532\" \/>\n\t<meta property=\"og:image:type\" content=\"image\/png\" \/>\n<meta name=\"twitter:card\" content=\"summary_large_image\" \/>\n<meta name=\"twitter:site\" content=\"@strangercamapp\" \/>\n<meta name=\"twitter:label1\" content=\"Odhadovan\u00e1 doba \u010dten\u00ed\" \/>\n\t<meta name=\"twitter:data1\" content=\"7 minut\" \/>\n<script type=\"application\/ld+json\" class=\"yoast-schema-graph\">{\"@context\":\"https:\\\/\\\/schema.org\",\"@graph\":[{\"@type\":\"WebPage\",\"@id\":\"https:\\\/\\\/strangercam.com\\\/hiyak\\\/\",\"url\":\"https:\\\/\\\/strangercam.com\\\/hiyak\\\/\",\"name\":\"Hiyak - Random Video Calls on StrangerCam.com\",\"isPartOf\":{\"@id\":\"https:\\\/\\\/strangercam.com\\\/#website\"},\"datePublished\":\"2025-05-14T07:23:52+00:00\",\"dateModified\":\"2025-05-14T07:28:47+00:00\",\"description\":\"Like Hiyak? Come chat with more than 5.000.000 strangers on Stranger Cam for Free! Turn on your cam and find new friends & maby a match!\",\"breadcrumb\":{\"@id\":\"https:\\\/\\\/strangercam.com\\\/hiyak\\\/#breadcrumb\"},\"inLanguage\":\"cs\",\"potentialAction\":[{\"@type\":\"ReadAction\",\"target\":[\"https:\\\/\\\/strangercam.com\\\/hiyak\\\/\"]}]},{\"@type\":\"BreadcrumbList\",\"@id\":\"https:\\\/\\\/strangercam.com\\\/hiyak\\\/#breadcrumb\",\"itemListElement\":[{\"@type\":\"ListItem\",\"position\":1,\"name\":\"Home\",\"item\":\"https:\\\/\\\/strangercam.com\\\/\"},{\"@type\":\"ListItem\",\"position\":2,\"name\":\"Hiyak\"}]},{\"@type\":\"WebSite\",\"@id\":\"https:\\\/\\\/strangercam.com\\\/#website\",\"url\":\"https:\\\/\\\/strangercam.com\\\/\",\"name\":\"Strangercam\",\"description\":\"Random Video Chat with Strangers\",\"publisher\":{\"@id\":\"https:\\\/\\\/strangercam.com\\\/#organization\"},\"alternateName\":\"Strangercam.com\",\"potentialAction\":[{\"@type\":\"SearchAction\",\"target\":{\"@type\":\"EntryPoint\",\"urlTemplate\":\"https:\\\/\\\/strangercam.com\\\/?s={search_term_string}\"},\"query-input\":{\"@type\":\"PropertyValueSpecification\",\"valueRequired\":true,\"valueName\":\"search_term_string\"}}],\"inLanguage\":\"cs\"},{\"@type\":\"Organization\",\"@id\":\"https:\\\/\\\/strangercam.com\\\/#organization\",\"name\":\"Strangercam\",\"alternateName\":\"Strangercam.com\",\"url\":\"https:\\\/\\\/strangercam.com\\\/\",\"logo\":{\"@type\":\"ImageObject\",\"inLanguage\":\"cs\",\"@id\":\"https:\\\/\\\/strangercam.com\\\/#\\\/schema\\\/logo\\\/image\\\/\",\"url\":\"https:\\\/\\\/strangercam.com\\\/wp-content\\\/uploads\\\/2020\\\/11\\\/cropped-new-favicon-black.png\",\"contentUrl\":\"https:\\\/\\\/strangercam.com\\\/wp-content\\\/uploads\\\/2020\\\/11\\\/cropped-new-favicon-black.png\",\"width\":512,\"height\":512,\"caption\":\"Strangercam\"},\"image\":{\"@id\":\"https:\\\/\\\/strangercam.com\\\/#\\\/schema\\\/logo\\\/image\\\/\"},\"sameAs\":[\"https:\\\/\\\/www.facebook.com\\\/strangercam\",\"https:\\\/\\\/x.com\\\/strangercamapp\"]}]}<\/script>\n<!-- \/ Yoast SEO plugin. -->","yoast_head_json":{"title":"Hiyak - N\u00e1hodn\u00e9 videohovory na StrangerCam.com","description":"Jako Hiyak? Poj\u010fte chatovat s v\u00edce ne\u017e 5 000 000 cizinci na Stranger Cam zdarma! Zapn\u011bte si kameru a najd\u011bte nov\u00e9 p\u0159\u00e1tele &amp; maby z\u00e1pas!","robots":{"index":"index","follow":"follow","max-snippet":"max-snippet:-1","max-image-preview":"max-image-preview:large","max-video-preview":"max-video-preview:-1"},"canonical":"https:\/\/strangercam.com\/cs\/hiyak\/","og_locale":"cs_CZ","og_type":"article","og_title":"Hiyak - Random Video Calls on StrangerCam.com","og_description":"Like Hiyak? Come chat with more than 5.000.000 strangers on Stranger Cam for Free! Turn on your cam and find new friends & maby a match!","og_url":"https:\/\/strangercam.com\/cs\/hiyak\/","og_site_name":"Strangercam","article_publisher":"https:\/\/www.facebook.com\/strangercam","article_modified_time":"2025-05-14T07:28:47+00:00","og_image":[{"width":800,"height":532,"url":"https:\/\/strangercam.com\/wp-content\/uploads\/2021\/10\/Untitled-2.png","type":"image\/png"}],"twitter_card":"summary_large_image","twitter_site":"@strangercamapp","twitter_misc":{"Odhadovan\u00e1 doba \u010dten\u00ed":"7 minut"},"schema":{"@context":"https:\/\/schema.org","@graph":[{"@type":"WebPage","@id":"https:\/\/strangercam.com\/hiyak\/","url":"https:\/\/strangercam.com\/hiyak\/","name":"Hiyak - N\u00e1hodn\u00e9 videohovory na StrangerCam.com","isPartOf":{"@id":"https:\/\/strangercam.com\/#website"},"datePublished":"2025-05-14T07:23:52+00:00","dateModified":"2025-05-14T07:28:47+00:00","description":"Jako Hiyak? Poj\u010fte chatovat s v\u00edce ne\u017e 5 000 000 cizinci na Stranger Cam zdarma! Zapn\u011bte si kameru a najd\u011bte nov\u00e9 p\u0159\u00e1tele &amp; maby z\u00e1pas!","breadcrumb":{"@id":"https:\/\/strangercam.com\/hiyak\/#breadcrumb"},"inLanguage":"cs","potentialAction":[{"@type":"ReadAction","target":["https:\/\/strangercam.com\/hiyak\/"]}]},{"@type":"BreadcrumbList","@id":"https:\/\/strangercam.com\/hiyak\/#breadcrumb","itemListElement":[{"@type":"ListItem","position":1,"name":"Home","item":"https:\/\/strangercam.com\/"},{"@type":"ListItem","position":2,"name":"Hiyak"}]},{"@type":"WebSite","@id":"https:\/\/strangercam.com\/#website","url":"https:\/\/strangercam.com\/","name":"Strangercam","description":"N\u00e1hodn\u00fd videochat s ciz\u00edmi lidmi","publisher":{"@id":"https:\/\/strangercam.com\/#organization"},"alternateName":"Strangercam.com","potentialAction":[{"@type":"SearchAction","target":{"@type":"EntryPoint","urlTemplate":"https:\/\/strangercam.com\/?s={search_term_string}"},"query-input":{"@type":"PropertyValueSpecification","valueRequired":true,"valueName":"search_term_string"}}],"inLanguage":"cs"},{"@type":"Organization","@id":"https:\/\/strangercam.com\/#organization","name":"Strangercam","alternateName":"Strangercam.com","url":"https:\/\/strangercam.com\/","logo":{"@type":"ImageObject","inLanguage":"cs","@id":"https:\/\/strangercam.com\/#\/schema\/logo\/image\/","url":"https:\/\/strangercam.com\/wp-content\/uploads\/2020\/11\/cropped-new-favicon-black.png","contentUrl":"https:\/\/strangercam.com\/wp-content\/uploads\/2020\/11\/cropped-new-favicon-black.png","width":512,"height":512,"caption":"Strangercam"},"image":{"@id":"https:\/\/strangercam.com\/#\/schema\/logo\/image\/"},"sameAs":["https:\/\/www.facebook.com\/strangercam","https:\/\/x.com\/strangercamapp"]}]}},"_links":{"self":[{"href":"https:\/\/strangercam.com\/cs\/wp-json\/wp\/v2\/pages\/12832","targetHints":{"allow":["GET"]}}],"collection":[{"href":"https:\/\/strangercam.com\/cs\/wp-json\/wp\/v2\/pages"}],"about":[{"href":"https:\/\/strangercam.com\/cs\/wp-json\/wp\/v2\/types\/page"}],"author":[{"embeddable":true,"href":"https:\/\/strangercam.com\/cs\/wp-json\/wp\/v2\/users\/6"}],"replies":[{"embeddable":true,"href":"https:\/\/strangercam.com\/cs\/wp-json\/wp\/v2\/comments?post=12832"}],"version-history":[{"count":1,"href":"https:\/\/strangercam.com\/cs\/wp-json\/wp\/v2\/pages\/12832\/revisions"}],"predecessor-version":[{"id":12834,"href":"https:\/\/strangercam.com\/cs\/wp-json\/wp\/v2\/pages\/12832\/revisions\/12834"}],"wp:attachment":[{"href":"https:\/\/strangercam.com\/cs\/wp-json\/wp\/v2\/media?parent=12832"}],"curies":[{"name":"wp","href":"https:\/\/api.w.org\/{rel}","templated":true}]}}