{"id":12815,"date":"2025-04-22T13:50:44","date_gmt":"2025-04-22T11:50:44","guid":{"rendered":"https:\/\/strangercam.com\/?page_id=12815"},"modified":"2025-04-22T13:50:44","modified_gmt":"2025-04-22T11:50:44","slug":"vanachat","status":"publish","type":"page","link":"https:\/\/strangercam.com\/cs\/vanachat\/","title":{"rendered":"VanaChat"},"content":{"rendered":"<p>Sv\u011bt n\u00e1hodn\u00fdch vide\u00ed <a href=\"https:\/\/strangercam.com\/cs\/chathub\/\">chat<\/a> aplikac\u00ed je vysoce konkuren\u010dn\u00ed, s platformami jako <a href=\"https:\/\/strangercam.com\/cs\/omegle\/\">Omegle<\/a>, <a href=\"https:\/\/strangercam.com\/cs\/chatroulette\/\">Chatroulette<\/a>, a nov\u011bj\u0161\u00ed n\u00e1zvy jako ChatMatch bojuj\u00ed o dominanci. \u010cas od \u010dasu v\u0161ak do tohoto prostoru vstoup\u00ed nov\u00fd uchaze\u010d s jedine\u010dn\u00fdm p\u0159\u00edstupem. VanaChat je jedn\u00edm z t\u011bchto jmen. Nach\u00e1z\u00ed se n\u011bkde mezi p\u0159\u00edle\u017eitostn\u00fdmi <a href=\"https:\/\/strangercam.com\/cs\/bazoocam\/\">cam<\/a> VanaChat rychle p\u0159itahuje pozornost - ale stoj\u00ed skute\u010dn\u011b za to ji pou\u017e\u00edvat?<\/p>\n<p>V t\u00e9to obs\u00e1hl\u00e9 recenzi prozkoum\u00e1me v\u0161e, co VanaChat nab\u00edz\u00ed: jeho funkce, u\u017eivatelsk\u00e9 zku\u0161enosti, publikum, bezpe\u010dnostn\u00ed n\u00e1stroje a jak si stoj\u00ed v porovn\u00e1n\u00ed s jin\u00fdmi popul\u00e1rn\u00edmi chatovac\u00edmi platformami.<\/p>\n<h2>Co je VanaChat?<\/h2>\n<p>VanaChat je platforma pro n\u00e1hodn\u00fd videochat v prohl\u00ed\u017ee\u010di, kter\u00e1 kombinuje tradi\u010dn\u00ed videokonverzace jeden na jednoho s lehk\u00fdmi soci\u00e1ln\u00edmi funkcemi. Na rozd\u00edl od star\u0161\u00edch str\u00e1nek, kter\u00e9 se zam\u011b\u0159uj\u00ed pouze na n\u00e1hodnost, p\u0159id\u00e1v\u00e1 VanaChat modern\u011bj\u0161\u00ed soci\u00e1ln\u00ed vrstvu - nab\u00edz\u00ed voliteln\u00e9 profily, p\u00e1rov\u00e1n\u00ed podle z\u00e1jm\u016f a dokonce i m\u00edrn\u00fd syst\u00e9m reputace.<\/p>\n<p>Spole\u010dnost VanaChat, kter\u00e1 byla spu\u0161t\u011bna v polovin\u011b 20. let, se prezentuje jako \u201cbezpe\u010dn\u00fd a p\u0159\u00e1telsk\u00fd prostor pro <a href=\"https:\/\/strangercam.com\/cs\/coomeet\/\">Seznamte se s<\/a> nov\u00e9 lidi tv\u00e1\u0159\u00ed v tv\u00e1\u0159.\" A\u010dkoli se hlavn\u00ed z\u00e1\u017eitek st\u00e1le to\u010d\u00ed kolem okam\u017eit\u00e9 interakce s ciz\u00edmi lidmi prost\u0159ednictv\u00edm webov\u00e9 kamery, platforma se sna\u017e\u00ed podporovat uctiv\u011bj\u0161\u00ed a zaj\u00edmav\u011bj\u0161\u00ed prost\u0159ed\u00ed.<\/p>\n<h2>\u00da\u010del VanaChatu<\/h2>\n<p>Hlavn\u00edm c\u00edlem VanaChatu je poskytnout n\u00e1hodn\u00fd videochat, kter\u00fd bude p\u016fsobit lid\u0161t\u011bji a m\u00e9n\u011b chaoticky. Je navr\u017een tak, aby byl z\u00e1bavn\u00fd a spont\u00e1nn\u00ed, ale bez bezuzdn\u00e9ho trollingu, nahoty a spamu, kter\u00e9 se \u010dasto vyskytuj\u00ed na zcela anonymn\u00edch platform\u00e1ch.<\/p>\n<p>VanaChat je ide\u00e1ln\u00ed pro:<\/p>\n<ul>\n<li>Lid\u00e9, kte\u0159\u00ed se cht\u011bj\u00ed setkat s ostatn\u00edmi tv\u00e1\u0159\u00ed v tv\u00e1\u0159 v re\u00e1ln\u00e9m \u010dase.<\/li>\n<li>U\u017eivatel\u00e9, kte\u0159\u00ed hledaj\u00ed p\u0159\u00edle\u017eitostn\u00e9 konverzace nebo nov\u00e1 p\u0159\u00e1telstv\u00ed.<\/li>\n<li>Soci\u00e1ln\u011b zv\u00eddav\u00ed u\u017eivatel\u00e9, kte\u0159\u00ed r\u00e1di mluv\u00ed s ciz\u00edmi lidmi, ale preferuj\u00ed trochu v\u011bt\u0161\u00ed kontrolu nad t\u00edm, s k\u00fdm se spoj\u00ed.<\/li>\n<li>Ka\u017ed\u00fd, kdo hled\u00e1 bezpe\u010dn\u011bj\u0161\u00ed a modern\u011bj\u0161\u00ed alternativu k nemoderovan\u00fdm web\u016fm s kamerami.<\/li>\n<\/ul>\n<p>Tato platforma nen\u00ed sama o sob\u011b seznamovac\u00ed aplikac\u00ed, ale v\u00edt\u00e1 lehk\u00e9 flirtov\u00e1n\u00ed a soci\u00e1ln\u00ed objevov\u00e1n\u00ed, zejm\u00e9na mezi mlad\u0161\u00edmi dosp\u011bl\u00fdmi.<\/p>\n<h2>Kl\u00ed\u010dov\u00e9 vlastnosti<\/h2>\n<p>1. Videochat jeden na jednoho<br \/>\nVanaChat nab\u00edz\u00ed rychl\u00fd a n\u00e1hodn\u00fd videochat mezi u\u017eivateli. Sta\u010d\u00ed jedno kliknut\u00ed a jste spojeni s n\u011bk\u00fdm nov\u00fdm. Videokan\u00e1ly jsou citliv\u00e9 a rozvr\u017een\u00ed je p\u0159ehledn\u00e9 a up\u0159ednost\u0148uje z\u00e1\u017eitek z kontaktu tv\u00e1\u0159\u00ed v tv\u00e1\u0159.<\/p>\n<p>2. Z\u00e1jmov\u00e9 p\u00e1rov\u00e1n\u00ed<br \/>\nU\u017eivatel\u00e9 si mohou vybrat ze seznamu z\u00e1jm\u016f - od film\u016f a her po jazyky a \u017eivotn\u00ed styl - a platforma se sna\u017e\u00ed naj\u00edt lidi s podobn\u00fdmi preferencemi. I kdy\u017e nen\u00ed tak hlubok\u00e1 jako seznamovac\u00ed aplikace zalo\u017een\u00e9 na algoritmech, sni\u017euje n\u00e1hodnost a pom\u00e1h\u00e1 nav\u00e1zat smyslupln\u011bj\u0161\u00ed konverzace.<\/p>\n<p>3. Voliteln\u00e9 u\u017eivatelsk\u00e9 profily<br \/>\nM\u016f\u017eete si vytvo\u0159it z\u00e1kladn\u00ed profil se zobrazovan\u00fdm jm\u00e9nem, z\u00e1jmy a stru\u010dn\u00fdm \u017eivotopisem. M\u016f\u017eete tak\u00e9 nahr\u00e1t profilov\u00fd obr\u00e1zek. A\u010dkoli profily nejsou povinn\u00e9, u\u017eivatel\u00e9 s kompletn\u00edmi profily maj\u00ed tendenci z\u00edsk\u00e1vat del\u0161\u00ed a \u010dast\u011bj\u0161\u00ed shody.<\/p>\n<p>4. Syst\u00e9m reputace<br \/>\nPo ka\u017ed\u00e9m chatu mohou u\u017eivatel\u00e9 hodnotit sv\u00e9 zku\u0161enosti. Postupem \u010dasu se tak vytvo\u0159\u00ed m\u011bkk\u00e9 sk\u00f3re reputace, kter\u00e9 pom\u00e1h\u00e1 odhalit kvalitn\u011bj\u0161\u00ed u\u017eivatele a potla\u010dit spamery nebo trolly. A\u010dkoli je tento syst\u00e9m st\u00e1le ve f\u00e1zi beta, slibuje zlep\u0161en\u00ed celkov\u00e9 atmosf\u00e9ry platformy.<\/p>\n<p>5. N\u00e1stroje pro ovl\u00e1d\u00e1n\u00ed a moderov\u00e1n\u00ed chatu<br \/>\nU\u017eivatele m\u016f\u017eete p\u0159esko\u010dit, ztlumit, nahl\u00e1sit nevhodn\u00e9 chov\u00e1n\u00ed a zablokovat ka\u017ed\u00e9ho, s k\u00fdm u\u017e nechcete mluvit. Nahl\u00e1\u0161ky prov\u011b\u0159uj\u00ed moder\u00e1to\u0159i a syst\u00e9m je podpo\u0159en z\u00e1kladn\u00edm skenov\u00e1n\u00edm obsahu pomoc\u00ed um\u011bl\u00e9 inteligence, kter\u00e1 odhaluje nahotu nebo ur\u00e1\u017eliv\u00e9 chov\u00e1n\u00ed.<\/p>\n<p>6. Optimalizace pro stoln\u00ed po\u010d\u00edta\u010de a mobiln\u00ed za\u0159\u00edzen\u00ed<br \/>\nVanaChat funguje bez probl\u00e9m\u016f v modern\u00edch prohl\u00ed\u017ee\u010d\u00edch na po\u010d\u00edta\u010di i v mobiln\u00edch za\u0159\u00edzen\u00edch. Zat\u00edm neexistuje \u017e\u00e1dn\u00e1 speci\u00e1ln\u00ed mobiln\u00ed aplikace, ale prost\u0159ed\u00ed mobiln\u00edho prohl\u00ed\u017ee\u010de je citliv\u00e9 a intuitivn\u00ed. Nen\u00ed t\u0159eba nic stahovat.<\/p>\n<p>7. Registrace nen\u00ed nutn\u00e1 (ale doporu\u010duje se)<br \/>\nChatovat m\u016f\u017eete za\u010d\u00edt i bez vytvo\u0159en\u00ed \u00fa\u010dtu, ale registrace v\u00e1m zp\u0159\u00edstupn\u00ed dal\u0161\u00ed funkce, jako je filtrov\u00e1n\u00ed z\u00e1jm\u016f, ukl\u00e1d\u00e1n\u00ed profilu a p\u0159\u00edstup k hodnocen\u00ed reputace.<\/p>\n<h2>Je VanaChat zdarma?<\/h2>\n<p>Ano, VanaChat je zdarma a z\u00e1kladn\u00ed funkce videochatu m\u016f\u017eete vyu\u017e\u00edvat, ani\u017e byste zaplatili jedin\u00fd cent. K dispozici je v\u0161ak pr\u00e9miov\u00fd tarif, kter\u00fd odemyk\u00e1:<\/p>\n<ul>\n<li>Vylep\u0161en\u00e9 p\u0159i\u0159azov\u00e1n\u00ed podle regionu nebo pohlav\u00ed<\/li>\n<li>Prioritn\u00ed um\u00edst\u011bn\u00ed ve front\u011b chatu<\/li>\n<li>Z\u00e1\u017eitek bez reklam<\/li>\n<li>Mo\u017enosti p\u0159izp\u016fsoben\u00ed profilu<\/li>\n<\/ul>\n<p>Pr\u00e9miov\u00e1 \u00farove\u0148 je cenov\u011b v\u00fdhodn\u00e1, obvykle v rozmez\u00ed $6-$10 m\u011bs\u00ed\u010dn\u011b v z\u00e1vislosti na pl\u00e1nu p\u0159edplatn\u00e9ho. Pro v\u011bt\u0161inu u\u017eivatel\u016f je bezplatn\u00e1 verze dokonale funk\u010dn\u00ed, ale verze Premium je v\u00fdhodn\u00e1 pro ty, kte\u0159\u00ed hledaj\u00ed v\u011bt\u0161\u00ed kontrolu a plynulej\u0161\u00ed tok u\u017eivatelsk\u00fdch dat.<\/p>\n<h2>Kdo pou\u017e\u00edv\u00e1 VanaChat?<\/h2>\n<p>VanaChat m\u00e1 rostouc\u00ed u\u017eivatelskou z\u00e1kladnu v n\u011bkolika kl\u00ed\u010dov\u00fdch regionech:<\/p>\n<ul>\n<li>Spojen\u00e9 st\u00e1ty americk\u00e9<\/li>\n<li>Kanada<\/li>\n<li>Spojen\u00e9 kr\u00e1lovstv\u00ed<\/li>\n<li>N\u011bmecko<\/li>\n<li>Braz\u00edlie<\/li>\n<li>Indie<\/li>\n<\/ul>\n<p>V\u011bt\u0161ina u\u017eivatel\u016f je ve v\u011bku od 18 do 34 let a je pom\u011brn\u011b r\u016fznorod\u00e1 co do pohlav\u00ed a p\u016fvodu. V\u011bt\u0161ina u\u017eivatel\u016f pou\u017e\u00edv\u00e1 platformu pro z\u00e1bavu a nez\u00e1vaznou konverzaci, ale zd\u00e1 se, \u017ee znateln\u00e1 \u010d\u00e1st u\u017eivatel\u016f m\u00e1 skute\u010dn\u00fd z\u00e1jem o nav\u00e1z\u00e1n\u00ed p\u0159\u00e1telstv\u00ed nebo nalezen\u00ed lid\u00ed se spole\u010dn\u00fdmi z\u00e1jmy.<\/p>\n<p>VanaChat je obl\u00edben\u00fd zejm\u00e9na mezi:<\/p>\n<ul>\n<li>Vysoko\u0161kol\u0161t\u00ed studenti<\/li>\n<li>Mlad\u00ed profesion\u00e1lov\u00e9<\/li>\n<li>Digit\u00e1ln\u00ed nom\u00e1di a expati, kte\u0159\u00ed se cht\u011bj\u00ed sezn\u00e1mit s lidmi na nov\u00fdch m\u00edstech<\/li>\n<li>Studenti jazyk\u016f, kte\u0159\u00ed si cht\u011bj\u00ed procvi\u010dit sv\u00e9 znalosti s rodil\u00fdmi mluv\u010d\u00edmi.<\/li>\n<\/ul>\n<h2>Bezpe\u010dnost, soukrom\u00ed a moderov\u00e1n\u00ed<\/h2>\n<p>Online chatovac\u00ed platformy \u010dasto bojuj\u00ed s bezpe\u010dnost\u00ed a moderov\u00e1n\u00edm, ale VanaChat bere tento probl\u00e9m v\u00e1\u017en\u011b. Tady je n\u00e1vod, jak na to:<\/p>\n<ul>\n<li>Monitorov\u00e1n\u00ed na b\u00e1zi um\u011bl\u00e9 inteligence: Platforma vyu\u017e\u00edv\u00e1 strojov\u00e9 u\u010den\u00ed k automatick\u00e9 detekci nahoty nebo ur\u00e1\u017eliv\u00fdch gest ve videostreamech. Nen\u00ed to sice dokonal\u00e9, ale omezuje to vystaven\u00ed explicitn\u00edmu obsahu.<\/li>\n<li>Hl\u00e1\u0161en\u00ed u\u017eivatel\u016f a moderov\u00e1n\u00ed: Ka\u017ed\u00fd chat kon\u010d\u00ed v\u00fdzvou ke zp\u011btn\u00e9 vazb\u011b a hl\u00e1\u0161en\u00ed jsou p\u0159ezkoum\u00e1na do 24 hodin.<\/li>\n<li>Syst\u00e9m reputace a hodnocen\u00ed: Pom\u00e1h\u00e1 odfiltrovat problematick\u00e9 u\u017eivatele a v pr\u016fb\u011bhu \u010dasu podporuje ohledupln\u011bj\u0161\u00ed chov\u00e1n\u00ed.<\/li>\n<li>Nevy\u017eaduj\u00ed se \u017e\u00e1dn\u00e9 osobn\u00ed \u00fadaje: Pokud se nezaregistrujete, nebudete \u017e\u00e1d\u00e1ni o telefonn\u00ed \u010d\u00edsla ani e-maily (a ani v tomto p\u0159\u00edpad\u011b to nen\u00ed povinn\u00e9).<\/li>\n<\/ul>\n<p>VanaChat neshroma\u017e\u010fuje nadm\u011brn\u00e9 mno\u017estv\u00ed \u00fadaj\u016f a umo\u017e\u0148uje u\u017eivatel\u016fm z\u016fstat v anonymit\u011b, jak si p\u0159ej\u00ed. P\u0159esto by se u\u017eivatel\u00e9 m\u011bli \u0159\u00eddit zdrav\u00fdm rozumem - nesd\u00edlet osobn\u00ed \u00fadaje, neklikat na odkazy a nezapojovat se do komunikace s u\u017eivateli, kte\u0159\u00ed jsou v\u00e1m nep\u0159\u00edjemn\u00ed.<\/p>\n<h2>Zku\u0161enosti u\u017eivatel\u016f a design<\/h2>\n<p>Rozhran\u00ed aplikace VanaChat je osv\u011b\u017euj\u00edc\u00ed a modern\u00ed. Platforma je vizu\u00e1ln\u011b \u010dist\u00e1, intuitivn\u00ed a citliv\u00e1. Navigace je jednoduch\u00e1: rozhran\u00ed dominuje velk\u00e1 obrazovka s videem a ovl\u00e1dac\u00ed prvky chatu a nastaven\u00ed jsou p\u0159ehledn\u011b um\u00edst\u011bny v postrann\u00edch panelech. Neobjevuj\u00ed se zde \u017e\u00e1dn\u00e9 nep\u0159ehledn\u00e9 bannery, vyskakovac\u00ed okna ani otravn\u00e9 reklamy, kter\u00e9 by p\u0159eru\u0161ovaly plynulost.<\/p>\n<p>Celkov\u011b p\u016fsob\u00ed mladistv\u011b a p\u0159\u00e1telsky, ani\u017e by se p\u0159\u00edli\u0161 sna\u017eil zaujmout ur\u010ditou demografickou skupinu. P\u016fsob\u00ed jako produkt vytvo\u0159en\u00fd pro p\u0159\u00edle\u017eitostnou interakci - ne pro obsah pro dosp\u011bl\u00e9 a ne pro seznamov\u00e1n\u00ed - co\u017e z n\u011bj d\u011bl\u00e1 dobrou st\u0159edn\u00ed cestu.<\/p>\n<p>Str\u00e1nky se na\u010d\u00edtaj\u00ed rychle, kvalita videa je solidn\u00ed a p\u0159echody mezi chaty jsou ve v\u011bt\u0161in\u011b p\u0159\u00edpad\u016f plynul\u00e9 a bez zpo\u017ed\u011bn\u00ed. Na mobiln\u00edch za\u0159\u00edzen\u00edch je platforma rychl\u00e1 a pou\u017eiteln\u00e1 t\u00e9m\u011b\u0159 jako aplikace, co\u017e je na prost\u0159ed\u00ed zalo\u017een\u00e9 na prohl\u00ed\u017ee\u010di p\u016fsobiv\u00e9.<\/p>\n<h2>VanaChat vs. jin\u00e9 chatovac\u00ed platformy<\/h2>\n<p>Pod\u00edvejme se, jak si VanaChat vede v porovn\u00e1n\u00ed s jin\u00fdmi p\u0159edn\u00edmi platformami:<\/p>\n<table>\n<thead>\n<tr>\n<th>Funkce<\/th>\n<th>VanaChat<\/th>\n<th>Omegle<\/th>\n<th>ChatMatch<\/th>\n<th>Chatspin<\/th>\n<th>Emerald Chat<\/th>\n<\/tr>\n<\/thead>\n<tbody>\n<tr>\n<td>Videochat<\/td>\n<td>Ano<\/td>\n<td>Ano<\/td>\n<td>Ano<\/td>\n<td>Ano<\/td>\n<td>Ano<\/td>\n<\/tr>\n<tr>\n<td>Shoda z\u00e1jm\u016f<\/td>\n<td>Ano<\/td>\n<td>Ne<\/td>\n<td>Ano<\/td>\n<td>Ano<\/td>\n<td>Ano<\/td>\n<\/tr>\n<tr>\n<td>Profily (voliteln\u00e9)<\/td>\n<td>Ano<\/td>\n<td>Ne<\/td>\n<td>Voliteln\u011b<\/td>\n<td>Voliteln\u011b<\/td>\n<td>Ano<\/td>\n<\/tr>\n<tr>\n<td>Syst\u00e9m reputace<\/td>\n<td>Ano<\/td>\n<td>Ne<\/td>\n<td>Ne<\/td>\n<td>Ne<\/td>\n<td>Ano<\/td>\n<\/tr>\n<tr>\n<td>Filtry pohlav\u00ed\/regionu<\/td>\n<td>Placen\u00e9<\/td>\n<td>Placen\u00e9<\/td>\n<td>Placen\u00e9<\/td>\n<td>Zdarma\/placen\u00e9<\/td>\n<td>Ano<\/td>\n<\/tr>\n<tr>\n<td>Optimalizov\u00e1no pro mobiln\u00ed za\u0159\u00edzen\u00ed<\/td>\n<td>Ano<\/td>\n<td>M\u00edrn\u00e1<\/td>\n<td>Ano<\/td>\n<td>Vynikaj\u00edc\u00ed<\/td>\n<td>Dobr\u00fd<\/td>\n<\/tr>\n<tr>\n<td>N\u00e1stroje pro moderov\u00e1n\u00ed<\/td>\n<td>Siln\u00fd<\/td>\n<td>Slab\u00e9<\/td>\n<td>M\u00edrn\u00e1<\/td>\n<td>Dobr\u00fd<\/td>\n<td>Siln\u00fd<\/td>\n<\/tr>\n<tr>\n<td>Nutn\u00e1 registrace<\/td>\n<td>Ne<\/td>\n<td>Ne<\/td>\n<td>Voliteln\u011b<\/td>\n<td>Voliteln\u011b<\/td>\n<td>Ano<\/td>\n<\/tr>\n<\/tbody>\n<\/table>\n<h2>V\u00fdhody a nev\u00fdhody<\/h2>\n<p>Klady:<\/p>\n<ul>\n<li>Bezplatn\u00e9 pou\u017eit\u00ed bez nutnosti p\u0159ihl\u00e1\u0161en\u00ed<\/li>\n<li>\u010cist\u00e9, modern\u00ed rozhran\u00ed s rychl\u00fdm v\u00fdkonem<\/li>\n<li>P\u00e1rov\u00e1n\u00ed podle z\u00e1jm\u016f zlep\u0161uje kvalitu konverzace<\/li>\n<li>Syst\u00e9m reputace odm\u011b\u0148uje dobr\u00e9 chov\u00e1n\u00ed<\/li>\n<li>Voliteln\u00e9 profily bez ru\u0161iv\u00fdch vliv\u016f<\/li>\n<li>Aktivn\u00ed moderov\u00e1n\u00ed a kontrola obsahu<\/li>\n<li>P\u0159\u00e1telsk\u00e9 pro mobiln\u00ed za\u0159\u00edzen\u00ed bez nutnosti aplikace<\/li>\n<\/ul>\n<p>Nev\u00fdhody:<\/p>\n<ul>\n<li>Men\u0161\u00ed u\u017eivatelsk\u00e1 z\u00e1kladna ne\u017e u platforem jako Omegle<\/li>\n<li>Filtry pro pohlav\u00ed a region vy\u017eaduj\u00ed pr\u00e9mii<\/li>\n<li>St\u00e1le podl\u00e9h\u00e1 ob\u010dasn\u00e9mu nevhodn\u00e9mu chov\u00e1n\u00ed<\/li>\n<li>\u017d\u00e1dn\u00fd vestav\u011bn\u00fd p\u0159eklada\u010d pro mezin\u00e1rodn\u00ed chaty<\/li>\n<li>Zat\u00edm \u017e\u00e1dn\u00e9 funkce skupinov\u00e9ho chatu nebo v\u00edce u\u017eivatel\u016f<\/li>\n<\/ul>\n<h2>Ide\u00e1ln\u00ed p\u0159\u00edpady pou\u017eit\u00ed<\/h2>\n<p>VanaChat je ide\u00e1ln\u00ed pro:<\/p>\n<ul>\n<li>Lid\u00e9, kte\u0159\u00ed maj\u00ed r\u00e1di videochat jeden na jednoho s v\u011bt\u0161\u00ed strukturou.<\/li>\n<li>U\u017eivatel\u00e9, kte\u0159\u00ed hledaj\u00ed spont\u00e1nn\u00ed, ale uctiv\u00e9 konverzace<\/li>\n<li>P\u0159\u00edle\u017eitostn\u00e9 setk\u00e1v\u00e1n\u00ed, lehk\u00fd flirt a pozn\u00e1v\u00e1n\u00ed nov\u00fdch lid\u00ed po cel\u00e9m sv\u011bt\u011b<\/li>\n<li>Ti, kte\u0159\u00ed nemaj\u00ed r\u00e1di chaos nemoderovan\u00fdch platforem, jako je Omegle.<\/li>\n<\/ul>\n<p>Nen\u00ed ide\u00e1ln\u00ed pro:<\/p>\n<ul>\n<li>U\u017eivatel\u00e9, kte\u0159\u00ed o\u010dek\u00e1vaj\u00ed kur\u00e1torstv\u00ed nebo dohazov\u00e1n\u00ed na \u00farovni seznamovac\u00edch aplikac\u00ed.<\/li>\n<li>Ti, kte\u0159\u00ed hledaj\u00ed skupinov\u00e9 chaty nebo tematick\u00e9 chatovac\u00ed m\u00edstnosti.<\/li>\n<li>Lid\u00e9, kte\u0159\u00ed d\u00e1vaj\u00ed p\u0159ednost \u010dist\u011b anonymn\u00ed, pouze textov\u00e9 interakci.<\/li>\n<\/ul>\n<h2>Z\u00e1v\u011bre\u010dn\u00fd verdikt<\/h2>\n<p>VanaChat je osv\u011b\u017euj\u00edc\u00edm p\u0159\u00edr\u016fstkem na poli videochatu. Spojuje v sob\u011b bezprost\u0159ednost n\u00e1hodn\u00fdch chatovac\u00edch platforem s n\u011bkolika modern\u00edmi vylep\u0161en\u00edmi - z\u00e1jmov\u00fdmi filtry, syst\u00e9my reputace a voliteln\u00fdmi profily -, kter\u00e9 zp\u0159\u00edjem\u0148uj\u00ed a zp\u0159\u00edjem\u0148uj\u00ed u\u017eivatelskou zku\u0161enost.<\/p>\n<p>Pro ty, kte\u0159\u00ed jsou unaveni z bot\u016f, troll\u016f nebo NSFW p\u0159ekvapen\u00ed na jin\u00fdch str\u00e1nk\u00e1ch, nab\u00edz\u00ed VanaChat \u010dist\u0161\u00ed, p\u0159\u00e1tel\u0161t\u011bj\u0161\u00ed a lid\u0161t\u011bj\u0161\u00ed prost\u0159ed\u00ed. Nem\u00e1 sice takov\u00fd po\u010det u\u017eivatel\u016f jako velk\u00e9 platformy, ale to, co j\u00ed chyb\u00ed v rozsahu, vynahrazuje kvalitou.<\/p>\n<p>A\u0165 u\u017e chcete chatovat s ciz\u00edmi lidmi, navazovat p\u0159\u00e1telstv\u00ed nebo jen tr\u00e1vit \u010das spole\u010densk\u00fdm zp\u016fsobem, VanaChat rozhodn\u011b stoj\u00ed za vyzkou\u0161en\u00ed.<\/p>","protected":false},"excerpt":{"rendered":"<p>The world of random video chat apps is highly competitive, with platforms like Omegle, Chatroulette, and newer names like ChatMatch fighting for dominance. But every now and then, a new contender enters the space with a unique approach. VanaChat is one of those names. Positioned somewhere between a casual cam chat site and a lightweight [&hellip;]<\/p>\n","protected":false},"author":6,"featured_media":0,"parent":0,"menu_order":0,"comment_status":"closed","ping_status":"closed","template":"","meta":{"footnotes":""},"class_list":["post-12815","page","type-page","status-publish","hentry"],"yoast_head":"<!-- This site is optimized with the Yoast SEO plugin v27.4 - https:\/\/yoast.com\/product\/yoast-seo-wordpress\/ -->\n<title>VanaChat - Live video chat with girls on StrangerCam.com<\/title>\n<meta name=\"description\" content=\"Like VanaChat? Come chat with more than 5.000.000 strangers on Stranger Cam for Free! Turn on your cam and find new friends &amp; maby a match!\" \/>\n<meta name=\"robots\" content=\"index, follow, max-snippet:-1, max-image-preview:large, max-video-preview:-1\" \/>\n<link rel=\"canonical\" href=\"https:\/\/strangercam.com\/cs\/vanachat\/\" \/>\n<meta property=\"og:locale\" content=\"cs_CZ\" \/>\n<meta property=\"og:type\" content=\"article\" \/>\n<meta property=\"og:title\" content=\"VanaChat - Live video chat with girls on StrangerCam.com\" \/>\n<meta property=\"og:description\" content=\"Like VanaChat? Come chat with more than 5.000.000 strangers on Stranger Cam for Free! Turn on your cam and find new friends &amp; maby a match!\" \/>\n<meta property=\"og:url\" content=\"https:\/\/strangercam.com\/cs\/vanachat\/\" \/>\n<meta property=\"og:site_name\" content=\"Strangercam\" \/>\n<meta property=\"article:publisher\" content=\"https:\/\/www.facebook.com\/strangercam\" \/>\n<meta property=\"og:image\" content=\"https:\/\/strangercam.com\/wp-content\/uploads\/2021\/10\/Untitled-2.png\" \/>\n\t<meta property=\"og:image:width\" content=\"800\" \/>\n\t<meta property=\"og:image:height\" content=\"532\" \/>\n\t<meta property=\"og:image:type\" content=\"image\/png\" \/>\n<meta name=\"twitter:card\" content=\"summary_large_image\" \/>\n<meta name=\"twitter:site\" content=\"@strangercamapp\" \/>\n<meta name=\"twitter:label1\" content=\"Odhadovan\u00e1 doba \u010dten\u00ed\" \/>\n\t<meta name=\"twitter:data1\" content=\"7 minut\" \/>\n<script type=\"application\/ld+json\" class=\"yoast-schema-graph\">{\"@context\":\"https:\\\/\\\/schema.org\",\"@graph\":[{\"@type\":\"WebPage\",\"@id\":\"https:\\\/\\\/strangercam.com\\\/vanachat\\\/\",\"url\":\"https:\\\/\\\/strangercam.com\\\/vanachat\\\/\",\"name\":\"VanaChat - Live video chat with girls on StrangerCam.com\",\"isPartOf\":{\"@id\":\"https:\\\/\\\/strangercam.com\\\/#website\"},\"datePublished\":\"2025-04-22T11:50:44+00:00\",\"description\":\"Like VanaChat? Come chat with more than 5.000.000 strangers on Stranger Cam for Free! Turn on your cam and find new friends & maby a match!\",\"breadcrumb\":{\"@id\":\"https:\\\/\\\/strangercam.com\\\/vanachat\\\/#breadcrumb\"},\"inLanguage\":\"cs\",\"potentialAction\":[{\"@type\":\"ReadAction\",\"target\":[\"https:\\\/\\\/strangercam.com\\\/vanachat\\\/\"]}]},{\"@type\":\"BreadcrumbList\",\"@id\":\"https:\\\/\\\/strangercam.com\\\/vanachat\\\/#breadcrumb\",\"itemListElement\":[{\"@type\":\"ListItem\",\"position\":1,\"name\":\"Home\",\"item\":\"https:\\\/\\\/strangercam.com\\\/\"},{\"@type\":\"ListItem\",\"position\":2,\"name\":\"VanaChat\"}]},{\"@type\":\"WebSite\",\"@id\":\"https:\\\/\\\/strangercam.com\\\/#website\",\"url\":\"https:\\\/\\\/strangercam.com\\\/\",\"name\":\"Strangercam\",\"description\":\"Random Video Chat with Strangers\",\"publisher\":{\"@id\":\"https:\\\/\\\/strangercam.com\\\/#organization\"},\"alternateName\":\"Strangercam.com\",\"potentialAction\":[{\"@type\":\"SearchAction\",\"target\":{\"@type\":\"EntryPoint\",\"urlTemplate\":\"https:\\\/\\\/strangercam.com\\\/?s={search_term_string}\"},\"query-input\":{\"@type\":\"PropertyValueSpecification\",\"valueRequired\":true,\"valueName\":\"search_term_string\"}}],\"inLanguage\":\"cs\"},{\"@type\":\"Organization\",\"@id\":\"https:\\\/\\\/strangercam.com\\\/#organization\",\"name\":\"Strangercam\",\"alternateName\":\"Strangercam.com\",\"url\":\"https:\\\/\\\/strangercam.com\\\/\",\"logo\":{\"@type\":\"ImageObject\",\"inLanguage\":\"cs\",\"@id\":\"https:\\\/\\\/strangercam.com\\\/#\\\/schema\\\/logo\\\/image\\\/\",\"url\":\"https:\\\/\\\/strangercam.com\\\/wp-content\\\/uploads\\\/2020\\\/11\\\/cropped-new-favicon-black.png\",\"contentUrl\":\"https:\\\/\\\/strangercam.com\\\/wp-content\\\/uploads\\\/2020\\\/11\\\/cropped-new-favicon-black.png\",\"width\":512,\"height\":512,\"caption\":\"Strangercam\"},\"image\":{\"@id\":\"https:\\\/\\\/strangercam.com\\\/#\\\/schema\\\/logo\\\/image\\\/\"},\"sameAs\":[\"https:\\\/\\\/www.facebook.com\\\/strangercam\",\"https:\\\/\\\/x.com\\\/strangercamapp\"]}]}<\/script>\n<!-- \/ Yoast SEO plugin. -->","yoast_head_json":{"title":"VanaChat - \u017div\u00fd videochat s d\u00edvkami na StrangerCam.com","description":"Jako VanaChat? Poj\u010fte chatovat s v\u00edce ne\u017e 5 000 000 cizinci na Stranger Cam zdarma! Zapn\u011bte si kameru a najd\u011bte nov\u00e9 p\u0159\u00e1tele &amp; maby z\u00e1pas!","robots":{"index":"index","follow":"follow","max-snippet":"max-snippet:-1","max-image-preview":"max-image-preview:large","max-video-preview":"max-video-preview:-1"},"canonical":"https:\/\/strangercam.com\/cs\/vanachat\/","og_locale":"cs_CZ","og_type":"article","og_title":"VanaChat - Live video chat with girls on StrangerCam.com","og_description":"Like VanaChat? Come chat with more than 5.000.000 strangers on Stranger Cam for Free! Turn on your cam and find new friends & maby a match!","og_url":"https:\/\/strangercam.com\/cs\/vanachat\/","og_site_name":"Strangercam","article_publisher":"https:\/\/www.facebook.com\/strangercam","og_image":[{"width":800,"height":532,"url":"https:\/\/strangercam.com\/wp-content\/uploads\/2021\/10\/Untitled-2.png","type":"image\/png"}],"twitter_card":"summary_large_image","twitter_site":"@strangercamapp","twitter_misc":{"Odhadovan\u00e1 doba \u010dten\u00ed":"7 minut"},"schema":{"@context":"https:\/\/schema.org","@graph":[{"@type":"WebPage","@id":"https:\/\/strangercam.com\/vanachat\/","url":"https:\/\/strangercam.com\/vanachat\/","name":"VanaChat - \u017div\u00fd videochat s d\u00edvkami na StrangerCam.com","isPartOf":{"@id":"https:\/\/strangercam.com\/#website"},"datePublished":"2025-04-22T11:50:44+00:00","description":"Jako VanaChat? Poj\u010fte chatovat s v\u00edce ne\u017e 5 000 000 cizinci na Stranger Cam zdarma! Zapn\u011bte si kameru a najd\u011bte nov\u00e9 p\u0159\u00e1tele &amp; maby z\u00e1pas!","breadcrumb":{"@id":"https:\/\/strangercam.com\/vanachat\/#breadcrumb"},"inLanguage":"cs","potentialAction":[{"@type":"ReadAction","target":["https:\/\/strangercam.com\/vanachat\/"]}]},{"@type":"BreadcrumbList","@id":"https:\/\/strangercam.com\/vanachat\/#breadcrumb","itemListElement":[{"@type":"ListItem","position":1,"name":"Home","item":"https:\/\/strangercam.com\/"},{"@type":"ListItem","position":2,"name":"VanaChat"}]},{"@type":"WebSite","@id":"https:\/\/strangercam.com\/#website","url":"https:\/\/strangercam.com\/","name":"Strangercam","description":"N\u00e1hodn\u00fd videochat s ciz\u00edmi lidmi","publisher":{"@id":"https:\/\/strangercam.com\/#organization"},"alternateName":"Strangercam.com","potentialAction":[{"@type":"SearchAction","target":{"@type":"EntryPoint","urlTemplate":"https:\/\/strangercam.com\/?s={search_term_string}"},"query-input":{"@type":"PropertyValueSpecification","valueRequired":true,"valueName":"search_term_string"}}],"inLanguage":"cs"},{"@type":"Organization","@id":"https:\/\/strangercam.com\/#organization","name":"Strangercam","alternateName":"Strangercam.com","url":"https:\/\/strangercam.com\/","logo":{"@type":"ImageObject","inLanguage":"cs","@id":"https:\/\/strangercam.com\/#\/schema\/logo\/image\/","url":"https:\/\/strangercam.com\/wp-content\/uploads\/2020\/11\/cropped-new-favicon-black.png","contentUrl":"https:\/\/strangercam.com\/wp-content\/uploads\/2020\/11\/cropped-new-favicon-black.png","width":512,"height":512,"caption":"Strangercam"},"image":{"@id":"https:\/\/strangercam.com\/#\/schema\/logo\/image\/"},"sameAs":["https:\/\/www.facebook.com\/strangercam","https:\/\/x.com\/strangercamapp"]}]}},"_links":{"self":[{"href":"https:\/\/strangercam.com\/cs\/wp-json\/wp\/v2\/pages\/12815","targetHints":{"allow":["GET"]}}],"collection":[{"href":"https:\/\/strangercam.com\/cs\/wp-json\/wp\/v2\/pages"}],"about":[{"href":"https:\/\/strangercam.com\/cs\/wp-json\/wp\/v2\/types\/page"}],"author":[{"embeddable":true,"href":"https:\/\/strangercam.com\/cs\/wp-json\/wp\/v2\/users\/6"}],"replies":[{"embeddable":true,"href":"https:\/\/strangercam.com\/cs\/wp-json\/wp\/v2\/comments?post=12815"}],"version-history":[{"count":2,"href":"https:\/\/strangercam.com\/cs\/wp-json\/wp\/v2\/pages\/12815\/revisions"}],"predecessor-version":[{"id":12817,"href":"https:\/\/strangercam.com\/cs\/wp-json\/wp\/v2\/pages\/12815\/revisions\/12817"}],"wp:attachment":[{"href":"https:\/\/strangercam.com\/cs\/wp-json\/wp\/v2\/media?parent=12815"}],"curies":[{"name":"wp","href":"https:\/\/api.w.org\/{rel}","templated":true}]}}