{"id":12812,"date":"2025-04-22T13:45:21","date_gmt":"2025-04-22T11:45:21","guid":{"rendered":"https:\/\/strangercam.com\/?page_id=12812"},"modified":"2025-04-22T13:45:21","modified_gmt":"2025-04-22T11:45:21","slug":"chatmatch","status":"publish","type":"page","link":"https:\/\/strangercam.com\/cs\/chatmatch\/","title":{"rendered":"ChatMatch"},"content":{"rendered":"<p>Jako online <a href=\"https:\/\/strangercam.com\/cs\/chathub\/\">chat<\/a> platformy se sna\u017e\u00ed vyniknout chyt\u0159ej\u0161\u00edmi funkcemi, \u010dist\u0161\u00edm designem a lep\u0161\u00edmi u\u017eivatelsk\u00fdmi zku\u0161enostmi. Jednou z platforem, kter\u00e1 si za\u010d\u00edn\u00e1 d\u011blat jm\u00e9no, je ChatMatch - webov\u00e1 slu\u017eba n\u00e1hodn\u00e9ho videochatu, kter\u00e1 se op\u00edr\u00e1 o algoritmick\u00e9 porovn\u00e1v\u00e1n\u00ed a interakci v re\u00e1ln\u00e9m \u010dase, ani\u017e by d\u011blala kompromisy v jednoduchosti.<\/p>\n<p>Je v\u0161ak ChatMatch jen dal\u0161\u00ed tv\u00e1\u0159\u00ed v davu, nebo p\u0159in\u00e1\u0161\u00ed n\u011bco nov\u00e9ho? V t\u00e9to podrobn\u00e9 recenzi rozebereme v\u0161e, co pot\u0159ebujete v\u011bd\u011bt o ChatMatch: jak funguje, pro koho je ur\u010dena, co nab\u00edz\u00ed a zda stoj\u00ed za to, abyste j\u00ed v\u011bnovali sv\u016fj \u010das v sou\u010dasn\u00e9m prost\u0159ed\u00ed n\u00e1hodn\u00fdch aplikac\u00ed pro videochat.<\/p>\n<h2>Co je ChatMatch?<\/h2>\n<p>ChatMatch je online platforma, kter\u00e1 spojuje ciz\u00ed lidi prost\u0159ednictv\u00edm videochatu, ale s t\u00edm rozd\u00edlem, \u017ee m\u00edsto toho, aby se jednalo o zcela n\u00e1hodn\u00fd rozhovor jako v p\u0159\u00edpad\u011b <a href=\"https:\/\/strangercam.com\/cs\/omegle\/\">Omegle<\/a> nebo <a href=\"https:\/\/strangercam.com\/cs\/chatroulette\/\">Chatroulette<\/a>, ChatMatch zav\u00e1d\u00ed inteligentn\u00ed funkce p\u00e1rov\u00e1n\u00ed, kter\u00e9 se sna\u017e\u00ed sp\u00e1rovat u\u017eivatele na z\u00e1klad\u011b spole\u010dn\u00fdch z\u00e1jm\u016f, polohy nebo preferenc\u00ed pohlav\u00ed.<\/p>\n<p>Slu\u017eba ChatMatch, kter\u00e1 byla spu\u0161t\u011bna na za\u010d\u00e1tku roku 2020, si pomalu z\u00edskala v\u011brnou z\u00e1kladnu u\u017eivatel\u016f, kte\u0159\u00ed hledaj\u00ed n\u011bco v\u00edce z\u00e1m\u011brn\u00e9ho ne\u017e \u010distou n\u00e1hodu. Nab\u00edz\u00ed z\u00e1\u017eitek zalo\u017een\u00fd p\u0159edev\u0161\u00edm na webov\u00e9 kame\u0159e a zam\u011b\u0159en\u00fd na lidi, kte\u0159\u00ed cht\u011bj\u00ed nav\u00e1zat skute\u010dn\u00e9 kontakty, a\u0165 u\u017e za \u00fa\u010delem p\u0159\u00e1telstv\u00ed, nez\u00e1vazn\u00e9ho flirtov\u00e1n\u00ed, nebo dokonce rand\u011bn\u00ed.<\/p>\n<p>ChatMatch sice nen\u00ed plnohodnotnou seznamovac\u00ed aplikac\u00ed, ale pohybuje se na hranici mezi okam\u017eit\u00fdm videochatem a lehk\u00fdm seznamov\u00e1n\u00edm, tak\u017ee je ide\u00e1ln\u00ed pro u\u017eivatele, kte\u0159\u00ed cht\u011bj\u00ed j\u00edt d\u00e1l ne\u017e jen k bezv\u00fdznamn\u00e9mu pov\u00edd\u00e1n\u00ed.<\/p>\n<h2>Co je c\u00edlem slu\u017eby ChatMatch?<\/h2>\n<p>Hlavn\u00edm c\u00edlem spole\u010dnosti ChatMatch je vytvo\u0159it smyslupln\u011bj\u0161\u00ed interakce ve sv\u011bt\u011b online videochatu. Na rozd\u00edl od tradi\u010dn\u00edch platforem, kde jsou u\u017eivatel\u00e9 p\u0159i\u0159azov\u00e1ni zcela n\u00e1hodn\u011b - co\u017e \u010dasto vede k neshod\u00e1m nebo kr\u00e1tk\u00fdm chat\u016fm - se ChatMatch sna\u017e\u00ed d\u00e1t v\u00e1m v\u011bt\u0161\u00ed \u0161anci naj\u00edt n\u011bkoho, s k\u00fdm m\u00e1te skute\u010dn\u011b z\u00e1jem mluvit.<\/p>\n<p>Je ur\u010den pro:<\/p>\n<ul>\n<li>Lid\u00e9, kte\u0159\u00ed cht\u011bj\u00ed rychl\u00e9 a \u017eiv\u00e9 spojen\u00ed s lidskou tv\u00e1\u0159\u00ed.<\/li>\n<li>U\u017eivatel\u00e9, kte\u0159\u00ed hledaj\u00ed \u010d\u00e1ste\u010dn\u011b upraven\u00e9 z\u00e1\u017eitky bez plnohodnotn\u00fdch seznamovac\u00edch profil\u016f.<\/li>\n<li>Jednotlivci unaven\u00ed z troll\u016f, bot\u016f nebo \u010dist\u011b dosp\u011bl\u00fdch u\u017eivatel\u016f. <a href=\"https:\/\/strangercam.com\/cs\/bazookamera\/\">cam<\/a> str\u00e1nky<\/li>\n<li>Kdokoli, kdo je otev\u0159en\u00fd neform\u00e1ln\u00edmu setk\u00e1v\u00e1n\u00ed, lehk\u00e9mu flirtov\u00e1n\u00ed nebo potenci\u00e1ln\u00edmu rand\u011bn\u00ed.<\/li>\n<\/ul>\n<h2>Kl\u00ed\u010dov\u00e9 vlastnosti<\/h2>\n<p>1. Okam\u017eit\u00e9 porovn\u00e1v\u00e1n\u00ed vide\u00ed<br \/>\nZ\u00e1kladem slu\u017eby ChatMatch je n\u00e1hodn\u00fd videochat, p\u0159i kter\u00e9m jste okam\u017eit\u011b sp\u00e1rov\u00e1ni s jin\u00fdm u\u017eivatelem. Rozhran\u00ed je elegantn\u00ed a modern\u00ed, s podporou HD videa a \u010dist\u00e9ho zvuku. Na rozd\u00edl od star\u0161\u00edch platforem nep\u016fsob\u00ed ChatMatch zastarale ani t\u011b\u017ekop\u00e1dn\u011b.<\/p>\n<p>2. Shodn\u00e9 preference<br \/>\nV tom se ChatMatch odli\u0161uje. U\u017eivatel\u00e9 si mohou vybrat preference na z\u00e1klad\u011b:<\/p>\n<ul>\n<li>Pohlav\u00ed (mu\u017e, \u017eena nebo v\u0161ichni)<\/li>\n<li>Oblast nebo jazyk<\/li>\n<li>Spole\u010dn\u00e9 z\u00e1jmy (vybran\u00e9 ze seznamu zna\u010dek nebo kategori\u00ed).<\/li>\n<\/ul>\n<p>Tyto filtry nejsou dokonal\u00e9, ale pom\u00e1haj\u00ed omezit zcela irelevantn\u00ed shody a vedou k lep\u0161\u00ed konverzaci.<\/p>\n<p>3. Podpora textov\u00e9ho chatu<br \/>\nNejste p\u0159ipraveni j\u00edt na kameru hned? \u017d\u00e1dn\u00fd probl\u00e9m. ChatMatch obsahuje vestav\u011bnou mo\u017enost textov\u00e9ho chatu, kter\u00e1 funguje soub\u011b\u017en\u011b s videem a umo\u017e\u0148uje u\u017eivatel\u016fm prolomit ledy prost\u0159ednictv\u00edm zpr\u00e1v p\u0159edt\u00edm, ne\u017e se pln\u011b zapoj\u00ed tv\u00e1\u0159\u00ed v tv\u00e1\u0159.<\/p>\n<p>4. Syst\u00e9m \u00fa\u010dt\u016f a profil\u016f (voliteln\u00fd)<br \/>\nNa rozd\u00edl od platforem jako Omegle umo\u017e\u0148uje ChatMatch voliteln\u011b vytvo\u0159it profil. M\u016f\u017eete nahr\u00e1t obr\u00e1zek, vybrat z\u00e1jmy a dokonce propojit sv\u016fj Instagram (pokud v\u00e1m to vyhovuje). Vytvo\u0159en\u00ed profilu je nepovinn\u00e9, ale jeho existence zvy\u0161uje va\u0161e \u0161ance na p\u0159i\u0159azen\u00ed k podobn\u00fdm u\u017eivatel\u016fm.<\/p>\n<p>5. Design vhodn\u00fd pro mobiln\u00ed za\u0159\u00edzen\u00ed<br \/>\nChatMatch je pln\u011b optimalizov\u00e1n pro mobiln\u00ed za\u0159\u00edzen\u00ed. Rychle se na\u010d\u00edt\u00e1, p\u0159izp\u016fsobuje se men\u0161\u00edm obrazovk\u00e1m a zachov\u00e1v\u00e1 funk\u010dnost na v\u011bt\u0161in\u011b za\u0159\u00edzen\u00ed. Zat\u00edm sice neexistuje samostatn\u00e1 aplikace, ale prost\u0159ed\u00ed mobiln\u00edho prohl\u00ed\u017ee\u010de je plynul\u00e9 a p\u0159\u00edstupn\u00e9.<\/p>\n<p>6. Moderov\u00e1n\u00ed a hl\u00e1\u0161en\u00ed u\u017eivatel\u016f<br \/>\nPlatforma m\u00e1 zabudovan\u00e9 n\u00e1stroje pro moderov\u00e1n\u00ed, v\u010detn\u011b:<\/p>\n<ul>\n<li>Tla\u010d\u00edtko pro nahl\u00e1\u0161en\u00ed nevhodn\u00e9ho chov\u00e1n\u00ed<\/li>\n<li>Blokov\u00e1 funkce<\/li>\n<li>Detekce nahoty a spamu na b\u00e1zi um\u011bl\u00e9 inteligence<\/li>\n<\/ul>\n<p>A\u010dkoli \u017e\u00e1dn\u00fd syst\u00e9m nen\u00ed dokonal\u00fd, ChatMatch odv\u00e1d\u00ed lep\u0161\u00ed pr\u00e1ci ne\u017e v\u011bt\u0161ina ostatn\u00edch, pokud jde o udr\u017eov\u00e1n\u00ed relativn\u011b \u010dist\u00e9ho a respektovan\u00e9ho prost\u0159ed\u00ed.<\/p>\n<h2>Je ChatMatch zdarma?<\/h2>\n<p>Slu\u017eba ChatMatch nab\u00edz\u00ed bezplatn\u00fd model.<\/p>\n<p>Bezplatn\u00ed u\u017eivatel\u00e9 mohou:<\/p>\n<ul>\n<li>P\u0159ipojte se k n\u00e1hodn\u00fdm videochat\u016fm<\/li>\n<li>Nastaven\u00ed z\u00e1kladn\u00edch p\u0159edvoleb p\u00e1rov\u00e1n\u00ed<\/li>\n<li>Pou\u017e\u00edvejte platformu bez \u010dasov\u00e9ho omezen\u00ed<\/li>\n<\/ul>\n<p>Placen\u00ed u\u017eivatel\u00e9 z\u00edskaj\u00ed p\u0159\u00edstup k:<\/p>\n<ul>\n<li>P\u0159esn\u011bj\u0161\u00ed vyhled\u00e1v\u00e1n\u00ed (v\u010detn\u011b pokro\u010dil\u00fdch filtr\u016f podle zem\u011b, jazyka nebo z\u00e1jm\u016f).<\/li>\n<li>Funkce boost, d\u00edky kter\u00e9 se dostanete do \u010dela fronty<\/li>\n<li>Z\u00e1\u017eitek bez reklam<\/li>\n<li>Pr\u00e9miov\u00fd odznak a zv\u00fd\u0161en\u00e1 viditelnost<\/li>\n<\/ul>\n<p>Cena pr\u00e9miov\u00e9ho tarifu je p\u0159\u00edzniv\u00e1 (obvykle pod $10 m\u011bs\u00ed\u010dn\u011b), a p\u0159esto\u017ee nen\u00ed nutn\u00fd k vyu\u017e\u00edv\u00e1n\u00ed platformy, je to dobr\u00fd upgrade pro u\u017eivatele, kte\u0159\u00ed cht\u011bj\u00ed lep\u0161\u00ed z\u00e1pasy a m\u00e9n\u011b p\u0159eru\u0161en\u00ed.<\/p>\n<h2>Kdo pou\u017e\u00edv\u00e1 ChatMatch?<\/h2>\n<p>ChatMatch p\u0159il\u00e1kal pom\u011brn\u011b vyv\u00e1\u017eenou a mezin\u00e1rodn\u00ed u\u017eivatelskou z\u00e1kladnu. Platforma je obl\u00edben\u00e1 v:<\/p>\n<ul>\n<li>Severn\u00ed Amerika<\/li>\n<li>Z\u00e1padn\u00ed Evropa<\/li>\n<li>Jihov\u00fdchodn\u00ed Asie<\/li>\n<\/ul>\n<p>Z demografick\u00e9ho hlediska:<\/p>\n<ul>\n<li>U\u017eivatel\u00e9 jsou obvykle ve v\u011bku 18 a\u017e 35 let<\/li>\n<li>Relativn\u011b vyv\u00e1\u017een\u00fd pom\u011br mu\u017e\u016f a \u017een (lep\u0161\u00ed ne\u017e u mnoha konkurent\u016f).<\/li>\n<li>Mnoho u\u017eivatel\u016f je otev\u0159eno nez\u00e1vazn\u00e9mu rand\u011bn\u00ed nebo flirtov\u00e1n\u00ed, zat\u00edmco jin\u00ed si cht\u011bj\u00ed jen popov\u00eddat.<\/li>\n<\/ul>\n<p>Tato rozmanitost je sou\u010d\u00e1st\u00ed p\u0159ita\u017elivosti ChatMatch - str\u00e1nka dok\u00e1\u017ee b\u00fdt neform\u00e1ln\u00ed, ani\u017e by p\u016fsobila lacin\u011b, a spole\u010densk\u00e1, ani\u017e by byla p\u0159ehnan\u011b v\u00e1\u017en\u00e1.<\/p>\n<h2>Bezpe\u010dnost a st\u0159\u00eddmost<\/h2>\n<p>Online chatovac\u00ed platformy jsou v\u017edycky sm\u00ed\u0161en\u00e9, pokud jde o bezpe\u010dnost, ale ChatMatch ji zvl\u00e1d\u00e1 l\u00e9pe ne\u017e mnoh\u00e9 jin\u00e9.<\/p>\n<p>Tady je to, co d\u011bl\u00e1 dob\u0159e:<\/p>\n<ul>\n<li>Automatick\u00e9 filtrov\u00e1n\u00ed obsahu pro detekci nahoty nebo ur\u00e1\u017eliv\u00e9ho obsahu.<\/li>\n<li>N\u00e1stroje pro hl\u00e1\u0161en\u00ed a blokov\u00e1n\u00ed u\u017eivatel\u016f, kter\u00e9 skute\u010dn\u011b funguj\u00ed<\/li>\n<li>Aktivn\u00ed moder\u00e1torsk\u00fd t\u00fdm, kter\u00fd p\u0159ezkoum\u00e1v\u00e1 ozna\u010den\u00e9 u\u017eivatele<\/li>\n<li>Nen\u00ed t\u0159eba sd\u00edlet osobn\u00ed \u00fadaje ani propojovat soci\u00e1ln\u00ed \u00fa\u010dty, pokud se tak nerozhodnete.<\/li>\n<\/ul>\n<p>Stejn\u011b jako u ka\u017ed\u00e9 chatovac\u00ed platformy by v\u0161ak u\u017eivatel\u00e9 m\u011bli dodr\u017eovat standardn\u00ed bezpe\u010dnostn\u00ed opat\u0159en\u00ed:<\/p>\n<ul>\n<li>Nesd\u00edlejte soukrom\u00e9 \u00fadaje (e-mail, telefonn\u00ed \u010d\u00edslo, m\u00edsto).<\/li>\n<li>Neklikejte na podez\u0159el\u00e9 odkazy<\/li>\n<li>Hojn\u011b vyu\u017e\u00edvejte funkce blokov\u00e1n\u00ed a hl\u00e1\u0161en\u00ed<\/li>\n<li>Pokud jste nezletil\u00ed, platform\u011b se vyhn\u011bte - je ur\u010dena v\u00fdhradn\u011b pro osoby star\u0161\u00ed 18 let.<\/li>\n<\/ul>\n<h2>U\u017eivatelsk\u00e9 prost\u0159ed\u00ed a rozhran\u00ed<\/h2>\n<p>Jednou z nejlep\u0161\u00edch vlastnost\u00ed aplikace ChatMatch je jej\u00ed design. Je elegantn\u00ed, modern\u00ed a p\u0159ehledn\u00fd. Videokan\u00e1ly jsou velk\u00e9, tla\u010d\u00edtka intuitivn\u00ed a nastaven\u00ed snadno najdete. A\u0165 u\u017e ji pou\u017e\u00edv\u00e1te na po\u010d\u00edta\u010di, nebo na mobilu, rozvr\u017een\u00ed se dob\u0159e p\u0159izp\u016fsobuje a klade d\u016fraz na to, aby v\u00e1s nic nerozptylovalo.<\/p>\n<p>Doba na\u010d\u00edt\u00e1n\u00ed je rychl\u00e1, zpo\u017ed\u011bn\u00ed je mal\u00e9 i p\u0159i pomalej\u0161\u00edm p\u0159ipojen\u00ed a celkov\u011b se platforma zd\u00e1 b\u00fdt stabiln\u00ed a profesion\u00e1ln\u011b vytvo\u0159en\u00e1. Nezahlcuje v\u00e1s vyskakovac\u00edmi okny, ozn\u00e1men\u00edmi ani nevy\u017e\u00e1dan\u00fdmi reklamami - to je osv\u011b\u017euj\u00edc\u00ed zm\u011bna oproti mnoha jin\u00fdm bezplatn\u00fdm chatovac\u00edm platform\u00e1m.<\/p>\n<h2>ChatMatch vs. jin\u00e9 chatovac\u00ed platformy<\/h2>\n<p>Pod\u00edvejme se, jak si ChatMatch stoj\u00ed v porovn\u00e1n\u00ed s n\u011bkter\u00fdmi obl\u00edben\u00fdmi konkurenty:<\/p>\n<table>\n<thead>\n<tr>\n<th>Funkce<\/th>\n<th>ChatMatch<\/th>\n<th>Omegle<\/th>\n<th>Chatroulette<\/th>\n<th>Chatspin<\/th>\n<th>Emerald Chat<\/th>\n<\/tr>\n<\/thead>\n<tbody>\n<tr>\n<td>Videochat<\/td>\n<td>Ano<\/td>\n<td>Ano<\/td>\n<td>Ano<\/td>\n<td>Ano<\/td>\n<td>Ano<\/td>\n<\/tr>\n<tr>\n<td>Odpov\u00eddaj\u00edc\u00ed preference<\/td>\n<td>Ano<\/td>\n<td>Omezen\u00e9<\/td>\n<td>Ne<\/td>\n<td>Ano<\/td>\n<td>Ano<\/td>\n<\/tr>\n<tr>\n<td>Mo\u017enost textov\u00e9ho chatu<\/td>\n<td>Ano<\/td>\n<td>Ano<\/td>\n<td>Ne<\/td>\n<td>Ano<\/td>\n<td>Ano<\/td>\n<\/tr>\n<tr>\n<td>Nutn\u00e1 registrace<\/td>\n<td>Voliteln\u011b<\/td>\n<td>Ne<\/td>\n<td>Ne<\/td>\n<td>Voliteln\u011b<\/td>\n<td>Ano<\/td>\n<\/tr>\n<tr>\n<td>Optimalizov\u00e1no pro mobiln\u00ed za\u0159\u00edzen\u00ed<\/td>\n<td>Ano<\/td>\n<td>Dobr\u00fd<\/td>\n<td>Spravedliv\u00e9<\/td>\n<td>Vynikaj\u00edc\u00ed<\/td>\n<td>Dobr\u00fd<\/td>\n<\/tr>\n<tr>\n<td>Moderov\u00e1n\u00ed<\/td>\n<td>Dobr\u00fd<\/td>\n<td>Slab\u00e9<\/td>\n<td>Minim\u00e1ln\u00ed<\/td>\n<td>M\u00edrn\u00e1<\/td>\n<td>Dobr\u00fd<\/td>\n<\/tr>\n<tr>\n<td>Placen\u00e9 funkce<\/td>\n<td>Voliteln\u011b<\/td>\n<td>Ne<\/td>\n<td>Ne<\/td>\n<td>Ano<\/td>\n<td>Ano<\/td>\n<\/tr>\n<\/tbody>\n<\/table>\n<p>Jak ukazuje tabulka, ChatMatch vyva\u017euje jednoduchost platformy Omegle a sofistikovanost platforem jako Emerald Chat a nab\u00edz\u00ed hybridn\u00ed prost\u0159ed\u00ed, kter\u00e9 v\u00e1m poskytne to nejlep\u0161\u00ed z obou sv\u011bt\u016f.<\/p>\n<h2>V\u00fdhody a nev\u00fdhody<\/h2>\n<p>Klady<\/p>\n<ul>\n<li>\u010cist\u00e9 a modern\u00ed rozhran\u00ed<\/li>\n<li>Shodn\u00e9 filtry zlep\u0161uj\u00ed kvalitu konverzace<\/li>\n<li>Voliteln\u00e9 profily bez nutnosti registrace<\/li>\n<li>Bezpe\u010dn\u011bj\u0161\u00ed prost\u0159ed\u00ed ne\u017e v\u011bt\u0161ina bezplatn\u00fdch platforem pro videochat<\/li>\n<li>K dispozici jsou mo\u017enosti textov\u00e9ho a video chatu<\/li>\n<li>Funguje dob\u0159e na mobiln\u00edm i stoln\u00edm po\u010d\u00edta\u010di<\/li>\n<li>Freemium model s hodnotn\u00fdmi pr\u00e9miov\u00fdmi upgrady<\/li>\n<\/ul>\n<p>Nev\u00fdhody<\/p>\n<ul>\n<li>St\u00e1le podl\u00e9h\u00e1 ob\u010dasn\u00e9mu nevhodn\u00e9mu obsahu<\/li>\n<li>Genderov\u00e9 filtry a porovn\u00e1v\u00e1n\u00ed z\u00e1jm\u016f nejsou dokonal\u00e9<\/li>\n<li>Samostatn\u00e1 mobiln\u00ed aplikace zat\u00edm neexistuje<\/li>\n<li>Men\u0161\u00ed u\u017eivatelsk\u00e1 z\u00e1kladna ne\u017e Omegle nebo Chatroulette<\/li>\n<li>Nen\u00ed ide\u00e1ln\u00ed pro dlouhodob\u00e9 datov\u00e1n\u00ed nebo budov\u00e1n\u00ed vztahu<\/li>\n<\/ul>\n<h2>Ide\u00e1ln\u00ed p\u0159\u00edpady pou\u017eit\u00ed<\/h2>\n<p>ChatMatch je ide\u00e1ln\u00ed pro:<\/p>\n<ul>\n<li>Lid\u00e9, kte\u0159\u00ed cht\u011bj\u00ed p\u0159\u00edle\u017eitostn\u00e9 soci\u00e1ln\u00ed videochaty s lep\u0161\u00edm p\u0159izp\u016fsoben\u00edm ne\u017e naprostou n\u00e1hodou.<\/li>\n<li>U\u017eivatel\u00e9 hledaj\u00edc\u00ed lehk\u00fd flirt nebo z\u00e1bavnou konverzaci<\/li>\n<li>Ti, kte\u0159\u00ed hledaj\u00ed bezpe\u010dn\u011bj\u0161\u00ed a ohledupln\u011bj\u0161\u00ed alternativu k ostatn\u00edm platform\u00e1m pro videochat.<\/li>\n<li>Kdokoli, kdo chce chatovat bez vytvo\u0159en\u00ed cel\u00e9ho profilu nebo sta\u017een\u00ed aplikace.<\/li>\n<\/ul>\n<p>Nen\u00ed ide\u00e1ln\u00ed pro:<\/p>\n<ul>\n<li>U\u017eivatel\u00e9, kte\u0159\u00ed o\u010dek\u00e1vaj\u00ed hlubok\u00e9 vztahy nebo kompatibilitu na \u00farovni seznamovac\u00edch aplikac\u00ed.<\/li>\n<li>Lid\u00e9, kte\u0159\u00ed d\u00e1vaj\u00ed p\u0159ednost anonymn\u00edm textov\u00fdm chat\u016fm<\/li>\n<li>Ti, kte\u0159\u00ed hledaj\u00ed masivn\u00ed u\u017eivatelsk\u00e9 objemy jako u Omegle<\/li>\n<\/ul>\n<h2>Z\u00e1v\u011bre\u010dn\u00fd verdikt<\/h2>\n<p>ChatMatch je jednou z nejvyv\u00e1\u017een\u011bj\u0161\u00edch a nejpromy\u0161len\u011bj\u0161\u00edch platforem pro videochat. Dob\u0159e kombinuje spont\u00e1nnost se smyslem pro strukturu. A\u0165 u\u017e jste tam proto, abyste <a href=\"https:\/\/strangercam.com\/cs\/coomeet\/\">Seznamte se s<\/a> nov\u00e9 lidi, flirtovat nebo si jen pov\u00eddat s n\u011bk\u00fdm mimo v\u00e1\u0161 obvykl\u00fd okruh, nab\u00edz\u00ed hladk\u00fd, bezpe\u010dn\u00fd a p\u0159\u00edjemn\u00fd z\u00e1\u017eitek.<\/p>\n<p>D\u00edky mo\u017enosti pou\u017e\u00edvat platformu zdarma a u\u017eite\u010dn\u00fdm (ale voliteln\u00fdm) aktualizac\u00edm je p\u0159\u00edstupn\u00e1 v\u0161em typ\u016fm u\u017eivatel\u016f. Nesna\u017e\u00ed se b\u00fdt seznamkou ani aplikac\u00ed pro soci\u00e1ln\u00ed s\u00edt\u011b - a tato jasnost \u00fa\u010delu hraje v jej\u00ed prosp\u011bch.<\/p>\n<h2>Stoj\u00ed ChatMatch za vyzkou\u0161en\u00ed?<\/h2>\n<p>Rozhodn\u011b. Pokud v\u00e1s frustruje chaotick\u00fd a nemoderovan\u00fd charakter star\u0161\u00edch chatovac\u00edch platforem, ChatMatch nab\u00edz\u00ed lep\u0161\u00ed alternativu. Je modern\u00ed, dob\u0159e postaven\u00e1 a d\u00e1v\u00e1 v\u00e1m trochu v\u011bt\u0161\u00ed kontrolu nad t\u00edm, s k\u00fdm chatujete - ani\u017e by to zni\u010dilo spont\u00e1nnost.<\/p>\n<p>Pokud hled\u00e1te chyt\u0159ej\u0161\u00ed zp\u016fsob, jak chatovat s ciz\u00edmi lidmi online, ChatMatch si zaslou\u017e\u00ed m\u00edsto ve va\u0161em hled\u00e1\u010dku.<\/p>","protected":false},"excerpt":{"rendered":"<p>As the online chat space becomes more crowded, platforms are racing to stand out with smarter features, cleaner designs, and better user experiences. One platform that\u2019s starting to make a name for itself is ChatMatch \u2014 a web-based random video chat service that leans into algorithmic matching and real-time interaction without compromising on simplicity. But [&hellip;]<\/p>\n","protected":false},"author":6,"featured_media":0,"parent":0,"menu_order":0,"comment_status":"closed","ping_status":"closed","template":"","meta":{"footnotes":""},"class_list":["post-12812","page","type-page","status-publish","hentry"],"yoast_head":"<!-- This site is optimized with the Yoast SEO plugin v26.9 - https:\/\/yoast.com\/product\/yoast-seo-wordpress\/ -->\n<title>ChatMatch - Live video chat with girls on StrangerCam.com<\/title>\n<meta name=\"description\" content=\"Like ChatMatch? Come chat with more than 5.000.000 strangers on Stranger Cam for Free! Turn on your cam and find new friends &amp; maby a match!\" \/>\n<meta name=\"robots\" content=\"index, follow, max-snippet:-1, max-image-preview:large, max-video-preview:-1\" \/>\n<link rel=\"canonical\" href=\"https:\/\/strangercam.com\/cs\/chatmatch\/\" \/>\n<meta property=\"og:locale\" content=\"cs_CZ\" \/>\n<meta property=\"og:type\" content=\"article\" \/>\n<meta property=\"og:title\" content=\"ChatMatch - Live video chat with girls on StrangerCam.com\" \/>\n<meta property=\"og:description\" content=\"Like ChatMatch? Come chat with more than 5.000.000 strangers on Stranger Cam for Free! Turn on your cam and find new friends &amp; maby a match!\" \/>\n<meta property=\"og:url\" content=\"https:\/\/strangercam.com\/cs\/chatmatch\/\" \/>\n<meta property=\"og:site_name\" content=\"Strangercam\" \/>\n<meta property=\"article:publisher\" content=\"https:\/\/www.facebook.com\/strangercam\" \/>\n<meta property=\"og:image\" content=\"https:\/\/strangercam.com\/wp-content\/uploads\/2021\/10\/Untitled-2.png\" \/>\n\t<meta property=\"og:image:width\" content=\"800\" \/>\n\t<meta property=\"og:image:height\" content=\"532\" \/>\n\t<meta property=\"og:image:type\" content=\"image\/png\" \/>\n<meta name=\"twitter:card\" content=\"summary_large_image\" \/>\n<meta name=\"twitter:site\" content=\"@strangercamapp\" \/>\n<meta name=\"twitter:label1\" content=\"Odhadovan\u00e1 doba \u010dten\u00ed\" \/>\n\t<meta name=\"twitter:data1\" content=\"7 minut\" \/>\n<script type=\"application\/ld+json\" class=\"yoast-schema-graph\">{\"@context\":\"https:\/\/schema.org\",\"@graph\":[{\"@type\":\"WebPage\",\"@id\":\"https:\/\/strangercam.com\/chatmatch\/\",\"url\":\"https:\/\/strangercam.com\/chatmatch\/\",\"name\":\"ChatMatch - Live video chat with girls on StrangerCam.com\",\"isPartOf\":{\"@id\":\"https:\/\/strangercam.com\/#website\"},\"datePublished\":\"2025-04-22T11:45:21+00:00\",\"description\":\"Like ChatMatch? Come chat with more than 5.000.000 strangers on Stranger Cam for Free! Turn on your cam and find new friends & maby a match!\",\"breadcrumb\":{\"@id\":\"https:\/\/strangercam.com\/chatmatch\/#breadcrumb\"},\"inLanguage\":\"cs\",\"potentialAction\":[{\"@type\":\"ReadAction\",\"target\":[\"https:\/\/strangercam.com\/chatmatch\/\"]}]},{\"@type\":\"BreadcrumbList\",\"@id\":\"https:\/\/strangercam.com\/chatmatch\/#breadcrumb\",\"itemListElement\":[{\"@type\":\"ListItem\",\"position\":1,\"name\":\"Home\",\"item\":\"https:\/\/strangercam.com\/\"},{\"@type\":\"ListItem\",\"position\":2,\"name\":\"ChatMatch\"}]},{\"@type\":\"WebSite\",\"@id\":\"https:\/\/strangercam.com\/#website\",\"url\":\"https:\/\/strangercam.com\/\",\"name\":\"Strangercam\",\"description\":\"Random Video Chat with Strangers\",\"publisher\":{\"@id\":\"https:\/\/strangercam.com\/#organization\"},\"alternateName\":\"Strangercam.com\",\"potentialAction\":[{\"@type\":\"SearchAction\",\"target\":{\"@type\":\"EntryPoint\",\"urlTemplate\":\"https:\/\/strangercam.com\/?s={search_term_string}\"},\"query-input\":{\"@type\":\"PropertyValueSpecification\",\"valueRequired\":true,\"valueName\":\"search_term_string\"}}],\"inLanguage\":\"cs\"},{\"@type\":\"Organization\",\"@id\":\"https:\/\/strangercam.com\/#organization\",\"name\":\"Strangercam\",\"alternateName\":\"Strangercam.com\",\"url\":\"https:\/\/strangercam.com\/\",\"logo\":{\"@type\":\"ImageObject\",\"inLanguage\":\"cs\",\"@id\":\"https:\/\/strangercam.com\/#\/schema\/logo\/image\/\",\"url\":\"https:\/\/strangercam.com\/wp-content\/uploads\/2020\/11\/cropped-new-favicon-black.png\",\"contentUrl\":\"https:\/\/strangercam.com\/wp-content\/uploads\/2020\/11\/cropped-new-favicon-black.png\",\"width\":512,\"height\":512,\"caption\":\"Strangercam\"},\"image\":{\"@id\":\"https:\/\/strangercam.com\/#\/schema\/logo\/image\/\"},\"sameAs\":[\"https:\/\/www.facebook.com\/strangercam\",\"https:\/\/x.com\/strangercamapp\"]}]}<\/script>\n<!-- \/ Yoast SEO plugin. -->","yoast_head_json":{"title":"ChatMatch - \u017div\u00fd videochat s d\u00edvkami na StrangerCam.com","description":"L\u00edb\u00ed se v\u00e1m slu\u017eba ChatMatch? Poj\u010fte chatovat s v\u00edce ne\u017e 5.000.000 cizinci na Stranger Cam zdarma! Zapn\u011bte kameru a najd\u011bte nov\u00e9 p\u0159\u00e1tele &amp; maby z\u00e1pas!","robots":{"index":"index","follow":"follow","max-snippet":"max-snippet:-1","max-image-preview":"max-image-preview:large","max-video-preview":"max-video-preview:-1"},"canonical":"https:\/\/strangercam.com\/cs\/chatmatch\/","og_locale":"cs_CZ","og_type":"article","og_title":"ChatMatch - Live video chat with girls on StrangerCam.com","og_description":"Like ChatMatch? Come chat with more than 5.000.000 strangers on Stranger Cam for Free! Turn on your cam and find new friends & maby a match!","og_url":"https:\/\/strangercam.com\/cs\/chatmatch\/","og_site_name":"Strangercam","article_publisher":"https:\/\/www.facebook.com\/strangercam","og_image":[{"width":800,"height":532,"url":"https:\/\/strangercam.com\/wp-content\/uploads\/2021\/10\/Untitled-2.png","type":"image\/png"}],"twitter_card":"summary_large_image","twitter_site":"@strangercamapp","twitter_misc":{"Odhadovan\u00e1 doba \u010dten\u00ed":"7 minut"},"schema":{"@context":"https:\/\/schema.org","@graph":[{"@type":"WebPage","@id":"https:\/\/strangercam.com\/chatmatch\/","url":"https:\/\/strangercam.com\/chatmatch\/","name":"ChatMatch - \u017div\u00fd videochat s d\u00edvkami na StrangerCam.com","isPartOf":{"@id":"https:\/\/strangercam.com\/#website"},"datePublished":"2025-04-22T11:45:21+00:00","description":"L\u00edb\u00ed se v\u00e1m slu\u017eba ChatMatch? Poj\u010fte chatovat s v\u00edce ne\u017e 5.000.000 cizinci na Stranger Cam zdarma! Zapn\u011bte kameru a najd\u011bte nov\u00e9 p\u0159\u00e1tele &amp; maby z\u00e1pas!","breadcrumb":{"@id":"https:\/\/strangercam.com\/chatmatch\/#breadcrumb"},"inLanguage":"cs","potentialAction":[{"@type":"ReadAction","target":["https:\/\/strangercam.com\/chatmatch\/"]}]},{"@type":"BreadcrumbList","@id":"https:\/\/strangercam.com\/chatmatch\/#breadcrumb","itemListElement":[{"@type":"ListItem","position":1,"name":"Home","item":"https:\/\/strangercam.com\/"},{"@type":"ListItem","position":2,"name":"ChatMatch"}]},{"@type":"WebSite","@id":"https:\/\/strangercam.com\/#website","url":"https:\/\/strangercam.com\/","name":"Strangercam","description":"N\u00e1hodn\u00fd videochat s ciz\u00edmi lidmi","publisher":{"@id":"https:\/\/strangercam.com\/#organization"},"alternateName":"Strangercam.com","potentialAction":[{"@type":"SearchAction","target":{"@type":"EntryPoint","urlTemplate":"https:\/\/strangercam.com\/?s={search_term_string}"},"query-input":{"@type":"PropertyValueSpecification","valueRequired":true,"valueName":"search_term_string"}}],"inLanguage":"cs"},{"@type":"Organization","@id":"https:\/\/strangercam.com\/#organization","name":"Strangercam","alternateName":"Strangercam.com","url":"https:\/\/strangercam.com\/","logo":{"@type":"ImageObject","inLanguage":"cs","@id":"https:\/\/strangercam.com\/#\/schema\/logo\/image\/","url":"https:\/\/strangercam.com\/wp-content\/uploads\/2020\/11\/cropped-new-favicon-black.png","contentUrl":"https:\/\/strangercam.com\/wp-content\/uploads\/2020\/11\/cropped-new-favicon-black.png","width":512,"height":512,"caption":"Strangercam"},"image":{"@id":"https:\/\/strangercam.com\/#\/schema\/logo\/image\/"},"sameAs":["https:\/\/www.facebook.com\/strangercam","https:\/\/x.com\/strangercamapp"]}]}},"_links":{"self":[{"href":"https:\/\/strangercam.com\/cs\/wp-json\/wp\/v2\/pages\/12812","targetHints":{"allow":["GET"]}}],"collection":[{"href":"https:\/\/strangercam.com\/cs\/wp-json\/wp\/v2\/pages"}],"about":[{"href":"https:\/\/strangercam.com\/cs\/wp-json\/wp\/v2\/types\/page"}],"author":[{"embeddable":true,"href":"https:\/\/strangercam.com\/cs\/wp-json\/wp\/v2\/users\/6"}],"replies":[{"embeddable":true,"href":"https:\/\/strangercam.com\/cs\/wp-json\/wp\/v2\/comments?post=12812"}],"version-history":[{"count":2,"href":"https:\/\/strangercam.com\/cs\/wp-json\/wp\/v2\/pages\/12812\/revisions"}],"predecessor-version":[{"id":12814,"href":"https:\/\/strangercam.com\/cs\/wp-json\/wp\/v2\/pages\/12812\/revisions\/12814"}],"wp:attachment":[{"href":"https:\/\/strangercam.com\/cs\/wp-json\/wp\/v2\/media?parent=12812"}],"curies":[{"name":"wp","href":"https:\/\/api.w.org\/{rel}","templated":true}]}}