{"id":12708,"date":"2025-02-07T13:30:21","date_gmt":"2025-02-07T11:30:21","guid":{"rendered":"https:\/\/strangercam.com\/?page_id=12708"},"modified":"2025-02-07T13:30:59","modified_gmt":"2025-02-07T11:30:59","slug":"tochato","status":"publish","type":"page","link":"https:\/\/strangercam.com\/cs\/tochato\/","title":{"rendered":"Tochato"},"content":{"rendered":"<p>V neust\u00e1le se vyv\u00edjej\u00edc\u00edm prost\u0159ed\u00ed online komunikace se Tochato stalo v\u00fdjime\u010dnou destinac\u00ed pro ty, kte\u0159\u00ed hledaj\u00ed spont\u00e1nn\u00ed textov\u00e1 spojen\u00ed. Tochato se zam\u011b\u0159uje na anonymitu a u\u017eivatelskou p\u0159\u00edv\u011btivost a nab\u00edz\u00ed prost\u0159ed\u00ed, kde m\u016f\u017eete nav\u00e1zat konverzaci s \u00fapln\u011b ciz\u00edmi lidmi a p\u0159\u00edpadn\u011b odej\u00edt s nov\u00fdm p\u0159\u00edtelem nebo dv\u011bma. Pokud pat\u0159\u00edte k t\u011bm, kte\u0159\u00ed d\u00e1vaj\u00ed p\u0159ednost jednoduchosti textov\u00fdch chat\u016f p\u0159ed videohovory, m\u016f\u017ee b\u00fdt Tochato ide\u00e1ln\u00edm digit\u00e1ln\u00edm m\u00edstem pro setk\u00e1v\u00e1n\u00ed.<\/p>\n<h2>Co je to Tochato?<\/h2>\n<p>J\u00e1drem Tochato je n\u00e1hodn\u00fd <a href=\"https:\/\/strangercam.com\/cs\/chathub\/\">chat<\/a> platforma, kter\u00e1 spojuje u\u017eivatele pro textov\u00e9 konverzace v re\u00e1ln\u00e9m \u010dase. Na rozd\u00edl od mnoha modern\u00edch chatovac\u00edch str\u00e1nek, kter\u00e9 up\u0159ednost\u0148uj\u00ed video interakce, se Tochato vrac\u00ed k z\u00e1kladn\u00edmu p\u0159\u00edstupu a zd\u016fraz\u0148uje textov\u00e9 chaty, aby vytvo\u0159ila pohodln\u011bj\u0161\u00ed a nen\u00e1ro\u010dn\u00e9 prost\u0159ed\u00ed.<\/p>\n<ul>\n<li>Anonymn\u00ed p\u0159ipojen\u00ed: \u017d\u00e1dn\u00fd po\u017eadavek na video znamen\u00e1, \u017ee m\u016f\u017eete chatovat svobodn\u011bji bez obvykl\u00fdch vizu\u00e1ln\u00edch o\u010dek\u00e1v\u00e1n\u00ed.<\/li>\n<li>Okam\u017eit\u00e9 p\u00e1rov\u00e1n\u00ed: P\u0159ipojte se k n\u00e1hodn\u00e9mu u\u017eivateli na n\u011bkolik kliknut\u00ed.<\/li>\n<li>U\u017eivatelsky p\u0159\u00edv\u011btiv\u00fd design: Rozhran\u00ed je jednoduch\u00e9 a p\u0159ehledn\u00e9, tak\u017ee se v n\u011bm snadno orientuj\u00ed i za\u010d\u00e1te\u010dn\u00edci.<\/li>\n<\/ul>\n<p>Tochato klade velk\u00fd d\u016fraz na spont\u00e1nnost. Ka\u017ed\u00e9 chatovac\u00ed sezen\u00ed za\u010d\u00edn\u00e1 bez jak\u00fdchkoli p\u0159edsudk\u016f - nikdy nev\u00edte, s k\u00fdm se setk\u00e1te. <a href=\"https:\/\/strangercam.com\/cs\/coomeet\/\">Seznamte se s<\/a> nebo jak\u00e9 p\u0159\u00edb\u011bhy budete sd\u00edlet. Tato nep\u0159edv\u00eddatelnost je j\u00e1drem p\u0159ita\u017elivosti Tochata, kter\u00e9 nab\u00edz\u00ed vzru\u0161en\u00ed ze setk\u00e1n\u00ed s n\u011bk\u00fdm nov\u00fdm bez zdlouhav\u00fdch registra\u010dn\u00edch proces\u016f nebo slo\u017eit\u00e9ho nastavov\u00e1n\u00ed.<\/p>\n<h2>Je Tochato k pou\u017eit\u00ed zdarma?<\/h2>\n<p>Jedn\u00edm z nejv\u011bt\u0161\u00edch l\u00e1kadel Tochata je jeho dostupnost. Platforma je zdarma a m\u016f\u017ee ji pou\u017e\u00edvat kdokoli. Obvykle se neplat\u00ed \u017e\u00e1dn\u00e9 p\u0159edplatn\u00e9 ani pr\u00e9miov\u00fd pl\u00e1n; sta\u010d\u00ed otev\u0159\u00edt webovou str\u00e1nku a za\u010d\u00edt chatovat. Zat\u00edmco n\u011bkter\u00e9 platformy pro n\u00e1hodn\u00fd chat zamykaj\u00ed pokro\u010dil\u00e9 funkce za placenou ze\u010f, Tochato zachov\u00e1v\u00e1 p\u0159\u00edstup bez n\u00e1klad\u016f a umo\u017e\u0148uje ka\u017ed\u00e9mu u\u017eivateli:<\/p>\n<ul>\n<li>Okam\u017eit\u011b se spojte s n\u00e1hodn\u00fdmi cizinci<\/li>\n<li>Zapojte se do neomezen\u00e9ho po\u010dtu textov\u00fdch konverzac\u00ed<\/li>\n<li>Prozkoumejte r\u016fzn\u00e9 mo\u017enosti chatovac\u00edch m\u00edstnost\u00ed (pokud jsou k dispozici).<\/li>\n<\/ul>\n<p>Vzhledem k tomu, \u017ee Tochato vyu\u017e\u00edv\u00e1 p\u0159edev\u0161\u00edm textovou komunikaci, v\u011bt\u0161ina funkc\u00ed nevy\u017eaduje velkou \u0161\u00ed\u0159ku p\u00e1sma ani specializovan\u00fd hardware - dal\u0161\u00ed v\u00fdhoda, d\u00edky n\u00ed\u017e je v\u0161e n\u00e1kladov\u011b efektivn\u00ed a bezprobl\u00e9mov\u00e9.<\/p>\n<h2>Jak pou\u017e\u00edvat Tochato<\/h2>\n<p>Jedn\u00edm z d\u016fvod\u016f, pro\u010d si spole\u010dnost Tochato z\u00edskala oblibu, je jej\u00ed snadn\u00e9 nastaven\u00ed. Zde je stru\u010dn\u00fd n\u00e1vod, jak za\u010d\u00edt:<\/p>\n<ol>\n<li>Nav\u0161tivte webov\u00e9 str\u00e1nky<br \/>\nSta\u010d\u00ed p\u0159ej\u00edt na domovskou str\u00e1nku Tochato. Obvykle se hned zobraz\u00ed mo\u017enost \"Zah\u00e1jit chat\" nebo \"P\u0159ipojit se\".<\/li>\n<li>Vstup do chatu<br \/>\nKliknut\u00edm na tla\u010d\u00edtko zah\u00e1j\u00edte n\u00e1hodn\u00fd textov\u00fd chat. Syst\u00e9m v\u00e1s okam\u017eit\u011b spoj\u00ed s jin\u00fdm u\u017eivatelem.<\/li>\n<li>Z\u016fsta\u0148te anonymn\u00ed nebo si nastavte p\u0159ezd\u00edvku<br \/>\nMnoz\u00ed u\u017eivatel\u00e9 si libuj\u00ed v anonymit\u011b, kterou p\u0159in\u00e1\u0161\u00ed nepou\u017e\u00edv\u00e1n\u00ed \u017e\u00e1dn\u00e9ho jm\u00e9na, n\u011bkter\u00e9 platformy v\u0161ak umo\u017e\u0148uj\u00ed nastavit p\u0159ezd\u00edvku. Z\u00e1le\u017e\u00ed jen na v\u00e1s.<\/li>\n<li>Za\u010dn\u011bte konverzovat<br \/>\nPo p\u0159ipojen\u00ed po\u0161lete p\u0159\u00e1telsk\u00fd pozdrav. Pokud se konverzace nehod\u00ed, m\u016f\u017eete obvykle kliknout na tla\u010d\u00edtko \"Dal\u0161\u00ed\" a p\u0159ej\u00edt k jin\u00e9mu n\u00e1hodn\u00e9mu partnerovi v chatu.<\/li>\n<li>Dbejte na pokyny Spole\u010denstv\u00ed<br \/>\nAby byl chat pro v\u0161echny p\u0159\u00edjemn\u00fd, Tochato \u010dasto stanovuje z\u00e1kladn\u00ed pravidla - nap\u0159\u00edklad z\u00e1kaz spamov\u00e1n\u00ed nebo ur\u00e1\u017eek. Ujist\u011bte se, \u017ee tato pravidla dodr\u017eujete, abyste zachovali pozitivn\u00ed z\u00e1\u017eitek pro sebe i ostatn\u00ed.<\/li>\n<\/ol>\n<h2>K \u010demu je Tochato nejlep\u0161\u00ed?<\/h2>\n<p>Tochato je skv\u011blou platformou pro spont\u00e1nn\u00ed textov\u00e9 konverzace, na kter\u00e9 nen\u00ed t\u0159eba vyv\u00edjet n\u00e1tlak. V tomto ohledu opravdu vynik\u00e1:<\/p>\n<ul>\n<li>Anonymita a pohodl\u00ed: Bez p\u0159idan\u00e9 vrstvy videa je snaz\u0161\u00ed z\u016fstat v anonymit\u011b, co\u017e lidem umo\u017e\u0148uje otev\u0159\u00edt se nebo se svobodn\u011bji vyj\u00e1d\u0159it.<\/li>\n<li>Bezprost\u0159edn\u00ed p\u0159ipojen\u00ed: Proto\u017ee m\u016f\u017eete okam\u017eit\u011b p\u0159ej\u00edt k dal\u0161\u00edmu chatu, nemus\u00edte dlouho \u010dekat, ne\u017e se n\u011bkdo p\u0159ipoj\u00ed k va\u0161\u00ed m\u00edstnosti.<\/li>\n<li>Nen\u00e1ro\u010dn\u00e9 a jednoduch\u00e9 rozhran\u00ed: Pro v\u0161echny, kte\u0159\u00ed cht\u011bj\u00ed rychle komunikovat s ostatn\u00edmi, ani\u017e by se museli obt\u011b\u017eovat s komplikacemi. <a href=\"https:\/\/strangercam.com\/cs\/rabbit-video-chat\/\">videochat<\/a>.<\/li>\n<li>Procvi\u010dov\u00e1n\u00ed jazykov\u00fdch dovednost\u00ed: Textov\u00e9 platformy jsou vynikaj\u00edc\u00ed pro procvi\u010dov\u00e1n\u00ed nov\u00e9ho jazyka v konverzaci v re\u00e1ln\u00e9m \u010dase s r\u016fzn\u00fdmi mluv\u010d\u00edmi z cel\u00e9ho sv\u011bta.<\/li>\n<\/ul>\n<p>Pokud pat\u0159\u00edte k t\u011bm, kte\u0159\u00ed d\u00e1vaj\u00ed p\u0159ednost klidn\u011bj\u0161\u00edmu prost\u0159ed\u00ed, kde vzhled a poloha nejsou v centru pozornosti, je pravd\u011bpodobn\u00e9, \u017ee p\u0159\u00edstup Tochato zalo\u017een\u00fd pouze na textu v\u00e1m nab\u00eddne p\u0159esn\u011b to, co pot\u0159ebujete.<\/p>\n<h2>Kl\u00ed\u010dov\u00e9 vlastnosti produktu Tochato<\/h2>\n<p>P\u0159esto\u017ee je Tochato zn\u00e1m\u00e9 svou jednoduchost\u00ed, je vybaveno funkcemi, kter\u00e9 maj\u00ed zlep\u0161it u\u017eivatelsk\u00fd komfort:<\/p>\n<ul>\n<li>N\u00e1hodn\u00e9 p\u00e1rov\u00e1n\u00ed: Z\u00edskejte okam\u017eit\u011b lidi z r\u016fzn\u00fdch \u010d\u00e1st\u00ed sv\u011bta.<\/li>\n<li>Mo\u017enost \"Dal\u0161\u00ed\" U\u017eivatel\u00e9: Pokud se konverzace nevyv\u00edj\u00ed dob\u0159e, m\u016f\u017eete rychle p\u0159ej\u00edt k jin\u00e9mu u\u017eivateli.<\/li>\n<li>Minim\u00e1ln\u00ed nastaven\u00ed: Sta\u010d\u00ed otev\u0159\u00edt str\u00e1nku a za\u010d\u00edt chatovat.<\/li>\n<li>Responzivn\u00ed design: Tochato \u010dasto funguje bez probl\u00e9m\u016f na po\u010d\u00edta\u010d\u00edch i mobiln\u00edch za\u0159\u00edzen\u00edch a umo\u017e\u0148uje v\u00e1m chatovat na cest\u00e1ch.<\/li>\n<li>Bezpe\u010dnostn\u00ed opat\u0159en\u00ed: Tochato obvykle poskytuje ur\u010ditou formu moderace nebo n\u00e1stroje pro nahla\u0161ov\u00e1n\u00ed nevhodn\u00e9ho chov\u00e1n\u00ed.<\/li>\n<\/ul>\n<p>Jeliko\u017e je bezplatn\u00e1 a jednoduch\u00e1, je to skv\u011bl\u00e1 platforma pro rychlou a spont\u00e1nn\u00ed interakci - nen\u00ed t\u0159eba vytv\u00e1\u0159et \u00fa\u010dty ani slo\u017eit\u00e9 u\u017eivatelsk\u00e9 profily.<\/p>\n<h2>Jak\u00e9 jsou alternativy Tochato?<\/h2>\n<p>Pokud v\u00e1s bav\u00ed n\u00e1hodn\u00e9 textov\u00e9 chaty, existuje n\u011bkolik alternativn\u00edch platforem, kter\u00e9 by v\u00e1s mohly zaujmout. Str\u00e1nky jako nap\u0159. <a href=\"https:\/\/strangercam.com\/cs\/omegle\/\">Omegle<\/a> nebo <a href=\"https:\/\/strangercam.com\/cs\/chatroulette\/\">Chatroulette<\/a> (a\u010dkoli maj\u00ed i mo\u017enosti videa) poskytuj\u00ed pouze textov\u00e9 re\u017eimy, zat\u00edmco komunitn\u011bji zam\u011b\u0159en\u00e9 str\u00e1nky umo\u017e\u0148uj\u00ed p\u0159ipojit se k tematick\u00fdm chatovac\u00edm m\u00edstnostem. Tochato se v\u0161ak odli\u0161uje siln\u00fdm zam\u011b\u0159en\u00edm na text m\u00edsto videa, zejm\u00e9na pro u\u017eivatele, kte\u0159\u00ed d\u00e1vaj\u00ed p\u0159ednost anonymit\u011b a jednoduchosti.<\/p>\n<p>Zkoum\u00e1n\u00ed r\u016fzn\u00fdch str\u00e1nek m\u016f\u017ee b\u00fdt z\u00e1bavn\u00e9 a pom\u016f\u017ee v\u00e1m naj\u00edt ide\u00e1ln\u00ed komunitu pro chat, ale Tochato z\u016fst\u00e1v\u00e1 nejlep\u0161\u00ed volbou pro ty, kte\u0159\u00ed maj\u00ed r\u00e1di nekomplikovan\u00e9, n\u00e1hodn\u00e9 textov\u00e9 konverzace.<\/p>\n<h2>Z\u00e1v\u011br<\/h2>\n<p>Pokud hled\u00e1te platformu, kde m\u016f\u017eete nav\u00e1zat spont\u00e1nn\u00ed textovou konverzaci s \u00fapln\u011b ciz\u00edmi lidmi - ani\u017e byste se museli pot\u00fdkat s n\u00e1tlakem videochatu -, stoj\u00ed za to ji prozkoumat. Je bezplatn\u00e1, intuitivn\u00ed a m\u00e1 dostatek funkc\u00ed, aby byla zaj\u00edmav\u00e1, a zachycuje vzru\u0161en\u00ed ze seznamov\u00e1n\u00ed s nov\u00fdmi lidmi, p\u0159i\u010dem\u017e zachov\u00e1v\u00e1 uvoln\u011bnou a anonymn\u00ed atmosf\u00e9ru. Vyzkou\u0161ejte Tochato a mo\u017en\u00e1 zjist\u00edte, \u017ee smyslupln\u00e1 spojen\u00ed jsou vzd\u00e1len\u00e1 jen jednu textovou zpr\u00e1vu.<\/p>","protected":false},"excerpt":{"rendered":"<p>In the ever-evolving landscape of online communication, Tochato has emerged as a standout destination for those seeking spontaneous, text-based connections. With a focus on anonymity and user-friendliness, Tochato offers an environment where you can strike up a conversation with complete strangers\u2014and possibly walk away with a new friend or two. If you\u2019re someone who prefers [&hellip;]<\/p>\n","protected":false},"author":6,"featured_media":0,"parent":0,"menu_order":0,"comment_status":"closed","ping_status":"closed","template":"","meta":{"footnotes":""},"class_list":["post-12708","page","type-page","status-publish","hentry"],"yoast_head":"<!-- This site is optimized with the Yoast SEO plugin v27.4 - https:\/\/yoast.com\/product\/yoast-seo-wordpress\/ -->\n<title>Tochato - Free random chat with strangers on StrangerCam.com<\/title>\n<meta name=\"description\" content=\"Like Tochato? Come chat with more than 5.000.000 strangers on Stranger Cam for Free! Turn on your cam and find new friends &amp; maby a match!\" \/>\n<meta name=\"robots\" content=\"index, follow, max-snippet:-1, max-image-preview:large, max-video-preview:-1\" \/>\n<link rel=\"canonical\" href=\"https:\/\/strangercam.com\/cs\/tochato\/\" \/>\n<meta property=\"og:locale\" content=\"cs_CZ\" \/>\n<meta property=\"og:type\" content=\"article\" \/>\n<meta property=\"og:title\" content=\"Tochato - Free random chat with strangers on StrangerCam.com\" \/>\n<meta property=\"og:description\" content=\"Like Tochato? Come chat with more than 5.000.000 strangers on Stranger Cam for Free! Turn on your cam and find new friends &amp; maby a match!\" \/>\n<meta property=\"og:url\" content=\"https:\/\/strangercam.com\/cs\/tochato\/\" \/>\n<meta property=\"og:site_name\" content=\"Strangercam\" \/>\n<meta property=\"article:publisher\" content=\"https:\/\/www.facebook.com\/strangercam\" \/>\n<meta property=\"article:modified_time\" content=\"2025-02-07T11:30:59+00:00\" \/>\n<meta property=\"og:image\" content=\"https:\/\/strangercam.com\/wp-content\/uploads\/2021\/10\/Untitled-2.png\" \/>\n\t<meta property=\"og:image:width\" content=\"800\" \/>\n\t<meta property=\"og:image:height\" content=\"532\" \/>\n\t<meta property=\"og:image:type\" content=\"image\/png\" \/>\n<meta name=\"twitter:card\" content=\"summary_large_image\" \/>\n<meta name=\"twitter:site\" content=\"@strangercamapp\" \/>\n<meta name=\"twitter:label1\" content=\"Odhadovan\u00e1 doba \u010dten\u00ed\" \/>\n\t<meta name=\"twitter:data1\" content=\"4 minuty\" \/>\n<script type=\"application\/ld+json\" class=\"yoast-schema-graph\">{\"@context\":\"https:\\\/\\\/schema.org\",\"@graph\":[{\"@type\":\"WebPage\",\"@id\":\"https:\\\/\\\/strangercam.com\\\/tochato\\\/\",\"url\":\"https:\\\/\\\/strangercam.com\\\/tochato\\\/\",\"name\":\"Tochato - Free random chat with strangers on StrangerCam.com\",\"isPartOf\":{\"@id\":\"https:\\\/\\\/strangercam.com\\\/#website\"},\"datePublished\":\"2025-02-07T11:30:21+00:00\",\"dateModified\":\"2025-02-07T11:30:59+00:00\",\"description\":\"Like Tochato? Come chat with more than 5.000.000 strangers on Stranger Cam for Free! Turn on your cam and find new friends & maby a match!\",\"breadcrumb\":{\"@id\":\"https:\\\/\\\/strangercam.com\\\/tochato\\\/#breadcrumb\"},\"inLanguage\":\"cs\",\"potentialAction\":[{\"@type\":\"ReadAction\",\"target\":[\"https:\\\/\\\/strangercam.com\\\/tochato\\\/\"]}]},{\"@type\":\"BreadcrumbList\",\"@id\":\"https:\\\/\\\/strangercam.com\\\/tochato\\\/#breadcrumb\",\"itemListElement\":[{\"@type\":\"ListItem\",\"position\":1,\"name\":\"Home\",\"item\":\"https:\\\/\\\/strangercam.com\\\/\"},{\"@type\":\"ListItem\",\"position\":2,\"name\":\"Tochato\"}]},{\"@type\":\"WebSite\",\"@id\":\"https:\\\/\\\/strangercam.com\\\/#website\",\"url\":\"https:\\\/\\\/strangercam.com\\\/\",\"name\":\"Strangercam\",\"description\":\"Random Video Chat with Strangers\",\"publisher\":{\"@id\":\"https:\\\/\\\/strangercam.com\\\/#organization\"},\"alternateName\":\"Strangercam.com\",\"potentialAction\":[{\"@type\":\"SearchAction\",\"target\":{\"@type\":\"EntryPoint\",\"urlTemplate\":\"https:\\\/\\\/strangercam.com\\\/?s={search_term_string}\"},\"query-input\":{\"@type\":\"PropertyValueSpecification\",\"valueRequired\":true,\"valueName\":\"search_term_string\"}}],\"inLanguage\":\"cs\"},{\"@type\":\"Organization\",\"@id\":\"https:\\\/\\\/strangercam.com\\\/#organization\",\"name\":\"Strangercam\",\"alternateName\":\"Strangercam.com\",\"url\":\"https:\\\/\\\/strangercam.com\\\/\",\"logo\":{\"@type\":\"ImageObject\",\"inLanguage\":\"cs\",\"@id\":\"https:\\\/\\\/strangercam.com\\\/#\\\/schema\\\/logo\\\/image\\\/\",\"url\":\"https:\\\/\\\/strangercam.com\\\/wp-content\\\/uploads\\\/2020\\\/11\\\/cropped-new-favicon-black.png\",\"contentUrl\":\"https:\\\/\\\/strangercam.com\\\/wp-content\\\/uploads\\\/2020\\\/11\\\/cropped-new-favicon-black.png\",\"width\":512,\"height\":512,\"caption\":\"Strangercam\"},\"image\":{\"@id\":\"https:\\\/\\\/strangercam.com\\\/#\\\/schema\\\/logo\\\/image\\\/\"},\"sameAs\":[\"https:\\\/\\\/www.facebook.com\\\/strangercam\",\"https:\\\/\\\/x.com\\\/strangercamapp\"]}]}<\/script>\n<!-- \/ Yoast SEO plugin. -->","yoast_head_json":{"title":"Tochato - N\u00e1hodn\u00fd chat zdarma s cizinci na StrangerCam.com","description":"Jako Tochato? Poj\u010fte si popov\u00eddat s v\u00edce ne\u017e 5 000 000 cizinci na Stranger Cam zdarma! Zapn\u011bte si kameru a najd\u011bte nov\u00e9 p\u0159\u00e1tele &amp; maby z\u00e1pas!","robots":{"index":"index","follow":"follow","max-snippet":"max-snippet:-1","max-image-preview":"max-image-preview:large","max-video-preview":"max-video-preview:-1"},"canonical":"https:\/\/strangercam.com\/cs\/tochato\/","og_locale":"cs_CZ","og_type":"article","og_title":"Tochato - Free random chat with strangers on StrangerCam.com","og_description":"Like Tochato? Come chat with more than 5.000.000 strangers on Stranger Cam for Free! Turn on your cam and find new friends & maby a match!","og_url":"https:\/\/strangercam.com\/cs\/tochato\/","og_site_name":"Strangercam","article_publisher":"https:\/\/www.facebook.com\/strangercam","article_modified_time":"2025-02-07T11:30:59+00:00","og_image":[{"width":800,"height":532,"url":"https:\/\/strangercam.com\/wp-content\/uploads\/2021\/10\/Untitled-2.png","type":"image\/png"}],"twitter_card":"summary_large_image","twitter_site":"@strangercamapp","twitter_misc":{"Odhadovan\u00e1 doba \u010dten\u00ed":"4 minuty"},"schema":{"@context":"https:\/\/schema.org","@graph":[{"@type":"WebPage","@id":"https:\/\/strangercam.com\/tochato\/","url":"https:\/\/strangercam.com\/tochato\/","name":"Tochato - N\u00e1hodn\u00fd chat zdarma s cizinci na StrangerCam.com","isPartOf":{"@id":"https:\/\/strangercam.com\/#website"},"datePublished":"2025-02-07T11:30:21+00:00","dateModified":"2025-02-07T11:30:59+00:00","description":"Jako Tochato? Poj\u010fte si popov\u00eddat s v\u00edce ne\u017e 5 000 000 cizinci na Stranger Cam zdarma! Zapn\u011bte si kameru a najd\u011bte nov\u00e9 p\u0159\u00e1tele &amp; maby z\u00e1pas!","breadcrumb":{"@id":"https:\/\/strangercam.com\/tochato\/#breadcrumb"},"inLanguage":"cs","potentialAction":[{"@type":"ReadAction","target":["https:\/\/strangercam.com\/tochato\/"]}]},{"@type":"BreadcrumbList","@id":"https:\/\/strangercam.com\/tochato\/#breadcrumb","itemListElement":[{"@type":"ListItem","position":1,"name":"Home","item":"https:\/\/strangercam.com\/"},{"@type":"ListItem","position":2,"name":"Tochato"}]},{"@type":"WebSite","@id":"https:\/\/strangercam.com\/#website","url":"https:\/\/strangercam.com\/","name":"Strangercam","description":"N\u00e1hodn\u00fd videochat s ciz\u00edmi lidmi","publisher":{"@id":"https:\/\/strangercam.com\/#organization"},"alternateName":"Strangercam.com","potentialAction":[{"@type":"SearchAction","target":{"@type":"EntryPoint","urlTemplate":"https:\/\/strangercam.com\/?s={search_term_string}"},"query-input":{"@type":"PropertyValueSpecification","valueRequired":true,"valueName":"search_term_string"}}],"inLanguage":"cs"},{"@type":"Organization","@id":"https:\/\/strangercam.com\/#organization","name":"Strangercam","alternateName":"Strangercam.com","url":"https:\/\/strangercam.com\/","logo":{"@type":"ImageObject","inLanguage":"cs","@id":"https:\/\/strangercam.com\/#\/schema\/logo\/image\/","url":"https:\/\/strangercam.com\/wp-content\/uploads\/2020\/11\/cropped-new-favicon-black.png","contentUrl":"https:\/\/strangercam.com\/wp-content\/uploads\/2020\/11\/cropped-new-favicon-black.png","width":512,"height":512,"caption":"Strangercam"},"image":{"@id":"https:\/\/strangercam.com\/#\/schema\/logo\/image\/"},"sameAs":["https:\/\/www.facebook.com\/strangercam","https:\/\/x.com\/strangercamapp"]}]}},"_links":{"self":[{"href":"https:\/\/strangercam.com\/cs\/wp-json\/wp\/v2\/pages\/12708","targetHints":{"allow":["GET"]}}],"collection":[{"href":"https:\/\/strangercam.com\/cs\/wp-json\/wp\/v2\/pages"}],"about":[{"href":"https:\/\/strangercam.com\/cs\/wp-json\/wp\/v2\/types\/page"}],"author":[{"embeddable":true,"href":"https:\/\/strangercam.com\/cs\/wp-json\/wp\/v2\/users\/6"}],"replies":[{"embeddable":true,"href":"https:\/\/strangercam.com\/cs\/wp-json\/wp\/v2\/comments?post=12708"}],"version-history":[{"count":1,"href":"https:\/\/strangercam.com\/cs\/wp-json\/wp\/v2\/pages\/12708\/revisions"}],"predecessor-version":[{"id":12709,"href":"https:\/\/strangercam.com\/cs\/wp-json\/wp\/v2\/pages\/12708\/revisions\/12709"}],"wp:attachment":[{"href":"https:\/\/strangercam.com\/cs\/wp-json\/wp\/v2\/media?parent=12708"}],"curies":[{"name":"wp","href":"https:\/\/api.w.org\/{rel}","templated":true}]}}