{"id":12702,"date":"2025-02-07T13:19:12","date_gmt":"2025-02-07T11:19:12","guid":{"rendered":"https:\/\/strangercam.com\/?page_id=12702"},"modified":"2025-02-07T13:21:09","modified_gmt":"2025-02-07T11:21:09","slug":"chattijd","status":"publish","type":"page","link":"https:\/\/strangercam.com\/cs\/chattijd\/","title":{"rendered":"Chattijd"},"content":{"rendered":"<p>V rychl\u00e9m sv\u011bt\u011b online komunikace se Chattijd rychle etabloval jako \u017eiv\u00e1 a poutav\u00e1 platforma spojuj\u00edc\u00ed lidi ze v\u0161ech kout\u016f sv\u011bta. A\u0165 u\u017e hled\u00e1te nez\u00e1vaznou konverzaci, smyslupln\u00e1 p\u0159\u00e1telstv\u00ed nebo interaktivn\u00ed z\u00e1bavu, tato nizozemsk\u00e1 platforma nab\u00edz\u00ed \u0159adu p\u0159\u00edle\u017eitost\u00ed ke spojen\u00ed s podobn\u011b sm\u00fd\u0161lej\u00edc\u00edmi jedinci.<\/p>\n<p>Join se pono\u0159\u00edme do sv\u011bta Chattijd a prozkoum\u00e1me jeho funkce, v\u00fdhody a to, co z n\u011bj d\u011bl\u00e1 obl\u00edbenou slu\u017ebu pro ty, kte\u0159\u00ed oce\u0148uj\u00ed dynamick\u00e9 konverzace v re\u00e1ln\u00e9m \u010dase. Zde se dozv\u00edte o ka\u017ed\u00e9m <a href=\"https:\/\/strangercam.com\/cs\/chatroulette\/\">chat<\/a> m\u016f\u017ee v\u00e9st k nov\u00e9mu objevu, co\u017e z n\u00ed d\u011bl\u00e1 v\u00edc ne\u017e jen dal\u0161\u00ed online platformu - je to glob\u00e1ln\u00ed komunita zalo\u017een\u00e1 na skute\u010dn\u00fdch spojen\u00edch a vzru\u0161uj\u00edc\u00edch interakc\u00edch.<\/p>\n<h2>Co je Chattijd?<\/h2>\n<p>P\u0159i proch\u00e1zen\u00ed st\u00e1le se roz\u0161i\u0159uj\u00edc\u00edm vesm\u00edrem online chatovac\u00edch platforem se Chattijd jev\u00ed jako sv\u011b\u017e\u00ed a vzru\u0161uj\u00edc\u00ed m\u00edsto. <a href=\"https:\/\/strangercam.com\/cs\/coomeet\/\">Seznamte se s<\/a> a komunikovat s nov\u00fdmi lidmi. Na rozd\u00edl od tradi\u010dn\u00edch slu\u017eeb pro zas\u00edl\u00e1n\u00ed zpr\u00e1v klade Chattijd velk\u00fd d\u016fraz na vytv\u00e1\u0159en\u00ed autentick\u00fdch spojen\u00ed a zaji\u0161\u0165uje, aby ka\u017ed\u00e1 konverzace byla smyslupln\u00e1 a poutav\u00e1.<\/p>\n<p>C\u00edlem slu\u017eby Chattijd je b\u00fdt v\u00edce ne\u017e jen chatovac\u00edm port\u00e1lem. Je to soci\u00e1ln\u00ed <a href=\"https:\/\/strangercam.com\/cs\/chathub\/\">n\u00e1boj<\/a> kde mohou vzkv\u00e9tat p\u0159\u00e1telstv\u00ed a ka\u017ed\u00e1 interakce m\u00e1 potenci\u00e1l st\u00e1t se nezapomenuteln\u00fdm z\u00e1\u017eitkem. Platforma integruje nejmodern\u011bj\u0161\u00ed funkce - od okam\u017eit\u00e9ho \u017eiv\u00e9ho chatu a\u017e po z\u00e1bavn\u00e9 interaktivn\u00ed prvky -, d\u00edky nim\u017e je konverzace bezprobl\u00e9mov\u00e1 a p\u0159\u00edjemn\u00e1.<\/p>\n<ul>\n<li>Mo\u017enosti \u017eiv\u00e9ho chatu: Okam\u017eit\u011b se spojte s u\u017eivateli po cel\u00e9m sv\u011bt\u011b.<\/li>\n<li>P\u0159izp\u016fsobiteln\u00e9 profily: Vyj\u00e1d\u0159ete se tak, \u017ee si profil p\u0159izp\u016fsob\u00edte tak, aby odr\u00e1\u017eel va\u0161i osobnost a z\u00e1jmy.<\/li>\n<li>Interaktivn\u00ed aktivity: Z\u00fa\u010dastn\u011bte se hrav\u00fdch her a kv\u00edz\u016f, kter\u00e9 podn\u00edt\u00ed konverzaci a pomohou prolomit ledy.<\/li>\n<\/ul>\n<p>Spole\u010dnost Chattijd se vyzna\u010duje t\u00edm, \u017ee se sna\u017e\u00ed vytv\u00e1\u0159et bezpe\u010dn\u00e9 a inkluzivn\u00ed prost\u0159ed\u00ed. T\u00fdm stoj\u00edc\u00ed za Chattijd investuje velk\u00e9 prost\u0159edky do bezpe\u010dn\u00fdch technologi\u00ed a moder\u00e1torsk\u00fdch postup\u016f, aby zajistil, \u017ee bezpe\u010dnost ka\u017ed\u00e9ho u\u017eivatele online je nejvy\u0161\u0161\u00ed prioritou. Toto odhodl\u00e1n\u00ed poskytovat p\u0159\u00edv\u011btiv\u00e9 <a href=\"https:\/\/strangercam.com\/cs\/mocospace\/\">prostor<\/a> posunula spole\u010dnost Chattijd na p\u0159edn\u00ed m\u00edsto mezi online chatovac\u00edmi slu\u017ebami v Nizozemsku i mimo n\u011bj.<\/p>\n<p>P\u0159i prozkoum\u00e1v\u00e1n\u00ed platformy je z\u0159ejm\u00e9, \u017ee Chattijd byla navr\u017eena tak, aby revolu\u010dn\u00edm zp\u016fsobem zm\u011bnila zp\u016fsob, jak\u00fdm lid\u00e9 komunikuj\u00ed online. Spojen\u00edm soci\u00e1ln\u00edho objevov\u00e1n\u00ed s interaktivn\u00ed z\u00e1bavou m\u011bn\u00ed na\u0161e pojet\u00ed online chatu - z oby\u010dejn\u00fdch konverzac\u00ed d\u011bl\u00e1 p\u0159\u00edle\u017eitosti k u\u010den\u00ed, r\u016fstu a navazov\u00e1n\u00ed skute\u010dn\u00fdch vztah\u016f s lidmi ze v\u0161ech oblast\u00ed \u017eivota.<\/p>\n<h2>Je Chattijd k pou\u017eit\u00ed zdarma?<\/h2>\n<p>Jednou z nej\u010dast\u011bj\u0161\u00edch ot\u00e1zek t\u00fdkaj\u00edc\u00edch se online chatovac\u00edch slu\u017eeb je, zda jsou zdarma. Chattijd nab\u00edz\u00ed flexibilitu t\u00edm, \u017ee poskytuje bezplatn\u00e9 i pr\u00e9miov\u00e9 mo\u017enosti, kter\u00e9 vyhovuj\u00ed r\u016fzn\u00fdm preferenc\u00edm a rozpo\u010dt\u016fm u\u017eivatel\u016f.<\/p>\n<ul>\n<li>\u010clenstv\u00ed zdarma:\n<ul>\n<li>Odes\u00edl\u00e1n\u00ed a p\u0159ij\u00edm\u00e1n\u00ed zpr\u00e1v<\/li>\n<li>Join ve\u0159ejn\u00e9 chatovac\u00ed m\u00edstnosti<\/li>\n<li>Proch\u00e1zen\u00ed profil\u016f u\u017eivatel\u016f<\/li>\n<\/ul>\n<p>S bezplatn\u00fdm \u00fa\u010dtem z\u00edsk\u00e1te p\u0159\u00edstup k z\u00e1kladn\u00edm funkc\u00edm, d\u00edky nim\u017e je komunita Chattijd tak poutav\u00e1. Je to skv\u011bl\u00fd zp\u016fsob, jak prozkoumat platformu bez jak\u00fdchkoli finan\u010dn\u00edch z\u00e1vazk\u016f.<\/li>\n<li>Pr\u00e9miov\u00e9 \u010dlenstv\u00ed:<br \/>\nU\u017eivatel\u00e9, kte\u0159\u00ed cht\u011bj\u00ed je\u0161t\u011b bohat\u0161\u00ed z\u00e1\u017eitek, mohou vyu\u017e\u00edt pr\u00e9miov\u00e9 \u010dlenstv\u00ed Chattijd, kter\u00e9 jim zp\u0159\u00edstupn\u00ed pokro\u010dil\u00e9 funkce a v\u00fdhody:<\/p>\n<ul>\n<li>Neomezen\u00fd p\u0159\u00edstup do v\u0161ech chatovac\u00edch m\u00edstnost\u00ed<\/li>\n<li>Roz\u0161\u00ed\u0159en\u00e9 filtry vyhled\u00e1v\u00e1n\u00ed<\/li>\n<li>Z\u00e1\u017eitek bez reklam<\/li>\n<li>Prioritn\u00ed z\u00e1kaznick\u00e1 podpora<\/li>\n<\/ul>\n<\/li>\n<\/ul>\n<p>N\u00ed\u017ee je uveden stru\u010dn\u00fd p\u0159ehled n\u00e1klad\u016f na \u010dlenstv\u00ed:<\/p>\n<table>\n<thead>\n<tr>\n<th>\u010clenstv\u00ed<\/th>\n<th>M\u011bs\u00ed\u010dn\u00ed n\u00e1klady<\/th>\n<th>Ro\u010dn\u00ed n\u00e1klady<\/th>\n<\/tr>\n<\/thead>\n<tbody>\n<tr>\n<td>Zdarma<\/td>\n<td>$0<\/td>\n<td>$0<\/td>\n<\/tr>\n<tr>\n<td>Premium<\/td>\n<td>$9.99<\/td>\n<td>$99.90<\/td>\n<\/tr>\n<\/tbody>\n<\/table>\n<p>A\u0165 u\u017e si vyberete bezplatn\u00fd tarif, nebo se rozhodnete pro upgrade a dal\u0161\u00ed funkce, Chattijd si zachov\u00e1v\u00e1 stejn\u00fd hlavn\u00ed c\u00edl: poskytovat \u017eiv\u00e9 a bezpe\u010dn\u00e9 prost\u0159ed\u00ed, kde se m\u016f\u017eete spojit s ostatn\u00edmi, sd\u00edlet zku\u0161enosti a bavit se.<\/p>\n<h2>Jak pou\u017e\u00edvat Chattijd<\/h2>\n<p>Pou\u017e\u00edv\u00e1n\u00ed slu\u017eby Chattijd je jednoduch\u00e9, tak\u017ee se do n\u00ed m\u016f\u017ee zapojit ka\u017ed\u00fd a za\u010d\u00edt ihned chatovat. Zde je pr\u016fvodce krok za krokem, kter\u00fd v\u00e1m pom\u016f\u017ee za\u010d\u00edt:<\/p>\n<ol>\n<li>Vytvo\u0159en\u00ed profilu<br \/>\nZa\u010dn\u011bte registrac\u00ed bezplatn\u00e9ho \u00fa\u010dtu. P\u0159izp\u016fsobte si sv\u016fj profil pomoc\u00ed u\u017eivatelsk\u00e9ho jm\u00e9na, profilov\u00e9 fotografie a stru\u010dn\u00e9ho popisu sv\u00e9 osoby. Zd\u016frazn\u011bte sv\u00e9 z\u00e1jmy, abyste vynikli a usnadnili vyhled\u00e1v\u00e1n\u00ed podobn\u011b sm\u00fd\u0161lej\u00edc\u00edch u\u017eivatel\u016f.<\/li>\n<li>Prozkoumat chatovac\u00ed m\u00edstnosti<br \/>\nChattijd host\u00ed r\u016fzn\u00e9 ve\u0159ejn\u00e9 chatovac\u00ed m\u00edstnosti. Tyto m\u00edstnosti se v\u011bnuj\u00ed r\u016fzn\u00fdm t\u00e9mat\u016fm a z\u00e1jm\u016fm - od hudby a her a\u017e po cestov\u00e1n\u00ed a nez\u00e1vazn\u00e9 pov\u00edd\u00e1n\u00ed. Vstup do t\u011bchto m\u00edstnost\u00ed m\u016f\u017ee b\u00fdt skv\u011bl\u00fdm zp\u016fsobem, jak objevit nov\u00e9 lidi a za\u010d\u00edt zaj\u00edmav\u00e9 diskuse.<\/li>\n<li>Soukrom\u00e9 chaty a p\u0159\u00edm\u00e9 zpr\u00e1vy<br \/>\nPokud d\u00e1v\u00e1te p\u0159ednost c\u00edlen\u011bj\u0161\u00edm rozhovor\u016fm mezi \u010dty\u0159ma o\u010dima, nab\u00edz\u00ed Chattijd tak\u00e9 p\u0159\u00edm\u00e9 zas\u00edl\u00e1n\u00ed zpr\u00e1v. Pomoc\u00ed funkce vyhled\u00e1v\u00e1n\u00ed m\u016f\u017eete naj\u00edt u\u017eivatele, kte\u0159\u00ed sd\u00edlej\u00ed va\u0161e z\u00e1jmy, nebo jednodu\u0161e zah\u00e1jit soukrom\u00fd chat s n\u011bk\u00fdm, kdo v\u00e1s zaujme ve ve\u0159ejn\u00fdch m\u00edstnostech.<\/li>\n<li>Interaktivn\u00ed funkce<br \/>\nVyu\u017eijte interaktivn\u00ed hry, kv\u00edzy a dal\u0161\u00ed z\u00e1bavn\u00e9 funkce, kter\u00e9 v\u00e1m pomohou prolomit ledy. Tyto aktivity mohou prom\u011bnit b\u011b\u017enou konverzaci v nezapomenuteln\u00fd spole\u010dn\u00fd z\u00e1\u017eitek a pomohou v\u00e1m nav\u00e1zat p\u0159irozen\u011bj\u0161\u00ed kontakt.<\/li>\n<li>Upgrade na Premium (voliteln\u00e9)<br \/>\nPokud tou\u017e\u00edte po dal\u0161\u00edch funkc\u00edch, jako jsou pokro\u010dil\u00e9 vyhled\u00e1vac\u00ed filtry, prohl\u00ed\u017een\u00ed bez reklam a p\u0159ednostn\u00ed podpora, zva\u017ete pr\u00e9miov\u00e9 p\u0159edplatn\u00e9. To v\u00e1m umo\u017en\u00ed vyu\u017e\u00edt pln\u00fd potenci\u00e1l slu\u017eby Chattijd a zajist\u00ed je\u0161t\u011b plynulej\u0161\u00ed a personalizovan\u011bj\u0161\u00ed chatov\u00e1n\u00ed.<\/li>\n<\/ol>\n<h2>K \u010demu je Chattijd nejlep\u0161\u00ed?<\/h2>\n<p>Chattijd vynik\u00e1 v r\u016fzn\u00fdch oblastech, tak\u017ee je atraktivn\u00ed pro \u0161irokou \u0161k\u00e1lu u\u017eivatel\u016f:<\/p>\n<ol>\n<li>Podpora skute\u010dn\u00fdch vztah\u016f<br \/>\nChattijd se zam\u011b\u0159uje na autenticitu a umo\u017e\u0148uje snadno naj\u00edt dal\u0161\u00ed lidi, kte\u0159\u00ed sd\u00edlej\u00ed podobn\u00e9 v\u00e1\u0161n\u011b. A\u0165 u\u017e hled\u00e1te p\u0159\u00e1telstv\u00ed, podporu, nebo dokonce n\u011bco v\u00edc, u\u017eivatelsky p\u0159\u00edv\u011btiv\u00e9 rozhran\u00ed a podp\u016frn\u00e1 komunita Chattijd jsou ide\u00e1ln\u00ed pro p\u011bstov\u00e1n\u00ed smyslupln\u00fdch vztah\u016f.<\/li>\n<li>R\u016fznorod\u00e1 t\u00e9mata konverzace<br \/>\nPlatforma nab\u00edz\u00ed \u0161irok\u00fd v\u00fdb\u011br mo\u017enost\u00ed, jak za\u010d\u00edt konverzaci - od chatovac\u00edch m\u00edstnost\u00ed zam\u011b\u0159en\u00fdch na kon\u00ed\u010dky a\u017e po diskuse o aktu\u00e1ln\u00edch ud\u00e1lostech v re\u00e1ln\u00e9m \u010dase. Tato rozmanitost zaru\u010duje, \u017ee ka\u017ed\u00e1 n\u00e1v\u0161t\u011bva Chattijd je jedine\u010dn\u00e1 a pln\u00e1 potenci\u00e1lu pro setk\u00e1n\u00ed s nov\u00fdmi lidmi.<\/li>\n<li>Bezpe\u010dn\u00e9 a p\u0159\u00edv\u011btiv\u00e9 prost\u0159ed\u00ed<br \/>\nOnline bezpe\u010dnost je u spole\u010dnosti Chattijd na prvn\u00edm m\u00edst\u011b. Neust\u00e1l\u00e9 moderov\u00e1n\u00ed a pokro\u010dil\u00e1 bezpe\u010dnostn\u00ed opat\u0159en\u00ed pom\u00e1haj\u00ed vytvo\u0159it prostor, kde m\u016f\u017eete svobodn\u011b chatovat bez obav o soukrom\u00ed nebo ne\u017e\u00e1douc\u00ed interakce.<\/li>\n<li>Z\u00e1bava prost\u0159ednictv\u00edm interaktivity<br \/>\nNud\u00ed v\u00e1s textov\u00e9 v\u00fdm\u011bny? Chattijd integruje hrav\u00e9 funkce, jako jsou hry a kv\u00edzy, kter\u00e9 konverzaci zpest\u0159\u00ed. Tyto odleh\u010den\u00e9 dopl\u0148ky usnad\u0148uj\u00ed navazov\u00e1n\u00ed kontakt\u016f a udr\u017euj\u00ed z\u00e1\u017eitek z hovoru sv\u011b\u017e\u00ed.<\/li>\n<\/ol>\n<p>S ohledem na tyto p\u0159ednosti je Chattijd ide\u00e1ln\u00ed pro v\u0161echny, kte\u0159\u00ed hledaj\u00ed z\u00e1bavn\u00e9 a skute\u010dn\u00e9 interakce v bezpe\u010dn\u00e9m online prost\u0159ed\u00ed.<\/p>\n<h2>Jak\u00e9 funkce nab\u00edz\u00ed Chattijd?<\/h2>\n<p>Chattijd obsahuje celou \u0159adu funkc\u00ed, jejich\u017e c\u00edlem je zp\u0159\u00edjemnit v\u00e1m chatov\u00e1n\u00ed a zajistit co nejv\u011bt\u0161\u00ed v\u0161estrannost. N\u00ed\u017ee uv\u00e1d\u00edme n\u011bkolik nejd\u016fle\u017eit\u011bj\u0161\u00edch bod\u016f:<\/p>\n<ul>\n<li>P\u0159izp\u016fsobiteln\u00e9 profily<br \/>\nOsobn\u00ed vyj\u00e1d\u0159en\u00ed je d\u016fle\u017eitou sou\u010d\u00e1st\u00ed online interakce. Chattijd v\u00e1m umo\u017en\u00ed vytvo\u0159it profil tak, aby odr\u00e1\u017eel va\u0161e prav\u00e9 j\u00e1, a pom\u016f\u017ee ostatn\u00edm poznat, co v\u00e1s bav\u00ed.<\/li>\n<li>Funkce \u017eiv\u00e9ho chatu<br \/>\nZa\u017eijte okam\u017eit\u00e9 spojen\u00ed s lidmi po cel\u00e9m sv\u011bt\u011b prost\u0159ednictv\u00edm zpr\u00e1v v re\u00e1ln\u00e9m \u010dase. Je rychl\u00e1, u\u017eivatelsky p\u0159\u00edv\u011btiv\u00e1 a ide\u00e1ln\u00ed pro spont\u00e1nn\u00ed konverzace, kter\u00e9 se mohou pohybovat od lehk\u00fdch vt\u00edpk\u016f a\u017e po hlubok\u00e9 diskuse.<\/li>\n<li>Interaktivn\u00ed hry a kv\u00edzy<br \/>\nPro ty, kte\u0159\u00ed maj\u00ed r\u00e1di trochu z\u00e1bavy nav\u00edc, tyto funkce snadno prolom\u00ed ledy. Vyzv\u011bte nov\u00e9ho p\u0159\u00edtele na rychlou hru nebo spole\u010dn\u011b odpov\u00eddejte na kv\u00edzy a najd\u011bte spole\u010dn\u00e9 z\u00e1jmy.<\/li>\n<li>Pokro\u010dil\u00e1 bezpe\u010dnostn\u00ed opat\u0159en\u00ed<br \/>\nVa\u0161e bezpe\u010dnost je z\u00e1sadn\u00ed. Z\u00e1vazek spole\u010dnosti Chattijd k ochran\u011b soukrom\u00ed a robustn\u00ed n\u00e1stroje pro moderov\u00e1n\u00ed zaji\u0161\u0165uj\u00ed, \u017ee se m\u016f\u017eete bez obav zapojit s v\u011bdom\u00edm, \u017ee va\u0161e konverzace jsou v bezpe\u010d\u00ed.<\/li>\n<li>Flexibiln\u00ed mo\u017enosti \u010dlenstv\u00ed<br \/>\nA\u0165 u\u017e d\u00e1v\u00e1te p\u0159ednost bezplatn\u00e9mu \u00fa\u010dtu, nebo pr\u00e9miov\u00e9mu p\u0159edplatn\u00e9mu, Chattijd nab\u00edz\u00ed v\u00edce zp\u016fsob\u016f, jak si platformu vyzkou\u0161et. Bezplatn\u00ed u\u017eivatel\u00e9 mohou prozkoumat v\u011bt\u0161inu kl\u00ed\u010dov\u00fdch funkc\u00ed, zat\u00edmco pr\u00e9miov\u00ed p\u0159edplatitel\u00e9 mohou vyu\u017e\u00edvat prohl\u00ed\u017een\u00ed bez reklam, p\u0159ednostn\u00ed podporu a pokro\u010dil\u00e9 mo\u017enosti vyhled\u00e1v\u00e1n\u00ed.<\/li>\n<\/ul>\n<p>S takto rozs\u00e1hlou sadou n\u00e1stroj\u016f je Chattijd dob\u0159e vybaven pro uspokojen\u00ed r\u016fzn\u00fdch vkus\u016f a po\u017eadavk\u016f a zaji\u0161\u0165uje, \u017ee ka\u017ed\u00e1 konverzace bude p\u0159\u00ednosn\u00e1 a bezprobl\u00e9mov\u00e1.<\/p>\n<h2>Jak\u00e9 jsou alternativy k Chattijd?<\/h2>\n<p>A\u010dkoli si Chattijd vydobyla pozici p\u0159edn\u00ed online chatovac\u00ed destinace - zejm\u00e9na pro nizozemsky mluv\u00edc\u00ed u\u017eivatele - nen\u00ed to jedin\u00e1 platforma, kde se m\u016f\u017eete socializovat a objevovat zaj\u00edmav\u00e9 komunity. Jin\u00e9 chatovac\u00ed slu\u017eby nab\u00edzej\u00ed vlastn\u00ed jedine\u010dn\u00e9 zp\u016fsoby online interakce a zam\u011b\u0159uj\u00ed se na specifick\u00e9 funkce nebo demografick\u00e9 skupiny.<\/p>\n<p>N\u011bkter\u00e9 platformy kladou d\u016fraz na <a href=\"https:\/\/strangercam.com\/cs\/rabbit-video-chat\/\">video<\/a> vol\u00e1n\u00ed, zat\u00edmco jin\u00e9 se mohou specializovat na tematick\u00e9 chatovac\u00ed m\u00edstnosti nebo funkce zam\u011b\u0159en\u00e9 na datov\u00e1n\u00ed. Prozkoum\u00e1n\u00edm t\u011bchto alternativ m\u016f\u017eete naj\u00edt weby, kter\u00e9 se zab\u00fdvaj\u00ed specializovan\u00fdmi t\u00e9maty nebo specializovan\u00fdmi formami zapojen\u00ed. Sm\u011bs bezpe\u010dn\u00e9 interakce v re\u00e1ln\u00e9m \u010dase, u\u017eivatelsky p\u0159\u00edv\u011btiv\u00e9ho designu a voliteln\u00fdch pr\u00e9miov\u00fdch funkc\u00ed v\u0161ak z Chattijd \u010din\u00ed v\u00fdjime\u010dnou volbu pro ka\u017ed\u00e9ho, kdo hled\u00e1 mnohostrann\u00fd z\u00e1\u017eitek z chatu.<\/p>\n<h2>Z\u00e1v\u011br<\/h2>\n<p>D\u00edky kombinaci robustn\u00edch bezpe\u010dnostn\u00edch opat\u0159en\u00ed, u\u017eivatelsky p\u0159\u00edv\u011btiv\u00fdch funkc\u00ed a rozmanit\u00e9 komunity Chattijd dokazuje, \u017ee online chatov\u00e1n\u00ed m\u016f\u017ee b\u00fdt z\u00e1bavn\u00e9 i obohacuj\u00edc\u00ed. A\u0165 u\u017e si vyberete bezplatn\u00e9 \u010dlenstv\u00ed, nebo se rozhodnete pro pr\u00e9miov\u00e9 v\u00fdhody, najdete zde nekone\u010dn\u00e9 mo\u017enosti navazov\u00e1n\u00ed kontakt\u016f, sd\u00edlen\u00ed a objevov\u00e1n\u00ed nov\u00fdch p\u0159\u00e1telstv\u00ed. Pono\u0159te se do Chattijd je\u0161t\u011b dnes a poznejte sv\u011bt \u017eiv\u00fdch konverzac\u00ed v re\u00e1ln\u00e9m \u010dase - to v\u0161e z pohodl\u00ed va\u0161eho za\u0159\u00edzen\u00ed.<\/p>","protected":false},"excerpt":{"rendered":"<p>In the fast-paced world of online communication, Chattijd has quickly established itself as a lively and engaging platform connecting people from all corners of the globe. Whether you\u2019re searching for casual conversation, meaningful friendships, or interactive entertainment, this Dutch-based platform offers an array of opportunities to connect with like-minded individuals. Join us as we dive [&hellip;]<\/p>\n","protected":false},"author":6,"featured_media":0,"parent":0,"menu_order":0,"comment_status":"closed","ping_status":"closed","template":"","meta":{"footnotes":""},"class_list":["post-12702","page","type-page","status-publish","hentry"],"yoast_head":"<!-- This site is optimized with the Yoast SEO plugin v27.4 - https:\/\/yoast.com\/product\/yoast-seo-wordpress\/ -->\n<title>Chattijd - Free video chat with girls on StrangerCam.com<\/title>\n<meta name=\"description\" content=\"Like Chattijd? Come chat with more than 5.000.000 strangers on Stranger Cam for Free! Turn on your cam and find new friends &amp; maby a match!\" \/>\n<meta name=\"robots\" content=\"index, follow, max-snippet:-1, max-image-preview:large, max-video-preview:-1\" \/>\n<link rel=\"canonical\" href=\"https:\/\/strangercam.com\/cs\/chattijd\/\" \/>\n<meta property=\"og:locale\" content=\"cs_CZ\" \/>\n<meta property=\"og:type\" content=\"article\" \/>\n<meta property=\"og:title\" content=\"Chattijd - Free video chat with girls on StrangerCam.com\" \/>\n<meta property=\"og:description\" content=\"Like Chattijd? Come chat with more than 5.000.000 strangers on Stranger Cam for Free! Turn on your cam and find new friends &amp; maby a match!\" \/>\n<meta property=\"og:url\" content=\"https:\/\/strangercam.com\/cs\/chattijd\/\" \/>\n<meta property=\"og:site_name\" content=\"Strangercam\" \/>\n<meta property=\"article:publisher\" content=\"https:\/\/www.facebook.com\/strangercam\" \/>\n<meta property=\"article:modified_time\" content=\"2025-02-07T11:21:09+00:00\" \/>\n<meta property=\"og:image\" content=\"https:\/\/strangercam.com\/wp-content\/uploads\/2021\/10\/Untitled-2.png\" \/>\n\t<meta property=\"og:image:width\" content=\"800\" \/>\n\t<meta property=\"og:image:height\" content=\"532\" \/>\n\t<meta property=\"og:image:type\" content=\"image\/png\" \/>\n<meta name=\"twitter:card\" content=\"summary_large_image\" \/>\n<meta name=\"twitter:site\" content=\"@strangercamapp\" \/>\n<meta name=\"twitter:label1\" content=\"Odhadovan\u00e1 doba \u010dten\u00ed\" \/>\n\t<meta name=\"twitter:data1\" content=\"6 minut\" \/>\n<script type=\"application\/ld+json\" class=\"yoast-schema-graph\">{\"@context\":\"https:\\\/\\\/schema.org\",\"@graph\":[{\"@type\":\"WebPage\",\"@id\":\"https:\\\/\\\/strangercam.com\\\/chattijd\\\/\",\"url\":\"https:\\\/\\\/strangercam.com\\\/chattijd\\\/\",\"name\":\"Chattijd - Free video chat with girls on StrangerCam.com\",\"isPartOf\":{\"@id\":\"https:\\\/\\\/strangercam.com\\\/#website\"},\"datePublished\":\"2025-02-07T11:19:12+00:00\",\"dateModified\":\"2025-02-07T11:21:09+00:00\",\"description\":\"Like Chattijd? Come chat with more than 5.000.000 strangers on Stranger Cam for Free! Turn on your cam and find new friends & maby a match!\",\"breadcrumb\":{\"@id\":\"https:\\\/\\\/strangercam.com\\\/chattijd\\\/#breadcrumb\"},\"inLanguage\":\"cs\",\"potentialAction\":[{\"@type\":\"ReadAction\",\"target\":[\"https:\\\/\\\/strangercam.com\\\/chattijd\\\/\"]}]},{\"@type\":\"BreadcrumbList\",\"@id\":\"https:\\\/\\\/strangercam.com\\\/chattijd\\\/#breadcrumb\",\"itemListElement\":[{\"@type\":\"ListItem\",\"position\":1,\"name\":\"Home\",\"item\":\"https:\\\/\\\/strangercam.com\\\/\"},{\"@type\":\"ListItem\",\"position\":2,\"name\":\"Chattijd\"}]},{\"@type\":\"WebSite\",\"@id\":\"https:\\\/\\\/strangercam.com\\\/#website\",\"url\":\"https:\\\/\\\/strangercam.com\\\/\",\"name\":\"Strangercam\",\"description\":\"Random Video Chat with Strangers\",\"publisher\":{\"@id\":\"https:\\\/\\\/strangercam.com\\\/#organization\"},\"alternateName\":\"Strangercam.com\",\"potentialAction\":[{\"@type\":\"SearchAction\",\"target\":{\"@type\":\"EntryPoint\",\"urlTemplate\":\"https:\\\/\\\/strangercam.com\\\/?s={search_term_string}\"},\"query-input\":{\"@type\":\"PropertyValueSpecification\",\"valueRequired\":true,\"valueName\":\"search_term_string\"}}],\"inLanguage\":\"cs\"},{\"@type\":\"Organization\",\"@id\":\"https:\\\/\\\/strangercam.com\\\/#organization\",\"name\":\"Strangercam\",\"alternateName\":\"Strangercam.com\",\"url\":\"https:\\\/\\\/strangercam.com\\\/\",\"logo\":{\"@type\":\"ImageObject\",\"inLanguage\":\"cs\",\"@id\":\"https:\\\/\\\/strangercam.com\\\/#\\\/schema\\\/logo\\\/image\\\/\",\"url\":\"https:\\\/\\\/strangercam.com\\\/wp-content\\\/uploads\\\/2020\\\/11\\\/cropped-new-favicon-black.png\",\"contentUrl\":\"https:\\\/\\\/strangercam.com\\\/wp-content\\\/uploads\\\/2020\\\/11\\\/cropped-new-favicon-black.png\",\"width\":512,\"height\":512,\"caption\":\"Strangercam\"},\"image\":{\"@id\":\"https:\\\/\\\/strangercam.com\\\/#\\\/schema\\\/logo\\\/image\\\/\"},\"sameAs\":[\"https:\\\/\\\/www.facebook.com\\\/strangercam\",\"https:\\\/\\\/x.com\\\/strangercamapp\"]}]}<\/script>\n<!-- \/ Yoast SEO plugin. -->","yoast_head_json":{"title":"Chattijd - Bezplatn\u00fd videochat s d\u00edvkami na StrangerCam.com","description":"Jako Chattijd? Poj\u010fte si zdarma popov\u00eddat s v\u00edce ne\u017e 5 000 000 cizinci na Stranger Cam! Zapn\u011bte si kameru a najd\u011bte nov\u00e9 p\u0159\u00e1tele &amp; maby z\u00e1pas!","robots":{"index":"index","follow":"follow","max-snippet":"max-snippet:-1","max-image-preview":"max-image-preview:large","max-video-preview":"max-video-preview:-1"},"canonical":"https:\/\/strangercam.com\/cs\/chattijd\/","og_locale":"cs_CZ","og_type":"article","og_title":"Chattijd - Free video chat with girls on StrangerCam.com","og_description":"Like Chattijd? Come chat with more than 5.000.000 strangers on Stranger Cam for Free! Turn on your cam and find new friends & maby a match!","og_url":"https:\/\/strangercam.com\/cs\/chattijd\/","og_site_name":"Strangercam","article_publisher":"https:\/\/www.facebook.com\/strangercam","article_modified_time":"2025-02-07T11:21:09+00:00","og_image":[{"width":800,"height":532,"url":"https:\/\/strangercam.com\/wp-content\/uploads\/2021\/10\/Untitled-2.png","type":"image\/png"}],"twitter_card":"summary_large_image","twitter_site":"@strangercamapp","twitter_misc":{"Odhadovan\u00e1 doba \u010dten\u00ed":"6 minut"},"schema":{"@context":"https:\/\/schema.org","@graph":[{"@type":"WebPage","@id":"https:\/\/strangercam.com\/chattijd\/","url":"https:\/\/strangercam.com\/chattijd\/","name":"Chattijd - Bezplatn\u00fd videochat s d\u00edvkami na StrangerCam.com","isPartOf":{"@id":"https:\/\/strangercam.com\/#website"},"datePublished":"2025-02-07T11:19:12+00:00","dateModified":"2025-02-07T11:21:09+00:00","description":"Jako Chattijd? Poj\u010fte si zdarma popov\u00eddat s v\u00edce ne\u017e 5 000 000 cizinci na Stranger Cam! Zapn\u011bte si kameru a najd\u011bte nov\u00e9 p\u0159\u00e1tele &amp; maby z\u00e1pas!","breadcrumb":{"@id":"https:\/\/strangercam.com\/chattijd\/#breadcrumb"},"inLanguage":"cs","potentialAction":[{"@type":"ReadAction","target":["https:\/\/strangercam.com\/chattijd\/"]}]},{"@type":"BreadcrumbList","@id":"https:\/\/strangercam.com\/chattijd\/#breadcrumb","itemListElement":[{"@type":"ListItem","position":1,"name":"Home","item":"https:\/\/strangercam.com\/"},{"@type":"ListItem","position":2,"name":"Chattijd"}]},{"@type":"WebSite","@id":"https:\/\/strangercam.com\/#website","url":"https:\/\/strangercam.com\/","name":"Strangercam","description":"N\u00e1hodn\u00fd videochat s ciz\u00edmi lidmi","publisher":{"@id":"https:\/\/strangercam.com\/#organization"},"alternateName":"Strangercam.com","potentialAction":[{"@type":"SearchAction","target":{"@type":"EntryPoint","urlTemplate":"https:\/\/strangercam.com\/?s={search_term_string}"},"query-input":{"@type":"PropertyValueSpecification","valueRequired":true,"valueName":"search_term_string"}}],"inLanguage":"cs"},{"@type":"Organization","@id":"https:\/\/strangercam.com\/#organization","name":"Strangercam","alternateName":"Strangercam.com","url":"https:\/\/strangercam.com\/","logo":{"@type":"ImageObject","inLanguage":"cs","@id":"https:\/\/strangercam.com\/#\/schema\/logo\/image\/","url":"https:\/\/strangercam.com\/wp-content\/uploads\/2020\/11\/cropped-new-favicon-black.png","contentUrl":"https:\/\/strangercam.com\/wp-content\/uploads\/2020\/11\/cropped-new-favicon-black.png","width":512,"height":512,"caption":"Strangercam"},"image":{"@id":"https:\/\/strangercam.com\/#\/schema\/logo\/image\/"},"sameAs":["https:\/\/www.facebook.com\/strangercam","https:\/\/x.com\/strangercamapp"]}]}},"_links":{"self":[{"href":"https:\/\/strangercam.com\/cs\/wp-json\/wp\/v2\/pages\/12702","targetHints":{"allow":["GET"]}}],"collection":[{"href":"https:\/\/strangercam.com\/cs\/wp-json\/wp\/v2\/pages"}],"about":[{"href":"https:\/\/strangercam.com\/cs\/wp-json\/wp\/v2\/types\/page"}],"author":[{"embeddable":true,"href":"https:\/\/strangercam.com\/cs\/wp-json\/wp\/v2\/users\/6"}],"replies":[{"embeddable":true,"href":"https:\/\/strangercam.com\/cs\/wp-json\/wp\/v2\/comments?post=12702"}],"version-history":[{"count":3,"href":"https:\/\/strangercam.com\/cs\/wp-json\/wp\/v2\/pages\/12702\/revisions"}],"predecessor-version":[{"id":12707,"href":"https:\/\/strangercam.com\/cs\/wp-json\/wp\/v2\/pages\/12702\/revisions\/12707"}],"wp:attachment":[{"href":"https:\/\/strangercam.com\/cs\/wp-json\/wp\/v2\/media?parent=12702"}],"curies":[{"name":"wp","href":"https:\/\/api.w.org\/{rel}","templated":true}]}}