{"id":12700,"date":"2025-02-07T13:15:10","date_gmt":"2025-02-07T11:15:10","guid":{"rendered":"https:\/\/strangercam.com\/?page_id=12700"},"modified":"2025-02-07T13:15:40","modified_gmt":"2025-02-07T11:15:40","slug":"omegla","status":"publish","type":"page","link":"https:\/\/strangercam.com\/cs\/omegla\/","title":{"rendered":"Omegla"},"content":{"rendered":"<p>S odchodem Omegle se objevila \u0159ada nov\u00fdch. <a href=\"https:\/\/strangercam.com\/cs\/rabbit-video-chat\/\">video<\/a> <a href=\"https:\/\/strangercam.com\/cs\/chatroulette\/\">chat<\/a> vznikly slu\u017eby, kter\u00e9 tuto mezeru zapl\u0148uj\u00ed. Jednou z nich je i platforma Omegla, kter\u00e1 se inspirovala p\u0159\u00edmo\u010dar\u00fdm p\u0159\u00edstupem Omegle k n\u00e1hodn\u00fdm rozhovor\u016fm mezi \u010dty\u0159ma o\u010dima. A\u0165 u\u017e hled\u00e1te rychlou konverzaci, hled\u00e1te nov\u00e9 p\u0159\u00e1tele po cel\u00e9m sv\u011bt\u011b, nebo jste jen zv\u011bdav\u00ed na nejnov\u011bj\u0161\u00ed inovace inspirovan\u00e9 Omegle, Omegla si klade za c\u00edl poskytnout z\u00e1bavn\u00fd a u\u017eivatelsky p\u0159\u00edv\u011btiv\u00fd z\u00e1\u017eitek z videa. N\u00ed\u017ee najdete ucelen\u00fd p\u0159ehled toho, co Omegla p\u0159in\u00e1\u0161\u00ed - jeho hlavn\u00ed funkce, u\u017eivatelsk\u00e9 rozhran\u00ed, bezpe\u010dnostn\u00ed opat\u0159en\u00ed a srovn\u00e1n\u00ed s jin\u00fdmi za\u0159\u00edzen\u00edmi. <a href=\"https:\/\/strangercam.com\/cs\/omegle\/\">Omegle<\/a> alternativy jako Uhmegle a Omegleweg.<\/p>\n<h2>O spole\u010dnosti Omegla<\/h2>\n<p>Omegla se \u0159\u00edd\u00ed klasick\u00fdm r\u00e1mcem n\u00e1hodn\u00e9ho chatu:<\/p>\n<ol>\n<li><strong>Bezprost\u0159edn\u00ed p\u0159ipojen\u00ed<\/strong>\n<ul>\n<li>Po rychl\u00e9 n\u00e1v\u0161t\u011bv\u011b webu v\u00e1s jedin\u00e9 kliknut\u00ed nebo klepnut\u00ed spoj\u00ed s cizincem z jak\u00e9hokoli koutu sv\u011bta.<\/li>\n<\/ul>\n<\/li>\n<li><strong>Anonymita na prvn\u00edm m\u00edst\u011b<\/strong>\n<ul>\n<li>\u017d\u00e1dn\u00e1 povinn\u00e1 registrace znamen\u00e1, \u017ee se m\u016f\u017eete rovnou pustit do chatov\u00e1n\u00ed. Pokud chcete, m\u016f\u017eete si vytvo\u0159it z\u00e1kladn\u00ed profil, ale nen\u00ed to povinn\u00e9.<\/li>\n<\/ul>\n<\/li>\n<li><strong>Zam\u011b\u0159en\u00ed jeden na jednoho<\/strong>\n<ul>\n<li>Omegla se zam\u011b\u0159uje na <em>individu\u00e1ln\u00ed<\/em> p\u0159ipojen\u00ed - nejsou zde \u017e\u00e1dn\u00e9 velk\u00e9 skupinov\u00e9 m\u00edstnosti ani konferen\u010dn\u00ed funkce, co\u017e odr\u00e1\u017e\u00ed charakteristickou jednoduchost za\u0159\u00edzen\u00ed Omegle.<\/li>\n<\/ul>\n<\/li>\n<\/ol>\n<p>Tento minimalistick\u00fd p\u0159\u00edstup vych\u00e1z\u00ed vst\u0159\u00edc u\u017eivatel\u016fm, kte\u0159\u00ed cht\u011bj\u00ed jednodu\u0161e nasko\u010dit, <a href=\"https:\/\/strangercam.com\/cs\/coomeet\/\">Seznamte se s<\/a> n\u011bkoho nov\u00e9ho a bu\u010f pokra\u010dovat v konverzaci, nebo se p\u0159esunout d\u00e1l, pokud si s n\u011bk\u00fdm nesednete.<\/p>\n<h2>P\u0159ehled kl\u00ed\u010dov\u00fdch funkc\u00ed<\/h2>\n<p>V n\u00e1sleduj\u00edc\u00ed tabulce jsou uvedeny hlavn\u00ed n\u00e1stroje a funkce, kter\u00e9 definuj\u00ed u\u017eivatelsk\u00e9 prost\u0159ed\u00ed Omegly:<\/p>\n<table>\n<thead>\n<tr>\n<th><strong>Funkce<\/strong><\/th>\n<th><strong>Popis<\/strong><\/th>\n<\/tr>\n<\/thead>\n<tbody>\n<tr>\n<td><strong>N\u00e1hodn\u00e9 p\u0159i\u0159azov\u00e1n\u00ed<\/strong><\/td>\n<td>Okam\u017eit\u011b se spojte s n\u00e1hodn\u00fdm u\u017eivatelem a spont\u00e1nn\u011b konverzujte.<\/td>\n<\/tr>\n<tr>\n<td><strong>Mo\u017enost textov\u00e9ho chatu<\/strong><\/td>\n<td>Odes\u00edlejte rychl\u00e9 zpr\u00e1vy spole\u010dn\u011b s \u017eiv\u00fdm videem pro v\u011bt\u0161\u00ed p\u0159ehlednost.<\/td>\n<\/tr>\n<tr>\n<td><strong>Z\u00e1jmov\u00e9 \u0161t\u00edtky<\/strong><\/td>\n<td>P\u0159id\u00e1n\u00edm nebo v\u00fdb\u011brem \u0161irok\u00fdch z\u00e1jm\u016f m\u016f\u017eete n\u00e1hodn\u00e9 shody m\u00edrn\u011b usm\u011brnit.<\/td>\n<\/tr>\n<tr>\n<td><strong>P\u0159esko\u010dit nebo Dal\u0161\u00ed<\/strong><\/td>\n<td>Plynul\u00fd p\u0159echod k nov\u00e9mu u\u017eivateli, pokud aktu\u00e1ln\u00ed p\u0159ipojen\u00ed nevyhovuje.<\/td>\n<\/tr>\n<tr>\n<td><strong>Minim\u00e1ln\u00ed nastaven\u00ed<\/strong><\/td>\n<td>Nevy\u017eaduj\u00ed se \u017e\u00e1dn\u00e9 t\u011b\u017ekop\u00e1dn\u00e9 registrace ani slo\u017eit\u00e1 nastaven\u00ed.<\/td>\n<\/tr>\n<tr>\n<td><strong>N\u00e1stroje pro zp\u011btnou vazbu od u\u017eivatel\u016f<\/strong><\/td>\n<td>Hodno\u0165te nebo nahla\u0161ujte u\u017eivatele a pom\u00e1hejte tak udr\u017eovat standardy komunity.<\/td>\n<\/tr>\n<\/tbody>\n<\/table>\n<p>Omegla je navr\u017eena tak, aby jej\u00ed funkce byly omezen\u00e9 a aby hlavn\u00ed z\u00e1\u017eitek - komunikace s ciz\u00edmi lidmi - z\u016fstal v centru pozornosti.<\/p>\n<h2>U\u017eivatelsk\u00e9 rozhran\u00ed a zku\u0161enosti<\/h2>\n<h3>\u010cist\u00e9 a p\u0159ehledn\u00e9 uspo\u0159\u00e1d\u00e1n\u00ed<\/h3>\n<ul>\n<li><strong>Velk\u00e9 okno videa<\/strong>: V srdci obrazovky uvid\u00edte osobu, se kterou chatujete, bez zbyte\u010dn\u00fdch p\u0159ek\u00e1\u017eek.<\/li>\n<li><strong>Mal\u00fd postrann\u00ed panel\/panel<\/strong>: Z\u00e1kladn\u00ed ovl\u00e1dac\u00ed prvky - spu\u0161t\u011bn\u00ed, dal\u0161\u00ed, textov\u00fd chat a filtry - jsou p\u0159ehledn\u011b uspo\u0159\u00e1d\u00e1ny po stran\u00e1ch.<\/li>\n<li><strong>Zn\u00e1m\u00e9 ovl\u00e1dac\u00ed prvky<\/strong>: Pokud jste pou\u017e\u00edvali Omegle nebo jin\u00e9 podobn\u00e9 platformy, p\u0159izp\u016fsob\u00edte se rozhran\u00ed Omegly okam\u017eit\u011b.<\/li>\n<\/ul>\n<h3>Rychl\u00e1 p\u0159ipojen\u00ed<\/h3>\n<ul>\n<li><strong>N\u00edzk\u00e1 latence<\/strong>: Hlavn\u00ed str\u00e1nka Omegly se na\u010d\u00edt\u00e1 rychle a nalezen\u00ed shody trv\u00e1 jen chv\u00edli.<\/li>\n<li><strong>Adaptivn\u00ed kvalita videa<\/strong>: Syst\u00e9m detekuje rychlost va\u0161eho internetu, aby poskytoval nejlep\u0161\u00ed mo\u017en\u00e9 video bez neust\u00e1l\u00e9ho vyrovn\u00e1vac\u00ed pam\u011bti.<\/li>\n<li><strong>Snadn\u00fd p\u0159echod na \"dal\u0161\u00ed<\/strong>: P\u0159ep\u00edn\u00e1n\u00ed z jednoho u\u017eivatele na druh\u00e9ho m\u00e1lokdy zp\u016fsobuje zpo\u017ed\u011bn\u00ed, tak\u017ee je snadn\u00e9 pokra\u010dovat v chatu, dokud nenajdete toho prav\u00e9ho.<\/li>\n<\/ul>\n<h2>Bezpe\u010dnost a st\u0159\u00eddmost<\/h2>\n<p>Vzhledem k tomu, \u017ee n\u00e1hodn\u00fd chat m\u016f\u017ee b\u00fdt nep\u0159edv\u00eddateln\u00fd, Omegla pou\u017e\u00edv\u00e1 n\u011bkolik opat\u0159en\u00ed k zaji\u0161t\u011bn\u00ed respektuj\u00edc\u00edho prost\u0159ed\u00ed:<\/p>\n<ol>\n<li><strong>Funkce hl\u00e1\u0161en\u00ed\/blok\u016f<\/strong>\n<ul>\n<li>Jedn\u00edm kliknut\u00edm m\u016f\u017eete nahl\u00e1sit u\u017eivatele, kter\u00fd poru\u0161uje standardy komunity. Moder\u00e1torsk\u00fd t\u00fdm p\u0159ezkoum\u00e1 ozna\u010den\u00e9 relace.<\/li>\n<\/ul>\n<\/li>\n<li><strong>Z\u00e1kladn\u00ed pokyny k obsahu<\/strong>\n<ul>\n<li>Jasn\u00e1 pravidla ur\u010duj\u00ed, kter\u00e9 chov\u00e1n\u00ed je zak\u00e1z\u00e1no, a poskytuj\u00ed komunit\u011b u\u017eivatel\u016f dohodnut\u00fd r\u00e1mec.<\/li>\n<\/ul>\n<\/li>\n<li><strong>Hodnocen\u00ed u\u017eivatel\u016f<\/strong>\n<ul>\n<li>V n\u011bkter\u00fdch p\u0159\u00edpadech m\u016f\u017eete zanechat zp\u011btnou vazbu o sv\u00fdch setk\u00e1n\u00edch, \u010d\u00edm\u017e podpo\u0159\u00edte pozitivn\u00ed interakce a odstran\u00edte problematick\u00e9 chov\u00e1n\u00ed.<\/li>\n<\/ul>\n<\/li>\n<\/ol>\n<p>A\u010dkoli \u017e\u00e1dn\u00e1 platforma nem\u016f\u017ee zaru\u010dit dokonalost, tyto n\u00e1stroje podporuj\u00ed bezpe\u010dn\u011bj\u0161\u00ed <a href=\"https:\/\/strangercam.com\/cs\/mocospace\/\">prostor<\/a> ne\u017e voln\u00e1 atmosf\u00e9ra, kter\u00e1 n\u011bkdy su\u017eovala star\u0161\u00ed platformy pro n\u00e1hodn\u00fd chat.<\/p>\n<h2>Porovn\u00e1n\u00ed s dal\u0161\u00edmi alternativami Omegle<\/h2>\n<p>Omegla je jen jednou z n\u011bkolika nov\u011b vznikaj\u00edc\u00edch slu\u017eeb podobn\u00fdch Omegle, jako jsou nap\u0159. <strong>Uhmegle<\/strong> a <strong>Omegleweg<\/strong>. N\u00ed\u017ee je uveden p\u0159ehled jejich porovn\u00e1n\u00ed v kl\u00ed\u010dov\u00fdch aspektech:<\/p>\n<table>\n<thead>\n<tr>\n<th><strong>Platforma<\/strong><\/th>\n<th><strong>Snadn\u00e9 pou\u017e\u00edv\u00e1n\u00ed<\/strong><\/th>\n<th><strong>Kvalita videa<\/strong><\/th>\n<th><strong>Filtry\/zna\u010dky<\/strong><\/th>\n<th><strong>N\u00e1stroje pro pod\u00e1v\u00e1n\u00ed zpr\u00e1v<\/strong><\/th>\n<th><strong>Velikost u\u017eivatelsk\u00e9 z\u00e1kladny<\/strong><\/th>\n<\/tr>\n<\/thead>\n<tbody>\n<tr>\n<td><strong>Omegla<\/strong><\/td>\n<td>Velmi jednoduch\u00e9<\/td>\n<td>Adaptivn\u00ed streamov\u00e1n\u00ed HD<\/td>\n<td>Z\u00e1kladn\u00ed z\u00e1jmy<\/td>\n<td>Rychl\u00e1 zpr\u00e1va\/blok<\/td>\n<td>Rychle rostouc\u00ed<\/td>\n<\/tr>\n<tr>\n<td>Uhmegle<\/td>\n<td>P\u0159\u00edm\u00e9<\/td>\n<td>Obecn\u011b stabiln\u00ed<\/td>\n<td>Pon\u011bkud podrobn\u011bj\u0161\u00ed<\/td>\n<td>T\u00fdm pro kontrolu p\u0159\u00edru\u010dek<\/td>\n<td>Zaveden\u00ed u\u017eivatel\u00e9<\/td>\n<\/tr>\n<tr>\n<td>Omegleweg<\/td>\n<td>Minimalistick\u00fd<\/td>\n<td>Solidn\u00ed (ur\u010dit\u00e1 vyrovn\u00e1vac\u00ed pam\u011b\u0165)<\/td>\n<td>Omezen\u00e9<\/td>\n<td>Z\u00e1kladn\u00ed hl\u00e1\u0161en\u00ed<\/td>\n<td>M\u00edrn\u00e1<\/td>\n<\/tr>\n<\/tbody>\n<\/table>\n<ul>\n<li><strong>Snadn\u00e9 pou\u017e\u00edv\u00e1n\u00ed<\/strong>: V\u0161echny t\u0159i platformy maj\u00ed spole\u010dn\u00fd p\u0159\u00edstup bez p\u0159\u00edkras, ale rozhran\u00ed Omegly je obzvl\u00e1\u0161\u0165 \u010dist\u00e9.<\/li>\n<li><strong>Kvalita videa<\/strong>: Omegla se zam\u011b\u0159uje na adaptivn\u00ed streamov\u00e1n\u00ed a nab\u00edz\u00ed pom\u011brn\u011b konzistentn\u00ed v\u00fdkon.<\/li>\n<li><strong>Filtry\/zna\u010dky<\/strong>: Uhmegle m\u016f\u017ee nab\u00eddnout v\u00edce podrobnost\u00ed, ale z\u00e1kladn\u00ed z\u00e1jmov\u00e9 zna\u010dky Omegly jsou jednoduch\u00e9.<\/li>\n<li><strong>N\u00e1stroje pro pod\u00e1v\u00e1n\u00ed zpr\u00e1v<\/strong>: Omegla je zn\u00e1m\u00e1 sv\u00fdm jednoduch\u00fdm tla\u010d\u00edtkem pro blokov\u00e1n\u00ed a hl\u00e1\u0161en\u00ed, kter\u00e9 zaji\u0161\u0165uje minim\u00e1ln\u00ed p\u0159eru\u0161en\u00ed b\u011bhem \u017eiv\u00fdch relac\u00ed.<\/li>\n<\/ul>\n<h2>Demografick\u00e9 \u00fadaje a aktivita u\u017eivatel\u016f<\/h2>\n<h3>Kdo pou\u017e\u00edv\u00e1 Omeglu?<\/h3>\n<ul>\n<li><strong>Z\u00e1kladn\u00ed v\u011bkov\u00e9 rozmez\u00ed<\/strong>: Velkou \u010d\u00e1st tvo\u0159\u00ed mlad\u00ed dosp\u011bl\u00ed (18-35 let), ale na rychl\u00e9 chaty sem chod\u00ed i star\u0161\u00ed lid\u00e9.<\/li>\n<li><strong>Jazyky<\/strong>: P\u0159ev\u00e1\u017en\u011b anglicky mluv\u00edc\u00ed, ale d\u00edky celosv\u011btov\u00e9 dostupnosti najdete slu\u0161nou \u0161k\u00e1lu dal\u0161\u00edch jazyk\u016f.<\/li>\n<li><strong>Glob\u00e1ln\u00ed spole\u010denstv\u00ed<\/strong>: Siln\u00e9 zastoupen\u00ed v Severn\u00ed Americe a Evrop\u011b a rostouc\u00ed u\u017eivatelsk\u00e1 z\u00e1kladna v n\u011bkter\u00fdch \u010d\u00e1stech Asie a Ji\u017en\u00ed Ameriky.<\/li>\n<\/ul>\n<h3>Trendy pou\u017e\u00edv\u00e1n\u00ed<\/h3>\n<ul>\n<li><strong>\u0160pi\u010dkov\u00e9 \u010dasy<\/strong>: Ve\u010der a o v\u00edkendech, kdy lid\u00e9 odpo\u010d\u00edvaj\u00ed od pr\u00e1ce nebo \u0161koly.<\/li>\n<li><strong>P\u0159\u00edle\u017eitostn\u00e9 chaty<\/strong>: Mnoz\u00ed u\u017eivatel\u00e9 se zde prost\u011b jen bav\u00ed nebo tr\u00e1v\u00ed \u010das.<\/li>\n<li><strong>P\u0159\u00edle\u017eitostn\u00e1 hlubok\u00e1 konverzace<\/strong>: N\u011bkte\u0159\u00ed lid\u00e9 z\u016fst\u00e1vaj\u00ed kv\u016fli smyslupln\u011bj\u0161\u00edm rozhovor\u016fm - kon\u00ed\u010dk\u016fm, glob\u00e1ln\u00edm ud\u00e1lostem nebo kulturn\u00edm v\u00fdm\u011bn\u00e1m.<\/li>\n<\/ul>\n<h2>V\u00fdhody a nev\u00fdhody<\/h2>\n<p>N\u00ed\u017ee je uveden stru\u010dn\u00fd p\u0159ehled siln\u00fdch str\u00e1nek spole\u010dnosti Omegla a potenci\u00e1ln\u00edch oblast\u00ed pro zlep\u0161en\u00ed:<\/p>\n<table>\n<thead>\n<tr>\n<th><strong>Klady<\/strong><\/th>\n<th><strong>Nev\u00fdhody<\/strong><\/th>\n<\/tr>\n<\/thead>\n<tbody>\n<tr>\n<td>\u2013 <strong>Okam\u017eit\u00e9 n\u00e1hodn\u00e9 chaty<\/strong>: Tla\u010d\u00edtko rychl\u00e9ho spu\u0161t\u011bn\u00ed v\u00e1m umo\u017en\u00ed rychl\u00fd chat.<\/td>\n<td>\u2013 <strong>Potenci\u00e1ln\u00ed nevhodn\u00fd obsah<\/strong>: N\u00e1hodn\u00e1 povaha znamen\u00e1 p\u0159ekvapen\u00ed.<\/td>\n<\/tr>\n<tr>\n<td>\u2013 <strong>Registrace nen\u00ed nutn\u00e1<\/strong>: P\u0159ipojte se bez sd\u00edlen\u00ed osobn\u00edch \u00fadaj\u016f.<\/td>\n<td>\u2013 <strong>Omezen\u00e9 filtrov\u00e1n\u00ed<\/strong>: Z\u00e1kladn\u00ed zna\u010dky umo\u017e\u0148uj\u00ed pouze up\u0159esn\u011bn\u00ed podle \u0161irok\u00fdch t\u00e9mat.<\/td>\n<\/tr>\n<tr>\n<td>\u2013 <strong>Rychl\u00e1 a stabiln\u00ed p\u0159ipojen\u00ed<\/strong>: Adaptivn\u00ed streamov\u00e1n\u00ed zaji\u0161\u0165uje plynulost hovor\u016f.<\/td>\n<td>\u2013 <strong>\u017d\u00e1dn\u00e9 p\u0159izp\u016fsoben\u00ed profilu<\/strong>: Ti, kte\u0159\u00ed hledaj\u00ed v\u011bt\u0161\u00ed personalizaci, se mohou c\u00edtit omezeni.<\/td>\n<\/tr>\n<tr>\n<td>\u2013 <strong>Jednoduch\u00e9 rozhran\u00ed<\/strong>: Minim\u00e1ln\u00ed k\u0159ivka u\u010den\u00ed pro nov\u00e1\u010dky.<\/td>\n<td>\u2013 <strong>Spol\u00e9h\u00e1n\u00ed se na zpr\u00e1vy u\u017eivatel\u016f<\/strong>: \u00da\u010dinnost moderov\u00e1n\u00ed z\u00e1vis\u00ed na bd\u011blosti komunity.<\/td>\n<\/tr>\n<\/tbody>\n<\/table>\n<h2>Navrhovan\u00e1 budouc\u00ed vylep\u0161en\u00ed<\/h2>\n<p>Omegla se neust\u00e1le vyv\u00edj\u00ed a u\u017eivatel\u00e9 \u010dasto sd\u00edlej\u00ed zp\u011btnou vazbu. Mezi mo\u017en\u00e1 vylep\u0161en\u00ed pat\u0159\u00ed:<\/p>\n<ol>\n<li><strong>Roz\u0161\u00ed\u0159en\u00e9 z\u00e1jmov\u00e9 kategorie<\/strong>\n<ul>\n<li>Umo\u017en\u011bte u\u017eivatel\u016fm vyb\u00edrat z \u0161ir\u0161\u00edho souboru z\u00e1jm\u016f, aby byla p\u0159ipojen\u00ed relevantn\u011bj\u0161\u00ed.<\/li>\n<\/ul>\n<\/li>\n<li><strong>Voliteln\u00e9 u\u017eivatelsk\u00e9 jm\u00e9no nebo profil<\/strong>\n<ul>\n<li>Nab\u00eddn\u011bte trochu v\u00edce personalizace pro ty, kte\u0159\u00ed cht\u011bj\u00ed sledovat p\u0159\u00e1telsk\u00e9 z\u00e1pasy.<\/li>\n<\/ul>\n<\/li>\n<li><strong>Vestav\u011bn\u00fd p\u0159eklad<\/strong>\n<ul>\n<li>Usnadn\u011bte si konverzaci v r\u016fzn\u00fdch jazyc\u00edch a z\u00edskejte je\u0161t\u011b glob\u00e1ln\u011bj\u0161\u00ed z\u00e1\u017eitek.<\/li>\n<\/ul>\n<\/li>\n<li><strong>Okam\u017eit\u00e9 filtrov\u00e1n\u00ed nevhodn\u00e9ho obsahu<\/strong>\n<ul>\n<li>Detekce zalo\u017een\u00e1 na um\u011bl\u00e9 inteligenci by mohla pomoci rychleji omezit explicitn\u00ed nebo ur\u00e1\u017eliv\u00e9 chov\u00e1n\u00ed.<\/li>\n<\/ul>\n<\/li>\n<\/ol>\n<h2>Za\u010d\u00edn\u00e1me: Rychl\u00fd pr\u016fvodce<\/h2>\n<p>Jste p\u0159ipraveni vyzkou\u0161et Omeglu? Zde je kr\u00e1tk\u00fd n\u00e1vod:<\/p>\n<ol>\n<li><strong>Nav\u0161tivte Omegla<\/strong>: Vstupte na webov\u00e9 str\u00e1nky p\u0159\u00edmo v jak\u00e9mkoli b\u011b\u017en\u00e9m prohl\u00ed\u017ee\u010di.<\/li>\n<li><strong>Povolen\u00ed kamery a mikrofonu<\/strong>: Ud\u011blte pot\u0159ebn\u00e1 opr\u00e1vn\u011bn\u00ed pro zvuk a video.<\/li>\n<li><strong>V\u00fdb\u011br z\u00e1jm\u016f (voliteln\u00e9)<\/strong>: Vyberte n\u011bkolik \u0161irok\u00fdch zna\u010dek, kter\u00e9 budou slou\u017eit jako vod\u00edtko pro n\u00e1hodn\u00e9 p\u0159i\u0159azov\u00e1n\u00ed.<\/li>\n<li><strong>Klikn\u011bte na tla\u010d\u00edtko \"Start\".<\/strong>: Rychle budete sp\u00e1rov\u00e1ni s jin\u00fdm u\u017eivatelem.<\/li>\n<li><strong>Chatovat nebo p\u0159esko\u010dit<\/strong>: Pokud v\u00e1m nevyhovuje, klikn\u011bte na tla\u010d\u00edtko \"Dal\u0161\u00ed\" a pokra\u010dujte d\u00e1l.<\/li>\n<li><strong>Blok\/hl\u00e1\u0161en\u00ed<\/strong>: Pokud n\u011bkter\u00fd z u\u017eivatel\u016f poru\u0161\u00ed pokyny, je k dispozici mo\u017enost nahl\u00e1\u0161en\u00ed jedn\u00edm kliknut\u00edm.<\/li>\n<\/ol>\n<p>B\u011bhem n\u011bkolika vte\u0159in jste online a seznamujete se s nov\u00fdmi lidmi - nen\u00ed t\u0159eba zdlouhav\u00e9 registrace.<\/p>\n<h2>Z\u00e1v\u011br<\/h2>\n<p>Ve sv\u011bt\u011b, kde absence Omegle zanechala mezeru pro fanou\u0161ky spont\u00e1nn\u00edch videochat\u016f, se Omegla prezentuje jako jednoduch\u00e1 a modern\u00ed alternativa. Jej\u00ed minim\u00e1ln\u00ed rozhran\u00ed, rychl\u00e1 p\u0159ipojen\u00ed a snaha o u\u017eivatelsky p\u0159\u00edv\u011btiv\u00e9 funkce odr\u00e1\u017eej\u00ed podstatu toho, co \u010dinilo p\u016fvodn\u00ed Omegle tak p\u0159ita\u017eliv\u00fdm.<\/p>\n<p>A\u010dkoli moderov\u00e1n\u00ed na jak\u00e9koli n\u00e1hodn\u00e9 platform\u011b nen\u00ed nikdy spolehliv\u00e9, n\u00e1stroje Omegly pro hl\u00e1\u0161en\u00ed a blokov\u00e1n\u00ed maj\u00ed za c\u00edl udr\u017eet pozitivn\u011bj\u0161\u00ed atmosf\u00e9ru. T\u011bm, kte\u0159\u00ed tou\u017e\u00ed po n\u00e1hodn\u00fdch mezin\u00e1rodn\u00edch interakc\u00edch bez nutnosti vytv\u00e1\u0159et \u00fa\u010dty nebo proch\u00e1zet nes\u010detn\u00e1 nastaven\u00ed, nab\u00edz\u00ed Omegla poutav\u00fd z\u00e1\u017eitek bez zbyte\u010dnost\u00ed. S pokra\u010duj\u00edc\u00edm zdokonalov\u00e1n\u00edm a citliv\u00fdm moderov\u00e1n\u00edm m\u00e1 potenci\u00e1l vybojovat si stabiln\u00ed m\u00edsto mezi popul\u00e1rn\u00edmi n\u00e1stupci Omegle, jako jsou Uhmegle a Omegleweg.<\/p>\n<p>Pokud hled\u00e1te klasickou atmosf\u00e9ru \"cizince na jedno kliknut\u00ed\", Omegla by mohla b\u00fdt va\u0161\u00edm dal\u0161\u00edm obl\u00edben\u00fdm m\u00edstem pro setk\u00e1v\u00e1n\u00ed s lidmi z cel\u00e9ho sv\u011bta - jeden spont\u00e1nn\u00ed chat za druh\u00fdm.<\/p>","protected":false},"excerpt":{"rendered":"<p>With Omegle\u2019s departure, a variety of new video chat services have emerged to fill the gap. Omegla is one such platform, taking inspiration from Omegle\u2019s straightforward approach to random one-on-one chatting. Whether you\u2019re looking for a quick conversation, seeking new friends worldwide, or just curious about the latest Omegle-inspired innovations, Omegla aims to provide a [&hellip;]<\/p>\n","protected":false},"author":6,"featured_media":0,"parent":0,"menu_order":0,"comment_status":"closed","ping_status":"closed","template":"","meta":{"footnotes":""},"class_list":["post-12700","page","type-page","status-publish","hentry"],"yoast_head":"<!-- This site is optimized with the Yoast SEO plugin v27.4 - https:\/\/yoast.com\/product\/yoast-seo-wordpress\/ -->\n<title>Omegla - Free video chat with girls on StrangerCam.com<\/title>\n<meta name=\"description\" content=\"Like Omegla? Come chat with more than 5.000.000 strangers on Stranger Cam for Free! Turn on your cam and find new friends &amp; maby a match!\" \/>\n<meta name=\"robots\" content=\"index, follow, max-snippet:-1, max-image-preview:large, max-video-preview:-1\" \/>\n<link rel=\"canonical\" href=\"https:\/\/strangercam.com\/cs\/omegla\/\" \/>\n<meta property=\"og:locale\" content=\"cs_CZ\" \/>\n<meta property=\"og:type\" content=\"article\" \/>\n<meta property=\"og:title\" content=\"Omegla - Free video chat with girls on StrangerCam.com\" \/>\n<meta property=\"og:description\" content=\"Like Omegla? Come chat with more than 5.000.000 strangers on Stranger Cam for Free! Turn on your cam and find new friends &amp; maby a match!\" \/>\n<meta property=\"og:url\" content=\"https:\/\/strangercam.com\/cs\/omegla\/\" \/>\n<meta property=\"og:site_name\" content=\"Strangercam\" \/>\n<meta property=\"article:publisher\" content=\"https:\/\/www.facebook.com\/strangercam\" \/>\n<meta property=\"article:modified_time\" content=\"2025-02-07T11:15:40+00:00\" \/>\n<meta property=\"og:image\" content=\"https:\/\/strangercam.com\/wp-content\/uploads\/2021\/10\/Untitled-2.png\" \/>\n\t<meta property=\"og:image:width\" content=\"800\" \/>\n\t<meta property=\"og:image:height\" content=\"532\" \/>\n\t<meta property=\"og:image:type\" content=\"image\/png\" \/>\n<meta name=\"twitter:card\" content=\"summary_large_image\" \/>\n<meta name=\"twitter:site\" content=\"@strangercamapp\" \/>\n<meta name=\"twitter:label1\" content=\"Odhadovan\u00e1 doba \u010dten\u00ed\" \/>\n\t<meta name=\"twitter:data1\" content=\"6 minut\" \/>\n<script type=\"application\/ld+json\" class=\"yoast-schema-graph\">{\"@context\":\"https:\\\/\\\/schema.org\",\"@graph\":[{\"@type\":\"WebPage\",\"@id\":\"https:\\\/\\\/strangercam.com\\\/omegla\\\/\",\"url\":\"https:\\\/\\\/strangercam.com\\\/omegla\\\/\",\"name\":\"Omegla - Free video chat with girls on StrangerCam.com\",\"isPartOf\":{\"@id\":\"https:\\\/\\\/strangercam.com\\\/#website\"},\"datePublished\":\"2025-02-07T11:15:10+00:00\",\"dateModified\":\"2025-02-07T11:15:40+00:00\",\"description\":\"Like Omegla? Come chat with more than 5.000.000 strangers on Stranger Cam for Free! Turn on your cam and find new friends & maby a match!\",\"breadcrumb\":{\"@id\":\"https:\\\/\\\/strangercam.com\\\/omegla\\\/#breadcrumb\"},\"inLanguage\":\"cs\",\"potentialAction\":[{\"@type\":\"ReadAction\",\"target\":[\"https:\\\/\\\/strangercam.com\\\/omegla\\\/\"]}]},{\"@type\":\"BreadcrumbList\",\"@id\":\"https:\\\/\\\/strangercam.com\\\/omegla\\\/#breadcrumb\",\"itemListElement\":[{\"@type\":\"ListItem\",\"position\":1,\"name\":\"Home\",\"item\":\"https:\\\/\\\/strangercam.com\\\/\"},{\"@type\":\"ListItem\",\"position\":2,\"name\":\"Omegla\"}]},{\"@type\":\"WebSite\",\"@id\":\"https:\\\/\\\/strangercam.com\\\/#website\",\"url\":\"https:\\\/\\\/strangercam.com\\\/\",\"name\":\"Strangercam\",\"description\":\"Random Video Chat with Strangers\",\"publisher\":{\"@id\":\"https:\\\/\\\/strangercam.com\\\/#organization\"},\"alternateName\":\"Strangercam.com\",\"potentialAction\":[{\"@type\":\"SearchAction\",\"target\":{\"@type\":\"EntryPoint\",\"urlTemplate\":\"https:\\\/\\\/strangercam.com\\\/?s={search_term_string}\"},\"query-input\":{\"@type\":\"PropertyValueSpecification\",\"valueRequired\":true,\"valueName\":\"search_term_string\"}}],\"inLanguage\":\"cs\"},{\"@type\":\"Organization\",\"@id\":\"https:\\\/\\\/strangercam.com\\\/#organization\",\"name\":\"Strangercam\",\"alternateName\":\"Strangercam.com\",\"url\":\"https:\\\/\\\/strangercam.com\\\/\",\"logo\":{\"@type\":\"ImageObject\",\"inLanguage\":\"cs\",\"@id\":\"https:\\\/\\\/strangercam.com\\\/#\\\/schema\\\/logo\\\/image\\\/\",\"url\":\"https:\\\/\\\/strangercam.com\\\/wp-content\\\/uploads\\\/2020\\\/11\\\/cropped-new-favicon-black.png\",\"contentUrl\":\"https:\\\/\\\/strangercam.com\\\/wp-content\\\/uploads\\\/2020\\\/11\\\/cropped-new-favicon-black.png\",\"width\":512,\"height\":512,\"caption\":\"Strangercam\"},\"image\":{\"@id\":\"https:\\\/\\\/strangercam.com\\\/#\\\/schema\\\/logo\\\/image\\\/\"},\"sameAs\":[\"https:\\\/\\\/www.facebook.com\\\/strangercam\",\"https:\\\/\\\/x.com\\\/strangercamapp\"]}]}<\/script>\n<!-- \/ Yoast SEO plugin. -->","yoast_head_json":{"title":"Omegla - Bezplatn\u00fd videochat s d\u00edvkami na StrangerCam.com","description":"Jako Omegla? Poj\u010fte si zdarma popov\u00eddat s v\u00edce ne\u017e 5 000 000 cizinci na Stranger Cam! Zapn\u011bte kameru a najd\u011bte nov\u00e9 p\u0159\u00e1tele &amp; maby z\u00e1pas!","robots":{"index":"index","follow":"follow","max-snippet":"max-snippet:-1","max-image-preview":"max-image-preview:large","max-video-preview":"max-video-preview:-1"},"canonical":"https:\/\/strangercam.com\/cs\/omegla\/","og_locale":"cs_CZ","og_type":"article","og_title":"Omegla - Free video chat with girls on StrangerCam.com","og_description":"Like Omegla? Come chat with more than 5.000.000 strangers on Stranger Cam for Free! Turn on your cam and find new friends & maby a match!","og_url":"https:\/\/strangercam.com\/cs\/omegla\/","og_site_name":"Strangercam","article_publisher":"https:\/\/www.facebook.com\/strangercam","article_modified_time":"2025-02-07T11:15:40+00:00","og_image":[{"width":800,"height":532,"url":"https:\/\/strangercam.com\/wp-content\/uploads\/2021\/10\/Untitled-2.png","type":"image\/png"}],"twitter_card":"summary_large_image","twitter_site":"@strangercamapp","twitter_misc":{"Odhadovan\u00e1 doba \u010dten\u00ed":"6 minut"},"schema":{"@context":"https:\/\/schema.org","@graph":[{"@type":"WebPage","@id":"https:\/\/strangercam.com\/omegla\/","url":"https:\/\/strangercam.com\/omegla\/","name":"Omegla - Bezplatn\u00fd videochat s d\u00edvkami na StrangerCam.com","isPartOf":{"@id":"https:\/\/strangercam.com\/#website"},"datePublished":"2025-02-07T11:15:10+00:00","dateModified":"2025-02-07T11:15:40+00:00","description":"Jako Omegla? Poj\u010fte si zdarma popov\u00eddat s v\u00edce ne\u017e 5 000 000 cizinci na Stranger Cam! Zapn\u011bte kameru a najd\u011bte nov\u00e9 p\u0159\u00e1tele &amp; maby z\u00e1pas!","breadcrumb":{"@id":"https:\/\/strangercam.com\/omegla\/#breadcrumb"},"inLanguage":"cs","potentialAction":[{"@type":"ReadAction","target":["https:\/\/strangercam.com\/omegla\/"]}]},{"@type":"BreadcrumbList","@id":"https:\/\/strangercam.com\/omegla\/#breadcrumb","itemListElement":[{"@type":"ListItem","position":1,"name":"Home","item":"https:\/\/strangercam.com\/"},{"@type":"ListItem","position":2,"name":"Omegla"}]},{"@type":"WebSite","@id":"https:\/\/strangercam.com\/#website","url":"https:\/\/strangercam.com\/","name":"Strangercam","description":"N\u00e1hodn\u00fd videochat s ciz\u00edmi lidmi","publisher":{"@id":"https:\/\/strangercam.com\/#organization"},"alternateName":"Strangercam.com","potentialAction":[{"@type":"SearchAction","target":{"@type":"EntryPoint","urlTemplate":"https:\/\/strangercam.com\/?s={search_term_string}"},"query-input":{"@type":"PropertyValueSpecification","valueRequired":true,"valueName":"search_term_string"}}],"inLanguage":"cs"},{"@type":"Organization","@id":"https:\/\/strangercam.com\/#organization","name":"Strangercam","alternateName":"Strangercam.com","url":"https:\/\/strangercam.com\/","logo":{"@type":"ImageObject","inLanguage":"cs","@id":"https:\/\/strangercam.com\/#\/schema\/logo\/image\/","url":"https:\/\/strangercam.com\/wp-content\/uploads\/2020\/11\/cropped-new-favicon-black.png","contentUrl":"https:\/\/strangercam.com\/wp-content\/uploads\/2020\/11\/cropped-new-favicon-black.png","width":512,"height":512,"caption":"Strangercam"},"image":{"@id":"https:\/\/strangercam.com\/#\/schema\/logo\/image\/"},"sameAs":["https:\/\/www.facebook.com\/strangercam","https:\/\/x.com\/strangercamapp"]}]}},"_links":{"self":[{"href":"https:\/\/strangercam.com\/cs\/wp-json\/wp\/v2\/pages\/12700","targetHints":{"allow":["GET"]}}],"collection":[{"href":"https:\/\/strangercam.com\/cs\/wp-json\/wp\/v2\/pages"}],"about":[{"href":"https:\/\/strangercam.com\/cs\/wp-json\/wp\/v2\/types\/page"}],"author":[{"embeddable":true,"href":"https:\/\/strangercam.com\/cs\/wp-json\/wp\/v2\/users\/6"}],"replies":[{"embeddable":true,"href":"https:\/\/strangercam.com\/cs\/wp-json\/wp\/v2\/comments?post=12700"}],"version-history":[{"count":1,"href":"https:\/\/strangercam.com\/cs\/wp-json\/wp\/v2\/pages\/12700\/revisions"}],"predecessor-version":[{"id":12701,"href":"https:\/\/strangercam.com\/cs\/wp-json\/wp\/v2\/pages\/12700\/revisions\/12701"}],"wp:attachment":[{"href":"https:\/\/strangercam.com\/cs\/wp-json\/wp\/v2\/media?parent=12700"}],"curies":[{"name":"wp","href":"https:\/\/api.w.org\/{rel}","templated":true}]}}