{"id":12683,"date":"2025-01-29T10:35:45","date_gmt":"2025-01-29T08:35:45","guid":{"rendered":"https:\/\/strangercam.com\/?page_id=12683"},"modified":"2025-02-04T09:27:22","modified_gmt":"2025-02-04T07:27:22","slug":"pink-video-chat","status":"publish","type":"page","link":"https:\/\/strangercam.com\/cs\/pink-video-chat\/","title":{"rendered":"R\u016f\u017eov\u00fd video chat"},"content":{"rendered":"<p>Hled\u00e1te \u017eiv\u00fd a spont\u00e1nn\u00ed zp\u016fsob, jak si u\u017e\u00edt <a href=\"https:\/\/strangercam.com\/cs\/coomeet\/\">Seznamte se s<\/a> nov\u00e9 lidi online? R\u016f\u017eov\u00e9 video <a href=\"https:\/\/strangercam.com\/cs\/chatroulette\/\">Chat<\/a> nab\u00edz\u00ed z\u00e1bavnou alternativu k platform\u00e1m, jako je Chatrandom, a zam\u011b\u0159uje se na n\u00e1hodn\u00e1 video spojen\u00ed, kter\u00e1 podn\u011bcuj\u00ed nov\u00e9 konverzace po cel\u00e9m sv\u011bt\u011b. V tomto pr\u016fvodci se sezn\u00e1m\u00edme s hlavn\u00edmi funkcemi Pink Video Chat, s t\u00edm, \u010d\u00edm se li\u0161\u00ed od ostatn\u00edch str\u00e1nek pro n\u00e1hodn\u00fd chat, a s t\u00edm, co z n\u00ed d\u011bl\u00e1 bezpe\u010dnou a z\u00e1bavnou mo\u017enost pro ty, kte\u0159\u00ed maj\u00ed r\u00e1di rychl\u00e1 spole\u010densk\u00e1 setk\u00e1n\u00ed.<\/p>\n<h2>Kl\u00ed\u010dov\u00e9 vlastnosti<\/h2>\n<p>R\u016f\u017eov\u00e1 <a href=\"https:\/\/strangercam.com\/cs\/rabbit-video-chat\/\">Videochat<\/a> je jednoduch\u00e1 a p\u0159itom poutav\u00e1 metoda, jak se spojit s ciz\u00edmi lidmi v re\u00e1ln\u00e9m \u010dase. Od u\u017eivatelsky p\u0159\u00edv\u011btiv\u00e9ho rozhran\u00ed a\u017e po kreativn\u00ed dopl\u0148ky - c\u00edlem je, aby konverzace byla z\u00e1bavn\u00e1 a bezpe\u010dn\u00e1.<\/p>\n<ul>\n<li><strong>N\u00e1hodn\u00e9 porovn\u00e1v\u00e1n\u00ed vide\u00ed<\/strong>: Okam\u017eit\u011b se spojte s ciz\u00edmi lidmi a pus\u0165te se do neform\u00e1ln\u00edch videochat\u016f.<\/li>\n<li><strong>\u00da\u010dinky ledoborce<\/strong>: Konverzace m\u016f\u017eete zpest\u0159it hrav\u00fdmi maskami, filtry a dal\u0161\u00edmi vizu\u00e1ln\u00edmi prvky.<\/li>\n<li><strong>Rychl\u00e1 navigace<\/strong>: Rychle p\u0159ech\u00e1z\u00edte z jednoho chatu do druh\u00e9ho, tak\u017ee str\u00e1v\u00edte v\u00edce \u010dasu hovorem a m\u00e9n\u011b \u010dek\u00e1n\u00edm.<\/li>\n<li><strong>Optimalizovan\u00e9 pro mobiln\u00ed za\u0159\u00edzen\u00ed<\/strong>: A\u0165 u\u017e na chytr\u00e9m telefonu, nebo na stoln\u00edm po\u010d\u00edta\u010di, u\u017e\u00edvejte si plynul\u00e9 videochaty bez ztr\u00e1ty kvality.<\/li>\n<\/ul>\n<h2>N\u00e1hodn\u00e9 zku\u0161enosti s videochatem<\/h2>\n<p>Hlavn\u00ed kouzlo slu\u017eby Pink Video Chat spo\u010d\u00edv\u00e1 v tom, \u017ee v\u00e1s dok\u00e1\u017ee spojit s ciz\u00edmi lidmi, jeden na jednoho, pouh\u00fdm kliknut\u00edm na tla\u010d\u00edtko.<\/p>\n<h3>Okam\u017eit\u00e1 p\u0159ipojen\u00ed<\/h3>\n<p>Jakmile stisknete tla\u010d\u00edtko \u201cStart\u201d, algoritmus Pink Video Chat rychle najde partnera p\u0159ipraven\u00e9ho k videokonverzaci. Nepot\u0159ebujete \u017e\u00e1dn\u00e9 rozs\u00e1hl\u00e9 profily ani slo\u017eit\u00e9 filtry - jen spont\u00e1nn\u00ed dialog.<\/p>\n<h3>Mo\u017enost Auto Next<\/h3>\n<p>Pokud v\u00e1m aktu\u00e1ln\u00ed konverzace nevyhovuje, jedin\u00fdm klepnut\u00edm na tla\u010d\u00edtko \"Dal\u0161\u00ed\" se spoj\u00edte s nov\u00fdm prot\u011bj\u0161kem, \u010d\u00edm\u017e udr\u017e\u00edte \u017eiv\u00e9 tempo a objev\u00edte dal\u0161\u00ed lidi.<\/p>\n<h3>Glob\u00e1ln\u00ed spole\u010denstv\u00ed<\/h3>\n<p>U\u017eivatelsk\u00e1 z\u00e1kladna Pink Video Chat se rozprost\u00edr\u00e1 po cel\u00e9m sv\u011bt\u011b, tak\u017ee m\u00e1te mo\u017enost chatovat s lidmi z r\u016fzn\u00fdch prost\u0159ed\u00ed. Je ide\u00e1ln\u00ed pro u\u010den\u00ed se nov\u00fdch jazyk\u016f nebo pozn\u00e1v\u00e1n\u00ed mezin\u00e1rodn\u00edch kultur v p\u0159\u00e1telsk\u00e9m prost\u0159ed\u00ed tv\u00e1\u0159\u00ed v tv\u00e1\u0159.<\/p>\n<h2>Z\u00e1bavn\u00e9 dopl\u0148ky<\/h2>\n<p>Krom\u011b z\u00e1kladn\u00ed funkce n\u00e1hodn\u00e9ho chatu nab\u00edz\u00ed Pink Video Chat zaj\u00edmav\u00e9 dopl\u0148ky, kter\u00e9 zvy\u0161uj\u00ed zapojen\u00ed a prolamuj\u00ed ledy.<\/p>\n<table>\n<thead>\n<tr>\n<th>Funkce<\/th>\n<th>Popis<\/th>\n<\/tr>\n<\/thead>\n<tbody>\n<tr>\n<td><strong>Digit\u00e1ln\u00ed masky a filtry<\/strong><\/td>\n<td>Zm\u011b\u0148te sv\u016fj vzhled na obrazovce pomoc\u00ed nep\u0159edv\u00eddateln\u00fdch p\u0159ekryv\u016f, vtipn\u00fdch klobouk\u016f nebo animovan\u00fdch efekt\u016f.<\/td>\n<\/tr>\n<tr>\n<td><strong>Integrace textov\u00e9ho chatu<\/strong><\/td>\n<td>Pokud zpo\u010d\u00e1tku nechcete mluvit na kameru, napi\u0161te rychlou zpr\u00e1vu nebo sd\u00edlejte odkazy.<\/td>\n<\/tr>\n<tr>\n<td><strong>N\u00e1stroj pro po\u0159izov\u00e1n\u00ed sn\u00edmk\u016f<\/strong><\/td>\n<td>Zachy\u0165te nezapomenuteln\u00e9 okam\u017eiky (se souhlasem), abyste se k nim mohli vr\u00e1tit i po skon\u010den\u00ed focen\u00ed.<\/td>\n<\/tr>\n<tr>\n<td><strong>Z\u00e1jmov\u00e9 \u0161t\u00edtky<\/strong><\/td>\n<td>Uve\u010fte kl\u00ed\u010dov\u00e1 slova (hudba, sport, cestov\u00e1n\u00ed), aby v\u00e1m platforma mohla nab\u00eddnout relevantn\u011bj\u0161\u00ed shody.<\/td>\n<\/tr>\n<\/tbody>\n<\/table>\n<h2>U\u017eivatelsk\u00e9 rozhran\u00ed a zku\u0161enosti<\/h2>\n<p>Rozvr\u017een\u00ed Pink Video Chat se sna\u017e\u00ed b\u00fdt p\u0159ehledn\u00e9, omezuje nep\u0159ehlednost a up\u0159ednost\u0148uje snadn\u00e9 interakce.<\/p>\n<h3>Design a navigace<\/h3>\n<ul>\n<li><strong>Minimalistick\u00e9 nastaven\u00ed<\/strong>: P\u0159ehledn\u00e1 tla\u010d\u00edtka \"Start\", \"Stop\" a \"Dal\u0161\u00ed\" v\u00e1m pomohou p\u0159evz\u00edt kontrolu nad p\u0159ipojen\u00edm.<\/li>\n<li><strong>Nab\u00eddky zalo\u017een\u00e9 na ikon\u00e1ch<\/strong>: Rychle vyhledejte dopl\u0148ky, jako jsou filtry, textov\u00fd chat a funkce hl\u00e1\u0161en\u00ed.<\/li>\n<li><strong>Responzivn\u00ed rozvr\u017een\u00ed<\/strong>: Funguje dob\u0159e na mobiln\u00edch za\u0159\u00edzen\u00edch i na stoln\u00edch po\u010d\u00edta\u010d\u00edch, tak\u017ee chaty vypadaj\u00ed skv\u011ble na jak\u00e9koli obrazovce.<\/li>\n<\/ul>\n<h3>Profil a p\u0159izp\u016fsoben\u00ed<\/h3>\n<ul>\n<li><strong>Voliteln\u00e1 u\u017eivatelsk\u00e1 jm\u00e9na<\/strong>: Pokud chcete, aby v\u00e1s nav\u0161t\u011bvovali opakovan\u011b, vytvo\u0159te si kr\u00e1tk\u00fd profil nebo z\u016fsta\u0148te anonymn\u00ed pro v\u011bt\u0161\u00ed soukrom\u00ed.<\/li>\n<li><strong>P\u0159edvolby ozn\u00e1men\u00ed<\/strong>: Ovl\u00e1d\u00e1n\u00ed upozorn\u011bn\u00ed na \u017e\u00e1dosti o p\u0159\u00e1telstv\u00ed nebo nov\u00e9 funkce.<\/li>\n<li><strong>Nastaven\u00ed ochrany osobn\u00edch \u00fadaj\u016f<\/strong>: Omezte sd\u00edlen\u00ed polohy a upravte, kter\u00e9 informace jsou viditeln\u00e9 pro ostatn\u00ed.<\/li>\n<\/ul>\n<h2>V\u00fdkon<\/h2>\n<p>Pro v\u0161echny <a href=\"https:\/\/strangercam.com\/cs\/chathub\/\">n\u00e1hodn\u00fd videochat<\/a> platforma, rychlost a spolehlivost jsou kl\u00ed\u010dov\u00e9. Pink Video Chat vyva\u017euje kvalitu a u\u017eivatelsky p\u0159\u00edv\u011btiv\u00fd design.<\/p>\n<h3>Stabiln\u00ed p\u0159ipojen\u00ed<\/h3>\n<ul>\n<li><strong>Optimalizovan\u00e9 servery<\/strong>: Navr\u017eeno pro sn\u00ed\u017een\u00ed zpo\u017ed\u011bn\u00ed a p\u0159irozen\u00fd pocit z konverzace.<\/li>\n<li><strong>Adaptivn\u00ed kvalita streamov\u00e1n\u00ed<\/strong>: Automaticky upravuje rozli\u0161en\u00ed podle \u0161\u00ed\u0159ky p\u00e1sma internetu.<\/li>\n<li><strong>Datov\u011b p\u0159\u00edv\u011btiv\u00fd mobiln\u00ed re\u017eim<\/strong>: Mo\u017enosti ni\u017e\u0161\u00ed spot\u0159eby dat v mobiln\u00edch s\u00edt\u00edch pom\u00e1haj\u00ed udr\u017eet plynulost videa.<\/li>\n<\/ul>\n<h2>Bezpe\u010dnost a st\u0159\u00eddmost<\/h2>\n<p>N\u00e1hodn\u00e9 videochaty mohou u\u017eivatele vystavit nevhodn\u00fdm interakc\u00edm, proto Pink Video Chat up\u0159ednost\u0148uje moderov\u00e1n\u00ed.<\/p>\n<h3>Monitorov\u00e1n\u00ed Spole\u010denstv\u00ed<\/h3>\n<ul>\n<li><strong>Hl\u00e1\u0161en\u00ed &amp; blokov\u00e1n\u00ed<\/strong>: Okam\u017eit\u011b nahlaste u\u017eivatele, kte\u0159\u00ed poru\u0161uj\u00ed pravidla, a zablokujte budouc\u00ed kontakt, abyste zachovali p\u0159\u00edjemn\u00e9 prost\u0159ed\u00ed.<\/li>\n<li><strong>Filtrov\u00e1n\u00ed AI<\/strong>: Automatick\u00e9 syst\u00e9my v\u010das odhal\u00ed a omez\u00ed explicitn\u00ed nebo zneu\u017e\u00edvaj\u00edc\u00ed obsah.<\/li>\n<li><strong>Lidsk\u00e1 moderace<\/strong>: Z\u00e1va\u017en\u00e1 hl\u00e1\u0161en\u00ed pro\u0161et\u0159uje specializovan\u00fd podp\u016frn\u00fd t\u00fdm, kter\u00fd zaji\u0161\u0165uje dal\u0161\u00ed ochranu.<\/li>\n<\/ul>\n<h3>Zaji\u0161t\u011bn\u00ed ochrany osobn\u00edch \u00fadaj\u016f<\/h3>\n<ul>\n<li><strong>Anonymn\u00ed videochaty<\/strong>: \u017d\u00e1dn\u00e1 povinnost sd\u00edlet osobn\u00ed \u00fadaje nebo odkazovat na profily na soci\u00e1ln\u00edch s\u00edt\u00edch.<\/li>\n<li><strong>Bezpe\u010dn\u00e1 manipulace s daty<\/strong>: Z\u00e1kladn\u00ed \u0161ifrov\u00e1n\u00ed pom\u00e1h\u00e1 chr\u00e1nit p\u0159ihla\u0161ovac\u00ed \u00fadaje k \u00fa\u010dtu a informace o relaci.<\/li>\n<li><strong>Politika minim\u00e1ln\u00edho v\u011bku<\/strong>: U\u017eivatel\u00e9 mlad\u0161\u00ed 18 let maj\u00ed omezen\u00fd p\u0159\u00edstup, aby bylo zaji\u0161t\u011bno dodr\u017eov\u00e1n\u00ed bezpe\u010dnosti d\u011bt\u00ed.<\/li>\n<\/ul>\n<h2>Monetizace a aktualizace<\/h2>\n<p>Pink Video Chat poskytuje sv\u00e9 z\u00e1kladn\u00ed funkce pro porovn\u00e1v\u00e1n\u00ed <a href=\"https:\/\/strangercam.com\/cs\/chat4free\/\">zdarma<\/a>, ale nepovinn\u00e9 placen\u00e9 v\u00fdhody mohou v\u00e1\u0161 z\u00e1\u017eitek je\u0161t\u011b umocnit.<\/p>\n<h3>Mo\u017enosti p\u0159edplatn\u00e9ho<\/h3>\n<ul>\n<li><strong>Re\u017eim bez reklam<\/strong>: Eliminujte vyskakovac\u00ed okna a reklamn\u00ed bannery, abyste mohli neru\u0161en\u011b chatovat.<\/li>\n<li><strong>Exkluzivn\u00ed filtry<\/strong>: Odemkn\u011bte pr\u00e9miov\u00e9 efekty a pozad\u00ed, abyste vynikli p\u0159ed kamerou.<\/li>\n<li><strong>Pokro\u010dil\u00e9 dohazov\u00e1n\u00ed<\/strong>: Zp\u0159esn\u011bte sv\u00e9 z\u00e1jmov\u00e9 zna\u010dky pro p\u0159esn\u011bj\u0161\u00ed p\u00e1rov\u00e1n\u00ed.<\/li>\n<\/ul>\n<h3>Odm\u011bny a kredity<\/h3>\n<ul>\n<li><strong>V\u011brnostn\u00ed \u00farovn\u011b<\/strong>: \u010cast\u00fdm pou\u017e\u00edv\u00e1n\u00edm z\u00edsk\u00e1te body, kter\u00e9 lze vym\u011bnit za bonusy v aplikaci nebo slevy.<\/li>\n<li><strong>Pob\u00eddky za doporu\u010den\u00ed<\/strong>: Pozv\u011bte p\u0159\u00e1tele na Pink Video Chat a z\u00edskejte kredity, kter\u00e9 m\u016f\u017eete utratit za pr\u00e9miov\u00e9 funkce.<\/li>\n<\/ul>\n<h2>Um\u00edst\u011bn\u00ed na trhu<\/h2>\n<p>Pink Video Chat se odli\u0161uje jako \u017eiv\u00e1 alternativa k platform\u00e1m, jako je Chatrandom. Da\u0159\u00ed se j\u00ed v p\u0159\u00edle\u017eitostn\u00fdch, nep\u0159edv\u00eddateln\u00fdch setk\u00e1n\u00edch a z\u00e1rove\u0148 nab\u00edz\u00ed dostatek bezpe\u010dnostn\u00edch opat\u0159en\u00ed a p\u0159izp\u016fsoben\u00ed, aby uspokojila \u0161irok\u00e9 publikum.<\/p>\n<h3>Demografick\u00e9 \u00fadaje u\u017eivatel\u016f<\/h3>\n<ul>\n<li><strong>V\u011bkov\u00fd rozsah<\/strong>: P\u0159ev\u00e1\u017en\u011b 18-35 let, ale mohou se \u00fa\u010dastnit dosp\u011bl\u00ed v\u0161ech v\u011bkov\u00fdch kategori\u00ed.<\/li>\n<li><strong>Z\u00e1jmy<\/strong>: Ide\u00e1ln\u00ed pro neform\u00e1ln\u00ed konverzaci, kulturn\u00ed v\u00fdm\u011bnu, procvi\u010dov\u00e1n\u00ed jazyka a v\u0161e mezi t\u00edm.<\/li>\n<li><strong>\u0160pi\u010dkov\u00e9 vyu\u017eit\u00ed<\/strong>: Ve\u010der a o v\u00edkendech se sem sj\u00ed\u017ed\u00ed nejv\u00edce lid\u00ed, kte\u0159\u00ed hledaj\u00ed z\u00e1bavu a uvoln\u011bnou konverzaci.<\/li>\n<\/ul>\n<h3>Glob\u00e1ln\u00ed dosah<\/h3>\n<ul>\n<li><strong>Mezin\u00e1rodn\u00ed u\u017eivatelsk\u00e1 z\u00e1kladna<\/strong>: Seznamte se s cizinci z bezpo\u010dtu zem\u00ed a roz\u0161i\u0159te si sv\u016fj pohled na sv\u011bt o jeden chat za druh\u00fdm.<\/li>\n<li><strong>V\u00edcejazy\u010dn\u00e9 rozhran\u00ed<\/strong>: Vyberte si z n\u011bkolika jazykov\u00fdch mo\u017enost\u00ed a z\u00edskejte lokalizovan\u00fd z\u00e1\u017eitek.<\/li>\n<\/ul>\n<h2>V\u00fdhody a nev\u00fdhody<\/h2>\n<p>Zde je stru\u010dn\u00fd p\u0159ehled siln\u00fdch str\u00e1nek a mo\u017en\u00fdch nev\u00fdhod Pink Video Chat:<\/p>\n<table>\n<thead>\n<tr>\n<th>Klady<\/th>\n<th>Nev\u00fdhody<\/th>\n<\/tr>\n<\/thead>\n<tbody>\n<tr>\n<td>\n<ul>\n<li>Okam\u017eit\u00e1 n\u00e1hodn\u00e1 p\u0159ipojen\u00ed<\/li>\n<li>Jednoduch\u00e9 a intuitivn\u00ed rozvr\u017een\u00ed<\/li>\n<li>Hrav\u00e9 filtry a efekty<\/li>\n<li>Robustn\u00ed n\u00e1stroje pro moderov\u00e1n\u00ed<\/li>\n<li>V\u00fdkon p\u0159ipraven\u00fd pro mobiln\u00ed za\u0159\u00edzen\u00ed<\/li>\n<\/ul>\n<\/td>\n<td>\n<ul>\n<li>Potenci\u00e1ln\u00ed vystaven\u00ed nevhodn\u00e9mu obsahu (i kdy\u017e moderovan\u00e9mu)<\/li>\n<li>Vysok\u00e9 n\u00e1roky na internet pro nejlep\u0161\u00ed kvalitu videa<\/li>\n<li>Omezen\u00e9 mo\u017enosti profilu a z\u00e1jmu na bezplatn\u00e9 \u00farovni<\/li>\n<li>Konkurence ze strany v\u011bt\u0161\u00edch, zaveden\u00fdch platforem<\/li>\n<\/ul>\n<\/td>\n<\/tr>\n<\/tbody>\n<\/table>\n<h2>Z\u00e1v\u011br<\/h2>\n<p>Pink Video Chat p\u0159in\u00e1\u0161\u00ed hrav\u00fd a n\u00e1hodn\u00fd videochat, kter\u00fd je vhodn\u00fd pro v\u0161echny, kdo tou\u017e\u00ed po spont\u00e1nn\u00edch spole\u010densk\u00fdch setk\u00e1n\u00edch. Jako alternativa k Chatrandom vyva\u017euje jednoduchost a z\u00e1bavu a vedle z\u00e1kladn\u00edch bezpe\u010dnostn\u00edch opat\u0159en\u00ed, jako je hl\u00e1\u0161en\u00ed a blokov\u00e1n\u00ed, p\u0159id\u00e1v\u00e1 z\u00e1bavn\u00e9 funkce, jako jsou digit\u00e1ln\u00ed masky a zna\u010dky z\u00e1jm\u016f. A\u0165 u\u017e se chcete sezn\u00e1mit s nov\u00fdmi p\u0159\u00e1teli, procvi\u010dit si druh\u00fd jazyk, nebo si jen kr\u00e1tit \u010das v dynamick\u00e9 online komunit\u011b, Pink Video Chat v\u00e1m m\u00e1 co nab\u00eddnout.<br \/>\nD\u00edky \u010dist\u00e9mu u\u017eivatelsk\u00e9mu rozhran\u00ed, kompatibilit\u011b s mobiln\u00edmi za\u0159\u00edzen\u00edmi a moderovan\u00e9mu chatovac\u00edmu prost\u0159ed\u00ed vynik\u00e1 Pink Video Chat jako \u017eiv\u00fd uchaze\u010d ve sv\u011bt\u011b n\u00e1hodn\u00fdch web\u016f pro videochat. Vyzkou\u0161ejte ji a zjist\u011bte, koho potk\u00e1te na druh\u00e9 stran\u011b sv\u00e9ho dal\u0161\u00edho kliknut\u00ed!<\/p>","protected":false},"excerpt":{"rendered":"<p>Are you looking for a lively, spontaneous way to meet new people online? Pink Video Chat offers a fun alternative to platforms like Chatrandom, focusing on random video connections that spark fresh conversations across the globe. In this guide, we\u2019ll explore Pink Video Chat\u2019s primary features, how it stands out from other random chat sites, [&hellip;]<\/p>\n","protected":false},"author":6,"featured_media":0,"parent":0,"menu_order":0,"comment_status":"closed","ping_status":"closed","template":"","meta":{"footnotes":""},"class_list":["post-12683","page","type-page","status-publish","hentry"],"yoast_head":"<!-- This site is optimized with the Yoast SEO plugin v26.9 - https:\/\/yoast.com\/product\/yoast-seo-wordpress\/ -->\n<title>Pink Video Chat - Chat with people on StrangerCam.com<\/title>\n<meta name=\"description\" content=\"Like Pink Video Chat? Come chat with more than 5.000.000 strangers on Stranger Cam for Free! Turn on your cam and find new friends &amp; maby a match!\" \/>\n<meta name=\"robots\" content=\"index, follow, max-snippet:-1, max-image-preview:large, max-video-preview:-1\" \/>\n<link rel=\"canonical\" href=\"https:\/\/strangercam.com\/cs\/pink-video-chat\/\" \/>\n<meta property=\"og:locale\" content=\"cs_CZ\" \/>\n<meta property=\"og:type\" content=\"article\" \/>\n<meta property=\"og:title\" content=\"Pink Video Chat - Chat with people on StrangerCam.com\" \/>\n<meta property=\"og:description\" content=\"Like Pink Video Chat? Come chat with more than 5.000.000 strangers on Stranger Cam for Free! Turn on your cam and find new friends &amp; maby a match!\" \/>\n<meta property=\"og:url\" content=\"https:\/\/strangercam.com\/cs\/pink-video-chat\/\" \/>\n<meta property=\"og:site_name\" content=\"Strangercam\" \/>\n<meta property=\"article:publisher\" content=\"https:\/\/www.facebook.com\/strangercam\" \/>\n<meta property=\"article:modified_time\" content=\"2025-02-04T07:27:22+00:00\" \/>\n<meta property=\"og:image\" content=\"https:\/\/strangercam.com\/wp-content\/uploads\/2021\/10\/Untitled-2.png\" \/>\n\t<meta property=\"og:image:width\" content=\"800\" \/>\n\t<meta property=\"og:image:height\" content=\"532\" \/>\n\t<meta property=\"og:image:type\" content=\"image\/png\" \/>\n<meta name=\"twitter:card\" content=\"summary_large_image\" \/>\n<meta name=\"twitter:site\" content=\"@strangercamapp\" \/>\n<meta name=\"twitter:label1\" content=\"Odhadovan\u00e1 doba \u010dten\u00ed\" \/>\n\t<meta name=\"twitter:data1\" content=\"5 minut\" \/>\n<script type=\"application\/ld+json\" class=\"yoast-schema-graph\">{\"@context\":\"https:\/\/schema.org\",\"@graph\":[{\"@type\":\"WebPage\",\"@id\":\"https:\/\/strangercam.com\/pink-video-chat\/\",\"url\":\"https:\/\/strangercam.com\/pink-video-chat\/\",\"name\":\"Pink Video Chat - Chat with people on StrangerCam.com\",\"isPartOf\":{\"@id\":\"https:\/\/strangercam.com\/#website\"},\"datePublished\":\"2025-01-29T08:35:45+00:00\",\"dateModified\":\"2025-02-04T07:27:22+00:00\",\"description\":\"Like Pink Video Chat? Come chat with more than 5.000.000 strangers on Stranger Cam for Free! Turn on your cam and find new friends & maby a match!\",\"breadcrumb\":{\"@id\":\"https:\/\/strangercam.com\/pink-video-chat\/#breadcrumb\"},\"inLanguage\":\"cs\",\"potentialAction\":[{\"@type\":\"ReadAction\",\"target\":[\"https:\/\/strangercam.com\/pink-video-chat\/\"]}]},{\"@type\":\"BreadcrumbList\",\"@id\":\"https:\/\/strangercam.com\/pink-video-chat\/#breadcrumb\",\"itemListElement\":[{\"@type\":\"ListItem\",\"position\":1,\"name\":\"Home\",\"item\":\"https:\/\/strangercam.com\/\"},{\"@type\":\"ListItem\",\"position\":2,\"name\":\"Pink Video Chat\"}]},{\"@type\":\"WebSite\",\"@id\":\"https:\/\/strangercam.com\/#website\",\"url\":\"https:\/\/strangercam.com\/\",\"name\":\"Strangercam\",\"description\":\"Random Video Chat with Strangers\",\"publisher\":{\"@id\":\"https:\/\/strangercam.com\/#organization\"},\"alternateName\":\"Strangercam.com\",\"potentialAction\":[{\"@type\":\"SearchAction\",\"target\":{\"@type\":\"EntryPoint\",\"urlTemplate\":\"https:\/\/strangercam.com\/?s={search_term_string}\"},\"query-input\":{\"@type\":\"PropertyValueSpecification\",\"valueRequired\":true,\"valueName\":\"search_term_string\"}}],\"inLanguage\":\"cs\"},{\"@type\":\"Organization\",\"@id\":\"https:\/\/strangercam.com\/#organization\",\"name\":\"Strangercam\",\"alternateName\":\"Strangercam.com\",\"url\":\"https:\/\/strangercam.com\/\",\"logo\":{\"@type\":\"ImageObject\",\"inLanguage\":\"cs\",\"@id\":\"https:\/\/strangercam.com\/#\/schema\/logo\/image\/\",\"url\":\"https:\/\/strangercam.com\/wp-content\/uploads\/2020\/11\/cropped-new-favicon-black.png\",\"contentUrl\":\"https:\/\/strangercam.com\/wp-content\/uploads\/2020\/11\/cropped-new-favicon-black.png\",\"width\":512,\"height\":512,\"caption\":\"Strangercam\"},\"image\":{\"@id\":\"https:\/\/strangercam.com\/#\/schema\/logo\/image\/\"},\"sameAs\":[\"https:\/\/www.facebook.com\/strangercam\",\"https:\/\/x.com\/strangercamapp\"]}]}<\/script>\n<!-- \/ Yoast SEO plugin. -->","yoast_head_json":{"title":"Pink Video Chat - Chatujte s lidmi na StrangerCam.com","description":"L\u00edb\u00ed se v\u00e1m r\u016f\u017eov\u00fd videochat? Poj\u010fte chatovat s v\u00edce ne\u017e 5 000 000 cizinci na Stranger Cam zdarma! Zapn\u011bte kameru a najd\u011bte nov\u00e9 p\u0159\u00e1tele &amp; maby z\u00e1pas!","robots":{"index":"index","follow":"follow","max-snippet":"max-snippet:-1","max-image-preview":"max-image-preview:large","max-video-preview":"max-video-preview:-1"},"canonical":"https:\/\/strangercam.com\/cs\/pink-video-chat\/","og_locale":"cs_CZ","og_type":"article","og_title":"Pink Video Chat - Chat with people on StrangerCam.com","og_description":"Like Pink Video Chat? Come chat with more than 5.000.000 strangers on Stranger Cam for Free! Turn on your cam and find new friends & maby a match!","og_url":"https:\/\/strangercam.com\/cs\/pink-video-chat\/","og_site_name":"Strangercam","article_publisher":"https:\/\/www.facebook.com\/strangercam","article_modified_time":"2025-02-04T07:27:22+00:00","og_image":[{"width":800,"height":532,"url":"https:\/\/strangercam.com\/wp-content\/uploads\/2021\/10\/Untitled-2.png","type":"image\/png"}],"twitter_card":"summary_large_image","twitter_site":"@strangercamapp","twitter_misc":{"Odhadovan\u00e1 doba \u010dten\u00ed":"5 minut"},"schema":{"@context":"https:\/\/schema.org","@graph":[{"@type":"WebPage","@id":"https:\/\/strangercam.com\/pink-video-chat\/","url":"https:\/\/strangercam.com\/pink-video-chat\/","name":"Pink Video Chat - Chatujte s lidmi na StrangerCam.com","isPartOf":{"@id":"https:\/\/strangercam.com\/#website"},"datePublished":"2025-01-29T08:35:45+00:00","dateModified":"2025-02-04T07:27:22+00:00","description":"L\u00edb\u00ed se v\u00e1m r\u016f\u017eov\u00fd videochat? Poj\u010fte chatovat s v\u00edce ne\u017e 5 000 000 cizinci na Stranger Cam zdarma! Zapn\u011bte kameru a najd\u011bte nov\u00e9 p\u0159\u00e1tele &amp; maby z\u00e1pas!","breadcrumb":{"@id":"https:\/\/strangercam.com\/pink-video-chat\/#breadcrumb"},"inLanguage":"cs","potentialAction":[{"@type":"ReadAction","target":["https:\/\/strangercam.com\/pink-video-chat\/"]}]},{"@type":"BreadcrumbList","@id":"https:\/\/strangercam.com\/pink-video-chat\/#breadcrumb","itemListElement":[{"@type":"ListItem","position":1,"name":"Home","item":"https:\/\/strangercam.com\/"},{"@type":"ListItem","position":2,"name":"Pink Video Chat"}]},{"@type":"WebSite","@id":"https:\/\/strangercam.com\/#website","url":"https:\/\/strangercam.com\/","name":"Strangercam","description":"N\u00e1hodn\u00fd videochat s ciz\u00edmi lidmi","publisher":{"@id":"https:\/\/strangercam.com\/#organization"},"alternateName":"Strangercam.com","potentialAction":[{"@type":"SearchAction","target":{"@type":"EntryPoint","urlTemplate":"https:\/\/strangercam.com\/?s={search_term_string}"},"query-input":{"@type":"PropertyValueSpecification","valueRequired":true,"valueName":"search_term_string"}}],"inLanguage":"cs"},{"@type":"Organization","@id":"https:\/\/strangercam.com\/#organization","name":"Strangercam","alternateName":"Strangercam.com","url":"https:\/\/strangercam.com\/","logo":{"@type":"ImageObject","inLanguage":"cs","@id":"https:\/\/strangercam.com\/#\/schema\/logo\/image\/","url":"https:\/\/strangercam.com\/wp-content\/uploads\/2020\/11\/cropped-new-favicon-black.png","contentUrl":"https:\/\/strangercam.com\/wp-content\/uploads\/2020\/11\/cropped-new-favicon-black.png","width":512,"height":512,"caption":"Strangercam"},"image":{"@id":"https:\/\/strangercam.com\/#\/schema\/logo\/image\/"},"sameAs":["https:\/\/www.facebook.com\/strangercam","https:\/\/x.com\/strangercamapp"]}]}},"_links":{"self":[{"href":"https:\/\/strangercam.com\/cs\/wp-json\/wp\/v2\/pages\/12683","targetHints":{"allow":["GET"]}}],"collection":[{"href":"https:\/\/strangercam.com\/cs\/wp-json\/wp\/v2\/pages"}],"about":[{"href":"https:\/\/strangercam.com\/cs\/wp-json\/wp\/v2\/types\/page"}],"author":[{"embeddable":true,"href":"https:\/\/strangercam.com\/cs\/wp-json\/wp\/v2\/users\/6"}],"replies":[{"embeddable":true,"href":"https:\/\/strangercam.com\/cs\/wp-json\/wp\/v2\/comments?post=12683"}],"version-history":[{"count":1,"href":"https:\/\/strangercam.com\/cs\/wp-json\/wp\/v2\/pages\/12683\/revisions"}],"predecessor-version":[{"id":12684,"href":"https:\/\/strangercam.com\/cs\/wp-json\/wp\/v2\/pages\/12683\/revisions\/12684"}],"wp:attachment":[{"href":"https:\/\/strangercam.com\/cs\/wp-json\/wp\/v2\/media?parent=12683"}],"curies":[{"name":"wp","href":"https:\/\/api.w.org\/{rel}","templated":true}]}}