{"id":12678,"date":"2025-01-29T10:31:15","date_gmt":"2025-01-29T08:31:15","guid":{"rendered":"https:\/\/strangercam.com\/?page_id=12678"},"modified":"2025-01-29T10:31:15","modified_gmt":"2025-01-29T08:31:15","slug":"only2chat","status":"publish","type":"page","link":"https:\/\/strangercam.com\/cs\/only2chat\/","title":{"rendered":"Only2Chat"},"content":{"rendered":"<p>Pokud m\u00e1te r\u00e1di spont\u00e1nn\u00ed spojen\u00ed a pozn\u00e1v\u00e1n\u00ed nov\u00fdch lid\u00ed online, je Only2Chat z\u00e1bavnou alternativou k tradi\u010dn\u00edm platform\u00e1m typu chatroulette. Slu\u017eba Only2Chat je navr\u017eena tak, aby umo\u017e\u0148ovala p\u00e1rov\u00e1n\u00ed nezn\u00e1m\u00fdch lid\u00ed v r\u00e1mci videoseanc\u00ed jeden na jednoho a klade d\u016fraz na rychl\u00e9 a bezprobl\u00e9mov\u00e9 interakce a hrav\u00e9 funkce - to v\u0161e p\u0159i zachov\u00e1n\u00ed bezpe\u010dn\u00e9ho a u\u017eivatelsky p\u0159\u00edv\u011btiv\u00e9ho prost\u0159ed\u00ed. V tomto p\u0159ehledu prozkoum\u00e1me hlavn\u00ed zaj\u00edmavosti t\u00e9to platformy, probereme u\u017eivatelsk\u00e9 zku\u0161enosti a zd\u016frazn\u00edme, \u010d\u00edm se odli\u0161uje od ostatn\u00edch n\u00e1hodn\u00fdch <a href=\"https:\/\/strangercam.com\/cs\/coomeet\/\">videochat<\/a> webov\u00e9 str\u00e1nky.<\/p>\n<h2>Kl\u00ed\u010dov\u00e9 vlastnosti<\/h2>\n<p>Only2Chat se zam\u011b\u0159uje na neform\u00e1ln\u00ed a z\u00e1bavn\u00fd zp\u016fsob komunikace s ciz\u00edmi lidmi prost\u0159ednictv\u00edm videa. Jeho hlavn\u00ed funkce maj\u00ed za c\u00edl vytvo\u0159it poutav\u00fd a bezpe\u010dn\u00fd zp\u016fsob komunikace. <a href=\"https:\/\/strangercam.com\/cs\/mocospace\/\">prostor<\/a> kde se m\u016f\u017eete spojit s lidmi z cel\u00e9ho sv\u011bta.<\/p>\n<ul>\n<li><strong>N\u00e1hodn\u00e9 porovn\u00e1v\u00e1n\u00ed vide\u00ed<\/strong>: Okam\u017eit\u011b se spojte s ostatn\u00edmi u\u017eivateli v osobn\u00edm kontaktu. <a href=\"https:\/\/strangercam.com\/cs\/chathub\/\">chat<\/a> prost\u0159ed\u00ed.<\/li>\n<li><strong>Z\u00e1bavn\u00e9 filtry a efekty<\/strong>: Dodejte konverzaci trochu vkusu pomoc\u00ed hrav\u00fdch filtr\u016f a efekt\u016f na obrazovce.<\/li>\n<li><strong>Snadn\u00e1 navigace<\/strong>: Jednoduch\u00e9 rozhran\u00ed v\u00e1m pom\u016f\u017ee p\u0159ech\u00e1zet z jednoho chatu do druh\u00e9ho bez komplikac\u00ed.<\/li>\n<li><strong>Design vhodn\u00fd pro mobiln\u00ed za\u0159\u00edzen\u00ed<\/strong>: U\u017e\u00edvejte si Only2Chat v telefonu, tabletu nebo po\u010d\u00edta\u010di a konverzujte na cest\u00e1ch.<\/li>\n<\/ul>\n<h2>N\u00e1hodn\u00e9 zku\u0161enosti s videochatem<\/h2>\n<p>Podstatou slu\u017eby Only2Chat je nab\u00eddnout okam\u017eit\u00fd a nez\u00e1vazn\u00fd zp\u016fsob, jak se zapojit do videohovor\u016f s nov\u00fdmi lidmi.<\/p>\n<h3>Individu\u00e1ln\u00ed p\u0159ipojen\u00ed<\/h3>\n<p>Jakmile stisknete tla\u010d\u00edtko \"Start\", algoritmus platformy v\u00e1s rychle spoj\u00ed s dal\u0161\u00edm u\u017eivatelem, kter\u00fd tak\u00e9 hled\u00e1 n\u00e1hodn\u00fd chat. Chaty z\u016fst\u00e1vaj\u00ed jeden na jednoho, co\u017e poskytuje osobn\u011bj\u0161\u00ed z\u00e1\u017eitek ne\u017e obsazen\u00e9 skupinov\u00e9 m\u00edstnosti.<\/p>\n<h3>Funkce Auto Next<\/h3>\n<p>Pokud se v\u00e1m aktu\u00e1ln\u00ed konverzace nehod\u00ed - nebo pokud jste se ji\u017e dostate\u010dn\u011b vy\u010derpali - jednodu\u0161e klikn\u011bte na tla\u010d\u00edtko \"Dal\u0161\u00ed\" a p\u0159ejd\u011bte na n\u00e1sleduj\u00edc\u00ed n\u00e1hodnou konverzaci. T\u00edm se udr\u017euje rychl\u00e9 tempo a zaru\u010duje se, \u017ee rychle najdete n\u011bkoho nov\u00e9ho, s k\u00fdm si m\u016f\u017eete popov\u00eddat.<\/p>\n<h3>Glob\u00e1ln\u00ed spole\u010denstv\u00ed<\/h3>\n<p>Only2Chat p\u0159itahuje u\u017eivatele z r\u016fzn\u00fdch kout\u016f sv\u011bta a nab\u00edz\u00ed v\u00e1m mo\u017enost poznat jin\u00e9 kultury, jazyky a prost\u0159ed\u00ed v re\u00e1ln\u00e9m \u010dase. A\u0165 u\u017e si chcete procvi\u010dit ciz\u00ed jazyk, nebo si jen p\u0159\u00e1telsky popov\u00eddat, m\u016f\u017eete naj\u00edt n\u011bkoho, kdo je p\u0159ipraven se s v\u00e1mi spojit.<\/p>\n<h2>Z\u00e1bavn\u00e9 dopl\u0148ky<\/h2>\n<p>Only2Chat nen\u00ed jen o standardn\u00edch videohovorech. \u0158ada dopl\u0148k\u016f v\u00e1m pom\u016f\u017ee prolomit ledy a obohatit v\u00e1\u0161 z\u00e1\u017eitek.<\/p>\n<table>\n<thead>\n<tr>\n<th>Funkce<\/th>\n<th>Popis<\/th>\n<\/tr>\n<\/thead>\n<tbody>\n<tr>\n<td><strong>Virtu\u00e1ln\u00ed masky<\/strong><\/td>\n<td>Pobavte sv\u00e9ho partnera v chatu t\u00edm, \u017ee si na kameru nasad\u00edte vtipn\u00e9 digit\u00e1ln\u00ed masky nebo dopl\u0148ky.<\/td>\n<\/tr>\n<tr>\n<td><strong>Integrace textov\u00e9ho chatu<\/strong><\/td>\n<td>Pokud se je\u0161t\u011b nec\u00edt\u00edte na plnou videointerakci, po\u0161lete rychl\u00e9 zpr\u00e1vy, abyste si ujasnili n\u011bkter\u00e9 body, nebo sd\u00edlejte odkazy.<\/td>\n<\/tr>\n<tr>\n<td><strong>Mo\u017enosti sn\u00edmk\u016f<\/strong><\/td>\n<td>Vyfo\u0165te si pam\u00e1tn\u00e9 okam\u017eiky (se svolen\u00edm), abyste se k nim mohli pozd\u011bji vr\u00e1tit.<\/td>\n<\/tr>\n<tr>\n<td><strong>Z\u00e1jmov\u00e9 \u0161t\u00edtky<\/strong><\/td>\n<td>Ozna\u010dte sv\u00e9 chaty t\u00e9maty (hudba, hry, cestov\u00e1n\u00ed) a najd\u011bte v\u00edce kompatibiln\u00edch prot\u011bj\u0161k\u016f.<\/td>\n<\/tr>\n<\/tbody>\n<\/table>\n<h2>U\u017eivatelsk\u00e9 rozhran\u00ed a zku\u0161enosti<\/h2>\n<p>Jednoduch\u00fd a elegantn\u00ed design pom\u00e1h\u00e1 nov\u00fdm u\u017eivatel\u016fm za\u010d\u00edt chatovat. Rozlo\u017een\u00ed aplikace Only2Chat udr\u017euje pozornost na \u017eiv\u00e9m videop\u0159enosu s minimem ru\u0161iv\u00fdch prvk\u016f na obrazovce.<\/p>\n<h3>Design a navigace<\/h3>\n<ul>\n<li><strong>Minim\u00e1ln\u00ed ovl\u00e1dac\u00ed prvky<\/strong>: Jasn\u011b ozna\u010den\u00e1 tla\u010d\u00edtka \"Start\", \"Stop\" a \"Dal\u0161\u00ed\" umo\u017e\u0148uj\u00ed snadn\u00e9 ovl\u00e1d\u00e1n\u00ed relac\u00ed.<\/li>\n<li><strong>Rychl\u00fd p\u0159\u00edstup k funkc\u00edm<\/strong>: Nab\u00eddky zalo\u017een\u00e9 na ikon\u00e1ch zobrazuj\u00ed na prvn\u00ed pohled filtry, mo\u017enosti textov\u00e9ho chatu a ovl\u00e1d\u00e1n\u00ed zvuku.<\/li>\n<li><strong>P\u0159\u00e1telsk\u00e9 pro mobiln\u00ed za\u0159\u00edzen\u00ed<\/strong>: Responzivn\u00ed design se p\u0159izp\u016fsobuje r\u016fzn\u00fdm velikostem obrazovky, tak\u017ee videochaty na telefonu jsou plynul\u00e9 a intuitivn\u00ed.<\/li>\n<\/ul>\n<h3>P\u0159izp\u016fsoben\u00ed<\/h3>\n<ul>\n<li><strong>Prvky profilu<\/strong>: Vytvo\u0159te si stru\u010dn\u00fd profil, p\u0159idejte voliteln\u00e9 u\u017eivatelsk\u00e9 jm\u00e9no nebo uve\u010fte sv\u00e9 z\u00e1jmy, podle kter\u00fdch se bude \u0159\u00eddit algoritmus pro porovn\u00e1v\u00e1n\u00ed.<\/li>\n<li><strong>Ovl\u00e1d\u00e1n\u00ed ozn\u00e1men\u00ed<\/strong>: Rozhodn\u011bte, kdy a jak\u00fdm zp\u016fsobem budete dost\u00e1vat ozn\u00e1men\u00ed, nap\u0159\u00edklad \u017e\u00e1dosti o p\u0159\u00e1telstv\u00ed nebo nov\u00e9 z\u00e1pasy.<\/li>\n<li><strong>Nastaven\u00ed ochrany osobn\u00edch \u00fadaj\u016f<\/strong>: Omezte, kter\u00e9 osobn\u00ed \u00fadaje jsou viditeln\u00e9 pro ostatn\u00ed, a zp\u016fsob sd\u00edlen\u00ed polohy.<\/li>\n<\/ul>\n<h2>V\u00fdkon<\/h2>\n<p>Vzhledem k tomu, \u017ee n\u00e1hodn\u00fd videochat z\u00e1vis\u00ed na p\u0159ipojen\u00ed v re\u00e1ln\u00e9m \u010dase, zam\u011b\u0159uje se slu\u017eba Only2Chat na rychlost a stabilitu:<\/p>\n<h3>Rychl\u00e1 a stabiln\u00ed p\u0159ipojen\u00ed<\/h3>\n<ul>\n<li><strong>Optimalizovan\u00e9 servery<\/strong>: Minim\u00e1ln\u00ed zpo\u017ed\u011bn\u00ed zaji\u0161\u0165uje, \u017ee konverzace prob\u00edh\u00e1 p\u0159irozen\u011b a bez p\u0159eru\u0161en\u00ed.<\/li>\n<li><strong>Adaptivn\u00ed kvalita videa<\/strong>: Rozli\u0161en\u00ed se p\u0159izp\u016fsobuje rychlosti internetu a poskytuje plynul\u00fd z\u00e1\u017eitek v siln\u00fdch i slab\u0161\u00edch s\u00edt\u00edch.<\/li>\n<li><strong>Efektivita mobiln\u00edch dat<\/strong>: U\u017eivatel\u00e9 na cest\u00e1ch mohou vyu\u017e\u00edvat re\u017eimy s ni\u017e\u0161\u00ed spot\u0159ebou dat.<\/li>\n<\/ul>\n<h2>Bezpe\u010dnost a st\u0159\u00eddmost<\/h2>\n<p>N\u00e1hodn\u00e9 videochaty vy\u017eaduj\u00ed d\u016fkladn\u00e1 ochrann\u00e1 opat\u0159en\u00ed. Only2Chat up\u0159ednost\u0148uje pohodu u\u017eivatel\u016f prost\u0159ednictv\u00edm moder\u00e1torsk\u00fdch n\u00e1stroj\u016f a p\u0159\u00edsn\u00fdch z\u00e1sad.<\/p>\n<h3>Sledov\u00e1n\u00ed obsahu<\/h3>\n<ul>\n<li><strong>Hl\u00e1\u0161en\u00ed &amp; blokov\u00e1n\u00ed<\/strong>: Spat\u0159\u00edte poru\u0161itele pravidel nebo se setk\u00e1te s obt\u011b\u017eov\u00e1n\u00edm? Nahlaste je a zablokujte pro okam\u017eit\u00e9 \u0159e\u0161en\u00ed.<\/li>\n<li><strong>Screening um\u011bl\u00e9 inteligence<\/strong>: Automatizovan\u00e9 syst\u00e9my pom\u00e1haj\u00ed filtrovat nevhodn\u00fd obsah d\u0159\u00edve, ne\u017e dojde k jeho eskalaci.<\/li>\n<li><strong>Lidsk\u00fd kontroln\u00ed t\u00fdm<\/strong>: Speci\u00e1ln\u00ed moder\u00e1torsk\u00fd t\u00fdm vyhodnocuje ozna\u010den\u00e9 chov\u00e1n\u00ed a zaji\u0161\u0165uje tak bezpe\u010dn\u011bj\u0161\u00ed komunitu.<\/li>\n<\/ul>\n<h3>Kontrola ochrany osobn\u00edch \u00fadaj\u016f<\/h3>\n<ul>\n<li><strong>Anonymn\u00ed interakce<\/strong>: Pokud si p\u0159ejete, pou\u017e\u00edvejte Only2Chat bez zve\u0159ejn\u011bn\u00ed sv\u00fdch osobn\u00edch \u00fadaj\u016f nebo profilu.<\/li>\n<li><strong>Bezpe\u010dn\u00e1 manipulace s daty<\/strong>: Z\u00e1kladn\u00ed \u0161ifrov\u00e1n\u00ed dat pom\u00e1h\u00e1 chr\u00e1nit informace o \u00fa\u010dtu.<\/li>\n<li><strong>V\u011bkov\u00e1 omezen\u00ed<\/strong>: Platforma prosazuje po\u017eadavek na minim\u00e1ln\u00ed v\u011bk, aby chr\u00e1nila nezletil\u00e9.<\/li>\n<\/ul>\n<h2>Monetizace a aktualizace<\/h2>\n<p>Only2Chat funguje p\u0159edev\u0161\u00edm jako bezplatn\u00e1 slu\u017eba, ale voliteln\u00e9 pr\u00e9miov\u00e9 nab\u00eddky pom\u00e1haj\u00ed udr\u017eovat a zlep\u0161ovat u\u017eivatelsk\u00fd z\u00e1\u017eitek.<\/p>\n<h3>Mo\u017enosti upgradu<\/h3>\n<ul>\n<li><strong>Prohl\u00ed\u017een\u00ed bez reklam<\/strong>: Odstra\u0148te ru\u0161iv\u00e9 reklamy a z\u00edskejte \u010dist\u0161\u00ed rozhran\u00ed.<\/li>\n<li><strong>Pr\u00e9miov\u00e9 filtry<\/strong>: Odemkn\u011bte exkluzivn\u00ed efekty, pozad\u00ed a animace avatar\u016f.<\/li>\n<li><strong>Pokro\u010dil\u00e9 porovn\u00e1v\u00e1n\u00ed z\u00e1jm\u016f<\/strong>: Vyla\u010fte sv\u00e9 preference chatu a najd\u011bte nejkompatibiln\u011bj\u0161\u00ed cizince.<\/li>\n<\/ul>\n<h3>Programy odm\u011bn<\/h3>\n<ul>\n<li><strong>V\u011brnostn\u00ed v\u00fdhody<\/strong>: \u010cast\u00ed u\u017eivatel\u00e9 mohou z\u00edsk\u00e1vat kredity, kter\u00e9 mohou utratit za pr\u00e9miov\u00e9 polo\u017eky.<\/li>\n<li><strong>V\u00fdhody doporu\u010den\u00ed<\/strong>: Pozv\u011bte p\u0159\u00e1tele na Only2Chat a z\u00edskejte odm\u011bny v aplikaci nebo bonusy za p\u0159edplatn\u00e9.<\/li>\n<\/ul>\n<h2>Um\u00edst\u011bn\u00ed na trhu<\/h2>\n<p>Slu\u017eba Only2Chat, kter\u00e1 funguje ve stylu chatovac\u00ed rulety, se zam\u011b\u0159uje na u\u017eivatele, kte\u0159\u00ed tou\u017e\u00ed po z\u00e1bav\u011b a okam\u017eit\u00fdch kontaktech bez slo\u017eitost\u00ed form\u00e1ln\u00ed seznamky nebo firemn\u00edho n\u00e1stroje pro setk\u00e1v\u00e1n\u00ed.<\/p>\n<h3>Demografick\u00e9 \u00fadaje o publiku<\/h3>\n<ul>\n<li><strong>V\u011bkov\u00fd rozsah<\/strong>: Mlad\u00ed dosp\u011bl\u00ed a star\u0161\u00ed, p\u0159ev\u00e1\u017en\u011b v\u0161ak 18-35 let.<\/li>\n<li><strong>Z\u00e1jmy<\/strong>: P\u0159\u00edle\u017eitostn\u00e9 rozhovory, procvi\u010dov\u00e1n\u00ed jazyka, kulturn\u00ed v\u00fdm\u011bna nebo prost\u00e9 tr\u00e1ven\u00ed \u010dasu.<\/li>\n<li><strong>Vzory pou\u017eit\u00ed<\/strong>: Nejv\u00edce o v\u00edkendech a ve\u010der, kdy je na internetu v\u00edce lid\u00ed, kte\u0159\u00ed hledaj\u00ed z\u00e1bavu.<\/li>\n<\/ul>\n<h3>Glob\u00e1ln\u00ed dosah<\/h3>\n<ul>\n<li><strong>Mezin\u00e1rodn\u00ed u\u017eivatelsk\u00e1 z\u00e1kladna<\/strong>: Nad\u0161enci z r\u016fzn\u00fdch zem\u00ed se p\u0159ihla\u0161uj\u00ed ke spont\u00e1nn\u00edm setk\u00e1n\u00edm.<\/li>\n<li><strong>Flexibiln\u00ed nastaven\u00ed jazyka<\/strong>: Rozhran\u00ed lze p\u0159epnout do n\u011bkolika jazyk\u016f a z\u00edskat tak lokalizovan\u00e9 zku\u0161enosti.<\/li>\n<\/ul>\n<h2>V\u00fdhody a nev\u00fdhody<\/h2>\n<p>Zde je stru\u010dn\u00fd p\u0159ehled toho, \u010d\u00edm Only2Chat vynik\u00e1, a tak\u00e9 oblast\u00ed, ve kter\u00fdch by se mohl zlep\u0161it:<\/p>\n<table>\n<thead>\n<tr>\n<th>Klady<\/th>\n<th>Nev\u00fdhody<\/th>\n<\/tr>\n<\/thead>\n<tbody>\n<tr>\n<td>\n<ul>\n<li>Okam\u017eit\u00e1 n\u00e1hodn\u00e1 shoda<\/li>\n<li>U\u017eivatelsky p\u0159\u00edv\u011btiv\u00e9 rozhran\u00ed<\/li>\n<li>Z\u00e1bavn\u00e9 filtry a efekty<\/li>\n<li>Vyhrazen\u00e9 moderov\u00e1n\u00ed pro bezpe\u010dn\u00e1 setk\u00e1n\u00ed<\/li>\n<li>P\u0159\u00e1telsk\u00e9 pro mobiln\u00ed za\u0159\u00edzen\u00ed pro chaty na cest\u00e1ch<\/li>\n<\/ul>\n<\/td>\n<td>\n<ul>\n<li>Ob\u010dasn\u00e9 probl\u00e9my s p\u0159ipojen\u00edm v n\u011bkter\u00fdch oblastech<\/li>\n<li>Z\u00e1vislost na siln\u011bj\u0161\u00edm internetu pro lep\u0161\u00ed kvalitu videa<\/li>\n<li>Potenci\u00e1ln\u00ed vystaven\u00ed nevhodn\u00e9mu obsahu (zm\u00edrn\u011bno moderov\u00e1n\u00edm)<\/li>\n<li>Omezen\u00e9 bezplatn\u00e9 funkce ve srovn\u00e1n\u00ed s mo\u017enostmi Premium<\/li>\n<\/ul>\n<\/td>\n<\/tr>\n<\/tbody>\n<\/table>\n<h2>Z\u00e1v\u011br<\/h2>\n<p>Only2Chat nab\u00edz\u00ed jednoduch\u00fd a z\u00e1bavn\u00fd p\u0159\u00edstup k seznamov\u00e1n\u00ed s nov\u00fdmi lidmi online. Jako platforma ve stylu chatovac\u00ed rulety si zakl\u00e1d\u00e1 na spont\u00e1nnosti a spojuje u\u017eivatele do n\u00e1hodn\u00fdch kontakt\u016f tv\u00e1\u0159\u00ed v tv\u00e1\u0159, kter\u00e9 mohou vyvolat kr\u00e1tk\u00e1 p\u0159\u00e1telstv\u00ed, procvi\u010dov\u00e1n\u00ed jazyk\u016f nebo jen p\u0159\u00edjemn\u00e9 tr\u00e1ven\u00ed \u010dasu. D\u00edky vestav\u011bn\u00fdm funkc\u00edm moderov\u00e1n\u00ed, kontrole soukrom\u00ed a z\u00e1bavn\u00fdm dopl\u0148k\u016fm, jako jsou filtry, se Only2Chat da\u0159\u00ed udr\u017eovat videochaty \u017eiv\u00e9 a p\u0159\u00edstupn\u00e9.<br \/>\nA\u0165 u\u017e se chcete rychle zasm\u00e1t, pozn\u00e1vat nov\u00e9 kultury, nebo jen tou\u017e\u00edte po n\u00e1hodn\u00e9 konverzaci, Only2Chat je dynamickou alternativou k ostatn\u00edm. <a href=\"https:\/\/strangercam.com\/cs\/chatroulette\/\">chatroulette<\/a> platformy. Pokud si cen\u00edte jednoduchosti, bezpe\u010dnosti a kreativity p\u0159i n\u00e1hodn\u00fdch videochatech, vyzkou\u0161ejte Only2Chat a uvid\u00edte, kdo v\u00e1s \u010dek\u00e1 na druh\u00e9 stran\u011b tla\u010d\u00edtka \u201cDal\u0161\u00ed\u201d.<\/p>","protected":false},"excerpt":{"rendered":"<p>If you enjoy spontaneous connections and meeting new people online, Only2Chat is a fun alternative to traditional chatroulette-style platforms. Designed to pair strangers in one-on-one video sessions, Only2Chat emphasizes quick, hassle-free interactions and playful features\u2014all while maintaining a safe and user-friendly environment. In this overview, we\u2019ll explore the platform\u2019s main attractions, discuss the user experience, [&hellip;]<\/p>\n","protected":false},"author":6,"featured_media":0,"parent":0,"menu_order":0,"comment_status":"closed","ping_status":"closed","template":"","meta":{"footnotes":""},"class_list":["post-12678","page","type-page","status-publish","hentry"],"yoast_head":"<!-- This site is optimized with the Yoast SEO plugin v26.9 - https:\/\/yoast.com\/product\/yoast-seo-wordpress\/ -->\n<title>Only2Chat - Chatroulette random video chat on StrangerCam.com<\/title>\n<meta name=\"description\" content=\"Like Only2Chat? Come chat with more than 5.000.000 strangers on Stranger Cam for Free! Turn on your cam and find new friends &amp; maby a match!\" \/>\n<meta name=\"robots\" content=\"index, follow, max-snippet:-1, max-image-preview:large, max-video-preview:-1\" \/>\n<link rel=\"canonical\" href=\"https:\/\/strangercam.com\/cs\/only2chat\/\" \/>\n<meta property=\"og:locale\" content=\"cs_CZ\" \/>\n<meta property=\"og:type\" content=\"article\" \/>\n<meta property=\"og:title\" content=\"Only2Chat - Chatroulette random video chat on StrangerCam.com\" \/>\n<meta property=\"og:description\" content=\"Like Only2Chat? Come chat with more than 5.000.000 strangers on Stranger Cam for Free! Turn on your cam and find new friends &amp; maby a match!\" \/>\n<meta property=\"og:url\" content=\"https:\/\/strangercam.com\/cs\/only2chat\/\" \/>\n<meta property=\"og:site_name\" content=\"Strangercam\" \/>\n<meta property=\"article:publisher\" content=\"https:\/\/www.facebook.com\/strangercam\" \/>\n<meta property=\"og:image\" content=\"https:\/\/strangercam.com\/wp-content\/uploads\/2021\/10\/Untitled-2.png\" \/>\n\t<meta property=\"og:image:width\" content=\"800\" \/>\n\t<meta property=\"og:image:height\" content=\"532\" \/>\n\t<meta property=\"og:image:type\" content=\"image\/png\" \/>\n<meta name=\"twitter:card\" content=\"summary_large_image\" \/>\n<meta name=\"twitter:site\" content=\"@strangercamapp\" \/>\n<meta name=\"twitter:label1\" content=\"Odhadovan\u00e1 doba \u010dten\u00ed\" \/>\n\t<meta name=\"twitter:data1\" content=\"5 minut\" \/>\n<script type=\"application\/ld+json\" class=\"yoast-schema-graph\">{\"@context\":\"https:\/\/schema.org\",\"@graph\":[{\"@type\":\"WebPage\",\"@id\":\"https:\/\/strangercam.com\/only2chat\/\",\"url\":\"https:\/\/strangercam.com\/only2chat\/\",\"name\":\"Only2Chat - Chatroulette random video chat on StrangerCam.com\",\"isPartOf\":{\"@id\":\"https:\/\/strangercam.com\/#website\"},\"datePublished\":\"2025-01-29T08:31:15+00:00\",\"description\":\"Like Only2Chat? Come chat with more than 5.000.000 strangers on Stranger Cam for Free! Turn on your cam and find new friends & maby a match!\",\"breadcrumb\":{\"@id\":\"https:\/\/strangercam.com\/only2chat\/#breadcrumb\"},\"inLanguage\":\"cs\",\"potentialAction\":[{\"@type\":\"ReadAction\",\"target\":[\"https:\/\/strangercam.com\/only2chat\/\"]}]},{\"@type\":\"BreadcrumbList\",\"@id\":\"https:\/\/strangercam.com\/only2chat\/#breadcrumb\",\"itemListElement\":[{\"@type\":\"ListItem\",\"position\":1,\"name\":\"Home\",\"item\":\"https:\/\/strangercam.com\/\"},{\"@type\":\"ListItem\",\"position\":2,\"name\":\"Only2Chat\"}]},{\"@type\":\"WebSite\",\"@id\":\"https:\/\/strangercam.com\/#website\",\"url\":\"https:\/\/strangercam.com\/\",\"name\":\"Strangercam\",\"description\":\"Random Video Chat with Strangers\",\"publisher\":{\"@id\":\"https:\/\/strangercam.com\/#organization\"},\"alternateName\":\"Strangercam.com\",\"potentialAction\":[{\"@type\":\"SearchAction\",\"target\":{\"@type\":\"EntryPoint\",\"urlTemplate\":\"https:\/\/strangercam.com\/?s={search_term_string}\"},\"query-input\":{\"@type\":\"PropertyValueSpecification\",\"valueRequired\":true,\"valueName\":\"search_term_string\"}}],\"inLanguage\":\"cs\"},{\"@type\":\"Organization\",\"@id\":\"https:\/\/strangercam.com\/#organization\",\"name\":\"Strangercam\",\"alternateName\":\"Strangercam.com\",\"url\":\"https:\/\/strangercam.com\/\",\"logo\":{\"@type\":\"ImageObject\",\"inLanguage\":\"cs\",\"@id\":\"https:\/\/strangercam.com\/#\/schema\/logo\/image\/\",\"url\":\"https:\/\/strangercam.com\/wp-content\/uploads\/2020\/11\/cropped-new-favicon-black.png\",\"contentUrl\":\"https:\/\/strangercam.com\/wp-content\/uploads\/2020\/11\/cropped-new-favicon-black.png\",\"width\":512,\"height\":512,\"caption\":\"Strangercam\"},\"image\":{\"@id\":\"https:\/\/strangercam.com\/#\/schema\/logo\/image\/\"},\"sameAs\":[\"https:\/\/www.facebook.com\/strangercam\",\"https:\/\/x.com\/strangercamapp\"]}]}<\/script>\n<!-- \/ Yoast SEO plugin. -->","yoast_head_json":{"title":"Only2Chat - Chatroulette n\u00e1hodn\u00fd videochat na StrangerCam.com","description":"Jako Only2Chat? Poj\u010fte chatovat s v\u00edce ne\u017e 5 000 000 cizinci na Stranger Cam zdarma! Zapn\u011bte kameru a najd\u011bte nov\u00e9 p\u0159\u00e1tele &amp; maby z\u00e1pas!","robots":{"index":"index","follow":"follow","max-snippet":"max-snippet:-1","max-image-preview":"max-image-preview:large","max-video-preview":"max-video-preview:-1"},"canonical":"https:\/\/strangercam.com\/cs\/only2chat\/","og_locale":"cs_CZ","og_type":"article","og_title":"Only2Chat - Chatroulette random video chat on StrangerCam.com","og_description":"Like Only2Chat? Come chat with more than 5.000.000 strangers on Stranger Cam for Free! Turn on your cam and find new friends & maby a match!","og_url":"https:\/\/strangercam.com\/cs\/only2chat\/","og_site_name":"Strangercam","article_publisher":"https:\/\/www.facebook.com\/strangercam","og_image":[{"width":800,"height":532,"url":"https:\/\/strangercam.com\/wp-content\/uploads\/2021\/10\/Untitled-2.png","type":"image\/png"}],"twitter_card":"summary_large_image","twitter_site":"@strangercamapp","twitter_misc":{"Odhadovan\u00e1 doba \u010dten\u00ed":"5 minut"},"schema":{"@context":"https:\/\/schema.org","@graph":[{"@type":"WebPage","@id":"https:\/\/strangercam.com\/only2chat\/","url":"https:\/\/strangercam.com\/only2chat\/","name":"Only2Chat - Chatroulette n\u00e1hodn\u00fd videochat na StrangerCam.com","isPartOf":{"@id":"https:\/\/strangercam.com\/#website"},"datePublished":"2025-01-29T08:31:15+00:00","description":"Jako Only2Chat? Poj\u010fte chatovat s v\u00edce ne\u017e 5 000 000 cizinci na Stranger Cam zdarma! Zapn\u011bte kameru a najd\u011bte nov\u00e9 p\u0159\u00e1tele &amp; maby z\u00e1pas!","breadcrumb":{"@id":"https:\/\/strangercam.com\/only2chat\/#breadcrumb"},"inLanguage":"cs","potentialAction":[{"@type":"ReadAction","target":["https:\/\/strangercam.com\/only2chat\/"]}]},{"@type":"BreadcrumbList","@id":"https:\/\/strangercam.com\/only2chat\/#breadcrumb","itemListElement":[{"@type":"ListItem","position":1,"name":"Home","item":"https:\/\/strangercam.com\/"},{"@type":"ListItem","position":2,"name":"Only2Chat"}]},{"@type":"WebSite","@id":"https:\/\/strangercam.com\/#website","url":"https:\/\/strangercam.com\/","name":"Strangercam","description":"N\u00e1hodn\u00fd videochat s ciz\u00edmi lidmi","publisher":{"@id":"https:\/\/strangercam.com\/#organization"},"alternateName":"Strangercam.com","potentialAction":[{"@type":"SearchAction","target":{"@type":"EntryPoint","urlTemplate":"https:\/\/strangercam.com\/?s={search_term_string}"},"query-input":{"@type":"PropertyValueSpecification","valueRequired":true,"valueName":"search_term_string"}}],"inLanguage":"cs"},{"@type":"Organization","@id":"https:\/\/strangercam.com\/#organization","name":"Strangercam","alternateName":"Strangercam.com","url":"https:\/\/strangercam.com\/","logo":{"@type":"ImageObject","inLanguage":"cs","@id":"https:\/\/strangercam.com\/#\/schema\/logo\/image\/","url":"https:\/\/strangercam.com\/wp-content\/uploads\/2020\/11\/cropped-new-favicon-black.png","contentUrl":"https:\/\/strangercam.com\/wp-content\/uploads\/2020\/11\/cropped-new-favicon-black.png","width":512,"height":512,"caption":"Strangercam"},"image":{"@id":"https:\/\/strangercam.com\/#\/schema\/logo\/image\/"},"sameAs":["https:\/\/www.facebook.com\/strangercam","https:\/\/x.com\/strangercamapp"]}]}},"_links":{"self":[{"href":"https:\/\/strangercam.com\/cs\/wp-json\/wp\/v2\/pages\/12678","targetHints":{"allow":["GET"]}}],"collection":[{"href":"https:\/\/strangercam.com\/cs\/wp-json\/wp\/v2\/pages"}],"about":[{"href":"https:\/\/strangercam.com\/cs\/wp-json\/wp\/v2\/types\/page"}],"author":[{"embeddable":true,"href":"https:\/\/strangercam.com\/cs\/wp-json\/wp\/v2\/users\/6"}],"replies":[{"embeddable":true,"href":"https:\/\/strangercam.com\/cs\/wp-json\/wp\/v2\/comments?post=12678"}],"version-history":[{"count":2,"href":"https:\/\/strangercam.com\/cs\/wp-json\/wp\/v2\/pages\/12678\/revisions"}],"predecessor-version":[{"id":12680,"href":"https:\/\/strangercam.com\/cs\/wp-json\/wp\/v2\/pages\/12678\/revisions\/12680"}],"wp:attachment":[{"href":"https:\/\/strangercam.com\/cs\/wp-json\/wp\/v2\/media?parent=12678"}],"curies":[{"name":"wp","href":"https:\/\/api.w.org\/{rel}","templated":true}]}}