{"id":1261,"date":"2021-02-21T14:58:36","date_gmt":"2021-02-21T12:58:36","guid":{"rendered":"https:\/\/strangercam.com\/?page_id=1261"},"modified":"2023-08-21T12:24:41","modified_gmt":"2023-08-21T10:24:41","slug":"chatruletka","status":"publish","type":"page","link":"https:\/\/strangercam.com\/cs\/chatruletka\/","title":{"rendered":"Chatruletka"},"content":{"rendered":"<p>Mo\u017en\u00e1 jste sly\u0161eli o <a href=\"https:\/\/strangercam.com\/cs\/chatroulette\/\">Chatroulette<\/a> - str\u00e1nka, kde m\u016f\u017eete b\u00fdt n\u00e1hodn\u011b spojeni s nezn\u00e1m\u00fdm \u010dlov\u011bkem, se kter\u00fdm budete nat\u00e1\u010det video. <a href=\"https:\/\/strangercam.com\/cs\/chathub\/\">chat<\/a>. V\u011bd\u011bli jste ale, \u017ee nyn\u00ed existuje verze Chatroulette, kter\u00e1 je bezpe\u010dn\u00e1 pro 100%? Chatruletka je nov\u00e1 slu\u017eba videochatu, kter\u00e1 nab\u00edz\u00ed naprostou anonymitu a bezpe\u010dnost, tak\u017ee m\u016f\u017eete bez obav chatovat s ciz\u00edmi lidmi.<\/p>\n<h2>Co je Chatruletka?<\/h2>\n<p>Chatruletka je n\u00e1hodn\u00e1 webov\u00e1 str\u00e1nka videochatu, kter\u00e1 si v posledn\u00edch letech z\u00edskala popularitu. Webov\u00e1 str\u00e1nka spojuje dva lidi z jak\u00e9hokoli m\u00edsta na sv\u011bt\u011b a umo\u017e\u0148uje jim chatovat. H\u00e1\u010dek je v tom, \u017ee osoba, se kterou chatujete, je vybr\u00e1na n\u00e1hodn\u011b. D\u00edky tomu je Chatruletka obl\u00edbenou volbou pro lidi, kte\u0159\u00ed cht\u011bj\u00ed <a href=\"https:\/\/strangercam.com\/cs\/coomeet\/\">Seznamte se s<\/a> nov\u00e9 lidi z cel\u00e9ho sv\u011bta.<\/p>\n<p>Chatruletka je bezplatn\u00e1 webov\u00e1 str\u00e1nka, kter\u00e1 nevy\u017eaduje \u017e\u00e1dnou registraci. D\u00edky tomu je jej\u00ed pou\u017e\u00edv\u00e1n\u00ed velmi snadn\u00e9. Sta\u010d\u00ed zadat sv\u00e9 jm\u00e9no a za\u010d\u00edt chatovat. Pokud chcete, m\u016f\u017eete si tak\u00e9 vybrat chat s lidmi z konkr\u00e9tn\u00edch zem\u00ed.<\/p>\n<p>Webov\u00e1 str\u00e1nka si z\u00edskala popularitu d\u00edky sv\u00e9 100% bezpe\u010dnostn\u00ed funkci. Tato funkce zaji\u0161\u0165uje, \u017ee v\u0161echny chaty jsou soukrom\u00e9 a nelze je nahr\u00e1vat ani sledovat. D\u00edky tomu je Chatruletka bezpe\u010dn\u00fdm m\u00edstem pro chatov\u00e1n\u00ed s ciz\u00edmi lidmi.<\/p>\n<h2>Jak pou\u017e\u00edvat Chatruletka<\/h2>\n<p>Chatruletka je bezplatn\u00e1 slu\u017eba online videochatu, kter\u00e1 v\u00e1m umo\u017en\u00ed spojit se s n\u00e1hodn\u00fdmi lidmi z cel\u00e9ho sv\u011bta. Chcete-li za\u010d\u00edt pou\u017e\u00edvat slu\u017ebu Chatruletka, jednodu\u0161e p\u0159ejd\u011bte na webov\u00e9 str\u00e1nky a klikn\u011bte na tla\u010d\u00edtko \u201cStart\u201d. Pot\u00e9 budete spojeni s n\u00e1hodnou osobou odkudkoli na sv\u011bt\u011b.<\/p>\n<p>S p\u0159ipojenou osobou m\u016f\u017eete chatovat prost\u0159ednictv\u00edm textu, zvuku nebo videa. Chcete-li zah\u00e1jit textov\u00fd chat, jednodu\u0161e napi\u0161te zpr\u00e1vu do pole v doln\u00ed \u010d\u00e1sti obrazovky a stiskn\u011bte kl\u00e1vesu enter. Chcete-li zah\u00e1jit audio chat, klikn\u011bte na tla\u010d\u00edtko \u201cAudio\u201d. To v\u00e1m umo\u017en\u00ed zapnout mikrofon a za\u010d\u00edt mluvit s osobou, se kterou jste p\u0159ipojeni. Chcete-li zah\u00e1jit videochat, klikn\u011bte na tla\u010d\u00edtko \u201cVideo\u201d. T\u00edm zapnete webovou kameru a uvid\u00edte osobu, se kterou hovo\u0159\u00edte.<\/p>\n<p>Pokud chcete ukon\u010dit hovor s osobou, se kterou jste spojeni, jednodu\u0161e klikn\u011bte na tla\u010d\u00edtko \u201cUkon\u010dit hovor\u201d. T\u00edm ukon\u010d\u00edte aktu\u00e1ln\u00ed hovor a spoj\u00edte se s jinou n\u00e1hodnou osobou.<\/p>\n<p>Chatruletka je skv\u011bl\u00fd zp\u016fsob, jak poznat nov\u00e9 lidi z cel\u00e9ho sv\u011bta. Jeho pou\u017e\u00edv\u00e1n\u00ed je zcela zdarma a je % bezpe\u010dn\u00e9.<\/p>\n<h2>V\u00fdhody pou\u017e\u00edv\u00e1n\u00ed Chatruletka<\/h2>\n<p>Pou\u017e\u00edv\u00e1n\u00ed slu\u017eby Chatruletka pro n\u00e1hodn\u00e9 videochaty m\u00e1 mnoho v\u00fdhod.<\/p>\n<ul>\n<li style=\"font-weight: 400;\" aria-level=\"1\">Zaprv\u00e9 je to skv\u011bl\u00fd zp\u016fsob, jak poznat nov\u00e9 lidi z cel\u00e9ho sv\u011bta. Nikdy nev\u00edte, s k\u00fdm si nakonec budete pov\u00eddat, co\u017e m\u016f\u017ee b\u00fdt vzru\u0161uj\u00edc\u00ed.<\/li>\n<li style=\"font-weight: 400;\" aria-level=\"1\">Za druh\u00e9, Chatruletka je zcela zdarma. Nemus\u00edte se ob\u00e1vat, \u017ee byste museli platit n\u011bjak\u00e9 poplatky nebo p\u0159edplatn\u00e9.<\/li>\n<li style=\"font-weight: 400;\" aria-level=\"1\">Za t\u0159et\u00ed, str\u00e1nky jsou 100% bezpe\u010dn\u00e9 a zabezpe\u010den\u00e9. M\u016f\u017eete chatovat s \u00fapln\u011b ciz\u00edmi lidmi, ani\u017e byste se museli ob\u00e1vat, \u017ee va\u0161e osobn\u00ed \u00fadaje budou ohro\u017eeny.<\/li>\n<li style=\"font-weight: 400;\" aria-level=\"1\">Za \u010dtvrt\u00e9, Chatruletka je k dispozici v mnoha r\u016fzn\u00fdch jazyc\u00edch. D\u00edky tomu je p\u0159\u00edstupn\u00fd lidem z cel\u00e9ho sv\u011bta.<\/li>\n<li style=\"font-weight: 400;\" aria-level=\"1\">A kone\u010dn\u011b, Chatruletka nab\u00edz\u00ed skv\u011bl\u00fd zp\u016fsob, jak se s lidmi spojit na hlub\u0161\u00ed \u00farovni. M\u016f\u017eete s lidmi v\u00e9st skute\u010dn\u00e9 rozhovory a poznat je zp\u016fsobem, kter\u00fd by se v\u00e1m nepoda\u0159il, kdybyste chatovali pouze textov\u011b.<\/li>\n<\/ul>\n<h2>Co o\u010dek\u00e1vat p\u0159i pou\u017e\u00edv\u00e1n\u00ed Chatruletka?<\/h2>\n<p>P\u0159i pou\u017e\u00edv\u00e1n\u00ed slu\u017eby Chatruletka m\u016f\u017eete o\u010dek\u00e1vat, \u017ee budete spojeni s n\u00e1hodnou osobou odkudkoli na sv\u011bt\u011b. Vy ji uvid\u00edte a usly\u0161\u00edte a ona uvid\u00ed a usly\u0161\u00ed v\u00e1s. S touto osobou m\u016f\u017eete chatovat tak dlouho, jak budete cht\u00edt, nebo se kdykoli p\u0159esunout k jin\u00e9 osob\u011b.<\/p>\n<p>Chatruletka je zcela bezpe\u010dn\u00fd zp\u016fsob, jak chatovat s ciz\u00edmi lidmi. Va\u0161e osobn\u00ed \u00fadaje nejsou nikdy sd\u00edleny s nik\u00fdm jin\u00fdm a v\u0161echny konverzace jsou d\u016fv\u011brn\u00e9. 100% Pokud si p\u0159ejete, m\u016f\u017eete si tak\u00e9 zvolit anonymitu.<\/p>\n<p>Chatruletka je skv\u011bl\u00fd zp\u016fsob, jak poznat nov\u00e9 lidi z cel\u00e9ho sv\u011bta. Je z\u00e1bavn\u00fd, snadno pou\u017eiteln\u00fd a zcela bezpe\u010dn\u00fd. Tak pro\u010d to nevyzkou\u0161et je\u0161t\u011b dnes?<\/p>\n<h2>Alternativy k Chatruletka:<\/h2>\n<p>Existuje mnoho alternativ k Chatruletka, kter\u00e9 poskytuj\u00ed podobn\u00e9 slu\u017eby.<\/p>\n<p><a href=\"https:\/\/strangercam.com\/cs\/omegle\/\">Omegle<\/a> je jednou z obl\u00edben\u00fdch alternativ. Omegle je bezplatn\u00fd online chat, kter\u00fd u\u017eivatel\u016fm umo\u017e\u0148uje spojit se s cizinci z cel\u00e9ho sv\u011bta. Omegle nevy\u017eaduje, aby si u\u017eivatel\u00e9 vytv\u00e1\u0159eli \u00fa\u010det, tak\u017ee za\u010d\u00e1tek je rychl\u00fd a snadn\u00fd. Stejn\u011b jako Chatruletka m\u00e1 Omegle sekci pro konverzace pro dosp\u011bl\u00e9, kter\u00e9 nejsou moderov\u00e1ny. Na Omegle v\u0161ak p\u016fsob\u00ed moder\u00e1to\u0159i, kte\u0159\u00ed mohou u\u017eivatel\u016fm za nevhodn\u00e9 chov\u00e1n\u00ed zak\u00e1zat p\u0159\u00edstup.<\/p>\n<p>Dal\u0161\u00ed obl\u00edbenou alternativou je Camsurf. Camsurf je bezplatn\u00fd online chat, kter\u00fd spojuje u\u017eivatele s cizinci z cel\u00e9ho sv\u011bta. Camsurf m\u00e1 p\u0159\u00edsnou politiku z\u00e1kazu nahoty, tak\u017ee si u\u017eivatel\u00e9 mohou b\u00fdt jisti, \u017ee nebudou vystaveni \u017e\u00e1dn\u00e9mu explicitn\u00edmu obsahu. Camsurf m\u00e1 tak\u00e9 moder\u00e1torsk\u00fd t\u00fdm, kter\u00fd sleduje konverzace a m\u016f\u017ee u\u017eivatel\u016fm zak\u00e1zat nevhodn\u00e9 chov\u00e1n\u00ed.<\/p>\n<p>Existuje mnoho dal\u0161\u00edch alternativ k Chatruletka, kter\u00e9 poskytuj\u00ed podobn\u00e9 slu\u017eby. Pat\u0159\u00ed mezi n\u011b str\u00e1nky jako nap\u0159. <a href=\"https:\/\/strangercam.com\/cs\/bazoocam\/\">Bazoocam<\/a>, Chatrandom a Tinychat.<\/p>\n<h2>Je jeho pou\u017e\u00edv\u00e1n\u00ed bezpe\u010dn\u00e9?<\/h2>\n<p>Ano, Chatruletka je bezpe\u010dn\u00fd zp\u016fsob videochatu s n\u00e1hodn\u00fdmi lidmi z cel\u00e9ho sv\u011bta. Str\u00e1nky pou\u017e\u00edvaj\u00ed \u0161ifrov\u00e1n\u00ed SSL k ochran\u011b va\u0161ich osobn\u00edch \u00fadaj\u016f a v\u0161echny chaty jsou moderov\u00e1ny t\u00fdmem moder\u00e1tor\u016f. Krom\u011b toho m\u016f\u017eete nahl\u00e1sit v\u0161echny u\u017eivatele, kte\u0159\u00ed poru\u0161uj\u00ed podm\u00ednky slu\u017eby webu.<\/p>\n<h2>Z\u00e1v\u011br<\/h2>\n<p>Celkov\u011b je Chatruletka skv\u011blou volbou pro ty, kte\u0159\u00ed hledaj\u00ed bezpe\u010dnou a zabezpe\u010denou str\u00e1nku pro n\u00e1hodn\u00fd videochat. Str\u00e1nka je k dispozici zdarma a nejsou zde \u017e\u00e1dn\u00e9 skryt\u00e9 poplatky. M\u016f\u017eete chatovat s ciz\u00edmi lidmi z cel\u00e9ho sv\u011bta a snadno si naj\u00edt nov\u00e9 p\u0159\u00e1tele. Tak na co je\u0161t\u011b \u010dek\u00e1te? Vyzkou\u0161ejte Chatruletka je\u0161t\u011b dnes!<\/p>","protected":false},"excerpt":{"rendered":"<p>You may have heard of Chatroulette &#8211; a site where you can be randomly matched with a stranger for a video chat. But did you know that there is now a version of Chatroulette that is 100% safe? Chatruletka is a new video-chat service that offers complete anonymity and security, so you can chat with [&hellip;]<\/p>\n","protected":false},"author":6,"featured_media":559,"parent":0,"menu_order":0,"comment_status":"closed","ping_status":"closed","template":"","meta":{"footnotes":""},"class_list":["post-1261","page","type-page","status-publish","has-post-thumbnail","hentry"],"yoast_head":"<!-- This site is optimized with the Yoast SEO plugin v27.4 - https:\/\/yoast.com\/product\/yoast-seo-wordpress\/ -->\n<title>Chatruletka - Free Cam Chat on StrangerCam<\/title>\n<meta name=\"description\" content=\"Like Chatruletka? Come chat with more than 5.000.000 strangers on Stranger Cam for Free! Turn on your cam and find new friends!\" \/>\n<meta name=\"robots\" content=\"index, follow, max-snippet:-1, max-image-preview:large, max-video-preview:-1\" \/>\n<link rel=\"canonical\" href=\"https:\/\/strangercam.com\/cs\/chatruletka\/\" \/>\n<meta property=\"og:locale\" content=\"cs_CZ\" \/>\n<meta property=\"og:type\" content=\"article\" \/>\n<meta property=\"og:title\" content=\"Chatruletka - Free Cam Chat on StrangerCam\" \/>\n<meta property=\"og:description\" content=\"Like Chatruletka? Come chat with more than 5.000.000 strangers on Stranger Cam for Free! Turn on your cam and find new friends!\" \/>\n<meta property=\"og:url\" content=\"https:\/\/strangercam.com\/cs\/chatruletka\/\" \/>\n<meta property=\"og:site_name\" content=\"Strangercam\" \/>\n<meta property=\"article:publisher\" content=\"https:\/\/www.facebook.com\/strangercam\" \/>\n<meta property=\"article:modified_time\" content=\"2023-08-21T10:24:41+00:00\" \/>\n<meta property=\"og:image\" content=\"https:\/\/strangercam.com\/wp-content\/uploads\/2020\/11\/stranger-cam-1.png\" \/>\n\t<meta property=\"og:image:width\" content=\"800\" \/>\n\t<meta property=\"og:image:height\" content=\"800\" \/>\n\t<meta property=\"og:image:type\" content=\"image\/png\" \/>\n<meta name=\"twitter:card\" content=\"summary_large_image\" \/>\n<meta name=\"twitter:site\" content=\"@strangercamapp\" \/>\n<meta name=\"twitter:label1\" content=\"Odhadovan\u00e1 doba \u010dten\u00ed\" \/>\n\t<meta name=\"twitter:data1\" content=\"5 minut\" \/>\n<script type=\"application\/ld+json\" class=\"yoast-schema-graph\">{\"@context\":\"https:\\\/\\\/schema.org\",\"@graph\":[{\"@type\":\"WebPage\",\"@id\":\"https:\\\/\\\/strangercam.com\\\/chatruletka\\\/\",\"url\":\"https:\\\/\\\/strangercam.com\\\/chatruletka\\\/\",\"name\":\"Chatruletka - Free Cam Chat on StrangerCam\",\"isPartOf\":{\"@id\":\"https:\\\/\\\/strangercam.com\\\/#website\"},\"primaryImageOfPage\":{\"@id\":\"https:\\\/\\\/strangercam.com\\\/chatruletka\\\/#primaryimage\"},\"image\":{\"@id\":\"https:\\\/\\\/strangercam.com\\\/chatruletka\\\/#primaryimage\"},\"thumbnailUrl\":\"https:\\\/\\\/strangercam.com\\\/wp-content\\\/uploads\\\/2020\\\/11\\\/stranger-cam-1.png\",\"datePublished\":\"2021-02-21T12:58:36+00:00\",\"dateModified\":\"2023-08-21T10:24:41+00:00\",\"description\":\"Like Chatruletka? Come chat with more than 5.000.000 strangers on Stranger Cam for Free! Turn on your cam and find new friends!\",\"breadcrumb\":{\"@id\":\"https:\\\/\\\/strangercam.com\\\/chatruletka\\\/#breadcrumb\"},\"inLanguage\":\"cs\",\"potentialAction\":[{\"@type\":\"ReadAction\",\"target\":[\"https:\\\/\\\/strangercam.com\\\/chatruletka\\\/\"]}]},{\"@type\":\"ImageObject\",\"inLanguage\":\"cs\",\"@id\":\"https:\\\/\\\/strangercam.com\\\/chatruletka\\\/#primaryimage\",\"url\":\"https:\\\/\\\/strangercam.com\\\/wp-content\\\/uploads\\\/2020\\\/11\\\/stranger-cam-1.png\",\"contentUrl\":\"https:\\\/\\\/strangercam.com\\\/wp-content\\\/uploads\\\/2020\\\/11\\\/stranger-cam-1.png\",\"width\":800,\"height\":800,\"caption\":\"stranger cam random video chat\"},{\"@type\":\"BreadcrumbList\",\"@id\":\"https:\\\/\\\/strangercam.com\\\/chatruletka\\\/#breadcrumb\",\"itemListElement\":[{\"@type\":\"ListItem\",\"position\":1,\"name\":\"Home\",\"item\":\"https:\\\/\\\/strangercam.com\\\/\"},{\"@type\":\"ListItem\",\"position\":2,\"name\":\"Chatruletka\"}]},{\"@type\":\"WebSite\",\"@id\":\"https:\\\/\\\/strangercam.com\\\/#website\",\"url\":\"https:\\\/\\\/strangercam.com\\\/\",\"name\":\"Strangercam\",\"description\":\"Random Video Chat with Strangers\",\"publisher\":{\"@id\":\"https:\\\/\\\/strangercam.com\\\/#organization\"},\"alternateName\":\"Strangercam.com\",\"potentialAction\":[{\"@type\":\"SearchAction\",\"target\":{\"@type\":\"EntryPoint\",\"urlTemplate\":\"https:\\\/\\\/strangercam.com\\\/?s={search_term_string}\"},\"query-input\":{\"@type\":\"PropertyValueSpecification\",\"valueRequired\":true,\"valueName\":\"search_term_string\"}}],\"inLanguage\":\"cs\"},{\"@type\":\"Organization\",\"@id\":\"https:\\\/\\\/strangercam.com\\\/#organization\",\"name\":\"Strangercam\",\"alternateName\":\"Strangercam.com\",\"url\":\"https:\\\/\\\/strangercam.com\\\/\",\"logo\":{\"@type\":\"ImageObject\",\"inLanguage\":\"cs\",\"@id\":\"https:\\\/\\\/strangercam.com\\\/#\\\/schema\\\/logo\\\/image\\\/\",\"url\":\"https:\\\/\\\/strangercam.com\\\/wp-content\\\/uploads\\\/2020\\\/11\\\/cropped-new-favicon-black.png\",\"contentUrl\":\"https:\\\/\\\/strangercam.com\\\/wp-content\\\/uploads\\\/2020\\\/11\\\/cropped-new-favicon-black.png\",\"width\":512,\"height\":512,\"caption\":\"Strangercam\"},\"image\":{\"@id\":\"https:\\\/\\\/strangercam.com\\\/#\\\/schema\\\/logo\\\/image\\\/\"},\"sameAs\":[\"https:\\\/\\\/www.facebook.com\\\/strangercam\",\"https:\\\/\\\/x.com\\\/strangercamapp\"]}]}<\/script>\n<!-- \/ Yoast SEO plugin. -->","yoast_head_json":{"title":"Chatruletka - Cam Chat zdarma na StrangerCam","description":"Jako Chatruletka? Poj\u010fte si zdarma popov\u00eddat s v\u00edce ne\u017e 5 000 000 cizinci na Stranger Cam! Zapn\u011bte si kameru a najd\u011bte si nov\u00e9 p\u0159\u00e1tele!","robots":{"index":"index","follow":"follow","max-snippet":"max-snippet:-1","max-image-preview":"max-image-preview:large","max-video-preview":"max-video-preview:-1"},"canonical":"https:\/\/strangercam.com\/cs\/chatruletka\/","og_locale":"cs_CZ","og_type":"article","og_title":"Chatruletka - Free Cam Chat on StrangerCam","og_description":"Like Chatruletka? Come chat with more than 5.000.000 strangers on Stranger Cam for Free! Turn on your cam and find new friends!","og_url":"https:\/\/strangercam.com\/cs\/chatruletka\/","og_site_name":"Strangercam","article_publisher":"https:\/\/www.facebook.com\/strangercam","article_modified_time":"2023-08-21T10:24:41+00:00","og_image":[{"width":800,"height":800,"url":"https:\/\/strangercam.com\/wp-content\/uploads\/2020\/11\/stranger-cam-1.png","type":"image\/png"}],"twitter_card":"summary_large_image","twitter_site":"@strangercamapp","twitter_misc":{"Odhadovan\u00e1 doba \u010dten\u00ed":"5 minut"},"schema":{"@context":"https:\/\/schema.org","@graph":[{"@type":"WebPage","@id":"https:\/\/strangercam.com\/chatruletka\/","url":"https:\/\/strangercam.com\/chatruletka\/","name":"Chatruletka - Cam Chat zdarma na StrangerCam","isPartOf":{"@id":"https:\/\/strangercam.com\/#website"},"primaryImageOfPage":{"@id":"https:\/\/strangercam.com\/chatruletka\/#primaryimage"},"image":{"@id":"https:\/\/strangercam.com\/chatruletka\/#primaryimage"},"thumbnailUrl":"https:\/\/strangercam.com\/wp-content\/uploads\/2020\/11\/stranger-cam-1.png","datePublished":"2021-02-21T12:58:36+00:00","dateModified":"2023-08-21T10:24:41+00:00","description":"Jako Chatruletka? Poj\u010fte si zdarma popov\u00eddat s v\u00edce ne\u017e 5 000 000 cizinci na Stranger Cam! Zapn\u011bte si kameru a najd\u011bte si nov\u00e9 p\u0159\u00e1tele!","breadcrumb":{"@id":"https:\/\/strangercam.com\/chatruletka\/#breadcrumb"},"inLanguage":"cs","potentialAction":[{"@type":"ReadAction","target":["https:\/\/strangercam.com\/chatruletka\/"]}]},{"@type":"ImageObject","inLanguage":"cs","@id":"https:\/\/strangercam.com\/chatruletka\/#primaryimage","url":"https:\/\/strangercam.com\/wp-content\/uploads\/2020\/11\/stranger-cam-1.png","contentUrl":"https:\/\/strangercam.com\/wp-content\/uploads\/2020\/11\/stranger-cam-1.png","width":800,"height":800,"caption":"stranger cam random video chat"},{"@type":"BreadcrumbList","@id":"https:\/\/strangercam.com\/chatruletka\/#breadcrumb","itemListElement":[{"@type":"ListItem","position":1,"name":"Home","item":"https:\/\/strangercam.com\/"},{"@type":"ListItem","position":2,"name":"Chatruletka"}]},{"@type":"WebSite","@id":"https:\/\/strangercam.com\/#website","url":"https:\/\/strangercam.com\/","name":"Strangercam","description":"N\u00e1hodn\u00fd videochat s ciz\u00edmi lidmi","publisher":{"@id":"https:\/\/strangercam.com\/#organization"},"alternateName":"Strangercam.com","potentialAction":[{"@type":"SearchAction","target":{"@type":"EntryPoint","urlTemplate":"https:\/\/strangercam.com\/?s={search_term_string}"},"query-input":{"@type":"PropertyValueSpecification","valueRequired":true,"valueName":"search_term_string"}}],"inLanguage":"cs"},{"@type":"Organization","@id":"https:\/\/strangercam.com\/#organization","name":"Strangercam","alternateName":"Strangercam.com","url":"https:\/\/strangercam.com\/","logo":{"@type":"ImageObject","inLanguage":"cs","@id":"https:\/\/strangercam.com\/#\/schema\/logo\/image\/","url":"https:\/\/strangercam.com\/wp-content\/uploads\/2020\/11\/cropped-new-favicon-black.png","contentUrl":"https:\/\/strangercam.com\/wp-content\/uploads\/2020\/11\/cropped-new-favicon-black.png","width":512,"height":512,"caption":"Strangercam"},"image":{"@id":"https:\/\/strangercam.com\/#\/schema\/logo\/image\/"},"sameAs":["https:\/\/www.facebook.com\/strangercam","https:\/\/x.com\/strangercamapp"]}]}},"_links":{"self":[{"href":"https:\/\/strangercam.com\/cs\/wp-json\/wp\/v2\/pages\/1261","targetHints":{"allow":["GET"]}}],"collection":[{"href":"https:\/\/strangercam.com\/cs\/wp-json\/wp\/v2\/pages"}],"about":[{"href":"https:\/\/strangercam.com\/cs\/wp-json\/wp\/v2\/types\/page"}],"author":[{"embeddable":true,"href":"https:\/\/strangercam.com\/cs\/wp-json\/wp\/v2\/users\/6"}],"replies":[{"embeddable":true,"href":"https:\/\/strangercam.com\/cs\/wp-json\/wp\/v2\/comments?post=1261"}],"version-history":[{"count":0,"href":"https:\/\/strangercam.com\/cs\/wp-json\/wp\/v2\/pages\/1261\/revisions"}],"wp:featuredmedia":[{"embeddable":true,"href":"https:\/\/strangercam.com\/cs\/wp-json\/wp\/v2\/media\/559"}],"wp:attachment":[{"href":"https:\/\/strangercam.com\/cs\/wp-json\/wp\/v2\/media?parent=1261"}],"curies":[{"name":"wp","href":"https:\/\/api.w.org\/{rel}","templated":true}]}}