{"id":12587,"date":"2024-11-08T12:02:12","date_gmt":"2024-11-08T10:02:12","guid":{"rendered":"https:\/\/strangercam.com\/?page_id=12587"},"modified":"2025-02-04T09:36:39","modified_gmt":"2025-02-04T07:36:39","slug":"rabbit-video-chat","status":"publish","type":"page","link":"https:\/\/strangercam.com\/cs\/rabbit-video-chat\/","title":{"rendered":"Video chat s kr\u00e1l\u00edkem"},"content":{"rendered":"<p>Hled\u00e1te temperamentn\u00ed a spont\u00e1nn\u00ed zp\u016fsob, jak nav\u00e1zat online kontakt s nov\u00fdmi lidmi? Rabbit Video <a href=\"https:\/\/strangercam.com\/cs\/chatroulette\/\">Chat<\/a> nab\u00edz\u00ed z\u00e1\u017eitek ve stylu chatroulette, kter\u00fd v\u00e1s spoj\u00ed s ciz\u00edmi lidmi z cel\u00e9ho sv\u011bta a umo\u017en\u00ed v\u00e1m z\u00e1bavn\u00e1 setk\u00e1n\u00ed tv\u00e1\u0159\u00ed v tv\u00e1\u0159. N\u00ed\u017ee prozkoum\u00e1me v\u00fdzna\u010dn\u00e9 funkce Rabbit Video Chat, \u010d\u00edm se li\u0161\u00ed od jin\u00fdch n\u00e1hodn\u00fdch chatovac\u00edch str\u00e1nek a pro\u010d je to dobr\u00e1 volba pro rychl\u00e9 a \u017eiv\u00e9 soci\u00e1ln\u00ed kontakty.<\/p>\n<h2>Kl\u00ed\u010dov\u00e9 vlastnosti<\/h2>\n<p>Kr\u00e1l\u00edk <a href=\"https:\/\/strangercam.com\/cs\/coomeet\/\">Videochat<\/a> se zam\u011b\u0159uje na jednoduchost a z\u00e1bavu, tak\u017ee se m\u016f\u017eete rovnou pustit do videokonverzac\u00ed bez zbyte\u010dn\u00fdch p\u0159ek\u00e1\u017eek. Mezi jeho funkce pat\u0159\u00ed:<\/p>\n<ul>\n<li><strong>N\u00e1hodn\u00e9 porovn\u00e1v\u00e1n\u00ed vide\u00ed<\/strong>: Okam\u017eit\u011b se spojte s ciz\u00edmi lidmi po cel\u00e9m sv\u011bt\u011b a zapi\u0161te si autentick\u00e9 konverzace jeden na jednoho.<\/li>\n<li><strong>Z\u00e1bavn\u00e9 filtry a efekty<\/strong>: Rozhovor\u016fm dodejte vzru\u0161en\u00ed pomoc\u00ed nep\u0159edv\u00eddateln\u00fdch digit\u00e1ln\u00edch masek a hrav\u00fdch p\u0159ekryv\u016f.<\/li>\n<li><strong>Rychl\u00e1 navigace<\/strong>: Mezi z\u00e1pasy se pohybujte rychle, abyste se st\u00e1le setk\u00e1vali s nov\u00fdmi lidmi.<\/li>\n<li><strong>Optimalizovan\u00e9 pro mobiln\u00ed za\u0159\u00edzen\u00ed<\/strong>: U\u017e\u00edvejte si plynul\u00e9 videochaty na chytr\u00fdch telefonech i stoln\u00edch po\u010d\u00edta\u010d\u00edch.<\/li>\n<\/ul>\n<h2>N\u00e1hodn\u00e9 zku\u0161enosti s videochatem<\/h2>\n<p>Spole\u010dnost Rabbit Video Chat je vynikaj\u00edc\u00ed v tom, \u017ee v\u00e1s okam\u017eit\u011b spoj\u00ed s nov\u00fdmi lidmi, tak\u017ee str\u00e1v\u00edte v\u00edce \u010dasu pov\u00edd\u00e1n\u00edm a m\u00e9n\u011b \u010dek\u00e1n\u00edm.<\/p>\n<h3>Okam\u017eit\u00e9 p\u00e1rov\u00e1n\u00ed<\/h3>\n<p>Klepn\u011bte na tla\u010d\u00edtko \"Start\" a algoritmus platformy v\u00e1s rychle spoj\u00ed s dal\u0161\u00edm u\u017eivatelem, kter\u00fd hled\u00e1 konverzaci. Jde o spont\u00e1nnost - nen\u00ed t\u0159eba \u017e\u00e1dn\u00fdch rozs\u00e1hl\u00fdch profil\u016f ani slo\u017eit\u00fdch krok\u016f.<\/p>\n<h3>Auto Dal\u0161\u00ed<\/h3>\n<p>Nevyhovuje v\u00e1m v\u00e1\u0161 sou\u010dasn\u00fd partner? Jednodu\u0161e stiskn\u011bte tla\u010d\u00edtko \"Dal\u0161\u00ed\" a pokra\u010dujte d\u00e1l. T\u00edm je zaji\u0161t\u011bno rychl\u00e9 prost\u0159ed\u00ed, ve kter\u00e9m m\u016f\u017eete naj\u00edt ten spr\u00e1vn\u00fd prot\u011bj\u0161ek.<\/p>\n<h3>Glob\u00e1ln\u00ed spole\u010denstv\u00ed<\/h3>\n<p>U\u017eivatelsk\u00e1 z\u00e1kladna Rabbit Video Chat se rozprost\u00edr\u00e1 na r\u016fzn\u00fdch kontinentech, co\u017e poskytuje dostatek p\u0159\u00edle\u017eitost\u00ed k pozn\u00e1v\u00e1n\u00ed r\u016fzn\u00fdch kultur a mo\u017en\u00e1 i k procvi\u010dov\u00e1n\u00ed nov\u00e9ho jazyka.<\/p>\n<h2>Z\u00e1bavn\u00e9 dopl\u0148ky<\/h2>\n<p>Tato platforma jde nad r\u00e1mec standardn\u00edch hovor\u016f a nab\u00edz\u00ed dal\u0161\u00ed funkce, kter\u00e9 zpest\u0159uj\u00ed n\u00e1hodn\u00fd chat:<\/p>\n<table>\n<thead>\n<tr>\n<th>Funkce<\/th>\n<th>Popis<\/th>\n<\/tr>\n<\/thead>\n<tbody>\n<tr>\n<td><strong>Digit\u00e1ln\u00ed filtry a masky<\/strong><\/td>\n<td>Vneste do konverzace humor nebo kreativitu pomoc\u00ed z\u00e1bavn\u00fdch vizu\u00e1ln\u00edch efekt\u016f.<\/td>\n<\/tr>\n<tr>\n<td><strong>Integrace textov\u00e9ho chatu<\/strong><\/td>\n<td>Pokud v\u00e1m mluven\u00ed zpo\u010d\u00e1tku p\u0159ipad\u00e1 p\u0159\u00edli\u0161 osobn\u00ed, napi\u0161te rychlou zpr\u00e1vu nebo sd\u00edlejte odkazy.<\/td>\n<\/tr>\n<tr>\n<td><strong>N\u00e1stroj pro po\u0159izov\u00e1n\u00ed sn\u00edmk\u016f<\/strong><\/td>\n<td>Zachy\u0165te nezapomenuteln\u00e9 okam\u017eiky (se souhlasem partnera v chatu), abyste se k nim mohli pozd\u011bji vr\u00e1tit.<\/td>\n<\/tr>\n<tr>\n<td><strong>Z\u00e1jmov\u00e9 \u0161t\u00edtky<\/strong><\/td>\n<td>Ozna\u010dte chaty t\u00e9maty (hudba, cestov\u00e1n\u00ed, hry) pro lep\u0161\u00ed kompatibilitu s nov\u00fdmi z\u00e1pasy.<\/td>\n<\/tr>\n<\/tbody>\n<\/table>\n<h2>U\u017eivatelsk\u00e9 rozhran\u00ed a zku\u0161enosti<\/h2>\n<p>C\u00edlem Rabbit Video Chat je poskytnout jasn\u00e9 a p\u0159\u00edmo\u010dar\u00e9 rozhran\u00ed, kter\u00e9 udr\u017euje pozornost na va\u0161em \u00fa\u010dtu. <a href=\"https:\/\/strangercam.com\/cs\/mili\/\">\u017eiv\u011b<\/a> video.<\/p>\n<h3>Design a navigace<\/h3>\n<ul>\n<li><strong>Minimalistick\u00e9 ovl\u00e1d\u00e1n\u00ed<\/strong>: Jasn\u011b ozna\u010den\u00e1 tla\u010d\u00edtka \u201cStart\u201d, \u201cStop\u201d a \u201cDal\u0161\u00ed\u201d usnad\u0148uj\u00ed spr\u00e1vu chat\u016f.<\/li>\n<li><strong>Nab\u00eddky zalo\u017een\u00e9 na ikon\u00e1ch<\/strong>: Filtry, textov\u00fd chat a dal\u0161\u00ed funkce jsou dostupn\u00e9 pomoc\u00ed intuitivn\u00edch ikon.<\/li>\n<li><strong>Responzivn\u00ed rozvr\u017een\u00ed<\/strong>: Rozhran\u00ed se hladce p\u0159izp\u016fsob\u00ed od chytr\u00fdch telefon\u016f a\u017e po velk\u00e9 monitory.<\/li>\n<\/ul>\n<h3>P\u0159izp\u016fsoben\u00ed<\/h3>\n<ul>\n<li><strong>Voliteln\u00e9 profily<\/strong>: Pou\u017eijte p\u0159ezd\u00edvku nebo z\u016fsta\u0148te anonymn\u00ed kv\u016fli ochran\u011b soukrom\u00ed.<\/li>\n<li><strong>P\u0159edvolby ozn\u00e1men\u00ed<\/strong>: Zvolte si zp\u016fsob p\u0159ij\u00edm\u00e1n\u00ed \u017e\u00e1dost\u00ed o p\u0159\u00e1telstv\u00ed nebo aktualizac\u00ed.<\/li>\n<li><strong>Nastaven\u00ed ochrany osobn\u00edch \u00fadaj\u016f<\/strong>: Ovl\u00e1dejte sd\u00edlen\u00ed polohy a spravujte, kter\u00e9 \u00fadaje jsou viditeln\u00e9 pro ostatn\u00ed.<\/li>\n<\/ul>\n<h2>V\u00fdkon<\/h2>\n<p>Rychl\u00e9 a stabiln\u00ed p\u0159ipojen\u00ed je pro ka\u017edou aplikaci pro \u017eiv\u00e9 video z\u00e1sadn\u00ed a Rabbit Video Chat se sna\u017e\u00ed poskytovat spolehliv\u00fd z\u00e1\u017eitek:<\/p>\n<h3>Optimalizovan\u00e9 servery<\/h3>\n<ul>\n<li><strong>Sn\u00ed\u017een\u00e9 zpo\u017ed\u011bn\u00ed<\/strong>: Efektivn\u00ed infrastruktura usiluje o minim\u00e1ln\u00ed zpo\u017ed\u011bn\u00ed videohovor\u016f.<\/li>\n<li><strong>Adaptivn\u00ed kvalita<\/strong>: Rozli\u0161en\u00ed videa se p\u0159izp\u016fsobuje rychlosti internetu, aby se minimalizovaly poruchy.<\/li>\n<li><strong>Datov\u011b \u00fasporn\u00fd re\u017eim<\/strong>: Mobiln\u00ed u\u017eivatel\u00e9 mohou povolit nastaven\u00ed ni\u017e\u0161\u00ed spot\u0159eby dat.<\/li>\n<\/ul>\n<h2>Bezpe\u010dnost a st\u0159\u00eddmost<\/h2>\n<p>N\u00e1hodn\u00e9 videochaty mohou p\u0159in\u00e9st ne\u010dekan\u00fd obsah, proto Rabbit Video Chat obsahuje n\u011bkolik bezpe\u010dnostn\u00edch opat\u0159en\u00ed:<\/p>\n<h3>Dohled Spole\u010denstv\u00ed<\/h3>\n<ul>\n<li><strong>N\u00e1stroje pro hl\u00e1\u0161en\u00ed a blokov\u00e1n\u00ed<\/strong>: Rychle ozna\u010dte nevhodn\u00e9 u\u017eivatele a zablokujte je pro dal\u0161\u00ed setk\u00e1n\u00ed.<\/li>\n<li><strong>Moderov\u00e1n\u00ed um\u011bl\u00e9 inteligence<\/strong>: Automatizovan\u00e9 syst\u00e9my monitoruj\u00ed explicitn\u00ed nebo \u0161kodliv\u00e9 chov\u00e1n\u00ed v re\u00e1ln\u00e9m \u010dase.<\/li>\n<li><strong>Moder\u00e1torsk\u00fd t\u00fdm<\/strong>: Zam\u011bstnanci prov\u011b\u0159uj\u00ed nahl\u00e1\u0161en\u00e9 probl\u00e9my, aby platforma z\u016fstala p\u0159\u00edv\u011btiv\u00e1.<\/li>\n<\/ul>\n<h3>Kontrola ochrany osobn\u00edch \u00fadaj\u016f<\/h3>\n<ul>\n<li><strong>Anonymn\u00ed rozhran\u00ed<\/strong>: Chat bez odhalen\u00ed osobn\u00edch \u00fadaj\u016f.<\/li>\n<li><strong>\u0160ifrovan\u00e9 ukl\u00e1d\u00e1n\u00ed dat<\/strong>: Z\u00e1kladn\u00ed \u0161ifrov\u00e1n\u00ed chr\u00e1n\u00ed citliv\u00e9 informace o \u00fa\u010dtu.<\/li>\n<li><strong>V\u011bkov\u00e1 omezen\u00ed<\/strong>: Ov\u011b\u0159ov\u00e1n\u00ed v\u011bku pom\u00e1h\u00e1 zajistit bezpe\u010dnost nezletil\u00fdch.<\/li>\n<\/ul>\n<h2>Monetizace a aktualizace<\/h2>\n<p>Zat\u00edmco Rabbit Video Chat je do zna\u010dn\u00e9 m\u00edry <a href=\"https:\/\/strangercam.com\/cs\/chat4free\/\">zdarma<\/a> a nab\u00edz\u00ed tak\u00e9 pr\u00e9miov\u00e9 funkce:<\/p>\n<h3>Pr\u00e9miov\u00e9 v\u00fdhody<\/h3>\n<ul>\n<li><strong>Prohl\u00ed\u017een\u00ed bez reklam<\/strong>: Odstra\u0148te reklamy pro nep\u0159eru\u0161ovan\u00e9 chatov\u00e1n\u00ed.<\/li>\n<li><strong>Exkluzivn\u00ed efekty<\/strong>: Odemkn\u011bte speci\u00e1ln\u00ed filtry a pozad\u00ed.<\/li>\n<li><strong>Vylep\u0161en\u00e9 p\u00e1rov\u00e1n\u00ed<\/strong>: Dola\u010fte si z\u00e1jmov\u00e9 zna\u010dky a filtry polohy.<\/li>\n<\/ul>\n<h3>Syst\u00e9my odm\u011bn<\/h3>\n<ul>\n<li><strong>V\u011brnostn\u00ed body<\/strong>: \u010cast\u00fdm pou\u017e\u00edv\u00e1n\u00edm z\u00edsk\u00e1vejte kredity, kter\u00e9 lze vym\u011bnit za pr\u00e9miov\u00e9 polo\u017eky.<\/li>\n<li><strong>V\u00fdhody doporu\u010den\u00ed<\/strong>: Pozv\u011bte p\u0159\u00e1tele a z\u00edskejte bonusov\u00e9 v\u00fdhody za ka\u017edou \u00fasp\u011b\u0161nou registraci.<\/li>\n<\/ul>\n<h2>Um\u00edst\u011bn\u00ed na trhu<\/h2>\n<p>Rabbit Video Chat slou\u017e\u00ed jako \u017eiv\u00e1 alternativa k zaveden\u011bj\u0161\u00edm <a href=\"https:\/\/strangercam.com\/cs\/chathub\/\">n\u00e1hodn\u00fd videochat<\/a> platformy, kter\u00e9 se op\u00edraj\u00ed o u\u017eivatelsky p\u0159\u00edv\u011btiv\u00e9 rozhran\u00ed a robustn\u00ed p\u0159\u00edstup k moderov\u00e1n\u00ed.<\/p>\n<h3>Demografick\u00e9 \u00fadaje u\u017eivatel\u016f<\/h3>\n<ul>\n<li><strong>V\u011bkov\u00fd rozsah<\/strong>: P\u0159ev\u00e1\u017en\u011b 18-35 let, i kdy\u017e se \u00fa\u010dastn\u00ed dosp\u011bl\u00ed v\u0161ech v\u011bkov\u00fdch kategori\u00ed.<\/li>\n<li><strong>Prim\u00e1rn\u00ed z\u00e1jmy<\/strong>: P\u0159\u00edle\u017eitostn\u00e9 rozhovory, kulturn\u00ed v\u00fdm\u011bna, jazykov\u00e1 praxe.<\/li>\n<li><strong>\u0160pi\u010dkov\u00e9 \u010dasy<\/strong>: Nejvy\u0161\u0161\u00ed n\u00e1v\u0161t\u011bvnost je v noci a o v\u00edkendech.<\/li>\n<\/ul>\n<h3>Glob\u00e1ln\u00ed dosah<\/h3>\n<ul>\n<li><strong>Mezin\u00e1rodn\u00ed u\u017eivatel\u00e9<\/strong>: Navazujte kontakty s lidmi z r\u016fzn\u00fdch zem\u00ed a prost\u0159ed\u00ed.<\/li>\n<li><strong>V\u00edcejazy\u010dn\u00e9 rozhran\u00ed<\/strong>: P\u0159epnut\u00edm na r\u016fzn\u00e9 jazykov\u00e9 mo\u017enosti z\u00edsk\u00e1te lokalizovan\u00e9 prost\u0159ed\u00ed.<\/li>\n<\/ul>\n<h2>V\u00fdhody a nev\u00fdhody<\/h2>\n<p>Zde je stru\u010dn\u00fd p\u0159ehled v\u00fdhod a mo\u017en\u00fdch omezen\u00ed technologie Rabbit Video Chat:<\/p>\n<table>\n<thead>\n<tr>\n<th>Klady<\/th>\n<th>Nev\u00fdhody<\/th>\n<\/tr>\n<\/thead>\n<tbody>\n<tr>\n<td>\n<ul>\n<li>Rychl\u00e1 n\u00e1hodn\u00e1 p\u0159ipojen\u00ed<\/li>\n<li>P\u0159\u00edmo\u010dar\u00e9 u\u017eivatelsk\u00e9 rozhran\u00ed<\/li>\n<li>Z\u00e1bavn\u00e9 filtry a efekty<\/li>\n<li>Specializovan\u00e9 n\u00e1stroje pro moderov\u00e1n\u00ed a bezpe\u010dnost<\/li>\n<li>Dob\u0159e funguje na mobiln\u00edch za\u0159\u00edzen\u00edch<\/li>\n<\/ul>\n<\/td>\n<td>\n<ul>\n<li>P\u0159\u00edle\u017eitostn\u00e9 vystaven\u00ed ne\u017e\u00e1douc\u00edmu obsahu<\/li>\n<li>Vy\u017eaduje stabiln\u00ed internet pro nejlep\u0161\u00ed kvalitu<\/li>\n<li>M\u00e9n\u011b bezplatn\u00fdch funkc\u00ed ve srovn\u00e1n\u00ed s placen\u00fdmi aktualizacemi<\/li>\n<li>Konkurence v\u011bt\u0161\u00edch a zn\u00e1m\u011bj\u0161\u00edch platforem<\/li>\n<\/ul>\n<\/td>\n<\/tr>\n<\/tbody>\n<\/table>\n<h2>Z\u00e1v\u011br<\/h2>\n<p>Pokud se r\u00e1di setk\u00e1v\u00e1te s ciz\u00edmi lidmi prost\u0159ednictv\u00edm n\u00e1hodn\u00fdch videohovor\u016f, Rabbit Video Chat je energizuj\u00edc\u00ed a u\u017eivatelsky p\u0159\u00edv\u011btiv\u00e1 volba. Jeho zjednodu\u0161en\u00fd design, \u0161irok\u00e1 glob\u00e1ln\u00ed komunita a robustn\u00ed moder\u00e1torsk\u00e9 n\u00e1stroje z n\u011bj d\u011blaj\u00ed solidn\u00ed volbu pro rychl\u00e9 chaty, procvi\u010dov\u00e1n\u00ed jazyk\u016f nebo z\u00e1bavn\u00e1 setk\u00e1n\u00ed v re\u00e1ln\u00e9m \u010dase. A\u0165 u\u017e jste v n\u00e1hodn\u00fdch videochatech nov\u00e1\u010dci, nebo zku\u0161en\u00ed profesion\u00e1lov\u00e9, Rabbit Video Chat se vyzna\u010duje jako svi\u017en\u00fd a spolehliv\u00fd zp\u016fsob, jak se spojit s lidmi z r\u016fzn\u00fdch oblast\u00ed \u017eivota - sta\u010d\u00ed jedno kliknut\u00ed.<\/p>","protected":false},"excerpt":{"rendered":"<p>Are you looking for a spirited and spontaneous way to connect with new people online? Rabbit Video Chat delivers a chatroulette-style experience, pairing you with strangers from across the globe for fun face-to-face encounters. Below, we explore Rabbit Video Chat\u2019s standout features, how it differs from other random chat sites, and why it\u2019s a go-to [&hellip;]<\/p>\n","protected":false},"author":6,"featured_media":0,"parent":0,"menu_order":0,"comment_status":"closed","ping_status":"closed","template":"","meta":{"footnotes":""},"class_list":["post-12587","page","type-page","status-publish","hentry"],"yoast_head":"<!-- This site is optimized with the Yoast SEO plugin v26.9 - https:\/\/yoast.com\/product\/yoast-seo-wordpress\/ -->\n<title>Rabbit Video Chat - Free Video Chat Rooms - StrangerCam.com<\/title>\n<meta name=\"description\" content=\"Discover Chamet, the ultimate online platform connecting you to free video chat rooms and live streams. Join Chamet today!\" \/>\n<meta name=\"robots\" content=\"index, follow, max-snippet:-1, max-image-preview:large, max-video-preview:-1\" \/>\n<link rel=\"canonical\" href=\"https:\/\/strangercam.com\/cs\/rabbit-video-chat\/\" \/>\n<meta property=\"og:locale\" content=\"cs_CZ\" \/>\n<meta property=\"og:type\" content=\"article\" \/>\n<meta property=\"og:title\" content=\"Rabbit Video Chat - Free Video Chat Rooms - StrangerCam.com\" \/>\n<meta property=\"og:description\" content=\"Discover Chamet, the ultimate online platform connecting you to free video chat rooms and live streams. Join Chamet today!\" \/>\n<meta property=\"og:url\" content=\"https:\/\/strangercam.com\/cs\/rabbit-video-chat\/\" \/>\n<meta property=\"og:site_name\" content=\"Strangercam\" \/>\n<meta property=\"article:publisher\" content=\"https:\/\/www.facebook.com\/strangercam\" \/>\n<meta property=\"article:modified_time\" content=\"2025-02-04T07:36:39+00:00\" \/>\n<meta property=\"og:image\" content=\"https:\/\/strangercam.com\/wp-content\/uploads\/2021\/10\/Untitled-2.png\" \/>\n\t<meta property=\"og:image:width\" content=\"800\" \/>\n\t<meta property=\"og:image:height\" content=\"532\" \/>\n\t<meta property=\"og:image:type\" content=\"image\/png\" \/>\n<meta name=\"twitter:card\" content=\"summary_large_image\" \/>\n<meta name=\"twitter:site\" content=\"@strangercamapp\" \/>\n<meta name=\"twitter:label1\" content=\"Odhadovan\u00e1 doba \u010dten\u00ed\" \/>\n\t<meta name=\"twitter:data1\" content=\"4 minuty\" \/>\n<script type=\"application\/ld+json\" class=\"yoast-schema-graph\">{\"@context\":\"https:\/\/schema.org\",\"@graph\":[{\"@type\":\"WebPage\",\"@id\":\"https:\/\/strangercam.com\/rabbit-video-chat\/\",\"url\":\"https:\/\/strangercam.com\/rabbit-video-chat\/\",\"name\":\"Rabbit Video Chat - Free Video Chat Rooms - StrangerCam.com\",\"isPartOf\":{\"@id\":\"https:\/\/strangercam.com\/#website\"},\"datePublished\":\"2024-11-08T10:02:12+00:00\",\"dateModified\":\"2025-02-04T07:36:39+00:00\",\"description\":\"Discover Chamet, the ultimate online platform connecting you to free video chat rooms and live streams. Join Chamet today!\",\"breadcrumb\":{\"@id\":\"https:\/\/strangercam.com\/rabbit-video-chat\/#breadcrumb\"},\"inLanguage\":\"cs\",\"potentialAction\":[{\"@type\":\"ReadAction\",\"target\":[\"https:\/\/strangercam.com\/rabbit-video-chat\/\"]}]},{\"@type\":\"BreadcrumbList\",\"@id\":\"https:\/\/strangercam.com\/rabbit-video-chat\/#breadcrumb\",\"itemListElement\":[{\"@type\":\"ListItem\",\"position\":1,\"name\":\"Home\",\"item\":\"https:\/\/strangercam.com\/\"},{\"@type\":\"ListItem\",\"position\":2,\"name\":\"Rabbit Video Chat\"}]},{\"@type\":\"WebSite\",\"@id\":\"https:\/\/strangercam.com\/#website\",\"url\":\"https:\/\/strangercam.com\/\",\"name\":\"Strangercam\",\"description\":\"Random Video Chat with Strangers\",\"publisher\":{\"@id\":\"https:\/\/strangercam.com\/#organization\"},\"alternateName\":\"Strangercam.com\",\"potentialAction\":[{\"@type\":\"SearchAction\",\"target\":{\"@type\":\"EntryPoint\",\"urlTemplate\":\"https:\/\/strangercam.com\/?s={search_term_string}\"},\"query-input\":{\"@type\":\"PropertyValueSpecification\",\"valueRequired\":true,\"valueName\":\"search_term_string\"}}],\"inLanguage\":\"cs\"},{\"@type\":\"Organization\",\"@id\":\"https:\/\/strangercam.com\/#organization\",\"name\":\"Strangercam\",\"alternateName\":\"Strangercam.com\",\"url\":\"https:\/\/strangercam.com\/\",\"logo\":{\"@type\":\"ImageObject\",\"inLanguage\":\"cs\",\"@id\":\"https:\/\/strangercam.com\/#\/schema\/logo\/image\/\",\"url\":\"https:\/\/strangercam.com\/wp-content\/uploads\/2020\/11\/cropped-new-favicon-black.png\",\"contentUrl\":\"https:\/\/strangercam.com\/wp-content\/uploads\/2020\/11\/cropped-new-favicon-black.png\",\"width\":512,\"height\":512,\"caption\":\"Strangercam\"},\"image\":{\"@id\":\"https:\/\/strangercam.com\/#\/schema\/logo\/image\/\"},\"sameAs\":[\"https:\/\/www.facebook.com\/strangercam\",\"https:\/\/x.com\/strangercamapp\"]}]}<\/script>\n<!-- \/ Yoast SEO plugin. -->","yoast_head_json":{"title":"Rabbit Video Chat - Bezplatn\u00e9 videochatovac\u00ed m\u00edstnosti - StrangerCam.com","description":"Objevte Chamet, dokonalou online platformu, kter\u00e1 v\u00e1s spojuje s bezplatn\u00fdmi videochaty a \u017eiv\u00fdmi p\u0159enosy. P\u0159ipojte se k Chametu je\u0161t\u011b dnes!","robots":{"index":"index","follow":"follow","max-snippet":"max-snippet:-1","max-image-preview":"max-image-preview:large","max-video-preview":"max-video-preview:-1"},"canonical":"https:\/\/strangercam.com\/cs\/rabbit-video-chat\/","og_locale":"cs_CZ","og_type":"article","og_title":"Rabbit Video Chat - Free Video Chat Rooms - StrangerCam.com","og_description":"Discover Chamet, the ultimate online platform connecting you to free video chat rooms and live streams. Join Chamet today!","og_url":"https:\/\/strangercam.com\/cs\/rabbit-video-chat\/","og_site_name":"Strangercam","article_publisher":"https:\/\/www.facebook.com\/strangercam","article_modified_time":"2025-02-04T07:36:39+00:00","og_image":[{"width":800,"height":532,"url":"https:\/\/strangercam.com\/wp-content\/uploads\/2021\/10\/Untitled-2.png","type":"image\/png"}],"twitter_card":"summary_large_image","twitter_site":"@strangercamapp","twitter_misc":{"Odhadovan\u00e1 doba \u010dten\u00ed":"4 minuty"},"schema":{"@context":"https:\/\/schema.org","@graph":[{"@type":"WebPage","@id":"https:\/\/strangercam.com\/rabbit-video-chat\/","url":"https:\/\/strangercam.com\/rabbit-video-chat\/","name":"Rabbit Video Chat - Bezplatn\u00e9 videochatovac\u00ed m\u00edstnosti - StrangerCam.com","isPartOf":{"@id":"https:\/\/strangercam.com\/#website"},"datePublished":"2024-11-08T10:02:12+00:00","dateModified":"2025-02-04T07:36:39+00:00","description":"Objevte Chamet, dokonalou online platformu, kter\u00e1 v\u00e1s spojuje s bezplatn\u00fdmi videochaty a \u017eiv\u00fdmi p\u0159enosy. P\u0159ipojte se k Chametu je\u0161t\u011b dnes!","breadcrumb":{"@id":"https:\/\/strangercam.com\/rabbit-video-chat\/#breadcrumb"},"inLanguage":"cs","potentialAction":[{"@type":"ReadAction","target":["https:\/\/strangercam.com\/rabbit-video-chat\/"]}]},{"@type":"BreadcrumbList","@id":"https:\/\/strangercam.com\/rabbit-video-chat\/#breadcrumb","itemListElement":[{"@type":"ListItem","position":1,"name":"Home","item":"https:\/\/strangercam.com\/"},{"@type":"ListItem","position":2,"name":"Rabbit Video Chat"}]},{"@type":"WebSite","@id":"https:\/\/strangercam.com\/#website","url":"https:\/\/strangercam.com\/","name":"Strangercam","description":"N\u00e1hodn\u00fd videochat s ciz\u00edmi lidmi","publisher":{"@id":"https:\/\/strangercam.com\/#organization"},"alternateName":"Strangercam.com","potentialAction":[{"@type":"SearchAction","target":{"@type":"EntryPoint","urlTemplate":"https:\/\/strangercam.com\/?s={search_term_string}"},"query-input":{"@type":"PropertyValueSpecification","valueRequired":true,"valueName":"search_term_string"}}],"inLanguage":"cs"},{"@type":"Organization","@id":"https:\/\/strangercam.com\/#organization","name":"Strangercam","alternateName":"Strangercam.com","url":"https:\/\/strangercam.com\/","logo":{"@type":"ImageObject","inLanguage":"cs","@id":"https:\/\/strangercam.com\/#\/schema\/logo\/image\/","url":"https:\/\/strangercam.com\/wp-content\/uploads\/2020\/11\/cropped-new-favicon-black.png","contentUrl":"https:\/\/strangercam.com\/wp-content\/uploads\/2020\/11\/cropped-new-favicon-black.png","width":512,"height":512,"caption":"Strangercam"},"image":{"@id":"https:\/\/strangercam.com\/#\/schema\/logo\/image\/"},"sameAs":["https:\/\/www.facebook.com\/strangercam","https:\/\/x.com\/strangercamapp"]}]}},"_links":{"self":[{"href":"https:\/\/strangercam.com\/cs\/wp-json\/wp\/v2\/pages\/12587","targetHints":{"allow":["GET"]}}],"collection":[{"href":"https:\/\/strangercam.com\/cs\/wp-json\/wp\/v2\/pages"}],"about":[{"href":"https:\/\/strangercam.com\/cs\/wp-json\/wp\/v2\/types\/page"}],"author":[{"embeddable":true,"href":"https:\/\/strangercam.com\/cs\/wp-json\/wp\/v2\/users\/6"}],"replies":[{"embeddable":true,"href":"https:\/\/strangercam.com\/cs\/wp-json\/wp\/v2\/comments?post=12587"}],"version-history":[{"count":3,"href":"https:\/\/strangercam.com\/cs\/wp-json\/wp\/v2\/pages\/12587\/revisions"}],"predecessor-version":[{"id":12689,"href":"https:\/\/strangercam.com\/cs\/wp-json\/wp\/v2\/pages\/12587\/revisions\/12689"}],"wp:attachment":[{"href":"https:\/\/strangercam.com\/cs\/wp-json\/wp\/v2\/media?parent=12587"}],"curies":[{"name":"wp","href":"https:\/\/api.w.org\/{rel}","templated":true}]}}